{"id":141949,"date":"2023-05-14T14:00:56","date_gmt":"2023-05-14T14:00:56","guid":{"rendered":"http:\/\/talkpal.ai\/grammatica-catalana\/"},"modified":"2025-05-22T18:35:55","modified_gmt":"2025-05-22T18:35:55","slug":"grammatica-catalana","status":"publish","type":"page","link":"https:\/\/talkpal.ai\/it\/grammatica-catalana\/","title":{"rendered":"Grammatica catalana"},"content":{"rendered":"\r\n\r\n\r\n<section class=\"languageChallengeSection\">\r\n    <div class=\"languageInfoWrapper\">\r\n        \r\n        <h1>Grammatica catalana<\/h1>\r\n        <p>Immergiti nel mondo della <a href=\"https:\/\/talkpal.ai\/it\/grammar\/genere-nella-grammatica-catalana\/\">grammatica catalana<\/a> e scopri la struttura unica di questa vivace lingua romanza. Padroneggiare le basi ti aiuter\u00e0 a comunicare in modo pi\u00f9 efficace e a entrare in contatto con la cultura catalana a un livello pi\u00f9 profondo. Inizia a imparare la <a href=\"https:\/\/talkpal.ai\/it\/grammar\/genere-nella-grammatica-catalana\/\">grammatica catalana<\/a> oggi stesso e fai il primo passo verso la fluidit\u00e0!\n\n<\/p>\r\n\r\n                            <a class=\"getStartedHidden\" href=\"https:\/\/app.talkpal.ai\/it\/signup?lng=\">Comincia<\/a>\r\n        \r\n    <\/div>\r\n\r\n    <figure>\r\n    <img decoding=\"async\" width=\"768\" height=\"768\" src=\"https:\/\/talkpal.ai\/wp-content\/uploads\/2023\/06\/catalan-768x768.png\" class=\"languageImage no-lazy\" alt=\"Default alt text\" fetchpriority=\"high\" sizes=\"(max-width: 768px) 150px, 768px\" srcset=\"https:\/\/talkpal.ai\/wp-content\/uploads\/2023\/06\/catalan-768x768.png 768w, https:\/\/talkpal.ai\/wp-content\/uploads\/2023\/06\/catalan-300x300.png 300w\" \/>\r\n    \r\n\r\n    <\/figure>\r\n\r\n            <a class=\"getStartedVisible\" href=\"https:\/\/app.talkpal.ai\/it\/signup?lng=\">Comincia<\/a>\r\n    \r\n<\/section>\r\n        <section class=\"grammarSection\">\r\n            <div class=\"grammarLinks\">\r\n                <a href=\"https:\/\/talkpal.ai\/it\/language\/aggettivi-grammatica-catalana\/\">Aggettivi <\/a><a href=\"https:\/\/talkpal.ai\/it\/language\/articoli-grammatica-catalana\/\">Articoli <\/a><a href=\"https:\/\/talkpal.ai\/it\/language\/avverbi-grammatica-catalana\/\">Avverbi <\/a><a href=\"https:\/\/talkpal.ai\/it\/language\/condizionali-grammatica-catalana\/\">Condizionali <\/a><a href=\"https:\/\/talkpal.ai\/it\/language\/confronto-dei-tempi-grammatica-catalana\/\">Confronto dei tempi <\/a><a href=\"https:\/\/talkpal.ai\/it\/language\/frasi-grammatica-catalana\/\">Frasi <\/a><a href=\"https:\/\/talkpal.ai\/it\/language\/preposizioni-grammatica-catalana\/\">Preposizioni <\/a><a href=\"https:\/\/talkpal.ai\/it\/language\/progressivo-grammatica-catalana\/\">Progressivo <\/a><a href=\"https:\/\/talkpal.ai\/it\/language\/progressivo-perfetto-grammatica-catalana\/\">Progressivo Perfetto <\/a><a href=\"https:\/\/talkpal.ai\/it\/language\/pronomi-determinanti-grammatica-catalana\/\">Pronomi\/Determinanti <\/a><a href=\"https:\/\/talkpal.ai\/it\/language\/sostantivi-grammatica-catalana\/\">Sostantivi <\/a><a href=\"https:\/\/talkpal.ai\/it\/language\/tempi-verbali-grammatica-catalana\/\">Tempi verbali <\/a><a href=\"https:\/\/talkpal.ai\/it\/language\/verbi-grammatica-catalana\/\">Verbi <\/a>            <\/div>\r\n        <\/section>\r\n    <section class=\"promotionalBanner\">\r\n    <p class=\"promotionalText\">Il modo pi\u00f9 efficace per imparare una lingua<\/p>\r\n    <a class=\"promotionalLink\" href=\"https:\/\/app.talkpal.ai\/it\/signup?lng=\">Prova Talkpal gratuitamente<\/a>\r\n<\/section>\n<div class=\"wp-block-group pageContainerStyle\"><div class=\"wp-block-group__inner-container is-layout-constrained wp-block-group-is-layout-constrained\">\n<h2 class=\"wp-block-heading\" id=\"h-catalan-grammar-a-quick-guide-for-language-enthusiasts\">Grammatica catalana: una guida rapida per gli appassionati di lingue<\/h2>\n\n\n\n<p>Stai pensando di imparare il <a href=\"https:\/\/talkpal.ai\/learn-catalan\/\">catalano<\/a> o sei solo curioso di conoscere questa bellissima lingua romanza? Non cercare oltre! Siamo qui per accompagnarti in un rapido tour della <a href=\"https:\/\/talkpal.ai\/grammar\/\">grammatica<\/a> catalana e per fornirti le nozioni di base. Immergiamoci in questa affascinante lingua ed esploriamo il suo funzionamento a livello grammaticale.<\/p>\n\n\n\n<p>Il catalano, parlato da circa 10 milioni di persone prevalentemente in Catalogna, <a href=\"https:\/\/talkpal.ai\/locations\/language-courses-in-valencia\/\">Valencia<\/a> e nelle Isole Baleari, ha una miscela unica di influenze latine, spagnole e francesi. Proprio come te e me, le lingue si arricchiscono ulteriormente prendendo in prestito sfumature diverse l&#8217;una dall&#8217;altra nel corso del tempo. Che emozione!<\/p>\n\n\n\n<p><strong>Ora impariamo alcuni aspetti fondamentali della grammatica catalana:<\/strong><\/p>\n\n\n\n<h3 class=\"wp-block-heading\" id=\"h-1-nouns-and-gender\">1. Sostantivi e genere:<\/h3>\n\n\n\n<p>Canta con me: &#8220;Ogni sostantivo ha il potere!&#8221;. Come in altre lingue romanze, i sostantivi catalani sono maschili o femminili e questo &#8220;genere&#8221; influisce sul loro utilizzo con articoli e aggettivi. Non preoccuparti, per\u00f2! Nella maggior parte dei casi, i sostantivi che terminano con &#8216;-a&#8217; sono femminili, mentre quelli che terminano con &#8216;-o&#8217; (o altre consonanti) sono maschili. Tuttavia, fai attenzione alle eccezioni: amano avvicinarsi di soppiatto!<\/p>\n\n\n\n<h3 class=\"wp-block-heading\" id=\"h-2-articles\">2. Articoli:<\/h3>\n\n\n\n<p>La vita sarebbe noiosa senza articoli, vero? In catalano abbiamo articoli determinativi per indicare cose o persone specifiche (come \u201cil cane\u201d o \u201cil libro\u201d) e articoli indefiniti per riferimenti generali (come \u201cun cane\u201d o \u201cun libro\u201d).  <\/p>\n\n\n\n<p>Gli articoli definitivi in catalano sono &#8220;el&#8221; per i sostantivi maschili singolari, &#8220;la&#8221; per quelli femminili singolari, &#8220;els&#8221; per quelli maschili plurali e &#8220;les&#8221; per quelli femminili plurali. Gli articoli indefiniti, invece, sono &#8220;un&#8221; per i sostantivi maschili singolari e &#8220;una&#8221; per quelli femminili singolari. Nella forma <a href=\"https:\/\/talkpal.ai\/zh-hans\/grammar_exercises\/plurale-%e6%84%8f%e5%a4%a7%e5%88%a9%e8%af%ad%e6%b3%95%e7%bb%83%e4%b9%a0\/\">plurale<\/a>, non ci sono articoli indeterminativi specifici. Facile, vero?<\/p>\n\n\n\n<h3 class=\"wp-block-heading\" id=\"h-3-adjectives\">3. Aggettivi:<\/h3>\n\n\n\n<p>Gli aggettivi aggiungono sapore alle tue frasi descrivendo i sostantivi e, in catalano, concordano nel genere e nel numero con i sostantivi che modificano. Nella maggior parte dei casi, gli aggettivi che terminano con &#8220;-o&#8221; sono maschili e quelli che terminano con &#8220;-a&#8221; sono femminili. Per formare il plurale, cambia &#8220;-o&#8221; in &#8220;-os&#8221; (maschile) e &#8220;-a&#8221; in &#8220;-es&#8221; (femminile). Tieni <a href=\"https:\/\/talkpal.ai\/zh-hans\/grammar_exercises\/presente-%e8%a5%bf%e7%8f%ad%e7%89%99%e8%af%ad%e6%b3%95%e7%bb%83%e4%b9%a0\/\">presente<\/a> che alcuni aggettivi hanno una forma unica per entrambi i generi e cambia solo il marcatore plurale. Sembra divertente, vero?<\/p>\n\n\n\n<h3 class=\"wp-block-heading\" id=\"h-4-verbs-and-conjugation\">4. Verbi e coniugazione:<\/h3>\n\n\n\n<p>Il cuore di ogni lingua! I verbi in catalano sono classificati in tre gruppi in base alla loro desinenza infinitiva: &#8220;-ar&#8221;, &#8220;-er&#8221; e &#8220;-ir&#8221;. Ogni gruppo ha il suo modello di coniugazione distinto per diversi tempi, stati d&#8217;animo e pronomi, proprio come ballare a ritmi diversi. Il catalano dispone anche di verbi ausiliari (come &#8220;avere&#8221; e &#8220;essere&#8221;) che si combinano con altri verbi per creare tempi composti e voce passiva. Quindi, indossa le scarpe da ballo e inizia a esplorare il vivace mondo dei verbi catalani.<\/p>\n\n\n\n<h3 class=\"wp-block-heading\" id=\"h-5-word-order\">5. Ordine delle parole:<\/h3>\n\n\n\n<p>Mettiamo queste parole nella giusta sequenza! Il catalano segue in genere un ordine di parole soggetto-verbo-oggetto (SVO), proprio come l&#8217;italiano. Tuttavia, la flessibilit\u00e0 nell&#8217;ordine delle parole \u00e8 consentita per scopi di enfasi o stilistici. Gli aggettivi di solito vengono dopo il sostantivo che descrivono, ma potresti vederli prima del sostantivo per sottolinearne l&#8217;importanza. Ricorda, la pratica rende perfetti quando si tratta di padroneggiare l&#8217;ordine delle parole in catalano.<\/p>\n\n\n\n<h3 class=\"wp-block-heading\" id=\"h-6-pronouns-and-prepositions\">6. Pronomi e preposizioni:<\/h3>\n\n\n\n<p>Ultimo ma non meno importante! Il catalano ha pronomi soggetto (io, tu, lui, lei, ecc.) e pronomi oggetto (me, tu, lui, lei, ecc.), che possono subire cambiamenti diversi a seconda della loro funzione all&#8217;interno di una frase. Inoltre, le preposizioni catalane (come &#8220;a&#8221;, &#8220;de&#8221;, &#8220;en&#8221;, &#8220;amb&#8221;) ti aiutano a collegare parole e frasi e a mostrare le relazioni tra di esse.<\/p>\n\n\n\n<p>Accidenti! Ora hai imparato le basi della grammatica catalana. Continuate a esplorare, a fare domande e a praticare questa bella lingua. Ricorda, imparare una nuova lingua \u00e8 come intraprendere un viaggio emozionante. Avrai alti e bassi, ma la ricompensa vale lo sforzo. Buon viatge!<\/p>\n<\/div><\/div>\n\r\n<section class=\"learnNavigationSection\">\r\n            \r\n        <a href=\"https:\/\/talkpal.ai\/it\/imparare-il-catalano\/\">\r\n            <div class=\"learnNavigationWrapper\">\r\n                <div class=\"learnNavigationContent\">\r\n                    <img decoding=\"async\" src=\"https:\/\/talkpal.ai\/wp-content\/uploads\/2024\/08\/Catalan.jpg\" alt=\"Catalan Flag\">\r\n                    <div>\r\n                        <h4>Informazioni sull&#039;apprendimento catalano<\/h4>\r\n                        <p>Scoprite tutto sulla grammatica catalana.<\/p>\r\n                    <\/div>\r\n                <\/div>\r\n            <\/div>\r\n        <\/a>\r\n\r\n        \r\n        <a href=\"https:\/\/talkpal.ai\/it\/esercizi-di-grammatica-catalana\/\">\r\n            <div class=\"learnNavigationWrapper\">\r\n                <div class=\"learnNavigationContent\">\r\n                    <img decoding=\"async\" src=\"https:\/\/talkpal.ai\/wp-content\/uploads\/2024\/08\/Catalan.jpg\" alt=\"Catalan Flag\">\r\n                    <div>\r\n                        <h4>Esercizio di grammatica catalana<\/h4>\r\n                        <p>Pratica la grammatica catalana.<\/p>\r\n                    <\/div>\r\n                <\/div>\r\n            <\/div>\r\n        <\/a>\r\n\r\n        \r\n        <a href=\"https:\/\/talkpal.ai\/vocabulary_language\/catalan\/\">\r\n            <div class=\"learnNavigationWrapper\">\r\n                <div class=\"learnNavigationContent\">\r\n                    <img decoding=\"async\" src=\"https:\/\/talkpal.ai\/wp-content\/uploads\/2024\/08\/Catalan.jpg\" alt=\"Catalan Flag\">\r\n                    <div>\r\n                        <h4>Vocabolario catalano<\/h4>\r\n                        <p>Amplia il tuo vocabolario catalano.<\/p>\r\n                    <\/div>\r\n                <\/div>\r\n            <\/div>\r\n        <\/a>\r\n\r\n            <\/section>","protected":false},"excerpt":{"rendered":"<p>Grammatica catalana: una guida rapida per gli appassionati di lingue Stai pensando di imparare il catalano o sei solo curioso di conoscere questa bellissima lingua romanza? Non cercare oltre! Siamo qui per accompagnarti in un rapido tour della grammatica catalana e per fornirti le nozioni di base. Immergiamoci in questa affascinante lingua ed esploriamo il [&hellip;]<\/p>\n","protected":false},"author":1,"featured_media":56831,"parent":0,"menu_order":0,"comment_status":"closed","ping_status":"closed","template":"LearningContentPage.php","meta":{"_acf_changed":false,"footnotes":""},"class_list":["post-141949","page","type-page","status-publish","has-post-thumbnail","hentry"],"acf":[],"yoast_head":"<!-- This site is optimized with the Yoast SEO Premium plugin v27.2 (Yoast SEO v27.2) - https:\/\/yoast.com\/product\/yoast-seo-premium-wordpress\/ -->\n<title>Grammatica catalana - Talkpal<\/title>\n<meta name=\"description\" content=\"Scopri le basi della grammatica catalana e inizia oggi stesso il tuo viaggio in questa bellissima lingua romanza!\" \/>\n<meta name=\"robots\" content=\"index, follow, max-snippet:-1, max-image-preview:large, max-video-preview:-1\" \/>\n<link rel=\"canonical\" href=\"https:\/\/talkpal.ai\/it\/grammatica-catalana\/\" \/>\n<meta property=\"og:locale\" content=\"it_IT\" \/>\n<meta property=\"og:type\" content=\"article\" \/>\n<meta property=\"og:title\" content=\"Grammatica catalana\" \/>\n<meta property=\"og:description\" content=\"Grammatica catalana: una guida rapida per gli appassionati di lingue Stai pensando di imparare il catalano o sei solo curioso di conoscere questa\" \/>\n<meta property=\"og:url\" content=\"https:\/\/talkpal.ai\/it\/grammatica-catalana\/\" \/>\n<meta property=\"og:site_name\" content=\"Talkpal\" \/>\n<meta property=\"article:publisher\" content=\"https:\/\/www.facebook.com\/profile.php?id=100090733639311\" \/>\n<meta property=\"article:modified_time\" content=\"2025-05-22T18:35:55+00:00\" \/>\n<meta property=\"og:image\" content=\"https:\/\/talkpal.ai\/wp-content\/uploads\/2023\/08\/Catalan.png\" \/>\n\t<meta property=\"og:image:width\" content=\"479\" \/>\n\t<meta property=\"og:image:height\" content=\"479\" \/>\n\t<meta property=\"og:image:type\" content=\"image\/png\" \/>\n<meta name=\"twitter:card\" content=\"summary_large_image\" \/>\n<meta name=\"twitter:site\" content=\"@talkpalai\" \/>\n<meta name=\"twitter:label1\" content=\"Tempo di lettura stimato\" \/>\n\t<meta name=\"twitter:data1\" content=\"3 minuti\" \/>\n<script type=\"application\/ld+json\" class=\"yoast-schema-graph\">{\"@context\":\"https:\/\/schema.org\",\"@graph\":[{\"@type\":\"WebPage\",\"@id\":\"https:\/\/talkpal.ai\/it\/grammatica-catalana\/\",\"url\":\"https:\/\/talkpal.ai\/it\/grammatica-catalana\/\",\"name\":\"Grammatica catalana - Talkpal\",\"isPartOf\":{\"@id\":\"https:\/\/talkpal.ai\/it\/#website\"},\"primaryImageOfPage\":{\"@id\":\"https:\/\/talkpal.ai\/it\/grammatica-catalana\/#primaryimage\"},\"image\":{\"@id\":\"https:\/\/talkpal.ai\/it\/grammatica-catalana\/#primaryimage\"},\"thumbnailUrl\":\"https:\/\/talkpal.ai\/wp-content\/uploads\/2023\/08\/Catalan.png\",\"datePublished\":\"2023-05-14T14:00:56+00:00\",\"dateModified\":\"2025-05-22T18:35:55+00:00\",\"description\":\"Scopri le basi della grammatica catalana e inizia oggi stesso il tuo viaggio in questa bellissima lingua romanza!\",\"breadcrumb\":{\"@id\":\"https:\/\/talkpal.ai\/it\/grammatica-catalana\/#breadcrumb\"},\"inLanguage\":\"it-IT\",\"potentialAction\":[{\"@type\":\"ReadAction\",\"target\":[\"https:\/\/talkpal.ai\/it\/grammatica-catalana\/\"]}]},{\"@type\":\"ImageObject\",\"inLanguage\":\"it-IT\",\"@id\":\"https:\/\/talkpal.ai\/it\/grammatica-catalana\/#primaryimage\",\"url\":\"https:\/\/talkpal.ai\/wp-content\/uploads\/2023\/08\/Catalan.png\",\"contentUrl\":\"https:\/\/talkpal.ai\/wp-content\/uploads\/2023\/08\/Catalan.png\",\"width\":479,\"height\":479},{\"@type\":\"BreadcrumbList\",\"@id\":\"https:\/\/talkpal.ai\/it\/grammatica-catalana\/#breadcrumb\",\"itemListElement\":[{\"@type\":\"ListItem\",\"position\":1,\"name\":\"Homepage\",\"item\":\"https:\/\/talkpal.ai\/it\/\"},{\"@type\":\"ListItem\",\"position\":2,\"name\":\"Grammatica catalana\"}]},{\"@type\":\"WebSite\",\"@id\":\"https:\/\/talkpal.ai\/it\/#website\",\"url\":\"https:\/\/talkpal.ai\/it\/\",\"name\":\"Talkpal\",\"description\":\"AI Language Learning\",\"publisher\":{\"@id\":\"https:\/\/talkpal.ai\/it\/#organization\"},\"alternateName\":\"Talkpal AI\",\"potentialAction\":[{\"@type\":\"SearchAction\",\"target\":{\"@type\":\"EntryPoint\",\"urlTemplate\":\"https:\/\/talkpal.ai\/it\/?s={search_term_string}\"},\"query-input\":{\"@type\":\"PropertyValueSpecification\",\"valueRequired\":true,\"valueName\":\"search_term_string\"}}],\"inLanguage\":\"it-IT\"},{\"@type\":\"Organization\",\"@id\":\"https:\/\/talkpal.ai\/it\/#organization\",\"name\":\"Talkpal, Inc.\",\"alternateName\":\"Talkpal AI\",\"url\":\"https:\/\/talkpal.ai\/it\/\",\"logo\":{\"@type\":\"ImageObject\",\"inLanguage\":\"it-IT\",\"@id\":\"https:\/\/talkpal.ai\/it\/#\/schema\/logo\/image\/\",\"url\":\"https:\/\/talkpal.ai\/wp-content\/uploads\/2024\/03\/Talkpal-Logo-Icon.png\",\"contentUrl\":\"https:\/\/talkpal.ai\/wp-content\/uploads\/2024\/03\/Talkpal-Logo-Icon.png\",\"width\":2880,\"height\":2880,\"caption\":\"Talkpal, Inc.\"},\"image\":{\"@id\":\"https:\/\/talkpal.ai\/it\/#\/schema\/logo\/image\/\"},\"sameAs\":[\"https:\/\/www.facebook.com\/profile.php?id=100090733639311\",\"https:\/\/x.com\/talkpalai\",\"https:\/\/www.linkedin.com\/company\/talkpal\/\",\"https:\/\/www.youtube.com\/@TalkPal\/\",\"https:\/\/www.tiktok.com\/@talkpal\",\"https:\/\/www.instagram.com\/talkpal_ai\/\",\"https:\/\/www.crunchbase.com\/organization\/talkpal-9cde\",\"https:\/\/www.g2.com\/products\/talkpal-for-business\/\",\"https:\/\/www.trustpilot.com\/review\/talkpal.ai\",\"https:\/\/www.capterra.com\/p\/10006800\/TalkPal\/\"],\"description\":\"Talkpal is a language learning web and mobile education app, powered by the latest AI technologies, that provides engaging experiences to its customers in many different languages to help them improve their language skills. Users can chat about unlimited amount of topics with the app and use other modes to practice their language learning.\",\"email\":\"support@talkpal.ai\",\"legalName\":\"Talkpal, Inc.\",\"foundingDate\":\"2023-04-03\",\"duns\":\"118989042\",\"numberOfEmployees\":{\"@type\":\"QuantitativeValue\",\"minValue\":\"11\",\"maxValue\":\"50\"},\"publishingPrinciples\":\"https:\/\/talkpal.ai\/publishing-principles\/\",\"actionableFeedbackPolicy\":\"https:\/\/talkpal.ai\/actionable-feedback-policy\/\",\"correctionsPolicy\":\"https:\/\/talkpal.ai\/corrections-policy\/\",\"ethicsPolicy\":\"https:\/\/talkpal.ai\/ethics-policy\/\",\"diversityPolicy\":\"https:\/\/talkpal.ai\/diversity-policy\/\",\"diversityStaffingReport\":\"https:\/\/talkpal.ai\/diversity-policy\/\"}]}<\/script>\n<!-- \/ Yoast SEO Premium plugin. -->","yoast_head_json":{"title":"Grammatica catalana - Talkpal","description":"Scopri le basi della grammatica catalana e inizia oggi stesso il tuo viaggio in questa bellissima lingua romanza!","robots":{"index":"index","follow":"follow","max-snippet":"max-snippet:-1","max-image-preview":"max-image-preview:large","max-video-preview":"max-video-preview:-1"},"canonical":"https:\/\/talkpal.ai\/it\/grammatica-catalana\/","og_locale":"it_IT","og_type":"article","og_title":"Grammatica catalana","og_description":"Grammatica catalana: una guida rapida per gli appassionati di lingue Stai pensando di imparare il catalano o sei solo curioso di conoscere questa","og_url":"https:\/\/talkpal.ai\/it\/grammatica-catalana\/","og_site_name":"Talkpal","article_publisher":"https:\/\/www.facebook.com\/profile.php?id=100090733639311","article_modified_time":"2025-05-22T18:35:55+00:00","og_image":[{"width":479,"height":479,"url":"https:\/\/talkpal.ai\/wp-content\/uploads\/2023\/08\/Catalan.png","type":"image\/png"}],"twitter_card":"summary_large_image","twitter_site":"@talkpalai","twitter_misc":{"Tempo di lettura stimato":"3 minuti"},"schema":{"@context":"https:\/\/schema.org","@graph":[{"@type":"WebPage","@id":"https:\/\/talkpal.ai\/it\/grammatica-catalana\/","url":"https:\/\/talkpal.ai\/it\/grammatica-catalana\/","name":"Grammatica catalana - Talkpal","isPartOf":{"@id":"https:\/\/talkpal.ai\/it\/#website"},"primaryImageOfPage":{"@id":"https:\/\/talkpal.ai\/it\/grammatica-catalana\/#primaryimage"},"image":{"@id":"https:\/\/talkpal.ai\/it\/grammatica-catalana\/#primaryimage"},"thumbnailUrl":"https:\/\/talkpal.ai\/wp-content\/uploads\/2023\/08\/Catalan.png","datePublished":"2023-05-14T14:00:56+00:00","dateModified":"2025-05-22T18:35:55+00:00","description":"Scopri le basi della grammatica catalana e inizia oggi stesso il tuo viaggio in questa bellissima lingua romanza!","breadcrumb":{"@id":"https:\/\/talkpal.ai\/it\/grammatica-catalana\/#breadcrumb"},"inLanguage":"it-IT","potentialAction":[{"@type":"ReadAction","target":["https:\/\/talkpal.ai\/it\/grammatica-catalana\/"]}]},{"@type":"ImageObject","inLanguage":"it-IT","@id":"https:\/\/talkpal.ai\/it\/grammatica-catalana\/#primaryimage","url":"https:\/\/talkpal.ai\/wp-content\/uploads\/2023\/08\/Catalan.png","contentUrl":"https:\/\/talkpal.ai\/wp-content\/uploads\/2023\/08\/Catalan.png","width":479,"height":479},{"@type":"BreadcrumbList","@id":"https:\/\/talkpal.ai\/it\/grammatica-catalana\/#breadcrumb","itemListElement":[{"@type":"ListItem","position":1,"name":"Homepage","item":"https:\/\/talkpal.ai\/it\/"},{"@type":"ListItem","position":2,"name":"Grammatica catalana"}]},{"@type":"WebSite","@id":"https:\/\/talkpal.ai\/it\/#website","url":"https:\/\/talkpal.ai\/it\/","name":"Talkpal","description":"AI Language Learning","publisher":{"@id":"https:\/\/talkpal.ai\/it\/#organization"},"alternateName":"Talkpal AI","potentialAction":[{"@type":"SearchAction","target":{"@type":"EntryPoint","urlTemplate":"https:\/\/talkpal.ai\/it\/?s={search_term_string}"},"query-input":{"@type":"PropertyValueSpecification","valueRequired":true,"valueName":"search_term_string"}}],"inLanguage":"it-IT"},{"@type":"Organization","@id":"https:\/\/talkpal.ai\/it\/#organization","name":"Talkpal, Inc.","alternateName":"Talkpal AI","url":"https:\/\/talkpal.ai\/it\/","logo":{"@type":"ImageObject","inLanguage":"it-IT","@id":"https:\/\/talkpal.ai\/it\/#\/schema\/logo\/image\/","url":"https:\/\/talkpal.ai\/wp-content\/uploads\/2024\/03\/Talkpal-Logo-Icon.png","contentUrl":"https:\/\/talkpal.ai\/wp-content\/uploads\/2024\/03\/Talkpal-Logo-Icon.png","width":2880,"height":2880,"caption":"Talkpal, Inc."},"image":{"@id":"https:\/\/talkpal.ai\/it\/#\/schema\/logo\/image\/"},"sameAs":["https:\/\/www.facebook.com\/profile.php?id=100090733639311","https:\/\/x.com\/talkpalai","https:\/\/www.linkedin.com\/company\/talkpal\/","https:\/\/www.youtube.com\/@TalkPal\/","https:\/\/www.tiktok.com\/@talkpal","https:\/\/www.instagram.com\/talkpal_ai\/","https:\/\/www.crunchbase.com\/organization\/talkpal-9cde","https:\/\/www.g2.com\/products\/talkpal-for-business\/","https:\/\/www.trustpilot.com\/review\/talkpal.ai","https:\/\/www.capterra.com\/p\/10006800\/TalkPal\/"],"description":"Talkpal is a language learning web and mobile education app, powered by the latest AI technologies, that provides engaging experiences to its customers in many different languages to help them improve their language skills. Users can chat about unlimited amount of topics with the app and use other modes to practice their language learning.","email":"support@talkpal.ai","legalName":"Talkpal, Inc.","foundingDate":"2023-04-03","duns":"118989042","numberOfEmployees":{"@type":"QuantitativeValue","minValue":"11","maxValue":"50"},"publishingPrinciples":"https:\/\/talkpal.ai\/publishing-principles\/","actionableFeedbackPolicy":"https:\/\/talkpal.ai\/actionable-feedback-policy\/","correctionsPolicy":"https:\/\/talkpal.ai\/corrections-policy\/","ethicsPolicy":"https:\/\/talkpal.ai\/ethics-policy\/","diversityPolicy":"https:\/\/talkpal.ai\/diversity-policy\/","diversityStaffingReport":"https:\/\/talkpal.ai\/diversity-policy\/"}]}},"_links":{"self":[{"href":"https:\/\/talkpal.ai\/it\/wp-json\/wp\/v2\/pages\/141949","targetHints":{"allow":["GET"]}}],"collection":[{"href":"https:\/\/talkpal.ai\/it\/wp-json\/wp\/v2\/pages"}],"about":[{"href":"https:\/\/talkpal.ai\/it\/wp-json\/wp\/v2\/types\/page"}],"author":[{"embeddable":true,"href":"https:\/\/talkpal.ai\/it\/wp-json\/wp\/v2\/users\/1"}],"replies":[{"embeddable":true,"href":"https:\/\/talkpal.ai\/it\/wp-json\/wp\/v2\/comments?post=141949"}],"version-history":[{"count":0,"href":"https:\/\/talkpal.ai\/it\/wp-json\/wp\/v2\/pages\/141949\/revisions"}],"wp:featuredmedia":[{"embeddable":true,"href":"https:\/\/talkpal.ai\/it\/wp-json\/wp\/v2\/media\/56831"}],"wp:attachment":[{"href":"https:\/\/talkpal.ai\/it\/wp-json\/wp\/v2\/media?parent=141949"}],"curies":[{"name":"wp","href":"https:\/\/api.w.org\/{rel}","templated":true}]}}