{"id":141811,"date":"2023-05-14T14:00:39","date_gmt":"2023-05-14T14:00:39","guid":{"rendered":"http:\/\/talkpal.ai\/grammatica-bulgara\/"},"modified":"2025-05-22T14:36:23","modified_gmt":"2025-05-22T14:36:23","slug":"grammatica-bulgara","status":"publish","type":"page","link":"https:\/\/talkpal.ai\/it\/grammatica-bulgara\/","title":{"rendered":"Grammatica bulgara"},"content":{"rendered":"\r\n\r\n\r\n<section class=\"languageChallengeSection\">\r\n    <div class=\"languageInfoWrapper\">\r\n        \r\n        <h1>Grammatica bulgara<\/h1>\r\n        <p>Esplora le caratteristiche uniche della <a href=\"https:\/\/talkpal.ai\/bulgarian-grammar\/\">grammatica bulgara<\/a> e ottieni gli strumenti per comunicare con sicurezza in questa vivace lingua slava. Comprendendo le <a href=\"https:\/\/talkpal.ai\/locations\/language-courses-in-sue\/\">sue<\/a> regole fondamentali, migliorerai la tua capacit\u00e0 di entrare in contatto con i madrelingua e di approfondire il ricco patrimonio della Bulgaria. Inizia oggi il tuo viaggio nella <a href=\"https:\/\/talkpal.ai\/grammar\/\">grammatica<\/a> bulgara e fai il primo passo verso la padronanza della lingua!<\/p>\r\n\r\n                            <a class=\"getStartedHidden\" href=\"https:\/\/app.talkpal.ai\/it\/signup?lng=\">Comincia<\/a>\r\n        \r\n    <\/div>\r\n\r\n    <figure>\r\n    <img decoding=\"async\" width=\"768\" height=\"768\" src=\"https:\/\/talkpal.ai\/wp-content\/uploads\/2023\/06\/bulgarian-768x768.png\" class=\"languageImage no-lazy\" alt=\"Default alt text\" fetchpriority=\"high\" sizes=\"(max-width: 768px) 150px, 768px\" srcset=\"https:\/\/talkpal.ai\/wp-content\/uploads\/2023\/06\/bulgarian-768x768.png 768w, https:\/\/talkpal.ai\/wp-content\/uploads\/2023\/06\/bulgarian-300x300.png 300w\" \/>\r\n    \r\n\r\n    <\/figure>\r\n\r\n            <a class=\"getStartedVisible\" href=\"https:\/\/app.talkpal.ai\/it\/signup?lng=\">Comincia<\/a>\r\n    \r\n<\/section>\r\n        <section class=\"grammarSection\">\r\n            <div class=\"grammarLinks\">\r\n                <a href=\"https:\/\/talkpal.ai\/it\/language\/aggettivi-grammatica-bulgara\/\">Aggettivi <\/a><a href=\"https:\/\/talkpal.ai\/it\/language\/articoli-grammatica-bulgara\/\">Articoli <\/a><a href=\"https:\/\/talkpal.ai\/it\/language\/avverbi-grammatica-bulgara\/\">Avverbi <\/a><a href=\"https:\/\/talkpal.ai\/it\/language\/condizionali-grammatica-bulgara\/\">Condizionali <\/a><a href=\"https:\/\/talkpal.ai\/it\/language\/confronto-dei-tempi-verbali-grammatica-bulgara\/\">Confronto dei tempi verbali <\/a><a href=\"https:\/\/talkpal.ai\/it\/language\/frasi-grammatica-bulgara\/\">Frasi <\/a><a href=\"https:\/\/talkpal.ai\/it\/language\/perfect-progressive-grammatica-bulgara\/\">Perfect Progressive <\/a><a href=\"https:\/\/talkpal.ai\/it\/language\/preposizioni-grammatica-bulgara\/\">Preposizioni <\/a><a href=\"https:\/\/talkpal.ai\/it\/language\/progressivo-grammatica-bulgara\/\">Progressivo <\/a><a href=\"https:\/\/talkpal.ai\/it\/language\/pronomi-determinanti-grammatica-bulgara\/\">Pronomi\/Determinanti <\/a><a href=\"https:\/\/talkpal.ai\/it\/language\/sostantivi-grammatica-bulgara\/\">Sostantivi <\/a><a href=\"https:\/\/talkpal.ai\/it\/language\/tempi-verbali-grammatica-bulgara\/\">Tempi verbali <\/a><a href=\"https:\/\/talkpal.ai\/it\/language\/verbi-grammatica-bulgara\/\">Verbi <\/a>            <\/div>\r\n        <\/section>\r\n    <section class=\"promotionalBanner\">\r\n    <p class=\"promotionalText\">Il modo pi\u00f9 efficace per imparare una lingua<\/p>\r\n    <a class=\"promotionalLink\" href=\"https:\/\/app.talkpal.ai\/it\/signup?lng=\">Prova Talkpal gratuitamente<\/a>\r\n<\/section>\n<div class=\"wp-block-group pageContainerStyle\"><div class=\"wp-block-group__inner-container is-layout-constrained wp-block-group-is-layout-constrained\">\n<h2 class=\"wp-block-heading\" id=\"h-the-ultimate-guide-to-bulgarian-grammar-navigating-the-intricacies-of-a-rich-language\">La guida definitiva alla grammatica bulgara: navigare nelle complessit\u00e0 di una lingua ricca<\/h2>\n\n\n\n<p>La grammatica bulgara, come la lingua stessa, \u00e8 un&#8217;affascinante miscela di semplicit\u00e0, complessit\u00e0 e ricca storia culturale. Essendo una delle lingue slave pi\u00f9 antiche, il <a href=\"https:\/\/talkpal.ai\/learn-bulgarian\/\">bulgaro<\/a> offre emozioni linguistiche agli <a href=\"https:\/\/talkpal.ai\/talkpal-discount-for-students\/\">studenti<\/a> e sfida anche i parlanti pi\u00f9 esperti. In questa guida esploreremo i principi chiave della grammatica bulgara, demistificheremo le sue complessit\u00e0 e ti aiuteremo nel tuo viaggio verso la padronanza di questa bellissima lingua. Immergiamoci!<\/p>\n\n\n\n<h2 class=\"wp-block-heading\" id=\"h-the-nuts-and-bolts-bulgarian-sentence-structure\">I dadi e i bulloni: struttura della frase bulgara<\/h2>\n\n\n\n<p>Fondamentalmente, la grammatica bulgara \u00e8 abbastanza semplice. La lingua segue la struttura della frase Soggetto-Verbo-Oggetto (SVO), simile all&#8217;inglese e a molte altre lingue. Ad esempio, la frase &#8220;Mangio una mela&#8221; si traduce in &#8220;\u0410\u0437 \u044f\u043c \u044f\u0431\u044a\u043b\u043a\u0430&#8221; (Az yam yabalka). Semplice, no? Tuttavia, scavando pi\u00f9 a fondo, scoprirai che la grammatica bulgara \u00e8 piena di sorprese e di caratteristiche uniche.<\/p>\n\n\n\n<h3 class=\"wp-block-heading\" id=\"h-meet-the-family-bulgarian-nouns-and-their-genders\">Incontra la famiglia: i sostantivi bulgari e i loro generi<\/h3>\n\n\n\n<p>Uno degli aspetti pi\u00f9 sconcertanti della grammatica bulgara per gli anglofoni \u00e8 la nozione di genere grammaticale. In bulgaro, ogni sostantivo \u00e8 assegnato a uno dei tre generi: maschile, femminile e neuterino. \u00c8 fondamentale riconoscere il genere di un sostantivo perch\u00e9 influisce sulla forma degli aggettivi e dei pronomi e sulla coniugazione dei verbi che seguono.<\/p>\n\n\n\n<p>Quindi, come si determina il genere di un sostantivo? In generale, \u00e8 tutta una questione di finale:<\/p>\n\n\n\n<p><strong>&#8211; I sostantivi maschili di solito terminano con una consonante.<\/strong><\/p>\n\n\n\n<p><strong>&#8211; I sostantivi femminili terminano tipicamente in -\u0430 (-a) o -\u044f (-ya).<\/strong><\/p>\n\n\n\n<p><strong>&#8211; I sostantivi neutri terminano spesso in -\u043e (-o) o -\u0435 (-\u0435).<\/strong><\/p>\n\n\n\n<p>Ad esempio, &#8220;\u043c\u044a\u0436&#8221; (mazh) significa &#8220;uomo&#8221; ed \u00e8 maschile, &#8220;\u0436\u0435\u043d\u0430&#8221; (zhena) significa &#8220;donna&#8221; ed \u00e8 femminile e &#8220;\u0434\u0435\u0442\u0435&#8221; (dete) significa &#8220;bambino&#8221; ed \u00e8 neutro.<\/p>\n\n\n\n<p>Naturalmente ci sono delle eccezioni, per questo \u00e8 fondamentale imparare i sostantivi insieme al loro genere.<\/p>\n\n\n\n<h3 class=\"wp-block-heading\" id=\"h-playing-with-numbers-bulgarian-plurals\">Giocare con i numeri: plurali bulgari<\/h3>\n\n\n\n<p>Una volta che hai imparato a conoscere il <a href=\"https:\/\/talkpal.ai\/it\/grammar\/genere-dei-sostantivi-nella-grammatica-swahili\/\">genere dei sostantivi<\/a> bulgari, \u00e8 il momento di occuparti dei loro plurali. In generale, i plurali si formano aggiungendo le terminazioni specifiche che corrispondono al genere del sostantivo:<\/p>\n\n\n\n<p><strong>&#8211; I sostantivi maschili cambiano l&#8217;ultima consonante in -\u0438 (-i) o aggiungono -\u043e\u0432\u0435 (-ove).<\/strong><\/p>\n\n\n\n<p><strong>&#8211; I sostantivi femminili sostituiscono -\u0430 o -\u044f con -\u0438 o -\u0435.<\/strong><\/p>\n\n\n\n<p><strong>&#8211; I sostantivi neutri sostituiscono -\u043e o -\u0435 con -\u0430.<\/strong><\/p>\n\n\n\n<p>Ad esempio, &#8220;\u0443\u0447\u0435\u043d\u0438\u043a&#8221; (uchenik, maschile) diventa &#8220;\u0443\u0447\u0435\u043d\u0438\u0446\u0438&#8221; (uchenici, studenti) e &#8220;\u043a\u043d\u0438\u0433\u0430&#8221; (kniga, femminile) diventa &#8220;\u043a\u043d\u0438\u0433\u0438&#8221; (knigi, libri).<\/p>\n\n\n\n<p>Questa regola ha delle eccezioni, quindi tieni d&#8217;occhio i plurali irregolari ed espandi il tuo vocabolario di conseguenza.<\/p>\n\n\n\n<h3 class=\"wp-block-heading\" id=\"h-the-art-of-conjugation-bulgarian-verbs\">L&#8217;arte della coniugazione: i verbi bulgari<\/h3>\n\n\n\n<p>I verbi bulgari possono intimidire a causa del loro numero di tempi, modi e coniugazioni. Tuttavia, la chiave per decifrarli \u00e8 riconoscere gli schemi e praticare regolarmente.<\/p>\n\n\n\n<p>In bulgaro, i verbi sono divisi in tre gruppi in base alla loro desinenza all&#8217;infinito, -\u0430 (-a), -\u0435 (-\u0435) o -\u0438 (-i). Ogni gruppo ha le sue regole di coniugazione specifiche. Ad esempio, prendiamo il verbo &#8220;\u043f\u0438\u0448\u0430&#8221; (pisha, &#8220;scrivere&#8221;):<\/p>\n\n\n\n<p><strong>Tempo presente: \u0410\u0437 \u043f\u0438\u0448\u0430 (Az pisha, &#8220;scrivo&#8221;)<\/strong><\/p>\n\n\n\n<p><strong>Tempo passato: \u0410\u0437 \u043f\u0438\u0441\u0430\u0445 (Az pisah, &#8220;ho scritto&#8221;)<\/strong><\/p>\n\n\n\n<p><strong>Tempo futuro: \u0410\u0437 \u0449\u0435 \u043f\u0438\u0448\u0430 (Az shte pisha, &#8220;scriver\u00f2&#8221;)<\/strong><\/p>\n\n\n\n<p>Come puoi vedere, i finali cambiano a seconda del tempo. E questo non \u00e8 nemmeno un graffio alla superficie della coniugazione dei verbi bulgari! Tuttavia, non lasciarti sopraffare. Con la pratica e la pazienza, inizierai a riconoscere gli schemi e a vincere questa sfida.<\/p>\n\n\n\n<h3 class=\"wp-block-heading\" id=\"h-the-finishing-touches-bulgarian-adjectives-adverbs-and-more\">Gli ultimi ritocchi: aggettivi, avverbi bulgari e altro ancora<\/h3>\n\n\n\n<p>Quando si tratta di aggettivi e avverbi bulgari, svolgono un ruolo cruciale nell&#8217;aggiungere profondit\u00e0 e complessit\u00e0 al tuo discorso. Gli aggettivi devono concordare con i sostantivi che modificano in termini di genere e di solito si trovano in tre forme: maschile, femminile e neuter.<\/p>\n\n\n\n<p>Ad esempio, &#8220;\u0434\u043e\u0431\u044a\u0440&#8221; (dobur) significa &#8220;buono&#8221; e appare come &#8220;\u0434\u043e\u0431\u044a\u0440 \u043c\u044a\u0436&#8221; (dobur mazh, &#8220;uomo buono&#8221;), &#8220;\u0434\u043e\u0431\u0440\u0430 \u0436\u0435\u043d\u0430&#8221; (dobra zhena, &#8220;donna buona&#8221;) e &#8220;\u0434\u043e\u0431\u0440\u043e \u0434\u0435\u0442\u0435&#8221; (dobro dete, &#8220;bambino buono&#8221;). Gli avverbi seguono schemi simili, spesso derivati da aggettivi.<\/p>\n\n\n\n<p>In conclusione, le complessit\u00e0 e le stranezze della grammatica bulgara, pur essendo complesse, conferiscono alla lingua la sua bellezza e il suo carattere accattivante. Con una combinazione di perseveranza, curiosit\u00e0 e applicazione pratica, riuscirai presto a destreggiarti nella grammatica bulgara con facilit\u00e0 e sicurezza. Buon apprendimento!<\/p>\n<\/div><\/div>\n\r\n<section class=\"learnNavigationSection\">\r\n            \r\n        <a href=\"https:\/\/talkpal.ai\/it\/imparare-il-bulgaro\/\">\r\n            <div class=\"learnNavigationWrapper\">\r\n                <div class=\"learnNavigationContent\">\r\n                    <img decoding=\"async\" src=\"https:\/\/talkpal.ai\/wp-content\/uploads\/2024\/08\/Bulgarian.jpg\" alt=\"Bulgarian Flag\">\r\n                    <div>\r\n                        <h4>Informazioni sull&#039;apprendimento del bulgaro<\/h4>\r\n                        <p>Scoprite tutto sulla grammatica bulgara.<\/p>\r\n                    <\/div>\r\n                <\/div>\r\n            <\/div>\r\n        <\/a>\r\n\r\n        \r\n        <a href=\"https:\/\/talkpal.ai\/it\/esercizi-di-grammatica-bulgara\/\">\r\n            <div class=\"learnNavigationWrapper\">\r\n                <div class=\"learnNavigationContent\">\r\n                    <img decoding=\"async\" src=\"https:\/\/talkpal.ai\/wp-content\/uploads\/2024\/08\/Bulgarian.jpg\" alt=\"Bulgarian Flag\">\r\n                    <div>\r\n                        <h4>Esercizio di grammatica bulgara<\/h4>\r\n                        <p>Pratica la grammatica bulgara .<\/p>\r\n                    <\/div>\r\n                <\/div>\r\n            <\/div>\r\n        <\/a>\r\n\r\n        \r\n        <a href=\"https:\/\/talkpal.ai\/vocabulary_language\/bulgarian\/\">\r\n            <div class=\"learnNavigationWrapper\">\r\n                <div class=\"learnNavigationContent\">\r\n                    <img decoding=\"async\" src=\"https:\/\/talkpal.ai\/wp-content\/uploads\/2024\/08\/Bulgarian.jpg\" alt=\"Bulgarian Flag\">\r\n                    <div>\r\n                        <h4>Vocabolario bulgaro<\/h4>\r\n                        <p>Espandi il tuo vocabolario bulgaro.<\/p>\r\n                    <\/div>\r\n                <\/div>\r\n            <\/div>\r\n        <\/a>\r\n\r\n            <\/section>","protected":false},"excerpt":{"rendered":"<p>La guida definitiva alla grammatica bulgara: navigare nelle complessit\u00e0 di una lingua ricca La grammatica bulgara, come la lingua stessa, \u00e8 un&#8217;affascinante miscela di semplicit\u00e0, complessit\u00e0 e ricca storia culturale. Essendo una delle lingue slave pi\u00f9 antiche, il bulgaro offre emozioni linguistiche agli studenti e sfida anche i parlanti pi\u00f9 esperti. In questa guida esploreremo [&hellip;]<\/p>\n","protected":false},"author":1,"featured_media":28223,"parent":0,"menu_order":0,"comment_status":"closed","ping_status":"closed","template":"LearningContentPage.php","meta":{"_acf_changed":false,"footnotes":""},"class_list":["post-141811","page","type-page","status-publish","has-post-thumbnail","hentry"],"acf":[],"yoast_head":"<!-- This site is optimized with the Yoast SEO Premium plugin v27.2 (Yoast SEO v27.2) - https:\/\/yoast.com\/product\/yoast-seo-premium-wordpress\/ -->\n<title>Grammatica bulgara - Talkpal<\/title>\n<meta name=\"description\" content=\"Esplora gli elementi essenziali della grammatica bulgara per migliorare la comprensione della lingua e le capacit\u00e0 di comunicazione.\" \/>\n<meta name=\"robots\" content=\"index, follow, max-snippet:-1, max-image-preview:large, max-video-preview:-1\" \/>\n<link rel=\"canonical\" href=\"https:\/\/talkpal.ai\/it\/grammatica-bulgara\/\" \/>\n<meta property=\"og:locale\" content=\"it_IT\" \/>\n<meta property=\"og:type\" content=\"article\" \/>\n<meta property=\"og:title\" content=\"Grammatica bulgara\" \/>\n<meta property=\"og:description\" content=\"La guida definitiva alla grammatica bulgara: navigare nelle complessit\u00e0 di una lingua ricca La grammatica bulgara, come la lingua stessa, \u00e8\" \/>\n<meta property=\"og:url\" content=\"https:\/\/talkpal.ai\/it\/grammatica-bulgara\/\" \/>\n<meta property=\"og:site_name\" content=\"Talkpal\" \/>\n<meta property=\"article:publisher\" content=\"https:\/\/www.facebook.com\/profile.php?id=100090733639311\" \/>\n<meta property=\"article:modified_time\" content=\"2025-05-22T14:36:23+00:00\" \/>\n<meta property=\"og:image\" content=\"https:\/\/talkpal.ai\/wp-content\/uploads\/2023\/05\/bulgaria.png\" \/>\n\t<meta property=\"og:image:width\" content=\"512\" \/>\n\t<meta property=\"og:image:height\" content=\"512\" \/>\n\t<meta property=\"og:image:type\" content=\"image\/png\" \/>\n<meta name=\"twitter:card\" content=\"summary_large_image\" \/>\n<meta name=\"twitter:site\" content=\"@talkpalai\" \/>\n<meta name=\"twitter:label1\" content=\"Tempo di lettura stimato\" \/>\n\t<meta name=\"twitter:data1\" content=\"3 minuti\" \/>\n<script type=\"application\/ld+json\" class=\"yoast-schema-graph\">{\"@context\":\"https:\/\/schema.org\",\"@graph\":[{\"@type\":\"WebPage\",\"@id\":\"https:\/\/talkpal.ai\/it\/grammatica-bulgara\/\",\"url\":\"https:\/\/talkpal.ai\/it\/grammatica-bulgara\/\",\"name\":\"Grammatica bulgara - Talkpal\",\"isPartOf\":{\"@id\":\"https:\/\/talkpal.ai\/it\/#website\"},\"primaryImageOfPage\":{\"@id\":\"https:\/\/talkpal.ai\/it\/grammatica-bulgara\/#primaryimage\"},\"image\":{\"@id\":\"https:\/\/talkpal.ai\/it\/grammatica-bulgara\/#primaryimage\"},\"thumbnailUrl\":\"https:\/\/talkpal.ai\/wp-content\/uploads\/2023\/05\/bulgaria.png\",\"datePublished\":\"2023-05-14T14:00:39+00:00\",\"dateModified\":\"2025-05-22T14:36:23+00:00\",\"description\":\"Esplora gli elementi essenziali della grammatica bulgara per migliorare la comprensione della lingua e le capacit\u00e0 di comunicazione.\",\"breadcrumb\":{\"@id\":\"https:\/\/talkpal.ai\/it\/grammatica-bulgara\/#breadcrumb\"},\"inLanguage\":\"it-IT\",\"potentialAction\":[{\"@type\":\"ReadAction\",\"target\":[\"https:\/\/talkpal.ai\/it\/grammatica-bulgara\/\"]}]},{\"@type\":\"ImageObject\",\"inLanguage\":\"it-IT\",\"@id\":\"https:\/\/talkpal.ai\/it\/grammatica-bulgara\/#primaryimage\",\"url\":\"https:\/\/talkpal.ai\/wp-content\/uploads\/2023\/05\/bulgaria.png\",\"contentUrl\":\"https:\/\/talkpal.ai\/wp-content\/uploads\/2023\/05\/bulgaria.png\",\"width\":512,\"height\":512},{\"@type\":\"BreadcrumbList\",\"@id\":\"https:\/\/talkpal.ai\/it\/grammatica-bulgara\/#breadcrumb\",\"itemListElement\":[{\"@type\":\"ListItem\",\"position\":1,\"name\":\"Homepage\",\"item\":\"https:\/\/talkpal.ai\/it\/\"},{\"@type\":\"ListItem\",\"position\":2,\"name\":\"Grammatica bulgara\"}]},{\"@type\":\"WebSite\",\"@id\":\"https:\/\/talkpal.ai\/it\/#website\",\"url\":\"https:\/\/talkpal.ai\/it\/\",\"name\":\"Talkpal\",\"description\":\"AI Language Learning\",\"publisher\":{\"@id\":\"https:\/\/talkpal.ai\/it\/#organization\"},\"alternateName\":\"Talkpal AI\",\"potentialAction\":[{\"@type\":\"SearchAction\",\"target\":{\"@type\":\"EntryPoint\",\"urlTemplate\":\"https:\/\/talkpal.ai\/it\/?s={search_term_string}\"},\"query-input\":{\"@type\":\"PropertyValueSpecification\",\"valueRequired\":true,\"valueName\":\"search_term_string\"}}],\"inLanguage\":\"it-IT\"},{\"@type\":\"Organization\",\"@id\":\"https:\/\/talkpal.ai\/it\/#organization\",\"name\":\"Talkpal, Inc.\",\"alternateName\":\"Talkpal AI\",\"url\":\"https:\/\/talkpal.ai\/it\/\",\"logo\":{\"@type\":\"ImageObject\",\"inLanguage\":\"it-IT\",\"@id\":\"https:\/\/talkpal.ai\/it\/#\/schema\/logo\/image\/\",\"url\":\"https:\/\/talkpal.ai\/wp-content\/uploads\/2024\/03\/Talkpal-Logo-Icon.png\",\"contentUrl\":\"https:\/\/talkpal.ai\/wp-content\/uploads\/2024\/03\/Talkpal-Logo-Icon.png\",\"width\":2880,\"height\":2880,\"caption\":\"Talkpal, Inc.\"},\"image\":{\"@id\":\"https:\/\/talkpal.ai\/it\/#\/schema\/logo\/image\/\"},\"sameAs\":[\"https:\/\/www.facebook.com\/profile.php?id=100090733639311\",\"https:\/\/x.com\/talkpalai\",\"https:\/\/www.linkedin.com\/company\/talkpal\/\",\"https:\/\/www.youtube.com\/@TalkPal\/\",\"https:\/\/www.tiktok.com\/@talkpal\",\"https:\/\/www.instagram.com\/talkpal_ai\/\",\"https:\/\/www.crunchbase.com\/organization\/talkpal-9cde\",\"https:\/\/www.g2.com\/products\/talkpal-for-business\/\",\"https:\/\/www.trustpilot.com\/review\/talkpal.ai\",\"https:\/\/www.capterra.com\/p\/10006800\/TalkPal\/\"],\"description\":\"Talkpal is a language learning web and mobile education app, powered by the latest AI technologies, that provides engaging experiences to its customers in many different languages to help them improve their language skills. Users can chat about unlimited amount of topics with the app and use other modes to practice their language learning.\",\"email\":\"support@talkpal.ai\",\"legalName\":\"Talkpal, Inc.\",\"foundingDate\":\"2023-04-03\",\"duns\":\"118989042\",\"numberOfEmployees\":{\"@type\":\"QuantitativeValue\",\"minValue\":\"11\",\"maxValue\":\"50\"},\"publishingPrinciples\":\"https:\/\/talkpal.ai\/publishing-principles\/\",\"actionableFeedbackPolicy\":\"https:\/\/talkpal.ai\/actionable-feedback-policy\/\",\"correctionsPolicy\":\"https:\/\/talkpal.ai\/corrections-policy\/\",\"ethicsPolicy\":\"https:\/\/talkpal.ai\/ethics-policy\/\",\"diversityPolicy\":\"https:\/\/talkpal.ai\/diversity-policy\/\",\"diversityStaffingReport\":\"https:\/\/talkpal.ai\/diversity-policy\/\"}]}<\/script>\n<!-- \/ Yoast SEO Premium plugin. -->","yoast_head_json":{"title":"Grammatica bulgara - Talkpal","description":"Esplora gli elementi essenziali della grammatica bulgara per migliorare la comprensione della lingua e le capacit\u00e0 di comunicazione.","robots":{"index":"index","follow":"follow","max-snippet":"max-snippet:-1","max-image-preview":"max-image-preview:large","max-video-preview":"max-video-preview:-1"},"canonical":"https:\/\/talkpal.ai\/it\/grammatica-bulgara\/","og_locale":"it_IT","og_type":"article","og_title":"Grammatica bulgara","og_description":"La guida definitiva alla grammatica bulgara: navigare nelle complessit\u00e0 di una lingua ricca La grammatica bulgara, come la lingua stessa, \u00e8","og_url":"https:\/\/talkpal.ai\/it\/grammatica-bulgara\/","og_site_name":"Talkpal","article_publisher":"https:\/\/www.facebook.com\/profile.php?id=100090733639311","article_modified_time":"2025-05-22T14:36:23+00:00","og_image":[{"width":512,"height":512,"url":"https:\/\/talkpal.ai\/wp-content\/uploads\/2023\/05\/bulgaria.png","type":"image\/png"}],"twitter_card":"summary_large_image","twitter_site":"@talkpalai","twitter_misc":{"Tempo di lettura stimato":"3 minuti"},"schema":{"@context":"https:\/\/schema.org","@graph":[{"@type":"WebPage","@id":"https:\/\/talkpal.ai\/it\/grammatica-bulgara\/","url":"https:\/\/talkpal.ai\/it\/grammatica-bulgara\/","name":"Grammatica bulgara - Talkpal","isPartOf":{"@id":"https:\/\/talkpal.ai\/it\/#website"},"primaryImageOfPage":{"@id":"https:\/\/talkpal.ai\/it\/grammatica-bulgara\/#primaryimage"},"image":{"@id":"https:\/\/talkpal.ai\/it\/grammatica-bulgara\/#primaryimage"},"thumbnailUrl":"https:\/\/talkpal.ai\/wp-content\/uploads\/2023\/05\/bulgaria.png","datePublished":"2023-05-14T14:00:39+00:00","dateModified":"2025-05-22T14:36:23+00:00","description":"Esplora gli elementi essenziali della grammatica bulgara per migliorare la comprensione della lingua e le capacit\u00e0 di comunicazione.","breadcrumb":{"@id":"https:\/\/talkpal.ai\/it\/grammatica-bulgara\/#breadcrumb"},"inLanguage":"it-IT","potentialAction":[{"@type":"ReadAction","target":["https:\/\/talkpal.ai\/it\/grammatica-bulgara\/"]}]},{"@type":"ImageObject","inLanguage":"it-IT","@id":"https:\/\/talkpal.ai\/it\/grammatica-bulgara\/#primaryimage","url":"https:\/\/talkpal.ai\/wp-content\/uploads\/2023\/05\/bulgaria.png","contentUrl":"https:\/\/talkpal.ai\/wp-content\/uploads\/2023\/05\/bulgaria.png","width":512,"height":512},{"@type":"BreadcrumbList","@id":"https:\/\/talkpal.ai\/it\/grammatica-bulgara\/#breadcrumb","itemListElement":[{"@type":"ListItem","position":1,"name":"Homepage","item":"https:\/\/talkpal.ai\/it\/"},{"@type":"ListItem","position":2,"name":"Grammatica bulgara"}]},{"@type":"WebSite","@id":"https:\/\/talkpal.ai\/it\/#website","url":"https:\/\/talkpal.ai\/it\/","name":"Talkpal","description":"AI Language Learning","publisher":{"@id":"https:\/\/talkpal.ai\/it\/#organization"},"alternateName":"Talkpal AI","potentialAction":[{"@type":"SearchAction","target":{"@type":"EntryPoint","urlTemplate":"https:\/\/talkpal.ai\/it\/?s={search_term_string}"},"query-input":{"@type":"PropertyValueSpecification","valueRequired":true,"valueName":"search_term_string"}}],"inLanguage":"it-IT"},{"@type":"Organization","@id":"https:\/\/talkpal.ai\/it\/#organization","name":"Talkpal, Inc.","alternateName":"Talkpal AI","url":"https:\/\/talkpal.ai\/it\/","logo":{"@type":"ImageObject","inLanguage":"it-IT","@id":"https:\/\/talkpal.ai\/it\/#\/schema\/logo\/image\/","url":"https:\/\/talkpal.ai\/wp-content\/uploads\/2024\/03\/Talkpal-Logo-Icon.png","contentUrl":"https:\/\/talkpal.ai\/wp-content\/uploads\/2024\/03\/Talkpal-Logo-Icon.png","width":2880,"height":2880,"caption":"Talkpal, Inc."},"image":{"@id":"https:\/\/talkpal.ai\/it\/#\/schema\/logo\/image\/"},"sameAs":["https:\/\/www.facebook.com\/profile.php?id=100090733639311","https:\/\/x.com\/talkpalai","https:\/\/www.linkedin.com\/company\/talkpal\/","https:\/\/www.youtube.com\/@TalkPal\/","https:\/\/www.tiktok.com\/@talkpal","https:\/\/www.instagram.com\/talkpal_ai\/","https:\/\/www.crunchbase.com\/organization\/talkpal-9cde","https:\/\/www.g2.com\/products\/talkpal-for-business\/","https:\/\/www.trustpilot.com\/review\/talkpal.ai","https:\/\/www.capterra.com\/p\/10006800\/TalkPal\/"],"description":"Talkpal is a language learning web and mobile education app, powered by the latest AI technologies, that provides engaging experiences to its customers in many different languages to help them improve their language skills. Users can chat about unlimited amount of topics with the app and use other modes to practice their language learning.","email":"support@talkpal.ai","legalName":"Talkpal, Inc.","foundingDate":"2023-04-03","duns":"118989042","numberOfEmployees":{"@type":"QuantitativeValue","minValue":"11","maxValue":"50"},"publishingPrinciples":"https:\/\/talkpal.ai\/publishing-principles\/","actionableFeedbackPolicy":"https:\/\/talkpal.ai\/actionable-feedback-policy\/","correctionsPolicy":"https:\/\/talkpal.ai\/corrections-policy\/","ethicsPolicy":"https:\/\/talkpal.ai\/ethics-policy\/","diversityPolicy":"https:\/\/talkpal.ai\/diversity-policy\/","diversityStaffingReport":"https:\/\/talkpal.ai\/diversity-policy\/"}]}},"_links":{"self":[{"href":"https:\/\/talkpal.ai\/it\/wp-json\/wp\/v2\/pages\/141811","targetHints":{"allow":["GET"]}}],"collection":[{"href":"https:\/\/talkpal.ai\/it\/wp-json\/wp\/v2\/pages"}],"about":[{"href":"https:\/\/talkpal.ai\/it\/wp-json\/wp\/v2\/types\/page"}],"author":[{"embeddable":true,"href":"https:\/\/talkpal.ai\/it\/wp-json\/wp\/v2\/users\/1"}],"replies":[{"embeddable":true,"href":"https:\/\/talkpal.ai\/it\/wp-json\/wp\/v2\/comments?post=141811"}],"version-history":[{"count":0,"href":"https:\/\/talkpal.ai\/it\/wp-json\/wp\/v2\/pages\/141811\/revisions"}],"wp:featuredmedia":[{"embeddable":true,"href":"https:\/\/talkpal.ai\/it\/wp-json\/wp\/v2\/media\/28223"}],"wp:attachment":[{"href":"https:\/\/talkpal.ai\/it\/wp-json\/wp\/v2\/media?parent=141811"}],"curies":[{"name":"wp","href":"https:\/\/api.w.org\/{rel}","templated":true}]}}