{"id":140967,"date":"2023-05-14T13:59:42","date_gmt":"2023-05-14T13:59:42","guid":{"rendered":"http:\/\/talkpal.ai\/grammatica-bielorussa\/"},"modified":"2025-05-22T13:49:38","modified_gmt":"2025-05-22T13:49:38","slug":"grammatica-bielorussa","status":"publish","type":"page","link":"https:\/\/talkpal.ai\/it\/grammatica-bielorussa\/","title":{"rendered":"Grammatica bielorussa"},"content":{"rendered":"\r\n\r\n\r\n<section class=\"languageChallengeSection\">\r\n    <div class=\"languageInfoWrapper\">\r\n        \r\n        <h1>Grammatica bielorussa<\/h1>\r\n        <p>Scopri la bellezza e la ricchezza della lingua bielorussa imparando le <a href=\"https:\/\/talkpal.ai\/locations\/language-courses-in-sue\/\">sue<\/a> regole grammaticali fondamentali. Una solida conoscenza della <a href=\"https:\/\/talkpal.ai\/belarusian-grammar\/\">grammatica bielorussa<\/a> ti aiuter\u00e0 a comunicare con sicurezza e a entrare in contatto con la cultura bielorussa. Immergiti subito e inizia il tuo viaggio verso la padronanza del <a href=\"https:\/\/talkpal.ai\/learn-belarusian\/\">bielorusso<\/a> oggi stesso!<\/p>\r\n\r\n                            <a class=\"getStartedHidden\" href=\"https:\/\/app.talkpal.ai\/it\/signup?lng=\">Comincia<\/a>\r\n        \r\n    <\/div>\r\n\r\n    <figure>\r\n    <img decoding=\"async\" width=\"768\" height=\"768\" src=\"https:\/\/talkpal.ai\/wp-content\/uploads\/2023\/06\/belarusian-768x768.png\" class=\"languageImage no-lazy\" alt=\"Default alt text\" fetchpriority=\"high\" sizes=\"(max-width: 768px) 150px, 768px\" srcset=\"https:\/\/talkpal.ai\/wp-content\/uploads\/2023\/06\/belarusian-768x768.png 768w, https:\/\/talkpal.ai\/wp-content\/uploads\/2023\/06\/belarusian-300x300.png 300w\" \/>\r\n    \r\n\r\n    <\/figure>\r\n\r\n            <a class=\"getStartedVisible\" href=\"https:\/\/app.talkpal.ai\/it\/signup?lng=\">Comincia<\/a>\r\n    \r\n<\/section>\r\n        <section class=\"grammarSection\">\r\n            <div class=\"grammarLinks\">\r\n                <a href=\"https:\/\/talkpal.ai\/it\/language\/aggettivi-grammatica-bielorussa\/\">Aggettivi <\/a><a href=\"https:\/\/talkpal.ai\/it\/language\/articoli-grammatica-bielorussa\/\">Articoli <\/a><a href=\"https:\/\/talkpal.ai\/it\/language\/avverbi-grammatica-bielorussa\/\">Avverbi <\/a><a href=\"https:\/\/talkpal.ai\/it\/language\/condizionali-grammatica-bielorussa\/\">Condizionali <\/a><a href=\"https:\/\/talkpal.ai\/it\/language\/confronto-dei-tempi-grammatica-bielorussa\/\">Confronto dei tempi <\/a><a href=\"https:\/\/talkpal.ai\/it\/language\/frasi-grammatica-bielorussa\/\">Frasi <\/a><a href=\"https:\/\/talkpal.ai\/it\/language\/preposizioni-grammatica-bielorussa\/\">Preposizioni <\/a><a href=\"https:\/\/talkpal.ai\/it\/language\/progressivo-grammatica-bielorussa\/\">Progressivo <\/a><a href=\"https:\/\/talkpal.ai\/it\/language\/progressivo-perfetto-grammatica-bielorussa\/\">Progressivo perfetto <\/a><a href=\"https:\/\/talkpal.ai\/it\/language\/pronomi-determinanti-grammatica-bielorussa\/\">Pronomi\/Determinanti <\/a><a href=\"https:\/\/talkpal.ai\/it\/language\/sostantivi-grammatica-bielorussa\/\">Sostantivi <\/a><a href=\"https:\/\/talkpal.ai\/it\/language\/tempi-verbali-grammatica-bielorussa\/\">Tempi verbali <\/a><a href=\"https:\/\/talkpal.ai\/it\/language\/verbi-grammatica-bielorussa\/\">Verbi <\/a>            <\/div>\r\n        <\/section>\r\n    <section class=\"promotionalBanner\">\r\n    <p class=\"promotionalText\">Il modo pi\u00f9 efficace per imparare una lingua<\/p>\r\n    <a class=\"promotionalLink\" href=\"https:\/\/app.talkpal.ai\/it\/signup?lng=\">Prova Talkpal gratuitamente<\/a>\r\n<\/section>\n<div class=\"wp-block-group pageContainerStyle\"><div class=\"wp-block-group__inner-container is-layout-constrained wp-block-group-is-layout-constrained\">\n<h2 class=\"wp-block-heading\" id=\"h-belarusian-grammar-a-closer-look-at-the-slavic-language-s-intricacies\">Grammatica bielorussa: uno sguardo ravvicinato alle complessit\u00e0 della lingua slava<\/h2>\n\n\n\n<p>Sei un aspirante poliglotta affascinato dalle lingue slave? O forse sei solo curioso di conoscere le complessit\u00e0 grammaticali delle lingue di questa interessante regione? Se \u00e8 cos\u00ec, allacciate le cinture! In questo articolo esploreremo il meraviglioso mondo della <a href=\"https:\/\/talkpal.ai\/belarusian-grammar\/\">grammatica bielorussa<\/a>, un membro meno conosciuto ma affascinante della famiglia delle lingue slave.<\/p>\n\n\n\n<p>Tuffiamoci, che ne dici?<\/p>\n\n\n\n<h3 class=\"wp-block-heading\" id=\"h-first-things-first-what-is-belarusian\">Per prima cosa: cos&#8217;\u00e8 il bielorusso?<\/h3>\n\n\n\n<p>Il bielorusso \u00e8 la lingua ufficiale della Bielorussia, un paese senza sbocco sul mare situato nell&#8217;Europa orientale tra Russia, Ucraina, Polonia, Lituania e Lettonia. Con circa 7,9 milioni di parlanti, il bielorusso ha un fascino accattivante sia per i linguisti che per gli <a href=\"https:\/\/talkpal.ai\/talkpal-discount-for-language-enthusiasts\/\">appassionati di lingue<\/a>. Come lingua slava, il bielorusso possiede molte somiglianze con il <a href=\"https:\/\/talkpal.ai\/learn-russian\/\">russo<\/a>, l&#8217;ucraino e il <a href=\"https:\/\/talkpal.ai\/learn-polish\/\">polacco<\/a>; Tuttavia, abbraccia anche le sue caratteristiche uniche che lo distinguono dai suoi fratelli.<\/p>\n\n\n\n<h3 class=\"wp-block-heading\" id=\"h-the-building-blocks-nouns-pronouns-and-cases\">Gli elementi costitutivi: sostantivi, pronomi e casi<\/h3>\n\n\n\n<p>Come altre lingue slave, la <a href=\"https:\/\/talkpal.ai\/grammar\/\">grammatica<\/a> bielorussa ruota attorno alla flessione delle parole. Ci\u00f2 significa che le desinenze delle parole cambiano in base alla loro funzione grammaticale in una frase. Questo \u00e8 pi\u00f9 evidente nei sostantivi, nei pronomi e negli aggettivi quando vengono utilizzati in casi diversi. Il bielorusso ha sei casi, che sono i seguenti:<\/p>\n\n\n\n<p><strong>1. Nominativo &#8211; indica il soggetto di una frase<\/strong><\/p>\n\n\n\n<p><strong>2. Genitivo &#8211; indica il possesso o l&#8217;oggetto della negazione.<\/strong><\/p>\n\n\n\n<p><strong>3. Dativo &#8211; indica l&#8217;oggetto indiretto di una frase.<\/strong><\/p>\n\n\n\n<p><strong>4. Accusativo &#8211; indica l&#8217;oggetto diretto di una frase.<\/strong><\/p>\n\n\n\n<p><strong>5. Strumentale &#8211; esprime il mezzo o il metodo con cui viene eseguita un&#8217;azione.<\/strong><\/p>\n\n\n\n<p><strong>6. Preposizionale o locativo &#8211; specifica la posizione o l&#8217;oggetto delle preposizioni.<\/strong><\/p>\n\n\n\n<p>Oltre ai casi, i sostantivi bielorussi hanno anche tre generi (maschile, femminile e neutro) e due numeri (singolare e plurale). Ogni combinazione di genere e numero ha desinenze specifiche in ogni caso, il che rende fondamentale memorizzarle per costruire frasi grammaticalmente corrette.<\/p>\n\n\n\n<h3 class=\"wp-block-heading\" id=\"h-let-s-talk-verbs-tenses-aspects-and-moods\">Parliamo di verbi: Tempi, aspetti e stati d&#8217;animo<\/h3>\n\n\n\n<p>I verbi bielorussi sono meravigliosamente complessi, pieni di sfumature e complessit\u00e0. Hanno tre tempi (passato, presente e futuro), due aspetti (perfettivo e imperfettivo) e tre modi (indicativo, imperativo e condizionale). Ci\u00f2 che distingue i verbi bielorussi dalle altre lingue slave \u00e8 il loro ampio uso dell&#8217;aspetto.<\/p>\n\n\n\n<p>L&#8217;aspetto si riferisce al fatto che un&#8217;azione sia vista come completata (perfettiva) o in corso (imperfettiva). Molti verbi sono disponibili in coppie che indicano i diversi aspetti, spesso utilizzando un prefisso o un suffisso univoco. La padronanza dell&#8217;aspetto \u00e8 essenziale per cogliere le sottigliezze della lingua bielorussa.<\/p>\n\n\n\n<h3 class=\"wp-block-heading\" id=\"h-adjectives-adverbs-and-other-delights\">Aggettivi, avverbi e altre delizie<\/h3>\n\n\n\n<p>Gli aggettivi bielorussi concordano con i sostantivi che modificano in termini di genere, numero e caso. Hanno anche forme comparative e superlative per esprimere vari gradi di qualit\u00e0. Inoltre, molti avverbi derivano dagli aggettivi aggiungendo semplicemente il suffisso &#8220;-\u0430&#8221; per il maschile e &#8220;-\u044b&#8221; per il femminile.<\/p>\n\n\n\n<p>La lingua bielorussa presenta anche un&#8217;affascinante gamma di congiunzioni, preposizioni, numeri e particelle per aiutarti a creare frasi elaborate ed espressive. Con un po&#8217; di pratica, sarai presto in grado di intrecciare le tue parole come un vero paroliere bielorusso.<\/p>\n\n\n\n<h3 class=\"wp-block-heading\" id=\"h-in-closing-the-magic-of-belarusian-grammar\">In chiusura: La magia della grammatica bielorussa<\/h3>\n\n\n\n<p>A prima vista, la grammatica bielorussa pu\u00f2 sembrare scoraggiante. Tuttavia, se ti addentri nel suo ricco arazzo di casi, aspetti e altre stranezze linguistiche, scoprirai un linguaggio pieno di profondit\u00e0, sfumature ed espressivit\u00e0. Abbracciare la sfida della grammatica bielorussa non solo ti fornir\u00e0 una maggiore comprensione della famiglia slava in generale, ma ti garantir\u00e0 anche l&#8217;accesso a una cultura bella e vibrante che attende la tua esplorazione.<\/p>\n\n\n\n<p>Ora, armati di una ritrovata comprensione della grammatica bielorussa, perch\u00e9 non immergersi pi\u00f9 a fondo in questa affascinante lingua? Chiss\u00e0, forse un giorno ti ritroverai a passeggiare per le strade di Minsk, chiacchierando senza problemi con gli abitanti del posto nella loro lingua madre. Buon apprendimento!<\/p>\n<\/div><\/div>\n\r\n<section class=\"learnNavigationSection\">\r\n            \r\n        <a href=\"https:\/\/talkpal.ai\/it\/imparare-il-bielorusso\/\">\r\n            <div class=\"learnNavigationWrapper\">\r\n                <div class=\"learnNavigationContent\">\r\n                    <img decoding=\"async\" src=\"https:\/\/talkpal.ai\/wp-content\/uploads\/2024\/08\/Belarusian.jpg\" alt=\"Belarusian Flag\">\r\n                    <div>\r\n                        <h4>Informazioni sull&#039;apprendimento bielorusso<\/h4>\r\n                        <p>Scoprite tutto sulla grammatica bielorussa.<\/p>\r\n                    <\/div>\r\n                <\/div>\r\n            <\/div>\r\n        <\/a>\r\n\r\n        \r\n        <a href=\"https:\/\/talkpal.ai\/it\/esercizi-di-grammatica-bielorussa\/\">\r\n            <div class=\"learnNavigationWrapper\">\r\n                <div class=\"learnNavigationContent\">\r\n                    <img decoding=\"async\" src=\"https:\/\/talkpal.ai\/wp-content\/uploads\/2024\/08\/Belarusian.jpg\" alt=\"Belarusian Flag\">\r\n                    <div>\r\n                        <h4>Esercizio di grammatica bielorussa<\/h4>\r\n                        <p>Pratica la grammatica bielorussa .<\/p>\r\n                    <\/div>\r\n                <\/div>\r\n            <\/div>\r\n        <\/a>\r\n\r\n        \r\n        <a href=\"https:\/\/talkpal.ai\/vocabulary_language\/belarusian\/\">\r\n            <div class=\"learnNavigationWrapper\">\r\n                <div class=\"learnNavigationContent\">\r\n                    <img decoding=\"async\" src=\"https:\/\/talkpal.ai\/wp-content\/uploads\/2024\/08\/Belarusian.jpg\" alt=\"Belarusian Flag\">\r\n                    <div>\r\n                        <h4>Vocabolario bielorusso<\/h4>\r\n                        <p>Amplia il tuo vocabolario bielorusso.<\/p>\r\n                    <\/div>\r\n                <\/div>\r\n            <\/div>\r\n        <\/a>\r\n\r\n            <\/section>","protected":false},"excerpt":{"rendered":"<p>Grammatica bielorussa: uno sguardo ravvicinato alle complessit\u00e0 della lingua slava Sei un aspirante poliglotta affascinato dalle lingue slave? O forse sei solo curioso di conoscere le complessit\u00e0 grammaticali delle lingue di questa interessante regione? Se \u00e8 cos\u00ec, allacciate le cinture! In questo articolo esploreremo il meraviglioso mondo della grammatica bielorussa, un membro meno conosciuto ma [&hellip;]<\/p>\n","protected":false},"author":1,"featured_media":28191,"parent":0,"menu_order":0,"comment_status":"closed","ping_status":"closed","template":"LearningContentPage.php","meta":{"_acf_changed":false,"footnotes":""},"class_list":["post-140967","page","type-page","status-publish","has-post-thumbnail","hentry"],"acf":[],"yoast_head":"<!-- This site is optimized with the Yoast SEO Premium plugin v27.2 (Yoast SEO v27.2) - https:\/\/yoast.com\/product\/yoast-seo-premium-wordpress\/ -->\n<title>Grammatica bielorussa - Talkpal<\/title>\n<meta name=\"description\" content=\"Impara la grammatica bielorussa senza fatica con Talkpal, il tuo tutor linguistico con intelligenza artificiale. Ottieni spiegazioni chiare, consigli utili ed esercizi interattivi!\" \/>\n<meta name=\"robots\" content=\"index, follow, max-snippet:-1, max-image-preview:large, max-video-preview:-1\" \/>\n<link rel=\"canonical\" href=\"https:\/\/talkpal.ai\/it\/grammatica-bielorussa\/\" \/>\n<meta property=\"og:locale\" content=\"it_IT\" \/>\n<meta property=\"og:type\" content=\"article\" \/>\n<meta property=\"og:title\" content=\"Grammatica bielorussa\" \/>\n<meta property=\"og:description\" content=\"Grammatica bielorussa: uno sguardo ravvicinato alle complessit\u00e0 della lingua slava Sei un aspirante poliglotta affascinato dalle lingue slave? O forse sei\" \/>\n<meta property=\"og:url\" content=\"https:\/\/talkpal.ai\/it\/grammatica-bielorussa\/\" \/>\n<meta property=\"og:site_name\" content=\"Talkpal\" \/>\n<meta property=\"article:publisher\" content=\"https:\/\/www.facebook.com\/profile.php?id=100090733639311\" \/>\n<meta property=\"article:modified_time\" content=\"2025-05-22T13:49:38+00:00\" \/>\n<meta property=\"og:image\" content=\"https:\/\/talkpal.ai\/wp-content\/uploads\/2023\/05\/belarus.png\" \/>\n\t<meta property=\"og:image:width\" content=\"512\" \/>\n\t<meta property=\"og:image:height\" content=\"512\" \/>\n\t<meta property=\"og:image:type\" content=\"image\/png\" \/>\n<meta name=\"twitter:card\" content=\"summary_large_image\" \/>\n<meta name=\"twitter:site\" content=\"@talkpalai\" \/>\n<meta name=\"twitter:label1\" content=\"Tempo di lettura stimato\" \/>\n\t<meta name=\"twitter:data1\" content=\"3 minuti\" \/>\n<script type=\"application\/ld+json\" class=\"yoast-schema-graph\">{\"@context\":\"https:\/\/schema.org\",\"@graph\":[{\"@type\":\"WebPage\",\"@id\":\"https:\/\/talkpal.ai\/it\/grammatica-bielorussa\/\",\"url\":\"https:\/\/talkpal.ai\/it\/grammatica-bielorussa\/\",\"name\":\"Grammatica bielorussa - Talkpal\",\"isPartOf\":{\"@id\":\"https:\/\/talkpal.ai\/it\/#website\"},\"primaryImageOfPage\":{\"@id\":\"https:\/\/talkpal.ai\/it\/grammatica-bielorussa\/#primaryimage\"},\"image\":{\"@id\":\"https:\/\/talkpal.ai\/it\/grammatica-bielorussa\/#primaryimage\"},\"thumbnailUrl\":\"https:\/\/talkpal.ai\/wp-content\/uploads\/2023\/05\/belarus.png\",\"datePublished\":\"2023-05-14T13:59:42+00:00\",\"dateModified\":\"2025-05-22T13:49:38+00:00\",\"description\":\"Impara la grammatica bielorussa senza fatica con Talkpal, il tuo tutor linguistico con intelligenza artificiale. Ottieni spiegazioni chiare, consigli utili ed esercizi interattivi!\",\"breadcrumb\":{\"@id\":\"https:\/\/talkpal.ai\/it\/grammatica-bielorussa\/#breadcrumb\"},\"inLanguage\":\"it-IT\",\"potentialAction\":[{\"@type\":\"ReadAction\",\"target\":[\"https:\/\/talkpal.ai\/it\/grammatica-bielorussa\/\"]}]},{\"@type\":\"ImageObject\",\"inLanguage\":\"it-IT\",\"@id\":\"https:\/\/talkpal.ai\/it\/grammatica-bielorussa\/#primaryimage\",\"url\":\"https:\/\/talkpal.ai\/wp-content\/uploads\/2023\/05\/belarus.png\",\"contentUrl\":\"https:\/\/talkpal.ai\/wp-content\/uploads\/2023\/05\/belarus.png\",\"width\":512,\"height\":512},{\"@type\":\"BreadcrumbList\",\"@id\":\"https:\/\/talkpal.ai\/it\/grammatica-bielorussa\/#breadcrumb\",\"itemListElement\":[{\"@type\":\"ListItem\",\"position\":1,\"name\":\"Homepage\",\"item\":\"https:\/\/talkpal.ai\/it\/\"},{\"@type\":\"ListItem\",\"position\":2,\"name\":\"Grammatica bielorussa\"}]},{\"@type\":\"WebSite\",\"@id\":\"https:\/\/talkpal.ai\/it\/#website\",\"url\":\"https:\/\/talkpal.ai\/it\/\",\"name\":\"Talkpal\",\"description\":\"AI Language Learning\",\"publisher\":{\"@id\":\"https:\/\/talkpal.ai\/it\/#organization\"},\"alternateName\":\"Talkpal AI\",\"potentialAction\":[{\"@type\":\"SearchAction\",\"target\":{\"@type\":\"EntryPoint\",\"urlTemplate\":\"https:\/\/talkpal.ai\/it\/?s={search_term_string}\"},\"query-input\":{\"@type\":\"PropertyValueSpecification\",\"valueRequired\":true,\"valueName\":\"search_term_string\"}}],\"inLanguage\":\"it-IT\"},{\"@type\":\"Organization\",\"@id\":\"https:\/\/talkpal.ai\/it\/#organization\",\"name\":\"Talkpal, Inc.\",\"alternateName\":\"Talkpal AI\",\"url\":\"https:\/\/talkpal.ai\/it\/\",\"logo\":{\"@type\":\"ImageObject\",\"inLanguage\":\"it-IT\",\"@id\":\"https:\/\/talkpal.ai\/it\/#\/schema\/logo\/image\/\",\"url\":\"https:\/\/talkpal.ai\/wp-content\/uploads\/2024\/03\/Talkpal-Logo-Icon.png\",\"contentUrl\":\"https:\/\/talkpal.ai\/wp-content\/uploads\/2024\/03\/Talkpal-Logo-Icon.png\",\"width\":2880,\"height\":2880,\"caption\":\"Talkpal, Inc.\"},\"image\":{\"@id\":\"https:\/\/talkpal.ai\/it\/#\/schema\/logo\/image\/\"},\"sameAs\":[\"https:\/\/www.facebook.com\/profile.php?id=100090733639311\",\"https:\/\/x.com\/talkpalai\",\"https:\/\/www.linkedin.com\/company\/talkpal\/\",\"https:\/\/www.youtube.com\/@TalkPal\/\",\"https:\/\/www.tiktok.com\/@talkpal\",\"https:\/\/www.instagram.com\/talkpal_ai\/\",\"https:\/\/www.crunchbase.com\/organization\/talkpal-9cde\",\"https:\/\/www.g2.com\/products\/talkpal-for-business\/\",\"https:\/\/www.trustpilot.com\/review\/talkpal.ai\",\"https:\/\/www.capterra.com\/p\/10006800\/TalkPal\/\"],\"description\":\"Talkpal is a language learning web and mobile education app, powered by the latest AI technologies, that provides engaging experiences to its customers in many different languages to help them improve their language skills. Users can chat about unlimited amount of topics with the app and use other modes to practice their language learning.\",\"email\":\"support@talkpal.ai\",\"legalName\":\"Talkpal, Inc.\",\"foundingDate\":\"2023-04-03\",\"duns\":\"118989042\",\"numberOfEmployees\":{\"@type\":\"QuantitativeValue\",\"minValue\":\"11\",\"maxValue\":\"50\"},\"publishingPrinciples\":\"https:\/\/talkpal.ai\/publishing-principles\/\",\"actionableFeedbackPolicy\":\"https:\/\/talkpal.ai\/actionable-feedback-policy\/\",\"correctionsPolicy\":\"https:\/\/talkpal.ai\/corrections-policy\/\",\"ethicsPolicy\":\"https:\/\/talkpal.ai\/ethics-policy\/\",\"diversityPolicy\":\"https:\/\/talkpal.ai\/diversity-policy\/\",\"diversityStaffingReport\":\"https:\/\/talkpal.ai\/diversity-policy\/\"}]}<\/script>\n<!-- \/ Yoast SEO Premium plugin. -->","yoast_head_json":{"title":"Grammatica bielorussa - Talkpal","description":"Impara la grammatica bielorussa senza fatica con Talkpal, il tuo tutor linguistico con intelligenza artificiale. Ottieni spiegazioni chiare, consigli utili ed esercizi interattivi!","robots":{"index":"index","follow":"follow","max-snippet":"max-snippet:-1","max-image-preview":"max-image-preview:large","max-video-preview":"max-video-preview:-1"},"canonical":"https:\/\/talkpal.ai\/it\/grammatica-bielorussa\/","og_locale":"it_IT","og_type":"article","og_title":"Grammatica bielorussa","og_description":"Grammatica bielorussa: uno sguardo ravvicinato alle complessit\u00e0 della lingua slava Sei un aspirante poliglotta affascinato dalle lingue slave? O forse sei","og_url":"https:\/\/talkpal.ai\/it\/grammatica-bielorussa\/","og_site_name":"Talkpal","article_publisher":"https:\/\/www.facebook.com\/profile.php?id=100090733639311","article_modified_time":"2025-05-22T13:49:38+00:00","og_image":[{"width":512,"height":512,"url":"https:\/\/talkpal.ai\/wp-content\/uploads\/2023\/05\/belarus.png","type":"image\/png"}],"twitter_card":"summary_large_image","twitter_site":"@talkpalai","twitter_misc":{"Tempo di lettura stimato":"3 minuti"},"schema":{"@context":"https:\/\/schema.org","@graph":[{"@type":"WebPage","@id":"https:\/\/talkpal.ai\/it\/grammatica-bielorussa\/","url":"https:\/\/talkpal.ai\/it\/grammatica-bielorussa\/","name":"Grammatica bielorussa - Talkpal","isPartOf":{"@id":"https:\/\/talkpal.ai\/it\/#website"},"primaryImageOfPage":{"@id":"https:\/\/talkpal.ai\/it\/grammatica-bielorussa\/#primaryimage"},"image":{"@id":"https:\/\/talkpal.ai\/it\/grammatica-bielorussa\/#primaryimage"},"thumbnailUrl":"https:\/\/talkpal.ai\/wp-content\/uploads\/2023\/05\/belarus.png","datePublished":"2023-05-14T13:59:42+00:00","dateModified":"2025-05-22T13:49:38+00:00","description":"Impara la grammatica bielorussa senza fatica con Talkpal, il tuo tutor linguistico con intelligenza artificiale. Ottieni spiegazioni chiare, consigli utili ed esercizi interattivi!","breadcrumb":{"@id":"https:\/\/talkpal.ai\/it\/grammatica-bielorussa\/#breadcrumb"},"inLanguage":"it-IT","potentialAction":[{"@type":"ReadAction","target":["https:\/\/talkpal.ai\/it\/grammatica-bielorussa\/"]}]},{"@type":"ImageObject","inLanguage":"it-IT","@id":"https:\/\/talkpal.ai\/it\/grammatica-bielorussa\/#primaryimage","url":"https:\/\/talkpal.ai\/wp-content\/uploads\/2023\/05\/belarus.png","contentUrl":"https:\/\/talkpal.ai\/wp-content\/uploads\/2023\/05\/belarus.png","width":512,"height":512},{"@type":"BreadcrumbList","@id":"https:\/\/talkpal.ai\/it\/grammatica-bielorussa\/#breadcrumb","itemListElement":[{"@type":"ListItem","position":1,"name":"Homepage","item":"https:\/\/talkpal.ai\/it\/"},{"@type":"ListItem","position":2,"name":"Grammatica bielorussa"}]},{"@type":"WebSite","@id":"https:\/\/talkpal.ai\/it\/#website","url":"https:\/\/talkpal.ai\/it\/","name":"Talkpal","description":"AI Language Learning","publisher":{"@id":"https:\/\/talkpal.ai\/it\/#organization"},"alternateName":"Talkpal AI","potentialAction":[{"@type":"SearchAction","target":{"@type":"EntryPoint","urlTemplate":"https:\/\/talkpal.ai\/it\/?s={search_term_string}"},"query-input":{"@type":"PropertyValueSpecification","valueRequired":true,"valueName":"search_term_string"}}],"inLanguage":"it-IT"},{"@type":"Organization","@id":"https:\/\/talkpal.ai\/it\/#organization","name":"Talkpal, Inc.","alternateName":"Talkpal AI","url":"https:\/\/talkpal.ai\/it\/","logo":{"@type":"ImageObject","inLanguage":"it-IT","@id":"https:\/\/talkpal.ai\/it\/#\/schema\/logo\/image\/","url":"https:\/\/talkpal.ai\/wp-content\/uploads\/2024\/03\/Talkpal-Logo-Icon.png","contentUrl":"https:\/\/talkpal.ai\/wp-content\/uploads\/2024\/03\/Talkpal-Logo-Icon.png","width":2880,"height":2880,"caption":"Talkpal, Inc."},"image":{"@id":"https:\/\/talkpal.ai\/it\/#\/schema\/logo\/image\/"},"sameAs":["https:\/\/www.facebook.com\/profile.php?id=100090733639311","https:\/\/x.com\/talkpalai","https:\/\/www.linkedin.com\/company\/talkpal\/","https:\/\/www.youtube.com\/@TalkPal\/","https:\/\/www.tiktok.com\/@talkpal","https:\/\/www.instagram.com\/talkpal_ai\/","https:\/\/www.crunchbase.com\/organization\/talkpal-9cde","https:\/\/www.g2.com\/products\/talkpal-for-business\/","https:\/\/www.trustpilot.com\/review\/talkpal.ai","https:\/\/www.capterra.com\/p\/10006800\/TalkPal\/"],"description":"Talkpal is a language learning web and mobile education app, powered by the latest AI technologies, that provides engaging experiences to its customers in many different languages to help them improve their language skills. Users can chat about unlimited amount of topics with the app and use other modes to practice their language learning.","email":"support@talkpal.ai","legalName":"Talkpal, Inc.","foundingDate":"2023-04-03","duns":"118989042","numberOfEmployees":{"@type":"QuantitativeValue","minValue":"11","maxValue":"50"},"publishingPrinciples":"https:\/\/talkpal.ai\/publishing-principles\/","actionableFeedbackPolicy":"https:\/\/talkpal.ai\/actionable-feedback-policy\/","correctionsPolicy":"https:\/\/talkpal.ai\/corrections-policy\/","ethicsPolicy":"https:\/\/talkpal.ai\/ethics-policy\/","diversityPolicy":"https:\/\/talkpal.ai\/diversity-policy\/","diversityStaffingReport":"https:\/\/talkpal.ai\/diversity-policy\/"}]}},"_links":{"self":[{"href":"https:\/\/talkpal.ai\/it\/wp-json\/wp\/v2\/pages\/140967","targetHints":{"allow":["GET"]}}],"collection":[{"href":"https:\/\/talkpal.ai\/it\/wp-json\/wp\/v2\/pages"}],"about":[{"href":"https:\/\/talkpal.ai\/it\/wp-json\/wp\/v2\/types\/page"}],"author":[{"embeddable":true,"href":"https:\/\/talkpal.ai\/it\/wp-json\/wp\/v2\/users\/1"}],"replies":[{"embeddable":true,"href":"https:\/\/talkpal.ai\/it\/wp-json\/wp\/v2\/comments?post=140967"}],"version-history":[{"count":0,"href":"https:\/\/talkpal.ai\/it\/wp-json\/wp\/v2\/pages\/140967\/revisions"}],"wp:featuredmedia":[{"embeddable":true,"href":"https:\/\/talkpal.ai\/it\/wp-json\/wp\/v2\/media\/28191"}],"wp:attachment":[{"href":"https:\/\/talkpal.ai\/it\/wp-json\/wp\/v2\/media?parent=140967"}],"curies":[{"name":"wp","href":"https:\/\/api.w.org\/{rel}","templated":true}]}}