{"id":140283,"date":"2023-05-14T13:53:48","date_gmt":"2023-05-14T13:53:48","guid":{"rendered":"http:\/\/talkpal.ai\/grammatica-azera\/"},"modified":"2025-05-22T08:24:19","modified_gmt":"2025-05-22T08:24:19","slug":"grammatica-azera","status":"publish","type":"page","link":"https:\/\/talkpal.ai\/it\/grammatica-azera\/","title":{"rendered":"Grammatica azera"},"content":{"rendered":"\r\n\r\n\r\n<section class=\"languageChallengeSection\">\r\n    <div class=\"languageInfoWrapper\">\r\n        \r\n        <h1>Grammatica azera<\/h1>\r\n        <p>Sei pronto a scoprire la bellezza della lingua azera? Immergiti nella <a href=\"https:\/\/talkpal.ai\/azerbaijani-grammar\/\">grammatica azera<\/a> e scopri la sua struttura unica, dall&#039;armonia delle vocali alle forme espressive dei verbi. Inizia a imparare oggi stesso e scopri come la padronanza della <a href=\"https:\/\/talkpal.ai\/grammar\/\">grammatica<\/a> ti apra la strada verso una conversazione fluente e una comprensione pi\u00f9 profonda della cultura azerbaigiana!<\/p>\r\n\r\n                            <a class=\"getStartedHidden\" href=\"https:\/\/app.talkpal.ai\/it\/signup?lng=\">Comincia<\/a>\r\n        \r\n    <\/div>\r\n\r\n    <figure>\r\n    <img decoding=\"async\" width=\"768\" height=\"768\" src=\"https:\/\/talkpal.ai\/wp-content\/uploads\/2023\/06\/azerbaijani-768x768.png\" class=\"languageImage no-lazy\" alt=\"Default alt text\" fetchpriority=\"high\" sizes=\"(max-width: 768px) 150px, 768px\" srcset=\"https:\/\/talkpal.ai\/wp-content\/uploads\/2023\/06\/azerbaijani-768x768.png 768w, https:\/\/talkpal.ai\/wp-content\/uploads\/2023\/06\/azerbaijani-300x300.png 300w\" \/>\r\n    \r\n\r\n    <\/figure>\r\n\r\n            <a class=\"getStartedVisible\" href=\"https:\/\/app.talkpal.ai\/it\/signup?lng=\">Comincia<\/a>\r\n    \r\n<\/section>\r\n        <section class=\"grammarSection\">\r\n            <div class=\"grammarLinks\">\r\n                <a href=\"https:\/\/talkpal.ai\/it\/language\/aggettivi-grammatica-azera\/\">Aggettivi <\/a><a href=\"https:\/\/talkpal.ai\/it\/language\/articoli-grammatica-azera\/\">Articoli <\/a><a href=\"https:\/\/talkpal.ai\/it\/language\/avverbi-grammatica-azera\/\">Avverbi <\/a><a href=\"https:\/\/talkpal.ai\/it\/language\/condizionali-grammatica-azera\/\">Condizionali <\/a><a href=\"https:\/\/talkpal.ai\/it\/language\/confronto-dei-tempi-grammatica-azera\/\">Confronto dei tempi <\/a><a href=\"https:\/\/talkpal.ai\/it\/language\/frasi-grammatica-azera\/\">Frasi <\/a><a href=\"https:\/\/talkpal.ai\/it\/language\/preposizioni-grammatica-azera\/\">Preposizioni <\/a><a href=\"https:\/\/talkpal.ai\/it\/language\/progressivo-grammatica-azera\/\">Progressivo <\/a><a href=\"https:\/\/talkpal.ai\/it\/language\/progressivo-perfetto-grammatica-azera\/\">Progressivo perfetto <\/a><a href=\"https:\/\/talkpal.ai\/it\/language\/pronomi-determinanti-grammatica-azera\/\">Pronomi\/Determinanti <\/a><a href=\"https:\/\/talkpal.ai\/it\/language\/sostantivi-grammatica-azera\/\">Sostantivi <\/a><a href=\"https:\/\/talkpal.ai\/it\/language\/tempi-verbali-grammatica-azera\/\">Tempi verbali <\/a><a href=\"https:\/\/talkpal.ai\/it\/language\/verbi-grammatica-azera\/\">Verbi <\/a>            <\/div>\r\n        <\/section>\r\n    <section class=\"promotionalBanner\">\r\n    <p class=\"promotionalText\">Il modo pi\u00f9 efficace per imparare una lingua<\/p>\r\n    <a class=\"promotionalLink\" href=\"https:\/\/app.talkpal.ai\/it\/signup?lng=\">Prova Talkpal gratuitamente<\/a>\r\n<\/section>\n<div class=\"wp-block-group pageContainerStyle\"><div class=\"wp-block-group__inner-container is-layout-constrained wp-block-group-is-layout-constrained\">\n<h2 class=\"wp-block-heading\" id=\"h-a-comprehensive-guide-to-azerbaijani-grammar\">Una guida completa alla grammatica azera<\/h2>\n\n\n\n<p>Hai mai pensato di <a href=\"https:\/\/talkpal.ai\/it\/5-cose-da-considerare-prima-di-iniziare-a-imparare-lazero\/\">imparare l&#8217;azero<\/a>? Lingua ufficiale dell&#8217;Azerbaigian e parlata da milioni di persone nella regione del Caucaso, l&#8217;azerbaigian \u00e8 una lingua unica e affascinante. Con una ricca storia, una cultura diversificata e una miscela di influenze dalle lingue turche, <a href=\"https:\/\/talkpal.ai\/learn-russian\/\">russe<\/a> e persiane, l&#8217;azero offre un&#8217;esperienza linguistica unica. Ma non temere, amico mio! In questo articolo, scopriremo le meraviglie della grammatica azera, rendendola accessibile e, oserei dire, piacevole per gli <a href=\"https:\/\/talkpal.ai\/talkpal-discount-for-language-enthusiasts\/\">appassionati di lingue<\/a> come te.<\/p>\n\n\n\n<p><strong>Cominciamo, che ne dici?<\/strong><\/p>\n\n\n\n<h3 class=\"wp-block-heading\" id=\"h-1-the-azerbaijani-alphabet-a-fusion-of-beauty-and-simplicity\">1. L&#8217;alfabeto azero: una fusione di bellezza e semplicit\u00e0<\/h3>\n\n\n\n<p>L&#8217;alfabeto <a href=\"https:\/\/talkpal.ai\/learn-azerbaijani\/\">azero<\/a> si basa sull&#8217;alfabeto latino, composto da 32 lettere. Non preoccuparti, non dovrai decifrare i caratteri criptici, in quanto assomiglia molto all&#8217;alfabeto <a href=\"https:\/\/talkpal.ai\/learn-english-with-ai\/\">inglese<\/a>. Alcune lettere, tuttavia, possiedono accenti unici e segni diacritici per rappresentare suoni specifici dell&#8217;Azerbaigian. Qual \u00e8 la chiave di lettura? Padroneggiare l&#8217;alfabeto \u00e8 il primo piccolo ma essenziale passo per imparare la lingua.<\/p>\n\n\n\n<h3 class=\"wp-block-heading\" id=\"h-2-word-order-simple-as-s-o-v\">2. Ordine delle parole: semplice come S-O-V!<\/h3>\n\n\n\n<p>A differenza dell&#8217;inglese, che segue un ordine di parole soggetto-verbo-oggetto (SVO), l&#8217;azero \u00e8 una lingua SOV. Ci\u00f2 significa che di solito troverai il soggetto all&#8217;inizio di una frase, seguito dall&#8217;oggetto e terminando con il verbo. All&#8217;inizio potrebbe sembrare un po&#8217; strano, ma credimi, ci prenderai la mano in men che non si dica! Ad esempio, in inglese diciamo &#8220;I love Azerbaijan&#8221;. In azero, la frase sarebbe &#8220;M\u0259n Az\u0259rbaycan\u0131 sevir\u0259m&#8221; (letteralmente, &#8220;Io amo l&#8217;Azerbaigian&#8221;). Un gioco da ragazzi, vero?<\/p>\n\n\n\n<h3 class=\"wp-block-heading\" id=\"h-3-noun-cases-a-colorful-display-of-linguistic-variety\">3. Casi nominali: un&#8217;esposizione colorata della variet\u00e0 linguistica<\/h3>\n\n\n\n<p>Una delle caratteristiche pi\u00f9 sorprendenti della grammatica azera sono i casi dei sostantivi. Il linguaggio vanta sei casi distinti, ognuno dei quali svolge una funzione specifica. Questi sono: nominativo, genitivo, dativo, accusativo, locativo e ablativo. Ora, potrebbe sembrare intimidatorio, ma non temere! Proprio come dipingere un quadro con colori diversi, questi casi aggiungono profondit\u00e0 e significato alle tue frasi. Ad esempio, &#8220;kitab&#8221; (libro) pu\u00f2 trasformarsi in &#8220;kitab\u0131n&#8221; (del libro) per trasmettere il possesso. Man mano che familiarizzerai con questi casi, inizierai ad apprezzarne il significato nella lingua.<\/p>\n\n\n\n<h3 class=\"wp-block-heading\" id=\"h-4-verb-conjugation-express-yourself-with-ease\">4. Coniugazione dei verbi: esprimiti con facilit\u00e0<\/h3>\n\n\n\n<p>I verbi azeri sono ricchi ed espressivi, permettendoti di trasmettere una vasta gamma di azioni, emozioni, intenzioni e altro ancora. La chiave per padroneggiare la coniugazione dei verbi azeri sta nella comprensione della forma infinita (la forma di base non coniugata del verbo) e dei vari suffissi che indicano il tempo, la persona e il numero. Ad esempio, l&#8217;infinitivo &#8220;g\u00f6rm\u0259k&#8221; (vedere) pu\u00f2 diventare &#8220;g\u00f6r\u00fcr\u0259m&#8221; (vedo) o &#8220;g\u00f6rd\u00fcm&#8221; (ho visto) grazie alla magia della coniugazione. La pratica rende perfetti, quindi continua cos\u00ec e diventerai un mago della coniugazione dei verbi in men che non si dica!<\/p>\n\n\n\n<h3 class=\"wp-block-heading\" id=\"h-5-it-s-all-about-the-context-dig-deep-into-the-azerbaijani-mindset\">5. \u00c8 tutta una questione di contesto: Scava a fondo nella mentalit\u00e0 azera!<\/h3>\n\n\n\n<p>Quando inizi a mettere insieme le frasi e a immergerti nella lingua azera, tieni sempre presente che il contesto \u00e8 fondamentale. La cultura, la storia e la visione del mondo dell&#8217;Azerbaigian giocano un ruolo importante nel plasmare la lingua. Quindi, come si dice, &#8220;quando sei a Roma, fai come i romani&#8221;. Immergiti nella mentalit\u00e0 azera per avere un vero senso della lingua. Interagisci con madrelingua, esplora la letteratura locale e abbraccia le idiosincrasie della lingua. Fidati di me, non solo migliorerai la tua conoscenza della lingua, ma potrai anche vivere esperienze e ricordi indimenticabili.<\/p>\n\n\n\n<p>In conclusione, la grammatica azera pu\u00f2 sembrare impegnativa all&#8217;inizio, ma con dedizione, pratica e un forte interesse per la cultura, diventerai un professionista in poco tempo! Quindi, perch\u00e9 aspettare? Fai il grande passo e intraprendi questa emozionante avventura linguistica che ti lascer\u00e0 a bocca aperta per la bellezza e la profondit\u00e0 della lingua azera.<\/p>\n<\/div><\/div>\n\r\n<section class=\"learnNavigationSection\">\r\n            \r\n        <a href=\"https:\/\/talkpal.ai\/it\/imparare-lazerbaigiano\/\">\r\n            <div class=\"learnNavigationWrapper\">\r\n                <div class=\"learnNavigationContent\">\r\n                    <img decoding=\"async\" src=\"https:\/\/talkpal.ai\/wp-content\/uploads\/2024\/08\/Azerbaijani.jpg\" alt=\"Azerbaijani Flag\">\r\n                    <div>\r\n                        <h4>Informazioni sull&#039;apprendimento dell&#039;Azerbaigian<\/h4>\r\n                        <p>Scoprite tutto sulla grammatica azerbaigiana.<\/p>\r\n                    <\/div>\r\n                <\/div>\r\n            <\/div>\r\n        <\/a>\r\n\r\n        \r\n        <a href=\"https:\/\/talkpal.ai\/it\/esercizi-di-grammatica-azera\/\">\r\n            <div class=\"learnNavigationWrapper\">\r\n                <div class=\"learnNavigationContent\">\r\n                    <img decoding=\"async\" src=\"https:\/\/talkpal.ai\/wp-content\/uploads\/2024\/08\/Azerbaijani.jpg\" alt=\"Azerbaijani Flag\">\r\n                    <div>\r\n                        <h4>Esercizio di grammatica azerbaigiana<\/h4>\r\n                        <p>Pratica la grammatica azera .<\/p>\r\n                    <\/div>\r\n                <\/div>\r\n            <\/div>\r\n        <\/a>\r\n\r\n        \r\n        <a href=\"https:\/\/talkpal.ai\/vocabulary_language\/azerbaijani\/\">\r\n            <div class=\"learnNavigationWrapper\">\r\n                <div class=\"learnNavigationContent\">\r\n                    <img decoding=\"async\" src=\"https:\/\/talkpal.ai\/wp-content\/uploads\/2024\/08\/Azerbaijani.jpg\" alt=\"Azerbaijani Flag\">\r\n                    <div>\r\n                        <h4>Vocabolario dell&#039;Azerbaigian<\/h4>\r\n                        <p>Amplia il tuo vocabolario azero.<\/p>\r\n                    <\/div>\r\n                <\/div>\r\n            <\/div>\r\n        <\/a>\r\n\r\n            <\/section>","protected":false},"excerpt":{"rendered":"<p>Una guida completa alla grammatica azera Hai mai pensato di imparare l&#8217;azero? Lingua ufficiale dell&#8217;Azerbaigian e parlata da milioni di persone nella regione del Caucaso, l&#8217;azerbaigian \u00e8 una lingua unica e affascinante. Con una ricca storia, una cultura diversificata e una miscela di influenze dalle lingue turche, russe e persiane, l&#8217;azero offre un&#8217;esperienza linguistica unica. [&hellip;]<\/p>\n","protected":false},"author":1,"featured_media":28159,"parent":0,"menu_order":0,"comment_status":"closed","ping_status":"closed","template":"LearningContentPage.php","meta":{"_acf_changed":false,"footnotes":""},"class_list":["post-140283","page","type-page","status-publish","has-post-thumbnail","hentry"],"acf":[],"yoast_head":"<!-- This site is optimized with the Yoast SEO Premium plugin v27.2 (Yoast SEO v27.2) - https:\/\/yoast.com\/product\/yoast-seo-premium-wordpress\/ -->\n<title>Grammatica azera - Talkpal<\/title>\n<meta name=\"description\" content=\"Impara la grammatica dell&#039;Azerbaijani senza fatica con Talkpal, il tuo tutor con intelligenza artificiale. Scopri spiegazioni semplici, esercizi interattivi e consigli pratici\" \/>\n<meta name=\"robots\" content=\"index, follow, max-snippet:-1, max-image-preview:large, max-video-preview:-1\" \/>\n<link rel=\"canonical\" href=\"https:\/\/talkpal.ai\/it\/grammatica-azera\/\" \/>\n<meta property=\"og:locale\" content=\"it_IT\" \/>\n<meta property=\"og:type\" content=\"article\" \/>\n<meta property=\"og:title\" content=\"Grammatica azera\" \/>\n<meta property=\"og:description\" content=\"Una guida completa alla grammatica azera Hai mai pensato di imparare l&#039;azero? Lingua ufficiale dell&#039;Azerbaigian e parlata da milioni di persone nella\" \/>\n<meta property=\"og:url\" content=\"https:\/\/talkpal.ai\/it\/grammatica-azera\/\" \/>\n<meta property=\"og:site_name\" content=\"Talkpal\" \/>\n<meta property=\"article:publisher\" content=\"https:\/\/www.facebook.com\/profile.php?id=100090733639311\" \/>\n<meta property=\"article:modified_time\" content=\"2025-05-22T08:24:19+00:00\" \/>\n<meta property=\"og:image\" content=\"https:\/\/talkpal.ai\/wp-content\/uploads\/2023\/05\/azerbaijan.png\" \/>\n\t<meta property=\"og:image:width\" content=\"512\" \/>\n\t<meta property=\"og:image:height\" content=\"512\" \/>\n\t<meta property=\"og:image:type\" content=\"image\/png\" \/>\n<meta name=\"twitter:card\" content=\"summary_large_image\" \/>\n<meta name=\"twitter:site\" content=\"@talkpalai\" \/>\n<meta name=\"twitter:label1\" content=\"Tempo di lettura stimato\" \/>\n\t<meta name=\"twitter:data1\" content=\"3 minuti\" \/>\n<script type=\"application\/ld+json\" class=\"yoast-schema-graph\">{\"@context\":\"https:\/\/schema.org\",\"@graph\":[{\"@type\":\"WebPage\",\"@id\":\"https:\/\/talkpal.ai\/it\/grammatica-azera\/\",\"url\":\"https:\/\/talkpal.ai\/it\/grammatica-azera\/\",\"name\":\"Grammatica azera - Talkpal\",\"isPartOf\":{\"@id\":\"https:\/\/talkpal.ai\/it\/#website\"},\"primaryImageOfPage\":{\"@id\":\"https:\/\/talkpal.ai\/it\/grammatica-azera\/#primaryimage\"},\"image\":{\"@id\":\"https:\/\/talkpal.ai\/it\/grammatica-azera\/#primaryimage\"},\"thumbnailUrl\":\"https:\/\/talkpal.ai\/wp-content\/uploads\/2023\/05\/azerbaijan.png\",\"datePublished\":\"2023-05-14T13:53:48+00:00\",\"dateModified\":\"2025-05-22T08:24:19+00:00\",\"description\":\"Impara la grammatica dell'Azerbaijani senza fatica con Talkpal, il tuo tutor con intelligenza artificiale. Scopri spiegazioni semplici, esercizi interattivi e consigli pratici\",\"breadcrumb\":{\"@id\":\"https:\/\/talkpal.ai\/it\/grammatica-azera\/#breadcrumb\"},\"inLanguage\":\"it-IT\",\"potentialAction\":[{\"@type\":\"ReadAction\",\"target\":[\"https:\/\/talkpal.ai\/it\/grammatica-azera\/\"]}]},{\"@type\":\"ImageObject\",\"inLanguage\":\"it-IT\",\"@id\":\"https:\/\/talkpal.ai\/it\/grammatica-azera\/#primaryimage\",\"url\":\"https:\/\/talkpal.ai\/wp-content\/uploads\/2023\/05\/azerbaijan.png\",\"contentUrl\":\"https:\/\/talkpal.ai\/wp-content\/uploads\/2023\/05\/azerbaijan.png\",\"width\":512,\"height\":512},{\"@type\":\"BreadcrumbList\",\"@id\":\"https:\/\/talkpal.ai\/it\/grammatica-azera\/#breadcrumb\",\"itemListElement\":[{\"@type\":\"ListItem\",\"position\":1,\"name\":\"Homepage\",\"item\":\"https:\/\/talkpal.ai\/it\/\"},{\"@type\":\"ListItem\",\"position\":2,\"name\":\"Grammatica azera\"}]},{\"@type\":\"WebSite\",\"@id\":\"https:\/\/talkpal.ai\/it\/#website\",\"url\":\"https:\/\/talkpal.ai\/it\/\",\"name\":\"Talkpal\",\"description\":\"AI Language Learning\",\"publisher\":{\"@id\":\"https:\/\/talkpal.ai\/it\/#organization\"},\"alternateName\":\"Talkpal AI\",\"potentialAction\":[{\"@type\":\"SearchAction\",\"target\":{\"@type\":\"EntryPoint\",\"urlTemplate\":\"https:\/\/talkpal.ai\/it\/?s={search_term_string}\"},\"query-input\":{\"@type\":\"PropertyValueSpecification\",\"valueRequired\":true,\"valueName\":\"search_term_string\"}}],\"inLanguage\":\"it-IT\"},{\"@type\":\"Organization\",\"@id\":\"https:\/\/talkpal.ai\/it\/#organization\",\"name\":\"Talkpal, Inc.\",\"alternateName\":\"Talkpal AI\",\"url\":\"https:\/\/talkpal.ai\/it\/\",\"logo\":{\"@type\":\"ImageObject\",\"inLanguage\":\"it-IT\",\"@id\":\"https:\/\/talkpal.ai\/it\/#\/schema\/logo\/image\/\",\"url\":\"https:\/\/talkpal.ai\/wp-content\/uploads\/2024\/03\/Talkpal-Logo-Icon.png\",\"contentUrl\":\"https:\/\/talkpal.ai\/wp-content\/uploads\/2024\/03\/Talkpal-Logo-Icon.png\",\"width\":2880,\"height\":2880,\"caption\":\"Talkpal, Inc.\"},\"image\":{\"@id\":\"https:\/\/talkpal.ai\/it\/#\/schema\/logo\/image\/\"},\"sameAs\":[\"https:\/\/www.facebook.com\/profile.php?id=100090733639311\",\"https:\/\/x.com\/talkpalai\",\"https:\/\/www.linkedin.com\/company\/talkpal\/\",\"https:\/\/www.youtube.com\/@TalkPal\/\",\"https:\/\/www.tiktok.com\/@talkpal\",\"https:\/\/www.instagram.com\/talkpal_ai\/\",\"https:\/\/www.crunchbase.com\/organization\/talkpal-9cde\",\"https:\/\/www.g2.com\/products\/talkpal-for-business\/\",\"https:\/\/www.trustpilot.com\/review\/talkpal.ai\",\"https:\/\/www.capterra.com\/p\/10006800\/TalkPal\/\"],\"description\":\"Talkpal is a language learning web and mobile education app, powered by the latest AI technologies, that provides engaging experiences to its customers in many different languages to help them improve their language skills. Users can chat about unlimited amount of topics with the app and use other modes to practice their language learning.\",\"email\":\"support@talkpal.ai\",\"legalName\":\"Talkpal, Inc.\",\"foundingDate\":\"2023-04-03\",\"duns\":\"118989042\",\"numberOfEmployees\":{\"@type\":\"QuantitativeValue\",\"minValue\":\"11\",\"maxValue\":\"50\"},\"publishingPrinciples\":\"https:\/\/talkpal.ai\/publishing-principles\/\",\"actionableFeedbackPolicy\":\"https:\/\/talkpal.ai\/actionable-feedback-policy\/\",\"correctionsPolicy\":\"https:\/\/talkpal.ai\/corrections-policy\/\",\"ethicsPolicy\":\"https:\/\/talkpal.ai\/ethics-policy\/\",\"diversityPolicy\":\"https:\/\/talkpal.ai\/diversity-policy\/\",\"diversityStaffingReport\":\"https:\/\/talkpal.ai\/diversity-policy\/\"}]}<\/script>\n<!-- \/ Yoast SEO Premium plugin. -->","yoast_head_json":{"title":"Grammatica azera - Talkpal","description":"Impara la grammatica dell'Azerbaijani senza fatica con Talkpal, il tuo tutor con intelligenza artificiale. Scopri spiegazioni semplici, esercizi interattivi e consigli pratici","robots":{"index":"index","follow":"follow","max-snippet":"max-snippet:-1","max-image-preview":"max-image-preview:large","max-video-preview":"max-video-preview:-1"},"canonical":"https:\/\/talkpal.ai\/it\/grammatica-azera\/","og_locale":"it_IT","og_type":"article","og_title":"Grammatica azera","og_description":"Una guida completa alla grammatica azera Hai mai pensato di imparare l'azero? Lingua ufficiale dell'Azerbaigian e parlata da milioni di persone nella","og_url":"https:\/\/talkpal.ai\/it\/grammatica-azera\/","og_site_name":"Talkpal","article_publisher":"https:\/\/www.facebook.com\/profile.php?id=100090733639311","article_modified_time":"2025-05-22T08:24:19+00:00","og_image":[{"width":512,"height":512,"url":"https:\/\/talkpal.ai\/wp-content\/uploads\/2023\/05\/azerbaijan.png","type":"image\/png"}],"twitter_card":"summary_large_image","twitter_site":"@talkpalai","twitter_misc":{"Tempo di lettura stimato":"3 minuti"},"schema":{"@context":"https:\/\/schema.org","@graph":[{"@type":"WebPage","@id":"https:\/\/talkpal.ai\/it\/grammatica-azera\/","url":"https:\/\/talkpal.ai\/it\/grammatica-azera\/","name":"Grammatica azera - Talkpal","isPartOf":{"@id":"https:\/\/talkpal.ai\/it\/#website"},"primaryImageOfPage":{"@id":"https:\/\/talkpal.ai\/it\/grammatica-azera\/#primaryimage"},"image":{"@id":"https:\/\/talkpal.ai\/it\/grammatica-azera\/#primaryimage"},"thumbnailUrl":"https:\/\/talkpal.ai\/wp-content\/uploads\/2023\/05\/azerbaijan.png","datePublished":"2023-05-14T13:53:48+00:00","dateModified":"2025-05-22T08:24:19+00:00","description":"Impara la grammatica dell'Azerbaijani senza fatica con Talkpal, il tuo tutor con intelligenza artificiale. Scopri spiegazioni semplici, esercizi interattivi e consigli pratici","breadcrumb":{"@id":"https:\/\/talkpal.ai\/it\/grammatica-azera\/#breadcrumb"},"inLanguage":"it-IT","potentialAction":[{"@type":"ReadAction","target":["https:\/\/talkpal.ai\/it\/grammatica-azera\/"]}]},{"@type":"ImageObject","inLanguage":"it-IT","@id":"https:\/\/talkpal.ai\/it\/grammatica-azera\/#primaryimage","url":"https:\/\/talkpal.ai\/wp-content\/uploads\/2023\/05\/azerbaijan.png","contentUrl":"https:\/\/talkpal.ai\/wp-content\/uploads\/2023\/05\/azerbaijan.png","width":512,"height":512},{"@type":"BreadcrumbList","@id":"https:\/\/talkpal.ai\/it\/grammatica-azera\/#breadcrumb","itemListElement":[{"@type":"ListItem","position":1,"name":"Homepage","item":"https:\/\/talkpal.ai\/it\/"},{"@type":"ListItem","position":2,"name":"Grammatica azera"}]},{"@type":"WebSite","@id":"https:\/\/talkpal.ai\/it\/#website","url":"https:\/\/talkpal.ai\/it\/","name":"Talkpal","description":"AI Language Learning","publisher":{"@id":"https:\/\/talkpal.ai\/it\/#organization"},"alternateName":"Talkpal AI","potentialAction":[{"@type":"SearchAction","target":{"@type":"EntryPoint","urlTemplate":"https:\/\/talkpal.ai\/it\/?s={search_term_string}"},"query-input":{"@type":"PropertyValueSpecification","valueRequired":true,"valueName":"search_term_string"}}],"inLanguage":"it-IT"},{"@type":"Organization","@id":"https:\/\/talkpal.ai\/it\/#organization","name":"Talkpal, Inc.","alternateName":"Talkpal AI","url":"https:\/\/talkpal.ai\/it\/","logo":{"@type":"ImageObject","inLanguage":"it-IT","@id":"https:\/\/talkpal.ai\/it\/#\/schema\/logo\/image\/","url":"https:\/\/talkpal.ai\/wp-content\/uploads\/2024\/03\/Talkpal-Logo-Icon.png","contentUrl":"https:\/\/talkpal.ai\/wp-content\/uploads\/2024\/03\/Talkpal-Logo-Icon.png","width":2880,"height":2880,"caption":"Talkpal, Inc."},"image":{"@id":"https:\/\/talkpal.ai\/it\/#\/schema\/logo\/image\/"},"sameAs":["https:\/\/www.facebook.com\/profile.php?id=100090733639311","https:\/\/x.com\/talkpalai","https:\/\/www.linkedin.com\/company\/talkpal\/","https:\/\/www.youtube.com\/@TalkPal\/","https:\/\/www.tiktok.com\/@talkpal","https:\/\/www.instagram.com\/talkpal_ai\/","https:\/\/www.crunchbase.com\/organization\/talkpal-9cde","https:\/\/www.g2.com\/products\/talkpal-for-business\/","https:\/\/www.trustpilot.com\/review\/talkpal.ai","https:\/\/www.capterra.com\/p\/10006800\/TalkPal\/"],"description":"Talkpal is a language learning web and mobile education app, powered by the latest AI technologies, that provides engaging experiences to its customers in many different languages to help them improve their language skills. Users can chat about unlimited amount of topics with the app and use other modes to practice their language learning.","email":"support@talkpal.ai","legalName":"Talkpal, Inc.","foundingDate":"2023-04-03","duns":"118989042","numberOfEmployees":{"@type":"QuantitativeValue","minValue":"11","maxValue":"50"},"publishingPrinciples":"https:\/\/talkpal.ai\/publishing-principles\/","actionableFeedbackPolicy":"https:\/\/talkpal.ai\/actionable-feedback-policy\/","correctionsPolicy":"https:\/\/talkpal.ai\/corrections-policy\/","ethicsPolicy":"https:\/\/talkpal.ai\/ethics-policy\/","diversityPolicy":"https:\/\/talkpal.ai\/diversity-policy\/","diversityStaffingReport":"https:\/\/talkpal.ai\/diversity-policy\/"}]}},"_links":{"self":[{"href":"https:\/\/talkpal.ai\/it\/wp-json\/wp\/v2\/pages\/140283","targetHints":{"allow":["GET"]}}],"collection":[{"href":"https:\/\/talkpal.ai\/it\/wp-json\/wp\/v2\/pages"}],"about":[{"href":"https:\/\/talkpal.ai\/it\/wp-json\/wp\/v2\/types\/page"}],"author":[{"embeddable":true,"href":"https:\/\/talkpal.ai\/it\/wp-json\/wp\/v2\/users\/1"}],"replies":[{"embeddable":true,"href":"https:\/\/talkpal.ai\/it\/wp-json\/wp\/v2\/comments?post=140283"}],"version-history":[{"count":0,"href":"https:\/\/talkpal.ai\/it\/wp-json\/wp\/v2\/pages\/140283\/revisions"}],"wp:featuredmedia":[{"embeddable":true,"href":"https:\/\/talkpal.ai\/it\/wp-json\/wp\/v2\/media\/28159"}],"wp:attachment":[{"href":"https:\/\/talkpal.ai\/it\/wp-json\/wp\/v2\/media?parent=140283"}],"curies":[{"name":"wp","href":"https:\/\/api.w.org\/{rel}","templated":true}]}}