{"id":135739,"date":"2023-06-16T10:51:16","date_gmt":"2023-06-16T10:51:16","guid":{"rendered":"http:\/\/talkpal.ai\/esercizi-di-grammatica-ucraina\/"},"modified":"2025-12-17T16:21:40","modified_gmt":"2025-12-17T16:21:40","slug":"esercizi-di-grammatica-ucraina","status":"publish","type":"page","link":"https:\/\/talkpal.ai\/it\/esercizi-di-grammatica-ucraina\/","title":{"rendered":"Esercizi di grammatica ucraina"},"content":{"rendered":"\r\n\r\n\r\n<section class=\"languageChallengeSection\">\r\n    <div class=\"languageInfoWrapper\">\r\n        \r\n        <h1>Esercizi di grammatica ucraina<\/h1>\r\n        <p>Vuoi portare le tue abilit\u00e0 ucraine a un livello superiore? Esercitarsi con gli esercizi di grammatica \u00e8 un modo fondamentale per padroneggiare la struttura delle frasi, le forme dei verbi e i modelli unici della lingua ucraina. Inizia a lavorare sulla <a href=\"https:\/\/talkpal.ai\/es\/gramatica-ucraniana\/\">grammatica ucraina<\/a> oggi stesso e guarda la tua sicurezza e la tua scioltezza crescere ad ogni esercizio!<\/p>\r\n\r\n                            <a class=\"getStartedHidden\" href=\"https:\/\/app.talkpal.ai\/it\/signup?lng=\">Comincia<\/a>\r\n        \r\n    <\/div>\r\n\r\n    <figure>\r\n    <img decoding=\"async\" width=\"768\" height=\"768\" src=\"https:\/\/talkpal.ai\/wp-content\/uploads\/2023\/06\/Ukrainian-768x768.png\" class=\"languageImage no-lazy\" alt=\"Default alt text\" fetchpriority=\"high\" sizes=\"(max-width: 768px) 150px, 768px\" srcset=\"https:\/\/talkpal.ai\/wp-content\/uploads\/2023\/06\/Ukrainian-768x768.png 768w, https:\/\/talkpal.ai\/wp-content\/uploads\/2023\/06\/Ukrainian-300x300.png 300w\" \/>\r\n    \r\n\r\n    <\/figure>\r\n\r\n            <a class=\"getStartedVisible\" href=\"https:\/\/app.talkpal.ai\/it\/signup?lng=\">Comincia<\/a>\r\n    \r\n<\/section>\r\n\r\n\r\n<!-- <section class=\"grammarSection\">\r\n    <div class=\"grammarLinks\">\r\n        <a href=\"https:\/\/talkpal.ai\/it\/exercise_language\/aggettivi-grammatica-ucraina\/\">Aggettivi <\/a><a href=\"https:\/\/talkpal.ai\/it\/exercise_language\/articoli-grammatica-ucraina\/\">Articoli <\/a><a href=\"https:\/\/talkpal.ai\/it\/exercise_language\/avverbi-grammatica-ucraina\/\">Avverbi <\/a><a href=\"https:\/\/talkpal.ai\/it\/exercise_language\/confronto-dei-tempi-grammatica-ucraina\/\">Confronto dei tempi <\/a><a href=\"https:\/\/talkpal.ai\/it\/exercise_language\/congiuntivo-grammatica-ucraina\/\">Congiuntivo <\/a><a href=\"https:\/\/talkpal.ai\/it\/exercise_language\/preposizioni-grammatica-ucraina\/\">Preposizioni <\/a><a href=\"https:\/\/talkpal.ai\/it\/exercise_language\/pronomi-grammatica-ucraina\/\">Pronomi <\/a><a href=\"https:\/\/talkpal.ai\/it\/exercise_language\/sostantivi-grammatica-ucraina\/\">Sostantivi <\/a><a href=\"https:\/\/talkpal.ai\/it\/exercise_language\/struttura-della-frase-grammatica-ucraina\/\">Struttura della frase <\/a><a href=\"https:\/\/talkpal.ai\/it\/exercise_language\/tempi-indicativi-grammatica-ucraina\/\">Tempi Indicativi <\/a><a href=\"https:\/\/talkpal.ai\/it\/exercise_language\/verbi-grammatica-ucraina\/\">Verbi <\/a>    <\/div>\r\n<\/section> -->\r\n\r\n\r\n\r\n\r\n        <section class=\"grammarSection\">\r\n            <div class=\"grammarLinks\">\r\n                <a href=\"https:\/\/talkpal.ai\/it\/exercise_language\/aggettivi-grammatica-ucraina\/\">Aggettivi <\/a><a href=\"https:\/\/talkpal.ai\/it\/exercise_language\/articoli-grammatica-ucraina\/\">Articoli <\/a><a href=\"https:\/\/talkpal.ai\/it\/exercise_language\/avverbi-grammatica-ucraina\/\">Avverbi <\/a><a href=\"https:\/\/talkpal.ai\/it\/exercise_language\/confronto-dei-tempi-grammatica-ucraina\/\">Confronto dei tempi <\/a><a href=\"https:\/\/talkpal.ai\/it\/exercise_language\/congiuntivo-grammatica-ucraina\/\">Congiuntivo <\/a><a href=\"https:\/\/talkpal.ai\/it\/exercise_language\/preposizioni-grammatica-ucraina\/\">Preposizioni <\/a><a href=\"https:\/\/talkpal.ai\/it\/exercise_language\/pronomi-grammatica-ucraina\/\">Pronomi <\/a><a href=\"https:\/\/talkpal.ai\/it\/exercise_language\/sostantivi-grammatica-ucraina\/\">Sostantivi <\/a><a href=\"https:\/\/talkpal.ai\/it\/exercise_language\/struttura-della-frase-grammatica-ucraina\/\">Struttura della frase <\/a><a href=\"https:\/\/talkpal.ai\/it\/exercise_language\/tempi-indicativi-grammatica-ucraina\/\">Tempi Indicativi <\/a><a href=\"https:\/\/talkpal.ai\/it\/exercise_language\/verbi-grammatica-ucraina\/\">Verbi <\/a>            <\/div>\r\n        <\/section>\r\n<section class=\"promotionalBanner\">\r\n    <p class=\"promotionalText\">Il modo pi\u00f9 efficace per imparare una lingua<\/p>\r\n    <a class=\"promotionalLink\" href=\"https:\/\/app.talkpal.ai\/it\/signup?lng=\">Prova Talkpal gratuitamente<\/a>\r\n<\/section>\n<div class=\"wp-block-group pageContainerStyle\"><div class=\"wp-block-group__inner-container is-layout-constrained wp-block-group-is-layout-constrained\">\n<h2 class=\"wp-block-heading\" id=\"h-ukrainian-grammar-topics\">Argomenti di grammatica ucraina<\/h2>\n\n\n\n<p>Imparare una nuova lingua pu\u00f2 essere un&#8217;impresa eccitante ma impegnativa, e la lingua ucraina non fa eccezione. L&#8217;ucraino, una lingua slava orientale, \u00e8 la lingua ufficiale dell&#8217;Ucraina e vanta una ricca storia e una struttura grammaticale diversificata. Mentre intraprendi il tuo viaggio per diventare esperto in <a href=\"https:\/\/talkpal.ai\/learn-ukrainian\/\">ucraino<\/a>, ci sono diversi argomenti grammaticali chiave che dovrai padroneggiare, inclusi tempi, verbi, sostantivi, articoli, pronomi, aggettivi, avverbi, <a href=\"https:\/\/talkpal.ai\/zh-hans\/grammar_exercises\/preposizioni-%e6%84%8f%e5%a4%a7%e5%88%a9%e8%af%ad%e6%b3%95%e7%bb%83%e4%b9%a0\/\">preposizioni<\/a> e struttura della frase. Comprendere e applicare correttamente queste regole grammaticali migliorer\u00e0 significativamente la tua fluidit\u00e0 nella lingua. Quindi, approfondiamo ogni argomento ed esploriamo la sequenza in cui dovresti impararlo.<\/p>\n\n\n\n<h3 class=\"wp-block-heading\" id=\"h-1-nouns\">1. Sostantivi:<\/h3>\n\n\n\n<p>Inizia imparando i sostantivi ucraini poich\u00e9 sono il fondamento della lingua. Familiarizza con il loro genere (maschile, femminile e neutro) e le loro forme plurali. Comprendere le declinazioni dei sostantivi (casi) \u00e8 fondamentale per la corretta formazione delle frasi.<\/p>\n\n\n\n<h3 class=\"wp-block-heading\" id=\"h-2-pronouns\">2. Pronomi:<\/h3>\n\n\n\n<p>Successivamente, impara i pronomi, parole che sostituiscono i sostantivi in una frase. Hanno anche distinzioni di genere e di caso, quindi \u00e8 essenziale imparare le forme appropriate da usare a seconda del sostantivo che stanno sostituendo.<\/p>\n\n\n\n<h3 class=\"wp-block-heading\" id=\"h-3-verbs\">3. Verbi:<\/h3>\n\n\n\n<p>I verbi sono le parole d&#8217;azione in una frase. In ucraino, i verbi hanno forme diverse in base al tempo, all&#8217;umore e all&#8217;aspetto. Inizia imparando le forme indicative del tempo <a href=\"https:\/\/talkpal.ai\/zh-hans\/grammar_exercises\/presente-%e8%a5%bf%e7%8f%ad%e7%89%99%e8%af%ad%e6%b3%95%e7%bb%83%e4%b9%a0\/\">presente<\/a> dei verbi, che ti aiuteranno a capire la struttura di base della frase.<\/p>\n\n\n\n<h3 class=\"wp-block-heading\" id=\"h-4-tenses-indicative\">4. Tempi Indicativi:<\/h3>\n\n\n\n<p>Una volta che ti sei trovato bene con i verbi al presente, passa ad imparare i tempi passati e futuri all&#8217;indicativo. Ci\u00f2 ti consentir\u00e0 di comunicare su eventi che si sono gi\u00e0 verificati o che si verificheranno in <a href=\"https:\/\/talkpal.ai\/ja\/grammar_exercises\/futuro-%e3%82%b9%e3%83%9a%e3%82%a4%e3%83%b3%e8%aa%9e%e3%81%ae%e6%96%87%e6%b3%95%e3%81%ae%e6%bc%94%e7%bf%92\/\">futuro<\/a>.<\/p>\n\n\n\n<h3 class=\"wp-block-heading\" id=\"h-5-tenses-subjunctive\">5. Congiuntivo dei tempi verbali:<\/h3>\n\n\n\n<p>Dopo aver padroneggiato il modo indicativo, esplora il modo congiuntivo, che esprime situazioni, desideri o suggerimenti ipotetici. Il modo congiuntivo si verifica principalmente al passato e al futuro in ucraino.<\/p>\n\n\n\n<h3 class=\"wp-block-heading\" id=\"h-6-tense-comparison\">6. Confronto teso:<\/h3>\n\n\n\n<p>Impara a confrontare i <a href=\"https:\/\/talkpal.ai\/ar\/grammar_exercises\/tempi-%d8%aa%d9%85%d8%a7%d8%b1%d9%8a%d9%86-%d9%84%d9%84%d9%82%d9%88%d8%a7%d8%b9%d8%af-%d8%a7%d9%84%d8%a5%d9%8a%d8%b7%d8%a7%d9%84%d9%8a%d8%a9\/\">tempi verbali<\/a> in ucraino per esprimere diversi gradi di certezza o possibilit\u00e0. Questo ti aiuter\u00e0 a capire e creare frasi pi\u00f9 complesse.<\/p>\n\n\n\n<h3 class=\"wp-block-heading\" id=\"h-7-adjectives\">7. Aggettivi:<\/h3>\n\n\n\n<p>Gli aggettivi descrivono le qualit\u00e0 dei sostantivi. Sono d&#8217;accordo nel genere, nel numero e nel caso con il sostantivo che modificano. Imparare gli aggettivi ti aiuter\u00e0 ad aggiungere pi\u00f9 dettagli alle tue frasi.<\/p>\n\n\n\n<h3 class=\"wp-block-heading\" id=\"h-8-adverbs\">8. Avverbi:<\/h3>\n\n\n\n<p>Gli avverbi descrivono il modo, il luogo o il tempo di un&#8217;azione. Non si declinano come aggettivi, ma svolgono un ruolo fondamentale nel rendere le tue frasi pi\u00f9 informative e coinvolgenti.<\/p>\n\n\n\n<h3 class=\"wp-block-heading\" id=\"h-9-prepositions\">9. Preposizioni:<\/h3>\n\n\n\n<p>Le preposizioni mostrano la relazione tra le parole in una frase (ad esempio, luogo, direzione o tempo). Impara a usare correttamente le preposizioni per evitare confusione e trasmettere il significato che intendi dare.<\/p>\n\n\n\n<h3 class=\"wp-block-heading\" id=\"h-10-sentence-structure\">10. Struttura della frase:<\/h3>\n\n\n\n<p>Infine, familiarizza con la struttura delle frasi in ucraino. Ci\u00f2 include la comprensione dell&#8217;ordine delle parole soggetto-verbo-oggetto (SVO) e come utilizzare i casi e altri elementi grammaticali per formare frasi chiare e coerenti.<\/p>\n\n\n\n<h3 class=\"wp-block-heading\" id=\"h-11-articles\">11. Articoli:<\/h3>\n\n\n\n<p>L&#8217;ucraino non ha articoli come &#8220;the&#8221; o &#8220;a&#8221; in inglese, ma \u00e8 essenziale capire come la definitivit\u00e0 e l&#8217;indefinitezza vengono trasmesse nella lingua, di solito attraverso l&#8217;uso di pronomi dimostrativi o del contesto.<\/p>\n\n\n\n<p>Imparando questi argomenti grammaticali nella sequenza suggerita, costruirai gradualmente una solida base in ucraino e progredirai verso la fluidit\u00e0 della lingua.<\/p>\n<\/div><\/div>\n\r\n<section class=\"learnNavigationSection\">\r\n            \r\n        <a href=\"https:\/\/talkpal.ai\/it\/imparare-lucraino\/\">\r\n            <div class=\"learnNavigationWrapper\">\r\n                <div class=\"learnNavigationContent\">\r\n                    <img decoding=\"async\" src=\"https:\/\/talkpal.ai\/wp-content\/uploads\/2024\/08\/Ukrainian.jpg\" alt=\"Ukrainian Flag\">\r\n                    <div>\r\n                        <h4>Informazioni sull&#039;apprendimento dell&#039;ucraino<\/h4>\r\n                        <p>Scoprite tutto sulla grammatica ucraina.<\/p>\r\n                    <\/div>\r\n                <\/div>\r\n            <\/div>\r\n        <\/a>\r\n\r\n        \r\n        <a href=\"https:\/\/talkpal.ai\/it\/grammatica-ucraina\/\">\r\n            <div class=\"learnNavigationWrapper\">\r\n                <div class=\"learnNavigationContent\">\r\n                    <img decoding=\"async\" src=\"https:\/\/talkpal.ai\/wp-content\/uploads\/2024\/08\/Ukrainian.jpg\" alt=\"Ukrainian Flag\">\r\n                    <div>\r\n                        <h4>Lezioni di grammatica ucraina<\/h4>\r\n                        <p>Pratica la grammatica ucraina.<\/p>\r\n                    <\/div>\r\n                <\/div>\r\n            <\/div>\r\n        <\/a>\r\n\r\n        \r\n        <a href=\"https:\/\/talkpal.ai\/vocabulary_language\/ukrainian\/\">\r\n            <div class=\"learnNavigationWrapper\">\r\n                <div class=\"learnNavigationContent\">\r\n                    <img decoding=\"async\" src=\"https:\/\/talkpal.ai\/wp-content\/uploads\/2024\/08\/Ukrainian.jpg\" alt=\"Ukrainian Flag\">\r\n                    <div>\r\n                        <h4>Vocabolario ucraino<\/h4>\r\n                        <p>Amplia il tuo vocabolario ucraino.<\/p>\r\n                    <\/div>\r\n                <\/div>\r\n            <\/div>\r\n        <\/a>\r\n\r\n            <\/section>","protected":false},"excerpt":{"rendered":"<p>Argomenti di grammatica ucraina Imparare una nuova lingua pu\u00f2 essere un&#8217;impresa eccitante ma impegnativa, e la lingua ucraina non fa eccezione. L&#8217;ucraino, una lingua slava orientale, \u00e8 la lingua ufficiale dell&#8217;Ucraina e vanta una ricca storia e una struttura grammaticale diversificata. Mentre intraprendi il tuo viaggio per diventare esperto in ucraino, ci sono diversi argomenti [&hellip;]<\/p>\n","protected":false},"author":6,"featured_media":11623,"parent":0,"menu_order":0,"comment_status":"closed","ping_status":"closed","template":"LearningContentPage.php","meta":{"_acf_changed":false,"footnotes":""},"class_list":["post-135739","page","type-page","status-publish","has-post-thumbnail","hentry"],"acf":[],"yoast_head":"<!-- This site is optimized with the Yoast SEO Premium plugin v27.2 (Yoast SEO v27.2) - https:\/\/yoast.com\/product\/yoast-seo-premium-wordpress\/ -->\n<title>Esercizi di grammatica ucraina - Talkpal<\/title>\n<meta name=\"description\" content=\"Migliora le tue competenze in ucraino con esercizi di grammatica coinvolgenti che affrontano argomenti grammaticali essenziali per la fluidit\u00e0.\" \/>\n<meta name=\"robots\" content=\"index, follow, max-snippet:-1, max-image-preview:large, max-video-preview:-1\" \/>\n<link rel=\"canonical\" href=\"https:\/\/talkpal.ai\/it\/esercizi-di-grammatica-ucraina\/\" \/>\n<meta property=\"og:locale\" content=\"it_IT\" \/>\n<meta property=\"og:type\" content=\"article\" \/>\n<meta property=\"og:title\" content=\"Esercizi di grammatica ucraina\" \/>\n<meta property=\"og:description\" content=\"Argomenti di grammatica ucraina Imparare una nuova lingua pu\u00f2 essere un&#039;impresa eccitante ma impegnativa, e la lingua ucraina non fa eccezione. L&#039;ucraino,\" \/>\n<meta property=\"og:url\" content=\"https:\/\/talkpal.ai\/it\/esercizi-di-grammatica-ucraina\/\" \/>\n<meta property=\"og:site_name\" content=\"Talkpal\" \/>\n<meta property=\"article:publisher\" content=\"https:\/\/www.facebook.com\/profile.php?id=100090733639311\" \/>\n<meta property=\"article:modified_time\" content=\"2025-12-17T16:21:40+00:00\" \/>\n<meta property=\"og:image\" content=\"https:\/\/talkpal.ai\/wp-content\/uploads\/2023\/04\/ukraine.png\" \/>\n\t<meta property=\"og:image:width\" content=\"512\" \/>\n\t<meta property=\"og:image:height\" content=\"512\" \/>\n\t<meta property=\"og:image:type\" content=\"image\/png\" \/>\n<meta name=\"twitter:card\" content=\"summary_large_image\" \/>\n<meta name=\"twitter:site\" content=\"@talkpalai\" \/>\n<meta name=\"twitter:label1\" content=\"Tempo di lettura stimato\" \/>\n\t<meta name=\"twitter:data1\" content=\"3 minuti\" \/>\n<script type=\"application\/ld+json\" class=\"yoast-schema-graph\">{\"@context\":\"https:\/\/schema.org\",\"@graph\":[{\"@type\":\"WebPage\",\"@id\":\"https:\/\/talkpal.ai\/it\/esercizi-di-grammatica-ucraina\/\",\"url\":\"https:\/\/talkpal.ai\/it\/esercizi-di-grammatica-ucraina\/\",\"name\":\"Esercizi di grammatica ucraina - Talkpal\",\"isPartOf\":{\"@id\":\"https:\/\/talkpal.ai\/it\/#website\"},\"primaryImageOfPage\":{\"@id\":\"https:\/\/talkpal.ai\/it\/esercizi-di-grammatica-ucraina\/#primaryimage\"},\"image\":{\"@id\":\"https:\/\/talkpal.ai\/it\/esercizi-di-grammatica-ucraina\/#primaryimage\"},\"thumbnailUrl\":\"https:\/\/talkpal.ai\/wp-content\/uploads\/2023\/04\/ukraine.png\",\"datePublished\":\"2023-06-16T10:51:16+00:00\",\"dateModified\":\"2025-12-17T16:21:40+00:00\",\"description\":\"Migliora le tue competenze in ucraino con esercizi di grammatica coinvolgenti che affrontano argomenti grammaticali essenziali per la fluidit\u00e0.\",\"breadcrumb\":{\"@id\":\"https:\/\/talkpal.ai\/it\/esercizi-di-grammatica-ucraina\/#breadcrumb\"},\"inLanguage\":\"it-IT\",\"potentialAction\":[{\"@type\":\"ReadAction\",\"target\":[\"https:\/\/talkpal.ai\/it\/esercizi-di-grammatica-ucraina\/\"]}]},{\"@type\":\"ImageObject\",\"inLanguage\":\"it-IT\",\"@id\":\"https:\/\/talkpal.ai\/it\/esercizi-di-grammatica-ucraina\/#primaryimage\",\"url\":\"https:\/\/talkpal.ai\/wp-content\/uploads\/2023\/04\/ukraine.png\",\"contentUrl\":\"https:\/\/talkpal.ai\/wp-content\/uploads\/2023\/04\/ukraine.png\",\"width\":512,\"height\":512,\"caption\":\"TalkPal Ukrainian Flag\"},{\"@type\":\"BreadcrumbList\",\"@id\":\"https:\/\/talkpal.ai\/it\/esercizi-di-grammatica-ucraina\/#breadcrumb\",\"itemListElement\":[{\"@type\":\"ListItem\",\"position\":1,\"name\":\"Homepage\",\"item\":\"https:\/\/talkpal.ai\/it\/\"},{\"@type\":\"ListItem\",\"position\":2,\"name\":\"Esercizi di grammatica ucraina\"}]},{\"@type\":\"WebSite\",\"@id\":\"https:\/\/talkpal.ai\/it\/#website\",\"url\":\"https:\/\/talkpal.ai\/it\/\",\"name\":\"Talkpal\",\"description\":\"AI Language Learning\",\"publisher\":{\"@id\":\"https:\/\/talkpal.ai\/it\/#organization\"},\"alternateName\":\"Talkpal AI\",\"potentialAction\":[{\"@type\":\"SearchAction\",\"target\":{\"@type\":\"EntryPoint\",\"urlTemplate\":\"https:\/\/talkpal.ai\/it\/?s={search_term_string}\"},\"query-input\":{\"@type\":\"PropertyValueSpecification\",\"valueRequired\":true,\"valueName\":\"search_term_string\"}}],\"inLanguage\":\"it-IT\"},{\"@type\":\"Organization\",\"@id\":\"https:\/\/talkpal.ai\/it\/#organization\",\"name\":\"Talkpal, Inc.\",\"alternateName\":\"Talkpal AI\",\"url\":\"https:\/\/talkpal.ai\/it\/\",\"logo\":{\"@type\":\"ImageObject\",\"inLanguage\":\"it-IT\",\"@id\":\"https:\/\/talkpal.ai\/it\/#\/schema\/logo\/image\/\",\"url\":\"https:\/\/talkpal.ai\/wp-content\/uploads\/2024\/03\/Talkpal-Logo-Icon.png\",\"contentUrl\":\"https:\/\/talkpal.ai\/wp-content\/uploads\/2024\/03\/Talkpal-Logo-Icon.png\",\"width\":2880,\"height\":2880,\"caption\":\"Talkpal, Inc.\"},\"image\":{\"@id\":\"https:\/\/talkpal.ai\/it\/#\/schema\/logo\/image\/\"},\"sameAs\":[\"https:\/\/www.facebook.com\/profile.php?id=100090733639311\",\"https:\/\/x.com\/talkpalai\",\"https:\/\/www.linkedin.com\/company\/talkpal\/\",\"https:\/\/www.youtube.com\/@TalkPal\/\",\"https:\/\/www.tiktok.com\/@talkpal\",\"https:\/\/www.instagram.com\/talkpal_ai\/\",\"https:\/\/www.crunchbase.com\/organization\/talkpal-9cde\",\"https:\/\/www.g2.com\/products\/talkpal-for-business\/\",\"https:\/\/www.trustpilot.com\/review\/talkpal.ai\",\"https:\/\/www.capterra.com\/p\/10006800\/TalkPal\/\"],\"description\":\"Talkpal is a language learning web and mobile education app, powered by the latest AI technologies, that provides engaging experiences to its customers in many different languages to help them improve their language skills. Users can chat about unlimited amount of topics with the app and use other modes to practice their language learning.\",\"email\":\"support@talkpal.ai\",\"legalName\":\"Talkpal, Inc.\",\"foundingDate\":\"2023-04-03\",\"duns\":\"118989042\",\"numberOfEmployees\":{\"@type\":\"QuantitativeValue\",\"minValue\":\"11\",\"maxValue\":\"50\"},\"publishingPrinciples\":\"https:\/\/talkpal.ai\/publishing-principles\/\",\"actionableFeedbackPolicy\":\"https:\/\/talkpal.ai\/actionable-feedback-policy\/\",\"correctionsPolicy\":\"https:\/\/talkpal.ai\/corrections-policy\/\",\"ethicsPolicy\":\"https:\/\/talkpal.ai\/ethics-policy\/\",\"diversityPolicy\":\"https:\/\/talkpal.ai\/diversity-policy\/\",\"diversityStaffingReport\":\"https:\/\/talkpal.ai\/diversity-policy\/\"}]}<\/script>\n<!-- \/ Yoast SEO Premium plugin. -->","yoast_head_json":{"title":"Esercizi di grammatica ucraina - Talkpal","description":"Migliora le tue competenze in ucraino con esercizi di grammatica coinvolgenti che affrontano argomenti grammaticali essenziali per la fluidit\u00e0.","robots":{"index":"index","follow":"follow","max-snippet":"max-snippet:-1","max-image-preview":"max-image-preview:large","max-video-preview":"max-video-preview:-1"},"canonical":"https:\/\/talkpal.ai\/it\/esercizi-di-grammatica-ucraina\/","og_locale":"it_IT","og_type":"article","og_title":"Esercizi di grammatica ucraina","og_description":"Argomenti di grammatica ucraina Imparare una nuova lingua pu\u00f2 essere un'impresa eccitante ma impegnativa, e la lingua ucraina non fa eccezione. L'ucraino,","og_url":"https:\/\/talkpal.ai\/it\/esercizi-di-grammatica-ucraina\/","og_site_name":"Talkpal","article_publisher":"https:\/\/www.facebook.com\/profile.php?id=100090733639311","article_modified_time":"2025-12-17T16:21:40+00:00","og_image":[{"width":512,"height":512,"url":"https:\/\/talkpal.ai\/wp-content\/uploads\/2023\/04\/ukraine.png","type":"image\/png"}],"twitter_card":"summary_large_image","twitter_site":"@talkpalai","twitter_misc":{"Tempo di lettura stimato":"3 minuti"},"schema":{"@context":"https:\/\/schema.org","@graph":[{"@type":"WebPage","@id":"https:\/\/talkpal.ai\/it\/esercizi-di-grammatica-ucraina\/","url":"https:\/\/talkpal.ai\/it\/esercizi-di-grammatica-ucraina\/","name":"Esercizi di grammatica ucraina - Talkpal","isPartOf":{"@id":"https:\/\/talkpal.ai\/it\/#website"},"primaryImageOfPage":{"@id":"https:\/\/talkpal.ai\/it\/esercizi-di-grammatica-ucraina\/#primaryimage"},"image":{"@id":"https:\/\/talkpal.ai\/it\/esercizi-di-grammatica-ucraina\/#primaryimage"},"thumbnailUrl":"https:\/\/talkpal.ai\/wp-content\/uploads\/2023\/04\/ukraine.png","datePublished":"2023-06-16T10:51:16+00:00","dateModified":"2025-12-17T16:21:40+00:00","description":"Migliora le tue competenze in ucraino con esercizi di grammatica coinvolgenti che affrontano argomenti grammaticali essenziali per la fluidit\u00e0.","breadcrumb":{"@id":"https:\/\/talkpal.ai\/it\/esercizi-di-grammatica-ucraina\/#breadcrumb"},"inLanguage":"it-IT","potentialAction":[{"@type":"ReadAction","target":["https:\/\/talkpal.ai\/it\/esercizi-di-grammatica-ucraina\/"]}]},{"@type":"ImageObject","inLanguage":"it-IT","@id":"https:\/\/talkpal.ai\/it\/esercizi-di-grammatica-ucraina\/#primaryimage","url":"https:\/\/talkpal.ai\/wp-content\/uploads\/2023\/04\/ukraine.png","contentUrl":"https:\/\/talkpal.ai\/wp-content\/uploads\/2023\/04\/ukraine.png","width":512,"height":512,"caption":"TalkPal Ukrainian Flag"},{"@type":"BreadcrumbList","@id":"https:\/\/talkpal.ai\/it\/esercizi-di-grammatica-ucraina\/#breadcrumb","itemListElement":[{"@type":"ListItem","position":1,"name":"Homepage","item":"https:\/\/talkpal.ai\/it\/"},{"@type":"ListItem","position":2,"name":"Esercizi di grammatica ucraina"}]},{"@type":"WebSite","@id":"https:\/\/talkpal.ai\/it\/#website","url":"https:\/\/talkpal.ai\/it\/","name":"Talkpal","description":"AI Language Learning","publisher":{"@id":"https:\/\/talkpal.ai\/it\/#organization"},"alternateName":"Talkpal AI","potentialAction":[{"@type":"SearchAction","target":{"@type":"EntryPoint","urlTemplate":"https:\/\/talkpal.ai\/it\/?s={search_term_string}"},"query-input":{"@type":"PropertyValueSpecification","valueRequired":true,"valueName":"search_term_string"}}],"inLanguage":"it-IT"},{"@type":"Organization","@id":"https:\/\/talkpal.ai\/it\/#organization","name":"Talkpal, Inc.","alternateName":"Talkpal AI","url":"https:\/\/talkpal.ai\/it\/","logo":{"@type":"ImageObject","inLanguage":"it-IT","@id":"https:\/\/talkpal.ai\/it\/#\/schema\/logo\/image\/","url":"https:\/\/talkpal.ai\/wp-content\/uploads\/2024\/03\/Talkpal-Logo-Icon.png","contentUrl":"https:\/\/talkpal.ai\/wp-content\/uploads\/2024\/03\/Talkpal-Logo-Icon.png","width":2880,"height":2880,"caption":"Talkpal, Inc."},"image":{"@id":"https:\/\/talkpal.ai\/it\/#\/schema\/logo\/image\/"},"sameAs":["https:\/\/www.facebook.com\/profile.php?id=100090733639311","https:\/\/x.com\/talkpalai","https:\/\/www.linkedin.com\/company\/talkpal\/","https:\/\/www.youtube.com\/@TalkPal\/","https:\/\/www.tiktok.com\/@talkpal","https:\/\/www.instagram.com\/talkpal_ai\/","https:\/\/www.crunchbase.com\/organization\/talkpal-9cde","https:\/\/www.g2.com\/products\/talkpal-for-business\/","https:\/\/www.trustpilot.com\/review\/talkpal.ai","https:\/\/www.capterra.com\/p\/10006800\/TalkPal\/"],"description":"Talkpal is a language learning web and mobile education app, powered by the latest AI technologies, that provides engaging experiences to its customers in many different languages to help them improve their language skills. Users can chat about unlimited amount of topics with the app and use other modes to practice their language learning.","email":"support@talkpal.ai","legalName":"Talkpal, Inc.","foundingDate":"2023-04-03","duns":"118989042","numberOfEmployees":{"@type":"QuantitativeValue","minValue":"11","maxValue":"50"},"publishingPrinciples":"https:\/\/talkpal.ai\/publishing-principles\/","actionableFeedbackPolicy":"https:\/\/talkpal.ai\/actionable-feedback-policy\/","correctionsPolicy":"https:\/\/talkpal.ai\/corrections-policy\/","ethicsPolicy":"https:\/\/talkpal.ai\/ethics-policy\/","diversityPolicy":"https:\/\/talkpal.ai\/diversity-policy\/","diversityStaffingReport":"https:\/\/talkpal.ai\/diversity-policy\/"}]}},"_links":{"self":[{"href":"https:\/\/talkpal.ai\/it\/wp-json\/wp\/v2\/pages\/135739","targetHints":{"allow":["GET"]}}],"collection":[{"href":"https:\/\/talkpal.ai\/it\/wp-json\/wp\/v2\/pages"}],"about":[{"href":"https:\/\/talkpal.ai\/it\/wp-json\/wp\/v2\/types\/page"}],"author":[{"embeddable":true,"href":"https:\/\/talkpal.ai\/it\/wp-json\/wp\/v2\/users\/6"}],"replies":[{"embeddable":true,"href":"https:\/\/talkpal.ai\/it\/wp-json\/wp\/v2\/comments?post=135739"}],"version-history":[{"count":0,"href":"https:\/\/talkpal.ai\/it\/wp-json\/wp\/v2\/pages\/135739\/revisions"}],"wp:featuredmedia":[{"embeddable":true,"href":"https:\/\/talkpal.ai\/it\/wp-json\/wp\/v2\/media\/11623"}],"wp:attachment":[{"href":"https:\/\/talkpal.ai\/it\/wp-json\/wp\/v2\/media?parent=135739"}],"curies":[{"name":"wp","href":"https:\/\/api.w.org\/{rel}","templated":true}]}}