{"id":131043,"date":"2023-05-14T13:53:24","date_gmt":"2023-05-14T13:53:24","guid":{"rendered":"http:\/\/talkpal.ai\/grammatica-ucraina\/"},"modified":"2025-12-11T16:36:52","modified_gmt":"2025-12-11T16:36:52","slug":"grammatica-ucraina","status":"publish","type":"page","link":"https:\/\/talkpal.ai\/it\/grammatica-ucraina\/","title":{"rendered":"Grammatica ucraina"},"content":{"rendered":"\r\n\r\n\r\n<section class=\"languageChallengeSection\">\r\n    <div class=\"languageInfoWrapper\">\r\n        \r\n        <h1>Grammatica ucraina<\/h1>\r\n        <p>Esplora la struttura della lingua ucraina imparando le <a href=\"https:\/\/talkpal.ai\/locations\/language-courses-in-sue\/\">sue<\/a> regole grammaticali essenziali. Padroneggiare la <a href=\"https:\/\/talkpal.ai\/es\/gramatica-ucraniana\/\">grammatica ucraina<\/a> ti aiuter\u00e0 a comunicare con sicurezza e a entrare in contatto pi\u00f9 profondamente con la cultura e il patrimonio <a href=\"https:\/\/talkpal.ai\/learn-ukrainian\/\">ucraino<\/a>. Inizia oggi il tuo viaggio nella <a href=\"https:\/\/talkpal.ai\/grammar\/\">grammatica<\/a> ucraina e fai il primo passo verso la fluidit\u00e0!<\/p>\r\n\r\n                            <a class=\"getStartedHidden\" href=\"https:\/\/app.talkpal.ai\/it\/signup?lng=\">Comincia<\/a>\r\n        \r\n    <\/div>\r\n\r\n    <figure>\r\n    <img decoding=\"async\" width=\"768\" height=\"768\" src=\"https:\/\/talkpal.ai\/wp-content\/uploads\/2023\/06\/Ukrainian-768x768.png\" class=\"languageImage no-lazy\" alt=\"Default alt text\" fetchpriority=\"high\" sizes=\"(max-width: 768px) 150px, 768px\" srcset=\"https:\/\/talkpal.ai\/wp-content\/uploads\/2023\/06\/Ukrainian-768x768.png 768w, https:\/\/talkpal.ai\/wp-content\/uploads\/2023\/06\/Ukrainian-300x300.png 300w\" \/>\r\n    \r\n\r\n    <\/figure>\r\n\r\n            <a class=\"getStartedVisible\" href=\"https:\/\/app.talkpal.ai\/it\/signup?lng=\">Comincia<\/a>\r\n    \r\n<\/section>\r\n        <section class=\"grammarSection\">\r\n            <div class=\"grammarLinks\">\r\n                <a href=\"https:\/\/talkpal.ai\/it\/language\/aggettivi-grammatica-ucraina\/\">Aggettivi <\/a><a href=\"https:\/\/talkpal.ai\/it\/language\/articoli-grammatica-ucraina\/\">Articoli <\/a><a href=\"https:\/\/talkpal.ai\/it\/language\/avverbi-grammatica-ucraina\/\">Avverbi <\/a><a href=\"https:\/\/talkpal.ai\/it\/language\/confronto-dei-tempi-grammatica-ucraina\/\">Confronto dei tempi <\/a><a href=\"https:\/\/talkpal.ai\/it\/language\/congiuntivo-grammatica-ucraina\/\">Congiuntivo <\/a><a href=\"https:\/\/talkpal.ai\/it\/language\/preposizioni-grammatica-ucraina\/\">Preposizioni <\/a><a href=\"https:\/\/talkpal.ai\/it\/language\/pronomi-grammatica-ucraina\/\">Pronomi <\/a><a href=\"https:\/\/talkpal.ai\/it\/language\/sostantivi-grammatica-ucraina\/\">Sostantivi <\/a><a href=\"https:\/\/talkpal.ai\/it\/language\/struttura-della-frase-grammatica-ucraina\/\">Struttura della frase <\/a><a href=\"https:\/\/talkpal.ai\/it\/language\/tempi-indicativi-grammatica-ucraina\/\">Tempi Indicativi <\/a><a href=\"https:\/\/talkpal.ai\/it\/language\/verbi-grammatica-ucraina\/\">Verbi <\/a>            <\/div>\r\n        <\/section>\r\n    <section class=\"promotionalBanner\">\r\n    <p class=\"promotionalText\">Il modo pi\u00f9 efficace per imparare una lingua<\/p>\r\n    <a class=\"promotionalLink\" href=\"https:\/\/app.talkpal.ai\/it\/signup?lng=\">Prova Talkpal gratuitamente<\/a>\r\n<\/section>\n<div class=\"wp-block-group pageContainerStyle\"><div class=\"wp-block-group__inner-container is-layout-constrained wp-block-group-is-layout-constrained\">\n<h2 class=\"wp-block-heading\" id=\"h-a-comprehensive-guide-to-mastering-ukrainian-grammar\">Una guida completa per padroneggiare la grammatica ucraina<\/h2>\n\n\n\n<p>L&#8217;ucraino, una lingua bella e melodica, ha suscitato un crescente interesse da parte degli <a href=\"https:\/\/talkpal.ai\/talkpal-discount-for-language-enthusiasts\/\">appassionati di lingue<\/a> di tutto il mondo. Imparare l&#8217;ucraino ti d\u00e0 accesso a un ricco patrimonio culturale e ti consente di comunicare con milioni di persone in Ucraina e nei paesi vicini. Anche se all&#8217;inizio immergersi nella grammatica ucraina pu\u00f2 sembrare scoraggiante, avere una solida base in essa ti permetter\u00e0 di esplorare le sfumature della lingua e apprezzarne appieno la bellezza. Questo articolo ti guider\u00e0 passo dopo passo attraverso gli elementi essenziali della grammatica ucraina, preparandoti a <a href=\"https:\/\/talkpal.ai\/ko\/ai-%ec%96%b8%ec%96%b4-%ea%b5%90%ec%82%ac\/\">iniziare<\/a> con sicurezza il tuo viaggio linguistico.<\/p>\n\n\n\n<h3 class=\"wp-block-heading\" id=\"h-1-mastering-ukrainian-nouns-and-cases\">1. Padroneggiare i nomi e i casi ucraini<\/h3>\n\n\n\n<p>Una caratteristica centrale della grammatica ucraina \u00e8 il suo sistema di casi. Quando si usano i sostantivi, \u00e8 necessario conoscere il loro genere (maschile, femminile o neutro) ed essere consapevoli del contesto che potrebbe richiedere un cambiamento nelle loro desinenze. La lingua ucraina ha sette casi:<\/p>\n\n\n\n<p>&#8211; Nominativo: il soggetto di una frase<\/p>\n\n\n\n<p>&#8211; Genitivo: indica possesso, quantit\u00e0 e <a href=\"https:\/\/talkpal.ai\/he\/grammar\/negazione-%d7%91%d7%93%d7%a7%d7%93%d7%95%d7%a7-%d7%94%d7%90%d7%99%d7%98%d7%9c%d7%a7%d7%99\/\">negazione<\/a>.<\/p>\n\n\n\n<p>&#8211; Dativo: oggetto indiretto o movimento verso un obiettivo<\/p>\n\n\n\n<p>&#8211; Accusativo: oggetto diretto o movimento rivolto a qualcosa<\/p>\n\n\n\n<p>&#8211; Strumentale: denota un mezzo o uno strumento di azione.<\/p>\n\n\n\n<p>&#8211; Locativo: indica la posizione<\/p>\n\n\n\n<p>&#8211; Vocativo: usato per rivolgersi a qualcuno o per chiamarlo.<\/p>\n\n\n\n<p>Dovrai prestare attenzione alle desinenze e alle declinazioni dei sostantivi, che cambiano a seconda del caso utilizzato, del genere e del numero del sostantivo.<\/p>\n\n\n\n<h3 class=\"wp-block-heading\" id=\"h-2-navigating-the-ukrainian-verb-system\">2. Navigare nel sistema verbale ucraino<\/h3>\n\n\n\n<p>I verbi ucraini sono coniugati in base alla persona, al numero, al tempo, all&#8217;umore e alla voce. In ucraino, ci sono quattro aspetti dei verbi: perfettivo, imperfettivo, iterativo e incettivo:<\/p>\n\n\n\n<p>&#8211; Perfettivo: denota azioni compiute<\/p>\n\n\n\n<p>&#8211; Imperfettivo: descrive azioni continue, abituali o ripetute.<\/p>\n\n\n\n<p>&#8211; Iterativo: trasmette azioni ripetute in un intervallo di tempo specifico.<\/p>\n\n\n\n<p>&#8211; Incepente: indica l&#8217;inizio di un&#8217;azione<\/p>\n\n\n\n<p>Per navigare nel sistema verbale ucraino, dovresti familiarizzare con le tre coniugazioni verbali di base. Il processo di coniugazione comporta la modifica delle desinenze della radice verbale in base al tempo, al modo e al soggetto.<\/p>\n\n\n\n<h3 class=\"wp-block-heading\" id=\"h-3-perfecting-ukrainian-adjectives-and-pronouns\">3. Perfezionare aggettivi e pronomi ucraini<\/h3>\n\n\n\n<p>Gli aggettivi in ucraino devono concordare con il sostantivo che descrivono, nel genere, nel numero e nel caso. Ci\u00f2 significa che quando si utilizza un aggettivo, \u00e8 necessario prestare attenzione alle sue desinenze, poich\u00e9 cambieranno per allinearsi con il sostantivo. Inoltre, gli aggettivi in ucraino possono essere lunghi o brevi, ognuno dei quali ha il suo uso a seconda del contesto.<\/p>\n\n\n\n<p>I pronomi sono usati al posto dei sostantivi e devono anche concordare con il sostantivo che sostituiscono, nel genere, nel numero e nel caso. I pronomi personali in ucraino includono &#8220;\u044f&#8221; (io), &#8220;\u0442\u0438&#8221; (tu, singolare), &#8220;\u0432\u0456\u043d\/\u0432\u043e\u043d\u0430\/\u0432\u043e\u043d\u043e&#8221; (lui\/lei), &#8220;\u043c\u0438&#8221; (noi), &#8220;\u0432\u0438&#8221; (voi, plurale o formale) e &#8220;\u0432\u043e\u043d\u0438&#8221; (loro). Ci sono anche pronomi possessivi, dimostrativi e relativi in ucraino.<\/p>\n\n\n\n<h3 class=\"wp-block-heading\" id=\"h-4-putting-it-all-together-sentence-structure\">4. Mettere tutto insieme: struttura della frase<\/h3>\n\n\n\n<p>L&#8217;ucraino segue la struttura della frase soggetto-verbo-oggetto (SVO), simile all&#8217;inglese. Tuttavia, a differenza dell&#8217;inglese, l&#8217;ucraino ha una maggiore flessibilit\u00e0 nell&#8217;ordine delle parole grazie al suo sistema di maiuscole e minuscole. Questa flessibilit\u00e0 consente ai parlanti di enfatizzare parole o idee specifiche posizionandole in varie posizioni all&#8217;interno di una frase. Anche se padroneggiare questa versatilit\u00e0 pu\u00f2 richiedere tempo, ti consente di esprimerti in modo pi\u00f9 artistico e fluido in ucraino.<\/p>\n\n\n\n<h3 class=\"wp-block-heading\" id=\"h-conclusion\">Conclusione<\/h3>\n\n\n\n<p>Quando intraprendi il tuo viaggio linguistico in ucraino, ricorda che diventare fluente nella grammatica richiede pratica e perseveranza. Familiarizza gradualmente con i vari aspetti della grammatica ucraina, dai sostantivi e dai casi ai verbi e alla struttura delle frasi. Goditi il processo di apprendimento e assapora la bellezza e l&#8217;espressivit\u00e0 della lingua ucraina. \u0412\u0434\u0430\u0447\u0456! (Buona fortuna!)<\/p>\n<\/div><\/div>\n\r\n<section class=\"learnNavigationSection\">\r\n            \r\n        <a href=\"https:\/\/talkpal.ai\/it\/imparare-lucraino\/\">\r\n            <div class=\"learnNavigationWrapper\">\r\n                <div class=\"learnNavigationContent\">\r\n                    <img decoding=\"async\" src=\"https:\/\/talkpal.ai\/wp-content\/uploads\/2024\/08\/Ukrainian.jpg\" alt=\"Ukrainian Flag\">\r\n                    <div>\r\n                        <h4>Informazioni sull&#039;apprendimento dell&#039;ucraino<\/h4>\r\n                        <p>Scoprite tutto sulla grammatica ucraina.<\/p>\r\n                    <\/div>\r\n                <\/div>\r\n            <\/div>\r\n        <\/a>\r\n\r\n        \r\n        <a href=\"https:\/\/talkpal.ai\/it\/esercizi-di-grammatica-ucraina\/\">\r\n            <div class=\"learnNavigationWrapper\">\r\n                <div class=\"learnNavigationContent\">\r\n                    <img decoding=\"async\" src=\"https:\/\/talkpal.ai\/wp-content\/uploads\/2024\/08\/Ukrainian.jpg\" alt=\"Ukrainian Flag\">\r\n                    <div>\r\n                        <h4>Esercizio di grammatica ucraina<\/h4>\r\n                        <p>Pratica la grammatica ucraina.<\/p>\r\n                    <\/div>\r\n                <\/div>\r\n            <\/div>\r\n        <\/a>\r\n\r\n        \r\n        <a href=\"https:\/\/talkpal.ai\/vocabulary_language\/ukrainian\/\">\r\n            <div class=\"learnNavigationWrapper\">\r\n                <div class=\"learnNavigationContent\">\r\n                    <img decoding=\"async\" src=\"https:\/\/talkpal.ai\/wp-content\/uploads\/2024\/08\/Ukrainian.jpg\" alt=\"Ukrainian Flag\">\r\n                    <div>\r\n                        <h4>Vocabolario ucraino<\/h4>\r\n                        <p>Amplia il tuo vocabolario ucraino.<\/p>\r\n                    <\/div>\r\n                <\/div>\r\n            <\/div>\r\n        <\/a>\r\n\r\n            <\/section>","protected":false},"excerpt":{"rendered":"<p>Una guida completa per padroneggiare la grammatica ucraina L&#8217;ucraino, una lingua bella e melodica, ha suscitato un crescente interesse da parte degli appassionati di lingue di tutto il mondo. Imparare l&#8217;ucraino ti d\u00e0 accesso a un ricco patrimonio culturale e ti consente di comunicare con milioni di persone in Ucraina e nei paesi vicini. Anche [&hellip;]<\/p>\n","protected":false},"author":1,"featured_media":11623,"parent":0,"menu_order":0,"comment_status":"closed","ping_status":"closed","template":"LearningContentPage.php","meta":{"_acf_changed":false,"footnotes":""},"class_list":["post-131043","page","type-page","status-publish","has-post-thumbnail","hentry"],"acf":[],"yoast_head":"<!-- This site is optimized with the Yoast SEO Premium plugin v27.2 (Yoast SEO v27.2) - https:\/\/yoast.com\/product\/yoast-seo-premium-wordpress\/ -->\n<title>Grammatica ucraina - Talkpal<\/title>\n<meta name=\"description\" content=\"Scopri la bellezza della grammatica ucraina con consigli e approfondimenti essenziali per migliorare il tuo percorso di apprendimento della lingua.\" \/>\n<meta name=\"robots\" content=\"index, follow, max-snippet:-1, max-image-preview:large, max-video-preview:-1\" \/>\n<link rel=\"canonical\" href=\"https:\/\/talkpal.ai\/it\/grammatica-ucraina\/\" \/>\n<meta property=\"og:locale\" content=\"it_IT\" \/>\n<meta property=\"og:type\" content=\"article\" \/>\n<meta property=\"og:title\" content=\"Grammatica ucraina\" \/>\n<meta property=\"og:description\" content=\"Una guida completa per padroneggiare la grammatica ucraina L&#039;ucraino, una lingua bella e melodica, ha suscitato un crescente interesse da parte degli\" \/>\n<meta property=\"og:url\" content=\"https:\/\/talkpal.ai\/it\/grammatica-ucraina\/\" \/>\n<meta property=\"og:site_name\" content=\"Talkpal\" \/>\n<meta property=\"article:publisher\" content=\"https:\/\/www.facebook.com\/profile.php?id=100090733639311\" \/>\n<meta property=\"article:modified_time\" content=\"2025-12-11T16:36:52+00:00\" \/>\n<meta property=\"og:image\" content=\"https:\/\/talkpal.ai\/wp-content\/uploads\/2023\/04\/ukraine.png\" \/>\n\t<meta property=\"og:image:width\" content=\"512\" \/>\n\t<meta property=\"og:image:height\" content=\"512\" \/>\n\t<meta property=\"og:image:type\" content=\"image\/png\" \/>\n<meta name=\"twitter:card\" content=\"summary_large_image\" \/>\n<meta name=\"twitter:site\" content=\"@talkpalai\" \/>\n<meta name=\"twitter:label1\" content=\"Tempo di lettura stimato\" \/>\n\t<meta name=\"twitter:data1\" content=\"3 minuti\" \/>\n<script type=\"application\/ld+json\" class=\"yoast-schema-graph\">{\"@context\":\"https:\/\/schema.org\",\"@graph\":[{\"@type\":\"WebPage\",\"@id\":\"https:\/\/talkpal.ai\/it\/grammatica-ucraina\/\",\"url\":\"https:\/\/talkpal.ai\/it\/grammatica-ucraina\/\",\"name\":\"Grammatica ucraina - Talkpal\",\"isPartOf\":{\"@id\":\"https:\/\/talkpal.ai\/it\/#website\"},\"primaryImageOfPage\":{\"@id\":\"https:\/\/talkpal.ai\/it\/grammatica-ucraina\/#primaryimage\"},\"image\":{\"@id\":\"https:\/\/talkpal.ai\/it\/grammatica-ucraina\/#primaryimage\"},\"thumbnailUrl\":\"https:\/\/talkpal.ai\/wp-content\/uploads\/2023\/04\/ukraine.png\",\"datePublished\":\"2023-05-14T13:53:24+00:00\",\"dateModified\":\"2025-12-11T16:36:52+00:00\",\"description\":\"Scopri la bellezza della grammatica ucraina con consigli e approfondimenti essenziali per migliorare il tuo percorso di apprendimento della lingua.\",\"breadcrumb\":{\"@id\":\"https:\/\/talkpal.ai\/it\/grammatica-ucraina\/#breadcrumb\"},\"inLanguage\":\"it-IT\",\"potentialAction\":[{\"@type\":\"ReadAction\",\"target\":[\"https:\/\/talkpal.ai\/it\/grammatica-ucraina\/\"]}]},{\"@type\":\"ImageObject\",\"inLanguage\":\"it-IT\",\"@id\":\"https:\/\/talkpal.ai\/it\/grammatica-ucraina\/#primaryimage\",\"url\":\"https:\/\/talkpal.ai\/wp-content\/uploads\/2023\/04\/ukraine.png\",\"contentUrl\":\"https:\/\/talkpal.ai\/wp-content\/uploads\/2023\/04\/ukraine.png\",\"width\":512,\"height\":512,\"caption\":\"TalkPal Ukrainian Flag\"},{\"@type\":\"BreadcrumbList\",\"@id\":\"https:\/\/talkpal.ai\/it\/grammatica-ucraina\/#breadcrumb\",\"itemListElement\":[{\"@type\":\"ListItem\",\"position\":1,\"name\":\"Homepage\",\"item\":\"https:\/\/talkpal.ai\/it\/\"},{\"@type\":\"ListItem\",\"position\":2,\"name\":\"Grammatica ucraina\"}]},{\"@type\":\"WebSite\",\"@id\":\"https:\/\/talkpal.ai\/it\/#website\",\"url\":\"https:\/\/talkpal.ai\/it\/\",\"name\":\"Talkpal\",\"description\":\"AI Language Learning\",\"publisher\":{\"@id\":\"https:\/\/talkpal.ai\/it\/#organization\"},\"alternateName\":\"Talkpal AI\",\"potentialAction\":[{\"@type\":\"SearchAction\",\"target\":{\"@type\":\"EntryPoint\",\"urlTemplate\":\"https:\/\/talkpal.ai\/it\/?s={search_term_string}\"},\"query-input\":{\"@type\":\"PropertyValueSpecification\",\"valueRequired\":true,\"valueName\":\"search_term_string\"}}],\"inLanguage\":\"it-IT\"},{\"@type\":\"Organization\",\"@id\":\"https:\/\/talkpal.ai\/it\/#organization\",\"name\":\"Talkpal, Inc.\",\"alternateName\":\"Talkpal AI\",\"url\":\"https:\/\/talkpal.ai\/it\/\",\"logo\":{\"@type\":\"ImageObject\",\"inLanguage\":\"it-IT\",\"@id\":\"https:\/\/talkpal.ai\/it\/#\/schema\/logo\/image\/\",\"url\":\"https:\/\/talkpal.ai\/wp-content\/uploads\/2024\/03\/Talkpal-Logo-Icon.png\",\"contentUrl\":\"https:\/\/talkpal.ai\/wp-content\/uploads\/2024\/03\/Talkpal-Logo-Icon.png\",\"width\":2880,\"height\":2880,\"caption\":\"Talkpal, Inc.\"},\"image\":{\"@id\":\"https:\/\/talkpal.ai\/it\/#\/schema\/logo\/image\/\"},\"sameAs\":[\"https:\/\/www.facebook.com\/profile.php?id=100090733639311\",\"https:\/\/x.com\/talkpalai\",\"https:\/\/www.linkedin.com\/company\/talkpal\/\",\"https:\/\/www.youtube.com\/@TalkPal\/\",\"https:\/\/www.tiktok.com\/@talkpal\",\"https:\/\/www.instagram.com\/talkpal_ai\/\",\"https:\/\/www.crunchbase.com\/organization\/talkpal-9cde\",\"https:\/\/www.g2.com\/products\/talkpal-for-business\/\",\"https:\/\/www.trustpilot.com\/review\/talkpal.ai\",\"https:\/\/www.capterra.com\/p\/10006800\/TalkPal\/\"],\"description\":\"Talkpal is a language learning web and mobile education app, powered by the latest AI technologies, that provides engaging experiences to its customers in many different languages to help them improve their language skills. Users can chat about unlimited amount of topics with the app and use other modes to practice their language learning.\",\"email\":\"support@talkpal.ai\",\"legalName\":\"Talkpal, Inc.\",\"foundingDate\":\"2023-04-03\",\"duns\":\"118989042\",\"numberOfEmployees\":{\"@type\":\"QuantitativeValue\",\"minValue\":\"11\",\"maxValue\":\"50\"},\"publishingPrinciples\":\"https:\/\/talkpal.ai\/publishing-principles\/\",\"actionableFeedbackPolicy\":\"https:\/\/talkpal.ai\/actionable-feedback-policy\/\",\"correctionsPolicy\":\"https:\/\/talkpal.ai\/corrections-policy\/\",\"ethicsPolicy\":\"https:\/\/talkpal.ai\/ethics-policy\/\",\"diversityPolicy\":\"https:\/\/talkpal.ai\/diversity-policy\/\",\"diversityStaffingReport\":\"https:\/\/talkpal.ai\/diversity-policy\/\"}]}<\/script>\n<!-- \/ Yoast SEO Premium plugin. -->","yoast_head_json":{"title":"Grammatica ucraina - Talkpal","description":"Scopri la bellezza della grammatica ucraina con consigli e approfondimenti essenziali per migliorare il tuo percorso di apprendimento della lingua.","robots":{"index":"index","follow":"follow","max-snippet":"max-snippet:-1","max-image-preview":"max-image-preview:large","max-video-preview":"max-video-preview:-1"},"canonical":"https:\/\/talkpal.ai\/it\/grammatica-ucraina\/","og_locale":"it_IT","og_type":"article","og_title":"Grammatica ucraina","og_description":"Una guida completa per padroneggiare la grammatica ucraina L'ucraino, una lingua bella e melodica, ha suscitato un crescente interesse da parte degli","og_url":"https:\/\/talkpal.ai\/it\/grammatica-ucraina\/","og_site_name":"Talkpal","article_publisher":"https:\/\/www.facebook.com\/profile.php?id=100090733639311","article_modified_time":"2025-12-11T16:36:52+00:00","og_image":[{"width":512,"height":512,"url":"https:\/\/talkpal.ai\/wp-content\/uploads\/2023\/04\/ukraine.png","type":"image\/png"}],"twitter_card":"summary_large_image","twitter_site":"@talkpalai","twitter_misc":{"Tempo di lettura stimato":"3 minuti"},"schema":{"@context":"https:\/\/schema.org","@graph":[{"@type":"WebPage","@id":"https:\/\/talkpal.ai\/it\/grammatica-ucraina\/","url":"https:\/\/talkpal.ai\/it\/grammatica-ucraina\/","name":"Grammatica ucraina - Talkpal","isPartOf":{"@id":"https:\/\/talkpal.ai\/it\/#website"},"primaryImageOfPage":{"@id":"https:\/\/talkpal.ai\/it\/grammatica-ucraina\/#primaryimage"},"image":{"@id":"https:\/\/talkpal.ai\/it\/grammatica-ucraina\/#primaryimage"},"thumbnailUrl":"https:\/\/talkpal.ai\/wp-content\/uploads\/2023\/04\/ukraine.png","datePublished":"2023-05-14T13:53:24+00:00","dateModified":"2025-12-11T16:36:52+00:00","description":"Scopri la bellezza della grammatica ucraina con consigli e approfondimenti essenziali per migliorare il tuo percorso di apprendimento della lingua.","breadcrumb":{"@id":"https:\/\/talkpal.ai\/it\/grammatica-ucraina\/#breadcrumb"},"inLanguage":"it-IT","potentialAction":[{"@type":"ReadAction","target":["https:\/\/talkpal.ai\/it\/grammatica-ucraina\/"]}]},{"@type":"ImageObject","inLanguage":"it-IT","@id":"https:\/\/talkpal.ai\/it\/grammatica-ucraina\/#primaryimage","url":"https:\/\/talkpal.ai\/wp-content\/uploads\/2023\/04\/ukraine.png","contentUrl":"https:\/\/talkpal.ai\/wp-content\/uploads\/2023\/04\/ukraine.png","width":512,"height":512,"caption":"TalkPal Ukrainian Flag"},{"@type":"BreadcrumbList","@id":"https:\/\/talkpal.ai\/it\/grammatica-ucraina\/#breadcrumb","itemListElement":[{"@type":"ListItem","position":1,"name":"Homepage","item":"https:\/\/talkpal.ai\/it\/"},{"@type":"ListItem","position":2,"name":"Grammatica ucraina"}]},{"@type":"WebSite","@id":"https:\/\/talkpal.ai\/it\/#website","url":"https:\/\/talkpal.ai\/it\/","name":"Talkpal","description":"AI Language Learning","publisher":{"@id":"https:\/\/talkpal.ai\/it\/#organization"},"alternateName":"Talkpal AI","potentialAction":[{"@type":"SearchAction","target":{"@type":"EntryPoint","urlTemplate":"https:\/\/talkpal.ai\/it\/?s={search_term_string}"},"query-input":{"@type":"PropertyValueSpecification","valueRequired":true,"valueName":"search_term_string"}}],"inLanguage":"it-IT"},{"@type":"Organization","@id":"https:\/\/talkpal.ai\/it\/#organization","name":"Talkpal, Inc.","alternateName":"Talkpal AI","url":"https:\/\/talkpal.ai\/it\/","logo":{"@type":"ImageObject","inLanguage":"it-IT","@id":"https:\/\/talkpal.ai\/it\/#\/schema\/logo\/image\/","url":"https:\/\/talkpal.ai\/wp-content\/uploads\/2024\/03\/Talkpal-Logo-Icon.png","contentUrl":"https:\/\/talkpal.ai\/wp-content\/uploads\/2024\/03\/Talkpal-Logo-Icon.png","width":2880,"height":2880,"caption":"Talkpal, Inc."},"image":{"@id":"https:\/\/talkpal.ai\/it\/#\/schema\/logo\/image\/"},"sameAs":["https:\/\/www.facebook.com\/profile.php?id=100090733639311","https:\/\/x.com\/talkpalai","https:\/\/www.linkedin.com\/company\/talkpal\/","https:\/\/www.youtube.com\/@TalkPal\/","https:\/\/www.tiktok.com\/@talkpal","https:\/\/www.instagram.com\/talkpal_ai\/","https:\/\/www.crunchbase.com\/organization\/talkpal-9cde","https:\/\/www.g2.com\/products\/talkpal-for-business\/","https:\/\/www.trustpilot.com\/review\/talkpal.ai","https:\/\/www.capterra.com\/p\/10006800\/TalkPal\/"],"description":"Talkpal is a language learning web and mobile education app, powered by the latest AI technologies, that provides engaging experiences to its customers in many different languages to help them improve their language skills. Users can chat about unlimited amount of topics with the app and use other modes to practice their language learning.","email":"support@talkpal.ai","legalName":"Talkpal, Inc.","foundingDate":"2023-04-03","duns":"118989042","numberOfEmployees":{"@type":"QuantitativeValue","minValue":"11","maxValue":"50"},"publishingPrinciples":"https:\/\/talkpal.ai\/publishing-principles\/","actionableFeedbackPolicy":"https:\/\/talkpal.ai\/actionable-feedback-policy\/","correctionsPolicy":"https:\/\/talkpal.ai\/corrections-policy\/","ethicsPolicy":"https:\/\/talkpal.ai\/ethics-policy\/","diversityPolicy":"https:\/\/talkpal.ai\/diversity-policy\/","diversityStaffingReport":"https:\/\/talkpal.ai\/diversity-policy\/"}]}},"_links":{"self":[{"href":"https:\/\/talkpal.ai\/it\/wp-json\/wp\/v2\/pages\/131043","targetHints":{"allow":["GET"]}}],"collection":[{"href":"https:\/\/talkpal.ai\/it\/wp-json\/wp\/v2\/pages"}],"about":[{"href":"https:\/\/talkpal.ai\/it\/wp-json\/wp\/v2\/types\/page"}],"author":[{"embeddable":true,"href":"https:\/\/talkpal.ai\/it\/wp-json\/wp\/v2\/users\/1"}],"replies":[{"embeddable":true,"href":"https:\/\/talkpal.ai\/it\/wp-json\/wp\/v2\/comments?post=131043"}],"version-history":[{"count":0,"href":"https:\/\/talkpal.ai\/it\/wp-json\/wp\/v2\/pages\/131043\/revisions"}],"wp:featuredmedia":[{"embeddable":true,"href":"https:\/\/talkpal.ai\/it\/wp-json\/wp\/v2\/media\/11623"}],"wp:attachment":[{"href":"https:\/\/talkpal.ai\/it\/wp-json\/wp\/v2\/media?parent=131043"}],"curies":[{"name":"wp","href":"https:\/\/api.w.org\/{rel}","templated":true}]}}