{"id":130650,"date":"2023-05-14T13:53:07","date_gmt":"2023-05-14T13:53:07","guid":{"rendered":"http:\/\/talkpal.ai\/grammatica-svedese\/"},"modified":"2025-12-11T16:32:53","modified_gmt":"2025-12-11T16:32:53","slug":"grammatica-svedese","status":"publish","type":"page","link":"https:\/\/talkpal.ai\/it\/grammatica-svedese\/","title":{"rendered":"Grammatica svedese"},"content":{"rendered":"\r\n\r\n\r\n<section class=\"languageChallengeSection\">\r\n    <div class=\"languageInfoWrapper\">\r\n        \r\n        <h1>Grammatica svedese<\/h1>\r\n        <p>Scopri la bellezza della lingua <a href=\"https:\/\/talkpal.ai\/learn-swedish\/\">svedese<\/a> padroneggiando le sue regole grammaticali essenziali. Una solida conoscenza della <a href=\"https:\/\/talkpal.ai\/es\/gramatica-sueca\/\">grammatica svedese<\/a> ti permetter\u00e0 di comunicare con sicurezza e di entrare in contatto con la cultura svedese. Inizia a imparare la <a href=\"https:\/\/talkpal.ai\/grammar\/\">grammatica<\/a> svedese oggi stesso e fai il primo passo verso la fluidit\u00e0!<\/p>\r\n\r\n                            <a class=\"getStartedHidden\" href=\"https:\/\/app.talkpal.ai\/it\/signup?lng=\">Comincia<\/a>\r\n        \r\n    <\/div>\r\n\r\n    <figure>\r\n    <img decoding=\"async\" width=\"768\" height=\"768\" src=\"https:\/\/talkpal.ai\/wp-content\/uploads\/2023\/06\/swedish-768x768.png\" class=\"languageImage no-lazy\" alt=\"Default alt text\" fetchpriority=\"high\" sizes=\"(max-width: 768px) 150px, 768px\" srcset=\"https:\/\/talkpal.ai\/wp-content\/uploads\/2023\/06\/swedish-768x768.png 768w, https:\/\/talkpal.ai\/wp-content\/uploads\/2023\/06\/swedish-300x300.png 300w\" \/>\r\n    \r\n\r\n    <\/figure>\r\n\r\n            <a class=\"getStartedVisible\" href=\"https:\/\/app.talkpal.ai\/it\/signup?lng=\">Comincia<\/a>\r\n    \r\n<\/section>\r\n        <section class=\"grammarSection\">\r\n            <div class=\"grammarLinks\">\r\n                <a href=\"https:\/\/talkpal.ai\/it\/language\/aggettivi-grammatica-svedese\/\">Aggettivi <\/a><a href=\"https:\/\/talkpal.ai\/it\/language\/articoli-grammatica-svedese\/\">Articoli <\/a><a href=\"https:\/\/talkpal.ai\/it\/language\/avverbi-grammatica-svedese\/\">Avverbi <\/a><a href=\"https:\/\/talkpal.ai\/it\/language\/confronto-dei-tempi-grammatica-svedese\/\">Confronto dei tempi <\/a><a href=\"https:\/\/talkpal.ai\/it\/language\/congiuntivo-grammatica-svedese\/\">Congiuntivo <\/a><a href=\"https:\/\/talkpal.ai\/it\/language\/preposizioni-grammatica-svedese\/\">Preposizioni <\/a><a href=\"https:\/\/talkpal.ai\/it\/language\/pronomi-grammatica-svedese\/\">Pronomi <\/a><a href=\"https:\/\/talkpal.ai\/it\/language\/sostantivi-grammatica-svedese\/\">Sostantivi <\/a><a href=\"https:\/\/talkpal.ai\/it\/language\/struttura-della-frase-grammatica-svedese\/\">Struttura della frase <\/a><a href=\"https:\/\/talkpal.ai\/it\/language\/tempi-indicativi-grammatica-svedese\/\">Tempi Indicativi <\/a><a href=\"https:\/\/talkpal.ai\/it\/language\/verbi-grammatica-svedese\/\">Verbi <\/a>            <\/div>\r\n        <\/section>\r\n    <section class=\"promotionalBanner\">\r\n    <p class=\"promotionalText\">Il modo pi\u00f9 efficace per imparare una lingua<\/p>\r\n    <a class=\"promotionalLink\" href=\"https:\/\/app.talkpal.ai\/it\/signup?lng=\">Prova Talkpal gratuitamente<\/a>\r\n<\/section>\n<div class=\"wp-block-group pageContainerStyle\"><div class=\"wp-block-group__inner-container is-layout-constrained wp-block-group-is-layout-constrained\">\n<h2 class=\"wp-block-heading\" id=\"h-demystifying-swedish-grammar-a-comprehensive-guide-to-master-its-rules-and-nuances\">Demistificare la grammatica svedese: una guida completa per padroneggiarne le regole e le sfumature<\/h2>\n\n\n\n<p>Lo svedese, parlato da circa 10 milioni di persone, \u00e8 una lingua ricca e melodica appartenente alla famiglia germanica settentrionale. Sebbene la grammatica svedese sia relativamente semplice rispetto ad altre lingue, comprenderne le regole e la struttura \u00e8 fondamentale per migliorare la tua competenza linguistica. In questo articolo ti guideremo attraverso gli aspetti fondamentali della grammatica svedese e ti forniremo consigli utili per migliorare le tue conoscenze della lingua svedese.<\/p>\n\n\n\n<h3 class=\"wp-block-heading\" id=\"h-essential-components-of-swedish-grammar\">Componenti essenziali della grammatica svedese:<\/h3>\n\n\n\n<p>La grammatica svedese condivide somiglianze con la <a href=\"https:\/\/talkpal.ai\/english-grammar\/\">grammatica inglese<\/a>, rendendola pi\u00f9 facile da imparare per gli anglofoni. Ecco alcuni aspetti critici della grammatica svedese con cui vale la pena familiarizzare:<\/p>\n\n\n\n<p><strong>1. Sostantivi: I sostantivi<\/strong> svedesi sono divisi in due generi grammaticali: comune (en) e neutro (ett). Ogni sostantivo appartiene a una di queste categorie, che \u00e8 importante considerare quando si usano articoli indeterminativi e determinativi. I sostantivi svedesi hanno anche forme plurali, con diversi modelli distinti da ricordare.<\/p>\n\n\n\n<p><strong>2. Aggettivi:<\/strong> Gli aggettivi in svedese concordano con il genere del sostantivo. A seconda del genere del sostantivo, ci sono tre forme di aggettivi: positivo, <a href=\"https:\/\/talkpal.ai\/pt-pt\/grammar_exercises\/comparacao-de-adjetivos-comparativo-e-superlativo-exercicios-de-gramatica-croata\/\">comparativo e superlativo<\/a>. Gli aggettivi concordano anche nel numero (singolare o <a href=\"https:\/\/talkpal.ai\/zh-hans\/grammar_exercises\/plurale-%e6%84%8f%e5%a4%a7%e5%88%a9%e8%af%ad%e6%b3%95%e7%bb%83%e4%b9%a0\/\">plurale<\/a>).<\/p>\n\n\n\n<p><strong>3. Verbi:<\/strong> I verbi svedesi sono classificati in quattro gruppi, ognuno con il suo modello di coniugazione. I verbi vengono coniugati in base al tempo (<a href=\"https:\/\/talkpal.ai\/zh-hans\/grammar_exercises\/presente-%e8%a5%bf%e7%8f%ad%e7%89%99%e8%af%ad%e6%b3%95%e7%bb%83%e4%b9%a0\/\">presente<\/a>, passato o futuro) ma non in base al soggetto, come in inglese. Invece, le forme verbali svedesi rimangono coerenti indipendentemente dal soggetto. Inoltre, i verbi svedesi non hanno forme continue (cio\u00e8 -ing) come in inglese.<\/p>\n\n\n\n<p>4. Struttura della frase: la struttura <strong>della frase<\/strong> svedese \u00e8 tipicamente Soggetto-Verbo-Oggetto (SVO), proprio come l&#8217;inglese. Tuttavia, lo svedese usa spesso la regola dell&#8217;ordine delle parole V2, in cui il verbo appare in seconda posizione nelle frasi dichiarative e nelle domande.<\/p>\n\n\n\n<h3 class=\"wp-block-heading\" id=\"h-tips-for-learning-swedish-grammar\">Suggerimenti per imparare la grammatica svedese:<\/h3>\n\n\n\n<p>Per rendere pi\u00f9 agevole il tuo percorso di apprendimento della grammatica svedese, ecco alcuni consigli pratici da seguire:<\/p>\n\n\n\n<p><strong>1. Esercitati regolarmente:<\/strong> la coerenza \u00e8 fondamentale. Dedica del tempo ogni giorno o settimana per esercitarti con esercizi di grammatica, lettura e scrittura in svedese.<\/p>\n\n\n\n<p><strong>2. Usa risorse native:<\/strong> Immergiti in materiali nativi svedesi come letteratura, articoli di notizie e podcast. Questo non solo ti aiuter\u00e0 a capire la grammatica svedese nel contesto, ma migliorer\u00e0 anche le tue capacit\u00e0 di lettura e ascolto.<\/p>\n\n\n\n<p><strong>3. Impara i generi e i plurali<\/strong> dei sostantivi: Memorizzare il genere (en o ett) e le forme plurali dei sostantivi svedesi \u00e8 fondamentale. Esercitarsi nel tempo alla fine ti aiuter\u00e0 a interiorizzare queste regole.<\/p>\n\n\n\n<p>4. Connettiti con madrelingua: Partecipare a conversazioni <strong>con madrelingua<\/strong> svedesi ti consentir\u00e0 di praticare la grammatica e ricevere feedback preziosi. Prendi in considerazione l&#8217;idea di unirti a gruppi di scambio linguistico o forum online per entrare in contatto con persone di lingua svedese.<\/p>\n\n\n\n<p><strong>5. Sii paziente e persistente:<\/strong> Ricorda che l&#8217;apprendimento della grammatica \u00e8 un processo. Rimani impegnato, continua a esercitarti e celebra i progressi lungo il percorso.<\/p>\n\n\n\n<h2 class=\"wp-block-heading\" id=\"h-conclusion\">Conclusione:<\/h2>\n\n\n\n<p>La grammatica svedese, anche se apparentemente complessa, pu\u00f2 essere padroneggiata con dedizione e comprensione delle sue componenti integrali. Seguendo i nostri suggerimenti e immergendoti nella lingua, assisterai a un costante miglioramento della tua conoscenza dello svedese. Accetta la sfida e goditi il viaggio verso la padronanza grammaticale svedese!<\/p>\n<\/div><\/div>\n\r\n<section class=\"learnNavigationSection\">\r\n            \r\n        <a href=\"https:\/\/talkpal.ai\/it\/imparare-lo-svedese\/\">\r\n            <div class=\"learnNavigationWrapper\">\r\n                <div class=\"learnNavigationContent\">\r\n                    <img decoding=\"async\" src=\"https:\/\/talkpal.ai\/wp-content\/uploads\/2024\/08\/Swedish.jpg\" alt=\"Swedish Flag\">\r\n                    <div>\r\n                        <h4>Informazioni sull&#039;apprendimento svedese<\/h4>\r\n                        <p>Scopri tutto sulla grammatica svedese.<\/p>\r\n                    <\/div>\r\n                <\/div>\r\n            <\/div>\r\n        <\/a>\r\n\r\n        \r\n        <a href=\"https:\/\/talkpal.ai\/it\/esercizi-di-grammatica-svedese\/\">\r\n            <div class=\"learnNavigationWrapper\">\r\n                <div class=\"learnNavigationContent\">\r\n                    <img decoding=\"async\" src=\"https:\/\/talkpal.ai\/wp-content\/uploads\/2024\/08\/Swedish.jpg\" alt=\"Swedish Flag\">\r\n                    <div>\r\n                        <h4>Esercizio di grammatica svedese<\/h4>\r\n                        <p>Pratica la grammatica svedese.<\/p>\r\n                    <\/div>\r\n                <\/div>\r\n            <\/div>\r\n        <\/a>\r\n\r\n        \r\n        <a href=\"https:\/\/talkpal.ai\/vocabulary_language\/swedish\/\">\r\n            <div class=\"learnNavigationWrapper\">\r\n                <div class=\"learnNavigationContent\">\r\n                    <img decoding=\"async\" src=\"https:\/\/talkpal.ai\/wp-content\/uploads\/2024\/08\/Swedish.jpg\" alt=\"Swedish Flag\">\r\n                    <div>\r\n                        <h4>Vocabolario svedese<\/h4>\r\n                        <p>Amplia il tuo vocabolario svedese.<\/p>\r\n                    <\/div>\r\n                <\/div>\r\n            <\/div>\r\n        <\/a>\r\n\r\n            <\/section>","protected":false},"excerpt":{"rendered":"<p>Demistificare la grammatica svedese: una guida completa per padroneggiarne le regole e le sfumature Lo svedese, parlato da circa 10 milioni di persone, \u00e8 una lingua ricca e melodica appartenente alla famiglia germanica settentrionale. Sebbene la grammatica svedese sia relativamente semplice rispetto ad altre lingue, comprenderne le regole e la struttura \u00e8 fondamentale per migliorare [&hellip;]<\/p>\n","protected":false},"author":1,"featured_media":11616,"parent":0,"menu_order":0,"comment_status":"closed","ping_status":"closed","template":"LearningContentPage.php","meta":{"_acf_changed":false,"footnotes":""},"class_list":["post-130650","page","type-page","status-publish","has-post-thumbnail","hentry"],"acf":[],"yoast_head":"<!-- This site is optimized with the Yoast SEO Premium plugin v27.2 (Yoast SEO v27.2) - https:\/\/yoast.com\/product\/yoast-seo-premium-wordpress\/ -->\n<title>Grammatica svedese - Talkpal<\/title>\n<meta name=\"description\" content=\"Scopri i segreti della grammatica svedese per migliorare le tue conoscenze linguistiche con regole fondamentali e consigli utili.\" \/>\n<meta name=\"robots\" content=\"index, follow, max-snippet:-1, max-image-preview:large, max-video-preview:-1\" \/>\n<link rel=\"canonical\" href=\"https:\/\/talkpal.ai\/it\/grammatica-svedese\/\" \/>\n<meta property=\"og:locale\" content=\"it_IT\" \/>\n<meta property=\"og:type\" content=\"article\" \/>\n<meta property=\"og:title\" content=\"Grammatica svedese\" \/>\n<meta property=\"og:description\" content=\"Demistificare la grammatica svedese: una guida completa per padroneggiarne le regole e le sfumature Lo svedese, parlato da circa 10 milioni di persone, \u00e8\" \/>\n<meta property=\"og:url\" content=\"https:\/\/talkpal.ai\/it\/grammatica-svedese\/\" \/>\n<meta property=\"og:site_name\" content=\"Talkpal\" \/>\n<meta property=\"article:publisher\" content=\"https:\/\/www.facebook.com\/profile.php?id=100090733639311\" \/>\n<meta property=\"article:modified_time\" content=\"2025-12-11T16:32:53+00:00\" \/>\n<meta property=\"og:image\" content=\"https:\/\/talkpal.ai\/wp-content\/uploads\/2023\/04\/sweden.png\" \/>\n\t<meta property=\"og:image:width\" content=\"512\" \/>\n\t<meta property=\"og:image:height\" content=\"512\" \/>\n\t<meta property=\"og:image:type\" content=\"image\/png\" \/>\n<meta name=\"twitter:card\" content=\"summary_large_image\" \/>\n<meta name=\"twitter:site\" content=\"@talkpalai\" \/>\n<meta name=\"twitter:label1\" content=\"Tempo di lettura stimato\" \/>\n\t<meta name=\"twitter:data1\" content=\"3 minuti\" \/>\n<script type=\"application\/ld+json\" class=\"yoast-schema-graph\">{\"@context\":\"https:\/\/schema.org\",\"@graph\":[{\"@type\":\"WebPage\",\"@id\":\"https:\/\/talkpal.ai\/it\/grammatica-svedese\/\",\"url\":\"https:\/\/talkpal.ai\/it\/grammatica-svedese\/\",\"name\":\"Grammatica svedese - Talkpal\",\"isPartOf\":{\"@id\":\"https:\/\/talkpal.ai\/it\/#website\"},\"primaryImageOfPage\":{\"@id\":\"https:\/\/talkpal.ai\/it\/grammatica-svedese\/#primaryimage\"},\"image\":{\"@id\":\"https:\/\/talkpal.ai\/it\/grammatica-svedese\/#primaryimage\"},\"thumbnailUrl\":\"https:\/\/talkpal.ai\/wp-content\/uploads\/2023\/04\/sweden.png\",\"datePublished\":\"2023-05-14T13:53:07+00:00\",\"dateModified\":\"2025-12-11T16:32:53+00:00\",\"description\":\"Scopri i segreti della grammatica svedese per migliorare le tue conoscenze linguistiche con regole fondamentali e consigli utili.\",\"breadcrumb\":{\"@id\":\"https:\/\/talkpal.ai\/it\/grammatica-svedese\/#breadcrumb\"},\"inLanguage\":\"it-IT\",\"potentialAction\":[{\"@type\":\"ReadAction\",\"target\":[\"https:\/\/talkpal.ai\/it\/grammatica-svedese\/\"]}]},{\"@type\":\"ImageObject\",\"inLanguage\":\"it-IT\",\"@id\":\"https:\/\/talkpal.ai\/it\/grammatica-svedese\/#primaryimage\",\"url\":\"https:\/\/talkpal.ai\/wp-content\/uploads\/2023\/04\/sweden.png\",\"contentUrl\":\"https:\/\/talkpal.ai\/wp-content\/uploads\/2023\/04\/sweden.png\",\"width\":512,\"height\":512},{\"@type\":\"BreadcrumbList\",\"@id\":\"https:\/\/talkpal.ai\/it\/grammatica-svedese\/#breadcrumb\",\"itemListElement\":[{\"@type\":\"ListItem\",\"position\":1,\"name\":\"Homepage\",\"item\":\"https:\/\/talkpal.ai\/it\/\"},{\"@type\":\"ListItem\",\"position\":2,\"name\":\"Grammatica svedese\"}]},{\"@type\":\"WebSite\",\"@id\":\"https:\/\/talkpal.ai\/it\/#website\",\"url\":\"https:\/\/talkpal.ai\/it\/\",\"name\":\"Talkpal\",\"description\":\"AI Language Learning\",\"publisher\":{\"@id\":\"https:\/\/talkpal.ai\/it\/#organization\"},\"alternateName\":\"Talkpal AI\",\"potentialAction\":[{\"@type\":\"SearchAction\",\"target\":{\"@type\":\"EntryPoint\",\"urlTemplate\":\"https:\/\/talkpal.ai\/it\/?s={search_term_string}\"},\"query-input\":{\"@type\":\"PropertyValueSpecification\",\"valueRequired\":true,\"valueName\":\"search_term_string\"}}],\"inLanguage\":\"it-IT\"},{\"@type\":\"Organization\",\"@id\":\"https:\/\/talkpal.ai\/it\/#organization\",\"name\":\"Talkpal, Inc.\",\"alternateName\":\"Talkpal AI\",\"url\":\"https:\/\/talkpal.ai\/it\/\",\"logo\":{\"@type\":\"ImageObject\",\"inLanguage\":\"it-IT\",\"@id\":\"https:\/\/talkpal.ai\/it\/#\/schema\/logo\/image\/\",\"url\":\"https:\/\/talkpal.ai\/wp-content\/uploads\/2024\/03\/Talkpal-Logo-Icon.png\",\"contentUrl\":\"https:\/\/talkpal.ai\/wp-content\/uploads\/2024\/03\/Talkpal-Logo-Icon.png\",\"width\":2880,\"height\":2880,\"caption\":\"Talkpal, Inc.\"},\"image\":{\"@id\":\"https:\/\/talkpal.ai\/it\/#\/schema\/logo\/image\/\"},\"sameAs\":[\"https:\/\/www.facebook.com\/profile.php?id=100090733639311\",\"https:\/\/x.com\/talkpalai\",\"https:\/\/www.linkedin.com\/company\/talkpal\/\",\"https:\/\/www.youtube.com\/@TalkPal\/\",\"https:\/\/www.tiktok.com\/@talkpal\",\"https:\/\/www.instagram.com\/talkpal_ai\/\",\"https:\/\/www.crunchbase.com\/organization\/talkpal-9cde\",\"https:\/\/www.g2.com\/products\/talkpal-for-business\/\",\"https:\/\/www.trustpilot.com\/review\/talkpal.ai\",\"https:\/\/www.capterra.com\/p\/10006800\/TalkPal\/\"],\"description\":\"Talkpal is a language learning web and mobile education app, powered by the latest AI technologies, that provides engaging experiences to its customers in many different languages to help them improve their language skills. Users can chat about unlimited amount of topics with the app and use other modes to practice their language learning.\",\"email\":\"support@talkpal.ai\",\"legalName\":\"Talkpal, Inc.\",\"foundingDate\":\"2023-04-03\",\"duns\":\"118989042\",\"numberOfEmployees\":{\"@type\":\"QuantitativeValue\",\"minValue\":\"11\",\"maxValue\":\"50\"},\"publishingPrinciples\":\"https:\/\/talkpal.ai\/publishing-principles\/\",\"actionableFeedbackPolicy\":\"https:\/\/talkpal.ai\/actionable-feedback-policy\/\",\"correctionsPolicy\":\"https:\/\/talkpal.ai\/corrections-policy\/\",\"ethicsPolicy\":\"https:\/\/talkpal.ai\/ethics-policy\/\",\"diversityPolicy\":\"https:\/\/talkpal.ai\/diversity-policy\/\",\"diversityStaffingReport\":\"https:\/\/talkpal.ai\/diversity-policy\/\"}]}<\/script>\n<!-- \/ Yoast SEO Premium plugin. -->","yoast_head_json":{"title":"Grammatica svedese - Talkpal","description":"Scopri i segreti della grammatica svedese per migliorare le tue conoscenze linguistiche con regole fondamentali e consigli utili.","robots":{"index":"index","follow":"follow","max-snippet":"max-snippet:-1","max-image-preview":"max-image-preview:large","max-video-preview":"max-video-preview:-1"},"canonical":"https:\/\/talkpal.ai\/it\/grammatica-svedese\/","og_locale":"it_IT","og_type":"article","og_title":"Grammatica svedese","og_description":"Demistificare la grammatica svedese: una guida completa per padroneggiarne le regole e le sfumature Lo svedese, parlato da circa 10 milioni di persone, \u00e8","og_url":"https:\/\/talkpal.ai\/it\/grammatica-svedese\/","og_site_name":"Talkpal","article_publisher":"https:\/\/www.facebook.com\/profile.php?id=100090733639311","article_modified_time":"2025-12-11T16:32:53+00:00","og_image":[{"width":512,"height":512,"url":"https:\/\/talkpal.ai\/wp-content\/uploads\/2023\/04\/sweden.png","type":"image\/png"}],"twitter_card":"summary_large_image","twitter_site":"@talkpalai","twitter_misc":{"Tempo di lettura stimato":"3 minuti"},"schema":{"@context":"https:\/\/schema.org","@graph":[{"@type":"WebPage","@id":"https:\/\/talkpal.ai\/it\/grammatica-svedese\/","url":"https:\/\/talkpal.ai\/it\/grammatica-svedese\/","name":"Grammatica svedese - Talkpal","isPartOf":{"@id":"https:\/\/talkpal.ai\/it\/#website"},"primaryImageOfPage":{"@id":"https:\/\/talkpal.ai\/it\/grammatica-svedese\/#primaryimage"},"image":{"@id":"https:\/\/talkpal.ai\/it\/grammatica-svedese\/#primaryimage"},"thumbnailUrl":"https:\/\/talkpal.ai\/wp-content\/uploads\/2023\/04\/sweden.png","datePublished":"2023-05-14T13:53:07+00:00","dateModified":"2025-12-11T16:32:53+00:00","description":"Scopri i segreti della grammatica svedese per migliorare le tue conoscenze linguistiche con regole fondamentali e consigli utili.","breadcrumb":{"@id":"https:\/\/talkpal.ai\/it\/grammatica-svedese\/#breadcrumb"},"inLanguage":"it-IT","potentialAction":[{"@type":"ReadAction","target":["https:\/\/talkpal.ai\/it\/grammatica-svedese\/"]}]},{"@type":"ImageObject","inLanguage":"it-IT","@id":"https:\/\/talkpal.ai\/it\/grammatica-svedese\/#primaryimage","url":"https:\/\/talkpal.ai\/wp-content\/uploads\/2023\/04\/sweden.png","contentUrl":"https:\/\/talkpal.ai\/wp-content\/uploads\/2023\/04\/sweden.png","width":512,"height":512},{"@type":"BreadcrumbList","@id":"https:\/\/talkpal.ai\/it\/grammatica-svedese\/#breadcrumb","itemListElement":[{"@type":"ListItem","position":1,"name":"Homepage","item":"https:\/\/talkpal.ai\/it\/"},{"@type":"ListItem","position":2,"name":"Grammatica svedese"}]},{"@type":"WebSite","@id":"https:\/\/talkpal.ai\/it\/#website","url":"https:\/\/talkpal.ai\/it\/","name":"Talkpal","description":"AI Language Learning","publisher":{"@id":"https:\/\/talkpal.ai\/it\/#organization"},"alternateName":"Talkpal AI","potentialAction":[{"@type":"SearchAction","target":{"@type":"EntryPoint","urlTemplate":"https:\/\/talkpal.ai\/it\/?s={search_term_string}"},"query-input":{"@type":"PropertyValueSpecification","valueRequired":true,"valueName":"search_term_string"}}],"inLanguage":"it-IT"},{"@type":"Organization","@id":"https:\/\/talkpal.ai\/it\/#organization","name":"Talkpal, Inc.","alternateName":"Talkpal AI","url":"https:\/\/talkpal.ai\/it\/","logo":{"@type":"ImageObject","inLanguage":"it-IT","@id":"https:\/\/talkpal.ai\/it\/#\/schema\/logo\/image\/","url":"https:\/\/talkpal.ai\/wp-content\/uploads\/2024\/03\/Talkpal-Logo-Icon.png","contentUrl":"https:\/\/talkpal.ai\/wp-content\/uploads\/2024\/03\/Talkpal-Logo-Icon.png","width":2880,"height":2880,"caption":"Talkpal, Inc."},"image":{"@id":"https:\/\/talkpal.ai\/it\/#\/schema\/logo\/image\/"},"sameAs":["https:\/\/www.facebook.com\/profile.php?id=100090733639311","https:\/\/x.com\/talkpalai","https:\/\/www.linkedin.com\/company\/talkpal\/","https:\/\/www.youtube.com\/@TalkPal\/","https:\/\/www.tiktok.com\/@talkpal","https:\/\/www.instagram.com\/talkpal_ai\/","https:\/\/www.crunchbase.com\/organization\/talkpal-9cde","https:\/\/www.g2.com\/products\/talkpal-for-business\/","https:\/\/www.trustpilot.com\/review\/talkpal.ai","https:\/\/www.capterra.com\/p\/10006800\/TalkPal\/"],"description":"Talkpal is a language learning web and mobile education app, powered by the latest AI technologies, that provides engaging experiences to its customers in many different languages to help them improve their language skills. Users can chat about unlimited amount of topics with the app and use other modes to practice their language learning.","email":"support@talkpal.ai","legalName":"Talkpal, Inc.","foundingDate":"2023-04-03","duns":"118989042","numberOfEmployees":{"@type":"QuantitativeValue","minValue":"11","maxValue":"50"},"publishingPrinciples":"https:\/\/talkpal.ai\/publishing-principles\/","actionableFeedbackPolicy":"https:\/\/talkpal.ai\/actionable-feedback-policy\/","correctionsPolicy":"https:\/\/talkpal.ai\/corrections-policy\/","ethicsPolicy":"https:\/\/talkpal.ai\/ethics-policy\/","diversityPolicy":"https:\/\/talkpal.ai\/diversity-policy\/","diversityStaffingReport":"https:\/\/talkpal.ai\/diversity-policy\/"}]}},"_links":{"self":[{"href":"https:\/\/talkpal.ai\/it\/wp-json\/wp\/v2\/pages\/130650","targetHints":{"allow":["GET"]}}],"collection":[{"href":"https:\/\/talkpal.ai\/it\/wp-json\/wp\/v2\/pages"}],"about":[{"href":"https:\/\/talkpal.ai\/it\/wp-json\/wp\/v2\/types\/page"}],"author":[{"embeddable":true,"href":"https:\/\/talkpal.ai\/it\/wp-json\/wp\/v2\/users\/1"}],"replies":[{"embeddable":true,"href":"https:\/\/talkpal.ai\/it\/wp-json\/wp\/v2\/comments?post=130650"}],"version-history":[{"count":0,"href":"https:\/\/talkpal.ai\/it\/wp-json\/wp\/v2\/pages\/130650\/revisions"}],"wp:featuredmedia":[{"embeddable":true,"href":"https:\/\/talkpal.ai\/it\/wp-json\/wp\/v2\/media\/11616"}],"wp:attachment":[{"href":"https:\/\/talkpal.ai\/it\/wp-json\/wp\/v2\/media?parent=130650"}],"curies":[{"name":"wp","href":"https:\/\/api.w.org\/{rel}","templated":true}]}}