{"id":129983,"date":"2023-05-14T13:51:46","date_gmt":"2023-05-14T13:51:46","guid":{"rendered":"http:\/\/talkpal.ai\/grammatica-portoghese\/"},"modified":"2025-12-11T16:47:26","modified_gmt":"2025-12-11T16:47:26","slug":"grammatica-portoghese","status":"publish","type":"page","link":"https:\/\/talkpal.ai\/it\/grammatica-portoghese\/","title":{"rendered":"Grammatica portoghese"},"content":{"rendered":"\r\n\r\n\r\n<section class=\"languageChallengeSection\">\r\n    <div class=\"languageInfoWrapper\">\r\n        \r\n        <h1>Grammatica portoghese<\/h1>\r\n        <p>Esplora gli elementi essenziali della <a href=\"https:\/\/talkpal.ai\/es\/gramatica-portuguesa\/\">grammatica portoghese<\/a> e apri un mondo di opportunit\u00e0 per entrare in contatto con milioni di parlanti in tutto il mondo. Imparando a conoscere le regole e le strutture principali, sarai pronto a comunicare con sicurezza e a godere appieno della cultura <a href=\"https:\/\/talkpal.ai\/learn-portuguese\/\">portoghese<\/a>. Inizia a imparare la <a href=\"https:\/\/talkpal.ai\/grammar\/\">grammatica<\/a> portoghese oggi stesso e fai il primo passo verso la fluidit\u00e0!<\/p>\r\n\r\n                            <a class=\"getStartedHidden\" href=\"https:\/\/app.talkpal.ai\/it\/signup?lng=\">Comincia<\/a>\r\n        \r\n    <\/div>\r\n\r\n    <figure>\r\n    <img decoding=\"async\" width=\"768\" height=\"768\" src=\"https:\/\/talkpal.ai\/wp-content\/uploads\/2023\/06\/portuguese-768x768.png\" class=\"languageImage no-lazy\" alt=\"Default alt text\" fetchpriority=\"high\" sizes=\"(max-width: 768px) 150px, 768px\" srcset=\"https:\/\/talkpal.ai\/wp-content\/uploads\/2023\/06\/portuguese-768x768.png 768w, https:\/\/talkpal.ai\/wp-content\/uploads\/2023\/06\/portuguese-300x300.png 300w\" \/>\r\n    \r\n\r\n    <\/figure>\r\n\r\n            <a class=\"getStartedVisible\" href=\"https:\/\/app.talkpal.ai\/it\/signup?lng=\">Comincia<\/a>\r\n    \r\n<\/section>\r\n        <section class=\"grammarSection\">\r\n            <div class=\"grammarLinks\">\r\n                <a href=\"https:\/\/talkpal.ai\/it\/language\/aggettivi-grammatica-portoghese\/\">Aggettivi <\/a><a href=\"https:\/\/talkpal.ai\/it\/language\/articoli-grammatica-portoghese\/\">Articoli <\/a><a href=\"https:\/\/talkpal.ai\/it\/language\/avverbi-grammatica-portoghese\/\">Avverbi <\/a><a href=\"https:\/\/talkpal.ai\/it\/language\/confronto-dei-tempi-grammatica-portoghese\/\">Confronto dei tempi <\/a><a href=\"https:\/\/talkpal.ai\/it\/language\/congiuntivo-grammatica-portoghese\/\">Congiuntivo <\/a><a href=\"https:\/\/talkpal.ai\/it\/language\/preposizioni-grammatica-portoghese\/\">Preposizioni <\/a><a href=\"https:\/\/talkpal.ai\/it\/language\/pronomi-grammatica-portoghese\/\">Pronomi <\/a><a href=\"https:\/\/talkpal.ai\/it\/language\/sostantivi-grammatica-portoghese\/\">Sostantivi <\/a><a href=\"https:\/\/talkpal.ai\/it\/language\/struttura-della-frase-grammatica-portoghese\/\">Struttura della frase <\/a><a href=\"https:\/\/talkpal.ai\/it\/language\/tempi-indicativi-grammatica-portoghese\/\">Tempi Indicativi <\/a><a href=\"https:\/\/talkpal.ai\/it\/language\/verbi-grammatica-portoghese\/\">Verbi <\/a>            <\/div>\r\n        <\/section>\r\n    <section class=\"promotionalBanner\">\r\n    <p class=\"promotionalText\">Il modo pi\u00f9 efficace per imparare una lingua<\/p>\r\n    <a class=\"promotionalLink\" href=\"https:\/\/app.talkpal.ai\/it\/signup?lng=\">Prova Talkpal gratuitamente<\/a>\r\n<\/section>\n<div class=\"wp-block-group pageContainerStyle\"><div class=\"wp-block-group__inner-container is-layout-constrained wp-block-group-is-layout-constrained\">\n<h2 class=\"wp-block-heading\" id=\"h-a-beginner-s-guide-to-understanding-portuguese-grammar\">Guida per principianti alla comprensione della grammatica portoghese<\/h2>\n\n\n\n<p>Se stai pianificando un viaggio in Portogallo o semplicemente sei interessato a padroneggiare una nuova lingua, imparare il portoghese pu\u00f2 essere un&#8217;esperienza entusiasmante e gratificante. Un aspetto essenziale dell&#8217;apprendimento della <a href=\"https:\/\/talkpal.ai\/it\/corsi-di-lingua-portoghese\/\">lingua portoghese<\/a>, come di qualsiasi altro, \u00e8 la comprensione della sua grammatica. Questo articolo ti guider\u00e0 attraverso le basi della grammatica portoghese, fornendoti suggerimenti e approfondimenti essenziali per aiutarti a navigare e comunicare senza sforzo. Quindi, se stavi aspettando di tuffarti nel mondo del portoghese, iniziamo!<\/p>\n\n\n\n<h3 class=\"wp-block-heading\" id=\"h-1-the-basics-nouns-pronouns-and-articles\">1. Le basi: sostantivi, pronomi e articoli<\/h3>\n\n\n\n<p>Come in <a href=\"https:\/\/talkpal.ai\/learn-english-with-ai\/\">inglese<\/a>, la grammatica portoghese \u00e8 costruita attorno a sostantivi, pronomi e articoli. I sostantivi in portoghese possono essere maschili o femminili ed \u00e8 importante stabilire il genere per una corretta formazione delle frasi. Per esempio, &#8220;o menino&#8221; si traduce in &#8220;il ragazzo&#8221;, mentre &#8220;a menina&#8221; in &#8220;la ragazza&#8221;.<\/p>\n\n\n\n<p>I pronomi in portoghese, come l&#8217;inglese, fungono da sostituti dei sostantivi. Anche loro hanno un genere. I <a href=\"https:\/\/talkpal.ai\/ar\/grammar_exercises\/pronomi-personali-%d8%aa%d9%85%d8%a7%d8%b1%d9%8a%d9%86-%d9%84%d9%84%d9%82%d9%88%d8%a7%d8%b9%d8%af-%d8%a7%d9%84%d8%a5%d9%8a%d8%b7%d8%a7%d9%84%d9%8a%d8%a9\/\">pronomi personali<\/a> includono eu (io), voc\u00ea\/tu (tu), ele\/ela (lui\/lei), n\u00f3s (noi) e eles\/elas (loro).<\/p>\n\n\n\n<p>Anche gli articoli determinativi (il) e gli indeterminativi (a\/an) sono specifici del genere e sono essenziali per una corretta costruzione della frase. In portoghese, gli articoli definitivi sono &#8220;o&#8221; (maschile) e &#8220;a&#8221; (femminile), mentre gli articoli indefiniti sono &#8220;um&#8221; (maschile) e &#8220;uma&#8221; (femminile).<\/p>\n\n\n\n<h3 class=\"wp-block-heading\" id=\"h-2-adjectives-and-adverbs-add-spice-to-your-sentences\">2. Aggettivi e avverbi: aggiungi pepe alle tue frasi<\/h3>\n\n\n\n<p>Gli aggettivi sono parole che descrivono o modificano i sostantivi e, come i sostantivi, hanno un genere. Di solito, gli aggettivi che terminano in &#8220;o&#8221; sono maschili, mentre quelli che terminano in &#8220;a&#8221; sono femminili. \u00c8 fondamentale abbinare il genere dell&#8217;aggettivo al sostantivo che sta descrivendo. Ad esempio, &#8220;homem alto&#8221; significa &#8220;uomo alto&#8221;, mentre &#8220;mulher alta&#8221; significa &#8220;donna alta&#8221;.<\/p>\n\n\n\n<p>Gli avverbi, d&#8217;altra parte, modificano verbi, aggettivi o altri avverbi. In portoghese, gli avverbi di solito non hanno forme specifiche per il genere. Alcuni avverbi comuni sono &#8220;rapidamente&#8221;, &#8220;lentamente&#8221; e &#8220;sempre&#8221;.<\/p>\n\n\n\n<h3 class=\"wp-block-heading\" id=\"h-3-verbs-the-action-words\">3. Verbi: le parole d&#8217;azione<\/h3>\n\n\n\n<p>I verbi portoghesi sono classificati in tre gruppi di coniugazione (-ar, -er, -ir) e le loro forme cambiano a seconda del tempo e del soggetto. Ecco alcuni tempi essenziali che dovrai conoscere:<\/p>\n\n\n\n<p>&#8211; Tempo presente (Presente): Descrive azioni che avvengono ora o azioni abituali.<br\/>&#8211; Tempo passato (Pret\u00e9rito): Descrive azioni avvenute nel passato. Ne esistono di due tipi: Pret\u00e9rito Perfeito (passato prossimo) e Pret\u00e9rito Imperfeito (passato continuo).<br\/>&#8211; Tesi futura (Futuro): Descrive azioni che avverranno in futuro.<\/p>\n\n\n\n<p>Padroneggiare la coniugazione dei verbi pu\u00f2 essere una sfida in portoghese, ma la pratica e la costanza ti aiuteranno a coglierla in modo pi\u00f9 efficiente.<\/p>\n\n\n\n<h3 class=\"wp-block-heading\" id=\"h-4-word-order-building-understandable-sentences\">4. Ordine delle parole: costruire frasi comprensibili<\/h3>\n\n\n\n<p>La tipica struttura della frase portoghese segue l&#8217;ordine Soggetto-Verbo-Oggetto (SVO). Ad esempio, la frase &#8220;Eu amo pizza&#8221; (&#8220;Amo la pizza&#8221;) segue questo schema. Tuttavia, la grammatica portoghese pu\u00f2 essere abbastanza flessibile e potresti incontrare variazioni nell&#8217;ordine delle parole, specialmente nella letteratura o nelle conversazioni informali. Il contesto e il buon senso sono cruciali per comprendere queste variazioni.<\/p>\n\n\n\n<h3 class=\"wp-block-heading\" id=\"h-5-negation-and-interrogation-say-no-and-ask-questions\">5. Negazione e interrogatorio: dire di no e fare domande<\/h3>\n\n\n\n<p>Per negare una frase in portoghese \u00e8 sufficiente anteporre la parola &#8220;n\u00e3o&#8221; al verbo. Ad esempio, &#8220;Eu n\u00e3o falo portugu\u00eas&#8221; significa &#8220;Non parlo portoghese&#8221;.<\/p>\n\n\n\n<p>Per trasformare un&#8217;affermazione in una domanda in portoghese, puoi cambiare l&#8217;ordine delle parole o utilizzare una parola interrogativa (come &#8220;quem&#8221; per &#8220;chi&#8221;, &#8220;o que&#8221; per &#8220;cosa&#8221; o &#8220;onde&#8221; per &#8220;dove&#8221;). Ad esempio, &#8220;Voc\u00ea fala ingl\u00eas?&#8221; si traduce con &#8220;Parli inglese?&#8221;.<\/p>\n\n\n\n<h3 class=\"wp-block-heading\" id=\"h-conclusion\">Conclusione<\/h3>\n\n\n\n<p>Imparare la grammatica portoghese pu\u00f2 sembrare scoraggiante, ma non scoraggiarti! Ogni lingua ha le sue complessit\u00e0, ma con costanza, pratica e un po&#8217; di pazienza, ti ritroverai a comunicare con sicurezza ed efficacia. Tieni presente che l&#8217;apprendimento della grammatica \u00e8 solo una parte dell&#8217;acquisizione della lingua e dovresti anche esercitarti ad ascoltare, parlare e leggere in portoghese. Boa sorte! (Buona fortuna!)<\/p>\n<\/div><\/div>\n\r\n<section class=\"learnNavigationSection\">\r\n            \r\n        <a href=\"https:\/\/talkpal.ai\/it\/imparare-il-portoghese\/\">\r\n            <div class=\"learnNavigationWrapper\">\r\n                <div class=\"learnNavigationContent\">\r\n                    <img decoding=\"async\" src=\"https:\/\/talkpal.ai\/wp-content\/uploads\/2024\/08\/Portuguese.jpg\" alt=\"Portuguese Flag\">\r\n                    <div>\r\n                        <h4>Informazioni su Portugal Learning<\/h4>\r\n                        <p>Scopri tutto sulla grammatica portoghese.<\/p>\r\n                    <\/div>\r\n                <\/div>\r\n            <\/div>\r\n        <\/a>\r\n\r\n        \r\n        <a href=\"https:\/\/talkpal.ai\/it\/esercizi-di-grammatica-portoghese\/\">\r\n            <div class=\"learnNavigationWrapper\">\r\n                <div class=\"learnNavigationContent\">\r\n                    <img decoding=\"async\" src=\"https:\/\/talkpal.ai\/wp-content\/uploads\/2024\/08\/Portuguese.jpg\" alt=\"Portuguese Flag\">\r\n                    <div>\r\n                        <h4>Esercizio di grammatica portoghese<\/h4>\r\n                        <p>Pratica la grammatica portoghese.<\/p>\r\n                    <\/div>\r\n                <\/div>\r\n            <\/div>\r\n        <\/a>\r\n\r\n        \r\n        <a href=\"https:\/\/talkpal.ai\/vocabulary_language\/portuguese\/\">\r\n            <div class=\"learnNavigationWrapper\">\r\n                <div class=\"learnNavigationContent\">\r\n                    <img decoding=\"async\" src=\"https:\/\/talkpal.ai\/wp-content\/uploads\/2024\/08\/Portuguese.jpg\" alt=\"Portuguese Flag\">\r\n                    <div>\r\n                        <h4>Vocabolario portoghese<\/h4>\r\n                        <p>Amplia il tuo vocabolario di portoghese.<\/p>\r\n                    <\/div>\r\n                <\/div>\r\n            <\/div>\r\n        <\/a>\r\n\r\n            <\/section>","protected":false},"excerpt":{"rendered":"<p>Guida per principianti alla comprensione della grammatica portoghese Se stai pianificando un viaggio in Portogallo o semplicemente sei interessato a padroneggiare una nuova lingua, imparare il portoghese pu\u00f2 essere un&#8217;esperienza entusiasmante e gratificante. Un aspetto essenziale dell&#8217;apprendimento della lingua portoghese, come di qualsiasi altro, \u00e8 la comprensione della sua grammatica. Questo articolo ti guider\u00e0 attraverso [&hellip;]<\/p>\n","protected":false},"author":1,"featured_media":11595,"parent":0,"menu_order":0,"comment_status":"closed","ping_status":"closed","template":"LearningContentPage.php","meta":{"_acf_changed":false,"footnotes":""},"class_list":["post-129983","page","type-page","status-publish","has-post-thumbnail","hentry"],"acf":[],"yoast_head":"<!-- This site is optimized with the Yoast SEO Premium plugin v27.2 (Yoast SEO v27.2) - https:\/\/yoast.com\/product\/yoast-seo-premium-wordpress\/ -->\n<title>Grammatica portoghese - Talkpal<\/title>\n<meta name=\"description\" content=\"Impara la grammatica portoghese con esercizi interattivi pensati per tutti i livelli di competenza. Migliora le tue competenze linguistiche!\" \/>\n<meta name=\"robots\" content=\"index, follow, max-snippet:-1, max-image-preview:large, max-video-preview:-1\" \/>\n<link rel=\"canonical\" href=\"https:\/\/talkpal.ai\/it\/grammatica-portoghese\/\" \/>\n<meta property=\"og:locale\" content=\"it_IT\" \/>\n<meta property=\"og:type\" content=\"article\" \/>\n<meta property=\"og:title\" content=\"Grammatica portoghese\" \/>\n<meta property=\"og:description\" content=\"Guida per principianti alla comprensione della grammatica portoghese Se stai pianificando un viaggio in Portogallo o semplicemente sei interessato a\" \/>\n<meta property=\"og:url\" content=\"https:\/\/talkpal.ai\/it\/grammatica-portoghese\/\" \/>\n<meta property=\"og:site_name\" content=\"Talkpal\" \/>\n<meta property=\"article:publisher\" content=\"https:\/\/www.facebook.com\/profile.php?id=100090733639311\" \/>\n<meta property=\"article:modified_time\" content=\"2025-12-11T16:47:26+00:00\" \/>\n<meta property=\"og:image\" content=\"https:\/\/talkpal.ai\/wp-content\/uploads\/2023\/04\/portugal.png\" \/>\n\t<meta property=\"og:image:width\" content=\"512\" \/>\n\t<meta property=\"og:image:height\" content=\"512\" \/>\n\t<meta property=\"og:image:type\" content=\"image\/png\" \/>\n<meta name=\"twitter:card\" content=\"summary_large_image\" \/>\n<meta name=\"twitter:site\" content=\"@talkpalai\" \/>\n<meta name=\"twitter:label1\" content=\"Tempo di lettura stimato\" \/>\n\t<meta name=\"twitter:data1\" content=\"3 minuti\" \/>\n<script type=\"application\/ld+json\" class=\"yoast-schema-graph\">{\"@context\":\"https:\/\/schema.org\",\"@graph\":[{\"@type\":\"WebPage\",\"@id\":\"https:\/\/talkpal.ai\/it\/grammatica-portoghese\/\",\"url\":\"https:\/\/talkpal.ai\/it\/grammatica-portoghese\/\",\"name\":\"Grammatica portoghese - Talkpal\",\"isPartOf\":{\"@id\":\"https:\/\/talkpal.ai\/it\/#website\"},\"primaryImageOfPage\":{\"@id\":\"https:\/\/talkpal.ai\/it\/grammatica-portoghese\/#primaryimage\"},\"image\":{\"@id\":\"https:\/\/talkpal.ai\/it\/grammatica-portoghese\/#primaryimage\"},\"thumbnailUrl\":\"https:\/\/talkpal.ai\/wp-content\/uploads\/2023\/04\/portugal.png\",\"datePublished\":\"2023-05-14T13:51:46+00:00\",\"dateModified\":\"2025-12-11T16:47:26+00:00\",\"description\":\"Impara la grammatica portoghese con esercizi interattivi pensati per tutti i livelli di competenza. Migliora le tue competenze linguistiche!\",\"breadcrumb\":{\"@id\":\"https:\/\/talkpal.ai\/it\/grammatica-portoghese\/#breadcrumb\"},\"inLanguage\":\"it-IT\",\"potentialAction\":[{\"@type\":\"ReadAction\",\"target\":[\"https:\/\/talkpal.ai\/it\/grammatica-portoghese\/\"]}]},{\"@type\":\"ImageObject\",\"inLanguage\":\"it-IT\",\"@id\":\"https:\/\/talkpal.ai\/it\/grammatica-portoghese\/#primaryimage\",\"url\":\"https:\/\/talkpal.ai\/wp-content\/uploads\/2023\/04\/portugal.png\",\"contentUrl\":\"https:\/\/talkpal.ai\/wp-content\/uploads\/2023\/04\/portugal.png\",\"width\":512,\"height\":512},{\"@type\":\"BreadcrumbList\",\"@id\":\"https:\/\/talkpal.ai\/it\/grammatica-portoghese\/#breadcrumb\",\"itemListElement\":[{\"@type\":\"ListItem\",\"position\":1,\"name\":\"Homepage\",\"item\":\"https:\/\/talkpal.ai\/it\/\"},{\"@type\":\"ListItem\",\"position\":2,\"name\":\"Grammatica portoghese\"}]},{\"@type\":\"WebSite\",\"@id\":\"https:\/\/talkpal.ai\/it\/#website\",\"url\":\"https:\/\/talkpal.ai\/it\/\",\"name\":\"Talkpal\",\"description\":\"AI Language Learning\",\"publisher\":{\"@id\":\"https:\/\/talkpal.ai\/it\/#organization\"},\"alternateName\":\"Talkpal AI\",\"potentialAction\":[{\"@type\":\"SearchAction\",\"target\":{\"@type\":\"EntryPoint\",\"urlTemplate\":\"https:\/\/talkpal.ai\/it\/?s={search_term_string}\"},\"query-input\":{\"@type\":\"PropertyValueSpecification\",\"valueRequired\":true,\"valueName\":\"search_term_string\"}}],\"inLanguage\":\"it-IT\"},{\"@type\":\"Organization\",\"@id\":\"https:\/\/talkpal.ai\/it\/#organization\",\"name\":\"Talkpal, Inc.\",\"alternateName\":\"Talkpal AI\",\"url\":\"https:\/\/talkpal.ai\/it\/\",\"logo\":{\"@type\":\"ImageObject\",\"inLanguage\":\"it-IT\",\"@id\":\"https:\/\/talkpal.ai\/it\/#\/schema\/logo\/image\/\",\"url\":\"https:\/\/talkpal.ai\/wp-content\/uploads\/2024\/03\/Talkpal-Logo-Icon.png\",\"contentUrl\":\"https:\/\/talkpal.ai\/wp-content\/uploads\/2024\/03\/Talkpal-Logo-Icon.png\",\"width\":2880,\"height\":2880,\"caption\":\"Talkpal, Inc.\"},\"image\":{\"@id\":\"https:\/\/talkpal.ai\/it\/#\/schema\/logo\/image\/\"},\"sameAs\":[\"https:\/\/www.facebook.com\/profile.php?id=100090733639311\",\"https:\/\/x.com\/talkpalai\",\"https:\/\/www.linkedin.com\/company\/talkpal\/\",\"https:\/\/www.youtube.com\/@TalkPal\/\",\"https:\/\/www.tiktok.com\/@talkpal\",\"https:\/\/www.instagram.com\/talkpal_ai\/\",\"https:\/\/www.crunchbase.com\/organization\/talkpal-9cde\",\"https:\/\/www.g2.com\/products\/talkpal-for-business\/\",\"https:\/\/www.trustpilot.com\/review\/talkpal.ai\",\"https:\/\/www.capterra.com\/p\/10006800\/TalkPal\/\"],\"description\":\"Talkpal is a language learning web and mobile education app, powered by the latest AI technologies, that provides engaging experiences to its customers in many different languages to help them improve their language skills. Users can chat about unlimited amount of topics with the app and use other modes to practice their language learning.\",\"email\":\"support@talkpal.ai\",\"legalName\":\"Talkpal, Inc.\",\"foundingDate\":\"2023-04-03\",\"duns\":\"118989042\",\"numberOfEmployees\":{\"@type\":\"QuantitativeValue\",\"minValue\":\"11\",\"maxValue\":\"50\"},\"publishingPrinciples\":\"https:\/\/talkpal.ai\/publishing-principles\/\",\"actionableFeedbackPolicy\":\"https:\/\/talkpal.ai\/actionable-feedback-policy\/\",\"correctionsPolicy\":\"https:\/\/talkpal.ai\/corrections-policy\/\",\"ethicsPolicy\":\"https:\/\/talkpal.ai\/ethics-policy\/\",\"diversityPolicy\":\"https:\/\/talkpal.ai\/diversity-policy\/\",\"diversityStaffingReport\":\"https:\/\/talkpal.ai\/diversity-policy\/\"}]}<\/script>\n<!-- \/ Yoast SEO Premium plugin. -->","yoast_head_json":{"title":"Grammatica portoghese - Talkpal","description":"Impara la grammatica portoghese con esercizi interattivi pensati per tutti i livelli di competenza. Migliora le tue competenze linguistiche!","robots":{"index":"index","follow":"follow","max-snippet":"max-snippet:-1","max-image-preview":"max-image-preview:large","max-video-preview":"max-video-preview:-1"},"canonical":"https:\/\/talkpal.ai\/it\/grammatica-portoghese\/","og_locale":"it_IT","og_type":"article","og_title":"Grammatica portoghese","og_description":"Guida per principianti alla comprensione della grammatica portoghese Se stai pianificando un viaggio in Portogallo o semplicemente sei interessato a","og_url":"https:\/\/talkpal.ai\/it\/grammatica-portoghese\/","og_site_name":"Talkpal","article_publisher":"https:\/\/www.facebook.com\/profile.php?id=100090733639311","article_modified_time":"2025-12-11T16:47:26+00:00","og_image":[{"width":512,"height":512,"url":"https:\/\/talkpal.ai\/wp-content\/uploads\/2023\/04\/portugal.png","type":"image\/png"}],"twitter_card":"summary_large_image","twitter_site":"@talkpalai","twitter_misc":{"Tempo di lettura stimato":"3 minuti"},"schema":{"@context":"https:\/\/schema.org","@graph":[{"@type":"WebPage","@id":"https:\/\/talkpal.ai\/it\/grammatica-portoghese\/","url":"https:\/\/talkpal.ai\/it\/grammatica-portoghese\/","name":"Grammatica portoghese - Talkpal","isPartOf":{"@id":"https:\/\/talkpal.ai\/it\/#website"},"primaryImageOfPage":{"@id":"https:\/\/talkpal.ai\/it\/grammatica-portoghese\/#primaryimage"},"image":{"@id":"https:\/\/talkpal.ai\/it\/grammatica-portoghese\/#primaryimage"},"thumbnailUrl":"https:\/\/talkpal.ai\/wp-content\/uploads\/2023\/04\/portugal.png","datePublished":"2023-05-14T13:51:46+00:00","dateModified":"2025-12-11T16:47:26+00:00","description":"Impara la grammatica portoghese con esercizi interattivi pensati per tutti i livelli di competenza. Migliora le tue competenze linguistiche!","breadcrumb":{"@id":"https:\/\/talkpal.ai\/it\/grammatica-portoghese\/#breadcrumb"},"inLanguage":"it-IT","potentialAction":[{"@type":"ReadAction","target":["https:\/\/talkpal.ai\/it\/grammatica-portoghese\/"]}]},{"@type":"ImageObject","inLanguage":"it-IT","@id":"https:\/\/talkpal.ai\/it\/grammatica-portoghese\/#primaryimage","url":"https:\/\/talkpal.ai\/wp-content\/uploads\/2023\/04\/portugal.png","contentUrl":"https:\/\/talkpal.ai\/wp-content\/uploads\/2023\/04\/portugal.png","width":512,"height":512},{"@type":"BreadcrumbList","@id":"https:\/\/talkpal.ai\/it\/grammatica-portoghese\/#breadcrumb","itemListElement":[{"@type":"ListItem","position":1,"name":"Homepage","item":"https:\/\/talkpal.ai\/it\/"},{"@type":"ListItem","position":2,"name":"Grammatica portoghese"}]},{"@type":"WebSite","@id":"https:\/\/talkpal.ai\/it\/#website","url":"https:\/\/talkpal.ai\/it\/","name":"Talkpal","description":"AI Language Learning","publisher":{"@id":"https:\/\/talkpal.ai\/it\/#organization"},"alternateName":"Talkpal AI","potentialAction":[{"@type":"SearchAction","target":{"@type":"EntryPoint","urlTemplate":"https:\/\/talkpal.ai\/it\/?s={search_term_string}"},"query-input":{"@type":"PropertyValueSpecification","valueRequired":true,"valueName":"search_term_string"}}],"inLanguage":"it-IT"},{"@type":"Organization","@id":"https:\/\/talkpal.ai\/it\/#organization","name":"Talkpal, Inc.","alternateName":"Talkpal AI","url":"https:\/\/talkpal.ai\/it\/","logo":{"@type":"ImageObject","inLanguage":"it-IT","@id":"https:\/\/talkpal.ai\/it\/#\/schema\/logo\/image\/","url":"https:\/\/talkpal.ai\/wp-content\/uploads\/2024\/03\/Talkpal-Logo-Icon.png","contentUrl":"https:\/\/talkpal.ai\/wp-content\/uploads\/2024\/03\/Talkpal-Logo-Icon.png","width":2880,"height":2880,"caption":"Talkpal, Inc."},"image":{"@id":"https:\/\/talkpal.ai\/it\/#\/schema\/logo\/image\/"},"sameAs":["https:\/\/www.facebook.com\/profile.php?id=100090733639311","https:\/\/x.com\/talkpalai","https:\/\/www.linkedin.com\/company\/talkpal\/","https:\/\/www.youtube.com\/@TalkPal\/","https:\/\/www.tiktok.com\/@talkpal","https:\/\/www.instagram.com\/talkpal_ai\/","https:\/\/www.crunchbase.com\/organization\/talkpal-9cde","https:\/\/www.g2.com\/products\/talkpal-for-business\/","https:\/\/www.trustpilot.com\/review\/talkpal.ai","https:\/\/www.capterra.com\/p\/10006800\/TalkPal\/"],"description":"Talkpal is a language learning web and mobile education app, powered by the latest AI technologies, that provides engaging experiences to its customers in many different languages to help them improve their language skills. Users can chat about unlimited amount of topics with the app and use other modes to practice their language learning.","email":"support@talkpal.ai","legalName":"Talkpal, Inc.","foundingDate":"2023-04-03","duns":"118989042","numberOfEmployees":{"@type":"QuantitativeValue","minValue":"11","maxValue":"50"},"publishingPrinciples":"https:\/\/talkpal.ai\/publishing-principles\/","actionableFeedbackPolicy":"https:\/\/talkpal.ai\/actionable-feedback-policy\/","correctionsPolicy":"https:\/\/talkpal.ai\/corrections-policy\/","ethicsPolicy":"https:\/\/talkpal.ai\/ethics-policy\/","diversityPolicy":"https:\/\/talkpal.ai\/diversity-policy\/","diversityStaffingReport":"https:\/\/talkpal.ai\/diversity-policy\/"}]}},"_links":{"self":[{"href":"https:\/\/talkpal.ai\/it\/wp-json\/wp\/v2\/pages\/129983","targetHints":{"allow":["GET"]}}],"collection":[{"href":"https:\/\/talkpal.ai\/it\/wp-json\/wp\/v2\/pages"}],"about":[{"href":"https:\/\/talkpal.ai\/it\/wp-json\/wp\/v2\/types\/page"}],"author":[{"embeddable":true,"href":"https:\/\/talkpal.ai\/it\/wp-json\/wp\/v2\/users\/1"}],"replies":[{"embeddable":true,"href":"https:\/\/talkpal.ai\/it\/wp-json\/wp\/v2\/comments?post=129983"}],"version-history":[{"count":0,"href":"https:\/\/talkpal.ai\/it\/wp-json\/wp\/v2\/pages\/129983\/revisions"}],"wp:featuredmedia":[{"embeddable":true,"href":"https:\/\/talkpal.ai\/it\/wp-json\/wp\/v2\/media\/11595"}],"wp:attachment":[{"href":"https:\/\/talkpal.ai\/it\/wp-json\/wp\/v2\/media?parent=129983"}],"curies":[{"name":"wp","href":"https:\/\/api.w.org\/{rel}","templated":true}]}}