{"id":129953,"date":"2023-05-14T13:51:09","date_gmt":"2023-05-14T13:51:09","guid":{"rendered":"http:\/\/talkpal.ai\/grammatica-giapponese\/"},"modified":"2025-12-11T16:49:41","modified_gmt":"2025-12-11T16:49:41","slug":"grammatica-giapponese","status":"publish","type":"page","link":"https:\/\/talkpal.ai\/it\/grammatica-giapponese\/","title":{"rendered":"Grammatica giapponese"},"content":{"rendered":"\r\n\r\n\r\n<section class=\"languageChallengeSection\">\r\n    <div class=\"languageInfoWrapper\">\r\n        \r\n        <h1>Grammatica giapponese<\/h1>\r\n        <p>Potenzia le tue conoscenze della lingua <a href=\"https:\/\/talkpal.ai\/learn-japanese\/\">giapponese<\/a> padroneggiando i punti grammaticali essenziali con spiegazioni chiare ed esempi. Inizia il tuo viaggio verso la fluidit\u00e0: immergiti nella <a href=\"https:\/\/talkpal.ai\/es\/gramatica-japonesa\/\">grammatica giapponese<\/a> oggi stesso!<\/p>\r\n\r\n                            <a class=\"getStartedHidden\" href=\"https:\/\/app.talkpal.ai\/it\/signup?lng=\">Comincia<\/a>\r\n        \r\n    <\/div>\r\n\r\n    <figure>\r\n    <img decoding=\"async\" width=\"768\" height=\"768\" src=\"https:\/\/talkpal.ai\/wp-content\/uploads\/2023\/06\/japanese-768x768.png\" class=\"languageImage no-lazy\" alt=\"Default alt text\" fetchpriority=\"high\" sizes=\"(max-width: 768px) 150px, 768px\" srcset=\"https:\/\/talkpal.ai\/wp-content\/uploads\/2023\/06\/japanese-768x768.png 768w, https:\/\/talkpal.ai\/wp-content\/uploads\/2023\/06\/japanese-300x300.png 300w\" \/>\r\n    \r\n\r\n    <\/figure>\r\n\r\n            <a class=\"getStartedVisible\" href=\"https:\/\/app.talkpal.ai\/it\/signup?lng=\">Comincia<\/a>\r\n    \r\n<\/section>\r\n        <section class=\"grammarSection\">\r\n            <div class=\"grammarLinks\">\r\n                <a href=\"https:\/\/talkpal.ai\/it\/language\/aggettivi-grammatica-giapponese\/\">Aggettivi <\/a><a href=\"https:\/\/talkpal.ai\/it\/language\/avverbi-grammatica-giapponese\/\">Avverbi <\/a><a href=\"https:\/\/talkpal.ai\/it\/language\/congiunzioni-grammatica-giapponese\/\">Congiunzioni <\/a><a href=\"https:\/\/talkpal.ai\/it\/language\/coniugazione-dei-verbi-grammatica-giapponese\/\">Coniugazione dei verbi <\/a><a href=\"https:\/\/talkpal.ai\/it\/language\/espressioni-grammatica-giapponese\/\">Espressioni <\/a><a href=\"https:\/\/talkpal.ai\/it\/language\/numeri-grammatica-giapponese\/\">Numeri <\/a><a href=\"https:\/\/talkpal.ai\/it\/language\/particelle-grammatica-giapponese\/\">Particelle <\/a><a href=\"https:\/\/talkpal.ai\/it\/language\/preposizioni-grammatica-giapponese\/\">Preposizioni <\/a><a href=\"https:\/\/talkpal.ai\/it\/language\/pronomi-grammatica-giapponese\/\">Pronomi <\/a><a href=\"https:\/\/talkpal.ai\/it\/language\/sostantivi-grammatica-giapponese\/\">Sostantivi <\/a><a href=\"https:\/\/talkpal.ai\/it\/language\/struttura-della-frase-grammatica-giapponese\/\">Struttura della frase <\/a><a href=\"https:\/\/talkpal.ai\/it\/language\/tempi-verbali-grammatica-giapponese\/\">Tempi verbali <\/a><a href=\"https:\/\/talkpal.ai\/it\/language\/titoli-onorifici-grammatica-giapponese\/\">Titoli onorifici <\/a><a href=\"https:\/\/talkpal.ai\/it\/language\/verbi-grammatica-giapponese\/\">Verbi <\/a>            <\/div>\r\n        <\/section>\r\n    <section class=\"promotionalBanner\">\r\n    <p class=\"promotionalText\">Il modo pi\u00f9 efficace per imparare una lingua<\/p>\r\n    <a class=\"promotionalLink\" href=\"https:\/\/app.talkpal.ai\/it\/signup?lng=\">Prova Talkpal gratuitamente<\/a>\r\n<\/section>\n<div class=\"wp-block-group pageContainerStyle\"><div class=\"wp-block-group__inner-container is-layout-constrained wp-block-group-is-layout-constrained\">\n<h2 class=\"wp-block-heading\" id=\"h-mastering-the-intricacies-of-japanese-grammar\">Padroneggiare le complessit\u00e0 della grammatica giapponese<\/h2>\n\n\n\n<p>Gli <a href=\"https:\/\/talkpal.ai\/talkpal-discount-for-language-enthusiasts\/\">appassionati di lingue<\/a> spesso trovano il giapponese una lingua affascinante e stimolante da imparare, in gran parte grazie al suo sistema grammaticale unico. Nonostante ci\u00f2, la comprensione della <a href=\"https:\/\/talkpal.ai\/grammar\/\">grammatica<\/a> giapponese pu\u00f2 migliorare significativamente le tue capacit\u00e0 comunicative e la comprensione culturale. In questo articolo, discuteremo diversi aspetti essenziali della grammatica giapponese per aiutarti nel tuo viaggio di apprendimento delle lingue. Quindi, allacciati le cinture e addentrati nell&#8217;affascinante mondo della grammatica giapponese.<\/p>\n\n\n\n<h3 class=\"wp-block-heading\" id=\"h-1-sentence-structure-sov\">1. Struttura della frase: SOV<\/h3>\n\n\n\n<p>A differenza dell&#8217;inglese (Soggetto &#8211; Verbo &#8211; Oggetto o SVO), il giapponese segue una struttura di frase Soggetto &#8211; Oggetto &#8211; Verbo (SOV). Ci\u00f2 significa che il verbo generalmente viene per ultimo in una frase. Prendere confidenza con questo ordine unico delle parole \u00e8 fondamentale per formare frasi comprensibili in giapponese.<\/p>\n\n\n\n<p>Esempio:  <\/p>\n\n\n\n<p>&#8211; \u308f\u305f\u3057\u306f\u308a\u3093\u3054\u3092\u305f\u3079\u307e\u3059\u3002 (Mangio una mela)<\/p>\n\n\n\n<p>&#8211; Watashi wa ringo o tabemasu. (<a href=\"https:\/\/talkpal.ai\/learn-latvian\/\">lett<\/a>. Io mangio una mela)<\/p>\n\n\n\n<h3 class=\"wp-block-heading\" id=\"h-2-particles-the-sentence-connectors\">2. Particelle: i connettori della frase<\/h3>\n\n\n\n<p>Le particelle svolgono un ruolo cruciale nella grammatica giapponese in quanto segnalano la funzione di una parola all&#8217;interno di una frase. Alcune particelle comuni sono \u306f (wa), \u3092 (o), \u304c (ga), \u3067 (de) e \u306b (ni). Comprendendo il funzionamento di queste particelle, scoprirai che decifrare e costruire frasi in giapponese diventa molto pi\u00f9 semplice.<\/p>\n\n\n\n<h3 class=\"wp-block-heading\" id=\"h-3-verbs-an-introduction-to-conjugation\">3. Verbi: un&#8217;introduzione alla coniugazione<\/h3>\n\n\n\n<p>I verbi giapponesi hanno tre gruppi principali, identificati dalla forma base della loro desinenza. Questi gruppi vengono presi in considerazione quando si coniugano il tempo, la cortesia e l&#8217;umore. La buona notizia \u00e8 che i verbi giapponesi non cambiano in base al soggetto, il che li <a href=\"https:\/\/talkpal.ai\/locations\/language-courses-in-rende\/\">rende<\/a> meno complessi di quelli di altre lingue.<\/p>\n\n\n\n<p>&#8211; Gruppo 1: Verbi a U<\/p>\n\n\n\n<p>&#8211; Gruppo 2: Ru-verbi<\/p>\n\n\n\n<p>&#8211; Gruppo 3: Verbi irregolari (solo due verbi &#8211; \u3059\u308b (suru) e \u6765\u308b (kuru))<\/p>\n\n\n\n<h3 class=\"wp-block-heading\" id=\"h-4-politeness-levels\">4. Livelli di cortesia<\/h3>\n\n\n\n<p>Il giapponese \u00e8 una lingua ricca di educazione e la sua grammatica lo riflette. Ci sono tre livelli principali di cortesia: informale, educato e onorifico. Riconoscerli e utilizzarli in modo appropriato \u00e8 essenziale per una comunicazione naturale e rispettosa.<\/p>\n\n\n\n<p>&#8211; Casual: forme verbali semplici (ad esempio, \u98df\u3079\u308b &#8211; taberu &#8211; mangiare)<\/p>\n\n\n\n<p>&#8211; Educato: \u307e\u3059 (masu) coniugazione (ad esempio, \u98df\u3079\u307e\u3059 &#8211; tabemasu &#8211; mangiare (educatamente))<\/p>\n\n\n\n<p>&#8211; Onorifico: coniugazioni e prefissi speciali (ad esempio, \u304a\u53ec\u3057\u4e0a\u304c\u308a\u306b\u306a\u308b &#8211; omeshiagari ni naru &#8211; mangiare (onorifico))<\/p>\n\n\n\n<h3 class=\"wp-block-heading\" id=\"h-5-japanese-adjectives\">5. Aggettivi giapponesi<\/h3>\n\n\n\n<p>Gli aggettivi giapponesi sono di due tipi: aggettivi i e aggettivi na. Entrambi i tipi hanno regole di coniugazione uniche e interagiscono con i sostantivi in modo diverso. Padroneggiare l&#8217;uso di questi due tipi di aggettivi \u00e8 fondamentale per una comunicazione efficace in giapponese.<\/p>\n\n\n\n<h3 class=\"wp-block-heading\" id=\"h-6-engaging-with-the-language\">6. Impegnarsi con la lingua<\/h3>\n\n\n\n<p>Uno dei modi pi\u00f9 efficaci per imparare la grammatica giapponese \u00e8 impegnarsi con la lingua in modo coerente. Dalla visione di film e anime giapponesi alla partecipazione a scambi di conversazione con madrelingua, immergersi nella lingua ti aiuter\u00e0 a consolidare i concetti grammaticali e ad espandere il tuo vocabolario.<\/p>\n\n\n\n<h3 class=\"wp-block-heading\" id=\"h-conclusion\">Conclusione<\/h3>\n\n\n\n<p>Anche se all&#8217;inizio la grammatica giapponese pu\u00f2 sembrare opprimente, con impegno e tempo ti ritroverai a navigare nella sua complessit\u00e0 con facilit\u00e0. La chiave \u00e8 rimanere curiosi e praticare regolarmente. Buona fortuna per il tuo viaggio verso la padronanza della grammatica giapponese e goditi l&#8217;avventura linguistica!<\/p>\n<\/div><\/div>\n\r\n<section class=\"learnNavigationSection\">\r\n            \r\n        <a href=\"https:\/\/talkpal.ai\/it\/imparare-il-giapponese\/\">\r\n            <div class=\"learnNavigationWrapper\">\r\n                <div class=\"learnNavigationContent\">\r\n                    <img decoding=\"async\" src=\"https:\/\/talkpal.ai\/wp-content\/uploads\/2024\/08\/Japanese.jpg\" alt=\"Japanese Flag\">\r\n                    <div>\r\n                        <h4>Informazioni sull&#039;apprendimento del giapponese<\/h4>\r\n                        <p>Scoprite tutto sulla grammatica giapponese.<\/p>\r\n                    <\/div>\r\n                <\/div>\r\n            <\/div>\r\n        <\/a>\r\n\r\n        \r\n        <a href=\"https:\/\/talkpal.ai\/it\/esercizi-di-grammatica-giapponese\/\">\r\n            <div class=\"learnNavigationWrapper\">\r\n                <div class=\"learnNavigationContent\">\r\n                    <img decoding=\"async\" src=\"https:\/\/talkpal.ai\/wp-content\/uploads\/2024\/08\/Japanese.jpg\" alt=\"Japanese Flag\">\r\n                    <div>\r\n                        <h4>Esercizio di grammatica giapponese<\/h4>\r\n                        <p>Pratica la grammatica giapponese.<\/p>\r\n                    <\/div>\r\n                <\/div>\r\n            <\/div>\r\n        <\/a>\r\n\r\n        \r\n        <a href=\"https:\/\/talkpal.ai\/vocabulary_language\/japanese\/\">\r\n            <div class=\"learnNavigationWrapper\">\r\n                <div class=\"learnNavigationContent\">\r\n                    <img decoding=\"async\" src=\"https:\/\/talkpal.ai\/wp-content\/uploads\/2024\/08\/Japanese.jpg\" alt=\"Japanese Flag\">\r\n                    <div>\r\n                        <h4>Vocabolario giapponese<\/h4>\r\n                        <p>Espandi il tuo vocabolario giapponese.<\/p>\r\n                    <\/div>\r\n                <\/div>\r\n            <\/div>\r\n        <\/a>\r\n\r\n            <\/section>","protected":false},"excerpt":{"rendered":"<p>Padroneggiare le complessit\u00e0 della grammatica giapponese Gli appassionati di lingue spesso trovano il giapponese una lingua affascinante e stimolante da imparare, in gran parte grazie al suo sistema grammaticale unico. Nonostante ci\u00f2, la comprensione della grammatica giapponese pu\u00f2 migliorare significativamente le tue capacit\u00e0 comunicative e la comprensione culturale. In questo articolo, discuteremo diversi aspetti essenziali [&hellip;]<\/p>\n","protected":false},"author":1,"featured_media":265036,"parent":0,"menu_order":0,"comment_status":"closed","ping_status":"closed","template":"LearningContentPage.php","meta":{"_acf_changed":false,"footnotes":""},"class_list":["post-129953","page","type-page","status-publish","has-post-thumbnail","hentry"],"acf":[],"yoast_head":"<!-- This site is optimized with the Yoast SEO Premium plugin v27.2 (Yoast SEO v27.2) - https:\/\/yoast.com\/product\/yoast-seo-premium-wordpress\/ -->\n<title>Grammatica giapponese - Talkpal<\/title>\n<meta name=\"description\" content=\"Impara la grammatica giapponese con la nostra app di apprendimento linguistico AI. Migliora facilmente le tue conoscenze linguistiche grazie al supporto dell \u201cintelligenza artificiale di TalkpalIl supporto dell\u201d intelligenza artificiale.\" \/>\n<meta name=\"robots\" content=\"index, follow, max-snippet:-1, max-image-preview:large, max-video-preview:-1\" \/>\n<link rel=\"canonical\" href=\"https:\/\/talkpal.ai\/it\/grammatica-giapponese\/\" \/>\n<meta property=\"og:locale\" content=\"it_IT\" \/>\n<meta property=\"og:type\" content=\"article\" \/>\n<meta property=\"og:title\" content=\"Grammatica giapponese\" \/>\n<meta property=\"og:description\" content=\"Padroneggiare le complessit\u00e0 della grammatica giapponese Gli appassionati di lingue spesso trovano il giapponese una lingua affascinante e stimolante da\" \/>\n<meta property=\"og:url\" content=\"https:\/\/talkpal.ai\/it\/grammatica-giapponese\/\" \/>\n<meta property=\"og:site_name\" content=\"Talkpal\" \/>\n<meta property=\"article:publisher\" content=\"https:\/\/www.facebook.com\/profile.php?id=100090733639311\" \/>\n<meta property=\"article:modified_time\" content=\"2025-12-11T16:49:41+00:00\" \/>\n<meta property=\"og:image\" content=\"https:\/\/talkpal.ai\/wp-content\/uploads\/2024\/05\/Talkpal-Illustration-for-Vocabulary50-1024x574.png\" \/>\n\t<meta property=\"og:image:width\" content=\"1024\" \/>\n\t<meta property=\"og:image:height\" content=\"574\" \/>\n\t<meta property=\"og:image:type\" content=\"image\/png\" \/>\n<meta name=\"twitter:card\" content=\"summary_large_image\" \/>\n<meta name=\"twitter:site\" content=\"@talkpalai\" \/>\n<meta name=\"twitter:label1\" content=\"Tempo di lettura stimato\" \/>\n\t<meta name=\"twitter:data1\" content=\"2 minuti\" \/>\n<script type=\"application\/ld+json\" class=\"yoast-schema-graph\">{\"@context\":\"https:\/\/schema.org\",\"@graph\":[{\"@type\":\"WebPage\",\"@id\":\"https:\/\/talkpal.ai\/it\/grammatica-giapponese\/\",\"url\":\"https:\/\/talkpal.ai\/it\/grammatica-giapponese\/\",\"name\":\"Grammatica giapponese - Talkpal\",\"isPartOf\":{\"@id\":\"https:\/\/talkpal.ai\/it\/#website\"},\"primaryImageOfPage\":{\"@id\":\"https:\/\/talkpal.ai\/it\/grammatica-giapponese\/#primaryimage\"},\"image\":{\"@id\":\"https:\/\/talkpal.ai\/it\/grammatica-giapponese\/#primaryimage\"},\"thumbnailUrl\":\"https:\/\/talkpal.ai\/wp-content\/uploads\/2024\/05\/Talkpal-Illustration-for-Vocabulary50.png\",\"datePublished\":\"2023-05-14T13:51:09+00:00\",\"dateModified\":\"2025-12-11T16:49:41+00:00\",\"description\":\"Impara la grammatica giapponese con la nostra app di apprendimento linguistico AI. Migliora facilmente le tue conoscenze linguistiche grazie al supporto dell \u201cintelligenza artificiale di TalkpalIl supporto dell\u201d intelligenza artificiale.\",\"breadcrumb\":{\"@id\":\"https:\/\/talkpal.ai\/it\/grammatica-giapponese\/#breadcrumb\"},\"inLanguage\":\"it-IT\",\"potentialAction\":[{\"@type\":\"ReadAction\",\"target\":[\"https:\/\/talkpal.ai\/it\/grammatica-giapponese\/\"]}]},{\"@type\":\"ImageObject\",\"inLanguage\":\"it-IT\",\"@id\":\"https:\/\/talkpal.ai\/it\/grammatica-giapponese\/#primaryimage\",\"url\":\"https:\/\/talkpal.ai\/wp-content\/uploads\/2024\/05\/Talkpal-Illustration-for-Vocabulary50.png\",\"contentUrl\":\"https:\/\/talkpal.ai\/wp-content\/uploads\/2024\/05\/Talkpal-Illustration-for-Vocabulary50.png\",\"width\":1456,\"height\":816},{\"@type\":\"BreadcrumbList\",\"@id\":\"https:\/\/talkpal.ai\/it\/grammatica-giapponese\/#breadcrumb\",\"itemListElement\":[{\"@type\":\"ListItem\",\"position\":1,\"name\":\"Homepage\",\"item\":\"https:\/\/talkpal.ai\/it\/\"},{\"@type\":\"ListItem\",\"position\":2,\"name\":\"Grammatica giapponese\"}]},{\"@type\":\"WebSite\",\"@id\":\"https:\/\/talkpal.ai\/it\/#website\",\"url\":\"https:\/\/talkpal.ai\/it\/\",\"name\":\"Talkpal\",\"description\":\"AI Language Learning\",\"publisher\":{\"@id\":\"https:\/\/talkpal.ai\/it\/#organization\"},\"alternateName\":\"Talkpal AI\",\"potentialAction\":[{\"@type\":\"SearchAction\",\"target\":{\"@type\":\"EntryPoint\",\"urlTemplate\":\"https:\/\/talkpal.ai\/it\/?s={search_term_string}\"},\"query-input\":{\"@type\":\"PropertyValueSpecification\",\"valueRequired\":true,\"valueName\":\"search_term_string\"}}],\"inLanguage\":\"it-IT\"},{\"@type\":\"Organization\",\"@id\":\"https:\/\/talkpal.ai\/it\/#organization\",\"name\":\"Talkpal, Inc.\",\"alternateName\":\"Talkpal AI\",\"url\":\"https:\/\/talkpal.ai\/it\/\",\"logo\":{\"@type\":\"ImageObject\",\"inLanguage\":\"it-IT\",\"@id\":\"https:\/\/talkpal.ai\/it\/#\/schema\/logo\/image\/\",\"url\":\"https:\/\/talkpal.ai\/wp-content\/uploads\/2024\/03\/Talkpal-Logo-Icon.png\",\"contentUrl\":\"https:\/\/talkpal.ai\/wp-content\/uploads\/2024\/03\/Talkpal-Logo-Icon.png\",\"width\":2880,\"height\":2880,\"caption\":\"Talkpal, Inc.\"},\"image\":{\"@id\":\"https:\/\/talkpal.ai\/it\/#\/schema\/logo\/image\/\"},\"sameAs\":[\"https:\/\/www.facebook.com\/profile.php?id=100090733639311\",\"https:\/\/x.com\/talkpalai\",\"https:\/\/www.linkedin.com\/company\/talkpal\/\",\"https:\/\/www.youtube.com\/@TalkPal\/\",\"https:\/\/www.tiktok.com\/@talkpal\",\"https:\/\/www.instagram.com\/talkpal_ai\/\",\"https:\/\/www.crunchbase.com\/organization\/talkpal-9cde\",\"https:\/\/www.g2.com\/products\/talkpal-for-business\/\",\"https:\/\/www.trustpilot.com\/review\/talkpal.ai\",\"https:\/\/www.capterra.com\/p\/10006800\/TalkPal\/\"],\"description\":\"Talkpal is a language learning web and mobile education app, powered by the latest AI technologies, that provides engaging experiences to its customers in many different languages to help them improve their language skills. Users can chat about unlimited amount of topics with the app and use other modes to practice their language learning.\",\"email\":\"support@talkpal.ai\",\"legalName\":\"Talkpal, Inc.\",\"foundingDate\":\"2023-04-03\",\"duns\":\"118989042\",\"numberOfEmployees\":{\"@type\":\"QuantitativeValue\",\"minValue\":\"11\",\"maxValue\":\"50\"},\"publishingPrinciples\":\"https:\/\/talkpal.ai\/publishing-principles\/\",\"actionableFeedbackPolicy\":\"https:\/\/talkpal.ai\/actionable-feedback-policy\/\",\"correctionsPolicy\":\"https:\/\/talkpal.ai\/corrections-policy\/\",\"ethicsPolicy\":\"https:\/\/talkpal.ai\/ethics-policy\/\",\"diversityPolicy\":\"https:\/\/talkpal.ai\/diversity-policy\/\",\"diversityStaffingReport\":\"https:\/\/talkpal.ai\/diversity-policy\/\"}]}<\/script>\n<!-- \/ Yoast SEO Premium plugin. -->","yoast_head_json":{"title":"Grammatica giapponese - Talkpal","description":"Impara la grammatica giapponese con la nostra app di apprendimento linguistico AI. Migliora facilmente le tue conoscenze linguistiche grazie al supporto dell \u201cintelligenza artificiale di TalkpalIl supporto dell\u201d intelligenza artificiale.","robots":{"index":"index","follow":"follow","max-snippet":"max-snippet:-1","max-image-preview":"max-image-preview:large","max-video-preview":"max-video-preview:-1"},"canonical":"https:\/\/talkpal.ai\/it\/grammatica-giapponese\/","og_locale":"it_IT","og_type":"article","og_title":"Grammatica giapponese","og_description":"Padroneggiare le complessit\u00e0 della grammatica giapponese Gli appassionati di lingue spesso trovano il giapponese una lingua affascinante e stimolante da","og_url":"https:\/\/talkpal.ai\/it\/grammatica-giapponese\/","og_site_name":"Talkpal","article_publisher":"https:\/\/www.facebook.com\/profile.php?id=100090733639311","article_modified_time":"2025-12-11T16:49:41+00:00","og_image":[{"width":1024,"height":574,"url":"https:\/\/talkpal.ai\/wp-content\/uploads\/2024\/05\/Talkpal-Illustration-for-Vocabulary50-1024x574.png","type":"image\/png"}],"twitter_card":"summary_large_image","twitter_site":"@talkpalai","twitter_misc":{"Tempo di lettura stimato":"2 minuti"},"schema":{"@context":"https:\/\/schema.org","@graph":[{"@type":"WebPage","@id":"https:\/\/talkpal.ai\/it\/grammatica-giapponese\/","url":"https:\/\/talkpal.ai\/it\/grammatica-giapponese\/","name":"Grammatica giapponese - Talkpal","isPartOf":{"@id":"https:\/\/talkpal.ai\/it\/#website"},"primaryImageOfPage":{"@id":"https:\/\/talkpal.ai\/it\/grammatica-giapponese\/#primaryimage"},"image":{"@id":"https:\/\/talkpal.ai\/it\/grammatica-giapponese\/#primaryimage"},"thumbnailUrl":"https:\/\/talkpal.ai\/wp-content\/uploads\/2024\/05\/Talkpal-Illustration-for-Vocabulary50.png","datePublished":"2023-05-14T13:51:09+00:00","dateModified":"2025-12-11T16:49:41+00:00","description":"Impara la grammatica giapponese con la nostra app di apprendimento linguistico AI. Migliora facilmente le tue conoscenze linguistiche grazie al supporto dell \u201cintelligenza artificiale di TalkpalIl supporto dell\u201d intelligenza artificiale.","breadcrumb":{"@id":"https:\/\/talkpal.ai\/it\/grammatica-giapponese\/#breadcrumb"},"inLanguage":"it-IT","potentialAction":[{"@type":"ReadAction","target":["https:\/\/talkpal.ai\/it\/grammatica-giapponese\/"]}]},{"@type":"ImageObject","inLanguage":"it-IT","@id":"https:\/\/talkpal.ai\/it\/grammatica-giapponese\/#primaryimage","url":"https:\/\/talkpal.ai\/wp-content\/uploads\/2024\/05\/Talkpal-Illustration-for-Vocabulary50.png","contentUrl":"https:\/\/talkpal.ai\/wp-content\/uploads\/2024\/05\/Talkpal-Illustration-for-Vocabulary50.png","width":1456,"height":816},{"@type":"BreadcrumbList","@id":"https:\/\/talkpal.ai\/it\/grammatica-giapponese\/#breadcrumb","itemListElement":[{"@type":"ListItem","position":1,"name":"Homepage","item":"https:\/\/talkpal.ai\/it\/"},{"@type":"ListItem","position":2,"name":"Grammatica giapponese"}]},{"@type":"WebSite","@id":"https:\/\/talkpal.ai\/it\/#website","url":"https:\/\/talkpal.ai\/it\/","name":"Talkpal","description":"AI Language Learning","publisher":{"@id":"https:\/\/talkpal.ai\/it\/#organization"},"alternateName":"Talkpal AI","potentialAction":[{"@type":"SearchAction","target":{"@type":"EntryPoint","urlTemplate":"https:\/\/talkpal.ai\/it\/?s={search_term_string}"},"query-input":{"@type":"PropertyValueSpecification","valueRequired":true,"valueName":"search_term_string"}}],"inLanguage":"it-IT"},{"@type":"Organization","@id":"https:\/\/talkpal.ai\/it\/#organization","name":"Talkpal, Inc.","alternateName":"Talkpal AI","url":"https:\/\/talkpal.ai\/it\/","logo":{"@type":"ImageObject","inLanguage":"it-IT","@id":"https:\/\/talkpal.ai\/it\/#\/schema\/logo\/image\/","url":"https:\/\/talkpal.ai\/wp-content\/uploads\/2024\/03\/Talkpal-Logo-Icon.png","contentUrl":"https:\/\/talkpal.ai\/wp-content\/uploads\/2024\/03\/Talkpal-Logo-Icon.png","width":2880,"height":2880,"caption":"Talkpal, Inc."},"image":{"@id":"https:\/\/talkpal.ai\/it\/#\/schema\/logo\/image\/"},"sameAs":["https:\/\/www.facebook.com\/profile.php?id=100090733639311","https:\/\/x.com\/talkpalai","https:\/\/www.linkedin.com\/company\/talkpal\/","https:\/\/www.youtube.com\/@TalkPal\/","https:\/\/www.tiktok.com\/@talkpal","https:\/\/www.instagram.com\/talkpal_ai\/","https:\/\/www.crunchbase.com\/organization\/talkpal-9cde","https:\/\/www.g2.com\/products\/talkpal-for-business\/","https:\/\/www.trustpilot.com\/review\/talkpal.ai","https:\/\/www.capterra.com\/p\/10006800\/TalkPal\/"],"description":"Talkpal is a language learning web and mobile education app, powered by the latest AI technologies, that provides engaging experiences to its customers in many different languages to help them improve their language skills. Users can chat about unlimited amount of topics with the app and use other modes to practice their language learning.","email":"support@talkpal.ai","legalName":"Talkpal, Inc.","foundingDate":"2023-04-03","duns":"118989042","numberOfEmployees":{"@type":"QuantitativeValue","minValue":"11","maxValue":"50"},"publishingPrinciples":"https:\/\/talkpal.ai\/publishing-principles\/","actionableFeedbackPolicy":"https:\/\/talkpal.ai\/actionable-feedback-policy\/","correctionsPolicy":"https:\/\/talkpal.ai\/corrections-policy\/","ethicsPolicy":"https:\/\/talkpal.ai\/ethics-policy\/","diversityPolicy":"https:\/\/talkpal.ai\/diversity-policy\/","diversityStaffingReport":"https:\/\/talkpal.ai\/diversity-policy\/"}]}},"_links":{"self":[{"href":"https:\/\/talkpal.ai\/it\/wp-json\/wp\/v2\/pages\/129953","targetHints":{"allow":["GET"]}}],"collection":[{"href":"https:\/\/talkpal.ai\/it\/wp-json\/wp\/v2\/pages"}],"about":[{"href":"https:\/\/talkpal.ai\/it\/wp-json\/wp\/v2\/types\/page"}],"author":[{"embeddable":true,"href":"https:\/\/talkpal.ai\/it\/wp-json\/wp\/v2\/users\/1"}],"replies":[{"embeddable":true,"href":"https:\/\/talkpal.ai\/it\/wp-json\/wp\/v2\/comments?post=129953"}],"version-history":[{"count":0,"href":"https:\/\/talkpal.ai\/it\/wp-json\/wp\/v2\/pages\/129953\/revisions"}],"wp:featuredmedia":[{"embeddable":true,"href":"https:\/\/talkpal.ai\/it\/wp-json\/wp\/v2\/media\/265036"}],"wp:attachment":[{"href":"https:\/\/talkpal.ai\/it\/wp-json\/wp\/v2\/media?parent=129953"}],"curies":[{"name":"wp","href":"https:\/\/api.w.org\/{rel}","templated":true}]}}