{"id":128899,"date":"2023-05-14T13:49:38","date_gmt":"2023-05-14T13:49:38","guid":{"rendered":"http:\/\/talkpal.ai\/grammatica-olandese\/"},"modified":"2025-12-11T17:04:17","modified_gmt":"2025-12-11T17:04:17","slug":"grammatica-olandese","status":"publish","type":"page","link":"https:\/\/talkpal.ai\/it\/grammatica-olandese\/","title":{"rendered":"Grammatica olandese"},"content":{"rendered":"\r\n\r\n\r\n<section class=\"languageChallengeSection\">\r\n    <div class=\"languageInfoWrapper\">\r\n        \r\n        <h1>Grammatica olandese<\/h1>\r\n        <p>Esplora le basi della lingua <a href=\"https:\/\/talkpal.ai\/learn-dutch\/\">olandese<\/a> imparando le sue regole grammaticali essenziali. Padroneggiare la <a href=\"https:\/\/talkpal.ai\/es\/gramatica-holandesa\/\">grammatica olandese<\/a> ti aiuter\u00e0 a comunicare in modo efficace e a conoscere meglio la cultura olandese. Inizia a imparare la <a href=\"https:\/\/talkpal.ai\/es\/gramatica-holandesa\/\">grammatica olandese<\/a> oggi stesso e fai il primo passo verso la fluidit\u00e0!\n<\/p>\r\n\r\n                            <a class=\"getStartedHidden\" href=\"https:\/\/app.talkpal.ai\/it\/signup?lng=\">Comincia<\/a>\r\n        \r\n    <\/div>\r\n\r\n    <figure>\r\n    <img decoding=\"async\" width=\"768\" height=\"768\" src=\"https:\/\/talkpal.ai\/wp-content\/uploads\/2023\/06\/Dutch-768x768.png\" class=\"languageImage no-lazy\" alt=\"Default alt text\" fetchpriority=\"high\" sizes=\"(max-width: 768px) 150px, 768px\" srcset=\"https:\/\/talkpal.ai\/wp-content\/uploads\/2023\/06\/Dutch-768x768.png 768w, https:\/\/talkpal.ai\/wp-content\/uploads\/2023\/06\/Dutch-300x300.png 300w\" \/>\r\n    \r\n\r\n    <\/figure>\r\n\r\n            <a class=\"getStartedVisible\" href=\"https:\/\/app.talkpal.ai\/it\/signup?lng=\">Comincia<\/a>\r\n    \r\n<\/section>\r\n        <section class=\"grammarSection\">\r\n            <div class=\"grammarLinks\">\r\n                <a href=\"https:\/\/talkpal.ai\/it\/language\/aggettivi-grammatica-olandese\/\">Aggettivi <\/a><a href=\"https:\/\/talkpal.ai\/it\/language\/articoli-grammatica-olandese\/\">Articoli <\/a><a href=\"https:\/\/talkpal.ai\/it\/language\/avverbi-grammatica-olandese\/\">Avverbi <\/a><a href=\"https:\/\/talkpal.ai\/it\/language\/confronto-dei-tempi-grammatica-olandese\/\">Confronto dei tempi <\/a><a href=\"https:\/\/talkpal.ai\/it\/language\/congiuntivo-grammatica-olandese\/\">Congiuntivo <\/a><a href=\"https:\/\/talkpal.ai\/it\/language\/preposizioni-grammatica-olandese\/\">Preposizioni <\/a><a href=\"https:\/\/talkpal.ai\/it\/language\/pronomi-grammatica-olandese\/\">Pronomi <\/a><a href=\"https:\/\/talkpal.ai\/it\/language\/sostantivi-grammatica-olandese\/\">Sostantivi <\/a><a href=\"https:\/\/talkpal.ai\/it\/language\/struttura-della-frase-grammatica-olandese\/\">Struttura della frase <\/a><a href=\"https:\/\/talkpal.ai\/it\/language\/tempi-indicativi-grammatica-olandese\/\">Tempi Indicativi <\/a><a href=\"https:\/\/talkpal.ai\/it\/language\/verbi-grammatica-olandese\/\">Verbi <\/a>            <\/div>\r\n        <\/section>\r\n    <section class=\"promotionalBanner\">\r\n    <p class=\"promotionalText\">Il modo pi\u00f9 efficace per imparare una lingua<\/p>\r\n    <a class=\"promotionalLink\" href=\"https:\/\/app.talkpal.ai\/it\/signup?lng=\">Prova Talkpal gratuitamente<\/a>\r\n<\/section>\n<div class=\"wp-block-group pageContainerStyle\"><div class=\"wp-block-group__inner-container is-layout-constrained wp-block-group-is-layout-constrained\">\n<h2 class=\"wp-block-heading\" id=\"h-dutch-grammar-master-the-mechanics-of-the-dutch-language\">Grammatica olandese: padroneggiare i meccanismi della lingua olandese<\/h2>\n\n\n\n<p>Se hai deciso di imparare l&#8217;olandese, ti aspetta un viaggio entusiasmante! Con oltre 23 milioni di parlanti in tutto il mondo, l&#8217;olandese \u00e8 una lingua fantastica per rafforzare la tua abilit\u00e0 linguistica e ampliare i tuoi orizzonti. Ora, potresti aver sentito sussurrare sulla complessit\u00e0 della <a href=\"https:\/\/talkpal.ai\/grammar\/\">grammatica<\/a> olandese, ma non temere! Questo articolo \u00e8 una guida amichevole per principianti che spiega la grammatica olandese in modo divertente e completo.<\/p>\n\n\n\n<h3 class=\"wp-block-heading\" id=\"h-1-the-pillar-of-dutch-grammar-word-order\">1. Il pilastro della grammatica olandese: l&#8217;ordine delle parole<\/h3>\n\n\n\n<p>La grammatica olandese si basa molto sull&#8217;ordine delle parole. In generale, segue una struttura &#8220;soggetto-verbo-oggetto&#8221; simile a quella della lingua <a href=\"https:\/\/talkpal.ai\/learn-english-with-ai\/\">inglese<\/a>. Tuttavia, l&#8217;olandese ha una caratteristica unica: l&#8217;ordine delle parole del verbo secondo (V2). In una frase con pi\u00f9 di un verbo, il secondo verbo viene spinto alla fine. Per esempio:<\/p>\n\n\n\n<p><a href=\"https:\/\/talkpal.ai\/learn-english-with-ai\/\">Inglese<\/a>: Oggi devo lavorare.<\/p>\n\n\n\n<p>Olandese: Ik moet vandaag werken. (letteralmente: &#8220;Oggi devo lavorare&#8221;).<\/p>\n\n\n\n<p>Padroneggiare l&#8217;ordine delle parole V2 \u00e8 essenziale quando si <a href=\"https:\/\/talkpal.ai\/fr\/grammaire\/\">impara la grammatica<\/a> olandese.<\/p>\n\n\n\n<h3 class=\"wp-block-heading\" id=\"h-2-get-to-know-your-articles\">2. Impara a conoscere i tuoi articoli<\/h3>\n\n\n\n<p>L&#8217;olandese ha due articoli determinativi (&#8220;de&#8221; e &#8220;het&#8221;) e un articolo indeterminativo (&#8220;een&#8221;). Scegliere tra i due articoli determinativi pu\u00f2 essere complicato, senza una regola precisa da seguire. Come principiante, il modo <a href=\"https:\/\/talkpal.ai\/es\/la-mejor-aplicacion-de-conversacion-con-ia\/\">migliore<\/a> per impararli \u00e8 attraverso la pratica e il contesto. Per esempio:<\/p>\n\n\n\n<p>De man &#8211; L&#8217;uomo<\/p>\n\n\n\n<p>Het meisje &#8211; La ragazza<\/p>\n\n\n\n<p>Een hond &#8211; Un cane<\/p>\n\n\n\n<h3 class=\"wp-block-heading\" id=\"h-3-the-dance-of-dutch-conjugations\">3. La danza delle coniugazioni olandesi<\/h3>\n\n\n\n<p>Come l&#8217;italiano, i verbi olandesi cambiano forma per trasmettere il tempo e l&#8217;umore. In olandese, ci sono tre gruppi principali di coniugazioni verbali: verbi deboli, verbi forti e verbi irregolari.<\/p>\n\n\n\n<p>I verbi deboli seguono regole fisse per la coniugazione, il che li rende abbastanza facili da imparare.  <\/p>\n\n\n\n<p>Esempio (tempo presente): Ik werk, jij werkt, hij\/zij\/u werkt, wij\/jullie\/zij werken<\/p>\n\n\n\n<p>I verbi forti comportano cambiamenti vocalici, che spesso portano gli studenti a memorizzarli individualmente.<\/p>\n\n\n\n<p>Esempio (tempo presente): Ik zing, jij zingt, hij\/zij\/u zingt, wij\/jullie\/zij zingen<\/p>\n\n\n\n<p>I verbi irregolari, come suggerisce il nome, non seguono uno schema fisso di coniugazione e devono essere imparati in modo indipendente.<\/p>\n\n\n\n<p>Esempio (tempo presente): Ik ben, jij bent, hij\/zij\/u is, wij\/jullie\/zij zijn<\/p>\n\n\n\n<h3 class=\"wp-block-heading\" id=\"h-4-a-flair-for-pronouns\">4. Un talento per i pronomi<\/h3>\n\n\n\n<p>I pronomi nella grammatica olandese sostituiscono i sostantivi e sono essenziali per rendere il tuo discorso pi\u00f9 dinamico e fluido. Ci sono pronomi personali, pronomi possessivi, pronomi dimostrativi e pronomi riflessivi. Come principiante, comprendere i pronomi personali e possessivi \u00e8 fondamentale.<\/p>\n\n\n\n<p>Pronomi personali: ik (io), jij\/je (tu), hij\/zij\/ze (lui\/lei), wij\/noi (noi), jullie (voi tutti), zij\/ze (loro)<\/p>\n\n\n\n<p>Pronomi possessivi: mijn (mio), jouw\/je (tuo), zijn\/haar (suo\/lei), ons\/onze (nostro), jullie (tuo), hun\/hen (loro)<\/p>\n\n\n\n<h3 class=\"wp-block-heading\" id=\"h-5-cases-no-more-mostly\">5. Casi mai pi\u00f9 (per lo pi\u00f9)<\/h3>\n\n\n\n<p>A differenza del tedesco, l&#8217;olandese non utilizza pi\u00f9 un sistema di casi nella vita quotidiana, fornendo un po&#8217; di sollievo dagli ostacoli linguistici. L&#8217;unica eccezione \u00e8 rappresentata dalle varianti olandesi di &#8220;chi&#8221; e &#8220;chi&#8221; (rispettivamente wie e wie) e da alcune espressioni fisse (come te allen tijde, che significa &#8220;in ogni momento&#8221;).  <\/p>\n\n\n\n<p>Felicitazioni! Hai fatto i primi passi per padroneggiare la grammatica olandese. Ricorda che la pratica \u00e8 fondamentale, quindi non esitare ad approfondire, a comunicare con persone madrelingua e a costruire una solida base. Veel ha successo! (Buona fortuna!)<\/p>\n<\/div><\/div>\n\r\n<section class=\"learnNavigationSection\">\r\n            \r\n        <a href=\"https:\/\/talkpal.ai\/it\/imparare-lolandese\/\">\r\n            <div class=\"learnNavigationWrapper\">\r\n                <div class=\"learnNavigationContent\">\r\n                    <img decoding=\"async\" src=\"https:\/\/talkpal.ai\/wp-content\/uploads\/2024\/08\/Dutch.jpg\" alt=\"Netherlands Flag\">\r\n                    <div>\r\n                        <h4>Informazioni sull&#039;apprendimento olandese<\/h4>\r\n                        <p>Scoprite tutto sulla grammatica olandese.<\/p>\r\n                    <\/div>\r\n                <\/div>\r\n            <\/div>\r\n        <\/a>\r\n\r\n        \r\n        <a href=\"https:\/\/talkpal.ai\/it\/esercizi-di-grammatica-olandese\/\">\r\n            <div class=\"learnNavigationWrapper\">\r\n                <div class=\"learnNavigationContent\">\r\n                    <img decoding=\"async\" src=\"https:\/\/talkpal.ai\/wp-content\/uploads\/2024\/08\/Dutch.jpg\" alt=\"Netherlands Flag\">\r\n                    <div>\r\n                        <h4>Esercizio di grammatica olandese<\/h4>\r\n                        <p>Pratica la grammatica olandese.<\/p>\r\n                    <\/div>\r\n                <\/div>\r\n            <\/div>\r\n        <\/a>\r\n\r\n        \r\n        <a href=\"https:\/\/talkpal.ai\/vocabulary_language\/dutch\/\">\r\n            <div class=\"learnNavigationWrapper\">\r\n                <div class=\"learnNavigationContent\">\r\n                    <img decoding=\"async\" src=\"https:\/\/talkpal.ai\/wp-content\/uploads\/2024\/08\/Dutch.jpg\" alt=\"Netherlands Flag\">\r\n                    <div>\r\n                        <h4>Vocabolario olandese<\/h4>\r\n                        <p>Amplia il tuo vocabolario olandese.<\/p>\r\n                    <\/div>\r\n                <\/div>\r\n            <\/div>\r\n        <\/a>\r\n\r\n            <\/section>","protected":false},"excerpt":{"rendered":"<p>Grammatica olandese: padroneggiare i meccanismi della lingua olandese Se hai deciso di imparare l&#8217;olandese, ti aspetta un viaggio entusiasmante! Con oltre 23 milioni di parlanti in tutto il mondo, l&#8217;olandese \u00e8 una lingua fantastica per rafforzare la tua abilit\u00e0 linguistica e ampliare i tuoi orizzonti. Ora, potresti aver sentito sussurrare sulla complessit\u00e0 della grammatica olandese, [&hellip;]<\/p>\n","protected":false},"author":1,"featured_media":11588,"parent":0,"menu_order":0,"comment_status":"closed","ping_status":"closed","template":"LearningContentPage.php","meta":{"_acf_changed":false,"footnotes":""},"class_list":["post-128899","page","type-page","status-publish","has-post-thumbnail","hentry"],"acf":[],"yoast_head":"<!-- This site is optimized with the Yoast SEO Premium plugin v27.2 (Yoast SEO v27.2) - https:\/\/yoast.com\/product\/yoast-seo-premium-wordpress\/ -->\n<title>Grammatica olandese - Talkpal<\/title>\n<meta name=\"description\" content=\"Impara la grammatica olandese con TalkpalIl tuo tutor linguistico con intelligenza artificiale. Accedi a spiegazioni chiare, esempi pratici ed esercizi interattivi!\" \/>\n<meta name=\"robots\" content=\"index, follow, max-snippet:-1, max-image-preview:large, max-video-preview:-1\" \/>\n<link rel=\"canonical\" href=\"https:\/\/talkpal.ai\/it\/grammatica-olandese\/\" \/>\n<meta property=\"og:locale\" content=\"it_IT\" \/>\n<meta property=\"og:type\" content=\"article\" \/>\n<meta property=\"og:title\" content=\"Grammatica olandese\" \/>\n<meta property=\"og:description\" content=\"Grammatica olandese: padroneggiare i meccanismi della lingua olandese Se hai deciso di imparare l&#039;olandese, ti aspetta un viaggio entusiasmante! Con oltre\" \/>\n<meta property=\"og:url\" content=\"https:\/\/talkpal.ai\/it\/grammatica-olandese\/\" \/>\n<meta property=\"og:site_name\" content=\"Talkpal\" \/>\n<meta property=\"article:publisher\" content=\"https:\/\/www.facebook.com\/profile.php?id=100090733639311\" \/>\n<meta property=\"article:modified_time\" content=\"2025-12-11T17:04:17+00:00\" \/>\n<meta property=\"og:image\" content=\"https:\/\/talkpal.ai\/wp-content\/uploads\/2023\/04\/netherlands-dutch.png\" \/>\n\t<meta property=\"og:image:width\" content=\"512\" \/>\n\t<meta property=\"og:image:height\" content=\"512\" \/>\n\t<meta property=\"og:image:type\" content=\"image\/png\" \/>\n<meta name=\"twitter:card\" content=\"summary_large_image\" \/>\n<meta name=\"twitter:site\" content=\"@talkpalai\" \/>\n<meta name=\"twitter:label1\" content=\"Tempo di lettura stimato\" \/>\n\t<meta name=\"twitter:data1\" content=\"3 minuti\" \/>\n<script type=\"application\/ld+json\" class=\"yoast-schema-graph\">{\"@context\":\"https:\/\/schema.org\",\"@graph\":[{\"@type\":\"WebPage\",\"@id\":\"https:\/\/talkpal.ai\/it\/grammatica-olandese\/\",\"url\":\"https:\/\/talkpal.ai\/it\/grammatica-olandese\/\",\"name\":\"Grammatica olandese - Talkpal\",\"isPartOf\":{\"@id\":\"https:\/\/talkpal.ai\/it\/#website\"},\"primaryImageOfPage\":{\"@id\":\"https:\/\/talkpal.ai\/it\/grammatica-olandese\/#primaryimage\"},\"image\":{\"@id\":\"https:\/\/talkpal.ai\/it\/grammatica-olandese\/#primaryimage\"},\"thumbnailUrl\":\"https:\/\/talkpal.ai\/wp-content\/uploads\/2023\/04\/netherlands-dutch.png\",\"datePublished\":\"2023-05-14T13:49:38+00:00\",\"dateModified\":\"2025-12-11T17:04:17+00:00\",\"description\":\"Impara la grammatica olandese con TalkpalIl tuo tutor linguistico con intelligenza artificiale. Accedi a spiegazioni chiare, esempi pratici ed esercizi interattivi!\",\"breadcrumb\":{\"@id\":\"https:\/\/talkpal.ai\/it\/grammatica-olandese\/#breadcrumb\"},\"inLanguage\":\"it-IT\",\"potentialAction\":[{\"@type\":\"ReadAction\",\"target\":[\"https:\/\/talkpal.ai\/it\/grammatica-olandese\/\"]}]},{\"@type\":\"ImageObject\",\"inLanguage\":\"it-IT\",\"@id\":\"https:\/\/talkpal.ai\/it\/grammatica-olandese\/#primaryimage\",\"url\":\"https:\/\/talkpal.ai\/wp-content\/uploads\/2023\/04\/netherlands-dutch.png\",\"contentUrl\":\"https:\/\/talkpal.ai\/wp-content\/uploads\/2023\/04\/netherlands-dutch.png\",\"width\":512,\"height\":512},{\"@type\":\"BreadcrumbList\",\"@id\":\"https:\/\/talkpal.ai\/it\/grammatica-olandese\/#breadcrumb\",\"itemListElement\":[{\"@type\":\"ListItem\",\"position\":1,\"name\":\"Homepage\",\"item\":\"https:\/\/talkpal.ai\/it\/\"},{\"@type\":\"ListItem\",\"position\":2,\"name\":\"Grammatica olandese\"}]},{\"@type\":\"WebSite\",\"@id\":\"https:\/\/talkpal.ai\/it\/#website\",\"url\":\"https:\/\/talkpal.ai\/it\/\",\"name\":\"Talkpal\",\"description\":\"AI Language Learning\",\"publisher\":{\"@id\":\"https:\/\/talkpal.ai\/it\/#organization\"},\"alternateName\":\"Talkpal AI\",\"potentialAction\":[{\"@type\":\"SearchAction\",\"target\":{\"@type\":\"EntryPoint\",\"urlTemplate\":\"https:\/\/talkpal.ai\/it\/?s={search_term_string}\"},\"query-input\":{\"@type\":\"PropertyValueSpecification\",\"valueRequired\":true,\"valueName\":\"search_term_string\"}}],\"inLanguage\":\"it-IT\"},{\"@type\":\"Organization\",\"@id\":\"https:\/\/talkpal.ai\/it\/#organization\",\"name\":\"Talkpal, Inc.\",\"alternateName\":\"Talkpal AI\",\"url\":\"https:\/\/talkpal.ai\/it\/\",\"logo\":{\"@type\":\"ImageObject\",\"inLanguage\":\"it-IT\",\"@id\":\"https:\/\/talkpal.ai\/it\/#\/schema\/logo\/image\/\",\"url\":\"https:\/\/talkpal.ai\/wp-content\/uploads\/2024\/03\/Talkpal-Logo-Icon.png\",\"contentUrl\":\"https:\/\/talkpal.ai\/wp-content\/uploads\/2024\/03\/Talkpal-Logo-Icon.png\",\"width\":2880,\"height\":2880,\"caption\":\"Talkpal, Inc.\"},\"image\":{\"@id\":\"https:\/\/talkpal.ai\/it\/#\/schema\/logo\/image\/\"},\"sameAs\":[\"https:\/\/www.facebook.com\/profile.php?id=100090733639311\",\"https:\/\/x.com\/talkpalai\",\"https:\/\/www.linkedin.com\/company\/talkpal\/\",\"https:\/\/www.youtube.com\/@TalkPal\/\",\"https:\/\/www.tiktok.com\/@talkpal\",\"https:\/\/www.instagram.com\/talkpal_ai\/\",\"https:\/\/www.crunchbase.com\/organization\/talkpal-9cde\",\"https:\/\/www.g2.com\/products\/talkpal-for-business\/\",\"https:\/\/www.trustpilot.com\/review\/talkpal.ai\",\"https:\/\/www.capterra.com\/p\/10006800\/TalkPal\/\"],\"description\":\"Talkpal is a language learning web and mobile education app, powered by the latest AI technologies, that provides engaging experiences to its customers in many different languages to help them improve their language skills. Users can chat about unlimited amount of topics with the app and use other modes to practice their language learning.\",\"email\":\"support@talkpal.ai\",\"legalName\":\"Talkpal, Inc.\",\"foundingDate\":\"2023-04-03\",\"duns\":\"118989042\",\"numberOfEmployees\":{\"@type\":\"QuantitativeValue\",\"minValue\":\"11\",\"maxValue\":\"50\"},\"publishingPrinciples\":\"https:\/\/talkpal.ai\/publishing-principles\/\",\"actionableFeedbackPolicy\":\"https:\/\/talkpal.ai\/actionable-feedback-policy\/\",\"correctionsPolicy\":\"https:\/\/talkpal.ai\/corrections-policy\/\",\"ethicsPolicy\":\"https:\/\/talkpal.ai\/ethics-policy\/\",\"diversityPolicy\":\"https:\/\/talkpal.ai\/diversity-policy\/\",\"diversityStaffingReport\":\"https:\/\/talkpal.ai\/diversity-policy\/\"}]}<\/script>\n<!-- \/ Yoast SEO Premium plugin. -->","yoast_head_json":{"title":"Grammatica olandese - Talkpal","description":"Impara la grammatica olandese con TalkpalIl tuo tutor linguistico con intelligenza artificiale. Accedi a spiegazioni chiare, esempi pratici ed esercizi interattivi!","robots":{"index":"index","follow":"follow","max-snippet":"max-snippet:-1","max-image-preview":"max-image-preview:large","max-video-preview":"max-video-preview:-1"},"canonical":"https:\/\/talkpal.ai\/it\/grammatica-olandese\/","og_locale":"it_IT","og_type":"article","og_title":"Grammatica olandese","og_description":"Grammatica olandese: padroneggiare i meccanismi della lingua olandese Se hai deciso di imparare l'olandese, ti aspetta un viaggio entusiasmante! Con oltre","og_url":"https:\/\/talkpal.ai\/it\/grammatica-olandese\/","og_site_name":"Talkpal","article_publisher":"https:\/\/www.facebook.com\/profile.php?id=100090733639311","article_modified_time":"2025-12-11T17:04:17+00:00","og_image":[{"width":512,"height":512,"url":"https:\/\/talkpal.ai\/wp-content\/uploads\/2023\/04\/netherlands-dutch.png","type":"image\/png"}],"twitter_card":"summary_large_image","twitter_site":"@talkpalai","twitter_misc":{"Tempo di lettura stimato":"3 minuti"},"schema":{"@context":"https:\/\/schema.org","@graph":[{"@type":"WebPage","@id":"https:\/\/talkpal.ai\/it\/grammatica-olandese\/","url":"https:\/\/talkpal.ai\/it\/grammatica-olandese\/","name":"Grammatica olandese - Talkpal","isPartOf":{"@id":"https:\/\/talkpal.ai\/it\/#website"},"primaryImageOfPage":{"@id":"https:\/\/talkpal.ai\/it\/grammatica-olandese\/#primaryimage"},"image":{"@id":"https:\/\/talkpal.ai\/it\/grammatica-olandese\/#primaryimage"},"thumbnailUrl":"https:\/\/talkpal.ai\/wp-content\/uploads\/2023\/04\/netherlands-dutch.png","datePublished":"2023-05-14T13:49:38+00:00","dateModified":"2025-12-11T17:04:17+00:00","description":"Impara la grammatica olandese con TalkpalIl tuo tutor linguistico con intelligenza artificiale. Accedi a spiegazioni chiare, esempi pratici ed esercizi interattivi!","breadcrumb":{"@id":"https:\/\/talkpal.ai\/it\/grammatica-olandese\/#breadcrumb"},"inLanguage":"it-IT","potentialAction":[{"@type":"ReadAction","target":["https:\/\/talkpal.ai\/it\/grammatica-olandese\/"]}]},{"@type":"ImageObject","inLanguage":"it-IT","@id":"https:\/\/talkpal.ai\/it\/grammatica-olandese\/#primaryimage","url":"https:\/\/talkpal.ai\/wp-content\/uploads\/2023\/04\/netherlands-dutch.png","contentUrl":"https:\/\/talkpal.ai\/wp-content\/uploads\/2023\/04\/netherlands-dutch.png","width":512,"height":512},{"@type":"BreadcrumbList","@id":"https:\/\/talkpal.ai\/it\/grammatica-olandese\/#breadcrumb","itemListElement":[{"@type":"ListItem","position":1,"name":"Homepage","item":"https:\/\/talkpal.ai\/it\/"},{"@type":"ListItem","position":2,"name":"Grammatica olandese"}]},{"@type":"WebSite","@id":"https:\/\/talkpal.ai\/it\/#website","url":"https:\/\/talkpal.ai\/it\/","name":"Talkpal","description":"AI Language Learning","publisher":{"@id":"https:\/\/talkpal.ai\/it\/#organization"},"alternateName":"Talkpal AI","potentialAction":[{"@type":"SearchAction","target":{"@type":"EntryPoint","urlTemplate":"https:\/\/talkpal.ai\/it\/?s={search_term_string}"},"query-input":{"@type":"PropertyValueSpecification","valueRequired":true,"valueName":"search_term_string"}}],"inLanguage":"it-IT"},{"@type":"Organization","@id":"https:\/\/talkpal.ai\/it\/#organization","name":"Talkpal, Inc.","alternateName":"Talkpal AI","url":"https:\/\/talkpal.ai\/it\/","logo":{"@type":"ImageObject","inLanguage":"it-IT","@id":"https:\/\/talkpal.ai\/it\/#\/schema\/logo\/image\/","url":"https:\/\/talkpal.ai\/wp-content\/uploads\/2024\/03\/Talkpal-Logo-Icon.png","contentUrl":"https:\/\/talkpal.ai\/wp-content\/uploads\/2024\/03\/Talkpal-Logo-Icon.png","width":2880,"height":2880,"caption":"Talkpal, Inc."},"image":{"@id":"https:\/\/talkpal.ai\/it\/#\/schema\/logo\/image\/"},"sameAs":["https:\/\/www.facebook.com\/profile.php?id=100090733639311","https:\/\/x.com\/talkpalai","https:\/\/www.linkedin.com\/company\/talkpal\/","https:\/\/www.youtube.com\/@TalkPal\/","https:\/\/www.tiktok.com\/@talkpal","https:\/\/www.instagram.com\/talkpal_ai\/","https:\/\/www.crunchbase.com\/organization\/talkpal-9cde","https:\/\/www.g2.com\/products\/talkpal-for-business\/","https:\/\/www.trustpilot.com\/review\/talkpal.ai","https:\/\/www.capterra.com\/p\/10006800\/TalkPal\/"],"description":"Talkpal is a language learning web and mobile education app, powered by the latest AI technologies, that provides engaging experiences to its customers in many different languages to help them improve their language skills. Users can chat about unlimited amount of topics with the app and use other modes to practice their language learning.","email":"support@talkpal.ai","legalName":"Talkpal, Inc.","foundingDate":"2023-04-03","duns":"118989042","numberOfEmployees":{"@type":"QuantitativeValue","minValue":"11","maxValue":"50"},"publishingPrinciples":"https:\/\/talkpal.ai\/publishing-principles\/","actionableFeedbackPolicy":"https:\/\/talkpal.ai\/actionable-feedback-policy\/","correctionsPolicy":"https:\/\/talkpal.ai\/corrections-policy\/","ethicsPolicy":"https:\/\/talkpal.ai\/ethics-policy\/","diversityPolicy":"https:\/\/talkpal.ai\/diversity-policy\/","diversityStaffingReport":"https:\/\/talkpal.ai\/diversity-policy\/"}]}},"_links":{"self":[{"href":"https:\/\/talkpal.ai\/it\/wp-json\/wp\/v2\/pages\/128899","targetHints":{"allow":["GET"]}}],"collection":[{"href":"https:\/\/talkpal.ai\/it\/wp-json\/wp\/v2\/pages"}],"about":[{"href":"https:\/\/talkpal.ai\/it\/wp-json\/wp\/v2\/types\/page"}],"author":[{"embeddable":true,"href":"https:\/\/talkpal.ai\/it\/wp-json\/wp\/v2\/users\/1"}],"replies":[{"embeddable":true,"href":"https:\/\/talkpal.ai\/it\/wp-json\/wp\/v2\/comments?post=128899"}],"version-history":[{"count":0,"href":"https:\/\/talkpal.ai\/it\/wp-json\/wp\/v2\/pages\/128899\/revisions"}],"wp:featuredmedia":[{"embeddable":true,"href":"https:\/\/talkpal.ai\/it\/wp-json\/wp\/v2\/media\/11588"}],"wp:attachment":[{"href":"https:\/\/talkpal.ai\/it\/wp-json\/wp\/v2\/media?parent=128899"}],"curies":[{"name":"wp","href":"https:\/\/api.w.org\/{rel}","templated":true}]}}