{"id":128152,"date":"2023-05-14T13:43:38","date_gmt":"2023-05-14T13:43:38","guid":{"rendered":"http:\/\/talkpal.ai\/grammatica-araba\/"},"modified":"2025-05-21T11:48:27","modified_gmt":"2025-05-21T11:48:27","slug":"grammatica-araba","status":"publish","type":"page","link":"https:\/\/talkpal.ai\/it\/grammatica-araba\/","title":{"rendered":"Grammatica araba"},"content":{"rendered":"\r\n\r\n\r\n<section class=\"languageChallengeSection\">\r\n    <div class=\"languageInfoWrapper\">\r\n        \r\n        <h1>Grammatica araba<\/h1>\r\n        <p>Migliora le tue competenze in arabo esplorando i concetti grammaticali essenziali e le spiegazioni chiare e dettagliate. Inizia subito a padroneggiare la <a href=\"https:\/\/talkpal.ai\/it\/cosa-ce-di-speciale-nella-grammatica-araba\/\">grammatica araba<\/a> e comunica con maggiore scioltezza e sicurezza!<\/p>\r\n\r\n                            <a class=\"getStartedHidden\" href=\"https:\/\/app.talkpal.ai\/it\/signup?lng=\">Comincia<\/a>\r\n        \r\n    <\/div>\r\n\r\n    <figure>\r\n    <img decoding=\"async\" width=\"768\" height=\"768\" src=\"https:\/\/talkpal.ai\/wp-content\/uploads\/2023\/06\/arabic-768x768.png\" class=\"languageImage no-lazy\" alt=\"Default alt text\" fetchpriority=\"high\" sizes=\"(max-width: 768px) 150px, 768px\" srcset=\"https:\/\/talkpal.ai\/wp-content\/uploads\/2023\/06\/arabic-768x768.png 768w, https:\/\/talkpal.ai\/wp-content\/uploads\/2023\/06\/arabic-300x300.png 300w\" \/>\r\n    \r\n\r\n    <\/figure>\r\n\r\n            <a class=\"getStartedVisible\" href=\"https:\/\/app.talkpal.ai\/it\/signup?lng=\">Comincia<\/a>\r\n    \r\n<\/section>\r\n        <section class=\"grammarSection\">\r\n            <div class=\"grammarLinks\">\r\n                <a href=\"https:\/\/talkpal.ai\/it\/language\/aggettivi-grammatica-araba\/\">Aggettivi <\/a><a href=\"https:\/\/talkpal.ai\/it\/language\/articoli-grammatica-araba\/\">Articoli <\/a><a href=\"https:\/\/talkpal.ai\/it\/language\/articoli-determinativi-e-indeterminativi-grammatica-araba\/\">Articoli determinativi e indeterminativi <\/a><a href=\"https:\/\/talkpal.ai\/it\/language\/avverbi-grammatica-araba\/\">Avverbi <\/a><a href=\"https:\/\/talkpal.ai\/it\/language\/confronto-dei-tempi-grammatica-araba\/\">Confronto dei tempi <\/a><a href=\"https:\/\/talkpal.ai\/it\/language\/congiuntivo-grammatica-araba\/\">Congiuntivo <\/a><a href=\"https:\/\/talkpal.ai\/it\/language\/frasi-nominali-e-verbali-grammatica-araba\/\">Frasi nominali e verbali <\/a><a href=\"https:\/\/talkpal.ai\/it\/language\/idaafa-costruzione-genitiva-grammatica-araba\/\">Idaafa (Costruzione Genitiva) <\/a><a href=\"https:\/\/talkpal.ai\/it\/language\/preposizioni-grammatica-araba\/\">Preposizioni <\/a><a href=\"https:\/\/talkpal.ai\/it\/language\/pronomi-grammatica-araba\/\">Pronomi <\/a><a href=\"https:\/\/talkpal.ai\/it\/language\/soggetto-e-predicato-grammatica-araba\/\">Soggetto e predicato <\/a><a href=\"https:\/\/talkpal.ai\/it\/language\/sostantivi-grammatica-araba\/\">Sostantivi <\/a><a href=\"https:\/\/talkpal.ai\/it\/language\/struttura-della-frase-grammatica-araba\/\">Struttura della frase <\/a><a href=\"https:\/\/talkpal.ai\/it\/language\/tempi-indicativi-grammatica-araba\/\">Tempi Indicativi <\/a><a href=\"https:\/\/talkpal.ai\/it\/language\/verbi-grammatica-araba\/\">Verbi <\/a>            <\/div>\r\n        <\/section>\r\n    <section class=\"promotionalBanner\">\r\n    <p class=\"promotionalText\">Il modo pi\u00f9 efficace per imparare una lingua<\/p>\r\n    <a class=\"promotionalLink\" href=\"https:\/\/app.talkpal.ai\/it\/signup?lng=\">Prova Talkpal gratuitamente<\/a>\r\n<\/section>\n<div class=\"wp-block-group pageContainerStyle\"><div class=\"wp-block-group__inner-container is-layout-constrained wp-block-group-is-layout-constrained\">\n<h2 class=\"wp-block-heading\" id=\"h-the-intricacies-of-arabic-grammar-a-journey-through-its-roots-and-beauty\">La complessit\u00e0 della grammatica araba: un viaggio attraverso le sue radici e la sua bellezza<\/h2>\n\n\n\n<p><strong>Ti ricordi quando hai iniziato a imparare la grammatica inglese?<\/strong>  Le regole, le eccezioni e le terminologie apparentemente infinite potrebbero averti fatto sentire sopraffatto a volte. Se stai pensando di imparare la lingua araba, sappi che ha anche un sistema grammaticale unico e intricato. Facciamo quindi un breve ma illuminante viaggio attraverso le radici e la bellezza della <a href=\"https:\/\/talkpal.ai\/grammar\/\">grammatica<\/a> araba.<\/p>\n\n\n\n<p>Per cominciare, stabiliamo alcune <strong>differenze fondamentali tra la grammatica araba e quella inglese.<\/strong> In arabo le parole si dividono in tre categorie: nomi, verbi e particelle. A differenza dell&#8217;inglese, le parole arabe seguono un sistema di radici, il che significa che \u00e8 possibile tracciare il significato principale di una parola identificandone la radice. Questo apparato radicale conferisce all&#8217;arabo un eccezionale livello di profondit\u00e0 e ricchezza. Una cosa incredibile della grammatica araba \u00e8 la sua dipendenza dai modelli, che spesso consente <a href=\"https:\/\/talkpal.ai\/speaking-with-ai\/\">ai<\/a> parlanti di creare nuove parole seguendo determinate strutture.<\/p>\n\n\n\n<p>Un altro aspetto importante della <strong>grammatica araba \u00e8 che si tratta di una lingua di genere<\/strong>, il che significa che i sostantivi e gli aggettivi hanno forme specifiche di genere. Sapevi che l&#8217;arabo ha anche una forma duale oltre alle forme singolare e <a href=\"https:\/\/talkpal.ai\/zh-hans\/grammar_exercises\/plurale-%e6%84%8f%e5%a4%a7%e5%88%a9%e8%af%ad%e6%b3%95%e7%bb%83%e4%b9%a0\/\">plurale<\/a>? \u00c8 vero! La forma araba duale \u00e8 usata per indicare coppie, come occhi, mani o genitori. Aggiunge un ulteriore livello di specificit\u00e0 che manca alla lingua <a href=\"https:\/\/talkpal.ai\/learn-english-with-ai\/\">inglese<\/a>.<\/p>\n\n\n\n<p>Ora parliamo della <strong>coniugazione dei verbi in arabo<\/strong>, che \u00e8 un mondo completamente nuovo. I verbi arabi si basano su un sistema di radici, che di solito sono costituite da tre consonanti principali. La radice determina il significato di base del verbo e, aggiungendo modelli vocalici, si creano diverse forme del verbo che esprimono significati e tempi diversi. Ad esempio, cambiare le vocali in una radice pu\u00f2 cambiare il tempo dal passato al <a href=\"https:\/\/talkpal.ai\/zh-hans\/grammar_exercises\/presente-%e8%a5%bf%e7%8f%ad%e7%89%99%e8%af%ad%e6%b3%95%e7%bb%83%e4%b9%a0\/\">presente<\/a>, o trasformare un verbo attivo in uno passivo. Piuttosto sorprendente, vero?<\/p>\n\n\n\n<p>Un altro aspetto affascinante della grammatica araba di cui dobbiamo parlare \u00e8 <strong>la definitezza<\/strong>. In inglese si usa la parola &#8220;the&#8221; per indicare che un sostantivo \u00e8 definito. In arabo, questo concetto \u00e8 incorporato nella lingua attraverso una piccola particella chiamata &#8220;Al-&#8221; che viene aggiunta all&#8217;inizio di una parola. Quando un sostantivo \u00e8 preceduto da &#8220;Al-&#8220;, diventa definito senza ulteriori qualificatori. Quindi, invece di dire &#8220;la casa \u00e8 grande&#8221; in arabo, si direbbe &#8220;Al-baytu kabir&#8221;, dove &#8220;Al-baytu&#8221; significa &#8220;la casa&#8221;.<\/p>\n\n\n\n<p><strong>L&#8217;arabo colloquiale<\/strong> \u00e8 pi\u00f9 dinamico e fluido dell&#8217;arabo formale, come nel caso di qualsiasi altra lingua. Tuttavia, padroneggiare i principi fondamentali della grammatica araba rimane essenziale per comprendere e apprezzare veramente la lingua. Una volta che hai imparato a conoscere i modelli di radice, le forme di genere e le coniugazioni dei verbi, diventer\u00e0 molto pi\u00f9 facile riconoscere e imparare nuove parole.<\/p>\n\n\n\n<p><strong>Imparare la grammatica araba<\/strong> pu\u00f2 sembrare scoraggiante all&#8217;inizio, ma con costanza e dedizione riuscirai ad apprezzare la bellezza di questa lingua intricata. Proprio come risolvere un puzzle complesso o decifrare un codice crittografato, la ricompensa sta nella soddisfazione di svelare i misteri della lingua araba e immergersi nella sua ricca cultura, storia e letteratura. Allora, cosa stai aspettando? Immergiti nell&#8217;incantevole mondo della grammatica araba e scopri tu stesso la sua vera essenza.<\/p>\n<\/div><\/div>\n\r\n<section class=\"learnNavigationSection\">\r\n            \r\n        <a href=\"https:\/\/talkpal.ai\/it\/imparare-larabo\/\">\r\n            <div class=\"learnNavigationWrapper\">\r\n                <div class=\"learnNavigationContent\">\r\n                    <img decoding=\"async\" src=\"https:\/\/talkpal.ai\/wp-content\/uploads\/2024\/08\/Arabic.jpg\" alt=\"Arabic Flag\">\r\n                    <div>\r\n                        <h4>Informazioni sull&#039;apprendimento dell&#039;arabo<\/h4>\r\n                        <p>Scoprite tutto sulla grammatica araba.<\/p>\r\n                    <\/div>\r\n                <\/div>\r\n            <\/div>\r\n        <\/a>\r\n\r\n        \r\n        <a href=\"https:\/\/talkpal.ai\/it\/esercizi-di-grammatica-araba\/\">\r\n            <div class=\"learnNavigationWrapper\">\r\n                <div class=\"learnNavigationContent\">\r\n                    <img decoding=\"async\" src=\"https:\/\/talkpal.ai\/wp-content\/uploads\/2024\/08\/Arabic.jpg\" alt=\"Arabic Flag\">\r\n                    <div>\r\n                        <h4>Esercizio di grammatica araba<\/h4>\r\n                        <p>Pratica la grammatica araba.<\/p>\r\n                    <\/div>\r\n                <\/div>\r\n            <\/div>\r\n        <\/a>\r\n\r\n        \r\n        <a href=\"https:\/\/talkpal.ai\/vocabulary_language\/arabic\/\">\r\n            <div class=\"learnNavigationWrapper\">\r\n                <div class=\"learnNavigationContent\">\r\n                    <img decoding=\"async\" src=\"https:\/\/talkpal.ai\/wp-content\/uploads\/2024\/08\/Arabic.jpg\" alt=\"Arabic Flag\">\r\n                    <div>\r\n                        <h4>Vocabolario arabo<\/h4>\r\n                        <p>Espandi il tuo vocabolario arabo.<\/p>\r\n                    <\/div>\r\n                <\/div>\r\n            <\/div>\r\n        <\/a>\r\n\r\n            <\/section>","protected":false},"excerpt":{"rendered":"<p>La complessit\u00e0 della grammatica araba: un viaggio attraverso le sue radici e la sua bellezza Ti ricordi quando hai iniziato a imparare la grammatica inglese? Le regole, le eccezioni e le terminologie apparentemente infinite potrebbero averti fatto sentire sopraffatto a volte. Se stai pensando di imparare la lingua araba, sappi che ha anche un sistema [&hellip;]<\/p>\n","protected":false},"author":1,"featured_media":11553,"parent":0,"menu_order":0,"comment_status":"closed","ping_status":"closed","template":"LearningContentPage.php","meta":{"_acf_changed":false,"footnotes":""},"class_list":["post-128152","page","type-page","status-publish","has-post-thumbnail","hentry"],"acf":[],"yoast_head":"<!-- This site is optimized with the Yoast SEO Premium plugin v27.2 (Yoast SEO v27.2) - https:\/\/yoast.com\/product\/yoast-seo-premium-wordpress\/ -->\n<title>Grammatica araba - Talkpal<\/title>\n<meta name=\"description\" content=\"Esplora le complessit\u00e0 della grammatica araba e scopri la sua struttura unica rispetto alla grammatica inglese.\" \/>\n<meta name=\"robots\" content=\"index, follow, max-snippet:-1, max-image-preview:large, max-video-preview:-1\" \/>\n<link rel=\"canonical\" href=\"https:\/\/talkpal.ai\/it\/grammatica-araba\/\" \/>\n<meta property=\"og:locale\" content=\"it_IT\" \/>\n<meta property=\"og:type\" content=\"article\" \/>\n<meta property=\"og:title\" content=\"Grammatica araba\" \/>\n<meta property=\"og:description\" content=\"La complessit\u00e0 della grammatica araba: un viaggio attraverso le sue radici e la sua bellezza Ti ricordi quando hai iniziato a imparare la grammatica\" \/>\n<meta property=\"og:url\" content=\"https:\/\/talkpal.ai\/it\/grammatica-araba\/\" \/>\n<meta property=\"og:site_name\" content=\"Talkpal\" \/>\n<meta property=\"article:publisher\" content=\"https:\/\/www.facebook.com\/profile.php?id=100090733639311\" \/>\n<meta property=\"article:modified_time\" content=\"2025-05-21T11:48:27+00:00\" \/>\n<meta property=\"og:image\" content=\"https:\/\/talkpal.ai\/wp-content\/uploads\/2023\/04\/arabic-united-arab-emirates.png\" \/>\n\t<meta property=\"og:image:width\" content=\"512\" \/>\n\t<meta property=\"og:image:height\" content=\"512\" \/>\n\t<meta property=\"og:image:type\" content=\"image\/png\" \/>\n<meta name=\"twitter:card\" content=\"summary_large_image\" \/>\n<meta name=\"twitter:site\" content=\"@talkpalai\" \/>\n<meta name=\"twitter:label1\" content=\"Tempo di lettura stimato\" \/>\n\t<meta name=\"twitter:data1\" content=\"3 minuti\" \/>\n<script type=\"application\/ld+json\" class=\"yoast-schema-graph\">{\"@context\":\"https:\/\/schema.org\",\"@graph\":[{\"@type\":\"WebPage\",\"@id\":\"https:\/\/talkpal.ai\/it\/grammatica-araba\/\",\"url\":\"https:\/\/talkpal.ai\/it\/grammatica-araba\/\",\"name\":\"Grammatica araba - Talkpal\",\"isPartOf\":{\"@id\":\"https:\/\/talkpal.ai\/it\/#website\"},\"primaryImageOfPage\":{\"@id\":\"https:\/\/talkpal.ai\/it\/grammatica-araba\/#primaryimage\"},\"image\":{\"@id\":\"https:\/\/talkpal.ai\/it\/grammatica-araba\/#primaryimage\"},\"thumbnailUrl\":\"https:\/\/talkpal.ai\/wp-content\/uploads\/2023\/04\/arabic-united-arab-emirates.png\",\"datePublished\":\"2023-05-14T13:43:38+00:00\",\"dateModified\":\"2025-05-21T11:48:27+00:00\",\"description\":\"Esplora le complessit\u00e0 della grammatica araba e scopri la sua struttura unica rispetto alla grammatica inglese.\",\"breadcrumb\":{\"@id\":\"https:\/\/talkpal.ai\/it\/grammatica-araba\/#breadcrumb\"},\"inLanguage\":\"it-IT\",\"potentialAction\":[{\"@type\":\"ReadAction\",\"target\":[\"https:\/\/talkpal.ai\/it\/grammatica-araba\/\"]}]},{\"@type\":\"ImageObject\",\"inLanguage\":\"it-IT\",\"@id\":\"https:\/\/talkpal.ai\/it\/grammatica-araba\/#primaryimage\",\"url\":\"https:\/\/talkpal.ai\/wp-content\/uploads\/2023\/04\/arabic-united-arab-emirates.png\",\"contentUrl\":\"https:\/\/talkpal.ai\/wp-content\/uploads\/2023\/04\/arabic-united-arab-emirates.png\",\"width\":512,\"height\":512},{\"@type\":\"BreadcrumbList\",\"@id\":\"https:\/\/talkpal.ai\/it\/grammatica-araba\/#breadcrumb\",\"itemListElement\":[{\"@type\":\"ListItem\",\"position\":1,\"name\":\"Homepage\",\"item\":\"https:\/\/talkpal.ai\/it\/\"},{\"@type\":\"ListItem\",\"position\":2,\"name\":\"Grammatica araba\"}]},{\"@type\":\"WebSite\",\"@id\":\"https:\/\/talkpal.ai\/it\/#website\",\"url\":\"https:\/\/talkpal.ai\/it\/\",\"name\":\"Talkpal\",\"description\":\"AI Language Learning\",\"publisher\":{\"@id\":\"https:\/\/talkpal.ai\/it\/#organization\"},\"alternateName\":\"Talkpal AI\",\"potentialAction\":[{\"@type\":\"SearchAction\",\"target\":{\"@type\":\"EntryPoint\",\"urlTemplate\":\"https:\/\/talkpal.ai\/it\/?s={search_term_string}\"},\"query-input\":{\"@type\":\"PropertyValueSpecification\",\"valueRequired\":true,\"valueName\":\"search_term_string\"}}],\"inLanguage\":\"it-IT\"},{\"@type\":\"Organization\",\"@id\":\"https:\/\/talkpal.ai\/it\/#organization\",\"name\":\"Talkpal, Inc.\",\"alternateName\":\"Talkpal AI\",\"url\":\"https:\/\/talkpal.ai\/it\/\",\"logo\":{\"@type\":\"ImageObject\",\"inLanguage\":\"it-IT\",\"@id\":\"https:\/\/talkpal.ai\/it\/#\/schema\/logo\/image\/\",\"url\":\"https:\/\/talkpal.ai\/wp-content\/uploads\/2024\/03\/Talkpal-Logo-Icon.png\",\"contentUrl\":\"https:\/\/talkpal.ai\/wp-content\/uploads\/2024\/03\/Talkpal-Logo-Icon.png\",\"width\":2880,\"height\":2880,\"caption\":\"Talkpal, Inc.\"},\"image\":{\"@id\":\"https:\/\/talkpal.ai\/it\/#\/schema\/logo\/image\/\"},\"sameAs\":[\"https:\/\/www.facebook.com\/profile.php?id=100090733639311\",\"https:\/\/x.com\/talkpalai\",\"https:\/\/www.linkedin.com\/company\/talkpal\/\",\"https:\/\/www.youtube.com\/@TalkPal\/\",\"https:\/\/www.tiktok.com\/@talkpal\",\"https:\/\/www.instagram.com\/talkpal_ai\/\",\"https:\/\/www.crunchbase.com\/organization\/talkpal-9cde\",\"https:\/\/www.g2.com\/products\/talkpal-for-business\/\",\"https:\/\/www.trustpilot.com\/review\/talkpal.ai\",\"https:\/\/www.capterra.com\/p\/10006800\/TalkPal\/\"],\"description\":\"Talkpal is a language learning web and mobile education app, powered by the latest AI technologies, that provides engaging experiences to its customers in many different languages to help them improve their language skills. Users can chat about unlimited amount of topics with the app and use other modes to practice their language learning.\",\"email\":\"support@talkpal.ai\",\"legalName\":\"Talkpal, Inc.\",\"foundingDate\":\"2023-04-03\",\"duns\":\"118989042\",\"numberOfEmployees\":{\"@type\":\"QuantitativeValue\",\"minValue\":\"11\",\"maxValue\":\"50\"},\"publishingPrinciples\":\"https:\/\/talkpal.ai\/publishing-principles\/\",\"actionableFeedbackPolicy\":\"https:\/\/talkpal.ai\/actionable-feedback-policy\/\",\"correctionsPolicy\":\"https:\/\/talkpal.ai\/corrections-policy\/\",\"ethicsPolicy\":\"https:\/\/talkpal.ai\/ethics-policy\/\",\"diversityPolicy\":\"https:\/\/talkpal.ai\/diversity-policy\/\",\"diversityStaffingReport\":\"https:\/\/talkpal.ai\/diversity-policy\/\"}]}<\/script>\n<!-- \/ Yoast SEO Premium plugin. -->","yoast_head_json":{"title":"Grammatica araba - Talkpal","description":"Esplora le complessit\u00e0 della grammatica araba e scopri la sua struttura unica rispetto alla grammatica inglese.","robots":{"index":"index","follow":"follow","max-snippet":"max-snippet:-1","max-image-preview":"max-image-preview:large","max-video-preview":"max-video-preview:-1"},"canonical":"https:\/\/talkpal.ai\/it\/grammatica-araba\/","og_locale":"it_IT","og_type":"article","og_title":"Grammatica araba","og_description":"La complessit\u00e0 della grammatica araba: un viaggio attraverso le sue radici e la sua bellezza Ti ricordi quando hai iniziato a imparare la grammatica","og_url":"https:\/\/talkpal.ai\/it\/grammatica-araba\/","og_site_name":"Talkpal","article_publisher":"https:\/\/www.facebook.com\/profile.php?id=100090733639311","article_modified_time":"2025-05-21T11:48:27+00:00","og_image":[{"width":512,"height":512,"url":"https:\/\/talkpal.ai\/wp-content\/uploads\/2023\/04\/arabic-united-arab-emirates.png","type":"image\/png"}],"twitter_card":"summary_large_image","twitter_site":"@talkpalai","twitter_misc":{"Tempo di lettura stimato":"3 minuti"},"schema":{"@context":"https:\/\/schema.org","@graph":[{"@type":"WebPage","@id":"https:\/\/talkpal.ai\/it\/grammatica-araba\/","url":"https:\/\/talkpal.ai\/it\/grammatica-araba\/","name":"Grammatica araba - Talkpal","isPartOf":{"@id":"https:\/\/talkpal.ai\/it\/#website"},"primaryImageOfPage":{"@id":"https:\/\/talkpal.ai\/it\/grammatica-araba\/#primaryimage"},"image":{"@id":"https:\/\/talkpal.ai\/it\/grammatica-araba\/#primaryimage"},"thumbnailUrl":"https:\/\/talkpal.ai\/wp-content\/uploads\/2023\/04\/arabic-united-arab-emirates.png","datePublished":"2023-05-14T13:43:38+00:00","dateModified":"2025-05-21T11:48:27+00:00","description":"Esplora le complessit\u00e0 della grammatica araba e scopri la sua struttura unica rispetto alla grammatica inglese.","breadcrumb":{"@id":"https:\/\/talkpal.ai\/it\/grammatica-araba\/#breadcrumb"},"inLanguage":"it-IT","potentialAction":[{"@type":"ReadAction","target":["https:\/\/talkpal.ai\/it\/grammatica-araba\/"]}]},{"@type":"ImageObject","inLanguage":"it-IT","@id":"https:\/\/talkpal.ai\/it\/grammatica-araba\/#primaryimage","url":"https:\/\/talkpal.ai\/wp-content\/uploads\/2023\/04\/arabic-united-arab-emirates.png","contentUrl":"https:\/\/talkpal.ai\/wp-content\/uploads\/2023\/04\/arabic-united-arab-emirates.png","width":512,"height":512},{"@type":"BreadcrumbList","@id":"https:\/\/talkpal.ai\/it\/grammatica-araba\/#breadcrumb","itemListElement":[{"@type":"ListItem","position":1,"name":"Homepage","item":"https:\/\/talkpal.ai\/it\/"},{"@type":"ListItem","position":2,"name":"Grammatica araba"}]},{"@type":"WebSite","@id":"https:\/\/talkpal.ai\/it\/#website","url":"https:\/\/talkpal.ai\/it\/","name":"Talkpal","description":"AI Language Learning","publisher":{"@id":"https:\/\/talkpal.ai\/it\/#organization"},"alternateName":"Talkpal AI","potentialAction":[{"@type":"SearchAction","target":{"@type":"EntryPoint","urlTemplate":"https:\/\/talkpal.ai\/it\/?s={search_term_string}"},"query-input":{"@type":"PropertyValueSpecification","valueRequired":true,"valueName":"search_term_string"}}],"inLanguage":"it-IT"},{"@type":"Organization","@id":"https:\/\/talkpal.ai\/it\/#organization","name":"Talkpal, Inc.","alternateName":"Talkpal AI","url":"https:\/\/talkpal.ai\/it\/","logo":{"@type":"ImageObject","inLanguage":"it-IT","@id":"https:\/\/talkpal.ai\/it\/#\/schema\/logo\/image\/","url":"https:\/\/talkpal.ai\/wp-content\/uploads\/2024\/03\/Talkpal-Logo-Icon.png","contentUrl":"https:\/\/talkpal.ai\/wp-content\/uploads\/2024\/03\/Talkpal-Logo-Icon.png","width":2880,"height":2880,"caption":"Talkpal, Inc."},"image":{"@id":"https:\/\/talkpal.ai\/it\/#\/schema\/logo\/image\/"},"sameAs":["https:\/\/www.facebook.com\/profile.php?id=100090733639311","https:\/\/x.com\/talkpalai","https:\/\/www.linkedin.com\/company\/talkpal\/","https:\/\/www.youtube.com\/@TalkPal\/","https:\/\/www.tiktok.com\/@talkpal","https:\/\/www.instagram.com\/talkpal_ai\/","https:\/\/www.crunchbase.com\/organization\/talkpal-9cde","https:\/\/www.g2.com\/products\/talkpal-for-business\/","https:\/\/www.trustpilot.com\/review\/talkpal.ai","https:\/\/www.capterra.com\/p\/10006800\/TalkPal\/"],"description":"Talkpal is a language learning web and mobile education app, powered by the latest AI technologies, that provides engaging experiences to its customers in many different languages to help them improve their language skills. Users can chat about unlimited amount of topics with the app and use other modes to practice their language learning.","email":"support@talkpal.ai","legalName":"Talkpal, Inc.","foundingDate":"2023-04-03","duns":"118989042","numberOfEmployees":{"@type":"QuantitativeValue","minValue":"11","maxValue":"50"},"publishingPrinciples":"https:\/\/talkpal.ai\/publishing-principles\/","actionableFeedbackPolicy":"https:\/\/talkpal.ai\/actionable-feedback-policy\/","correctionsPolicy":"https:\/\/talkpal.ai\/corrections-policy\/","ethicsPolicy":"https:\/\/talkpal.ai\/ethics-policy\/","diversityPolicy":"https:\/\/talkpal.ai\/diversity-policy\/","diversityStaffingReport":"https:\/\/talkpal.ai\/diversity-policy\/"}]}},"_links":{"self":[{"href":"https:\/\/talkpal.ai\/it\/wp-json\/wp\/v2\/pages\/128152","targetHints":{"allow":["GET"]}}],"collection":[{"href":"https:\/\/talkpal.ai\/it\/wp-json\/wp\/v2\/pages"}],"about":[{"href":"https:\/\/talkpal.ai\/it\/wp-json\/wp\/v2\/types\/page"}],"author":[{"embeddable":true,"href":"https:\/\/talkpal.ai\/it\/wp-json\/wp\/v2\/users\/1"}],"replies":[{"embeddable":true,"href":"https:\/\/talkpal.ai\/it\/wp-json\/wp\/v2\/comments?post=128152"}],"version-history":[{"count":0,"href":"https:\/\/talkpal.ai\/it\/wp-json\/wp\/v2\/pages\/128152\/revisions"}],"wp:featuredmedia":[{"embeddable":true,"href":"https:\/\/talkpal.ai\/it\/wp-json\/wp\/v2\/media\/11553"}],"wp:attachment":[{"href":"https:\/\/talkpal.ai\/it\/wp-json\/wp\/v2\/media?parent=128152"}],"curies":[{"name":"wp","href":"https:\/\/api.w.org\/{rel}","templated":true}]}}