{"id":998027,"date":"2023-10-09T10:03:45","date_gmt":"2023-10-09T10:03:45","guid":{"rendered":"https:\/\/talkpal.ai\/leidbeiningar-um-askriftarstjornun\/"},"modified":"2025-07-12T09:47:22","modified_gmt":"2025-07-12T09:47:22","slug":"leidbeiningar-um-askriftarstjornun","status":"publish","type":"page","link":"https:\/\/talkpal.ai\/is\/leidbeiningar-um-askriftarstjornun\/","title":{"rendered":"Lei\u00f0beiningar um \u00e1skriftarstj\u00f3rnun"},"content":{"rendered":"\n<p>\u00de\u00fa getur stj\u00f3rna\u00f0 \u00e1skriftum \u00fe\u00ednum \u00ed <a href=\"https:\/\/talkpal.ai\/es\/descargar-la-aplicacion-talkpal-para-android-e-ios\/\">App Store<\/a> okkar (Apple <a href=\"https:\/\/talkpal.ai\/es\/descargar-la-aplicacion-talkpal-para-android-e-ios\/\">iOS<\/a>), Google Play (Android) e\u00f0a vefs\u00ed\u00f0uforritum.<\/p>\n\n<h2 class=\"wp-block-heading\" id=\"h-app-store-apple-ios\">App Store (Apple iOS)<\/h2>\n\n<p>Vinsamlegast athugi\u00f0: \u00de\u00fa \u00fearft a\u00f0 segja upp Apple \u00e1skriftinni \u00feinni e\u00f0a prufu\u00e1skriftinni a\u00f0 minnsta kosti 24 klukkustundum \u00e1\u00f0ur en henni l\u00fdkur. Ef \u00fe\u00fa h\u00e6ttir vi\u00f0 \u00fea\u00f0 \u00e1 lokadeginum endurn\u00fdjast \u00fea\u00f0 sj\u00e1lfkrafa.<\/p>\n\n<p>Til a\u00f0 segja upp <a href=\"https:\/\/talkpal.ai\/ko\/ai-%ec%96%b8%ec%96%b4-%ea%b5%90%ec%82%ac\/\">Talkpal<\/a> \u00e1skriftinni \u00feinni \u00ed gegnum App Store skaltu fylgja \u00feessum skrefum \u00e1 iOS t\u00e6kinu \u00fe\u00ednu:<\/p>\n\n<p><strong>Skref 1<\/strong> &#8211; Opna\u00f0u stillingarforriti\u00f0.<\/p>\n\n<p><strong>Skref 2<\/strong> &#8211; Veldu Apple ID \u00feitt efst \u00e1 s\u00ed\u00f0unni.<\/p>\n\n<p><strong>Skref 3<\/strong> &#8211; Veldu &#8222;Sko\u00f0a Apple ID&#8220;<\/p>\n\n<p><strong>Skref 4<\/strong> &#8211; Far\u00f0u \u00ed &#8222;\u00c1skriftir&#8220; og veldu \u00feann sem \u00fe\u00fa vilt segja upp.<\/p>\n\n<p><strong>Skref 5<\/strong> &#8211; Banka\u00f0u \u00e1 &#8222;H\u00e6tta \u00e1skrift&#8220;.<\/p>\n\n<h2 class=\"wp-block-heading\" id=\"h-google-play-android\">Google Play (Android)<\/h2>\n\n<p><b>Skref 1<\/b> &#8211; Far\u00f0u a\u00f0 \u00e1skriftunum \u00fe\u00ednum \u00ed Google Play \u00ed Android t\u00e6kinu \u00fe\u00ednu.<\/p>\n\n<p><b>Skref 2<\/b> &#8211; Veldu \u00e1skriftina sem \u00fe\u00fa vilt segja upp.<\/p>\n\n<p><b>Skref 3<\/b> &#8211; <a href=\"https:\/\/talkpal.ai\/is\/yttu-a\/\">\u00ddttu \u00e1<\/a> H\u00e6tta \u00e1skrift.<\/p>\n\n<h2 class=\"wp-block-heading\" id=\"h-website\">Vefs\u00ed\u00f0a<\/h2>\n\n<p><b>Skref 1<\/b> &#8211; Far\u00f0u \u00e1 reikningss\u00ed\u00f0una \u00fe\u00edna.<\/p>\n\n<p><b>Skref 2<\/b> &#8211; Skruna\u00f0u ni\u00f0ur a\u00f0 hlutanum \u201e\u00c1skrift\u201c.<\/p>\n\n<p><b>Skref 3<\/b> &#8211; Smelltu \u00e1 &#8222;H\u00e6tta \u00e1skrift&#8220;.<\/p>\n","protected":false},"excerpt":{"rendered":"<p>\u00de\u00fa getur stj\u00f3rna\u00f0 \u00e1skriftum \u00fe\u00ednum \u00ed App Store okkar (Apple iOS), Google Play (Android) e\u00f0a vefs\u00ed\u00f0uforritum. App Store (Apple iOS) Vinsamlegast athugi\u00f0: \u00de\u00fa \u00fearft a\u00f0 segja upp Apple \u00e1skriftinni \u00feinni e\u00f0a prufu\u00e1skriftinni a\u00f0 minnsta kosti 24 klukkustundum \u00e1\u00f0ur en henni l\u00fdkur. Ef \u00fe\u00fa h\u00e6ttir vi\u00f0 \u00fea\u00f0 \u00e1 lokadeginum endurn\u00fdjast \u00fea\u00f0 sj\u00e1lfkrafa. Til a\u00f0 segja upp [&hellip;]<\/p>\n","protected":false},"author":10,"featured_media":197961,"parent":0,"menu_order":0,"comment_status":"closed","ping_status":"closed","template":"","meta":{"_acf_changed":false,"footnotes":""},"class_list":["post-998027","page","type-page","status-publish","has-post-thumbnail","hentry"],"acf":[],"yoast_head":"<!-- This site is optimized with the Yoast SEO Premium plugin v27.2 (Yoast SEO v27.2) - https:\/\/yoast.com\/product\/yoast-seo-premium-wordpress\/ -->\n<title>Lei\u00f0beiningar um \u00e1skriftarstj\u00f3rnun - Talkpal<\/title>\n<meta name=\"description\" content=\"Fylgdu \u00feessum lei\u00f0beiningum um \u00e1skriftarstj\u00f3rnun til a\u00f0 segja upp \u00e1skriftum \u00fe\u00ednum \u00e1 Apple e\u00f0a Google Play forritum \u00e1 au\u00f0veldan h\u00e1tt.\" \/>\n<meta name=\"robots\" content=\"index, follow, max-snippet:-1, max-image-preview:large, max-video-preview:-1\" \/>\n<link rel=\"canonical\" href=\"https:\/\/talkpal.ai\/is\/leidbeiningar-um-askriftarstjornun\/\" \/>\n<meta property=\"og:locale\" content=\"is_IS\" \/>\n<meta property=\"og:type\" content=\"article\" \/>\n<meta property=\"og:title\" content=\"Lei\u00f0beiningar um \u00e1skriftarstj\u00f3rnun\" \/>\n<meta property=\"og:description\" content=\"\u00de\u00fa getur stj\u00f3rna\u00f0 \u00e1skriftum \u00fe\u00ednum \u00ed App Store okkar (Apple iOS), Google Play (Android) e\u00f0a vefs\u00ed\u00f0uforritum. App Store (Apple iOS) Vinsamlegast athugi\u00f0: \u00de\u00fa\" \/>\n<meta property=\"og:url\" content=\"https:\/\/talkpal.ai\/is\/leidbeiningar-um-askriftarstjornun\/\" \/>\n<meta property=\"og:site_name\" content=\"Talkpal\" \/>\n<meta property=\"article:publisher\" content=\"https:\/\/www.facebook.com\/profile.php?id=100090733639311\" \/>\n<meta property=\"article:modified_time\" content=\"2025-07-12T09:47:22+00:00\" \/>\n<meta property=\"og:image\" content=\"https:\/\/talkpal.ai\/wp-content\/uploads\/2024\/03\/Talkpal-Logo-Icon.png\" \/>\n\t<meta property=\"og:image:width\" content=\"5000\" \/>\n\t<meta property=\"og:image:height\" content=\"5000\" \/>\n\t<meta property=\"og:image:type\" content=\"image\/png\" \/>\n<meta name=\"twitter:card\" content=\"summary_large_image\" \/>\n<meta name=\"twitter:site\" content=\"@talkpalai\" \/>\n<meta name=\"twitter:label1\" content=\"Est. reading time\" \/>\n\t<meta name=\"twitter:data1\" content=\"1 minute\" \/>\n<script type=\"application\/ld+json\" class=\"yoast-schema-graph\">{\"@context\":\"https:\/\/schema.org\",\"@graph\":[{\"@type\":\"WebPage\",\"@id\":\"https:\/\/talkpal.ai\/is\/leidbeiningar-um-askriftarstjornun\/\",\"url\":\"https:\/\/talkpal.ai\/is\/leidbeiningar-um-askriftarstjornun\/\",\"name\":\"Lei\u00f0beiningar um \u00e1skriftarstj\u00f3rnun - Talkpal\",\"isPartOf\":{\"@id\":\"https:\/\/talkpal.ai\/is\/#website\"},\"primaryImageOfPage\":{\"@id\":\"https:\/\/talkpal.ai\/is\/leidbeiningar-um-askriftarstjornun\/#primaryimage\"},\"image\":{\"@id\":\"https:\/\/talkpal.ai\/is\/leidbeiningar-um-askriftarstjornun\/#primaryimage\"},\"thumbnailUrl\":\"https:\/\/talkpal.ai\/wp-content\/uploads\/2024\/03\/Talkpal-Logo-Icon.png\",\"datePublished\":\"2023-10-09T10:03:45+00:00\",\"dateModified\":\"2025-07-12T09:47:22+00:00\",\"description\":\"Fylgdu \u00feessum lei\u00f0beiningum um \u00e1skriftarstj\u00f3rnun til a\u00f0 segja upp \u00e1skriftum \u00fe\u00ednum \u00e1 Apple e\u00f0a Google Play forritum \u00e1 au\u00f0veldan h\u00e1tt.\",\"breadcrumb\":{\"@id\":\"https:\/\/talkpal.ai\/is\/leidbeiningar-um-askriftarstjornun\/#breadcrumb\"},\"inLanguage\":\"is\",\"potentialAction\":[{\"@type\":\"ReadAction\",\"target\":[\"https:\/\/talkpal.ai\/is\/leidbeiningar-um-askriftarstjornun\/\"]}]},{\"@type\":\"ImageObject\",\"inLanguage\":\"is\",\"@id\":\"https:\/\/talkpal.ai\/is\/leidbeiningar-um-askriftarstjornun\/#primaryimage\",\"url\":\"https:\/\/talkpal.ai\/wp-content\/uploads\/2024\/03\/Talkpal-Logo-Icon.png\",\"contentUrl\":\"https:\/\/talkpal.ai\/wp-content\/uploads\/2024\/03\/Talkpal-Logo-Icon.png\",\"width\":5000,\"height\":5000,\"caption\":\"talkpal logo\"},{\"@type\":\"BreadcrumbList\",\"@id\":\"https:\/\/talkpal.ai\/is\/leidbeiningar-um-askriftarstjornun\/#breadcrumb\",\"itemListElement\":[{\"@type\":\"ListItem\",\"position\":1,\"name\":\"Homepage\",\"item\":\"https:\/\/talkpal.ai\/is\/\"},{\"@type\":\"ListItem\",\"position\":2,\"name\":\"Lei\u00f0beiningar um \u00e1skriftarstj\u00f3rnun\"}]},{\"@type\":\"WebSite\",\"@id\":\"https:\/\/talkpal.ai\/is\/#website\",\"url\":\"https:\/\/talkpal.ai\/is\/\",\"name\":\"Talkpal\",\"description\":\"AI Language Learning\",\"publisher\":{\"@id\":\"https:\/\/talkpal.ai\/is\/#organization\"},\"alternateName\":\"Talkpal AI\",\"potentialAction\":[{\"@type\":\"SearchAction\",\"target\":{\"@type\":\"EntryPoint\",\"urlTemplate\":\"https:\/\/talkpal.ai\/is\/?s={search_term_string}\"},\"query-input\":{\"@type\":\"PropertyValueSpecification\",\"valueRequired\":true,\"valueName\":\"search_term_string\"}}],\"inLanguage\":\"is\"},{\"@type\":\"Organization\",\"@id\":\"https:\/\/talkpal.ai\/is\/#organization\",\"name\":\"Talkpal, Inc.\",\"alternateName\":\"Talkpal AI\",\"url\":\"https:\/\/talkpal.ai\/is\/\",\"logo\":{\"@type\":\"ImageObject\",\"inLanguage\":\"is\",\"@id\":\"https:\/\/talkpal.ai\/is\/#\/schema\/logo\/image\/\",\"url\":\"https:\/\/talkpal.ai\/wp-content\/uploads\/2024\/03\/Talkpal-Logo-Icon.png\",\"contentUrl\":\"https:\/\/talkpal.ai\/wp-content\/uploads\/2024\/03\/Talkpal-Logo-Icon.png\",\"width\":2880,\"height\":2880,\"caption\":\"Talkpal, Inc.\"},\"image\":{\"@id\":\"https:\/\/talkpal.ai\/is\/#\/schema\/logo\/image\/\"},\"sameAs\":[\"https:\/\/www.facebook.com\/profile.php?id=100090733639311\",\"https:\/\/x.com\/talkpalai\",\"https:\/\/www.linkedin.com\/company\/talkpal\/\",\"https:\/\/www.youtube.com\/@TalkPal\/\",\"https:\/\/www.tiktok.com\/@talkpal\",\"https:\/\/www.instagram.com\/talkpal_ai\/\",\"https:\/\/www.crunchbase.com\/organization\/talkpal-9cde\",\"https:\/\/www.g2.com\/products\/talkpal-for-business\/\",\"https:\/\/www.trustpilot.com\/review\/talkpal.ai\",\"https:\/\/www.capterra.com\/p\/10006800\/TalkPal\/\"],\"description\":\"Talkpal is a language learning web and mobile education app, powered by the latest AI technologies, that provides engaging experiences to its customers in many different languages to help them improve their language skills. Users can chat about unlimited amount of topics with the app and use other modes to practice their language learning.\",\"email\":\"support@talkpal.ai\",\"legalName\":\"Talkpal, Inc.\",\"foundingDate\":\"2023-04-03\",\"duns\":\"118989042\",\"numberOfEmployees\":{\"@type\":\"QuantitativeValue\",\"minValue\":\"11\",\"maxValue\":\"50\"},\"publishingPrinciples\":\"https:\/\/talkpal.ai\/publishing-principles\/\",\"actionableFeedbackPolicy\":\"https:\/\/talkpal.ai\/actionable-feedback-policy\/\",\"correctionsPolicy\":\"https:\/\/talkpal.ai\/corrections-policy\/\",\"ethicsPolicy\":\"https:\/\/talkpal.ai\/ethics-policy\/\",\"diversityPolicy\":\"https:\/\/talkpal.ai\/diversity-policy\/\",\"diversityStaffingReport\":\"https:\/\/talkpal.ai\/diversity-policy\/\"}]}<\/script>\n<!-- \/ Yoast SEO Premium plugin. -->","yoast_head_json":{"title":"Lei\u00f0beiningar um \u00e1skriftarstj\u00f3rnun - Talkpal","description":"Fylgdu \u00feessum lei\u00f0beiningum um \u00e1skriftarstj\u00f3rnun til a\u00f0 segja upp \u00e1skriftum \u00fe\u00ednum \u00e1 Apple e\u00f0a Google Play forritum \u00e1 au\u00f0veldan h\u00e1tt.","robots":{"index":"index","follow":"follow","max-snippet":"max-snippet:-1","max-image-preview":"max-image-preview:large","max-video-preview":"max-video-preview:-1"},"canonical":"https:\/\/talkpal.ai\/is\/leidbeiningar-um-askriftarstjornun\/","og_locale":"is_IS","og_type":"article","og_title":"Lei\u00f0beiningar um \u00e1skriftarstj\u00f3rnun","og_description":"\u00de\u00fa getur stj\u00f3rna\u00f0 \u00e1skriftum \u00fe\u00ednum \u00ed App Store okkar (Apple iOS), Google Play (Android) e\u00f0a vefs\u00ed\u00f0uforritum. App Store (Apple iOS) Vinsamlegast athugi\u00f0: \u00de\u00fa","og_url":"https:\/\/talkpal.ai\/is\/leidbeiningar-um-askriftarstjornun\/","og_site_name":"Talkpal","article_publisher":"https:\/\/www.facebook.com\/profile.php?id=100090733639311","article_modified_time":"2025-07-12T09:47:22+00:00","og_image":[{"width":5000,"height":5000,"url":"https:\/\/talkpal.ai\/wp-content\/uploads\/2024\/03\/Talkpal-Logo-Icon.png","type":"image\/png"}],"twitter_card":"summary_large_image","twitter_site":"@talkpalai","twitter_misc":{"Est. reading time":"1 minute"},"schema":{"@context":"https:\/\/schema.org","@graph":[{"@type":"WebPage","@id":"https:\/\/talkpal.ai\/is\/leidbeiningar-um-askriftarstjornun\/","url":"https:\/\/talkpal.ai\/is\/leidbeiningar-um-askriftarstjornun\/","name":"Lei\u00f0beiningar um \u00e1skriftarstj\u00f3rnun - Talkpal","isPartOf":{"@id":"https:\/\/talkpal.ai\/is\/#website"},"primaryImageOfPage":{"@id":"https:\/\/talkpal.ai\/is\/leidbeiningar-um-askriftarstjornun\/#primaryimage"},"image":{"@id":"https:\/\/talkpal.ai\/is\/leidbeiningar-um-askriftarstjornun\/#primaryimage"},"thumbnailUrl":"https:\/\/talkpal.ai\/wp-content\/uploads\/2024\/03\/Talkpal-Logo-Icon.png","datePublished":"2023-10-09T10:03:45+00:00","dateModified":"2025-07-12T09:47:22+00:00","description":"Fylgdu \u00feessum lei\u00f0beiningum um \u00e1skriftarstj\u00f3rnun til a\u00f0 segja upp \u00e1skriftum \u00fe\u00ednum \u00e1 Apple e\u00f0a Google Play forritum \u00e1 au\u00f0veldan h\u00e1tt.","breadcrumb":{"@id":"https:\/\/talkpal.ai\/is\/leidbeiningar-um-askriftarstjornun\/#breadcrumb"},"inLanguage":"is","potentialAction":[{"@type":"ReadAction","target":["https:\/\/talkpal.ai\/is\/leidbeiningar-um-askriftarstjornun\/"]}]},{"@type":"ImageObject","inLanguage":"is","@id":"https:\/\/talkpal.ai\/is\/leidbeiningar-um-askriftarstjornun\/#primaryimage","url":"https:\/\/talkpal.ai\/wp-content\/uploads\/2024\/03\/Talkpal-Logo-Icon.png","contentUrl":"https:\/\/talkpal.ai\/wp-content\/uploads\/2024\/03\/Talkpal-Logo-Icon.png","width":5000,"height":5000,"caption":"talkpal logo"},{"@type":"BreadcrumbList","@id":"https:\/\/talkpal.ai\/is\/leidbeiningar-um-askriftarstjornun\/#breadcrumb","itemListElement":[{"@type":"ListItem","position":1,"name":"Homepage","item":"https:\/\/talkpal.ai\/is\/"},{"@type":"ListItem","position":2,"name":"Lei\u00f0beiningar um \u00e1skriftarstj\u00f3rnun"}]},{"@type":"WebSite","@id":"https:\/\/talkpal.ai\/is\/#website","url":"https:\/\/talkpal.ai\/is\/","name":"Talkpal","description":"AI Language Learning","publisher":{"@id":"https:\/\/talkpal.ai\/is\/#organization"},"alternateName":"Talkpal AI","potentialAction":[{"@type":"SearchAction","target":{"@type":"EntryPoint","urlTemplate":"https:\/\/talkpal.ai\/is\/?s={search_term_string}"},"query-input":{"@type":"PropertyValueSpecification","valueRequired":true,"valueName":"search_term_string"}}],"inLanguage":"is"},{"@type":"Organization","@id":"https:\/\/talkpal.ai\/is\/#organization","name":"Talkpal, Inc.","alternateName":"Talkpal AI","url":"https:\/\/talkpal.ai\/is\/","logo":{"@type":"ImageObject","inLanguage":"is","@id":"https:\/\/talkpal.ai\/is\/#\/schema\/logo\/image\/","url":"https:\/\/talkpal.ai\/wp-content\/uploads\/2024\/03\/Talkpal-Logo-Icon.png","contentUrl":"https:\/\/talkpal.ai\/wp-content\/uploads\/2024\/03\/Talkpal-Logo-Icon.png","width":2880,"height":2880,"caption":"Talkpal, Inc."},"image":{"@id":"https:\/\/talkpal.ai\/is\/#\/schema\/logo\/image\/"},"sameAs":["https:\/\/www.facebook.com\/profile.php?id=100090733639311","https:\/\/x.com\/talkpalai","https:\/\/www.linkedin.com\/company\/talkpal\/","https:\/\/www.youtube.com\/@TalkPal\/","https:\/\/www.tiktok.com\/@talkpal","https:\/\/www.instagram.com\/talkpal_ai\/","https:\/\/www.crunchbase.com\/organization\/talkpal-9cde","https:\/\/www.g2.com\/products\/talkpal-for-business\/","https:\/\/www.trustpilot.com\/review\/talkpal.ai","https:\/\/www.capterra.com\/p\/10006800\/TalkPal\/"],"description":"Talkpal is a language learning web and mobile education app, powered by the latest AI technologies, that provides engaging experiences to its customers in many different languages to help them improve their language skills. Users can chat about unlimited amount of topics with the app and use other modes to practice their language learning.","email":"support@talkpal.ai","legalName":"Talkpal, Inc.","foundingDate":"2023-04-03","duns":"118989042","numberOfEmployees":{"@type":"QuantitativeValue","minValue":"11","maxValue":"50"},"publishingPrinciples":"https:\/\/talkpal.ai\/publishing-principles\/","actionableFeedbackPolicy":"https:\/\/talkpal.ai\/actionable-feedback-policy\/","correctionsPolicy":"https:\/\/talkpal.ai\/corrections-policy\/","ethicsPolicy":"https:\/\/talkpal.ai\/ethics-policy\/","diversityPolicy":"https:\/\/talkpal.ai\/diversity-policy\/","diversityStaffingReport":"https:\/\/talkpal.ai\/diversity-policy\/"}]}},"_links":{"self":[{"href":"https:\/\/talkpal.ai\/is\/wp-json\/wp\/v2\/pages\/998027","targetHints":{"allow":["GET"]}}],"collection":[{"href":"https:\/\/talkpal.ai\/is\/wp-json\/wp\/v2\/pages"}],"about":[{"href":"https:\/\/talkpal.ai\/is\/wp-json\/wp\/v2\/types\/page"}],"author":[{"embeddable":true,"href":"https:\/\/talkpal.ai\/is\/wp-json\/wp\/v2\/users\/10"}],"replies":[{"embeddable":true,"href":"https:\/\/talkpal.ai\/is\/wp-json\/wp\/v2\/comments?post=998027"}],"version-history":[{"count":0,"href":"https:\/\/talkpal.ai\/is\/wp-json\/wp\/v2\/pages\/998027\/revisions"}],"wp:featuredmedia":[{"embeddable":true,"href":"https:\/\/talkpal.ai\/is\/wp-json\/wp\/v2\/media\/197961"}],"wp:attachment":[{"href":"https:\/\/talkpal.ai\/is\/wp-json\/wp\/v2\/media?parent=998027"}],"curies":[{"name":"wp","href":"https:\/\/api.w.org\/{rel}","templated":true}]}}