{"id":994806,"date":"2023-12-20T15:42:12","date_gmt":"2023-12-20T15:42:12","guid":{"rendered":"https:\/\/talkpal.ai\/leidbeiningar-um-ad-baeta-vid-afslattarmidakoda-i-stripe-checkout\/"},"modified":"2025-06-19T18:08:08","modified_gmt":"2025-06-19T18:08:08","slug":"leidbeiningar-um-ad-baeta-vid-afslattarmidakoda-i-stripe-checkout","status":"publish","type":"page","link":"https:\/\/talkpal.ai\/is\/leidbeiningar-um-ad-baeta-vid-afslattarmidakoda-i-stripe-checkout\/","title":{"rendered":"Lei\u00f0beiningar um a\u00f0 b\u00e6ta vi\u00f0 afsl\u00e1ttarmi\u00f0ak\u00f3\u00f0a \u00ed Stripe Checkout"},"content":{"rendered":"\n<p>B\u00e6ttu vi\u00f0 afsl\u00e1ttarmi\u00f0a k\u00f3\u00f0a og f\u00e1\u00f0u afsl\u00e1tt.<\/p>\n\n<h2 class=\"wp-block-heading\" id=\"h-follow-the-steps\">Fylgdu skrefunum<\/h2>\n\n<h3 class=\"wp-block-heading\" id=\"h-step-1\">Skref 1:<\/h3>\n\n<p>Veldu valinn \u00e1\u00e6tlun.<\/p>\n\n<figure class=\"wp-block-image\"><img decoding=\"async\" src=\"https:\/\/talkpal.ai\/wp-content\/uploads\/2024\/12\/Choos-plan-screen-768x389.png\" alt=\"\"\/><\/figure>\n\n<h3 class=\"wp-block-heading\" id=\"h-step-2\">Skref 2:<\/h3>\n\n<p>Veldu \u00feann m\u00f6guleika a\u00f0 grei\u00f0a me\u00f0 korti og <a href=\"https:\/\/talkpal.ai\/is\/yttu-a\/\">\u00fdttu \u00e1<\/a> starthnappinn.<\/p>\n\n<figure class=\"wp-block-image\"><img decoding=\"async\" src=\"https:\/\/talkpal.ai\/wp-content\/uploads\/2024\/12\/Payment-method-screen-768x389.png\" alt=\"\"\/><\/figure>\n\n<h3 class=\"wp-block-heading\" id=\"h-step-3\">Skref 3:<\/h3>\n\n<p>\u00de\u00e9r ver\u00f0ur v\u00edsa\u00f0 \u00e1 grei\u00f0slus\u00ed\u00f0una Stripe.<\/p>\n\n<h3 class=\"wp-block-heading\" id=\"h-step-4\">Skref 4:<\/h3>\n\n<p><a href=\"https:\/\/talkpal.ai\/is\/yttu-a\/\">\u00ddttu \u00e1<\/a> \u201eB\u00e6ta vi\u00f0 kynningark\u00f3\u00f0a\u201c og sl\u00e1\u00f0u inn k\u00f3\u00f0ann, til d\u00e6mis: <strong>JOIN25<\/strong> og \u00fdttu \u00e1 \u201eNota\u201c.<\/p>\n\n<figure class=\"wp-block-image\"><img decoding=\"async\" src=\"https:\/\/talkpal.ai\/wp-content\/uploads\/2024\/05\/Talkpal-Stripe-instructions-1024x593.png\" alt=\"\"\/><\/figure>\n\n<h3 class=\"wp-block-heading\" id=\"h-step-5\">Skref 5:<\/h3>\n\n<p>Fylltu \u00fat kortauppl\u00fdsingarnar \u00fe\u00ednar og byrja\u00f0u a\u00f0 kanna Premium reikninginn \u00feinn.<\/p>\n\n<p><\/p>\n","protected":false},"excerpt":{"rendered":"<p>B\u00e6ttu vi\u00f0 afsl\u00e1ttarmi\u00f0a k\u00f3\u00f0a og f\u00e1\u00f0u afsl\u00e1tt. Fylgdu skrefunum Skref 1: Veldu valinn \u00e1\u00e6tlun. Skref 2: Veldu \u00feann m\u00f6guleika a\u00f0 grei\u00f0a me\u00f0 korti og \u00fdttu \u00e1 starthnappinn. Skref 3: \u00de\u00e9r ver\u00f0ur v\u00edsa\u00f0 \u00e1 grei\u00f0slus\u00ed\u00f0una Stripe. Skref 4: \u00ddttu \u00e1 \u201eB\u00e6ta vi\u00f0 kynningark\u00f3\u00f0a\u201c og sl\u00e1\u00f0u inn k\u00f3\u00f0ann, til d\u00e6mis: JOIN25 og \u00fdttu \u00e1 \u201eNota\u201c. Skref 5: [&hellip;]<\/p>\n","protected":false},"author":6,"featured_media":197961,"parent":0,"menu_order":0,"comment_status":"closed","ping_status":"closed","template":"","meta":{"_acf_changed":false,"footnotes":""},"class_list":["post-994806","page","type-page","status-publish","has-post-thumbnail","hentry"],"acf":[],"yoast_head":"<!-- This site is optimized with the Yoast SEO Premium plugin v27.2 (Yoast SEO v27.2) - https:\/\/yoast.com\/product\/yoast-seo-premium-wordpress\/ -->\n<title>Lei\u00f0beiningar um a\u00f0 b\u00e6ta vi\u00f0 afsl\u00e1ttarmi\u00f0ak\u00f3\u00f0a \u00ed Stripe Checkout - Talkpal<\/title>\n<meta name=\"description\" content=\"L\u00e6r\u00f0u hvernig \u00e1 a\u00f0 b\u00e6ta vi\u00f0 afsl\u00e1ttark\u00f3\u00f0um au\u00f0veldlega \u00ed Stripe Checkout. Fylgdu einf\u00f6ldum skrefum til a\u00f0 b\u00e6ta upplifun vi\u00f0skiptavina vi\u00f0 grei\u00f0slu.\" \/>\n<meta name=\"robots\" content=\"index, follow, max-snippet:-1, max-image-preview:large, max-video-preview:-1\" \/>\n<link rel=\"canonical\" href=\"https:\/\/talkpal.ai\/is\/leidbeiningar-um-ad-baeta-vid-afslattarmidakoda-i-stripe-checkout\/\" \/>\n<meta property=\"og:locale\" content=\"is_IS\" \/>\n<meta property=\"og:type\" content=\"article\" \/>\n<meta property=\"og:title\" content=\"Lei\u00f0beiningar um a\u00f0 b\u00e6ta vi\u00f0 afsl\u00e1ttarmi\u00f0ak\u00f3\u00f0a \u00ed Stripe Checkout\" \/>\n<meta property=\"og:description\" content=\"B\u00e6ttu vi\u00f0 afsl\u00e1ttarmi\u00f0a k\u00f3\u00f0a og f\u00e1\u00f0u afsl\u00e1tt. Fylgdu skrefunum Skref 1: Veldu valinn \u00e1\u00e6tlun. Skref 2: Veldu \u00feann m\u00f6guleika a\u00f0 grei\u00f0a me\u00f0 korti og \u00fdttu \u00e1\" \/>\n<meta property=\"og:url\" content=\"https:\/\/talkpal.ai\/is\/leidbeiningar-um-ad-baeta-vid-afslattarmidakoda-i-stripe-checkout\/\" \/>\n<meta property=\"og:site_name\" content=\"Talkpal\" \/>\n<meta property=\"article:publisher\" content=\"https:\/\/www.facebook.com\/profile.php?id=100090733639311\" \/>\n<meta property=\"article:modified_time\" content=\"2025-06-19T18:08:08+00:00\" \/>\n<meta property=\"og:image\" content=\"https:\/\/talkpal.ai\/wp-content\/uploads\/2024\/03\/Talkpal-Logo-Icon.png\" \/>\n\t<meta property=\"og:image:width\" content=\"5000\" \/>\n\t<meta property=\"og:image:height\" content=\"5000\" \/>\n\t<meta property=\"og:image:type\" content=\"image\/png\" \/>\n<meta name=\"twitter:card\" content=\"summary_large_image\" \/>\n<meta name=\"twitter:site\" content=\"@talkpalai\" \/>\n<script type=\"application\/ld+json\" class=\"yoast-schema-graph\">{\"@context\":\"https:\/\/schema.org\",\"@graph\":[{\"@type\":\"WebPage\",\"@id\":\"https:\/\/talkpal.ai\/is\/leidbeiningar-um-ad-baeta-vid-afslattarmidakoda-i-stripe-checkout\/\",\"url\":\"https:\/\/talkpal.ai\/is\/leidbeiningar-um-ad-baeta-vid-afslattarmidakoda-i-stripe-checkout\/\",\"name\":\"Lei\u00f0beiningar um a\u00f0 b\u00e6ta vi\u00f0 afsl\u00e1ttarmi\u00f0ak\u00f3\u00f0a \u00ed Stripe Checkout - Talkpal\",\"isPartOf\":{\"@id\":\"https:\/\/talkpal.ai\/is\/#website\"},\"primaryImageOfPage\":{\"@id\":\"https:\/\/talkpal.ai\/is\/leidbeiningar-um-ad-baeta-vid-afslattarmidakoda-i-stripe-checkout\/#primaryimage\"},\"image\":{\"@id\":\"https:\/\/talkpal.ai\/is\/leidbeiningar-um-ad-baeta-vid-afslattarmidakoda-i-stripe-checkout\/#primaryimage\"},\"thumbnailUrl\":\"https:\/\/talkpal.ai\/wp-content\/uploads\/2024\/03\/Talkpal-Logo-Icon.png\",\"datePublished\":\"2023-12-20T15:42:12+00:00\",\"dateModified\":\"2025-06-19T18:08:08+00:00\",\"description\":\"L\u00e6r\u00f0u hvernig \u00e1 a\u00f0 b\u00e6ta vi\u00f0 afsl\u00e1ttark\u00f3\u00f0um au\u00f0veldlega \u00ed Stripe Checkout. Fylgdu einf\u00f6ldum skrefum til a\u00f0 b\u00e6ta upplifun vi\u00f0skiptavina vi\u00f0 grei\u00f0slu.\",\"breadcrumb\":{\"@id\":\"https:\/\/talkpal.ai\/is\/leidbeiningar-um-ad-baeta-vid-afslattarmidakoda-i-stripe-checkout\/#breadcrumb\"},\"inLanguage\":\"is\",\"potentialAction\":[{\"@type\":\"ReadAction\",\"target\":[\"https:\/\/talkpal.ai\/is\/leidbeiningar-um-ad-baeta-vid-afslattarmidakoda-i-stripe-checkout\/\"]}]},{\"@type\":\"ImageObject\",\"inLanguage\":\"is\",\"@id\":\"https:\/\/talkpal.ai\/is\/leidbeiningar-um-ad-baeta-vid-afslattarmidakoda-i-stripe-checkout\/#primaryimage\",\"url\":\"https:\/\/talkpal.ai\/wp-content\/uploads\/2024\/03\/Talkpal-Logo-Icon.png\",\"contentUrl\":\"https:\/\/talkpal.ai\/wp-content\/uploads\/2024\/03\/Talkpal-Logo-Icon.png\",\"width\":5000,\"height\":5000,\"caption\":\"talkpal logo\"},{\"@type\":\"BreadcrumbList\",\"@id\":\"https:\/\/talkpal.ai\/is\/leidbeiningar-um-ad-baeta-vid-afslattarmidakoda-i-stripe-checkout\/#breadcrumb\",\"itemListElement\":[{\"@type\":\"ListItem\",\"position\":1,\"name\":\"Homepage\",\"item\":\"https:\/\/talkpal.ai\/is\/\"},{\"@type\":\"ListItem\",\"position\":2,\"name\":\"Lei\u00f0beiningar um a\u00f0 b\u00e6ta vi\u00f0 afsl\u00e1ttarmi\u00f0ak\u00f3\u00f0a \u00ed Stripe Checkout\"}]},{\"@type\":\"WebSite\",\"@id\":\"https:\/\/talkpal.ai\/is\/#website\",\"url\":\"https:\/\/talkpal.ai\/is\/\",\"name\":\"Talkpal\",\"description\":\"AI Language Learning\",\"publisher\":{\"@id\":\"https:\/\/talkpal.ai\/is\/#organization\"},\"alternateName\":\"Talkpal AI\",\"potentialAction\":[{\"@type\":\"SearchAction\",\"target\":{\"@type\":\"EntryPoint\",\"urlTemplate\":\"https:\/\/talkpal.ai\/is\/?s={search_term_string}\"},\"query-input\":{\"@type\":\"PropertyValueSpecification\",\"valueRequired\":true,\"valueName\":\"search_term_string\"}}],\"inLanguage\":\"is\"},{\"@type\":\"Organization\",\"@id\":\"https:\/\/talkpal.ai\/is\/#organization\",\"name\":\"Talkpal, Inc.\",\"alternateName\":\"Talkpal AI\",\"url\":\"https:\/\/talkpal.ai\/is\/\",\"logo\":{\"@type\":\"ImageObject\",\"inLanguage\":\"is\",\"@id\":\"https:\/\/talkpal.ai\/is\/#\/schema\/logo\/image\/\",\"url\":\"https:\/\/talkpal.ai\/wp-content\/uploads\/2024\/03\/Talkpal-Logo-Icon.png\",\"contentUrl\":\"https:\/\/talkpal.ai\/wp-content\/uploads\/2024\/03\/Talkpal-Logo-Icon.png\",\"width\":2880,\"height\":2880,\"caption\":\"Talkpal, Inc.\"},\"image\":{\"@id\":\"https:\/\/talkpal.ai\/is\/#\/schema\/logo\/image\/\"},\"sameAs\":[\"https:\/\/www.facebook.com\/profile.php?id=100090733639311\",\"https:\/\/x.com\/talkpalai\",\"https:\/\/www.linkedin.com\/company\/talkpal\/\",\"https:\/\/www.youtube.com\/@TalkPal\/\",\"https:\/\/www.tiktok.com\/@talkpal\",\"https:\/\/www.instagram.com\/talkpal_ai\/\",\"https:\/\/www.crunchbase.com\/organization\/talkpal-9cde\",\"https:\/\/www.g2.com\/products\/talkpal-for-business\/\",\"https:\/\/www.trustpilot.com\/review\/talkpal.ai\",\"https:\/\/www.capterra.com\/p\/10006800\/TalkPal\/\"],\"description\":\"Talkpal is a language learning web and mobile education app, powered by the latest AI technologies, that provides engaging experiences to its customers in many different languages to help them improve their language skills. Users can chat about unlimited amount of topics with the app and use other modes to practice their language learning.\",\"email\":\"support@talkpal.ai\",\"legalName\":\"Talkpal, Inc.\",\"foundingDate\":\"2023-04-03\",\"duns\":\"118989042\",\"numberOfEmployees\":{\"@type\":\"QuantitativeValue\",\"minValue\":\"11\",\"maxValue\":\"50\"},\"publishingPrinciples\":\"https:\/\/talkpal.ai\/publishing-principles\/\",\"actionableFeedbackPolicy\":\"https:\/\/talkpal.ai\/actionable-feedback-policy\/\",\"correctionsPolicy\":\"https:\/\/talkpal.ai\/corrections-policy\/\",\"ethicsPolicy\":\"https:\/\/talkpal.ai\/ethics-policy\/\",\"diversityPolicy\":\"https:\/\/talkpal.ai\/diversity-policy\/\",\"diversityStaffingReport\":\"https:\/\/talkpal.ai\/diversity-policy\/\"}]}<\/script>\n<!-- \/ Yoast SEO Premium plugin. -->","yoast_head_json":{"title":"Lei\u00f0beiningar um a\u00f0 b\u00e6ta vi\u00f0 afsl\u00e1ttarmi\u00f0ak\u00f3\u00f0a \u00ed Stripe Checkout - Talkpal","description":"L\u00e6r\u00f0u hvernig \u00e1 a\u00f0 b\u00e6ta vi\u00f0 afsl\u00e1ttark\u00f3\u00f0um au\u00f0veldlega \u00ed Stripe Checkout. Fylgdu einf\u00f6ldum skrefum til a\u00f0 b\u00e6ta upplifun vi\u00f0skiptavina vi\u00f0 grei\u00f0slu.","robots":{"index":"index","follow":"follow","max-snippet":"max-snippet:-1","max-image-preview":"max-image-preview:large","max-video-preview":"max-video-preview:-1"},"canonical":"https:\/\/talkpal.ai\/is\/leidbeiningar-um-ad-baeta-vid-afslattarmidakoda-i-stripe-checkout\/","og_locale":"is_IS","og_type":"article","og_title":"Lei\u00f0beiningar um a\u00f0 b\u00e6ta vi\u00f0 afsl\u00e1ttarmi\u00f0ak\u00f3\u00f0a \u00ed Stripe Checkout","og_description":"B\u00e6ttu vi\u00f0 afsl\u00e1ttarmi\u00f0a k\u00f3\u00f0a og f\u00e1\u00f0u afsl\u00e1tt. Fylgdu skrefunum Skref 1: Veldu valinn \u00e1\u00e6tlun. Skref 2: Veldu \u00feann m\u00f6guleika a\u00f0 grei\u00f0a me\u00f0 korti og \u00fdttu \u00e1","og_url":"https:\/\/talkpal.ai\/is\/leidbeiningar-um-ad-baeta-vid-afslattarmidakoda-i-stripe-checkout\/","og_site_name":"Talkpal","article_publisher":"https:\/\/www.facebook.com\/profile.php?id=100090733639311","article_modified_time":"2025-06-19T18:08:08+00:00","og_image":[{"width":5000,"height":5000,"url":"https:\/\/talkpal.ai\/wp-content\/uploads\/2024\/03\/Talkpal-Logo-Icon.png","type":"image\/png"}],"twitter_card":"summary_large_image","twitter_site":"@talkpalai","schema":{"@context":"https:\/\/schema.org","@graph":[{"@type":"WebPage","@id":"https:\/\/talkpal.ai\/is\/leidbeiningar-um-ad-baeta-vid-afslattarmidakoda-i-stripe-checkout\/","url":"https:\/\/talkpal.ai\/is\/leidbeiningar-um-ad-baeta-vid-afslattarmidakoda-i-stripe-checkout\/","name":"Lei\u00f0beiningar um a\u00f0 b\u00e6ta vi\u00f0 afsl\u00e1ttarmi\u00f0ak\u00f3\u00f0a \u00ed Stripe Checkout - Talkpal","isPartOf":{"@id":"https:\/\/talkpal.ai\/is\/#website"},"primaryImageOfPage":{"@id":"https:\/\/talkpal.ai\/is\/leidbeiningar-um-ad-baeta-vid-afslattarmidakoda-i-stripe-checkout\/#primaryimage"},"image":{"@id":"https:\/\/talkpal.ai\/is\/leidbeiningar-um-ad-baeta-vid-afslattarmidakoda-i-stripe-checkout\/#primaryimage"},"thumbnailUrl":"https:\/\/talkpal.ai\/wp-content\/uploads\/2024\/03\/Talkpal-Logo-Icon.png","datePublished":"2023-12-20T15:42:12+00:00","dateModified":"2025-06-19T18:08:08+00:00","description":"L\u00e6r\u00f0u hvernig \u00e1 a\u00f0 b\u00e6ta vi\u00f0 afsl\u00e1ttark\u00f3\u00f0um au\u00f0veldlega \u00ed Stripe Checkout. Fylgdu einf\u00f6ldum skrefum til a\u00f0 b\u00e6ta upplifun vi\u00f0skiptavina vi\u00f0 grei\u00f0slu.","breadcrumb":{"@id":"https:\/\/talkpal.ai\/is\/leidbeiningar-um-ad-baeta-vid-afslattarmidakoda-i-stripe-checkout\/#breadcrumb"},"inLanguage":"is","potentialAction":[{"@type":"ReadAction","target":["https:\/\/talkpal.ai\/is\/leidbeiningar-um-ad-baeta-vid-afslattarmidakoda-i-stripe-checkout\/"]}]},{"@type":"ImageObject","inLanguage":"is","@id":"https:\/\/talkpal.ai\/is\/leidbeiningar-um-ad-baeta-vid-afslattarmidakoda-i-stripe-checkout\/#primaryimage","url":"https:\/\/talkpal.ai\/wp-content\/uploads\/2024\/03\/Talkpal-Logo-Icon.png","contentUrl":"https:\/\/talkpal.ai\/wp-content\/uploads\/2024\/03\/Talkpal-Logo-Icon.png","width":5000,"height":5000,"caption":"talkpal logo"},{"@type":"BreadcrumbList","@id":"https:\/\/talkpal.ai\/is\/leidbeiningar-um-ad-baeta-vid-afslattarmidakoda-i-stripe-checkout\/#breadcrumb","itemListElement":[{"@type":"ListItem","position":1,"name":"Homepage","item":"https:\/\/talkpal.ai\/is\/"},{"@type":"ListItem","position":2,"name":"Lei\u00f0beiningar um a\u00f0 b\u00e6ta vi\u00f0 afsl\u00e1ttarmi\u00f0ak\u00f3\u00f0a \u00ed Stripe Checkout"}]},{"@type":"WebSite","@id":"https:\/\/talkpal.ai\/is\/#website","url":"https:\/\/talkpal.ai\/is\/","name":"Talkpal","description":"AI Language Learning","publisher":{"@id":"https:\/\/talkpal.ai\/is\/#organization"},"alternateName":"Talkpal AI","potentialAction":[{"@type":"SearchAction","target":{"@type":"EntryPoint","urlTemplate":"https:\/\/talkpal.ai\/is\/?s={search_term_string}"},"query-input":{"@type":"PropertyValueSpecification","valueRequired":true,"valueName":"search_term_string"}}],"inLanguage":"is"},{"@type":"Organization","@id":"https:\/\/talkpal.ai\/is\/#organization","name":"Talkpal, Inc.","alternateName":"Talkpal AI","url":"https:\/\/talkpal.ai\/is\/","logo":{"@type":"ImageObject","inLanguage":"is","@id":"https:\/\/talkpal.ai\/is\/#\/schema\/logo\/image\/","url":"https:\/\/talkpal.ai\/wp-content\/uploads\/2024\/03\/Talkpal-Logo-Icon.png","contentUrl":"https:\/\/talkpal.ai\/wp-content\/uploads\/2024\/03\/Talkpal-Logo-Icon.png","width":2880,"height":2880,"caption":"Talkpal, Inc."},"image":{"@id":"https:\/\/talkpal.ai\/is\/#\/schema\/logo\/image\/"},"sameAs":["https:\/\/www.facebook.com\/profile.php?id=100090733639311","https:\/\/x.com\/talkpalai","https:\/\/www.linkedin.com\/company\/talkpal\/","https:\/\/www.youtube.com\/@TalkPal\/","https:\/\/www.tiktok.com\/@talkpal","https:\/\/www.instagram.com\/talkpal_ai\/","https:\/\/www.crunchbase.com\/organization\/talkpal-9cde","https:\/\/www.g2.com\/products\/talkpal-for-business\/","https:\/\/www.trustpilot.com\/review\/talkpal.ai","https:\/\/www.capterra.com\/p\/10006800\/TalkPal\/"],"description":"Talkpal is a language learning web and mobile education app, powered by the latest AI technologies, that provides engaging experiences to its customers in many different languages to help them improve their language skills. Users can chat about unlimited amount of topics with the app and use other modes to practice their language learning.","email":"support@talkpal.ai","legalName":"Talkpal, Inc.","foundingDate":"2023-04-03","duns":"118989042","numberOfEmployees":{"@type":"QuantitativeValue","minValue":"11","maxValue":"50"},"publishingPrinciples":"https:\/\/talkpal.ai\/publishing-principles\/","actionableFeedbackPolicy":"https:\/\/talkpal.ai\/actionable-feedback-policy\/","correctionsPolicy":"https:\/\/talkpal.ai\/corrections-policy\/","ethicsPolicy":"https:\/\/talkpal.ai\/ethics-policy\/","diversityPolicy":"https:\/\/talkpal.ai\/diversity-policy\/","diversityStaffingReport":"https:\/\/talkpal.ai\/diversity-policy\/"}]}},"_links":{"self":[{"href":"https:\/\/talkpal.ai\/is\/wp-json\/wp\/v2\/pages\/994806","targetHints":{"allow":["GET"]}}],"collection":[{"href":"https:\/\/talkpal.ai\/is\/wp-json\/wp\/v2\/pages"}],"about":[{"href":"https:\/\/talkpal.ai\/is\/wp-json\/wp\/v2\/types\/page"}],"author":[{"embeddable":true,"href":"https:\/\/talkpal.ai\/is\/wp-json\/wp\/v2\/users\/6"}],"replies":[{"embeddable":true,"href":"https:\/\/talkpal.ai\/is\/wp-json\/wp\/v2\/comments?post=994806"}],"version-history":[{"count":0,"href":"https:\/\/talkpal.ai\/is\/wp-json\/wp\/v2\/pages\/994806\/revisions"}],"wp:featuredmedia":[{"embeddable":true,"href":"https:\/\/talkpal.ai\/is\/wp-json\/wp\/v2\/media\/197961"}],"wp:attachment":[{"href":"https:\/\/talkpal.ai\/is\/wp-json\/wp\/v2\/media?parent=994806"}],"curies":[{"name":"wp","href":"https:\/\/api.w.org\/{rel}","templated":true}]}}