{"id":92948,"date":"2023-12-05T11:40:43","date_gmt":"2023-12-05T11:40:43","guid":{"rendered":"http:\/\/talkpal.ai\/thysk-tungumalaskirteini\/"},"modified":"2026-01-07T15:03:59","modified_gmt":"2026-01-07T15:03:59","slug":"thysk-tungumalaskirteini","status":"publish","type":"page","link":"https:\/\/talkpal.ai\/is\/thysk-tungumalaskirteini\/","title":{"rendered":"\u00de\u00fdsk tungum\u00e1lask\u00edrteini"},"content":{"rendered":"\r\n\r\n\r\n<section class=\"languageChallengeSection\">\r\n    <div class=\"languageInfoWrapper\">\r\n        \r\n        <h1>\u00de\u00fdsk tungum\u00e1lask\u00edrteini<\/h1>\r\n        <p>Talkpal er gervigreindarforrit sem getur hj\u00e1lpa\u00f0 notendum a\u00f0 undirb\u00faa sig fyrir \u00feessi enskupr\u00f3f. Me\u00f0 a\u00f0al\u00e1herslu \u00e1 a\u00f0 b\u00e6ta tal- og hlustunarf\u00e6rni, b\u00fd\u00f0ur Talkpal upp \u00e1 raunh\u00e6f gagnvirk samt\u00f6l og frambur\u00f0ar\u00e6fingar. Gervigreindare\u00f0li \u00feess gerir pers\u00f3nulega endurgj\u00f6f m\u00f6gulega, sem hj\u00e1lpar notendum a\u00f0 skilja framfarir s\u00ednar og sv\u00e6\u00f0i til a\u00f0 b\u00e6ta. \u00de\u00fdska tungum\u00e1lakunn\u00e1tta er oft metin me\u00f0 nokkrum pr\u00f3fum eins og TestDaF, Goethe-Zertifikat, DSH, \u00d6SD og telc. \u00deessi pr\u00f3f veita mat \u00e1 getu \u00feeirra sem ekki hafa ensku a\u00f0 m\u00f3\u00f0urm\u00e1li \u00e1 \u00fe\u00fdsku og eru almennt vi\u00f0urkennd sem formleg h\u00e6fnissk\u00edrteini. Hvert pr\u00f3f hefur s\u00e9rstaka eiginleika sem a\u00f0greina \u00fea\u00f0 fr\u00e1 \u00f6\u00f0rum hva\u00f0 var\u00f0ar tungum\u00e1lakunn\u00e1ttustig, notkun forrita og stigakerfi.<\/p>\r\n\r\n                \r\n    <\/div>\r\n\r\n    <figure>\r\n    <img decoding=\"async\" width=\"768\" height=\"768\" src=\"https:\/\/talkpal.ai\/wp-content\/uploads\/2026\/01\/group-with-phone-in-circle-768x768.webp\" class=\"languageImage no-lazy\" alt=\"Default alt text\" fetchpriority=\"high\" sizes=\"(max-width: 768px) 150px, 768px\" srcset=\"https:\/\/talkpal.ai\/wp-content\/uploads\/2026\/01\/group-with-phone-in-circle-768x768.webp 768w, https:\/\/talkpal.ai\/wp-content\/uploads\/2026\/01\/group-with-phone-in-circle-300x300.webp 300w\" \/>\r\n    \r\n\r\n    <\/figure>\r\n\r\n    \r\n<\/section>\n<div class=\"wp-block-group pageContainerStyle\"><div class=\"wp-block-group__inner-container is-layout-constrained wp-block-group-is-layout-constrained\">\n<h2 class=\"wp-block-heading\" id=\"h-german-language-certificates\">\u00de\u00fdsk tungum\u00e1lask\u00edrteini<\/h2>\n\n\n\r\n                    <div class=\"methodWraper\">\r\n            <div class=\"methodContent\">\r\n                <img decoding=\"async\" src=\"https:\/\/talkpal.ai\/wp-content\/uploads\/2025\/05\/check_icon.png\" alt=\"Checkmark Icon\">\r\n                <h3>TestDaF:<\/h3>\r\n            <\/div>\r\n            <p>TestDaF (Test Deutsch als Fremdsprache): \u00deetta er samr\u00e6mt pr\u00f3f hanna\u00f0 fyrir erlenda \u00fe\u00fdska nemendur sem hyggjast l\u00e6ra e\u00f0a stunda ranns\u00f3knir \u00ed \u00de\u00fdskalandi. Pr\u00f3fi\u00f0 pr\u00f3far f\u00e6rni ums\u00e6kjanda \u00ed \u00f6llum fj\u00f3rum \u00fe\u00e1ttum tungum\u00e1lan\u00e1ms &#8211; lestur, ritun, hlustun og tal.<\/p>\r\n        <\/div>\r\n                    <div class=\"methodWraper\">\r\n            <div class=\"methodContent\">\r\n                <img decoding=\"async\" src=\"https:\/\/talkpal.ai\/wp-content\/uploads\/2025\/05\/check_icon.png\" alt=\"Checkmark Icon\">\r\n                <h3>Goethe-Zertifikat:<\/h3>\r\n            <\/div>\r\n            <p>Goethe-Zertifikat er vi\u00f0urkennt um allan heim, Goethe-Zertifikat pr\u00f3fi\u00f0 hefur nokkur mismunandi stig sem henta f\u00e6rnistigi mismunandi nemenda. \u00dea\u00f0 er frekar skipt \u00ed sex einingar: A1 (byrjandi), A2, B1, B2, C1 og C2 (betri).<\/p>\r\n        <\/div>\r\n                    <div class=\"methodWraper\">\r\n            <div class=\"methodContent\">\r\n                <img decoding=\"async\" src=\"https:\/\/talkpal.ai\/wp-content\/uploads\/2025\/05\/check_icon.png\" alt=\"Checkmark Icon\">\r\n                <h3>DSH:<\/h3>\r\n            <\/div>\r\n            <p>DSH (Deutsche Sprachpr\u00fcfung f\u00fcr den Hochschulzugang): \u00deetta pr\u00f3f er \u00e6tla\u00f0 \u00feeim sem vilja stunda n\u00e1m vi\u00f0 \u00fe\u00fdskan h\u00e1sk\u00f3la og \u00feurfa a\u00f0 s\u00fdna fram \u00e1 tungum\u00e1lakunn\u00e1ttu s\u00edna. DSH er venjulega bo\u00f0i\u00f0 \u00ed gegnum h\u00e1sk\u00f3la og framhj\u00e1merki\u00f0 er venjulega nokku\u00f0 h\u00e1tt.<\/p>\r\n        <\/div>\r\n                    <div class=\"methodWraper\">\r\n            <div class=\"methodContent\">\r\n                <img decoding=\"async\" src=\"https:\/\/talkpal.ai\/wp-content\/uploads\/2025\/05\/check_icon.png\" alt=\"Checkmark Icon\">\r\n                <h3>\u00d6SD:<\/h3>\r\n            <\/div>\r\n            <p>\u00d6SD (\u00d6sterreichisches Sprachdiplom Deutsch): \u00d6SD vottor\u00f0 veitir al\u00fej\u00f3\u00f0lega vi\u00f0urkennda s\u00f6nnun fyrir \u00fe\u00fdskri tungum\u00e1lakunn\u00e1ttu. Me\u00f0 mismunandi pr\u00f3fum til a\u00f0 koma til m\u00f3ts vi\u00f0 mismunandi f\u00e6rnistig er \u00fea\u00f0 vins\u00e6ll kostur me\u00f0al nemenda sem mi\u00f0a a\u00f0 v\u00ed\u00f0t\u00e6kum skilningi \u00e1 \u00fe\u00fdsku tungum\u00e1linu.<\/p>\r\n        <\/div>\r\n                    <div class=\"methodWraper\">\r\n            <div class=\"methodContent\">\r\n                <img decoding=\"async\" src=\"https:\/\/talkpal.ai\/wp-content\/uploads\/2025\/05\/check_icon.png\" alt=\"Checkmark Icon\">\r\n                <h3>telc:<\/h3>\r\n            <\/div>\r\n            <p>telc (Evr\u00f3psku tungum\u00e1lavottor\u00f0in): \u00deetta er anna\u00f0 al\u00fej\u00f3\u00f0legt sta\u00f0la\u00f0 kerfi til a\u00f0 kanna tungum\u00e1laf\u00e6rni. telc b\u00fd\u00f0ur upp \u00e1 vottor\u00f0 fyrir \u00f6ll stig, allt fr\u00e1 A1 til C2. \u00c1hersla er l\u00f6g\u00f0 \u00e1 a\u00f0st\u00e6\u00f0ur daglegs l\u00edfs og vinnusta\u00f0a og n\u00fdtist sk\u00edrteini\u00f0 \u00fev\u00ed s\u00e9rstaklega vel fyrir \u00fe\u00e1 sem eru \u00ed atvinnuleit \u00ed \u00fe\u00fdskum\u00e6landi l\u00f6ndum.<\/p>\r\n        <\/div>\r\n    <\/div><\/div>\n","protected":false},"excerpt":{"rendered":"<p>\u00de\u00fdsk tungum\u00e1lask\u00edrteini<\/p>\n","protected":false},"author":8,"featured_media":75608,"parent":0,"menu_order":0,"comment_status":"closed","ping_status":"closed","template":"simpleContentPage.php","meta":{"_acf_changed":false,"footnotes":""},"class_list":["post-92948","page","type-page","status-publish","has-post-thumbnail","hentry"],"acf":[],"yoast_head":"<!-- This site is optimized with the Yoast SEO Premium plugin v27.2 (Yoast SEO v27.2) - https:\/\/yoast.com\/product\/yoast-seo-premium-wordpress\/ -->\n<title>\u00de\u00fdsk tungum\u00e1lask\u00edrteini - Talkpal<\/title>\n<meta name=\"description\" content=\"F\u00e1\u00f0u vi\u00f0urkennd \u00fe\u00fdsk tungum\u00e1lask\u00edrteini - sta\u00f0festu f\u00e6rni \u00fe\u00edna og fl\u00fdttu fyrir ferli \u00fe\u00ednum!\" \/>\n<meta name=\"robots\" content=\"index, follow, max-snippet:-1, max-image-preview:large, max-video-preview:-1\" \/>\n<link rel=\"canonical\" href=\"https:\/\/talkpal.ai\/is\/thysk-tungumalaskirteini\/\" \/>\n<meta property=\"og:locale\" content=\"is_IS\" \/>\n<meta property=\"og:type\" content=\"article\" \/>\n<meta property=\"og:title\" content=\"\u00de\u00fdsk tungum\u00e1lask\u00edrteini\" \/>\n<meta property=\"og:description\" content=\"\u00de\u00fdsk tungum\u00e1lask\u00edrteini\" \/>\n<meta property=\"og:url\" content=\"https:\/\/talkpal.ai\/is\/thysk-tungumalaskirteini\/\" \/>\n<meta property=\"og:site_name\" content=\"Talkpal\" \/>\n<meta property=\"article:publisher\" content=\"https:\/\/www.facebook.com\/profile.php?id=100090733639311\" \/>\n<meta property=\"article:modified_time\" content=\"2026-01-07T15:03:59+00:00\" \/>\n<meta property=\"og:image\" content=\"https:\/\/talkpal.ai\/wp-content\/uploads\/2023\/03\/germany.png\" \/>\n\t<meta property=\"og:image:width\" content=\"512\" \/>\n\t<meta property=\"og:image:height\" content=\"512\" \/>\n\t<meta property=\"og:image:type\" content=\"image\/png\" \/>\n<meta name=\"twitter:card\" content=\"summary_large_image\" \/>\n<meta name=\"twitter:site\" content=\"@talkpalai\" \/>\n<script type=\"application\/ld+json\" class=\"yoast-schema-graph\">{\"@context\":\"https:\/\/schema.org\",\"@graph\":[{\"@type\":\"WebPage\",\"@id\":\"https:\/\/talkpal.ai\/is\/thysk-tungumalaskirteini\/\",\"url\":\"https:\/\/talkpal.ai\/is\/thysk-tungumalaskirteini\/\",\"name\":\"\u00de\u00fdsk tungum\u00e1lask\u00edrteini - Talkpal\",\"isPartOf\":{\"@id\":\"https:\/\/talkpal.ai\/is\/#website\"},\"primaryImageOfPage\":{\"@id\":\"https:\/\/talkpal.ai\/is\/thysk-tungumalaskirteini\/#primaryimage\"},\"image\":{\"@id\":\"https:\/\/talkpal.ai\/is\/thysk-tungumalaskirteini\/#primaryimage\"},\"thumbnailUrl\":\"https:\/\/talkpal.ai\/wp-content\/uploads\/2023\/03\/germany.png\",\"datePublished\":\"2023-12-05T11:40:43+00:00\",\"dateModified\":\"2026-01-07T15:03:59+00:00\",\"description\":\"F\u00e1\u00f0u vi\u00f0urkennd \u00fe\u00fdsk tungum\u00e1lask\u00edrteini - sta\u00f0festu f\u00e6rni \u00fe\u00edna og fl\u00fdttu fyrir ferli \u00fe\u00ednum!\",\"breadcrumb\":{\"@id\":\"https:\/\/talkpal.ai\/is\/thysk-tungumalaskirteini\/#breadcrumb\"},\"inLanguage\":\"is\",\"potentialAction\":[{\"@type\":\"ReadAction\",\"target\":[\"https:\/\/talkpal.ai\/is\/thysk-tungumalaskirteini\/\"]}]},{\"@type\":\"ImageObject\",\"inLanguage\":\"is\",\"@id\":\"https:\/\/talkpal.ai\/is\/thysk-tungumalaskirteini\/#primaryimage\",\"url\":\"https:\/\/talkpal.ai\/wp-content\/uploads\/2023\/03\/germany.png\",\"contentUrl\":\"https:\/\/talkpal.ai\/wp-content\/uploads\/2023\/03\/germany.png\",\"width\":512,\"height\":512,\"caption\":\"TalkPal AI learn German\"},{\"@type\":\"BreadcrumbList\",\"@id\":\"https:\/\/talkpal.ai\/is\/thysk-tungumalaskirteini\/#breadcrumb\",\"itemListElement\":[{\"@type\":\"ListItem\",\"position\":1,\"name\":\"Homepage\",\"item\":\"https:\/\/talkpal.ai\/is\/\"},{\"@type\":\"ListItem\",\"position\":2,\"name\":\"\u00de\u00fdsk tungum\u00e1lask\u00edrteini\"}]},{\"@type\":\"WebSite\",\"@id\":\"https:\/\/talkpal.ai\/is\/#website\",\"url\":\"https:\/\/talkpal.ai\/is\/\",\"name\":\"Talkpal\",\"description\":\"AI Language Learning\",\"publisher\":{\"@id\":\"https:\/\/talkpal.ai\/is\/#organization\"},\"alternateName\":\"Talkpal AI\",\"potentialAction\":[{\"@type\":\"SearchAction\",\"target\":{\"@type\":\"EntryPoint\",\"urlTemplate\":\"https:\/\/talkpal.ai\/is\/?s={search_term_string}\"},\"query-input\":{\"@type\":\"PropertyValueSpecification\",\"valueRequired\":true,\"valueName\":\"search_term_string\"}}],\"inLanguage\":\"is\"},{\"@type\":\"Organization\",\"@id\":\"https:\/\/talkpal.ai\/is\/#organization\",\"name\":\"Talkpal, Inc.\",\"alternateName\":\"Talkpal AI\",\"url\":\"https:\/\/talkpal.ai\/is\/\",\"logo\":{\"@type\":\"ImageObject\",\"inLanguage\":\"is\",\"@id\":\"https:\/\/talkpal.ai\/is\/#\/schema\/logo\/image\/\",\"url\":\"https:\/\/talkpal.ai\/wp-content\/uploads\/2024\/03\/Talkpal-Logo-Icon.png\",\"contentUrl\":\"https:\/\/talkpal.ai\/wp-content\/uploads\/2024\/03\/Talkpal-Logo-Icon.png\",\"width\":2880,\"height\":2880,\"caption\":\"Talkpal, Inc.\"},\"image\":{\"@id\":\"https:\/\/talkpal.ai\/is\/#\/schema\/logo\/image\/\"},\"sameAs\":[\"https:\/\/www.facebook.com\/profile.php?id=100090733639311\",\"https:\/\/x.com\/talkpalai\",\"https:\/\/www.linkedin.com\/company\/talkpal\/\",\"https:\/\/www.youtube.com\/@TalkPal\/\",\"https:\/\/www.tiktok.com\/@talkpal\",\"https:\/\/www.instagram.com\/talkpal_ai\/\",\"https:\/\/www.crunchbase.com\/organization\/talkpal-9cde\",\"https:\/\/www.g2.com\/products\/talkpal-for-business\/\",\"https:\/\/www.trustpilot.com\/review\/talkpal.ai\",\"https:\/\/www.capterra.com\/p\/10006800\/TalkPal\/\"],\"description\":\"Talkpal is a language learning web and mobile education app, powered by the latest AI technologies, that provides engaging experiences to its customers in many different languages to help them improve their language skills. Users can chat about unlimited amount of topics with the app and use other modes to practice their language learning.\",\"email\":\"support@talkpal.ai\",\"legalName\":\"Talkpal, Inc.\",\"foundingDate\":\"2023-04-03\",\"duns\":\"118989042\",\"numberOfEmployees\":{\"@type\":\"QuantitativeValue\",\"minValue\":\"11\",\"maxValue\":\"50\"},\"publishingPrinciples\":\"https:\/\/talkpal.ai\/publishing-principles\/\",\"actionableFeedbackPolicy\":\"https:\/\/talkpal.ai\/actionable-feedback-policy\/\",\"correctionsPolicy\":\"https:\/\/talkpal.ai\/corrections-policy\/\",\"ethicsPolicy\":\"https:\/\/talkpal.ai\/ethics-policy\/\",\"diversityPolicy\":\"https:\/\/talkpal.ai\/diversity-policy\/\",\"diversityStaffingReport\":\"https:\/\/talkpal.ai\/diversity-policy\/\"}]}<\/script>\n<!-- \/ Yoast SEO Premium plugin. -->","yoast_head_json":{"title":"\u00de\u00fdsk tungum\u00e1lask\u00edrteini - Talkpal","description":"F\u00e1\u00f0u vi\u00f0urkennd \u00fe\u00fdsk tungum\u00e1lask\u00edrteini - sta\u00f0festu f\u00e6rni \u00fe\u00edna og fl\u00fdttu fyrir ferli \u00fe\u00ednum!","robots":{"index":"index","follow":"follow","max-snippet":"max-snippet:-1","max-image-preview":"max-image-preview:large","max-video-preview":"max-video-preview:-1"},"canonical":"https:\/\/talkpal.ai\/is\/thysk-tungumalaskirteini\/","og_locale":"is_IS","og_type":"article","og_title":"\u00de\u00fdsk tungum\u00e1lask\u00edrteini","og_description":"\u00de\u00fdsk tungum\u00e1lask\u00edrteini","og_url":"https:\/\/talkpal.ai\/is\/thysk-tungumalaskirteini\/","og_site_name":"Talkpal","article_publisher":"https:\/\/www.facebook.com\/profile.php?id=100090733639311","article_modified_time":"2026-01-07T15:03:59+00:00","og_image":[{"width":512,"height":512,"url":"https:\/\/talkpal.ai\/wp-content\/uploads\/2023\/03\/germany.png","type":"image\/png"}],"twitter_card":"summary_large_image","twitter_site":"@talkpalai","schema":{"@context":"https:\/\/schema.org","@graph":[{"@type":"WebPage","@id":"https:\/\/talkpal.ai\/is\/thysk-tungumalaskirteini\/","url":"https:\/\/talkpal.ai\/is\/thysk-tungumalaskirteini\/","name":"\u00de\u00fdsk tungum\u00e1lask\u00edrteini - Talkpal","isPartOf":{"@id":"https:\/\/talkpal.ai\/is\/#website"},"primaryImageOfPage":{"@id":"https:\/\/talkpal.ai\/is\/thysk-tungumalaskirteini\/#primaryimage"},"image":{"@id":"https:\/\/talkpal.ai\/is\/thysk-tungumalaskirteini\/#primaryimage"},"thumbnailUrl":"https:\/\/talkpal.ai\/wp-content\/uploads\/2023\/03\/germany.png","datePublished":"2023-12-05T11:40:43+00:00","dateModified":"2026-01-07T15:03:59+00:00","description":"F\u00e1\u00f0u vi\u00f0urkennd \u00fe\u00fdsk tungum\u00e1lask\u00edrteini - sta\u00f0festu f\u00e6rni \u00fe\u00edna og fl\u00fdttu fyrir ferli \u00fe\u00ednum!","breadcrumb":{"@id":"https:\/\/talkpal.ai\/is\/thysk-tungumalaskirteini\/#breadcrumb"},"inLanguage":"is","potentialAction":[{"@type":"ReadAction","target":["https:\/\/talkpal.ai\/is\/thysk-tungumalaskirteini\/"]}]},{"@type":"ImageObject","inLanguage":"is","@id":"https:\/\/talkpal.ai\/is\/thysk-tungumalaskirteini\/#primaryimage","url":"https:\/\/talkpal.ai\/wp-content\/uploads\/2023\/03\/germany.png","contentUrl":"https:\/\/talkpal.ai\/wp-content\/uploads\/2023\/03\/germany.png","width":512,"height":512,"caption":"TalkPal AI learn German"},{"@type":"BreadcrumbList","@id":"https:\/\/talkpal.ai\/is\/thysk-tungumalaskirteini\/#breadcrumb","itemListElement":[{"@type":"ListItem","position":1,"name":"Homepage","item":"https:\/\/talkpal.ai\/is\/"},{"@type":"ListItem","position":2,"name":"\u00de\u00fdsk tungum\u00e1lask\u00edrteini"}]},{"@type":"WebSite","@id":"https:\/\/talkpal.ai\/is\/#website","url":"https:\/\/talkpal.ai\/is\/","name":"Talkpal","description":"AI Language Learning","publisher":{"@id":"https:\/\/talkpal.ai\/is\/#organization"},"alternateName":"Talkpal AI","potentialAction":[{"@type":"SearchAction","target":{"@type":"EntryPoint","urlTemplate":"https:\/\/talkpal.ai\/is\/?s={search_term_string}"},"query-input":{"@type":"PropertyValueSpecification","valueRequired":true,"valueName":"search_term_string"}}],"inLanguage":"is"},{"@type":"Organization","@id":"https:\/\/talkpal.ai\/is\/#organization","name":"Talkpal, Inc.","alternateName":"Talkpal AI","url":"https:\/\/talkpal.ai\/is\/","logo":{"@type":"ImageObject","inLanguage":"is","@id":"https:\/\/talkpal.ai\/is\/#\/schema\/logo\/image\/","url":"https:\/\/talkpal.ai\/wp-content\/uploads\/2024\/03\/Talkpal-Logo-Icon.png","contentUrl":"https:\/\/talkpal.ai\/wp-content\/uploads\/2024\/03\/Talkpal-Logo-Icon.png","width":2880,"height":2880,"caption":"Talkpal, Inc."},"image":{"@id":"https:\/\/talkpal.ai\/is\/#\/schema\/logo\/image\/"},"sameAs":["https:\/\/www.facebook.com\/profile.php?id=100090733639311","https:\/\/x.com\/talkpalai","https:\/\/www.linkedin.com\/company\/talkpal\/","https:\/\/www.youtube.com\/@TalkPal\/","https:\/\/www.tiktok.com\/@talkpal","https:\/\/www.instagram.com\/talkpal_ai\/","https:\/\/www.crunchbase.com\/organization\/talkpal-9cde","https:\/\/www.g2.com\/products\/talkpal-for-business\/","https:\/\/www.trustpilot.com\/review\/talkpal.ai","https:\/\/www.capterra.com\/p\/10006800\/TalkPal\/"],"description":"Talkpal is a language learning web and mobile education app, powered by the latest AI technologies, that provides engaging experiences to its customers in many different languages to help them improve their language skills. Users can chat about unlimited amount of topics with the app and use other modes to practice their language learning.","email":"support@talkpal.ai","legalName":"Talkpal, Inc.","foundingDate":"2023-04-03","duns":"118989042","numberOfEmployees":{"@type":"QuantitativeValue","minValue":"11","maxValue":"50"},"publishingPrinciples":"https:\/\/talkpal.ai\/publishing-principles\/","actionableFeedbackPolicy":"https:\/\/talkpal.ai\/actionable-feedback-policy\/","correctionsPolicy":"https:\/\/talkpal.ai\/corrections-policy\/","ethicsPolicy":"https:\/\/talkpal.ai\/ethics-policy\/","diversityPolicy":"https:\/\/talkpal.ai\/diversity-policy\/","diversityStaffingReport":"https:\/\/talkpal.ai\/diversity-policy\/"}]}},"_links":{"self":[{"href":"https:\/\/talkpal.ai\/is\/wp-json\/wp\/v2\/pages\/92948","targetHints":{"allow":["GET"]}}],"collection":[{"href":"https:\/\/talkpal.ai\/is\/wp-json\/wp\/v2\/pages"}],"about":[{"href":"https:\/\/talkpal.ai\/is\/wp-json\/wp\/v2\/types\/page"}],"author":[{"embeddable":true,"href":"https:\/\/talkpal.ai\/is\/wp-json\/wp\/v2\/users\/8"}],"replies":[{"embeddable":true,"href":"https:\/\/talkpal.ai\/is\/wp-json\/wp\/v2\/comments?post=92948"}],"version-history":[{"count":0,"href":"https:\/\/talkpal.ai\/is\/wp-json\/wp\/v2\/pages\/92948\/revisions"}],"wp:featuredmedia":[{"embeddable":true,"href":"https:\/\/talkpal.ai\/is\/wp-json\/wp\/v2\/media\/75608"}],"wp:attachment":[{"href":"https:\/\/talkpal.ai\/is\/wp-json\/wp\/v2\/media?parent=92948"}],"curies":[{"name":"wp","href":"https:\/\/api.w.org\/{rel}","templated":true}]}}