{"id":92067,"date":"2023-06-14T13:25:23","date_gmt":"2023-06-14T13:25:23","guid":{"rendered":"http:\/\/talkpal.ai\/aefingar-i-enskum-malfraedi\/"},"modified":"2025-12-17T16:34:52","modified_gmt":"2025-12-17T16:34:52","slug":"aefingar-i-enskum-malfraedi","status":"publish","type":"page","link":"https:\/\/talkpal.ai\/is\/aefingar-i-enskum-malfraedi\/","title":{"rendered":"\u00c6fingar \u00ed enskum m\u00e1lfr\u00e6\u00f0i"},"content":{"rendered":"\r\n\r\n\r\n<section class=\"languageChallengeSection\">\r\n    <div class=\"languageInfoWrapper\">\r\n        \r\n        <h1>\u00c6fingar \u00ed enskum m\u00e1lfr\u00e6\u00f0i<\/h1>\r\n        <p>Viltu auka sj\u00e1lfstraust \u00feitt \u00ed ensku? A\u00f0 \u00e6fa <a href=\"https:\/\/talkpal.ai\/grammar\/\">m\u00e1lfr\u00e6\u00f0i<\/a> er fr\u00e1b\u00e6r lei\u00f0 til a\u00f0 b\u00e6ta skilning \u00feinn \u00e1 m\u00e1lfr\u00e6\u00f0ireglum, nota sagnir r\u00e9tt og auka or\u00f0afor\u00f0a \u00feinn. Byrja\u00f0u a\u00f0 vinna \u00ed enskri m\u00e1lfr\u00e6\u00f0i \u00feinni \u00ed dag og sj\u00e1\u00f0u f\u00e6rni \u00fe\u00edna og fl\u00e6\u00f0i vaxa me\u00f0 hverri \u00e6fingu!\n\n<\/p>\r\n\r\n                            <a class=\"getStartedHidden\" href=\"https:\/\/app.talkpal.ai\/signup?lng=\">Byrja\u00f0u<\/a>\r\n        \r\n    <\/div>\r\n\r\n    <figure>\r\n    <img decoding=\"async\" width=\"768\" height=\"768\" src=\"https:\/\/talkpal.ai\/wp-content\/uploads\/2023\/06\/English-768x768.png\" class=\"languageImage no-lazy\" alt=\"Language learning for improved multitasking\" fetchpriority=\"high\" sizes=\"(max-width: 768px) 150px, 768px\" srcset=\"https:\/\/talkpal.ai\/wp-content\/uploads\/2023\/06\/English-768x768.png 768w, https:\/\/talkpal.ai\/wp-content\/uploads\/2023\/06\/English-300x300.png 300w\" \/>\r\n    \r\n\r\n    <\/figure>\r\n\r\n            <a class=\"getStartedVisible\" href=\"https:\/\/app.talkpal.ai\/signup?lng=\">Byrja\u00f0u<\/a>\r\n    \r\n<\/section>\r\n\r\n\r\n<!-- <section class=\"grammarSection\">\r\n    <div class=\"grammarLinks\">\r\n            <\/div>\r\n<\/section> -->\r\n\r\n\r\n\r\n\r\n<section class=\"promotionalBanner\">\r\n    <p class=\"promotionalText\">Skilvirkasta lei\u00f0in til a\u00f0 l\u00e6ra tungum\u00e1l<\/p>\r\n    <a class=\"promotionalLink\" href=\"https:\/\/app.talkpal.ai\/signup?lng=\">Pr\u00f3fa\u00f0u Talkpal \u00f3keypis<\/a>\r\n<\/section>\n<div class=\"wp-block-group pageContainerStyle\"><div class=\"wp-block-group__inner-container is-layout-constrained wp-block-group-is-layout-constrained\">\n<h2 class=\"wp-block-heading\" id=\"h-english-grammar-topics\">Ensk m\u00e1lfr\u00e6\u00f0i efni<\/h2>\n\n\n\n<p><a href=\"https:\/\/talkpal.ai\/english-grammar\/\">Ensk m\u00e1lfr\u00e6\u00f0i<\/a> er sett af reglum og lei\u00f0beiningum sem \u00e1kvar\u00f0a uppbyggingu enskrar tungu. \u00dea\u00f0 gerir okkur kleift a\u00f0 eiga samskipti s\u00edn \u00e1 milli sk\u00fdrt og \u00e1 \u00e1hrifar\u00edkan h\u00e1tt. \u00deegar \u00fe\u00fa l\u00e6rir ensku er skilningur \u00e1 m\u00e1lfr\u00e6\u00f0i nau\u00f0synlegur til a\u00f0 \u00fer\u00f3a sterka lestrar-, rit- og talf\u00e6rni. \u00deessi fer\u00f0 mun n\u00e1 yfir \u00fdmsa \u00fe\u00e6tti m\u00e1lfr\u00e6\u00f0innar eins og l\u00fdsingaror\u00f0, atviksor\u00f0, greinar, skilyr\u00f0i, nafnor\u00f0, forsetningar, forn\u00f6fn\/\u00e1kvar\u00f0ana, setningar, spennu\u00ferunginn samanbur\u00f0, t\u00ed\u00f0ir og sagnir. Vi\u00f0 skulum kanna hvert \u00feessara efnis \u00ed r\u00f6\u00f0 til a\u00f0 <a href=\"https:\/\/talkpal.ai\/locations\/language-courses-in-gera\/\">gera<\/a> n\u00e1m \u00ed enskri m\u00e1lfr\u00e6\u00f0i skilvirkara og skemmtilegra.<\/p>\n\n\n\n<h3 class=\"wp-block-heading\" id=\"h-1-nouns\">1. Nafnor\u00f0:<\/h3>\n\n\n\n<p>Nafnor\u00f0 eru grunnbyggingareiningar enskrar m\u00e1lfr\u00e6\u00f0i. \u00deetta eru or\u00f0 sem t\u00e1kna f\u00f3lk, sta\u00f0i, hluti e\u00f0a hugmyndir. Skilningur \u00e1 nafnor\u00f0um er nau\u00f0synlegur til a\u00f0 mynda setningar og mi\u00f0la merkingu \u00e1 tungum\u00e1linu.<\/p>\n\n\n\n<h3 class=\"wp-block-heading\" id=\"h-2-pronouns-determiners\">2. Forn\u00f6fn\/\u00e1kv\u00f6r\u00f0unaror\u00f0:<\/h3>\n\n\n\n<p>\u00deegar \u00fe\u00fa hefur n\u00e1\u00f0 t\u00f6kum \u00e1 nafnor\u00f0um er n\u00e6sta skref a\u00f0 l\u00e6ra um forn\u00f6fn og \u00e1kvar\u00f0ana. Forn\u00f6fn koma \u00ed sta\u00f0 nafnor\u00f0a \u00ed setningu til a\u00f0 for\u00f0ast endurtekningu, en \u00e1kvar\u00f0andi veita uppl\u00fdsingar um nafnor\u00f0i\u00f0, svo sem magn e\u00f0a eignarfall.<\/p>\n\n\n\n<h3 class=\"wp-block-heading\" id=\"h-3-verbs\">3. Sagnir:<\/h3>\n\n\n\n<p>Sagnir eru a\u00f0ger\u00f0aror\u00f0 sem tj\u00e1 hva\u00f0 nafnor\u00f0 er a\u00f0 gera e\u00f0a upplifa. \u00deeir eru mikilv\u00e6gur hluti af hva\u00f0a setningu sem er og skilningur \u00e1 \u00fev\u00ed hvernig \u00feeir virka er nau\u00f0synlegur til a\u00f0 b\u00faa til sk\u00fdrar og hnitmi\u00f0a\u00f0ar yfirl\u00fdsingar.<\/p>\n\n\n\n<h3 class=\"wp-block-heading\" id=\"h-4-adjectives\">4. L\u00fdsingaror\u00f0:<\/h3>\n\n\n\n<p>L\u00fdsingaror\u00f0 l\u00fdsa e\u00f0a breyta nafnor\u00f0um og gefa frekari uppl\u00fdsingar um eiginleika \u00feeirra e\u00f0a einkenni. A\u00f0 l\u00e6ra hvernig \u00e1 a\u00f0 nota l\u00fdsingaror\u00f0 \u00e1 \u00e1hrifar\u00edkan h\u00e1tt mun auka getu \u00fe\u00edna til a\u00f0 eiga samskipti \u00e1 ensku.<\/p>\n\n\n\n<h3 class=\"wp-block-heading\" id=\"h-5-adverbs\">5. Atviksor\u00f0:<\/h3>\n\n\n\n<p>Atviksor\u00f0 eru svipu\u00f0 l\u00fdsingaror\u00f0um en breyta s\u00f6gnum, l\u00fdsingaror\u00f0um e\u00f0a \u00f6\u00f0rum atviksor\u00f0um. \u00deeir l\u00fdsa oft hvernig, hven\u00e6r e\u00f0a hvar a\u00f0ger\u00f0 \u00e1 s\u00e9r sta\u00f0. A\u00f0 vita hvernig \u00e1 a\u00f0 nota atviksor\u00f0 mun b\u00e6ta d\u00fdpt og sm\u00e1atri\u00f0um vi\u00f0 ensku samskipti \u00fe\u00edn.<\/p>\n\n\n\n<h3 class=\"wp-block-heading\" id=\"h-6-prepositions\">6. Forsetningar:<\/h3>\n\n\n\n<p>Forsetningar eru or\u00f0 sem s\u00fdna sambandi\u00f0 milli nafnor\u00f0a, fornafna og annarra or\u00f0a \u00ed setningu. \u00deeir hj\u00e1lpa til vi\u00f0 a\u00f0 veita samhengi, svo sem sta\u00f0setningu, t\u00edma e\u00f0a stefnu.<\/p>\n\n\n\n<h3 class=\"wp-block-heading\" id=\"h-7-articles\">7. Greinar:<\/h3>\n\n\n\n<p>Greinar eru tegund \u00e1kvar\u00f0andi sem tilgreinir hvort nafnor\u00f0 s\u00e9 \u00e1kve\u00f0i\u00f0 e\u00f0a \u00f3\u00e1kve\u00f0i\u00f0. \u00deau eru mikilv\u00e6g fyrir r\u00e9tta setningamyndun og hj\u00e1lpa til vi\u00f0 a\u00f0 sk\u00fdra merkingu fullyr\u00f0ingar.<\/p>\n\n\n\n<h3 class=\"wp-block-heading\" id=\"h-8-tenses\">8. Spennur:<\/h3>\n\n\n\n<p>Spennur gefa til kynna t\u00edma a\u00f0ger\u00f0ar e\u00f0a tilveru\u00e1stands. A\u00f0 l\u00e6ra mismunandi t\u00ed\u00f0ir \u00e1 ensku mun leyfa \u00fe\u00e9r a\u00f0 tj\u00e1 \u00feig n\u00e1kv\u00e6mlega, hvort sem \u00fe\u00fa ert a\u00f0 r\u00e6\u00f0a fort\u00ed\u00f0, n\u00fat\u00ed\u00f0 e\u00f0a framt\u00ed\u00f0.<\/p>\n\n\n\n<h3 class=\"wp-block-heading\" id=\"h-9-tense-comparison\">9. Spenntur samanbur\u00f0ur:<\/h3>\n\n\n\n<p>Skilningur \u00e1 spennu\u00ferungnum samanbur\u00f0i er mikilv\u00e6gur til a\u00f0 bera saman a\u00f0ger\u00f0ir e\u00f0a r\u00edki innan mismunandi t\u00edmaramma. \u00deessi f\u00e6rni mun hj\u00e1lpa \u00fe\u00e9r a\u00f0 mi\u00f0la fl\u00f3knum hugmyndum og \u00fer\u00f3a fullkomnari skilning \u00e1 enskri m\u00e1lfr\u00e6\u00f0i.<\/p>\n\n\n\n<h3 class=\"wp-block-heading\" id=\"h-10-sentences\">10. Setningar:<\/h3>\n\n\n\n<p>Setningar eru grunnurinn a\u00f0 skriflegum og t\u00f6lu\u00f0um samskiptum \u00e1 ensku. Me\u00f0 \u00fev\u00ed a\u00f0 byggja \u00e1 \u00feekkingu \u00feinni \u00e1 nafnor\u00f0um, s\u00f6gnum og \u00f6\u00f0rum m\u00e1lfr\u00e6\u00f0i\u00fe\u00e1ttum mun l\u00e6ra um setningager\u00f0 gera \u00fe\u00e9r kleift a\u00f0 koma hugsunum \u00fe\u00ednum \u00e1 framf\u00e6ri \u00e1 \u00e1hrifar\u00edkan h\u00e1tt \u00e1 tungum\u00e1linu.<\/p>\n\n\n\n<h3 class=\"wp-block-heading\" id=\"h-11-conditionals\">11. Skilyr\u00f0i:<\/h3>\n\n\n\n<p>Skilyrt eru setningar sem l\u00fdsa \u00e1standi og hugsanlegri aflei\u00f0ingu \u00feess. \u00deeir eru h\u00e1\u00fer\u00f3a\u00f0ur \u00fe\u00e1ttur \u00ed enskri m\u00e1lfr\u00e6\u00f0i sem mun hj\u00e1lpa \u00fe\u00e9r a\u00f0 tj\u00e1 \u00edmynda\u00f0ar a\u00f0st\u00e6\u00f0ur og fl\u00f3knar hugmyndir.<\/p>\n<\/div><\/div>\n\r\n<section class=\"learnNavigationSection\">\r\n            \r\n        <a href=\"https:\/\/talkpal.ai\/is\/laerdu-ensku\/\">\r\n            <div class=\"learnNavigationWrapper\">\r\n                <div class=\"learnNavigationContent\">\r\n                    <img decoding=\"async\" src=\"https:\/\/talkpal.ai\/wp-content\/uploads\/2024\/08\/English.jpg\" alt=\"English Flag\">\r\n                    <div>\r\n                        <h4>Um enskun\u00e1m<\/h4>\r\n                        <p>Kynntu \u00fe\u00e9r allt um enska m\u00e1lfr\u00e6\u00f0i.<\/p>\r\n                    <\/div>\r\n                <\/div>\r\n            <\/div>\r\n        <\/a>\r\n\r\n        \r\n        <a href=\"https:\/\/talkpal.ai\/is\/ensk-malfraedi\/\">\r\n            <div class=\"learnNavigationWrapper\">\r\n                <div class=\"learnNavigationContent\">\r\n                    <img decoding=\"async\" src=\"https:\/\/talkpal.ai\/wp-content\/uploads\/2024\/08\/English.jpg\" alt=\"English Flag\">\r\n                    <div>\r\n                        <h4>Enska m\u00e1lfr\u00e6\u00f0ikennsla<\/h4>\r\n                        <p>\u00c6f\u00f0u enska m\u00e1lfr\u00e6\u00f0i.<\/p>\r\n                    <\/div>\r\n                <\/div>\r\n            <\/div>\r\n        <\/a>\r\n\r\n        \r\n        <a href=\"https:\/\/talkpal.ai\/vocabulary_language\/english\/\">\r\n            <div class=\"learnNavigationWrapper\">\r\n                <div class=\"learnNavigationContent\">\r\n                    <img decoding=\"async\" src=\"https:\/\/talkpal.ai\/wp-content\/uploads\/2024\/08\/English.jpg\" alt=\"English Flag\">\r\n                    <div>\r\n                        <h4>Enskur or\u00f0afor\u00f0i<\/h4>\r\n                        <p>St\u00e6kka\u00f0u enska or\u00f0afor\u00f0a \u00feinn.<\/p>\r\n                    <\/div>\r\n                <\/div>\r\n            <\/div>\r\n        <\/a>\r\n\r\n            <\/section>","protected":false},"excerpt":{"rendered":"<p>Ensk m\u00e1lfr\u00e6\u00f0i efni Ensk m\u00e1lfr\u00e6\u00f0i er sett af reglum og lei\u00f0beiningum sem \u00e1kvar\u00f0a uppbyggingu enskrar tungu. \u00dea\u00f0 gerir okkur kleift a\u00f0 eiga samskipti s\u00edn \u00e1 milli sk\u00fdrt og \u00e1 \u00e1hrifar\u00edkan h\u00e1tt. \u00deegar \u00fe\u00fa l\u00e6rir ensku er skilningur \u00e1 m\u00e1lfr\u00e6\u00f0i nau\u00f0synlegur til a\u00f0 \u00fer\u00f3a sterka lestrar-, rit- og talf\u00e6rni. \u00deessi fer\u00f0 mun n\u00e1 yfir \u00fdmsa \u00fe\u00e6tti [&hellip;]<\/p>\n","protected":false},"author":1,"featured_media":70849,"parent":0,"menu_order":0,"comment_status":"closed","ping_status":"closed","template":"LearningContentPage.php","meta":{"_acf_changed":false,"footnotes":""},"class_list":["post-92067","page","type-page","status-publish","has-post-thumbnail","hentry"],"acf":[],"yoast_head":"<!-- This site is optimized with the Yoast SEO Premium plugin v27.2 (Yoast SEO v27.2) - https:\/\/yoast.com\/product\/yoast-seo-premium-wordpress\/ -->\n<title>\u00c6fingar \u00ed enskum m\u00e1lfr\u00e6\u00f0i - Talkpal<\/title>\n<meta name=\"description\" content=\"B\u00e6ttu enskukunn\u00e1ttu \u00fe\u00edna me\u00f0 \u00e1rangursr\u00edkum m\u00e1lfr\u00e6\u00f0i\u00e6fingum fr\u00e1 Talkpal . B\u00e6ttu tungum\u00e1lakunn\u00e1ttu \u00fe\u00edna n\u00fana!\" \/>\n<meta name=\"robots\" content=\"index, follow, max-snippet:-1, max-image-preview:large, max-video-preview:-1\" \/>\n<link rel=\"canonical\" href=\"https:\/\/talkpal.ai\/is\/aefingar-i-enskum-malfraedi\/\" \/>\n<meta property=\"og:locale\" content=\"is_IS\" \/>\n<meta property=\"og:type\" content=\"article\" \/>\n<meta property=\"og:title\" content=\"\u00c6fingar \u00ed enskum m\u00e1lfr\u00e6\u00f0i\" \/>\n<meta property=\"og:description\" content=\"Ensk m\u00e1lfr\u00e6\u00f0i efni Ensk m\u00e1lfr\u00e6\u00f0i er sett af reglum og lei\u00f0beiningum sem \u00e1kvar\u00f0a uppbyggingu enskrar tungu. \u00dea\u00f0 gerir okkur kleift a\u00f0 eiga samskipti s\u00edn \u00e1\" \/>\n<meta property=\"og:url\" content=\"https:\/\/talkpal.ai\/is\/aefingar-i-enskum-malfraedi\/\" \/>\n<meta property=\"og:site_name\" content=\"Talkpal\" \/>\n<meta property=\"article:publisher\" content=\"https:\/\/www.facebook.com\/profile.php?id=100090733639311\" \/>\n<meta property=\"article:modified_time\" content=\"2025-12-17T16:34:52+00:00\" \/>\n<meta property=\"og:image\" content=\"https:\/\/talkpal.ai\/wp-content\/uploads\/2023\/03\/united-kingdom.png\" \/>\n\t<meta property=\"og:image:width\" content=\"512\" \/>\n\t<meta property=\"og:image:height\" content=\"512\" \/>\n\t<meta property=\"og:image:type\" content=\"image\/png\" \/>\n<meta name=\"twitter:card\" content=\"summary_large_image\" \/>\n<meta name=\"twitter:site\" content=\"@talkpalai\" \/>\n<meta name=\"twitter:label1\" content=\"Est. reading time\" \/>\n\t<meta name=\"twitter:data1\" content=\"3 minutes\" \/>\n<script type=\"application\/ld+json\" class=\"yoast-schema-graph\">{\"@context\":\"https:\/\/schema.org\",\"@graph\":[{\"@type\":\"WebPage\",\"@id\":\"https:\/\/talkpal.ai\/is\/aefingar-i-enskum-malfraedi\/\",\"url\":\"https:\/\/talkpal.ai\/is\/aefingar-i-enskum-malfraedi\/\",\"name\":\"\u00c6fingar \u00ed enskum m\u00e1lfr\u00e6\u00f0i - Talkpal\",\"isPartOf\":{\"@id\":\"https:\/\/talkpal.ai\/is\/#website\"},\"primaryImageOfPage\":{\"@id\":\"https:\/\/talkpal.ai\/is\/aefingar-i-enskum-malfraedi\/#primaryimage\"},\"image\":{\"@id\":\"https:\/\/talkpal.ai\/is\/aefingar-i-enskum-malfraedi\/#primaryimage\"},\"thumbnailUrl\":\"https:\/\/talkpal.ai\/wp-content\/uploads\/2023\/03\/united-kingdom.png\",\"datePublished\":\"2023-06-14T13:25:23+00:00\",\"dateModified\":\"2025-12-17T16:34:52+00:00\",\"description\":\"B\u00e6ttu enskukunn\u00e1ttu \u00fe\u00edna me\u00f0 \u00e1rangursr\u00edkum m\u00e1lfr\u00e6\u00f0i\u00e6fingum fr\u00e1 Talkpal . B\u00e6ttu tungum\u00e1lakunn\u00e1ttu \u00fe\u00edna n\u00fana!\",\"breadcrumb\":{\"@id\":\"https:\/\/talkpal.ai\/is\/aefingar-i-enskum-malfraedi\/#breadcrumb\"},\"inLanguage\":\"is\",\"potentialAction\":[{\"@type\":\"ReadAction\",\"target\":[\"https:\/\/talkpal.ai\/is\/aefingar-i-enskum-malfraedi\/\"]}]},{\"@type\":\"ImageObject\",\"inLanguage\":\"is\",\"@id\":\"https:\/\/talkpal.ai\/is\/aefingar-i-enskum-malfraedi\/#primaryimage\",\"url\":\"https:\/\/talkpal.ai\/wp-content\/uploads\/2023\/03\/united-kingdom.png\",\"contentUrl\":\"https:\/\/talkpal.ai\/wp-content\/uploads\/2023\/03\/united-kingdom.png\",\"width\":512,\"height\":512,\"caption\":\"TalkPal AI learn English\"},{\"@type\":\"BreadcrumbList\",\"@id\":\"https:\/\/talkpal.ai\/is\/aefingar-i-enskum-malfraedi\/#breadcrumb\",\"itemListElement\":[{\"@type\":\"ListItem\",\"position\":1,\"name\":\"Homepage\",\"item\":\"https:\/\/talkpal.ai\/is\/\"},{\"@type\":\"ListItem\",\"position\":2,\"name\":\"\u00c6fingar \u00ed enskum m\u00e1lfr\u00e6\u00f0i\"}]},{\"@type\":\"WebSite\",\"@id\":\"https:\/\/talkpal.ai\/is\/#website\",\"url\":\"https:\/\/talkpal.ai\/is\/\",\"name\":\"Talkpal\",\"description\":\"AI Language Learning\",\"publisher\":{\"@id\":\"https:\/\/talkpal.ai\/is\/#organization\"},\"alternateName\":\"Talkpal AI\",\"potentialAction\":[{\"@type\":\"SearchAction\",\"target\":{\"@type\":\"EntryPoint\",\"urlTemplate\":\"https:\/\/talkpal.ai\/is\/?s={search_term_string}\"},\"query-input\":{\"@type\":\"PropertyValueSpecification\",\"valueRequired\":true,\"valueName\":\"search_term_string\"}}],\"inLanguage\":\"is\"},{\"@type\":\"Organization\",\"@id\":\"https:\/\/talkpal.ai\/is\/#organization\",\"name\":\"Talkpal, Inc.\",\"alternateName\":\"Talkpal AI\",\"url\":\"https:\/\/talkpal.ai\/is\/\",\"logo\":{\"@type\":\"ImageObject\",\"inLanguage\":\"is\",\"@id\":\"https:\/\/talkpal.ai\/is\/#\/schema\/logo\/image\/\",\"url\":\"https:\/\/talkpal.ai\/wp-content\/uploads\/2024\/03\/Talkpal-Logo-Icon.png\",\"contentUrl\":\"https:\/\/talkpal.ai\/wp-content\/uploads\/2024\/03\/Talkpal-Logo-Icon.png\",\"width\":2880,\"height\":2880,\"caption\":\"Talkpal, Inc.\"},\"image\":{\"@id\":\"https:\/\/talkpal.ai\/is\/#\/schema\/logo\/image\/\"},\"sameAs\":[\"https:\/\/www.facebook.com\/profile.php?id=100090733639311\",\"https:\/\/x.com\/talkpalai\",\"https:\/\/www.linkedin.com\/company\/talkpal\/\",\"https:\/\/www.youtube.com\/@TalkPal\/\",\"https:\/\/www.tiktok.com\/@talkpal\",\"https:\/\/www.instagram.com\/talkpal_ai\/\",\"https:\/\/www.crunchbase.com\/organization\/talkpal-9cde\",\"https:\/\/www.g2.com\/products\/talkpal-for-business\/\",\"https:\/\/www.trustpilot.com\/review\/talkpal.ai\",\"https:\/\/www.capterra.com\/p\/10006800\/TalkPal\/\"],\"description\":\"Talkpal is a language learning web and mobile education app, powered by the latest AI technologies, that provides engaging experiences to its customers in many different languages to help them improve their language skills. Users can chat about unlimited amount of topics with the app and use other modes to practice their language learning.\",\"email\":\"support@talkpal.ai\",\"legalName\":\"Talkpal, Inc.\",\"foundingDate\":\"2023-04-03\",\"duns\":\"118989042\",\"numberOfEmployees\":{\"@type\":\"QuantitativeValue\",\"minValue\":\"11\",\"maxValue\":\"50\"},\"publishingPrinciples\":\"https:\/\/talkpal.ai\/publishing-principles\/\",\"actionableFeedbackPolicy\":\"https:\/\/talkpal.ai\/actionable-feedback-policy\/\",\"correctionsPolicy\":\"https:\/\/talkpal.ai\/corrections-policy\/\",\"ethicsPolicy\":\"https:\/\/talkpal.ai\/ethics-policy\/\",\"diversityPolicy\":\"https:\/\/talkpal.ai\/diversity-policy\/\",\"diversityStaffingReport\":\"https:\/\/talkpal.ai\/diversity-policy\/\"}]}<\/script>\n<!-- \/ Yoast SEO Premium plugin. -->","yoast_head_json":{"title":"\u00c6fingar \u00ed enskum m\u00e1lfr\u00e6\u00f0i - Talkpal","description":"B\u00e6ttu enskukunn\u00e1ttu \u00fe\u00edna me\u00f0 \u00e1rangursr\u00edkum m\u00e1lfr\u00e6\u00f0i\u00e6fingum fr\u00e1 Talkpal . B\u00e6ttu tungum\u00e1lakunn\u00e1ttu \u00fe\u00edna n\u00fana!","robots":{"index":"index","follow":"follow","max-snippet":"max-snippet:-1","max-image-preview":"max-image-preview:large","max-video-preview":"max-video-preview:-1"},"canonical":"https:\/\/talkpal.ai\/is\/aefingar-i-enskum-malfraedi\/","og_locale":"is_IS","og_type":"article","og_title":"\u00c6fingar \u00ed enskum m\u00e1lfr\u00e6\u00f0i","og_description":"Ensk m\u00e1lfr\u00e6\u00f0i efni Ensk m\u00e1lfr\u00e6\u00f0i er sett af reglum og lei\u00f0beiningum sem \u00e1kvar\u00f0a uppbyggingu enskrar tungu. \u00dea\u00f0 gerir okkur kleift a\u00f0 eiga samskipti s\u00edn \u00e1","og_url":"https:\/\/talkpal.ai\/is\/aefingar-i-enskum-malfraedi\/","og_site_name":"Talkpal","article_publisher":"https:\/\/www.facebook.com\/profile.php?id=100090733639311","article_modified_time":"2025-12-17T16:34:52+00:00","og_image":[{"width":512,"height":512,"url":"https:\/\/talkpal.ai\/wp-content\/uploads\/2023\/03\/united-kingdom.png","type":"image\/png"}],"twitter_card":"summary_large_image","twitter_site":"@talkpalai","twitter_misc":{"Est. reading time":"3 minutes"},"schema":{"@context":"https:\/\/schema.org","@graph":[{"@type":"WebPage","@id":"https:\/\/talkpal.ai\/is\/aefingar-i-enskum-malfraedi\/","url":"https:\/\/talkpal.ai\/is\/aefingar-i-enskum-malfraedi\/","name":"\u00c6fingar \u00ed enskum m\u00e1lfr\u00e6\u00f0i - Talkpal","isPartOf":{"@id":"https:\/\/talkpal.ai\/is\/#website"},"primaryImageOfPage":{"@id":"https:\/\/talkpal.ai\/is\/aefingar-i-enskum-malfraedi\/#primaryimage"},"image":{"@id":"https:\/\/talkpal.ai\/is\/aefingar-i-enskum-malfraedi\/#primaryimage"},"thumbnailUrl":"https:\/\/talkpal.ai\/wp-content\/uploads\/2023\/03\/united-kingdom.png","datePublished":"2023-06-14T13:25:23+00:00","dateModified":"2025-12-17T16:34:52+00:00","description":"B\u00e6ttu enskukunn\u00e1ttu \u00fe\u00edna me\u00f0 \u00e1rangursr\u00edkum m\u00e1lfr\u00e6\u00f0i\u00e6fingum fr\u00e1 Talkpal . B\u00e6ttu tungum\u00e1lakunn\u00e1ttu \u00fe\u00edna n\u00fana!","breadcrumb":{"@id":"https:\/\/talkpal.ai\/is\/aefingar-i-enskum-malfraedi\/#breadcrumb"},"inLanguage":"is","potentialAction":[{"@type":"ReadAction","target":["https:\/\/talkpal.ai\/is\/aefingar-i-enskum-malfraedi\/"]}]},{"@type":"ImageObject","inLanguage":"is","@id":"https:\/\/talkpal.ai\/is\/aefingar-i-enskum-malfraedi\/#primaryimage","url":"https:\/\/talkpal.ai\/wp-content\/uploads\/2023\/03\/united-kingdom.png","contentUrl":"https:\/\/talkpal.ai\/wp-content\/uploads\/2023\/03\/united-kingdom.png","width":512,"height":512,"caption":"TalkPal AI learn English"},{"@type":"BreadcrumbList","@id":"https:\/\/talkpal.ai\/is\/aefingar-i-enskum-malfraedi\/#breadcrumb","itemListElement":[{"@type":"ListItem","position":1,"name":"Homepage","item":"https:\/\/talkpal.ai\/is\/"},{"@type":"ListItem","position":2,"name":"\u00c6fingar \u00ed enskum m\u00e1lfr\u00e6\u00f0i"}]},{"@type":"WebSite","@id":"https:\/\/talkpal.ai\/is\/#website","url":"https:\/\/talkpal.ai\/is\/","name":"Talkpal","description":"AI Language Learning","publisher":{"@id":"https:\/\/talkpal.ai\/is\/#organization"},"alternateName":"Talkpal AI","potentialAction":[{"@type":"SearchAction","target":{"@type":"EntryPoint","urlTemplate":"https:\/\/talkpal.ai\/is\/?s={search_term_string}"},"query-input":{"@type":"PropertyValueSpecification","valueRequired":true,"valueName":"search_term_string"}}],"inLanguage":"is"},{"@type":"Organization","@id":"https:\/\/talkpal.ai\/is\/#organization","name":"Talkpal, Inc.","alternateName":"Talkpal AI","url":"https:\/\/talkpal.ai\/is\/","logo":{"@type":"ImageObject","inLanguage":"is","@id":"https:\/\/talkpal.ai\/is\/#\/schema\/logo\/image\/","url":"https:\/\/talkpal.ai\/wp-content\/uploads\/2024\/03\/Talkpal-Logo-Icon.png","contentUrl":"https:\/\/talkpal.ai\/wp-content\/uploads\/2024\/03\/Talkpal-Logo-Icon.png","width":2880,"height":2880,"caption":"Talkpal, Inc."},"image":{"@id":"https:\/\/talkpal.ai\/is\/#\/schema\/logo\/image\/"},"sameAs":["https:\/\/www.facebook.com\/profile.php?id=100090733639311","https:\/\/x.com\/talkpalai","https:\/\/www.linkedin.com\/company\/talkpal\/","https:\/\/www.youtube.com\/@TalkPal\/","https:\/\/www.tiktok.com\/@talkpal","https:\/\/www.instagram.com\/talkpal_ai\/","https:\/\/www.crunchbase.com\/organization\/talkpal-9cde","https:\/\/www.g2.com\/products\/talkpal-for-business\/","https:\/\/www.trustpilot.com\/review\/talkpal.ai","https:\/\/www.capterra.com\/p\/10006800\/TalkPal\/"],"description":"Talkpal is a language learning web and mobile education app, powered by the latest AI technologies, that provides engaging experiences to its customers in many different languages to help them improve their language skills. Users can chat about unlimited amount of topics with the app and use other modes to practice their language learning.","email":"support@talkpal.ai","legalName":"Talkpal, Inc.","foundingDate":"2023-04-03","duns":"118989042","numberOfEmployees":{"@type":"QuantitativeValue","minValue":"11","maxValue":"50"},"publishingPrinciples":"https:\/\/talkpal.ai\/publishing-principles\/","actionableFeedbackPolicy":"https:\/\/talkpal.ai\/actionable-feedback-policy\/","correctionsPolicy":"https:\/\/talkpal.ai\/corrections-policy\/","ethicsPolicy":"https:\/\/talkpal.ai\/ethics-policy\/","diversityPolicy":"https:\/\/talkpal.ai\/diversity-policy\/","diversityStaffingReport":"https:\/\/talkpal.ai\/diversity-policy\/"}]}},"_links":{"self":[{"href":"https:\/\/talkpal.ai\/is\/wp-json\/wp\/v2\/pages\/92067","targetHints":{"allow":["GET"]}}],"collection":[{"href":"https:\/\/talkpal.ai\/is\/wp-json\/wp\/v2\/pages"}],"about":[{"href":"https:\/\/talkpal.ai\/is\/wp-json\/wp\/v2\/types\/page"}],"author":[{"embeddable":true,"href":"https:\/\/talkpal.ai\/is\/wp-json\/wp\/v2\/users\/1"}],"replies":[{"embeddable":true,"href":"https:\/\/talkpal.ai\/is\/wp-json\/wp\/v2\/comments?post=92067"}],"version-history":[{"count":0,"href":"https:\/\/talkpal.ai\/is\/wp-json\/wp\/v2\/pages\/92067\/revisions"}],"wp:featuredmedia":[{"embeddable":true,"href":"https:\/\/talkpal.ai\/is\/wp-json\/wp\/v2\/media\/70849"}],"wp:attachment":[{"href":"https:\/\/talkpal.ai\/is\/wp-json\/wp\/v2\/media?parent=92067"}],"curies":[{"name":"wp","href":"https:\/\/api.w.org\/{rel}","templated":true}]}}