{"id":91866,"date":"2023-03-25T16:57:06","date_gmt":"2023-03-25T16:57:06","guid":{"rendered":"http:\/\/talkpal.ai\/ensk-malfraedi\/"},"modified":"2025-05-22T19:27:08","modified_gmt":"2025-05-22T19:27:08","slug":"ensk-malfraedi","status":"publish","type":"page","link":"https:\/\/talkpal.ai\/is\/ensk-malfraedi\/","title":{"rendered":"Ensk m\u00e1lfr\u00e6\u00f0i"},"content":{"rendered":"\r\n\r\n\r\n<section class=\"languageChallengeSection\">\r\n    <div class=\"languageInfoWrapper\">\r\n        \r\n        <h1>Ensk m\u00e1lfr\u00e6\u00f0i<\/h1>\r\n        <p>Tilb\u00fainn\/n a\u00f0 byrja a\u00f0 l\u00e6ra ensku? Me\u00f0 sm\u00e1 m\u00e1lfr\u00e6\u00f0ikunn\u00e1ttu og nokkrum n\u00fdjum or\u00f0um munt \u00fe\u00fa geta spjalla\u00f0 og tengst f\u00f3lki fr\u00e1 \u00f6llum heimshornum \u00e1 engum t\u00edma. K\u00f6fum ofan \u00ed \u00feetta og gerum enskun\u00e1mi\u00f0 skemmtilegt og au\u00f0velt &#8211; fer\u00f0alag \u00feitt a\u00f0 reiprennandi ensku byrjar \u00ed dag!\n\n<\/p>\r\n\r\n                            <a class=\"getStartedHidden\" href=\"https:\/\/app.talkpal.ai\/signup?lng=\">Byrja\u00f0u<\/a>\r\n        \r\n    <\/div>\r\n\r\n    <figure>\r\n    <img decoding=\"async\" width=\"768\" height=\"768\" src=\"https:\/\/talkpal.ai\/wp-content\/uploads\/2023\/06\/English-768x768.png\" class=\"languageImage no-lazy\" alt=\"Language learning for improved multitasking\" fetchpriority=\"high\" sizes=\"(max-width: 768px) 150px, 768px\" srcset=\"https:\/\/talkpal.ai\/wp-content\/uploads\/2023\/06\/English-768x768.png 768w, https:\/\/talkpal.ai\/wp-content\/uploads\/2023\/06\/English-300x300.png 300w\" \/>\r\n    \r\n\r\n    <\/figure>\r\n\r\n            <a class=\"getStartedVisible\" href=\"https:\/\/app.talkpal.ai\/signup?lng=\">Byrja\u00f0u<\/a>\r\n    \r\n<\/section>\r\n<section class=\"promotionalBanner\">\r\n    <p class=\"promotionalText\">Skilvirkasta lei\u00f0in til a\u00f0 l\u00e6ra tungum\u00e1l<\/p>\r\n    <a class=\"promotionalLink\" href=\"https:\/\/app.talkpal.ai\/signup?lng=\">Pr\u00f3fa\u00f0u Talkpal \u00f3keypis<\/a>\r\n<\/section>\n<div class=\"wp-block-group pageContainerStyle\"><div class=\"wp-block-group__inner-container is-layout-constrained wp-block-group-is-layout-constrained\">\n<h2 class=\"wp-block-heading\" id=\"h-the-importance-of-english-grammar-a-guide-to-mastering-the-rules-and-principles\">Mikilv\u00e6gi enskrar m\u00e1lfr\u00e6\u00f0i: Lei\u00f0beiningar um a\u00f0 n\u00e1 t\u00f6kum \u00e1 reglum og meginreglum<\/h2>\n\n\n\n<p>\u00dear sem <a href=\"https:\/\/talkpal.ai\/learn-english-with-ai\/\">enska<\/a> er eitt af mest \u00e1berandi tungum\u00e1lum sem t\u00f6lu\u00f0 eru um allan heim, kemur \u00fea\u00f0 ekki \u00e1 \u00f3vart a\u00f0 f\u00f3lk er f\u00fas til a\u00f0 b\u00e6ta vald sitt og vald \u00e1 henni. Einn mikilv\u00e6gur \u00fe\u00e1ttur \u00ed \u00fev\u00ed a\u00f0 n\u00e1 t\u00f6kum \u00e1 ensku er a\u00f0 skilja <a href=\"https:\/\/talkpal.ai\/grammar\/\">m\u00e1lfr\u00e6\u00f0i<\/a> hennar. En hvers vegna er m\u00e1lfr\u00e6\u00f0i svona mikilv\u00e6g og hvernig getum vi\u00f0 l\u00e6rt hana \u00e1 \u00e1hrifar\u00edkan h\u00e1tt? \u00cd \u00feessari grein munum vi\u00f0 kafa ofan \u00ed mikilv\u00e6gi enskrar m\u00e1lfr\u00e6\u00f0i, r\u00e6\u00f0a helstu meginreglur hennar og deila nokkrum handh\u00e6gum r\u00e1\u00f0um til a\u00f0 skerpa f\u00e6rni \u00fe\u00edna.<\/p>\n\n\n\n<h3 class=\"wp-block-heading\" id=\"h-the-role-of-grammar-in-the-english-language\">Hlutverk m\u00e1lfr\u00e6\u00f0i \u00e1 enskri tungu:<\/h3>\n\n\n\n<p>Svo, hva\u00f0 er m\u00e1li\u00f0 me\u00f0 m\u00e1lfr\u00e6\u00f0i? \u00cd meginatri\u00f0um \u00fej\u00f3nar m\u00e1lfr\u00e6\u00f0i sem byggingareiningar hvers tungum\u00e1ls \u2013 \u00fea\u00f0 er sett af reglum og meginreglum sem stj\u00f3rna \u00fev\u00ed hvernig vi\u00f0 notum or\u00f0 til a\u00f0 mynda merkingarb\u00e6rar setningar. Me\u00f0 \u00fev\u00ed a\u00f0 fylgja \u00feessum reglum getum vi\u00f0 tryggt sk\u00fdr samskipti og for\u00f0ast misskilning. \u00cdmynda\u00f0u \u00fe\u00e9r a\u00f0 reyna a\u00f0 <a href=\"https:\/\/talkpal.ai\/locations\/language-courses-in-elda\/\">elda<\/a> m\u00e1lt\u00ed\u00f0 \u00e1n \u00feess a\u00f0 fylgja uppskrift &#8211; lokani\u00f0ursta\u00f0an g\u00e6ti veri\u00f0 \u00f3\u00e6skileg! S\u00f6mulei\u00f0is getur vanr\u00e6ksla \u00e1 m\u00e1lfr\u00e6\u00f0i \u00ed daglegu tali okkar og riti leitt til ruglings og rangt\u00falkunar.<\/p>\n\n\n\n<h3 class=\"wp-block-heading\" id=\"h-key-principles-of-english-grammar\">Helstu meginreglur enskrar m\u00e1lfr\u00e6\u00f0i:<\/h3>\n\n\n\n<p>\u00de\u00f3 a\u00f0 <a href=\"https:\/\/talkpal.ai\/english-grammar\/\">ensk m\u00e1lfr\u00e6\u00f0i<\/a> n\u00e1i yfir miki\u00f0 \u00farval af reglum, \u00fe\u00e1 eru nokkrar lykilreglur sem \u00fe\u00fa \u00e6ttir a\u00f0 vera me\u00f0vita\u00f0ur um:<\/p>\n\n\n\n<p><strong>1. Hlutar r\u00e6\u00f0u:<\/strong> \u00deetta eru hlutverkin sem or\u00f0 gegna \u00ed setningu. \u00dea\u00f0 fer eftir hlutverki \u00feeirra, or\u00f0 geta veri\u00f0 flokku\u00f0 sem nafnor\u00f0, forn\u00f6fn, sagnir, l\u00fdsingaror\u00f0, atviksor\u00f0, forsetningar, samtengingar e\u00f0a innskot.<\/p>\n\n\n\n<p>2. Spennur<strong>: Spennur<\/strong> gefa til kynna t\u00edma a\u00f0ger\u00f0a e\u00f0a tilveru\u00e1stands. \u00deau eru flokku\u00f0 \u00ed fort\u00ed\u00f0, n\u00fat\u00ed\u00f0 og framt\u00ed\u00f0, \u00fear sem hver t\u00ed\u00f0 hefur fj\u00f3ra \u00fe\u00e6tti &#8211; einfalt, frams\u00e6ki\u00f0, fullkomi\u00f0 og fullkomi\u00f0 frams\u00e6ki\u00f0.<\/p>\n\n\n\n<p><strong>3. Samkomulag efnissagnar:<\/strong> \u00cd meginatri\u00f0um ver\u00f0a vi\u00f0fangsefni\u00f0 (nafnor\u00f0 e\u00f0a fornafn) og s\u00f6gn \u00ed setningu a\u00f0 koma s\u00e9r saman um t\u00f6lu &#8211; eint\u00f6lu e\u00f0a fleirt\u00f6lu. Til d\u00e6mis, \u201eH\u00fan les b\u00f3k\u201c og \u201e\u00deau lesa b\u00e6kur\u201c eru b\u00e6\u00f0i m\u00e1lfr\u00e6\u00f0ilega r\u00e9ttar.<\/p>\n\n\n\n<p><strong>4. Setningaskipan:<\/strong> Vel uppbygg\u00f0 setning samanstendur af efni, s\u00f6gn og oft hlut. Setningar geta veri\u00f0 einfaldar (ein sj\u00e1lfst\u00e6\u00f0 klausa), samsett (tv\u00f6 e\u00f0a fleiri sj\u00e1lfst\u00e6\u00f0 \u00e1kv\u00e6\u00f0i) e\u00f0a fl\u00f3knar (ein sj\u00e1lfst\u00e6\u00f0 klausa og eitt e\u00f0a fleiri h\u00e1\u00f0ar klausur).<\/p>\n\n\n\n<p>5. Greinarmerki<strong>: Greinarmerki<\/strong>, svo sem kommur, punktar og sem\u00edkommur, eru mikilv\u00e6g til a\u00f0 skipuleggja og sk\u00fdra rita\u00f0 m\u00e1l. R\u00e9tt greinarmerki tryggir a\u00f0 hugmyndum \u00fe\u00ednum s\u00e9 komi\u00f0 \u00e1 framf\u00e6ri af n\u00e1kv\u00e6mni og samfellu.<\/p>\n\n\n\n<h3 class=\"wp-block-heading\" id=\"h-tips-to-improve-your-english-grammar\">R\u00e1\u00f0 til a\u00f0 b\u00e6ta ensku m\u00e1lfr\u00e6\u00f0ina \u00fe\u00edna:<\/h3>\n\n\n\n<p>N\u00fa \u00feegar vi\u00f0 h\u00f6fum r\u00e6tt grundvallaratri\u00f0i enskrar m\u00e1lfr\u00e6\u00f0i skulum vi\u00f0 kanna nokkrar \u00e1rangursr\u00edkar lei\u00f0ir til a\u00f0 skerpa \u00e1 kunn\u00e1ttu \u00feinni:<\/p>\n\n\n\n<p><strong>1. Lestu reglulega:<\/strong> Lestur er fr\u00e1b\u00e6r lei\u00f0 til a\u00f0 tileinka s\u00e9r r\u00e9tta m\u00e1lfr\u00e6\u00f0i. \u00dev\u00ed meira sem \u00fe\u00fa afhj\u00fapar \u00feig fyrir vel skrifu\u00f0um greinum, b\u00f3kum e\u00f0a ritger\u00f0um, \u00fev\u00ed betur skilur\u00f0u reglurnar og uppbygginguna.<\/p>\n\n\n\n<p><strong>2. \u00c6f\u00f0u \u00feig \u00ed a\u00f0 skrifa:<\/strong> A\u00f0 skrifa reglulega gerir \u00fe\u00e9r kleift a\u00f0 beita m\u00e1lfr\u00e6\u00f0i\u00feekkingu \u00feinni og bera kennsl \u00e1 sv\u00e6\u00f0i \u00fear sem \u00fe\u00fa \u00fearft \u00farb\u00e6tur. \u00cdhuga\u00f0u a\u00f0 halda dagb\u00f3k e\u00f0a stofna <a href=\"https:\/\/talkpal.ai\/blog\/\">blogg<\/a> til a\u00f0 \u00fer\u00f3a ritf\u00e6rni \u00fe\u00edna.<\/p>\n\n\n\n<p><strong>3. L\u00e6r\u00f0u m\u00e1lfr\u00e6\u00f0iau\u00f0lindir:<\/strong> F\u00e1\u00f0u hendurnar \u00e1 nokkrum virtum m\u00e1lfr\u00e6\u00f0ib\u00f3kum, vefs\u00ed\u00f0um e\u00f0a forritum til a\u00f0 d\u00fdpka skilning \u00feinn \u00e1 reglunum. Regluleg endursko\u00f0un \u00feessara efna mun hj\u00e1lpa til vi\u00f0 a\u00f0 styrkja \u00feekkingu \u00fe\u00edna.<\/p>\n\n\n\n<p><strong>4. Leita\u00f0u eftir vi\u00f0br\u00f6g\u00f0um:<\/strong> Taktu \u00fe\u00e1tt \u00ed \u00f6\u00f0rum til a\u00f0 f\u00e1 uppbyggilega gagnr\u00fdni \u00e1 rita\u00f0a og tala\u00f0a ensku \u00fe\u00edna. \u00deetta getur veri\u00f0 \u00ed gegnum spjallbor\u00f0 \u00e1 netinu, tungum\u00e1laskiptah\u00f3pa e\u00f0a vini og samstarfsmenn sem eru f\u00e6rir \u00ed ensku.<\/p>\n\n\n\n<p><strong>5. Vertu \u00feolinm\u00f3\u00f0ur og \u00ferautseigur:<\/strong> A\u00f0 l\u00e6ra m\u00e1lfr\u00e6\u00f0i er sm\u00e1m saman ferli sem krefst t\u00edma og fyrirhafnar. Vertu sta\u00f0r\u00e1\u00f0inn, haltu \u00e1fram a\u00f0 \u00e6fa og fagna\u00f0u framf\u00f6rum \u00fe\u00ednum.<\/p>\n\n\n\n<h3 class=\"wp-block-heading\" id=\"h-conclusion\">\u00c1lyktun:<\/h3>\n\n\n\n<p>A\u00f0 n\u00e1 t\u00f6kum \u00e1 enskri m\u00e1lfr\u00e6\u00f0i er nau\u00f0synlegt skref \u00e1 lei\u00f0inni til reiprennandi. Me\u00f0 \u00fev\u00ed a\u00f0 skilja mikilv\u00e6gi \u00feess, kynna \u00fe\u00e9r lykilreglurnar og \u00e6fa \u00feig \u00e1 virkan h\u00e1tt muntu flj\u00f3tlega \u00fer\u00f3a me\u00f0 \u00fe\u00e9r sterka vald \u00e1 tungum\u00e1linu. Mundu a\u00f0 R\u00f3m var ekki bygg\u00f0 \u00e1 einum degi &#8211; svo vertu \u00feolinm\u00f3\u00f0ur, skemmtu \u00fe\u00e9r og nj\u00f3ttu fer\u00f0alagsins \u00ed \u00e1tt a\u00f0 \u00f3a\u00f0finnanlegri m\u00e1lfr\u00e6\u00f0i!<\/p>\n<\/div><\/div>\n\r\n<section class=\"learnNavigationSection\">\r\n            \r\n        <a href=\"https:\/\/talkpal.ai\/is\/laerdu-ensku\/\">\r\n            <div class=\"learnNavigationWrapper\">\r\n                <div class=\"learnNavigationContent\">\r\n                    <img decoding=\"async\" src=\"https:\/\/talkpal.ai\/wp-content\/uploads\/2024\/08\/English.jpg\" alt=\"English Flag\">\r\n                    <div>\r\n                        <h4>Um enskun\u00e1m<\/h4>\r\n                        <p>Kynntu \u00fe\u00e9r allt um enska m\u00e1lfr\u00e6\u00f0i.<\/p>\r\n                    <\/div>\r\n                <\/div>\r\n            <\/div>\r\n        <\/a>\r\n\r\n        \r\n        <a href=\"https:\/\/talkpal.ai\/is\/aefingar-i-enskum-malfraedi\/\">\r\n            <div class=\"learnNavigationWrapper\">\r\n                <div class=\"learnNavigationContent\">\r\n                    <img decoding=\"async\" src=\"https:\/\/talkpal.ai\/wp-content\/uploads\/2024\/08\/English.jpg\" alt=\"English Flag\">\r\n                    <div>\r\n                        <h4>\u00c6fingar \u00ed enskum m\u00e1lfr\u00e6\u00f0i<\/h4>\r\n                        <p>\u00c6f\u00f0u enska m\u00e1lfr\u00e6\u00f0i.<\/p>\r\n                    <\/div>\r\n                <\/div>\r\n            <\/div>\r\n        <\/a>\r\n\r\n        \r\n        <a href=\"https:\/\/talkpal.ai\/vocabulary_language\/english\/\">\r\n            <div class=\"learnNavigationWrapper\">\r\n                <div class=\"learnNavigationContent\">\r\n                    <img decoding=\"async\" src=\"https:\/\/talkpal.ai\/wp-content\/uploads\/2024\/08\/English.jpg\" alt=\"English Flag\">\r\n                    <div>\r\n                        <h4>Enskur or\u00f0afor\u00f0i<\/h4>\r\n                        <p>St\u00e6kka\u00f0u enska or\u00f0afor\u00f0a \u00feinn.<\/p>\r\n                    <\/div>\r\n                <\/div>\r\n            <\/div>\r\n        <\/a>\r\n\r\n            <\/section>","protected":false},"excerpt":{"rendered":"<p>Mikilv\u00e6gi enskrar m\u00e1lfr\u00e6\u00f0i: Lei\u00f0beiningar um a\u00f0 n\u00e1 t\u00f6kum \u00e1 reglum og meginreglum \u00dear sem enska er eitt af mest \u00e1berandi tungum\u00e1lum sem t\u00f6lu\u00f0 eru um allan heim, kemur \u00fea\u00f0 ekki \u00e1 \u00f3vart a\u00f0 f\u00f3lk er f\u00fas til a\u00f0 b\u00e6ta vald sitt og vald \u00e1 henni. Einn mikilv\u00e6gur \u00fe\u00e1ttur \u00ed \u00fev\u00ed a\u00f0 n\u00e1 t\u00f6kum \u00e1 ensku [&hellip;]<\/p>\n","protected":false},"author":1,"featured_media":70849,"parent":0,"menu_order":0,"comment_status":"closed","ping_status":"closed","template":"LearningContentPage.php","meta":{"_acf_changed":false,"footnotes":""},"class_list":["post-91866","page","type-page","status-publish","has-post-thumbnail","hentry"],"acf":[],"yoast_head":"<!-- This site is optimized with the Yoast SEO Premium plugin v27.2 (Yoast SEO v27.2) - https:\/\/yoast.com\/product\/yoast-seo-premium-wordpress\/ -->\n<title>Ensk m\u00e1lfr\u00e6\u00f0i - Talkpal<\/title>\n<meta name=\"description\" content=\"B\u00e6ttu enskukunn\u00e1ttu \u00fe\u00edna \u00e1reynslulaust me\u00f0 tungum\u00e1lan\u00e1msappinu Talkpal sem byggir \u00e1 gervigreind.\" \/>\n<meta name=\"robots\" content=\"index, follow, max-snippet:-1, max-image-preview:large, max-video-preview:-1\" \/>\n<link rel=\"canonical\" href=\"https:\/\/talkpal.ai\/is\/ensk-malfraedi\/\" \/>\n<meta property=\"og:locale\" content=\"is_IS\" \/>\n<meta property=\"og:type\" content=\"article\" \/>\n<meta property=\"og:title\" content=\"Ensk m\u00e1lfr\u00e6\u00f0i\" \/>\n<meta property=\"og:description\" content=\"Mikilv\u00e6gi enskrar m\u00e1lfr\u00e6\u00f0i: Lei\u00f0beiningar um a\u00f0 n\u00e1 t\u00f6kum \u00e1 reglum og meginreglum \u00dear sem enska er eitt af mest \u00e1berandi tungum\u00e1lum sem t\u00f6lu\u00f0 eru um allan\" \/>\n<meta property=\"og:url\" content=\"https:\/\/talkpal.ai\/is\/ensk-malfraedi\/\" \/>\n<meta property=\"og:site_name\" content=\"Talkpal\" \/>\n<meta property=\"article:publisher\" content=\"https:\/\/www.facebook.com\/profile.php?id=100090733639311\" \/>\n<meta property=\"article:modified_time\" content=\"2025-05-22T19:27:08+00:00\" \/>\n<meta property=\"og:image\" content=\"https:\/\/talkpal.ai\/wp-content\/uploads\/2023\/03\/united-kingdom.png\" \/>\n\t<meta property=\"og:image:width\" content=\"512\" \/>\n\t<meta property=\"og:image:height\" content=\"512\" \/>\n\t<meta property=\"og:image:type\" content=\"image\/png\" \/>\n<meta name=\"twitter:card\" content=\"summary_large_image\" \/>\n<meta name=\"twitter:site\" content=\"@talkpalai\" \/>\n<meta name=\"twitter:label1\" content=\"Est. reading time\" \/>\n\t<meta name=\"twitter:data1\" content=\"4 minutes\" \/>\n<script type=\"application\/ld+json\" class=\"yoast-schema-graph\">{\"@context\":\"https:\/\/schema.org\",\"@graph\":[{\"@type\":\"WebPage\",\"@id\":\"https:\/\/talkpal.ai\/is\/ensk-malfraedi\/\",\"url\":\"https:\/\/talkpal.ai\/is\/ensk-malfraedi\/\",\"name\":\"Ensk m\u00e1lfr\u00e6\u00f0i - Talkpal\",\"isPartOf\":{\"@id\":\"https:\/\/talkpal.ai\/is\/#website\"},\"primaryImageOfPage\":{\"@id\":\"https:\/\/talkpal.ai\/is\/ensk-malfraedi\/#primaryimage\"},\"image\":{\"@id\":\"https:\/\/talkpal.ai\/is\/ensk-malfraedi\/#primaryimage\"},\"thumbnailUrl\":\"https:\/\/talkpal.ai\/wp-content\/uploads\/2023\/03\/united-kingdom.png\",\"datePublished\":\"2023-03-25T16:57:06+00:00\",\"dateModified\":\"2025-05-22T19:27:08+00:00\",\"description\":\"B\u00e6ttu enskukunn\u00e1ttu \u00fe\u00edna \u00e1reynslulaust me\u00f0 tungum\u00e1lan\u00e1msappinu Talkpal sem byggir \u00e1 gervigreind.\",\"breadcrumb\":{\"@id\":\"https:\/\/talkpal.ai\/is\/ensk-malfraedi\/#breadcrumb\"},\"inLanguage\":\"is\",\"potentialAction\":[{\"@type\":\"ReadAction\",\"target\":[\"https:\/\/talkpal.ai\/is\/ensk-malfraedi\/\"]}]},{\"@type\":\"ImageObject\",\"inLanguage\":\"is\",\"@id\":\"https:\/\/talkpal.ai\/is\/ensk-malfraedi\/#primaryimage\",\"url\":\"https:\/\/talkpal.ai\/wp-content\/uploads\/2023\/03\/united-kingdom.png\",\"contentUrl\":\"https:\/\/talkpal.ai\/wp-content\/uploads\/2023\/03\/united-kingdom.png\",\"width\":512,\"height\":512,\"caption\":\"TalkPal AI learn English\"},{\"@type\":\"BreadcrumbList\",\"@id\":\"https:\/\/talkpal.ai\/is\/ensk-malfraedi\/#breadcrumb\",\"itemListElement\":[{\"@type\":\"ListItem\",\"position\":1,\"name\":\"Homepage\",\"item\":\"https:\/\/talkpal.ai\/is\/\"},{\"@type\":\"ListItem\",\"position\":2,\"name\":\"Ensk m\u00e1lfr\u00e6\u00f0i\"}]},{\"@type\":\"WebSite\",\"@id\":\"https:\/\/talkpal.ai\/is\/#website\",\"url\":\"https:\/\/talkpal.ai\/is\/\",\"name\":\"Talkpal\",\"description\":\"AI Language Learning\",\"publisher\":{\"@id\":\"https:\/\/talkpal.ai\/is\/#organization\"},\"alternateName\":\"Talkpal AI\",\"potentialAction\":[{\"@type\":\"SearchAction\",\"target\":{\"@type\":\"EntryPoint\",\"urlTemplate\":\"https:\/\/talkpal.ai\/is\/?s={search_term_string}\"},\"query-input\":{\"@type\":\"PropertyValueSpecification\",\"valueRequired\":true,\"valueName\":\"search_term_string\"}}],\"inLanguage\":\"is\"},{\"@type\":\"Organization\",\"@id\":\"https:\/\/talkpal.ai\/is\/#organization\",\"name\":\"Talkpal, Inc.\",\"alternateName\":\"Talkpal AI\",\"url\":\"https:\/\/talkpal.ai\/is\/\",\"logo\":{\"@type\":\"ImageObject\",\"inLanguage\":\"is\",\"@id\":\"https:\/\/talkpal.ai\/is\/#\/schema\/logo\/image\/\",\"url\":\"https:\/\/talkpal.ai\/wp-content\/uploads\/2024\/03\/Talkpal-Logo-Icon.png\",\"contentUrl\":\"https:\/\/talkpal.ai\/wp-content\/uploads\/2024\/03\/Talkpal-Logo-Icon.png\",\"width\":2880,\"height\":2880,\"caption\":\"Talkpal, Inc.\"},\"image\":{\"@id\":\"https:\/\/talkpal.ai\/is\/#\/schema\/logo\/image\/\"},\"sameAs\":[\"https:\/\/www.facebook.com\/profile.php?id=100090733639311\",\"https:\/\/x.com\/talkpalai\",\"https:\/\/www.linkedin.com\/company\/talkpal\/\",\"https:\/\/www.youtube.com\/@TalkPal\/\",\"https:\/\/www.tiktok.com\/@talkpal\",\"https:\/\/www.instagram.com\/talkpal_ai\/\",\"https:\/\/www.crunchbase.com\/organization\/talkpal-9cde\",\"https:\/\/www.g2.com\/products\/talkpal-for-business\/\",\"https:\/\/www.trustpilot.com\/review\/talkpal.ai\",\"https:\/\/www.capterra.com\/p\/10006800\/TalkPal\/\"],\"description\":\"Talkpal is a language learning web and mobile education app, powered by the latest AI technologies, that provides engaging experiences to its customers in many different languages to help them improve their language skills. Users can chat about unlimited amount of topics with the app and use other modes to practice their language learning.\",\"email\":\"support@talkpal.ai\",\"legalName\":\"Talkpal, Inc.\",\"foundingDate\":\"2023-04-03\",\"duns\":\"118989042\",\"numberOfEmployees\":{\"@type\":\"QuantitativeValue\",\"minValue\":\"11\",\"maxValue\":\"50\"},\"publishingPrinciples\":\"https:\/\/talkpal.ai\/publishing-principles\/\",\"actionableFeedbackPolicy\":\"https:\/\/talkpal.ai\/actionable-feedback-policy\/\",\"correctionsPolicy\":\"https:\/\/talkpal.ai\/corrections-policy\/\",\"ethicsPolicy\":\"https:\/\/talkpal.ai\/ethics-policy\/\",\"diversityPolicy\":\"https:\/\/talkpal.ai\/diversity-policy\/\",\"diversityStaffingReport\":\"https:\/\/talkpal.ai\/diversity-policy\/\"}]}<\/script>\n<!-- \/ Yoast SEO Premium plugin. -->","yoast_head_json":{"title":"Ensk m\u00e1lfr\u00e6\u00f0i - Talkpal","description":"B\u00e6ttu enskukunn\u00e1ttu \u00fe\u00edna \u00e1reynslulaust me\u00f0 tungum\u00e1lan\u00e1msappinu Talkpal sem byggir \u00e1 gervigreind.","robots":{"index":"index","follow":"follow","max-snippet":"max-snippet:-1","max-image-preview":"max-image-preview:large","max-video-preview":"max-video-preview:-1"},"canonical":"https:\/\/talkpal.ai\/is\/ensk-malfraedi\/","og_locale":"is_IS","og_type":"article","og_title":"Ensk m\u00e1lfr\u00e6\u00f0i","og_description":"Mikilv\u00e6gi enskrar m\u00e1lfr\u00e6\u00f0i: Lei\u00f0beiningar um a\u00f0 n\u00e1 t\u00f6kum \u00e1 reglum og meginreglum \u00dear sem enska er eitt af mest \u00e1berandi tungum\u00e1lum sem t\u00f6lu\u00f0 eru um allan","og_url":"https:\/\/talkpal.ai\/is\/ensk-malfraedi\/","og_site_name":"Talkpal","article_publisher":"https:\/\/www.facebook.com\/profile.php?id=100090733639311","article_modified_time":"2025-05-22T19:27:08+00:00","og_image":[{"width":512,"height":512,"url":"https:\/\/talkpal.ai\/wp-content\/uploads\/2023\/03\/united-kingdom.png","type":"image\/png"}],"twitter_card":"summary_large_image","twitter_site":"@talkpalai","twitter_misc":{"Est. reading time":"4 minutes"},"schema":{"@context":"https:\/\/schema.org","@graph":[{"@type":"WebPage","@id":"https:\/\/talkpal.ai\/is\/ensk-malfraedi\/","url":"https:\/\/talkpal.ai\/is\/ensk-malfraedi\/","name":"Ensk m\u00e1lfr\u00e6\u00f0i - Talkpal","isPartOf":{"@id":"https:\/\/talkpal.ai\/is\/#website"},"primaryImageOfPage":{"@id":"https:\/\/talkpal.ai\/is\/ensk-malfraedi\/#primaryimage"},"image":{"@id":"https:\/\/talkpal.ai\/is\/ensk-malfraedi\/#primaryimage"},"thumbnailUrl":"https:\/\/talkpal.ai\/wp-content\/uploads\/2023\/03\/united-kingdom.png","datePublished":"2023-03-25T16:57:06+00:00","dateModified":"2025-05-22T19:27:08+00:00","description":"B\u00e6ttu enskukunn\u00e1ttu \u00fe\u00edna \u00e1reynslulaust me\u00f0 tungum\u00e1lan\u00e1msappinu Talkpal sem byggir \u00e1 gervigreind.","breadcrumb":{"@id":"https:\/\/talkpal.ai\/is\/ensk-malfraedi\/#breadcrumb"},"inLanguage":"is","potentialAction":[{"@type":"ReadAction","target":["https:\/\/talkpal.ai\/is\/ensk-malfraedi\/"]}]},{"@type":"ImageObject","inLanguage":"is","@id":"https:\/\/talkpal.ai\/is\/ensk-malfraedi\/#primaryimage","url":"https:\/\/talkpal.ai\/wp-content\/uploads\/2023\/03\/united-kingdom.png","contentUrl":"https:\/\/talkpal.ai\/wp-content\/uploads\/2023\/03\/united-kingdom.png","width":512,"height":512,"caption":"TalkPal AI learn English"},{"@type":"BreadcrumbList","@id":"https:\/\/talkpal.ai\/is\/ensk-malfraedi\/#breadcrumb","itemListElement":[{"@type":"ListItem","position":1,"name":"Homepage","item":"https:\/\/talkpal.ai\/is\/"},{"@type":"ListItem","position":2,"name":"Ensk m\u00e1lfr\u00e6\u00f0i"}]},{"@type":"WebSite","@id":"https:\/\/talkpal.ai\/is\/#website","url":"https:\/\/talkpal.ai\/is\/","name":"Talkpal","description":"AI Language Learning","publisher":{"@id":"https:\/\/talkpal.ai\/is\/#organization"},"alternateName":"Talkpal AI","potentialAction":[{"@type":"SearchAction","target":{"@type":"EntryPoint","urlTemplate":"https:\/\/talkpal.ai\/is\/?s={search_term_string}"},"query-input":{"@type":"PropertyValueSpecification","valueRequired":true,"valueName":"search_term_string"}}],"inLanguage":"is"},{"@type":"Organization","@id":"https:\/\/talkpal.ai\/is\/#organization","name":"Talkpal, Inc.","alternateName":"Talkpal AI","url":"https:\/\/talkpal.ai\/is\/","logo":{"@type":"ImageObject","inLanguage":"is","@id":"https:\/\/talkpal.ai\/is\/#\/schema\/logo\/image\/","url":"https:\/\/talkpal.ai\/wp-content\/uploads\/2024\/03\/Talkpal-Logo-Icon.png","contentUrl":"https:\/\/talkpal.ai\/wp-content\/uploads\/2024\/03\/Talkpal-Logo-Icon.png","width":2880,"height":2880,"caption":"Talkpal, Inc."},"image":{"@id":"https:\/\/talkpal.ai\/is\/#\/schema\/logo\/image\/"},"sameAs":["https:\/\/www.facebook.com\/profile.php?id=100090733639311","https:\/\/x.com\/talkpalai","https:\/\/www.linkedin.com\/company\/talkpal\/","https:\/\/www.youtube.com\/@TalkPal\/","https:\/\/www.tiktok.com\/@talkpal","https:\/\/www.instagram.com\/talkpal_ai\/","https:\/\/www.crunchbase.com\/organization\/talkpal-9cde","https:\/\/www.g2.com\/products\/talkpal-for-business\/","https:\/\/www.trustpilot.com\/review\/talkpal.ai","https:\/\/www.capterra.com\/p\/10006800\/TalkPal\/"],"description":"Talkpal is a language learning web and mobile education app, powered by the latest AI technologies, that provides engaging experiences to its customers in many different languages to help them improve their language skills. Users can chat about unlimited amount of topics with the app and use other modes to practice their language learning.","email":"support@talkpal.ai","legalName":"Talkpal, Inc.","foundingDate":"2023-04-03","duns":"118989042","numberOfEmployees":{"@type":"QuantitativeValue","minValue":"11","maxValue":"50"},"publishingPrinciples":"https:\/\/talkpal.ai\/publishing-principles\/","actionableFeedbackPolicy":"https:\/\/talkpal.ai\/actionable-feedback-policy\/","correctionsPolicy":"https:\/\/talkpal.ai\/corrections-policy\/","ethicsPolicy":"https:\/\/talkpal.ai\/ethics-policy\/","diversityPolicy":"https:\/\/talkpal.ai\/diversity-policy\/","diversityStaffingReport":"https:\/\/talkpal.ai\/diversity-policy\/"}]}},"_links":{"self":[{"href":"https:\/\/talkpal.ai\/is\/wp-json\/wp\/v2\/pages\/91866","targetHints":{"allow":["GET"]}}],"collection":[{"href":"https:\/\/talkpal.ai\/is\/wp-json\/wp\/v2\/pages"}],"about":[{"href":"https:\/\/talkpal.ai\/is\/wp-json\/wp\/v2\/types\/page"}],"author":[{"embeddable":true,"href":"https:\/\/talkpal.ai\/is\/wp-json\/wp\/v2\/users\/1"}],"replies":[{"embeddable":true,"href":"https:\/\/talkpal.ai\/is\/wp-json\/wp\/v2\/comments?post=91866"}],"version-history":[{"count":0,"href":"https:\/\/talkpal.ai\/is\/wp-json\/wp\/v2\/pages\/91866\/revisions"}],"wp:featuredmedia":[{"embeddable":true,"href":"https:\/\/talkpal.ai\/is\/wp-json\/wp\/v2\/media\/70849"}],"wp:attachment":[{"href":"https:\/\/talkpal.ai\/is\/wp-json\/wp\/v2\/media?parent=91866"}],"curies":[{"name":"wp","href":"https:\/\/api.w.org\/{rel}","templated":true}]}}