{"id":75051,"date":"2023-05-14T14:09:11","date_gmt":"2023-05-14T14:09:11","guid":{"rendered":"http:\/\/talkpal.ai\/islensk-malfraedi\/"},"modified":"2025-12-12T10:51:34","modified_gmt":"2025-12-12T10:51:34","slug":"islensk-malfraedi","status":"publish","type":"page","link":"https:\/\/talkpal.ai\/is\/islensk-malfraedi\/","title":{"rendered":"\u00cdslensk m\u00e1lfr\u00e6\u00f0i"},"content":{"rendered":"\r\n\r\n\r\n<section class=\"languageChallengeSection\">\r\n    <div class=\"languageInfoWrapper\">\r\n        \r\n        <h1>\u00cdslensk m\u00e1lfr\u00e6\u00f0i<\/h1>\r\n        <p>Kanna\u00f0u heillandi uppbyggingu \u00edslenskunnar me\u00f0 \u00fev\u00ed a\u00f0 l\u00e6ra grunnm\u00e1lfr\u00e6\u00f0ireglur hennar. A\u00f0 n\u00e1 g\u00f3\u00f0um t\u00f6kum \u00e1 <a href=\"https:\/\/talkpal.ai\/learn-icelandic\/\">\u00edslenska<\/a> <a href=\"https:\/\/talkpal.ai\/grammar\/\">m\u00e1lfr\u00e6\u00f0i<\/a> mun hj\u00e1lpa \u00fe\u00e9r a\u00f0 eiga skilvirk samskipti og tengjast d\u00fdpri vi\u00f0 einstaka menningu og s\u00f6gu \u00cdslands. Byrja\u00f0u a\u00f0 l\u00e6ra \u00edslenska m\u00e1lfr\u00e6\u00f0i \u00ed dag og taktu fyrsta skrefi\u00f0 \u00ed \u00e1tt a\u00f0 f\u00e6rni \u00ed tali!<\/p>\r\n\r\n                            <a class=\"getStartedHidden\" href=\"https:\/\/app.talkpal.ai\/signup?lng=\">Byrja\u00f0u<\/a>\r\n        \r\n    <\/div>\r\n\r\n    <figure>\r\n    <img decoding=\"async\" width=\"768\" height=\"768\" src=\"https:\/\/talkpal.ai\/wp-content\/uploads\/2023\/06\/Icelandic-768x768.png\" class=\"languageImage no-lazy\" alt=\"Language learning for better job opportunities\" fetchpriority=\"high\" sizes=\"(max-width: 768px) 150px, 768px\" srcset=\"https:\/\/talkpal.ai\/wp-content\/uploads\/2023\/06\/Icelandic-768x768.png 768w, https:\/\/talkpal.ai\/wp-content\/uploads\/2023\/06\/Icelandic-300x300.png 300w\" \/>\r\n    \r\n\r\n    <\/figure>\r\n\r\n            <a class=\"getStartedVisible\" href=\"https:\/\/app.talkpal.ai\/signup?lng=\">Byrja\u00f0u<\/a>\r\n    \r\n<\/section>\r\n<section class=\"promotionalBanner\">\r\n    <p class=\"promotionalText\">Skilvirkasta lei\u00f0in til a\u00f0 l\u00e6ra tungum\u00e1l<\/p>\r\n    <a class=\"promotionalLink\" href=\"https:\/\/app.talkpal.ai\/signup?lng=\">Pr\u00f3fa\u00f0u Talkpal \u00f3keypis<\/a>\r\n<\/section>\n<div class=\"wp-block-group pageContainerStyle\"><div class=\"wp-block-group__inner-container is-layout-constrained wp-block-group-is-layout-constrained\">\n<h2 class=\"wp-block-heading\" id=\"h-the-magic-of-icelandic-grammar-unlocking-the-secrets-of-the-viking-tongue\">Galdur \u00edslenskrar m\u00e1lfr\u00e6\u00f0i: Leysing leyndard\u00f3ma v\u00edkingatungunnar<\/h2>\n\n\n\n<h3 class=\"wp-block-heading\" id=\"h-introduction-icelandic-the-land-of-fire-and-ice\">Inngangur: \u00cdslenska, land elds og \u00edss<\/h3>\n\n\n\n<p>\u00cdslensk tunga, t\u00f6lu\u00f0 af \u00edb\u00faum hinnar gl\u00e6silegu ey\u00fej\u00f3\u00f0ar \u00cdslands, er \u00feekkt fyrir r\u00edka s\u00f6gu, gr\u00edpandi lj\u00f3\u00f0r\u00e6na hef\u00f0 og einstaka h\u00e6fileika til a\u00f0 a\u00f0lagast og \u00fer\u00f3ast \u00ed takt vi\u00f0 t\u00edmann. \u00cdslenskan er komin af fornnorr\u00e6nu og hefur s\u00e9rstakan sjarma sem heillar tungum\u00e1launnendur og upprennandi marghyrninga. Spenni\u00f0 beltin, gott f\u00f3lk! Vi\u00f0 erum a\u00f0 fara a\u00f0 kafa inn \u00ed fallegan, fl\u00f3kinn heim \u00edslenskrar m\u00e1lfr\u00e6\u00f0i, afhj\u00fapa leyndard\u00f3ma hennar og uppg\u00f6tva falda fj\u00e1rsj\u00f3\u00f0i hennar \u00ed lei\u00f0inni.<\/p>\n\n\n\n<h3 class=\"wp-block-heading\" id=\"h-1-runic-scripts-to-latin-alphabet-a-story-of-transformation\">1. R\u00fanaskrift me\u00f0 latnesku stafr\u00f3fi: saga um umbreytingu<\/h3>\n\n\n\n<p>\u00cdslenska stafr\u00f3fi\u00f0 er \u00e6vint\u00fdri \u00fat af fyrir sig, samsett \u00far 32 st\u00f6fum sem eiga r\u00e6tur a\u00f0 rekja til \u00fdmissa s\u00f6gulegra r\u00f3ta. \u00de\u00f3 a\u00f0 \u00fea\u00f0 s\u00e9 fyrst og fremst byggt \u00e1 latnesku letrinu, heldur stafr\u00f3fi\u00f0 nokkrum s\u00e9rkennum fr\u00e1 r\u00fanaletri fornnorr\u00e6nna forfe\u00f0ra \u00feess. A\u00f0 n\u00e1 t\u00f6kum \u00e1 \u00feessum pers\u00f3num er fyrsta hindrunin vi\u00f0 a\u00f0 l\u00e6ra tungum\u00e1li\u00f0, en me\u00f0 \u00e6fingu muntu ver\u00f0a meistari \u00e1 sk\u00f6mmum t\u00edma!<\/p>\n\n\n\n<h3 class=\"wp-block-heading\" id=\"h-2-noun-mastery-getting-to-the-roots-of-icelandic-grammar\">2. Nafnor\u00f0aleikni: A\u00f0 komast a\u00f0 r\u00f3tum \u00edslenskrar m\u00e1lfr\u00e6\u00f0i<\/h3>\n\n\n\n<p>Eitt af megineinkennum \u00edslenskrar m\u00e1lfr\u00e6\u00f0i er beyging nafnor\u00f0a eftir kyni, t\u00f6lu og falli. \u00cdslensk nafnor\u00f0 geta veri\u00f0 kvenkyns, karlkyns e\u00f0a hvorugkyns og hverju kyni fylgja s\u00ednar s\u00e9rst\u00f6ku reglur um fallbeygingu. \u00de\u00f3 a\u00f0 \u00feetta g\u00e6ti virst eins og r\u00fass\u00edbanarei\u00f0 tungum\u00e1la, \u00fe\u00e1 er skilningur \u00e1 \u00feessum ranghala nau\u00f0synlegur til a\u00f0 skilja tungum\u00e1li\u00f0 \u00ed heild sinni. \u00deekkingin sem \u00fe\u00fa \u00f6\u00f0last mun opna heim m\u00f6guleika til a\u00f0 tj\u00e1 margv\u00edslegar og fl\u00f3knar merkingar \u2013 hina s\u00f6nnu d\u00fdr\u00f0 \u00edslenskrar m\u00e1lfr\u00e6\u00f0i!<\/p>\n\n\n\n<h3 class=\"wp-block-heading\" id=\"h-3-the-mighty-verb-icelandic-s-unsung-hero\">3. Hin volduga s\u00f6gn: \u00d3sungin hetja \u00edslenska<\/h3>\n\n\n\n<p>Eins og nafnor\u00f0 taka \u00edslenskar sagnir miklar umbreytingar eftir t\u00ed\u00f0ni \u00feeirra, skapi og pers\u00f3nu og t\u00f6lu vi\u00f0fangsefnisins. \u00deetta fl\u00f3kna kerfi getur veri\u00f0 \u00f3gnvekjandi \u00ed fyrstu en \u00feolinm\u00e6\u00f0i me\u00f0 m\u00e9r! \u00deegar \u00fe\u00fa l\u00e6rir \u00e1 reglulegu mynstrin og \u00f3reglulegu einkennin, muntu <a href=\"https:\/\/talkpal.ai\/ko\/ai-%ec%96%b8%ec%96%b4-%ea%b5%90%ec%82%ac\/\">byrja<\/a> a\u00f0 sj\u00e1 hversu gl\u00e6sileg og fj\u00f6lh\u00e6f \u00edslensk sagnatenging getur veri\u00f0. A\u00f0 sigra \u00edslensku sagnirnar leysir \u00far l\u00e6\u00f0ingi kraftinn til a\u00f0 tj\u00e1 hugsanir, tilfinningar og athafnir af n\u00e1kv\u00e6mni og sk\u00f6punarg\u00e1fu.<\/p>\n\n\n\n<h3 class=\"wp-block-heading\" id=\"h-4-word-order-icelandic-s-flexible-backbone\">4. Or\u00f0ar\u00f6\u00f0: Sveigjanlegur bur\u00f0ar\u00e1s \u00edslenskunnar<\/h3>\n\n\n\n<p>\u00d6fugt vi\u00f0 st\u00edfni sumra \u00fe\u00e1tta \u00edslenskrar m\u00e1lfr\u00e6\u00f0i b\u00fd\u00f0ur m\u00e1li\u00f0 upp \u00e1 sveigjanleika \u00ed or\u00f0ar\u00f6\u00f0un. \u00deetta \u00fe\u00fd\u00f0ir a\u00f0 \u00fe\u00fa getur sett myndefni\u00f0, s\u00f6gnina og hlutinn \u00ed \u00fdmsar \u00fatf\u00e6rslur svo framarlega sem \u00fe\u00fa heldur samkomulagi \u00ed kyni, fj\u00f6lda, f\u00f6llum og fleiru &#8211; \u00fe\u00fa leysir listamanninn \u00far l\u00e6\u00f0ingi \u00ed \u00fe\u00e9r! A\u00f0 a\u00f0laga setningarnar \u00fe\u00ednar \u00e1 \u00feennan fj\u00f6ruga h\u00e1tt getur hj\u00e1lpa\u00f0 til vi\u00f0 a\u00f0 skapa \u00e1herslu, bl\u00e6brig\u00f0i og samtalst\u00f3n, sem gerir r\u00e6\u00f0u \u00fe\u00edna meira a\u00f0la\u00f0andi og skemmtilegri.<\/p>\n\n\n\n<h3 class=\"wp-block-heading\" id=\"h-5-embrace-the-culture-discover-the-pulse-of-the-icelandic-language\">5. Fa\u00f0ma\u00f0u menninguna: Uppg\u00f6tva\u00f0u p\u00fals \u00edslenskrar tungu<\/h3>\n\n\n\n<p>\u00cdslensk tunga ver\u00f0ur ekki vi\u00f0skilin menningarlegum r\u00f3tum s\u00ednum, me\u00f0 sterkum b\u00f6ndum vi\u00f0 s\u00f6gurnar, Eddurnar og einstaka s\u00f6gu og heimsmynd \u00fej\u00f3\u00f0arinnar. Til a\u00f0 s\u00f6kkva \u00fe\u00e9r sannarlega ni\u00f0ur \u00ed tungum\u00e1li\u00f0 skaltu umfa\u00f0ma samhengi \u00feess af heilum hug. Kafa\u00f0u \u00ed \u00fej\u00f3\u00f0s\u00f6gur \u00feess, gleyptu b\u00f3kmenntafj\u00e1rsj\u00f3\u00f0i \u00feess og \u00e1ttu samskipti vi\u00f0 m\u00f3\u00f0urm\u00e1lsmenn. \u00deessi n\u00e1lgun er lykillinn a\u00f0 \u00fev\u00ed a\u00f0 n\u00e1 b\u00e6\u00f0i tungum\u00e1lakunn\u00e1ttu og d\u00fdpri tengslum vi\u00f0 \u00edslensku \u00fej\u00f3\u00f0ina og r\u00edkan menningararf hennar.<\/p>\n\n\n\n<h3 class=\"wp-block-heading\" id=\"h-conclusion-an-icelandic-grammar-journey-worth-taking\">\u00c1lyktun: \u00cdslensk m\u00e1lfr\u00e6\u00f0ifer\u00f0 sem vert er a\u00f0 fara<\/h3>\n\n\n\n<p>\u00de\u00f3tt <a href=\"https:\/\/talkpal.ai\/sv\/grammar\/particip-i-islandsk-grammatik\/\">\u00edslensk m\u00e1lfr\u00e6\u00f0i<\/a> kunni a\u00f0 vir\u00f0ast mikil \u00e1skorun er umbunin r\u00edkuleg fyrir \u00fe\u00e1 sem taka t\u00e6kif\u00e6ri\u00f0. Me\u00f0 \u00ferautseigju, brennandi \u00e1huga \u00e1 menningu og rausnarlegri forvitni munt \u00fe\u00fa finna \u00feig hrifinn af fl\u00e6kjum \u00edslenskrar tungu. Vertu \u00fev\u00ed me\u00f0 okkur \u00ed \u00feessu \u00e6vint\u00fdri og afhj\u00fapa\u00f0u t\u00f6fra \u00edslenskrar m\u00e1lfr\u00e6\u00f0i, eitt spennandi skref \u00ed einu.<\/p>\n<\/div><\/div>\n\r\n<section class=\"learnNavigationSection\">\r\n            \r\n        <a href=\"https:\/\/talkpal.ai\/is\/laerdu-islensku\/\">\r\n            <div class=\"learnNavigationWrapper\">\r\n                <div class=\"learnNavigationContent\">\r\n                    <img decoding=\"async\" src=\"https:\/\/talkpal.ai\/wp-content\/uploads\/2024\/08\/Icelandic.jpg\" alt=\"Iceland Flag\">\r\n                    <div>\r\n                        <h4>Um \u00edslenskun\u00e1m<\/h4>\r\n                        <p>Kynntu \u00fe\u00e9r allt um \u00edslenska m\u00e1lfr\u00e6\u00f0i.<\/p>\r\n                    <\/div>\r\n                <\/div>\r\n            <\/div>\r\n        <\/a>\r\n\r\n        \r\n        <a href=\"https:\/\/talkpal.ai\/is\/islenskar-malfraediaefingar\/\">\r\n            <div class=\"learnNavigationWrapper\">\r\n                <div class=\"learnNavigationContent\">\r\n                    <img decoding=\"async\" src=\"https:\/\/talkpal.ai\/wp-content\/uploads\/2024\/08\/Icelandic.jpg\" alt=\"Iceland Flag\">\r\n                    <div>\r\n                        <h4>\u00cdslensk m\u00e1lfr\u00e6\u00f0i\u00e6fing<\/h4>\r\n                        <p>\u00c6f\u00f0u \u00edslenska m\u00e1lfr\u00e6\u00f0i.<\/p>\r\n                    <\/div>\r\n                <\/div>\r\n            <\/div>\r\n        <\/a>\r\n\r\n        \r\n        <a href=\"https:\/\/talkpal.ai\/vocabulary_language\/icelandic\/\">\r\n            <div class=\"learnNavigationWrapper\">\r\n                <div class=\"learnNavigationContent\">\r\n                    <img decoding=\"async\" src=\"https:\/\/talkpal.ai\/wp-content\/uploads\/2024\/08\/Icelandic.jpg\" alt=\"Iceland Flag\">\r\n                    <div>\r\n                        <h4>\u00cdslenskur or\u00f0afor\u00f0i<\/h4>\r\n                        <p>St\u00e6kka\u00f0u \u00edslenskan or\u00f0afor\u00f0a \u00feinn.<\/p>\r\n                    <\/div>\r\n                <\/div>\r\n            <\/div>\r\n        <\/a>\r\n\r\n            <\/section>","protected":false},"excerpt":{"rendered":"<p>Galdur \u00edslenskrar m\u00e1lfr\u00e6\u00f0i: Leysing leyndard\u00f3ma v\u00edkingatungunnar Inngangur: \u00cdslenska, land elds og \u00edss \u00cdslensk tunga, t\u00f6lu\u00f0 af \u00edb\u00faum hinnar gl\u00e6silegu ey\u00fej\u00f3\u00f0ar \u00cdslands, er \u00feekkt fyrir r\u00edka s\u00f6gu, gr\u00edpandi lj\u00f3\u00f0r\u00e6na hef\u00f0 og einstaka h\u00e6fileika til a\u00f0 a\u00f0lagast og \u00fer\u00f3ast \u00ed takt vi\u00f0 t\u00edmann. \u00cdslenskan er komin af fornnorr\u00e6nu og hefur s\u00e9rstakan sjarma sem heillar tungum\u00e1launnendur og upprennandi [&hellip;]<\/p>\n","protected":false},"author":1,"featured_media":71562,"parent":0,"menu_order":0,"comment_status":"closed","ping_status":"closed","template":"LearningContentPage.php","meta":{"_acf_changed":false,"footnotes":""},"class_list":["post-75051","page","type-page","status-publish","has-post-thumbnail","hentry"],"acf":[],"yoast_head":"<!-- This site is optimized with the Yoast SEO Premium plugin v27.2 (Yoast SEO v27.2) - https:\/\/yoast.com\/product\/yoast-seo-premium-wordpress\/ -->\n<title>\u00cdslensk m\u00e1lfr\u00e6\u00f0i - Talkpal<\/title>\n<meta name=\"description\" content=\"L\u00e6r\u00f0u \u00edslenska m\u00e1lfr\u00e6\u00f0i sk\u00fdrt - skildu lykilm\u00e1lfr\u00e6\u00f0ireglur, mynda\u00f0u r\u00e9ttar setningar og auki\u00f0 sj\u00e1lfstrausti\u00f0 flj\u00f3tt me\u00f0 gervigreindarkennslu Talkpal .\" \/>\n<meta name=\"robots\" content=\"index, follow, max-snippet:-1, max-image-preview:large, max-video-preview:-1\" \/>\n<link rel=\"canonical\" href=\"https:\/\/talkpal.ai\/is\/islensk-malfraedi\/\" \/>\n<meta property=\"og:locale\" content=\"is_IS\" \/>\n<meta property=\"og:type\" content=\"article\" \/>\n<meta property=\"og:title\" content=\"\u00cdslensk m\u00e1lfr\u00e6\u00f0i\" \/>\n<meta property=\"og:description\" content=\"Galdur \u00edslenskrar m\u00e1lfr\u00e6\u00f0i: Leysing leyndard\u00f3ma v\u00edkingatungunnar Inngangur: \u00cdslenska, land elds og \u00edss \u00cdslensk tunga, t\u00f6lu\u00f0 af \u00edb\u00faum hinnar gl\u00e6silegu\" \/>\n<meta property=\"og:url\" content=\"https:\/\/talkpal.ai\/is\/islensk-malfraedi\/\" \/>\n<meta property=\"og:site_name\" content=\"Talkpal\" \/>\n<meta property=\"article:publisher\" content=\"https:\/\/www.facebook.com\/profile.php?id=100090733639311\" \/>\n<meta property=\"article:modified_time\" content=\"2025-12-12T10:51:34+00:00\" \/>\n<meta property=\"og:image\" content=\"https:\/\/talkpal.ai\/wp-content\/uploads\/2023\/05\/iceland.png\" \/>\n\t<meta property=\"og:image:width\" content=\"512\" \/>\n\t<meta property=\"og:image:height\" content=\"512\" \/>\n\t<meta property=\"og:image:type\" content=\"image\/png\" \/>\n<meta name=\"twitter:card\" content=\"summary_large_image\" \/>\n<meta name=\"twitter:site\" content=\"@talkpalai\" \/>\n<meta name=\"twitter:label1\" content=\"Est. reading time\" \/>\n\t<meta name=\"twitter:data1\" content=\"3 minutes\" \/>\n<script type=\"application\/ld+json\" class=\"yoast-schema-graph\">{\"@context\":\"https:\/\/schema.org\",\"@graph\":[{\"@type\":\"WebPage\",\"@id\":\"https:\/\/talkpal.ai\/is\/islensk-malfraedi\/\",\"url\":\"https:\/\/talkpal.ai\/is\/islensk-malfraedi\/\",\"name\":\"\u00cdslensk m\u00e1lfr\u00e6\u00f0i - Talkpal\",\"isPartOf\":{\"@id\":\"https:\/\/talkpal.ai\/is\/#website\"},\"primaryImageOfPage\":{\"@id\":\"https:\/\/talkpal.ai\/is\/islensk-malfraedi\/#primaryimage\"},\"image\":{\"@id\":\"https:\/\/talkpal.ai\/is\/islensk-malfraedi\/#primaryimage\"},\"thumbnailUrl\":\"https:\/\/talkpal.ai\/wp-content\/uploads\/2023\/05\/iceland.png\",\"datePublished\":\"2023-05-14T14:09:11+00:00\",\"dateModified\":\"2025-12-12T10:51:34+00:00\",\"description\":\"L\u00e6r\u00f0u \u00edslenska m\u00e1lfr\u00e6\u00f0i sk\u00fdrt - skildu lykilm\u00e1lfr\u00e6\u00f0ireglur, mynda\u00f0u r\u00e9ttar setningar og auki\u00f0 sj\u00e1lfstrausti\u00f0 flj\u00f3tt me\u00f0 gervigreindarkennslu Talkpal .\",\"breadcrumb\":{\"@id\":\"https:\/\/talkpal.ai\/is\/islensk-malfraedi\/#breadcrumb\"},\"inLanguage\":\"is\",\"potentialAction\":[{\"@type\":\"ReadAction\",\"target\":[\"https:\/\/talkpal.ai\/is\/islensk-malfraedi\/\"]}]},{\"@type\":\"ImageObject\",\"inLanguage\":\"is\",\"@id\":\"https:\/\/talkpal.ai\/is\/islensk-malfraedi\/#primaryimage\",\"url\":\"https:\/\/talkpal.ai\/wp-content\/uploads\/2023\/05\/iceland.png\",\"contentUrl\":\"https:\/\/talkpal.ai\/wp-content\/uploads\/2023\/05\/iceland.png\",\"width\":512,\"height\":512},{\"@type\":\"BreadcrumbList\",\"@id\":\"https:\/\/talkpal.ai\/is\/islensk-malfraedi\/#breadcrumb\",\"itemListElement\":[{\"@type\":\"ListItem\",\"position\":1,\"name\":\"Homepage\",\"item\":\"https:\/\/talkpal.ai\/is\/\"},{\"@type\":\"ListItem\",\"position\":2,\"name\":\"\u00cdslensk m\u00e1lfr\u00e6\u00f0i\"}]},{\"@type\":\"WebSite\",\"@id\":\"https:\/\/talkpal.ai\/is\/#website\",\"url\":\"https:\/\/talkpal.ai\/is\/\",\"name\":\"Talkpal\",\"description\":\"AI Language Learning\",\"publisher\":{\"@id\":\"https:\/\/talkpal.ai\/is\/#organization\"},\"alternateName\":\"Talkpal AI\",\"potentialAction\":[{\"@type\":\"SearchAction\",\"target\":{\"@type\":\"EntryPoint\",\"urlTemplate\":\"https:\/\/talkpal.ai\/is\/?s={search_term_string}\"},\"query-input\":{\"@type\":\"PropertyValueSpecification\",\"valueRequired\":true,\"valueName\":\"search_term_string\"}}],\"inLanguage\":\"is\"},{\"@type\":\"Organization\",\"@id\":\"https:\/\/talkpal.ai\/is\/#organization\",\"name\":\"Talkpal, Inc.\",\"alternateName\":\"Talkpal AI\",\"url\":\"https:\/\/talkpal.ai\/is\/\",\"logo\":{\"@type\":\"ImageObject\",\"inLanguage\":\"is\",\"@id\":\"https:\/\/talkpal.ai\/is\/#\/schema\/logo\/image\/\",\"url\":\"https:\/\/talkpal.ai\/wp-content\/uploads\/2024\/03\/Talkpal-Logo-Icon.png\",\"contentUrl\":\"https:\/\/talkpal.ai\/wp-content\/uploads\/2024\/03\/Talkpal-Logo-Icon.png\",\"width\":2880,\"height\":2880,\"caption\":\"Talkpal, Inc.\"},\"image\":{\"@id\":\"https:\/\/talkpal.ai\/is\/#\/schema\/logo\/image\/\"},\"sameAs\":[\"https:\/\/www.facebook.com\/profile.php?id=100090733639311\",\"https:\/\/x.com\/talkpalai\",\"https:\/\/www.linkedin.com\/company\/talkpal\/\",\"https:\/\/www.youtube.com\/@TalkPal\/\",\"https:\/\/www.tiktok.com\/@talkpal\",\"https:\/\/www.instagram.com\/talkpal_ai\/\",\"https:\/\/www.crunchbase.com\/organization\/talkpal-9cde\",\"https:\/\/www.g2.com\/products\/talkpal-for-business\/\",\"https:\/\/www.trustpilot.com\/review\/talkpal.ai\",\"https:\/\/www.capterra.com\/p\/10006800\/TalkPal\/\"],\"description\":\"Talkpal is a language learning web and mobile education app, powered by the latest AI technologies, that provides engaging experiences to its customers in many different languages to help them improve their language skills. Users can chat about unlimited amount of topics with the app and use other modes to practice their language learning.\",\"email\":\"support@talkpal.ai\",\"legalName\":\"Talkpal, Inc.\",\"foundingDate\":\"2023-04-03\",\"duns\":\"118989042\",\"numberOfEmployees\":{\"@type\":\"QuantitativeValue\",\"minValue\":\"11\",\"maxValue\":\"50\"},\"publishingPrinciples\":\"https:\/\/talkpal.ai\/publishing-principles\/\",\"actionableFeedbackPolicy\":\"https:\/\/talkpal.ai\/actionable-feedback-policy\/\",\"correctionsPolicy\":\"https:\/\/talkpal.ai\/corrections-policy\/\",\"ethicsPolicy\":\"https:\/\/talkpal.ai\/ethics-policy\/\",\"diversityPolicy\":\"https:\/\/talkpal.ai\/diversity-policy\/\",\"diversityStaffingReport\":\"https:\/\/talkpal.ai\/diversity-policy\/\"}]}<\/script>\n<!-- \/ Yoast SEO Premium plugin. -->","yoast_head_json":{"title":"\u00cdslensk m\u00e1lfr\u00e6\u00f0i - Talkpal","description":"L\u00e6r\u00f0u \u00edslenska m\u00e1lfr\u00e6\u00f0i sk\u00fdrt - skildu lykilm\u00e1lfr\u00e6\u00f0ireglur, mynda\u00f0u r\u00e9ttar setningar og auki\u00f0 sj\u00e1lfstrausti\u00f0 flj\u00f3tt me\u00f0 gervigreindarkennslu Talkpal .","robots":{"index":"index","follow":"follow","max-snippet":"max-snippet:-1","max-image-preview":"max-image-preview:large","max-video-preview":"max-video-preview:-1"},"canonical":"https:\/\/talkpal.ai\/is\/islensk-malfraedi\/","og_locale":"is_IS","og_type":"article","og_title":"\u00cdslensk m\u00e1lfr\u00e6\u00f0i","og_description":"Galdur \u00edslenskrar m\u00e1lfr\u00e6\u00f0i: Leysing leyndard\u00f3ma v\u00edkingatungunnar Inngangur: \u00cdslenska, land elds og \u00edss \u00cdslensk tunga, t\u00f6lu\u00f0 af \u00edb\u00faum hinnar gl\u00e6silegu","og_url":"https:\/\/talkpal.ai\/is\/islensk-malfraedi\/","og_site_name":"Talkpal","article_publisher":"https:\/\/www.facebook.com\/profile.php?id=100090733639311","article_modified_time":"2025-12-12T10:51:34+00:00","og_image":[{"width":512,"height":512,"url":"https:\/\/talkpal.ai\/wp-content\/uploads\/2023\/05\/iceland.png","type":"image\/png"}],"twitter_card":"summary_large_image","twitter_site":"@talkpalai","twitter_misc":{"Est. reading time":"3 minutes"},"schema":{"@context":"https:\/\/schema.org","@graph":[{"@type":"WebPage","@id":"https:\/\/talkpal.ai\/is\/islensk-malfraedi\/","url":"https:\/\/talkpal.ai\/is\/islensk-malfraedi\/","name":"\u00cdslensk m\u00e1lfr\u00e6\u00f0i - Talkpal","isPartOf":{"@id":"https:\/\/talkpal.ai\/is\/#website"},"primaryImageOfPage":{"@id":"https:\/\/talkpal.ai\/is\/islensk-malfraedi\/#primaryimage"},"image":{"@id":"https:\/\/talkpal.ai\/is\/islensk-malfraedi\/#primaryimage"},"thumbnailUrl":"https:\/\/talkpal.ai\/wp-content\/uploads\/2023\/05\/iceland.png","datePublished":"2023-05-14T14:09:11+00:00","dateModified":"2025-12-12T10:51:34+00:00","description":"L\u00e6r\u00f0u \u00edslenska m\u00e1lfr\u00e6\u00f0i sk\u00fdrt - skildu lykilm\u00e1lfr\u00e6\u00f0ireglur, mynda\u00f0u r\u00e9ttar setningar og auki\u00f0 sj\u00e1lfstrausti\u00f0 flj\u00f3tt me\u00f0 gervigreindarkennslu Talkpal .","breadcrumb":{"@id":"https:\/\/talkpal.ai\/is\/islensk-malfraedi\/#breadcrumb"},"inLanguage":"is","potentialAction":[{"@type":"ReadAction","target":["https:\/\/talkpal.ai\/is\/islensk-malfraedi\/"]}]},{"@type":"ImageObject","inLanguage":"is","@id":"https:\/\/talkpal.ai\/is\/islensk-malfraedi\/#primaryimage","url":"https:\/\/talkpal.ai\/wp-content\/uploads\/2023\/05\/iceland.png","contentUrl":"https:\/\/talkpal.ai\/wp-content\/uploads\/2023\/05\/iceland.png","width":512,"height":512},{"@type":"BreadcrumbList","@id":"https:\/\/talkpal.ai\/is\/islensk-malfraedi\/#breadcrumb","itemListElement":[{"@type":"ListItem","position":1,"name":"Homepage","item":"https:\/\/talkpal.ai\/is\/"},{"@type":"ListItem","position":2,"name":"\u00cdslensk m\u00e1lfr\u00e6\u00f0i"}]},{"@type":"WebSite","@id":"https:\/\/talkpal.ai\/is\/#website","url":"https:\/\/talkpal.ai\/is\/","name":"Talkpal","description":"AI Language Learning","publisher":{"@id":"https:\/\/talkpal.ai\/is\/#organization"},"alternateName":"Talkpal AI","potentialAction":[{"@type":"SearchAction","target":{"@type":"EntryPoint","urlTemplate":"https:\/\/talkpal.ai\/is\/?s={search_term_string}"},"query-input":{"@type":"PropertyValueSpecification","valueRequired":true,"valueName":"search_term_string"}}],"inLanguage":"is"},{"@type":"Organization","@id":"https:\/\/talkpal.ai\/is\/#organization","name":"Talkpal, Inc.","alternateName":"Talkpal AI","url":"https:\/\/talkpal.ai\/is\/","logo":{"@type":"ImageObject","inLanguage":"is","@id":"https:\/\/talkpal.ai\/is\/#\/schema\/logo\/image\/","url":"https:\/\/talkpal.ai\/wp-content\/uploads\/2024\/03\/Talkpal-Logo-Icon.png","contentUrl":"https:\/\/talkpal.ai\/wp-content\/uploads\/2024\/03\/Talkpal-Logo-Icon.png","width":2880,"height":2880,"caption":"Talkpal, Inc."},"image":{"@id":"https:\/\/talkpal.ai\/is\/#\/schema\/logo\/image\/"},"sameAs":["https:\/\/www.facebook.com\/profile.php?id=100090733639311","https:\/\/x.com\/talkpalai","https:\/\/www.linkedin.com\/company\/talkpal\/","https:\/\/www.youtube.com\/@TalkPal\/","https:\/\/www.tiktok.com\/@talkpal","https:\/\/www.instagram.com\/talkpal_ai\/","https:\/\/www.crunchbase.com\/organization\/talkpal-9cde","https:\/\/www.g2.com\/products\/talkpal-for-business\/","https:\/\/www.trustpilot.com\/review\/talkpal.ai","https:\/\/www.capterra.com\/p\/10006800\/TalkPal\/"],"description":"Talkpal is a language learning web and mobile education app, powered by the latest AI technologies, that provides engaging experiences to its customers in many different languages to help them improve their language skills. Users can chat about unlimited amount of topics with the app and use other modes to practice their language learning.","email":"support@talkpal.ai","legalName":"Talkpal, Inc.","foundingDate":"2023-04-03","duns":"118989042","numberOfEmployees":{"@type":"QuantitativeValue","minValue":"11","maxValue":"50"},"publishingPrinciples":"https:\/\/talkpal.ai\/publishing-principles\/","actionableFeedbackPolicy":"https:\/\/talkpal.ai\/actionable-feedback-policy\/","correctionsPolicy":"https:\/\/talkpal.ai\/corrections-policy\/","ethicsPolicy":"https:\/\/talkpal.ai\/ethics-policy\/","diversityPolicy":"https:\/\/talkpal.ai\/diversity-policy\/","diversityStaffingReport":"https:\/\/talkpal.ai\/diversity-policy\/"}]}},"_links":{"self":[{"href":"https:\/\/talkpal.ai\/is\/wp-json\/wp\/v2\/pages\/75051","targetHints":{"allow":["GET"]}}],"collection":[{"href":"https:\/\/talkpal.ai\/is\/wp-json\/wp\/v2\/pages"}],"about":[{"href":"https:\/\/talkpal.ai\/is\/wp-json\/wp\/v2\/types\/page"}],"author":[{"embeddable":true,"href":"https:\/\/talkpal.ai\/is\/wp-json\/wp\/v2\/users\/1"}],"replies":[{"embeddable":true,"href":"https:\/\/talkpal.ai\/is\/wp-json\/wp\/v2\/comments?post=75051"}],"version-history":[{"count":0,"href":"https:\/\/talkpal.ai\/is\/wp-json\/wp\/v2\/pages\/75051\/revisions"}],"wp:featuredmedia":[{"embeddable":true,"href":"https:\/\/talkpal.ai\/is\/wp-json\/wp\/v2\/media\/71562"}],"wp:attachment":[{"href":"https:\/\/talkpal.ai\/is\/wp-json\/wp\/v2\/media?parent=75051"}],"curies":[{"name":"wp","href":"https:\/\/api.w.org\/{rel}","templated":true}]}}