{"id":75047,"date":"2023-06-21T14:50:44","date_gmt":"2023-06-21T14:50:44","guid":{"rendered":"http:\/\/talkpal.ai\/islenskar-malfraediaefingar\/"},"modified":"2025-12-17T16:09:22","modified_gmt":"2025-12-17T16:09:22","slug":"islenskar-malfraediaefingar","status":"publish","type":"page","link":"https:\/\/talkpal.ai\/is\/islenskar-malfraediaefingar\/","title":{"rendered":"\u00cdslenskar m\u00e1lfr\u00e6\u00f0i\u00e6fingar"},"content":{"rendered":"\r\n\r\n\r\n<section class=\"languageChallengeSection\">\r\n    <div class=\"languageInfoWrapper\">\r\n        \r\n        <h1>\u00cdslenskar m\u00e1lfr\u00e6\u00f0i\u00e6fingar<\/h1>\r\n        <p>Tilb\u00fainn\/n a\u00f0 styrkja \u00edslenskukunn\u00e1ttu \u00fe\u00edna? A\u00f0 \u00e6fa <a href=\"https:\/\/talkpal.ai\/grammar\/\">m\u00e1lfr\u00e6\u00f0i<\/a> er fr\u00e1b\u00e6r lei\u00f0 til a\u00f0 n\u00e1 t\u00f6kum \u00e1 setningager\u00f0, sagnor\u00f0um og einst\u00f6kum eiginleikum \u00edslenskunnar. Byrja\u00f0u a\u00f0 sko\u00f0a <a href=\"https:\/\/talkpal.ai\/learn-icelandic\/\">\u00edslenska<\/a> m\u00e1lfr\u00e6\u00f0i \u00ed dag og sj\u00e1\u00f0u sj\u00e1lfstraust \u00feitt og f\u00e6rni vaxa me\u00f0 hverri \u00e6fingu!\n\n<\/p>\r\n\r\n                            <a class=\"getStartedHidden\" href=\"https:\/\/app.talkpal.ai\/signup?lng=\">Byrja\u00f0u<\/a>\r\n        \r\n    <\/div>\r\n\r\n    <figure>\r\n    <img decoding=\"async\" width=\"768\" height=\"768\" src=\"https:\/\/talkpal.ai\/wp-content\/uploads\/2023\/06\/Icelandic-768x768.png\" class=\"languageImage no-lazy\" alt=\"Language learning for better job opportunities\" fetchpriority=\"high\" sizes=\"(max-width: 768px) 150px, 768px\" srcset=\"https:\/\/talkpal.ai\/wp-content\/uploads\/2023\/06\/Icelandic-768x768.png 768w, https:\/\/talkpal.ai\/wp-content\/uploads\/2023\/06\/Icelandic-300x300.png 300w\" \/>\r\n    \r\n\r\n    <\/figure>\r\n\r\n            <a class=\"getStartedVisible\" href=\"https:\/\/app.talkpal.ai\/signup?lng=\">Byrja\u00f0u<\/a>\r\n    \r\n<\/section>\r\n\r\n\r\n<!-- <section class=\"grammarSection\">\r\n    <div class=\"grammarLinks\">\r\n            <\/div>\r\n<\/section> -->\r\n\r\n\r\n\r\n\r\n<section class=\"promotionalBanner\">\r\n    <p class=\"promotionalText\">Skilvirkasta lei\u00f0in til a\u00f0 l\u00e6ra tungum\u00e1l<\/p>\r\n    <a class=\"promotionalLink\" href=\"https:\/\/app.talkpal.ai\/signup?lng=\">Pr\u00f3fa\u00f0u Talkpal \u00f3keypis<\/a>\r\n<\/section>\n<div class=\"wp-block-group pageContainerStyle\"><div class=\"wp-block-group__inner-container is-layout-constrained wp-block-group-is-layout-constrained\">\n<h2 class=\"wp-block-heading\" id=\"h-icelandic-grammar-topics\">\u00cdslensk m\u00e1lfr\u00e6\u00f0i<\/h2>\n\n\n\n<p>\u00cdslenska, nor\u00f0urgermanskt m\u00e1l tala\u00f0 af meira en 300.000 manns, er opinbert tungum\u00e1l \u00e1 \u00cdslandi. \u00cdslenskan er \u00feekkt fyrir fl\u00f3kna m\u00e1lfr\u00e6\u00f0i og r\u00edkan or\u00f0afor\u00f0a og b\u00fdr yfir einst\u00f6kum sjarma sem la\u00f0ar a\u00f0 tungum\u00e1lanemendur hva\u00f0an\u00e6va a\u00f0 \u00far heiminum. \u00cdslenskan \u00e1 r\u00e6tur s\u00ednar a\u00f0 rekja til fornnorr\u00e6nu og \u00e1 s\u00e9r sterka b\u00f3kmenntahef\u00f0 sem n\u00e6r aftur til v\u00edkingaaldar. \u00cd \u00feessari grein sko\u00f0um vi\u00f0 helstu \u00edslensk m\u00e1lfr\u00e6\u00f0iefni sem hj\u00e1lpa \u00fe\u00e9r a\u00f0 skilja og n\u00e1 t\u00f6kum \u00e1 \u00feessu heillandi tungum\u00e1li, allt fr\u00e1 grunnatri\u00f0um eins og nafnor\u00f0um og s\u00f6gnum til fl\u00f3knari formger\u00f0a eins og skilyr\u00f0a og forsetninga.<\/p>\n\n\n\n<h3 class=\"wp-block-heading\" id=\"h-1-nouns\">1. Nafnor\u00f0<\/h3>\n\n\n\n<p>Byrja\u00f0u \u00e1 \u00fev\u00ed a\u00f0 l\u00e6ra grunnatri\u00f0i \u00edslenskra nafnor\u00f0a, sem n\u00e1 yfir f\u00f3lk, sta\u00f0i og hluti. \u00cd \u00edslensku eru \u00ferj\u00fa m\u00e1lfr\u00e6\u00f0ileg kyn (karlkyns, kvenkyns og hvorugkyns) og fj\u00f6gur tilvik (nefnifall, \u00e1sakandi, dative og genitive). Skilningur \u00e1 \u00feessum \u00fe\u00e1ttum er nau\u00f0synlegur fyrir r\u00e9tta fallbeygingu og samr\u00e6mi vi\u00f0 a\u00f0ra hluta r\u00e6\u00f0unnar.<\/p>\n\n\n\n<h3 class=\"wp-block-heading\" id=\"h-2-articles\">2. Greinar<\/h3>\n\n\n\n<p>\u00cd \u00edslensku eru ekki \u00f3\u00e1kve\u00f0nir greinir, en \u00ed henni eru \u00e1kve\u00f0nir greinar sem festir eru aftan vi\u00f0 nafnor\u00f0. L\u00e6r\u00f0u hvernig \u00e1 a\u00f0 mynda \u00e1kve\u00f0na grein fyrir hvert kyn og m\u00e1l, \u00fear sem \u00feetta mun hj\u00e1lpa til vi\u00f0 r\u00e9tta nafnor\u00f0anotkun.<\/p>\n\n\n\n<h3 class=\"wp-block-heading\" id=\"h-3-pronouns-determiners\">3. Forn\u00f6fn\/\u00e1kvar\u00f0andi<\/h3>\n\n\n\n<p>\u00cd \u00edslensku eru pers\u00f3nu-, eignarfalls-, ni\u00f0randi og s\u00fdniforn\u00f6fn, auk magngreina og spurnar\u00e1kvar\u00f0ana. Kynntu \u00fe\u00e9r \u00feessi forn\u00f6fn og \u00e1kvar\u00f0andi og fallbeygingar \u00feeirra til a\u00f0 tryggja r\u00e9tta samsv\u00f6run og notkun \u00ed setningum.<\/p>\n\n\n\n<h3 class=\"wp-block-heading\" id=\"h-4-adjectives\">4. L\u00fdsingaror\u00f0<\/h3>\n\n\n\n<p>L\u00fdsingaror\u00f0 \u00ed \u00edslensku ver\u00f0a a\u00f0 vera samm\u00e1la \u00ed kyni, t\u00f6lu og falli me\u00f0 nafnor\u00f0inu sem \u00feau breyta. L\u00e6r\u00f0u mismunandi fallbeygingarmynstur l\u00fdsingaror\u00f0a og hvernig \u00feau breytast eftir kyni og falli nafnor\u00f0sins.<\/p>\n\n\n\n<h3 class=\"wp-block-heading\" id=\"h-5-verbs\">5. Sagnor\u00f0<\/h3>\n\n\n\n<p>\u00cdslenskar sagnir eru beyg\u00f0ar eftir spennu, skaplyndi og r\u00f6dd. Byrja\u00f0u \u00e1 \u00fev\u00ed a\u00f0 l\u00e6ra n\u00fat\u00ed\u00f0, fort\u00ed\u00f0 og framt\u00ed\u00f0, sem og lei\u00f0beinandi, vi\u00f0tengingarh\u00e1tt og br\u00fdnt skap. Kynntu \u00fe\u00e9r einnig beygingarmynstur fyrir venjulegar og \u00f3reglulegar sagnir.<\/p>\n\n\n\n<h3 class=\"wp-block-heading\" id=\"h-6-tense-comparison\">6. Spenntur samanbur\u00f0ur<\/h3>\n\n\n\n<p>Skilji\u00f0 muninn \u00e1 einf\u00f6ldum og samfelldum formum hverrar spennu. \u00cdslenskan hefur ekki frams\u00e6ki\u00f0 yfirbrag\u00f0 eins og enskan, \u00feannig a\u00f0 l\u00e6r\u00f0u a\u00f0 tj\u00e1 \u00e1framhaldandi a\u00f0ger\u00f0ir me\u00f0 \u00f6\u00f0rum uppbyggingum.<\/p>\n\n\n\n<h3 class=\"wp-block-heading\" id=\"h-7-perfect-progressive\">7. Fullkominn frams\u00e6kinn<\/h3>\n\n\n\n<p>\u00cdslenskan \u00e1 s\u00e9r ekki beina hli\u00f0st\u00e6\u00f0u vi\u00f0 hina ensku fullkomnu frams\u00e6knu t\u00ed\u00f0. Hins vegar getur\u00f0u l\u00e6rt a\u00f0 tj\u00e1 svipa\u00f0ar hugmyndir me\u00f0 \u00fev\u00ed a\u00f0 nota ja\u00f0arbyggingar me\u00f0 hj\u00e1lpars\u00f6gnum og \u00fe\u00e1ttt\u00f6ku.<\/p>\n\n\n\n<h3 class=\"wp-block-heading\" id=\"h-8-adverbs\">8. Atviksor\u00f0<\/h3>\n\n\n\n<p>Atviksor\u00f0 breyta s\u00f6gnum, l\u00fdsingaror\u00f0um og \u00f6\u00f0rum atviksor\u00f0um. L\u00e6r\u00f0u hinar \u00fdmsu ger\u00f0ir atviksor\u00f0a \u00ed \u00edslensku, \u00e1samt sta\u00f0setningu \u00feeirra \u00ed setningum.<\/p>\n\n\n\n<h3 class=\"wp-block-heading\" id=\"h-9-prepositions\">9. Forsetningar<\/h3>\n\n\n\n<p>Forsetningar s\u00fdna <a href=\"https:\/\/talkpal.ai\/contact\/\">samband<\/a> nafnor\u00f0s e\u00f0a fornafns og annars \u00fe\u00e1ttar \u00ed setningunni. Rannsaki\u00f0 algengustu \u00edslensku forsetningarnar og vi\u00f0komandi tilvik \u00feeirra til a\u00f0 nota \u00fe\u00e6r r\u00e9tt.<\/p>\n\n\n\n<h3 class=\"wp-block-heading\" id=\"h-10-conditionals\">10. Skilyr\u00f0i<\/h3>\n\n\n\n<p>\u00cdslenska hefur \u00ferj\u00e1r ger\u00f0ir skilyrtra setninga: raunverulegar, \u00f3raunverulegar og fort\u00ed\u00f0ar \u00f3raunverulegar. Skilja uppbyggingu og notkun \u00feessara skilyr\u00f0a til a\u00f0 tj\u00e1 \u00edmynda\u00f0ar a\u00f0st\u00e6\u00f0ur og m\u00f6gulegar ni\u00f0urst\u00f6\u00f0ur \u00feeirra.<\/p>\n\n\n\n<h3 class=\"wp-block-heading\" id=\"h-11-sentences\">11. Setningar<\/h3>\n\n\n\n<p>A\u00f0 lokum skaltu \u00e6fa \u00feig \u00ed a\u00f0 sm\u00ed\u00f0a mismunandi ger\u00f0ir \u00edslenskra setninga, svo sem yfirl\u00fdsingu, yfirheyrslu, br\u00fdna og upphr\u00f3punarmerki. \u00deetta mun hj\u00e1lpa \u00fe\u00e9r a\u00f0 byggja upp sterkan grunn \u00ed \u00edslenskri setningafr\u00e6\u00f0i og almennri tungum\u00e1lakunn\u00e1ttu.<\/p>\n<\/div><\/div>\n\r\n<section class=\"learnNavigationSection\">\r\n            \r\n        <a href=\"https:\/\/talkpal.ai\/is\/laerdu-islensku\/\">\r\n            <div class=\"learnNavigationWrapper\">\r\n                <div class=\"learnNavigationContent\">\r\n                    <img decoding=\"async\" src=\"https:\/\/talkpal.ai\/wp-content\/uploads\/2024\/08\/Icelandic.jpg\" alt=\"Iceland Flag\">\r\n                    <div>\r\n                        <h4>Um \u00edslenskun\u00e1m<\/h4>\r\n                        <p>Kynntu \u00fe\u00e9r allt um \u00edslenska m\u00e1lfr\u00e6\u00f0i.<\/p>\r\n                    <\/div>\r\n                <\/div>\r\n            <\/div>\r\n        <\/a>\r\n\r\n        \r\n        <a href=\"https:\/\/talkpal.ai\/is\/islensk-malfraedi\/\">\r\n            <div class=\"learnNavigationWrapper\">\r\n                <div class=\"learnNavigationContent\">\r\n                    <img decoding=\"async\" src=\"https:\/\/talkpal.ai\/wp-content\/uploads\/2024\/08\/Icelandic.jpg\" alt=\"Iceland Flag\">\r\n                    <div>\r\n                        <h4>\u00cdslensk m\u00e1lfr\u00e6\u00f0ikennsla<\/h4>\r\n                        <p>\u00c6f\u00f0u \u00edslenska m\u00e1lfr\u00e6\u00f0i.<\/p>\r\n                    <\/div>\r\n                <\/div>\r\n            <\/div>\r\n        <\/a>\r\n\r\n        \r\n        <a href=\"https:\/\/talkpal.ai\/vocabulary_language\/icelandic\/\">\r\n            <div class=\"learnNavigationWrapper\">\r\n                <div class=\"learnNavigationContent\">\r\n                    <img decoding=\"async\" src=\"https:\/\/talkpal.ai\/wp-content\/uploads\/2024\/08\/Icelandic.jpg\" alt=\"Iceland Flag\">\r\n                    <div>\r\n                        <h4>\u00cdslenskur or\u00f0afor\u00f0i<\/h4>\r\n                        <p>St\u00e6kka\u00f0u \u00edslenskan or\u00f0afor\u00f0a \u00feinn.<\/p>\r\n                    <\/div>\r\n                <\/div>\r\n            <\/div>\r\n        <\/a>\r\n\r\n            <\/section>","protected":false},"excerpt":{"rendered":"<p>\u00cdslensk m\u00e1lfr\u00e6\u00f0i \u00cdslenska, nor\u00f0urgermanskt m\u00e1l tala\u00f0 af meira en 300.000 manns, er opinbert tungum\u00e1l \u00e1 \u00cdslandi. \u00cdslenskan er \u00feekkt fyrir fl\u00f3kna m\u00e1lfr\u00e6\u00f0i og r\u00edkan or\u00f0afor\u00f0a og b\u00fdr yfir einst\u00f6kum sjarma sem la\u00f0ar a\u00f0 tungum\u00e1lanemendur hva\u00f0an\u00e6va a\u00f0 \u00far heiminum. \u00cdslenskan \u00e1 r\u00e6tur s\u00ednar a\u00f0 rekja til fornnorr\u00e6nu og \u00e1 s\u00e9r sterka b\u00f3kmenntahef\u00f0 sem n\u00e6r aftur til [&hellip;]<\/p>\n","protected":false},"author":6,"featured_media":71562,"parent":0,"menu_order":0,"comment_status":"closed","ping_status":"closed","template":"LearningContentPage.php","meta":{"_acf_changed":false,"footnotes":""},"class_list":["post-75047","page","type-page","status-publish","has-post-thumbnail","hentry"],"acf":[],"yoast_head":"<!-- This site is optimized with the Yoast SEO Premium plugin v27.2 (Yoast SEO v27.2) - https:\/\/yoast.com\/product\/yoast-seo-premium-wordpress\/ -->\n<title>\u00cdslenskar m\u00e1lfr\u00e6\u00f0i\u00e6fingar - Talkpal<\/title>\n<meta name=\"description\" content=\"\u00c6f\u00f0u \u00feig au\u00f0veldlega \u00ed \u00edslenska m\u00e1lfr\u00e6\u00f0i - styrktu f\u00e6rni \u00fe\u00edna me\u00f0 \u00e6fingum, gagnvirkri \u00e6fingu og tafarlausri endurgj\u00f6f me\u00f0 Talkpal gervigreind.\" \/>\n<meta name=\"robots\" content=\"index, follow, max-snippet:-1, max-image-preview:large, max-video-preview:-1\" \/>\n<link rel=\"canonical\" href=\"https:\/\/talkpal.ai\/is\/islenskar-malfraediaefingar\/\" \/>\n<meta property=\"og:locale\" content=\"is_IS\" \/>\n<meta property=\"og:type\" content=\"article\" \/>\n<meta property=\"og:title\" content=\"\u00cdslenskar m\u00e1lfr\u00e6\u00f0i\u00e6fingar\" \/>\n<meta property=\"og:description\" content=\"\u00cdslensk m\u00e1lfr\u00e6\u00f0i \u00cdslenska, nor\u00f0urgermanskt m\u00e1l tala\u00f0 af meira en 300.000 manns, er opinbert tungum\u00e1l \u00e1 \u00cdslandi. \u00cdslenskan er \u00feekkt fyrir fl\u00f3kna m\u00e1lfr\u00e6\u00f0i\" \/>\n<meta property=\"og:url\" content=\"https:\/\/talkpal.ai\/is\/islenskar-malfraediaefingar\/\" \/>\n<meta property=\"og:site_name\" content=\"Talkpal\" \/>\n<meta property=\"article:publisher\" content=\"https:\/\/www.facebook.com\/profile.php?id=100090733639311\" \/>\n<meta property=\"article:modified_time\" content=\"2025-12-17T16:09:22+00:00\" \/>\n<meta property=\"og:image\" content=\"https:\/\/talkpal.ai\/wp-content\/uploads\/2023\/05\/iceland.png\" \/>\n\t<meta property=\"og:image:width\" content=\"512\" \/>\n\t<meta property=\"og:image:height\" content=\"512\" \/>\n\t<meta property=\"og:image:type\" content=\"image\/png\" \/>\n<meta name=\"twitter:card\" content=\"summary_large_image\" \/>\n<meta name=\"twitter:site\" content=\"@talkpalai\" \/>\n<meta name=\"twitter:label1\" content=\"Est. reading time\" \/>\n\t<meta name=\"twitter:data1\" content=\"3 minutes\" \/>\n<script type=\"application\/ld+json\" class=\"yoast-schema-graph\">{\"@context\":\"https:\/\/schema.org\",\"@graph\":[{\"@type\":\"WebPage\",\"@id\":\"https:\/\/talkpal.ai\/is\/islenskar-malfraediaefingar\/\",\"url\":\"https:\/\/talkpal.ai\/is\/islenskar-malfraediaefingar\/\",\"name\":\"\u00cdslenskar m\u00e1lfr\u00e6\u00f0i\u00e6fingar - Talkpal\",\"isPartOf\":{\"@id\":\"https:\/\/talkpal.ai\/is\/#website\"},\"primaryImageOfPage\":{\"@id\":\"https:\/\/talkpal.ai\/is\/islenskar-malfraediaefingar\/#primaryimage\"},\"image\":{\"@id\":\"https:\/\/talkpal.ai\/is\/islenskar-malfraediaefingar\/#primaryimage\"},\"thumbnailUrl\":\"https:\/\/talkpal.ai\/wp-content\/uploads\/2023\/05\/iceland.png\",\"datePublished\":\"2023-06-21T14:50:44+00:00\",\"dateModified\":\"2025-12-17T16:09:22+00:00\",\"description\":\"\u00c6f\u00f0u \u00feig au\u00f0veldlega \u00ed \u00edslenska m\u00e1lfr\u00e6\u00f0i - styrktu f\u00e6rni \u00fe\u00edna me\u00f0 \u00e6fingum, gagnvirkri \u00e6fingu og tafarlausri endurgj\u00f6f me\u00f0 Talkpal gervigreind.\",\"breadcrumb\":{\"@id\":\"https:\/\/talkpal.ai\/is\/islenskar-malfraediaefingar\/#breadcrumb\"},\"inLanguage\":\"is\",\"potentialAction\":[{\"@type\":\"ReadAction\",\"target\":[\"https:\/\/talkpal.ai\/is\/islenskar-malfraediaefingar\/\"]}]},{\"@type\":\"ImageObject\",\"inLanguage\":\"is\",\"@id\":\"https:\/\/talkpal.ai\/is\/islenskar-malfraediaefingar\/#primaryimage\",\"url\":\"https:\/\/talkpal.ai\/wp-content\/uploads\/2023\/05\/iceland.png\",\"contentUrl\":\"https:\/\/talkpal.ai\/wp-content\/uploads\/2023\/05\/iceland.png\",\"width\":512,\"height\":512},{\"@type\":\"BreadcrumbList\",\"@id\":\"https:\/\/talkpal.ai\/is\/islenskar-malfraediaefingar\/#breadcrumb\",\"itemListElement\":[{\"@type\":\"ListItem\",\"position\":1,\"name\":\"Homepage\",\"item\":\"https:\/\/talkpal.ai\/is\/\"},{\"@type\":\"ListItem\",\"position\":2,\"name\":\"\u00cdslenskar m\u00e1lfr\u00e6\u00f0i\u00e6fingar\"}]},{\"@type\":\"WebSite\",\"@id\":\"https:\/\/talkpal.ai\/is\/#website\",\"url\":\"https:\/\/talkpal.ai\/is\/\",\"name\":\"Talkpal\",\"description\":\"AI Language Learning\",\"publisher\":{\"@id\":\"https:\/\/talkpal.ai\/is\/#organization\"},\"alternateName\":\"Talkpal AI\",\"potentialAction\":[{\"@type\":\"SearchAction\",\"target\":{\"@type\":\"EntryPoint\",\"urlTemplate\":\"https:\/\/talkpal.ai\/is\/?s={search_term_string}\"},\"query-input\":{\"@type\":\"PropertyValueSpecification\",\"valueRequired\":true,\"valueName\":\"search_term_string\"}}],\"inLanguage\":\"is\"},{\"@type\":\"Organization\",\"@id\":\"https:\/\/talkpal.ai\/is\/#organization\",\"name\":\"Talkpal, Inc.\",\"alternateName\":\"Talkpal AI\",\"url\":\"https:\/\/talkpal.ai\/is\/\",\"logo\":{\"@type\":\"ImageObject\",\"inLanguage\":\"is\",\"@id\":\"https:\/\/talkpal.ai\/is\/#\/schema\/logo\/image\/\",\"url\":\"https:\/\/talkpal.ai\/wp-content\/uploads\/2024\/03\/Talkpal-Logo-Icon.png\",\"contentUrl\":\"https:\/\/talkpal.ai\/wp-content\/uploads\/2024\/03\/Talkpal-Logo-Icon.png\",\"width\":2880,\"height\":2880,\"caption\":\"Talkpal, Inc.\"},\"image\":{\"@id\":\"https:\/\/talkpal.ai\/is\/#\/schema\/logo\/image\/\"},\"sameAs\":[\"https:\/\/www.facebook.com\/profile.php?id=100090733639311\",\"https:\/\/x.com\/talkpalai\",\"https:\/\/www.linkedin.com\/company\/talkpal\/\",\"https:\/\/www.youtube.com\/@TalkPal\/\",\"https:\/\/www.tiktok.com\/@talkpal\",\"https:\/\/www.instagram.com\/talkpal_ai\/\",\"https:\/\/www.crunchbase.com\/organization\/talkpal-9cde\",\"https:\/\/www.g2.com\/products\/talkpal-for-business\/\",\"https:\/\/www.trustpilot.com\/review\/talkpal.ai\",\"https:\/\/www.capterra.com\/p\/10006800\/TalkPal\/\"],\"description\":\"Talkpal is a language learning web and mobile education app, powered by the latest AI technologies, that provides engaging experiences to its customers in many different languages to help them improve their language skills. Users can chat about unlimited amount of topics with the app and use other modes to practice their language learning.\",\"email\":\"support@talkpal.ai\",\"legalName\":\"Talkpal, Inc.\",\"foundingDate\":\"2023-04-03\",\"duns\":\"118989042\",\"numberOfEmployees\":{\"@type\":\"QuantitativeValue\",\"minValue\":\"11\",\"maxValue\":\"50\"},\"publishingPrinciples\":\"https:\/\/talkpal.ai\/publishing-principles\/\",\"actionableFeedbackPolicy\":\"https:\/\/talkpal.ai\/actionable-feedback-policy\/\",\"correctionsPolicy\":\"https:\/\/talkpal.ai\/corrections-policy\/\",\"ethicsPolicy\":\"https:\/\/talkpal.ai\/ethics-policy\/\",\"diversityPolicy\":\"https:\/\/talkpal.ai\/diversity-policy\/\",\"diversityStaffingReport\":\"https:\/\/talkpal.ai\/diversity-policy\/\"}]}<\/script>\n<!-- \/ Yoast SEO Premium plugin. -->","yoast_head_json":{"title":"\u00cdslenskar m\u00e1lfr\u00e6\u00f0i\u00e6fingar - Talkpal","description":"\u00c6f\u00f0u \u00feig au\u00f0veldlega \u00ed \u00edslenska m\u00e1lfr\u00e6\u00f0i - styrktu f\u00e6rni \u00fe\u00edna me\u00f0 \u00e6fingum, gagnvirkri \u00e6fingu og tafarlausri endurgj\u00f6f me\u00f0 Talkpal gervigreind.","robots":{"index":"index","follow":"follow","max-snippet":"max-snippet:-1","max-image-preview":"max-image-preview:large","max-video-preview":"max-video-preview:-1"},"canonical":"https:\/\/talkpal.ai\/is\/islenskar-malfraediaefingar\/","og_locale":"is_IS","og_type":"article","og_title":"\u00cdslenskar m\u00e1lfr\u00e6\u00f0i\u00e6fingar","og_description":"\u00cdslensk m\u00e1lfr\u00e6\u00f0i \u00cdslenska, nor\u00f0urgermanskt m\u00e1l tala\u00f0 af meira en 300.000 manns, er opinbert tungum\u00e1l \u00e1 \u00cdslandi. \u00cdslenskan er \u00feekkt fyrir fl\u00f3kna m\u00e1lfr\u00e6\u00f0i","og_url":"https:\/\/talkpal.ai\/is\/islenskar-malfraediaefingar\/","og_site_name":"Talkpal","article_publisher":"https:\/\/www.facebook.com\/profile.php?id=100090733639311","article_modified_time":"2025-12-17T16:09:22+00:00","og_image":[{"width":512,"height":512,"url":"https:\/\/talkpal.ai\/wp-content\/uploads\/2023\/05\/iceland.png","type":"image\/png"}],"twitter_card":"summary_large_image","twitter_site":"@talkpalai","twitter_misc":{"Est. reading time":"3 minutes"},"schema":{"@context":"https:\/\/schema.org","@graph":[{"@type":"WebPage","@id":"https:\/\/talkpal.ai\/is\/islenskar-malfraediaefingar\/","url":"https:\/\/talkpal.ai\/is\/islenskar-malfraediaefingar\/","name":"\u00cdslenskar m\u00e1lfr\u00e6\u00f0i\u00e6fingar - Talkpal","isPartOf":{"@id":"https:\/\/talkpal.ai\/is\/#website"},"primaryImageOfPage":{"@id":"https:\/\/talkpal.ai\/is\/islenskar-malfraediaefingar\/#primaryimage"},"image":{"@id":"https:\/\/talkpal.ai\/is\/islenskar-malfraediaefingar\/#primaryimage"},"thumbnailUrl":"https:\/\/talkpal.ai\/wp-content\/uploads\/2023\/05\/iceland.png","datePublished":"2023-06-21T14:50:44+00:00","dateModified":"2025-12-17T16:09:22+00:00","description":"\u00c6f\u00f0u \u00feig au\u00f0veldlega \u00ed \u00edslenska m\u00e1lfr\u00e6\u00f0i - styrktu f\u00e6rni \u00fe\u00edna me\u00f0 \u00e6fingum, gagnvirkri \u00e6fingu og tafarlausri endurgj\u00f6f me\u00f0 Talkpal gervigreind.","breadcrumb":{"@id":"https:\/\/talkpal.ai\/is\/islenskar-malfraediaefingar\/#breadcrumb"},"inLanguage":"is","potentialAction":[{"@type":"ReadAction","target":["https:\/\/talkpal.ai\/is\/islenskar-malfraediaefingar\/"]}]},{"@type":"ImageObject","inLanguage":"is","@id":"https:\/\/talkpal.ai\/is\/islenskar-malfraediaefingar\/#primaryimage","url":"https:\/\/talkpal.ai\/wp-content\/uploads\/2023\/05\/iceland.png","contentUrl":"https:\/\/talkpal.ai\/wp-content\/uploads\/2023\/05\/iceland.png","width":512,"height":512},{"@type":"BreadcrumbList","@id":"https:\/\/talkpal.ai\/is\/islenskar-malfraediaefingar\/#breadcrumb","itemListElement":[{"@type":"ListItem","position":1,"name":"Homepage","item":"https:\/\/talkpal.ai\/is\/"},{"@type":"ListItem","position":2,"name":"\u00cdslenskar m\u00e1lfr\u00e6\u00f0i\u00e6fingar"}]},{"@type":"WebSite","@id":"https:\/\/talkpal.ai\/is\/#website","url":"https:\/\/talkpal.ai\/is\/","name":"Talkpal","description":"AI Language Learning","publisher":{"@id":"https:\/\/talkpal.ai\/is\/#organization"},"alternateName":"Talkpal AI","potentialAction":[{"@type":"SearchAction","target":{"@type":"EntryPoint","urlTemplate":"https:\/\/talkpal.ai\/is\/?s={search_term_string}"},"query-input":{"@type":"PropertyValueSpecification","valueRequired":true,"valueName":"search_term_string"}}],"inLanguage":"is"},{"@type":"Organization","@id":"https:\/\/talkpal.ai\/is\/#organization","name":"Talkpal, Inc.","alternateName":"Talkpal AI","url":"https:\/\/talkpal.ai\/is\/","logo":{"@type":"ImageObject","inLanguage":"is","@id":"https:\/\/talkpal.ai\/is\/#\/schema\/logo\/image\/","url":"https:\/\/talkpal.ai\/wp-content\/uploads\/2024\/03\/Talkpal-Logo-Icon.png","contentUrl":"https:\/\/talkpal.ai\/wp-content\/uploads\/2024\/03\/Talkpal-Logo-Icon.png","width":2880,"height":2880,"caption":"Talkpal, Inc."},"image":{"@id":"https:\/\/talkpal.ai\/is\/#\/schema\/logo\/image\/"},"sameAs":["https:\/\/www.facebook.com\/profile.php?id=100090733639311","https:\/\/x.com\/talkpalai","https:\/\/www.linkedin.com\/company\/talkpal\/","https:\/\/www.youtube.com\/@TalkPal\/","https:\/\/www.tiktok.com\/@talkpal","https:\/\/www.instagram.com\/talkpal_ai\/","https:\/\/www.crunchbase.com\/organization\/talkpal-9cde","https:\/\/www.g2.com\/products\/talkpal-for-business\/","https:\/\/www.trustpilot.com\/review\/talkpal.ai","https:\/\/www.capterra.com\/p\/10006800\/TalkPal\/"],"description":"Talkpal is a language learning web and mobile education app, powered by the latest AI technologies, that provides engaging experiences to its customers in many different languages to help them improve their language skills. Users can chat about unlimited amount of topics with the app and use other modes to practice their language learning.","email":"support@talkpal.ai","legalName":"Talkpal, Inc.","foundingDate":"2023-04-03","duns":"118989042","numberOfEmployees":{"@type":"QuantitativeValue","minValue":"11","maxValue":"50"},"publishingPrinciples":"https:\/\/talkpal.ai\/publishing-principles\/","actionableFeedbackPolicy":"https:\/\/talkpal.ai\/actionable-feedback-policy\/","correctionsPolicy":"https:\/\/talkpal.ai\/corrections-policy\/","ethicsPolicy":"https:\/\/talkpal.ai\/ethics-policy\/","diversityPolicy":"https:\/\/talkpal.ai\/diversity-policy\/","diversityStaffingReport":"https:\/\/talkpal.ai\/diversity-policy\/"}]}},"_links":{"self":[{"href":"https:\/\/talkpal.ai\/is\/wp-json\/wp\/v2\/pages\/75047","targetHints":{"allow":["GET"]}}],"collection":[{"href":"https:\/\/talkpal.ai\/is\/wp-json\/wp\/v2\/pages"}],"about":[{"href":"https:\/\/talkpal.ai\/is\/wp-json\/wp\/v2\/types\/page"}],"author":[{"embeddable":true,"href":"https:\/\/talkpal.ai\/is\/wp-json\/wp\/v2\/users\/6"}],"replies":[{"embeddable":true,"href":"https:\/\/talkpal.ai\/is\/wp-json\/wp\/v2\/comments?post=75047"}],"version-history":[{"count":0,"href":"https:\/\/talkpal.ai\/is\/wp-json\/wp\/v2\/pages\/75047\/revisions"}],"wp:featuredmedia":[{"embeddable":true,"href":"https:\/\/talkpal.ai\/is\/wp-json\/wp\/v2\/media\/71562"}],"wp:attachment":[{"href":"https:\/\/talkpal.ai\/is\/wp-json\/wp\/v2\/media?parent=75047"}],"curies":[{"name":"wp","href":"https:\/\/api.w.org\/{rel}","templated":true}]}}