{"id":506527,"date":"2023-04-03T15:47:36","date_gmt":"2023-04-03T15:47:36","guid":{"rendered":"https:\/\/talkpal.ai\/yttu-a\/"},"modified":"2025-06-17T16:30:29","modified_gmt":"2025-06-17T16:30:29","slug":"yttu-a","status":"publish","type":"page","link":"https:\/\/talkpal.ai\/is\/yttu-a\/","title":{"rendered":"\u00ddttu \u00e1"},"content":{"rendered":"<h1>G\u00f6gn, sta\u00f0reyndir, t\u00f6lur<\/h1>\n<p>Velkomin \u00e1 fr\u00e9ttas\u00ed\u00f0u <a href=\"https:\/\/talkpal.ai\/ko\/ai-%ec%96%b8%ec%96%b4-%ea%b5%90%ec%82%ac\/\">Talkpal<\/a> , \u00fear sem vi\u00f0 veitum bla\u00f0am\u00f6nnum og fj\u00f6lmi\u00f0laf\u00f3lki a\u00f0gang a\u00f0 einkar\u00e9ttum uppl\u00fdsingum, g\u00f6gnum og uppf\u00e6rslum \u00e1 n\u00fdst\u00e1rlegu tungum\u00e1lan\u00e1msvettvangi okkar. Vi\u00f0 erum spennt a\u00f0 deila s\u00f6gu okkar me\u00f0 \u00fe\u00e9r og erum sta\u00f0r\u00e1\u00f0in \u00ed a\u00f0 skila n\u00e1kv\u00e6mum og uppf\u00e6r\u00f0um uppl\u00fdsingum til a\u00f0 hj\u00e1lpa \u00fe\u00e9r a\u00f0 b\u00faa til gr\u00edpandi efni.<\/p>\n<p>\t\t\t\t<svg aria-hidden=\"true\" viewBox=\"0 0 384 512\" xmlns=\"http:\/\/www.w3.org\/2000\/svg\"><path d=\"M224 136V0H24C10.7 0 0 10.7 0 24v464c0 13.3 10.7 24 24 24h336c13.3 0 24-10.7 24-24V160H248c-13.2 0-24-10.8-24-24zm65.18 216.01H224v80c0 8.84-7.16 16-16 16h-32c-8.84 0-16-7.16-16-16v-80H94.82c-14.28 0-21.41-17.29-11.27-27.36l96.42-95.7c6.65-6.61 17.39-6.61 24.04 0l96.42 95.7c10.15 10.07 3.03 27.36-11.25 27.36zM377 105L279.1 7c-4.5-4.5-10.6-7-17-7H256v128h128v-6.1c0-6.3-2.5-12.4-7-16.9z\"><\/path><\/svg>\t\t\t\t<\/p>\n<h3>\n\t\t\t\t\t\t\tEinkag\u00f6gn og inns\u00fdn<br \/>\n\t\t\t\t\t<\/h3>\n<p>\n\t\t\t\t\t\tVi\u00f0 skiljum mikilv\u00e6gi n\u00e1kv\u00e6mra og uppf\u00e6r\u00f0ra gagna \u00feegar veri\u00f0 er a\u00f0 b\u00faa til sannf\u00e6randi s\u00f6gur. Vinsamlegast haf\u00f0u <a href=\"https:\/\/talkpal.ai\/contact\/\">samband<\/a> vi\u00f0 fj\u00f6lmi\u00f0latengslateymi okkar \u00e1 info@talkpal.ai til a\u00f0 bi\u00f0ja um allar uppl\u00fdsingar e\u00f0a g\u00f6gn sem \u00fe\u00fa g\u00e6tir \u00feurft.\t\t\t\t\t<\/p>\n<p>\t\t\t\t<svg aria-hidden=\"true\" viewBox=\"0 0 448 512\" xmlns=\"http:\/\/www.w3.org\/2000\/svg\"><path d=\"M352 320c-22.608 0-43.387 7.819-59.79 20.895l-102.486-64.054a96.551 96.551 0 0 0 0-41.683l102.486-64.054C308.613 184.181 329.392 192 352 192c53.019 0 96-42.981 96-96S405.019 0 352 0s-96 42.981-96 96c0 7.158.79 14.13 2.276 20.841L155.79 180.895C139.387 167.819 118.608 160 96 160c-53.019 0-96 42.981-96 96s42.981 96 96 96c22.608 0 43.387-7.819 59.79-20.895l102.486 64.054A96.301 96.301 0 0 0 256 416c0 53.019 42.981 96 96 96s96-42.981 96-96-42.981-96-96-96z\"><\/path><\/svg>\t\t\t\t<\/p>\n<h3>\n\t\t\t\t\t\t\tVertu \u00ed sambandi vi\u00f0 Talkpal<br \/>\n\t\t\t\t\t<\/h3>\n<p>\n\t\t\t\t\t\tVi\u00f0 hvetjum bla\u00f0amenn til a\u00f0 vera \u00ed sambandi vi\u00f0 okkur til a\u00f0 f\u00e1 n\u00fdjustu fr\u00e9ttir, uppf\u00e6rslur og tilkynningar. Fylgdu okkur \u00e1 samf\u00e9lagsmi\u00f0lum okkar til a\u00f0 f\u00e1 einstaka inns\u00fdn \u00ed heim <a href=\"https:\/\/talkpal.ai\/ko\/ai-%ec%96%b8%ec%96%b4-%ea%b5%90%ec%82%ac\/\">Talkpal<\/a> .\t\t\t\t\t<\/p>\n<p>\t\t\t\t\t<a role=\"button\"><br \/>\n\t\t\t\t\t\t\t\t\tpr\u00f3fa\u00f0u talkpal<br \/>\n\t\t\t\t\t<\/a><\/p>\n<h2>Press Kit<\/h2>\n<p>\u00de\u00e9r til \u00fe\u00e6ginda h\u00f6fum vi\u00f0 b\u00fai\u00f0 til alhli\u00f0a fj\u00f6lmi\u00f0lasett sem inniheldur h\u00e1upplausn l\u00f3g\u00f3, myndir og \u00f6nnur \u00farr\u00e6\u00f0i til a\u00f0 hj\u00e1lpa \u00fe\u00e9r a\u00f0 b\u00faa til sj\u00f3nr\u00e6nt a\u00f0la\u00f0andi efni. \u00de\u00fa getur hla\u00f0i\u00f0 ni\u00f0ur fj\u00f6lmi\u00f0lasettinu okkar<\/p>\n<h2>Press Kit<\/h2>\n<p>\u00de\u00e9r til \u00fe\u00e6ginda h\u00f6fum vi\u00f0 b\u00fai\u00f0 til alhli\u00f0a fj\u00f6lmi\u00f0lasett sem inniheldur h\u00e1upplausn l\u00f3g\u00f3, myndir og \u00f6nnur \u00farr\u00e6\u00f0i til a\u00f0 hj\u00e1lpa \u00fe\u00e9r a\u00f0 b\u00faa til sj\u00f3nr\u00e6nt a\u00f0la\u00f0andi efni. \u00de\u00fa getur hla\u00f0i\u00f0 ni\u00f0ur fj\u00f6lmi\u00f0lasettinu okkar<\/p>\n<p>\t\t\t\t\t<a href=\"https:\/\/talkpal.ai\/wp-content\/uploads\/2024\/03\/Talkpal-Press-Kit.zip\"><br \/>\n\t\t\t\t\t\t\t\t\tS\u00e6kja Press Kit<br \/>\n\t\t\t\t\t<\/a><\/p>\n","protected":false},"excerpt":{"rendered":"<p>G\u00f6gn, sta\u00f0reyndir, t\u00f6lur Velkomin \u00e1 fr\u00e9ttas\u00ed\u00f0u Talkpal , \u00fear sem vi\u00f0 veitum bla\u00f0am\u00f6nnum og fj\u00f6lmi\u00f0laf\u00f3lki a\u00f0gang a\u00f0 einkar\u00e9ttum uppl\u00fdsingum, g\u00f6gnum og uppf\u00e6rslum \u00e1 n\u00fdst\u00e1rlegu tungum\u00e1lan\u00e1msvettvangi okkar. Vi\u00f0 erum spennt a\u00f0 deila s\u00f6gu okkar me\u00f0 \u00fe\u00e9r og erum sta\u00f0r\u00e1\u00f0in \u00ed a\u00f0 skila n\u00e1kv\u00e6mum og uppf\u00e6r\u00f0um uppl\u00fdsingum til a\u00f0 hj\u00e1lpa \u00fe\u00e9r a\u00f0 b\u00faa til gr\u00edpandi efni. Einkag\u00f6gn [&hellip;]<\/p>\n","protected":false},"author":1,"featured_media":197961,"parent":0,"menu_order":0,"comment_status":"closed","ping_status":"closed","template":"press-releases-page.php","meta":{"_acf_changed":false,"footnotes":""},"class_list":["post-506527","page","type-page","status-publish","has-post-thumbnail","hentry"],"acf":[],"yoast_head":"<!-- This site is optimized with the Yoast SEO Premium plugin v27.2 (Yoast SEO v27.2) - https:\/\/yoast.com\/product\/yoast-seo-premium-wordpress\/ -->\n<title>\u00ddttu \u00e1 - Talkpal<\/title>\n<meta name=\"description\" content=\"Sko\u00f0a\u00f0u n\u00fdjustu fr\u00e9ttir um Talkpal . F\u00e1\u00f0u a\u00f0gang a\u00f0 einkar\u00e9ttum uppf\u00e6rslum og g\u00f6gnum fyrir fr\u00e1sagnar\u00fearfir \u00fe\u00ednar\" \/>\n<meta name=\"robots\" content=\"index, follow, max-snippet:-1, max-image-preview:large, max-video-preview:-1\" \/>\n<link rel=\"canonical\" href=\"https:\/\/talkpal.ai\/is\/yttu-a\/\" \/>\n<meta property=\"og:locale\" content=\"is_IS\" \/>\n<meta property=\"og:type\" content=\"article\" \/>\n<meta property=\"og:title\" content=\"\u00ddttu \u00e1\" \/>\n<meta property=\"og:description\" content=\"G\u00f6gn, sta\u00f0reyndir, t\u00f6lur Velkomin \u00e1 fr\u00e9ttas\u00ed\u00f0u Talkpal , \u00fear sem vi\u00f0 veitum bla\u00f0am\u00f6nnum og fj\u00f6lmi\u00f0laf\u00f3lki a\u00f0gang a\u00f0 einkar\u00e9ttum uppl\u00fdsingum, g\u00f6gnum og\" \/>\n<meta property=\"og:url\" content=\"https:\/\/talkpal.ai\/is\/yttu-a\/\" \/>\n<meta property=\"og:site_name\" content=\"Talkpal\" \/>\n<meta property=\"article:publisher\" content=\"https:\/\/www.facebook.com\/profile.php?id=100090733639311\" \/>\n<meta property=\"article:modified_time\" content=\"2025-06-17T16:30:29+00:00\" \/>\n<meta property=\"og:image\" content=\"https:\/\/talkpal.ai\/wp-content\/uploads\/2024\/03\/Talkpal-Logo-Icon.png\" \/>\n\t<meta property=\"og:image:width\" content=\"5000\" \/>\n\t<meta property=\"og:image:height\" content=\"5000\" \/>\n\t<meta property=\"og:image:type\" content=\"image\/png\" \/>\n<meta name=\"twitter:card\" content=\"summary_large_image\" \/>\n<meta name=\"twitter:site\" content=\"@talkpalai\" \/>\n<meta name=\"twitter:label1\" content=\"Est. reading time\" \/>\n\t<meta name=\"twitter:data1\" content=\"1 minute\" \/>\n<script type=\"application\/ld+json\" class=\"yoast-schema-graph\">{\"@context\":\"https:\/\/schema.org\",\"@graph\":[{\"@type\":\"WebPage\",\"@id\":\"https:\/\/talkpal.ai\/is\/yttu-a\/\",\"url\":\"https:\/\/talkpal.ai\/is\/yttu-a\/\",\"name\":\"\u00ddttu \u00e1 - Talkpal\",\"isPartOf\":{\"@id\":\"https:\/\/talkpal.ai\/is\/#website\"},\"primaryImageOfPage\":{\"@id\":\"https:\/\/talkpal.ai\/is\/yttu-a\/#primaryimage\"},\"image\":{\"@id\":\"https:\/\/talkpal.ai\/is\/yttu-a\/#primaryimage\"},\"thumbnailUrl\":\"https:\/\/talkpal.ai\/wp-content\/uploads\/2024\/03\/Talkpal-Logo-Icon.png\",\"datePublished\":\"2023-04-03T15:47:36+00:00\",\"dateModified\":\"2025-06-17T16:30:29+00:00\",\"description\":\"Sko\u00f0a\u00f0u n\u00fdjustu fr\u00e9ttir um Talkpal . F\u00e1\u00f0u a\u00f0gang a\u00f0 einkar\u00e9ttum uppf\u00e6rslum og g\u00f6gnum fyrir fr\u00e1sagnar\u00fearfir \u00fe\u00ednar\",\"breadcrumb\":{\"@id\":\"https:\/\/talkpal.ai\/is\/yttu-a\/#breadcrumb\"},\"inLanguage\":\"is\",\"potentialAction\":[{\"@type\":\"ReadAction\",\"target\":[\"https:\/\/talkpal.ai\/is\/yttu-a\/\"]}]},{\"@type\":\"ImageObject\",\"inLanguage\":\"is\",\"@id\":\"https:\/\/talkpal.ai\/is\/yttu-a\/#primaryimage\",\"url\":\"https:\/\/talkpal.ai\/wp-content\/uploads\/2024\/03\/Talkpal-Logo-Icon.png\",\"contentUrl\":\"https:\/\/talkpal.ai\/wp-content\/uploads\/2024\/03\/Talkpal-Logo-Icon.png\",\"width\":5000,\"height\":5000,\"caption\":\"talkpal logo\"},{\"@type\":\"BreadcrumbList\",\"@id\":\"https:\/\/talkpal.ai\/is\/yttu-a\/#breadcrumb\",\"itemListElement\":[{\"@type\":\"ListItem\",\"position\":1,\"name\":\"Homepage\",\"item\":\"https:\/\/talkpal.ai\/is\/\"},{\"@type\":\"ListItem\",\"position\":2,\"name\":\"\u00ddttu \u00e1\"}]},{\"@type\":\"WebSite\",\"@id\":\"https:\/\/talkpal.ai\/is\/#website\",\"url\":\"https:\/\/talkpal.ai\/is\/\",\"name\":\"Talkpal\",\"description\":\"AI Language Learning\",\"publisher\":{\"@id\":\"https:\/\/talkpal.ai\/is\/#organization\"},\"alternateName\":\"Talkpal AI\",\"potentialAction\":[{\"@type\":\"SearchAction\",\"target\":{\"@type\":\"EntryPoint\",\"urlTemplate\":\"https:\/\/talkpal.ai\/is\/?s={search_term_string}\"},\"query-input\":{\"@type\":\"PropertyValueSpecification\",\"valueRequired\":true,\"valueName\":\"search_term_string\"}}],\"inLanguage\":\"is\"},{\"@type\":\"Organization\",\"@id\":\"https:\/\/talkpal.ai\/is\/#organization\",\"name\":\"Talkpal, Inc.\",\"alternateName\":\"Talkpal AI\",\"url\":\"https:\/\/talkpal.ai\/is\/\",\"logo\":{\"@type\":\"ImageObject\",\"inLanguage\":\"is\",\"@id\":\"https:\/\/talkpal.ai\/is\/#\/schema\/logo\/image\/\",\"url\":\"https:\/\/talkpal.ai\/wp-content\/uploads\/2024\/03\/Talkpal-Logo-Icon.png\",\"contentUrl\":\"https:\/\/talkpal.ai\/wp-content\/uploads\/2024\/03\/Talkpal-Logo-Icon.png\",\"width\":2880,\"height\":2880,\"caption\":\"Talkpal, Inc.\"},\"image\":{\"@id\":\"https:\/\/talkpal.ai\/is\/#\/schema\/logo\/image\/\"},\"sameAs\":[\"https:\/\/www.facebook.com\/profile.php?id=100090733639311\",\"https:\/\/x.com\/talkpalai\",\"https:\/\/www.linkedin.com\/company\/talkpal\/\",\"https:\/\/www.youtube.com\/@TalkPal\/\",\"https:\/\/www.tiktok.com\/@talkpal\",\"https:\/\/www.instagram.com\/talkpal_ai\/\",\"https:\/\/www.crunchbase.com\/organization\/talkpal-9cde\",\"https:\/\/www.g2.com\/products\/talkpal-for-business\/\",\"https:\/\/www.trustpilot.com\/review\/talkpal.ai\",\"https:\/\/www.capterra.com\/p\/10006800\/TalkPal\/\"],\"description\":\"Talkpal is a language learning web and mobile education app, powered by the latest AI technologies, that provides engaging experiences to its customers in many different languages to help them improve their language skills. Users can chat about unlimited amount of topics with the app and use other modes to practice their language learning.\",\"email\":\"support@talkpal.ai\",\"legalName\":\"Talkpal, Inc.\",\"foundingDate\":\"2023-04-03\",\"duns\":\"118989042\",\"numberOfEmployees\":{\"@type\":\"QuantitativeValue\",\"minValue\":\"11\",\"maxValue\":\"50\"},\"publishingPrinciples\":\"https:\/\/talkpal.ai\/publishing-principles\/\",\"actionableFeedbackPolicy\":\"https:\/\/talkpal.ai\/actionable-feedback-policy\/\",\"correctionsPolicy\":\"https:\/\/talkpal.ai\/corrections-policy\/\",\"ethicsPolicy\":\"https:\/\/talkpal.ai\/ethics-policy\/\",\"diversityPolicy\":\"https:\/\/talkpal.ai\/diversity-policy\/\",\"diversityStaffingReport\":\"https:\/\/talkpal.ai\/diversity-policy\/\"}]}<\/script>\n<!-- \/ Yoast SEO Premium plugin. -->","yoast_head_json":{"title":"\u00ddttu \u00e1 - Talkpal","description":"Sko\u00f0a\u00f0u n\u00fdjustu fr\u00e9ttir um Talkpal . F\u00e1\u00f0u a\u00f0gang a\u00f0 einkar\u00e9ttum uppf\u00e6rslum og g\u00f6gnum fyrir fr\u00e1sagnar\u00fearfir \u00fe\u00ednar","robots":{"index":"index","follow":"follow","max-snippet":"max-snippet:-1","max-image-preview":"max-image-preview:large","max-video-preview":"max-video-preview:-1"},"canonical":"https:\/\/talkpal.ai\/is\/yttu-a\/","og_locale":"is_IS","og_type":"article","og_title":"\u00ddttu \u00e1","og_description":"G\u00f6gn, sta\u00f0reyndir, t\u00f6lur Velkomin \u00e1 fr\u00e9ttas\u00ed\u00f0u Talkpal , \u00fear sem vi\u00f0 veitum bla\u00f0am\u00f6nnum og fj\u00f6lmi\u00f0laf\u00f3lki a\u00f0gang a\u00f0 einkar\u00e9ttum uppl\u00fdsingum, g\u00f6gnum og","og_url":"https:\/\/talkpal.ai\/is\/yttu-a\/","og_site_name":"Talkpal","article_publisher":"https:\/\/www.facebook.com\/profile.php?id=100090733639311","article_modified_time":"2025-06-17T16:30:29+00:00","og_image":[{"width":5000,"height":5000,"url":"https:\/\/talkpal.ai\/wp-content\/uploads\/2024\/03\/Talkpal-Logo-Icon.png","type":"image\/png"}],"twitter_card":"summary_large_image","twitter_site":"@talkpalai","twitter_misc":{"Est. reading time":"1 minute"},"schema":{"@context":"https:\/\/schema.org","@graph":[{"@type":"WebPage","@id":"https:\/\/talkpal.ai\/is\/yttu-a\/","url":"https:\/\/talkpal.ai\/is\/yttu-a\/","name":"\u00ddttu \u00e1 - Talkpal","isPartOf":{"@id":"https:\/\/talkpal.ai\/is\/#website"},"primaryImageOfPage":{"@id":"https:\/\/talkpal.ai\/is\/yttu-a\/#primaryimage"},"image":{"@id":"https:\/\/talkpal.ai\/is\/yttu-a\/#primaryimage"},"thumbnailUrl":"https:\/\/talkpal.ai\/wp-content\/uploads\/2024\/03\/Talkpal-Logo-Icon.png","datePublished":"2023-04-03T15:47:36+00:00","dateModified":"2025-06-17T16:30:29+00:00","description":"Sko\u00f0a\u00f0u n\u00fdjustu fr\u00e9ttir um Talkpal . F\u00e1\u00f0u a\u00f0gang a\u00f0 einkar\u00e9ttum uppf\u00e6rslum og g\u00f6gnum fyrir fr\u00e1sagnar\u00fearfir \u00fe\u00ednar","breadcrumb":{"@id":"https:\/\/talkpal.ai\/is\/yttu-a\/#breadcrumb"},"inLanguage":"is","potentialAction":[{"@type":"ReadAction","target":["https:\/\/talkpal.ai\/is\/yttu-a\/"]}]},{"@type":"ImageObject","inLanguage":"is","@id":"https:\/\/talkpal.ai\/is\/yttu-a\/#primaryimage","url":"https:\/\/talkpal.ai\/wp-content\/uploads\/2024\/03\/Talkpal-Logo-Icon.png","contentUrl":"https:\/\/talkpal.ai\/wp-content\/uploads\/2024\/03\/Talkpal-Logo-Icon.png","width":5000,"height":5000,"caption":"talkpal logo"},{"@type":"BreadcrumbList","@id":"https:\/\/talkpal.ai\/is\/yttu-a\/#breadcrumb","itemListElement":[{"@type":"ListItem","position":1,"name":"Homepage","item":"https:\/\/talkpal.ai\/is\/"},{"@type":"ListItem","position":2,"name":"\u00ddttu \u00e1"}]},{"@type":"WebSite","@id":"https:\/\/talkpal.ai\/is\/#website","url":"https:\/\/talkpal.ai\/is\/","name":"Talkpal","description":"AI Language Learning","publisher":{"@id":"https:\/\/talkpal.ai\/is\/#organization"},"alternateName":"Talkpal AI","potentialAction":[{"@type":"SearchAction","target":{"@type":"EntryPoint","urlTemplate":"https:\/\/talkpal.ai\/is\/?s={search_term_string}"},"query-input":{"@type":"PropertyValueSpecification","valueRequired":true,"valueName":"search_term_string"}}],"inLanguage":"is"},{"@type":"Organization","@id":"https:\/\/talkpal.ai\/is\/#organization","name":"Talkpal, Inc.","alternateName":"Talkpal AI","url":"https:\/\/talkpal.ai\/is\/","logo":{"@type":"ImageObject","inLanguage":"is","@id":"https:\/\/talkpal.ai\/is\/#\/schema\/logo\/image\/","url":"https:\/\/talkpal.ai\/wp-content\/uploads\/2024\/03\/Talkpal-Logo-Icon.png","contentUrl":"https:\/\/talkpal.ai\/wp-content\/uploads\/2024\/03\/Talkpal-Logo-Icon.png","width":2880,"height":2880,"caption":"Talkpal, Inc."},"image":{"@id":"https:\/\/talkpal.ai\/is\/#\/schema\/logo\/image\/"},"sameAs":["https:\/\/www.facebook.com\/profile.php?id=100090733639311","https:\/\/x.com\/talkpalai","https:\/\/www.linkedin.com\/company\/talkpal\/","https:\/\/www.youtube.com\/@TalkPal\/","https:\/\/www.tiktok.com\/@talkpal","https:\/\/www.instagram.com\/talkpal_ai\/","https:\/\/www.crunchbase.com\/organization\/talkpal-9cde","https:\/\/www.g2.com\/products\/talkpal-for-business\/","https:\/\/www.trustpilot.com\/review\/talkpal.ai","https:\/\/www.capterra.com\/p\/10006800\/TalkPal\/"],"description":"Talkpal is a language learning web and mobile education app, powered by the latest AI technologies, that provides engaging experiences to its customers in many different languages to help them improve their language skills. Users can chat about unlimited amount of topics with the app and use other modes to practice their language learning.","email":"support@talkpal.ai","legalName":"Talkpal, Inc.","foundingDate":"2023-04-03","duns":"118989042","numberOfEmployees":{"@type":"QuantitativeValue","minValue":"11","maxValue":"50"},"publishingPrinciples":"https:\/\/talkpal.ai\/publishing-principles\/","actionableFeedbackPolicy":"https:\/\/talkpal.ai\/actionable-feedback-policy\/","correctionsPolicy":"https:\/\/talkpal.ai\/corrections-policy\/","ethicsPolicy":"https:\/\/talkpal.ai\/ethics-policy\/","diversityPolicy":"https:\/\/talkpal.ai\/diversity-policy\/","diversityStaffingReport":"https:\/\/talkpal.ai\/diversity-policy\/"}]}},"_links":{"self":[{"href":"https:\/\/talkpal.ai\/is\/wp-json\/wp\/v2\/pages\/506527","targetHints":{"allow":["GET"]}}],"collection":[{"href":"https:\/\/talkpal.ai\/is\/wp-json\/wp\/v2\/pages"}],"about":[{"href":"https:\/\/talkpal.ai\/is\/wp-json\/wp\/v2\/types\/page"}],"author":[{"embeddable":true,"href":"https:\/\/talkpal.ai\/is\/wp-json\/wp\/v2\/users\/1"}],"replies":[{"embeddable":true,"href":"https:\/\/talkpal.ai\/is\/wp-json\/wp\/v2\/comments?post=506527"}],"version-history":[{"count":0,"href":"https:\/\/talkpal.ai\/is\/wp-json\/wp\/v2\/pages\/506527\/revisions"}],"wp:featuredmedia":[{"embeddable":true,"href":"https:\/\/talkpal.ai\/is\/wp-json\/wp\/v2\/media\/197961"}],"wp:attachment":[{"href":"https:\/\/talkpal.ai\/is\/wp-json\/wp\/v2\/media?parent=506527"}],"curies":[{"name":"wp","href":"https:\/\/api.w.org\/{rel}","templated":true}]}}