{"id":167083,"date":"2023-04-03T14:56:00","date_gmt":"2023-04-03T14:56:00","guid":{"rendered":"http:\/\/talkpal.ai\/um\/"},"modified":"2026-03-06T16:34:42","modified_gmt":"2026-03-06T16:34:42","slug":"um","status":"publish","type":"page","link":"https:\/\/talkpal.ai\/is\/um\/","title":{"rendered":"Um"},"content":{"rendered":"\n<p id=\"h-\"><a href=\"https:\/\/talkpal.ai\/ko\/ai-%ec%96%b8%ec%96%b4-%ea%b5%90%ec%82%ac\/\">Talkpal<\/a>, Inc. er fyrirt\u00e6ki sem stundar tungum\u00e1lan\u00e1m sem byggir \u00e1 gervigreind og hefur \u00fea\u00f0 a\u00f0 markmi\u00f0i a\u00f0 <a href=\"https:\/\/talkpal.ai\/locations\/language-courses-in-gera\/\">gera<\/a> \u00fea\u00f0 a\u00f0gengilegt \u00f6llum, alls sta\u00f0ar, a\u00f0 <a href=\"https:\/\/talkpal.ai\/locations\/language-courses-in-tala\/\">tala<\/a> hva\u00f0a tungum\u00e1l sem er. Talkpal \u00fer\u00f3ar eitt fullkomnasta gervigreindarkennslukerfi heims og hj\u00e1lpar millj\u00f3num nemenda a\u00f0 \u00e6fa raunverulegar samr\u00e6\u00f0ur af \u00f6ryggi.<\/p>\n\n<p>Talkpal var stofna\u00f0 \u00e1ri\u00f0 2023 og byggir \u00e1 einfaldri en \u00f6flugri tr\u00fa: tungum\u00e1lan\u00e1m \u00e6tti ekki a\u00f0 vera forr\u00e9ttindi heldur \u00e6tti a\u00f0 vera a\u00f0gengilegt \u00f6llum. Me\u00f0 \u00fev\u00ed a\u00f0 sameina n\u00fdjustu gervigreind vi\u00f0 tungum\u00e1la\u00feekkingu og ranns\u00f3knir fjarl\u00e6gir Talkpal hef\u00f0bundnar hindranir eins og kostna\u00f0, t\u00edma og \u00f3tta vi\u00f0 a\u00f0 tala &#8211; og \u00ed sta\u00f0inn kemur s\u00e9rsni\u00f0in, \u00e1lagslaus \u00e6fing sem er \u00ed bo\u00f0i \u00e1 m\u00f6rgum kerfum allan s\u00f3larhringinn.<\/p>\n\n<p>\u00cd dag sty\u00f0ur Talkpal yfir 80 tungum\u00e1l, \u00fej\u00f3nar millj\u00f3num nemenda \u00ed yfir 180 l\u00f6ndum og er f\u00e1anlegt \u00e1 vefnum, <a href=\"https:\/\/talkpal.ai\/es\/descargar-la-aplicacion-talkpal-para-android-e-ios\/\">iOS<\/a> og <a href=\"https:\/\/talkpal.ai\/es\/descargar-la-aplicacion-talkpal-para-android-e-ios\/\">Android<\/a>.<\/p>\n\n<h2 class=\"wp-block-heading\" id=\"h-our-mission\">Markmi\u00f0 okkar<\/h2>\n\n<p>Markmi\u00f0 okkar er a\u00f0 gj\u00f6rbylta tungum\u00e1lan\u00e1mi me\u00f0 \u00fev\u00ed a\u00f0 bj\u00f3\u00f0a upp \u00e1 gr\u00edpandi, gagnvirka og pers\u00f3nulega gervigreindarkn\u00fana tungum\u00e1lakennsluupplifun.<br\/><br\/>Vi\u00f0 leitumst vi\u00f0 a\u00f0 brj\u00f3ta ni\u00f0ur tungum\u00e1lahindranir, hl\u00faa a\u00f0 al\u00fej\u00f3\u00f0legum tengslum og r\u00e6kta samf\u00e9lag \u00e1str\u00ed\u00f0ufullra nemenda og styrkja \u00fe\u00e1 til a\u00f0 eiga samskipti af \u00f6ryggi og reiprennandi \u00e1 \u00fev\u00ed tungum\u00e1li sem \u00feeir hafa vali\u00f0.<\/p>\n\n<h2 class=\"wp-block-heading\" id=\"h-our-vision\">S\u00fdn okkar<\/h2>\n\n<p>Framt\u00ed\u00f0ars\u00fdn okkar er a\u00f0 ver\u00f0a lei\u00f0andi gervigreind <a href=\"https:\/\/talkpal.ai\/home\/\">tungum\u00e1lakennari<\/a> \u00ed heiminum, umbreyta \u00fev\u00ed hvernig f\u00f3lk l\u00e6rir tungum\u00e1l me\u00f0 yfirgripsmiklum, samhengisdrifnum samt\u00f6lum og a\u00f0l\u00f6gunarh\u00e6fni n\u00e1mst\u00e6kni.<br\/><br\/>Vi\u00f0 stefnum a\u00f0 \u00fev\u00ed a\u00f0 hvetja og hl\u00faa a\u00f0 \u00e1st \u00e1 tungum\u00e1lan\u00e1mi, hvetja til menningarsamskipta og br\u00faa samskiptabili\u00f0 yfir landam\u00e6ri, a\u00f0 lokum m\u00f3ta tengdari og skilningsr\u00edkari heim.<\/p>\n\n<h2 class=\"wp-block-heading\" id=\"h-our-story\">Sagan okkar<\/h2>\n\n<p>Talkpal var stofna\u00f0 af <a href=\"https:\/\/talkpal.ai\/locations\/language-courses-in-david\/\">David<\/a> Gegechkori (mynd til vinstri) og Dimitri Dekanozishvili (mynd til h\u00e6gri), kn\u00fain \u00e1fram af sameiginlegri gremju yfir hef\u00f0bundnum tungum\u00e1lan\u00e1msa\u00f0fer\u00f0um sem oft breg\u00f0ast vi\u00f0 a\u00f0 undirb\u00faa <a href=\"https:\/\/talkpal.ai\/talkpal-discount-for-students\/\">nemendur<\/a> fyrir raunverulegt tal.<\/p>\n\n<div class=\"wp-block-columns is-layout-flex wp-container-core-columns-is-layout-9d6595d7 wp-block-columns-is-layout-flex\">\n<div class=\"wp-block-column is-layout-flow wp-block-column-is-layout-flow\" style=\"flex-basis:50%\"><div class=\"wp-block-image\">\n<figure class=\"alignleft size-large\"><img decoding=\"async\" width=\"1024\" height=\"683\" src=\"https:\/\/talkpal.ai\/wp-content\/uploads\/2025\/12\/Talkpal-Entrepreneur-1024x683.jpg\" alt=\"\" class=\"wp-image-1557444\" style=\"aspect-ratio:1.4992888417882142\" srcset=\"https:\/\/talkpal.ai\/wp-content\/uploads\/2025\/12\/Talkpal-Entrepreneur-1024x683.jpg 1024w, https:\/\/talkpal.ai\/wp-content\/uploads\/2025\/12\/Talkpal-Entrepreneur-300x200.jpg 300w, https:\/\/talkpal.ai\/wp-content\/uploads\/2025\/12\/Talkpal-Entrepreneur-768x512.jpg 768w, https:\/\/talkpal.ai\/wp-content\/uploads\/2025\/12\/Talkpal-Entrepreneur.jpg 1344w\" sizes=\"(max-width: 1024px) 100vw, 1024px\" \/><\/figure>\n<\/div><\/div>\n\n\n\n<div class=\"wp-block-column is-layout-flow wp-block-column-is-layout-flow\" style=\"flex-basis:50%\">\n<p>Strax \u00ed upphafi var markmi\u00f0i\u00f0 sk\u00fdrt: a\u00f0 sm\u00ed\u00f0a gervigreindartengdan tungum\u00e1laf\u00e9laga sem l\u00ed\u00f0ur minna eins og kennslub\u00f3k og frekar eins og stu\u00f0ningssamr\u00e6\u00f0uf\u00e9lagi. Nafni\u00f0 \u201eTalkpal\u201c endurspeglar \u00feessa hugmyndafr\u00e6\u00f0i &#8211; vingjarnlegur, alltaf tilt\u00e6kur f\u00e9lagi sem hvetur nemendur til a\u00f0 \u00e6fa sig \u00ed a\u00f0 tala \u00e1n \u00feess a\u00f0 \u00f3ttast ford\u00f3ma.<\/p>\n\n\n\n<p>Talkpal byrja\u00f0i sem vef\u00fej\u00f3nusta en st\u00e6kka\u00f0i flj\u00f3tt yfir \u00e1 fars\u00edmavettvang og setti saman al\u00fej\u00f3\u00f0legt teymi gervigreindarverkfr\u00e6\u00f0inga, m\u00e1lfr\u00e6\u00f0inga, kennara, marka\u00f0sf\u00f3lks og v\u00f6ruh\u00f6nnu\u00f0a. Me\u00f0 st\u00f6\u00f0ugri endurtekningu, ranns\u00f3knum og endurgj\u00f6f fr\u00e1 notendum \u00fer\u00f3a\u00f0ist Talkpal \u00ed alhli\u00f0a gervigreindarn\u00e1msvettvang sem millj\u00f3nir manna um allan heim treysta.<\/p>\n<\/div>\n<\/div>\n\n<h2 class=\"wp-block-heading\" id=\"h-what-we-do\">\u00dea\u00f0 sem vi\u00f0 gerum<\/h2>\n\n<p>Talkpal b\u00fd\u00f0ur upp \u00e1 gervigreindarkn\u00fana texta- og raddn\u00e1msreynslu sem er h\u00f6nnu\u00f0 til a\u00f0 l\u00edkja eftir raunverulegum mannlegum samskiptum. Vettvangur okkar a\u00f0lagast \u00e1 kraftmikinn h\u00e1tt a\u00f0 stigi, markmi\u00f0um og n\u00e1msst\u00edl hvers nemanda.<\/p>\n\n<p>Lykilh\u00e6fni er me\u00f0al annars:<\/p>\n\n<ul class=\"wp-block-list\">\n<li>N\u00e1tt\u00faruleg samt\u00f6l me\u00f0 gervigreind fyrir tal\u00e6fingu<\/li>\n\n\n\n<li>Raunt\u00edma endurgj\u00f6f um frambur\u00f0, m\u00e1lfr\u00e6\u00f0i og fl\u00e6\u00f0i<\/li>\n\n\n\n<li>Stu\u00f0ningur fyrir byrjendur sem lengra komna<\/li>\n\n\n\n<li>Kennsla \u00ed yfir 80 tungum\u00e1lum um allan heim, \u00fear \u00e1 me\u00f0al ensku, sp\u00e6nsku, \u00fe\u00fdsku, fr\u00f6nsku, \u00edt\u00f6lsku, jap\u00f6nsku, k\u00ednversku, k\u00f3resku, arab\u00edsku, hollensku, port\u00fag\u00f6lsku, s\u00e6nsku, hebresku, gr\u00edsku, tyrknesku, finnsku og afr\u00edk\u00f6nsku, alb\u00f6nsku, armensku, assamsku, aserb\u00f6nsku, basknesku, hv\u00edtr\u00fassnesku, bengalsku, bosn\u00edsku, b\u00falg\u00f6rsku, burmnesku, kant\u00f3nsku, katal\u00f3nsku, kr\u00f3at\u00edsku, t\u00e9kknesku, d\u00f6nsku, eistnesku, galis\u00edsku, georg\u00edsku, g\u00fajarat\u00ed, hind\u00ed, ungversku, \u00edslensku, ind\u00f3nes\u00edsku, \u00edrsku, jav\u00f6nsku, kannada, kasaksku, kmer, la\u00f3sku, lettnesku, lith\u00e1\u00edsku, maked\u00f3nsku, mala\u00edsku, malajalam, maltnesku, ma\u00f3r\u00ed, marat\u00ed, mong\u00f3lsku, nepalsku, norsku, odia, pashto, persnesku, p\u00f3lsku, p\u00fandjab\u00ed, r\u00famensku, r\u00fassnesku, serbnesku, singales\u00edsku, sl\u00f3vak\u00edsku, sl\u00f3vensku, s\u00f3malsku, svah\u00edl\u00ed, tagalog, tam\u00edlsku, tel\u00fag\u00fa, ta\u00edlensku, \u00fakra\u00ednsku, \u00fard\u00fa, \u00fasbesku, v\u00edetnamsku, velsku, s\u00fal\u00fa og fleiru.<\/li>\n\n\n\n<li>\u00d3keypis \u00e1skriftarl\u00edkan me\u00f0 sveigjanlegum \u00e1skriftar\u00e1\u00e6tlunum<\/li>\n\n\n\n<li>S\u00e9rh\u00e6f\u00f0ar lausnir fyrir h\u00e1sk\u00f3la, tungum\u00e1lask\u00f3la, fyrirt\u00e6ki og a\u00f0rar stofnanir<\/li>\n<\/ul>\n\n<p>Efni okkar og kerfi eru \u00fer\u00f3u\u00f0 \u00ed samstarfi vi\u00f0 tungum\u00e1las\u00e9rfr\u00e6\u00f0inga og gervigreindarrannsakendur, sem tryggir b\u00e6\u00f0i kennslufr\u00e6\u00f0ilega traustleika og t\u00e6knilega fram\u00farskarandi t\u00e6kni.<\/p>\n\n<h2 class=\"wp-block-heading\" id=\"h-research-backed-learning\">Ranns\u00f3knarstudd n\u00e1m<\/h2>\n\n<p>\u00c1rangur Talkpal hefur veri\u00f0 sko\u00f0a\u00f0ur \u00ed fj\u00f6lm\u00f6rgum fr\u00e6\u00f0ilegum ranns\u00f3knum, s\u00e9rstaklega \u00ed ESL og EFL samhengi. Ranns\u00f3knir hafa s\u00fdnt fram \u00e1 t\u00f6lfr\u00e6\u00f0ilega markt\u00e6kan \u00e1rangur \u00ed talf\u00e6rni, frambur\u00f0i, m\u00e1lfr\u00e6\u00f0i og sj\u00e1lfstrausti nemenda \u00feegar \u00feeir nota gervigreindartengd samtalst\u00f3l eins og Talkpal.<\/p>\n\n<p>\u00deessi ranns\u00f3knarmi\u00f0a\u00f0a n\u00e1lgun er undirsta\u00f0a skuldbindingar okkar vi\u00f0 a\u00f0 byggja ekki a\u00f0eins upp n\u00fdst\u00e1rlega t\u00e6kni &#8211; heldur einnig m\u00e6lanlega \u00e1rangursr\u00edkar tungum\u00e1lan\u00e1msupplifanir.<\/p>\n\n<h2 class=\"wp-block-heading\" id=\"h-trusted-by-learners-worldwide\">Treyst af nemendum um allan heim<\/h2>\n\n<p>Millj\u00f3nir notenda um allan heim treysta Talkpal og f\u00e6r st\u00f6\u00f0ugt g\u00f3\u00f0a einkunn \u00ed appverslunum og \u00e1 umsagnavettvangi. Nemendur leggja oft \u00e1herslu \u00e1:<\/p>\n\n<ul class=\"wp-block-list\">\n<li>\u00der\u00fdstilaust umhverfi fyrir tal\u00e6fingar<\/li>\n\n\n\n<li>Tafarlaus, noth\u00e6f endurgj\u00f6f<\/li>\n\n\n\n<li>Sveigjanleiki til a\u00f0 l\u00e6ra hven\u00e6r sem er, hvar sem er<\/li>\n\n\n\n<li>H\u00e6fni til a\u00f0 \u00e6fa sig \u00e1n \u00feess a\u00f0 \u00feurfa a\u00f0 hafa samband vi\u00f0 mannlegan tungum\u00e1laf\u00e9laga<\/li>\n<\/ul>\n\n<h2 class=\"wp-block-heading\" id=\"h-our-commitment\">Skuldbinding okkar<\/h2>\n\n<p>Hj\u00e1 Talkpal erum vi\u00f0 sta\u00f0r\u00e1\u00f0in \u00ed a\u00f0:<\/p>\n\n<ul class=\"wp-block-list\">\n<li><strong>N\u00fdsk\u00f6pun<\/strong> \u2013 st\u00f6\u00f0ugar framfarir \u00ed gervigreind og menntat\u00e6kni<\/li>\n\n\n\n<li><strong>G\u00e6\u00f0i<\/strong> \u2013 ranns\u00f3knarstudd n\u00e1msreynsla<\/li>\n\n\n\n<li><strong>A\u00f0gengi<\/strong> \u2013 hagkv\u00e6mt og a\u00f0gengilegt tungum\u00e1lan\u00e1m fyrir alla<\/li>\n\n\n\n<li><strong>Al\u00fej\u00f3\u00f0leg \u00e1hrif<\/strong> \u2013 a\u00f0 efla samskipti milli menningarheima<\/li>\n<\/ul>\n\n<p>Vi\u00f0 tr\u00faum \u00fev\u00ed a\u00f0 tungum\u00e1l hafi m\u00e1ttinn til a\u00f0 breyta l\u00edfum &#8211; og me\u00f0 gervigreind getur s\u00e1 kraftur n\u00e1\u00f0 til allra.<\/p>\n\n<p><\/p>\n","protected":false},"excerpt":{"rendered":"<p>Talkpal, Inc. er fyrirt\u00e6ki sem stundar tungum\u00e1lan\u00e1m sem byggir \u00e1 gervigreind og hefur \u00fea\u00f0 a\u00f0 markmi\u00f0i a\u00f0 gera \u00fea\u00f0 a\u00f0gengilegt \u00f6llum, alls sta\u00f0ar, a\u00f0 tala hva\u00f0a tungum\u00e1l sem er. Talkpal \u00fer\u00f3ar eitt fullkomnasta gervigreindarkennslukerfi heims og hj\u00e1lpar millj\u00f3num nemenda a\u00f0 \u00e6fa raunverulegar samr\u00e6\u00f0ur af \u00f6ryggi. Talkpal var stofna\u00f0 \u00e1ri\u00f0 2023 og byggir \u00e1 einfaldri en [&hellip;]<\/p>\n","protected":false},"author":1,"featured_media":197961,"parent":0,"menu_order":0,"comment_status":"closed","ping_status":"closed","template":"","meta":{"_acf_changed":false,"footnotes":""},"class_list":["post-167083","page","type-page","status-publish","has-post-thumbnail","hentry"],"acf":[],"yoast_head":"<!-- This site is optimized with the Yoast SEO Premium plugin v27.2 (Yoast SEO v27.2) - https:\/\/yoast.com\/product\/yoast-seo-premium-wordpress\/ -->\n<title>Um - Talkpal<\/title>\n<meta name=\"description\" content=\"Talkpal er GPT-kn\u00fainn gervigreindarkennari sem var stofna\u00f0ur me\u00f0 \u00fe\u00e1 tr\u00fa a\u00f0 tungum\u00e1lan\u00e1m \u00e6tti a\u00f0 vera a\u00f0gengilegt \u00f6llum.\" \/>\n<meta name=\"robots\" content=\"index, follow, max-snippet:-1, max-image-preview:large, max-video-preview:-1\" \/>\n<link rel=\"canonical\" href=\"https:\/\/talkpal.ai\/is\/um\/\" \/>\n<meta property=\"og:locale\" content=\"is_IS\" \/>\n<meta property=\"og:type\" content=\"article\" \/>\n<meta property=\"og:title\" content=\"Um\" \/>\n<meta property=\"og:description\" content=\"Talkpal, Inc. er fyrirt\u00e6ki sem stundar tungum\u00e1lan\u00e1m sem byggir \u00e1 gervigreind og hefur \u00fea\u00f0 a\u00f0 markmi\u00f0i a\u00f0 gera \u00fea\u00f0 a\u00f0gengilegt \u00f6llum, alls sta\u00f0ar, a\u00f0 tala\" \/>\n<meta property=\"og:url\" content=\"https:\/\/talkpal.ai\/is\/um\/\" \/>\n<meta property=\"og:site_name\" content=\"Talkpal\" \/>\n<meta property=\"article:publisher\" content=\"https:\/\/www.facebook.com\/profile.php?id=100090733639311\" \/>\n<meta property=\"article:modified_time\" content=\"2026-03-06T16:34:42+00:00\" \/>\n<meta property=\"og:image\" content=\"https:\/\/talkpal.ai\/wp-content\/uploads\/2024\/03\/Talkpal-Logo-Icon.png\" \/>\n\t<meta property=\"og:image:width\" content=\"5000\" \/>\n\t<meta property=\"og:image:height\" content=\"5000\" \/>\n\t<meta property=\"og:image:type\" content=\"image\/png\" \/>\n<meta name=\"twitter:card\" content=\"summary_large_image\" \/>\n<meta name=\"twitter:site\" content=\"@talkpalai\" \/>\n<meta name=\"twitter:label1\" content=\"Est. reading time\" \/>\n\t<meta name=\"twitter:data1\" content=\"5 minutes\" \/>\n<script type=\"application\/ld+json\" class=\"yoast-schema-graph\">{\"@context\":\"https:\/\/schema.org\",\"@graph\":[{\"@type\":\"WebPage\",\"@id\":\"https:\/\/talkpal.ai\/is\/um\/\",\"url\":\"https:\/\/talkpal.ai\/is\/um\/\",\"name\":\"Um - Talkpal\",\"isPartOf\":{\"@id\":\"https:\/\/talkpal.ai\/is\/#website\"},\"primaryImageOfPage\":{\"@id\":\"https:\/\/talkpal.ai\/is\/um\/#primaryimage\"},\"image\":{\"@id\":\"https:\/\/talkpal.ai\/is\/um\/#primaryimage\"},\"thumbnailUrl\":\"https:\/\/talkpal.ai\/wp-content\/uploads\/2024\/03\/Talkpal-Logo-Icon.png\",\"datePublished\":\"2023-04-03T14:56:00+00:00\",\"dateModified\":\"2026-03-06T16:34:42+00:00\",\"description\":\"Talkpal er GPT-kn\u00fainn gervigreindarkennari sem var stofna\u00f0ur me\u00f0 \u00fe\u00e1 tr\u00fa a\u00f0 tungum\u00e1lan\u00e1m \u00e6tti a\u00f0 vera a\u00f0gengilegt \u00f6llum.\",\"breadcrumb\":{\"@id\":\"https:\/\/talkpal.ai\/is\/um\/#breadcrumb\"},\"inLanguage\":\"is\",\"potentialAction\":[{\"@type\":\"ReadAction\",\"target\":[\"https:\/\/talkpal.ai\/is\/um\/\"]}]},{\"@type\":\"ImageObject\",\"inLanguage\":\"is\",\"@id\":\"https:\/\/talkpal.ai\/is\/um\/#primaryimage\",\"url\":\"https:\/\/talkpal.ai\/wp-content\/uploads\/2024\/03\/Talkpal-Logo-Icon.png\",\"contentUrl\":\"https:\/\/talkpal.ai\/wp-content\/uploads\/2024\/03\/Talkpal-Logo-Icon.png\",\"width\":5000,\"height\":5000,\"caption\":\"Talkpal l\u00f3g\u00f3 \u00e1n or\u00f0merkja\"},{\"@type\":\"BreadcrumbList\",\"@id\":\"https:\/\/talkpal.ai\/is\/um\/#breadcrumb\",\"itemListElement\":[{\"@type\":\"ListItem\",\"position\":1,\"name\":\"Homepage\",\"item\":\"https:\/\/talkpal.ai\/is\/\"},{\"@type\":\"ListItem\",\"position\":2,\"name\":\"Um\"}]},{\"@type\":\"WebSite\",\"@id\":\"https:\/\/talkpal.ai\/is\/#website\",\"url\":\"https:\/\/talkpal.ai\/is\/\",\"name\":\"Talkpal\",\"description\":\"AI Language Learning\",\"publisher\":{\"@id\":\"https:\/\/talkpal.ai\/is\/#organization\"},\"alternateName\":\"Talkpal AI\",\"potentialAction\":[{\"@type\":\"SearchAction\",\"target\":{\"@type\":\"EntryPoint\",\"urlTemplate\":\"https:\/\/talkpal.ai\/is\/?s={search_term_string}\"},\"query-input\":{\"@type\":\"PropertyValueSpecification\",\"valueRequired\":true,\"valueName\":\"search_term_string\"}}],\"inLanguage\":\"is\"},{\"@type\":\"Organization\",\"@id\":\"https:\/\/talkpal.ai\/is\/#organization\",\"name\":\"Talkpal, Inc.\",\"alternateName\":\"Talkpal AI\",\"url\":\"https:\/\/talkpal.ai\/is\/\",\"logo\":{\"@type\":\"ImageObject\",\"inLanguage\":\"is\",\"@id\":\"https:\/\/talkpal.ai\/is\/#\/schema\/logo\/image\/\",\"url\":\"https:\/\/talkpal.ai\/wp-content\/uploads\/2024\/03\/Talkpal-Logo-Icon.png\",\"contentUrl\":\"https:\/\/talkpal.ai\/wp-content\/uploads\/2024\/03\/Talkpal-Logo-Icon.png\",\"width\":2880,\"height\":2880,\"caption\":\"Talkpal, Inc.\"},\"image\":{\"@id\":\"https:\/\/talkpal.ai\/is\/#\/schema\/logo\/image\/\"},\"sameAs\":[\"https:\/\/www.facebook.com\/profile.php?id=100090733639311\",\"https:\/\/x.com\/talkpalai\",\"https:\/\/www.linkedin.com\/company\/talkpal\/\",\"https:\/\/www.youtube.com\/@TalkPal\/\",\"https:\/\/www.tiktok.com\/@talkpal\",\"https:\/\/www.instagram.com\/talkpal_ai\/\",\"https:\/\/www.crunchbase.com\/organization\/talkpal-9cde\",\"https:\/\/www.g2.com\/products\/talkpal-for-business\/\",\"https:\/\/www.trustpilot.com\/review\/talkpal.ai\",\"https:\/\/www.capterra.com\/p\/10006800\/TalkPal\/\"],\"description\":\"Talkpal is a language learning web and mobile education app, powered by the latest AI technologies, that provides engaging experiences to its customers in many different languages to help them improve their language skills. Users can chat about unlimited amount of topics with the app and use other modes to practice their language learning.\",\"email\":\"support@talkpal.ai\",\"legalName\":\"Talkpal, Inc.\",\"foundingDate\":\"2023-04-03\",\"duns\":\"118989042\",\"numberOfEmployees\":{\"@type\":\"QuantitativeValue\",\"minValue\":\"11\",\"maxValue\":\"50\"},\"publishingPrinciples\":\"https:\/\/talkpal.ai\/publishing-principles\/\",\"actionableFeedbackPolicy\":\"https:\/\/talkpal.ai\/actionable-feedback-policy\/\",\"correctionsPolicy\":\"https:\/\/talkpal.ai\/corrections-policy\/\",\"ethicsPolicy\":\"https:\/\/talkpal.ai\/ethics-policy\/\",\"diversityPolicy\":\"https:\/\/talkpal.ai\/diversity-policy\/\",\"diversityStaffingReport\":\"https:\/\/talkpal.ai\/diversity-policy\/\"}]}<\/script>\n<!-- \/ Yoast SEO Premium plugin. -->","yoast_head_json":{"title":"Um - Talkpal","description":"Talkpal er GPT-kn\u00fainn gervigreindarkennari sem var stofna\u00f0ur me\u00f0 \u00fe\u00e1 tr\u00fa a\u00f0 tungum\u00e1lan\u00e1m \u00e6tti a\u00f0 vera a\u00f0gengilegt \u00f6llum.","robots":{"index":"index","follow":"follow","max-snippet":"max-snippet:-1","max-image-preview":"max-image-preview:large","max-video-preview":"max-video-preview:-1"},"canonical":"https:\/\/talkpal.ai\/is\/um\/","og_locale":"is_IS","og_type":"article","og_title":"Um","og_description":"Talkpal, Inc. er fyrirt\u00e6ki sem stundar tungum\u00e1lan\u00e1m sem byggir \u00e1 gervigreind og hefur \u00fea\u00f0 a\u00f0 markmi\u00f0i a\u00f0 gera \u00fea\u00f0 a\u00f0gengilegt \u00f6llum, alls sta\u00f0ar, a\u00f0 tala","og_url":"https:\/\/talkpal.ai\/is\/um\/","og_site_name":"Talkpal","article_publisher":"https:\/\/www.facebook.com\/profile.php?id=100090733639311","article_modified_time":"2026-03-06T16:34:42+00:00","og_image":[{"width":5000,"height":5000,"url":"https:\/\/talkpal.ai\/wp-content\/uploads\/2024\/03\/Talkpal-Logo-Icon.png","type":"image\/png"}],"twitter_card":"summary_large_image","twitter_site":"@talkpalai","twitter_misc":{"Est. reading time":"5 minutes"},"schema":{"@context":"https:\/\/schema.org","@graph":[{"@type":"WebPage","@id":"https:\/\/talkpal.ai\/is\/um\/","url":"https:\/\/talkpal.ai\/is\/um\/","name":"Um - Talkpal","isPartOf":{"@id":"https:\/\/talkpal.ai\/is\/#website"},"primaryImageOfPage":{"@id":"https:\/\/talkpal.ai\/is\/um\/#primaryimage"},"image":{"@id":"https:\/\/talkpal.ai\/is\/um\/#primaryimage"},"thumbnailUrl":"https:\/\/talkpal.ai\/wp-content\/uploads\/2024\/03\/Talkpal-Logo-Icon.png","datePublished":"2023-04-03T14:56:00+00:00","dateModified":"2026-03-06T16:34:42+00:00","description":"Talkpal er GPT-kn\u00fainn gervigreindarkennari sem var stofna\u00f0ur me\u00f0 \u00fe\u00e1 tr\u00fa a\u00f0 tungum\u00e1lan\u00e1m \u00e6tti a\u00f0 vera a\u00f0gengilegt \u00f6llum.","breadcrumb":{"@id":"https:\/\/talkpal.ai\/is\/um\/#breadcrumb"},"inLanguage":"is","potentialAction":[{"@type":"ReadAction","target":["https:\/\/talkpal.ai\/is\/um\/"]}]},{"@type":"ImageObject","inLanguage":"is","@id":"https:\/\/talkpal.ai\/is\/um\/#primaryimage","url":"https:\/\/talkpal.ai\/wp-content\/uploads\/2024\/03\/Talkpal-Logo-Icon.png","contentUrl":"https:\/\/talkpal.ai\/wp-content\/uploads\/2024\/03\/Talkpal-Logo-Icon.png","width":5000,"height":5000,"caption":"Talkpal l\u00f3g\u00f3 \u00e1n or\u00f0merkja"},{"@type":"BreadcrumbList","@id":"https:\/\/talkpal.ai\/is\/um\/#breadcrumb","itemListElement":[{"@type":"ListItem","position":1,"name":"Homepage","item":"https:\/\/talkpal.ai\/is\/"},{"@type":"ListItem","position":2,"name":"Um"}]},{"@type":"WebSite","@id":"https:\/\/talkpal.ai\/is\/#website","url":"https:\/\/talkpal.ai\/is\/","name":"Talkpal","description":"AI Language Learning","publisher":{"@id":"https:\/\/talkpal.ai\/is\/#organization"},"alternateName":"Talkpal AI","potentialAction":[{"@type":"SearchAction","target":{"@type":"EntryPoint","urlTemplate":"https:\/\/talkpal.ai\/is\/?s={search_term_string}"},"query-input":{"@type":"PropertyValueSpecification","valueRequired":true,"valueName":"search_term_string"}}],"inLanguage":"is"},{"@type":"Organization","@id":"https:\/\/talkpal.ai\/is\/#organization","name":"Talkpal, Inc.","alternateName":"Talkpal AI","url":"https:\/\/talkpal.ai\/is\/","logo":{"@type":"ImageObject","inLanguage":"is","@id":"https:\/\/talkpal.ai\/is\/#\/schema\/logo\/image\/","url":"https:\/\/talkpal.ai\/wp-content\/uploads\/2024\/03\/Talkpal-Logo-Icon.png","contentUrl":"https:\/\/talkpal.ai\/wp-content\/uploads\/2024\/03\/Talkpal-Logo-Icon.png","width":2880,"height":2880,"caption":"Talkpal, Inc."},"image":{"@id":"https:\/\/talkpal.ai\/is\/#\/schema\/logo\/image\/"},"sameAs":["https:\/\/www.facebook.com\/profile.php?id=100090733639311","https:\/\/x.com\/talkpalai","https:\/\/www.linkedin.com\/company\/talkpal\/","https:\/\/www.youtube.com\/@TalkPal\/","https:\/\/www.tiktok.com\/@talkpal","https:\/\/www.instagram.com\/talkpal_ai\/","https:\/\/www.crunchbase.com\/organization\/talkpal-9cde","https:\/\/www.g2.com\/products\/talkpal-for-business\/","https:\/\/www.trustpilot.com\/review\/talkpal.ai","https:\/\/www.capterra.com\/p\/10006800\/TalkPal\/"],"description":"Talkpal is a language learning web and mobile education app, powered by the latest AI technologies, that provides engaging experiences to its customers in many different languages to help them improve their language skills. Users can chat about unlimited amount of topics with the app and use other modes to practice their language learning.","email":"support@talkpal.ai","legalName":"Talkpal, Inc.","foundingDate":"2023-04-03","duns":"118989042","numberOfEmployees":{"@type":"QuantitativeValue","minValue":"11","maxValue":"50"},"publishingPrinciples":"https:\/\/talkpal.ai\/publishing-principles\/","actionableFeedbackPolicy":"https:\/\/talkpal.ai\/actionable-feedback-policy\/","correctionsPolicy":"https:\/\/talkpal.ai\/corrections-policy\/","ethicsPolicy":"https:\/\/talkpal.ai\/ethics-policy\/","diversityPolicy":"https:\/\/talkpal.ai\/diversity-policy\/","diversityStaffingReport":"https:\/\/talkpal.ai\/diversity-policy\/"}]}},"_links":{"self":[{"href":"https:\/\/talkpal.ai\/is\/wp-json\/wp\/v2\/pages\/167083","targetHints":{"allow":["GET"]}}],"collection":[{"href":"https:\/\/talkpal.ai\/is\/wp-json\/wp\/v2\/pages"}],"about":[{"href":"https:\/\/talkpal.ai\/is\/wp-json\/wp\/v2\/types\/page"}],"author":[{"embeddable":true,"href":"https:\/\/talkpal.ai\/is\/wp-json\/wp\/v2\/users\/1"}],"replies":[{"embeddable":true,"href":"https:\/\/talkpal.ai\/is\/wp-json\/wp\/v2\/comments?post=167083"}],"version-history":[{"count":0,"href":"https:\/\/talkpal.ai\/is\/wp-json\/wp\/v2\/pages\/167083\/revisions"}],"wp:featuredmedia":[{"embeddable":true,"href":"https:\/\/talkpal.ai\/is\/wp-json\/wp\/v2\/media\/197961"}],"wp:attachment":[{"href":"https:\/\/talkpal.ai\/is\/wp-json\/wp\/v2\/media?parent=167083"}],"curies":[{"name":"wp","href":"https:\/\/api.w.org\/{rel}","templated":true}]}}