{"id":166266,"date":"2023-06-16T11:31:43","date_gmt":"2023-06-16T11:31:43","guid":{"rendered":"http:\/\/talkpal.ai\/armenska-malfraedi-aefingar\/"},"modified":"2025-05-22T19:40:19","modified_gmt":"2025-05-22T19:40:19","slug":"armenska-malfraedi-aefingar","status":"publish","type":"page","link":"https:\/\/talkpal.ai\/is\/armenska-malfraedi-aefingar\/","title":{"rendered":"Armenska M\u00e1lfr\u00e6\u00f0i \u00c6fingar"},"content":{"rendered":"\r\n\r\n\r\n<section class=\"languageChallengeSection\">\r\n    <div class=\"languageInfoWrapper\">\r\n        \r\n        <h1>Armenska M\u00e1lfr\u00e6\u00f0i \u00c6fingar<\/h1>\r\n        <p>Kynnumst armenskri <a href=\"https:\/\/talkpal.ai\/grammar\/\">m\u00e1lfr\u00e6\u00f0i<\/a> me\u00f0 nokkrum einf\u00f6ldum og skemmtilegum \u00e6fingum! \u00deessar \u00e6fingar munu hj\u00e1lpa \u00fe\u00e9r a\u00f0 venjast grunnatri\u00f0unum og gefa \u00fe\u00e9r g\u00f3\u00f0a byrjun \u00e1 n\u00e1msferli \u00fe\u00ednum.<\/p>\r\n\r\n                            <a class=\"getStartedHidden\" href=\"https:\/\/app.talkpal.ai\/signup?lng=\">Byrja\u00f0u<\/a>\r\n        \r\n    <\/div>\r\n\r\n    <figure>\r\n    <img decoding=\"async\" width=\"768\" height=\"768\" src=\"https:\/\/talkpal.ai\/wp-content\/uploads\/2023\/06\/armenian-768x768.png\" class=\"languageImage no-lazy\" alt=\"Language learning for higher cognition\" fetchpriority=\"high\" sizes=\"(max-width: 768px) 150px, 768px\" srcset=\"https:\/\/talkpal.ai\/wp-content\/uploads\/2023\/06\/armenian-768x768.png 768w, https:\/\/talkpal.ai\/wp-content\/uploads\/2023\/06\/armenian-300x300.png 300w\" \/>\r\n    \r\n\r\n    <\/figure>\r\n\r\n            <a class=\"getStartedVisible\" href=\"https:\/\/app.talkpal.ai\/signup?lng=\">Byrja\u00f0u<\/a>\r\n    \r\n<\/section>\r\n\r\n\r\n<!-- <section class=\"grammarSection\">\r\n    <div class=\"grammarLinks\">\r\n            <\/div>\r\n<\/section> -->\r\n\r\n\r\n\r\n\r\n<section class=\"promotionalBanner\">\r\n    <p class=\"promotionalText\">Skilvirkasta lei\u00f0in til a\u00f0 l\u00e6ra tungum\u00e1l<\/p>\r\n    <a class=\"promotionalLink\" href=\"https:\/\/app.talkpal.ai\/signup?lng=\">Pr\u00f3fa\u00f0u Talkpal \u00f3keypis<\/a>\r\n<\/section>\n<div class=\"wp-block-group pageContainerStyle\"><div class=\"wp-block-group__inner-container is-layout-constrained wp-block-group-is-layout-constrained\">\n<h2 class=\"wp-block-heading\" id=\"h-armenian-grammar-topics\">Armenska m\u00e1lfr\u00e6\u00f0i efni<\/h2>\n\n\n\n<p><a href=\"https:\/\/talkpal.ai\/learn-armenian\/\">Armenska<\/a> er ind\u00f3evr\u00f3pskt tungum\u00e1l sem a\u00f0allega er tala\u00f0 \u00ed L\u00fd\u00f0veldinu Armen\u00edu og af armenskum \u00fatlagah\u00f3pum um allan heim. Me\u00f0 langa s\u00f6gu og einstakt ritkerfi b\u00fd\u00f0ur armenska upp \u00e1 heillandi tungum\u00e1laupplifun fyrir tungum\u00e1lanemendur. Eins og me\u00f0 <a href=\"https:\/\/talkpal.ai\/languages\/\">\u00f6ll tungum\u00e1l<\/a> er skilningur \u00e1 m\u00e1lfr\u00e6\u00f0i \u00f3missandi \u00fe\u00e1ttur \u00ed \u00fev\u00ed a\u00f0 n\u00e1 t\u00f6kum \u00e1 armensku. \u00deessi handb\u00f3k veitir yfirlit yfir helstu armenska m\u00e1lfr\u00e6\u00f0i efni til a\u00f0 hj\u00e1lpa \u00fe\u00e9r a\u00f0 \u00f6\u00f0last traustan grunn \u00ed tungum\u00e1linu. Me\u00f0 \u00fev\u00ed a\u00f0 fylgja lei\u00f0beinandi r\u00f6\u00f0 af efni, ver\u00f0ur \u00fe\u00fa a\u00f0 vera f\u00e6r um a\u00f0 l\u00e6ra armenska skilvirkari og skilvirkari h\u00e1tt.<\/p>\n\n\n\n<h3 class=\"wp-block-heading\" id=\"h-1-nouns\">1. Nafnor\u00f0:<\/h3>\n\n\n\n<p>Byrja\u00f0u armenska m\u00e1lfr\u00e6\u00f0ifer\u00f0 \u00fe\u00edna me\u00f0 nafnor\u00f0um, bur\u00f0ar\u00e1s hva\u00f0a tungum\u00e1ls sem er. L\u00e6r\u00f0u um armenska nafnor\u00f0aflokka (algengt og vi\u00f0eigandi), fallbeygingu og tilvik (nafnor\u00f0, genitive, dative, accusative, ablative, instrumental og locative). A\u00f0 skilja hvernig nafnor\u00f0 virka \u00e1 armensku mun veita traustan grunn til a\u00f0 byggja upp setningar.<\/p>\n\n\n\n<h3 class=\"wp-block-heading\" id=\"h-2-articles\">2. Greinar:<\/h3>\n\n\n\n<p>Armenska hefur \u00e1kve\u00f0nar og \u00f3\u00e1kve\u00f0nar greinar, svipa\u00f0ar ensku. L\u00e6r\u00f0u hvernig \u00e1 a\u00f0 nota \u00feau r\u00e9tt me\u00f0 nafnor\u00f0um til a\u00f0 gefa til kynna s\u00e9rst\u00f6\u00f0u og b\u00faa til samhangandi setningar.<\/p>\n\n\n\n<h3 class=\"wp-block-heading\" id=\"h-3-adjectives\">3. L\u00fdsingaror\u00f0:<\/h3>\n\n\n\n<p>L\u00fdsingaror\u00f0 eru nau\u00f0synleg til a\u00f0 l\u00fdsa nafnor\u00f0um. Kynntu \u00fe\u00e9r reglurnar um notkun l\u00fdsingaror\u00f0a \u00e1 armensku, \u00fear \u00e1 me\u00f0al samr\u00e6mi vi\u00f0 nafnor\u00f0 \u00ed kyni, t\u00f6lu og falli.<\/p>\n\n\n\n<h3 class=\"wp-block-heading\" id=\"h-4-pronouns-determiners\">4. Forn\u00f6fn\/\u00e1kv\u00f6r\u00f0unaror\u00f0:<\/h3>\n\n\n\n<p>Forn\u00f6fn koma \u00ed sta\u00f0 nafnor\u00f0a \u00ed setningum en \u00e1kvar\u00f0andi a\u00f0ilar tilgreina \u00feau og magngreina. L\u00e6r\u00f0u um mismunandi ger\u00f0ir fornafna (pers\u00f3nuleg, eignarfall, s\u00fdnileg, \u00e6ttingi, spyrjandi, vi\u00f0brag\u00f0) og \u00e1kvar\u00f0andi \u00e1 armensku og notkun \u00feeirra.<\/p>\n\n\n\n<h3 class=\"wp-block-heading\" id=\"h-5-verbs\">5. Sagnir:<\/h3>\n\n\n\n<p>Sagnir eru a\u00f0ger\u00f0aror\u00f0 tungum\u00e1ls. Kynntu \u00fe\u00e9r armenska sagnabeygingu, reglulegar og \u00f3reglulegar sagnir og mismunandi sagnaform (\u00f3endanlegt, mikilv\u00e6gt, vi\u00f0tengingarh\u00e1ttur).<\/p>\n\n\n\n<h3 class=\"wp-block-heading\" id=\"h-6-tenses\">6. Spennur:<\/h3>\n\n\n\n<p>Armenska hefur fj\u00f3rar sagnir t\u00ed\u00f0ir: n\u00fat\u00ed\u00f0, fort\u00ed\u00f0, framt\u00ed\u00f0 og \u00f3s\u00e6\u00f0. Sko\u00f0a\u00f0u myndun og notkun hverrar t\u00ed\u00f0ar, sem og muninn \u00e1 einf\u00f6ldum og samfelldum formum.<\/p>\n\n\n\n<h3 class=\"wp-block-heading\" id=\"h-7-tense-comparison\">7. Spenntur samanbur\u00f0ur:<\/h3>\n\n\n\n<p>Skilningur \u00e1 bl\u00e6brig\u00f0um milli mismunandi t\u00ed\u00f0a er nau\u00f0synlegur fyrir \u00e1rangursr\u00edk samskipti. L\u00e6r\u00f0u hvernig \u00e1 a\u00f0 bera saman og andst\u00e6\u00f0a armenska spennu til a\u00f0 koma n\u00e1kv\u00e6mlega \u00e1 framf\u00e6ri fyrirhuga\u00f0ri merkingu \u00feinni.<\/p>\n\n\n\n<h3 class=\"wp-block-heading\" id=\"h-8-progressive\">8. Frams\u00e6ki\u00f0:<\/h3>\n\n\n\n<p>Frams\u00e6kni \u00fe\u00e1tturinn \u00ed armensku gefur til kynna \u00e1framhaldandi a\u00f0ger\u00f0ir. L\u00e6r\u00f0u hvernig \u00e1 a\u00f0 mynda og nota frams\u00e6ki\u00f0 hli\u00f0 \u00ed mismunandi t\u00ed\u00f0um.<\/p>\n\n\n\n<h3 class=\"wp-block-heading\" id=\"h-9-perfect-progressive\">9. Fullkominn frams\u00e6kinn:<\/h3>\n\n\n\n<p>Hin fullkomna frams\u00e6kni sameinar fullkomna og frams\u00e6kna \u00fe\u00e6tti, sem gefur til kynna a\u00f0ger\u00f0 sem h\u00f3fst \u00ed fort\u00ed\u00f0inni og heldur \u00e1fram \u00ed n\u00fat\u00ed\u00f0inni. L\u00e6r\u00f0u myndun \u00feess og notkun \u00e1 armensku.<\/p>\n\n\n\n<h3 class=\"wp-block-heading\" id=\"h-10-adverbs\">10. Atviksor\u00f0:<\/h3>\n\n\n\n<p>Atviksor\u00f0 breyta s\u00f6gnum, l\u00fdsingaror\u00f0um og \u00f6\u00f0rum atviksor\u00f0um og veita frekari uppl\u00fdsingar um athafnir e\u00f0a eiginleika. Rannsaka\u00f0u mismunandi ger\u00f0ir atviksor\u00f0a \u00e1 armensku og sta\u00f0setningu \u00feeirra \u00ed setningum.<\/p>\n\n\n\n<h3 class=\"wp-block-heading\" id=\"h-11-prepositions\">11. Forsetningar:<\/h3>\n\n\n\n<p>Forsetningar \u00e1 armensku eru nau\u00f0synlegar til a\u00f0 gefa til kynna tengsl milli or\u00f0a, svo sem sta\u00f0setningu, stefnu, t\u00edma og ors\u00f6k. L\u00e6r\u00f0u algengustu armenska forsetningar og notkun \u00feeirra.<\/p>\n\n\n\n<h3 class=\"wp-block-heading\" id=\"h-12-conditionals\">12. Skilyr\u00f0i:<\/h3>\n\n\n\n<p>Skilyrt l\u00fdsir \u00edmyndu\u00f0um a\u00f0st\u00e6\u00f0um og hugsanlegum ni\u00f0urst\u00f6\u00f0um \u00feeirra. Rannsaka\u00f0u mismunandi ger\u00f0ir skilyr\u00f0a \u00e1 armensku (n\u00fall, fyrsta, anna\u00f0 og \u00feri\u00f0ja) og samsvarandi sagnaform \u00feeirra.<\/p>\n\n\n\n<h3 class=\"wp-block-heading\" id=\"h-13-sentences\">13. Setningar:<\/h3>\n\n\n\n<p>A\u00f0 lokum skaltu koma \u00f6llum m\u00e1lfr\u00e6\u00f0i\u00fe\u00e1ttunum saman til a\u00f0 mynda heilar setningar \u00e1 armensku. L\u00e6r\u00f0u um mismunandi setningager\u00f0, or\u00f0ar\u00f6\u00f0 og greinarmerkjareglur.<\/p>\n<\/div><\/div>\n\r\n<section class=\"learnNavigationSection\">\r\n            \r\n        <a href=\"https:\/\/talkpal.ai\/is\/laerdu-armensku\/\">\r\n            <div class=\"learnNavigationWrapper\">\r\n                <div class=\"learnNavigationContent\">\r\n                    <img decoding=\"async\" src=\"https:\/\/talkpal.ai\/wp-content\/uploads\/2024\/08\/Armenian.jpg\" alt=\"Armenian Flag\">\r\n                    <div>\r\n                        <h4>Um Armen\u00edun\u00e1m<\/h4>\r\n                        <p>Finndu \u00fat allt um armenska m\u00e1lfr\u00e6\u00f0i.<\/p>\r\n                    <\/div>\r\n                <\/div>\r\n            <\/div>\r\n        <\/a>\r\n\r\n        \r\n        <a href=\"https:\/\/talkpal.ai\/is\/armenska-malfraedi\/\">\r\n            <div class=\"learnNavigationWrapper\">\r\n                <div class=\"learnNavigationContent\">\r\n                    <img decoding=\"async\" src=\"https:\/\/talkpal.ai\/wp-content\/uploads\/2024\/08\/Armenian.jpg\" alt=\"Armenian Flag\">\r\n                    <div>\r\n                        <h4>Armenska m\u00e1lfr\u00e6\u00f0i kennslustundir<\/h4>\r\n                        <p>\u00c6f\u00f0u armenska m\u00e1lfr\u00e6\u00f0i.<\/p>\r\n                    <\/div>\r\n                <\/div>\r\n            <\/div>\r\n        <\/a>\r\n\r\n        \r\n        <a href=\"https:\/\/talkpal.ai\/vocabulary_language\/armenian\/\">\r\n            <div class=\"learnNavigationWrapper\">\r\n                <div class=\"learnNavigationContent\">\r\n                    <img decoding=\"async\" src=\"https:\/\/talkpal.ai\/wp-content\/uploads\/2024\/08\/Armenian.jpg\" alt=\"Armenian Flag\">\r\n                    <div>\r\n                        <h4>Armenskur or\u00f0afor\u00f0i<\/h4>\r\n                        <p>St\u00e6kka\u00f0u armenska or\u00f0afor\u00f0a \u00feinn.<\/p>\r\n                    <\/div>\r\n                <\/div>\r\n            <\/div>\r\n        <\/a>\r\n\r\n            <\/section>","protected":false},"excerpt":{"rendered":"<p>Armenska m\u00e1lfr\u00e6\u00f0i efni Armenska er ind\u00f3evr\u00f3pskt tungum\u00e1l sem a\u00f0allega er tala\u00f0 \u00ed L\u00fd\u00f0veldinu Armen\u00edu og af armenskum \u00fatlagah\u00f3pum um allan heim. Me\u00f0 langa s\u00f6gu og einstakt ritkerfi b\u00fd\u00f0ur armenska upp \u00e1 heillandi tungum\u00e1laupplifun fyrir tungum\u00e1lanemendur. Eins og me\u00f0 \u00f6ll tungum\u00e1l er skilningur \u00e1 m\u00e1lfr\u00e6\u00f0i \u00f3missandi \u00fe\u00e1ttur \u00ed \u00fev\u00ed a\u00f0 n\u00e1 t\u00f6kum \u00e1 armensku. \u00deessi handb\u00f3k [&hellip;]<\/p>\n","protected":false},"author":6,"featured_media":109141,"parent":0,"menu_order":0,"comment_status":"closed","ping_status":"closed","template":"LearningContentPage.php","meta":{"_acf_changed":false,"footnotes":""},"class_list":["post-166266","page","type-page","status-publish","has-post-thumbnail","hentry"],"acf":[],"yoast_head":"<!-- This site is optimized with the Yoast SEO Premium plugin v27.2 (Yoast SEO v27.2) - https:\/\/yoast.com\/product\/yoast-seo-premium-wordpress\/ -->\n<title>Armenska M\u00e1lfr\u00e6\u00f0i \u00c6fingar - Talkpal<\/title>\n<meta name=\"description\" content=\"N\u00e1\u00f0u t\u00f6kum \u00e1 armenskri m\u00e1lfr\u00e6\u00f0i me\u00f0 gr\u00edpandi \u00e6fingum \u00ed armenskri m\u00e1lfr\u00e6\u00f0i, s\u00e9rsni\u00f0num af Talkpal , tungum\u00e1lakennaranum \u00fe\u00ednum sem byggir \u00e1 gervigreind.\" \/>\n<meta name=\"robots\" content=\"index, follow, max-snippet:-1, max-image-preview:large, max-video-preview:-1\" \/>\n<link rel=\"canonical\" href=\"https:\/\/talkpal.ai\/is\/armenska-malfraedi-aefingar\/\" \/>\n<meta property=\"og:locale\" content=\"is_IS\" \/>\n<meta property=\"og:type\" content=\"article\" \/>\n<meta property=\"og:title\" content=\"Armenska M\u00e1lfr\u00e6\u00f0i \u00c6fingar\" \/>\n<meta property=\"og:description\" content=\"Armenska m\u00e1lfr\u00e6\u00f0i efni Armenska er ind\u00f3evr\u00f3pskt tungum\u00e1l sem a\u00f0allega er tala\u00f0 \u00ed L\u00fd\u00f0veldinu Armen\u00edu og af armenskum \u00fatlagah\u00f3pum um allan heim. Me\u00f0 langa\" \/>\n<meta property=\"og:url\" content=\"https:\/\/talkpal.ai\/is\/armenska-malfraedi-aefingar\/\" \/>\n<meta property=\"og:site_name\" content=\"Talkpal\" \/>\n<meta property=\"article:publisher\" content=\"https:\/\/www.facebook.com\/profile.php?id=100090733639311\" \/>\n<meta property=\"article:modified_time\" content=\"2025-05-22T19:40:19+00:00\" \/>\n<meta property=\"og:image\" content=\"https:\/\/talkpal.ai\/wp-content\/uploads\/2023\/05\/armenia.png\" \/>\n\t<meta property=\"og:image:width\" content=\"512\" \/>\n\t<meta property=\"og:image:height\" content=\"512\" \/>\n\t<meta property=\"og:image:type\" content=\"image\/png\" \/>\n<meta name=\"twitter:card\" content=\"summary_large_image\" \/>\n<meta name=\"twitter:site\" content=\"@talkpalai\" \/>\n<meta name=\"twitter:label1\" content=\"Est. reading time\" \/>\n\t<meta name=\"twitter:data1\" content=\"3 minutes\" \/>\n<script type=\"application\/ld+json\" class=\"yoast-schema-graph\">{\"@context\":\"https:\/\/schema.org\",\"@graph\":[{\"@type\":\"WebPage\",\"@id\":\"https:\/\/talkpal.ai\/is\/armenska-malfraedi-aefingar\/\",\"url\":\"https:\/\/talkpal.ai\/is\/armenska-malfraedi-aefingar\/\",\"name\":\"Armenska M\u00e1lfr\u00e6\u00f0i \u00c6fingar - Talkpal\",\"isPartOf\":{\"@id\":\"https:\/\/talkpal.ai\/is\/#website\"},\"primaryImageOfPage\":{\"@id\":\"https:\/\/talkpal.ai\/is\/armenska-malfraedi-aefingar\/#primaryimage\"},\"image\":{\"@id\":\"https:\/\/talkpal.ai\/is\/armenska-malfraedi-aefingar\/#primaryimage\"},\"thumbnailUrl\":\"https:\/\/talkpal.ai\/wp-content\/uploads\/2023\/05\/armenia.png\",\"datePublished\":\"2023-06-16T11:31:43+00:00\",\"dateModified\":\"2025-05-22T19:40:19+00:00\",\"description\":\"N\u00e1\u00f0u t\u00f6kum \u00e1 armenskri m\u00e1lfr\u00e6\u00f0i me\u00f0 gr\u00edpandi \u00e6fingum \u00ed armenskri m\u00e1lfr\u00e6\u00f0i, s\u00e9rsni\u00f0num af Talkpal , tungum\u00e1lakennaranum \u00fe\u00ednum sem byggir \u00e1 gervigreind.\",\"breadcrumb\":{\"@id\":\"https:\/\/talkpal.ai\/is\/armenska-malfraedi-aefingar\/#breadcrumb\"},\"inLanguage\":\"is\",\"potentialAction\":[{\"@type\":\"ReadAction\",\"target\":[\"https:\/\/talkpal.ai\/is\/armenska-malfraedi-aefingar\/\"]}]},{\"@type\":\"ImageObject\",\"inLanguage\":\"is\",\"@id\":\"https:\/\/talkpal.ai\/is\/armenska-malfraedi-aefingar\/#primaryimage\",\"url\":\"https:\/\/talkpal.ai\/wp-content\/uploads\/2023\/05\/armenia.png\",\"contentUrl\":\"https:\/\/talkpal.ai\/wp-content\/uploads\/2023\/05\/armenia.png\",\"width\":512,\"height\":512},{\"@type\":\"BreadcrumbList\",\"@id\":\"https:\/\/talkpal.ai\/is\/armenska-malfraedi-aefingar\/#breadcrumb\",\"itemListElement\":[{\"@type\":\"ListItem\",\"position\":1,\"name\":\"Homepage\",\"item\":\"https:\/\/talkpal.ai\/is\/\"},{\"@type\":\"ListItem\",\"position\":2,\"name\":\"Armenska M\u00e1lfr\u00e6\u00f0i \u00c6fingar\"}]},{\"@type\":\"WebSite\",\"@id\":\"https:\/\/talkpal.ai\/is\/#website\",\"url\":\"https:\/\/talkpal.ai\/is\/\",\"name\":\"Talkpal\",\"description\":\"AI Language Learning\",\"publisher\":{\"@id\":\"https:\/\/talkpal.ai\/is\/#organization\"},\"alternateName\":\"Talkpal AI\",\"potentialAction\":[{\"@type\":\"SearchAction\",\"target\":{\"@type\":\"EntryPoint\",\"urlTemplate\":\"https:\/\/talkpal.ai\/is\/?s={search_term_string}\"},\"query-input\":{\"@type\":\"PropertyValueSpecification\",\"valueRequired\":true,\"valueName\":\"search_term_string\"}}],\"inLanguage\":\"is\"},{\"@type\":\"Organization\",\"@id\":\"https:\/\/talkpal.ai\/is\/#organization\",\"name\":\"Talkpal, Inc.\",\"alternateName\":\"Talkpal AI\",\"url\":\"https:\/\/talkpal.ai\/is\/\",\"logo\":{\"@type\":\"ImageObject\",\"inLanguage\":\"is\",\"@id\":\"https:\/\/talkpal.ai\/is\/#\/schema\/logo\/image\/\",\"url\":\"https:\/\/talkpal.ai\/wp-content\/uploads\/2024\/03\/Talkpal-Logo-Icon.png\",\"contentUrl\":\"https:\/\/talkpal.ai\/wp-content\/uploads\/2024\/03\/Talkpal-Logo-Icon.png\",\"width\":2880,\"height\":2880,\"caption\":\"Talkpal, Inc.\"},\"image\":{\"@id\":\"https:\/\/talkpal.ai\/is\/#\/schema\/logo\/image\/\"},\"sameAs\":[\"https:\/\/www.facebook.com\/profile.php?id=100090733639311\",\"https:\/\/x.com\/talkpalai\",\"https:\/\/www.linkedin.com\/company\/talkpal\/\",\"https:\/\/www.youtube.com\/@TalkPal\/\",\"https:\/\/www.tiktok.com\/@talkpal\",\"https:\/\/www.instagram.com\/talkpal_ai\/\",\"https:\/\/www.crunchbase.com\/organization\/talkpal-9cde\",\"https:\/\/www.g2.com\/products\/talkpal-for-business\/\",\"https:\/\/www.trustpilot.com\/review\/talkpal.ai\",\"https:\/\/www.capterra.com\/p\/10006800\/TalkPal\/\"],\"description\":\"Talkpal is a language learning web and mobile education app, powered by the latest AI technologies, that provides engaging experiences to its customers in many different languages to help them improve their language skills. Users can chat about unlimited amount of topics with the app and use other modes to practice their language learning.\",\"email\":\"support@talkpal.ai\",\"legalName\":\"Talkpal, Inc.\",\"foundingDate\":\"2023-04-03\",\"duns\":\"118989042\",\"numberOfEmployees\":{\"@type\":\"QuantitativeValue\",\"minValue\":\"11\",\"maxValue\":\"50\"},\"publishingPrinciples\":\"https:\/\/talkpal.ai\/publishing-principles\/\",\"actionableFeedbackPolicy\":\"https:\/\/talkpal.ai\/actionable-feedback-policy\/\",\"correctionsPolicy\":\"https:\/\/talkpal.ai\/corrections-policy\/\",\"ethicsPolicy\":\"https:\/\/talkpal.ai\/ethics-policy\/\",\"diversityPolicy\":\"https:\/\/talkpal.ai\/diversity-policy\/\",\"diversityStaffingReport\":\"https:\/\/talkpal.ai\/diversity-policy\/\"}]}<\/script>\n<!-- \/ Yoast SEO Premium plugin. -->","yoast_head_json":{"title":"Armenska M\u00e1lfr\u00e6\u00f0i \u00c6fingar - Talkpal","description":"N\u00e1\u00f0u t\u00f6kum \u00e1 armenskri m\u00e1lfr\u00e6\u00f0i me\u00f0 gr\u00edpandi \u00e6fingum \u00ed armenskri m\u00e1lfr\u00e6\u00f0i, s\u00e9rsni\u00f0num af Talkpal , tungum\u00e1lakennaranum \u00fe\u00ednum sem byggir \u00e1 gervigreind.","robots":{"index":"index","follow":"follow","max-snippet":"max-snippet:-1","max-image-preview":"max-image-preview:large","max-video-preview":"max-video-preview:-1"},"canonical":"https:\/\/talkpal.ai\/is\/armenska-malfraedi-aefingar\/","og_locale":"is_IS","og_type":"article","og_title":"Armenska M\u00e1lfr\u00e6\u00f0i \u00c6fingar","og_description":"Armenska m\u00e1lfr\u00e6\u00f0i efni Armenska er ind\u00f3evr\u00f3pskt tungum\u00e1l sem a\u00f0allega er tala\u00f0 \u00ed L\u00fd\u00f0veldinu Armen\u00edu og af armenskum \u00fatlagah\u00f3pum um allan heim. Me\u00f0 langa","og_url":"https:\/\/talkpal.ai\/is\/armenska-malfraedi-aefingar\/","og_site_name":"Talkpal","article_publisher":"https:\/\/www.facebook.com\/profile.php?id=100090733639311","article_modified_time":"2025-05-22T19:40:19+00:00","og_image":[{"width":512,"height":512,"url":"https:\/\/talkpal.ai\/wp-content\/uploads\/2023\/05\/armenia.png","type":"image\/png"}],"twitter_card":"summary_large_image","twitter_site":"@talkpalai","twitter_misc":{"Est. reading time":"3 minutes"},"schema":{"@context":"https:\/\/schema.org","@graph":[{"@type":"WebPage","@id":"https:\/\/talkpal.ai\/is\/armenska-malfraedi-aefingar\/","url":"https:\/\/talkpal.ai\/is\/armenska-malfraedi-aefingar\/","name":"Armenska M\u00e1lfr\u00e6\u00f0i \u00c6fingar - Talkpal","isPartOf":{"@id":"https:\/\/talkpal.ai\/is\/#website"},"primaryImageOfPage":{"@id":"https:\/\/talkpal.ai\/is\/armenska-malfraedi-aefingar\/#primaryimage"},"image":{"@id":"https:\/\/talkpal.ai\/is\/armenska-malfraedi-aefingar\/#primaryimage"},"thumbnailUrl":"https:\/\/talkpal.ai\/wp-content\/uploads\/2023\/05\/armenia.png","datePublished":"2023-06-16T11:31:43+00:00","dateModified":"2025-05-22T19:40:19+00:00","description":"N\u00e1\u00f0u t\u00f6kum \u00e1 armenskri m\u00e1lfr\u00e6\u00f0i me\u00f0 gr\u00edpandi \u00e6fingum \u00ed armenskri m\u00e1lfr\u00e6\u00f0i, s\u00e9rsni\u00f0num af Talkpal , tungum\u00e1lakennaranum \u00fe\u00ednum sem byggir \u00e1 gervigreind.","breadcrumb":{"@id":"https:\/\/talkpal.ai\/is\/armenska-malfraedi-aefingar\/#breadcrumb"},"inLanguage":"is","potentialAction":[{"@type":"ReadAction","target":["https:\/\/talkpal.ai\/is\/armenska-malfraedi-aefingar\/"]}]},{"@type":"ImageObject","inLanguage":"is","@id":"https:\/\/talkpal.ai\/is\/armenska-malfraedi-aefingar\/#primaryimage","url":"https:\/\/talkpal.ai\/wp-content\/uploads\/2023\/05\/armenia.png","contentUrl":"https:\/\/talkpal.ai\/wp-content\/uploads\/2023\/05\/armenia.png","width":512,"height":512},{"@type":"BreadcrumbList","@id":"https:\/\/talkpal.ai\/is\/armenska-malfraedi-aefingar\/#breadcrumb","itemListElement":[{"@type":"ListItem","position":1,"name":"Homepage","item":"https:\/\/talkpal.ai\/is\/"},{"@type":"ListItem","position":2,"name":"Armenska M\u00e1lfr\u00e6\u00f0i \u00c6fingar"}]},{"@type":"WebSite","@id":"https:\/\/talkpal.ai\/is\/#website","url":"https:\/\/talkpal.ai\/is\/","name":"Talkpal","description":"AI Language Learning","publisher":{"@id":"https:\/\/talkpal.ai\/is\/#organization"},"alternateName":"Talkpal AI","potentialAction":[{"@type":"SearchAction","target":{"@type":"EntryPoint","urlTemplate":"https:\/\/talkpal.ai\/is\/?s={search_term_string}"},"query-input":{"@type":"PropertyValueSpecification","valueRequired":true,"valueName":"search_term_string"}}],"inLanguage":"is"},{"@type":"Organization","@id":"https:\/\/talkpal.ai\/is\/#organization","name":"Talkpal, Inc.","alternateName":"Talkpal AI","url":"https:\/\/talkpal.ai\/is\/","logo":{"@type":"ImageObject","inLanguage":"is","@id":"https:\/\/talkpal.ai\/is\/#\/schema\/logo\/image\/","url":"https:\/\/talkpal.ai\/wp-content\/uploads\/2024\/03\/Talkpal-Logo-Icon.png","contentUrl":"https:\/\/talkpal.ai\/wp-content\/uploads\/2024\/03\/Talkpal-Logo-Icon.png","width":2880,"height":2880,"caption":"Talkpal, Inc."},"image":{"@id":"https:\/\/talkpal.ai\/is\/#\/schema\/logo\/image\/"},"sameAs":["https:\/\/www.facebook.com\/profile.php?id=100090733639311","https:\/\/x.com\/talkpalai","https:\/\/www.linkedin.com\/company\/talkpal\/","https:\/\/www.youtube.com\/@TalkPal\/","https:\/\/www.tiktok.com\/@talkpal","https:\/\/www.instagram.com\/talkpal_ai\/","https:\/\/www.crunchbase.com\/organization\/talkpal-9cde","https:\/\/www.g2.com\/products\/talkpal-for-business\/","https:\/\/www.trustpilot.com\/review\/talkpal.ai","https:\/\/www.capterra.com\/p\/10006800\/TalkPal\/"],"description":"Talkpal is a language learning web and mobile education app, powered by the latest AI technologies, that provides engaging experiences to its customers in many different languages to help them improve their language skills. Users can chat about unlimited amount of topics with the app and use other modes to practice their language learning.","email":"support@talkpal.ai","legalName":"Talkpal, Inc.","foundingDate":"2023-04-03","duns":"118989042","numberOfEmployees":{"@type":"QuantitativeValue","minValue":"11","maxValue":"50"},"publishingPrinciples":"https:\/\/talkpal.ai\/publishing-principles\/","actionableFeedbackPolicy":"https:\/\/talkpal.ai\/actionable-feedback-policy\/","correctionsPolicy":"https:\/\/talkpal.ai\/corrections-policy\/","ethicsPolicy":"https:\/\/talkpal.ai\/ethics-policy\/","diversityPolicy":"https:\/\/talkpal.ai\/diversity-policy\/","diversityStaffingReport":"https:\/\/talkpal.ai\/diversity-policy\/"}]}},"_links":{"self":[{"href":"https:\/\/talkpal.ai\/is\/wp-json\/wp\/v2\/pages\/166266","targetHints":{"allow":["GET"]}}],"collection":[{"href":"https:\/\/talkpal.ai\/is\/wp-json\/wp\/v2\/pages"}],"about":[{"href":"https:\/\/talkpal.ai\/is\/wp-json\/wp\/v2\/types\/page"}],"author":[{"embeddable":true,"href":"https:\/\/talkpal.ai\/is\/wp-json\/wp\/v2\/users\/6"}],"replies":[{"embeddable":true,"href":"https:\/\/talkpal.ai\/is\/wp-json\/wp\/v2\/comments?post=166266"}],"version-history":[{"count":0,"href":"https:\/\/talkpal.ai\/is\/wp-json\/wp\/v2\/pages\/166266\/revisions"}],"wp:featuredmedia":[{"embeddable":true,"href":"https:\/\/talkpal.ai\/is\/wp-json\/wp\/v2\/media\/109141"}],"wp:attachment":[{"href":"https:\/\/talkpal.ai\/is\/wp-json\/wp\/v2\/media?parent=166266"}],"curies":[{"name":"wp","href":"https:\/\/api.w.org\/{rel}","templated":true}]}}