{"id":166018,"date":"2023-06-16T11:38:32","date_gmt":"2023-06-16T11:38:32","guid":{"rendered":"http:\/\/talkpal.ai\/azerbaijani-malfraedi-aefingar\/"},"modified":"2025-05-22T21:35:43","modified_gmt":"2025-05-22T21:35:43","slug":"azerbaijani-malfraedi-aefingar","status":"publish","type":"page","link":"https:\/\/talkpal.ai\/is\/azerbaijani-malfraedi-aefingar\/","title":{"rendered":"Azerbaijani M\u00e1lfr\u00e6\u00f0i \u00c6fingar"},"content":{"rendered":"\r\n\r\n\r\n<section class=\"languageChallengeSection\">\r\n    <div class=\"languageInfoWrapper\">\r\n        \r\n        <h1>Azerbaijani M\u00e1lfr\u00e6\u00f0i \u00c6fingar<\/h1>\r\n        <p>Viltu b\u00e6ta f\u00e6rni \u00fe\u00edna \u00ed aserska? A\u00f0 \u00e6fa m\u00e1lfr\u00e6\u00f0i\u00e6fingar er fullkomin lei\u00f0 til a\u00f0 skilja setningarbyggingu, sagnor\u00f0aendingar og mynstur sem gera tungum\u00e1li\u00f0 einstakt. Byrja\u00f0u a\u00f0 \u00e6fa aserska <a href=\"https:\/\/talkpal.ai\/grammar\/\">m\u00e1lfr\u00e6\u00f0i<\/a> \u00ed dag og horf\u00f0u \u00e1 sj\u00e1lfstraust \u00feitt og f\u00e6rni vaxa me\u00f0 hverju skrefi.<\/p>\r\n\r\n                            <a class=\"getStartedHidden\" href=\"https:\/\/app.talkpal.ai\/signup?lng=\">Byrja\u00f0u<\/a>\r\n        \r\n    <\/div>\r\n\r\n    <figure>\r\n    <img decoding=\"async\" width=\"768\" height=\"768\" src=\"https:\/\/talkpal.ai\/wp-content\/uploads\/2023\/06\/azerbaijani-768x768.png\" class=\"languageImage no-lazy\" alt=\"Language learning for enhanced cognitive skills\" fetchpriority=\"high\" sizes=\"(max-width: 768px) 150px, 768px\" srcset=\"https:\/\/talkpal.ai\/wp-content\/uploads\/2023\/06\/azerbaijani-768x768.png 768w, https:\/\/talkpal.ai\/wp-content\/uploads\/2023\/06\/azerbaijani-300x300.png 300w\" \/>\r\n    \r\n\r\n    <\/figure>\r\n\r\n            <a class=\"getStartedVisible\" href=\"https:\/\/app.talkpal.ai\/signup?lng=\">Byrja\u00f0u<\/a>\r\n    \r\n<\/section>\r\n\r\n\r\n<!-- <section class=\"grammarSection\">\r\n    <div class=\"grammarLinks\">\r\n            <\/div>\r\n<\/section> -->\r\n\r\n\r\n\r\n\r\n<section class=\"promotionalBanner\">\r\n    <p class=\"promotionalText\">Skilvirkasta lei\u00f0in til a\u00f0 l\u00e6ra tungum\u00e1l<\/p>\r\n    <a class=\"promotionalLink\" href=\"https:\/\/app.talkpal.ai\/signup?lng=\">Pr\u00f3fa\u00f0u Talkpal \u00f3keypis<\/a>\r\n<\/section>\n<div class=\"wp-block-group pageContainerStyle\"><div class=\"wp-block-group__inner-container is-layout-constrained wp-block-group-is-layout-constrained\">\n<h2 class=\"wp-block-heading\" id=\"h-azerbaijani-grammar-topics\">Aserba\u00eddsjanska m\u00e1lfr\u00e6\u00f0i efni<\/h2>\n\n\n\n<p>Aserba\u00eddsjanska, einnig \u00feekkt sem aserska, er tyrkneskt tungum\u00e1l sem tala\u00f0 er a\u00f0allega \u00ed <a href=\"https:\/\/talkpal.ai\/learn-azerbaijani\/\">Aserba\u00eddsjan<\/a> og n\u00e6rliggjandi sv\u00e6\u00f0um. \u00dea\u00f0 er opinbert tungum\u00e1l L\u00fd\u00f0veldisins Aserba\u00eddsjan og hefur mikilv\u00e6ga r\u00e6\u00f0umenn \u00ed \u00cdran, Tyrklandi, Georg\u00edu og R\u00fasslandi. Sem nemandi \u00ed aserba\u00eddsjanska er nau\u00f0synlegt a\u00f0 skilja grundvallar\u00fe\u00e6tti tungum\u00e1lsins, svo sem m\u00e1lfr\u00e6\u00f0i \u00feess, setningafr\u00e6\u00f0i og or\u00f0afor\u00f0a. \u00deessi handb\u00f3k mun veita \u00fe\u00e9r yfirlit yfir nau\u00f0synleg m\u00e1lfr\u00e6\u00f0iefni \u00ed Aserba\u00eddsjan, \u00feyrpt \u00ed r\u00f6kr\u00e9tta r\u00f6\u00f0 til a\u00f0 hj\u00e1lpa \u00fe\u00e9r a\u00f0 l\u00e6ra tungum\u00e1li\u00f0 \u00e1 \u00e1hrifar\u00edkan og au\u00f0veldan h\u00e1tt.<\/p>\n\n\n\n<h3 class=\"wp-block-heading\" id=\"h-1-nouns-and-articles\">1. Nafnor\u00f0 og greinar:<\/h3>\n\n\n\n<p>\u00cd Aserba\u00eddsjan eru nafnor\u00f0 byggingareiningar setninga og skilningur \u00e1 notkun \u00feeirra skiptir sk\u00f6pum. Nafnor\u00f0 hafa ekki kyn og \u00fea\u00f0 er enginn \u00f3\u00e1kve\u00f0inn greinir. Hins vegar er \u00e1kve\u00f0num greini b\u00e6tt vi\u00f0 sem vi\u00f0skeyti vi\u00f0 nafnor\u00f0i\u00f0.<\/p>\n\n\n\n<h3 class=\"wp-block-heading\" id=\"h-2-adjectives\">2. L\u00fdsingaror\u00f0:<\/h3>\n\n\n\n<p>L\u00fdsingaror\u00f0 \u00e1 aserba\u00eddsjansku eru notu\u00f0 til a\u00f0 l\u00fdsa nafnor\u00f0um. \u00deeir koma alltaf \u00e1 undan nafnor\u00f0inu sem \u00feeir breyta og breyta ekki forminu eftir kyni e\u00f0a t\u00f6lu nafnor\u00f0sins.<\/p>\n\n\n\n<h3 class=\"wp-block-heading\" id=\"h-3-pronouns-determiners\">3. Forn\u00f6fn\/\u00e1kvar\u00f0andi or\u00f0:<\/h3>\n\n\n\n<p>Forn\u00f6fn eru notu\u00f0 til a\u00f0 koma \u00ed sta\u00f0 nafnor\u00f0a, en \u00e1kvar\u00f0anir eru nota\u00f0ir til a\u00f0 tilgreina magn e\u00f0a \u00e1kve\u00f0inni nafnor\u00f0sins. B\u00e1\u00f0ir eru nau\u00f0synlegir \u00fe\u00e6ttir \u00ed setningum \u00ed Aserba\u00eddsjan.<\/p>\n\n\n\n<h3 class=\"wp-block-heading\" id=\"h-4-verbs\">4. Sagnir:<\/h3>\n\n\n\n<p>Aserba\u00eddsjanska sagnir eru a\u00f0ger\u00f0aror\u00f0 tungum\u00e1lsins. \u00deeir breyta formi s\u00ednu eftir spennu, skapi og r\u00f6dd. Skilningur \u00e1 samtengingu sagna skiptir sk\u00f6pum til a\u00f0 n\u00e1 t\u00f6kum \u00e1 aserba\u00eddsjanskri m\u00e1lfr\u00e6\u00f0i.<\/p>\n\n\n\n<h3 class=\"wp-block-heading\" id=\"h-5-tenses\">5. Spennur:<\/h3>\n\n\n\n<p>Aserba\u00eddsjan hefur sex t\u00ed\u00f0ir &#8211; n\u00fat\u00ed\u00f0, fort\u00ed\u00f0, framt\u00ed\u00f0, n\u00fat\u00ed\u00f0 fullkomin, fort\u00ed\u00f0 fullkomin og framt\u00ed\u00f0 fullkomin. Hver spenna hefur s\u00ednar beygingarreglur og er notu\u00f0 til a\u00f0 tj\u00e1 athafnir e\u00f0a \u00e1stand \u00e1 mismunandi t\u00edmum.<\/p>\n\n\n\n<h3 class=\"wp-block-heading\" id=\"h-6-tense-comparison\">6. Spenntur samanbur\u00f0ur:<\/h3>\n\n\n\n<p>A\u00f0 bera saman spennur \u00ed Aserba\u00eddsjan hj\u00e1lpar \u00fe\u00e9r a\u00f0 skilja muninn \u00e1 \u00fev\u00ed a\u00f0 tj\u00e1 t\u00edma og gj\u00f6r\u00f0ir. \u00dea\u00f0 er mikilv\u00e6g f\u00e6rni fyrir \u00e1rangursr\u00edk samskipti.<\/p>\n\n\n\n<h3 class=\"wp-block-heading\" id=\"h-7-progressive\">7. Frams\u00e6ki\u00f0:<\/h3>\n\n\n\n<p>Frams\u00e6kni \u00fe\u00e1tturinn \u00ed Aserba\u00eddsjan er nota\u00f0ur til a\u00f0 l\u00fdsa \u00e1framhaldandi a\u00f0ger\u00f0um. \u00dea\u00f0 er mynda\u00f0 me\u00f0 \u00fev\u00ed a\u00f0 nota hj\u00e1lparsagnir og er nau\u00f0synlegt til a\u00f0 skilja fl\u00e6\u00f0i atbur\u00f0a \u00ed setningu.<\/p>\n\n\n\n<h3 class=\"wp-block-heading\" id=\"h-8-perfect-progressive\">8. Fullkominn frams\u00e6kinn:<\/h3>\n\n\n\n<p>Fullkomnar frams\u00e6knar spennur eru nota\u00f0ar til a\u00f0 l\u00fdsa ath\u00f6fnum sem h\u00f3fust \u00ed fort\u00ed\u00f0inni og halda \u00e1fram til n\u00fat\u00ed\u00f0ar e\u00f0a framt\u00ed\u00f0ar. \u00deeir sameina fullkomna og frams\u00e6kna \u00fe\u00e6tti og eru nau\u00f0synlegir til a\u00f0 tj\u00e1 fl\u00f3knar a\u00f0ger\u00f0ir.<\/p>\n\n\n\n<h3 class=\"wp-block-heading\" id=\"h-9-adverbs\">9. Atviksor\u00f0:<\/h3>\n\n\n\n<p>Atviksor\u00f0 \u00e1 aserba\u00eddsjansku eru notu\u00f0 til a\u00f0 breyta s\u00f6gnum, l\u00fdsingaror\u00f0um e\u00f0a \u00f6\u00f0rum atviksor\u00f0um. \u00deeir veita vi\u00f0b\u00f3taruppl\u00fdsingar um a\u00f0ger\u00f0ir e\u00f0a \u00e1stand og eru nau\u00f0synlegar til a\u00f0 b\u00faa til n\u00e1kv\u00e6mari og l\u00fdsandi setningar.<\/p>\n\n\n\n<h3 class=\"wp-block-heading\" id=\"h-10-conditionals\">10. Skilyr\u00f0i:<\/h3>\n\n\n\n<p>Skilyrt eru notu\u00f0 til a\u00f0 tj\u00e1 \u00edmynda\u00f0ar a\u00f0st\u00e6\u00f0ur og hugsanlegar aflei\u00f0ingar \u00feeirra. \u00deau eru nau\u00f0synleg til a\u00f0 l\u00fdsa \u00f3vissu og sp\u00e1 \u00ed Aserba\u00eddsjan.<\/p>\n\n\n\n<h3 class=\"wp-block-heading\" id=\"h-11-prepositions\">11. Forsetningar:<\/h3>\n\n\n\n<p>Forsetningar eru nota\u00f0ar til a\u00f0 s\u00fdna vensl nafnor\u00f0a e\u00f0a fornafna og annarra or\u00f0a \u00ed setningu. \u00deau eru nau\u00f0synleg til a\u00f0 tj\u00e1 sta\u00f0bundin, t\u00edmaleg og r\u00f6kr\u00e9tt samb\u00f6nd \u00ed Aserba\u00eddsjan.<\/p>\n\n\n\n<h3 class=\"wp-block-heading\" id=\"h-12-sentences\">12. Setningar:<\/h3>\n\n\n\n<p>Aserba\u00eddsjanskar setningar fylgja efnis-hlut-s\u00f6gn (SOV) or\u00f0ar\u00f6\u00f0. Skilningur \u00e1 uppbyggingu setninga skiptir sk\u00f6pum fyrir skilvirk samskipti og a\u00f0 n\u00e1 t\u00f6kum \u00e1 aserba\u00eddsjanska tungum\u00e1linu.<\/p>\n<\/div><\/div>\n\r\n<section class=\"learnNavigationSection\">\r\n            \r\n        <a href=\"https:\/\/talkpal.ai\/is\/laerdu-aserbaidsjanska\/\">\r\n            <div class=\"learnNavigationWrapper\">\r\n                <div class=\"learnNavigationContent\">\r\n                    <img decoding=\"async\" src=\"https:\/\/talkpal.ai\/wp-content\/uploads\/2024\/08\/Azerbaijani.jpg\" alt=\"Azerbaijani Flag\">\r\n                    <div>\r\n                        <h4>Um Aserba\u00eddsjan n\u00e1m<\/h4>\r\n                        <p>Finndu \u00fat allt um Azerbaijani m\u00e1lfr\u00e6\u00f0i.<\/p>\r\n                    <\/div>\r\n                <\/div>\r\n            <\/div>\r\n        <\/a>\r\n\r\n        \r\n        <a href=\"https:\/\/talkpal.ai\/is\/aserbaidsjanska-malfraedi\/\">\r\n            <div class=\"learnNavigationWrapper\">\r\n                <div class=\"learnNavigationContent\">\r\n                    <img decoding=\"async\" src=\"https:\/\/talkpal.ai\/wp-content\/uploads\/2024\/08\/Azerbaijani.jpg\" alt=\"Azerbaijani Flag\">\r\n                    <div>\r\n                        <h4>Aserba\u00eddsjanska m\u00e1lfr\u00e6\u00f0ikennsla<\/h4>\r\n                        <p>\u00c6f\u00f0u aserba\u00eddsjanska m\u00e1lfr\u00e6\u00f0i.<\/p>\r\n                    <\/div>\r\n                <\/div>\r\n            <\/div>\r\n        <\/a>\r\n\r\n        \r\n        <a href=\"https:\/\/talkpal.ai\/vocabulary_language\/azerbaijani\/\">\r\n            <div class=\"learnNavigationWrapper\">\r\n                <div class=\"learnNavigationContent\">\r\n                    <img decoding=\"async\" src=\"https:\/\/talkpal.ai\/wp-content\/uploads\/2024\/08\/Azerbaijani.jpg\" alt=\"Azerbaijani Flag\">\r\n                    <div>\r\n                        <h4>Aserba\u00eddsjan or\u00f0afor\u00f0a<\/h4>\r\n                        <p>St\u00e6kka\u00f0u aserska or\u00f0afor\u00f0a \u00feinn.<\/p>\r\n                    <\/div>\r\n                <\/div>\r\n            <\/div>\r\n        <\/a>\r\n\r\n            <\/section>","protected":false},"excerpt":{"rendered":"<p>Aserba\u00eddsjanska m\u00e1lfr\u00e6\u00f0i efni Aserba\u00eddsjanska, einnig \u00feekkt sem aserska, er tyrkneskt tungum\u00e1l sem tala\u00f0 er a\u00f0allega \u00ed Aserba\u00eddsjan og n\u00e6rliggjandi sv\u00e6\u00f0um. \u00dea\u00f0 er opinbert tungum\u00e1l L\u00fd\u00f0veldisins Aserba\u00eddsjan og hefur mikilv\u00e6ga r\u00e6\u00f0umenn \u00ed \u00cdran, Tyrklandi, Georg\u00edu og R\u00fasslandi. Sem nemandi \u00ed aserba\u00eddsjanska er nau\u00f0synlegt a\u00f0 skilja grundvallar\u00fe\u00e6tti tungum\u00e1lsins, svo sem m\u00e1lfr\u00e6\u00f0i \u00feess, setningafr\u00e6\u00f0i og or\u00f0afor\u00f0a. \u00deessi handb\u00f3k [&hellip;]<\/p>\n","protected":false},"author":6,"featured_media":109441,"parent":0,"menu_order":0,"comment_status":"closed","ping_status":"closed","template":"LearningContentPage.php","meta":{"_acf_changed":false,"footnotes":""},"class_list":["post-166018","page","type-page","status-publish","has-post-thumbnail","hentry"],"acf":[],"yoast_head":"<!-- This site is optimized with the Yoast SEO Premium plugin v27.2 (Yoast SEO v27.2) - https:\/\/yoast.com\/product\/yoast-seo-premium-wordpress\/ -->\n<title>Azerbaijani M\u00e1lfr\u00e6\u00f0i \u00c6fingar - Talkpal<\/title>\n<meta name=\"description\" content=\"B\u00e6ttu kunn\u00e1ttu \u00fe\u00edna \u00ed aserba\u00eddsj\u00f6nsku me\u00f0 gagnvirkum m\u00e1lfr\u00e6\u00f0i\u00e6fingum fr\u00e1 Talkpal , tungum\u00e1lakennaranum \u00fe\u00ednum sem byggir \u00e1 gervigreind.\" \/>\n<meta name=\"robots\" content=\"index, follow, max-snippet:-1, max-image-preview:large, max-video-preview:-1\" \/>\n<link rel=\"canonical\" href=\"https:\/\/talkpal.ai\/is\/azerbaijani-malfraedi-aefingar\/\" \/>\n<meta property=\"og:locale\" content=\"is_IS\" \/>\n<meta property=\"og:type\" content=\"article\" \/>\n<meta property=\"og:title\" content=\"Azerbaijani M\u00e1lfr\u00e6\u00f0i \u00c6fingar\" \/>\n<meta property=\"og:description\" content=\"Aserba\u00eddsjanska m\u00e1lfr\u00e6\u00f0i efni Aserba\u00eddsjanska, einnig \u00feekkt sem aserska, er tyrkneskt tungum\u00e1l sem tala\u00f0 er a\u00f0allega \u00ed Aserba\u00eddsjan og n\u00e6rliggjandi\" \/>\n<meta property=\"og:url\" content=\"https:\/\/talkpal.ai\/is\/azerbaijani-malfraedi-aefingar\/\" \/>\n<meta property=\"og:site_name\" content=\"Talkpal\" \/>\n<meta property=\"article:publisher\" content=\"https:\/\/www.facebook.com\/profile.php?id=100090733639311\" \/>\n<meta property=\"article:modified_time\" content=\"2025-05-22T21:35:43+00:00\" \/>\n<meta property=\"og:image\" content=\"https:\/\/talkpal.ai\/wp-content\/uploads\/2023\/05\/azerbaijan.png\" \/>\n\t<meta property=\"og:image:width\" content=\"512\" \/>\n\t<meta property=\"og:image:height\" content=\"512\" \/>\n\t<meta property=\"og:image:type\" content=\"image\/png\" \/>\n<meta name=\"twitter:card\" content=\"summary_large_image\" \/>\n<meta name=\"twitter:site\" content=\"@talkpalai\" \/>\n<meta name=\"twitter:label1\" content=\"Est. reading time\" \/>\n\t<meta name=\"twitter:data1\" content=\"3 minutes\" \/>\n<script type=\"application\/ld+json\" class=\"yoast-schema-graph\">{\"@context\":\"https:\/\/schema.org\",\"@graph\":[{\"@type\":\"WebPage\",\"@id\":\"https:\/\/talkpal.ai\/is\/azerbaijani-malfraedi-aefingar\/\",\"url\":\"https:\/\/talkpal.ai\/is\/azerbaijani-malfraedi-aefingar\/\",\"name\":\"Azerbaijani M\u00e1lfr\u00e6\u00f0i \u00c6fingar - Talkpal\",\"isPartOf\":{\"@id\":\"https:\/\/talkpal.ai\/is\/#website\"},\"primaryImageOfPage\":{\"@id\":\"https:\/\/talkpal.ai\/is\/azerbaijani-malfraedi-aefingar\/#primaryimage\"},\"image\":{\"@id\":\"https:\/\/talkpal.ai\/is\/azerbaijani-malfraedi-aefingar\/#primaryimage\"},\"thumbnailUrl\":\"https:\/\/talkpal.ai\/wp-content\/uploads\/2023\/05\/azerbaijan.png\",\"datePublished\":\"2023-06-16T11:38:32+00:00\",\"dateModified\":\"2025-05-22T21:35:43+00:00\",\"description\":\"B\u00e6ttu kunn\u00e1ttu \u00fe\u00edna \u00ed aserba\u00eddsj\u00f6nsku me\u00f0 gagnvirkum m\u00e1lfr\u00e6\u00f0i\u00e6fingum fr\u00e1 Talkpal , tungum\u00e1lakennaranum \u00fe\u00ednum sem byggir \u00e1 gervigreind.\",\"breadcrumb\":{\"@id\":\"https:\/\/talkpal.ai\/is\/azerbaijani-malfraedi-aefingar\/#breadcrumb\"},\"inLanguage\":\"is\",\"potentialAction\":[{\"@type\":\"ReadAction\",\"target\":[\"https:\/\/talkpal.ai\/is\/azerbaijani-malfraedi-aefingar\/\"]}]},{\"@type\":\"ImageObject\",\"inLanguage\":\"is\",\"@id\":\"https:\/\/talkpal.ai\/is\/azerbaijani-malfraedi-aefingar\/#primaryimage\",\"url\":\"https:\/\/talkpal.ai\/wp-content\/uploads\/2023\/05\/azerbaijan.png\",\"contentUrl\":\"https:\/\/talkpal.ai\/wp-content\/uploads\/2023\/05\/azerbaijan.png\",\"width\":512,\"height\":512},{\"@type\":\"BreadcrumbList\",\"@id\":\"https:\/\/talkpal.ai\/is\/azerbaijani-malfraedi-aefingar\/#breadcrumb\",\"itemListElement\":[{\"@type\":\"ListItem\",\"position\":1,\"name\":\"Homepage\",\"item\":\"https:\/\/talkpal.ai\/is\/\"},{\"@type\":\"ListItem\",\"position\":2,\"name\":\"Azerbaijani M\u00e1lfr\u00e6\u00f0i \u00c6fingar\"}]},{\"@type\":\"WebSite\",\"@id\":\"https:\/\/talkpal.ai\/is\/#website\",\"url\":\"https:\/\/talkpal.ai\/is\/\",\"name\":\"Talkpal\",\"description\":\"AI Language Learning\",\"publisher\":{\"@id\":\"https:\/\/talkpal.ai\/is\/#organization\"},\"alternateName\":\"Talkpal AI\",\"potentialAction\":[{\"@type\":\"SearchAction\",\"target\":{\"@type\":\"EntryPoint\",\"urlTemplate\":\"https:\/\/talkpal.ai\/is\/?s={search_term_string}\"},\"query-input\":{\"@type\":\"PropertyValueSpecification\",\"valueRequired\":true,\"valueName\":\"search_term_string\"}}],\"inLanguage\":\"is\"},{\"@type\":\"Organization\",\"@id\":\"https:\/\/talkpal.ai\/is\/#organization\",\"name\":\"Talkpal, Inc.\",\"alternateName\":\"Talkpal AI\",\"url\":\"https:\/\/talkpal.ai\/is\/\",\"logo\":{\"@type\":\"ImageObject\",\"inLanguage\":\"is\",\"@id\":\"https:\/\/talkpal.ai\/is\/#\/schema\/logo\/image\/\",\"url\":\"https:\/\/talkpal.ai\/wp-content\/uploads\/2024\/03\/Talkpal-Logo-Icon.png\",\"contentUrl\":\"https:\/\/talkpal.ai\/wp-content\/uploads\/2024\/03\/Talkpal-Logo-Icon.png\",\"width\":2880,\"height\":2880,\"caption\":\"Talkpal, Inc.\"},\"image\":{\"@id\":\"https:\/\/talkpal.ai\/is\/#\/schema\/logo\/image\/\"},\"sameAs\":[\"https:\/\/www.facebook.com\/profile.php?id=100090733639311\",\"https:\/\/x.com\/talkpalai\",\"https:\/\/www.linkedin.com\/company\/talkpal\/\",\"https:\/\/www.youtube.com\/@TalkPal\/\",\"https:\/\/www.tiktok.com\/@talkpal\",\"https:\/\/www.instagram.com\/talkpal_ai\/\",\"https:\/\/www.crunchbase.com\/organization\/talkpal-9cde\",\"https:\/\/www.g2.com\/products\/talkpal-for-business\/\",\"https:\/\/www.trustpilot.com\/review\/talkpal.ai\",\"https:\/\/www.capterra.com\/p\/10006800\/TalkPal\/\"],\"description\":\"Talkpal is a language learning web and mobile education app, powered by the latest AI technologies, that provides engaging experiences to its customers in many different languages to help them improve their language skills. Users can chat about unlimited amount of topics with the app and use other modes to practice their language learning.\",\"email\":\"support@talkpal.ai\",\"legalName\":\"Talkpal, Inc.\",\"foundingDate\":\"2023-04-03\",\"duns\":\"118989042\",\"numberOfEmployees\":{\"@type\":\"QuantitativeValue\",\"minValue\":\"11\",\"maxValue\":\"50\"},\"publishingPrinciples\":\"https:\/\/talkpal.ai\/publishing-principles\/\",\"actionableFeedbackPolicy\":\"https:\/\/talkpal.ai\/actionable-feedback-policy\/\",\"correctionsPolicy\":\"https:\/\/talkpal.ai\/corrections-policy\/\",\"ethicsPolicy\":\"https:\/\/talkpal.ai\/ethics-policy\/\",\"diversityPolicy\":\"https:\/\/talkpal.ai\/diversity-policy\/\",\"diversityStaffingReport\":\"https:\/\/talkpal.ai\/diversity-policy\/\"}]}<\/script>\n<!-- \/ Yoast SEO Premium plugin. -->","yoast_head_json":{"title":"Azerbaijani M\u00e1lfr\u00e6\u00f0i \u00c6fingar - Talkpal","description":"B\u00e6ttu kunn\u00e1ttu \u00fe\u00edna \u00ed aserba\u00eddsj\u00f6nsku me\u00f0 gagnvirkum m\u00e1lfr\u00e6\u00f0i\u00e6fingum fr\u00e1 Talkpal , tungum\u00e1lakennaranum \u00fe\u00ednum sem byggir \u00e1 gervigreind.","robots":{"index":"index","follow":"follow","max-snippet":"max-snippet:-1","max-image-preview":"max-image-preview:large","max-video-preview":"max-video-preview:-1"},"canonical":"https:\/\/talkpal.ai\/is\/azerbaijani-malfraedi-aefingar\/","og_locale":"is_IS","og_type":"article","og_title":"Azerbaijani M\u00e1lfr\u00e6\u00f0i \u00c6fingar","og_description":"Aserba\u00eddsjanska m\u00e1lfr\u00e6\u00f0i efni Aserba\u00eddsjanska, einnig \u00feekkt sem aserska, er tyrkneskt tungum\u00e1l sem tala\u00f0 er a\u00f0allega \u00ed Aserba\u00eddsjan og n\u00e6rliggjandi","og_url":"https:\/\/talkpal.ai\/is\/azerbaijani-malfraedi-aefingar\/","og_site_name":"Talkpal","article_publisher":"https:\/\/www.facebook.com\/profile.php?id=100090733639311","article_modified_time":"2025-05-22T21:35:43+00:00","og_image":[{"width":512,"height":512,"url":"https:\/\/talkpal.ai\/wp-content\/uploads\/2023\/05\/azerbaijan.png","type":"image\/png"}],"twitter_card":"summary_large_image","twitter_site":"@talkpalai","twitter_misc":{"Est. reading time":"3 minutes"},"schema":{"@context":"https:\/\/schema.org","@graph":[{"@type":"WebPage","@id":"https:\/\/talkpal.ai\/is\/azerbaijani-malfraedi-aefingar\/","url":"https:\/\/talkpal.ai\/is\/azerbaijani-malfraedi-aefingar\/","name":"Azerbaijani M\u00e1lfr\u00e6\u00f0i \u00c6fingar - Talkpal","isPartOf":{"@id":"https:\/\/talkpal.ai\/is\/#website"},"primaryImageOfPage":{"@id":"https:\/\/talkpal.ai\/is\/azerbaijani-malfraedi-aefingar\/#primaryimage"},"image":{"@id":"https:\/\/talkpal.ai\/is\/azerbaijani-malfraedi-aefingar\/#primaryimage"},"thumbnailUrl":"https:\/\/talkpal.ai\/wp-content\/uploads\/2023\/05\/azerbaijan.png","datePublished":"2023-06-16T11:38:32+00:00","dateModified":"2025-05-22T21:35:43+00:00","description":"B\u00e6ttu kunn\u00e1ttu \u00fe\u00edna \u00ed aserba\u00eddsj\u00f6nsku me\u00f0 gagnvirkum m\u00e1lfr\u00e6\u00f0i\u00e6fingum fr\u00e1 Talkpal , tungum\u00e1lakennaranum \u00fe\u00ednum sem byggir \u00e1 gervigreind.","breadcrumb":{"@id":"https:\/\/talkpal.ai\/is\/azerbaijani-malfraedi-aefingar\/#breadcrumb"},"inLanguage":"is","potentialAction":[{"@type":"ReadAction","target":["https:\/\/talkpal.ai\/is\/azerbaijani-malfraedi-aefingar\/"]}]},{"@type":"ImageObject","inLanguage":"is","@id":"https:\/\/talkpal.ai\/is\/azerbaijani-malfraedi-aefingar\/#primaryimage","url":"https:\/\/talkpal.ai\/wp-content\/uploads\/2023\/05\/azerbaijan.png","contentUrl":"https:\/\/talkpal.ai\/wp-content\/uploads\/2023\/05\/azerbaijan.png","width":512,"height":512},{"@type":"BreadcrumbList","@id":"https:\/\/talkpal.ai\/is\/azerbaijani-malfraedi-aefingar\/#breadcrumb","itemListElement":[{"@type":"ListItem","position":1,"name":"Homepage","item":"https:\/\/talkpal.ai\/is\/"},{"@type":"ListItem","position":2,"name":"Azerbaijani M\u00e1lfr\u00e6\u00f0i \u00c6fingar"}]},{"@type":"WebSite","@id":"https:\/\/talkpal.ai\/is\/#website","url":"https:\/\/talkpal.ai\/is\/","name":"Talkpal","description":"AI Language Learning","publisher":{"@id":"https:\/\/talkpal.ai\/is\/#organization"},"alternateName":"Talkpal AI","potentialAction":[{"@type":"SearchAction","target":{"@type":"EntryPoint","urlTemplate":"https:\/\/talkpal.ai\/is\/?s={search_term_string}"},"query-input":{"@type":"PropertyValueSpecification","valueRequired":true,"valueName":"search_term_string"}}],"inLanguage":"is"},{"@type":"Organization","@id":"https:\/\/talkpal.ai\/is\/#organization","name":"Talkpal, Inc.","alternateName":"Talkpal AI","url":"https:\/\/talkpal.ai\/is\/","logo":{"@type":"ImageObject","inLanguage":"is","@id":"https:\/\/talkpal.ai\/is\/#\/schema\/logo\/image\/","url":"https:\/\/talkpal.ai\/wp-content\/uploads\/2024\/03\/Talkpal-Logo-Icon.png","contentUrl":"https:\/\/talkpal.ai\/wp-content\/uploads\/2024\/03\/Talkpal-Logo-Icon.png","width":2880,"height":2880,"caption":"Talkpal, Inc."},"image":{"@id":"https:\/\/talkpal.ai\/is\/#\/schema\/logo\/image\/"},"sameAs":["https:\/\/www.facebook.com\/profile.php?id=100090733639311","https:\/\/x.com\/talkpalai","https:\/\/www.linkedin.com\/company\/talkpal\/","https:\/\/www.youtube.com\/@TalkPal\/","https:\/\/www.tiktok.com\/@talkpal","https:\/\/www.instagram.com\/talkpal_ai\/","https:\/\/www.crunchbase.com\/organization\/talkpal-9cde","https:\/\/www.g2.com\/products\/talkpal-for-business\/","https:\/\/www.trustpilot.com\/review\/talkpal.ai","https:\/\/www.capterra.com\/p\/10006800\/TalkPal\/"],"description":"Talkpal is a language learning web and mobile education app, powered by the latest AI technologies, that provides engaging experiences to its customers in many different languages to help them improve their language skills. Users can chat about unlimited amount of topics with the app and use other modes to practice their language learning.","email":"support@talkpal.ai","legalName":"Talkpal, Inc.","foundingDate":"2023-04-03","duns":"118989042","numberOfEmployees":{"@type":"QuantitativeValue","minValue":"11","maxValue":"50"},"publishingPrinciples":"https:\/\/talkpal.ai\/publishing-principles\/","actionableFeedbackPolicy":"https:\/\/talkpal.ai\/actionable-feedback-policy\/","correctionsPolicy":"https:\/\/talkpal.ai\/corrections-policy\/","ethicsPolicy":"https:\/\/talkpal.ai\/ethics-policy\/","diversityPolicy":"https:\/\/talkpal.ai\/diversity-policy\/","diversityStaffingReport":"https:\/\/talkpal.ai\/diversity-policy\/"}]}},"_links":{"self":[{"href":"https:\/\/talkpal.ai\/is\/wp-json\/wp\/v2\/pages\/166018","targetHints":{"allow":["GET"]}}],"collection":[{"href":"https:\/\/talkpal.ai\/is\/wp-json\/wp\/v2\/pages"}],"about":[{"href":"https:\/\/talkpal.ai\/is\/wp-json\/wp\/v2\/types\/page"}],"author":[{"embeddable":true,"href":"https:\/\/talkpal.ai\/is\/wp-json\/wp\/v2\/users\/6"}],"replies":[{"embeddable":true,"href":"https:\/\/talkpal.ai\/is\/wp-json\/wp\/v2\/comments?post=166018"}],"version-history":[{"count":0,"href":"https:\/\/talkpal.ai\/is\/wp-json\/wp\/v2\/pages\/166018\/revisions"}],"wp:featuredmedia":[{"embeddable":true,"href":"https:\/\/talkpal.ai\/is\/wp-json\/wp\/v2\/media\/109441"}],"wp:attachment":[{"href":"https:\/\/talkpal.ai\/is\/wp-json\/wp\/v2\/media?parent=166018"}],"curies":[{"name":"wp","href":"https:\/\/api.w.org\/{rel}","templated":true}]}}