{"id":164697,"date":"2023-06-16T12:39:48","date_gmt":"2023-06-16T12:39:48","guid":{"rendered":"http:\/\/talkpal.ai\/bulgarska-malfraedi-aefingar\/"},"modified":"2025-05-23T12:00:01","modified_gmt":"2025-05-23T12:00:01","slug":"bulgarska-malfraedi-aefingar","status":"publish","type":"page","link":"https:\/\/talkpal.ai\/is\/bulgarska-malfraedi-aefingar\/","title":{"rendered":"B\u00falgarska M\u00e1lfr\u00e6\u00f0i \u00c6fingar"},"content":{"rendered":"\r\n\r\n\r\n<section class=\"languageChallengeSection\">\r\n    <div class=\"languageInfoWrapper\">\r\n        \r\n        <h1>B\u00falgarska M\u00e1lfr\u00e6\u00f0i \u00c6fingar<\/h1>\r\n        <p>Viltu b\u00e6ta b\u00falg\u00f6rskukunn\u00e1ttu \u00fe\u00edna? A\u00f0 \u00e6fa <a href=\"https:\/\/talkpal.ai\/grammar\/\">m\u00e1lfr\u00e6\u00f0i<\/a> er fr\u00e1b\u00e6r lei\u00f0 til a\u00f0 n\u00e1 t\u00f6kum \u00e1 setningager\u00f0, sagnor\u00f0um og einst\u00f6kum mynstrum b\u00falg\u00f6rsku tungum\u00e1lsins. Byrja\u00f0u a\u00f0 vinna \u00ed b\u00falg\u00f6rsku m\u00e1lfr\u00e6\u00f0inni \u00ed dag og horf\u00f0u \u00e1 sj\u00e1lfstrausti\u00f0 og f\u00e6rnin vaxa me\u00f0 hverri \u00e6fingu!<\/p>\r\n\r\n                            <a class=\"getStartedHidden\" href=\"https:\/\/app.talkpal.ai\/signup?lng=\">Byrja\u00f0u<\/a>\r\n        \r\n    <\/div>\r\n\r\n    <figure>\r\n    <img decoding=\"async\" width=\"768\" height=\"768\" src=\"https:\/\/talkpal.ai\/wp-content\/uploads\/2023\/06\/bulgarian-768x768.png\" class=\"languageImage no-lazy\" alt=\"Language learning for deeper cultural understanding\" fetchpriority=\"high\" sizes=\"(max-width: 768px) 150px, 768px\" srcset=\"https:\/\/talkpal.ai\/wp-content\/uploads\/2023\/06\/bulgarian-768x768.png 768w, https:\/\/talkpal.ai\/wp-content\/uploads\/2023\/06\/bulgarian-300x300.png 300w\" \/>\r\n    \r\n\r\n    <\/figure>\r\n\r\n            <a class=\"getStartedVisible\" href=\"https:\/\/app.talkpal.ai\/signup?lng=\">Byrja\u00f0u<\/a>\r\n    \r\n<\/section>\r\n\r\n\r\n<!-- <section class=\"grammarSection\">\r\n    <div class=\"grammarLinks\">\r\n            <\/div>\r\n<\/section> -->\r\n\r\n\r\n\r\n\r\n<section class=\"promotionalBanner\">\r\n    <p class=\"promotionalText\">Skilvirkasta lei\u00f0in til a\u00f0 l\u00e6ra tungum\u00e1l<\/p>\r\n    <a class=\"promotionalLink\" href=\"https:\/\/app.talkpal.ai\/signup?lng=\">Pr\u00f3fa\u00f0u Talkpal \u00f3keypis<\/a>\r\n<\/section>\n<div class=\"wp-block-group pageContainerStyle\"><div class=\"wp-block-group__inner-container is-layout-constrained wp-block-group-is-layout-constrained\">\n<h2 class=\"wp-block-heading\" id=\"h-bulgarian-grammar-topics\">B\u00falgarska M\u00e1lfr\u00e6\u00f0i Topics<\/h2>\n\n\n\n<p><a href=\"https:\/\/talkpal.ai\/learn-bulgarian\/\">B\u00falgarska<\/a> er su\u00f0urslavneskt tungum\u00e1l sem a\u00f0allega er tala\u00f0 \u00ed B\u00falgar\u00edu og af b\u00falg\u00f6rskum samf\u00e9l\u00f6gum \u00ed n\u00e1grannal\u00f6ndunum. Sem opinbert tungum\u00e1l B\u00falgar\u00edu gegnir \u00fea\u00f0 mikilv\u00e6gu hlutverki \u00ed menningu, s\u00f6gu og daglegu l\u00edfi landsins. A\u00f0 l\u00e6ra b\u00falg\u00f6rsku getur veri\u00f0 gefandi reynsla \u00fear sem \u00fea\u00f0 gerir \u00fe\u00e9r kleift a\u00f0 kanna r\u00edkar b\u00f3kmenntir, fallegt landslag og brag\u00f0g\u00f3\u00f0a matarger\u00f0 landsins. Til a\u00f0 n\u00e1 g\u00f3\u00f0um t\u00f6kum \u00e1 b\u00falg\u00f6rsku er nau\u00f0synlegt a\u00f0 skilja <a href=\"https:\/\/talkpal.ai\/grammar\/\">m\u00e1lfr\u00e6\u00f0i<\/a> \u00feess, sem hefur s\u00edna einst\u00f6ku eiginleika og mannvirki. \u00cd \u00feessari handb\u00f3k munum vi\u00f0 kanna mikilv\u00e6g b\u00falg\u00f6rsk m\u00e1lfr\u00e6\u00f0iefni sem \u00fe\u00fa \u00e6ttir a\u00f0 l\u00e6ra \u00ed r\u00f6\u00f0 til a\u00f0 n\u00e1 traustum grunni \u00ed tungum\u00e1linu.<\/p>\n\n\n\n<h3 class=\"wp-block-heading\" id=\"h-1-nouns\">1. Nafnor\u00f0:<\/h3>\n\n\n\n<p>B\u00falg\u00f6rsk nafnor\u00f0 hafa kyn (karlkyn, kvenkyn og hvorugkyn), sem er mikilv\u00e6gt a\u00f0 vita \u00fear sem \u00fea\u00f0 hefur \u00e1hrif \u00e1 form annarra or\u00f0a \u00ed setningu, svo sem l\u00fdsingaror\u00f0 og greinar. \u00deeir hafa einnig eint\u00f6lu og fleirt\u00f6lu, en \u00f3l\u00edkt ensku eru engin tilfelli.<\/p>\n\n\n\n<h3 class=\"wp-block-heading\" id=\"h-2-articles\">2. Greinar:<\/h3>\n\n\n\n<p>\u00c1 b\u00falg\u00f6rsku eru greinar festar vi\u00f0 enda nafnor\u00f0sins sem \u00feeir breyta. \u00dea\u00f0 eru \u00e1kve\u00f0nir og \u00f3\u00e1kve\u00f0nir hlutir og \u00feeir breytast eftir kyni og n\u00fameri nafnor\u00f0sins.<\/p>\n\n\n\n<h3 class=\"wp-block-heading\" id=\"h-3-pronouns-determiners\">3. Forn\u00f6fn\/\u00e1kvar\u00f0andi or\u00f0:<\/h3>\n\n\n\n<p>B\u00falgarska hefur pers\u00f3nuleg, eignarhaldsleg, s\u00fdnileg, spyrjandi og afst\u00e6\u00f0 forn\u00f6fn. \u00deeir eru samm\u00e1la \u00ed kyni og t\u00f6lu me\u00f0 nafnor\u00f0inu sem \u00feeir skipta \u00fat e\u00f0a breyta. \u00c1kvar\u00f0andi eru nota\u00f0ir til a\u00f0 tilgreina e\u00f0a magngreina nafnor\u00f0.<\/p>\n\n\n\n<h3 class=\"wp-block-heading\" id=\"h-4-adjectives\">4. L\u00fdsingaror\u00f0:<\/h3>\n\n\n\n<p>L\u00fdsingaror\u00f0 \u00e1 b\u00falg\u00f6rsku eru samm\u00e1la \u00ed kyni, t\u00f6lu og skilgreiningu vi\u00f0 nafnor\u00f0i\u00f0 sem \u00feau breyta. \u00deeir hafa \u00ferj\u00e1r gr\u00e1\u00f0ur af samanbur\u00f0i &#8211; j\u00e1kv\u00e6\u00f0ur, samanbur\u00f0ur og fr\u00e1b\u00e6r.<\/p>\n\n\n\n<h3 class=\"wp-block-heading\" id=\"h-5-adverbs\">5. Atviksor\u00f0:<\/h3>\n\n\n\n<p>Atviksor\u00f0 breyta s\u00f6gnum, l\u00fdsingaror\u00f0um e\u00f0a \u00f6\u00f0rum atviksor\u00f0um. \u00deau breytast ekki \u00ed formi og eru nau\u00f0synleg til a\u00f0 tj\u00e1 t\u00edma, sta\u00f0, h\u00e1tt og gr\u00e1\u00f0u.<\/p>\n\n\n\n<h3 class=\"wp-block-heading\" id=\"h-6-verbs\">6. Sagnir:<\/h3>\n\n\n\n<p>B\u00falgarskar sagnir hafa \u00ferj\u00e1r meginbeygingar og eru beyg\u00f0ar fyrir pers\u00f3nu, t\u00f6lu, spennu, skap og r\u00f6dd. A\u00f0 l\u00e6ra r\u00e9tta samtengingu og skilja mismunandi sagna\u00fe\u00e6tti skiptir sk\u00f6pum fyrir r\u00e9tta samskipti.<\/p>\n\n\n\n<h3 class=\"wp-block-heading\" id=\"h-7-tenses\">7. Spennur:<\/h3>\n\n\n\n<p>B\u00falgarska hefur \u00ferj\u00e1r megint\u00edmar &#8211; fort\u00ed\u00f0, n\u00fat\u00ed\u00f0 og framt\u00ed\u00f0. A\u00f0 l\u00e6ra hvernig \u00e1 a\u00f0 mynda og nota \u00feessar spennur er nau\u00f0synlegt til a\u00f0 skilja og tj\u00e1 t\u00edma \u00e1 b\u00falg\u00f6rsku.<\/p>\n\n\n\n<h3 class=\"wp-block-heading\" id=\"h-8-tense-comparison\">8. Spenntur samanbur\u00f0ur:<\/h3>\n\n\n\n<p>A\u00f0 geta bori\u00f0 saman mismunandi t\u00ed\u00f0ir er mikilv\u00e6gt til a\u00f0 skilja fl\u00f3knar setningar og tj\u00e1 mismunandi t\u00edmasamb\u00f6nd \u00e1 b\u00falg\u00f6rsku.<\/p>\n\n\n\n<h3 class=\"wp-block-heading\" id=\"h-9-progressive\">9. Frams\u00e6ki\u00f0:<\/h3>\n\n\n\n<p>Frams\u00e6kni \u00fe\u00e1tturinn \u00e1 b\u00falg\u00f6rsku er nota\u00f0ur til a\u00f0 l\u00fdsa yfirstandandi a\u00f0ger\u00f0um. \u00dea\u00f0 er h\u00e6gt a\u00f0 mynda me\u00f0 hj\u00e1lpars\u00f6gnum og n\u00faverandi \u00fe\u00e1ttt\u00f6ku a\u00f0alsagnarinnar.<\/p>\n\n\n\n<h3 class=\"wp-block-heading\" id=\"h-10-perfect-progressive\">10. Fullkominn frams\u00e6kinn:<\/h3>\n\n\n\n<p>Hinn fullkomni frams\u00e6kni \u00fe\u00e1ttur sameinar fullkomna og frams\u00e6kna \u00fe\u00e6tti til a\u00f0 tj\u00e1 a\u00f0ger\u00f0ir sem h\u00f3fust \u00ed fort\u00ed\u00f0inni, halda \u00e1fram \u00ed n\u00fat\u00ed\u00f0inni og geta haldi\u00f0 \u00e1fram \u00ed framt\u00ed\u00f0inni.<\/p>\n\n\n\n<h3 class=\"wp-block-heading\" id=\"h-11-conditionals\">11. Skilyr\u00f0i:<\/h3>\n\n\n\n<p>B\u00falgarska hefur \u00ferj\u00e1r ger\u00f0ir af skilyr\u00f0um &#8211; raunverulegt, \u00f3raunverulegt og hugsanlegt. \u00deeir eru nota\u00f0ir til a\u00f0 tj\u00e1 \u00edmynda\u00f0ar e\u00f0a andst\u00e6\u00f0ar sta\u00f0reyndir, svo og til a\u00f0 sp\u00e1 fyrir um e\u00f0a gefa r\u00e1\u00f0.<\/p>\n\n\n\n<h3 class=\"wp-block-heading\" id=\"h-12-prepositions\">12. Forsetningar:<\/h3>\n\n\n\n<p>Forsetningar eru nau\u00f0synlegar til a\u00f0 tj\u00e1 tengsl milli or\u00f0a \u00ed setningu. \u00de\u00e6r eru nota\u00f0ar til a\u00f0 tilgreina sta\u00f0setningu, t\u00edma, stefnu, ors\u00f6k og \u00f6nnur tengsl.<\/p>\n\n\n\n<h3 class=\"wp-block-heading\" id=\"h-13-sentences\">13. Setningar:<\/h3>\n\n\n\n<p>A\u00f0 l\u00e6ra hvernig \u00e1 a\u00f0 mynda einfaldar og fl\u00f3knar setningar \u00e1 b\u00falg\u00f6rsku skiptir sk\u00f6pum fyrir \u00e1rangursr\u00edk samskipti. \u00deetta felur \u00ed s\u00e9r a\u00f0 skilja r\u00e9tta or\u00f0ar\u00f6\u00f0, samkomulag efnissagna og notkun samtenginga og annarra setningager\u00f0a.<\/p>\n<\/div><\/div>\n\r\n<section class=\"learnNavigationSection\">\r\n            \r\n        <a href=\"https:\/\/talkpal.ai\/is\/laerdu-bulgorsku\/\">\r\n            <div class=\"learnNavigationWrapper\">\r\n                <div class=\"learnNavigationContent\">\r\n                    <img decoding=\"async\" src=\"https:\/\/talkpal.ai\/wp-content\/uploads\/2024\/08\/Bulgarian.jpg\" alt=\"Bulgarian Flag\">\r\n                    <div>\r\n                        <h4>Um b\u00falg\u00f6rskun\u00e1m<\/h4>\r\n                        <p>Finndu \u00fat allt um b\u00falgarska m\u00e1lfr\u00e6\u00f0i.<\/p>\r\n                    <\/div>\r\n                <\/div>\r\n            <\/div>\r\n        <\/a>\r\n\r\n        \r\n        <a href=\"https:\/\/talkpal.ai\/is\/bulgorsk-malfraedi\/\">\r\n            <div class=\"learnNavigationWrapper\">\r\n                <div class=\"learnNavigationContent\">\r\n                    <img decoding=\"async\" src=\"https:\/\/talkpal.ai\/wp-content\/uploads\/2024\/08\/Bulgarian.jpg\" alt=\"Bulgarian Flag\">\r\n                    <div>\r\n                        <h4>B\u00falgarska m\u00e1lfr\u00e6\u00f0ikennsla<\/h4>\r\n                        <p>\u00c6f\u00f0u b\u00falgarska m\u00e1lfr\u00e6\u00f0i.<\/p>\r\n                    <\/div>\r\n                <\/div>\r\n            <\/div>\r\n        <\/a>\r\n\r\n        \r\n        <a href=\"https:\/\/talkpal.ai\/vocabulary_language\/bulgarian\/\">\r\n            <div class=\"learnNavigationWrapper\">\r\n                <div class=\"learnNavigationContent\">\r\n                    <img decoding=\"async\" src=\"https:\/\/talkpal.ai\/wp-content\/uploads\/2024\/08\/Bulgarian.jpg\" alt=\"Bulgarian Flag\">\r\n                    <div>\r\n                        <h4>B\u00falgarskur or\u00f0afor\u00f0i<\/h4>\r\n                        <p>St\u00e6kka\u00f0u b\u00falg\u00f6rskan or\u00f0afor\u00f0a \u00feinn.<\/p>\r\n                    <\/div>\r\n                <\/div>\r\n            <\/div>\r\n        <\/a>\r\n\r\n            <\/section>","protected":false},"excerpt":{"rendered":"<p>B\u00falgarska M\u00e1lfr\u00e6\u00f0i Topics B\u00falgarska er su\u00f0urslavneskt tungum\u00e1l sem a\u00f0allega er tala\u00f0 \u00ed B\u00falgar\u00edu og af b\u00falg\u00f6rskum samf\u00e9l\u00f6gum \u00ed n\u00e1grannal\u00f6ndunum. Sem opinbert tungum\u00e1l B\u00falgar\u00edu gegnir \u00fea\u00f0 mikilv\u00e6gu hlutverki \u00ed menningu, s\u00f6gu og daglegu l\u00edfi landsins. A\u00f0 l\u00e6ra b\u00falg\u00f6rsku getur veri\u00f0 gefandi reynsla \u00fear sem \u00fea\u00f0 gerir \u00fe\u00e9r kleift a\u00f0 kanna r\u00edkar b\u00f3kmenntir, fallegt landslag og brag\u00f0g\u00f3\u00f0a [&hellip;]<\/p>\n","protected":false},"author":6,"featured_media":111233,"parent":0,"menu_order":0,"comment_status":"closed","ping_status":"closed","template":"LearningContentPage.php","meta":{"_acf_changed":false,"footnotes":""},"class_list":["post-164697","page","type-page","status-publish","has-post-thumbnail","hentry"],"acf":[],"yoast_head":"<!-- This site is optimized with the Yoast SEO Premium plugin v27.2 (Yoast SEO v27.2) - https:\/\/yoast.com\/product\/yoast-seo-premium-wordpress\/ -->\n<title>B\u00falgarska M\u00e1lfr\u00e6\u00f0i \u00c6fingar - Talkpal<\/title>\n<meta name=\"description\" content=\"B\u00e6ttu tungum\u00e1lakunn\u00e1ttu \u00fe\u00edna me\u00f0 b\u00falg\u00f6rsku m\u00e1lfr\u00e6\u00f0i\u00e6fingum. N\u00e1\u00f0u g\u00f3\u00f0um t\u00f6kum \u00e1 m\u00e1lfr\u00e6\u00f0i til a\u00f0 f\u00e1 traustan grunn \u00ed b\u00falg\u00f6rsku.\" \/>\n<meta name=\"robots\" content=\"index, follow, max-snippet:-1, max-image-preview:large, max-video-preview:-1\" \/>\n<link rel=\"canonical\" href=\"https:\/\/talkpal.ai\/is\/bulgarska-malfraedi-aefingar\/\" \/>\n<meta property=\"og:locale\" content=\"is_IS\" \/>\n<meta property=\"og:type\" content=\"article\" \/>\n<meta property=\"og:title\" content=\"B\u00falgarska M\u00e1lfr\u00e6\u00f0i \u00c6fingar\" \/>\n<meta property=\"og:description\" content=\"B\u00falgarska M\u00e1lfr\u00e6\u00f0i Topics B\u00falgarska er su\u00f0urslavneskt tungum\u00e1l sem a\u00f0allega er tala\u00f0 \u00ed B\u00falgar\u00edu og af b\u00falg\u00f6rskum samf\u00e9l\u00f6gum \u00ed n\u00e1grannal\u00f6ndunum. Sem\" \/>\n<meta property=\"og:url\" content=\"https:\/\/talkpal.ai\/is\/bulgarska-malfraedi-aefingar\/\" \/>\n<meta property=\"og:site_name\" content=\"Talkpal\" \/>\n<meta property=\"article:publisher\" content=\"https:\/\/www.facebook.com\/profile.php?id=100090733639311\" \/>\n<meta property=\"article:modified_time\" content=\"2025-05-23T12:00:01+00:00\" \/>\n<meta property=\"og:image\" content=\"https:\/\/talkpal.ai\/wp-content\/uploads\/2023\/05\/bulgaria.png\" \/>\n\t<meta property=\"og:image:width\" content=\"512\" \/>\n\t<meta property=\"og:image:height\" content=\"512\" \/>\n\t<meta property=\"og:image:type\" content=\"image\/png\" \/>\n<meta name=\"twitter:card\" content=\"summary_large_image\" \/>\n<meta name=\"twitter:site\" content=\"@talkpalai\" \/>\n<meta name=\"twitter:label1\" content=\"Est. reading time\" \/>\n\t<meta name=\"twitter:data1\" content=\"3 minutes\" \/>\n<script type=\"application\/ld+json\" class=\"yoast-schema-graph\">{\"@context\":\"https:\/\/schema.org\",\"@graph\":[{\"@type\":\"WebPage\",\"@id\":\"https:\/\/talkpal.ai\/is\/bulgarska-malfraedi-aefingar\/\",\"url\":\"https:\/\/talkpal.ai\/is\/bulgarska-malfraedi-aefingar\/\",\"name\":\"B\u00falgarska M\u00e1lfr\u00e6\u00f0i \u00c6fingar - Talkpal\",\"isPartOf\":{\"@id\":\"https:\/\/talkpal.ai\/is\/#website\"},\"primaryImageOfPage\":{\"@id\":\"https:\/\/talkpal.ai\/is\/bulgarska-malfraedi-aefingar\/#primaryimage\"},\"image\":{\"@id\":\"https:\/\/talkpal.ai\/is\/bulgarska-malfraedi-aefingar\/#primaryimage\"},\"thumbnailUrl\":\"https:\/\/talkpal.ai\/wp-content\/uploads\/2023\/05\/bulgaria.png\",\"datePublished\":\"2023-06-16T12:39:48+00:00\",\"dateModified\":\"2025-05-23T12:00:01+00:00\",\"description\":\"B\u00e6ttu tungum\u00e1lakunn\u00e1ttu \u00fe\u00edna me\u00f0 b\u00falg\u00f6rsku m\u00e1lfr\u00e6\u00f0i\u00e6fingum. N\u00e1\u00f0u g\u00f3\u00f0um t\u00f6kum \u00e1 m\u00e1lfr\u00e6\u00f0i til a\u00f0 f\u00e1 traustan grunn \u00ed b\u00falg\u00f6rsku.\",\"breadcrumb\":{\"@id\":\"https:\/\/talkpal.ai\/is\/bulgarska-malfraedi-aefingar\/#breadcrumb\"},\"inLanguage\":\"is\",\"potentialAction\":[{\"@type\":\"ReadAction\",\"target\":[\"https:\/\/talkpal.ai\/is\/bulgarska-malfraedi-aefingar\/\"]}]},{\"@type\":\"ImageObject\",\"inLanguage\":\"is\",\"@id\":\"https:\/\/talkpal.ai\/is\/bulgarska-malfraedi-aefingar\/#primaryimage\",\"url\":\"https:\/\/talkpal.ai\/wp-content\/uploads\/2023\/05\/bulgaria.png\",\"contentUrl\":\"https:\/\/talkpal.ai\/wp-content\/uploads\/2023\/05\/bulgaria.png\",\"width\":512,\"height\":512},{\"@type\":\"BreadcrumbList\",\"@id\":\"https:\/\/talkpal.ai\/is\/bulgarska-malfraedi-aefingar\/#breadcrumb\",\"itemListElement\":[{\"@type\":\"ListItem\",\"position\":1,\"name\":\"Homepage\",\"item\":\"https:\/\/talkpal.ai\/is\/\"},{\"@type\":\"ListItem\",\"position\":2,\"name\":\"B\u00falgarska M\u00e1lfr\u00e6\u00f0i \u00c6fingar\"}]},{\"@type\":\"WebSite\",\"@id\":\"https:\/\/talkpal.ai\/is\/#website\",\"url\":\"https:\/\/talkpal.ai\/is\/\",\"name\":\"Talkpal\",\"description\":\"AI Language Learning\",\"publisher\":{\"@id\":\"https:\/\/talkpal.ai\/is\/#organization\"},\"alternateName\":\"Talkpal AI\",\"potentialAction\":[{\"@type\":\"SearchAction\",\"target\":{\"@type\":\"EntryPoint\",\"urlTemplate\":\"https:\/\/talkpal.ai\/is\/?s={search_term_string}\"},\"query-input\":{\"@type\":\"PropertyValueSpecification\",\"valueRequired\":true,\"valueName\":\"search_term_string\"}}],\"inLanguage\":\"is\"},{\"@type\":\"Organization\",\"@id\":\"https:\/\/talkpal.ai\/is\/#organization\",\"name\":\"Talkpal, Inc.\",\"alternateName\":\"Talkpal AI\",\"url\":\"https:\/\/talkpal.ai\/is\/\",\"logo\":{\"@type\":\"ImageObject\",\"inLanguage\":\"is\",\"@id\":\"https:\/\/talkpal.ai\/is\/#\/schema\/logo\/image\/\",\"url\":\"https:\/\/talkpal.ai\/wp-content\/uploads\/2024\/03\/Talkpal-Logo-Icon.png\",\"contentUrl\":\"https:\/\/talkpal.ai\/wp-content\/uploads\/2024\/03\/Talkpal-Logo-Icon.png\",\"width\":2880,\"height\":2880,\"caption\":\"Talkpal, Inc.\"},\"image\":{\"@id\":\"https:\/\/talkpal.ai\/is\/#\/schema\/logo\/image\/\"},\"sameAs\":[\"https:\/\/www.facebook.com\/profile.php?id=100090733639311\",\"https:\/\/x.com\/talkpalai\",\"https:\/\/www.linkedin.com\/company\/talkpal\/\",\"https:\/\/www.youtube.com\/@TalkPal\/\",\"https:\/\/www.tiktok.com\/@talkpal\",\"https:\/\/www.instagram.com\/talkpal_ai\/\",\"https:\/\/www.crunchbase.com\/organization\/talkpal-9cde\",\"https:\/\/www.g2.com\/products\/talkpal-for-business\/\",\"https:\/\/www.trustpilot.com\/review\/talkpal.ai\",\"https:\/\/www.capterra.com\/p\/10006800\/TalkPal\/\"],\"description\":\"Talkpal is a language learning web and mobile education app, powered by the latest AI technologies, that provides engaging experiences to its customers in many different languages to help them improve their language skills. Users can chat about unlimited amount of topics with the app and use other modes to practice their language learning.\",\"email\":\"support@talkpal.ai\",\"legalName\":\"Talkpal, Inc.\",\"foundingDate\":\"2023-04-03\",\"duns\":\"118989042\",\"numberOfEmployees\":{\"@type\":\"QuantitativeValue\",\"minValue\":\"11\",\"maxValue\":\"50\"},\"publishingPrinciples\":\"https:\/\/talkpal.ai\/publishing-principles\/\",\"actionableFeedbackPolicy\":\"https:\/\/talkpal.ai\/actionable-feedback-policy\/\",\"correctionsPolicy\":\"https:\/\/talkpal.ai\/corrections-policy\/\",\"ethicsPolicy\":\"https:\/\/talkpal.ai\/ethics-policy\/\",\"diversityPolicy\":\"https:\/\/talkpal.ai\/diversity-policy\/\",\"diversityStaffingReport\":\"https:\/\/talkpal.ai\/diversity-policy\/\"}]}<\/script>\n<!-- \/ Yoast SEO Premium plugin. -->","yoast_head_json":{"title":"B\u00falgarska M\u00e1lfr\u00e6\u00f0i \u00c6fingar - Talkpal","description":"B\u00e6ttu tungum\u00e1lakunn\u00e1ttu \u00fe\u00edna me\u00f0 b\u00falg\u00f6rsku m\u00e1lfr\u00e6\u00f0i\u00e6fingum. N\u00e1\u00f0u g\u00f3\u00f0um t\u00f6kum \u00e1 m\u00e1lfr\u00e6\u00f0i til a\u00f0 f\u00e1 traustan grunn \u00ed b\u00falg\u00f6rsku.","robots":{"index":"index","follow":"follow","max-snippet":"max-snippet:-1","max-image-preview":"max-image-preview:large","max-video-preview":"max-video-preview:-1"},"canonical":"https:\/\/talkpal.ai\/is\/bulgarska-malfraedi-aefingar\/","og_locale":"is_IS","og_type":"article","og_title":"B\u00falgarska M\u00e1lfr\u00e6\u00f0i \u00c6fingar","og_description":"B\u00falgarska M\u00e1lfr\u00e6\u00f0i Topics B\u00falgarska er su\u00f0urslavneskt tungum\u00e1l sem a\u00f0allega er tala\u00f0 \u00ed B\u00falgar\u00edu og af b\u00falg\u00f6rskum samf\u00e9l\u00f6gum \u00ed n\u00e1grannal\u00f6ndunum. Sem","og_url":"https:\/\/talkpal.ai\/is\/bulgarska-malfraedi-aefingar\/","og_site_name":"Talkpal","article_publisher":"https:\/\/www.facebook.com\/profile.php?id=100090733639311","article_modified_time":"2025-05-23T12:00:01+00:00","og_image":[{"width":512,"height":512,"url":"https:\/\/talkpal.ai\/wp-content\/uploads\/2023\/05\/bulgaria.png","type":"image\/png"}],"twitter_card":"summary_large_image","twitter_site":"@talkpalai","twitter_misc":{"Est. reading time":"3 minutes"},"schema":{"@context":"https:\/\/schema.org","@graph":[{"@type":"WebPage","@id":"https:\/\/talkpal.ai\/is\/bulgarska-malfraedi-aefingar\/","url":"https:\/\/talkpal.ai\/is\/bulgarska-malfraedi-aefingar\/","name":"B\u00falgarska M\u00e1lfr\u00e6\u00f0i \u00c6fingar - Talkpal","isPartOf":{"@id":"https:\/\/talkpal.ai\/is\/#website"},"primaryImageOfPage":{"@id":"https:\/\/talkpal.ai\/is\/bulgarska-malfraedi-aefingar\/#primaryimage"},"image":{"@id":"https:\/\/talkpal.ai\/is\/bulgarska-malfraedi-aefingar\/#primaryimage"},"thumbnailUrl":"https:\/\/talkpal.ai\/wp-content\/uploads\/2023\/05\/bulgaria.png","datePublished":"2023-06-16T12:39:48+00:00","dateModified":"2025-05-23T12:00:01+00:00","description":"B\u00e6ttu tungum\u00e1lakunn\u00e1ttu \u00fe\u00edna me\u00f0 b\u00falg\u00f6rsku m\u00e1lfr\u00e6\u00f0i\u00e6fingum. N\u00e1\u00f0u g\u00f3\u00f0um t\u00f6kum \u00e1 m\u00e1lfr\u00e6\u00f0i til a\u00f0 f\u00e1 traustan grunn \u00ed b\u00falg\u00f6rsku.","breadcrumb":{"@id":"https:\/\/talkpal.ai\/is\/bulgarska-malfraedi-aefingar\/#breadcrumb"},"inLanguage":"is","potentialAction":[{"@type":"ReadAction","target":["https:\/\/talkpal.ai\/is\/bulgarska-malfraedi-aefingar\/"]}]},{"@type":"ImageObject","inLanguage":"is","@id":"https:\/\/talkpal.ai\/is\/bulgarska-malfraedi-aefingar\/#primaryimage","url":"https:\/\/talkpal.ai\/wp-content\/uploads\/2023\/05\/bulgaria.png","contentUrl":"https:\/\/talkpal.ai\/wp-content\/uploads\/2023\/05\/bulgaria.png","width":512,"height":512},{"@type":"BreadcrumbList","@id":"https:\/\/talkpal.ai\/is\/bulgarska-malfraedi-aefingar\/#breadcrumb","itemListElement":[{"@type":"ListItem","position":1,"name":"Homepage","item":"https:\/\/talkpal.ai\/is\/"},{"@type":"ListItem","position":2,"name":"B\u00falgarska M\u00e1lfr\u00e6\u00f0i \u00c6fingar"}]},{"@type":"WebSite","@id":"https:\/\/talkpal.ai\/is\/#website","url":"https:\/\/talkpal.ai\/is\/","name":"Talkpal","description":"AI Language Learning","publisher":{"@id":"https:\/\/talkpal.ai\/is\/#organization"},"alternateName":"Talkpal AI","potentialAction":[{"@type":"SearchAction","target":{"@type":"EntryPoint","urlTemplate":"https:\/\/talkpal.ai\/is\/?s={search_term_string}"},"query-input":{"@type":"PropertyValueSpecification","valueRequired":true,"valueName":"search_term_string"}}],"inLanguage":"is"},{"@type":"Organization","@id":"https:\/\/talkpal.ai\/is\/#organization","name":"Talkpal, Inc.","alternateName":"Talkpal AI","url":"https:\/\/talkpal.ai\/is\/","logo":{"@type":"ImageObject","inLanguage":"is","@id":"https:\/\/talkpal.ai\/is\/#\/schema\/logo\/image\/","url":"https:\/\/talkpal.ai\/wp-content\/uploads\/2024\/03\/Talkpal-Logo-Icon.png","contentUrl":"https:\/\/talkpal.ai\/wp-content\/uploads\/2024\/03\/Talkpal-Logo-Icon.png","width":2880,"height":2880,"caption":"Talkpal, Inc."},"image":{"@id":"https:\/\/talkpal.ai\/is\/#\/schema\/logo\/image\/"},"sameAs":["https:\/\/www.facebook.com\/profile.php?id=100090733639311","https:\/\/x.com\/talkpalai","https:\/\/www.linkedin.com\/company\/talkpal\/","https:\/\/www.youtube.com\/@TalkPal\/","https:\/\/www.tiktok.com\/@talkpal","https:\/\/www.instagram.com\/talkpal_ai\/","https:\/\/www.crunchbase.com\/organization\/talkpal-9cde","https:\/\/www.g2.com\/products\/talkpal-for-business\/","https:\/\/www.trustpilot.com\/review\/talkpal.ai","https:\/\/www.capterra.com\/p\/10006800\/TalkPal\/"],"description":"Talkpal is a language learning web and mobile education app, powered by the latest AI technologies, that provides engaging experiences to its customers in many different languages to help them improve their language skills. Users can chat about unlimited amount of topics with the app and use other modes to practice their language learning.","email":"support@talkpal.ai","legalName":"Talkpal, Inc.","foundingDate":"2023-04-03","duns":"118989042","numberOfEmployees":{"@type":"QuantitativeValue","minValue":"11","maxValue":"50"},"publishingPrinciples":"https:\/\/talkpal.ai\/publishing-principles\/","actionableFeedbackPolicy":"https:\/\/talkpal.ai\/actionable-feedback-policy\/","correctionsPolicy":"https:\/\/talkpal.ai\/corrections-policy\/","ethicsPolicy":"https:\/\/talkpal.ai\/ethics-policy\/","diversityPolicy":"https:\/\/talkpal.ai\/diversity-policy\/","diversityStaffingReport":"https:\/\/talkpal.ai\/diversity-policy\/"}]}},"_links":{"self":[{"href":"https:\/\/talkpal.ai\/is\/wp-json\/wp\/v2\/pages\/164697","targetHints":{"allow":["GET"]}}],"collection":[{"href":"https:\/\/talkpal.ai\/is\/wp-json\/wp\/v2\/pages"}],"about":[{"href":"https:\/\/talkpal.ai\/is\/wp-json\/wp\/v2\/types\/page"}],"author":[{"embeddable":true,"href":"https:\/\/talkpal.ai\/is\/wp-json\/wp\/v2\/users\/6"}],"replies":[{"embeddable":true,"href":"https:\/\/talkpal.ai\/is\/wp-json\/wp\/v2\/comments?post=164697"}],"version-history":[{"count":0,"href":"https:\/\/talkpal.ai\/is\/wp-json\/wp\/v2\/pages\/164697\/revisions"}],"wp:featuredmedia":[{"embeddable":true,"href":"https:\/\/talkpal.ai\/is\/wp-json\/wp\/v2\/media\/111233"}],"wp:attachment":[{"href":"https:\/\/talkpal.ai\/is\/wp-json\/wp\/v2\/media?parent=164697"}],"curies":[{"name":"wp","href":"https:\/\/api.w.org\/{rel}","templated":true}]}}