{"id":164045,"date":"2023-06-16T13:02:09","date_gmt":"2023-06-16T13:02:09","guid":{"rendered":"http:\/\/talkpal.ai\/kroatiska-malfraedi-aefingar\/"},"modified":"2025-12-17T16:26:42","modified_gmt":"2025-12-17T16:26:42","slug":"kroatiska-malfraedi-aefingar","status":"publish","type":"page","link":"https:\/\/talkpal.ai\/is\/kroatiska-malfraedi-aefingar\/","title":{"rendered":"Kr\u00f3at\u00edska M\u00e1lfr\u00e6\u00f0i \u00c6fingar"},"content":{"rendered":"\r\n\r\n\r\n<section class=\"languageChallengeSection\">\r\n    <div class=\"languageInfoWrapper\">\r\n        \r\n        <h1>Kr\u00f3at\u00edska M\u00e1lfr\u00e6\u00f0i \u00c6fingar<\/h1>\r\n        <p>Viltu \u00f6\u00f0last meira sj\u00e1lfstraust \u00ed kr\u00f3at\u00edsku? A\u00f0 \u00e6fa m\u00e1lfr\u00e6\u00f0i\u00e6fingar mun hj\u00e1lpa \u00fe\u00e9r a\u00f0 n\u00e1 t\u00f6kum \u00e1 setningager\u00f0, sagnor\u00f0um og einst\u00f6kum eiginleikum kr\u00f3at\u00edsku tungum\u00e1lsins. Byrja\u00f0u a\u00f0 sko\u00f0a <a href=\"https:\/\/talkpal.ai\/learn-croatian\/\">kr\u00f3at\u00edska<\/a> <a href=\"https:\/\/talkpal.ai\/grammar\/\">m\u00e1lfr\u00e6\u00f0i<\/a> \u00ed dag og horf\u00f0u \u00e1 f\u00e6rni \u00fe\u00edna og fl\u00e6\u00f0i batna me\u00f0 hverri n\u00fdrri \u00e6fingu.\n\n<\/p>\r\n\r\n                            <a class=\"getStartedHidden\" href=\"https:\/\/app.talkpal.ai\/signup?lng=\">Byrja\u00f0u<\/a>\r\n        \r\n    <\/div>\r\n\r\n    <figure>\r\n    <img decoding=\"async\" width=\"768\" height=\"768\" src=\"https:\/\/talkpal.ai\/wp-content\/uploads\/2023\/06\/croatian-768x768.png\" class=\"languageImage no-lazy\" alt=\"Language learning for successful interaction\" fetchpriority=\"high\" sizes=\"(max-width: 768px) 150px, 768px\" srcset=\"https:\/\/talkpal.ai\/wp-content\/uploads\/2023\/06\/croatian-768x768.png 768w, https:\/\/talkpal.ai\/wp-content\/uploads\/2023\/06\/croatian-300x300.png 300w\" \/>\r\n    \r\n\r\n    <\/figure>\r\n\r\n            <a class=\"getStartedVisible\" href=\"https:\/\/app.talkpal.ai\/signup?lng=\">Byrja\u00f0u<\/a>\r\n    \r\n<\/section>\r\n\r\n\r\n<!-- <section class=\"grammarSection\">\r\n    <div class=\"grammarLinks\">\r\n            <\/div>\r\n<\/section> -->\r\n\r\n\r\n\r\n\r\n<section class=\"promotionalBanner\">\r\n    <p class=\"promotionalText\">Skilvirkasta lei\u00f0in til a\u00f0 l\u00e6ra tungum\u00e1l<\/p>\r\n    <a class=\"promotionalLink\" href=\"https:\/\/app.talkpal.ai\/signup?lng=\">Pr\u00f3fa\u00f0u Talkpal \u00f3keypis<\/a>\r\n<\/section>\n<div class=\"wp-block-group pageContainerStyle\"><div class=\"wp-block-group__inner-container is-layout-constrained wp-block-group-is-layout-constrained\">\n<h2 class=\"wp-block-heading\" id=\"h-croatian-grammar-topics\">Kr\u00f3at\u00edsk m\u00e1lfr\u00e6\u00f0i efni<\/h2>\n\n\n\n<p>Kr\u00f3at\u00edska, su\u00f0urslavneskt tungum\u00e1l, er opinbert tungum\u00e1l \u00ed Kr\u00f3at\u00edu og eitt af opinberum tungum\u00e1lum Bosn\u00edu og Herseg\u00f3v\u00ednu. \u00dea\u00f0 er fl\u00f3ki\u00f0 og r\u00edkt tungum\u00e1l, me\u00f0 langa s\u00f6gu og einstakt m\u00e1lfr\u00e6\u00f0ikerfi. Fyrir <a href=\"https:\/\/talkpal.ai\/talkpal-discount-for-students\/\">nemendur<\/a> er nau\u00f0synlegt a\u00f0 skilja grundvallar\u00fe\u00e6tti kr\u00f3at\u00edskrar m\u00e1lfr\u00e6\u00f0i til a\u00f0 ver\u00f0a f\u00e6r \u00ed tungum\u00e1linu. \u00deessi handb\u00f3k mun hj\u00e1lpa \u00fe\u00e9r a\u00f0 fletta \u00ed gegnum helstu m\u00e1lfr\u00e6\u00f0iefni eins og t\u00ed\u00f0ir, sagnir, nafnor\u00f0 og fleira, \u00ed r\u00f6\u00f0 sem mun au\u00f0velda n\u00e1msferli\u00f0 \u00feitt og veita sterkan grunn til a\u00f0 n\u00e1 t\u00f6kum \u00e1 \u00feessu fallega tungum\u00e1li.<\/p>\n\n\n\n<h3 class=\"wp-block-heading\" id=\"h-1-nouns\">1. Nafnor\u00f0:<\/h3>\n\n\n\n<p>Nafnor\u00f0 eru fyrsta byggingareining hvers tungum\u00e1ls og kr\u00f3at\u00edsk nafnor\u00f0 hafa \u00ferj\u00fa kyn &#8211; karlkyn, kvenkyn og hvorugkyn, sem hafa \u00e1hrif \u00e1 beygingu og samr\u00e6mi vi\u00f0 l\u00fdsingaror\u00f0 og forn\u00f6fn. Kynntu \u00fe\u00e9r mismunandi kyn og endi \u00feeirra.<\/p>\n\n\n\n<h3 class=\"wp-block-heading\" id=\"h-2-articles\">2. Greinar:<\/h3>\n\n\n\n<p>Kr\u00f3at\u00edska er ekki me\u00f0 greinar eins og \u201ethe\u201c e\u00f0a \u201ea\u201c \u00e1 ensku, sem gerir \u00fea\u00f0 au\u00f0veldara fyrir byrjendur a\u00f0 <a href=\"https:\/\/talkpal.ai\/ko\/ai-%ec%96%b8%ec%96%b4-%ea%b5%90%ec%82%ac\/\">byrja<\/a> a\u00f0 sm\u00ed\u00f0a einfaldar setningar \u00e1n \u00feess <a href=\"https:\/\/talkpal.ai\/culture\/what-is-the-verb-ad-hafa-and-when-is-it-used\/\">a\u00f0 hafa<\/a> \u00e1hyggjur af notkun greina.<\/p>\n\n\n\n<h3 class=\"wp-block-heading\" id=\"h-3-pronouns-determiners\">3. Forn\u00f6fn\/\u00e1kvar\u00f0andi or\u00f0:<\/h3>\n\n\n\n<p>Forn\u00f6fn eru notu\u00f0 til a\u00f0 koma \u00ed sta\u00f0 nafnor\u00f0a \u00ed setningum en \u00e1kvar\u00f0andi t\u00e1kna s\u00e9rst\u00f6\u00f0u nafnor\u00f0s. L\u00e6r\u00f0u mismunandi ger\u00f0ir fornafna (pers\u00f3nuleg, eignarfall, s\u00fdnikennandi o.s.frv.) og fallbeygingu \u00feeirra eftir kyni, fj\u00f6lda og falli.<\/p>\n\n\n\n<h3 class=\"wp-block-heading\" id=\"h-4-adjectives\">4. L\u00fdsingaror\u00f0:<\/h3>\n\n\n\n<p>L\u00fdsingaror\u00f0 l\u00fdsa eiginleikum nafnor\u00f0a og \u00feau eru \u00ed samr\u00e6mi vi\u00f0 kyn, t\u00f6lu og fall nafnor\u00f0sins sem \u00feau breyta. L\u00e6r\u00f0u grunnform og fallbeygingarmynstur l\u00fdsingaror\u00f0a.<\/p>\n\n\n\n<h3 class=\"wp-block-heading\" id=\"h-5-verbs\">5. Sagnir:<\/h3>\n\n\n\n<p>Sagnir eru kjarninn \u00ed hva\u00f0a setningu sem er, tj\u00e1 athafnir e\u00f0a \u00e1stand. Kr\u00f3at\u00edskar sagnir eru beyg\u00f0ar eftir spennu, skapi, r\u00f6dd og pers\u00f3nu. Byrja\u00f0u \u00e1 algengustu reglulegu s\u00f6gnunum og beygingarmynstri \u00feeirra \u00ed n\u00fat\u00ed\u00f0.<\/p>\n\n\n\n<h3 class=\"wp-block-heading\" id=\"h-6-tenses\">6. Spennur:<\/h3>\n\n\n\n<p>Kr\u00f3at\u00edska hefur sj\u00f6 t\u00ed\u00f0ir &#8211; n\u00fat\u00ed\u00f0, framt\u00ed\u00f0 I, framt\u00ed\u00f0 II, fort\u00ed\u00f0, plufullkomin, aorista og \u00f3fullkomin. Byrja\u00f0u \u00e1 n\u00fat\u00ed\u00f0inni og haltu s\u00ed\u00f0an \u00e1fram \u00ed fort\u00ed\u00f0 og framt\u00ed\u00f0 spennu, l\u00e6r\u00f0u beygingarmynstur fyrir hvert.<\/p>\n\n\n\n<h3 class=\"wp-block-heading\" id=\"h-7-tense-comparison\">7. Spenntur samanbur\u00f0ur:<\/h3>\n\n\n\n<p>Skilningur \u00e1 muninum og l\u00edkt milli spennanna skiptir sk\u00f6pum til a\u00f0 n\u00e1 t\u00f6kum \u00e1 kr\u00f3at\u00edsku. Ber\u00f0u saman spennurnar og \u00e6f\u00f0u \u00feig \u00ed a\u00f0 nota \u00fe\u00e6r \u00ed samhengi.<\/p>\n\n\n\n<h3 class=\"wp-block-heading\" id=\"h-8-progressive\">8. Frams\u00e6ki\u00f0:<\/h3>\n\n\n\n<p>Frams\u00e6kni \u00fe\u00e1tturinn l\u00fdsir a\u00f0ger\u00f0um sem eru vi\u00f0varandi e\u00f0a samfelldar. Kr\u00f3at\u00edska hefur ekki s\u00e9rstakt frams\u00e6ki\u00f0 form eins og ensku, en \u00fe\u00fa getur komi\u00f0 frams\u00e6kinni merkingu \u00e1 framf\u00e6ri me\u00f0 \u00fev\u00ed a\u00f0 nota s\u00e9rst\u00f6k sagnaform, atviksor\u00f0 e\u00f0a byggingar.<\/p>\n\n\n\n<h3 class=\"wp-block-heading\" id=\"h-9-perfect-progressive\">9. Fullkominn frams\u00e6kinn:<\/h3>\n\n\n\n<p>\u00deessi \u00fe\u00e1ttur sameinar fullkomna og frams\u00e6kna merkingu. \u00c1 kr\u00f3at\u00edsku er \u00fea\u00f0 gefi\u00f0 upp me\u00f0 \u00fev\u00ed a\u00f0 nota fullkomna spennu me\u00f0 \u00e1kve\u00f0nu sagnaformi e\u00f0a byggingu sem gefur til kynna st\u00f6\u00f0uga a\u00f0ger\u00f0.<\/p>\n\n\n\n<h3 class=\"wp-block-heading\" id=\"h-10-adverbs\">10. Atviksor\u00f0:<\/h3>\n\n\n\n<p>Atviksor\u00f0 breyta s\u00f6gnum, l\u00fdsingaror\u00f0um e\u00f0a \u00f6\u00f0rum atviksor\u00f0um og \u00feau gefa venjulega til kynna h\u00e1tt, sta\u00f0, t\u00edma e\u00f0a gr\u00e1\u00f0u. L\u00e6r\u00f0u algengustu kr\u00f3atviksor\u00f0 og sta\u00f0setningu \u00feeirra \u00ed setningum.<\/p>\n\n\n\n<h3 class=\"wp-block-heading\" id=\"h-11-prepositions\">11. Forsetningar:<\/h3>\n\n\n\n<p>Forsetningar eru nota\u00f0ar til a\u00f0 gefa til kynna vensl milli or\u00f0a, svo sem sta\u00f0setningu, stefnu, t\u00edma e\u00f0a eignarfall. L\u00e6r\u00f0u algengustu kr\u00f3at\u00edsku forsetningarnar og \u00feau tilvik sem \u00fe\u00e6r stj\u00f3rna.<\/p>\n\n\n\n<h3 class=\"wp-block-heading\" id=\"h-12-conditionals\">12. Skilyr\u00f0i:<\/h3>\n\n\n\n<p>Skilyr\u00f0i tj\u00e1 \u00edmynda\u00f0ar a\u00f0st\u00e6\u00f0ur e\u00f0a a\u00f0st\u00e6\u00f0ur og aflei\u00f0ingar \u00feeirra. Kr\u00f3at\u00edska hefur \u00ferj\u00e1r ger\u00f0ir af skilyr\u00f0um &#8211; raunverulegt, \u00f3raunverulegt og blanda\u00f0. L\u00e6r\u00f0u myndun og notkun hverrar tegundar.<\/p>\n\n\n\n<h3 class=\"wp-block-heading\" id=\"h-13-sentences\">13. Setningar:<\/h3>\n\n\n\n<p>A\u00f0 lokum, \u00e6f\u00f0u \u00feig \u00ed a\u00f0 sameina alla m\u00e1lfr\u00e6\u00f0i\u00fe\u00e6ttina sem \u00fe\u00fa hefur l\u00e6rt til a\u00f0 b\u00faa til einfaldar og fl\u00f3knar setningar \u00e1 kr\u00f3at\u00edsku. \u00deetta mun hj\u00e1lpa \u00fe\u00e9r a\u00f0 \u00fer\u00f3a tungum\u00e1lakunn\u00e1ttu \u00fe\u00edna og skilning \u00e1 kr\u00f3at\u00edskri m\u00e1lfr\u00e6\u00f0i \u00ed heild sinni.<\/p>\n<\/div><\/div>\n\r\n<section class=\"learnNavigationSection\">\r\n            \r\n        <a href=\"https:\/\/talkpal.ai\/is\/laerdu-kroatisku\/\">\r\n            <div class=\"learnNavigationWrapper\">\r\n                <div class=\"learnNavigationContent\">\r\n                    <img decoding=\"async\" src=\"https:\/\/talkpal.ai\/wp-content\/uploads\/2024\/08\/Croatian.jpg\" alt=\"Croatian Flag\">\r\n                    <div>\r\n                        <h4>Um kr\u00f3at\u00edskun\u00e1m<\/h4>\r\n                        <p>Finndu \u00fat allt um kr\u00f3at\u00edska m\u00e1lfr\u00e6\u00f0i.<\/p>\r\n                    <\/div>\r\n                <\/div>\r\n            <\/div>\r\n        <\/a>\r\n\r\n        \r\n        <a href=\"https:\/\/talkpal.ai\/is\/kroatisk-malfraedi\/\">\r\n            <div class=\"learnNavigationWrapper\">\r\n                <div class=\"learnNavigationContent\">\r\n                    <img decoding=\"async\" src=\"https:\/\/talkpal.ai\/wp-content\/uploads\/2024\/08\/Croatian.jpg\" alt=\"Croatian Flag\">\r\n                    <div>\r\n                        <h4>Kr\u00f3at\u00edsk m\u00e1lfr\u00e6\u00f0ikennsla<\/h4>\r\n                        <p>\u00c6f\u00f0u kr\u00f3at\u00edska m\u00e1lfr\u00e6\u00f0i.<\/p>\r\n                    <\/div>\r\n                <\/div>\r\n            <\/div>\r\n        <\/a>\r\n\r\n        \r\n        <a href=\"https:\/\/talkpal.ai\/vocabulary_language\/croatian\/\">\r\n            <div class=\"learnNavigationWrapper\">\r\n                <div class=\"learnNavigationContent\">\r\n                    <img decoding=\"async\" src=\"https:\/\/talkpal.ai\/wp-content\/uploads\/2024\/08\/Croatian.jpg\" alt=\"Croatian Flag\">\r\n                    <div>\r\n                        <h4>Kr\u00f3at\u00edskur or\u00f0afor\u00f0i<\/h4>\r\n                        <p>St\u00e6kka\u00f0u kr\u00f3at\u00edskan or\u00f0afor\u00f0a \u00feinn.<\/p>\r\n                    <\/div>\r\n                <\/div>\r\n            <\/div>\r\n        <\/a>\r\n\r\n            <\/section>","protected":false},"excerpt":{"rendered":"<p>Kr\u00f3at\u00edsk m\u00e1lfr\u00e6\u00f0i efni Kr\u00f3at\u00edska, su\u00f0urslavneskt tungum\u00e1l, er opinbert tungum\u00e1l \u00ed Kr\u00f3at\u00edu og eitt af opinberum tungum\u00e1lum Bosn\u00edu og Herseg\u00f3v\u00ednu. \u00dea\u00f0 er fl\u00f3ki\u00f0 og r\u00edkt tungum\u00e1l, me\u00f0 langa s\u00f6gu og einstakt m\u00e1lfr\u00e6\u00f0ikerfi. Fyrir nemendur er nau\u00f0synlegt a\u00f0 skilja grundvallar\u00fe\u00e6tti kr\u00f3at\u00edskrar m\u00e1lfr\u00e6\u00f0i til a\u00f0 ver\u00f0a f\u00e6r \u00ed tungum\u00e1linu. \u00deessi handb\u00f3k mun hj\u00e1lpa \u00fe\u00e9r a\u00f0 fletta \u00ed gegnum [&hellip;]<\/p>\n","protected":false},"author":6,"featured_media":110236,"parent":0,"menu_order":0,"comment_status":"closed","ping_status":"closed","template":"LearningContentPage.php","meta":{"_acf_changed":false,"footnotes":""},"class_list":["post-164045","page","type-page","status-publish","has-post-thumbnail","hentry"],"acf":[],"yoast_head":"<!-- This site is optimized with the Yoast SEO Premium plugin v27.2 (Yoast SEO v27.2) - https:\/\/yoast.com\/product\/yoast-seo-premium-wordpress\/ -->\n<title>Kr\u00f3at\u00edska M\u00e1lfr\u00e6\u00f0i \u00c6fingar - Talkpal<\/title>\n<meta name=\"description\" content=\"N\u00e1\u00f0u t\u00f6kum \u00e1 kr\u00f3at\u00edsku me\u00f0 \u00e1rangursr\u00edkum kr\u00f3at\u00edskum m\u00e1lfr\u00e6\u00f0i\u00e6fingum sem einfalda n\u00e1m \u00ed t\u00ed\u00f0um, sagnor\u00f0um og nafnor\u00f0um fyrir notendur.\" \/>\n<meta name=\"robots\" content=\"index, follow, max-snippet:-1, max-image-preview:large, max-video-preview:-1\" \/>\n<link rel=\"canonical\" href=\"https:\/\/talkpal.ai\/is\/kroatiska-malfraedi-aefingar\/\" \/>\n<meta property=\"og:locale\" content=\"is_IS\" \/>\n<meta property=\"og:type\" content=\"article\" \/>\n<meta property=\"og:title\" content=\"Kr\u00f3at\u00edska M\u00e1lfr\u00e6\u00f0i \u00c6fingar\" \/>\n<meta property=\"og:description\" content=\"Kr\u00f3at\u00edsk m\u00e1lfr\u00e6\u00f0i efni Kr\u00f3at\u00edska, su\u00f0urslavneskt tungum\u00e1l, er opinbert tungum\u00e1l \u00ed Kr\u00f3at\u00edu og eitt af opinberum tungum\u00e1lum Bosn\u00edu og Herseg\u00f3v\u00ednu. \u00dea\u00f0 er\" \/>\n<meta property=\"og:url\" content=\"https:\/\/talkpal.ai\/is\/kroatiska-malfraedi-aefingar\/\" \/>\n<meta property=\"og:site_name\" content=\"Talkpal\" \/>\n<meta property=\"article:publisher\" content=\"https:\/\/www.facebook.com\/profile.php?id=100090733639311\" \/>\n<meta property=\"article:modified_time\" content=\"2025-12-17T16:26:42+00:00\" \/>\n<meta property=\"og:image\" content=\"https:\/\/talkpal.ai\/wp-content\/uploads\/2023\/05\/croatia.png\" \/>\n\t<meta property=\"og:image:width\" content=\"512\" \/>\n\t<meta property=\"og:image:height\" content=\"512\" \/>\n\t<meta property=\"og:image:type\" content=\"image\/png\" \/>\n<meta name=\"twitter:card\" content=\"summary_large_image\" \/>\n<meta name=\"twitter:site\" content=\"@talkpalai\" \/>\n<meta name=\"twitter:label1\" content=\"Est. reading time\" \/>\n\t<meta name=\"twitter:data1\" content=\"3 minutes\" \/>\n<script type=\"application\/ld+json\" class=\"yoast-schema-graph\">{\"@context\":\"https:\/\/schema.org\",\"@graph\":[{\"@type\":\"WebPage\",\"@id\":\"https:\/\/talkpal.ai\/is\/kroatiska-malfraedi-aefingar\/\",\"url\":\"https:\/\/talkpal.ai\/is\/kroatiska-malfraedi-aefingar\/\",\"name\":\"Kr\u00f3at\u00edska M\u00e1lfr\u00e6\u00f0i \u00c6fingar - Talkpal\",\"isPartOf\":{\"@id\":\"https:\/\/talkpal.ai\/is\/#website\"},\"primaryImageOfPage\":{\"@id\":\"https:\/\/talkpal.ai\/is\/kroatiska-malfraedi-aefingar\/#primaryimage\"},\"image\":{\"@id\":\"https:\/\/talkpal.ai\/is\/kroatiska-malfraedi-aefingar\/#primaryimage\"},\"thumbnailUrl\":\"https:\/\/talkpal.ai\/wp-content\/uploads\/2023\/05\/croatia.png\",\"datePublished\":\"2023-06-16T13:02:09+00:00\",\"dateModified\":\"2025-12-17T16:26:42+00:00\",\"description\":\"N\u00e1\u00f0u t\u00f6kum \u00e1 kr\u00f3at\u00edsku me\u00f0 \u00e1rangursr\u00edkum kr\u00f3at\u00edskum m\u00e1lfr\u00e6\u00f0i\u00e6fingum sem einfalda n\u00e1m \u00ed t\u00ed\u00f0um, sagnor\u00f0um og nafnor\u00f0um fyrir notendur.\",\"breadcrumb\":{\"@id\":\"https:\/\/talkpal.ai\/is\/kroatiska-malfraedi-aefingar\/#breadcrumb\"},\"inLanguage\":\"is\",\"potentialAction\":[{\"@type\":\"ReadAction\",\"target\":[\"https:\/\/talkpal.ai\/is\/kroatiska-malfraedi-aefingar\/\"]}]},{\"@type\":\"ImageObject\",\"inLanguage\":\"is\",\"@id\":\"https:\/\/talkpal.ai\/is\/kroatiska-malfraedi-aefingar\/#primaryimage\",\"url\":\"https:\/\/talkpal.ai\/wp-content\/uploads\/2023\/05\/croatia.png\",\"contentUrl\":\"https:\/\/talkpal.ai\/wp-content\/uploads\/2023\/05\/croatia.png\",\"width\":512,\"height\":512},{\"@type\":\"BreadcrumbList\",\"@id\":\"https:\/\/talkpal.ai\/is\/kroatiska-malfraedi-aefingar\/#breadcrumb\",\"itemListElement\":[{\"@type\":\"ListItem\",\"position\":1,\"name\":\"Homepage\",\"item\":\"https:\/\/talkpal.ai\/is\/\"},{\"@type\":\"ListItem\",\"position\":2,\"name\":\"Kr\u00f3at\u00edska M\u00e1lfr\u00e6\u00f0i \u00c6fingar\"}]},{\"@type\":\"WebSite\",\"@id\":\"https:\/\/talkpal.ai\/is\/#website\",\"url\":\"https:\/\/talkpal.ai\/is\/\",\"name\":\"Talkpal\",\"description\":\"AI Language Learning\",\"publisher\":{\"@id\":\"https:\/\/talkpal.ai\/is\/#organization\"},\"alternateName\":\"Talkpal AI\",\"potentialAction\":[{\"@type\":\"SearchAction\",\"target\":{\"@type\":\"EntryPoint\",\"urlTemplate\":\"https:\/\/talkpal.ai\/is\/?s={search_term_string}\"},\"query-input\":{\"@type\":\"PropertyValueSpecification\",\"valueRequired\":true,\"valueName\":\"search_term_string\"}}],\"inLanguage\":\"is\"},{\"@type\":\"Organization\",\"@id\":\"https:\/\/talkpal.ai\/is\/#organization\",\"name\":\"Talkpal, Inc.\",\"alternateName\":\"Talkpal AI\",\"url\":\"https:\/\/talkpal.ai\/is\/\",\"logo\":{\"@type\":\"ImageObject\",\"inLanguage\":\"is\",\"@id\":\"https:\/\/talkpal.ai\/is\/#\/schema\/logo\/image\/\",\"url\":\"https:\/\/talkpal.ai\/wp-content\/uploads\/2024\/03\/Talkpal-Logo-Icon.png\",\"contentUrl\":\"https:\/\/talkpal.ai\/wp-content\/uploads\/2024\/03\/Talkpal-Logo-Icon.png\",\"width\":2880,\"height\":2880,\"caption\":\"Talkpal, Inc.\"},\"image\":{\"@id\":\"https:\/\/talkpal.ai\/is\/#\/schema\/logo\/image\/\"},\"sameAs\":[\"https:\/\/www.facebook.com\/profile.php?id=100090733639311\",\"https:\/\/x.com\/talkpalai\",\"https:\/\/www.linkedin.com\/company\/talkpal\/\",\"https:\/\/www.youtube.com\/@TalkPal\/\",\"https:\/\/www.tiktok.com\/@talkpal\",\"https:\/\/www.instagram.com\/talkpal_ai\/\",\"https:\/\/www.crunchbase.com\/organization\/talkpal-9cde\",\"https:\/\/www.g2.com\/products\/talkpal-for-business\/\",\"https:\/\/www.trustpilot.com\/review\/talkpal.ai\",\"https:\/\/www.capterra.com\/p\/10006800\/TalkPal\/\"],\"description\":\"Talkpal is a language learning web and mobile education app, powered by the latest AI technologies, that provides engaging experiences to its customers in many different languages to help them improve their language skills. Users can chat about unlimited amount of topics with the app and use other modes to practice their language learning.\",\"email\":\"support@talkpal.ai\",\"legalName\":\"Talkpal, Inc.\",\"foundingDate\":\"2023-04-03\",\"duns\":\"118989042\",\"numberOfEmployees\":{\"@type\":\"QuantitativeValue\",\"minValue\":\"11\",\"maxValue\":\"50\"},\"publishingPrinciples\":\"https:\/\/talkpal.ai\/publishing-principles\/\",\"actionableFeedbackPolicy\":\"https:\/\/talkpal.ai\/actionable-feedback-policy\/\",\"correctionsPolicy\":\"https:\/\/talkpal.ai\/corrections-policy\/\",\"ethicsPolicy\":\"https:\/\/talkpal.ai\/ethics-policy\/\",\"diversityPolicy\":\"https:\/\/talkpal.ai\/diversity-policy\/\",\"diversityStaffingReport\":\"https:\/\/talkpal.ai\/diversity-policy\/\"}]}<\/script>\n<!-- \/ Yoast SEO Premium plugin. -->","yoast_head_json":{"title":"Kr\u00f3at\u00edska M\u00e1lfr\u00e6\u00f0i \u00c6fingar - Talkpal","description":"N\u00e1\u00f0u t\u00f6kum \u00e1 kr\u00f3at\u00edsku me\u00f0 \u00e1rangursr\u00edkum kr\u00f3at\u00edskum m\u00e1lfr\u00e6\u00f0i\u00e6fingum sem einfalda n\u00e1m \u00ed t\u00ed\u00f0um, sagnor\u00f0um og nafnor\u00f0um fyrir notendur.","robots":{"index":"index","follow":"follow","max-snippet":"max-snippet:-1","max-image-preview":"max-image-preview:large","max-video-preview":"max-video-preview:-1"},"canonical":"https:\/\/talkpal.ai\/is\/kroatiska-malfraedi-aefingar\/","og_locale":"is_IS","og_type":"article","og_title":"Kr\u00f3at\u00edska M\u00e1lfr\u00e6\u00f0i \u00c6fingar","og_description":"Kr\u00f3at\u00edsk m\u00e1lfr\u00e6\u00f0i efni Kr\u00f3at\u00edska, su\u00f0urslavneskt tungum\u00e1l, er opinbert tungum\u00e1l \u00ed Kr\u00f3at\u00edu og eitt af opinberum tungum\u00e1lum Bosn\u00edu og Herseg\u00f3v\u00ednu. \u00dea\u00f0 er","og_url":"https:\/\/talkpal.ai\/is\/kroatiska-malfraedi-aefingar\/","og_site_name":"Talkpal","article_publisher":"https:\/\/www.facebook.com\/profile.php?id=100090733639311","article_modified_time":"2025-12-17T16:26:42+00:00","og_image":[{"width":512,"height":512,"url":"https:\/\/talkpal.ai\/wp-content\/uploads\/2023\/05\/croatia.png","type":"image\/png"}],"twitter_card":"summary_large_image","twitter_site":"@talkpalai","twitter_misc":{"Est. reading time":"3 minutes"},"schema":{"@context":"https:\/\/schema.org","@graph":[{"@type":"WebPage","@id":"https:\/\/talkpal.ai\/is\/kroatiska-malfraedi-aefingar\/","url":"https:\/\/talkpal.ai\/is\/kroatiska-malfraedi-aefingar\/","name":"Kr\u00f3at\u00edska M\u00e1lfr\u00e6\u00f0i \u00c6fingar - Talkpal","isPartOf":{"@id":"https:\/\/talkpal.ai\/is\/#website"},"primaryImageOfPage":{"@id":"https:\/\/talkpal.ai\/is\/kroatiska-malfraedi-aefingar\/#primaryimage"},"image":{"@id":"https:\/\/talkpal.ai\/is\/kroatiska-malfraedi-aefingar\/#primaryimage"},"thumbnailUrl":"https:\/\/talkpal.ai\/wp-content\/uploads\/2023\/05\/croatia.png","datePublished":"2023-06-16T13:02:09+00:00","dateModified":"2025-12-17T16:26:42+00:00","description":"N\u00e1\u00f0u t\u00f6kum \u00e1 kr\u00f3at\u00edsku me\u00f0 \u00e1rangursr\u00edkum kr\u00f3at\u00edskum m\u00e1lfr\u00e6\u00f0i\u00e6fingum sem einfalda n\u00e1m \u00ed t\u00ed\u00f0um, sagnor\u00f0um og nafnor\u00f0um fyrir notendur.","breadcrumb":{"@id":"https:\/\/talkpal.ai\/is\/kroatiska-malfraedi-aefingar\/#breadcrumb"},"inLanguage":"is","potentialAction":[{"@type":"ReadAction","target":["https:\/\/talkpal.ai\/is\/kroatiska-malfraedi-aefingar\/"]}]},{"@type":"ImageObject","inLanguage":"is","@id":"https:\/\/talkpal.ai\/is\/kroatiska-malfraedi-aefingar\/#primaryimage","url":"https:\/\/talkpal.ai\/wp-content\/uploads\/2023\/05\/croatia.png","contentUrl":"https:\/\/talkpal.ai\/wp-content\/uploads\/2023\/05\/croatia.png","width":512,"height":512},{"@type":"BreadcrumbList","@id":"https:\/\/talkpal.ai\/is\/kroatiska-malfraedi-aefingar\/#breadcrumb","itemListElement":[{"@type":"ListItem","position":1,"name":"Homepage","item":"https:\/\/talkpal.ai\/is\/"},{"@type":"ListItem","position":2,"name":"Kr\u00f3at\u00edska M\u00e1lfr\u00e6\u00f0i \u00c6fingar"}]},{"@type":"WebSite","@id":"https:\/\/talkpal.ai\/is\/#website","url":"https:\/\/talkpal.ai\/is\/","name":"Talkpal","description":"AI Language Learning","publisher":{"@id":"https:\/\/talkpal.ai\/is\/#organization"},"alternateName":"Talkpal AI","potentialAction":[{"@type":"SearchAction","target":{"@type":"EntryPoint","urlTemplate":"https:\/\/talkpal.ai\/is\/?s={search_term_string}"},"query-input":{"@type":"PropertyValueSpecification","valueRequired":true,"valueName":"search_term_string"}}],"inLanguage":"is"},{"@type":"Organization","@id":"https:\/\/talkpal.ai\/is\/#organization","name":"Talkpal, Inc.","alternateName":"Talkpal AI","url":"https:\/\/talkpal.ai\/is\/","logo":{"@type":"ImageObject","inLanguage":"is","@id":"https:\/\/talkpal.ai\/is\/#\/schema\/logo\/image\/","url":"https:\/\/talkpal.ai\/wp-content\/uploads\/2024\/03\/Talkpal-Logo-Icon.png","contentUrl":"https:\/\/talkpal.ai\/wp-content\/uploads\/2024\/03\/Talkpal-Logo-Icon.png","width":2880,"height":2880,"caption":"Talkpal, Inc."},"image":{"@id":"https:\/\/talkpal.ai\/is\/#\/schema\/logo\/image\/"},"sameAs":["https:\/\/www.facebook.com\/profile.php?id=100090733639311","https:\/\/x.com\/talkpalai","https:\/\/www.linkedin.com\/company\/talkpal\/","https:\/\/www.youtube.com\/@TalkPal\/","https:\/\/www.tiktok.com\/@talkpal","https:\/\/www.instagram.com\/talkpal_ai\/","https:\/\/www.crunchbase.com\/organization\/talkpal-9cde","https:\/\/www.g2.com\/products\/talkpal-for-business\/","https:\/\/www.trustpilot.com\/review\/talkpal.ai","https:\/\/www.capterra.com\/p\/10006800\/TalkPal\/"],"description":"Talkpal is a language learning web and mobile education app, powered by the latest AI technologies, that provides engaging experiences to its customers in many different languages to help them improve their language skills. Users can chat about unlimited amount of topics with the app and use other modes to practice their language learning.","email":"support@talkpal.ai","legalName":"Talkpal, Inc.","foundingDate":"2023-04-03","duns":"118989042","numberOfEmployees":{"@type":"QuantitativeValue","minValue":"11","maxValue":"50"},"publishingPrinciples":"https:\/\/talkpal.ai\/publishing-principles\/","actionableFeedbackPolicy":"https:\/\/talkpal.ai\/actionable-feedback-policy\/","correctionsPolicy":"https:\/\/talkpal.ai\/corrections-policy\/","ethicsPolicy":"https:\/\/talkpal.ai\/ethics-policy\/","diversityPolicy":"https:\/\/talkpal.ai\/diversity-policy\/","diversityStaffingReport":"https:\/\/talkpal.ai\/diversity-policy\/"}]}},"_links":{"self":[{"href":"https:\/\/talkpal.ai\/is\/wp-json\/wp\/v2\/pages\/164045","targetHints":{"allow":["GET"]}}],"collection":[{"href":"https:\/\/talkpal.ai\/is\/wp-json\/wp\/v2\/pages"}],"about":[{"href":"https:\/\/talkpal.ai\/is\/wp-json\/wp\/v2\/types\/page"}],"author":[{"embeddable":true,"href":"https:\/\/talkpal.ai\/is\/wp-json\/wp\/v2\/users\/6"}],"replies":[{"embeddable":true,"href":"https:\/\/talkpal.ai\/is\/wp-json\/wp\/v2\/comments?post=164045"}],"version-history":[{"count":0,"href":"https:\/\/talkpal.ai\/is\/wp-json\/wp\/v2\/pages\/164045\/revisions"}],"wp:featuredmedia":[{"embeddable":true,"href":"https:\/\/talkpal.ai\/is\/wp-json\/wp\/v2\/media\/110236"}],"wp:attachment":[{"href":"https:\/\/talkpal.ai\/is\/wp-json\/wp\/v2\/media?parent=164045"}],"curies":[{"name":"wp","href":"https:\/\/api.w.org\/{rel}","templated":true}]}}