{"id":163670,"date":"2023-06-16T13:10:39","date_gmt":"2023-06-16T13:10:39","guid":{"rendered":"http:\/\/talkpal.ai\/tekkneska-malfraedi-aefingar\/"},"modified":"2025-12-17T16:28:51","modified_gmt":"2025-12-17T16:28:51","slug":"tekkneska-malfraedi-aefingar","status":"publish","type":"page","link":"https:\/\/talkpal.ai\/is\/tekkneska-malfraedi-aefingar\/","title":{"rendered":"T\u00e9kkneska M\u00e1lfr\u00e6\u00f0i \u00c6fingar"},"content":{"rendered":"\r\n\r\n\r\n<section class=\"languageChallengeSection\">\r\n    <div class=\"languageInfoWrapper\">\r\n        \r\n        <h1>T\u00e9kkneska M\u00e1lfr\u00e6\u00f0i \u00c6fingar<\/h1>\r\n        <p>Tilb\u00fainn\/n a\u00f0 skerpa \u00e1 t\u00e9kkneskukunn\u00e1ttu \u00feinni? A\u00f0 \u00e6fa m\u00e1lfr\u00e6\u00f0i\u00e6fingar er fullkomin lei\u00f0 til a\u00f0 n\u00e1 t\u00f6kum \u00e1 setningager\u00f0, sagnor\u00f0aendingum og s\u00e9rst\u00f6kum mynstrum t\u00e9kknesku tungum\u00e1lsins. Byrja\u00f0u a\u00f0 vinna \u00ed t\u00e9kkneskri <a href=\"https:\/\/talkpal.ai\/grammar\/\">m\u00e1lfr\u00e6\u00f0i<\/a> \u00ed dag og horf\u00f0u \u00e1 sj\u00e1lfstraust \u00feitt og f\u00e6rni vaxa me\u00f0 hverri \u00e6fingu!\n\n<\/p>\r\n\r\n                            <a class=\"getStartedHidden\" href=\"https:\/\/app.talkpal.ai\/signup?lng=\">Byrja\u00f0u<\/a>\r\n        \r\n    <\/div>\r\n\r\n    <figure>\r\n    <img decoding=\"async\" width=\"768\" height=\"768\" src=\"https:\/\/talkpal.ai\/wp-content\/uploads\/2023\/06\/Czech-768x768.png\" class=\"languageImage no-lazy\" alt=\"Language learning for intellectual development\" fetchpriority=\"high\" sizes=\"(max-width: 768px) 150px, 768px\" srcset=\"https:\/\/talkpal.ai\/wp-content\/uploads\/2023\/06\/Czech-768x768.png 768w, https:\/\/talkpal.ai\/wp-content\/uploads\/2023\/06\/Czech-300x300.png 300w\" \/>\r\n    \r\n\r\n    <\/figure>\r\n\r\n            <a class=\"getStartedVisible\" href=\"https:\/\/app.talkpal.ai\/signup?lng=\">Byrja\u00f0u<\/a>\r\n    \r\n<\/section>\r\n\r\n\r\n<!-- <section class=\"grammarSection\">\r\n    <div class=\"grammarLinks\">\r\n            <\/div>\r\n<\/section> -->\r\n\r\n\r\n\r\n\r\n<section class=\"promotionalBanner\">\r\n    <p class=\"promotionalText\">Skilvirkasta lei\u00f0in til a\u00f0 l\u00e6ra tungum\u00e1l<\/p>\r\n    <a class=\"promotionalLink\" href=\"https:\/\/app.talkpal.ai\/signup?lng=\">Pr\u00f3fa\u00f0u Talkpal \u00f3keypis<\/a>\r\n<\/section>\n<div class=\"wp-block-group pageContainerStyle\"><div class=\"wp-block-group__inner-container is-layout-constrained wp-block-group-is-layout-constrained\">\n<h2 class=\"wp-block-heading\" id=\"h-czech-grammar-topics\">T\u00e9kknesk m\u00e1lfr\u00e6\u00f0i efni<\/h2>\n\n\n\n<p>A\u00f0 l\u00e6ra n\u00fdtt tungum\u00e1l getur veri\u00f0 spennandi og au\u00f0gandi reynsla og <a href=\"https:\/\/talkpal.ai\/learn-czech\/\">t\u00e9kkneska<\/a> tungum\u00e1li\u00f0 er engin undantekning. Me\u00f0 r\u00edkri s\u00f6gu sinni og einst\u00f6kum slavneskum sjarma b\u00fd\u00f0ur t\u00e9kkneska tungum\u00e1li\u00f0 nemendum hli\u00f0 a\u00f0 hjarta Mi\u00f0-Evr\u00f3pu. Til a\u00f0 f\u00e1 sem mest \u00fat \u00far t\u00e9kknesku fer\u00f0alaginu \u00fe\u00ednu er nau\u00f0synlegt a\u00f0 skilja og n\u00e1 t\u00f6kum \u00e1 m\u00e1lfr\u00e6\u00f0i \u00feess, sem er bur\u00f0ar\u00e1s hvers tungum\u00e1ls. Allt fr\u00e1 spennum og s\u00f6gnum til l\u00fdsingaror\u00f0a og forsetninga, a\u00f0 \u00feekkja \u00feessi m\u00e1lfr\u00e6\u00f0iefni mun hj\u00e1lpa \u00fe\u00e9r a\u00f0 eiga samskipti \u00e1 \u00e1hrifar\u00edkan og \u00f6ruggan h\u00e1tt. \u00cd \u00feessari handb\u00f3k munum vi\u00f0 fara me\u00f0 \u00feig \u00ed gegnum nau\u00f0synleg t\u00e9kknesk m\u00e1lfr\u00e6\u00f0iefni, h\u00f3pu\u00f0 saman \u00ed r\u00f6\u00f0 sem au\u00f0veldar n\u00e1m \u00feitt og skilning \u00e1 tungum\u00e1linu.<\/p>\n\n\n\n<h3 class=\"wp-block-heading\" id=\"h-1-nouns\">1. Nafnor\u00f0:<\/h3>\n\n\n\n<p>Byrja\u00f0u n\u00e1m \u00feitt me\u00f0 t\u00e9kkneskum nafnor\u00f0um, \u00fear sem \u00feau eru grunnurinn a\u00f0 tungum\u00e1linu. T\u00e9kknesk nafnor\u00f0 hafa \u00ferj\u00fa kyn (karlkyn, kvenkyn og hvorugkyn) og sj\u00f6 tilfelli (nafnor\u00f0, kynf\u00e6ri, dative, accusative, vocative, locative og instrumental). Skilningur \u00e1 kyni og m\u00e1lakerfi skiptir sk\u00f6pum fyrir r\u00e9tta setningamyndun.<\/p>\n\n\n\n<h3 class=\"wp-block-heading\" id=\"h-2-articles\">2. Greinar:<\/h3>\n\n\n\n<p>\u00ed t\u00e9kknesku eru engir \u00f3\u00e1kve\u00f0nir hlutir (a, an) og \u00e1kve\u00f0ni hluturinn (the) er a\u00f0eins nota\u00f0ur vi\u00f0 s\u00e9rstakar a\u00f0st\u00e6\u00f0ur. L\u00e6r\u00f0u hven\u00e6r og hvernig \u00e1 a\u00f0 nota \u00e1kve\u00f0na grein til a\u00f0 auka skilning \u00feinn \u00e1 t\u00e9kkneskri m\u00e1lfr\u00e6\u00f0i.<\/p>\n\n\n\n<h3 class=\"wp-block-heading\" id=\"h-3-pronouns-determiners\">3. Forn\u00f6fn\/\u00e1kvar\u00f0andi or\u00f0:<\/h3>\n\n\n\n<p>Forn\u00f6fn koma \u00ed sta\u00f0 nafnor\u00f0a \u00ed setningum en \u00e1kvar\u00f0andi a\u00f0ilar tilgreina e\u00f0a breyta nafnor\u00f0um. Kynntu \u00fe\u00e9r t\u00e9kknesk pers\u00f3nuleg, eignarmikil, s\u00fdnileg, vi\u00f0brag\u00f0s- og spurnarforn\u00f6fn, sem og \u00e1kvar\u00f0ana, til a\u00f0 b\u00faa til fl\u00f3knari setningar.<\/p>\n\n\n\n<h3 class=\"wp-block-heading\" id=\"h-4-adjectives\">4. L\u00fdsingaror\u00f0:<\/h3>\n\n\n\n<p>L\u00fdsingaror\u00f0 l\u00fdsa e\u00f0a breyta nafnor\u00f0um \u00e1 t\u00e9kknesku. L\u00e6r\u00f0u hvernig \u00e1 a\u00f0 nota \u00feau \u00ed r\u00e9ttu kyni, t\u00f6lu og h\u00e1st\u00f6fum til a\u00f0 vera samm\u00e1la nafnor\u00f0inu sem \u00feeir l\u00fdsa.<\/p>\n\n\n\n<h3 class=\"wp-block-heading\" id=\"h-5-adverbs\">5. Atviksor\u00f0:<\/h3>\n\n\n\n<p>Atviksor\u00f0 breyta s\u00f6gnum, l\u00fdsingaror\u00f0um e\u00f0a \u00f6\u00f0rum atviksor\u00f0um. \u00deeir veita vi\u00f0b\u00f3taruppl\u00fdsingar um a\u00f0ger\u00f0ina, svo sem h\u00e1tt, t\u00edma e\u00f0a sta\u00f0. A\u00f0 n\u00e1 t\u00f6kum \u00e1 t\u00e9kkneskum atviksor\u00f0um mun hj\u00e1lpa \u00fe\u00e9r a\u00f0 koma skilabo\u00f0unum \u00fe\u00ednum \u00e1 framf\u00e6ri n\u00e1kv\u00e6mari.<\/p>\n\n\n\n<h3 class=\"wp-block-heading\" id=\"h-6-verbs\">6. Sagnir:<\/h3>\n\n\n\n<p>T\u00e9kkneskar sagnir eru nau\u00f0synlegar til a\u00f0 tj\u00e1 a\u00f0ger\u00f0ir, atbur\u00f0i e\u00f0a r\u00edki. L\u00e6r\u00f0u samtengingarmynstur, spennu (fort\u00ed\u00f0, n\u00fat\u00ed\u00f0 og framt\u00ed\u00f0) og \u00fe\u00e6tti (fullkomna og \u00f3fullkomna) til a\u00f0 eiga skilvirk samskipti.<\/p>\n\n\n\n<h3 class=\"wp-block-heading\" id=\"h-7-tense-comparison\">7. Spenntur samanbur\u00f0ur:<\/h3>\n\n\n\n<p>A\u00f0 skilja muninn og notkun t\u00e9kkneskra spenna (fort\u00ed\u00f0, n\u00fat\u00ed\u00f0 og framt\u00ed\u00f0) gerir \u00fe\u00e9r kleift a\u00f0 tj\u00e1 hugsanir \u00fe\u00ednar n\u00e1kv\u00e6mlega og for\u00f0ast rugling.<\/p>\n\n\n\n<h3 class=\"wp-block-heading\" id=\"h-8-progressive-and-perfect-progressive\">8. Frams\u00e6kinn og fullkominn frams\u00f3knarma\u00f0ur:<\/h3>\n\n\n\n<p>T\u00e9kkneska \u00e1 s\u00e9r enga beina hli\u00f0st\u00e6\u00f0u fyrir <a href=\"https:\/\/talkpal.ai\/learn-english-with-ai\/\">enska<\/a>, frams\u00e6kna og fullkomna frams\u00e6kna spennu. \u00deess \u00ed sta\u00f0 notar tungum\u00e1li\u00f0 mismunandi sagna\u00fe\u00e6tti (fullkomna og \u00f3fullkomna) og sm\u00ed\u00f0ar til a\u00f0 koma svipa\u00f0ri merkingu \u00e1 framf\u00e6ri. L\u00e6r\u00f0u hvernig \u00e1 a\u00f0 mynda og nota \u00feessar framkv\u00e6mdir til a\u00f0 tj\u00e1 yfirstandandi e\u00f0a loki\u00f0 a\u00f0ger\u00f0um.<\/p>\n\n\n\n<h3 class=\"wp-block-heading\" id=\"h-9-conditionals\">9. Skilyr\u00f0i:<\/h3>\n\n\n\n<p>Skilyrt eru notu\u00f0 til a\u00f0 tj\u00e1 \u00edmynda\u00f0ar a\u00f0st\u00e6\u00f0ur e\u00f0a skilyr\u00f0i. N\u00e1\u00f0u t\u00f6kum \u00e1 t\u00e9kknesku skilyrtu ey\u00f0ubl\u00f6\u00f0unum til a\u00f0 r\u00e6\u00f0a m\u00f6guleika og sp\u00e1.<\/p>\n\n\n\n<h3 class=\"wp-block-heading\" id=\"h-10-prepositions\">10. Forsetningar:<\/h3>\n\n\n\n<p>Forsetningar eru nota\u00f0ar til a\u00f0 gefa til kynna tengsl milli or\u00f0a, svo sem sta\u00f0setningu, stefnu, t\u00edma e\u00f0a ors\u00f6k. A\u00f0 l\u00e6ra og nota t\u00e9kkneskar forsetningar r\u00e9tt mun hj\u00e1lpa \u00fe\u00e9r a\u00f0 b\u00faa til sk\u00fdrar og \u00fe\u00fd\u00f0ingarmiklar setningar.<\/p>\n\n\n\n<h3 class=\"wp-block-heading\" id=\"h-11-sentences\">11. Setningar:<\/h3>\n\n\n\n<p>A\u00f0 lokum skaltu \u00e6fa \u00feig \u00ed a\u00f0 mynda t\u00e9kkneskar setningar me\u00f0 \u00fev\u00ed a\u00f0 sameina m\u00e1lfr\u00e6\u00f0i\u00fe\u00e6ttina sem \u00fe\u00fa hefur l\u00e6rt. Einbeittu \u00fe\u00e9r a\u00f0 \u00fev\u00ed a\u00f0 b\u00faa til einfaldar, samsettar, fl\u00f3knar og samsettar fl\u00f3knar setningar til a\u00f0 auka reiprennandi og samskiptah\u00e6fileika \u00fe\u00edna \u00e1 t\u00e9kknesku.<\/p>\n<\/div><\/div>\n\r\n<section class=\"learnNavigationSection\">\r\n            \r\n        <a href=\"https:\/\/talkpal.ai\/is\/laerdu-tekknesku\/\">\r\n            <div class=\"learnNavigationWrapper\">\r\n                <div class=\"learnNavigationContent\">\r\n                    <img decoding=\"async\" src=\"https:\/\/talkpal.ai\/wp-content\/uploads\/2024\/08\/Czech.jpg\" alt=\"Czech Flag\">\r\n                    <div>\r\n                        <h4>Um t\u00e9kkneska n\u00e1m<\/h4>\r\n                        <p>Finndu \u00fat allt um t\u00e9kkneska m\u00e1lfr\u00e6\u00f0i.<\/p>\r\n                    <\/div>\r\n                <\/div>\r\n            <\/div>\r\n        <\/a>\r\n\r\n        \r\n        <a href=\"https:\/\/talkpal.ai\/is\/tekknesk-malfraedi\/\">\r\n            <div class=\"learnNavigationWrapper\">\r\n                <div class=\"learnNavigationContent\">\r\n                    <img decoding=\"async\" src=\"https:\/\/talkpal.ai\/wp-content\/uploads\/2024\/08\/Czech.jpg\" alt=\"Czech Flag\">\r\n                    <div>\r\n                        <h4>T\u00e9kknesk m\u00e1lfr\u00e6\u00f0ikennsla<\/h4>\r\n                        <p>\u00c6f\u00f0u t\u00e9kkneska m\u00e1lfr\u00e6\u00f0i.<\/p>\r\n                    <\/div>\r\n                <\/div>\r\n            <\/div>\r\n        <\/a>\r\n\r\n        \r\n        <a href=\"https:\/\/talkpal.ai\/vocabulary_language\/czech\/\">\r\n            <div class=\"learnNavigationWrapper\">\r\n                <div class=\"learnNavigationContent\">\r\n                    <img decoding=\"async\" src=\"https:\/\/talkpal.ai\/wp-content\/uploads\/2024\/08\/Czech.jpg\" alt=\"Czech Flag\">\r\n                    <div>\r\n                        <h4>T\u00e9kkneskur or\u00f0afor\u00f0i<\/h4>\r\n                        <p>St\u00e6kka\u00f0u t\u00e9kkneskan or\u00f0afor\u00f0a \u00feinn.<\/p>\r\n                    <\/div>\r\n                <\/div>\r\n            <\/div>\r\n        <\/a>\r\n\r\n            <\/section>","protected":false},"excerpt":{"rendered":"<p>T\u00e9kknesk m\u00e1lfr\u00e6\u00f0i efni A\u00f0 l\u00e6ra n\u00fdtt tungum\u00e1l getur veri\u00f0 spennandi og au\u00f0gandi reynsla og t\u00e9kkneska tungum\u00e1li\u00f0 er engin undantekning. Me\u00f0 r\u00edkri s\u00f6gu sinni og einst\u00f6kum slavneskum sjarma b\u00fd\u00f0ur t\u00e9kkneska tungum\u00e1li\u00f0 nemendum hli\u00f0 a\u00f0 hjarta Mi\u00f0-Evr\u00f3pu. Til a\u00f0 f\u00e1 sem mest \u00fat \u00far t\u00e9kknesku fer\u00f0alaginu \u00fe\u00ednu er nau\u00f0synlegt a\u00f0 skilja og n\u00e1 t\u00f6kum \u00e1 m\u00e1lfr\u00e6\u00f0i \u00feess, [&hellip;]<\/p>\n","protected":false},"author":6,"featured_media":111826,"parent":0,"menu_order":0,"comment_status":"closed","ping_status":"closed","template":"LearningContentPage.php","meta":{"_acf_changed":false,"footnotes":""},"class_list":["post-163670","page","type-page","status-publish","has-post-thumbnail","hentry"],"acf":[],"yoast_head":"<!-- This site is optimized with the Yoast SEO Premium plugin v27.2 (Yoast SEO v27.2) - https:\/\/yoast.com\/product\/yoast-seo-premium-wordpress\/ -->\n<title>T\u00e9kkneska M\u00e1lfr\u00e6\u00f0i \u00c6fingar - Talkpal<\/title>\n<meta name=\"description\" content=\"Opna\u00f0u leyndard\u00f3ma t\u00e9kknesku tungum\u00e1lsins me\u00f0 nau\u00f0synlegum t\u00e9kkneskum m\u00e1lfr\u00e6\u00f0i\u00e6fingum fyrir \u00f6rugga tj\u00e1skipti.\" \/>\n<meta name=\"robots\" content=\"index, follow, max-snippet:-1, max-image-preview:large, max-video-preview:-1\" \/>\n<link rel=\"canonical\" href=\"https:\/\/talkpal.ai\/is\/tekkneska-malfraedi-aefingar\/\" \/>\n<meta property=\"og:locale\" content=\"is_IS\" \/>\n<meta property=\"og:type\" content=\"article\" \/>\n<meta property=\"og:title\" content=\"T\u00e9kkneska M\u00e1lfr\u00e6\u00f0i \u00c6fingar\" \/>\n<meta property=\"og:description\" content=\"T\u00e9kknesk m\u00e1lfr\u00e6\u00f0i efni A\u00f0 l\u00e6ra n\u00fdtt tungum\u00e1l getur veri\u00f0 spennandi og au\u00f0gandi reynsla og t\u00e9kkneska tungum\u00e1li\u00f0 er engin undantekning. Me\u00f0 r\u00edkri s\u00f6gu sinni\" \/>\n<meta property=\"og:url\" content=\"https:\/\/talkpal.ai\/is\/tekkneska-malfraedi-aefingar\/\" \/>\n<meta property=\"og:site_name\" content=\"Talkpal\" \/>\n<meta property=\"article:publisher\" content=\"https:\/\/www.facebook.com\/profile.php?id=100090733639311\" \/>\n<meta property=\"article:modified_time\" content=\"2025-12-17T16:28:51+00:00\" \/>\n<meta property=\"og:image\" content=\"https:\/\/talkpal.ai\/wp-content\/uploads\/2023\/05\/czech-republic.png\" \/>\n\t<meta property=\"og:image:width\" content=\"512\" \/>\n\t<meta property=\"og:image:height\" content=\"512\" \/>\n\t<meta property=\"og:image:type\" content=\"image\/png\" \/>\n<meta name=\"twitter:card\" content=\"summary_large_image\" \/>\n<meta name=\"twitter:site\" content=\"@talkpalai\" \/>\n<meta name=\"twitter:label1\" content=\"Est. reading time\" \/>\n\t<meta name=\"twitter:data1\" content=\"3 minutes\" \/>\n<script type=\"application\/ld+json\" class=\"yoast-schema-graph\">{\"@context\":\"https:\/\/schema.org\",\"@graph\":[{\"@type\":\"WebPage\",\"@id\":\"https:\/\/talkpal.ai\/is\/tekkneska-malfraedi-aefingar\/\",\"url\":\"https:\/\/talkpal.ai\/is\/tekkneska-malfraedi-aefingar\/\",\"name\":\"T\u00e9kkneska M\u00e1lfr\u00e6\u00f0i \u00c6fingar - Talkpal\",\"isPartOf\":{\"@id\":\"https:\/\/talkpal.ai\/is\/#website\"},\"primaryImageOfPage\":{\"@id\":\"https:\/\/talkpal.ai\/is\/tekkneska-malfraedi-aefingar\/#primaryimage\"},\"image\":{\"@id\":\"https:\/\/talkpal.ai\/is\/tekkneska-malfraedi-aefingar\/#primaryimage\"},\"thumbnailUrl\":\"https:\/\/talkpal.ai\/wp-content\/uploads\/2023\/05\/czech-republic.png\",\"datePublished\":\"2023-06-16T13:10:39+00:00\",\"dateModified\":\"2025-12-17T16:28:51+00:00\",\"description\":\"Opna\u00f0u leyndard\u00f3ma t\u00e9kknesku tungum\u00e1lsins me\u00f0 nau\u00f0synlegum t\u00e9kkneskum m\u00e1lfr\u00e6\u00f0i\u00e6fingum fyrir \u00f6rugga tj\u00e1skipti.\",\"breadcrumb\":{\"@id\":\"https:\/\/talkpal.ai\/is\/tekkneska-malfraedi-aefingar\/#breadcrumb\"},\"inLanguage\":\"is\",\"potentialAction\":[{\"@type\":\"ReadAction\",\"target\":[\"https:\/\/talkpal.ai\/is\/tekkneska-malfraedi-aefingar\/\"]}]},{\"@type\":\"ImageObject\",\"inLanguage\":\"is\",\"@id\":\"https:\/\/talkpal.ai\/is\/tekkneska-malfraedi-aefingar\/#primaryimage\",\"url\":\"https:\/\/talkpal.ai\/wp-content\/uploads\/2023\/05\/czech-republic.png\",\"contentUrl\":\"https:\/\/talkpal.ai\/wp-content\/uploads\/2023\/05\/czech-republic.png\",\"width\":512,\"height\":512},{\"@type\":\"BreadcrumbList\",\"@id\":\"https:\/\/talkpal.ai\/is\/tekkneska-malfraedi-aefingar\/#breadcrumb\",\"itemListElement\":[{\"@type\":\"ListItem\",\"position\":1,\"name\":\"Homepage\",\"item\":\"https:\/\/talkpal.ai\/is\/\"},{\"@type\":\"ListItem\",\"position\":2,\"name\":\"T\u00e9kkneska M\u00e1lfr\u00e6\u00f0i \u00c6fingar\"}]},{\"@type\":\"WebSite\",\"@id\":\"https:\/\/talkpal.ai\/is\/#website\",\"url\":\"https:\/\/talkpal.ai\/is\/\",\"name\":\"Talkpal\",\"description\":\"AI Language Learning\",\"publisher\":{\"@id\":\"https:\/\/talkpal.ai\/is\/#organization\"},\"alternateName\":\"Talkpal AI\",\"potentialAction\":[{\"@type\":\"SearchAction\",\"target\":{\"@type\":\"EntryPoint\",\"urlTemplate\":\"https:\/\/talkpal.ai\/is\/?s={search_term_string}\"},\"query-input\":{\"@type\":\"PropertyValueSpecification\",\"valueRequired\":true,\"valueName\":\"search_term_string\"}}],\"inLanguage\":\"is\"},{\"@type\":\"Organization\",\"@id\":\"https:\/\/talkpal.ai\/is\/#organization\",\"name\":\"Talkpal, Inc.\",\"alternateName\":\"Talkpal AI\",\"url\":\"https:\/\/talkpal.ai\/is\/\",\"logo\":{\"@type\":\"ImageObject\",\"inLanguage\":\"is\",\"@id\":\"https:\/\/talkpal.ai\/is\/#\/schema\/logo\/image\/\",\"url\":\"https:\/\/talkpal.ai\/wp-content\/uploads\/2024\/03\/Talkpal-Logo-Icon.png\",\"contentUrl\":\"https:\/\/talkpal.ai\/wp-content\/uploads\/2024\/03\/Talkpal-Logo-Icon.png\",\"width\":2880,\"height\":2880,\"caption\":\"Talkpal, Inc.\"},\"image\":{\"@id\":\"https:\/\/talkpal.ai\/is\/#\/schema\/logo\/image\/\"},\"sameAs\":[\"https:\/\/www.facebook.com\/profile.php?id=100090733639311\",\"https:\/\/x.com\/talkpalai\",\"https:\/\/www.linkedin.com\/company\/talkpal\/\",\"https:\/\/www.youtube.com\/@TalkPal\/\",\"https:\/\/www.tiktok.com\/@talkpal\",\"https:\/\/www.instagram.com\/talkpal_ai\/\",\"https:\/\/www.crunchbase.com\/organization\/talkpal-9cde\",\"https:\/\/www.g2.com\/products\/talkpal-for-business\/\",\"https:\/\/www.trustpilot.com\/review\/talkpal.ai\",\"https:\/\/www.capterra.com\/p\/10006800\/TalkPal\/\"],\"description\":\"Talkpal is a language learning web and mobile education app, powered by the latest AI technologies, that provides engaging experiences to its customers in many different languages to help them improve their language skills. Users can chat about unlimited amount of topics with the app and use other modes to practice their language learning.\",\"email\":\"support@talkpal.ai\",\"legalName\":\"Talkpal, Inc.\",\"foundingDate\":\"2023-04-03\",\"duns\":\"118989042\",\"numberOfEmployees\":{\"@type\":\"QuantitativeValue\",\"minValue\":\"11\",\"maxValue\":\"50\"},\"publishingPrinciples\":\"https:\/\/talkpal.ai\/publishing-principles\/\",\"actionableFeedbackPolicy\":\"https:\/\/talkpal.ai\/actionable-feedback-policy\/\",\"correctionsPolicy\":\"https:\/\/talkpal.ai\/corrections-policy\/\",\"ethicsPolicy\":\"https:\/\/talkpal.ai\/ethics-policy\/\",\"diversityPolicy\":\"https:\/\/talkpal.ai\/diversity-policy\/\",\"diversityStaffingReport\":\"https:\/\/talkpal.ai\/diversity-policy\/\"}]}<\/script>\n<!-- \/ Yoast SEO Premium plugin. -->","yoast_head_json":{"title":"T\u00e9kkneska M\u00e1lfr\u00e6\u00f0i \u00c6fingar - Talkpal","description":"Opna\u00f0u leyndard\u00f3ma t\u00e9kknesku tungum\u00e1lsins me\u00f0 nau\u00f0synlegum t\u00e9kkneskum m\u00e1lfr\u00e6\u00f0i\u00e6fingum fyrir \u00f6rugga tj\u00e1skipti.","robots":{"index":"index","follow":"follow","max-snippet":"max-snippet:-1","max-image-preview":"max-image-preview:large","max-video-preview":"max-video-preview:-1"},"canonical":"https:\/\/talkpal.ai\/is\/tekkneska-malfraedi-aefingar\/","og_locale":"is_IS","og_type":"article","og_title":"T\u00e9kkneska M\u00e1lfr\u00e6\u00f0i \u00c6fingar","og_description":"T\u00e9kknesk m\u00e1lfr\u00e6\u00f0i efni A\u00f0 l\u00e6ra n\u00fdtt tungum\u00e1l getur veri\u00f0 spennandi og au\u00f0gandi reynsla og t\u00e9kkneska tungum\u00e1li\u00f0 er engin undantekning. Me\u00f0 r\u00edkri s\u00f6gu sinni","og_url":"https:\/\/talkpal.ai\/is\/tekkneska-malfraedi-aefingar\/","og_site_name":"Talkpal","article_publisher":"https:\/\/www.facebook.com\/profile.php?id=100090733639311","article_modified_time":"2025-12-17T16:28:51+00:00","og_image":[{"width":512,"height":512,"url":"https:\/\/talkpal.ai\/wp-content\/uploads\/2023\/05\/czech-republic.png","type":"image\/png"}],"twitter_card":"summary_large_image","twitter_site":"@talkpalai","twitter_misc":{"Est. reading time":"3 minutes"},"schema":{"@context":"https:\/\/schema.org","@graph":[{"@type":"WebPage","@id":"https:\/\/talkpal.ai\/is\/tekkneska-malfraedi-aefingar\/","url":"https:\/\/talkpal.ai\/is\/tekkneska-malfraedi-aefingar\/","name":"T\u00e9kkneska M\u00e1lfr\u00e6\u00f0i \u00c6fingar - Talkpal","isPartOf":{"@id":"https:\/\/talkpal.ai\/is\/#website"},"primaryImageOfPage":{"@id":"https:\/\/talkpal.ai\/is\/tekkneska-malfraedi-aefingar\/#primaryimage"},"image":{"@id":"https:\/\/talkpal.ai\/is\/tekkneska-malfraedi-aefingar\/#primaryimage"},"thumbnailUrl":"https:\/\/talkpal.ai\/wp-content\/uploads\/2023\/05\/czech-republic.png","datePublished":"2023-06-16T13:10:39+00:00","dateModified":"2025-12-17T16:28:51+00:00","description":"Opna\u00f0u leyndard\u00f3ma t\u00e9kknesku tungum\u00e1lsins me\u00f0 nau\u00f0synlegum t\u00e9kkneskum m\u00e1lfr\u00e6\u00f0i\u00e6fingum fyrir \u00f6rugga tj\u00e1skipti.","breadcrumb":{"@id":"https:\/\/talkpal.ai\/is\/tekkneska-malfraedi-aefingar\/#breadcrumb"},"inLanguage":"is","potentialAction":[{"@type":"ReadAction","target":["https:\/\/talkpal.ai\/is\/tekkneska-malfraedi-aefingar\/"]}]},{"@type":"ImageObject","inLanguage":"is","@id":"https:\/\/talkpal.ai\/is\/tekkneska-malfraedi-aefingar\/#primaryimage","url":"https:\/\/talkpal.ai\/wp-content\/uploads\/2023\/05\/czech-republic.png","contentUrl":"https:\/\/talkpal.ai\/wp-content\/uploads\/2023\/05\/czech-republic.png","width":512,"height":512},{"@type":"BreadcrumbList","@id":"https:\/\/talkpal.ai\/is\/tekkneska-malfraedi-aefingar\/#breadcrumb","itemListElement":[{"@type":"ListItem","position":1,"name":"Homepage","item":"https:\/\/talkpal.ai\/is\/"},{"@type":"ListItem","position":2,"name":"T\u00e9kkneska M\u00e1lfr\u00e6\u00f0i \u00c6fingar"}]},{"@type":"WebSite","@id":"https:\/\/talkpal.ai\/is\/#website","url":"https:\/\/talkpal.ai\/is\/","name":"Talkpal","description":"AI Language Learning","publisher":{"@id":"https:\/\/talkpal.ai\/is\/#organization"},"alternateName":"Talkpal AI","potentialAction":[{"@type":"SearchAction","target":{"@type":"EntryPoint","urlTemplate":"https:\/\/talkpal.ai\/is\/?s={search_term_string}"},"query-input":{"@type":"PropertyValueSpecification","valueRequired":true,"valueName":"search_term_string"}}],"inLanguage":"is"},{"@type":"Organization","@id":"https:\/\/talkpal.ai\/is\/#organization","name":"Talkpal, Inc.","alternateName":"Talkpal AI","url":"https:\/\/talkpal.ai\/is\/","logo":{"@type":"ImageObject","inLanguage":"is","@id":"https:\/\/talkpal.ai\/is\/#\/schema\/logo\/image\/","url":"https:\/\/talkpal.ai\/wp-content\/uploads\/2024\/03\/Talkpal-Logo-Icon.png","contentUrl":"https:\/\/talkpal.ai\/wp-content\/uploads\/2024\/03\/Talkpal-Logo-Icon.png","width":2880,"height":2880,"caption":"Talkpal, Inc."},"image":{"@id":"https:\/\/talkpal.ai\/is\/#\/schema\/logo\/image\/"},"sameAs":["https:\/\/www.facebook.com\/profile.php?id=100090733639311","https:\/\/x.com\/talkpalai","https:\/\/www.linkedin.com\/company\/talkpal\/","https:\/\/www.youtube.com\/@TalkPal\/","https:\/\/www.tiktok.com\/@talkpal","https:\/\/www.instagram.com\/talkpal_ai\/","https:\/\/www.crunchbase.com\/organization\/talkpal-9cde","https:\/\/www.g2.com\/products\/talkpal-for-business\/","https:\/\/www.trustpilot.com\/review\/talkpal.ai","https:\/\/www.capterra.com\/p\/10006800\/TalkPal\/"],"description":"Talkpal is a language learning web and mobile education app, powered by the latest AI technologies, that provides engaging experiences to its customers in many different languages to help them improve their language skills. Users can chat about unlimited amount of topics with the app and use other modes to practice their language learning.","email":"support@talkpal.ai","legalName":"Talkpal, Inc.","foundingDate":"2023-04-03","duns":"118989042","numberOfEmployees":{"@type":"QuantitativeValue","minValue":"11","maxValue":"50"},"publishingPrinciples":"https:\/\/talkpal.ai\/publishing-principles\/","actionableFeedbackPolicy":"https:\/\/talkpal.ai\/actionable-feedback-policy\/","correctionsPolicy":"https:\/\/talkpal.ai\/corrections-policy\/","ethicsPolicy":"https:\/\/talkpal.ai\/ethics-policy\/","diversityPolicy":"https:\/\/talkpal.ai\/diversity-policy\/","diversityStaffingReport":"https:\/\/talkpal.ai\/diversity-policy\/"}]}},"_links":{"self":[{"href":"https:\/\/talkpal.ai\/is\/wp-json\/wp\/v2\/pages\/163670","targetHints":{"allow":["GET"]}}],"collection":[{"href":"https:\/\/talkpal.ai\/is\/wp-json\/wp\/v2\/pages"}],"about":[{"href":"https:\/\/talkpal.ai\/is\/wp-json\/wp\/v2\/types\/page"}],"author":[{"embeddable":true,"href":"https:\/\/talkpal.ai\/is\/wp-json\/wp\/v2\/users\/6"}],"replies":[{"embeddable":true,"href":"https:\/\/talkpal.ai\/is\/wp-json\/wp\/v2\/comments?post=163670"}],"version-history":[{"count":0,"href":"https:\/\/talkpal.ai\/is\/wp-json\/wp\/v2\/pages\/163670\/revisions"}],"wp:featuredmedia":[{"embeddable":true,"href":"https:\/\/talkpal.ai\/is\/wp-json\/wp\/v2\/media\/111826"}],"wp:attachment":[{"href":"https:\/\/talkpal.ai\/is\/wp-json\/wp\/v2\/media?parent=163670"}],"curies":[{"name":"wp","href":"https:\/\/api.w.org\/{rel}","templated":true}]}}