{"id":163354,"date":"2023-06-16T13:19:10","date_gmt":"2023-06-16T13:19:10","guid":{"rendered":"http:\/\/talkpal.ai\/danskar-malfraediaefingar\/"},"modified":"2025-12-17T16:31:48","modified_gmt":"2025-12-17T16:31:48","slug":"danskar-malfraediaefingar","status":"publish","type":"page","link":"https:\/\/talkpal.ai\/is\/danskar-malfraediaefingar\/","title":{"rendered":"Danskar m\u00e1lfr\u00e6\u00f0i\u00e6fingar"},"content":{"rendered":"\r\n\r\n\r\n<section class=\"languageChallengeSection\">\r\n    <div class=\"languageInfoWrapper\">\r\n        \r\n        <h1>Danskar m\u00e1lfr\u00e6\u00f0i\u00e6fingar<\/h1>\r\n        <p>Tilb\u00fainn\/n a\u00f0 b\u00e6ta d\u00f6nskukunn\u00e1ttu \u00fe\u00edna? A\u00f0 \u00e6fa m\u00e1lfr\u00e6\u00f0i\u00e6fingar er fr\u00e1b\u00e6r lei\u00f0 til a\u00f0 n\u00e1 t\u00f6kum \u00e1 setningager\u00f0, sagnbeygingum og s\u00e9rst\u00f6kum eiginleikum d\u00f6nsku tungum\u00e1lsins. Byrja\u00f0u a\u00f0 vinna \u00ed d\u00f6nsku <a href=\"https:\/\/talkpal.ai\/grammar\/\">m\u00e1lfr\u00e6\u00f0i<\/a> \u00ed dag og horf\u00f0u \u00e1 f\u00e6rni \u00fe\u00edna og sj\u00e1lfstraust vaxa me\u00f0 hverri \u00e6fingu!\n\n<\/p>\r\n\r\n                            <a class=\"getStartedHidden\" href=\"https:\/\/app.talkpal.ai\/signup?lng=\">Byrja\u00f0u<\/a>\r\n        \r\n    <\/div>\r\n\r\n    <figure>\r\n    <img decoding=\"async\" width=\"768\" height=\"768\" src=\"https:\/\/talkpal.ai\/wp-content\/uploads\/2023\/06\/danish-768x768.png\" class=\"languageImage no-lazy\" alt=\"Language learning for career enhancement\" fetchpriority=\"high\" sizes=\"(max-width: 768px) 150px, 768px\" srcset=\"https:\/\/talkpal.ai\/wp-content\/uploads\/2023\/06\/danish-768x768.png 768w, https:\/\/talkpal.ai\/wp-content\/uploads\/2023\/06\/danish-300x300.png 300w\" \/>\r\n    \r\n\r\n    <\/figure>\r\n\r\n            <a class=\"getStartedVisible\" href=\"https:\/\/app.talkpal.ai\/signup?lng=\">Byrja\u00f0u<\/a>\r\n    \r\n<\/section>\r\n\r\n\r\n<!-- <section class=\"grammarSection\">\r\n    <div class=\"grammarLinks\">\r\n            <\/div>\r\n<\/section> -->\r\n\r\n\r\n\r\n\r\n<section class=\"promotionalBanner\">\r\n    <p class=\"promotionalText\">Skilvirkasta lei\u00f0in til a\u00f0 l\u00e6ra tungum\u00e1l<\/p>\r\n    <a class=\"promotionalLink\" href=\"https:\/\/app.talkpal.ai\/signup?lng=\">Pr\u00f3fa\u00f0u Talkpal \u00f3keypis<\/a>\r\n<\/section>\n<div class=\"wp-block-group pageContainerStyle\"><div class=\"wp-block-group__inner-container is-layout-constrained wp-block-group-is-layout-constrained\">\n<h2 class=\"wp-block-heading\" id=\"h-danish-grammar-topics\">D\u00f6nsk m\u00e1lfr\u00e6\u00f0i<\/h2>\n\n\n\n<p>A\u00f0 l\u00e6ra d\u00f6nsku getur veri\u00f0 gefandi og skemmtileg reynsla fyrir \u00fe\u00e1 sem hafa \u00e1huga \u00e1 a\u00f0 kanna r\u00edka menningu og s\u00f6gu Danmerkur. Sem nor\u00f0urgermanskt tungum\u00e1l deilir <a href=\"https:\/\/talkpal.ai\/learn-danish\/\">danska<\/a> m\u00f6rgu l\u00edkt me\u00f0 \u00f6\u00f0rum skandinav\u00edskum tungum\u00e1lum eins og s\u00e6nsku og norsku. Me\u00f0 \u00fev\u00ed a\u00f0 n\u00e1 t\u00f6kum \u00e1 d\u00f6nsku opnast t\u00e6kif\u00e6ri til a\u00f0 tengjast m\u00f3\u00f0urm\u00e1li, nj\u00f3ta danskra b\u00f3kmennta og d\u00fdpka skilning \u00feinn \u00e1 d\u00f6nsku samf\u00e9lagi. Til a\u00f0 n\u00e1 reiprennandi \u00ed d\u00f6nsku er nau\u00f0synlegt a\u00f0 kynna \u00fe\u00e9r \u00fdmis m\u00e1lfr\u00e6\u00f0iefni, sem eru byggingareiningar tungum\u00e1lsins. \u00cd \u00feessari handb\u00f3k munum vi\u00f0 kanna r\u00f6\u00f0ina sem \u00fe\u00fa \u00e6ttir a\u00f0 fylgja vi\u00f0 a\u00f0 l\u00e6ra danska m\u00e1lfr\u00e6\u00f0i og fjalla um efni eins og t\u00ed\u00f0ir, sagnir, nafnor\u00f0 og fleira.<\/p>\n\n\n\n<h3 class=\"wp-block-heading\" id=\"h-1-nouns-articles-and-pronouns-determiners\">1. Nafnor\u00f0, greinar og forn\u00f6fn\/\u00e1kv\u00f6r\u00f0unaror\u00f0:<\/h3>\n\n\n\n<p>Byrja\u00f0u \u00e1 \u00fev\u00ed a\u00f0 l\u00e6ra grunnatri\u00f0i danskra nafnor\u00f0a, \u00fear \u00e1 me\u00f0al kyn \u00feeirra og t\u00f6lu. Kynntu \u00fe\u00e9r \u00e1kve\u00f0na og \u00f3\u00e1kve\u00f0na greini, svo og mismunandi ger\u00f0ir fornafna og \u00e1kvar\u00f0andi \u00fe\u00e6tti. \u00deetta mun hj\u00e1lpa \u00fe\u00e9r a\u00f0 byggja upp traustan grunn til a\u00f0 mynda einfaldar setningar.<\/p>\n\n\n\n<h3 class=\"wp-block-heading\" id=\"h-2-adjectives-and-adverbs\">2. L\u00fdsingaror\u00f0 og atviksor\u00f0:<\/h3>\n\n\n\n<p>Eftir <a href=\"https:\/\/talkpal.ai\/culture\/what-is-the-verb-ad-hafa-and-when-is-it-used\/\">a\u00f0 hafa<\/a> skili\u00f0 grunnatri\u00f0i nafnor\u00f0a og fornafna skaltu fara yfir \u00ed l\u00fdsingaror\u00f0 og atviksor\u00f0. L\u00e6r\u00f0u hvernig \u00e1 a\u00f0 l\u00fdsa nafnor\u00f0um me\u00f0 r\u00e9ttu l\u00fdsingaror\u00f0i og nota\u00f0u atviksor\u00f0 til a\u00f0 breyta s\u00f6gnum, l\u00fdsingaror\u00f0um og \u00f6\u00f0rum atviksor\u00f0um.<\/p>\n\n\n\n<h3 class=\"wp-block-heading\" id=\"h-3-verbs-and-tenses\">3. Sagnir og t\u00ed\u00f0ir:<\/h3>\n\n\n\n<p>N\u00e1\u00f0u t\u00f6kum \u00e1 beygingu reglulegra og \u00f3reglulegra sagna \u00ed n\u00fat\u00ed\u00f0, fort\u00ed\u00f0 og framt\u00ed\u00f0. Skilningur \u00e1 spennu\u00ferungnum samanbur\u00f0i mun hj\u00e1lpa \u00fe\u00e9r a\u00f0 tj\u00e1 a\u00f0ger\u00f0ir e\u00f0a atbur\u00f0i sem eiga s\u00e9r sta\u00f0 \u00e1 mismunandi t\u00edmum.<\/p>\n\n\n\n<h3 class=\"wp-block-heading\" id=\"h-4-progressive-and-perfect-progressive\">4. Frams\u00e6kinn og fullkominn frams\u00f3knarma\u00f0ur:<\/h3>\n\n\n\n<p>\u00deessir \u00fe\u00e6ttir danskrar m\u00e1lfr\u00e6\u00f0i <a href=\"https:\/\/talkpal.ai\/locations\/language-courses-in-gera\/\">gera<\/a> \u00fe\u00e9r kleift a\u00f0 l\u00fdsa yfirstandandi a\u00f0ger\u00f0um e\u00f0a atbur\u00f0um og a\u00f0ger\u00f0um sem er loki\u00f0 en eiga samt vi\u00f0. L\u00e6r\u00f0u vi\u00f0eigandi sagnaform og hj\u00e1lparsagnir sem nota\u00f0ar eru \u00ed frams\u00e6knum og fullkomnum frams\u00e6knum t\u00ed\u00f0um.<\/p>\n\n\n\n<h3 class=\"wp-block-heading\" id=\"h-5-prepositions\">5. Forsetningar:<\/h3>\n\n\n\n<p>Rannsaka\u00f0u notkun forsetninga til a\u00f0 tj\u00e1 tengsl milli or\u00f0a, svo sem sta\u00f0setningu, stefnu, t\u00edma og ors\u00f6k.<\/p>\n\n\n\n<h3 class=\"wp-block-heading\" id=\"h-6-sentences\">6. Setningar:<\/h3>\n\n\n\n<p>L\u00e6r\u00f0u a\u00f0 sm\u00ed\u00f0a einfaldar og fl\u00f3knar setningar me\u00f0 r\u00e9ttri or\u00f0ar\u00f6\u00f0, sem er nau\u00f0synlegt fyrir sk\u00fdr og skilvirk samskipti \u00e1 d\u00f6nsku.<\/p>\n\n\n\n<h3 class=\"wp-block-heading\" id=\"h-7-conditionals\">7. Skilyr\u00f0i:<\/h3>\n\n\n\n<p>A\u00f0 lokum skaltu kynna \u00fe\u00e9r mismunandi ger\u00f0ir skilyr\u00f0a sem nota\u00f0ar eru \u00e1 d\u00f6nsku til a\u00f0 tj\u00e1 \u00edmynda\u00f0ar a\u00f0st\u00e6\u00f0ur og aflei\u00f0ingar \u00feeirra.<\/p>\n\n\n\n<p>Me\u00f0 \u00fev\u00ed a\u00f0 fylgja \u00feessari r\u00f6\u00f0 getur\u00f0u kerfisbundi\u00f0 byggt upp \u00feekkingu \u00fe\u00edna \u00e1 danskri m\u00e1lfr\u00e6\u00f0i og \u00fer\u00f3a\u00f0 \u00fe\u00e1 f\u00e6rni sem nau\u00f0synleg er til a\u00f0 eiga skilvirk samskipti \u00e1 tungum\u00e1linu. Mundu a\u00f0 \u00e6fa reglulega og s\u00f6kkva \u00fe\u00e9r ni\u00f0ur \u00ed tungum\u00e1li\u00f0 eins miki\u00f0 og m\u00f6gulegt er til a\u00f0 n\u00e1 sem bestum \u00e1rangri.<\/p>\n<\/div><\/div>\n\r\n<section class=\"learnNavigationSection\">\r\n            \r\n        <a href=\"https:\/\/talkpal.ai\/is\/laerdu-donsku\/\">\r\n            <div class=\"learnNavigationWrapper\">\r\n                <div class=\"learnNavigationContent\">\r\n                    <img decoding=\"async\" src=\"https:\/\/talkpal.ai\/wp-content\/uploads\/2024\/08\/Danish.jpg\" alt=\"Danish Flag\">\r\n                    <div>\r\n                        <h4>Um d\u00f6nskun\u00e1m<\/h4>\r\n                        <p>Finndu \u00fat allt um danska m\u00e1lfr\u00e6\u00f0i.<\/p>\r\n                    <\/div>\r\n                <\/div>\r\n            <\/div>\r\n        <\/a>\r\n\r\n        \r\n        <a href=\"https:\/\/talkpal.ai\/is\/donsk-malfraedi\/\">\r\n            <div class=\"learnNavigationWrapper\">\r\n                <div class=\"learnNavigationContent\">\r\n                    <img decoding=\"async\" src=\"https:\/\/talkpal.ai\/wp-content\/uploads\/2024\/08\/Danish.jpg\" alt=\"Danish Flag\">\r\n                    <div>\r\n                        <h4>D\u00f6nsk m\u00e1lfr\u00e6\u00f0ikennsla<\/h4>\r\n                        <p>\u00c6f\u00f0u danska m\u00e1lfr\u00e6\u00f0i.<\/p>\r\n                    <\/div>\r\n                <\/div>\r\n            <\/div>\r\n        <\/a>\r\n\r\n        \r\n        <a href=\"https:\/\/talkpal.ai\/vocabulary_language\/danish\/\">\r\n            <div class=\"learnNavigationWrapper\">\r\n                <div class=\"learnNavigationContent\">\r\n                    <img decoding=\"async\" src=\"https:\/\/talkpal.ai\/wp-content\/uploads\/2024\/08\/Danish.jpg\" alt=\"Danish Flag\">\r\n                    <div>\r\n                        <h4>Danskur or\u00f0afor\u00f0i<\/h4>\r\n                        <p>St\u00e6kka\u00f0u danskan or\u00f0afor\u00f0a \u00feinn.<\/p>\r\n                    <\/div>\r\n                <\/div>\r\n            <\/div>\r\n        <\/a>\r\n\r\n            <\/section>","protected":false},"excerpt":{"rendered":"<p>D\u00f6nsk m\u00e1lfr\u00e6\u00f0i A\u00f0 l\u00e6ra d\u00f6nsku getur veri\u00f0 gefandi og skemmtileg reynsla fyrir \u00fe\u00e1 sem hafa \u00e1huga \u00e1 a\u00f0 kanna r\u00edka menningu og s\u00f6gu Danmerkur. Sem nor\u00f0urgermanskt tungum\u00e1l deilir danska m\u00f6rgu l\u00edkt me\u00f0 \u00f6\u00f0rum skandinav\u00edskum tungum\u00e1lum eins og s\u00e6nsku og norsku. Me\u00f0 \u00fev\u00ed a\u00f0 n\u00e1 t\u00f6kum \u00e1 d\u00f6nsku opnast t\u00e6kif\u00e6ri til a\u00f0 tengjast m\u00f3\u00f0urm\u00e1li, nj\u00f3ta danskra [&hellip;]<\/p>\n","protected":false},"author":6,"featured_media":110951,"parent":0,"menu_order":0,"comment_status":"closed","ping_status":"closed","template":"LearningContentPage.php","meta":{"_acf_changed":false,"footnotes":""},"class_list":["post-163354","page","type-page","status-publish","has-post-thumbnail","hentry"],"acf":[],"yoast_head":"<!-- This site is optimized with the Yoast SEO Premium plugin v27.2 (Yoast SEO v27.2) - https:\/\/yoast.com\/product\/yoast-seo-premium-wordpress\/ -->\n<title>Danskar m\u00e1lfr\u00e6\u00f0i\u00e6fingar - Talkpal<\/title>\n<meta name=\"description\" content=\"Uppg\u00f6tva\u00f0u leyndard\u00f3ma danskra m\u00e1lfr\u00e6\u00f0i\u00e6finga til a\u00f0 b\u00e6ta tungum\u00e1lakunn\u00e1ttu \u00fe\u00edna og tengjast danskri menningu \u00e1 \u00e1hrifar\u00edkan h\u00e1tt.\" \/>\n<meta name=\"robots\" content=\"index, follow, max-snippet:-1, max-image-preview:large, max-video-preview:-1\" \/>\n<link rel=\"canonical\" href=\"https:\/\/talkpal.ai\/is\/danskar-malfraediaefingar\/\" \/>\n<meta property=\"og:locale\" content=\"is_IS\" \/>\n<meta property=\"og:type\" content=\"article\" \/>\n<meta property=\"og:title\" content=\"Danskar m\u00e1lfr\u00e6\u00f0i\u00e6fingar\" \/>\n<meta property=\"og:description\" content=\"D\u00f6nsk m\u00e1lfr\u00e6\u00f0i A\u00f0 l\u00e6ra d\u00f6nsku getur veri\u00f0 gefandi og skemmtileg reynsla fyrir \u00fe\u00e1 sem hafa \u00e1huga \u00e1 a\u00f0 kanna r\u00edka menningu og s\u00f6gu Danmerkur. Sem\" \/>\n<meta property=\"og:url\" content=\"https:\/\/talkpal.ai\/is\/danskar-malfraediaefingar\/\" \/>\n<meta property=\"og:site_name\" content=\"Talkpal\" \/>\n<meta property=\"article:publisher\" content=\"https:\/\/www.facebook.com\/profile.php?id=100090733639311\" \/>\n<meta property=\"article:modified_time\" content=\"2025-12-17T16:31:48+00:00\" \/>\n<meta property=\"og:image\" content=\"https:\/\/talkpal.ai\/wp-content\/uploads\/2023\/05\/denmark.png\" \/>\n\t<meta property=\"og:image:width\" content=\"512\" \/>\n\t<meta property=\"og:image:height\" content=\"512\" \/>\n\t<meta property=\"og:image:type\" content=\"image\/png\" \/>\n<meta name=\"twitter:card\" content=\"summary_large_image\" \/>\n<meta name=\"twitter:site\" content=\"@talkpalai\" \/>\n<meta name=\"twitter:label1\" content=\"Est. reading time\" \/>\n\t<meta name=\"twitter:data1\" content=\"2 minutes\" \/>\n<script type=\"application\/ld+json\" class=\"yoast-schema-graph\">{\"@context\":\"https:\/\/schema.org\",\"@graph\":[{\"@type\":\"WebPage\",\"@id\":\"https:\/\/talkpal.ai\/is\/danskar-malfraediaefingar\/\",\"url\":\"https:\/\/talkpal.ai\/is\/danskar-malfraediaefingar\/\",\"name\":\"Danskar m\u00e1lfr\u00e6\u00f0i\u00e6fingar - Talkpal\",\"isPartOf\":{\"@id\":\"https:\/\/talkpal.ai\/is\/#website\"},\"primaryImageOfPage\":{\"@id\":\"https:\/\/talkpal.ai\/is\/danskar-malfraediaefingar\/#primaryimage\"},\"image\":{\"@id\":\"https:\/\/talkpal.ai\/is\/danskar-malfraediaefingar\/#primaryimage\"},\"thumbnailUrl\":\"https:\/\/talkpal.ai\/wp-content\/uploads\/2023\/05\/denmark.png\",\"datePublished\":\"2023-06-16T13:19:10+00:00\",\"dateModified\":\"2025-12-17T16:31:48+00:00\",\"description\":\"Uppg\u00f6tva\u00f0u leyndard\u00f3ma danskra m\u00e1lfr\u00e6\u00f0i\u00e6finga til a\u00f0 b\u00e6ta tungum\u00e1lakunn\u00e1ttu \u00fe\u00edna og tengjast danskri menningu \u00e1 \u00e1hrifar\u00edkan h\u00e1tt.\",\"breadcrumb\":{\"@id\":\"https:\/\/talkpal.ai\/is\/danskar-malfraediaefingar\/#breadcrumb\"},\"inLanguage\":\"is\",\"potentialAction\":[{\"@type\":\"ReadAction\",\"target\":[\"https:\/\/talkpal.ai\/is\/danskar-malfraediaefingar\/\"]}]},{\"@type\":\"ImageObject\",\"inLanguage\":\"is\",\"@id\":\"https:\/\/talkpal.ai\/is\/danskar-malfraediaefingar\/#primaryimage\",\"url\":\"https:\/\/talkpal.ai\/wp-content\/uploads\/2023\/05\/denmark.png\",\"contentUrl\":\"https:\/\/talkpal.ai\/wp-content\/uploads\/2023\/05\/denmark.png\",\"width\":512,\"height\":512},{\"@type\":\"BreadcrumbList\",\"@id\":\"https:\/\/talkpal.ai\/is\/danskar-malfraediaefingar\/#breadcrumb\",\"itemListElement\":[{\"@type\":\"ListItem\",\"position\":1,\"name\":\"Homepage\",\"item\":\"https:\/\/talkpal.ai\/is\/\"},{\"@type\":\"ListItem\",\"position\":2,\"name\":\"Danskar m\u00e1lfr\u00e6\u00f0i\u00e6fingar\"}]},{\"@type\":\"WebSite\",\"@id\":\"https:\/\/talkpal.ai\/is\/#website\",\"url\":\"https:\/\/talkpal.ai\/is\/\",\"name\":\"Talkpal\",\"description\":\"AI Language Learning\",\"publisher\":{\"@id\":\"https:\/\/talkpal.ai\/is\/#organization\"},\"alternateName\":\"Talkpal AI\",\"potentialAction\":[{\"@type\":\"SearchAction\",\"target\":{\"@type\":\"EntryPoint\",\"urlTemplate\":\"https:\/\/talkpal.ai\/is\/?s={search_term_string}\"},\"query-input\":{\"@type\":\"PropertyValueSpecification\",\"valueRequired\":true,\"valueName\":\"search_term_string\"}}],\"inLanguage\":\"is\"},{\"@type\":\"Organization\",\"@id\":\"https:\/\/talkpal.ai\/is\/#organization\",\"name\":\"Talkpal, Inc.\",\"alternateName\":\"Talkpal AI\",\"url\":\"https:\/\/talkpal.ai\/is\/\",\"logo\":{\"@type\":\"ImageObject\",\"inLanguage\":\"is\",\"@id\":\"https:\/\/talkpal.ai\/is\/#\/schema\/logo\/image\/\",\"url\":\"https:\/\/talkpal.ai\/wp-content\/uploads\/2024\/03\/Talkpal-Logo-Icon.png\",\"contentUrl\":\"https:\/\/talkpal.ai\/wp-content\/uploads\/2024\/03\/Talkpal-Logo-Icon.png\",\"width\":2880,\"height\":2880,\"caption\":\"Talkpal, Inc.\"},\"image\":{\"@id\":\"https:\/\/talkpal.ai\/is\/#\/schema\/logo\/image\/\"},\"sameAs\":[\"https:\/\/www.facebook.com\/profile.php?id=100090733639311\",\"https:\/\/x.com\/talkpalai\",\"https:\/\/www.linkedin.com\/company\/talkpal\/\",\"https:\/\/www.youtube.com\/@TalkPal\/\",\"https:\/\/www.tiktok.com\/@talkpal\",\"https:\/\/www.instagram.com\/talkpal_ai\/\",\"https:\/\/www.crunchbase.com\/organization\/talkpal-9cde\",\"https:\/\/www.g2.com\/products\/talkpal-for-business\/\",\"https:\/\/www.trustpilot.com\/review\/talkpal.ai\",\"https:\/\/www.capterra.com\/p\/10006800\/TalkPal\/\"],\"description\":\"Talkpal is a language learning web and mobile education app, powered by the latest AI technologies, that provides engaging experiences to its customers in many different languages to help them improve their language skills. Users can chat about unlimited amount of topics with the app and use other modes to practice their language learning.\",\"email\":\"support@talkpal.ai\",\"legalName\":\"Talkpal, Inc.\",\"foundingDate\":\"2023-04-03\",\"duns\":\"118989042\",\"numberOfEmployees\":{\"@type\":\"QuantitativeValue\",\"minValue\":\"11\",\"maxValue\":\"50\"},\"publishingPrinciples\":\"https:\/\/talkpal.ai\/publishing-principles\/\",\"actionableFeedbackPolicy\":\"https:\/\/talkpal.ai\/actionable-feedback-policy\/\",\"correctionsPolicy\":\"https:\/\/talkpal.ai\/corrections-policy\/\",\"ethicsPolicy\":\"https:\/\/talkpal.ai\/ethics-policy\/\",\"diversityPolicy\":\"https:\/\/talkpal.ai\/diversity-policy\/\",\"diversityStaffingReport\":\"https:\/\/talkpal.ai\/diversity-policy\/\"}]}<\/script>\n<!-- \/ Yoast SEO Premium plugin. -->","yoast_head_json":{"title":"Danskar m\u00e1lfr\u00e6\u00f0i\u00e6fingar - Talkpal","description":"Uppg\u00f6tva\u00f0u leyndard\u00f3ma danskra m\u00e1lfr\u00e6\u00f0i\u00e6finga til a\u00f0 b\u00e6ta tungum\u00e1lakunn\u00e1ttu \u00fe\u00edna og tengjast danskri menningu \u00e1 \u00e1hrifar\u00edkan h\u00e1tt.","robots":{"index":"index","follow":"follow","max-snippet":"max-snippet:-1","max-image-preview":"max-image-preview:large","max-video-preview":"max-video-preview:-1"},"canonical":"https:\/\/talkpal.ai\/is\/danskar-malfraediaefingar\/","og_locale":"is_IS","og_type":"article","og_title":"Danskar m\u00e1lfr\u00e6\u00f0i\u00e6fingar","og_description":"D\u00f6nsk m\u00e1lfr\u00e6\u00f0i A\u00f0 l\u00e6ra d\u00f6nsku getur veri\u00f0 gefandi og skemmtileg reynsla fyrir \u00fe\u00e1 sem hafa \u00e1huga \u00e1 a\u00f0 kanna r\u00edka menningu og s\u00f6gu Danmerkur. Sem","og_url":"https:\/\/talkpal.ai\/is\/danskar-malfraediaefingar\/","og_site_name":"Talkpal","article_publisher":"https:\/\/www.facebook.com\/profile.php?id=100090733639311","article_modified_time":"2025-12-17T16:31:48+00:00","og_image":[{"width":512,"height":512,"url":"https:\/\/talkpal.ai\/wp-content\/uploads\/2023\/05\/denmark.png","type":"image\/png"}],"twitter_card":"summary_large_image","twitter_site":"@talkpalai","twitter_misc":{"Est. reading time":"2 minutes"},"schema":{"@context":"https:\/\/schema.org","@graph":[{"@type":"WebPage","@id":"https:\/\/talkpal.ai\/is\/danskar-malfraediaefingar\/","url":"https:\/\/talkpal.ai\/is\/danskar-malfraediaefingar\/","name":"Danskar m\u00e1lfr\u00e6\u00f0i\u00e6fingar - Talkpal","isPartOf":{"@id":"https:\/\/talkpal.ai\/is\/#website"},"primaryImageOfPage":{"@id":"https:\/\/talkpal.ai\/is\/danskar-malfraediaefingar\/#primaryimage"},"image":{"@id":"https:\/\/talkpal.ai\/is\/danskar-malfraediaefingar\/#primaryimage"},"thumbnailUrl":"https:\/\/talkpal.ai\/wp-content\/uploads\/2023\/05\/denmark.png","datePublished":"2023-06-16T13:19:10+00:00","dateModified":"2025-12-17T16:31:48+00:00","description":"Uppg\u00f6tva\u00f0u leyndard\u00f3ma danskra m\u00e1lfr\u00e6\u00f0i\u00e6finga til a\u00f0 b\u00e6ta tungum\u00e1lakunn\u00e1ttu \u00fe\u00edna og tengjast danskri menningu \u00e1 \u00e1hrifar\u00edkan h\u00e1tt.","breadcrumb":{"@id":"https:\/\/talkpal.ai\/is\/danskar-malfraediaefingar\/#breadcrumb"},"inLanguage":"is","potentialAction":[{"@type":"ReadAction","target":["https:\/\/talkpal.ai\/is\/danskar-malfraediaefingar\/"]}]},{"@type":"ImageObject","inLanguage":"is","@id":"https:\/\/talkpal.ai\/is\/danskar-malfraediaefingar\/#primaryimage","url":"https:\/\/talkpal.ai\/wp-content\/uploads\/2023\/05\/denmark.png","contentUrl":"https:\/\/talkpal.ai\/wp-content\/uploads\/2023\/05\/denmark.png","width":512,"height":512},{"@type":"BreadcrumbList","@id":"https:\/\/talkpal.ai\/is\/danskar-malfraediaefingar\/#breadcrumb","itemListElement":[{"@type":"ListItem","position":1,"name":"Homepage","item":"https:\/\/talkpal.ai\/is\/"},{"@type":"ListItem","position":2,"name":"Danskar m\u00e1lfr\u00e6\u00f0i\u00e6fingar"}]},{"@type":"WebSite","@id":"https:\/\/talkpal.ai\/is\/#website","url":"https:\/\/talkpal.ai\/is\/","name":"Talkpal","description":"AI Language Learning","publisher":{"@id":"https:\/\/talkpal.ai\/is\/#organization"},"alternateName":"Talkpal AI","potentialAction":[{"@type":"SearchAction","target":{"@type":"EntryPoint","urlTemplate":"https:\/\/talkpal.ai\/is\/?s={search_term_string}"},"query-input":{"@type":"PropertyValueSpecification","valueRequired":true,"valueName":"search_term_string"}}],"inLanguage":"is"},{"@type":"Organization","@id":"https:\/\/talkpal.ai\/is\/#organization","name":"Talkpal, Inc.","alternateName":"Talkpal AI","url":"https:\/\/talkpal.ai\/is\/","logo":{"@type":"ImageObject","inLanguage":"is","@id":"https:\/\/talkpal.ai\/is\/#\/schema\/logo\/image\/","url":"https:\/\/talkpal.ai\/wp-content\/uploads\/2024\/03\/Talkpal-Logo-Icon.png","contentUrl":"https:\/\/talkpal.ai\/wp-content\/uploads\/2024\/03\/Talkpal-Logo-Icon.png","width":2880,"height":2880,"caption":"Talkpal, Inc."},"image":{"@id":"https:\/\/talkpal.ai\/is\/#\/schema\/logo\/image\/"},"sameAs":["https:\/\/www.facebook.com\/profile.php?id=100090733639311","https:\/\/x.com\/talkpalai","https:\/\/www.linkedin.com\/company\/talkpal\/","https:\/\/www.youtube.com\/@TalkPal\/","https:\/\/www.tiktok.com\/@talkpal","https:\/\/www.instagram.com\/talkpal_ai\/","https:\/\/www.crunchbase.com\/organization\/talkpal-9cde","https:\/\/www.g2.com\/products\/talkpal-for-business\/","https:\/\/www.trustpilot.com\/review\/talkpal.ai","https:\/\/www.capterra.com\/p\/10006800\/TalkPal\/"],"description":"Talkpal is a language learning web and mobile education app, powered by the latest AI technologies, that provides engaging experiences to its customers in many different languages to help them improve their language skills. Users can chat about unlimited amount of topics with the app and use other modes to practice their language learning.","email":"support@talkpal.ai","legalName":"Talkpal, Inc.","foundingDate":"2023-04-03","duns":"118989042","numberOfEmployees":{"@type":"QuantitativeValue","minValue":"11","maxValue":"50"},"publishingPrinciples":"https:\/\/talkpal.ai\/publishing-principles\/","actionableFeedbackPolicy":"https:\/\/talkpal.ai\/actionable-feedback-policy\/","correctionsPolicy":"https:\/\/talkpal.ai\/corrections-policy\/","ethicsPolicy":"https:\/\/talkpal.ai\/ethics-policy\/","diversityPolicy":"https:\/\/talkpal.ai\/diversity-policy\/","diversityStaffingReport":"https:\/\/talkpal.ai\/diversity-policy\/"}]}},"_links":{"self":[{"href":"https:\/\/talkpal.ai\/is\/wp-json\/wp\/v2\/pages\/163354","targetHints":{"allow":["GET"]}}],"collection":[{"href":"https:\/\/talkpal.ai\/is\/wp-json\/wp\/v2\/pages"}],"about":[{"href":"https:\/\/talkpal.ai\/is\/wp-json\/wp\/v2\/types\/page"}],"author":[{"embeddable":true,"href":"https:\/\/talkpal.ai\/is\/wp-json\/wp\/v2\/users\/6"}],"replies":[{"embeddable":true,"href":"https:\/\/talkpal.ai\/is\/wp-json\/wp\/v2\/comments?post=163354"}],"version-history":[{"count":0,"href":"https:\/\/talkpal.ai\/is\/wp-json\/wp\/v2\/pages\/163354\/revisions"}],"wp:featuredmedia":[{"embeddable":true,"href":"https:\/\/talkpal.ai\/is\/wp-json\/wp\/v2\/media\/110951"}],"wp:attachment":[{"href":"https:\/\/talkpal.ai\/is\/wp-json\/wp\/v2\/media?parent=163354"}],"curies":[{"name":"wp","href":"https:\/\/api.w.org\/{rel}","templated":true}]}}