{"id":163078,"date":"2023-06-16T13:25:56","date_gmt":"2023-06-16T13:25:56","guid":{"rendered":"http:\/\/talkpal.ai\/eistneskar-malfraediaefingar\/"},"modified":"2025-12-17T15:57:55","modified_gmt":"2025-12-17T15:57:55","slug":"eistneskar-malfraediaefingar","status":"publish","type":"page","link":"https:\/\/talkpal.ai\/is\/eistneskar-malfraediaefingar\/","title":{"rendered":"Eistneskar m\u00e1lfr\u00e6\u00f0i\u00e6fingar"},"content":{"rendered":"\r\n\r\n\r\n<section class=\"languageChallengeSection\">\r\n    <div class=\"languageInfoWrapper\">\r\n        \r\n        <h1>Eistneskar m\u00e1lfr\u00e6\u00f0i\u00e6fingar<\/h1>\r\n        <p>Langar \u00feig a\u00f0 n\u00e1 g\u00f3\u00f0um t\u00f6kum \u00e1 eistnesku? Markvissar m\u00e1lfr\u00e6\u00f0i\u00e6fingar eru fullkomin lei\u00f0 til a\u00f0 skilja setningarbyggingu, sagnor\u00f0amyndir og lykilmynstur sem eru einst\u00f6k fyrir eistnesku. Byrja\u00f0u a\u00f0 \u00e6fa <a href=\"https:\/\/talkpal.ai\/learn-estonian\/\">eistneska<\/a> m\u00e1lfr\u00e6\u00f0i \u00ed dag og horf\u00f0u \u00e1 f\u00e6rni \u00fe\u00edna og sj\u00e1lfstraust vaxa me\u00f0 hverri lotu!<\/p>\r\n\r\n                            <a class=\"getStartedHidden\" href=\"https:\/\/app.talkpal.ai\/signup?lng=\">Byrja\u00f0u<\/a>\r\n        \r\n    <\/div>\r\n\r\n    <figure>\r\n    <img decoding=\"async\" width=\"768\" height=\"768\" src=\"https:\/\/talkpal.ai\/wp-content\/uploads\/2023\/06\/Estonian-768x768.png\" class=\"languageImage no-lazy\" alt=\"Secret tricks of language learning\" fetchpriority=\"high\" sizes=\"(max-width: 768px) 150px, 768px\" srcset=\"https:\/\/talkpal.ai\/wp-content\/uploads\/2023\/06\/Estonian-768x768.png 768w, https:\/\/talkpal.ai\/wp-content\/uploads\/2023\/06\/Estonian-300x300.png 300w\" \/>\r\n    \r\n\r\n    <\/figure>\r\n\r\n            <a class=\"getStartedVisible\" href=\"https:\/\/app.talkpal.ai\/signup?lng=\">Byrja\u00f0u<\/a>\r\n    \r\n<\/section>\r\n\r\n\r\n<!-- <section class=\"grammarSection\">\r\n    <div class=\"grammarLinks\">\r\n            <\/div>\r\n<\/section> -->\r\n\r\n\r\n\r\n\r\n<section class=\"promotionalBanner\">\r\n    <p class=\"promotionalText\">Skilvirkasta lei\u00f0in til a\u00f0 l\u00e6ra tungum\u00e1l<\/p>\r\n    <a class=\"promotionalLink\" href=\"https:\/\/app.talkpal.ai\/signup?lng=\">Pr\u00f3fa\u00f0u Talkpal \u00f3keypis<\/a>\r\n<\/section>\n<div class=\"wp-block-group pageContainerStyle\"><div class=\"wp-block-group__inner-container is-layout-constrained wp-block-group-is-layout-constrained\">\n<h2 class=\"wp-block-heading\" id=\"h-estonian-grammar-topics\">Eistnesk m\u00e1lfr\u00e6\u00f0iefni<\/h2>\n\n\n\n<p>A\u00f0 l\u00e6ra n\u00fdtt tungum\u00e1l getur veri\u00f0 spennandi og gefandi fer\u00f0 sem opnar n\u00fd t\u00e6kif\u00e6ri til pers\u00f3nulegs \u00feroska, menningark\u00f6nnunar og faglegra framfara. <a href=\"https:\/\/talkpal.ai\/learn-estonian\/\">Eistneska<\/a>, sem \u00faral\u00edskt tungum\u00e1l, b\u00fd\u00f0ur upp \u00e1 einstaka og heillandi tungum\u00e1lareynslu fyrir <a href=\"https:\/\/talkpal.ai\/talkpal-discount-for-students\/\">nemendur<\/a> sem kunna a\u00f0 \u00feekkja ind\u00f3evr\u00f3psk tungum\u00e1l betur. Me\u00f0 fl\u00f3knu m\u00e1lfr\u00e6\u00f0ikerfi s\u00ednu og r\u00edkum or\u00f0afor\u00f0a b\u00fd\u00f0ur eistneska upp \u00e1 krefjandi og gr\u00edpandi t\u00e6kif\u00e6ri fyrir tungum\u00e1la\u00e1hugamenn. Til a\u00f0 f\u00e1 sem mest \u00fat \u00far eistneskun\u00e1mi \u00fe\u00ednu er nau\u00f0synlegt <a href=\"https:\/\/talkpal.ai\/culture\/what-is-the-verb-ad-hafa-and-when-is-it-used\/\">a\u00f0 hafa<\/a> skipulag\u00f0a n\u00e1lgun, me\u00f0 \u00e1herslu \u00e1 m\u00e1lfr\u00e6\u00f0iefni \u00feess \u00ed r\u00f6\u00f0 sem hj\u00e1lpar \u00fe\u00e9r a\u00f0 byggja upp traustan grunn og sm\u00e1m saman efla f\u00e6rni \u00fe\u00edna.<\/p>\n\n\n\n<h3 class=\"wp-block-heading\" id=\"h-1-nouns-and-pronouns-determiners\">1. Nafnor\u00f0 og forn\u00f6fn\/\u00e1kv\u00f6r\u00f0unaror\u00f0:<\/h3>\n\n\n\n<p>Byrja\u00f0u \u00e1 \u00fev\u00ed a\u00f0 l\u00e6ra grunnatri\u00f0i eistneskra nafnor\u00f0a, \u00fear \u00e1 me\u00f0al fallbeygingar \u00feeirra og fallbeygingar. Kynntu \u00fe\u00e9r forn\u00f6fnin og \u00e1kvar\u00f0ana sem taka s\u00f6mu form og nafnor\u00f0, \u00fear sem \u00feau eru nau\u00f0synleg til a\u00f0 sm\u00ed\u00f0a einfaldar setningar.<\/p>\n\n\n\n<h3 class=\"wp-block-heading\" id=\"h-2-adjectives-and-adverbs\">2. L\u00fdsingaror\u00f0 og atviksor\u00f0:<\/h3>\n\n\n\n<p>Haltu \u00e1fram a\u00f0 l\u00fdsingaror\u00f0um, l\u00e6r\u00f0u hvernig \u00feeir eru samm\u00e1la nafnor\u00f0unum sem \u00feeir breyta og hvernig \u00e1 a\u00f0 hafna \u00feeim. Atviksor\u00f0, sem veita frekari uppl\u00fdsingar um sagnir, l\u00fdsingaror\u00f0 og \u00f6nnur atviksor\u00f0, munu hj\u00e1lpa \u00fe\u00e9r a\u00f0 b\u00faa til fl\u00f3knari og l\u00fdsandi setningar.<\/p>\n\n\n\n<h3 class=\"wp-block-heading\" id=\"h-3-verbs\">3. Sagnir:<\/h3>\n\n\n\n<p>Eistnesk sagnasamtenging getur veri\u00f0 erfi\u00f0, en h\u00fan er nau\u00f0synleg til a\u00f0 n\u00e1 t\u00f6kum \u00e1 tungum\u00e1linu. Rannsaka\u00f0u mismunandi ger\u00f0ir sagna, beygingarmynstur \u00feeirra og hinar \u00fdmsu spennur til a\u00f0 tj\u00e1 athafnir og atbur\u00f0i \u00ed n\u00fat\u00ed\u00f0, fort\u00ed\u00f0 og framt\u00ed\u00f0.<\/p>\n\n\n\n<h3 class=\"wp-block-heading\" id=\"h-4-tenses-and-tense-comparison\">4. Spenna og spennu\u00ferunginn samanbur\u00f0ur:<\/h3>\n\n\n\n<p>D\u00fdpka\u00f0u skilning \u00feinn \u00e1 spennum me\u00f0 \u00fev\u00ed a\u00f0 bera saman notkun \u00feeirra \u00ed mismunandi samhengi. \u00deetta mun hj\u00e1lpa \u00fe\u00e9r a\u00f0 velja vi\u00f0eigandi spennu til a\u00f0 koma fyrirhuga\u00f0ri merkingu \u00feinni n\u00e1kv\u00e6mlega \u00e1 framf\u00e6ri.<\/p>\n\n\n\n<h3 class=\"wp-block-heading\" id=\"h-5-progressive-and-perfect-progressive\">5. Frams\u00e6kinn og fullkominn frams\u00f3knarma\u00f0ur:<\/h3>\n\n\n\n<p>\u00deessir \u00fe\u00e6ttir eistneskra sagna tj\u00e1 \u00e1framhaldandi e\u00f0a st\u00f6\u00f0ugar a\u00f0ger\u00f0ir. L\u00e6r\u00f0u hvernig \u00e1 a\u00f0 mynda og nota \u00feau til a\u00f0 b\u00e6ta bl\u00e6brig\u00f0i vi\u00f0 samskipti \u00fe\u00edn.<\/p>\n\n\n\n<h3 class=\"wp-block-heading\" id=\"h-6-articles\">6. Greinar:<\/h3>\n\n\n\n<p>Eistneska hefur ekki \u00e1kve\u00f0nar e\u00f0a \u00f3\u00e1kve\u00f0nar greinar eins og ensku, en \u00fea\u00f0 er nau\u00f0synlegt a\u00f0 skilja hvernig \u00e1 a\u00f0 koma s\u00f6mu merkingu \u00e1 framf\u00e6ri me\u00f0 \u00f6\u00f0rum tungum\u00e1laverkf\u00e6rum.<\/p>\n\n\n\n<h3 class=\"wp-block-heading\" id=\"h-7-prepositions\">7. Forsetningar:<\/h3>\n\n\n\n<p>L\u00e6r\u00f0u eistneskar forsetningar til a\u00f0 tj\u00e1 tengsl milli or\u00f0a \u00ed setningu, svo sem sta\u00f0setningu, stefnu og t\u00edma.<\/p>\n\n\n\n<h3 class=\"wp-block-heading\" id=\"h-8-conditionals\">8. Skilyr\u00f0i:<\/h3>\n\n\n\n<p>N\u00e1\u00f0u t\u00f6kum \u00e1 skilyrtu skapi til a\u00f0 tj\u00e1 \u00edmynda\u00f0ar a\u00f0st\u00e6\u00f0ur e\u00f0a a\u00f0ger\u00f0ir sem eru h\u00e1\u00f0ar s\u00e9rst\u00f6kum a\u00f0st\u00e6\u00f0um.<\/p>\n\n\n\n<h3 class=\"wp-block-heading\" id=\"h-9-sentences\">9. Setningar:<\/h3>\n\n\n\n<p>A\u00f0 lokum skaltu \u00e6fa \u00feig \u00ed a\u00f0 sm\u00ed\u00f0a \u00fdmsar ger\u00f0ir af setningum &#8211; einfaldar, samsettar og fl\u00f3knar &#8211; me\u00f0 \u00fev\u00ed a\u00f0 nota \u00f6ll m\u00e1lfr\u00e6\u00f0iefni sem \u00fe\u00fa hefur l\u00e6rt. \u00deetta mun hj\u00e1lpa \u00fe\u00e9r a\u00f0 ver\u00f0a reiprennandi og \u00f6ruggari \u00ed eistneskri samskiptah\u00e6fileika \u00fe\u00ednum.<\/p>\n<\/div><\/div>\n\r\n<section class=\"learnNavigationSection\">\r\n            \r\n        <a href=\"https:\/\/talkpal.ai\/is\/laerdu-eistnesku\/\">\r\n            <div class=\"learnNavigationWrapper\">\r\n                <div class=\"learnNavigationContent\">\r\n                    <img decoding=\"async\" src=\"https:\/\/talkpal.ai\/wp-content\/uploads\/2024\/08\/Estonian.jpg\" alt=\"Estonian Flag\">\r\n                    <div>\r\n                        <h4>Um eistneskun\u00e1m<\/h4>\r\n                        <p>Finndu \u00fat allt um eistneska m\u00e1lfr\u00e6\u00f0i.<\/p>\r\n                    <\/div>\r\n                <\/div>\r\n            <\/div>\r\n        <\/a>\r\n\r\n        \r\n        <a href=\"https:\/\/talkpal.ai\/is\/eistnesk-malfraedi\/\">\r\n            <div class=\"learnNavigationWrapper\">\r\n                <div class=\"learnNavigationContent\">\r\n                    <img decoding=\"async\" src=\"https:\/\/talkpal.ai\/wp-content\/uploads\/2024\/08\/Estonian.jpg\" alt=\"Estonian Flag\">\r\n                    <div>\r\n                        <h4>Eistnesk m\u00e1lfr\u00e6\u00f0ikennsla<\/h4>\r\n                        <p>\u00c6f\u00f0u eistneska m\u00e1lfr\u00e6\u00f0i.<\/p>\r\n                    <\/div>\r\n                <\/div>\r\n            <\/div>\r\n        <\/a>\r\n\r\n        \r\n        <a href=\"https:\/\/talkpal.ai\/vocabulary_language\/estonian\/\">\r\n            <div class=\"learnNavigationWrapper\">\r\n                <div class=\"learnNavigationContent\">\r\n                    <img decoding=\"async\" src=\"https:\/\/talkpal.ai\/wp-content\/uploads\/2024\/08\/Estonian.jpg\" alt=\"Estonian Flag\">\r\n                    <div>\r\n                        <h4>Eistneskur or\u00f0afor\u00f0i<\/h4>\r\n                        <p>St\u00e6kka\u00f0u eistneskan or\u00f0afor\u00f0a \u00feinn.<\/p>\r\n                    <\/div>\r\n                <\/div>\r\n            <\/div>\r\n        <\/a>\r\n\r\n            <\/section>","protected":false},"excerpt":{"rendered":"<p>Eistnesk m\u00e1lfr\u00e6\u00f0iefni A\u00f0 l\u00e6ra n\u00fdtt tungum\u00e1l getur veri\u00f0 spennandi og gefandi fer\u00f0 sem opnar n\u00fd t\u00e6kif\u00e6ri til pers\u00f3nulegs \u00feroska, menningark\u00f6nnunar og faglegra framfara. Eistneska, sem \u00faral\u00edskt tungum\u00e1l, b\u00fd\u00f0ur upp \u00e1 einstaka og heillandi tungum\u00e1lareynslu fyrir nemendur sem kunna a\u00f0 \u00feekkja ind\u00f3evr\u00f3psk tungum\u00e1l betur. Me\u00f0 fl\u00f3knu m\u00e1lfr\u00e6\u00f0ikerfi s\u00ednu og r\u00edkum or\u00f0afor\u00f0a b\u00fd\u00f0ur eistneska upp \u00e1 krefjandi [&hellip;]<\/p>\n","protected":false},"author":6,"featured_media":112465,"parent":0,"menu_order":0,"comment_status":"closed","ping_status":"closed","template":"LearningContentPage.php","meta":{"_acf_changed":false,"footnotes":""},"class_list":["post-163078","page","type-page","status-publish","has-post-thumbnail","hentry"],"acf":[],"yoast_head":"<!-- This site is optimized with the Yoast SEO Premium plugin v27.2 (Yoast SEO v27.2) - https:\/\/yoast.com\/product\/yoast-seo-premium-wordpress\/ -->\n<title>Eistneskar m\u00e1lfr\u00e6\u00f0i\u00e6fingar - Talkpal<\/title>\n<meta name=\"description\" content=\"\u00c6f\u00f0u eistneska m\u00e1lfr\u00e6\u00f0i me\u00f0 gagnvirkum \u00e6fingum sem eru hanna\u00f0ar til a\u00f0 b\u00e6ta tungum\u00e1lakunn\u00e1ttu \u00fe\u00edna flj\u00f3tt og \u00e1hrifar\u00edkt.\" \/>\n<meta name=\"robots\" content=\"index, follow, max-snippet:-1, max-image-preview:large, max-video-preview:-1\" \/>\n<link rel=\"canonical\" href=\"https:\/\/talkpal.ai\/is\/eistneskar-malfraediaefingar\/\" \/>\n<meta property=\"og:locale\" content=\"is_IS\" \/>\n<meta property=\"og:type\" content=\"article\" \/>\n<meta property=\"og:title\" content=\"Eistneskar m\u00e1lfr\u00e6\u00f0i\u00e6fingar\" \/>\n<meta property=\"og:description\" content=\"Eistnesk m\u00e1lfr\u00e6\u00f0iefni A\u00f0 l\u00e6ra n\u00fdtt tungum\u00e1l getur veri\u00f0 spennandi og gefandi fer\u00f0 sem opnar n\u00fd t\u00e6kif\u00e6ri til pers\u00f3nulegs \u00feroska, menningark\u00f6nnunar og\" \/>\n<meta property=\"og:url\" content=\"https:\/\/talkpal.ai\/is\/eistneskar-malfraediaefingar\/\" \/>\n<meta property=\"og:site_name\" content=\"Talkpal\" \/>\n<meta property=\"article:publisher\" content=\"https:\/\/www.facebook.com\/profile.php?id=100090733639311\" \/>\n<meta property=\"article:modified_time\" content=\"2025-12-17T15:57:55+00:00\" \/>\n<meta property=\"og:image\" content=\"https:\/\/talkpal.ai\/wp-content\/uploads\/2023\/05\/estonia.png\" \/>\n\t<meta property=\"og:image:width\" content=\"512\" \/>\n\t<meta property=\"og:image:height\" content=\"512\" \/>\n\t<meta property=\"og:image:type\" content=\"image\/png\" \/>\n<meta name=\"twitter:card\" content=\"summary_large_image\" \/>\n<meta name=\"twitter:site\" content=\"@talkpalai\" \/>\n<meta name=\"twitter:label1\" content=\"Est. reading time\" \/>\n\t<meta name=\"twitter:data1\" content=\"2 minutes\" \/>\n<script type=\"application\/ld+json\" class=\"yoast-schema-graph\">{\"@context\":\"https:\/\/schema.org\",\"@graph\":[{\"@type\":\"WebPage\",\"@id\":\"https:\/\/talkpal.ai\/is\/eistneskar-malfraediaefingar\/\",\"url\":\"https:\/\/talkpal.ai\/is\/eistneskar-malfraediaefingar\/\",\"name\":\"Eistneskar m\u00e1lfr\u00e6\u00f0i\u00e6fingar - Talkpal\",\"isPartOf\":{\"@id\":\"https:\/\/talkpal.ai\/is\/#website\"},\"primaryImageOfPage\":{\"@id\":\"https:\/\/talkpal.ai\/is\/eistneskar-malfraediaefingar\/#primaryimage\"},\"image\":{\"@id\":\"https:\/\/talkpal.ai\/is\/eistneskar-malfraediaefingar\/#primaryimage\"},\"thumbnailUrl\":\"https:\/\/talkpal.ai\/wp-content\/uploads\/2023\/05\/estonia.png\",\"datePublished\":\"2023-06-16T13:25:56+00:00\",\"dateModified\":\"2025-12-17T15:57:55+00:00\",\"description\":\"\u00c6f\u00f0u eistneska m\u00e1lfr\u00e6\u00f0i me\u00f0 gagnvirkum \u00e6fingum sem eru hanna\u00f0ar til a\u00f0 b\u00e6ta tungum\u00e1lakunn\u00e1ttu \u00fe\u00edna flj\u00f3tt og \u00e1hrifar\u00edkt.\",\"breadcrumb\":{\"@id\":\"https:\/\/talkpal.ai\/is\/eistneskar-malfraediaefingar\/#breadcrumb\"},\"inLanguage\":\"is\",\"potentialAction\":[{\"@type\":\"ReadAction\",\"target\":[\"https:\/\/talkpal.ai\/is\/eistneskar-malfraediaefingar\/\"]}]},{\"@type\":\"ImageObject\",\"inLanguage\":\"is\",\"@id\":\"https:\/\/talkpal.ai\/is\/eistneskar-malfraediaefingar\/#primaryimage\",\"url\":\"https:\/\/talkpal.ai\/wp-content\/uploads\/2023\/05\/estonia.png\",\"contentUrl\":\"https:\/\/talkpal.ai\/wp-content\/uploads\/2023\/05\/estonia.png\",\"width\":512,\"height\":512},{\"@type\":\"BreadcrumbList\",\"@id\":\"https:\/\/talkpal.ai\/is\/eistneskar-malfraediaefingar\/#breadcrumb\",\"itemListElement\":[{\"@type\":\"ListItem\",\"position\":1,\"name\":\"Homepage\",\"item\":\"https:\/\/talkpal.ai\/is\/\"},{\"@type\":\"ListItem\",\"position\":2,\"name\":\"Eistneskar m\u00e1lfr\u00e6\u00f0i\u00e6fingar\"}]},{\"@type\":\"WebSite\",\"@id\":\"https:\/\/talkpal.ai\/is\/#website\",\"url\":\"https:\/\/talkpal.ai\/is\/\",\"name\":\"Talkpal\",\"description\":\"AI Language Learning\",\"publisher\":{\"@id\":\"https:\/\/talkpal.ai\/is\/#organization\"},\"alternateName\":\"Talkpal AI\",\"potentialAction\":[{\"@type\":\"SearchAction\",\"target\":{\"@type\":\"EntryPoint\",\"urlTemplate\":\"https:\/\/talkpal.ai\/is\/?s={search_term_string}\"},\"query-input\":{\"@type\":\"PropertyValueSpecification\",\"valueRequired\":true,\"valueName\":\"search_term_string\"}}],\"inLanguage\":\"is\"},{\"@type\":\"Organization\",\"@id\":\"https:\/\/talkpal.ai\/is\/#organization\",\"name\":\"Talkpal, Inc.\",\"alternateName\":\"Talkpal AI\",\"url\":\"https:\/\/talkpal.ai\/is\/\",\"logo\":{\"@type\":\"ImageObject\",\"inLanguage\":\"is\",\"@id\":\"https:\/\/talkpal.ai\/is\/#\/schema\/logo\/image\/\",\"url\":\"https:\/\/talkpal.ai\/wp-content\/uploads\/2024\/03\/Talkpal-Logo-Icon.png\",\"contentUrl\":\"https:\/\/talkpal.ai\/wp-content\/uploads\/2024\/03\/Talkpal-Logo-Icon.png\",\"width\":2880,\"height\":2880,\"caption\":\"Talkpal, Inc.\"},\"image\":{\"@id\":\"https:\/\/talkpal.ai\/is\/#\/schema\/logo\/image\/\"},\"sameAs\":[\"https:\/\/www.facebook.com\/profile.php?id=100090733639311\",\"https:\/\/x.com\/talkpalai\",\"https:\/\/www.linkedin.com\/company\/talkpal\/\",\"https:\/\/www.youtube.com\/@TalkPal\/\",\"https:\/\/www.tiktok.com\/@talkpal\",\"https:\/\/www.instagram.com\/talkpal_ai\/\",\"https:\/\/www.crunchbase.com\/organization\/talkpal-9cde\",\"https:\/\/www.g2.com\/products\/talkpal-for-business\/\",\"https:\/\/www.trustpilot.com\/review\/talkpal.ai\",\"https:\/\/www.capterra.com\/p\/10006800\/TalkPal\/\"],\"description\":\"Talkpal is a language learning web and mobile education app, powered by the latest AI technologies, that provides engaging experiences to its customers in many different languages to help them improve their language skills. Users can chat about unlimited amount of topics with the app and use other modes to practice their language learning.\",\"email\":\"support@talkpal.ai\",\"legalName\":\"Talkpal, Inc.\",\"foundingDate\":\"2023-04-03\",\"duns\":\"118989042\",\"numberOfEmployees\":{\"@type\":\"QuantitativeValue\",\"minValue\":\"11\",\"maxValue\":\"50\"},\"publishingPrinciples\":\"https:\/\/talkpal.ai\/publishing-principles\/\",\"actionableFeedbackPolicy\":\"https:\/\/talkpal.ai\/actionable-feedback-policy\/\",\"correctionsPolicy\":\"https:\/\/talkpal.ai\/corrections-policy\/\",\"ethicsPolicy\":\"https:\/\/talkpal.ai\/ethics-policy\/\",\"diversityPolicy\":\"https:\/\/talkpal.ai\/diversity-policy\/\",\"diversityStaffingReport\":\"https:\/\/talkpal.ai\/diversity-policy\/\"}]}<\/script>\n<!-- \/ Yoast SEO Premium plugin. -->","yoast_head_json":{"title":"Eistneskar m\u00e1lfr\u00e6\u00f0i\u00e6fingar - Talkpal","description":"\u00c6f\u00f0u eistneska m\u00e1lfr\u00e6\u00f0i me\u00f0 gagnvirkum \u00e6fingum sem eru hanna\u00f0ar til a\u00f0 b\u00e6ta tungum\u00e1lakunn\u00e1ttu \u00fe\u00edna flj\u00f3tt og \u00e1hrifar\u00edkt.","robots":{"index":"index","follow":"follow","max-snippet":"max-snippet:-1","max-image-preview":"max-image-preview:large","max-video-preview":"max-video-preview:-1"},"canonical":"https:\/\/talkpal.ai\/is\/eistneskar-malfraediaefingar\/","og_locale":"is_IS","og_type":"article","og_title":"Eistneskar m\u00e1lfr\u00e6\u00f0i\u00e6fingar","og_description":"Eistnesk m\u00e1lfr\u00e6\u00f0iefni A\u00f0 l\u00e6ra n\u00fdtt tungum\u00e1l getur veri\u00f0 spennandi og gefandi fer\u00f0 sem opnar n\u00fd t\u00e6kif\u00e6ri til pers\u00f3nulegs \u00feroska, menningark\u00f6nnunar og","og_url":"https:\/\/talkpal.ai\/is\/eistneskar-malfraediaefingar\/","og_site_name":"Talkpal","article_publisher":"https:\/\/www.facebook.com\/profile.php?id=100090733639311","article_modified_time":"2025-12-17T15:57:55+00:00","og_image":[{"width":512,"height":512,"url":"https:\/\/talkpal.ai\/wp-content\/uploads\/2023\/05\/estonia.png","type":"image\/png"}],"twitter_card":"summary_large_image","twitter_site":"@talkpalai","twitter_misc":{"Est. reading time":"2 minutes"},"schema":{"@context":"https:\/\/schema.org","@graph":[{"@type":"WebPage","@id":"https:\/\/talkpal.ai\/is\/eistneskar-malfraediaefingar\/","url":"https:\/\/talkpal.ai\/is\/eistneskar-malfraediaefingar\/","name":"Eistneskar m\u00e1lfr\u00e6\u00f0i\u00e6fingar - Talkpal","isPartOf":{"@id":"https:\/\/talkpal.ai\/is\/#website"},"primaryImageOfPage":{"@id":"https:\/\/talkpal.ai\/is\/eistneskar-malfraediaefingar\/#primaryimage"},"image":{"@id":"https:\/\/talkpal.ai\/is\/eistneskar-malfraediaefingar\/#primaryimage"},"thumbnailUrl":"https:\/\/talkpal.ai\/wp-content\/uploads\/2023\/05\/estonia.png","datePublished":"2023-06-16T13:25:56+00:00","dateModified":"2025-12-17T15:57:55+00:00","description":"\u00c6f\u00f0u eistneska m\u00e1lfr\u00e6\u00f0i me\u00f0 gagnvirkum \u00e6fingum sem eru hanna\u00f0ar til a\u00f0 b\u00e6ta tungum\u00e1lakunn\u00e1ttu \u00fe\u00edna flj\u00f3tt og \u00e1hrifar\u00edkt.","breadcrumb":{"@id":"https:\/\/talkpal.ai\/is\/eistneskar-malfraediaefingar\/#breadcrumb"},"inLanguage":"is","potentialAction":[{"@type":"ReadAction","target":["https:\/\/talkpal.ai\/is\/eistneskar-malfraediaefingar\/"]}]},{"@type":"ImageObject","inLanguage":"is","@id":"https:\/\/talkpal.ai\/is\/eistneskar-malfraediaefingar\/#primaryimage","url":"https:\/\/talkpal.ai\/wp-content\/uploads\/2023\/05\/estonia.png","contentUrl":"https:\/\/talkpal.ai\/wp-content\/uploads\/2023\/05\/estonia.png","width":512,"height":512},{"@type":"BreadcrumbList","@id":"https:\/\/talkpal.ai\/is\/eistneskar-malfraediaefingar\/#breadcrumb","itemListElement":[{"@type":"ListItem","position":1,"name":"Homepage","item":"https:\/\/talkpal.ai\/is\/"},{"@type":"ListItem","position":2,"name":"Eistneskar m\u00e1lfr\u00e6\u00f0i\u00e6fingar"}]},{"@type":"WebSite","@id":"https:\/\/talkpal.ai\/is\/#website","url":"https:\/\/talkpal.ai\/is\/","name":"Talkpal","description":"AI Language Learning","publisher":{"@id":"https:\/\/talkpal.ai\/is\/#organization"},"alternateName":"Talkpal AI","potentialAction":[{"@type":"SearchAction","target":{"@type":"EntryPoint","urlTemplate":"https:\/\/talkpal.ai\/is\/?s={search_term_string}"},"query-input":{"@type":"PropertyValueSpecification","valueRequired":true,"valueName":"search_term_string"}}],"inLanguage":"is"},{"@type":"Organization","@id":"https:\/\/talkpal.ai\/is\/#organization","name":"Talkpal, Inc.","alternateName":"Talkpal AI","url":"https:\/\/talkpal.ai\/is\/","logo":{"@type":"ImageObject","inLanguage":"is","@id":"https:\/\/talkpal.ai\/is\/#\/schema\/logo\/image\/","url":"https:\/\/talkpal.ai\/wp-content\/uploads\/2024\/03\/Talkpal-Logo-Icon.png","contentUrl":"https:\/\/talkpal.ai\/wp-content\/uploads\/2024\/03\/Talkpal-Logo-Icon.png","width":2880,"height":2880,"caption":"Talkpal, Inc."},"image":{"@id":"https:\/\/talkpal.ai\/is\/#\/schema\/logo\/image\/"},"sameAs":["https:\/\/www.facebook.com\/profile.php?id=100090733639311","https:\/\/x.com\/talkpalai","https:\/\/www.linkedin.com\/company\/talkpal\/","https:\/\/www.youtube.com\/@TalkPal\/","https:\/\/www.tiktok.com\/@talkpal","https:\/\/www.instagram.com\/talkpal_ai\/","https:\/\/www.crunchbase.com\/organization\/talkpal-9cde","https:\/\/www.g2.com\/products\/talkpal-for-business\/","https:\/\/www.trustpilot.com\/review\/talkpal.ai","https:\/\/www.capterra.com\/p\/10006800\/TalkPal\/"],"description":"Talkpal is a language learning web and mobile education app, powered by the latest AI technologies, that provides engaging experiences to its customers in many different languages to help them improve their language skills. Users can chat about unlimited amount of topics with the app and use other modes to practice their language learning.","email":"support@talkpal.ai","legalName":"Talkpal, Inc.","foundingDate":"2023-04-03","duns":"118989042","numberOfEmployees":{"@type":"QuantitativeValue","minValue":"11","maxValue":"50"},"publishingPrinciples":"https:\/\/talkpal.ai\/publishing-principles\/","actionableFeedbackPolicy":"https:\/\/talkpal.ai\/actionable-feedback-policy\/","correctionsPolicy":"https:\/\/talkpal.ai\/corrections-policy\/","ethicsPolicy":"https:\/\/talkpal.ai\/ethics-policy\/","diversityPolicy":"https:\/\/talkpal.ai\/diversity-policy\/","diversityStaffingReport":"https:\/\/talkpal.ai\/diversity-policy\/"}]}},"_links":{"self":[{"href":"https:\/\/talkpal.ai\/is\/wp-json\/wp\/v2\/pages\/163078","targetHints":{"allow":["GET"]}}],"collection":[{"href":"https:\/\/talkpal.ai\/is\/wp-json\/wp\/v2\/pages"}],"about":[{"href":"https:\/\/talkpal.ai\/is\/wp-json\/wp\/v2\/types\/page"}],"author":[{"embeddable":true,"href":"https:\/\/talkpal.ai\/is\/wp-json\/wp\/v2\/users\/6"}],"replies":[{"embeddable":true,"href":"https:\/\/talkpal.ai\/is\/wp-json\/wp\/v2\/comments?post=163078"}],"version-history":[{"count":0,"href":"https:\/\/talkpal.ai\/is\/wp-json\/wp\/v2\/pages\/163078\/revisions"}],"wp:featuredmedia":[{"embeddable":true,"href":"https:\/\/talkpal.ai\/is\/wp-json\/wp\/v2\/media\/112465"}],"wp:attachment":[{"href":"https:\/\/talkpal.ai\/is\/wp-json\/wp\/v2\/media?parent=163078"}],"curies":[{"name":"wp","href":"https:\/\/api.w.org\/{rel}","templated":true}]}}