{"id":162788,"date":"2023-06-21T14:01:18","date_gmt":"2023-06-21T14:01:18","guid":{"rendered":"http:\/\/talkpal.ai\/galisiskar-malfraediaefingar\/"},"modified":"2025-12-17T15:59:45","modified_gmt":"2025-12-17T15:59:45","slug":"galisiskar-malfraediaefingar","status":"publish","type":"page","link":"https:\/\/talkpal.ai\/is\/galisiskar-malfraediaefingar\/","title":{"rendered":"Galis\u00edskar m\u00e1lfr\u00e6\u00f0i\u00e6fingar"},"content":{"rendered":"\r\n\r\n\r\n<section class=\"languageChallengeSection\">\r\n    <div class=\"languageInfoWrapper\">\r\n        \r\n        <h1>Galis\u00edskar m\u00e1lfr\u00e6\u00f0i\u00e6fingar<\/h1>\r\n        <p>Viltu b\u00e6ta <a href=\"https:\/\/talkpal.ai\/learn-galician\/\">galis\u00edska<\/a> tungum\u00e1lakunn\u00e1ttu \u00fe\u00edna? A\u00f0 \u00e6fa m\u00e1lfr\u00e6\u00f0i\u00e6fingar er fr\u00e1b\u00e6r lei\u00f0 til a\u00f0 n\u00e1 t\u00f6kum \u00e1 setningager\u00f0, sagnor\u00f0um og s\u00e9rkennum galis\u00edsku. Byrja\u00f0u a\u00f0 vinna \u00ed galis\u00edskri <a href=\"https:\/\/talkpal.ai\/grammar\/\">m\u00e1lfr\u00e6\u00f0i<\/a> \u00ed dag og horf\u00f0u \u00e1 skilning \u00feinn og sj\u00e1lfstraust vaxa me\u00f0 hverri \u00e6fingu!<\/p>\r\n\r\n                            <a class=\"getStartedHidden\" href=\"https:\/\/app.talkpal.ai\/signup?lng=\">Byrja\u00f0u<\/a>\r\n        \r\n    <\/div>\r\n\r\n    <figure>\r\n    <img decoding=\"async\" width=\"768\" height=\"768\" src=\"https:\/\/talkpal.ai\/wp-content\/uploads\/2023\/06\/galician-768x768.png\" class=\"languageImage no-lazy\" alt=\"Language immersion powerful learning method\" fetchpriority=\"high\" sizes=\"(max-width: 768px) 150px, 768px\" srcset=\"https:\/\/talkpal.ai\/wp-content\/uploads\/2023\/06\/galician-768x768.png 768w, https:\/\/talkpal.ai\/wp-content\/uploads\/2023\/06\/galician-300x300.png 300w\" \/>\r\n    \r\n\r\n    <\/figure>\r\n\r\n            <a class=\"getStartedVisible\" href=\"https:\/\/app.talkpal.ai\/signup?lng=\">Byrja\u00f0u<\/a>\r\n    \r\n<\/section>\r\n\r\n\r\n<!-- <section class=\"grammarSection\">\r\n    <div class=\"grammarLinks\">\r\n            <\/div>\r\n<\/section> -->\r\n\r\n\r\n\r\n\r\n<section class=\"promotionalBanner\">\r\n    <p class=\"promotionalText\">Skilvirkasta lei\u00f0in til a\u00f0 l\u00e6ra tungum\u00e1l<\/p>\r\n    <a class=\"promotionalLink\" href=\"https:\/\/app.talkpal.ai\/signup?lng=\">Pr\u00f3fa\u00f0u Talkpal \u00f3keypis<\/a>\r\n<\/section>\n<div class=\"wp-block-group pageContainerStyle\"><div class=\"wp-block-group__inner-container is-layout-constrained wp-block-group-is-layout-constrained\">\n<h2 class=\"wp-block-heading\" id=\"h-galician-grammar-topics\">Galis\u00edsk m\u00e1lfr\u00e6\u00f0i efni<\/h2>\n\n\n\n<p><a href=\"https:\/\/talkpal.ai\/galician-grammar\/\">Galis\u00edsk m\u00e1lfr\u00e6\u00f0i<\/a> er ranns\u00f3kn \u00e1 m\u00e1lbyggingu, reglum og hlutum galis\u00edsku tungum\u00e1lsins, r\u00f3m\u00f6nsku tungum\u00e1li sem tala\u00f0 er \u00ed sj\u00e1lfstj\u00f3rnarh\u00e9ra\u00f0inu Galis\u00edu \u00e1 nor\u00f0vesturhluta Sp\u00e1nar. Galis\u00edsk m\u00e1lfr\u00e6\u00f0i deilir n\u00e1nu sambandi vi\u00f0 port\u00fag\u00f6lsku og samanstendur af \u00fdmsum \u00fe\u00e1ttum sem hj\u00e1lpa til vi\u00f0 myndun og skilning tungum\u00e1lsins, svo sem samtengingu sagna, nafnor\u00f0s og l\u00fdsingaror\u00f0ssamkomulags og notkun greina, fornafna, atviksor\u00f0a og forsetninga. A\u00f0 l\u00e6ra galis\u00edska m\u00e1lfr\u00e6\u00f0i \u00e1 skipulag\u00f0an h\u00e1tt mun tryggja hn\u00f6kralaust og skilvirkt n\u00e1msferli en veita um lei\u00f0 dj\u00fapan skilning \u00e1 \u00feessu r\u00edka og lifandi tungum\u00e1li.<\/p>\n\n\n\n<h3 class=\"wp-block-heading\" id=\"h-1-nouns\">1. Nafnor\u00f0:<\/h3>\n\n\n\n<p>Byrja\u00f0u \u00e1 \u00fev\u00ed a\u00f0 skilja hugtaki\u00f0 nafnor\u00f0 \u00e1 galis\u00edsku, sem eru flokku\u00f0 \u00ed tv\u00f6 kyn (karlkyns og kvenkyns) og geta veri\u00f0 eint\u00f6lu e\u00f0a fleirt\u00f6lu. L\u00e6r\u00f0u hvernig \u00e1 a\u00f0 bera kennsl \u00e1 og nota \u00feau r\u00e9tt \u00ed setningum.<\/p>\n\n\n\n<h3 class=\"wp-block-heading\" id=\"h-2-articles\">2. Greinar:<\/h3>\n\n\n\n<p>Rannsaka\u00f0u \u00e1kve\u00f0na og \u00f3\u00e1kve\u00f0na greinar \u00e1 galis\u00edsku, sem eru samm\u00e1la \u00ed kyni og t\u00f6lu me\u00f0 nafnor\u00f0unum sem \u00feeir fylgja. \u00deetta mun hj\u00e1lpa til vi\u00f0 a\u00f0 mynda setningar og grunnsetningar \u00e1 skilvirkari h\u00e1tt.<\/p>\n\n\n\n<h3 class=\"wp-block-heading\" id=\"h-3-adjectives\">3. L\u00fdsingaror\u00f0:<\/h3>\n\n\n\n<p>L\u00e6r\u00f0u um l\u00fdsingaror\u00f0 \u00e1 galis\u00edsku, sem eru samm\u00e1la \u00ed kyni og t\u00f6lu me\u00f0 nafnor\u00f0unum sem \u00feau breyta. Skilningur \u00e1 sta\u00f0setningar- og samningsreglum gerir \u00fe\u00e9r kleift a\u00f0 l\u00fdsa hlutum og f\u00f3lki n\u00e1kv\u00e6mlega.<\/p>\n\n\n\n<h3 class=\"wp-block-heading\" id=\"h-4-pronouns-determiners\">4. Forn\u00f6fn\/\u00e1kv\u00f6r\u00f0unaror\u00f0:<\/h3>\n\n\n\n<p>Rannsaka\u00f0u hinar \u00fdmsu ger\u00f0ir fornafna og \u00e1kvar\u00f0ana \u00e1 galis\u00edsku, sem geta komi\u00f0 \u00ed sta\u00f0 e\u00f0a gefi\u00f0 til kynna nafnor\u00f0 \u00ed setningu. \u00deetta felur me\u00f0al annars \u00ed s\u00e9r pers\u00f3nuleg, s\u00fdnileg, eignarhaldsleg og spurnarforn\u00f6fn.<\/p>\n\n\n\n<h3 class=\"wp-block-heading\" id=\"h-5-verbs\">5. Sagnir:<\/h3>\n\n\n\n<p>Einbeittu \u00fe\u00e9r a\u00f0 sagnbeygingu, sem er mikilv\u00e6gur \u00fe\u00e1ttur \u00ed galis\u00edskri m\u00e1lfr\u00e6\u00f0i. L\u00e6r\u00f0u mismunandi spennur og skap og \u00e6f\u00f0u \u00feig \u00ed a\u00f0 beygja reglulegar og \u00f3reglulegar sagnir.<\/p>\n\n\n\n<h3 class=\"wp-block-heading\" id=\"h-6-tense-comparison\">6. Spenntur samanbur\u00f0ur:<\/h3>\n\n\n\n<p>Skilja muninn \u00e1 hinum \u00fdmsu spennum \u00e1 galis\u00edsku og l\u00e6r\u00f0u hvernig \u00e1 a\u00f0 nota \u00fe\u00e6r r\u00e9tt til a\u00f0 koma \u00e1 framf\u00e6ri vi\u00f0eigandi t\u00edmavi\u00f0mi\u00f0un \u00ed r\u00e6\u00f0u \u00feinni e\u00f0a skrifum.<\/p>\n\n\n\n<h3 class=\"wp-block-heading\" id=\"h-7-progressive\">7. Frams\u00e6ki\u00f0:<\/h3>\n\n\n\n<p>Rannsaka\u00f0u frams\u00e6kna \u00fe\u00e1ttinn \u00ed galis\u00edsku, sem gefur til kynna \u00e1framhaldandi a\u00f0ger\u00f0, og l\u00e6r\u00f0u hvernig \u00e1 a\u00f0 mynda og nota \u00fea\u00f0 me\u00f0 mismunandi spennum.<\/p>\n\n\n\n<h3 class=\"wp-block-heading\" id=\"h-8-perfect-progressive\">8. Fullkominn frams\u00e6kinn:<\/h3>\n\n\n\n<p>L\u00e6r\u00f0u um hinn fullkomna frams\u00e6kna \u00fe\u00e1tt, sem sameinar fullkomna og frams\u00e6kna \u00fe\u00e6tti til a\u00f0 tj\u00e1 a\u00f0ger\u00f0 sem hefur veri\u00f0 \u00ed gangi og getur haldi\u00f0 \u00e1fram \u00ed framt\u00ed\u00f0inni.<\/p>\n\n\n\n<h3 class=\"wp-block-heading\" id=\"h-9-adverbs\">9. Atviksor\u00f0:<\/h3>\n\n\n\n<p>Sko\u00f0a\u00f0u galis\u00edsk atviksor\u00f0 sem veita frekari uppl\u00fdsingar um sagnir, l\u00fdsingaror\u00f0 e\u00f0a \u00f6nnur atviksor\u00f0. L\u00e6r\u00f0u hinar \u00fdmsu ger\u00f0ir og sta\u00f0setningarreglur \u00feeirra \u00ed setningum.<\/p>\n\n\n\n<h3 class=\"wp-block-heading\" id=\"h-10-prepositions\">10. Forsetningar:<\/h3>\n\n\n\n<p>Rannsaka\u00f0u hinar \u00fdmsu forsetningar \u00e1 galis\u00edsku, sem s\u00fdna tengsl \u00fe\u00e1tta \u00ed setningu, svo sem sta\u00f0setningu, stefnu, t\u00edma e\u00f0a ors\u00f6k.<\/p>\n\n\n\n<h3 class=\"wp-block-heading\" id=\"h-11-conditionals\">11. Skilyr\u00f0i:<\/h3>\n\n\n\n<p>L\u00e6r\u00f0u um skilyrtar setningar \u00e1 galis\u00edsku, sem tj\u00e1 \u00edmynda\u00f0ar e\u00f0a \u00f3raunverulegar a\u00f0st\u00e6\u00f0ur og aflei\u00f0ingar \u00feeirra. Rannsaka\u00f0u myndun og notkun mismunandi ger\u00f0a skilyr\u00f0a.<\/p>\n\n\n\n<h3 class=\"wp-block-heading\" id=\"h-12-sentences\">12. Setningar:<\/h3>\n\n\n\n<p>A\u00f0 lokum, \u00e6f\u00f0u \u00feig \u00ed a\u00f0 sameina alla \u00e1\u00f0ur l\u00e6r\u00f0a m\u00e1lfr\u00e6\u00f0i\u00fe\u00e6tti til a\u00f0 mynda einfaldar og fl\u00f3knar setningar \u00e1 galis\u00edsku. \u00deetta mun hj\u00e1lpa til vi\u00f0 a\u00f0 styrkja skilning \u00feinn \u00e1 tungum\u00e1linu og byggja upp reiprennandi \u00fe\u00edna.<\/p>\n<\/div><\/div>\n\r\n<section class=\"learnNavigationSection\">\r\n            \r\n        <a href=\"https:\/\/talkpal.ai\/is\/laerdu-galisisku\/\">\r\n            <div class=\"learnNavigationWrapper\">\r\n                <div class=\"learnNavigationContent\">\r\n                    <img decoding=\"async\" src=\"https:\/\/talkpal.ai\/wp-content\/uploads\/2024\/08\/Galician.jpg\" alt=\"Galicia Flag\">\r\n                    <div>\r\n                        <h4>Um galis\u00edska n\u00e1m<\/h4>\r\n                        <p>Finndu \u00fat allt um galis\u00edska m\u00e1lfr\u00e6\u00f0i.<\/p>\r\n                    <\/div>\r\n                <\/div>\r\n            <\/div>\r\n        <\/a>\r\n\r\n        \r\n        <a href=\"https:\/\/talkpal.ai\/is\/galisisk-malfraedi\/\">\r\n            <div class=\"learnNavigationWrapper\">\r\n                <div class=\"learnNavigationContent\">\r\n                    <img decoding=\"async\" src=\"https:\/\/talkpal.ai\/wp-content\/uploads\/2024\/08\/Galician.jpg\" alt=\"Galicia Flag\">\r\n                    <div>\r\n                        <h4>Galis\u00edsk m\u00e1lfr\u00e6\u00f0ikennsla<\/h4>\r\n                        <p>\u00c6f\u00f0u galis\u00edska m\u00e1lfr\u00e6\u00f0i.<\/p>\r\n                    <\/div>\r\n                <\/div>\r\n            <\/div>\r\n        <\/a>\r\n\r\n        \r\n        <a href=\"https:\/\/talkpal.ai\/vocabulary_language\/galician\/\">\r\n            <div class=\"learnNavigationWrapper\">\r\n                <div class=\"learnNavigationContent\">\r\n                    <img decoding=\"async\" src=\"https:\/\/talkpal.ai\/wp-content\/uploads\/2024\/08\/Galician.jpg\" alt=\"Galicia Flag\">\r\n                    <div>\r\n                        <h4>Galis\u00edskur or\u00f0afor\u00f0i<\/h4>\r\n                        <p>St\u00e6kka\u00f0u galis\u00edskan or\u00f0afor\u00f0a \u00feinn.<\/p>\r\n                    <\/div>\r\n                <\/div>\r\n            <\/div>\r\n        <\/a>\r\n\r\n            <\/section>","protected":false},"excerpt":{"rendered":"<p>Galis\u00edsk m\u00e1lfr\u00e6\u00f0i efni Galis\u00edsk m\u00e1lfr\u00e6\u00f0i er ranns\u00f3kn \u00e1 m\u00e1lbyggingu, reglum og hlutum galis\u00edsku tungum\u00e1lsins, r\u00f3m\u00f6nsku tungum\u00e1li sem tala\u00f0 er \u00ed sj\u00e1lfstj\u00f3rnarh\u00e9ra\u00f0inu Galis\u00edu \u00e1 nor\u00f0vesturhluta Sp\u00e1nar. Galis\u00edsk m\u00e1lfr\u00e6\u00f0i deilir n\u00e1nu sambandi vi\u00f0 port\u00fag\u00f6lsku og samanstendur af \u00fdmsum \u00fe\u00e1ttum sem hj\u00e1lpa til vi\u00f0 myndun og skilning tungum\u00e1lsins, svo sem samtengingu sagna, nafnor\u00f0s og l\u00fdsingaror\u00f0ssamkomulags og notkun greina, [&hellip;]<\/p>\n","protected":false},"author":6,"featured_media":111988,"parent":0,"menu_order":0,"comment_status":"closed","ping_status":"closed","template":"LearningContentPage.php","meta":{"_acf_changed":false,"footnotes":""},"class_list":["post-162788","page","type-page","status-publish","has-post-thumbnail","hentry"],"acf":[],"yoast_head":"<!-- This site is optimized with the Yoast SEO Premium plugin v27.2 (Yoast SEO v27.2) - https:\/\/yoast.com\/product\/yoast-seo-premium-wordpress\/ -->\n<title>Galis\u00edskar m\u00e1lfr\u00e6\u00f0i\u00e6fingar - Talkpal<\/title>\n<meta name=\"description\" content=\"\u00c6f\u00f0u \u00feig au\u00f0veldlega \u00ed galis\u00edskri m\u00e1lfr\u00e6\u00f0i \u2014 b\u00e6ttu \u00feig hratt, taktu \u00fe\u00e1tt \u00ed sk\u00fdrum gagnvirkum \u00e6fingum og \u00f6\u00f0la\u00f0u sj\u00e1lfstraust \u00ed tungum\u00e1linu\" \/>\n<meta name=\"robots\" content=\"index, follow, max-snippet:-1, max-image-preview:large, max-video-preview:-1\" \/>\n<link rel=\"canonical\" href=\"https:\/\/talkpal.ai\/is\/galisiskar-malfraediaefingar\/\" \/>\n<meta property=\"og:locale\" content=\"is_IS\" \/>\n<meta property=\"og:type\" content=\"article\" \/>\n<meta property=\"og:title\" content=\"Galis\u00edskar m\u00e1lfr\u00e6\u00f0i\u00e6fingar\" \/>\n<meta property=\"og:description\" content=\"Galis\u00edsk m\u00e1lfr\u00e6\u00f0i efni Galis\u00edsk m\u00e1lfr\u00e6\u00f0i er ranns\u00f3kn \u00e1 m\u00e1lbyggingu, reglum og hlutum galis\u00edsku tungum\u00e1lsins, r\u00f3m\u00f6nsku tungum\u00e1li sem tala\u00f0 er \u00ed\" \/>\n<meta property=\"og:url\" content=\"https:\/\/talkpal.ai\/is\/galisiskar-malfraediaefingar\/\" \/>\n<meta property=\"og:site_name\" content=\"Talkpal\" \/>\n<meta property=\"article:publisher\" content=\"https:\/\/www.facebook.com\/profile.php?id=100090733639311\" \/>\n<meta property=\"article:modified_time\" content=\"2025-12-17T15:59:45+00:00\" \/>\n<meta property=\"og:image\" content=\"https:\/\/talkpal.ai\/wp-content\/uploads\/2023\/05\/Galician-spain.png\" \/>\n\t<meta property=\"og:image:width\" content=\"512\" \/>\n\t<meta property=\"og:image:height\" content=\"512\" \/>\n\t<meta property=\"og:image:type\" content=\"image\/png\" \/>\n<meta name=\"twitter:card\" content=\"summary_large_image\" \/>\n<meta name=\"twitter:site\" content=\"@talkpalai\" \/>\n<meta name=\"twitter:label1\" content=\"Est. reading time\" \/>\n\t<meta name=\"twitter:data1\" content=\"3 minutes\" \/>\n<script type=\"application\/ld+json\" class=\"yoast-schema-graph\">{\"@context\":\"https:\/\/schema.org\",\"@graph\":[{\"@type\":\"WebPage\",\"@id\":\"https:\/\/talkpal.ai\/is\/galisiskar-malfraediaefingar\/\",\"url\":\"https:\/\/talkpal.ai\/is\/galisiskar-malfraediaefingar\/\",\"name\":\"Galis\u00edskar m\u00e1lfr\u00e6\u00f0i\u00e6fingar - Talkpal\",\"isPartOf\":{\"@id\":\"https:\/\/talkpal.ai\/is\/#website\"},\"primaryImageOfPage\":{\"@id\":\"https:\/\/talkpal.ai\/is\/galisiskar-malfraediaefingar\/#primaryimage\"},\"image\":{\"@id\":\"https:\/\/talkpal.ai\/is\/galisiskar-malfraediaefingar\/#primaryimage\"},\"thumbnailUrl\":\"https:\/\/talkpal.ai\/wp-content\/uploads\/2023\/05\/Galician-spain.png\",\"datePublished\":\"2023-06-21T14:01:18+00:00\",\"dateModified\":\"2025-12-17T15:59:45+00:00\",\"description\":\"\u00c6f\u00f0u \u00feig au\u00f0veldlega \u00ed galis\u00edskri m\u00e1lfr\u00e6\u00f0i \u2014 b\u00e6ttu \u00feig hratt, taktu \u00fe\u00e1tt \u00ed sk\u00fdrum gagnvirkum \u00e6fingum og \u00f6\u00f0la\u00f0u sj\u00e1lfstraust \u00ed tungum\u00e1linu\",\"breadcrumb\":{\"@id\":\"https:\/\/talkpal.ai\/is\/galisiskar-malfraediaefingar\/#breadcrumb\"},\"inLanguage\":\"is\",\"potentialAction\":[{\"@type\":\"ReadAction\",\"target\":[\"https:\/\/talkpal.ai\/is\/galisiskar-malfraediaefingar\/\"]}]},{\"@type\":\"ImageObject\",\"inLanguage\":\"is\",\"@id\":\"https:\/\/talkpal.ai\/is\/galisiskar-malfraediaefingar\/#primaryimage\",\"url\":\"https:\/\/talkpal.ai\/wp-content\/uploads\/2023\/05\/Galician-spain.png\",\"contentUrl\":\"https:\/\/talkpal.ai\/wp-content\/uploads\/2023\/05\/Galician-spain.png\",\"width\":512,\"height\":512},{\"@type\":\"BreadcrumbList\",\"@id\":\"https:\/\/talkpal.ai\/is\/galisiskar-malfraediaefingar\/#breadcrumb\",\"itemListElement\":[{\"@type\":\"ListItem\",\"position\":1,\"name\":\"Homepage\",\"item\":\"https:\/\/talkpal.ai\/is\/\"},{\"@type\":\"ListItem\",\"position\":2,\"name\":\"Galis\u00edskar m\u00e1lfr\u00e6\u00f0i\u00e6fingar\"}]},{\"@type\":\"WebSite\",\"@id\":\"https:\/\/talkpal.ai\/is\/#website\",\"url\":\"https:\/\/talkpal.ai\/is\/\",\"name\":\"Talkpal\",\"description\":\"AI Language Learning\",\"publisher\":{\"@id\":\"https:\/\/talkpal.ai\/is\/#organization\"},\"alternateName\":\"Talkpal AI\",\"potentialAction\":[{\"@type\":\"SearchAction\",\"target\":{\"@type\":\"EntryPoint\",\"urlTemplate\":\"https:\/\/talkpal.ai\/is\/?s={search_term_string}\"},\"query-input\":{\"@type\":\"PropertyValueSpecification\",\"valueRequired\":true,\"valueName\":\"search_term_string\"}}],\"inLanguage\":\"is\"},{\"@type\":\"Organization\",\"@id\":\"https:\/\/talkpal.ai\/is\/#organization\",\"name\":\"Talkpal, Inc.\",\"alternateName\":\"Talkpal AI\",\"url\":\"https:\/\/talkpal.ai\/is\/\",\"logo\":{\"@type\":\"ImageObject\",\"inLanguage\":\"is\",\"@id\":\"https:\/\/talkpal.ai\/is\/#\/schema\/logo\/image\/\",\"url\":\"https:\/\/talkpal.ai\/wp-content\/uploads\/2024\/03\/Talkpal-Logo-Icon.png\",\"contentUrl\":\"https:\/\/talkpal.ai\/wp-content\/uploads\/2024\/03\/Talkpal-Logo-Icon.png\",\"width\":2880,\"height\":2880,\"caption\":\"Talkpal, Inc.\"},\"image\":{\"@id\":\"https:\/\/talkpal.ai\/is\/#\/schema\/logo\/image\/\"},\"sameAs\":[\"https:\/\/www.facebook.com\/profile.php?id=100090733639311\",\"https:\/\/x.com\/talkpalai\",\"https:\/\/www.linkedin.com\/company\/talkpal\/\",\"https:\/\/www.youtube.com\/@TalkPal\/\",\"https:\/\/www.tiktok.com\/@talkpal\",\"https:\/\/www.instagram.com\/talkpal_ai\/\",\"https:\/\/www.crunchbase.com\/organization\/talkpal-9cde\",\"https:\/\/www.g2.com\/products\/talkpal-for-business\/\",\"https:\/\/www.trustpilot.com\/review\/talkpal.ai\",\"https:\/\/www.capterra.com\/p\/10006800\/TalkPal\/\"],\"description\":\"Talkpal is a language learning web and mobile education app, powered by the latest AI technologies, that provides engaging experiences to its customers in many different languages to help them improve their language skills. Users can chat about unlimited amount of topics with the app and use other modes to practice their language learning.\",\"email\":\"support@talkpal.ai\",\"legalName\":\"Talkpal, Inc.\",\"foundingDate\":\"2023-04-03\",\"duns\":\"118989042\",\"numberOfEmployees\":{\"@type\":\"QuantitativeValue\",\"minValue\":\"11\",\"maxValue\":\"50\"},\"publishingPrinciples\":\"https:\/\/talkpal.ai\/publishing-principles\/\",\"actionableFeedbackPolicy\":\"https:\/\/talkpal.ai\/actionable-feedback-policy\/\",\"correctionsPolicy\":\"https:\/\/talkpal.ai\/corrections-policy\/\",\"ethicsPolicy\":\"https:\/\/talkpal.ai\/ethics-policy\/\",\"diversityPolicy\":\"https:\/\/talkpal.ai\/diversity-policy\/\",\"diversityStaffingReport\":\"https:\/\/talkpal.ai\/diversity-policy\/\"}]}<\/script>\n<!-- \/ Yoast SEO Premium plugin. -->","yoast_head_json":{"title":"Galis\u00edskar m\u00e1lfr\u00e6\u00f0i\u00e6fingar - Talkpal","description":"\u00c6f\u00f0u \u00feig au\u00f0veldlega \u00ed galis\u00edskri m\u00e1lfr\u00e6\u00f0i \u2014 b\u00e6ttu \u00feig hratt, taktu \u00fe\u00e1tt \u00ed sk\u00fdrum gagnvirkum \u00e6fingum og \u00f6\u00f0la\u00f0u sj\u00e1lfstraust \u00ed tungum\u00e1linu","robots":{"index":"index","follow":"follow","max-snippet":"max-snippet:-1","max-image-preview":"max-image-preview:large","max-video-preview":"max-video-preview:-1"},"canonical":"https:\/\/talkpal.ai\/is\/galisiskar-malfraediaefingar\/","og_locale":"is_IS","og_type":"article","og_title":"Galis\u00edskar m\u00e1lfr\u00e6\u00f0i\u00e6fingar","og_description":"Galis\u00edsk m\u00e1lfr\u00e6\u00f0i efni Galis\u00edsk m\u00e1lfr\u00e6\u00f0i er ranns\u00f3kn \u00e1 m\u00e1lbyggingu, reglum og hlutum galis\u00edsku tungum\u00e1lsins, r\u00f3m\u00f6nsku tungum\u00e1li sem tala\u00f0 er \u00ed","og_url":"https:\/\/talkpal.ai\/is\/galisiskar-malfraediaefingar\/","og_site_name":"Talkpal","article_publisher":"https:\/\/www.facebook.com\/profile.php?id=100090733639311","article_modified_time":"2025-12-17T15:59:45+00:00","og_image":[{"width":512,"height":512,"url":"https:\/\/talkpal.ai\/wp-content\/uploads\/2023\/05\/Galician-spain.png","type":"image\/png"}],"twitter_card":"summary_large_image","twitter_site":"@talkpalai","twitter_misc":{"Est. reading time":"3 minutes"},"schema":{"@context":"https:\/\/schema.org","@graph":[{"@type":"WebPage","@id":"https:\/\/talkpal.ai\/is\/galisiskar-malfraediaefingar\/","url":"https:\/\/talkpal.ai\/is\/galisiskar-malfraediaefingar\/","name":"Galis\u00edskar m\u00e1lfr\u00e6\u00f0i\u00e6fingar - Talkpal","isPartOf":{"@id":"https:\/\/talkpal.ai\/is\/#website"},"primaryImageOfPage":{"@id":"https:\/\/talkpal.ai\/is\/galisiskar-malfraediaefingar\/#primaryimage"},"image":{"@id":"https:\/\/talkpal.ai\/is\/galisiskar-malfraediaefingar\/#primaryimage"},"thumbnailUrl":"https:\/\/talkpal.ai\/wp-content\/uploads\/2023\/05\/Galician-spain.png","datePublished":"2023-06-21T14:01:18+00:00","dateModified":"2025-12-17T15:59:45+00:00","description":"\u00c6f\u00f0u \u00feig au\u00f0veldlega \u00ed galis\u00edskri m\u00e1lfr\u00e6\u00f0i \u2014 b\u00e6ttu \u00feig hratt, taktu \u00fe\u00e1tt \u00ed sk\u00fdrum gagnvirkum \u00e6fingum og \u00f6\u00f0la\u00f0u sj\u00e1lfstraust \u00ed tungum\u00e1linu","breadcrumb":{"@id":"https:\/\/talkpal.ai\/is\/galisiskar-malfraediaefingar\/#breadcrumb"},"inLanguage":"is","potentialAction":[{"@type":"ReadAction","target":["https:\/\/talkpal.ai\/is\/galisiskar-malfraediaefingar\/"]}]},{"@type":"ImageObject","inLanguage":"is","@id":"https:\/\/talkpal.ai\/is\/galisiskar-malfraediaefingar\/#primaryimage","url":"https:\/\/talkpal.ai\/wp-content\/uploads\/2023\/05\/Galician-spain.png","contentUrl":"https:\/\/talkpal.ai\/wp-content\/uploads\/2023\/05\/Galician-spain.png","width":512,"height":512},{"@type":"BreadcrumbList","@id":"https:\/\/talkpal.ai\/is\/galisiskar-malfraediaefingar\/#breadcrumb","itemListElement":[{"@type":"ListItem","position":1,"name":"Homepage","item":"https:\/\/talkpal.ai\/is\/"},{"@type":"ListItem","position":2,"name":"Galis\u00edskar m\u00e1lfr\u00e6\u00f0i\u00e6fingar"}]},{"@type":"WebSite","@id":"https:\/\/talkpal.ai\/is\/#website","url":"https:\/\/talkpal.ai\/is\/","name":"Talkpal","description":"AI Language Learning","publisher":{"@id":"https:\/\/talkpal.ai\/is\/#organization"},"alternateName":"Talkpal AI","potentialAction":[{"@type":"SearchAction","target":{"@type":"EntryPoint","urlTemplate":"https:\/\/talkpal.ai\/is\/?s={search_term_string}"},"query-input":{"@type":"PropertyValueSpecification","valueRequired":true,"valueName":"search_term_string"}}],"inLanguage":"is"},{"@type":"Organization","@id":"https:\/\/talkpal.ai\/is\/#organization","name":"Talkpal, Inc.","alternateName":"Talkpal AI","url":"https:\/\/talkpal.ai\/is\/","logo":{"@type":"ImageObject","inLanguage":"is","@id":"https:\/\/talkpal.ai\/is\/#\/schema\/logo\/image\/","url":"https:\/\/talkpal.ai\/wp-content\/uploads\/2024\/03\/Talkpal-Logo-Icon.png","contentUrl":"https:\/\/talkpal.ai\/wp-content\/uploads\/2024\/03\/Talkpal-Logo-Icon.png","width":2880,"height":2880,"caption":"Talkpal, Inc."},"image":{"@id":"https:\/\/talkpal.ai\/is\/#\/schema\/logo\/image\/"},"sameAs":["https:\/\/www.facebook.com\/profile.php?id=100090733639311","https:\/\/x.com\/talkpalai","https:\/\/www.linkedin.com\/company\/talkpal\/","https:\/\/www.youtube.com\/@TalkPal\/","https:\/\/www.tiktok.com\/@talkpal","https:\/\/www.instagram.com\/talkpal_ai\/","https:\/\/www.crunchbase.com\/organization\/talkpal-9cde","https:\/\/www.g2.com\/products\/talkpal-for-business\/","https:\/\/www.trustpilot.com\/review\/talkpal.ai","https:\/\/www.capterra.com\/p\/10006800\/TalkPal\/"],"description":"Talkpal is a language learning web and mobile education app, powered by the latest AI technologies, that provides engaging experiences to its customers in many different languages to help them improve their language skills. Users can chat about unlimited amount of topics with the app and use other modes to practice their language learning.","email":"support@talkpal.ai","legalName":"Talkpal, Inc.","foundingDate":"2023-04-03","duns":"118989042","numberOfEmployees":{"@type":"QuantitativeValue","minValue":"11","maxValue":"50"},"publishingPrinciples":"https:\/\/talkpal.ai\/publishing-principles\/","actionableFeedbackPolicy":"https:\/\/talkpal.ai\/actionable-feedback-policy\/","correctionsPolicy":"https:\/\/talkpal.ai\/corrections-policy\/","ethicsPolicy":"https:\/\/talkpal.ai\/ethics-policy\/","diversityPolicy":"https:\/\/talkpal.ai\/diversity-policy\/","diversityStaffingReport":"https:\/\/talkpal.ai\/diversity-policy\/"}]}},"_links":{"self":[{"href":"https:\/\/talkpal.ai\/is\/wp-json\/wp\/v2\/pages\/162788","targetHints":{"allow":["GET"]}}],"collection":[{"href":"https:\/\/talkpal.ai\/is\/wp-json\/wp\/v2\/pages"}],"about":[{"href":"https:\/\/talkpal.ai\/is\/wp-json\/wp\/v2\/types\/page"}],"author":[{"embeddable":true,"href":"https:\/\/talkpal.ai\/is\/wp-json\/wp\/v2\/users\/6"}],"replies":[{"embeddable":true,"href":"https:\/\/talkpal.ai\/is\/wp-json\/wp\/v2\/comments?post=162788"}],"version-history":[{"count":0,"href":"https:\/\/talkpal.ai\/is\/wp-json\/wp\/v2\/pages\/162788\/revisions"}],"wp:featuredmedia":[{"embeddable":true,"href":"https:\/\/talkpal.ai\/is\/wp-json\/wp\/v2\/media\/111988"}],"wp:attachment":[{"href":"https:\/\/talkpal.ai\/is\/wp-json\/wp\/v2\/media?parent=162788"}],"curies":[{"name":"wp","href":"https:\/\/api.w.org\/{rel}","templated":true}]}}