{"id":162510,"date":"2023-06-21T14:18:43","date_gmt":"2023-06-21T14:18:43","guid":{"rendered":"http:\/\/talkpal.ai\/griska-malfraedi-aefingar\/"},"modified":"2025-12-17T16:04:37","modified_gmt":"2025-12-17T16:04:37","slug":"griska-malfraedi-aefingar","status":"publish","type":"page","link":"https:\/\/talkpal.ai\/is\/griska-malfraedi-aefingar\/","title":{"rendered":"Gr\u00edska M\u00e1lfr\u00e6\u00f0i \u00c6fingar"},"content":{"rendered":"\r\n\r\n\r\n<section class=\"languageChallengeSection\">\r\n    <div class=\"languageInfoWrapper\">\r\n        \r\n        <h1>Gr\u00edska M\u00e1lfr\u00e6\u00f0i \u00c6fingar<\/h1>\r\n        <p>Gerum gr\u00edskun\u00e1mi\u00f0 skemmtilegt og au\u00f0velt! Pr\u00f3fa\u00f0u \u00feessar einf\u00f6ldu \u00e6fingar til a\u00f0 \u00e6fa grunnatri\u00f0i gr\u00edskrar <a href=\"https:\/\/talkpal.ai\/grammar\/\">m\u00e1lfr\u00e6\u00f0i<\/a> og hefja tungum\u00e1lafer\u00f0alag \u00feitt.<\/p>\r\n\r\n                            <a class=\"getStartedHidden\" href=\"https:\/\/app.talkpal.ai\/signup?lng=\">Byrja\u00f0u<\/a>\r\n        \r\n    <\/div>\r\n\r\n    <figure>\r\n    <img decoding=\"async\" width=\"768\" height=\"768\" src=\"https:\/\/talkpal.ai\/wp-content\/uploads\/2023\/06\/greek-768x768.png\" class=\"languageImage no-lazy\" alt=\"Language learning to boost personal capability\" fetchpriority=\"high\" sizes=\"(max-width: 768px) 150px, 768px\" srcset=\"https:\/\/talkpal.ai\/wp-content\/uploads\/2023\/06\/greek-768x768.png 768w, https:\/\/talkpal.ai\/wp-content\/uploads\/2023\/06\/greek-300x300.png 300w\" \/>\r\n    \r\n\r\n    <\/figure>\r\n\r\n            <a class=\"getStartedVisible\" href=\"https:\/\/app.talkpal.ai\/signup?lng=\">Byrja\u00f0u<\/a>\r\n    \r\n<\/section>\r\n\r\n\r\n<!-- <section class=\"grammarSection\">\r\n    <div class=\"grammarLinks\">\r\n            <\/div>\r\n<\/section> -->\r\n\r\n\r\n\r\n\r\n<section class=\"promotionalBanner\">\r\n    <p class=\"promotionalText\">Skilvirkasta lei\u00f0in til a\u00f0 l\u00e6ra tungum\u00e1l<\/p>\r\n    <a class=\"promotionalLink\" href=\"https:\/\/app.talkpal.ai\/signup?lng=\">Pr\u00f3fa\u00f0u Talkpal \u00f3keypis<\/a>\r\n<\/section>\n<div class=\"wp-block-group pageContainerStyle\"><div class=\"wp-block-group__inner-container is-layout-constrained wp-block-group-is-layout-constrained\">\n<h2 class=\"wp-block-heading\" id=\"h-greek-grammar-topics\">Gr\u00edsk m\u00e1lfr\u00e6\u00f0i efni<\/h2>\n\n\n\n<p>A\u00f0 l\u00e6ra gr\u00edsku getur veri\u00f0 \u00f3tr\u00falega gefandi reynsla \u00fear sem \u00fea\u00f0 veitir hli\u00f0 a\u00f0 r\u00edkri og fj\u00f6lbreyttri menningu, b\u00f3kmenntum og s\u00f6gu. <a href=\"https:\/\/talkpal.ai\/learn-greek\/\">Gr\u00edska<\/a> tungum\u00e1li\u00f0 hefur einstaka m\u00e1lfr\u00e6\u00f0ilega uppbyggingu sem getur veri\u00f0 heillandi a\u00f0 kanna. A\u00f0 kynna \u00fe\u00e9r <a href=\"https:\/\/talkpal.ai\/learn-greek\/\">gr\u00edska<\/a> m\u00e1lfr\u00e6\u00f0i er nau\u00f0synlegt til a\u00f0 n\u00e1 t\u00f6kum \u00e1 tungum\u00e1linu, \u00fear sem \u00fea\u00f0 gerir \u00fe\u00e9r kleift a\u00f0 eiga skilvirk og n\u00e1kv\u00e6m samskipti. \u00deessi handb\u00f3k mun veita \u00fe\u00e9r yfirlit yfir nokkur helstu gr\u00edsk m\u00e1lfr\u00e6\u00f0iefni, flokku\u00f0 \u00ed r\u00f6\u00f0 sem er til \u00feess fallin a\u00f0 l\u00e6ra tungum\u00e1li\u00f0. Allt fr\u00e1 spennum og s\u00f6gnum til forsetninga og setninga, \u00feessi handb\u00f3k mun setja \u00feig \u00e1 lei\u00f0ina til a\u00f0 ver\u00f0a f\u00e6r \u00ed gr\u00edsku.<\/p>\n\n\n\n<h3 class=\"wp-block-heading\" id=\"h-1-nouns\">1. Nafnor\u00f0:<\/h3>\n\n\n\n<p>Nafnor\u00f0 eru byggingareiningar hvers tungum\u00e1ls og gr\u00edska er engin undantekning. \u00deeir eru nota\u00f0ir til a\u00f0 t\u00e1kna f\u00f3lk, sta\u00f0i, hluti e\u00f0a hugmyndir. \u00cd gr\u00edsku hafa nafnor\u00f0 kyn (karlkyns, kvenkyn e\u00f0a hvorugkyn), t\u00f6lu (eint\u00f6lu e\u00f0a fleirt\u00f6lu) og fall (nafnor\u00f0, genitive, accusative e\u00f0a vocative). Skilningur \u00e1 \u00feessum eiginleikum og beygingum \u00feeirra skiptir sk\u00f6pum til a\u00f0 mynda setningar.<\/p>\n\n\n\n<h3 class=\"wp-block-heading\" id=\"h-2-articles\">2. Greinar:<\/h3>\n\n\n\n<p>Greinar \u00e1 gr\u00edsku eru nau\u00f0synlegar til a\u00f0 tilgreina skilgreiningu nafnor\u00f0s. \u00deeir eru samm\u00e1la nafnor\u00f0inu \u00ed kyni, t\u00f6lu og falli. \u00dea\u00f0 eru \u00e1kve\u00f0nar (sem samsvarar &#8216;the&#8217;) og \u00f3\u00e1kve\u00f0nar (sem samsvarar &#8216;a&#8217; e\u00f0a &#8216;an&#8217;) greinar sem \u00fe\u00fa \u00fearft a\u00f0 l\u00e6ra og nota r\u00e9tt.<\/p>\n\n\n\n<h3 class=\"wp-block-heading\" id=\"h-3-adjectives\">3. L\u00fdsingaror\u00f0:<\/h3>\n\n\n\n<p>L\u00fdsingaror\u00f0 l\u00fdsa e\u00f0a breyta nafnor\u00f0um og veita frekari uppl\u00fdsingar um eiginleika \u00feeirra e\u00f0a eiginleika. \u00c1 gr\u00edsku eru l\u00fdsingaror\u00f0 samm\u00e1la nafnor\u00f0unum sem \u00feau breyta \u00ed kyni, t\u00f6lu og falli og hafa mismunandi fallbeygingar eftir \u00feessum eiginleikum.<\/p>\n\n\n\n<h3 class=\"wp-block-heading\" id=\"h-4-pronouns-determiners\">4. Forn\u00f6fn\/\u00e1kv\u00f6r\u00f0unaror\u00f0:<\/h3>\n\n\n\n<p>Forn\u00f6fn eru notu\u00f0 til a\u00f0 koma \u00ed sta\u00f0 nafnor\u00f0a, en \u00e1kvar\u00f0andi tilgreina e\u00f0a magngreina \u00feau. \u00cd gr\u00edsku beygjast b\u00e6\u00f0i forn\u00f6fn og \u00e1kvar\u00f0andi fyrir kyn, t\u00f6lu og fall, r\u00e9tt eins og nafnor\u00f0 og l\u00fdsingaror\u00f0. Nokkur d\u00e6mi eru pers\u00f3nuforn\u00f6fn (\u00e9g, \u00fe\u00fa, hann, h\u00fan o.s.frv.), s\u00fdniforn\u00f6fn (\u00feetta, hitt) og eignarforn\u00f6fn (minn, ur, hans, h\u00fan o.s.frv.).<\/p>\n\n\n\n<h3 class=\"wp-block-heading\" id=\"h-5-verbs\">5. Sagnir:<\/h3>\n\n\n\n<p>Sagnir tj\u00e1 athafnir, atvik e\u00f0a \u00e1stand. Gr\u00edskar sagnir hafa \u00fdmis form eftir spennu, skapi, r\u00f6dd og pers\u00f3nu. A\u00f0 skilja mismunandi samtengingar og hvernig \u00fe\u00e6r eru nota\u00f0ar skiptir sk\u00f6pum til a\u00f0 sm\u00ed\u00f0a og skilja setningar.<\/p>\n\n\n\n<h3 class=\"wp-block-heading\" id=\"h-6-tenses\">6. Spennur:<\/h3>\n\n\n\n<p>Gr\u00edska hefur nokkrar spennur, svo sem n\u00fat\u00ed\u00f0, fort\u00ed\u00f0 og framt\u00ed\u00f0. Hver spenna er notu\u00f0 til a\u00f0 gefa til kynna t\u00edma a\u00f0ger\u00f0ar, atbur\u00f0ar e\u00f0a \u00e1stands. A\u00f0 l\u00e6ra mismunandi spennur og samtengingar \u00feeirra mun hj\u00e1lpa \u00fe\u00e9r a\u00f0 tj\u00e1 \u00feig n\u00e1kv\u00e6mlega og skilja a\u00f0ra.<\/p>\n\n\n\n<h3 class=\"wp-block-heading\" id=\"h-7-tense-comparison\">7. Spenntur samanbur\u00f0ur:<\/h3>\n\n\n\n<p>Samanbur\u00f0ur \u00e1 spennum \u00e1 gr\u00edsku er mikilv\u00e6gur til a\u00f0 skilja bl\u00e6brig\u00f0i tungum\u00e1lsins. \u00deetta felur \u00ed s\u00e9r a\u00f0 l\u00e6ra hvernig \u00e1 a\u00f0 tj\u00e1 a\u00f0ger\u00f0ir e\u00f0a \u00e1stand sem eiga s\u00e9r sta\u00f0 samt\u00edmis, \u00ed r\u00f6\u00f0 e\u00f0a skilyrt.<\/p>\n\n\n\n<h3 class=\"wp-block-heading\" id=\"h-8-progressive\">8. Frams\u00e6ki\u00f0:<\/h3>\n\n\n\n<p>Frams\u00e6kni \u00fe\u00e1tturinn \u00ed gr\u00edsku er nota\u00f0ur til a\u00f0 gefa til kynna \u00e1framhaldandi e\u00f0a st\u00f6\u00f0ugar a\u00f0ger\u00f0ir. A\u00f0 l\u00e6ra hvernig \u00e1 a\u00f0 mynda og nota frams\u00e6kna \u00fe\u00e1ttinn mun hj\u00e1lpa \u00fe\u00e9r a\u00f0 flytja a\u00f0ger\u00f0ir sem eru a\u00f0 gerast \u00ed augnablikinu e\u00f0a voru a\u00f0 gerast \u00ed fort\u00ed\u00f0inni.<\/p>\n\n\n\n<h3 class=\"wp-block-heading\" id=\"h-9-perfect-progressive\">9. Fullkominn frams\u00e6kinn:<\/h3>\n\n\n\n<p>Hin fullkomna frams\u00e6kna \u00fe\u00e1ttur \u00ed gr\u00edsku sameinar hugt\u00f6kin endalok og samfellu. \u00dea\u00f0 er nota\u00f0 til a\u00f0 tj\u00e1 a\u00f0ger\u00f0ir e\u00f0a \u00e1stand sem h\u00f3fust \u00ed fort\u00ed\u00f0inni og h\u00e9ldu \u00e1fram fram a\u00f0 \u00e1kve\u00f0num t\u00edmapunkti.<\/p>\n\n\n\n<h3 class=\"wp-block-heading\" id=\"h-10-adverbs\">10. Atviksor\u00f0:<\/h3>\n\n\n\n<p>Atviksor\u00f0 veita frekari uppl\u00fdsingar um sagnir, l\u00fdsingaror\u00f0 e\u00f0a \u00f6nnur atviksor\u00f0. \u00deeir geta tj\u00e1\u00f0 h\u00e1tt, t\u00ed\u00f0ni, gr\u00e1\u00f0u, t\u00edma e\u00f0a sta\u00f0. A\u00f0 l\u00e6ra mismunandi ger\u00f0ir atviksor\u00f0a og r\u00e9tta sta\u00f0setningu \u00feeirra \u00ed setningu mun b\u00e6ta heildar reiprennandi \u00fe\u00edna \u00ed gr\u00edsku.<\/p>\n\n\n\n<h3 class=\"wp-block-heading\" id=\"h-11-conditionals\">11. Skilyr\u00f0i:<\/h3>\n\n\n\n<p>Skilyrt eru notu\u00f0 til a\u00f0 tj\u00e1 \u00edmynda\u00f0ar a\u00f0st\u00e6\u00f0ur og aflei\u00f0ingar \u00feeirra. Gr\u00edska hefur nokkrar tegundir af skilyr\u00f0um, \u00fear \u00e1 me\u00f0al raunveruleg, \u00f3raunveruleg og bl\u00f6ndu\u00f0. Skilningur og notkun skilyr\u00f0a er nau\u00f0synleg til a\u00f0 tj\u00e1 fl\u00f3knar hugsanir og hugmyndir.<\/p>\n\n\n\n<h3 class=\"wp-block-heading\" id=\"h-12-prepositions\">12. Forsetningar:<\/h3>\n\n\n\n<p>Forsetningar eru l\u00edtil or\u00f0 sem gefa til kynna tengsl nafnor\u00f0a, fornafna e\u00f0a annarra or\u00f0a \u00ed setningu. \u00deeir geta tj\u00e1\u00f0 sta\u00f0setningu, t\u00edma, stefnu, ors\u00f6k og fleira. A\u00f0 l\u00e6ra hinar \u00fdmsu forsetningar og r\u00e9tta notkun \u00feeirra mun hj\u00e1lpa \u00fe\u00e9r a\u00f0 mynda n\u00e1kv\u00e6mari og samhangandi setningar.<\/p>\n\n\n\n<h3 class=\"wp-block-heading\" id=\"h-13-sentences\">13. Setningar:<\/h3>\n\n\n\n<p>A\u00f0 lokum er nau\u00f0synlegt a\u00f0 n\u00e1 t\u00f6kum \u00e1 setningager\u00f0 til a\u00f0 eiga skilvirk samskipti \u00e1 gr\u00edsku. \u00deetta felur \u00ed s\u00e9r a\u00f0 skilja r\u00e9tta or\u00f0ar\u00f6\u00f0 og notkun \u00fdmissa m\u00e1lfr\u00e6\u00f0ilegra \u00fe\u00e1tta, svo sem efni, s\u00f6gn og hlut. Me\u00f0 \u00fev\u00ed a\u00f0 l\u00e6ra hvernig \u00e1 a\u00f0 sm\u00ed\u00f0a mismunandi ger\u00f0ir af setningum muntu vera \u00e1 g\u00f3\u00f0ri lei\u00f0 me\u00f0 a\u00f0 ver\u00f0a f\u00e6r \u00ed gr\u00edsku.<\/p>\n<\/div><\/div>\n\r\n<section class=\"learnNavigationSection\">\r\n            \r\n        <a href=\"https:\/\/talkpal.ai\/is\/laerdu-grisku\/\">\r\n            <div class=\"learnNavigationWrapper\">\r\n                <div class=\"learnNavigationContent\">\r\n                    <img decoding=\"async\" src=\"https:\/\/talkpal.ai\/wp-content\/uploads\/2024\/08\/Greek.jpg\" alt=\"Greek Flag\">\r\n                    <div>\r\n                        <h4>Um gr\u00edskun\u00e1m<\/h4>\r\n                        <p>Kynntu \u00fe\u00e9r allt um gr\u00edska m\u00e1lfr\u00e6\u00f0i.<\/p>\r\n                    <\/div>\r\n                <\/div>\r\n            <\/div>\r\n        <\/a>\r\n\r\n        \r\n        <a href=\"https:\/\/talkpal.ai\/is\/grisk-malfraedi\/\">\r\n            <div class=\"learnNavigationWrapper\">\r\n                <div class=\"learnNavigationContent\">\r\n                    <img decoding=\"async\" src=\"https:\/\/talkpal.ai\/wp-content\/uploads\/2024\/08\/Greek.jpg\" alt=\"Greek Flag\">\r\n                    <div>\r\n                        <h4>Kennsla \u00ed gr\u00edskri m\u00e1lfr\u00e6\u00f0i<\/h4>\r\n                        <p>\u00c6f\u00f0u gr\u00edska m\u00e1lfr\u00e6\u00f0i.<\/p>\r\n                    <\/div>\r\n                <\/div>\r\n            <\/div>\r\n        <\/a>\r\n\r\n        \r\n        <a href=\"https:\/\/talkpal.ai\/vocabulary_language\/greek\/\">\r\n            <div class=\"learnNavigationWrapper\">\r\n                <div class=\"learnNavigationContent\">\r\n                    <img decoding=\"async\" src=\"https:\/\/talkpal.ai\/wp-content\/uploads\/2024\/08\/Greek.jpg\" alt=\"Greek Flag\">\r\n                    <div>\r\n                        <h4>Gr\u00edskur or\u00f0afor\u00f0i<\/h4>\r\n                        <p>St\u00e6kka\u00f0u gr\u00edska or\u00f0afor\u00f0a \u00feinn.<\/p>\r\n                    <\/div>\r\n                <\/div>\r\n            <\/div>\r\n        <\/a>\r\n\r\n            <\/section>","protected":false},"excerpt":{"rendered":"<p>Gr\u00edsk m\u00e1lfr\u00e6\u00f0i efni A\u00f0 l\u00e6ra gr\u00edsku getur veri\u00f0 \u00f3tr\u00falega gefandi reynsla \u00fear sem \u00fea\u00f0 veitir hli\u00f0 a\u00f0 r\u00edkri og fj\u00f6lbreyttri menningu, b\u00f3kmenntum og s\u00f6gu. Gr\u00edska tungum\u00e1li\u00f0 hefur einstaka m\u00e1lfr\u00e6\u00f0ilega uppbyggingu sem getur veri\u00f0 heillandi a\u00f0 kanna. A\u00f0 kynna \u00fe\u00e9r gr\u00edska m\u00e1lfr\u00e6\u00f0i er nau\u00f0synlegt til a\u00f0 n\u00e1 t\u00f6kum \u00e1 tungum\u00e1linu, \u00fear sem \u00fea\u00f0 gerir \u00fe\u00e9r kleift [&hellip;]<\/p>\n","protected":false},"author":6,"featured_media":112713,"parent":0,"menu_order":0,"comment_status":"closed","ping_status":"closed","template":"LearningContentPage.php","meta":{"_acf_changed":false,"footnotes":""},"class_list":["post-162510","page","type-page","status-publish","has-post-thumbnail","hentry"],"acf":[],"yoast_head":"<!-- This site is optimized with the Yoast SEO Premium plugin v27.2 (Yoast SEO v27.2) - https:\/\/yoast.com\/product\/yoast-seo-premium-wordpress\/ -->\n<title>Gr\u00edska M\u00e1lfr\u00e6\u00f0i \u00c6fingar - Talkpal<\/title>\n<meta name=\"description\" content=\"B\u00e6ttu gr\u00edsku m\u00e1lfr\u00e6\u00f0ikunn\u00e1ttu \u00fe\u00edna au\u00f0veldlega - \u00e6f\u00f0u gagnvirkar \u00e6fingar, b\u00e6ttu \u00feig hratt og bygg\u00f0u upp sj\u00e1lfstraust me\u00f0 Talkpal gervigreind.\" \/>\n<meta name=\"robots\" content=\"index, follow, max-snippet:-1, max-image-preview:large, max-video-preview:-1\" \/>\n<link rel=\"canonical\" href=\"https:\/\/talkpal.ai\/is\/griska-malfraedi-aefingar\/\" \/>\n<meta property=\"og:locale\" content=\"is_IS\" \/>\n<meta property=\"og:type\" content=\"article\" \/>\n<meta property=\"og:title\" content=\"Gr\u00edska M\u00e1lfr\u00e6\u00f0i \u00c6fingar\" \/>\n<meta property=\"og:description\" content=\"Gr\u00edsk m\u00e1lfr\u00e6\u00f0i efni A\u00f0 l\u00e6ra gr\u00edsku getur veri\u00f0 \u00f3tr\u00falega gefandi reynsla \u00fear sem \u00fea\u00f0 veitir hli\u00f0 a\u00f0 r\u00edkri og fj\u00f6lbreyttri menningu, b\u00f3kmenntum og s\u00f6gu.\" \/>\n<meta property=\"og:url\" content=\"https:\/\/talkpal.ai\/is\/griska-malfraedi-aefingar\/\" \/>\n<meta property=\"og:site_name\" content=\"Talkpal\" \/>\n<meta property=\"article:publisher\" content=\"https:\/\/www.facebook.com\/profile.php?id=100090733639311\" \/>\n<meta property=\"article:modified_time\" content=\"2025-12-17T16:04:37+00:00\" \/>\n<meta property=\"og:image\" content=\"https:\/\/talkpal.ai\/wp-content\/uploads\/2023\/05\/greece.png\" \/>\n\t<meta property=\"og:image:width\" content=\"512\" \/>\n\t<meta property=\"og:image:height\" content=\"512\" \/>\n\t<meta property=\"og:image:type\" content=\"image\/png\" \/>\n<meta name=\"twitter:card\" content=\"summary_large_image\" \/>\n<meta name=\"twitter:site\" content=\"@talkpalai\" \/>\n<meta name=\"twitter:label1\" content=\"Est. reading time\" \/>\n\t<meta name=\"twitter:data1\" content=\"4 minutes\" \/>\n<script type=\"application\/ld+json\" class=\"yoast-schema-graph\">{\"@context\":\"https:\/\/schema.org\",\"@graph\":[{\"@type\":\"WebPage\",\"@id\":\"https:\/\/talkpal.ai\/is\/griska-malfraedi-aefingar\/\",\"url\":\"https:\/\/talkpal.ai\/is\/griska-malfraedi-aefingar\/\",\"name\":\"Gr\u00edska M\u00e1lfr\u00e6\u00f0i \u00c6fingar - Talkpal\",\"isPartOf\":{\"@id\":\"https:\/\/talkpal.ai\/is\/#website\"},\"primaryImageOfPage\":{\"@id\":\"https:\/\/talkpal.ai\/is\/griska-malfraedi-aefingar\/#primaryimage\"},\"image\":{\"@id\":\"https:\/\/talkpal.ai\/is\/griska-malfraedi-aefingar\/#primaryimage\"},\"thumbnailUrl\":\"https:\/\/talkpal.ai\/wp-content\/uploads\/2023\/05\/greece.png\",\"datePublished\":\"2023-06-21T14:18:43+00:00\",\"dateModified\":\"2025-12-17T16:04:37+00:00\",\"description\":\"B\u00e6ttu gr\u00edsku m\u00e1lfr\u00e6\u00f0ikunn\u00e1ttu \u00fe\u00edna au\u00f0veldlega - \u00e6f\u00f0u gagnvirkar \u00e6fingar, b\u00e6ttu \u00feig hratt og bygg\u00f0u upp sj\u00e1lfstraust me\u00f0 Talkpal gervigreind.\",\"breadcrumb\":{\"@id\":\"https:\/\/talkpal.ai\/is\/griska-malfraedi-aefingar\/#breadcrumb\"},\"inLanguage\":\"is\",\"potentialAction\":[{\"@type\":\"ReadAction\",\"target\":[\"https:\/\/talkpal.ai\/is\/griska-malfraedi-aefingar\/\"]}]},{\"@type\":\"ImageObject\",\"inLanguage\":\"is\",\"@id\":\"https:\/\/talkpal.ai\/is\/griska-malfraedi-aefingar\/#primaryimage\",\"url\":\"https:\/\/talkpal.ai\/wp-content\/uploads\/2023\/05\/greece.png\",\"contentUrl\":\"https:\/\/talkpal.ai\/wp-content\/uploads\/2023\/05\/greece.png\",\"width\":512,\"height\":512},{\"@type\":\"BreadcrumbList\",\"@id\":\"https:\/\/talkpal.ai\/is\/griska-malfraedi-aefingar\/#breadcrumb\",\"itemListElement\":[{\"@type\":\"ListItem\",\"position\":1,\"name\":\"Homepage\",\"item\":\"https:\/\/talkpal.ai\/is\/\"},{\"@type\":\"ListItem\",\"position\":2,\"name\":\"Gr\u00edska M\u00e1lfr\u00e6\u00f0i \u00c6fingar\"}]},{\"@type\":\"WebSite\",\"@id\":\"https:\/\/talkpal.ai\/is\/#website\",\"url\":\"https:\/\/talkpal.ai\/is\/\",\"name\":\"Talkpal\",\"description\":\"AI Language Learning\",\"publisher\":{\"@id\":\"https:\/\/talkpal.ai\/is\/#organization\"},\"alternateName\":\"Talkpal AI\",\"potentialAction\":[{\"@type\":\"SearchAction\",\"target\":{\"@type\":\"EntryPoint\",\"urlTemplate\":\"https:\/\/talkpal.ai\/is\/?s={search_term_string}\"},\"query-input\":{\"@type\":\"PropertyValueSpecification\",\"valueRequired\":true,\"valueName\":\"search_term_string\"}}],\"inLanguage\":\"is\"},{\"@type\":\"Organization\",\"@id\":\"https:\/\/talkpal.ai\/is\/#organization\",\"name\":\"Talkpal, Inc.\",\"alternateName\":\"Talkpal AI\",\"url\":\"https:\/\/talkpal.ai\/is\/\",\"logo\":{\"@type\":\"ImageObject\",\"inLanguage\":\"is\",\"@id\":\"https:\/\/talkpal.ai\/is\/#\/schema\/logo\/image\/\",\"url\":\"https:\/\/talkpal.ai\/wp-content\/uploads\/2024\/03\/Talkpal-Logo-Icon.png\",\"contentUrl\":\"https:\/\/talkpal.ai\/wp-content\/uploads\/2024\/03\/Talkpal-Logo-Icon.png\",\"width\":2880,\"height\":2880,\"caption\":\"Talkpal, Inc.\"},\"image\":{\"@id\":\"https:\/\/talkpal.ai\/is\/#\/schema\/logo\/image\/\"},\"sameAs\":[\"https:\/\/www.facebook.com\/profile.php?id=100090733639311\",\"https:\/\/x.com\/talkpalai\",\"https:\/\/www.linkedin.com\/company\/talkpal\/\",\"https:\/\/www.youtube.com\/@TalkPal\/\",\"https:\/\/www.tiktok.com\/@talkpal\",\"https:\/\/www.instagram.com\/talkpal_ai\/\",\"https:\/\/www.crunchbase.com\/organization\/talkpal-9cde\",\"https:\/\/www.g2.com\/products\/talkpal-for-business\/\",\"https:\/\/www.trustpilot.com\/review\/talkpal.ai\",\"https:\/\/www.capterra.com\/p\/10006800\/TalkPal\/\"],\"description\":\"Talkpal is a language learning web and mobile education app, powered by the latest AI technologies, that provides engaging experiences to its customers in many different languages to help them improve their language skills. Users can chat about unlimited amount of topics with the app and use other modes to practice their language learning.\",\"email\":\"support@talkpal.ai\",\"legalName\":\"Talkpal, Inc.\",\"foundingDate\":\"2023-04-03\",\"duns\":\"118989042\",\"numberOfEmployees\":{\"@type\":\"QuantitativeValue\",\"minValue\":\"11\",\"maxValue\":\"50\"},\"publishingPrinciples\":\"https:\/\/talkpal.ai\/publishing-principles\/\",\"actionableFeedbackPolicy\":\"https:\/\/talkpal.ai\/actionable-feedback-policy\/\",\"correctionsPolicy\":\"https:\/\/talkpal.ai\/corrections-policy\/\",\"ethicsPolicy\":\"https:\/\/talkpal.ai\/ethics-policy\/\",\"diversityPolicy\":\"https:\/\/talkpal.ai\/diversity-policy\/\",\"diversityStaffingReport\":\"https:\/\/talkpal.ai\/diversity-policy\/\"}]}<\/script>\n<!-- \/ Yoast SEO Premium plugin. -->","yoast_head_json":{"title":"Gr\u00edska M\u00e1lfr\u00e6\u00f0i \u00c6fingar - Talkpal","description":"B\u00e6ttu gr\u00edsku m\u00e1lfr\u00e6\u00f0ikunn\u00e1ttu \u00fe\u00edna au\u00f0veldlega - \u00e6f\u00f0u gagnvirkar \u00e6fingar, b\u00e6ttu \u00feig hratt og bygg\u00f0u upp sj\u00e1lfstraust me\u00f0 Talkpal gervigreind.","robots":{"index":"index","follow":"follow","max-snippet":"max-snippet:-1","max-image-preview":"max-image-preview:large","max-video-preview":"max-video-preview:-1"},"canonical":"https:\/\/talkpal.ai\/is\/griska-malfraedi-aefingar\/","og_locale":"is_IS","og_type":"article","og_title":"Gr\u00edska M\u00e1lfr\u00e6\u00f0i \u00c6fingar","og_description":"Gr\u00edsk m\u00e1lfr\u00e6\u00f0i efni A\u00f0 l\u00e6ra gr\u00edsku getur veri\u00f0 \u00f3tr\u00falega gefandi reynsla \u00fear sem \u00fea\u00f0 veitir hli\u00f0 a\u00f0 r\u00edkri og fj\u00f6lbreyttri menningu, b\u00f3kmenntum og s\u00f6gu.","og_url":"https:\/\/talkpal.ai\/is\/griska-malfraedi-aefingar\/","og_site_name":"Talkpal","article_publisher":"https:\/\/www.facebook.com\/profile.php?id=100090733639311","article_modified_time":"2025-12-17T16:04:37+00:00","og_image":[{"width":512,"height":512,"url":"https:\/\/talkpal.ai\/wp-content\/uploads\/2023\/05\/greece.png","type":"image\/png"}],"twitter_card":"summary_large_image","twitter_site":"@talkpalai","twitter_misc":{"Est. reading time":"4 minutes"},"schema":{"@context":"https:\/\/schema.org","@graph":[{"@type":"WebPage","@id":"https:\/\/talkpal.ai\/is\/griska-malfraedi-aefingar\/","url":"https:\/\/talkpal.ai\/is\/griska-malfraedi-aefingar\/","name":"Gr\u00edska M\u00e1lfr\u00e6\u00f0i \u00c6fingar - Talkpal","isPartOf":{"@id":"https:\/\/talkpal.ai\/is\/#website"},"primaryImageOfPage":{"@id":"https:\/\/talkpal.ai\/is\/griska-malfraedi-aefingar\/#primaryimage"},"image":{"@id":"https:\/\/talkpal.ai\/is\/griska-malfraedi-aefingar\/#primaryimage"},"thumbnailUrl":"https:\/\/talkpal.ai\/wp-content\/uploads\/2023\/05\/greece.png","datePublished":"2023-06-21T14:18:43+00:00","dateModified":"2025-12-17T16:04:37+00:00","description":"B\u00e6ttu gr\u00edsku m\u00e1lfr\u00e6\u00f0ikunn\u00e1ttu \u00fe\u00edna au\u00f0veldlega - \u00e6f\u00f0u gagnvirkar \u00e6fingar, b\u00e6ttu \u00feig hratt og bygg\u00f0u upp sj\u00e1lfstraust me\u00f0 Talkpal gervigreind.","breadcrumb":{"@id":"https:\/\/talkpal.ai\/is\/griska-malfraedi-aefingar\/#breadcrumb"},"inLanguage":"is","potentialAction":[{"@type":"ReadAction","target":["https:\/\/talkpal.ai\/is\/griska-malfraedi-aefingar\/"]}]},{"@type":"ImageObject","inLanguage":"is","@id":"https:\/\/talkpal.ai\/is\/griska-malfraedi-aefingar\/#primaryimage","url":"https:\/\/talkpal.ai\/wp-content\/uploads\/2023\/05\/greece.png","contentUrl":"https:\/\/talkpal.ai\/wp-content\/uploads\/2023\/05\/greece.png","width":512,"height":512},{"@type":"BreadcrumbList","@id":"https:\/\/talkpal.ai\/is\/griska-malfraedi-aefingar\/#breadcrumb","itemListElement":[{"@type":"ListItem","position":1,"name":"Homepage","item":"https:\/\/talkpal.ai\/is\/"},{"@type":"ListItem","position":2,"name":"Gr\u00edska M\u00e1lfr\u00e6\u00f0i \u00c6fingar"}]},{"@type":"WebSite","@id":"https:\/\/talkpal.ai\/is\/#website","url":"https:\/\/talkpal.ai\/is\/","name":"Talkpal","description":"AI Language Learning","publisher":{"@id":"https:\/\/talkpal.ai\/is\/#organization"},"alternateName":"Talkpal AI","potentialAction":[{"@type":"SearchAction","target":{"@type":"EntryPoint","urlTemplate":"https:\/\/talkpal.ai\/is\/?s={search_term_string}"},"query-input":{"@type":"PropertyValueSpecification","valueRequired":true,"valueName":"search_term_string"}}],"inLanguage":"is"},{"@type":"Organization","@id":"https:\/\/talkpal.ai\/is\/#organization","name":"Talkpal, Inc.","alternateName":"Talkpal AI","url":"https:\/\/talkpal.ai\/is\/","logo":{"@type":"ImageObject","inLanguage":"is","@id":"https:\/\/talkpal.ai\/is\/#\/schema\/logo\/image\/","url":"https:\/\/talkpal.ai\/wp-content\/uploads\/2024\/03\/Talkpal-Logo-Icon.png","contentUrl":"https:\/\/talkpal.ai\/wp-content\/uploads\/2024\/03\/Talkpal-Logo-Icon.png","width":2880,"height":2880,"caption":"Talkpal, Inc."},"image":{"@id":"https:\/\/talkpal.ai\/is\/#\/schema\/logo\/image\/"},"sameAs":["https:\/\/www.facebook.com\/profile.php?id=100090733639311","https:\/\/x.com\/talkpalai","https:\/\/www.linkedin.com\/company\/talkpal\/","https:\/\/www.youtube.com\/@TalkPal\/","https:\/\/www.tiktok.com\/@talkpal","https:\/\/www.instagram.com\/talkpal_ai\/","https:\/\/www.crunchbase.com\/organization\/talkpal-9cde","https:\/\/www.g2.com\/products\/talkpal-for-business\/","https:\/\/www.trustpilot.com\/review\/talkpal.ai","https:\/\/www.capterra.com\/p\/10006800\/TalkPal\/"],"description":"Talkpal is a language learning web and mobile education app, powered by the latest AI technologies, that provides engaging experiences to its customers in many different languages to help them improve their language skills. Users can chat about unlimited amount of topics with the app and use other modes to practice their language learning.","email":"support@talkpal.ai","legalName":"Talkpal, Inc.","foundingDate":"2023-04-03","duns":"118989042","numberOfEmployees":{"@type":"QuantitativeValue","minValue":"11","maxValue":"50"},"publishingPrinciples":"https:\/\/talkpal.ai\/publishing-principles\/","actionableFeedbackPolicy":"https:\/\/talkpal.ai\/actionable-feedback-policy\/","correctionsPolicy":"https:\/\/talkpal.ai\/corrections-policy\/","ethicsPolicy":"https:\/\/talkpal.ai\/ethics-policy\/","diversityPolicy":"https:\/\/talkpal.ai\/diversity-policy\/","diversityStaffingReport":"https:\/\/talkpal.ai\/diversity-policy\/"}]}},"_links":{"self":[{"href":"https:\/\/talkpal.ai\/is\/wp-json\/wp\/v2\/pages\/162510","targetHints":{"allow":["GET"]}}],"collection":[{"href":"https:\/\/talkpal.ai\/is\/wp-json\/wp\/v2\/pages"}],"about":[{"href":"https:\/\/talkpal.ai\/is\/wp-json\/wp\/v2\/types\/page"}],"author":[{"embeddable":true,"href":"https:\/\/talkpal.ai\/is\/wp-json\/wp\/v2\/users\/6"}],"replies":[{"embeddable":true,"href":"https:\/\/talkpal.ai\/is\/wp-json\/wp\/v2\/comments?post=162510"}],"version-history":[{"count":0,"href":"https:\/\/talkpal.ai\/is\/wp-json\/wp\/v2\/pages\/162510\/revisions"}],"wp:featuredmedia":[{"embeddable":true,"href":"https:\/\/talkpal.ai\/is\/wp-json\/wp\/v2\/media\/112713"}],"wp:attachment":[{"href":"https:\/\/talkpal.ai\/is\/wp-json\/wp\/v2\/media?parent=162510"}],"curies":[{"name":"wp","href":"https:\/\/api.w.org\/{rel}","templated":true}]}}