{"id":162226,"date":"2023-06-21T14:25:56","date_gmt":"2023-06-21T14:25:56","guid":{"rendered":"http:\/\/talkpal.ai\/hebreska-malfraedi-aefingar\/"},"modified":"2025-12-17T15:48:43","modified_gmt":"2025-12-17T15:48:43","slug":"hebreska-malfraedi-aefingar","status":"publish","type":"page","link":"https:\/\/talkpal.ai\/is\/hebreska-malfraedi-aefingar\/","title":{"rendered":"Hebreska M\u00e1lfr\u00e6\u00f0i \u00c6fingar"},"content":{"rendered":"\r\n\r\n\r\n<section class=\"languageChallengeSection\">\r\n    <div class=\"languageInfoWrapper\">\r\n        \r\n        <h1>Hebreska M\u00e1lfr\u00e6\u00f0i \u00c6fingar<\/h1>\r\n        <p>Tilb\u00fainn\/n a\u00f0 kafa dj\u00fapt \u00ed <a href=\"https:\/\/talkpal.ai\/learn-hebrew\/\">hebreska<\/a> <a href=\"https:\/\/talkpal.ai\/grammar\/\">m\u00e1lfr\u00e6\u00f0i<\/a>? \u00deessar einf\u00f6ldu \u00e6fingar munu hj\u00e1lpa \u00fe\u00e9r a\u00f0 venjast grunnatri\u00f0unum og byggja upp sj\u00e1lfstraust \u00feitt \u00feegar \u00fe\u00fa l\u00e6rir \u00feetta fallega tungum\u00e1l.<\/p>\r\n\r\n                            <a class=\"getStartedHidden\" href=\"https:\/\/app.talkpal.ai\/signup?lng=\">Byrja\u00f0u<\/a>\r\n        \r\n    <\/div>\r\n\r\n    <figure>\r\n    <img decoding=\"async\" width=\"768\" height=\"768\" src=\"https:\/\/talkpal.ai\/wp-content\/uploads\/2023\/06\/hebrew-768x768.png\" class=\"languageImage no-lazy\" alt=\"Language learning for proficient communication\" fetchpriority=\"high\" sizes=\"(max-width: 768px) 150px, 768px\" srcset=\"https:\/\/talkpal.ai\/wp-content\/uploads\/2023\/06\/hebrew-768x768.png 768w, https:\/\/talkpal.ai\/wp-content\/uploads\/2023\/06\/hebrew-300x300.png 300w\" \/>\r\n    \r\n\r\n    <\/figure>\r\n\r\n            <a class=\"getStartedVisible\" href=\"https:\/\/app.talkpal.ai\/signup?lng=\">Byrja\u00f0u<\/a>\r\n    \r\n<\/section>\r\n\r\n\r\n<!-- <section class=\"grammarSection\">\r\n    <div class=\"grammarLinks\">\r\n            <\/div>\r\n<\/section> -->\r\n\r\n\r\n\r\n\r\n<section class=\"promotionalBanner\">\r\n    <p class=\"promotionalText\">Skilvirkasta lei\u00f0in til a\u00f0 l\u00e6ra tungum\u00e1l<\/p>\r\n    <a class=\"promotionalLink\" href=\"https:\/\/app.talkpal.ai\/signup?lng=\">Pr\u00f3fa\u00f0u Talkpal \u00f3keypis<\/a>\r\n<\/section>\n<div class=\"wp-block-group pageContainerStyle\"><div class=\"wp-block-group__inner-container is-layout-constrained wp-block-group-is-layout-constrained\">\n<h2 class=\"wp-block-heading\" id=\"h-hebrew-grammar-topics\">Hebresk m\u00e1lfr\u00e6\u00f0i efni<\/h2>\n\n\n\n<p>Hebreska er heillandi og fornt tungum\u00e1l sem hefur mikla s\u00f6gulega og menningarlega \u00fe\u00fd\u00f0ingu. Sem eitt elsta tungum\u00e1l \u00ed heimi hefur tungum\u00e1li\u00f0 \u00fer\u00f3ast og a\u00f0lagast me\u00f0 t\u00edmanum, sem gerir \u00fea\u00f0 b\u00e6\u00f0i a\u00f0 krefjandi og gefandi tungum\u00e1li a\u00f0 l\u00e6ra. Hvort sem \u00fe\u00fa ert a\u00f0 l\u00e6ra hebresku af tr\u00faarlegum \u00e1st\u00e6\u00f0um, til a\u00f0 tengjast arfleif\u00f0 \u00feinni e\u00f0a einfaldlega til pers\u00f3nulegs \u00feroska, \u00fe\u00e1 er skilningur \u00e1 m\u00e1lfr\u00e6\u00f0i nau\u00f0synlegur fyrir \u00e1rangursr\u00edk samskipti. \u00cd \u00feessari handb\u00f3k munum vi\u00f0 kanna helstu hebresku m\u00e1lfr\u00e6\u00f0iefnin sem \u00fe\u00fa \u00fearft a\u00f0 n\u00e1 t\u00f6kum \u00e1 \u00ed r\u00f6kr\u00e9ttri r\u00f6\u00f0, sem veitir traustan grunn fyrir tungum\u00e1lan\u00e1msfer\u00f0 \u00fe\u00edna.<\/p>\n\n\n\n<h3 class=\"wp-block-heading\" id=\"h-1-nouns\">1. Nafnor\u00f0:<\/h3>\n\n\n\n<p>Sem byggingareiningar hvers tungum\u00e1ls er mikilv\u00e6gt a\u00f0 skilja hebresk nafnor\u00f0. Nafnor\u00f0 \u00e1 hebresku hafa kyn (karlkyns e\u00f0a kvenkyns) og t\u00f6lu (eint\u00f6lu, fleirt\u00f6lu og stundum tv\u00edskipt). A\u00f0 l\u00e6ra mynstur fyrir samkomulag um kyn og talnafj\u00f6lda mun hj\u00e1lpa \u00fe\u00e9r a\u00f0 mynda grunnsetningar og skilja tungum\u00e1laskipanina.<\/p>\n\n\n\n<h3 class=\"wp-block-heading\" id=\"h-2-articles\">2. Greinar:<\/h3>\n\n\n\n<p>Hebreska hefur \u00e1kve\u00f0inn grein, \u201e\u05d4\u201c (ha), sem er festur vi\u00f0 upphaf nafnor\u00f0s til a\u00f0 gefa til kynna a\u00f0 \u00fea\u00f0 s\u00e9 s\u00e9rt\u00e6kt e\u00f0a \u00feekkt. \u00dea\u00f0 er enginn \u00f3\u00e1kve\u00f0inn grein \u00e1 hebresku, svo a\u00f0 l\u00e6ra hven\u00e6r og hvernig \u00e1 a\u00f0 nota \u00e1kve\u00f0na greinina er nau\u00f0synlegt fyrir r\u00e9tta samskipti.<\/p>\n\n\n\n<h3 class=\"wp-block-heading\" id=\"h-3-adjectives\">3. L\u00fdsingaror\u00f0:<\/h3>\n\n\n\n<p>Hebresk l\u00fdsingaror\u00f0, eins og nafnor\u00f0, hafa samkomulag um kyn og t\u00f6lur. \u00deeir fylgja nafnor\u00f0inu sem \u00feeir breyta og ver\u00f0a a\u00f0 koma s\u00e9r saman um kyn og t\u00f6lu. Skilningur \u00e1 mynstri og reglum l\u00fdsingaror\u00f0ssamkomulags mun hj\u00e1lpa \u00fe\u00e9r a\u00f0 l\u00fdsa n\u00e1kv\u00e6mlega hlutum og hugmyndum \u00e1 hebresku.<\/p>\n\n\n\n<h3 class=\"wp-block-heading\" id=\"h-4-pronouns-determiners\">4. Forn\u00f6fn\/\u00e1kv\u00f6r\u00f0unaror\u00f0:<\/h3>\n\n\n\n<p>Forn\u00f6fn koma \u00ed sta\u00f0 nafnor\u00f0a \u00ed setningum en \u00e1kvar\u00f0andi a\u00f0ilar tilgreina \u00feau e\u00f0a magngreina. B\u00e1\u00f0ir gegna mikilv\u00e6gu hlutverki vi\u00f0 a\u00f0 <a href=\"https:\/\/talkpal.ai\/locations\/language-courses-in-gera\/\">gera<\/a> hebreskuna \u00fe\u00edna reiprennandi og n\u00e1tt\u00farulegri. A\u00f0 n\u00e1 t\u00f6kum \u00e1 hinum \u00fdmsu forn\u00f6fnum (efni, hlut, eignarfalli) og \u00e1kvar\u00f0andi (s\u00fdnikennandi, spyrjandi, \u00f3\u00e1kve\u00f0inn) mun hj\u00e1lpa \u00fe\u00e9r a\u00f0 b\u00faa til fl\u00f3knari setningar og koma hugmyndum \u00fe\u00ednum \u00e1 framf\u00e6ri \u00e1 skilvirkari h\u00e1tt.<\/p>\n\n\n\n<h3 class=\"wp-block-heading\" id=\"h-5-verbs\">5. Sagnir:<\/h3>\n\n\n\n<p>Hebreskar sagnir eru kjarninn \u00ed m\u00e1lfr\u00e6\u00f0i tungum\u00e1lsins. \u00deeir byggjast \u00e1 r\u00f3tarkerfi sem samanstendur af \u00feremur e\u00f0a fj\u00f3rum samhlj\u00f3\u00f0um og eru beyg\u00f0ir eftir spennu, pers\u00f3nu, kyni og t\u00f6lu. A\u00f0 kynna \u00fe\u00e9r hin \u00fdmsu sagnaform og spennur gerir \u00fe\u00e9r kleift a\u00f0 tj\u00e1 a\u00f0ger\u00f0ir og r\u00edki \u00e1 \u00e1hrifar\u00edkan h\u00e1tt.<\/p>\n\n\n\n<h3 class=\"wp-block-heading\" id=\"h-6-tenses\">6. Spennur:<\/h3>\n\n\n\n<p>Hebreska hefur \u00ferj\u00e1r meginspennur: fort\u00ed\u00f0, n\u00fat\u00ed\u00f0 og framt\u00ed\u00f0. Hver t\u00ed\u00f0 hefur s\u00e9rstakar samtengingarreglur sem eru h\u00e1\u00f0ar r\u00f3t sagnor\u00f0sins og kyni og t\u00f6lu vi\u00f0fangsefnisins. Skilningur \u00e1 \u00feessum reglum gerir \u00fe\u00e9r kleift a\u00f0 koma t\u00edmasetningu a\u00f0ger\u00f0a n\u00e1kv\u00e6mlega \u00e1 framf\u00e6ri.<\/p>\n\n\n\n<h3 class=\"wp-block-heading\" id=\"h-7-tense-comparison\">7. Spenntur samanbur\u00f0ur:<\/h3>\n\n\n\n<p>\u00dea\u00f0 er nau\u00f0synlegt a\u00f0 vita hven\u00e6r og hvernig \u00e1 a\u00f0 nota hverja hebresku spennu til a\u00f0 eiga skilvirk samskipti. A\u00f0 bera saman og andst\u00e6\u00f0a hinna \u00fdmsu spennu mun hj\u00e1lpa \u00fe\u00e9r a\u00f0 \u00e1tta \u00feig \u00e1 bl\u00e6brig\u00f0um tungum\u00e1lsins og leyfa \u00fe\u00e9r a\u00f0 tj\u00e1 \u00feig n\u00e1kv\u00e6mari.<\/p>\n\n\n\n<h3 class=\"wp-block-heading\" id=\"h-8-progressive-and-perfect-progressive\">8. Frams\u00e6kinn og fullkominn frams\u00f3knarma\u00f0ur:<\/h3>\n\n\n\n<p>\u00deessar sagnamyndir eru nota\u00f0ar til a\u00f0 gefa til kynna yfirstandandi e\u00f0a loki\u00f0 a\u00f0ger\u00f0um. Frams\u00e6ki\u00f0 form er nota\u00f0 fyrir a\u00f0ger\u00f0ir sem eru enn \u00ed gangi, en fullkominn frams\u00e6kinn leggur \u00e1herslu \u00e1 a\u00f0 lj\u00faka a\u00f0ger\u00f0. A\u00f0 skilja \u00feessi form mun auka getu \u00fe\u00edna til a\u00f0 tj\u00e1 fl\u00f3knar hugmyndir og a\u00f0ger\u00f0ir.<\/p>\n\n\n\n<h3 class=\"wp-block-heading\" id=\"h-9-adverbs\">9. Atviksor\u00f0:<\/h3>\n\n\n\n<p>Atviksor\u00f0 breyta s\u00f6gnum, l\u00fdsingaror\u00f0um e\u00f0a \u00f6\u00f0rum atviksor\u00f0um og veita frekari uppl\u00fdsingar um ath\u00f6fnina e\u00f0a eiginleikann sem veri\u00f0 er a\u00f0 l\u00fdsa. A\u00f0 l\u00e6ra hinar \u00fdmsu ger\u00f0ir hebreskra atviksor\u00f0a og hvernig \u00e1 a\u00f0 nota \u00feau r\u00e9tt mun b\u00e6ta fj\u00f6lbreytni og d\u00fdpt vi\u00f0 tungum\u00e1lakunn\u00e1ttu \u00fe\u00edna.<\/p>\n\n\n\n<h3 class=\"wp-block-heading\" id=\"h-10-prepositions\">10. Forsetningar:<\/h3>\n\n\n\n<p>Forsetningar tengja nafnor\u00f0, forn\u00f6fn e\u00f0a \u00f6nnur or\u00f0 til a\u00f0 s\u00fdna tengsl \u00ed t\u00edma, sta\u00f0setningu e\u00f0a \u00f6\u00f0ru samhengi. A\u00f0 n\u00e1 t\u00f6kum \u00e1 hebreskum forsetningum mun hj\u00e1lpa \u00fe\u00e9r a\u00f0 b\u00faa til fl\u00f3knari setningar og tj\u00e1 tengsl milli hugmynda betur.<\/p>\n\n\n\n<h3 class=\"wp-block-heading\" id=\"h-11-conditionals\">11. Skilyr\u00f0i:<\/h3>\n\n\n\n<p>Hebresk skilyr\u00f0i eru notu\u00f0 til a\u00f0 tj\u00e1 \u00edmynda\u00f0ar a\u00f0st\u00e6\u00f0ur og aflei\u00f0ingar \u00feeirra. A\u00f0 l\u00e6ra hin \u00fdmsu skilyrtu mannvirki (ef\/\u00fe\u00e1 sta\u00f0h\u00e6fingar) gerir \u00fe\u00e9r kleift a\u00f0 eiga skilvirk samskipti vi\u00f0 \u00edmynda\u00f0ar e\u00f0a \u00f3vissar a\u00f0st\u00e6\u00f0ur.<\/p>\n\n\n\n<h3 class=\"wp-block-heading\" id=\"h-12-sentences\">12. Setningar:<\/h3>\n\n\n\n<p>A\u00f0 lokum, a\u00f0 setja alla m\u00e1lfr\u00e6\u00f0i\u00fe\u00e6ttina saman til a\u00f0 mynda fullkomnar, samhangandi setningar er lokamarkmi\u00f0i\u00f0 a\u00f0 l\u00e6ra hebresku. \u00c6f\u00f0u \u00feig \u00ed a\u00f0 sameina nafnor\u00f0, sagnir, l\u00fdsingaror\u00f0 og a\u00f0ra \u00fe\u00e6tti til a\u00f0 b\u00faa til setningar sem tj\u00e1 hugsanir \u00fe\u00ednar og hugmyndir n\u00e1kv\u00e6mlega \u00e1 hebresku.<\/p>\n<\/div><\/div>\n\r\n<section class=\"learnNavigationSection\">\r\n            \r\n        <a href=\"https:\/\/talkpal.ai\/is\/laerdu-hebresku\/\">\r\n            <div class=\"learnNavigationWrapper\">\r\n                <div class=\"learnNavigationContent\">\r\n                    <img decoding=\"async\" src=\"https:\/\/talkpal.ai\/wp-content\/uploads\/2024\/08\/Hebrew.jpg\" alt=\"Israel Flag\">\r\n                    <div>\r\n                        <h4>Um hebreskun\u00e1m<\/h4>\r\n                        <p>Finndu \u00fat allt um hebreska m\u00e1lfr\u00e6\u00f0i.<\/p>\r\n                    <\/div>\r\n                <\/div>\r\n            <\/div>\r\n        <\/a>\r\n\r\n        \r\n        <a href=\"https:\/\/talkpal.ai\/is\/hebresk-malfraedi\/\">\r\n            <div class=\"learnNavigationWrapper\">\r\n                <div class=\"learnNavigationContent\">\r\n                    <img decoding=\"async\" src=\"https:\/\/talkpal.ai\/wp-content\/uploads\/2024\/08\/Hebrew.jpg\" alt=\"Israel Flag\">\r\n                    <div>\r\n                        <h4>Hebreska m\u00e1lfr\u00e6\u00f0ikennsla<\/h4>\r\n                        <p>\u00c6f\u00f0u hebreska m\u00e1lfr\u00e6\u00f0i.<\/p>\r\n                    <\/div>\r\n                <\/div>\r\n            <\/div>\r\n        <\/a>\r\n\r\n        \r\n        <a href=\"https:\/\/talkpal.ai\/vocabulary_language\/hebrew\/\">\r\n            <div class=\"learnNavigationWrapper\">\r\n                <div class=\"learnNavigationContent\">\r\n                    <img decoding=\"async\" src=\"https:\/\/talkpal.ai\/wp-content\/uploads\/2024\/08\/Hebrew.jpg\" alt=\"Israel Flag\">\r\n                    <div>\r\n                        <h4>Hebreskur or\u00f0afor\u00f0i<\/h4>\r\n                        <p>St\u00e6kka\u00f0u hebreskan or\u00f0afor\u00f0a \u00feinn.<\/p>\r\n                    <\/div>\r\n                <\/div>\r\n            <\/div>\r\n        <\/a>\r\n\r\n            <\/section>","protected":false},"excerpt":{"rendered":"<p>Hebresk m\u00e1lfr\u00e6\u00f0i efni Hebreska er heillandi og fornt tungum\u00e1l sem hefur mikla s\u00f6gulega og menningarlega \u00fe\u00fd\u00f0ingu. Sem eitt elsta tungum\u00e1l \u00ed heimi hefur tungum\u00e1li\u00f0 \u00fer\u00f3ast og a\u00f0lagast me\u00f0 t\u00edmanum, sem gerir \u00fea\u00f0 b\u00e6\u00f0i a\u00f0 krefjandi og gefandi tungum\u00e1li a\u00f0 l\u00e6ra. Hvort sem \u00fe\u00fa ert a\u00f0 l\u00e6ra hebresku af tr\u00faarlegum \u00e1st\u00e6\u00f0um, til a\u00f0 tengjast arfleif\u00f0 \u00feinni [&hellip;]<\/p>\n","protected":false},"author":6,"featured_media":112950,"parent":0,"menu_order":0,"comment_status":"closed","ping_status":"closed","template":"LearningContentPage.php","meta":{"_acf_changed":false,"footnotes":""},"class_list":["post-162226","page","type-page","status-publish","has-post-thumbnail","hentry"],"acf":[],"yoast_head":"<!-- This site is optimized with the Yoast SEO Premium plugin v27.2 (Yoast SEO v27.2) - https:\/\/yoast.com\/product\/yoast-seo-premium-wordpress\/ -->\n<title>Hebreska M\u00e1lfr\u00e6\u00f0i \u00c6fingar - Talkpal<\/title>\n<meta name=\"description\" content=\"B\u00e6ttu hebresku m\u00e1lfr\u00e6\u00f0i \u00fe\u00edna \u2014 taktu \u00fe\u00e1tt \u00ed sk\u00fdrum, hagn\u00fdtum \u00e6fingum til a\u00f0 styrkja tungum\u00e1lakunn\u00e1ttu \u00fe\u00edna au\u00f0veldlega me\u00f0 Talkpal gervigreind.\" \/>\n<meta name=\"robots\" content=\"index, follow, max-snippet:-1, max-image-preview:large, max-video-preview:-1\" \/>\n<link rel=\"canonical\" href=\"https:\/\/talkpal.ai\/is\/hebreska-malfraedi-aefingar\/\" \/>\n<meta property=\"og:locale\" content=\"is_IS\" \/>\n<meta property=\"og:type\" content=\"article\" \/>\n<meta property=\"og:title\" content=\"Hebreska M\u00e1lfr\u00e6\u00f0i \u00c6fingar\" \/>\n<meta property=\"og:description\" content=\"Hebresk m\u00e1lfr\u00e6\u00f0i efni Hebreska er heillandi og fornt tungum\u00e1l sem hefur mikla s\u00f6gulega og menningarlega \u00fe\u00fd\u00f0ingu. Sem eitt elsta tungum\u00e1l \u00ed heimi hefur\" \/>\n<meta property=\"og:url\" content=\"https:\/\/talkpal.ai\/is\/hebreska-malfraedi-aefingar\/\" \/>\n<meta property=\"og:site_name\" content=\"Talkpal\" \/>\n<meta property=\"article:publisher\" content=\"https:\/\/www.facebook.com\/profile.php?id=100090733639311\" \/>\n<meta property=\"article:modified_time\" content=\"2025-12-17T15:48:43+00:00\" \/>\n<meta property=\"og:image\" content=\"https:\/\/talkpal.ai\/wp-content\/uploads\/2023\/05\/israel.png\" \/>\n\t<meta property=\"og:image:width\" content=\"512\" \/>\n\t<meta property=\"og:image:height\" content=\"512\" \/>\n\t<meta property=\"og:image:type\" content=\"image\/png\" \/>\n<meta name=\"twitter:card\" content=\"summary_large_image\" \/>\n<meta name=\"twitter:site\" content=\"@talkpalai\" \/>\n<meta name=\"twitter:label1\" content=\"Est. reading time\" \/>\n\t<meta name=\"twitter:data1\" content=\"4 minutes\" \/>\n<script type=\"application\/ld+json\" class=\"yoast-schema-graph\">{\"@context\":\"https:\/\/schema.org\",\"@graph\":[{\"@type\":\"WebPage\",\"@id\":\"https:\/\/talkpal.ai\/is\/hebreska-malfraedi-aefingar\/\",\"url\":\"https:\/\/talkpal.ai\/is\/hebreska-malfraedi-aefingar\/\",\"name\":\"Hebreska M\u00e1lfr\u00e6\u00f0i \u00c6fingar - Talkpal\",\"isPartOf\":{\"@id\":\"https:\/\/talkpal.ai\/is\/#website\"},\"primaryImageOfPage\":{\"@id\":\"https:\/\/talkpal.ai\/is\/hebreska-malfraedi-aefingar\/#primaryimage\"},\"image\":{\"@id\":\"https:\/\/talkpal.ai\/is\/hebreska-malfraedi-aefingar\/#primaryimage\"},\"thumbnailUrl\":\"https:\/\/talkpal.ai\/wp-content\/uploads\/2023\/05\/israel.png\",\"datePublished\":\"2023-06-21T14:25:56+00:00\",\"dateModified\":\"2025-12-17T15:48:43+00:00\",\"description\":\"B\u00e6ttu hebresku m\u00e1lfr\u00e6\u00f0i \u00fe\u00edna \u2014 taktu \u00fe\u00e1tt \u00ed sk\u00fdrum, hagn\u00fdtum \u00e6fingum til a\u00f0 styrkja tungum\u00e1lakunn\u00e1ttu \u00fe\u00edna au\u00f0veldlega me\u00f0 Talkpal gervigreind.\",\"breadcrumb\":{\"@id\":\"https:\/\/talkpal.ai\/is\/hebreska-malfraedi-aefingar\/#breadcrumb\"},\"inLanguage\":\"is\",\"potentialAction\":[{\"@type\":\"ReadAction\",\"target\":[\"https:\/\/talkpal.ai\/is\/hebreska-malfraedi-aefingar\/\"]}]},{\"@type\":\"ImageObject\",\"inLanguage\":\"is\",\"@id\":\"https:\/\/talkpal.ai\/is\/hebreska-malfraedi-aefingar\/#primaryimage\",\"url\":\"https:\/\/talkpal.ai\/wp-content\/uploads\/2023\/05\/israel.png\",\"contentUrl\":\"https:\/\/talkpal.ai\/wp-content\/uploads\/2023\/05\/israel.png\",\"width\":512,\"height\":512},{\"@type\":\"BreadcrumbList\",\"@id\":\"https:\/\/talkpal.ai\/is\/hebreska-malfraedi-aefingar\/#breadcrumb\",\"itemListElement\":[{\"@type\":\"ListItem\",\"position\":1,\"name\":\"Homepage\",\"item\":\"https:\/\/talkpal.ai\/is\/\"},{\"@type\":\"ListItem\",\"position\":2,\"name\":\"Hebreska M\u00e1lfr\u00e6\u00f0i \u00c6fingar\"}]},{\"@type\":\"WebSite\",\"@id\":\"https:\/\/talkpal.ai\/is\/#website\",\"url\":\"https:\/\/talkpal.ai\/is\/\",\"name\":\"Talkpal\",\"description\":\"AI Language Learning\",\"publisher\":{\"@id\":\"https:\/\/talkpal.ai\/is\/#organization\"},\"alternateName\":\"Talkpal AI\",\"potentialAction\":[{\"@type\":\"SearchAction\",\"target\":{\"@type\":\"EntryPoint\",\"urlTemplate\":\"https:\/\/talkpal.ai\/is\/?s={search_term_string}\"},\"query-input\":{\"@type\":\"PropertyValueSpecification\",\"valueRequired\":true,\"valueName\":\"search_term_string\"}}],\"inLanguage\":\"is\"},{\"@type\":\"Organization\",\"@id\":\"https:\/\/talkpal.ai\/is\/#organization\",\"name\":\"Talkpal, Inc.\",\"alternateName\":\"Talkpal AI\",\"url\":\"https:\/\/talkpal.ai\/is\/\",\"logo\":{\"@type\":\"ImageObject\",\"inLanguage\":\"is\",\"@id\":\"https:\/\/talkpal.ai\/is\/#\/schema\/logo\/image\/\",\"url\":\"https:\/\/talkpal.ai\/wp-content\/uploads\/2024\/03\/Talkpal-Logo-Icon.png\",\"contentUrl\":\"https:\/\/talkpal.ai\/wp-content\/uploads\/2024\/03\/Talkpal-Logo-Icon.png\",\"width\":2880,\"height\":2880,\"caption\":\"Talkpal, Inc.\"},\"image\":{\"@id\":\"https:\/\/talkpal.ai\/is\/#\/schema\/logo\/image\/\"},\"sameAs\":[\"https:\/\/www.facebook.com\/profile.php?id=100090733639311\",\"https:\/\/x.com\/talkpalai\",\"https:\/\/www.linkedin.com\/company\/talkpal\/\",\"https:\/\/www.youtube.com\/@TalkPal\/\",\"https:\/\/www.tiktok.com\/@talkpal\",\"https:\/\/www.instagram.com\/talkpal_ai\/\",\"https:\/\/www.crunchbase.com\/organization\/talkpal-9cde\",\"https:\/\/www.g2.com\/products\/talkpal-for-business\/\",\"https:\/\/www.trustpilot.com\/review\/talkpal.ai\",\"https:\/\/www.capterra.com\/p\/10006800\/TalkPal\/\"],\"description\":\"Talkpal is a language learning web and mobile education app, powered by the latest AI technologies, that provides engaging experiences to its customers in many different languages to help them improve their language skills. Users can chat about unlimited amount of topics with the app and use other modes to practice their language learning.\",\"email\":\"support@talkpal.ai\",\"legalName\":\"Talkpal, Inc.\",\"foundingDate\":\"2023-04-03\",\"duns\":\"118989042\",\"numberOfEmployees\":{\"@type\":\"QuantitativeValue\",\"minValue\":\"11\",\"maxValue\":\"50\"},\"publishingPrinciples\":\"https:\/\/talkpal.ai\/publishing-principles\/\",\"actionableFeedbackPolicy\":\"https:\/\/talkpal.ai\/actionable-feedback-policy\/\",\"correctionsPolicy\":\"https:\/\/talkpal.ai\/corrections-policy\/\",\"ethicsPolicy\":\"https:\/\/talkpal.ai\/ethics-policy\/\",\"diversityPolicy\":\"https:\/\/talkpal.ai\/diversity-policy\/\",\"diversityStaffingReport\":\"https:\/\/talkpal.ai\/diversity-policy\/\"}]}<\/script>\n<!-- \/ Yoast SEO Premium plugin. -->","yoast_head_json":{"title":"Hebreska M\u00e1lfr\u00e6\u00f0i \u00c6fingar - Talkpal","description":"B\u00e6ttu hebresku m\u00e1lfr\u00e6\u00f0i \u00fe\u00edna \u2014 taktu \u00fe\u00e1tt \u00ed sk\u00fdrum, hagn\u00fdtum \u00e6fingum til a\u00f0 styrkja tungum\u00e1lakunn\u00e1ttu \u00fe\u00edna au\u00f0veldlega me\u00f0 Talkpal gervigreind.","robots":{"index":"index","follow":"follow","max-snippet":"max-snippet:-1","max-image-preview":"max-image-preview:large","max-video-preview":"max-video-preview:-1"},"canonical":"https:\/\/talkpal.ai\/is\/hebreska-malfraedi-aefingar\/","og_locale":"is_IS","og_type":"article","og_title":"Hebreska M\u00e1lfr\u00e6\u00f0i \u00c6fingar","og_description":"Hebresk m\u00e1lfr\u00e6\u00f0i efni Hebreska er heillandi og fornt tungum\u00e1l sem hefur mikla s\u00f6gulega og menningarlega \u00fe\u00fd\u00f0ingu. Sem eitt elsta tungum\u00e1l \u00ed heimi hefur","og_url":"https:\/\/talkpal.ai\/is\/hebreska-malfraedi-aefingar\/","og_site_name":"Talkpal","article_publisher":"https:\/\/www.facebook.com\/profile.php?id=100090733639311","article_modified_time":"2025-12-17T15:48:43+00:00","og_image":[{"width":512,"height":512,"url":"https:\/\/talkpal.ai\/wp-content\/uploads\/2023\/05\/israel.png","type":"image\/png"}],"twitter_card":"summary_large_image","twitter_site":"@talkpalai","twitter_misc":{"Est. reading time":"4 minutes"},"schema":{"@context":"https:\/\/schema.org","@graph":[{"@type":"WebPage","@id":"https:\/\/talkpal.ai\/is\/hebreska-malfraedi-aefingar\/","url":"https:\/\/talkpal.ai\/is\/hebreska-malfraedi-aefingar\/","name":"Hebreska M\u00e1lfr\u00e6\u00f0i \u00c6fingar - Talkpal","isPartOf":{"@id":"https:\/\/talkpal.ai\/is\/#website"},"primaryImageOfPage":{"@id":"https:\/\/talkpal.ai\/is\/hebreska-malfraedi-aefingar\/#primaryimage"},"image":{"@id":"https:\/\/talkpal.ai\/is\/hebreska-malfraedi-aefingar\/#primaryimage"},"thumbnailUrl":"https:\/\/talkpal.ai\/wp-content\/uploads\/2023\/05\/israel.png","datePublished":"2023-06-21T14:25:56+00:00","dateModified":"2025-12-17T15:48:43+00:00","description":"B\u00e6ttu hebresku m\u00e1lfr\u00e6\u00f0i \u00fe\u00edna \u2014 taktu \u00fe\u00e1tt \u00ed sk\u00fdrum, hagn\u00fdtum \u00e6fingum til a\u00f0 styrkja tungum\u00e1lakunn\u00e1ttu \u00fe\u00edna au\u00f0veldlega me\u00f0 Talkpal gervigreind.","breadcrumb":{"@id":"https:\/\/talkpal.ai\/is\/hebreska-malfraedi-aefingar\/#breadcrumb"},"inLanguage":"is","potentialAction":[{"@type":"ReadAction","target":["https:\/\/talkpal.ai\/is\/hebreska-malfraedi-aefingar\/"]}]},{"@type":"ImageObject","inLanguage":"is","@id":"https:\/\/talkpal.ai\/is\/hebreska-malfraedi-aefingar\/#primaryimage","url":"https:\/\/talkpal.ai\/wp-content\/uploads\/2023\/05\/israel.png","contentUrl":"https:\/\/talkpal.ai\/wp-content\/uploads\/2023\/05\/israel.png","width":512,"height":512},{"@type":"BreadcrumbList","@id":"https:\/\/talkpal.ai\/is\/hebreska-malfraedi-aefingar\/#breadcrumb","itemListElement":[{"@type":"ListItem","position":1,"name":"Homepage","item":"https:\/\/talkpal.ai\/is\/"},{"@type":"ListItem","position":2,"name":"Hebreska M\u00e1lfr\u00e6\u00f0i \u00c6fingar"}]},{"@type":"WebSite","@id":"https:\/\/talkpal.ai\/is\/#website","url":"https:\/\/talkpal.ai\/is\/","name":"Talkpal","description":"AI Language Learning","publisher":{"@id":"https:\/\/talkpal.ai\/is\/#organization"},"alternateName":"Talkpal AI","potentialAction":[{"@type":"SearchAction","target":{"@type":"EntryPoint","urlTemplate":"https:\/\/talkpal.ai\/is\/?s={search_term_string}"},"query-input":{"@type":"PropertyValueSpecification","valueRequired":true,"valueName":"search_term_string"}}],"inLanguage":"is"},{"@type":"Organization","@id":"https:\/\/talkpal.ai\/is\/#organization","name":"Talkpal, Inc.","alternateName":"Talkpal AI","url":"https:\/\/talkpal.ai\/is\/","logo":{"@type":"ImageObject","inLanguage":"is","@id":"https:\/\/talkpal.ai\/is\/#\/schema\/logo\/image\/","url":"https:\/\/talkpal.ai\/wp-content\/uploads\/2024\/03\/Talkpal-Logo-Icon.png","contentUrl":"https:\/\/talkpal.ai\/wp-content\/uploads\/2024\/03\/Talkpal-Logo-Icon.png","width":2880,"height":2880,"caption":"Talkpal, Inc."},"image":{"@id":"https:\/\/talkpal.ai\/is\/#\/schema\/logo\/image\/"},"sameAs":["https:\/\/www.facebook.com\/profile.php?id=100090733639311","https:\/\/x.com\/talkpalai","https:\/\/www.linkedin.com\/company\/talkpal\/","https:\/\/www.youtube.com\/@TalkPal\/","https:\/\/www.tiktok.com\/@talkpal","https:\/\/www.instagram.com\/talkpal_ai\/","https:\/\/www.crunchbase.com\/organization\/talkpal-9cde","https:\/\/www.g2.com\/products\/talkpal-for-business\/","https:\/\/www.trustpilot.com\/review\/talkpal.ai","https:\/\/www.capterra.com\/p\/10006800\/TalkPal\/"],"description":"Talkpal is a language learning web and mobile education app, powered by the latest AI technologies, that provides engaging experiences to its customers in many different languages to help them improve their language skills. Users can chat about unlimited amount of topics with the app and use other modes to practice their language learning.","email":"support@talkpal.ai","legalName":"Talkpal, Inc.","foundingDate":"2023-04-03","duns":"118989042","numberOfEmployees":{"@type":"QuantitativeValue","minValue":"11","maxValue":"50"},"publishingPrinciples":"https:\/\/talkpal.ai\/publishing-principles\/","actionableFeedbackPolicy":"https:\/\/talkpal.ai\/actionable-feedback-policy\/","correctionsPolicy":"https:\/\/talkpal.ai\/corrections-policy\/","ethicsPolicy":"https:\/\/talkpal.ai\/ethics-policy\/","diversityPolicy":"https:\/\/talkpal.ai\/diversity-policy\/","diversityStaffingReport":"https:\/\/talkpal.ai\/diversity-policy\/"}]}},"_links":{"self":[{"href":"https:\/\/talkpal.ai\/is\/wp-json\/wp\/v2\/pages\/162226","targetHints":{"allow":["GET"]}}],"collection":[{"href":"https:\/\/talkpal.ai\/is\/wp-json\/wp\/v2\/pages"}],"about":[{"href":"https:\/\/talkpal.ai\/is\/wp-json\/wp\/v2\/types\/page"}],"author":[{"embeddable":true,"href":"https:\/\/talkpal.ai\/is\/wp-json\/wp\/v2\/users\/6"}],"replies":[{"embeddable":true,"href":"https:\/\/talkpal.ai\/is\/wp-json\/wp\/v2\/comments?post=162226"}],"version-history":[{"count":0,"href":"https:\/\/talkpal.ai\/is\/wp-json\/wp\/v2\/pages\/162226\/revisions"}],"wp:featuredmedia":[{"embeddable":true,"href":"https:\/\/talkpal.ai\/is\/wp-json\/wp\/v2\/media\/112950"}],"wp:attachment":[{"href":"https:\/\/talkpal.ai\/is\/wp-json\/wp\/v2\/media?parent=162226"}],"curies":[{"name":"wp","href":"https:\/\/api.w.org\/{rel}","templated":true}]}}