{"id":161953,"date":"2023-06-21T14:29:48","date_gmt":"2023-06-21T14:29:48","guid":{"rendered":"http:\/\/talkpal.ai\/ungverskar-malfraediaefingar\/"},"modified":"2025-12-17T16:06:59","modified_gmt":"2025-12-17T16:06:59","slug":"ungverskar-malfraediaefingar","status":"publish","type":"page","link":"https:\/\/talkpal.ai\/is\/ungverskar-malfraediaefingar\/","title":{"rendered":"Ungverskar m\u00e1lfr\u00e6\u00f0i\u00e6fingar"},"content":{"rendered":"\r\n\r\n\r\n<section class=\"languageChallengeSection\">\r\n    <div class=\"languageInfoWrapper\">\r\n        \r\n        <h1>Ungverskar m\u00e1lfr\u00e6\u00f0i\u00e6fingar<\/h1>\r\n        <p>Tilb\u00fainn\/n a\u00f0 styrkja ungverskukunn\u00e1ttu \u00fe\u00edna? A\u00f0 \u00e6fa m\u00e1lfr\u00e6\u00f0i er fr\u00e1b\u00e6r lei\u00f0 til a\u00f0 n\u00e1 t\u00f6kum \u00e1 or\u00f0ar\u00f6\u00f0, sagnor\u00f0aendingum og einstakri uppbyggingu ungversku. Kaf\u00f0u \u00fe\u00e9r ofan \u00ed ungverska m\u00e1lfr\u00e6\u00f0i \u00ed dag og sj\u00e1\u00f0u sj\u00e1lfstraust \u00feitt og f\u00e6rni vaxa me\u00f0 hverri \u00e6fingu!<\/p>\r\n\r\n                            <a class=\"getStartedHidden\" href=\"https:\/\/app.talkpal.ai\/signup?lng=\">Byrja\u00f0u<\/a>\r\n        \r\n    <\/div>\r\n\r\n    <figure>\r\n    <img decoding=\"async\" width=\"768\" height=\"768\" src=\"https:\/\/talkpal.ai\/wp-content\/uploads\/2023\/06\/hungarian-768x768.png\" class=\"languageImage no-lazy\" alt=\"Language learning strategies for advanced learners\" fetchpriority=\"high\" sizes=\"(max-width: 768px) 150px, 768px\" srcset=\"https:\/\/talkpal.ai\/wp-content\/uploads\/2023\/06\/hungarian-768x768.png 768w, https:\/\/talkpal.ai\/wp-content\/uploads\/2023\/06\/hungarian-300x300.png 300w\" \/>\r\n    \r\n\r\n    <\/figure>\r\n\r\n            <a class=\"getStartedVisible\" href=\"https:\/\/app.talkpal.ai\/signup?lng=\">Byrja\u00f0u<\/a>\r\n    \r\n<\/section>\r\n\r\n\r\n<!-- <section class=\"grammarSection\">\r\n    <div class=\"grammarLinks\">\r\n            <\/div>\r\n<\/section> -->\r\n\r\n\r\n\r\n\r\n<section class=\"promotionalBanner\">\r\n    <p class=\"promotionalText\">Skilvirkasta lei\u00f0in til a\u00f0 l\u00e6ra tungum\u00e1l<\/p>\r\n    <a class=\"promotionalLink\" href=\"https:\/\/app.talkpal.ai\/signup?lng=\">Pr\u00f3fa\u00f0u Talkpal \u00f3keypis<\/a>\r\n<\/section>\n<div class=\"wp-block-group pageContainerStyle\"><div class=\"wp-block-group__inner-container is-layout-constrained wp-block-group-is-layout-constrained\">\n<h2 class=\"wp-block-heading\" id=\"h-hungarian-grammar-topics\">Ungversk m\u00e1lfr\u00e6\u00f0i<\/h2>\n\n\n\n<p>A\u00f0 l\u00e6ra n\u00fdtt tungum\u00e1l getur veri\u00f0 spennandi og gefandi reynsla. Hins vegar getur \u00fea\u00f0 l\u00edka veri\u00f0 nokku\u00f0 yfir\u00feyrmandi, s\u00e9rstaklega \u00feegar kemur a\u00f0 \u00fev\u00ed a\u00f0 skilja og n\u00e1 t\u00f6kum \u00e1 m\u00e1lfr\u00e6\u00f0iefnum. Vel skipul\u00f6g\u00f0 n\u00e1lgun vi\u00f0 a\u00f0 <a href=\"https:\/\/talkpal.ai\/grammar\/\">l\u00e6ra m\u00e1lfr\u00e6\u00f0i<\/a> skiptir sk\u00f6pum fyrir \u00e1rangur vi\u00f0 a\u00f0 tileinka s\u00e9r n\u00fdtt tungum\u00e1l. \u00cd \u00feessari handb\u00f3k h\u00f6fum vi\u00f0 \u00feyrpt m\u00e1lfr\u00e6\u00f0iefni \u00ed r\u00f6\u00f0 sem mun hj\u00e1lpa \u00fe\u00e9r a\u00f0 l\u00e6ra tungum\u00e1li\u00f0 \u00e1 skilvirkari h\u00e1tt. Me\u00f0 \u00fev\u00ed a\u00f0 skilja og n\u00e1 t\u00f6kum \u00e1 \u00feessum efnum muntu vera \u00e1 g\u00f3\u00f0ri lei\u00f0 me\u00f0 a\u00f0 ver\u00f0a f\u00e6r \u00ed markm\u00e1linu \u00fe\u00ednu.<\/p>\n\n\n\n<h3 class=\"wp-block-heading\" id=\"h-1-nouns-and-articles\">1. Nafnor\u00f0 og greinar<\/h3>\n\n\n\n<p>Byrja\u00f0u tungum\u00e1lan\u00e1msfer\u00f0 \u00fe\u00edna me\u00f0 \u00fev\u00ed a\u00f0 skilja grunnatri\u00f0i nafnor\u00f0a og greina. Nafnor\u00f0 eru or\u00f0 sem t\u00e1kna f\u00f3lk, sta\u00f0i, hluti e\u00f0a hugmyndir. Greinar eru nota\u00f0ar til a\u00f0 gefa til kynna s\u00e9rst\u00f6\u00f0u nafnor\u00f0s. A\u00f0 l\u00e6ra \u00feetta mun hj\u00e1lpa \u00fe\u00e9r a\u00f0 mynda einfaldar setningar og skilja uppbyggingu tungum\u00e1lsins.<\/p>\n\n\n\n<h3 class=\"wp-block-heading\" id=\"h-2-pronouns-determiners\">2. Forn\u00f6fn\/\u00e1kvar\u00f0andi<\/h3>\n\n\n\n<p>Forn\u00f6fn koma \u00ed sta\u00f0 nafnor\u00f0a \u00ed setningu og hj\u00e1lpa til vi\u00f0 a\u00f0 for\u00f0ast endurtekningar, en \u00e1kvar\u00f0anir veita uppl\u00fdsingar um magn nafnor\u00f0s e\u00f0a \u00e1kve\u00f0ni. A\u00f0 n\u00e1 t\u00f6kum \u00e1 \u00feessum efnum mun b\u00e6ta reiprennandi og skilning \u00feinn.<\/p>\n\n\n\n<h3 class=\"wp-block-heading\" id=\"h-3-adjectives-and-adverbs\">3. L\u00fdsingaror\u00f0 og atviksor\u00f0<\/h3>\n\n\n\n<p>L\u00fdsingaror\u00f0 l\u00fdsa nafnor\u00f0um en atviksor\u00f0 breyta s\u00f6gnum, l\u00fdsingaror\u00f0um e\u00f0a \u00f6\u00f0rum atviksor\u00f0um. Me\u00f0 \u00fev\u00ed a\u00f0 l\u00e6ra \u00feetta getur\u00f0u b\u00e6tt sm\u00e1atri\u00f0um og sk\u00fdrleika vi\u00f0 setningarnar \u00fe\u00ednar, sem gerir tungum\u00e1lakunn\u00e1ttu \u00fe\u00edna tj\u00e1ningarr\u00edkari og gr\u00edpandi.<\/p>\n\n\n\n<h3 class=\"wp-block-heading\" id=\"h-4-verbs-tenses-and-tense-comparison\">4. Sagnir, spennur og spenntur samanbur\u00f0ur<\/h3>\n\n\n\n<p>Sagnir flytja athafnir e\u00f0a tilveru\u00e1stand og spennur gefa til kynna hven\u00e6r ath\u00f6fn \u00e1 s\u00e9r sta\u00f0. Skilningur \u00e1 spennu\u00ferungnum samanbur\u00f0i gerir \u00fe\u00e9r kleift a\u00f0 r\u00e6\u00f0a fort\u00ed\u00f0, n\u00fat\u00ed\u00f0 og framt\u00ed\u00f0ara\u00f0ger\u00f0ir n\u00e1kv\u00e6mlega.<\/p>\n\n\n\n<h3 class=\"wp-block-heading\" id=\"h-5-progressive-and-perfect-progressive\">5. Frams\u00e6ki\u00f0 og fullkomi\u00f0 frams\u00e6ki\u00f0<\/h3>\n\n\n\n<p>Frams\u00e6kin spenna einbeitir s\u00e9r a\u00f0 a\u00f0ger\u00f0um sem eru \u00ed gangi, en hin fullkomna frams\u00e6kna spenna leggur \u00e1herslu \u00e1 lengd a\u00f0ger\u00f0ar fram a\u00f0 \u00e1kve\u00f0num t\u00edmapunkti. \u00deessi spenna eykur getu \u00fe\u00edna til a\u00f0 tj\u00e1 fl\u00f3knar hugsanir og hugmyndir \u00e1 tungum\u00e1linu.<\/p>\n\n\n\n<h3 class=\"wp-block-heading\" id=\"h-6-conditionals\">6. Skilyr\u00f0i<\/h3>\n\n\n\n<p>Skilyr\u00f0in l\u00fdsa \u00edmyndu\u00f0um e\u00f0a m\u00f6gulegum a\u00f0st\u00e6\u00f0um og aflei\u00f0ingum \u00feeirra. A\u00f0 n\u00e1 t\u00f6kum \u00e1 skilyr\u00f0um hj\u00e1lpar \u00fe\u00e9r a\u00f0 tj\u00e1 bl\u00e6brig\u00f0ar\u00edkari og \u00edtarlegri hugsanir \u00e1 markm\u00e1linu \u00fe\u00ednu.<\/p>\n\n\n\n<h3 class=\"wp-block-heading\" id=\"h-7-prepositions\">7. Forsetningar<\/h3>\n\n\n\n<p>Forsetningar s\u00fdna vensl milli or\u00f0a \u00ed setningu, svo sem sta\u00f0setningu, stefnu e\u00f0a t\u00edma. \u00deessi litlu or\u00f0 gegna mikilv\u00e6gu hlutverki vi\u00f0 a\u00f0 m\u00f3ta merkingu setningar.<\/p>\n\n\n\n<h3 class=\"wp-block-heading\" id=\"h-8-sentences\">8. Setningar<\/h3>\n\n\n\n<p>A\u00f0 lokum er skilningur \u00e1 setningager\u00f0 og a\u00f0 geta sm\u00ed\u00f0a\u00f0 \u00fdmsar ger\u00f0ir setninga nau\u00f0synlegur fyrir sk\u00fdr og skilvirk samskipti \u00e1 hva\u00f0a tungum\u00e1li sem er. L\u00e6r\u00f0u hvernig \u00e1 a\u00f0 mynda einfaldar, samsettar og fl\u00f3knar setningar og \u00e6f\u00f0u \u00feig \u00ed a\u00f0 nota \u00fdmsar setningager\u00f0ir til a\u00f0 koma hugsunum \u00fe\u00ednum n\u00e1kv\u00e6mlega \u00e1 framf\u00e6ri.<\/p>\n<\/div><\/div>\n\r\n<section class=\"learnNavigationSection\">\r\n            \r\n        <a href=\"https:\/\/talkpal.ai\/is\/laerdu-ungversku\/\">\r\n            <div class=\"learnNavigationWrapper\">\r\n                <div class=\"learnNavigationContent\">\r\n                    <img decoding=\"async\" src=\"https:\/\/talkpal.ai\/wp-content\/uploads\/2024\/08\/Hungarian.jpg\" alt=\"Hungarian Flag\">\r\n                    <div>\r\n                        <h4>Um ungverskun\u00e1m<\/h4>\r\n                        <p>Finndu \u00fat allt um ungverska m\u00e1lfr\u00e6\u00f0i.<\/p>\r\n                    <\/div>\r\n                <\/div>\r\n            <\/div>\r\n        <\/a>\r\n\r\n        \r\n        <a href=\"https:\/\/talkpal.ai\/is\/ungversk-malfraedi\/\">\r\n            <div class=\"learnNavigationWrapper\">\r\n                <div class=\"learnNavigationContent\">\r\n                    <img decoding=\"async\" src=\"https:\/\/talkpal.ai\/wp-content\/uploads\/2024\/08\/Hungarian.jpg\" alt=\"Hungarian Flag\">\r\n                    <div>\r\n                        <h4>Ungverska m\u00e1lfr\u00e6\u00f0ikennsla<\/h4>\r\n                        <p>\u00c6f\u00f0u ungverska m\u00e1lfr\u00e6\u00f0i.<\/p>\r\n                    <\/div>\r\n                <\/div>\r\n            <\/div>\r\n        <\/a>\r\n\r\n        \r\n        <a href=\"https:\/\/talkpal.ai\/vocabulary_language\/hungarian\/\">\r\n            <div class=\"learnNavigationWrapper\">\r\n                <div class=\"learnNavigationContent\">\r\n                    <img decoding=\"async\" src=\"https:\/\/talkpal.ai\/wp-content\/uploads\/2024\/08\/Hungarian.jpg\" alt=\"Hungarian Flag\">\r\n                    <div>\r\n                        <h4>Ungverskur or\u00f0afor\u00f0i<\/h4>\r\n                        <p>St\u00e6kka\u00f0u ungverskan or\u00f0afor\u00f0a \u00feinn.<\/p>\r\n                    <\/div>\r\n                <\/div>\r\n            <\/div>\r\n        <\/a>\r\n\r\n            <\/section>","protected":false},"excerpt":{"rendered":"<p>Ungversk m\u00e1lfr\u00e6\u00f0i A\u00f0 l\u00e6ra n\u00fdtt tungum\u00e1l getur veri\u00f0 spennandi og gefandi reynsla. Hins vegar getur \u00fea\u00f0 l\u00edka veri\u00f0 nokku\u00f0 yfir\u00feyrmandi, s\u00e9rstaklega \u00feegar kemur a\u00f0 \u00fev\u00ed a\u00f0 skilja og n\u00e1 t\u00f6kum \u00e1 m\u00e1lfr\u00e6\u00f0iefnum. Vel skipul\u00f6g\u00f0 n\u00e1lgun vi\u00f0 a\u00f0 l\u00e6ra m\u00e1lfr\u00e6\u00f0i skiptir sk\u00f6pum fyrir \u00e1rangur vi\u00f0 a\u00f0 tileinka s\u00e9r n\u00fdtt tungum\u00e1l. \u00cd \u00feessari handb\u00f3k h\u00f6fum vi\u00f0 \u00feyrpt [&hellip;]<\/p>\n","protected":false},"author":6,"featured_media":113195,"parent":0,"menu_order":0,"comment_status":"closed","ping_status":"closed","template":"LearningContentPage.php","meta":{"_acf_changed":false,"footnotes":""},"class_list":["post-161953","page","type-page","status-publish","has-post-thumbnail","hentry"],"acf":[],"yoast_head":"<!-- This site is optimized with the Yoast SEO Premium plugin v27.2 (Yoast SEO v27.2) - https:\/\/yoast.com\/product\/yoast-seo-premium-wordpress\/ -->\n<title>Ungverskar m\u00e1lfr\u00e6\u00f0i\u00e6fingar - Talkpal<\/title>\n<meta name=\"description\" content=\"B\u00e6ttu ungversku m\u00e1lfr\u00e6\u00f0ikunn\u00e1ttu \u00fe\u00edna au\u00f0veldlega - kl\u00e1ra\u00f0u verklegar \u00e6fingar, gagnvirkar \u00e6fingar og f\u00e1\u00f0u pers\u00f3nulega endurgj\u00f6f\" \/>\n<meta name=\"robots\" content=\"index, follow, max-snippet:-1, max-image-preview:large, max-video-preview:-1\" \/>\n<link rel=\"canonical\" href=\"https:\/\/talkpal.ai\/is\/ungverskar-malfraediaefingar\/\" \/>\n<meta property=\"og:locale\" content=\"is_IS\" \/>\n<meta property=\"og:type\" content=\"article\" \/>\n<meta property=\"og:title\" content=\"Ungverskar m\u00e1lfr\u00e6\u00f0i\u00e6fingar\" \/>\n<meta property=\"og:description\" content=\"Ungversk m\u00e1lfr\u00e6\u00f0i A\u00f0 l\u00e6ra n\u00fdtt tungum\u00e1l getur veri\u00f0 spennandi og gefandi reynsla. Hins vegar getur \u00fea\u00f0 l\u00edka veri\u00f0 nokku\u00f0 yfir\u00feyrmandi, s\u00e9rstaklega \u00feegar\" \/>\n<meta property=\"og:url\" content=\"https:\/\/talkpal.ai\/is\/ungverskar-malfraediaefingar\/\" \/>\n<meta property=\"og:site_name\" content=\"Talkpal\" \/>\n<meta property=\"article:publisher\" content=\"https:\/\/www.facebook.com\/profile.php?id=100090733639311\" \/>\n<meta property=\"article:modified_time\" content=\"2025-12-17T16:06:59+00:00\" \/>\n<meta property=\"og:image\" content=\"https:\/\/talkpal.ai\/wp-content\/uploads\/2023\/05\/Hungarian.png\" \/>\n\t<meta property=\"og:image:width\" content=\"512\" \/>\n\t<meta property=\"og:image:height\" content=\"512\" \/>\n\t<meta property=\"og:image:type\" content=\"image\/png\" \/>\n<meta name=\"twitter:card\" content=\"summary_large_image\" \/>\n<meta name=\"twitter:site\" content=\"@talkpalai\" \/>\n<meta name=\"twitter:label1\" content=\"Est. reading time\" \/>\n\t<meta name=\"twitter:data1\" content=\"3 minutes\" \/>\n<script type=\"application\/ld+json\" class=\"yoast-schema-graph\">{\"@context\":\"https:\/\/schema.org\",\"@graph\":[{\"@type\":\"WebPage\",\"@id\":\"https:\/\/talkpal.ai\/is\/ungverskar-malfraediaefingar\/\",\"url\":\"https:\/\/talkpal.ai\/is\/ungverskar-malfraediaefingar\/\",\"name\":\"Ungverskar m\u00e1lfr\u00e6\u00f0i\u00e6fingar - Talkpal\",\"isPartOf\":{\"@id\":\"https:\/\/talkpal.ai\/is\/#website\"},\"primaryImageOfPage\":{\"@id\":\"https:\/\/talkpal.ai\/is\/ungverskar-malfraediaefingar\/#primaryimage\"},\"image\":{\"@id\":\"https:\/\/talkpal.ai\/is\/ungverskar-malfraediaefingar\/#primaryimage\"},\"thumbnailUrl\":\"https:\/\/talkpal.ai\/wp-content\/uploads\/2023\/05\/Hungarian.png\",\"datePublished\":\"2023-06-21T14:29:48+00:00\",\"dateModified\":\"2025-12-17T16:06:59+00:00\",\"description\":\"B\u00e6ttu ungversku m\u00e1lfr\u00e6\u00f0ikunn\u00e1ttu \u00fe\u00edna au\u00f0veldlega - kl\u00e1ra\u00f0u verklegar \u00e6fingar, gagnvirkar \u00e6fingar og f\u00e1\u00f0u pers\u00f3nulega endurgj\u00f6f\",\"breadcrumb\":{\"@id\":\"https:\/\/talkpal.ai\/is\/ungverskar-malfraediaefingar\/#breadcrumb\"},\"inLanguage\":\"is\",\"potentialAction\":[{\"@type\":\"ReadAction\",\"target\":[\"https:\/\/talkpal.ai\/is\/ungverskar-malfraediaefingar\/\"]}]},{\"@type\":\"ImageObject\",\"inLanguage\":\"is\",\"@id\":\"https:\/\/talkpal.ai\/is\/ungverskar-malfraediaefingar\/#primaryimage\",\"url\":\"https:\/\/talkpal.ai\/wp-content\/uploads\/2023\/05\/Hungarian.png\",\"contentUrl\":\"https:\/\/talkpal.ai\/wp-content\/uploads\/2023\/05\/Hungarian.png\",\"width\":512,\"height\":512},{\"@type\":\"BreadcrumbList\",\"@id\":\"https:\/\/talkpal.ai\/is\/ungverskar-malfraediaefingar\/#breadcrumb\",\"itemListElement\":[{\"@type\":\"ListItem\",\"position\":1,\"name\":\"Homepage\",\"item\":\"https:\/\/talkpal.ai\/is\/\"},{\"@type\":\"ListItem\",\"position\":2,\"name\":\"Ungverskar m\u00e1lfr\u00e6\u00f0i\u00e6fingar\"}]},{\"@type\":\"WebSite\",\"@id\":\"https:\/\/talkpal.ai\/is\/#website\",\"url\":\"https:\/\/talkpal.ai\/is\/\",\"name\":\"Talkpal\",\"description\":\"AI Language Learning\",\"publisher\":{\"@id\":\"https:\/\/talkpal.ai\/is\/#organization\"},\"alternateName\":\"Talkpal AI\",\"potentialAction\":[{\"@type\":\"SearchAction\",\"target\":{\"@type\":\"EntryPoint\",\"urlTemplate\":\"https:\/\/talkpal.ai\/is\/?s={search_term_string}\"},\"query-input\":{\"@type\":\"PropertyValueSpecification\",\"valueRequired\":true,\"valueName\":\"search_term_string\"}}],\"inLanguage\":\"is\"},{\"@type\":\"Organization\",\"@id\":\"https:\/\/talkpal.ai\/is\/#organization\",\"name\":\"Talkpal, Inc.\",\"alternateName\":\"Talkpal AI\",\"url\":\"https:\/\/talkpal.ai\/is\/\",\"logo\":{\"@type\":\"ImageObject\",\"inLanguage\":\"is\",\"@id\":\"https:\/\/talkpal.ai\/is\/#\/schema\/logo\/image\/\",\"url\":\"https:\/\/talkpal.ai\/wp-content\/uploads\/2024\/03\/Talkpal-Logo-Icon.png\",\"contentUrl\":\"https:\/\/talkpal.ai\/wp-content\/uploads\/2024\/03\/Talkpal-Logo-Icon.png\",\"width\":2880,\"height\":2880,\"caption\":\"Talkpal, Inc.\"},\"image\":{\"@id\":\"https:\/\/talkpal.ai\/is\/#\/schema\/logo\/image\/\"},\"sameAs\":[\"https:\/\/www.facebook.com\/profile.php?id=100090733639311\",\"https:\/\/x.com\/talkpalai\",\"https:\/\/www.linkedin.com\/company\/talkpal\/\",\"https:\/\/www.youtube.com\/@TalkPal\/\",\"https:\/\/www.tiktok.com\/@talkpal\",\"https:\/\/www.instagram.com\/talkpal_ai\/\",\"https:\/\/www.crunchbase.com\/organization\/talkpal-9cde\",\"https:\/\/www.g2.com\/products\/talkpal-for-business\/\",\"https:\/\/www.trustpilot.com\/review\/talkpal.ai\",\"https:\/\/www.capterra.com\/p\/10006800\/TalkPal\/\"],\"description\":\"Talkpal is a language learning web and mobile education app, powered by the latest AI technologies, that provides engaging experiences to its customers in many different languages to help them improve their language skills. Users can chat about unlimited amount of topics with the app and use other modes to practice their language learning.\",\"email\":\"support@talkpal.ai\",\"legalName\":\"Talkpal, Inc.\",\"foundingDate\":\"2023-04-03\",\"duns\":\"118989042\",\"numberOfEmployees\":{\"@type\":\"QuantitativeValue\",\"minValue\":\"11\",\"maxValue\":\"50\"},\"publishingPrinciples\":\"https:\/\/talkpal.ai\/publishing-principles\/\",\"actionableFeedbackPolicy\":\"https:\/\/talkpal.ai\/actionable-feedback-policy\/\",\"correctionsPolicy\":\"https:\/\/talkpal.ai\/corrections-policy\/\",\"ethicsPolicy\":\"https:\/\/talkpal.ai\/ethics-policy\/\",\"diversityPolicy\":\"https:\/\/talkpal.ai\/diversity-policy\/\",\"diversityStaffingReport\":\"https:\/\/talkpal.ai\/diversity-policy\/\"}]}<\/script>\n<!-- \/ Yoast SEO Premium plugin. -->","yoast_head_json":{"title":"Ungverskar m\u00e1lfr\u00e6\u00f0i\u00e6fingar - Talkpal","description":"B\u00e6ttu ungversku m\u00e1lfr\u00e6\u00f0ikunn\u00e1ttu \u00fe\u00edna au\u00f0veldlega - kl\u00e1ra\u00f0u verklegar \u00e6fingar, gagnvirkar \u00e6fingar og f\u00e1\u00f0u pers\u00f3nulega endurgj\u00f6f","robots":{"index":"index","follow":"follow","max-snippet":"max-snippet:-1","max-image-preview":"max-image-preview:large","max-video-preview":"max-video-preview:-1"},"canonical":"https:\/\/talkpal.ai\/is\/ungverskar-malfraediaefingar\/","og_locale":"is_IS","og_type":"article","og_title":"Ungverskar m\u00e1lfr\u00e6\u00f0i\u00e6fingar","og_description":"Ungversk m\u00e1lfr\u00e6\u00f0i A\u00f0 l\u00e6ra n\u00fdtt tungum\u00e1l getur veri\u00f0 spennandi og gefandi reynsla. Hins vegar getur \u00fea\u00f0 l\u00edka veri\u00f0 nokku\u00f0 yfir\u00feyrmandi, s\u00e9rstaklega \u00feegar","og_url":"https:\/\/talkpal.ai\/is\/ungverskar-malfraediaefingar\/","og_site_name":"Talkpal","article_publisher":"https:\/\/www.facebook.com\/profile.php?id=100090733639311","article_modified_time":"2025-12-17T16:06:59+00:00","og_image":[{"width":512,"height":512,"url":"https:\/\/talkpal.ai\/wp-content\/uploads\/2023\/05\/Hungarian.png","type":"image\/png"}],"twitter_card":"summary_large_image","twitter_site":"@talkpalai","twitter_misc":{"Est. reading time":"3 minutes"},"schema":{"@context":"https:\/\/schema.org","@graph":[{"@type":"WebPage","@id":"https:\/\/talkpal.ai\/is\/ungverskar-malfraediaefingar\/","url":"https:\/\/talkpal.ai\/is\/ungverskar-malfraediaefingar\/","name":"Ungverskar m\u00e1lfr\u00e6\u00f0i\u00e6fingar - Talkpal","isPartOf":{"@id":"https:\/\/talkpal.ai\/is\/#website"},"primaryImageOfPage":{"@id":"https:\/\/talkpal.ai\/is\/ungverskar-malfraediaefingar\/#primaryimage"},"image":{"@id":"https:\/\/talkpal.ai\/is\/ungverskar-malfraediaefingar\/#primaryimage"},"thumbnailUrl":"https:\/\/talkpal.ai\/wp-content\/uploads\/2023\/05\/Hungarian.png","datePublished":"2023-06-21T14:29:48+00:00","dateModified":"2025-12-17T16:06:59+00:00","description":"B\u00e6ttu ungversku m\u00e1lfr\u00e6\u00f0ikunn\u00e1ttu \u00fe\u00edna au\u00f0veldlega - kl\u00e1ra\u00f0u verklegar \u00e6fingar, gagnvirkar \u00e6fingar og f\u00e1\u00f0u pers\u00f3nulega endurgj\u00f6f","breadcrumb":{"@id":"https:\/\/talkpal.ai\/is\/ungverskar-malfraediaefingar\/#breadcrumb"},"inLanguage":"is","potentialAction":[{"@type":"ReadAction","target":["https:\/\/talkpal.ai\/is\/ungverskar-malfraediaefingar\/"]}]},{"@type":"ImageObject","inLanguage":"is","@id":"https:\/\/talkpal.ai\/is\/ungverskar-malfraediaefingar\/#primaryimage","url":"https:\/\/talkpal.ai\/wp-content\/uploads\/2023\/05\/Hungarian.png","contentUrl":"https:\/\/talkpal.ai\/wp-content\/uploads\/2023\/05\/Hungarian.png","width":512,"height":512},{"@type":"BreadcrumbList","@id":"https:\/\/talkpal.ai\/is\/ungverskar-malfraediaefingar\/#breadcrumb","itemListElement":[{"@type":"ListItem","position":1,"name":"Homepage","item":"https:\/\/talkpal.ai\/is\/"},{"@type":"ListItem","position":2,"name":"Ungverskar m\u00e1lfr\u00e6\u00f0i\u00e6fingar"}]},{"@type":"WebSite","@id":"https:\/\/talkpal.ai\/is\/#website","url":"https:\/\/talkpal.ai\/is\/","name":"Talkpal","description":"AI Language Learning","publisher":{"@id":"https:\/\/talkpal.ai\/is\/#organization"},"alternateName":"Talkpal AI","potentialAction":[{"@type":"SearchAction","target":{"@type":"EntryPoint","urlTemplate":"https:\/\/talkpal.ai\/is\/?s={search_term_string}"},"query-input":{"@type":"PropertyValueSpecification","valueRequired":true,"valueName":"search_term_string"}}],"inLanguage":"is"},{"@type":"Organization","@id":"https:\/\/talkpal.ai\/is\/#organization","name":"Talkpal, Inc.","alternateName":"Talkpal AI","url":"https:\/\/talkpal.ai\/is\/","logo":{"@type":"ImageObject","inLanguage":"is","@id":"https:\/\/talkpal.ai\/is\/#\/schema\/logo\/image\/","url":"https:\/\/talkpal.ai\/wp-content\/uploads\/2024\/03\/Talkpal-Logo-Icon.png","contentUrl":"https:\/\/talkpal.ai\/wp-content\/uploads\/2024\/03\/Talkpal-Logo-Icon.png","width":2880,"height":2880,"caption":"Talkpal, Inc."},"image":{"@id":"https:\/\/talkpal.ai\/is\/#\/schema\/logo\/image\/"},"sameAs":["https:\/\/www.facebook.com\/profile.php?id=100090733639311","https:\/\/x.com\/talkpalai","https:\/\/www.linkedin.com\/company\/talkpal\/","https:\/\/www.youtube.com\/@TalkPal\/","https:\/\/www.tiktok.com\/@talkpal","https:\/\/www.instagram.com\/talkpal_ai\/","https:\/\/www.crunchbase.com\/organization\/talkpal-9cde","https:\/\/www.g2.com\/products\/talkpal-for-business\/","https:\/\/www.trustpilot.com\/review\/talkpal.ai","https:\/\/www.capterra.com\/p\/10006800\/TalkPal\/"],"description":"Talkpal is a language learning web and mobile education app, powered by the latest AI technologies, that provides engaging experiences to its customers in many different languages to help them improve their language skills. Users can chat about unlimited amount of topics with the app and use other modes to practice their language learning.","email":"support@talkpal.ai","legalName":"Talkpal, Inc.","foundingDate":"2023-04-03","duns":"118989042","numberOfEmployees":{"@type":"QuantitativeValue","minValue":"11","maxValue":"50"},"publishingPrinciples":"https:\/\/talkpal.ai\/publishing-principles\/","actionableFeedbackPolicy":"https:\/\/talkpal.ai\/actionable-feedback-policy\/","correctionsPolicy":"https:\/\/talkpal.ai\/corrections-policy\/","ethicsPolicy":"https:\/\/talkpal.ai\/ethics-policy\/","diversityPolicy":"https:\/\/talkpal.ai\/diversity-policy\/","diversityStaffingReport":"https:\/\/talkpal.ai\/diversity-policy\/"}]}},"_links":{"self":[{"href":"https:\/\/talkpal.ai\/is\/wp-json\/wp\/v2\/pages\/161953","targetHints":{"allow":["GET"]}}],"collection":[{"href":"https:\/\/talkpal.ai\/is\/wp-json\/wp\/v2\/pages"}],"about":[{"href":"https:\/\/talkpal.ai\/is\/wp-json\/wp\/v2\/types\/page"}],"author":[{"embeddable":true,"href":"https:\/\/talkpal.ai\/is\/wp-json\/wp\/v2\/users\/6"}],"replies":[{"embeddable":true,"href":"https:\/\/talkpal.ai\/is\/wp-json\/wp\/v2\/comments?post=161953"}],"version-history":[{"count":0,"href":"https:\/\/talkpal.ai\/is\/wp-json\/wp\/v2\/pages\/161953\/revisions"}],"wp:featuredmedia":[{"embeddable":true,"href":"https:\/\/talkpal.ai\/is\/wp-json\/wp\/v2\/media\/113195"}],"wp:attachment":[{"href":"https:\/\/talkpal.ai\/is\/wp-json\/wp\/v2\/media?parent=161953"}],"curies":[{"name":"wp","href":"https:\/\/api.w.org\/{rel}","templated":true}]}}