{"id":161412,"date":"2023-06-22T07:25:42","date_gmt":"2023-06-22T07:25:42","guid":{"rendered":"http:\/\/talkpal.ai\/indonesisku-malfraedi-aefingar\/"},"modified":"2025-12-17T15:09:01","modified_gmt":"2025-12-17T15:09:01","slug":"indonesisku-malfraedi-aefingar","status":"publish","type":"page","link":"https:\/\/talkpal.ai\/is\/indonesisku-malfraedi-aefingar\/","title":{"rendered":"Ind\u00f3nes\u00edsku M\u00e1lfr\u00e6\u00f0i \u00c6fingar"},"content":{"rendered":"\r\n\r\n\r\n<section class=\"languageChallengeSection\">\r\n    <div class=\"languageInfoWrapper\">\r\n        \r\n        <h1>Ind\u00f3nes\u00edsku M\u00e1lfr\u00e6\u00f0i \u00c6fingar<\/h1>\r\n        <p>Viltu auka sj\u00e1lfstraust \u00feitt \u00ed ind\u00f3nes\u00edsku? M\u00e1lfr\u00e6\u00f0i\u00e6fingar eru fr\u00e1b\u00e6r lei\u00f0 til a\u00f0 n\u00e1 t\u00f6kum \u00e1 setningager\u00f0, sagnor\u00f0um og lykilmynstrum sem munu hj\u00e1lpa \u00fe\u00e9r a\u00f0 eiga e\u00f0lilegri samskipti. Byrja\u00f0u a\u00f0 \u00e6fa <a href=\"https:\/\/talkpal.ai\/learn-indonesian\/\">ind\u00f3nes\u00edska<\/a> <a href=\"https:\/\/talkpal.ai\/grammar\/\">m\u00e1lfr\u00e6\u00f0i<\/a> \u00ed dag og horf\u00f0u \u00e1 f\u00e6rni \u00fe\u00edna og skilning vaxa me\u00f0 hverri lotu!<\/p>\r\n\r\n                            <a class=\"getStartedHidden\" href=\"https:\/\/app.talkpal.ai\/signup?lng=\">Byrja\u00f0u<\/a>\r\n        \r\n    <\/div>\r\n\r\n    <figure>\r\n    <img decoding=\"async\" width=\"768\" height=\"768\" src=\"https:\/\/talkpal.ai\/wp-content\/uploads\/2023\/06\/indonesia-768x768.png\" class=\"languageImage no-lazy\" alt=\"Language learning for personal achievement\" fetchpriority=\"high\" sizes=\"(max-width: 768px) 150px, 768px\" srcset=\"https:\/\/talkpal.ai\/wp-content\/uploads\/2023\/06\/indonesia-768x768.png 768w, https:\/\/talkpal.ai\/wp-content\/uploads\/2023\/06\/indonesia-300x300.png 300w\" \/>\r\n    \r\n\r\n    <\/figure>\r\n\r\n            <a class=\"getStartedVisible\" href=\"https:\/\/app.talkpal.ai\/signup?lng=\">Byrja\u00f0u<\/a>\r\n    \r\n<\/section>\r\n\r\n\r\n<!-- <section class=\"grammarSection\">\r\n    <div class=\"grammarLinks\">\r\n            <\/div>\r\n<\/section> -->\r\n\r\n\r\n\r\n\r\n<section class=\"promotionalBanner\">\r\n    <p class=\"promotionalText\">Skilvirkasta lei\u00f0in til a\u00f0 l\u00e6ra tungum\u00e1l<\/p>\r\n    <a class=\"promotionalLink\" href=\"https:\/\/app.talkpal.ai\/signup?lng=\">Pr\u00f3fa\u00f0u Talkpal \u00f3keypis<\/a>\r\n<\/section>\n<div class=\"wp-block-group pageContainerStyle\"><div class=\"wp-block-group__inner-container is-layout-constrained wp-block-group-is-layout-constrained\">\n<h2 class=\"wp-block-heading\" id=\"h-indonesian-grammar-topics\">Ind\u00f3nes\u00edsku m\u00e1lfr\u00e6\u00f0i efni<\/h2>\n\n\n\n<p>Ind\u00f3nes\u00edska, e\u00f0a Bahasa Ind\u00f3nes\u00eda, er opinbert tungum\u00e1l \u00ed Ind\u00f3nes\u00edu og \u00fej\u00f3nar sem sameiningartungum\u00e1l \u00ed landi me\u00f0 yfir 700 t\u00f6lu\u00f0 tungum\u00e1l. Sem st\u00f6\u00f0lu\u00f0 skr\u00e1 yfir mala\u00edsku er \u00fea\u00f0 \u00e1str\u00f3n\u00edskt tungum\u00e1l me\u00f0 au\u00f0velt a\u00f0 l\u00e6ra m\u00e1lfr\u00e6\u00f0ikerfi. \u00deegar \u00fe\u00fa l\u00e6rir ind\u00f3nes\u00edsku er nau\u00f0synlegt a\u00f0 skilja m\u00e1lfr\u00e6\u00f0ireglur hennar og uppbyggingu fyrir skilvirk samskipti. \u00cd \u00feessari handb\u00f3k munum vi\u00f0 einbeita okkur a\u00f0 r\u00f6\u00f0inni vi\u00f0 a\u00f0 l\u00e6ra \u00fdmis ind\u00f3nes\u00edsk m\u00e1lfr\u00e6\u00f0iefni eins og t\u00ed\u00f0ir, sagnir, nafnor\u00f0, greinar, forn\u00f6fn, l\u00fdsingaror\u00f0, atviksor\u00f0, skilyr\u00f0i, forsetningar og setningager\u00f0.<\/p>\n\n\n\n<h3 class=\"wp-block-heading\" id=\"h-1-nouns\">1. Nafnor\u00f0<\/h3>\n\n\n\n<p>Byrja\u00f0u \u00e1 \u00fev\u00ed a\u00f0 l\u00e6ra ind\u00f3nes\u00edsk nafnor\u00f0, \u00fear sem \u00feau eru einf\u00f6ldustu byggingareiningar tungum\u00e1lsins. Ind\u00f3nes\u00edsk nafnor\u00f0 eru ekki kynju\u00f0 e\u00f0a fleirt\u00f6lu, sem gerir \u00feau au\u00f0velt a\u00f0 skilja. Kynntu \u00fe\u00e9r algeng nafnor\u00f0 og notkun \u00feeirra \u00ed samhengi.<\/p>\n\n\n\n<h3 class=\"wp-block-heading\" id=\"h-2-pronouns-determiners\">2. Forn\u00f6fn\/\u00e1kvar\u00f0andi<\/h3>\n\n\n\n<p>Eftir <a href=\"https:\/\/talkpal.ai\/culture\/what-is-the-verb-ad-hafa-and-when-is-it-used\/\">a\u00f0 hafa<\/a> skili\u00f0 nafnor\u00f0 skaltu l\u00e6ra forn\u00f6fn og \u00e1kvar\u00f0ana. Ind\u00f3nes\u00edska hefur \u00fdmis pers\u00f3nuleg forn\u00f6fn og eignar\u00e1kvar\u00f0anir sem samsvara enskum jafngildum. \u00c6f\u00f0u \u00feig \u00ed a\u00f0 nota \u00feau \u00ed mismunandi samhengi til a\u00f0 byggja grunn \u00feinn \u00ed setningager\u00f0.<\/p>\n\n\n\n<h3 class=\"wp-block-heading\" id=\"h-3-adjectives\">3. L\u00fdsingaror\u00f0<\/h3>\n\n\n\n<p>L\u00fdsingaror\u00f0 eru nau\u00f0synleg til a\u00f0 l\u00fdsa og greina nafnor\u00f0 \u00e1 ind\u00f3nes\u00edsku. L\u00e6r\u00f0u hvernig \u00e1 a\u00f0 nota l\u00fdsingaror\u00f0 \u00ed einf\u00f6ldum setningum og skilja sta\u00f0setningu \u00feeirra \u00ed tengslum vi\u00f0 nafnor\u00f0.<\/p>\n\n\n\n<h3 class=\"wp-block-heading\" id=\"h-4-verbs\">4. Sagnor\u00f0<\/h3>\n\n\n\n<p>Ind\u00f3nes\u00edskar sagnir eru ekki beyg\u00f0ar, sem gerir \u00fe\u00e6r tilt\u00f6lulega au\u00f0veldara a\u00f0 l\u00e6ra mi\u00f0a\u00f0 vi\u00f0 \u00f6nnur tungum\u00e1l. Kynntu \u00fe\u00e9r grunnsagnaform og notkun \u00feeirra \u00ed setningum.<\/p>\n\n\n\n<h3 class=\"wp-block-heading\" id=\"h-5-tenses\">5. Spennur<\/h3>\n\n\n\n<p>Ind\u00f3nes\u00edska hefur enga beina jafngildi ensku spennu. \u00deess \u00ed sta\u00f0 er t\u00edminn tj\u00e1\u00f0ur \u00ed gegnum samhengi e\u00f0a me\u00f0 \u00fev\u00ed a\u00f0 nota \u00e1kve\u00f0in or\u00f0. L\u00e6r\u00f0u hvernig \u00e1 a\u00f0 koma \u00e1 framf\u00e6ri atbur\u00f0um \u00ed fort\u00ed\u00f0, n\u00fat\u00ed\u00f0 og framt\u00ed\u00f0 \u00e1 ind\u00f3nes\u00edsku me\u00f0 \u00fev\u00ed a\u00f0 nota \u00fdmis atviksor\u00f0 og or\u00f0asamb\u00f6nd.<\/p>\n\n\n\n<h3 class=\"wp-block-heading\" id=\"h-6-tense-comparison-progressive-perfect-progressive\">6. Spenntur samanbur\u00f0ur, frams\u00e6kinn, fullkominn frams\u00e6kinn<\/h3>\n\n\n\n<p>\u00dear sem ind\u00f3nes\u00edska er ekki me\u00f0 spennu\u00ferungi\u00f0 kerfi er mikilv\u00e6gt a\u00f0 skilja hugtaki\u00f0 spenntur samanbur\u00f0ur, frams\u00e6ki\u00f0 og fullkomi\u00f0 frams\u00e6ki\u00f0. L\u00e6r\u00f0u hvernig \u00e1 a\u00f0 tj\u00e1 \u00feessa \u00fe\u00e6tti me\u00f0 \u00fev\u00ed a\u00f0 nota mismunandi or\u00f0 og or\u00f0asamb\u00f6nd.<\/p>\n\n\n\n<h3 class=\"wp-block-heading\" id=\"h-7-adverbs\">7. Atviksor\u00f0<\/h3>\n\n\n\n<p>Nota\u00f0u atviksor\u00f0 \u00ed ind\u00f3nes\u00edska or\u00f0afor\u00f0anum \u00fe\u00ednum til a\u00f0 b\u00e6ta frekari uppl\u00fdsingum og d\u00fdpt vi\u00f0 setningarnar \u00fe\u00ednar. Kynntu \u00fe\u00e9r reglurnar sem gilda um sta\u00f0setningu og notkun atviksor\u00f0a.<\/p>\n\n\n\n<h3 class=\"wp-block-heading\" id=\"h-8-prepositions\">8. Forsetningar<\/h3>\n\n\n\n<p>Forsetningar eru nota\u00f0ar til a\u00f0 gefa til kynna tengsl milli or\u00f0a \u00ed setningu. L\u00e6r\u00f0u algengar ind\u00f3nes\u00edskar forsetningar og notkun \u00feeirra \u00ed \u00fdmsu samhengi.<\/p>\n\n\n\n<h3 class=\"wp-block-heading\" id=\"h-9-conditionals\">9. Skilyr\u00f0i<\/h3>\n\n\n\n<p>Rannsaka\u00f0u skilyrtar setningar \u00e1 ind\u00f3nes\u00edsku, sem tj\u00e1 \u00edmynda\u00f0ar a\u00f0st\u00e6\u00f0ur og aflei\u00f0ingar \u00feeirra. L\u00e6r\u00f0u hvernig \u00e1 a\u00f0 mynda og nota \u201eef\u201c \u00e1kv\u00e6\u00f0i og \u00f6nnur skilyrt mannvirki.<\/p>\n\n\n\n<h3 class=\"wp-block-heading\" id=\"h-10-sentences\">10. Setningar<\/h3>\n\n\n\n<p>A\u00f0 lokum skaltu \u00e6fa \u00feig \u00ed a\u00f0 sm\u00ed\u00f0a setningar me\u00f0 \u00fev\u00ed a\u00f0 nota m\u00e1lfr\u00e6\u00f0ireglurnar og efnin sem fjalla\u00f0 er um h\u00e9r a\u00f0 ofan. Kynntu \u00fe\u00e9r mismunandi ger\u00f0ir af ind\u00f3nes\u00edskum setningum, svo sem l\u00fdsandi, yfirheyrandi, br\u00fdnt og upphr\u00f3punarmerki, til a\u00f0 b\u00e6ta heildar samskiptah\u00e6fileika \u00fe\u00edna \u00e1 tungum\u00e1linu.<\/p>\n<\/div><\/div>\n\r\n<section class=\"learnNavigationSection\">\r\n            \r\n        <a href=\"https:\/\/talkpal.ai\/is\/laerdu-indonesisku\/\">\r\n            <div class=\"learnNavigationWrapper\">\r\n                <div class=\"learnNavigationContent\">\r\n                    <img decoding=\"async\" src=\"https:\/\/talkpal.ai\/wp-content\/uploads\/2024\/08\/Indonesian.jpg\" alt=\"Indonesian Flag\">\r\n                    <div>\r\n                        <h4>Um ind\u00f3nes\u00edskt n\u00e1m<\/h4>\r\n                        <p>Finndu \u00fat allt um ind\u00f3nes\u00edska m\u00e1lfr\u00e6\u00f0i.<\/p>\r\n                    <\/div>\r\n                <\/div>\r\n            <\/div>\r\n        <\/a>\r\n\r\n        \r\n        <a href=\"https:\/\/talkpal.ai\/is\/indonesisk-malfraedi\/\">\r\n            <div class=\"learnNavigationWrapper\">\r\n                <div class=\"learnNavigationContent\">\r\n                    <img decoding=\"async\" src=\"https:\/\/talkpal.ai\/wp-content\/uploads\/2024\/08\/Indonesian.jpg\" alt=\"Indonesian Flag\">\r\n                    <div>\r\n                        <h4>Ind\u00f3nes\u00edsk m\u00e1lfr\u00e6\u00f0ikennsla<\/h4>\r\n                        <p>\u00c6f\u00f0u ind\u00f3nes\u00edska m\u00e1lfr\u00e6\u00f0i.<\/p>\r\n                    <\/div>\r\n                <\/div>\r\n            <\/div>\r\n        <\/a>\r\n\r\n        \r\n        <a href=\"https:\/\/talkpal.ai\/vocabulary_language\/indonesian\/\">\r\n            <div class=\"learnNavigationWrapper\">\r\n                <div class=\"learnNavigationContent\">\r\n                    <img decoding=\"async\" src=\"https:\/\/talkpal.ai\/wp-content\/uploads\/2024\/08\/Indonesian.jpg\" alt=\"Indonesian Flag\">\r\n                    <div>\r\n                        <h4>Ind\u00f3nes\u00edskur or\u00f0afor\u00f0i<\/h4>\r\n                        <p>St\u00e6kka\u00f0u ind\u00f3nes\u00edskan or\u00f0afor\u00f0a \u00feinn.<\/p>\r\n                    <\/div>\r\n                <\/div>\r\n            <\/div>\r\n        <\/a>\r\n\r\n            <\/section>","protected":false},"excerpt":{"rendered":"<p>Ind\u00f3nes\u00edsku m\u00e1lfr\u00e6\u00f0i efni Ind\u00f3nes\u00edska, e\u00f0a Bahasa Ind\u00f3nes\u00eda, er opinbert tungum\u00e1l \u00ed Ind\u00f3nes\u00edu og \u00fej\u00f3nar sem sameiningartungum\u00e1l \u00ed landi me\u00f0 yfir 700 t\u00f6lu\u00f0 tungum\u00e1l. Sem st\u00f6\u00f0lu\u00f0 skr\u00e1 yfir mala\u00edsku er \u00fea\u00f0 \u00e1str\u00f3n\u00edskt tungum\u00e1l me\u00f0 au\u00f0velt a\u00f0 l\u00e6ra m\u00e1lfr\u00e6\u00f0ikerfi. \u00deegar \u00fe\u00fa l\u00e6rir ind\u00f3nes\u00edsku er nau\u00f0synlegt a\u00f0 skilja m\u00e1lfr\u00e6\u00f0ireglur hennar og uppbyggingu fyrir skilvirk samskipti. \u00cd \u00feessari handb\u00f3k [&hellip;]<\/p>\n","protected":false},"author":6,"featured_media":114122,"parent":0,"menu_order":0,"comment_status":"closed","ping_status":"closed","template":"LearningContentPage.php","meta":{"_acf_changed":false,"footnotes":""},"class_list":["post-161412","page","type-page","status-publish","has-post-thumbnail","hentry"],"acf":[],"yoast_head":"<!-- This site is optimized with the Yoast SEO Premium plugin v27.2 (Yoast SEO v27.2) - https:\/\/yoast.com\/product\/yoast-seo-premium-wordpress\/ -->\n<title>Ind\u00f3nes\u00edsku M\u00e1lfr\u00e6\u00f0i \u00c6fingar - Talkpal<\/title>\n<meta name=\"description\" content=\"B\u00e6ttu ind\u00f3nes\u00edsku m\u00e1lfr\u00e6\u00f0ina \u00fe\u00edna - \u00e6f\u00f0u \u00feig me\u00f0 einf\u00f6ldum \u00e6fingum, gagnvirkum d\u00e6mum og sk\u00fdrum endurgj\u00f6fum me\u00f0 Talkpal gervigreind.\" \/>\n<meta name=\"robots\" content=\"index, follow, max-snippet:-1, max-image-preview:large, max-video-preview:-1\" \/>\n<link rel=\"canonical\" href=\"https:\/\/talkpal.ai\/is\/indonesisku-malfraedi-aefingar\/\" \/>\n<meta property=\"og:locale\" content=\"is_IS\" \/>\n<meta property=\"og:type\" content=\"article\" \/>\n<meta property=\"og:title\" content=\"Ind\u00f3nes\u00edsku M\u00e1lfr\u00e6\u00f0i \u00c6fingar\" \/>\n<meta property=\"og:description\" content=\"Ind\u00f3nes\u00edsku m\u00e1lfr\u00e6\u00f0i efni Ind\u00f3nes\u00edska, e\u00f0a Bahasa Ind\u00f3nes\u00eda, er opinbert tungum\u00e1l \u00ed Ind\u00f3nes\u00edu og \u00fej\u00f3nar sem sameiningartungum\u00e1l \u00ed landi me\u00f0 yfir 700 t\u00f6lu\u00f0\" \/>\n<meta property=\"og:url\" content=\"https:\/\/talkpal.ai\/is\/indonesisku-malfraedi-aefingar\/\" \/>\n<meta property=\"og:site_name\" content=\"Talkpal\" \/>\n<meta property=\"article:publisher\" content=\"https:\/\/www.facebook.com\/profile.php?id=100090733639311\" \/>\n<meta property=\"article:modified_time\" content=\"2025-12-17T15:09:01+00:00\" \/>\n<meta property=\"og:image\" content=\"https:\/\/talkpal.ai\/wp-content\/uploads\/2023\/05\/indonesia.png\" \/>\n\t<meta property=\"og:image:width\" content=\"512\" \/>\n\t<meta property=\"og:image:height\" content=\"512\" \/>\n\t<meta property=\"og:image:type\" content=\"image\/png\" \/>\n<meta name=\"twitter:card\" content=\"summary_large_image\" \/>\n<meta name=\"twitter:site\" content=\"@talkpalai\" \/>\n<meta name=\"twitter:label1\" content=\"Est. reading time\" \/>\n\t<meta name=\"twitter:data1\" content=\"3 minutes\" \/>\n<script type=\"application\/ld+json\" class=\"yoast-schema-graph\">{\"@context\":\"https:\/\/schema.org\",\"@graph\":[{\"@type\":\"WebPage\",\"@id\":\"https:\/\/talkpal.ai\/is\/indonesisku-malfraedi-aefingar\/\",\"url\":\"https:\/\/talkpal.ai\/is\/indonesisku-malfraedi-aefingar\/\",\"name\":\"Ind\u00f3nes\u00edsku M\u00e1lfr\u00e6\u00f0i \u00c6fingar - Talkpal\",\"isPartOf\":{\"@id\":\"https:\/\/talkpal.ai\/is\/#website\"},\"primaryImageOfPage\":{\"@id\":\"https:\/\/talkpal.ai\/is\/indonesisku-malfraedi-aefingar\/#primaryimage\"},\"image\":{\"@id\":\"https:\/\/talkpal.ai\/is\/indonesisku-malfraedi-aefingar\/#primaryimage\"},\"thumbnailUrl\":\"https:\/\/talkpal.ai\/wp-content\/uploads\/2023\/05\/indonesia.png\",\"datePublished\":\"2023-06-22T07:25:42+00:00\",\"dateModified\":\"2025-12-17T15:09:01+00:00\",\"description\":\"B\u00e6ttu ind\u00f3nes\u00edsku m\u00e1lfr\u00e6\u00f0ina \u00fe\u00edna - \u00e6f\u00f0u \u00feig me\u00f0 einf\u00f6ldum \u00e6fingum, gagnvirkum d\u00e6mum og sk\u00fdrum endurgj\u00f6fum me\u00f0 Talkpal gervigreind.\",\"breadcrumb\":{\"@id\":\"https:\/\/talkpal.ai\/is\/indonesisku-malfraedi-aefingar\/#breadcrumb\"},\"inLanguage\":\"is\",\"potentialAction\":[{\"@type\":\"ReadAction\",\"target\":[\"https:\/\/talkpal.ai\/is\/indonesisku-malfraedi-aefingar\/\"]}]},{\"@type\":\"ImageObject\",\"inLanguage\":\"is\",\"@id\":\"https:\/\/talkpal.ai\/is\/indonesisku-malfraedi-aefingar\/#primaryimage\",\"url\":\"https:\/\/talkpal.ai\/wp-content\/uploads\/2023\/05\/indonesia.png\",\"contentUrl\":\"https:\/\/talkpal.ai\/wp-content\/uploads\/2023\/05\/indonesia.png\",\"width\":512,\"height\":512},{\"@type\":\"BreadcrumbList\",\"@id\":\"https:\/\/talkpal.ai\/is\/indonesisku-malfraedi-aefingar\/#breadcrumb\",\"itemListElement\":[{\"@type\":\"ListItem\",\"position\":1,\"name\":\"Homepage\",\"item\":\"https:\/\/talkpal.ai\/is\/\"},{\"@type\":\"ListItem\",\"position\":2,\"name\":\"Ind\u00f3nes\u00edsku M\u00e1lfr\u00e6\u00f0i \u00c6fingar\"}]},{\"@type\":\"WebSite\",\"@id\":\"https:\/\/talkpal.ai\/is\/#website\",\"url\":\"https:\/\/talkpal.ai\/is\/\",\"name\":\"Talkpal\",\"description\":\"AI Language Learning\",\"publisher\":{\"@id\":\"https:\/\/talkpal.ai\/is\/#organization\"},\"alternateName\":\"Talkpal AI\",\"potentialAction\":[{\"@type\":\"SearchAction\",\"target\":{\"@type\":\"EntryPoint\",\"urlTemplate\":\"https:\/\/talkpal.ai\/is\/?s={search_term_string}\"},\"query-input\":{\"@type\":\"PropertyValueSpecification\",\"valueRequired\":true,\"valueName\":\"search_term_string\"}}],\"inLanguage\":\"is\"},{\"@type\":\"Organization\",\"@id\":\"https:\/\/talkpal.ai\/is\/#organization\",\"name\":\"Talkpal, Inc.\",\"alternateName\":\"Talkpal AI\",\"url\":\"https:\/\/talkpal.ai\/is\/\",\"logo\":{\"@type\":\"ImageObject\",\"inLanguage\":\"is\",\"@id\":\"https:\/\/talkpal.ai\/is\/#\/schema\/logo\/image\/\",\"url\":\"https:\/\/talkpal.ai\/wp-content\/uploads\/2024\/03\/Talkpal-Logo-Icon.png\",\"contentUrl\":\"https:\/\/talkpal.ai\/wp-content\/uploads\/2024\/03\/Talkpal-Logo-Icon.png\",\"width\":2880,\"height\":2880,\"caption\":\"Talkpal, Inc.\"},\"image\":{\"@id\":\"https:\/\/talkpal.ai\/is\/#\/schema\/logo\/image\/\"},\"sameAs\":[\"https:\/\/www.facebook.com\/profile.php?id=100090733639311\",\"https:\/\/x.com\/talkpalai\",\"https:\/\/www.linkedin.com\/company\/talkpal\/\",\"https:\/\/www.youtube.com\/@TalkPal\/\",\"https:\/\/www.tiktok.com\/@talkpal\",\"https:\/\/www.instagram.com\/talkpal_ai\/\",\"https:\/\/www.crunchbase.com\/organization\/talkpal-9cde\",\"https:\/\/www.g2.com\/products\/talkpal-for-business\/\",\"https:\/\/www.trustpilot.com\/review\/talkpal.ai\",\"https:\/\/www.capterra.com\/p\/10006800\/TalkPal\/\"],\"description\":\"Talkpal is a language learning web and mobile education app, powered by the latest AI technologies, that provides engaging experiences to its customers in many different languages to help them improve their language skills. Users can chat about unlimited amount of topics with the app and use other modes to practice their language learning.\",\"email\":\"support@talkpal.ai\",\"legalName\":\"Talkpal, Inc.\",\"foundingDate\":\"2023-04-03\",\"duns\":\"118989042\",\"numberOfEmployees\":{\"@type\":\"QuantitativeValue\",\"minValue\":\"11\",\"maxValue\":\"50\"},\"publishingPrinciples\":\"https:\/\/talkpal.ai\/publishing-principles\/\",\"actionableFeedbackPolicy\":\"https:\/\/talkpal.ai\/actionable-feedback-policy\/\",\"correctionsPolicy\":\"https:\/\/talkpal.ai\/corrections-policy\/\",\"ethicsPolicy\":\"https:\/\/talkpal.ai\/ethics-policy\/\",\"diversityPolicy\":\"https:\/\/talkpal.ai\/diversity-policy\/\",\"diversityStaffingReport\":\"https:\/\/talkpal.ai\/diversity-policy\/\"}]}<\/script>\n<!-- \/ Yoast SEO Premium plugin. -->","yoast_head_json":{"title":"Ind\u00f3nes\u00edsku M\u00e1lfr\u00e6\u00f0i \u00c6fingar - Talkpal","description":"B\u00e6ttu ind\u00f3nes\u00edsku m\u00e1lfr\u00e6\u00f0ina \u00fe\u00edna - \u00e6f\u00f0u \u00feig me\u00f0 einf\u00f6ldum \u00e6fingum, gagnvirkum d\u00e6mum og sk\u00fdrum endurgj\u00f6fum me\u00f0 Talkpal gervigreind.","robots":{"index":"index","follow":"follow","max-snippet":"max-snippet:-1","max-image-preview":"max-image-preview:large","max-video-preview":"max-video-preview:-1"},"canonical":"https:\/\/talkpal.ai\/is\/indonesisku-malfraedi-aefingar\/","og_locale":"is_IS","og_type":"article","og_title":"Ind\u00f3nes\u00edsku M\u00e1lfr\u00e6\u00f0i \u00c6fingar","og_description":"Ind\u00f3nes\u00edsku m\u00e1lfr\u00e6\u00f0i efni Ind\u00f3nes\u00edska, e\u00f0a Bahasa Ind\u00f3nes\u00eda, er opinbert tungum\u00e1l \u00ed Ind\u00f3nes\u00edu og \u00fej\u00f3nar sem sameiningartungum\u00e1l \u00ed landi me\u00f0 yfir 700 t\u00f6lu\u00f0","og_url":"https:\/\/talkpal.ai\/is\/indonesisku-malfraedi-aefingar\/","og_site_name":"Talkpal","article_publisher":"https:\/\/www.facebook.com\/profile.php?id=100090733639311","article_modified_time":"2025-12-17T15:09:01+00:00","og_image":[{"width":512,"height":512,"url":"https:\/\/talkpal.ai\/wp-content\/uploads\/2023\/05\/indonesia.png","type":"image\/png"}],"twitter_card":"summary_large_image","twitter_site":"@talkpalai","twitter_misc":{"Est. reading time":"3 minutes"},"schema":{"@context":"https:\/\/schema.org","@graph":[{"@type":"WebPage","@id":"https:\/\/talkpal.ai\/is\/indonesisku-malfraedi-aefingar\/","url":"https:\/\/talkpal.ai\/is\/indonesisku-malfraedi-aefingar\/","name":"Ind\u00f3nes\u00edsku M\u00e1lfr\u00e6\u00f0i \u00c6fingar - Talkpal","isPartOf":{"@id":"https:\/\/talkpal.ai\/is\/#website"},"primaryImageOfPage":{"@id":"https:\/\/talkpal.ai\/is\/indonesisku-malfraedi-aefingar\/#primaryimage"},"image":{"@id":"https:\/\/talkpal.ai\/is\/indonesisku-malfraedi-aefingar\/#primaryimage"},"thumbnailUrl":"https:\/\/talkpal.ai\/wp-content\/uploads\/2023\/05\/indonesia.png","datePublished":"2023-06-22T07:25:42+00:00","dateModified":"2025-12-17T15:09:01+00:00","description":"B\u00e6ttu ind\u00f3nes\u00edsku m\u00e1lfr\u00e6\u00f0ina \u00fe\u00edna - \u00e6f\u00f0u \u00feig me\u00f0 einf\u00f6ldum \u00e6fingum, gagnvirkum d\u00e6mum og sk\u00fdrum endurgj\u00f6fum me\u00f0 Talkpal gervigreind.","breadcrumb":{"@id":"https:\/\/talkpal.ai\/is\/indonesisku-malfraedi-aefingar\/#breadcrumb"},"inLanguage":"is","potentialAction":[{"@type":"ReadAction","target":["https:\/\/talkpal.ai\/is\/indonesisku-malfraedi-aefingar\/"]}]},{"@type":"ImageObject","inLanguage":"is","@id":"https:\/\/talkpal.ai\/is\/indonesisku-malfraedi-aefingar\/#primaryimage","url":"https:\/\/talkpal.ai\/wp-content\/uploads\/2023\/05\/indonesia.png","contentUrl":"https:\/\/talkpal.ai\/wp-content\/uploads\/2023\/05\/indonesia.png","width":512,"height":512},{"@type":"BreadcrumbList","@id":"https:\/\/talkpal.ai\/is\/indonesisku-malfraedi-aefingar\/#breadcrumb","itemListElement":[{"@type":"ListItem","position":1,"name":"Homepage","item":"https:\/\/talkpal.ai\/is\/"},{"@type":"ListItem","position":2,"name":"Ind\u00f3nes\u00edsku M\u00e1lfr\u00e6\u00f0i \u00c6fingar"}]},{"@type":"WebSite","@id":"https:\/\/talkpal.ai\/is\/#website","url":"https:\/\/talkpal.ai\/is\/","name":"Talkpal","description":"AI Language Learning","publisher":{"@id":"https:\/\/talkpal.ai\/is\/#organization"},"alternateName":"Talkpal AI","potentialAction":[{"@type":"SearchAction","target":{"@type":"EntryPoint","urlTemplate":"https:\/\/talkpal.ai\/is\/?s={search_term_string}"},"query-input":{"@type":"PropertyValueSpecification","valueRequired":true,"valueName":"search_term_string"}}],"inLanguage":"is"},{"@type":"Organization","@id":"https:\/\/talkpal.ai\/is\/#organization","name":"Talkpal, Inc.","alternateName":"Talkpal AI","url":"https:\/\/talkpal.ai\/is\/","logo":{"@type":"ImageObject","inLanguage":"is","@id":"https:\/\/talkpal.ai\/is\/#\/schema\/logo\/image\/","url":"https:\/\/talkpal.ai\/wp-content\/uploads\/2024\/03\/Talkpal-Logo-Icon.png","contentUrl":"https:\/\/talkpal.ai\/wp-content\/uploads\/2024\/03\/Talkpal-Logo-Icon.png","width":2880,"height":2880,"caption":"Talkpal, Inc."},"image":{"@id":"https:\/\/talkpal.ai\/is\/#\/schema\/logo\/image\/"},"sameAs":["https:\/\/www.facebook.com\/profile.php?id=100090733639311","https:\/\/x.com\/talkpalai","https:\/\/www.linkedin.com\/company\/talkpal\/","https:\/\/www.youtube.com\/@TalkPal\/","https:\/\/www.tiktok.com\/@talkpal","https:\/\/www.instagram.com\/talkpal_ai\/","https:\/\/www.crunchbase.com\/organization\/talkpal-9cde","https:\/\/www.g2.com\/products\/talkpal-for-business\/","https:\/\/www.trustpilot.com\/review\/talkpal.ai","https:\/\/www.capterra.com\/p\/10006800\/TalkPal\/"],"description":"Talkpal is a language learning web and mobile education app, powered by the latest AI technologies, that provides engaging experiences to its customers in many different languages to help them improve their language skills. Users can chat about unlimited amount of topics with the app and use other modes to practice their language learning.","email":"support@talkpal.ai","legalName":"Talkpal, Inc.","foundingDate":"2023-04-03","duns":"118989042","numberOfEmployees":{"@type":"QuantitativeValue","minValue":"11","maxValue":"50"},"publishingPrinciples":"https:\/\/talkpal.ai\/publishing-principles\/","actionableFeedbackPolicy":"https:\/\/talkpal.ai\/actionable-feedback-policy\/","correctionsPolicy":"https:\/\/talkpal.ai\/corrections-policy\/","ethicsPolicy":"https:\/\/talkpal.ai\/ethics-policy\/","diversityPolicy":"https:\/\/talkpal.ai\/diversity-policy\/","diversityStaffingReport":"https:\/\/talkpal.ai\/diversity-policy\/"}]}},"_links":{"self":[{"href":"https:\/\/talkpal.ai\/is\/wp-json\/wp\/v2\/pages\/161412","targetHints":{"allow":["GET"]}}],"collection":[{"href":"https:\/\/talkpal.ai\/is\/wp-json\/wp\/v2\/pages"}],"about":[{"href":"https:\/\/talkpal.ai\/is\/wp-json\/wp\/v2\/types\/page"}],"author":[{"embeddable":true,"href":"https:\/\/talkpal.ai\/is\/wp-json\/wp\/v2\/users\/6"}],"replies":[{"embeddable":true,"href":"https:\/\/talkpal.ai\/is\/wp-json\/wp\/v2\/comments?post=161412"}],"version-history":[{"count":0,"href":"https:\/\/talkpal.ai\/is\/wp-json\/wp\/v2\/pages\/161412\/revisions"}],"wp:featuredmedia":[{"embeddable":true,"href":"https:\/\/talkpal.ai\/is\/wp-json\/wp\/v2\/media\/114122"}],"wp:attachment":[{"href":"https:\/\/talkpal.ai\/is\/wp-json\/wp\/v2\/media?parent=161412"}],"curies":[{"name":"wp","href":"https:\/\/api.w.org\/{rel}","templated":true}]}}