{"id":161093,"date":"2023-06-22T07:53:19","date_gmt":"2023-06-22T07:53:19","guid":{"rendered":"http:\/\/talkpal.ai\/kannada-malfraedi-aefingar\/"},"modified":"2025-12-17T15:10:28","modified_gmt":"2025-12-17T15:10:28","slug":"kannada-malfraedi-aefingar","status":"publish","type":"page","link":"https:\/\/talkpal.ai\/is\/kannada-malfraedi-aefingar\/","title":{"rendered":"Kannada M\u00e1lfr\u00e6\u00f0i \u00c6fingar"},"content":{"rendered":"\r\n\r\n\r\n<section class=\"languageChallengeSection\">\r\n    <div class=\"languageInfoWrapper\">\r\n        \r\n        <h1>Kannada M\u00e1lfr\u00e6\u00f0i \u00c6fingar<\/h1>\r\n        <p>Langar \u00feig a\u00f0 b\u00e6ta kannada-kunn\u00e1ttu \u00fe\u00edna? A\u00f0 \u00e6fa m\u00e1lfr\u00e6\u00f0i\u00e6fingar er fr\u00e1b\u00e6r lei\u00f0 til a\u00f0 l\u00e6ra setningarbyggingu, sagnor\u00f0 og einstaka eiginleika <a href=\"https:\/\/talkpal.ai\/learn-kannada\/\">kannada<\/a> tungum\u00e1lsins. Byrja\u00f0u a\u00f0 vinna \u00ed <a href=\"https:\/\/talkpal.ai\/kannada-grammar\/\">kannada m\u00e1lfr\u00e6\u00f0i<\/a> \u00ed dag og sj\u00e1\u00f0u sj\u00e1lfstraust \u00feitt og fl\u00e6\u00f0i vaxa me\u00f0 hverri n\u00fdrri \u00e6fingu!<\/p>\r\n\r\n                            <a class=\"getStartedHidden\" href=\"https:\/\/app.talkpal.ai\/signup?lng=\">Byrja\u00f0u<\/a>\r\n        \r\n    <\/div>\r\n\r\n    <figure>\r\n    <img decoding=\"async\" width=\"768\" height=\"768\" src=\"https:\/\/talkpal.ai\/wp-content\/uploads\/2023\/06\/Kannada-768x768.png\" class=\"languageImage no-lazy\" alt=\"Language learning for increased mental flexibility\" fetchpriority=\"high\" sizes=\"(max-width: 768px) 150px, 768px\" srcset=\"https:\/\/talkpal.ai\/wp-content\/uploads\/2023\/06\/Kannada-768x768.png 768w, https:\/\/talkpal.ai\/wp-content\/uploads\/2023\/06\/Kannada-300x300.png 300w\" \/>\r\n    \r\n\r\n    <\/figure>\r\n\r\n            <a class=\"getStartedVisible\" href=\"https:\/\/app.talkpal.ai\/signup?lng=\">Byrja\u00f0u<\/a>\r\n    \r\n<\/section>\r\n\r\n\r\n<!-- <section class=\"grammarSection\">\r\n    <div class=\"grammarLinks\">\r\n            <\/div>\r\n<\/section> -->\r\n\r\n\r\n\r\n\r\n<section class=\"promotionalBanner\">\r\n    <p class=\"promotionalText\">Skilvirkasta lei\u00f0in til a\u00f0 l\u00e6ra tungum\u00e1l<\/p>\r\n    <a class=\"promotionalLink\" href=\"https:\/\/app.talkpal.ai\/signup?lng=\">Pr\u00f3fa\u00f0u Talkpal \u00f3keypis<\/a>\r\n<\/section>\n<div class=\"wp-block-group pageContainerStyle\"><div class=\"wp-block-group__inner-container is-layout-constrained wp-block-group-is-layout-constrained\">\n<h2 class=\"wp-block-heading\" id=\"h-kannada-grammar-topics\">Kannada M\u00e1lfr\u00e6\u00f0i Topics<\/h2>\n\n\n\n<p>Kannada er dravid\u00edskt tungum\u00e1l sem a\u00f0allega er tala\u00f0 \u00ed indverska r\u00edkinu Karnataka af um \u00fea\u00f0 bil 44 millj\u00f3num manna. \u00dea\u00f0 er eitt af 22 \u00e1\u00e6tlunartungum\u00e1lum Indlands og opinbert tungum\u00e1l Karnataka-fylkis. N\u00e1m Kannada er ekki a\u00f0eins nau\u00f0synlegt til a\u00f0 skilja r\u00edka menningu og s\u00f6gu Karnataka, en \u00fea\u00f0 hj\u00e1lpar einnig \u00ed \u00e1rangursr\u00edkum samskiptum vi\u00f0 \u00edb\u00faa. \u00deessi grein mi\u00f0ar a\u00f0 \u00fev\u00ed a\u00f0 veita skipul\u00f6g\u00f0 n\u00e1lgun til a\u00f0 l\u00e6ra \u00fdmis <a href=\"https:\/\/talkpal.ai\/kannada-grammar\/\">Kannada m\u00e1lfr\u00e6\u00f0i<\/a> efni, sem mun hj\u00e1lpa \u00fe\u00e9r a\u00f0 byggja upp sterkan grunn \u00ed tungum\u00e1linu.<\/p>\n\n\n\n<h3 class=\"wp-block-heading\" id=\"h-1-nouns\">1. Nafnor\u00f0<\/h3>\n\n\n\n<p>Sem byggingareiningar hvers tungum\u00e1ls eru nafnor\u00f0 \u00ed Kannada nau\u00f0synleg til a\u00f0 l\u00e6ra fyrst. Kannada nafnor\u00f0 hafa mismunandi form byggt \u00e1 kyni, t\u00f6lu og h\u00e1st\u00f6fum, sem hafa \u00e1hrif \u00e1 form nafnor\u00f0sins. Byrja\u00f0u \u00e1 \u00fev\u00ed a\u00f0 skilja grunnhugt\u00f6k nafnor\u00f0a og notkun \u00feeirra \u00ed tungum\u00e1linu.<\/p>\n\n\n\n<h3 class=\"wp-block-heading\" id=\"h-2-pronouns-determiners\">2. Forn\u00f6fn\/\u00e1kvar\u00f0andi<\/h3>\n\n\n\n<p>Forn\u00f6fn eru or\u00f0 sem koma \u00ed sta\u00f0 nafnor\u00f0a \u00ed setningum en \u00e1kvar\u00f0andi breyta nafnor\u00f0um. L\u00e6r\u00f0u um hinar \u00fdmsu ger\u00f0ir fornafna og \u00e1kvar\u00f0ana \u00ed Kannada, notkun \u00feeirra og hvernig \u00feau breytast eftir kyni, fj\u00f6lda og m\u00e1li.<\/p>\n\n\n\n<h3 class=\"wp-block-heading\" id=\"h-3-articles\">3. Greinar<\/h3>\n\n\n\n<p>Kannada hefur ekki greinar eins og ensku, en \u00fea\u00f0 hefur svipu\u00f0 or\u00f0 sem hj\u00e1lpa til vi\u00f0 a\u00f0 tilgreina \u00e1kve\u00f0ni nafnor\u00f0sins. Kynntu \u00fe\u00e9r \u00feessi or\u00f0 og notkun \u00feeirra \u00ed Kannada.<\/p>\n\n\n\n<h3 class=\"wp-block-heading\" id=\"h-4-adjectives\">4. L\u00fdsingaror\u00f0<\/h3>\n\n\n\n<p>L\u00fdsingaror\u00f0 l\u00fdsa nafnor\u00f0um og gefa frekari uppl\u00fdsingar um \u00feau. L\u00e6r\u00f0u hvernig \u00e1 a\u00f0 mynda og nota l\u00fdsingaror\u00f0 \u00ed Kannada, svo og samkomulagsreglur \u00feeirra vi\u00f0 nafnor\u00f0.<\/p>\n\n\n\n<h3 class=\"wp-block-heading\" id=\"h-5-verbs\">5. Sagnor\u00f0<\/h3>\n\n\n\n<p>Sagnir eru a\u00f0ger\u00f0aror\u00f0 sem gefa til kynna hva\u00f0 vi\u00f0fangsefni\u00f0 er a\u00f0 <a href=\"https:\/\/talkpal.ai\/locations\/language-courses-in-gera\/\">gera<\/a>. L\u00e6r\u00f0u um mismunandi ger\u00f0ir sagna \u00ed Kannada, form \u00feeirra og beygingarreglur bygg\u00f0ar \u00e1 spennu, \u00fe\u00e6tti og skapi.<\/p>\n\n\n\n<h3 class=\"wp-block-heading\" id=\"h-6-tenses\">6. Spennur<\/h3>\n\n\n\n<p>Spennur \u00ed Kannada hj\u00e1lpa tj\u00e1 \u00feegar a\u00f0ger\u00f0 \u00e1tti s\u00e9r sta\u00f0. Kynntu \u00fe\u00e9r helstu t\u00edmasetningarnar \u00ferj\u00e1r &#8211; fort\u00ed\u00f0, n\u00fat\u00ed\u00f0 og framt\u00ed\u00f0 &#8211; og mismunandi form \u00feeirra.<\/p>\n\n\n\n<h3 class=\"wp-block-heading\" id=\"h-7-tense-comparison\">7. Spenntur samanbur\u00f0ur<\/h3>\n\n\n\n<p>Skilja hvernig \u00e1 a\u00f0 bera saman a\u00f0ger\u00f0ir yfir mismunandi spenntur \u00ed Kannada. \u00deetta mun hj\u00e1lpa \u00fe\u00e9r a\u00f0 byggja upp fl\u00f3knari setningar og tj\u00e1 hugsanir \u00fe\u00ednar n\u00e1kv\u00e6mari.<\/p>\n\n\n\n<h3 class=\"wp-block-heading\" id=\"h-8-progressive-and-perfect-progressive\">8. Frams\u00e6ki\u00f0 og fullkomi\u00f0 frams\u00e6ki\u00f0<\/h3>\n\n\n\n<p>\u00deessir \u00fe\u00e6ttir Kannada sagna benda til \u00e1framhaldandi a\u00f0ger\u00f0a e\u00f0a a\u00f0ger\u00f0a sem voru \u00ed gangi en eru n\u00fa loki\u00f0. L\u00e6r\u00f0u hvernig \u00e1 a\u00f0 mynda og nota frams\u00e6kin og fullkomin frams\u00e6kin sagnir \u00ed Kannada.<\/p>\n\n\n\n<h3 class=\"wp-block-heading\" id=\"h-9-adverbs\">9. Atviksor\u00f0<\/h3>\n\n\n\n<p>Atviksor\u00f0 veita frekari uppl\u00fdsingar um sagnir, l\u00fdsingaror\u00f0 e\u00f0a \u00f6nnur atviksor\u00f0. L\u00e6r\u00f0u mismunandi ger\u00f0ir atviksor\u00f0a \u00ed Kannada og sta\u00f0setningu \u00feeirra \u00ed setningum.<\/p>\n\n\n\n<h3 class=\"wp-block-heading\" id=\"h-10-conditionals\">10. Skilyr\u00f0i<\/h3>\n\n\n\n<p>Skilyrt eru setningar sem tj\u00e1 skilyr\u00f0i og m\u00f6gulega aflei\u00f0ingu \u00feess. L\u00e6r\u00f0u hvernig \u00e1 a\u00f0 mynda og nota skilyrt setningar \u00ed Kannada me\u00f0 vi\u00f0eigandi form sagna og samtengingar.<\/p>\n\n\n\n<h3 class=\"wp-block-heading\" id=\"h-11-prepositions\">11. Forsetningar<\/h3>\n\n\n\n<p>Forsetningar eru or\u00f0 sem s\u00fdna tengsl nafnor\u00f0a e\u00f0a fornafna og annarra or\u00f0a \u00ed setningu. L\u00e6r\u00f0u sameiginlegar Kannada forsetningar og notkun \u00feeirra.<\/p>\n\n\n\n<h3 class=\"wp-block-heading\" id=\"h-12-sentences\">12. Setningar<\/h3>\n\n\n\n<p>A\u00f0 lokum, \u00e6f\u00f0u \u00feig \u00ed a\u00f0 sameina \u00f6ll m\u00e1lfr\u00e6\u00f0iatri\u00f0in sem \u00fe\u00fa hefur l\u00e6rt til a\u00f0 mynda heilar setningar \u00ed Kannada. \u00deetta mun hj\u00e1lpa \u00fe\u00e9r a\u00f0 b\u00e6ta almenna tungum\u00e1lakunn\u00e1ttu \u00fe\u00edna og samskiptah\u00e6fileika.<\/p>\n<\/div><\/div>\n\r\n<section class=\"learnNavigationSection\">\r\n            \r\n        <a href=\"https:\/\/talkpal.ai\/is\/laerdu-kannada\/\">\r\n            <div class=\"learnNavigationWrapper\">\r\n                <div class=\"learnNavigationContent\">\r\n                    <img decoding=\"async\" src=\"https:\/\/talkpal.ai\/wp-content\/uploads\/2024\/08\/Kannada.jpg\" alt=\"Indian Simplified Flag\">\r\n                    <div>\r\n                        <h4>Um Kannada Learning<\/h4>\r\n                        <p>Finna \u00fat allt um Kannada m\u00e1lfr\u00e6\u00f0i.<\/p>\r\n                    <\/div>\r\n                <\/div>\r\n            <\/div>\r\n        <\/a>\r\n\r\n        \r\n        <a href=\"https:\/\/talkpal.ai\/is\/kannada-malfraedi\/\">\r\n            <div class=\"learnNavigationWrapper\">\r\n                <div class=\"learnNavigationContent\">\r\n                    <img decoding=\"async\" src=\"https:\/\/talkpal.ai\/wp-content\/uploads\/2024\/08\/Kannada.jpg\" alt=\"Indian Simplified Flag\">\r\n                    <div>\r\n                        <h4>M\u00e1lfr\u00e6\u00f0ikennsla \u00ed Kannada<\/h4>\r\n                        <p>Practice Kannada m\u00e1lfr\u00e6\u00f0i.<\/p>\r\n                    <\/div>\r\n                <\/div>\r\n            <\/div>\r\n        <\/a>\r\n\r\n        \r\n        <a href=\"https:\/\/talkpal.ai\/vocabulary_language\/kannada\/\">\r\n            <div class=\"learnNavigationWrapper\">\r\n                <div class=\"learnNavigationContent\">\r\n                    <img decoding=\"async\" src=\"https:\/\/talkpal.ai\/wp-content\/uploads\/2024\/08\/Kannada.jpg\" alt=\"Indian Simplified Flag\">\r\n                    <div>\r\n                        <h4>Kannada or\u00f0afor\u00f0i<\/h4>\r\n                        <p>St\u00e6kka\u00f0u Kannada or\u00f0afor\u00f0a \u00feinn.<\/p>\r\n                    <\/div>\r\n                <\/div>\r\n            <\/div>\r\n        <\/a>\r\n\r\n            <\/section>","protected":false},"excerpt":{"rendered":"<p>Kannada M\u00e1lfr\u00e6\u00f0i Topics Kannada er dravid\u00edskt tungum\u00e1l sem a\u00f0allega er tala\u00f0 \u00ed indverska r\u00edkinu Karnataka af um \u00fea\u00f0 bil 44 millj\u00f3num manna. \u00dea\u00f0 er eitt af 22 \u00e1\u00e6tlunartungum\u00e1lum Indlands og opinbert tungum\u00e1l Karnataka-fylkis. N\u00e1m Kannada er ekki a\u00f0eins nau\u00f0synlegt til a\u00f0 skilja r\u00edka menningu og s\u00f6gu Karnataka, en \u00fea\u00f0 hj\u00e1lpar einnig \u00ed \u00e1rangursr\u00edkum samskiptum vi\u00f0 [&hellip;]<\/p>\n","protected":false},"author":6,"featured_media":113751,"parent":0,"menu_order":0,"comment_status":"closed","ping_status":"closed","template":"LearningContentPage.php","meta":{"_acf_changed":false,"footnotes":""},"class_list":["post-161093","page","type-page","status-publish","has-post-thumbnail","hentry"],"acf":[],"yoast_head":"<!-- This site is optimized with the Yoast SEO Premium plugin v27.2 (Yoast SEO v27.2) - https:\/\/yoast.com\/product\/yoast-seo-premium-wordpress\/ -->\n<title>Kannada M\u00e1lfr\u00e6\u00f0i \u00c6fingar - Talkpal<\/title>\n<meta name=\"description\" content=\"Styrktu kannada m\u00e1lfr\u00e6\u00f0i \u00fe\u00edna - taktu \u00fe\u00e1tt \u00ed gagnvirkum \u00e6fingum, n\u00e1\u00f0u t\u00f6kum \u00e1 setningamynstrum og b\u00e6ttu fl\u00e6\u00f0i me\u00f0 gervigreindarkennara Talkpal .\" \/>\n<meta name=\"robots\" content=\"index, follow, max-snippet:-1, max-image-preview:large, max-video-preview:-1\" \/>\n<link rel=\"canonical\" href=\"https:\/\/talkpal.ai\/is\/kannada-malfraedi-aefingar\/\" \/>\n<meta property=\"og:locale\" content=\"is_IS\" \/>\n<meta property=\"og:type\" content=\"article\" \/>\n<meta property=\"og:title\" content=\"Kannada M\u00e1lfr\u00e6\u00f0i \u00c6fingar\" \/>\n<meta property=\"og:description\" content=\"Kannada M\u00e1lfr\u00e6\u00f0i Topics Kannada er dravid\u00edskt tungum\u00e1l sem a\u00f0allega er tala\u00f0 \u00ed indverska r\u00edkinu Karnataka af um \u00fea\u00f0 bil 44 millj\u00f3num manna. \u00dea\u00f0 er eitt af\" \/>\n<meta property=\"og:url\" content=\"https:\/\/talkpal.ai\/is\/kannada-malfraedi-aefingar\/\" \/>\n<meta property=\"og:site_name\" content=\"Talkpal\" \/>\n<meta property=\"article:publisher\" content=\"https:\/\/www.facebook.com\/profile.php?id=100090733639311\" \/>\n<meta property=\"article:modified_time\" content=\"2025-12-17T15:10:28+00:00\" \/>\n<meta property=\"og:image\" content=\"https:\/\/talkpal.ai\/wp-content\/uploads\/2023\/05\/Kannada-india.png\" \/>\n\t<meta property=\"og:image:width\" content=\"512\" \/>\n\t<meta property=\"og:image:height\" content=\"512\" \/>\n\t<meta property=\"og:image:type\" content=\"image\/png\" \/>\n<meta name=\"twitter:card\" content=\"summary_large_image\" \/>\n<meta name=\"twitter:site\" content=\"@talkpalai\" \/>\n<meta name=\"twitter:label1\" content=\"Est. reading time\" \/>\n\t<meta name=\"twitter:data1\" content=\"3 minutes\" \/>\n<script type=\"application\/ld+json\" class=\"yoast-schema-graph\">{\"@context\":\"https:\/\/schema.org\",\"@graph\":[{\"@type\":\"WebPage\",\"@id\":\"https:\/\/talkpal.ai\/is\/kannada-malfraedi-aefingar\/\",\"url\":\"https:\/\/talkpal.ai\/is\/kannada-malfraedi-aefingar\/\",\"name\":\"Kannada M\u00e1lfr\u00e6\u00f0i \u00c6fingar - Talkpal\",\"isPartOf\":{\"@id\":\"https:\/\/talkpal.ai\/is\/#website\"},\"primaryImageOfPage\":{\"@id\":\"https:\/\/talkpal.ai\/is\/kannada-malfraedi-aefingar\/#primaryimage\"},\"image\":{\"@id\":\"https:\/\/talkpal.ai\/is\/kannada-malfraedi-aefingar\/#primaryimage\"},\"thumbnailUrl\":\"https:\/\/talkpal.ai\/wp-content\/uploads\/2023\/05\/Kannada-india.png\",\"datePublished\":\"2023-06-22T07:53:19+00:00\",\"dateModified\":\"2025-12-17T15:10:28+00:00\",\"description\":\"Styrktu kannada m\u00e1lfr\u00e6\u00f0i \u00fe\u00edna - taktu \u00fe\u00e1tt \u00ed gagnvirkum \u00e6fingum, n\u00e1\u00f0u t\u00f6kum \u00e1 setningamynstrum og b\u00e6ttu fl\u00e6\u00f0i me\u00f0 gervigreindarkennara Talkpal .\",\"breadcrumb\":{\"@id\":\"https:\/\/talkpal.ai\/is\/kannada-malfraedi-aefingar\/#breadcrumb\"},\"inLanguage\":\"is\",\"potentialAction\":[{\"@type\":\"ReadAction\",\"target\":[\"https:\/\/talkpal.ai\/is\/kannada-malfraedi-aefingar\/\"]}]},{\"@type\":\"ImageObject\",\"inLanguage\":\"is\",\"@id\":\"https:\/\/talkpal.ai\/is\/kannada-malfraedi-aefingar\/#primaryimage\",\"url\":\"https:\/\/talkpal.ai\/wp-content\/uploads\/2023\/05\/Kannada-india.png\",\"contentUrl\":\"https:\/\/talkpal.ai\/wp-content\/uploads\/2023\/05\/Kannada-india.png\",\"width\":512,\"height\":512},{\"@type\":\"BreadcrumbList\",\"@id\":\"https:\/\/talkpal.ai\/is\/kannada-malfraedi-aefingar\/#breadcrumb\",\"itemListElement\":[{\"@type\":\"ListItem\",\"position\":1,\"name\":\"Homepage\",\"item\":\"https:\/\/talkpal.ai\/is\/\"},{\"@type\":\"ListItem\",\"position\":2,\"name\":\"Kannada M\u00e1lfr\u00e6\u00f0i \u00c6fingar\"}]},{\"@type\":\"WebSite\",\"@id\":\"https:\/\/talkpal.ai\/is\/#website\",\"url\":\"https:\/\/talkpal.ai\/is\/\",\"name\":\"Talkpal\",\"description\":\"AI Language Learning\",\"publisher\":{\"@id\":\"https:\/\/talkpal.ai\/is\/#organization\"},\"alternateName\":\"Talkpal AI\",\"potentialAction\":[{\"@type\":\"SearchAction\",\"target\":{\"@type\":\"EntryPoint\",\"urlTemplate\":\"https:\/\/talkpal.ai\/is\/?s={search_term_string}\"},\"query-input\":{\"@type\":\"PropertyValueSpecification\",\"valueRequired\":true,\"valueName\":\"search_term_string\"}}],\"inLanguage\":\"is\"},{\"@type\":\"Organization\",\"@id\":\"https:\/\/talkpal.ai\/is\/#organization\",\"name\":\"Talkpal, Inc.\",\"alternateName\":\"Talkpal AI\",\"url\":\"https:\/\/talkpal.ai\/is\/\",\"logo\":{\"@type\":\"ImageObject\",\"inLanguage\":\"is\",\"@id\":\"https:\/\/talkpal.ai\/is\/#\/schema\/logo\/image\/\",\"url\":\"https:\/\/talkpal.ai\/wp-content\/uploads\/2024\/03\/Talkpal-Logo-Icon.png\",\"contentUrl\":\"https:\/\/talkpal.ai\/wp-content\/uploads\/2024\/03\/Talkpal-Logo-Icon.png\",\"width\":2880,\"height\":2880,\"caption\":\"Talkpal, Inc.\"},\"image\":{\"@id\":\"https:\/\/talkpal.ai\/is\/#\/schema\/logo\/image\/\"},\"sameAs\":[\"https:\/\/www.facebook.com\/profile.php?id=100090733639311\",\"https:\/\/x.com\/talkpalai\",\"https:\/\/www.linkedin.com\/company\/talkpal\/\",\"https:\/\/www.youtube.com\/@TalkPal\/\",\"https:\/\/www.tiktok.com\/@talkpal\",\"https:\/\/www.instagram.com\/talkpal_ai\/\",\"https:\/\/www.crunchbase.com\/organization\/talkpal-9cde\",\"https:\/\/www.g2.com\/products\/talkpal-for-business\/\",\"https:\/\/www.trustpilot.com\/review\/talkpal.ai\",\"https:\/\/www.capterra.com\/p\/10006800\/TalkPal\/\"],\"description\":\"Talkpal is a language learning web and mobile education app, powered by the latest AI technologies, that provides engaging experiences to its customers in many different languages to help them improve their language skills. Users can chat about unlimited amount of topics with the app and use other modes to practice their language learning.\",\"email\":\"support@talkpal.ai\",\"legalName\":\"Talkpal, Inc.\",\"foundingDate\":\"2023-04-03\",\"duns\":\"118989042\",\"numberOfEmployees\":{\"@type\":\"QuantitativeValue\",\"minValue\":\"11\",\"maxValue\":\"50\"},\"publishingPrinciples\":\"https:\/\/talkpal.ai\/publishing-principles\/\",\"actionableFeedbackPolicy\":\"https:\/\/talkpal.ai\/actionable-feedback-policy\/\",\"correctionsPolicy\":\"https:\/\/talkpal.ai\/corrections-policy\/\",\"ethicsPolicy\":\"https:\/\/talkpal.ai\/ethics-policy\/\",\"diversityPolicy\":\"https:\/\/talkpal.ai\/diversity-policy\/\",\"diversityStaffingReport\":\"https:\/\/talkpal.ai\/diversity-policy\/\"}]}<\/script>\n<!-- \/ Yoast SEO Premium plugin. -->","yoast_head_json":{"title":"Kannada M\u00e1lfr\u00e6\u00f0i \u00c6fingar - Talkpal","description":"Styrktu kannada m\u00e1lfr\u00e6\u00f0i \u00fe\u00edna - taktu \u00fe\u00e1tt \u00ed gagnvirkum \u00e6fingum, n\u00e1\u00f0u t\u00f6kum \u00e1 setningamynstrum og b\u00e6ttu fl\u00e6\u00f0i me\u00f0 gervigreindarkennara Talkpal .","robots":{"index":"index","follow":"follow","max-snippet":"max-snippet:-1","max-image-preview":"max-image-preview:large","max-video-preview":"max-video-preview:-1"},"canonical":"https:\/\/talkpal.ai\/is\/kannada-malfraedi-aefingar\/","og_locale":"is_IS","og_type":"article","og_title":"Kannada M\u00e1lfr\u00e6\u00f0i \u00c6fingar","og_description":"Kannada M\u00e1lfr\u00e6\u00f0i Topics Kannada er dravid\u00edskt tungum\u00e1l sem a\u00f0allega er tala\u00f0 \u00ed indverska r\u00edkinu Karnataka af um \u00fea\u00f0 bil 44 millj\u00f3num manna. \u00dea\u00f0 er eitt af","og_url":"https:\/\/talkpal.ai\/is\/kannada-malfraedi-aefingar\/","og_site_name":"Talkpal","article_publisher":"https:\/\/www.facebook.com\/profile.php?id=100090733639311","article_modified_time":"2025-12-17T15:10:28+00:00","og_image":[{"width":512,"height":512,"url":"https:\/\/talkpal.ai\/wp-content\/uploads\/2023\/05\/Kannada-india.png","type":"image\/png"}],"twitter_card":"summary_large_image","twitter_site":"@talkpalai","twitter_misc":{"Est. reading time":"3 minutes"},"schema":{"@context":"https:\/\/schema.org","@graph":[{"@type":"WebPage","@id":"https:\/\/talkpal.ai\/is\/kannada-malfraedi-aefingar\/","url":"https:\/\/talkpal.ai\/is\/kannada-malfraedi-aefingar\/","name":"Kannada M\u00e1lfr\u00e6\u00f0i \u00c6fingar - Talkpal","isPartOf":{"@id":"https:\/\/talkpal.ai\/is\/#website"},"primaryImageOfPage":{"@id":"https:\/\/talkpal.ai\/is\/kannada-malfraedi-aefingar\/#primaryimage"},"image":{"@id":"https:\/\/talkpal.ai\/is\/kannada-malfraedi-aefingar\/#primaryimage"},"thumbnailUrl":"https:\/\/talkpal.ai\/wp-content\/uploads\/2023\/05\/Kannada-india.png","datePublished":"2023-06-22T07:53:19+00:00","dateModified":"2025-12-17T15:10:28+00:00","description":"Styrktu kannada m\u00e1lfr\u00e6\u00f0i \u00fe\u00edna - taktu \u00fe\u00e1tt \u00ed gagnvirkum \u00e6fingum, n\u00e1\u00f0u t\u00f6kum \u00e1 setningamynstrum og b\u00e6ttu fl\u00e6\u00f0i me\u00f0 gervigreindarkennara Talkpal .","breadcrumb":{"@id":"https:\/\/talkpal.ai\/is\/kannada-malfraedi-aefingar\/#breadcrumb"},"inLanguage":"is","potentialAction":[{"@type":"ReadAction","target":["https:\/\/talkpal.ai\/is\/kannada-malfraedi-aefingar\/"]}]},{"@type":"ImageObject","inLanguage":"is","@id":"https:\/\/talkpal.ai\/is\/kannada-malfraedi-aefingar\/#primaryimage","url":"https:\/\/talkpal.ai\/wp-content\/uploads\/2023\/05\/Kannada-india.png","contentUrl":"https:\/\/talkpal.ai\/wp-content\/uploads\/2023\/05\/Kannada-india.png","width":512,"height":512},{"@type":"BreadcrumbList","@id":"https:\/\/talkpal.ai\/is\/kannada-malfraedi-aefingar\/#breadcrumb","itemListElement":[{"@type":"ListItem","position":1,"name":"Homepage","item":"https:\/\/talkpal.ai\/is\/"},{"@type":"ListItem","position":2,"name":"Kannada M\u00e1lfr\u00e6\u00f0i \u00c6fingar"}]},{"@type":"WebSite","@id":"https:\/\/talkpal.ai\/is\/#website","url":"https:\/\/talkpal.ai\/is\/","name":"Talkpal","description":"AI Language Learning","publisher":{"@id":"https:\/\/talkpal.ai\/is\/#organization"},"alternateName":"Talkpal AI","potentialAction":[{"@type":"SearchAction","target":{"@type":"EntryPoint","urlTemplate":"https:\/\/talkpal.ai\/is\/?s={search_term_string}"},"query-input":{"@type":"PropertyValueSpecification","valueRequired":true,"valueName":"search_term_string"}}],"inLanguage":"is"},{"@type":"Organization","@id":"https:\/\/talkpal.ai\/is\/#organization","name":"Talkpal, Inc.","alternateName":"Talkpal AI","url":"https:\/\/talkpal.ai\/is\/","logo":{"@type":"ImageObject","inLanguage":"is","@id":"https:\/\/talkpal.ai\/is\/#\/schema\/logo\/image\/","url":"https:\/\/talkpal.ai\/wp-content\/uploads\/2024\/03\/Talkpal-Logo-Icon.png","contentUrl":"https:\/\/talkpal.ai\/wp-content\/uploads\/2024\/03\/Talkpal-Logo-Icon.png","width":2880,"height":2880,"caption":"Talkpal, Inc."},"image":{"@id":"https:\/\/talkpal.ai\/is\/#\/schema\/logo\/image\/"},"sameAs":["https:\/\/www.facebook.com\/profile.php?id=100090733639311","https:\/\/x.com\/talkpalai","https:\/\/www.linkedin.com\/company\/talkpal\/","https:\/\/www.youtube.com\/@TalkPal\/","https:\/\/www.tiktok.com\/@talkpal","https:\/\/www.instagram.com\/talkpal_ai\/","https:\/\/www.crunchbase.com\/organization\/talkpal-9cde","https:\/\/www.g2.com\/products\/talkpal-for-business\/","https:\/\/www.trustpilot.com\/review\/talkpal.ai","https:\/\/www.capterra.com\/p\/10006800\/TalkPal\/"],"description":"Talkpal is a language learning web and mobile education app, powered by the latest AI technologies, that provides engaging experiences to its customers in many different languages to help them improve their language skills. Users can chat about unlimited amount of topics with the app and use other modes to practice their language learning.","email":"support@talkpal.ai","legalName":"Talkpal, Inc.","foundingDate":"2023-04-03","duns":"118989042","numberOfEmployees":{"@type":"QuantitativeValue","minValue":"11","maxValue":"50"},"publishingPrinciples":"https:\/\/talkpal.ai\/publishing-principles\/","actionableFeedbackPolicy":"https:\/\/talkpal.ai\/actionable-feedback-policy\/","correctionsPolicy":"https:\/\/talkpal.ai\/corrections-policy\/","ethicsPolicy":"https:\/\/talkpal.ai\/ethics-policy\/","diversityPolicy":"https:\/\/talkpal.ai\/diversity-policy\/","diversityStaffingReport":"https:\/\/talkpal.ai\/diversity-policy\/"}]}},"_links":{"self":[{"href":"https:\/\/talkpal.ai\/is\/wp-json\/wp\/v2\/pages\/161093","targetHints":{"allow":["GET"]}}],"collection":[{"href":"https:\/\/talkpal.ai\/is\/wp-json\/wp\/v2\/pages"}],"about":[{"href":"https:\/\/talkpal.ai\/is\/wp-json\/wp\/v2\/types\/page"}],"author":[{"embeddable":true,"href":"https:\/\/talkpal.ai\/is\/wp-json\/wp\/v2\/users\/6"}],"replies":[{"embeddable":true,"href":"https:\/\/talkpal.ai\/is\/wp-json\/wp\/v2\/comments?post=161093"}],"version-history":[{"count":0,"href":"https:\/\/talkpal.ai\/is\/wp-json\/wp\/v2\/pages\/161093\/revisions"}],"wp:featuredmedia":[{"embeddable":true,"href":"https:\/\/talkpal.ai\/is\/wp-json\/wp\/v2\/media\/113751"}],"wp:attachment":[{"href":"https:\/\/talkpal.ai\/is\/wp-json\/wp\/v2\/media?parent=161093"}],"curies":[{"name":"wp","href":"https:\/\/api.w.org\/{rel}","templated":true}]}}