{"id":160970,"date":"2023-06-22T08:01:09","date_gmt":"2023-06-22T08:01:09","guid":{"rendered":"http:\/\/talkpal.ai\/kazakh-malfraedi-aefingar\/"},"modified":"2025-12-17T14:56:06","modified_gmt":"2025-12-17T14:56:06","slug":"kazakh-malfraedi-aefingar","status":"publish","type":"page","link":"https:\/\/talkpal.ai\/is\/kazakh-malfraedi-aefingar\/","title":{"rendered":"Kazakh M\u00e1lfr\u00e6\u00f0i \u00c6fingar"},"content":{"rendered":"\r\n\r\n\r\n<section class=\"languageChallengeSection\">\r\n    <div class=\"languageInfoWrapper\">\r\n        \r\n        <h1>Kazakh M\u00e1lfr\u00e6\u00f0i \u00c6fingar<\/h1>\r\n        <p>Tilb\u00fainn\/n a\u00f0 byggja upp sj\u00e1lfstraust \u00feitt \u00ed kasaksku? A\u00f0 einbeita s\u00e9r a\u00f0 m\u00e1lfr\u00e6\u00f0i\u00e6fingum er fr\u00e1b\u00e6r lei\u00f0 til a\u00f0 n\u00e1 t\u00f6kum \u00e1 setningager\u00f0, sagnor\u00f0um og nau\u00f0synlegum m\u00e1lmynstrum. Byrja\u00f0u a\u00f0 \u00e6fa <a href=\"https:\/\/talkpal.ai\/learn-kazakh\/\">kasakska<\/a> <a href=\"https:\/\/talkpal.ai\/grammar\/\">m\u00e1lfr\u00e6\u00f0i<\/a> \u00ed dag og sj\u00e1\u00f0u raunverulegar framfarir \u00feegar \u00fe\u00fa styrkir skilning \u00feinn skref fyrir skref!<\/p>\r\n\r\n                            <a class=\"getStartedHidden\" href=\"https:\/\/app.talkpal.ai\/signup?lng=\">Byrja\u00f0u<\/a>\r\n        \r\n    <\/div>\r\n\r\n    <figure>\r\n    <img decoding=\"async\" width=\"768\" height=\"768\" src=\"https:\/\/talkpal.ai\/wp-content\/uploads\/2023\/06\/Khazak-768x768.png\" class=\"languageImage no-lazy\" alt=\"Language learning for increased negotiation skills\" fetchpriority=\"high\" sizes=\"(max-width: 768px) 150px, 768px\" srcset=\"https:\/\/talkpal.ai\/wp-content\/uploads\/2023\/06\/Khazak-768x768.png 768w, https:\/\/talkpal.ai\/wp-content\/uploads\/2023\/06\/Khazak-300x300.png 300w\" \/>\r\n    \r\n\r\n    <\/figure>\r\n\r\n            <a class=\"getStartedVisible\" href=\"https:\/\/app.talkpal.ai\/signup?lng=\">Byrja\u00f0u<\/a>\r\n    \r\n<\/section>\r\n\r\n\r\n<!-- <section class=\"grammarSection\">\r\n    <div class=\"grammarLinks\">\r\n            <\/div>\r\n<\/section> -->\r\n\r\n\r\n\r\n\r\n<section class=\"promotionalBanner\">\r\n    <p class=\"promotionalText\">Skilvirkasta lei\u00f0in til a\u00f0 l\u00e6ra tungum\u00e1l<\/p>\r\n    <a class=\"promotionalLink\" href=\"https:\/\/app.talkpal.ai\/signup?lng=\">Pr\u00f3fa\u00f0u Talkpal \u00f3keypis<\/a>\r\n<\/section>\n<div class=\"wp-block-group pageContainerStyle\"><div class=\"wp-block-group__inner-container is-layout-constrained wp-block-group-is-layout-constrained\">\n<h2 class=\"wp-block-heading\" id=\"h-kazakh-grammar-topics\">Kazakh M\u00e1lfr\u00e6\u00f0i Topics<\/h2>\n\n\n\n<p>A\u00f0 l\u00e6ra n\u00fdtt tungum\u00e1l getur veri\u00f0 krefjandi en gefandi reynsla sem opnar t\u00e6kif\u00e6ri til pers\u00f3nulegs og faglegs vaxtar. Eitt af \u00feeim tungum\u00e1lum sem n\u00fdtur vaxandi vins\u00e6lda me\u00f0al tungum\u00e1lanema er Kasakska, tyrkneskt tungum\u00e1l sem tala\u00f0 er af millj\u00f3num manna \u00ed Kasakstan og n\u00e6rliggjandi sv\u00e6\u00f0um. Kasakska m\u00e1lfr\u00e6\u00f0in er einst\u00f6k, me\u00f0 r\u00edka uppbyggingu og \u00fdmsa \u00fe\u00e6tti sem krefjast kerfisbundinnar n\u00e1msa\u00f0fer\u00f0ar. \u00cd \u00feessari handb\u00f3k munum vi\u00f0 r\u00e6\u00f0a nokkur nau\u00f0synleg m\u00e1lfr\u00e6\u00f0iefni \u00ed Kasakstan, \u00fear \u00e1 me\u00f0al t\u00ed\u00f0ir, nafnor\u00f0, sagnir, greinar, forn\u00f6fn, l\u00fdsingaror\u00f0, atviksor\u00f0, skilyr\u00f0i, forsetningar og setningager\u00f0. Me\u00f0 \u00fev\u00ed a\u00f0 skilja r\u00f6\u00f0ina vi\u00f0 a\u00f0 l\u00e6ra \u00feessi efni getur\u00f0u \u00ed raun n\u00e1\u00f0 \u00e1rangri \u00ed fer\u00f0 \u00feinni til a\u00f0 n\u00e1 t\u00f6kum \u00e1 kasakska tungum\u00e1linu.<\/p>\n\n\n\n<h3 class=\"wp-block-heading\" id=\"h-1-nouns\">1. Nafnor\u00f0:<\/h3>\n\n\n\n<p>Grundv\u00f6llur hvers tungum\u00e1ls byrjar me\u00f0 \u00fev\u00ed a\u00f0 l\u00e6ra nafnor\u00f0 \u00feess. \u00cd Kasakstan hafa nafnor\u00f0 ekki kyn, en \u00feau hafa tilfelli. Skilningur \u00e1 mismunandi tilvikum og hlutverki \u00feeirra er mikilv\u00e6gur til a\u00f0 byggja upp or\u00f0afor\u00f0a og mynda grunnsetningar.<\/p>\n\n\n\n<h3 class=\"wp-block-heading\" id=\"h-2-articles\">2. Greinar:<\/h3>\n\n\n\n<p>Greinar eru ekki til sta\u00f0ar \u00e1 kasakska tungum\u00e1linu, sem au\u00f0veldar nemendum a\u00f0 einbeita s\u00e9r a\u00f0 \u00f6\u00f0rum m\u00e1lfr\u00e6\u00f0i\u00fe\u00e1ttum.<\/p>\n\n\n\n<h3 class=\"wp-block-heading\" id=\"h-3-pronouns-determiners\">3. Forn\u00f6fn\/\u00e1kvar\u00f0andi or\u00f0:<\/h3>\n\n\n\n<p>\u00deetta er nau\u00f0synlegt til a\u00f0 skipta um nafnor\u00f0 og tilgreina magn \u00feeirra e\u00f0a au\u00f0kenni. A\u00f0 l\u00e6ra forn\u00f6fn og \u00e1kvar\u00f0ana mun hj\u00e1lpa \u00fe\u00e9r a\u00f0 b\u00faa til fl\u00f3knari setningar og b\u00e6ta heildar reiprennandi \u00feinn.<\/p>\n\n\n\n<h3 class=\"wp-block-heading\" id=\"h-4-verbs\">4. Sagnir:<\/h3>\n\n\n\n<p>Sagnir eru bur\u00f0ar\u00e1s hvers tungum\u00e1ls og \u00fea\u00f0 skiptir sk\u00f6pum a\u00f0 l\u00e6ra beygingarmynstur \u00feeirra. \u00cd Kasakstan eru sagnir beyg\u00f0ar \u00fat fr\u00e1 spennu, skapi og r\u00f6dd. A\u00f0 kynna \u00fe\u00e9r \u00feessar samtengingar gerir \u00fe\u00e9r kleift a\u00f0 tj\u00e1 a\u00f0ger\u00f0ir og atbur\u00f0i n\u00e1kv\u00e6mlega.<\/p>\n\n\n\n<h3 class=\"wp-block-heading\" id=\"h-5-tenses\">5. Spennur:<\/h3>\n\n\n\n<p>Kasakska hefur nokkrar spennur, \u00fear \u00e1 me\u00f0al fort\u00ed\u00f0, n\u00fat\u00ed\u00f0 og framt\u00ed\u00f0. A\u00f0 l\u00e6ra hvernig \u00e1 a\u00f0 mynda og nota \u00feessar spennur r\u00e9tt er nau\u00f0synlegt til a\u00f0 mi\u00f0la t\u00edma a\u00f0ger\u00f0a og atbur\u00f0a.<\/p>\n\n\n\n<h3 class=\"wp-block-heading\" id=\"h-6-tense-comparison\">6. Spenntur samanbur\u00f0ur:<\/h3>\n\n\n\n<p>A\u00f0 skilja muninn \u00e1 spennum og hvernig \u00feau hafa samskipti s\u00edn \u00e1 milli mun d\u00fdpka skilning \u00feinn \u00e1 kasakskri <a href=\"https:\/\/talkpal.ai\/grammar\/\">m\u00e1lfr\u00e6\u00f0i<\/a>.<\/p>\n\n\n\n<h3 class=\"wp-block-heading\" id=\"h-7-progressive\">7. Frams\u00e6ki\u00f0:<\/h3>\n\n\n\n<p>\u00deessi \u00fe\u00e1ttur gefur til kynna yfirstandandi a\u00f0ger\u00f0ir. A\u00f0 l\u00e6ra frams\u00e6ki\u00f0 form \u00ed Kasakstan mun hj\u00e1lpa \u00fe\u00e9r a\u00f0 tj\u00e1 a\u00f0ger\u00f0ir sem eru a\u00f0 gerast e\u00f0a voru a\u00f0 gerast \u00e1 \u00e1kve\u00f0num t\u00edmapunkti.<\/p>\n\n\n\n<h3 class=\"wp-block-heading\" id=\"h-8-perfect-progressive\">8. Fullkominn frams\u00e6kinn:<\/h3>\n\n\n\n<p>Hin fullkomna frams\u00e6kni sameinar fullkomna og frams\u00e6kna \u00fe\u00e6tti til a\u00f0 gefa til kynna a\u00f0ger\u00f0 sem h\u00f3fst \u00ed fort\u00ed\u00f0inni og er enn \u00ed gangi. A\u00f0 n\u00e1 t\u00f6kum \u00e1 \u00feessum \u00fe\u00e6tti mun auka getu \u00fe\u00edna til a\u00f0 tj\u00e1 fl\u00f3knar hugmyndir \u00ed Kasakstan.<\/p>\n\n\n\n<h3 class=\"wp-block-heading\" id=\"h-9-adjectives\">9. L\u00fdsingaror\u00f0:<\/h3>\n\n\n\n<p>L\u00fdsingaror\u00f0 l\u00fdsa eiginleikum og eiginleikum nafnor\u00f0a. A\u00f0 l\u00e6ra hvernig \u00e1 a\u00f0 nota l\u00fdsingaror\u00f0 r\u00e9tt \u00ed Kasakstan mun au\u00f0ga or\u00f0afor\u00f0a \u00feinn og <a href=\"https:\/\/talkpal.ai\/locations\/language-courses-in-gera\/\">gera<\/a> \u00fe\u00e9r kleift a\u00f0 veita n\u00e1nari l\u00fdsingar.<\/p>\n\n\n\n<h3 class=\"wp-block-heading\" id=\"h-10-adverbs\">10. Atviksor\u00f0:<\/h3>\n\n\n\n<p>Atviksor\u00f0 breyta s\u00f6gnum, l\u00fdsingaror\u00f0um og \u00f6\u00f0rum atviksor\u00f0um. A\u00f0 \u00f6\u00f0last \u00feekkingu \u00e1 kasakskum atviksor\u00f0um og notkun \u00feeirra mun b\u00e6ta getu \u00fe\u00edna til a\u00f0 tj\u00e1 a\u00f0ger\u00f0ir og atbur\u00f0i n\u00e1kv\u00e6mari.<\/p>\n\n\n\n<h3 class=\"wp-block-heading\" id=\"h-11-conditionals\">11. Skilyr\u00f0i:<\/h3>\n\n\n\n<p>Skilyrt eru notu\u00f0 til a\u00f0 tj\u00e1 \u00edmynda\u00f0ar a\u00f0st\u00e6\u00f0ur og hugsanlegar aflei\u00f0ingar \u00feeirra. A\u00f0 n\u00e1 t\u00f6kum \u00e1 notkun skilyrtra \u00ed Kasakstan mun hj\u00e1lpa \u00fe\u00e9r a\u00f0 koma \u00e1 framf\u00e6ri fl\u00f3knum hugmyndum og \u00edmyndu\u00f0um atbur\u00f0ar\u00e1sum.<\/p>\n\n\n\n<h3 class=\"wp-block-heading\" id=\"h-12-prepositions\">12. Forsetningar:<\/h3>\n\n\n\n<p>Forsetningar gefa til kynna <a href=\"https:\/\/talkpal.ai\/contact\/\">samband<\/a> nafnor\u00f0a \u00ed setningu. A\u00f0 l\u00e6ra <a href=\"https:\/\/talkpal.ai\/learn-kazakh\/\">Kazakh<\/a> forsetningar og a\u00f0ger\u00f0ir \u00feeirra gerir \u00fe\u00e9r kleift a\u00f0 sm\u00ed\u00f0a fl\u00f3knari setningar.<\/p>\n\n\n\n<h3 class=\"wp-block-heading\" id=\"h-13-sentences\">13. Setningar:<\/h3>\n\n\n\n<p>A\u00f0 lokum er skilningur \u00e1 setningager\u00f0um og reglum um a\u00f0 sameina mismunandi m\u00e1lfr\u00e6\u00f0i\u00fe\u00e6tti nau\u00f0synlegur til a\u00f0 n\u00e1 t\u00f6kum \u00e1 kasakska tungum\u00e1linu. \u00deessi \u00feekking gerir \u00fe\u00e9r kleift a\u00f0 eiga skilvirk og n\u00e1kv\u00e6m samskipti vi\u00f0 \u00fdmsar a\u00f0st\u00e6\u00f0ur.<\/p>\n<\/div><\/div>\n\r\n<section class=\"learnNavigationSection\">\r\n            \r\n        <a href=\"https:\/\/talkpal.ai\/is\/laerdu-kasakstan\/\">\r\n            <div class=\"learnNavigationWrapper\">\r\n                <div class=\"learnNavigationContent\">\r\n                    <img decoding=\"async\" src=\"https:\/\/talkpal.ai\/wp-content\/uploads\/2024\/08\/Kazakh.jpg\" alt=\"Kazakh Flag\">\r\n                    <div>\r\n                        <h4>Um Kazakh Learning<\/h4>\r\n                        <p>Finndu \u00fat allt um Kazakh m\u00e1lfr\u00e6\u00f0i.<\/p>\r\n                    <\/div>\r\n                <\/div>\r\n            <\/div>\r\n        <\/a>\r\n\r\n        \r\n        <a href=\"https:\/\/talkpal.ai\/is\/kasakska-malfraedi\/\">\r\n            <div class=\"learnNavigationWrapper\">\r\n                <div class=\"learnNavigationContent\">\r\n                    <img decoding=\"async\" src=\"https:\/\/talkpal.ai\/wp-content\/uploads\/2024\/08\/Kazakh.jpg\" alt=\"Kazakh Flag\">\r\n                    <div>\r\n                        <h4>Kasakska m\u00e1lfr\u00e6\u00f0ikennsla<\/h4>\r\n                        <p>\u00c6f\u00f0u Kazakh m\u00e1lfr\u00e6\u00f0i.<\/p>\r\n                    <\/div>\r\n                <\/div>\r\n            <\/div>\r\n        <\/a>\r\n\r\n        \r\n        <a href=\"https:\/\/talkpal.ai\/vocabulary_language\/kazakh\/\">\r\n            <div class=\"learnNavigationWrapper\">\r\n                <div class=\"learnNavigationContent\">\r\n                    <img decoding=\"async\" src=\"https:\/\/talkpal.ai\/wp-content\/uploads\/2024\/08\/Kazakh.jpg\" alt=\"Kazakh Flag\">\r\n                    <div>\r\n                        <h4>Kasakskur or\u00f0afor\u00f0i<\/h4>\r\n                        <p>St\u00e6kka\u00f0u kasakska or\u00f0afor\u00f0a \u00feinn.<\/p>\r\n                    <\/div>\r\n                <\/div>\r\n            <\/div>\r\n        <\/a>\r\n\r\n            <\/section>","protected":false},"excerpt":{"rendered":"<p>Kazakh M\u00e1lfr\u00e6\u00f0i Topics A\u00f0 l\u00e6ra n\u00fdtt tungum\u00e1l getur veri\u00f0 krefjandi en gefandi reynsla sem opnar t\u00e6kif\u00e6ri til pers\u00f3nulegs og faglegs vaxtar. Eitt af \u00feeim tungum\u00e1lum sem n\u00fdtur vaxandi vins\u00e6lda me\u00f0al tungum\u00e1lanema er Kasakska, tyrkneskt tungum\u00e1l sem tala\u00f0 er af millj\u00f3num manna \u00ed Kasakstan og n\u00e6rliggjandi sv\u00e6\u00f0um. Kasakska m\u00e1lfr\u00e6\u00f0in er einst\u00f6k, me\u00f0 r\u00edka uppbyggingu og \u00fdmsa [&hellip;]<\/p>\n","protected":false},"author":6,"featured_media":114358,"parent":0,"menu_order":0,"comment_status":"closed","ping_status":"closed","template":"LearningContentPage.php","meta":{"_acf_changed":false,"footnotes":""},"class_list":["post-160970","page","type-page","status-publish","has-post-thumbnail","hentry"],"acf":[],"yoast_head":"<!-- This site is optimized with the Yoast SEO Premium plugin v27.2 (Yoast SEO v27.2) - https:\/\/yoast.com\/product\/yoast-seo-premium-wordpress\/ -->\n<title>Kazakh M\u00e1lfr\u00e6\u00f0i \u00c6fingar - Talkpal<\/title>\n<meta name=\"description\" content=\"B\u00e6ttu kasakska m\u00e1lfr\u00e6\u00f0ikunn\u00e1ttu \u00fe\u00edna \u00e1 \u00e1hrifar\u00edkan h\u00e1tt - b\u00e6ttu n\u00e1kv\u00e6mni, \u00e6f\u00f0u gagnvirkar \u00e6fingar og fullkomna\u00f0u notkun!\" \/>\n<meta name=\"robots\" content=\"index, follow, max-snippet:-1, max-image-preview:large, max-video-preview:-1\" \/>\n<link rel=\"canonical\" href=\"https:\/\/talkpal.ai\/is\/kazakh-malfraedi-aefingar\/\" \/>\n<meta property=\"og:locale\" content=\"is_IS\" \/>\n<meta property=\"og:type\" content=\"article\" \/>\n<meta property=\"og:title\" content=\"Kazakh M\u00e1lfr\u00e6\u00f0i \u00c6fingar\" \/>\n<meta property=\"og:description\" content=\"Kazakh M\u00e1lfr\u00e6\u00f0i Topics A\u00f0 l\u00e6ra n\u00fdtt tungum\u00e1l getur veri\u00f0 krefjandi en gefandi reynsla sem opnar t\u00e6kif\u00e6ri til pers\u00f3nulegs og faglegs vaxtar. Eitt af \u00feeim\" \/>\n<meta property=\"og:url\" content=\"https:\/\/talkpal.ai\/is\/kazakh-malfraedi-aefingar\/\" \/>\n<meta property=\"og:site_name\" content=\"Talkpal\" \/>\n<meta property=\"article:publisher\" content=\"https:\/\/www.facebook.com\/profile.php?id=100090733639311\" \/>\n<meta property=\"article:modified_time\" content=\"2025-12-17T14:56:06+00:00\" \/>\n<meta property=\"og:image\" content=\"https:\/\/talkpal.ai\/wp-content\/uploads\/2023\/05\/kazakhstan.png\" \/>\n\t<meta property=\"og:image:width\" content=\"512\" \/>\n\t<meta property=\"og:image:height\" content=\"512\" \/>\n\t<meta property=\"og:image:type\" content=\"image\/png\" \/>\n<meta name=\"twitter:card\" content=\"summary_large_image\" \/>\n<meta name=\"twitter:site\" content=\"@talkpalai\" \/>\n<meta name=\"twitter:label1\" content=\"Est. reading time\" \/>\n\t<meta name=\"twitter:data1\" content=\"3 minutes\" \/>\n<script type=\"application\/ld+json\" class=\"yoast-schema-graph\">{\"@context\":\"https:\/\/schema.org\",\"@graph\":[{\"@type\":\"WebPage\",\"@id\":\"https:\/\/talkpal.ai\/is\/kazakh-malfraedi-aefingar\/\",\"url\":\"https:\/\/talkpal.ai\/is\/kazakh-malfraedi-aefingar\/\",\"name\":\"Kazakh M\u00e1lfr\u00e6\u00f0i \u00c6fingar - Talkpal\",\"isPartOf\":{\"@id\":\"https:\/\/talkpal.ai\/is\/#website\"},\"primaryImageOfPage\":{\"@id\":\"https:\/\/talkpal.ai\/is\/kazakh-malfraedi-aefingar\/#primaryimage\"},\"image\":{\"@id\":\"https:\/\/talkpal.ai\/is\/kazakh-malfraedi-aefingar\/#primaryimage\"},\"thumbnailUrl\":\"https:\/\/talkpal.ai\/wp-content\/uploads\/2023\/05\/kazakhstan.png\",\"datePublished\":\"2023-06-22T08:01:09+00:00\",\"dateModified\":\"2025-12-17T14:56:06+00:00\",\"description\":\"B\u00e6ttu kasakska m\u00e1lfr\u00e6\u00f0ikunn\u00e1ttu \u00fe\u00edna \u00e1 \u00e1hrifar\u00edkan h\u00e1tt - b\u00e6ttu n\u00e1kv\u00e6mni, \u00e6f\u00f0u gagnvirkar \u00e6fingar og fullkomna\u00f0u notkun!\",\"breadcrumb\":{\"@id\":\"https:\/\/talkpal.ai\/is\/kazakh-malfraedi-aefingar\/#breadcrumb\"},\"inLanguage\":\"is\",\"potentialAction\":[{\"@type\":\"ReadAction\",\"target\":[\"https:\/\/talkpal.ai\/is\/kazakh-malfraedi-aefingar\/\"]}]},{\"@type\":\"ImageObject\",\"inLanguage\":\"is\",\"@id\":\"https:\/\/talkpal.ai\/is\/kazakh-malfraedi-aefingar\/#primaryimage\",\"url\":\"https:\/\/talkpal.ai\/wp-content\/uploads\/2023\/05\/kazakhstan.png\",\"contentUrl\":\"https:\/\/talkpal.ai\/wp-content\/uploads\/2023\/05\/kazakhstan.png\",\"width\":512,\"height\":512},{\"@type\":\"BreadcrumbList\",\"@id\":\"https:\/\/talkpal.ai\/is\/kazakh-malfraedi-aefingar\/#breadcrumb\",\"itemListElement\":[{\"@type\":\"ListItem\",\"position\":1,\"name\":\"Homepage\",\"item\":\"https:\/\/talkpal.ai\/is\/\"},{\"@type\":\"ListItem\",\"position\":2,\"name\":\"Kazakh M\u00e1lfr\u00e6\u00f0i \u00c6fingar\"}]},{\"@type\":\"WebSite\",\"@id\":\"https:\/\/talkpal.ai\/is\/#website\",\"url\":\"https:\/\/talkpal.ai\/is\/\",\"name\":\"Talkpal\",\"description\":\"AI Language Learning\",\"publisher\":{\"@id\":\"https:\/\/talkpal.ai\/is\/#organization\"},\"alternateName\":\"Talkpal AI\",\"potentialAction\":[{\"@type\":\"SearchAction\",\"target\":{\"@type\":\"EntryPoint\",\"urlTemplate\":\"https:\/\/talkpal.ai\/is\/?s={search_term_string}\"},\"query-input\":{\"@type\":\"PropertyValueSpecification\",\"valueRequired\":true,\"valueName\":\"search_term_string\"}}],\"inLanguage\":\"is\"},{\"@type\":\"Organization\",\"@id\":\"https:\/\/talkpal.ai\/is\/#organization\",\"name\":\"Talkpal, Inc.\",\"alternateName\":\"Talkpal AI\",\"url\":\"https:\/\/talkpal.ai\/is\/\",\"logo\":{\"@type\":\"ImageObject\",\"inLanguage\":\"is\",\"@id\":\"https:\/\/talkpal.ai\/is\/#\/schema\/logo\/image\/\",\"url\":\"https:\/\/talkpal.ai\/wp-content\/uploads\/2024\/03\/Talkpal-Logo-Icon.png\",\"contentUrl\":\"https:\/\/talkpal.ai\/wp-content\/uploads\/2024\/03\/Talkpal-Logo-Icon.png\",\"width\":2880,\"height\":2880,\"caption\":\"Talkpal, Inc.\"},\"image\":{\"@id\":\"https:\/\/talkpal.ai\/is\/#\/schema\/logo\/image\/\"},\"sameAs\":[\"https:\/\/www.facebook.com\/profile.php?id=100090733639311\",\"https:\/\/x.com\/talkpalai\",\"https:\/\/www.linkedin.com\/company\/talkpal\/\",\"https:\/\/www.youtube.com\/@TalkPal\/\",\"https:\/\/www.tiktok.com\/@talkpal\",\"https:\/\/www.instagram.com\/talkpal_ai\/\",\"https:\/\/www.crunchbase.com\/organization\/talkpal-9cde\",\"https:\/\/www.g2.com\/products\/talkpal-for-business\/\",\"https:\/\/www.trustpilot.com\/review\/talkpal.ai\",\"https:\/\/www.capterra.com\/p\/10006800\/TalkPal\/\"],\"description\":\"Talkpal is a language learning web and mobile education app, powered by the latest AI technologies, that provides engaging experiences to its customers in many different languages to help them improve their language skills. Users can chat about unlimited amount of topics with the app and use other modes to practice their language learning.\",\"email\":\"support@talkpal.ai\",\"legalName\":\"Talkpal, Inc.\",\"foundingDate\":\"2023-04-03\",\"duns\":\"118989042\",\"numberOfEmployees\":{\"@type\":\"QuantitativeValue\",\"minValue\":\"11\",\"maxValue\":\"50\"},\"publishingPrinciples\":\"https:\/\/talkpal.ai\/publishing-principles\/\",\"actionableFeedbackPolicy\":\"https:\/\/talkpal.ai\/actionable-feedback-policy\/\",\"correctionsPolicy\":\"https:\/\/talkpal.ai\/corrections-policy\/\",\"ethicsPolicy\":\"https:\/\/talkpal.ai\/ethics-policy\/\",\"diversityPolicy\":\"https:\/\/talkpal.ai\/diversity-policy\/\",\"diversityStaffingReport\":\"https:\/\/talkpal.ai\/diversity-policy\/\"}]}<\/script>\n<!-- \/ Yoast SEO Premium plugin. -->","yoast_head_json":{"title":"Kazakh M\u00e1lfr\u00e6\u00f0i \u00c6fingar - Talkpal","description":"B\u00e6ttu kasakska m\u00e1lfr\u00e6\u00f0ikunn\u00e1ttu \u00fe\u00edna \u00e1 \u00e1hrifar\u00edkan h\u00e1tt - b\u00e6ttu n\u00e1kv\u00e6mni, \u00e6f\u00f0u gagnvirkar \u00e6fingar og fullkomna\u00f0u notkun!","robots":{"index":"index","follow":"follow","max-snippet":"max-snippet:-1","max-image-preview":"max-image-preview:large","max-video-preview":"max-video-preview:-1"},"canonical":"https:\/\/talkpal.ai\/is\/kazakh-malfraedi-aefingar\/","og_locale":"is_IS","og_type":"article","og_title":"Kazakh M\u00e1lfr\u00e6\u00f0i \u00c6fingar","og_description":"Kazakh M\u00e1lfr\u00e6\u00f0i Topics A\u00f0 l\u00e6ra n\u00fdtt tungum\u00e1l getur veri\u00f0 krefjandi en gefandi reynsla sem opnar t\u00e6kif\u00e6ri til pers\u00f3nulegs og faglegs vaxtar. Eitt af \u00feeim","og_url":"https:\/\/talkpal.ai\/is\/kazakh-malfraedi-aefingar\/","og_site_name":"Talkpal","article_publisher":"https:\/\/www.facebook.com\/profile.php?id=100090733639311","article_modified_time":"2025-12-17T14:56:06+00:00","og_image":[{"width":512,"height":512,"url":"https:\/\/talkpal.ai\/wp-content\/uploads\/2023\/05\/kazakhstan.png","type":"image\/png"}],"twitter_card":"summary_large_image","twitter_site":"@talkpalai","twitter_misc":{"Est. reading time":"3 minutes"},"schema":{"@context":"https:\/\/schema.org","@graph":[{"@type":"WebPage","@id":"https:\/\/talkpal.ai\/is\/kazakh-malfraedi-aefingar\/","url":"https:\/\/talkpal.ai\/is\/kazakh-malfraedi-aefingar\/","name":"Kazakh M\u00e1lfr\u00e6\u00f0i \u00c6fingar - Talkpal","isPartOf":{"@id":"https:\/\/talkpal.ai\/is\/#website"},"primaryImageOfPage":{"@id":"https:\/\/talkpal.ai\/is\/kazakh-malfraedi-aefingar\/#primaryimage"},"image":{"@id":"https:\/\/talkpal.ai\/is\/kazakh-malfraedi-aefingar\/#primaryimage"},"thumbnailUrl":"https:\/\/talkpal.ai\/wp-content\/uploads\/2023\/05\/kazakhstan.png","datePublished":"2023-06-22T08:01:09+00:00","dateModified":"2025-12-17T14:56:06+00:00","description":"B\u00e6ttu kasakska m\u00e1lfr\u00e6\u00f0ikunn\u00e1ttu \u00fe\u00edna \u00e1 \u00e1hrifar\u00edkan h\u00e1tt - b\u00e6ttu n\u00e1kv\u00e6mni, \u00e6f\u00f0u gagnvirkar \u00e6fingar og fullkomna\u00f0u notkun!","breadcrumb":{"@id":"https:\/\/talkpal.ai\/is\/kazakh-malfraedi-aefingar\/#breadcrumb"},"inLanguage":"is","potentialAction":[{"@type":"ReadAction","target":["https:\/\/talkpal.ai\/is\/kazakh-malfraedi-aefingar\/"]}]},{"@type":"ImageObject","inLanguage":"is","@id":"https:\/\/talkpal.ai\/is\/kazakh-malfraedi-aefingar\/#primaryimage","url":"https:\/\/talkpal.ai\/wp-content\/uploads\/2023\/05\/kazakhstan.png","contentUrl":"https:\/\/talkpal.ai\/wp-content\/uploads\/2023\/05\/kazakhstan.png","width":512,"height":512},{"@type":"BreadcrumbList","@id":"https:\/\/talkpal.ai\/is\/kazakh-malfraedi-aefingar\/#breadcrumb","itemListElement":[{"@type":"ListItem","position":1,"name":"Homepage","item":"https:\/\/talkpal.ai\/is\/"},{"@type":"ListItem","position":2,"name":"Kazakh M\u00e1lfr\u00e6\u00f0i \u00c6fingar"}]},{"@type":"WebSite","@id":"https:\/\/talkpal.ai\/is\/#website","url":"https:\/\/talkpal.ai\/is\/","name":"Talkpal","description":"AI Language Learning","publisher":{"@id":"https:\/\/talkpal.ai\/is\/#organization"},"alternateName":"Talkpal AI","potentialAction":[{"@type":"SearchAction","target":{"@type":"EntryPoint","urlTemplate":"https:\/\/talkpal.ai\/is\/?s={search_term_string}"},"query-input":{"@type":"PropertyValueSpecification","valueRequired":true,"valueName":"search_term_string"}}],"inLanguage":"is"},{"@type":"Organization","@id":"https:\/\/talkpal.ai\/is\/#organization","name":"Talkpal, Inc.","alternateName":"Talkpal AI","url":"https:\/\/talkpal.ai\/is\/","logo":{"@type":"ImageObject","inLanguage":"is","@id":"https:\/\/talkpal.ai\/is\/#\/schema\/logo\/image\/","url":"https:\/\/talkpal.ai\/wp-content\/uploads\/2024\/03\/Talkpal-Logo-Icon.png","contentUrl":"https:\/\/talkpal.ai\/wp-content\/uploads\/2024\/03\/Talkpal-Logo-Icon.png","width":2880,"height":2880,"caption":"Talkpal, Inc."},"image":{"@id":"https:\/\/talkpal.ai\/is\/#\/schema\/logo\/image\/"},"sameAs":["https:\/\/www.facebook.com\/profile.php?id=100090733639311","https:\/\/x.com\/talkpalai","https:\/\/www.linkedin.com\/company\/talkpal\/","https:\/\/www.youtube.com\/@TalkPal\/","https:\/\/www.tiktok.com\/@talkpal","https:\/\/www.instagram.com\/talkpal_ai\/","https:\/\/www.crunchbase.com\/organization\/talkpal-9cde","https:\/\/www.g2.com\/products\/talkpal-for-business\/","https:\/\/www.trustpilot.com\/review\/talkpal.ai","https:\/\/www.capterra.com\/p\/10006800\/TalkPal\/"],"description":"Talkpal is a language learning web and mobile education app, powered by the latest AI technologies, that provides engaging experiences to its customers in many different languages to help them improve their language skills. Users can chat about unlimited amount of topics with the app and use other modes to practice their language learning.","email":"support@talkpal.ai","legalName":"Talkpal, Inc.","foundingDate":"2023-04-03","duns":"118989042","numberOfEmployees":{"@type":"QuantitativeValue","minValue":"11","maxValue":"50"},"publishingPrinciples":"https:\/\/talkpal.ai\/publishing-principles\/","actionableFeedbackPolicy":"https:\/\/talkpal.ai\/actionable-feedback-policy\/","correctionsPolicy":"https:\/\/talkpal.ai\/corrections-policy\/","ethicsPolicy":"https:\/\/talkpal.ai\/ethics-policy\/","diversityPolicy":"https:\/\/talkpal.ai\/diversity-policy\/","diversityStaffingReport":"https:\/\/talkpal.ai\/diversity-policy\/"}]}},"_links":{"self":[{"href":"https:\/\/talkpal.ai\/is\/wp-json\/wp\/v2\/pages\/160970","targetHints":{"allow":["GET"]}}],"collection":[{"href":"https:\/\/talkpal.ai\/is\/wp-json\/wp\/v2\/pages"}],"about":[{"href":"https:\/\/talkpal.ai\/is\/wp-json\/wp\/v2\/types\/page"}],"author":[{"embeddable":true,"href":"https:\/\/talkpal.ai\/is\/wp-json\/wp\/v2\/users\/6"}],"replies":[{"embeddable":true,"href":"https:\/\/talkpal.ai\/is\/wp-json\/wp\/v2\/comments?post=160970"}],"version-history":[{"count":0,"href":"https:\/\/talkpal.ai\/is\/wp-json\/wp\/v2\/pages\/160970\/revisions"}],"wp:featuredmedia":[{"embeddable":true,"href":"https:\/\/talkpal.ai\/is\/wp-json\/wp\/v2\/media\/114358"}],"wp:attachment":[{"href":"https:\/\/talkpal.ai\/is\/wp-json\/wp\/v2\/media?parent=160970"}],"curies":[{"name":"wp","href":"https:\/\/api.w.org\/{rel}","templated":true}]}}