{"id":160498,"date":"2023-06-22T08:07:24","date_gmt":"2023-06-22T08:07:24","guid":{"rendered":"http:\/\/talkpal.ai\/lettneska-malfraedi-aefingar\/"},"modified":"2025-12-17T15:51:13","modified_gmt":"2025-12-17T15:51:13","slug":"lettneska-malfraedi-aefingar","status":"publish","type":"page","link":"https:\/\/talkpal.ai\/is\/lettneska-malfraedi-aefingar\/","title":{"rendered":"Lettneska M\u00e1lfr\u00e6\u00f0i \u00c6fingar"},"content":{"rendered":"\r\n\r\n\r\n<section class=\"languageChallengeSection\">\r\n    <div class=\"languageInfoWrapper\">\r\n        \r\n        <h1>Lettneska M\u00e1lfr\u00e6\u00f0i \u00c6fingar<\/h1>\r\n        <p>Viltu vera \u00f6ruggari me\u00f0 a\u00f0 nota lettnesku? A\u00f0 \u00e6fa <a href=\"https:\/\/talkpal.ai\/grammar\/\">m\u00e1lfr\u00e6\u00f0i<\/a> er fr\u00e1b\u00e6r lei\u00f0 til a\u00f0 n\u00e1 t\u00f6kum \u00e1 setningager\u00f0, sagnor\u00f0um og s\u00e9rst\u00f6kum mynstrum lettnesku tungum\u00e1lsins. Byrja\u00f0u a\u00f0 sko\u00f0a <a href=\"https:\/\/talkpal.ai\/learn-latvian\/\">lettneska<\/a> m\u00e1lfr\u00e6\u00f0i \u00ed dag og sj\u00e1\u00f0u f\u00e6rni \u00fe\u00edna og fl\u00e6\u00f0i batna me\u00f0 hverri \u00e6fingu!<\/p>\r\n\r\n                            <a class=\"getStartedHidden\" href=\"https:\/\/app.talkpal.ai\/signup?lng=\">Byrja\u00f0u<\/a>\r\n        \r\n    <\/div>\r\n\r\n    <figure>\r\n    <img decoding=\"async\" width=\"768\" height=\"768\" src=\"https:\/\/talkpal.ai\/wp-content\/uploads\/2023\/06\/latvian-768x768.png\" class=\"languageImage no-lazy\" alt=\"Language learning to access more cultures\" fetchpriority=\"high\" sizes=\"(max-width: 768px) 150px, 768px\" srcset=\"https:\/\/talkpal.ai\/wp-content\/uploads\/2023\/06\/latvian-768x768.png 768w, https:\/\/talkpal.ai\/wp-content\/uploads\/2023\/06\/latvian-300x300.png 300w\" \/>\r\n    \r\n\r\n    <\/figure>\r\n\r\n            <a class=\"getStartedVisible\" href=\"https:\/\/app.talkpal.ai\/signup?lng=\">Byrja\u00f0u<\/a>\r\n    \r\n<\/section>\r\n\r\n\r\n<!-- <section class=\"grammarSection\">\r\n    <div class=\"grammarLinks\">\r\n            <\/div>\r\n<\/section> -->\r\n\r\n\r\n\r\n\r\n<section class=\"promotionalBanner\">\r\n    <p class=\"promotionalText\">Skilvirkasta lei\u00f0in til a\u00f0 l\u00e6ra tungum\u00e1l<\/p>\r\n    <a class=\"promotionalLink\" href=\"https:\/\/app.talkpal.ai\/signup?lng=\">Pr\u00f3fa\u00f0u Talkpal \u00f3keypis<\/a>\r\n<\/section>\n<div class=\"wp-block-group pageContainerStyle\"><div class=\"wp-block-group__inner-container is-layout-constrained wp-block-group-is-layout-constrained\">\n<h2 class=\"wp-block-heading\" id=\"h-latvian-grammar-topics\">Lettnesk m\u00e1lfr\u00e6\u00f0i efni<\/h2>\n\n\n\n<p>A\u00f0 l\u00e6ra n\u00fdtt tungum\u00e1l getur veri\u00f0 spennandi og gefandi reynsla og lettneska er \u00fear engin undantekning. Sem opinbert tungum\u00e1l Lettlands og eitt af baltnesku tungum\u00e1lunum hefur lettneska s\u00edna m\u00e1lfr\u00e6\u00f0ilegu uppbyggingu og reglur sem a\u00f0greina lettnesku fr\u00e1 \u00f6\u00f0rum evr\u00f3pskum tungum\u00e1lum. Til a\u00f0 l\u00e6ra lettnesku \u00e1 \u00e1hrifar\u00edkan h\u00e1tt er mikilv\u00e6gt a\u00f0 skilja og n\u00e1 t\u00f6kum \u00e1 \u00fdmsum m\u00e1lfr\u00e6\u00f0iefnum \u00ed r\u00f6kr\u00e9ttri r\u00f6\u00f0. \u00deessi handb\u00f3k mun veita yfirlit yfir helstu lettnesk m\u00e1lfr\u00e6\u00f0iefni, \u00fear \u00e1 me\u00f0al t\u00ed\u00f0ir, sagnir, nafnor\u00f0, greinar, forn\u00f6fn, forn\u00f6fn, \u00e1kvar\u00f0andi or\u00f0, l\u00fdsingaror\u00f0, atviksor\u00f0, skilyr\u00f0i, forsetningar og setningager\u00f0, til a\u00f0 hj\u00e1lpa \u00fe\u00e9r a\u00f0 byggja upp sterkan grunn \u00ed tungum\u00e1linu.<\/p>\n\n\n\n<h3 class=\"wp-block-heading\" id=\"h-1-nouns-and-articles\">1. Nafnor\u00f0 og greinar:<\/h3>\n\n\n\n<p>\u00cd lettnesku hafa nafnor\u00f0 tv\u00f6 kyn: karlkyn og kvenkyn. \u00deeir hafa einnig sj\u00f6 tilvik, sem \u00e1kvar\u00f0a hlutverk nafnor\u00f0sins \u00ed setningu. Greinar eru ekki til sta\u00f0ar \u00e1 lettnesku, svo skilningur \u00e1 nafnor\u00f0inu kyn og tilvik skiptir sk\u00f6pum fyrir r\u00e9tta samskipti.<\/p>\n\n\n\n<h3 class=\"wp-block-heading\" id=\"h-2-adjectives\">2. L\u00fdsingaror\u00f0:<\/h3>\n\n\n\n<p>L\u00fdsingaror\u00f0 \u00e1 lettnesku eru samm\u00e1la nafnor\u00f0unum sem \u00feau breyta \u00ed kyni, t\u00f6lu og falli. A\u00f0 l\u00e6ra fallbeygingu l\u00fdsingaror\u00f0s er mikilv\u00e6gt til a\u00f0 mynda n\u00e1kv\u00e6mar l\u00fdsingar og samanbur\u00f0.<\/p>\n\n\n\n<h3 class=\"wp-block-heading\" id=\"h-3-pronouns-and-determiners\">3. Forn\u00f6fn og \u00e1kvar\u00f0andi a\u00f0ilar:<\/h3>\n\n\n\n<p>Forn\u00f6fn koma \u00ed sta\u00f0 nafnor\u00f0a \u00ed setningum en \u00e1kvar\u00f0andi a\u00f0ilar tilgreina e\u00f0a magngreina nafnor\u00f0. B\u00e1\u00f0ir eru nau\u00f0synlegir \u00fe\u00e6ttir \u00ed lettneskri m\u00e1lfr\u00e6\u00f0i og \u00e6tti a\u00f0 l\u00e6ra snemma til a\u00f0 mynda n\u00e1kv\u00e6mar setningar.<\/p>\n\n\n\n<h3 class=\"wp-block-heading\" id=\"h-4-verbs-and-tenses\">4. Sagnir og spennur:<\/h3>\n\n\n\n<p>Lettneskar sagnir hafa \u00ferj\u00e1r t\u00ed\u00f0ir: fort\u00ed\u00f0, n\u00fat\u00ed\u00f0 og framt\u00ed\u00f0. Skilningur \u00e1 \u00fev\u00ed hvernig \u00e1 a\u00f0 samtengja sagnir \u00ed \u00feessum t\u00ed\u00f0um er nau\u00f0synlegur til a\u00f0 tj\u00e1 athafnir og atbur\u00f0i. A\u00f0 auki hafa sagnir \u00ferj\u00e1r stemningar: lei\u00f0beinandi, br\u00fdnt og vi\u00f0tengingarh\u00e1ttur.<\/p>\n\n\n\n<h3 class=\"wp-block-heading\" id=\"h-5-progressive-and-perfect-progressive\">5. Frams\u00e6kinn og fullkominn frams\u00f3knarma\u00f0ur:<\/h3>\n\n\n\n<p>\u00deessir \u00fe\u00e6ttir l\u00fdsa \u00e1framhaldandi e\u00f0a st\u00f6\u00f0ugum a\u00f0ger\u00f0um. A\u00f0 l\u00e6ra \u00feau mun hj\u00e1lpa \u00fe\u00e9r a\u00f0 l\u00fdsa a\u00f0ger\u00f0um sem eru \u00ed gangi e\u00f0a hafa sta\u00f0i\u00f0 yfir \u00ed nokkurn t\u00edma.<\/p>\n\n\n\n<h3 class=\"wp-block-heading\" id=\"h-6-tense-comparison\">6. Spenntur samanbur\u00f0ur:<\/h3>\n\n\n\n<p>Skilningur \u00e1 \u00fev\u00ed hvernig spennur tengjast hver \u00f6\u00f0rum er nau\u00f0synlegur til a\u00f0 tj\u00e1 a\u00f0ger\u00f0ir og atbur\u00f0i n\u00e1kv\u00e6mlega innan mismunandi t\u00edmaramma.<\/p>\n\n\n\n<h3 class=\"wp-block-heading\" id=\"h-7-adverbs\">7. Atviksor\u00f0:<\/h3>\n\n\n\n<p>Atviksor\u00f0 breyta s\u00f6gnum, l\u00fdsingaror\u00f0um e\u00f0a \u00f6\u00f0rum atviksor\u00f0um og veita frekari uppl\u00fdsingar um ath\u00f6fnina e\u00f0a eiginleikann sem veri\u00f0 er a\u00f0 l\u00fdsa. \u00deau eru nau\u00f0synleg til a\u00f0 b\u00e6ta sm\u00e1atri\u00f0um og bl\u00e6brig\u00f0um vi\u00f0 setningarnar \u00fe\u00ednar.<\/p>\n\n\n\n<h3 class=\"wp-block-heading\" id=\"h-8-prepositions\">8. Forsetningar:<\/h3>\n\n\n\n<p>Forsetningar s\u00fdna vensl or\u00f0a \u00ed setningu, svo sem sta\u00f0setningu, stefnu e\u00f0a t\u00edma. A\u00f0 n\u00e1 t\u00f6kum \u00e1 forsetningum er mikilv\u00e6gt til a\u00f0 b\u00faa til samfelldar og merkingarb\u00e6rar setningar.<\/p>\n\n\n\n<h3 class=\"wp-block-heading\" id=\"h-9-conditionals\">9. Skilyr\u00f0i:<\/h3>\n\n\n\n<p>Skilyrtar setningar l\u00fdsa \u00edmyndu\u00f0um a\u00f0st\u00e6\u00f0um og m\u00f6gulegum ni\u00f0urst\u00f6\u00f0um \u00feeirra. A\u00f0 l\u00e6ra hvernig \u00e1 a\u00f0 mynda og nota skilyrt er nau\u00f0synlegt til a\u00f0 tj\u00e1 fl\u00f3knar hugmyndir og m\u00f6guleika.<\/p>\n\n\n\n<h3 class=\"wp-block-heading\" id=\"h-10-sentences\">10. Setningar:<\/h3>\n\n\n\n<p>Skilningur \u00e1 lettneskri setningager\u00f0, or\u00f0ar\u00f6\u00f0 og greinarmerkjum skiptir sk\u00f6pum til a\u00f0 mynda sk\u00fdrar og n\u00e1kv\u00e6mar fullyr\u00f0ingar, spurningar og skipanir. Me\u00f0 \u00fev\u00ed a\u00f0 n\u00e1 t\u00f6kum \u00e1 \u00f6llum m\u00e1lfr\u00e6\u00f0iefnunum sem l\u00fdst er h\u00e9r a\u00f0 ofan muntu vera \u00e1 g\u00f3\u00f0ri lei\u00f0 me\u00f0 a\u00f0 ver\u00f0a f\u00e6r \u00ed lettnesku.<\/p>\n<\/div><\/div>\n\r\n<section class=\"learnNavigationSection\">\r\n            \r\n        <a href=\"https:\/\/talkpal.ai\/is\/laerdu-lettnesku\/\">\r\n            <div class=\"learnNavigationWrapper\">\r\n                <div class=\"learnNavigationContent\">\r\n                    <img decoding=\"async\" src=\"https:\/\/talkpal.ai\/wp-content\/uploads\/2024\/08\/Latvian.jpg\" alt=\"Latvian Flag\">\r\n                    <div>\r\n                        <h4>Um lettneskun\u00e1m<\/h4>\r\n                        <p>Finndu \u00fat allt um lettneska m\u00e1lfr\u00e6\u00f0i.<\/p>\r\n                    <\/div>\r\n                <\/div>\r\n            <\/div>\r\n        <\/a>\r\n\r\n        \r\n        <a href=\"https:\/\/talkpal.ai\/is\/lettnesk-malfraedi\/\">\r\n            <div class=\"learnNavigationWrapper\">\r\n                <div class=\"learnNavigationContent\">\r\n                    <img decoding=\"async\" src=\"https:\/\/talkpal.ai\/wp-content\/uploads\/2024\/08\/Latvian.jpg\" alt=\"Latvian Flag\">\r\n                    <div>\r\n                        <h4>Lettnesk m\u00e1lfr\u00e6\u00f0ikennsla<\/h4>\r\n                        <p>\u00c6f\u00f0u lettneska m\u00e1lfr\u00e6\u00f0i.<\/p>\r\n                    <\/div>\r\n                <\/div>\r\n            <\/div>\r\n        <\/a>\r\n\r\n        \r\n        <a href=\"https:\/\/talkpal.ai\/vocabulary_language\/latvian\/\">\r\n            <div class=\"learnNavigationWrapper\">\r\n                <div class=\"learnNavigationContent\">\r\n                    <img decoding=\"async\" src=\"https:\/\/talkpal.ai\/wp-content\/uploads\/2024\/08\/Latvian.jpg\" alt=\"Latvian Flag\">\r\n                    <div>\r\n                        <h4>Lettneskur or\u00f0afor\u00f0i<\/h4>\r\n                        <p>St\u00e6kka\u00f0u lettneskan or\u00f0afor\u00f0a \u00feinn.<\/p>\r\n                    <\/div>\r\n                <\/div>\r\n            <\/div>\r\n        <\/a>\r\n\r\n            <\/section>","protected":false},"excerpt":{"rendered":"<p>Lettnesk m\u00e1lfr\u00e6\u00f0i efni A\u00f0 l\u00e6ra n\u00fdtt tungum\u00e1l getur veri\u00f0 spennandi og gefandi reynsla og lettneska er \u00fear engin undantekning. Sem opinbert tungum\u00e1l Lettlands og eitt af baltnesku tungum\u00e1lunum hefur lettneska s\u00edna m\u00e1lfr\u00e6\u00f0ilegu uppbyggingu og reglur sem a\u00f0greina lettnesku fr\u00e1 \u00f6\u00f0rum evr\u00f3pskum tungum\u00e1lum. Til a\u00f0 l\u00e6ra lettnesku \u00e1 \u00e1hrifar\u00edkan h\u00e1tt er mikilv\u00e6gt a\u00f0 skilja og n\u00e1 [&hellip;]<\/p>\n","protected":false},"author":6,"featured_media":114429,"parent":0,"menu_order":0,"comment_status":"closed","ping_status":"closed","template":"LearningContentPage.php","meta":{"_acf_changed":false,"footnotes":""},"class_list":["post-160498","page","type-page","status-publish","has-post-thumbnail","hentry"],"acf":[],"yoast_head":"<!-- This site is optimized with the Yoast SEO Premium plugin v27.2 (Yoast SEO v27.2) - https:\/\/yoast.com\/product\/yoast-seo-premium-wordpress\/ -->\n<title>Lettneska M\u00e1lfr\u00e6\u00f0i \u00c6fingar - Talkpal<\/title>\n<meta name=\"description\" content=\"Skerptu lettnesku m\u00e1lfr\u00e6\u00f0i \u00fe\u00edna me\u00f0 gr\u00edpandi Talkpal \u00e6fingum - b\u00e6ttu n\u00e1kv\u00e6mni og efldu f\u00e6rni \u00fe\u00edna \u00e1 \u00e1hrifar\u00edkan h\u00e1tt me\u00f0 gagnvirkum gervigreindarkennslustundum.\" \/>\n<meta name=\"robots\" content=\"index, follow, max-snippet:-1, max-image-preview:large, max-video-preview:-1\" \/>\n<link rel=\"canonical\" href=\"https:\/\/talkpal.ai\/is\/lettneska-malfraedi-aefingar\/\" \/>\n<meta property=\"og:locale\" content=\"is_IS\" \/>\n<meta property=\"og:type\" content=\"article\" \/>\n<meta property=\"og:title\" content=\"Lettneska M\u00e1lfr\u00e6\u00f0i \u00c6fingar\" \/>\n<meta property=\"og:description\" content=\"Lettnesk m\u00e1lfr\u00e6\u00f0i efni A\u00f0 l\u00e6ra n\u00fdtt tungum\u00e1l getur veri\u00f0 spennandi og gefandi reynsla og lettneska er \u00fear engin undantekning. Sem opinbert tungum\u00e1l\" \/>\n<meta property=\"og:url\" content=\"https:\/\/talkpal.ai\/is\/lettneska-malfraedi-aefingar\/\" \/>\n<meta property=\"og:site_name\" content=\"Talkpal\" \/>\n<meta property=\"article:publisher\" content=\"https:\/\/www.facebook.com\/profile.php?id=100090733639311\" \/>\n<meta property=\"article:modified_time\" content=\"2025-12-17T15:51:13+00:00\" \/>\n<meta property=\"og:image\" content=\"https:\/\/talkpal.ai\/wp-content\/uploads\/2023\/05\/latvia.png\" \/>\n\t<meta property=\"og:image:width\" content=\"512\" \/>\n\t<meta property=\"og:image:height\" content=\"512\" \/>\n\t<meta property=\"og:image:type\" content=\"image\/png\" \/>\n<meta name=\"twitter:card\" content=\"summary_large_image\" \/>\n<meta name=\"twitter:site\" content=\"@talkpalai\" \/>\n<meta name=\"twitter:label1\" content=\"Est. reading time\" \/>\n\t<meta name=\"twitter:data1\" content=\"3 minutes\" \/>\n<script type=\"application\/ld+json\" class=\"yoast-schema-graph\">{\"@context\":\"https:\/\/schema.org\",\"@graph\":[{\"@type\":\"WebPage\",\"@id\":\"https:\/\/talkpal.ai\/is\/lettneska-malfraedi-aefingar\/\",\"url\":\"https:\/\/talkpal.ai\/is\/lettneska-malfraedi-aefingar\/\",\"name\":\"Lettneska M\u00e1lfr\u00e6\u00f0i \u00c6fingar - Talkpal\",\"isPartOf\":{\"@id\":\"https:\/\/talkpal.ai\/is\/#website\"},\"primaryImageOfPage\":{\"@id\":\"https:\/\/talkpal.ai\/is\/lettneska-malfraedi-aefingar\/#primaryimage\"},\"image\":{\"@id\":\"https:\/\/talkpal.ai\/is\/lettneska-malfraedi-aefingar\/#primaryimage\"},\"thumbnailUrl\":\"https:\/\/talkpal.ai\/wp-content\/uploads\/2023\/05\/latvia.png\",\"datePublished\":\"2023-06-22T08:07:24+00:00\",\"dateModified\":\"2025-12-17T15:51:13+00:00\",\"description\":\"Skerptu lettnesku m\u00e1lfr\u00e6\u00f0i \u00fe\u00edna me\u00f0 gr\u00edpandi Talkpal \u00e6fingum - b\u00e6ttu n\u00e1kv\u00e6mni og efldu f\u00e6rni \u00fe\u00edna \u00e1 \u00e1hrifar\u00edkan h\u00e1tt me\u00f0 gagnvirkum gervigreindarkennslustundum.\",\"breadcrumb\":{\"@id\":\"https:\/\/talkpal.ai\/is\/lettneska-malfraedi-aefingar\/#breadcrumb\"},\"inLanguage\":\"is\",\"potentialAction\":[{\"@type\":\"ReadAction\",\"target\":[\"https:\/\/talkpal.ai\/is\/lettneska-malfraedi-aefingar\/\"]}]},{\"@type\":\"ImageObject\",\"inLanguage\":\"is\",\"@id\":\"https:\/\/talkpal.ai\/is\/lettneska-malfraedi-aefingar\/#primaryimage\",\"url\":\"https:\/\/talkpal.ai\/wp-content\/uploads\/2023\/05\/latvia.png\",\"contentUrl\":\"https:\/\/talkpal.ai\/wp-content\/uploads\/2023\/05\/latvia.png\",\"width\":512,\"height\":512},{\"@type\":\"BreadcrumbList\",\"@id\":\"https:\/\/talkpal.ai\/is\/lettneska-malfraedi-aefingar\/#breadcrumb\",\"itemListElement\":[{\"@type\":\"ListItem\",\"position\":1,\"name\":\"Homepage\",\"item\":\"https:\/\/talkpal.ai\/is\/\"},{\"@type\":\"ListItem\",\"position\":2,\"name\":\"Lettneska M\u00e1lfr\u00e6\u00f0i \u00c6fingar\"}]},{\"@type\":\"WebSite\",\"@id\":\"https:\/\/talkpal.ai\/is\/#website\",\"url\":\"https:\/\/talkpal.ai\/is\/\",\"name\":\"Talkpal\",\"description\":\"AI Language Learning\",\"publisher\":{\"@id\":\"https:\/\/talkpal.ai\/is\/#organization\"},\"alternateName\":\"Talkpal AI\",\"potentialAction\":[{\"@type\":\"SearchAction\",\"target\":{\"@type\":\"EntryPoint\",\"urlTemplate\":\"https:\/\/talkpal.ai\/is\/?s={search_term_string}\"},\"query-input\":{\"@type\":\"PropertyValueSpecification\",\"valueRequired\":true,\"valueName\":\"search_term_string\"}}],\"inLanguage\":\"is\"},{\"@type\":\"Organization\",\"@id\":\"https:\/\/talkpal.ai\/is\/#organization\",\"name\":\"Talkpal, Inc.\",\"alternateName\":\"Talkpal AI\",\"url\":\"https:\/\/talkpal.ai\/is\/\",\"logo\":{\"@type\":\"ImageObject\",\"inLanguage\":\"is\",\"@id\":\"https:\/\/talkpal.ai\/is\/#\/schema\/logo\/image\/\",\"url\":\"https:\/\/talkpal.ai\/wp-content\/uploads\/2024\/03\/Talkpal-Logo-Icon.png\",\"contentUrl\":\"https:\/\/talkpal.ai\/wp-content\/uploads\/2024\/03\/Talkpal-Logo-Icon.png\",\"width\":2880,\"height\":2880,\"caption\":\"Talkpal, Inc.\"},\"image\":{\"@id\":\"https:\/\/talkpal.ai\/is\/#\/schema\/logo\/image\/\"},\"sameAs\":[\"https:\/\/www.facebook.com\/profile.php?id=100090733639311\",\"https:\/\/x.com\/talkpalai\",\"https:\/\/www.linkedin.com\/company\/talkpal\/\",\"https:\/\/www.youtube.com\/@TalkPal\/\",\"https:\/\/www.tiktok.com\/@talkpal\",\"https:\/\/www.instagram.com\/talkpal_ai\/\",\"https:\/\/www.crunchbase.com\/organization\/talkpal-9cde\",\"https:\/\/www.g2.com\/products\/talkpal-for-business\/\",\"https:\/\/www.trustpilot.com\/review\/talkpal.ai\",\"https:\/\/www.capterra.com\/p\/10006800\/TalkPal\/\"],\"description\":\"Talkpal is a language learning web and mobile education app, powered by the latest AI technologies, that provides engaging experiences to its customers in many different languages to help them improve their language skills. Users can chat about unlimited amount of topics with the app and use other modes to practice their language learning.\",\"email\":\"support@talkpal.ai\",\"legalName\":\"Talkpal, Inc.\",\"foundingDate\":\"2023-04-03\",\"duns\":\"118989042\",\"numberOfEmployees\":{\"@type\":\"QuantitativeValue\",\"minValue\":\"11\",\"maxValue\":\"50\"},\"publishingPrinciples\":\"https:\/\/talkpal.ai\/publishing-principles\/\",\"actionableFeedbackPolicy\":\"https:\/\/talkpal.ai\/actionable-feedback-policy\/\",\"correctionsPolicy\":\"https:\/\/talkpal.ai\/corrections-policy\/\",\"ethicsPolicy\":\"https:\/\/talkpal.ai\/ethics-policy\/\",\"diversityPolicy\":\"https:\/\/talkpal.ai\/diversity-policy\/\",\"diversityStaffingReport\":\"https:\/\/talkpal.ai\/diversity-policy\/\"}]}<\/script>\n<!-- \/ Yoast SEO Premium plugin. -->","yoast_head_json":{"title":"Lettneska M\u00e1lfr\u00e6\u00f0i \u00c6fingar - Talkpal","description":"Skerptu lettnesku m\u00e1lfr\u00e6\u00f0i \u00fe\u00edna me\u00f0 gr\u00edpandi Talkpal \u00e6fingum - b\u00e6ttu n\u00e1kv\u00e6mni og efldu f\u00e6rni \u00fe\u00edna \u00e1 \u00e1hrifar\u00edkan h\u00e1tt me\u00f0 gagnvirkum gervigreindarkennslustundum.","robots":{"index":"index","follow":"follow","max-snippet":"max-snippet:-1","max-image-preview":"max-image-preview:large","max-video-preview":"max-video-preview:-1"},"canonical":"https:\/\/talkpal.ai\/is\/lettneska-malfraedi-aefingar\/","og_locale":"is_IS","og_type":"article","og_title":"Lettneska M\u00e1lfr\u00e6\u00f0i \u00c6fingar","og_description":"Lettnesk m\u00e1lfr\u00e6\u00f0i efni A\u00f0 l\u00e6ra n\u00fdtt tungum\u00e1l getur veri\u00f0 spennandi og gefandi reynsla og lettneska er \u00fear engin undantekning. Sem opinbert tungum\u00e1l","og_url":"https:\/\/talkpal.ai\/is\/lettneska-malfraedi-aefingar\/","og_site_name":"Talkpal","article_publisher":"https:\/\/www.facebook.com\/profile.php?id=100090733639311","article_modified_time":"2025-12-17T15:51:13+00:00","og_image":[{"width":512,"height":512,"url":"https:\/\/talkpal.ai\/wp-content\/uploads\/2023\/05\/latvia.png","type":"image\/png"}],"twitter_card":"summary_large_image","twitter_site":"@talkpalai","twitter_misc":{"Est. reading time":"3 minutes"},"schema":{"@context":"https:\/\/schema.org","@graph":[{"@type":"WebPage","@id":"https:\/\/talkpal.ai\/is\/lettneska-malfraedi-aefingar\/","url":"https:\/\/talkpal.ai\/is\/lettneska-malfraedi-aefingar\/","name":"Lettneska M\u00e1lfr\u00e6\u00f0i \u00c6fingar - Talkpal","isPartOf":{"@id":"https:\/\/talkpal.ai\/is\/#website"},"primaryImageOfPage":{"@id":"https:\/\/talkpal.ai\/is\/lettneska-malfraedi-aefingar\/#primaryimage"},"image":{"@id":"https:\/\/talkpal.ai\/is\/lettneska-malfraedi-aefingar\/#primaryimage"},"thumbnailUrl":"https:\/\/talkpal.ai\/wp-content\/uploads\/2023\/05\/latvia.png","datePublished":"2023-06-22T08:07:24+00:00","dateModified":"2025-12-17T15:51:13+00:00","description":"Skerptu lettnesku m\u00e1lfr\u00e6\u00f0i \u00fe\u00edna me\u00f0 gr\u00edpandi Talkpal \u00e6fingum - b\u00e6ttu n\u00e1kv\u00e6mni og efldu f\u00e6rni \u00fe\u00edna \u00e1 \u00e1hrifar\u00edkan h\u00e1tt me\u00f0 gagnvirkum gervigreindarkennslustundum.","breadcrumb":{"@id":"https:\/\/talkpal.ai\/is\/lettneska-malfraedi-aefingar\/#breadcrumb"},"inLanguage":"is","potentialAction":[{"@type":"ReadAction","target":["https:\/\/talkpal.ai\/is\/lettneska-malfraedi-aefingar\/"]}]},{"@type":"ImageObject","inLanguage":"is","@id":"https:\/\/talkpal.ai\/is\/lettneska-malfraedi-aefingar\/#primaryimage","url":"https:\/\/talkpal.ai\/wp-content\/uploads\/2023\/05\/latvia.png","contentUrl":"https:\/\/talkpal.ai\/wp-content\/uploads\/2023\/05\/latvia.png","width":512,"height":512},{"@type":"BreadcrumbList","@id":"https:\/\/talkpal.ai\/is\/lettneska-malfraedi-aefingar\/#breadcrumb","itemListElement":[{"@type":"ListItem","position":1,"name":"Homepage","item":"https:\/\/talkpal.ai\/is\/"},{"@type":"ListItem","position":2,"name":"Lettneska M\u00e1lfr\u00e6\u00f0i \u00c6fingar"}]},{"@type":"WebSite","@id":"https:\/\/talkpal.ai\/is\/#website","url":"https:\/\/talkpal.ai\/is\/","name":"Talkpal","description":"AI Language Learning","publisher":{"@id":"https:\/\/talkpal.ai\/is\/#organization"},"alternateName":"Talkpal AI","potentialAction":[{"@type":"SearchAction","target":{"@type":"EntryPoint","urlTemplate":"https:\/\/talkpal.ai\/is\/?s={search_term_string}"},"query-input":{"@type":"PropertyValueSpecification","valueRequired":true,"valueName":"search_term_string"}}],"inLanguage":"is"},{"@type":"Organization","@id":"https:\/\/talkpal.ai\/is\/#organization","name":"Talkpal, Inc.","alternateName":"Talkpal AI","url":"https:\/\/talkpal.ai\/is\/","logo":{"@type":"ImageObject","inLanguage":"is","@id":"https:\/\/talkpal.ai\/is\/#\/schema\/logo\/image\/","url":"https:\/\/talkpal.ai\/wp-content\/uploads\/2024\/03\/Talkpal-Logo-Icon.png","contentUrl":"https:\/\/talkpal.ai\/wp-content\/uploads\/2024\/03\/Talkpal-Logo-Icon.png","width":2880,"height":2880,"caption":"Talkpal, Inc."},"image":{"@id":"https:\/\/talkpal.ai\/is\/#\/schema\/logo\/image\/"},"sameAs":["https:\/\/www.facebook.com\/profile.php?id=100090733639311","https:\/\/x.com\/talkpalai","https:\/\/www.linkedin.com\/company\/talkpal\/","https:\/\/www.youtube.com\/@TalkPal\/","https:\/\/www.tiktok.com\/@talkpal","https:\/\/www.instagram.com\/talkpal_ai\/","https:\/\/www.crunchbase.com\/organization\/talkpal-9cde","https:\/\/www.g2.com\/products\/talkpal-for-business\/","https:\/\/www.trustpilot.com\/review\/talkpal.ai","https:\/\/www.capterra.com\/p\/10006800\/TalkPal\/"],"description":"Talkpal is a language learning web and mobile education app, powered by the latest AI technologies, that provides engaging experiences to its customers in many different languages to help them improve their language skills. Users can chat about unlimited amount of topics with the app and use other modes to practice their language learning.","email":"support@talkpal.ai","legalName":"Talkpal, Inc.","foundingDate":"2023-04-03","duns":"118989042","numberOfEmployees":{"@type":"QuantitativeValue","minValue":"11","maxValue":"50"},"publishingPrinciples":"https:\/\/talkpal.ai\/publishing-principles\/","actionableFeedbackPolicy":"https:\/\/talkpal.ai\/actionable-feedback-policy\/","correctionsPolicy":"https:\/\/talkpal.ai\/corrections-policy\/","ethicsPolicy":"https:\/\/talkpal.ai\/ethics-policy\/","diversityPolicy":"https:\/\/talkpal.ai\/diversity-policy\/","diversityStaffingReport":"https:\/\/talkpal.ai\/diversity-policy\/"}]}},"_links":{"self":[{"href":"https:\/\/talkpal.ai\/is\/wp-json\/wp\/v2\/pages\/160498","targetHints":{"allow":["GET"]}}],"collection":[{"href":"https:\/\/talkpal.ai\/is\/wp-json\/wp\/v2\/pages"}],"about":[{"href":"https:\/\/talkpal.ai\/is\/wp-json\/wp\/v2\/types\/page"}],"author":[{"embeddable":true,"href":"https:\/\/talkpal.ai\/is\/wp-json\/wp\/v2\/users\/6"}],"replies":[{"embeddable":true,"href":"https:\/\/talkpal.ai\/is\/wp-json\/wp\/v2\/comments?post=160498"}],"version-history":[{"count":0,"href":"https:\/\/talkpal.ai\/is\/wp-json\/wp\/v2\/pages\/160498\/revisions"}],"wp:featuredmedia":[{"embeddable":true,"href":"https:\/\/talkpal.ai\/is\/wp-json\/wp\/v2\/media\/114429"}],"wp:attachment":[{"href":"https:\/\/talkpal.ai\/is\/wp-json\/wp\/v2\/media?parent=160498"}],"curies":[{"name":"wp","href":"https:\/\/api.w.org\/{rel}","templated":true}]}}