{"id":160219,"date":"2023-06-22T08:12:52","date_gmt":"2023-06-22T08:12:52","guid":{"rendered":"http:\/\/talkpal.ai\/lithaiskar-malfraediaefingar\/"},"modified":"2025-12-17T15:53:34","modified_gmt":"2025-12-17T15:53:34","slug":"lithaiskar-malfraediaefingar","status":"publish","type":"page","link":"https:\/\/talkpal.ai\/is\/lithaiskar-malfraediaefingar\/","title":{"rendered":"Lith\u00e1\u00edskar m\u00e1lfr\u00e6\u00f0i\u00e6fingar"},"content":{"rendered":"\r\n\r\n\r\n<section class=\"languageChallengeSection\">\r\n    <div class=\"languageInfoWrapper\">\r\n        \r\n        <h1>Lith\u00e1\u00edskar m\u00e1lfr\u00e6\u00f0i\u00e6fingar<\/h1>\r\n        <p>Tilb\u00fainn\/n a\u00f0 taka lith\u00e1\u00edskukunn\u00e1ttu \u00fe\u00edna \u00e1 n\u00e6sta stig? A\u00f0 \u00e6fa <a href=\"https:\/\/talkpal.ai\/grammar\/\">m\u00e1lfr\u00e6\u00f0i<\/a> er fr\u00e1b\u00e6r lei\u00f0 til a\u00f0 n\u00e1 t\u00f6kum \u00e1 setningager\u00f0, sagnor\u00f0um og einst\u00f6kum mynstrum lith\u00e1\u00edsku tungum\u00e1lsins. Byrja\u00f0u a\u00f0 kanna <a href=\"https:\/\/talkpal.ai\/learn-lithuanian\/\">lith\u00e1\u00edska<\/a> <a href=\"https:\/\/talkpal.ai\/grammar\/\">m\u00e1lfr\u00e6\u00f0i<\/a> \u00ed dag og horf\u00f0u \u00e1 f\u00e6rni \u00fe\u00edna og sj\u00e1lfstraust vaxa me\u00f0 hverri \u00e6fingu!<\/p>\r\n\r\n                            <a class=\"getStartedHidden\" href=\"https:\/\/app.talkpal.ai\/signup?lng=\">Byrja\u00f0u<\/a>\r\n        \r\n    <\/div>\r\n\r\n    <figure>\r\n    <img decoding=\"async\" width=\"768\" height=\"768\" src=\"https:\/\/talkpal.ai\/wp-content\/uploads\/2023\/06\/lithuenian-768x768.png\" class=\"languageImage no-lazy\" alt=\"Language learning for boosting creativity\" fetchpriority=\"high\" sizes=\"(max-width: 768px) 150px, 768px\" srcset=\"https:\/\/talkpal.ai\/wp-content\/uploads\/2023\/06\/lithuenian-768x768.png 768w, https:\/\/talkpal.ai\/wp-content\/uploads\/2023\/06\/lithuenian-300x300.png 300w\" \/>\r\n    \r\n\r\n    <\/figure>\r\n\r\n            <a class=\"getStartedVisible\" href=\"https:\/\/app.talkpal.ai\/signup?lng=\">Byrja\u00f0u<\/a>\r\n    \r\n<\/section>\r\n\r\n\r\n<!-- <section class=\"grammarSection\">\r\n    <div class=\"grammarLinks\">\r\n            <\/div>\r\n<\/section> -->\r\n\r\n\r\n\r\n\r\n<section class=\"promotionalBanner\">\r\n    <p class=\"promotionalText\">Skilvirkasta lei\u00f0in til a\u00f0 l\u00e6ra tungum\u00e1l<\/p>\r\n    <a class=\"promotionalLink\" href=\"https:\/\/app.talkpal.ai\/signup?lng=\">Pr\u00f3fa\u00f0u Talkpal \u00f3keypis<\/a>\r\n<\/section>\n<div class=\"wp-block-group pageContainerStyle\"><div class=\"wp-block-group__inner-container is-layout-constrained wp-block-group-is-layout-constrained\">\n<h2 class=\"wp-block-heading\" id=\"h-lithuanian-grammar-topics\">Lith\u00e1\u00edsk m\u00e1lfr\u00e6\u00f0i efni<\/h2>\n\n\n\n<p>A\u00f0 l\u00e6ra <a href=\"https:\/\/talkpal.ai\/learn-lithuanian\/\">lith\u00e1\u00edska<\/a> tungum\u00e1li\u00f0 er ekki a\u00f0eins einst\u00f6k og gefandi reynsla, heldur opnar \u00fea\u00f0 einnig n\u00fdjan heim menningark\u00f6nnunar. Lith\u00e1\u00edska, sem baltneskt tungum\u00e1l, hefur var\u00f0veitt m\u00f6rg einkenni hinna fornu ind\u00f3evr\u00f3psku tungum\u00e1la, sem gerir \u00fea\u00f0 a\u00f0 mikilv\u00e6gu tungum\u00e1li fyrir sagnfr\u00e6\u00f0i og tungum\u00e1lafr\u00e6\u00f0i. M\u00e1lfr\u00e6\u00f0i lith\u00e1\u00edsku kann a\u00f0 vir\u00f0ast fl\u00f3kin, en a\u00f0 brj\u00f3ta \u00fea\u00f0 ni\u00f0ur \u00ed sm\u00e6rri efni og l\u00e6ra \u00feau \u00ed r\u00f6kr\u00e9ttri r\u00f6\u00f0 mun <a href=\"https:\/\/talkpal.ai\/locations\/language-courses-in-gera\/\">gera<\/a> fer\u00f0 \u00fe\u00edna sl\u00e9ttari og skemmtilegri. \u00cd \u00feessari handb\u00f3k munum vi\u00f0 kynna lith\u00e1\u00edsk m\u00e1lfr\u00e6\u00f0iefni \u00ed \u00feeirri r\u00f6\u00f0 sem \u00fe\u00fa \u00e6ttir a\u00f0 l\u00e6ra \u00feau og veita stutt yfirlit yfir hvert efni.<\/p>\n\n\n\n<h3 class=\"wp-block-heading\" id=\"h-1-nouns\">1. Nafnor\u00f0:<\/h3>\n\n\n\n<p>Nafnor\u00f0 mynda bur\u00f0ar\u00e1s flestra setninga, svo byrja\u00f0u \u00e1 \u00fev\u00ed a\u00f0 l\u00e6ra kerfi fallbeyginga nafnor\u00f0a \u00e1 lith\u00e1\u00edsku. \u00dea\u00f0 eru fimm fallbeygingar nafnor\u00f0a, hver me\u00f0 sitt eigi\u00f0 mengi endinga fyrir eint\u00f6lu og fleirt\u00f6lu. Gef\u00f0u gaum a\u00f0 kyni nafnor\u00f0a, \u00fear sem \u00fea\u00f0 mun hafa \u00e1hrif \u00e1 endingarnar sem nota\u00f0ar eru \u00ed fallbeygingu.<\/p>\n\n\n\n<h3 class=\"wp-block-heading\" id=\"h-2-articles\">2. Greinar:<\/h3>\n\n\n\n<p>\u00d3l\u00edkt ensku hefur lith\u00e1\u00edska hvorki \u00e1kve\u00f0nar n\u00e9 \u00f3\u00e1kve\u00f0nar greinar, \u00feannig a\u00f0 \u00fe\u00fa munt hafa einn f\u00e6rri m\u00e1lfr\u00e6\u00f0i\u00fe\u00e1tt til <a href=\"https:\/\/talkpal.ai\/culture\/what-is-the-verb-ad-hafa-and-when-is-it-used\/\">a\u00f0 hafa<\/a> \u00e1hyggjur af!<\/p>\n\n\n\n<h3 class=\"wp-block-heading\" id=\"h-3-adjectives\">3. L\u00fdsingaror\u00f0:<\/h3>\n\n\n\n<p>L\u00fdsingaror\u00f0 eru samm\u00e1la nafnor\u00f0um \u00ed kyni, falli og t\u00f6lu. L\u00e6r\u00f0u hinar \u00fdmsu l\u00fdsingaror\u00f0sendingar og hvernig \u00fe\u00e6r breytast eftir nafnor\u00f0inu sem \u00fe\u00e6r breyta.<\/p>\n\n\n\n<h3 class=\"wp-block-heading\" id=\"h-4-pronouns-determiners\">4. Forn\u00f6fn\/\u00e1kv\u00f6r\u00f0unaror\u00f0:<\/h3>\n\n\n\n<p>Eins og \u00e1 \u00f6\u00f0rum tungum\u00e1lum hj\u00e1lpa forn\u00f6fn og \u00e1kvar\u00f0andi vi\u00f0 a\u00f0 veita sk\u00fdrleika og s\u00e9rt\u00e6kni \u00ed setningum. L\u00e6r\u00f0u mismunandi ger\u00f0ir fornafna og \u00e1kvar\u00f0ana, og \u00fdmis form \u00feeirra og notkun \u00e1 lith\u00e1\u00edsku.<\/p>\n\n\n\n<h3 class=\"wp-block-heading\" id=\"h-5-verbs\">5. Sagnir:<\/h3>\n\n\n\n<p>Sagnir eru nau\u00f0synlegar til a\u00f0 mi\u00f0la ath\u00f6fnum og tilveru\u00e1standi. Byrja\u00f0u \u00e1 n\u00fat\u00ed\u00f0inni og haltu s\u00ed\u00f0an \u00e1fram \u00ed fort\u00ed\u00f0 og framt\u00ed\u00f0. Fylgstu me\u00f0 beygingarmynstri, svo og \u00f3reglulegum s\u00f6gnum.<\/p>\n\n\n\n<h3 class=\"wp-block-heading\" id=\"h-6-tense-comparison\">6. Spenntur samanbur\u00f0ur:<\/h3>\n\n\n\n<p>Eftir a\u00f0 hafa n\u00e1\u00f0 g\u00f3\u00f0um t\u00f6kum \u00e1 grunnspennunum skaltu l\u00e6ra hvernig \u00e1 a\u00f0 bera \u00feau saman og skilja bl\u00e6brig\u00f0i notkunar \u00feeirra. \u00deetta felur \u00ed s\u00e9r a\u00f0 skilja muninn \u00e1 einf\u00f6ldum og samsettum spennum, sem og fullkominni frams\u00e6kinni spennu.<\/p>\n\n\n\n<h3 class=\"wp-block-heading\" id=\"h-7-progressive-and-perfect-progressive\">7. Frams\u00e6kinn og fullkominn frams\u00f3knarma\u00f0ur:<\/h3>\n\n\n\n<p>Lith\u00e1\u00edska hefur ekki s\u00e9rst\u00f6k frams\u00e6kin form eins og ensku, en \u00fe\u00fa getur tj\u00e1\u00f0 \u00e1framhaldandi og loki\u00f0 a\u00f0ger\u00f0um me\u00f0 s\u00e9rst\u00f6kum framkv\u00e6mdum. L\u00e6r\u00f0u \u00feessar framkv\u00e6mdir og hvernig \u00e1 a\u00f0 nota \u00fe\u00e6r \u00e1 \u00e1hrifar\u00edkan h\u00e1tt.<\/p>\n\n\n\n<h3 class=\"wp-block-heading\" id=\"h-8-adverbs\">8. Atviksor\u00f0:<\/h3>\n\n\n\n<p>L\u00fdsingaror\u00f0 breyta nafnor\u00f0um en atviksor\u00f0 breyta s\u00f6gnum, l\u00fdsingaror\u00f0um e\u00f0a \u00f6\u00f0rum atviksor\u00f0um. L\u00e6r\u00f0u mismunandi ger\u00f0ir atviksor\u00f0a og sta\u00f0setningu \u00feeirra \u00ed setningum.<\/p>\n\n\n\n<h3 class=\"wp-block-heading\" id=\"h-9-prepositions\">9. Forsetningar:<\/h3>\n\n\n\n<p>Forsetningar s\u00fdna <a href=\"https:\/\/talkpal.ai\/contact\/\">samband<\/a> or\u00f0a \u00ed setningu. L\u00e6r\u00f0u hinar \u00fdmsu forsetningar og notkun \u00feeirra \u00ed mismunandi samhengi.<\/p>\n\n\n\n<h3 class=\"wp-block-heading\" id=\"h-10-conditionals\">10. Skilyr\u00f0i:<\/h3>\n\n\n\n<p>Skilyrt tj\u00e1 \u00edmynda\u00f0ar e\u00f0a \u00f3raunverulegar a\u00f0st\u00e6\u00f0ur. L\u00e6r\u00f0u mismunandi ger\u00f0ir skilyrtra og vi\u00f0komandi byggingar \u00feeirra \u00e1 lith\u00e1\u00edsku.<\/p>\n\n\n\n<h3 class=\"wp-block-heading\" id=\"h-11-sentences\">11. Setningar:<\/h3>\n\n\n\n<p>A\u00f0 lokum, komdu \u00f6llu saman me\u00f0 \u00fev\u00ed a\u00f0 l\u00e6ra um setningager\u00f0 \u00e1 lith\u00e1\u00edsku. Skilja grunn or\u00f0ar\u00f6\u00f0ina og hvernig h\u00e6gt er a\u00f0 laga hana til \u00e1hersluauka e\u00f0a sk\u00fdrleika. \u00c6f\u00f0u \u00feig \u00ed a\u00f0 b\u00faa til setningar me\u00f0 \u00fev\u00ed a\u00f0 nota alla m\u00e1lfr\u00e6\u00f0i\u00fe\u00e6ttina sem \u00fe\u00fa hefur l\u00e6rt hinga\u00f0 til.<\/p>\n\n\n\n<p>Me\u00f0 \u00fev\u00ed a\u00f0 fylgja \u00feessari vi\u00f0fangsefnar\u00f6\u00f0 muntu \u00fer\u00f3a me\u00f0 \u00fe\u00e9r traustan skilning \u00e1 lith\u00e1\u00edskri m\u00e1lfr\u00e6\u00f0i og vera \u00e1 g\u00f3\u00f0ri lei\u00f0 me\u00f0 a\u00f0 n\u00e1 t\u00f6kum \u00e1 tungum\u00e1linu.<\/p>\n<\/div><\/div>\n\r\n<section class=\"learnNavigationSection\">\r\n            \r\n        <a href=\"https:\/\/talkpal.ai\/is\/laerdu-lithaisku\/\">\r\n            <div class=\"learnNavigationWrapper\">\r\n                <div class=\"learnNavigationContent\">\r\n                    <img decoding=\"async\" src=\"https:\/\/talkpal.ai\/wp-content\/uploads\/2024\/08\/Lithuanian.jpg\" alt=\"Lithuanian Flag\">\r\n                    <div>\r\n                        <h4>Um lith\u00e1\u00edska n\u00e1m<\/h4>\r\n                        <p>Finndu \u00fat allt um lith\u00e1\u00edska m\u00e1lfr\u00e6\u00f0i.<\/p>\r\n                    <\/div>\r\n                <\/div>\r\n            <\/div>\r\n        <\/a>\r\n\r\n        \r\n        <a href=\"https:\/\/talkpal.ai\/is\/lithaisk-malfraedi\/\">\r\n            <div class=\"learnNavigationWrapper\">\r\n                <div class=\"learnNavigationContent\">\r\n                    <img decoding=\"async\" src=\"https:\/\/talkpal.ai\/wp-content\/uploads\/2024\/08\/Lithuanian.jpg\" alt=\"Lithuanian Flag\">\r\n                    <div>\r\n                        <h4>Lith\u00e1\u00edsk m\u00e1lfr\u00e6\u00f0ikennsla<\/h4>\r\n                        <p>\u00c6f\u00f0u lith\u00e1\u00edska m\u00e1lfr\u00e6\u00f0i.<\/p>\r\n                    <\/div>\r\n                <\/div>\r\n            <\/div>\r\n        <\/a>\r\n\r\n        \r\n        <a href=\"https:\/\/talkpal.ai\/vocabulary_language\/lithuanian\/\">\r\n            <div class=\"learnNavigationWrapper\">\r\n                <div class=\"learnNavigationContent\">\r\n                    <img decoding=\"async\" src=\"https:\/\/talkpal.ai\/wp-content\/uploads\/2024\/08\/Lithuanian.jpg\" alt=\"Lithuanian Flag\">\r\n                    <div>\r\n                        <h4>Lith\u00e1\u00edskur or\u00f0afor\u00f0i<\/h4>\r\n                        <p>St\u00e6kka\u00f0u lith\u00e1\u00edskan or\u00f0afor\u00f0a \u00feinn.<\/p>\r\n                    <\/div>\r\n                <\/div>\r\n            <\/div>\r\n        <\/a>\r\n\r\n            <\/section>","protected":false},"excerpt":{"rendered":"<p>Lith\u00e1\u00edsk m\u00e1lfr\u00e6\u00f0i efni A\u00f0 l\u00e6ra lith\u00e1\u00edska tungum\u00e1li\u00f0 er ekki a\u00f0eins einst\u00f6k og gefandi reynsla, heldur opnar \u00fea\u00f0 einnig n\u00fdjan heim menningark\u00f6nnunar. Lith\u00e1\u00edska, sem baltneskt tungum\u00e1l, hefur var\u00f0veitt m\u00f6rg einkenni hinna fornu ind\u00f3evr\u00f3psku tungum\u00e1la, sem gerir \u00fea\u00f0 a\u00f0 mikilv\u00e6gu tungum\u00e1li fyrir sagnfr\u00e6\u00f0i og tungum\u00e1lafr\u00e6\u00f0i. M\u00e1lfr\u00e6\u00f0i lith\u00e1\u00edsku kann a\u00f0 vir\u00f0ast fl\u00f3kin, en a\u00f0 brj\u00f3ta \u00fea\u00f0 ni\u00f0ur \u00ed [&hellip;]<\/p>\n","protected":false},"author":6,"featured_media":114921,"parent":0,"menu_order":0,"comment_status":"closed","ping_status":"closed","template":"LearningContentPage.php","meta":{"_acf_changed":false,"footnotes":""},"class_list":["post-160219","page","type-page","status-publish","has-post-thumbnail","hentry"],"acf":[],"yoast_head":"<!-- This site is optimized with the Yoast SEO Premium plugin v27.2 (Yoast SEO v27.2) - https:\/\/yoast.com\/product\/yoast-seo-premium-wordpress\/ -->\n<title>Lith\u00e1\u00edskar m\u00e1lfr\u00e6\u00f0i\u00e6fingar - Talkpal<\/title>\n<meta name=\"description\" content=\"N\u00e1\u00f0u t\u00f6kum \u00e1 fl\u00e6kjum tungum\u00e1lsins me\u00f0 gr\u00edpandi lith\u00e1\u00edskum m\u00e1lfr\u00e6\u00f0i\u00e6fingum sem auka f\u00e6rni \u00fe\u00edna.\" \/>\n<meta name=\"robots\" content=\"index, follow, max-snippet:-1, max-image-preview:large, max-video-preview:-1\" \/>\n<link rel=\"canonical\" href=\"https:\/\/talkpal.ai\/is\/lithaiskar-malfraediaefingar\/\" \/>\n<meta property=\"og:locale\" content=\"is_IS\" \/>\n<meta property=\"og:type\" content=\"article\" \/>\n<meta property=\"og:title\" content=\"Lith\u00e1\u00edskar m\u00e1lfr\u00e6\u00f0i\u00e6fingar\" \/>\n<meta property=\"og:description\" content=\"Lith\u00e1\u00edsk m\u00e1lfr\u00e6\u00f0i efni A\u00f0 l\u00e6ra lith\u00e1\u00edska tungum\u00e1li\u00f0 er ekki a\u00f0eins einst\u00f6k og gefandi reynsla, heldur opnar \u00fea\u00f0 einnig n\u00fdjan heim menningark\u00f6nnunar.\" \/>\n<meta property=\"og:url\" content=\"https:\/\/talkpal.ai\/is\/lithaiskar-malfraediaefingar\/\" \/>\n<meta property=\"og:site_name\" content=\"Talkpal\" \/>\n<meta property=\"article:publisher\" content=\"https:\/\/www.facebook.com\/profile.php?id=100090733639311\" \/>\n<meta property=\"article:modified_time\" content=\"2025-12-17T15:53:34+00:00\" \/>\n<meta property=\"og:image\" content=\"https:\/\/talkpal.ai\/wp-content\/uploads\/2023\/05\/Lithuanian.png\" \/>\n\t<meta property=\"og:image:width\" content=\"512\" \/>\n\t<meta property=\"og:image:height\" content=\"512\" \/>\n\t<meta property=\"og:image:type\" content=\"image\/png\" \/>\n<meta name=\"twitter:card\" content=\"summary_large_image\" \/>\n<meta name=\"twitter:site\" content=\"@talkpalai\" \/>\n<meta name=\"twitter:label1\" content=\"Est. reading time\" \/>\n\t<meta name=\"twitter:data1\" content=\"3 minutes\" \/>\n<script type=\"application\/ld+json\" class=\"yoast-schema-graph\">{\"@context\":\"https:\/\/schema.org\",\"@graph\":[{\"@type\":\"WebPage\",\"@id\":\"https:\/\/talkpal.ai\/is\/lithaiskar-malfraediaefingar\/\",\"url\":\"https:\/\/talkpal.ai\/is\/lithaiskar-malfraediaefingar\/\",\"name\":\"Lith\u00e1\u00edskar m\u00e1lfr\u00e6\u00f0i\u00e6fingar - Talkpal\",\"isPartOf\":{\"@id\":\"https:\/\/talkpal.ai\/is\/#website\"},\"primaryImageOfPage\":{\"@id\":\"https:\/\/talkpal.ai\/is\/lithaiskar-malfraediaefingar\/#primaryimage\"},\"image\":{\"@id\":\"https:\/\/talkpal.ai\/is\/lithaiskar-malfraediaefingar\/#primaryimage\"},\"thumbnailUrl\":\"https:\/\/talkpal.ai\/wp-content\/uploads\/2023\/05\/Lithuanian.png\",\"datePublished\":\"2023-06-22T08:12:52+00:00\",\"dateModified\":\"2025-12-17T15:53:34+00:00\",\"description\":\"N\u00e1\u00f0u t\u00f6kum \u00e1 fl\u00e6kjum tungum\u00e1lsins me\u00f0 gr\u00edpandi lith\u00e1\u00edskum m\u00e1lfr\u00e6\u00f0i\u00e6fingum sem auka f\u00e6rni \u00fe\u00edna.\",\"breadcrumb\":{\"@id\":\"https:\/\/talkpal.ai\/is\/lithaiskar-malfraediaefingar\/#breadcrumb\"},\"inLanguage\":\"is\",\"potentialAction\":[{\"@type\":\"ReadAction\",\"target\":[\"https:\/\/talkpal.ai\/is\/lithaiskar-malfraediaefingar\/\"]}]},{\"@type\":\"ImageObject\",\"inLanguage\":\"is\",\"@id\":\"https:\/\/talkpal.ai\/is\/lithaiskar-malfraediaefingar\/#primaryimage\",\"url\":\"https:\/\/talkpal.ai\/wp-content\/uploads\/2023\/05\/Lithuanian.png\",\"contentUrl\":\"https:\/\/talkpal.ai\/wp-content\/uploads\/2023\/05\/Lithuanian.png\",\"width\":512,\"height\":512},{\"@type\":\"BreadcrumbList\",\"@id\":\"https:\/\/talkpal.ai\/is\/lithaiskar-malfraediaefingar\/#breadcrumb\",\"itemListElement\":[{\"@type\":\"ListItem\",\"position\":1,\"name\":\"Homepage\",\"item\":\"https:\/\/talkpal.ai\/is\/\"},{\"@type\":\"ListItem\",\"position\":2,\"name\":\"Lith\u00e1\u00edskar m\u00e1lfr\u00e6\u00f0i\u00e6fingar\"}]},{\"@type\":\"WebSite\",\"@id\":\"https:\/\/talkpal.ai\/is\/#website\",\"url\":\"https:\/\/talkpal.ai\/is\/\",\"name\":\"Talkpal\",\"description\":\"AI Language Learning\",\"publisher\":{\"@id\":\"https:\/\/talkpal.ai\/is\/#organization\"},\"alternateName\":\"Talkpal AI\",\"potentialAction\":[{\"@type\":\"SearchAction\",\"target\":{\"@type\":\"EntryPoint\",\"urlTemplate\":\"https:\/\/talkpal.ai\/is\/?s={search_term_string}\"},\"query-input\":{\"@type\":\"PropertyValueSpecification\",\"valueRequired\":true,\"valueName\":\"search_term_string\"}}],\"inLanguage\":\"is\"},{\"@type\":\"Organization\",\"@id\":\"https:\/\/talkpal.ai\/is\/#organization\",\"name\":\"Talkpal, Inc.\",\"alternateName\":\"Talkpal AI\",\"url\":\"https:\/\/talkpal.ai\/is\/\",\"logo\":{\"@type\":\"ImageObject\",\"inLanguage\":\"is\",\"@id\":\"https:\/\/talkpal.ai\/is\/#\/schema\/logo\/image\/\",\"url\":\"https:\/\/talkpal.ai\/wp-content\/uploads\/2024\/03\/Talkpal-Logo-Icon.png\",\"contentUrl\":\"https:\/\/talkpal.ai\/wp-content\/uploads\/2024\/03\/Talkpal-Logo-Icon.png\",\"width\":2880,\"height\":2880,\"caption\":\"Talkpal, Inc.\"},\"image\":{\"@id\":\"https:\/\/talkpal.ai\/is\/#\/schema\/logo\/image\/\"},\"sameAs\":[\"https:\/\/www.facebook.com\/profile.php?id=100090733639311\",\"https:\/\/x.com\/talkpalai\",\"https:\/\/www.linkedin.com\/company\/talkpal\/\",\"https:\/\/www.youtube.com\/@TalkPal\/\",\"https:\/\/www.tiktok.com\/@talkpal\",\"https:\/\/www.instagram.com\/talkpal_ai\/\",\"https:\/\/www.crunchbase.com\/organization\/talkpal-9cde\",\"https:\/\/www.g2.com\/products\/talkpal-for-business\/\",\"https:\/\/www.trustpilot.com\/review\/talkpal.ai\",\"https:\/\/www.capterra.com\/p\/10006800\/TalkPal\/\"],\"description\":\"Talkpal is a language learning web and mobile education app, powered by the latest AI technologies, that provides engaging experiences to its customers in many different languages to help them improve their language skills. Users can chat about unlimited amount of topics with the app and use other modes to practice their language learning.\",\"email\":\"support@talkpal.ai\",\"legalName\":\"Talkpal, Inc.\",\"foundingDate\":\"2023-04-03\",\"duns\":\"118989042\",\"numberOfEmployees\":{\"@type\":\"QuantitativeValue\",\"minValue\":\"11\",\"maxValue\":\"50\"},\"publishingPrinciples\":\"https:\/\/talkpal.ai\/publishing-principles\/\",\"actionableFeedbackPolicy\":\"https:\/\/talkpal.ai\/actionable-feedback-policy\/\",\"correctionsPolicy\":\"https:\/\/talkpal.ai\/corrections-policy\/\",\"ethicsPolicy\":\"https:\/\/talkpal.ai\/ethics-policy\/\",\"diversityPolicy\":\"https:\/\/talkpal.ai\/diversity-policy\/\",\"diversityStaffingReport\":\"https:\/\/talkpal.ai\/diversity-policy\/\"}]}<\/script>\n<!-- \/ Yoast SEO Premium plugin. -->","yoast_head_json":{"title":"Lith\u00e1\u00edskar m\u00e1lfr\u00e6\u00f0i\u00e6fingar - Talkpal","description":"N\u00e1\u00f0u t\u00f6kum \u00e1 fl\u00e6kjum tungum\u00e1lsins me\u00f0 gr\u00edpandi lith\u00e1\u00edskum m\u00e1lfr\u00e6\u00f0i\u00e6fingum sem auka f\u00e6rni \u00fe\u00edna.","robots":{"index":"index","follow":"follow","max-snippet":"max-snippet:-1","max-image-preview":"max-image-preview:large","max-video-preview":"max-video-preview:-1"},"canonical":"https:\/\/talkpal.ai\/is\/lithaiskar-malfraediaefingar\/","og_locale":"is_IS","og_type":"article","og_title":"Lith\u00e1\u00edskar m\u00e1lfr\u00e6\u00f0i\u00e6fingar","og_description":"Lith\u00e1\u00edsk m\u00e1lfr\u00e6\u00f0i efni A\u00f0 l\u00e6ra lith\u00e1\u00edska tungum\u00e1li\u00f0 er ekki a\u00f0eins einst\u00f6k og gefandi reynsla, heldur opnar \u00fea\u00f0 einnig n\u00fdjan heim menningark\u00f6nnunar.","og_url":"https:\/\/talkpal.ai\/is\/lithaiskar-malfraediaefingar\/","og_site_name":"Talkpal","article_publisher":"https:\/\/www.facebook.com\/profile.php?id=100090733639311","article_modified_time":"2025-12-17T15:53:34+00:00","og_image":[{"width":512,"height":512,"url":"https:\/\/talkpal.ai\/wp-content\/uploads\/2023\/05\/Lithuanian.png","type":"image\/png"}],"twitter_card":"summary_large_image","twitter_site":"@talkpalai","twitter_misc":{"Est. reading time":"3 minutes"},"schema":{"@context":"https:\/\/schema.org","@graph":[{"@type":"WebPage","@id":"https:\/\/talkpal.ai\/is\/lithaiskar-malfraediaefingar\/","url":"https:\/\/talkpal.ai\/is\/lithaiskar-malfraediaefingar\/","name":"Lith\u00e1\u00edskar m\u00e1lfr\u00e6\u00f0i\u00e6fingar - Talkpal","isPartOf":{"@id":"https:\/\/talkpal.ai\/is\/#website"},"primaryImageOfPage":{"@id":"https:\/\/talkpal.ai\/is\/lithaiskar-malfraediaefingar\/#primaryimage"},"image":{"@id":"https:\/\/talkpal.ai\/is\/lithaiskar-malfraediaefingar\/#primaryimage"},"thumbnailUrl":"https:\/\/talkpal.ai\/wp-content\/uploads\/2023\/05\/Lithuanian.png","datePublished":"2023-06-22T08:12:52+00:00","dateModified":"2025-12-17T15:53:34+00:00","description":"N\u00e1\u00f0u t\u00f6kum \u00e1 fl\u00e6kjum tungum\u00e1lsins me\u00f0 gr\u00edpandi lith\u00e1\u00edskum m\u00e1lfr\u00e6\u00f0i\u00e6fingum sem auka f\u00e6rni \u00fe\u00edna.","breadcrumb":{"@id":"https:\/\/talkpal.ai\/is\/lithaiskar-malfraediaefingar\/#breadcrumb"},"inLanguage":"is","potentialAction":[{"@type":"ReadAction","target":["https:\/\/talkpal.ai\/is\/lithaiskar-malfraediaefingar\/"]}]},{"@type":"ImageObject","inLanguage":"is","@id":"https:\/\/talkpal.ai\/is\/lithaiskar-malfraediaefingar\/#primaryimage","url":"https:\/\/talkpal.ai\/wp-content\/uploads\/2023\/05\/Lithuanian.png","contentUrl":"https:\/\/talkpal.ai\/wp-content\/uploads\/2023\/05\/Lithuanian.png","width":512,"height":512},{"@type":"BreadcrumbList","@id":"https:\/\/talkpal.ai\/is\/lithaiskar-malfraediaefingar\/#breadcrumb","itemListElement":[{"@type":"ListItem","position":1,"name":"Homepage","item":"https:\/\/talkpal.ai\/is\/"},{"@type":"ListItem","position":2,"name":"Lith\u00e1\u00edskar m\u00e1lfr\u00e6\u00f0i\u00e6fingar"}]},{"@type":"WebSite","@id":"https:\/\/talkpal.ai\/is\/#website","url":"https:\/\/talkpal.ai\/is\/","name":"Talkpal","description":"AI Language Learning","publisher":{"@id":"https:\/\/talkpal.ai\/is\/#organization"},"alternateName":"Talkpal AI","potentialAction":[{"@type":"SearchAction","target":{"@type":"EntryPoint","urlTemplate":"https:\/\/talkpal.ai\/is\/?s={search_term_string}"},"query-input":{"@type":"PropertyValueSpecification","valueRequired":true,"valueName":"search_term_string"}}],"inLanguage":"is"},{"@type":"Organization","@id":"https:\/\/talkpal.ai\/is\/#organization","name":"Talkpal, Inc.","alternateName":"Talkpal AI","url":"https:\/\/talkpal.ai\/is\/","logo":{"@type":"ImageObject","inLanguage":"is","@id":"https:\/\/talkpal.ai\/is\/#\/schema\/logo\/image\/","url":"https:\/\/talkpal.ai\/wp-content\/uploads\/2024\/03\/Talkpal-Logo-Icon.png","contentUrl":"https:\/\/talkpal.ai\/wp-content\/uploads\/2024\/03\/Talkpal-Logo-Icon.png","width":2880,"height":2880,"caption":"Talkpal, Inc."},"image":{"@id":"https:\/\/talkpal.ai\/is\/#\/schema\/logo\/image\/"},"sameAs":["https:\/\/www.facebook.com\/profile.php?id=100090733639311","https:\/\/x.com\/talkpalai","https:\/\/www.linkedin.com\/company\/talkpal\/","https:\/\/www.youtube.com\/@TalkPal\/","https:\/\/www.tiktok.com\/@talkpal","https:\/\/www.instagram.com\/talkpal_ai\/","https:\/\/www.crunchbase.com\/organization\/talkpal-9cde","https:\/\/www.g2.com\/products\/talkpal-for-business\/","https:\/\/www.trustpilot.com\/review\/talkpal.ai","https:\/\/www.capterra.com\/p\/10006800\/TalkPal\/"],"description":"Talkpal is a language learning web and mobile education app, powered by the latest AI technologies, that provides engaging experiences to its customers in many different languages to help them improve their language skills. Users can chat about unlimited amount of topics with the app and use other modes to practice their language learning.","email":"support@talkpal.ai","legalName":"Talkpal, Inc.","foundingDate":"2023-04-03","duns":"118989042","numberOfEmployees":{"@type":"QuantitativeValue","minValue":"11","maxValue":"50"},"publishingPrinciples":"https:\/\/talkpal.ai\/publishing-principles\/","actionableFeedbackPolicy":"https:\/\/talkpal.ai\/actionable-feedback-policy\/","correctionsPolicy":"https:\/\/talkpal.ai\/corrections-policy\/","ethicsPolicy":"https:\/\/talkpal.ai\/ethics-policy\/","diversityPolicy":"https:\/\/talkpal.ai\/diversity-policy\/","diversityStaffingReport":"https:\/\/talkpal.ai\/diversity-policy\/"}]}},"_links":{"self":[{"href":"https:\/\/talkpal.ai\/is\/wp-json\/wp\/v2\/pages\/160219","targetHints":{"allow":["GET"]}}],"collection":[{"href":"https:\/\/talkpal.ai\/is\/wp-json\/wp\/v2\/pages"}],"about":[{"href":"https:\/\/talkpal.ai\/is\/wp-json\/wp\/v2\/types\/page"}],"author":[{"embeddable":true,"href":"https:\/\/talkpal.ai\/is\/wp-json\/wp\/v2\/users\/6"}],"replies":[{"embeddable":true,"href":"https:\/\/talkpal.ai\/is\/wp-json\/wp\/v2\/comments?post=160219"}],"version-history":[{"count":0,"href":"https:\/\/talkpal.ai\/is\/wp-json\/wp\/v2\/pages\/160219\/revisions"}],"wp:featuredmedia":[{"embeddable":true,"href":"https:\/\/talkpal.ai\/is\/wp-json\/wp\/v2\/media\/114921"}],"wp:attachment":[{"href":"https:\/\/talkpal.ai\/is\/wp-json\/wp\/v2\/media?parent=160219"}],"curies":[{"name":"wp","href":"https:\/\/api.w.org\/{rel}","templated":true}]}}