{"id":159910,"date":"2023-06-22T08:24:14","date_gmt":"2023-06-22T08:24:14","guid":{"rendered":"http:\/\/talkpal.ai\/makedonska-malfraedi-aefingar\/"},"modified":"2025-12-17T16:01:33","modified_gmt":"2025-12-17T16:01:33","slug":"makedonska-malfraedi-aefingar","status":"publish","type":"page","link":"https:\/\/talkpal.ai\/is\/makedonska-malfraedi-aefingar\/","title":{"rendered":"Maked\u00f3nska m\u00e1lfr\u00e6\u00f0i \u00e6fingar"},"content":{"rendered":"\r\n\r\n\r\n<section class=\"languageChallengeSection\">\r\n    <div class=\"languageInfoWrapper\">\r\n        \r\n        <h1>Maked\u00f3nska m\u00e1lfr\u00e6\u00f0i \u00e6fingar<\/h1>\r\n        <p>Viltu byggja upp sj\u00e1lfstraust \u00ed maked\u00f3nsku? A\u00f0 \u00e6fa <a href=\"https:\/\/talkpal.ai\/grammar\/\">m\u00e1lfr\u00e6\u00f0i<\/a> er fr\u00e1b\u00e6r lei\u00f0 til a\u00f0 skilja setningarbyggingu, sagnor\u00f0 og einstaka eiginleika maked\u00f3nsku. Byrja\u00f0u a\u00f0 sko\u00f0a maked\u00f3nsku m\u00e1lfr\u00e6\u00f0ina \u00ed dag og sj\u00e1\u00f0u f\u00e6rni \u00fe\u00edna og fl\u00e6\u00f0i vaxa me\u00f0 hverri \u00e6fingu!<\/p>\r\n\r\n                            <a class=\"getStartedHidden\" href=\"https:\/\/app.talkpal.ai\/signup?lng=\">Byrja\u00f0u<\/a>\r\n        \r\n    <\/div>\r\n\r\n    <figure>\r\n    <img decoding=\"async\" width=\"768\" height=\"768\" src=\"https:\/\/talkpal.ai\/wp-content\/uploads\/2023\/06\/macedonian-768x768.png\" class=\"languageImage no-lazy\" alt=\"Language learning through conversational practice\" fetchpriority=\"high\" sizes=\"(max-width: 768px) 150px, 768px\" srcset=\"https:\/\/talkpal.ai\/wp-content\/uploads\/2023\/06\/macedonian-768x768.png 768w, https:\/\/talkpal.ai\/wp-content\/uploads\/2023\/06\/macedonian-300x300.png 300w\" \/>\r\n    \r\n\r\n    <\/figure>\r\n\r\n            <a class=\"getStartedVisible\" href=\"https:\/\/app.talkpal.ai\/signup?lng=\">Byrja\u00f0u<\/a>\r\n    \r\n<\/section>\r\n\r\n\r\n<!-- <section class=\"grammarSection\">\r\n    <div class=\"grammarLinks\">\r\n            <\/div>\r\n<\/section> -->\r\n\r\n\r\n\r\n\r\n<section class=\"promotionalBanner\">\r\n    <p class=\"promotionalText\">Skilvirkasta lei\u00f0in til a\u00f0 l\u00e6ra tungum\u00e1l<\/p>\r\n    <a class=\"promotionalLink\" href=\"https:\/\/app.talkpal.ai\/signup?lng=\">Pr\u00f3fa\u00f0u Talkpal \u00f3keypis<\/a>\r\n<\/section>\n<div class=\"wp-block-group pageContainerStyle\"><div class=\"wp-block-group__inner-container is-layout-constrained wp-block-group-is-layout-constrained\">\n<h2 class=\"wp-block-heading\" id=\"h-macedonian-grammar-topics\">Maked\u00f3nsk m\u00e1lfr\u00e6\u00f0i efni<\/h2>\n\n\n\n<header id=\"main-header\" data-height-onload=\"80\" data-height-loaded=\"true\" data-fixed-height-onload=\"80\">\n<p><a href=\"https:\/\/talkpal.ai\/learn-macedonian\/\">Maked\u00f3nska<\/a>, su\u00f0urslavneskt tungum\u00e1l, er opinbert tungum\u00e1l \u00ed Nor\u00f0ur-Maked\u00f3n\u00edu. \u00dea\u00f0 er tala\u00f0 af yfir tveimur millj\u00f3num manna um allan heim og b\u00fd\u00f0ur upp \u00e1 einstaka tungum\u00e1laupplifun vegna s\u00e9rstakra m\u00e1lfr\u00e6\u00f0ireglna og r\u00edks or\u00f0afor\u00f0a. \u00deessi handb\u00f3k mun veita \u00fe\u00e9r yfirlit yfir nau\u00f0synleg maked\u00f3nsk m\u00e1lfr\u00e6\u00f0iefni, skipul\u00f6g\u00f0 \u00ed r\u00f6\u00f0 sem mun au\u00f0velda n\u00e1msferli\u00f0 \u00feitt. Allt fr\u00e1 spennum til setningager\u00f0a munum vi\u00f0 n\u00e1 yfir allar nau\u00f0synlegar uppl\u00fdsingar til a\u00f0 hj\u00e1lpa \u00fe\u00e9r a\u00f0 <a href=\"https:\/\/talkpal.ai\/ko\/ai-%ec%96%b8%ec%96%b4-%ea%b5%90%ec%82%ac\/\">byrja<\/a> \u00e1 fer\u00f0 \u00feinni til a\u00f0 n\u00e1 t\u00f6kum \u00e1 <a href=\"https:\/\/talkpal.ai\/learn-macedonian\/\">maked\u00f3nska<\/a> tungum\u00e1linu.<\/p>\n<h3>1. Nafnor\u00f0:<\/h3>\n<p>Eins og \u00f6nnur slavnesk tungum\u00e1l hafa maked\u00f3nsk nafnor\u00f0 \u00ferj\u00fa kyn (karlkyns, kvenkyns og hvorugkyns) og beygjast fyrir staf og n\u00famer. A\u00f0 l\u00e6ra kyn og r\u00e9ttar beygingar er mikilv\u00e6gt til a\u00f0 mynda m\u00e1lfr\u00e6\u00f0ilega r\u00e9ttar setningar.<\/p>\n<h3>2. Greinar:<\/h3>\n<p>Maked\u00f3nska tungum\u00e1li\u00f0 hefur a\u00f0eins einn \u00e1kve\u00f0inn greini, sem er mismunandi eftir kyni og m\u00e1li. \u00dea\u00f0 eru engar \u00f3\u00e1kve\u00f0nar greinar \u00e1 maked\u00f3nsku, en t\u00f6luna \u201eeinn\u201c m\u00e1 nota \u00e1 svipa\u00f0an h\u00e1tt.<\/p>\n<h3>3. L\u00fdsingaror\u00f0:<\/h3>\n<p>L\u00fdsingaror\u00f0 \u00e1 maked\u00f3nsku eru samm\u00e1la nafnor\u00f0unum sem \u00feau breyta \u00ed kyni, t\u00f6lu og falli. \u00deau hafa b\u00e6\u00f0i l\u00f6ng og stutt form sem eru notu\u00f0 \u00ed mismunandi samhengi.<\/p>\n<h3>4. Forn\u00f6fn\/\u00e1kv\u00f6r\u00f0unaror\u00f0:<\/h3>\n<p>Maked\u00f3nska hefur margs konar forn\u00f6fn og \u00e1kvar\u00f0ana, sem eru nau\u00f0synleg vi\u00f0 myndun setninga. \u00deeir skipta \u00fat e\u00f0a breyta nafnor\u00f0um og eru samm\u00e1la \u00feeim \u00ed kyni, t\u00f6lu og falli.<\/p>\n<h3>5. Sagnir:<\/h3>\n<p>Sagnir eru mi\u00f0l\u00e6gar \u00ed maked\u00f3nskri m\u00e1lfr\u00e6\u00f0i. \u00deeir beygja sig saman fyrir manneskju og fj\u00f6lda og hafa \u00fdmsar spennur, hli\u00f0ar og skap.<\/p>\n<h3>6. Spennur:<\/h3>\n<p>Maked\u00f3nska hefur \u00ferj\u00e1r grunnspennur &#8211; fort\u00ed\u00f0, n\u00fat\u00ed\u00f0 og framt\u00ed\u00f0. \u00deau eru myndu\u00f0 me\u00f0 mismunandi sagnbeygingum og hj\u00e1lpars\u00f6gnum. Nau\u00f0synlegt er a\u00f0 skilja myndun og notkun hverrar spennu til a\u00f0 tj\u00e1 athafnir og atbur\u00f0i n\u00e1kv\u00e6mlega.<\/p>\n<h3>7. Spenntur samanbur\u00f0ur:<\/h3>\n<p>A\u00f0 bera saman athafnir og atbur\u00f0i \u00ed mismunandi t\u00ed\u00f0um er nau\u00f0synlegt til a\u00f0 mi\u00f0la merkingu. \u00c1 maked\u00f3nsku er \u00feessi samanbur\u00f0ur ger\u00f0ur me\u00f0 \u00fev\u00ed a\u00f0 nota s\u00e9rst\u00f6k sagnaform og hj\u00e1lparsagnir.<\/p>\n<h3>8. Frams\u00e6ki\u00f0:<\/h3>\n<p>Frams\u00e6kni \u00fe\u00e1tturinn \u00e1 maked\u00f3nsku er nota\u00f0ur til a\u00f0 gefa til kynna \u00e1framhaldandi a\u00f0ger\u00f0ir. \u00dea\u00f0 er mynda\u00f0 me\u00f0 \u00fev\u00ed a\u00f0 nota n\u00fat\u00ed\u00f0 s\u00f6gnarinnar \u201ea\u00f0 vera\u201c og n\u00faverandi virka \u00fe\u00e1tttakanda a\u00f0alsagnarinnar.<\/p>\n<h3>9. Fullkominn frams\u00e6kinn:<\/h3>\n<p>\u00deessi \u00fe\u00e1ttur sameinar frams\u00e6kna og fullkomna \u00fe\u00e6tti til a\u00f0 l\u00fdsa a\u00f0ger\u00f0um sem voru \u00ed gangi \u00ed fort\u00ed\u00f0inni og hafa tengingu vi\u00f0 n\u00fat\u00edmann. \u00dea\u00f0 er mynda\u00f0 me\u00f0 \u00fev\u00ed a\u00f0 nota n\u00fat\u00ed\u00f0 s\u00f6gnarinnar \u201ea\u00f0 vera\u201c og fort\u00ed\u00f0arvirkri \u00fe\u00e1ttar\u00f6\u00f0 a\u00f0alsagnarinnar.<\/p>\n<h3>10. Atviksor\u00f0:<\/h3>\n<p>Atviksor\u00f0 \u00e1 maked\u00f3nsku eru notu\u00f0 til a\u00f0 breyta s\u00f6gnum, l\u00fdsingaror\u00f0um e\u00f0a \u00f6\u00f0rum atviksor\u00f0um. \u00deeir breyta venjulega ekki forminu s\u00ednu og er au\u00f0velt a\u00f0 \u00feekkja \u00fe\u00e6r \u00e1 d\u00e6miger\u00f0um endingum \u00feeirra.<\/p>\n<h3>11. Skilyr\u00f0i:<\/h3>\n<p>Maked\u00f3nska hefur \u00ferj\u00e1r tegundir af skilyr\u00f0um &#8211; raunveruleg, \u00f3raunveruleg og m\u00f6guleiki. \u00deeir eru nota\u00f0ir til a\u00f0 tj\u00e1 \u00edmynda\u00f0ar a\u00f0st\u00e6\u00f0ur og aflei\u00f0ingar \u00feeirra.<\/p>\n<h3>12. Forsetningar:<\/h3>\n<p>Forsetningar \u00e1 maked\u00f3nsku eru nau\u00f0synlegar til a\u00f0 mynda setningar og setningar. \u00deeir gefa til kynna \u00fdmis tengsl milli or\u00f0a, svo sem sta\u00f0setningu, stefnu, t\u00edma e\u00f0a ors\u00f6k.<\/p>\n<h3>13. Setningar:<\/h3>\n<p>Skilningur \u00e1 uppbyggingu maked\u00f3nskra setninga er mikilv\u00e6gur fyrir skilvirk samskipti. Maked\u00f3nskar setningar fylgja venjulega efnis-s\u00f6gn-hlut (SVO) or\u00f0ar\u00f6\u00f0, en tilbrig\u00f0i geta \u00e1tt s\u00e9r sta\u00f0 eftir \u00e1herslum og samhengi.<\/p>\n<\/header>\n\n\n\n<footer> <\/footer>\n<\/div><\/div>\n\r\n<section class=\"learnNavigationSection\">\r\n            \r\n        <a href=\"https:\/\/talkpal.ai\/is\/laerdu-makedonsku\/\">\r\n            <div class=\"learnNavigationWrapper\">\r\n                <div class=\"learnNavigationContent\">\r\n                    <img decoding=\"async\" src=\"https:\/\/talkpal.ai\/wp-content\/uploads\/2024\/08\/Macedonian.jpg\" alt=\"Macedonian Flag\">\r\n                    <div>\r\n                        <h4>Um Maked\u00f3n\u00edun\u00e1m<\/h4>\r\n                        <p>Finndu \u00fat allt um maked\u00f3nska m\u00e1lfr\u00e6\u00f0i.<\/p>\r\n                    <\/div>\r\n                <\/div>\r\n            <\/div>\r\n        <\/a>\r\n\r\n        \r\n        <a href=\"https:\/\/talkpal.ai\/is\/makedonsk-malfraedi\/\">\r\n            <div class=\"learnNavigationWrapper\">\r\n                <div class=\"learnNavigationContent\">\r\n                    <img decoding=\"async\" src=\"https:\/\/talkpal.ai\/wp-content\/uploads\/2024\/08\/Macedonian.jpg\" alt=\"Macedonian Flag\">\r\n                    <div>\r\n                        <h4>Maked\u00f3nskur m\u00e1lfr\u00e6\u00f0ikennsla<\/h4>\r\n                        <p>\u00c6f\u00f0u maked\u00f3nska m\u00e1lfr\u00e6\u00f0i.<\/p>\r\n                    <\/div>\r\n                <\/div>\r\n            <\/div>\r\n        <\/a>\r\n\r\n        \r\n        <a href=\"https:\/\/talkpal.ai\/vocabulary_language\/macedonian\/\">\r\n            <div class=\"learnNavigationWrapper\">\r\n                <div class=\"learnNavigationContent\">\r\n                    <img decoding=\"async\" src=\"https:\/\/talkpal.ai\/wp-content\/uploads\/2024\/08\/Macedonian.jpg\" alt=\"Macedonian Flag\">\r\n                    <div>\r\n                        <h4>Maked\u00f3nskur or\u00f0afor\u00f0i<\/h4>\r\n                        <p>St\u00e6kka\u00f0u maked\u00f3nskan or\u00f0afor\u00f0a \u00feinn.<\/p>\r\n                    <\/div>\r\n                <\/div>\r\n            <\/div>\r\n        <\/a>\r\n\r\n            <\/section>","protected":false},"excerpt":{"rendered":"<p>Maked\u00f3nsk m\u00e1lfr\u00e6\u00f0i efni Maked\u00f3nska, su\u00f0urslavneskt tungum\u00e1l, er opinbert tungum\u00e1l \u00ed Nor\u00f0ur-Maked\u00f3n\u00edu. \u00dea\u00f0 er tala\u00f0 af yfir tveimur millj\u00f3num manna um allan heim og b\u00fd\u00f0ur upp \u00e1 einstaka tungum\u00e1laupplifun vegna s\u00e9rstakra m\u00e1lfr\u00e6\u00f0ireglna og r\u00edks or\u00f0afor\u00f0a. \u00deessi handb\u00f3k mun veita \u00fe\u00e9r yfirlit yfir nau\u00f0synleg maked\u00f3nsk m\u00e1lfr\u00e6\u00f0iefni, skipul\u00f6g\u00f0 \u00ed r\u00f6\u00f0 sem mun au\u00f0velda n\u00e1msferli\u00f0 \u00feitt. Allt fr\u00e1 spennum [&hellip;]<\/p>\n","protected":false},"author":6,"featured_media":115445,"parent":0,"menu_order":0,"comment_status":"closed","ping_status":"closed","template":"LearningContentPage.php","meta":{"_acf_changed":false,"footnotes":""},"class_list":["post-159910","page","type-page","status-publish","has-post-thumbnail","hentry"],"acf":[],"yoast_head":"<!-- This site is optimized with the Yoast SEO Premium plugin v27.2 (Yoast SEO v27.2) - https:\/\/yoast.com\/product\/yoast-seo-premium-wordpress\/ -->\n<title>Maked\u00f3nska m\u00e1lfr\u00e6\u00f0i \u00e6fingar - Talkpal<\/title>\n<meta name=\"description\" content=\"N\u00e1\u00f0u t\u00f6kum \u00e1 maked\u00f3nsku m\u00e1lfr\u00e6\u00f0i me\u00f0 gagnvirkum maked\u00f3nsku m\u00e1lfr\u00e6\u00f0i\u00e6fingum fr\u00e1 Talkpal , tungum\u00e1lakennaranum \u00fe\u00ednum sem byggir \u00e1 gervigreind.\" \/>\n<meta name=\"robots\" content=\"index, follow, max-snippet:-1, max-image-preview:large, max-video-preview:-1\" \/>\n<link rel=\"canonical\" href=\"https:\/\/talkpal.ai\/is\/makedonska-malfraedi-aefingar\/\" \/>\n<meta property=\"og:locale\" content=\"is_IS\" \/>\n<meta property=\"og:type\" content=\"article\" \/>\n<meta property=\"og:title\" content=\"Maked\u00f3nska m\u00e1lfr\u00e6\u00f0i \u00e6fingar\" \/>\n<meta property=\"og:description\" content=\"Maked\u00f3nsk m\u00e1lfr\u00e6\u00f0i efni Maked\u00f3nska, su\u00f0urslavneskt tungum\u00e1l, er opinbert tungum\u00e1l \u00ed Nor\u00f0ur-Maked\u00f3n\u00edu. \u00dea\u00f0 er tala\u00f0 af yfir tveimur millj\u00f3num manna um\" \/>\n<meta property=\"og:url\" content=\"https:\/\/talkpal.ai\/is\/makedonska-malfraedi-aefingar\/\" \/>\n<meta property=\"og:site_name\" content=\"Talkpal\" \/>\n<meta property=\"article:publisher\" content=\"https:\/\/www.facebook.com\/profile.php?id=100090733639311\" \/>\n<meta property=\"article:modified_time\" content=\"2025-12-17T16:01:33+00:00\" \/>\n<meta property=\"og:image\" content=\"https:\/\/talkpal.ai\/wp-content\/uploads\/2023\/05\/republic-of-macedonia.png\" \/>\n\t<meta property=\"og:image:width\" content=\"512\" \/>\n\t<meta property=\"og:image:height\" content=\"512\" \/>\n\t<meta property=\"og:image:type\" content=\"image\/png\" \/>\n<meta name=\"twitter:card\" content=\"summary_large_image\" \/>\n<meta name=\"twitter:site\" content=\"@talkpalai\" \/>\n<meta name=\"twitter:label1\" content=\"Est. reading time\" \/>\n\t<meta name=\"twitter:data1\" content=\"3 minutes\" \/>\n<script type=\"application\/ld+json\" class=\"yoast-schema-graph\">{\"@context\":\"https:\/\/schema.org\",\"@graph\":[{\"@type\":\"WebPage\",\"@id\":\"https:\/\/talkpal.ai\/is\/makedonska-malfraedi-aefingar\/\",\"url\":\"https:\/\/talkpal.ai\/is\/makedonska-malfraedi-aefingar\/\",\"name\":\"Maked\u00f3nska m\u00e1lfr\u00e6\u00f0i \u00e6fingar - Talkpal\",\"isPartOf\":{\"@id\":\"https:\/\/talkpal.ai\/is\/#website\"},\"primaryImageOfPage\":{\"@id\":\"https:\/\/talkpal.ai\/is\/makedonska-malfraedi-aefingar\/#primaryimage\"},\"image\":{\"@id\":\"https:\/\/talkpal.ai\/is\/makedonska-malfraedi-aefingar\/#primaryimage\"},\"thumbnailUrl\":\"https:\/\/talkpal.ai\/wp-content\/uploads\/2023\/05\/republic-of-macedonia.png\",\"datePublished\":\"2023-06-22T08:24:14+00:00\",\"dateModified\":\"2025-12-17T16:01:33+00:00\",\"description\":\"N\u00e1\u00f0u t\u00f6kum \u00e1 maked\u00f3nsku m\u00e1lfr\u00e6\u00f0i me\u00f0 gagnvirkum maked\u00f3nsku m\u00e1lfr\u00e6\u00f0i\u00e6fingum fr\u00e1 Talkpal , tungum\u00e1lakennaranum \u00fe\u00ednum sem byggir \u00e1 gervigreind.\",\"breadcrumb\":{\"@id\":\"https:\/\/talkpal.ai\/is\/makedonska-malfraedi-aefingar\/#breadcrumb\"},\"inLanguage\":\"is\",\"potentialAction\":[{\"@type\":\"ReadAction\",\"target\":[\"https:\/\/talkpal.ai\/is\/makedonska-malfraedi-aefingar\/\"]}]},{\"@type\":\"ImageObject\",\"inLanguage\":\"is\",\"@id\":\"https:\/\/talkpal.ai\/is\/makedonska-malfraedi-aefingar\/#primaryimage\",\"url\":\"https:\/\/talkpal.ai\/wp-content\/uploads\/2023\/05\/republic-of-macedonia.png\",\"contentUrl\":\"https:\/\/talkpal.ai\/wp-content\/uploads\/2023\/05\/republic-of-macedonia.png\",\"width\":512,\"height\":512},{\"@type\":\"BreadcrumbList\",\"@id\":\"https:\/\/talkpal.ai\/is\/makedonska-malfraedi-aefingar\/#breadcrumb\",\"itemListElement\":[{\"@type\":\"ListItem\",\"position\":1,\"name\":\"Homepage\",\"item\":\"https:\/\/talkpal.ai\/is\/\"},{\"@type\":\"ListItem\",\"position\":2,\"name\":\"Maked\u00f3nska m\u00e1lfr\u00e6\u00f0i \u00e6fingar\"}]},{\"@type\":\"WebSite\",\"@id\":\"https:\/\/talkpal.ai\/is\/#website\",\"url\":\"https:\/\/talkpal.ai\/is\/\",\"name\":\"Talkpal\",\"description\":\"AI Language Learning\",\"publisher\":{\"@id\":\"https:\/\/talkpal.ai\/is\/#organization\"},\"alternateName\":\"Talkpal AI\",\"potentialAction\":[{\"@type\":\"SearchAction\",\"target\":{\"@type\":\"EntryPoint\",\"urlTemplate\":\"https:\/\/talkpal.ai\/is\/?s={search_term_string}\"},\"query-input\":{\"@type\":\"PropertyValueSpecification\",\"valueRequired\":true,\"valueName\":\"search_term_string\"}}],\"inLanguage\":\"is\"},{\"@type\":\"Organization\",\"@id\":\"https:\/\/talkpal.ai\/is\/#organization\",\"name\":\"Talkpal, Inc.\",\"alternateName\":\"Talkpal AI\",\"url\":\"https:\/\/talkpal.ai\/is\/\",\"logo\":{\"@type\":\"ImageObject\",\"inLanguage\":\"is\",\"@id\":\"https:\/\/talkpal.ai\/is\/#\/schema\/logo\/image\/\",\"url\":\"https:\/\/talkpal.ai\/wp-content\/uploads\/2024\/03\/Talkpal-Logo-Icon.png\",\"contentUrl\":\"https:\/\/talkpal.ai\/wp-content\/uploads\/2024\/03\/Talkpal-Logo-Icon.png\",\"width\":2880,\"height\":2880,\"caption\":\"Talkpal, Inc.\"},\"image\":{\"@id\":\"https:\/\/talkpal.ai\/is\/#\/schema\/logo\/image\/\"},\"sameAs\":[\"https:\/\/www.facebook.com\/profile.php?id=100090733639311\",\"https:\/\/x.com\/talkpalai\",\"https:\/\/www.linkedin.com\/company\/talkpal\/\",\"https:\/\/www.youtube.com\/@TalkPal\/\",\"https:\/\/www.tiktok.com\/@talkpal\",\"https:\/\/www.instagram.com\/talkpal_ai\/\",\"https:\/\/www.crunchbase.com\/organization\/talkpal-9cde\",\"https:\/\/www.g2.com\/products\/talkpal-for-business\/\",\"https:\/\/www.trustpilot.com\/review\/talkpal.ai\",\"https:\/\/www.capterra.com\/p\/10006800\/TalkPal\/\"],\"description\":\"Talkpal is a language learning web and mobile education app, powered by the latest AI technologies, that provides engaging experiences to its customers in many different languages to help them improve their language skills. Users can chat about unlimited amount of topics with the app and use other modes to practice their language learning.\",\"email\":\"support@talkpal.ai\",\"legalName\":\"Talkpal, Inc.\",\"foundingDate\":\"2023-04-03\",\"duns\":\"118989042\",\"numberOfEmployees\":{\"@type\":\"QuantitativeValue\",\"minValue\":\"11\",\"maxValue\":\"50\"},\"publishingPrinciples\":\"https:\/\/talkpal.ai\/publishing-principles\/\",\"actionableFeedbackPolicy\":\"https:\/\/talkpal.ai\/actionable-feedback-policy\/\",\"correctionsPolicy\":\"https:\/\/talkpal.ai\/corrections-policy\/\",\"ethicsPolicy\":\"https:\/\/talkpal.ai\/ethics-policy\/\",\"diversityPolicy\":\"https:\/\/talkpal.ai\/diversity-policy\/\",\"diversityStaffingReport\":\"https:\/\/talkpal.ai\/diversity-policy\/\"}]}<\/script>\n<!-- \/ Yoast SEO Premium plugin. -->","yoast_head_json":{"title":"Maked\u00f3nska m\u00e1lfr\u00e6\u00f0i \u00e6fingar - Talkpal","description":"N\u00e1\u00f0u t\u00f6kum \u00e1 maked\u00f3nsku m\u00e1lfr\u00e6\u00f0i me\u00f0 gagnvirkum maked\u00f3nsku m\u00e1lfr\u00e6\u00f0i\u00e6fingum fr\u00e1 Talkpal , tungum\u00e1lakennaranum \u00fe\u00ednum sem byggir \u00e1 gervigreind.","robots":{"index":"index","follow":"follow","max-snippet":"max-snippet:-1","max-image-preview":"max-image-preview:large","max-video-preview":"max-video-preview:-1"},"canonical":"https:\/\/talkpal.ai\/is\/makedonska-malfraedi-aefingar\/","og_locale":"is_IS","og_type":"article","og_title":"Maked\u00f3nska m\u00e1lfr\u00e6\u00f0i \u00e6fingar","og_description":"Maked\u00f3nsk m\u00e1lfr\u00e6\u00f0i efni Maked\u00f3nska, su\u00f0urslavneskt tungum\u00e1l, er opinbert tungum\u00e1l \u00ed Nor\u00f0ur-Maked\u00f3n\u00edu. \u00dea\u00f0 er tala\u00f0 af yfir tveimur millj\u00f3num manna um","og_url":"https:\/\/talkpal.ai\/is\/makedonska-malfraedi-aefingar\/","og_site_name":"Talkpal","article_publisher":"https:\/\/www.facebook.com\/profile.php?id=100090733639311","article_modified_time":"2025-12-17T16:01:33+00:00","og_image":[{"width":512,"height":512,"url":"https:\/\/talkpal.ai\/wp-content\/uploads\/2023\/05\/republic-of-macedonia.png","type":"image\/png"}],"twitter_card":"summary_large_image","twitter_site":"@talkpalai","twitter_misc":{"Est. reading time":"3 minutes"},"schema":{"@context":"https:\/\/schema.org","@graph":[{"@type":"WebPage","@id":"https:\/\/talkpal.ai\/is\/makedonska-malfraedi-aefingar\/","url":"https:\/\/talkpal.ai\/is\/makedonska-malfraedi-aefingar\/","name":"Maked\u00f3nska m\u00e1lfr\u00e6\u00f0i \u00e6fingar - Talkpal","isPartOf":{"@id":"https:\/\/talkpal.ai\/is\/#website"},"primaryImageOfPage":{"@id":"https:\/\/talkpal.ai\/is\/makedonska-malfraedi-aefingar\/#primaryimage"},"image":{"@id":"https:\/\/talkpal.ai\/is\/makedonska-malfraedi-aefingar\/#primaryimage"},"thumbnailUrl":"https:\/\/talkpal.ai\/wp-content\/uploads\/2023\/05\/republic-of-macedonia.png","datePublished":"2023-06-22T08:24:14+00:00","dateModified":"2025-12-17T16:01:33+00:00","description":"N\u00e1\u00f0u t\u00f6kum \u00e1 maked\u00f3nsku m\u00e1lfr\u00e6\u00f0i me\u00f0 gagnvirkum maked\u00f3nsku m\u00e1lfr\u00e6\u00f0i\u00e6fingum fr\u00e1 Talkpal , tungum\u00e1lakennaranum \u00fe\u00ednum sem byggir \u00e1 gervigreind.","breadcrumb":{"@id":"https:\/\/talkpal.ai\/is\/makedonska-malfraedi-aefingar\/#breadcrumb"},"inLanguage":"is","potentialAction":[{"@type":"ReadAction","target":["https:\/\/talkpal.ai\/is\/makedonska-malfraedi-aefingar\/"]}]},{"@type":"ImageObject","inLanguage":"is","@id":"https:\/\/talkpal.ai\/is\/makedonska-malfraedi-aefingar\/#primaryimage","url":"https:\/\/talkpal.ai\/wp-content\/uploads\/2023\/05\/republic-of-macedonia.png","contentUrl":"https:\/\/talkpal.ai\/wp-content\/uploads\/2023\/05\/republic-of-macedonia.png","width":512,"height":512},{"@type":"BreadcrumbList","@id":"https:\/\/talkpal.ai\/is\/makedonska-malfraedi-aefingar\/#breadcrumb","itemListElement":[{"@type":"ListItem","position":1,"name":"Homepage","item":"https:\/\/talkpal.ai\/is\/"},{"@type":"ListItem","position":2,"name":"Maked\u00f3nska m\u00e1lfr\u00e6\u00f0i \u00e6fingar"}]},{"@type":"WebSite","@id":"https:\/\/talkpal.ai\/is\/#website","url":"https:\/\/talkpal.ai\/is\/","name":"Talkpal","description":"AI Language Learning","publisher":{"@id":"https:\/\/talkpal.ai\/is\/#organization"},"alternateName":"Talkpal AI","potentialAction":[{"@type":"SearchAction","target":{"@type":"EntryPoint","urlTemplate":"https:\/\/talkpal.ai\/is\/?s={search_term_string}"},"query-input":{"@type":"PropertyValueSpecification","valueRequired":true,"valueName":"search_term_string"}}],"inLanguage":"is"},{"@type":"Organization","@id":"https:\/\/talkpal.ai\/is\/#organization","name":"Talkpal, Inc.","alternateName":"Talkpal AI","url":"https:\/\/talkpal.ai\/is\/","logo":{"@type":"ImageObject","inLanguage":"is","@id":"https:\/\/talkpal.ai\/is\/#\/schema\/logo\/image\/","url":"https:\/\/talkpal.ai\/wp-content\/uploads\/2024\/03\/Talkpal-Logo-Icon.png","contentUrl":"https:\/\/talkpal.ai\/wp-content\/uploads\/2024\/03\/Talkpal-Logo-Icon.png","width":2880,"height":2880,"caption":"Talkpal, Inc."},"image":{"@id":"https:\/\/talkpal.ai\/is\/#\/schema\/logo\/image\/"},"sameAs":["https:\/\/www.facebook.com\/profile.php?id=100090733639311","https:\/\/x.com\/talkpalai","https:\/\/www.linkedin.com\/company\/talkpal\/","https:\/\/www.youtube.com\/@TalkPal\/","https:\/\/www.tiktok.com\/@talkpal","https:\/\/www.instagram.com\/talkpal_ai\/","https:\/\/www.crunchbase.com\/organization\/talkpal-9cde","https:\/\/www.g2.com\/products\/talkpal-for-business\/","https:\/\/www.trustpilot.com\/review\/talkpal.ai","https:\/\/www.capterra.com\/p\/10006800\/TalkPal\/"],"description":"Talkpal is a language learning web and mobile education app, powered by the latest AI technologies, that provides engaging experiences to its customers in many different languages to help them improve their language skills. Users can chat about unlimited amount of topics with the app and use other modes to practice their language learning.","email":"support@talkpal.ai","legalName":"Talkpal, Inc.","foundingDate":"2023-04-03","duns":"118989042","numberOfEmployees":{"@type":"QuantitativeValue","minValue":"11","maxValue":"50"},"publishingPrinciples":"https:\/\/talkpal.ai\/publishing-principles\/","actionableFeedbackPolicy":"https:\/\/talkpal.ai\/actionable-feedback-policy\/","correctionsPolicy":"https:\/\/talkpal.ai\/corrections-policy\/","ethicsPolicy":"https:\/\/talkpal.ai\/ethics-policy\/","diversityPolicy":"https:\/\/talkpal.ai\/diversity-policy\/","diversityStaffingReport":"https:\/\/talkpal.ai\/diversity-policy\/"}]}},"_links":{"self":[{"href":"https:\/\/talkpal.ai\/is\/wp-json\/wp\/v2\/pages\/159910","targetHints":{"allow":["GET"]}}],"collection":[{"href":"https:\/\/talkpal.ai\/is\/wp-json\/wp\/v2\/pages"}],"about":[{"href":"https:\/\/talkpal.ai\/is\/wp-json\/wp\/v2\/types\/page"}],"author":[{"embeddable":true,"href":"https:\/\/talkpal.ai\/is\/wp-json\/wp\/v2\/users\/6"}],"replies":[{"embeddable":true,"href":"https:\/\/talkpal.ai\/is\/wp-json\/wp\/v2\/comments?post=159910"}],"version-history":[{"count":0,"href":"https:\/\/talkpal.ai\/is\/wp-json\/wp\/v2\/pages\/159910\/revisions"}],"wp:featuredmedia":[{"embeddable":true,"href":"https:\/\/talkpal.ai\/is\/wp-json\/wp\/v2\/media\/115445"}],"wp:attachment":[{"href":"https:\/\/talkpal.ai\/is\/wp-json\/wp\/v2\/media?parent=159910"}],"curies":[{"name":"wp","href":"https:\/\/api.w.org\/{rel}","templated":true}]}}