{"id":159634,"date":"2023-06-22T08:29:59","date_gmt":"2023-06-22T08:29:59","guid":{"rendered":"http:\/\/talkpal.ai\/malay-malfraedi-aefingar\/"},"modified":"2025-12-17T15:23:06","modified_gmt":"2025-12-17T15:23:06","slug":"malay-malfraedi-aefingar","status":"publish","type":"page","link":"https:\/\/talkpal.ai\/is\/malay-malfraedi-aefingar\/","title":{"rendered":"Malay M\u00e1lfr\u00e6\u00f0i \u00c6fingar"},"content":{"rendered":"\r\n\r\n\r\n<section class=\"languageChallengeSection\">\r\n    <div class=\"languageInfoWrapper\">\r\n        \r\n        <h1>Malay M\u00e1lfr\u00e6\u00f0i \u00c6fingar<\/h1>\r\n        <p>Tilb\u00fainn\/n a\u00f0 l\u00e6ra mala\u00edska betur? A\u00f0 \u00e6fa m\u00e1lfr\u00e6\u00f0i\u00e6fingar er fr\u00e1b\u00e6r lei\u00f0 til a\u00f0 n\u00e1 t\u00f6kum \u00e1 setningager\u00f0, sagnor\u00f0um og einst\u00f6kum eiginleikum tungum\u00e1lsins. Byrja\u00f0u a\u00f0 kanna mala\u00edska <a href=\"https:\/\/talkpal.ai\/grammar\/\">m\u00e1lfr\u00e6\u00f0i<\/a> \u00ed dag og sj\u00e1\u00f0u f\u00e6rni \u00fe\u00edna og sj\u00e1lfstraust vaxa me\u00f0 hverri \u00e6fingu.<\/p>\r\n\r\n                            <a class=\"getStartedHidden\" href=\"https:\/\/app.talkpal.ai\/signup?lng=\">Byrja\u00f0u<\/a>\r\n        \r\n    <\/div>\r\n\r\n    <figure>\r\n    <img decoding=\"async\" width=\"768\" height=\"768\" src=\"https:\/\/talkpal.ai\/wp-content\/uploads\/2023\/06\/malay-768x768.png\" class=\"languageImage no-lazy\" alt=\"Language learning for personal accomplishments\" fetchpriority=\"high\" sizes=\"(max-width: 768px) 150px, 768px\" srcset=\"https:\/\/talkpal.ai\/wp-content\/uploads\/2023\/06\/malay-768x768.png 768w, https:\/\/talkpal.ai\/wp-content\/uploads\/2023\/06\/malay-300x300.png 300w\" \/>\r\n    \r\n\r\n    <\/figure>\r\n\r\n            <a class=\"getStartedVisible\" href=\"https:\/\/app.talkpal.ai\/signup?lng=\">Byrja\u00f0u<\/a>\r\n    \r\n<\/section>\r\n\r\n\r\n<!-- <section class=\"grammarSection\">\r\n    <div class=\"grammarLinks\">\r\n            <\/div>\r\n<\/section> -->\r\n\r\n\r\n\r\n\r\n<section class=\"promotionalBanner\">\r\n    <p class=\"promotionalText\">Skilvirkasta lei\u00f0in til a\u00f0 l\u00e6ra tungum\u00e1l<\/p>\r\n    <a class=\"promotionalLink\" href=\"https:\/\/app.talkpal.ai\/signup?lng=\">Pr\u00f3fa\u00f0u Talkpal \u00f3keypis<\/a>\r\n<\/section>\n<div class=\"wp-block-group pageContainerStyle\"><div class=\"wp-block-group__inner-container is-layout-constrained wp-block-group-is-layout-constrained\">\n<h2 class=\"wp-block-heading\" id=\"h-malay-grammar-topics\">Malay Grammar Topics<\/h2>\n\n\n\n<p>A\u00f0 l\u00e6ra mala\u00edska tungum\u00e1li\u00f0 getur veri\u00f0 au\u00f0gandi reynsla og opna\u00f0 t\u00e6kif\u00e6ri til a\u00f0 skilja r\u00edkan menningararf Malas\u00edu, Ind\u00f3nes\u00edu og n\u00e1grannalandanna. Tungum\u00e1li\u00f0 tilheyrir \u00e1str\u00f3nes\u00edsku fj\u00f6lskyldunni og er tala\u00f0 af millj\u00f3num manna um alla Su\u00f0austur-As\u00edu. <a href=\"https:\/\/talkpal.ai\/grammar\/\">M\u00e1lfr\u00e6\u00f0i<\/a> \u00feess er tilt\u00f6lulega einf\u00f6ld mi\u00f0a\u00f0 vi\u00f0 m\u00f6rg evr\u00f3psk tungum\u00e1l, sem gerir \u00fea\u00f0 a\u00f0 a\u00f0la\u00f0andi vali fyrir tungum\u00e1lanemendur. \u00c1\u00f0ur en fari\u00f0 er a\u00f0 kafa ofan \u00ed hina \u00fdmsu \u00fe\u00e6tti malas\u00edska m\u00e1lfr\u00e6\u00f0i er nau\u00f0synlegt a\u00f0 kynna s\u00e9r grunneiningarnar sem mynda tungum\u00e1li\u00f0. \u00cd \u00feessari handb\u00f3k munum vi\u00f0 kanna \u00feessi efni \u00ed r\u00f6\u00f0 sem mun hj\u00e1lpa \u00fe\u00e9r a\u00f0 l\u00e6ra tungum\u00e1li\u00f0 \u00e1 \u00e1hrifar\u00edkan h\u00e1tt.<\/p>\n\n\n\n<h3 class=\"wp-block-heading\" id=\"h-1-nouns\">1. Nafnor\u00f0:<\/h3>\n\n\n\n<p>Byrja\u00f0u \u00e1 \u00fev\u00ed a\u00f0 l\u00e6ra mala\u00edsk nafnor\u00f0, or\u00f0in sem t\u00e1kna f\u00f3lk, sta\u00f0i, hluti og hugmyndir. \u00cd mala\u00edsku hafa nafnor\u00f0 ekki kyn e\u00f0a fleirt\u00f6lu eins og \u00e1 m\u00f6rgum \u00f6\u00f0rum tungum\u00e1lum, sem gerir \u00feau einfaldari a\u00f0 l\u00e6ra. Einbeittu \u00fe\u00e9r a\u00f0 \u00fev\u00ed a\u00f0 byggja upp or\u00f0afor\u00f0a \u00feinn me\u00f0 \u00fev\u00ed a\u00f0 leggja algeng nafnor\u00f0 og merkingu \u00feeirra \u00e1 minni\u00f0.<\/p>\n\n\n\n<h3 class=\"wp-block-heading\" id=\"h-2-pronouns-determiners\">2. Forn\u00f6fn\/\u00e1kv\u00f6r\u00f0unaror\u00f0:<\/h3>\n\n\n\n<p>N\u00e6st skaltu l\u00e6ra malaj\u00edsk forn\u00f6fn og \u00e1kvar\u00f0ana, sem eru notu\u00f0 til a\u00f0 v\u00edsa til nafnor\u00f0a. Forn\u00f6fn koma \u00ed sta\u00f0 nafnor\u00f0a \u00ed setningum en \u00e1kvar\u00f0andi veita uppl\u00fdsingar um nafnor\u00f0i\u00f0, svo sem magn e\u00f0a eignarfall. Kynntu \u00fe\u00e9r pers\u00f3nulega forn\u00f6fn (td saya fyrir \u201e\u00e9g\u201c og kamu fyrir \u201e\u00fe\u00fa\u201c) og eignarfalls\u00e1kvar\u00f0anir (td ini fyrir \u201e\u00feetta\u201c og <a href=\"https:\/\/talkpal.ai\/locations\/language-courses-in-itu\/\">itu<\/a> fyrir \u201e\u00fea\u00f0\u201c).<\/p>\n\n\n\n<h3 class=\"wp-block-heading\" id=\"h-3-articles\">3. Greinar:<\/h3>\n\n\n\n<p>\u00d3l\u00edkt ensku hefur mala\u00edska ekki \u00e1kve\u00f0nar e\u00f0a \u00f3\u00e1kve\u00f0nar greinar (td \u201ethe\u201c e\u00f0a \u201ea\/an\u201c). Hins vegar er enn mikilv\u00e6gt a\u00f0 skilja hvernig tungum\u00e1li\u00f0 gefur til kynna s\u00e9rh\u00e6fni og almenni \u00ed setningum.<\/p>\n\n\n\n<h3 class=\"wp-block-heading\" id=\"h-4-verbs\">4. Sagnir:<\/h3>\n\n\n\n<p>Sagnir skipta sk\u00f6pum \u00ed mala\u00edsku \u00fear sem \u00fe\u00e6r tj\u00e1 a\u00f0ger\u00f0ir, \u00e1stand e\u00f0a atvik. L\u00e6r\u00f0u grunn sagnaform og hvernig \u00e1 a\u00f0 samtengja \u00feau eftir spennu, pers\u00f3nu og t\u00f6lu.<\/p>\n\n\n\n<h3 class=\"wp-block-heading\" id=\"h-5-tenses\">5. Spennur:<\/h3>\n\n\n\n<p><a href=\"https:\/\/talkpal.ai\/learn-malay\/\">Malaj\u00edska<\/a> hefur f\u00e6rri spennur en <a href=\"https:\/\/talkpal.ai\/learn-english-with-ai\/\">enska<\/a>, me\u00f0 a\u00f0al\u00e1herslu \u00e1 fort\u00ed\u00f0, n\u00fat\u00ed\u00f0 og framt\u00ed\u00f0ara\u00f0ger\u00f0ir. L\u00e6r\u00f0u hvernig \u00e1 a\u00f0 tj\u00e1 t\u00edma \u00ed mala\u00edsku me\u00f0 \u00fev\u00ed a\u00f0 skilja muninn \u00e1 einf\u00f6ldum, frams\u00e6knum og fullkomnum spennum.<\/p>\n\n\n\n<h3 class=\"wp-block-heading\" id=\"h-6-adjectives\">6. L\u00fdsingaror\u00f0:<\/h3>\n\n\n\n<p>L\u00fdsingaror\u00f0 l\u00fdsa e\u00f0a breyta nafnor\u00f0um og veita frekari uppl\u00fdsingar um eiginleika \u00feeirra e\u00f0a eiginleika. L\u00e6r\u00f0u algeng mala\u00edsk l\u00fdsingaror\u00f0 og hvernig \u00feau breytast \u00ed setningum eftir nafnor\u00f0inu sem \u00feau breyta.<\/p>\n\n\n\n<h3 class=\"wp-block-heading\" id=\"h-7-adverbs\">7. Atviksor\u00f0:<\/h3>\n\n\n\n<p>Atviksor\u00f0 breyta s\u00f6gnum, l\u00fdsingaror\u00f0um e\u00f0a \u00f6\u00f0rum atviksor\u00f0um og veita uppl\u00fdsingar um t\u00edma, h\u00e1tt, sta\u00f0 e\u00f0a gr\u00e1\u00f0u. Rannsaka\u00f0u algeng mala\u00edsk atviksor\u00f0 og sta\u00f0setningu \u00feeirra \u00ed setningum.<\/p>\n\n\n\n<h3 class=\"wp-block-heading\" id=\"h-8-prepositions\">8. Forsetningar:<\/h3>\n\n\n\n<p>Forsetningar eru nota\u00f0ar til a\u00f0 tengja nafnor\u00f0, forn\u00f6fn e\u00f0a or\u00f0asamb\u00f6nd vi\u00f0 \u00f6nnur or\u00f0 \u00ed setningu og s\u00fdna tengsl eins og sta\u00f0setningu, stefnu e\u00f0a t\u00edma. L\u00e6r\u00f0u algengar mala\u00edskar forsetningar og hvernig \u00fe\u00e6r virka \u00ed setningum.<\/p>\n\n\n\n<h3 class=\"wp-block-heading\" id=\"h-9-conditionals\">9. Skilyr\u00f0i:<\/h3>\n\n\n\n<p>Skilyrtar setningar tj\u00e1 \u00edmynda\u00f0ar a\u00f0st\u00e6\u00f0ur e\u00f0a a\u00f0st\u00e6\u00f0ur og m\u00f6gulegar aflei\u00f0ingar \u00feeirra. L\u00e6r\u00f0u hvernig \u00e1 a\u00f0 mynda skilyrtar setningar \u00ed mala\u00edsku me\u00f0 \u00fev\u00ed a\u00f0 nota vi\u00f0eigandi sagnaform og samtengingar.<\/p>\n\n\n\n<h3 class=\"wp-block-heading\" id=\"h-10-sentences\">10. Setningar:<\/h3>\n\n\n\n<p>A\u00f0 lokum skaltu \u00e6fa \u00feig \u00ed a\u00f0 sm\u00ed\u00f0a mala\u00edskar setningar me\u00f0 \u00fev\u00ed a\u00f0 sameina nafnor\u00f0, forn\u00f6fn, sagnir, l\u00fdsingaror\u00f0, atviksor\u00f0 og forsetningar. Skilja grunn setningager\u00f0, svo sem efni-s\u00f6gn-hlut, og \u00e6f\u00f0u \u00feig \u00ed a\u00f0 b\u00faa til fl\u00f3knar setningar me\u00f0 samtengingum og afst\u00e6\u00f0um \u00e1kv\u00e6\u00f0um.<\/p>\n\n\n\n<p>Me\u00f0 \u00fev\u00ed a\u00f0 fylgja \u00feessari r\u00f6\u00f0 og verja t\u00edma til a\u00f0 \u00e6fa hvert efni muntu byggja upp sterkan grunn \u00ed mala\u00edskri m\u00e1lfr\u00e6\u00f0i og vera \u00e1 g\u00f3\u00f0ri lei\u00f0 me\u00f0 a\u00f0 ver\u00f0a vandvirkur tungum\u00e1lam\u00e6landi.<\/p>\n<\/div><\/div>\n\r\n<section class=\"learnNavigationSection\">\r\n            \r\n        <a href=\"https:\/\/talkpal.ai\/is\/laerdu-malaisku\/\">\r\n            <div class=\"learnNavigationWrapper\">\r\n                <div class=\"learnNavigationContent\">\r\n                    <img decoding=\"async\" src=\"https:\/\/talkpal.ai\/wp-content\/uploads\/2024\/08\/Malay.jpg\" alt=\"Malaysian Flag\">\r\n                    <div>\r\n                        <h4>Um Malay Learning<\/h4>\r\n                        <p>Finndu \u00fat allt um mala\u00edska m\u00e1lfr\u00e6\u00f0i.<\/p>\r\n                    <\/div>\r\n                <\/div>\r\n            <\/div>\r\n        <\/a>\r\n\r\n        \r\n        <a href=\"https:\/\/talkpal.ai\/is\/malajisk-malfraedi\/\">\r\n            <div class=\"learnNavigationWrapper\">\r\n                <div class=\"learnNavigationContent\">\r\n                    <img decoding=\"async\" src=\"https:\/\/talkpal.ai\/wp-content\/uploads\/2024\/08\/Malay.jpg\" alt=\"Malaysian Flag\">\r\n                    <div>\r\n                        <h4>Malas\u00edska m\u00e1lfr\u00e6\u00f0ikennsla<\/h4>\r\n                        <p>\u00c6f\u00f0u mala\u00edska m\u00e1lfr\u00e6\u00f0i.<\/p>\r\n                    <\/div>\r\n                <\/div>\r\n            <\/div>\r\n        <\/a>\r\n\r\n        \r\n        <a href=\"https:\/\/talkpal.ai\/vocabulary_language\/malay\/\">\r\n            <div class=\"learnNavigationWrapper\">\r\n                <div class=\"learnNavigationContent\">\r\n                    <img decoding=\"async\" src=\"https:\/\/talkpal.ai\/wp-content\/uploads\/2024\/08\/Malay.jpg\" alt=\"Malaysian Flag\">\r\n                    <div>\r\n                        <h4>Malas\u00edskur or\u00f0afor\u00f0i<\/h4>\r\n                        <p>St\u00e6kka\u00f0u mala\u00edska or\u00f0afor\u00f0a \u00feinn.<\/p>\r\n                    <\/div>\r\n                <\/div>\r\n            <\/div>\r\n        <\/a>\r\n\r\n            <\/section>","protected":false},"excerpt":{"rendered":"<p>Malay Grammar Topics A\u00f0 l\u00e6ra mala\u00edska tungum\u00e1li\u00f0 getur veri\u00f0 au\u00f0gandi reynsla og opna\u00f0 t\u00e6kif\u00e6ri til a\u00f0 skilja r\u00edkan menningararf Malas\u00edu, Ind\u00f3nes\u00edu og n\u00e1grannalandanna. Tungum\u00e1li\u00f0 tilheyrir \u00e1str\u00f3nes\u00edsku fj\u00f6lskyldunni og er tala\u00f0 af millj\u00f3num manna um alla Su\u00f0austur-As\u00edu. M\u00e1lfr\u00e6\u00f0i \u00feess er tilt\u00f6lulega einf\u00f6ld mi\u00f0a\u00f0 vi\u00f0 m\u00f6rg evr\u00f3psk tungum\u00e1l, sem gerir \u00fea\u00f0 a\u00f0 a\u00f0la\u00f0andi vali fyrir tungum\u00e1lanemendur. \u00c1\u00f0ur [&hellip;]<\/p>\n","protected":false},"author":6,"featured_media":115649,"parent":0,"menu_order":0,"comment_status":"closed","ping_status":"closed","template":"LearningContentPage.php","meta":{"_acf_changed":false,"footnotes":""},"class_list":["post-159634","page","type-page","status-publish","has-post-thumbnail","hentry"],"acf":[],"yoast_head":"<!-- This site is optimized with the Yoast SEO Premium plugin v27.2 (Yoast SEO v27.2) - https:\/\/yoast.com\/product\/yoast-seo-premium-wordpress\/ -->\n<title>Malay M\u00e1lfr\u00e6\u00f0i \u00c6fingar - Talkpal<\/title>\n<meta name=\"description\" content=\"B\u00e6ttu tungum\u00e1lakunn\u00e1ttu \u00fe\u00edna me\u00f0 m\u00e1lfr\u00e6\u00f0i\u00e6fingum \u00ed mala\u00edsku. L\u00e6r\u00f0u grunnatri\u00f0in til a\u00f0 skilja mala\u00edska tungum\u00e1li\u00f0 betur.\" \/>\n<meta name=\"robots\" content=\"index, follow, max-snippet:-1, max-image-preview:large, max-video-preview:-1\" \/>\n<link rel=\"canonical\" href=\"https:\/\/talkpal.ai\/is\/malay-malfraedi-aefingar\/\" \/>\n<meta property=\"og:locale\" content=\"is_IS\" \/>\n<meta property=\"og:type\" content=\"article\" \/>\n<meta property=\"og:title\" content=\"Malay M\u00e1lfr\u00e6\u00f0i \u00c6fingar\" \/>\n<meta property=\"og:description\" content=\"Malay Grammar Topics A\u00f0 l\u00e6ra mala\u00edska tungum\u00e1li\u00f0 getur veri\u00f0 au\u00f0gandi reynsla og opna\u00f0 t\u00e6kif\u00e6ri til a\u00f0 skilja r\u00edkan menningararf Malas\u00edu, Ind\u00f3nes\u00edu og\" \/>\n<meta property=\"og:url\" content=\"https:\/\/talkpal.ai\/is\/malay-malfraedi-aefingar\/\" \/>\n<meta property=\"og:site_name\" content=\"Talkpal\" \/>\n<meta property=\"article:publisher\" content=\"https:\/\/www.facebook.com\/profile.php?id=100090733639311\" \/>\n<meta property=\"article:modified_time\" content=\"2025-12-17T15:23:06+00:00\" \/>\n<meta property=\"og:image\" content=\"https:\/\/talkpal.ai\/wp-content\/uploads\/2023\/05\/malaysia.png\" \/>\n\t<meta property=\"og:image:width\" content=\"512\" \/>\n\t<meta property=\"og:image:height\" content=\"512\" \/>\n\t<meta property=\"og:image:type\" content=\"image\/png\" \/>\n<meta name=\"twitter:card\" content=\"summary_large_image\" \/>\n<meta name=\"twitter:site\" content=\"@talkpalai\" \/>\n<meta name=\"twitter:label1\" content=\"Est. reading time\" \/>\n\t<meta name=\"twitter:data1\" content=\"3 minutes\" \/>\n<script type=\"application\/ld+json\" class=\"yoast-schema-graph\">{\"@context\":\"https:\/\/schema.org\",\"@graph\":[{\"@type\":\"WebPage\",\"@id\":\"https:\/\/talkpal.ai\/is\/malay-malfraedi-aefingar\/\",\"url\":\"https:\/\/talkpal.ai\/is\/malay-malfraedi-aefingar\/\",\"name\":\"Malay M\u00e1lfr\u00e6\u00f0i \u00c6fingar - Talkpal\",\"isPartOf\":{\"@id\":\"https:\/\/talkpal.ai\/is\/#website\"},\"primaryImageOfPage\":{\"@id\":\"https:\/\/talkpal.ai\/is\/malay-malfraedi-aefingar\/#primaryimage\"},\"image\":{\"@id\":\"https:\/\/talkpal.ai\/is\/malay-malfraedi-aefingar\/#primaryimage\"},\"thumbnailUrl\":\"https:\/\/talkpal.ai\/wp-content\/uploads\/2023\/05\/malaysia.png\",\"datePublished\":\"2023-06-22T08:29:59+00:00\",\"dateModified\":\"2025-12-17T15:23:06+00:00\",\"description\":\"B\u00e6ttu tungum\u00e1lakunn\u00e1ttu \u00fe\u00edna me\u00f0 m\u00e1lfr\u00e6\u00f0i\u00e6fingum \u00ed mala\u00edsku. L\u00e6r\u00f0u grunnatri\u00f0in til a\u00f0 skilja mala\u00edska tungum\u00e1li\u00f0 betur.\",\"breadcrumb\":{\"@id\":\"https:\/\/talkpal.ai\/is\/malay-malfraedi-aefingar\/#breadcrumb\"},\"inLanguage\":\"is\",\"potentialAction\":[{\"@type\":\"ReadAction\",\"target\":[\"https:\/\/talkpal.ai\/is\/malay-malfraedi-aefingar\/\"]}]},{\"@type\":\"ImageObject\",\"inLanguage\":\"is\",\"@id\":\"https:\/\/talkpal.ai\/is\/malay-malfraedi-aefingar\/#primaryimage\",\"url\":\"https:\/\/talkpal.ai\/wp-content\/uploads\/2023\/05\/malaysia.png\",\"contentUrl\":\"https:\/\/talkpal.ai\/wp-content\/uploads\/2023\/05\/malaysia.png\",\"width\":512,\"height\":512},{\"@type\":\"BreadcrumbList\",\"@id\":\"https:\/\/talkpal.ai\/is\/malay-malfraedi-aefingar\/#breadcrumb\",\"itemListElement\":[{\"@type\":\"ListItem\",\"position\":1,\"name\":\"Homepage\",\"item\":\"https:\/\/talkpal.ai\/is\/\"},{\"@type\":\"ListItem\",\"position\":2,\"name\":\"Malay M\u00e1lfr\u00e6\u00f0i \u00c6fingar\"}]},{\"@type\":\"WebSite\",\"@id\":\"https:\/\/talkpal.ai\/is\/#website\",\"url\":\"https:\/\/talkpal.ai\/is\/\",\"name\":\"Talkpal\",\"description\":\"AI Language Learning\",\"publisher\":{\"@id\":\"https:\/\/talkpal.ai\/is\/#organization\"},\"alternateName\":\"Talkpal AI\",\"potentialAction\":[{\"@type\":\"SearchAction\",\"target\":{\"@type\":\"EntryPoint\",\"urlTemplate\":\"https:\/\/talkpal.ai\/is\/?s={search_term_string}\"},\"query-input\":{\"@type\":\"PropertyValueSpecification\",\"valueRequired\":true,\"valueName\":\"search_term_string\"}}],\"inLanguage\":\"is\"},{\"@type\":\"Organization\",\"@id\":\"https:\/\/talkpal.ai\/is\/#organization\",\"name\":\"Talkpal, Inc.\",\"alternateName\":\"Talkpal AI\",\"url\":\"https:\/\/talkpal.ai\/is\/\",\"logo\":{\"@type\":\"ImageObject\",\"inLanguage\":\"is\",\"@id\":\"https:\/\/talkpal.ai\/is\/#\/schema\/logo\/image\/\",\"url\":\"https:\/\/talkpal.ai\/wp-content\/uploads\/2024\/03\/Talkpal-Logo-Icon.png\",\"contentUrl\":\"https:\/\/talkpal.ai\/wp-content\/uploads\/2024\/03\/Talkpal-Logo-Icon.png\",\"width\":2880,\"height\":2880,\"caption\":\"Talkpal, Inc.\"},\"image\":{\"@id\":\"https:\/\/talkpal.ai\/is\/#\/schema\/logo\/image\/\"},\"sameAs\":[\"https:\/\/www.facebook.com\/profile.php?id=100090733639311\",\"https:\/\/x.com\/talkpalai\",\"https:\/\/www.linkedin.com\/company\/talkpal\/\",\"https:\/\/www.youtube.com\/@TalkPal\/\",\"https:\/\/www.tiktok.com\/@talkpal\",\"https:\/\/www.instagram.com\/talkpal_ai\/\",\"https:\/\/www.crunchbase.com\/organization\/talkpal-9cde\",\"https:\/\/www.g2.com\/products\/talkpal-for-business\/\",\"https:\/\/www.trustpilot.com\/review\/talkpal.ai\",\"https:\/\/www.capterra.com\/p\/10006800\/TalkPal\/\"],\"description\":\"Talkpal is a language learning web and mobile education app, powered by the latest AI technologies, that provides engaging experiences to its customers in many different languages to help them improve their language skills. Users can chat about unlimited amount of topics with the app and use other modes to practice their language learning.\",\"email\":\"support@talkpal.ai\",\"legalName\":\"Talkpal, Inc.\",\"foundingDate\":\"2023-04-03\",\"duns\":\"118989042\",\"numberOfEmployees\":{\"@type\":\"QuantitativeValue\",\"minValue\":\"11\",\"maxValue\":\"50\"},\"publishingPrinciples\":\"https:\/\/talkpal.ai\/publishing-principles\/\",\"actionableFeedbackPolicy\":\"https:\/\/talkpal.ai\/actionable-feedback-policy\/\",\"correctionsPolicy\":\"https:\/\/talkpal.ai\/corrections-policy\/\",\"ethicsPolicy\":\"https:\/\/talkpal.ai\/ethics-policy\/\",\"diversityPolicy\":\"https:\/\/talkpal.ai\/diversity-policy\/\",\"diversityStaffingReport\":\"https:\/\/talkpal.ai\/diversity-policy\/\"}]}<\/script>\n<!-- \/ Yoast SEO Premium plugin. -->","yoast_head_json":{"title":"Malay M\u00e1lfr\u00e6\u00f0i \u00c6fingar - Talkpal","description":"B\u00e6ttu tungum\u00e1lakunn\u00e1ttu \u00fe\u00edna me\u00f0 m\u00e1lfr\u00e6\u00f0i\u00e6fingum \u00ed mala\u00edsku. L\u00e6r\u00f0u grunnatri\u00f0in til a\u00f0 skilja mala\u00edska tungum\u00e1li\u00f0 betur.","robots":{"index":"index","follow":"follow","max-snippet":"max-snippet:-1","max-image-preview":"max-image-preview:large","max-video-preview":"max-video-preview:-1"},"canonical":"https:\/\/talkpal.ai\/is\/malay-malfraedi-aefingar\/","og_locale":"is_IS","og_type":"article","og_title":"Malay M\u00e1lfr\u00e6\u00f0i \u00c6fingar","og_description":"Malay Grammar Topics A\u00f0 l\u00e6ra mala\u00edska tungum\u00e1li\u00f0 getur veri\u00f0 au\u00f0gandi reynsla og opna\u00f0 t\u00e6kif\u00e6ri til a\u00f0 skilja r\u00edkan menningararf Malas\u00edu, Ind\u00f3nes\u00edu og","og_url":"https:\/\/talkpal.ai\/is\/malay-malfraedi-aefingar\/","og_site_name":"Talkpal","article_publisher":"https:\/\/www.facebook.com\/profile.php?id=100090733639311","article_modified_time":"2025-12-17T15:23:06+00:00","og_image":[{"width":512,"height":512,"url":"https:\/\/talkpal.ai\/wp-content\/uploads\/2023\/05\/malaysia.png","type":"image\/png"}],"twitter_card":"summary_large_image","twitter_site":"@talkpalai","twitter_misc":{"Est. reading time":"3 minutes"},"schema":{"@context":"https:\/\/schema.org","@graph":[{"@type":"WebPage","@id":"https:\/\/talkpal.ai\/is\/malay-malfraedi-aefingar\/","url":"https:\/\/talkpal.ai\/is\/malay-malfraedi-aefingar\/","name":"Malay M\u00e1lfr\u00e6\u00f0i \u00c6fingar - Talkpal","isPartOf":{"@id":"https:\/\/talkpal.ai\/is\/#website"},"primaryImageOfPage":{"@id":"https:\/\/talkpal.ai\/is\/malay-malfraedi-aefingar\/#primaryimage"},"image":{"@id":"https:\/\/talkpal.ai\/is\/malay-malfraedi-aefingar\/#primaryimage"},"thumbnailUrl":"https:\/\/talkpal.ai\/wp-content\/uploads\/2023\/05\/malaysia.png","datePublished":"2023-06-22T08:29:59+00:00","dateModified":"2025-12-17T15:23:06+00:00","description":"B\u00e6ttu tungum\u00e1lakunn\u00e1ttu \u00fe\u00edna me\u00f0 m\u00e1lfr\u00e6\u00f0i\u00e6fingum \u00ed mala\u00edsku. L\u00e6r\u00f0u grunnatri\u00f0in til a\u00f0 skilja mala\u00edska tungum\u00e1li\u00f0 betur.","breadcrumb":{"@id":"https:\/\/talkpal.ai\/is\/malay-malfraedi-aefingar\/#breadcrumb"},"inLanguage":"is","potentialAction":[{"@type":"ReadAction","target":["https:\/\/talkpal.ai\/is\/malay-malfraedi-aefingar\/"]}]},{"@type":"ImageObject","inLanguage":"is","@id":"https:\/\/talkpal.ai\/is\/malay-malfraedi-aefingar\/#primaryimage","url":"https:\/\/talkpal.ai\/wp-content\/uploads\/2023\/05\/malaysia.png","contentUrl":"https:\/\/talkpal.ai\/wp-content\/uploads\/2023\/05\/malaysia.png","width":512,"height":512},{"@type":"BreadcrumbList","@id":"https:\/\/talkpal.ai\/is\/malay-malfraedi-aefingar\/#breadcrumb","itemListElement":[{"@type":"ListItem","position":1,"name":"Homepage","item":"https:\/\/talkpal.ai\/is\/"},{"@type":"ListItem","position":2,"name":"Malay M\u00e1lfr\u00e6\u00f0i \u00c6fingar"}]},{"@type":"WebSite","@id":"https:\/\/talkpal.ai\/is\/#website","url":"https:\/\/talkpal.ai\/is\/","name":"Talkpal","description":"AI Language Learning","publisher":{"@id":"https:\/\/talkpal.ai\/is\/#organization"},"alternateName":"Talkpal AI","potentialAction":[{"@type":"SearchAction","target":{"@type":"EntryPoint","urlTemplate":"https:\/\/talkpal.ai\/is\/?s={search_term_string}"},"query-input":{"@type":"PropertyValueSpecification","valueRequired":true,"valueName":"search_term_string"}}],"inLanguage":"is"},{"@type":"Organization","@id":"https:\/\/talkpal.ai\/is\/#organization","name":"Talkpal, Inc.","alternateName":"Talkpal AI","url":"https:\/\/talkpal.ai\/is\/","logo":{"@type":"ImageObject","inLanguage":"is","@id":"https:\/\/talkpal.ai\/is\/#\/schema\/logo\/image\/","url":"https:\/\/talkpal.ai\/wp-content\/uploads\/2024\/03\/Talkpal-Logo-Icon.png","contentUrl":"https:\/\/talkpal.ai\/wp-content\/uploads\/2024\/03\/Talkpal-Logo-Icon.png","width":2880,"height":2880,"caption":"Talkpal, Inc."},"image":{"@id":"https:\/\/talkpal.ai\/is\/#\/schema\/logo\/image\/"},"sameAs":["https:\/\/www.facebook.com\/profile.php?id=100090733639311","https:\/\/x.com\/talkpalai","https:\/\/www.linkedin.com\/company\/talkpal\/","https:\/\/www.youtube.com\/@TalkPal\/","https:\/\/www.tiktok.com\/@talkpal","https:\/\/www.instagram.com\/talkpal_ai\/","https:\/\/www.crunchbase.com\/organization\/talkpal-9cde","https:\/\/www.g2.com\/products\/talkpal-for-business\/","https:\/\/www.trustpilot.com\/review\/talkpal.ai","https:\/\/www.capterra.com\/p\/10006800\/TalkPal\/"],"description":"Talkpal is a language learning web and mobile education app, powered by the latest AI technologies, that provides engaging experiences to its customers in many different languages to help them improve their language skills. Users can chat about unlimited amount of topics with the app and use other modes to practice their language learning.","email":"support@talkpal.ai","legalName":"Talkpal, Inc.","foundingDate":"2023-04-03","duns":"118989042","numberOfEmployees":{"@type":"QuantitativeValue","minValue":"11","maxValue":"50"},"publishingPrinciples":"https:\/\/talkpal.ai\/publishing-principles\/","actionableFeedbackPolicy":"https:\/\/talkpal.ai\/actionable-feedback-policy\/","correctionsPolicy":"https:\/\/talkpal.ai\/corrections-policy\/","ethicsPolicy":"https:\/\/talkpal.ai\/ethics-policy\/","diversityPolicy":"https:\/\/talkpal.ai\/diversity-policy\/","diversityStaffingReport":"https:\/\/talkpal.ai\/diversity-policy\/"}]}},"_links":{"self":[{"href":"https:\/\/talkpal.ai\/is\/wp-json\/wp\/v2\/pages\/159634","targetHints":{"allow":["GET"]}}],"collection":[{"href":"https:\/\/talkpal.ai\/is\/wp-json\/wp\/v2\/pages"}],"about":[{"href":"https:\/\/talkpal.ai\/is\/wp-json\/wp\/v2\/types\/page"}],"author":[{"embeddable":true,"href":"https:\/\/talkpal.ai\/is\/wp-json\/wp\/v2\/users\/6"}],"replies":[{"embeddable":true,"href":"https:\/\/talkpal.ai\/is\/wp-json\/wp\/v2\/comments?post=159634"}],"version-history":[{"count":0,"href":"https:\/\/talkpal.ai\/is\/wp-json\/wp\/v2\/pages\/159634\/revisions"}],"wp:featuredmedia":[{"embeddable":true,"href":"https:\/\/talkpal.ai\/is\/wp-json\/wp\/v2\/media\/115649"}],"wp:attachment":[{"href":"https:\/\/talkpal.ai\/is\/wp-json\/wp\/v2\/media?parent=159634"}],"curies":[{"name":"wp","href":"https:\/\/api.w.org\/{rel}","templated":true}]}}