{"id":159357,"date":"2023-06-22T08:37:16","date_gmt":"2023-06-22T08:37:16","guid":{"rendered":"http:\/\/talkpal.ai\/marathi-malfraedi-aefingar\/"},"modified":"2025-12-17T15:25:13","modified_gmt":"2025-12-17T15:25:13","slug":"marathi-malfraedi-aefingar","status":"publish","type":"page","link":"https:\/\/talkpal.ai\/is\/marathi-malfraedi-aefingar\/","title":{"rendered":"Marathi M\u00e1lfr\u00e6\u00f0i \u00c6fingar"},"content":{"rendered":"\r\n\r\n\r\n<section class=\"languageChallengeSection\">\r\n    <div class=\"languageInfoWrapper\">\r\n        \r\n        <h1>Marathi M\u00e1lfr\u00e6\u00f0i \u00c6fingar<\/h1>\r\n        <p>Tilb\u00fainn\/n a\u00f0 styrkja marat\u00ed-kunn\u00e1ttu \u00fe\u00edna? A\u00f0 \u00e6fa m\u00e1lfr\u00e6\u00f0i\u00e6fingar er fr\u00e1b\u00e6r lei\u00f0 til a\u00f0 n\u00e1 t\u00f6kum \u00e1 setningager\u00f0, sagnor\u00f0um og helstu m\u00e1lfr\u00e6\u00f0imynstrum tungum\u00e1lsins. Byrja\u00f0u a\u00f0 sko\u00f0a <a href=\"https:\/\/talkpal.ai\/grammar\/\">m\u00e1lfr\u00e6\u00f0i<\/a> marat\u00ed \u00ed dag og horf\u00f0u \u00e1 sj\u00e1lfstraust \u00feitt og f\u00e6rni vaxa me\u00f0 hverri \u00e6fingu!<\/p>\r\n\r\n                            <a class=\"getStartedHidden\" href=\"https:\/\/app.talkpal.ai\/signup?lng=\">Byrja\u00f0u<\/a>\r\n        \r\n    <\/div>\r\n\r\n    <figure>\r\n    <img decoding=\"async\" width=\"768\" height=\"768\" src=\"https:\/\/talkpal.ai\/wp-content\/uploads\/2023\/06\/marathi-768x768.png\" class=\"languageImage no-lazy\" alt=\"Fun ways to make language learning interesting\" fetchpriority=\"high\" sizes=\"(max-width: 768px) 150px, 768px\" srcset=\"https:\/\/talkpal.ai\/wp-content\/uploads\/2023\/06\/marathi-768x768.png 768w, https:\/\/talkpal.ai\/wp-content\/uploads\/2023\/06\/marathi-300x300.png 300w\" \/>\r\n    \r\n\r\n    <\/figure>\r\n\r\n            <a class=\"getStartedVisible\" href=\"https:\/\/app.talkpal.ai\/signup?lng=\">Byrja\u00f0u<\/a>\r\n    \r\n<\/section>\r\n\r\n\r\n<!-- <section class=\"grammarSection\">\r\n    <div class=\"grammarLinks\">\r\n            <\/div>\r\n<\/section> -->\r\n\r\n\r\n\r\n\r\n<section class=\"promotionalBanner\">\r\n    <p class=\"promotionalText\">Skilvirkasta lei\u00f0in til a\u00f0 l\u00e6ra tungum\u00e1l<\/p>\r\n    <a class=\"promotionalLink\" href=\"https:\/\/app.talkpal.ai\/signup?lng=\">Pr\u00f3fa\u00f0u Talkpal \u00f3keypis<\/a>\r\n<\/section>\n<div class=\"wp-block-group pageContainerStyle\"><div class=\"wp-block-group__inner-container is-layout-constrained wp-block-group-is-layout-constrained\">\n<h2 class=\"wp-block-heading\" id=\"h-marathi-grammar-topics\">Marathi M\u00e1lfr\u00e6\u00f0i Topics<\/h2>\n\n\n\n<p><a href=\"https:\/\/talkpal.ai\/learn-marathi\/\">Marathi<\/a>, ind\u00f3ar\u00edskt tungum\u00e1l, er a\u00f0allega tala\u00f0 \u00ed indverska r\u00edkinu Maharashtra og er opinbert tungum\u00e1l sv\u00e6\u00f0isins. A\u00f0 l\u00e6ra Marathi getur veri\u00f0 au\u00f0gandi reynsla \u00fear sem \u00fea\u00f0 opnar dyr a\u00f0 r\u00edkri menningu, s\u00f6gu og b\u00f3kmenntum. Til a\u00f0 l\u00e6ra marathi \u00e1 \u00e1hrifar\u00edkan h\u00e1tt er mikilv\u00e6gt <a href=\"https:\/\/talkpal.ai\/culture\/what-is-the-verb-ad-hafa-and-when-is-it-used\/\">a\u00f0 hafa<\/a> skipulag\u00f0a n\u00e1lgun sem beinist a\u00f0 \u00fdmsum \u00fe\u00e1ttum tungum\u00e1lsins, svo sem <a href=\"https:\/\/talkpal.ai\/grammar\/\">m\u00e1lfr\u00e6\u00f0i<\/a>, or\u00f0afor\u00f0a og frambur\u00f0i. \u00deessi grein mun lei\u00f0a \u00feig \u00ed gegnum r\u00f6\u00f0ina vi\u00f0 a\u00f0 l\u00e6ra Marathi m\u00e1lfr\u00e6\u00f0iefni, <a href=\"https:\/\/talkpal.ai\/ko\/ai-%ec%96%b8%ec%96%b4-%ea%b5%90%ec%82%ac\/\">byrja<\/a> \u00e1 t\u00ed\u00f0um, s\u00f6gnum, nafnor\u00f0um og fara yfir \u00ed fullkomnari hugt\u00f6k eins og skilyrt og forsetningar.<\/p>\n\n\n\n<h3 class=\"wp-block-heading\" id=\"h-1-tenses\">1. Spennur:<\/h3>\n\n\n\n<p>Spennur eru bur\u00f0ar\u00e1s hvers tungum\u00e1ls, \u00fear sem \u00fe\u00e6r hj\u00e1lpa til vi\u00f0 a\u00f0 tj\u00e1 a\u00f0ger\u00f0ir e\u00f0a \u00e1stand \u00ed tengslum vi\u00f0 t\u00edma. \u00cd Marathi eru \u00ferj\u00e1r grunnspennur &#8211; fort\u00ed\u00f0, n\u00fat\u00ed\u00f0 og framt\u00ed\u00f0. Hver spenna hefur mismunandi form eftir tegund a\u00f0ger\u00f0a (einf\u00f6ld, samfelld, fullkomin e\u00f0a fullkomin samfelld). Byrja\u00f0u \u00e1 \u00fev\u00ed a\u00f0 l\u00e6ra einf\u00f6ldu spennurnar og far\u00f0u s\u00ed\u00f0an yfir \u00ed \u00fe\u00e6r fl\u00f3knari.<\/p>\n\n\n\n<h3 class=\"wp-block-heading\" id=\"h-2-tense-comparison\">2. Spenntur samanbur\u00f0ur:<\/h3>\n\n\n\n<p>Eftir a\u00f0 hafa skili\u00f0 grunnatri\u00f0in er mikilv\u00e6gt a\u00f0 l\u00e6ra hvernig \u00e1 a\u00f0 bera \u00feau saman. Spenntur samanbur\u00f0ur gerir \u00fe\u00e9r kleift a\u00f0 <a href=\"https:\/\/talkpal.ai\/locations\/language-courses-in-tala\/\">tala<\/a> um margar a\u00f0ger\u00f0ir e\u00f0a atbur\u00f0i sem eiga s\u00e9r sta\u00f0 samt\u00edmis e\u00f0a \u00e1 mismunandi t\u00edmaramma. \u00deetta hj\u00e1lpar til vi\u00f0 a\u00f0 mynda fl\u00f3knar setningar og tj\u00e1 fj\u00f6lbreyttari hugmyndir.<\/p>\n\n\n\n<h3 class=\"wp-block-heading\" id=\"h-3-verbs\">3. Sagnir:<\/h3>\n\n\n\n<p>Sagnir eru a\u00f0ger\u00f0aror\u00f0 sem t\u00e1kna ath\u00f6fn e\u00f0a \u00e1stand \u00ed setningu. \u00cd Marathi eru sagnir beyg\u00f0ar til a\u00f0 gefa til kynna spennu, \u00fe\u00e1tt, skap og r\u00f6dd. L\u00e6r\u00f0u grunnreglur sagnabeygingar og \u00fdmis sagnaform til a\u00f0 auka setningasm\u00ed\u00f0ah\u00e6fileika \u00fe\u00edna.<\/p>\n\n\n\n<h3 class=\"wp-block-heading\" id=\"h-4-nouns\">4. Nafnor\u00f0:<\/h3>\n\n\n\n<p>Nafnor\u00f0 eru or\u00f0 sem t\u00e1kna f\u00f3lk, sta\u00f0i, hluti e\u00f0a hugmyndir. Marathi nafnor\u00f0 hafa kyn (karlkyn, kvenkyn e\u00f0a hvorugkyn) og eru beyg\u00f0 fyrir t\u00f6lu (eint\u00f6lu e\u00f0a fleirt\u00f6lu) og falli (beint, sk\u00e1halla e\u00f0a eignarfall). Kynntu \u00fe\u00e9r mismunandi nafnor\u00f0aform og notkun \u00feeirra \u00ed setningum.<\/p>\n\n\n\n<h3 class=\"wp-block-heading\" id=\"h-5-articles\">5. Greinar:<\/h3>\n\n\n\n<p>Marathi hefur ekki greinar eins og &#8216;a&#8217;, &#8216;an&#8217; e\u00f0a &#8216;the&#8217;. Hins vegar eru til s\u00fdniforn\u00f6fn og \u00e1kvar\u00f0andi sem \u00fej\u00f3na svipu\u00f0um tilgangi. L\u00e6r\u00f0u hvernig \u00e1 a\u00f0 nota \u00feessi forn\u00f6fn og \u00e1kvar\u00f0andi til a\u00f0 tilgreina e\u00f0a bera kennsl \u00e1 nafnor\u00f0 \u00ed setningu.<\/p>\n\n\n\n<h3 class=\"wp-block-heading\" id=\"h-6-pronouns-determiners\">6. Forn\u00f6fn\/\u00e1kv\u00f6r\u00f0unaror\u00f0:<\/h3>\n\n\n\n<p>Forn\u00f6fn koma \u00ed sta\u00f0 nafnor\u00f0a til a\u00f0 for\u00f0ast endurtekningu, en \u00e1kvar\u00f0andi tilgreina e\u00f0a takmarka merkingu nafnor\u00f0a. \u00cd Marathi eru forn\u00f6fn og \u00e1kvar\u00f0andi samm\u00e1la \u00ed kyni og t\u00f6lu me\u00f0 nafnor\u00f0inu sem \u00feau skipta \u00fat e\u00f0a breyta. L\u00e6r\u00f0u hin \u00fdmsu form og vi\u00f0eigandi notkun \u00feeirra til a\u00f0 b\u00e6ta setningager\u00f0 \u00fe\u00edna.<\/p>\n\n\n\n<h3 class=\"wp-block-heading\" id=\"h-7-adjectives\">7. L\u00fdsingaror\u00f0:<\/h3>\n\n\n\n<p>L\u00fdsingaror\u00f0 l\u00fdsa e\u00f0a breyta nafnor\u00f0um og veita frekari uppl\u00fdsingar um eiginleika \u00feeirra e\u00f0a eiginleika. \u00cd Marathi eru l\u00fdsingaror\u00f0 samm\u00e1la \u00ed kyni og t\u00f6lu me\u00f0 nafnor\u00f0inu sem \u00feau breyta. L\u00e6r\u00f0u hin \u00fdmsu l\u00fdsingaror\u00f0 og r\u00e9tta notkun \u00feeirra \u00ed setningum.<\/p>\n\n\n\n<h3 class=\"wp-block-heading\" id=\"h-8-adverbs\">8. Atviksor\u00f0:<\/h3>\n\n\n\n<p>Atviksor\u00f0 veita frekari uppl\u00fdsingar um sagnir, l\u00fdsingaror\u00f0 e\u00f0a \u00f6nnur atviksor\u00f0 sem l\u00fdsa \u00fev\u00ed hvernig, hven\u00e6r, hvar e\u00f0a a\u00f0 hve miklu leyti eitthva\u00f0 gerist. L\u00e6r\u00f0u mismunandi ger\u00f0ir atviksor\u00f0a og sta\u00f0setningu \u00feeirra \u00ed setningum til a\u00f0 auka tungum\u00e1lakunn\u00e1ttu \u00fe\u00edna.<\/p>\n\n\n\n<h3 class=\"wp-block-heading\" id=\"h-9-conditionals\">9. Skilyr\u00f0i:<\/h3>\n\n\n\n<p>Skilyrt l\u00fdsir \u00edmyndu\u00f0um a\u00f0st\u00e6\u00f0um e\u00f0a a\u00f0st\u00e6\u00f0um og hugsanlegum aflei\u00f0ingum \u00feeirra. \u00cd Marathi eru \u00ferj\u00e1r tegundir af skilyr\u00f0um &#8211; raunveruleg, \u00f3raunveruleg og bl\u00f6ndu\u00f0. L\u00e6r\u00f0u uppbyggingu og notkun hverrar tegundar til a\u00f0 tj\u00e1 fl\u00f3knar hugmyndir og a\u00f0st\u00e6\u00f0ur.<\/p>\n\n\n\n<h3 class=\"wp-block-heading\" id=\"h-10-prepositions\">10. Forsetningar:<\/h3>\n\n\n\n<p>Forsetningar eru or\u00f0 sem s\u00fdna sambandi\u00f0 milli nafnor\u00f0a (e\u00f0a fornafna) og annarra or\u00f0a \u00ed setningu. \u00de\u00e6r gefa til kynna sta\u00f0setningu, stefnu, t\u00edma e\u00f0a \u00f6nnur tengsl. L\u00e6r\u00f0u algengar forsetningar \u00ed Marathi og notkun \u00feeirra \u00ed setningum.<\/p>\n\n\n\n<h3 class=\"wp-block-heading\" id=\"h-11-sentences\">11. Setningar:<\/h3>\n\n\n\n<p>A\u00f0 lokum skaltu \u00e6fa \u00feig \u00ed a\u00f0 mynda einfaldar og fl\u00f3knar setningar me\u00f0 \u00fev\u00ed a\u00f0 nota m\u00e1lfr\u00e6\u00f0ireglurnar og or\u00f0afor\u00f0ann sem \u00fe\u00fa hefur l\u00e6rt. Einbeittu \u00fe\u00e9r a\u00f0 setningager\u00f0.<\/p>\n<\/div><\/div>\n\r\n<section class=\"learnNavigationSection\">\r\n            \r\n        <a href=\"https:\/\/talkpal.ai\/is\/laerdu-marathi\/\">\r\n            <div class=\"learnNavigationWrapper\">\r\n                <div class=\"learnNavigationContent\">\r\n                    <img decoding=\"async\" src=\"https:\/\/talkpal.ai\/wp-content\/uploads\/2023\/05\/Marathi-india.png\" alt=\"TalkPal Marathi Flag\">\r\n                    <div>\r\n                        <h4>Um Marathi Learning<\/h4>\r\n                        <p>Finndu \u00fat allt um Marathi m\u00e1lfr\u00e6\u00f0i.<\/p>\r\n                    <\/div>\r\n                <\/div>\r\n            <\/div>\r\n        <\/a>\r\n\r\n        \r\n        <a href=\"https:\/\/talkpal.ai\/is\/marathi-malfraedi\/\">\r\n            <div class=\"learnNavigationWrapper\">\r\n                <div class=\"learnNavigationContent\">\r\n                    <img decoding=\"async\" src=\"https:\/\/talkpal.ai\/wp-content\/uploads\/2023\/05\/Marathi-india.png\" alt=\"TalkPal Marathi Flag\">\r\n                    <div>\r\n                        <h4>Marathi m\u00e1lfr\u00e6\u00f0ikennsla<\/h4>\r\n                        <p>\u00c6f\u00f0u Marathi m\u00e1lfr\u00e6\u00f0i.<\/p>\r\n                    <\/div>\r\n                <\/div>\r\n            <\/div>\r\n        <\/a>\r\n\r\n        \r\n        <a href=\"https:\/\/talkpal.ai\/vocabulary_language\/marathi\/\">\r\n            <div class=\"learnNavigationWrapper\">\r\n                <div class=\"learnNavigationContent\">\r\n                    <img decoding=\"async\" src=\"https:\/\/talkpal.ai\/wp-content\/uploads\/2023\/05\/Marathi-india.png\" alt=\"TalkPal Marathi Flag\">\r\n                    <div>\r\n                        <h4>Marathi or\u00f0afor\u00f0i<\/h4>\r\n                        <p>St\u00e6kka\u00f0u Marathi or\u00f0afor\u00f0a \u00feinn.<\/p>\r\n                    <\/div>\r\n                <\/div>\r\n            <\/div>\r\n        <\/a>\r\n\r\n            <\/section>","protected":false},"excerpt":{"rendered":"<p>Marathi M\u00e1lfr\u00e6\u00f0i Topics Marathi, ind\u00f3ar\u00edskt tungum\u00e1l, er a\u00f0allega tala\u00f0 \u00ed indverska r\u00edkinu Maharashtra og er opinbert tungum\u00e1l sv\u00e6\u00f0isins. A\u00f0 l\u00e6ra Marathi getur veri\u00f0 au\u00f0gandi reynsla \u00fear sem \u00fea\u00f0 opnar dyr a\u00f0 r\u00edkri menningu, s\u00f6gu og b\u00f3kmenntum. Til a\u00f0 l\u00e6ra marathi \u00e1 \u00e1hrifar\u00edkan h\u00e1tt er mikilv\u00e6gt a\u00f0 hafa skipulag\u00f0a n\u00e1lgun sem beinist a\u00f0 \u00fdmsum \u00fe\u00e1ttum tungum\u00e1lsins, [&hellip;]<\/p>\n","protected":false},"author":6,"featured_media":116427,"parent":0,"menu_order":0,"comment_status":"closed","ping_status":"closed","template":"LearningContentPage.php","meta":{"_acf_changed":false,"footnotes":""},"class_list":["post-159357","page","type-page","status-publish","has-post-thumbnail","hentry"],"acf":[],"yoast_head":"<!-- This site is optimized with the Yoast SEO Premium plugin v27.2 (Yoast SEO v27.2) - https:\/\/yoast.com\/product\/yoast-seo-premium-wordpress\/ -->\n<title>Marathi M\u00e1lfr\u00e6\u00f0i \u00c6fingar - Talkpal<\/title>\n<meta name=\"description\" content=\"B\u00e6ttu tungum\u00e1lakunn\u00e1ttu \u00fe\u00edna \u00ed marat\u00ed me\u00f0 gr\u00edpandi m\u00e1lfr\u00e6\u00f0i\u00e6fingum \u00ed marat\u00ed sem eru hanna\u00f0ar fyrir nemendur \u00e1 \u00f6llum stigum.\" \/>\n<meta name=\"robots\" content=\"index, follow, max-snippet:-1, max-image-preview:large, max-video-preview:-1\" \/>\n<link rel=\"canonical\" href=\"https:\/\/talkpal.ai\/is\/marathi-malfraedi-aefingar\/\" \/>\n<meta property=\"og:locale\" content=\"is_IS\" \/>\n<meta property=\"og:type\" content=\"article\" \/>\n<meta property=\"og:title\" content=\"Marathi M\u00e1lfr\u00e6\u00f0i \u00c6fingar\" \/>\n<meta property=\"og:description\" content=\"Marathi M\u00e1lfr\u00e6\u00f0i Topics Marathi, ind\u00f3ar\u00edskt tungum\u00e1l, er a\u00f0allega tala\u00f0 \u00ed indverska r\u00edkinu Maharashtra og er opinbert tungum\u00e1l sv\u00e6\u00f0isins. A\u00f0 l\u00e6ra Marathi\" \/>\n<meta property=\"og:url\" content=\"https:\/\/talkpal.ai\/is\/marathi-malfraedi-aefingar\/\" \/>\n<meta property=\"og:site_name\" content=\"Talkpal\" \/>\n<meta property=\"article:publisher\" content=\"https:\/\/www.facebook.com\/profile.php?id=100090733639311\" \/>\n<meta property=\"article:modified_time\" content=\"2025-12-17T15:25:13+00:00\" \/>\n<meta property=\"og:image\" content=\"https:\/\/talkpal.ai\/wp-content\/uploads\/2023\/05\/Marathi-india.png\" \/>\n\t<meta property=\"og:image:width\" content=\"512\" \/>\n\t<meta property=\"og:image:height\" content=\"512\" \/>\n\t<meta property=\"og:image:type\" content=\"image\/png\" \/>\n<meta name=\"twitter:card\" content=\"summary_large_image\" \/>\n<meta name=\"twitter:site\" content=\"@talkpalai\" \/>\n<meta name=\"twitter:label1\" content=\"Est. reading time\" \/>\n\t<meta name=\"twitter:data1\" content=\"4 minutes\" \/>\n<script type=\"application\/ld+json\" class=\"yoast-schema-graph\">{\"@context\":\"https:\/\/schema.org\",\"@graph\":[{\"@type\":\"WebPage\",\"@id\":\"https:\/\/talkpal.ai\/is\/marathi-malfraedi-aefingar\/\",\"url\":\"https:\/\/talkpal.ai\/is\/marathi-malfraedi-aefingar\/\",\"name\":\"Marathi M\u00e1lfr\u00e6\u00f0i \u00c6fingar - Talkpal\",\"isPartOf\":{\"@id\":\"https:\/\/talkpal.ai\/is\/#website\"},\"primaryImageOfPage\":{\"@id\":\"https:\/\/talkpal.ai\/is\/marathi-malfraedi-aefingar\/#primaryimage\"},\"image\":{\"@id\":\"https:\/\/talkpal.ai\/is\/marathi-malfraedi-aefingar\/#primaryimage\"},\"thumbnailUrl\":\"https:\/\/talkpal.ai\/wp-content\/uploads\/2023\/05\/Marathi-india.png\",\"datePublished\":\"2023-06-22T08:37:16+00:00\",\"dateModified\":\"2025-12-17T15:25:13+00:00\",\"description\":\"B\u00e6ttu tungum\u00e1lakunn\u00e1ttu \u00fe\u00edna \u00ed marat\u00ed me\u00f0 gr\u00edpandi m\u00e1lfr\u00e6\u00f0i\u00e6fingum \u00ed marat\u00ed sem eru hanna\u00f0ar fyrir nemendur \u00e1 \u00f6llum stigum.\",\"breadcrumb\":{\"@id\":\"https:\/\/talkpal.ai\/is\/marathi-malfraedi-aefingar\/#breadcrumb\"},\"inLanguage\":\"is\",\"potentialAction\":[{\"@type\":\"ReadAction\",\"target\":[\"https:\/\/talkpal.ai\/is\/marathi-malfraedi-aefingar\/\"]}]},{\"@type\":\"ImageObject\",\"inLanguage\":\"is\",\"@id\":\"https:\/\/talkpal.ai\/is\/marathi-malfraedi-aefingar\/#primaryimage\",\"url\":\"https:\/\/talkpal.ai\/wp-content\/uploads\/2023\/05\/Marathi-india.png\",\"contentUrl\":\"https:\/\/talkpal.ai\/wp-content\/uploads\/2023\/05\/Marathi-india.png\",\"width\":512,\"height\":512},{\"@type\":\"BreadcrumbList\",\"@id\":\"https:\/\/talkpal.ai\/is\/marathi-malfraedi-aefingar\/#breadcrumb\",\"itemListElement\":[{\"@type\":\"ListItem\",\"position\":1,\"name\":\"Homepage\",\"item\":\"https:\/\/talkpal.ai\/is\/\"},{\"@type\":\"ListItem\",\"position\":2,\"name\":\"Marathi M\u00e1lfr\u00e6\u00f0i \u00c6fingar\"}]},{\"@type\":\"WebSite\",\"@id\":\"https:\/\/talkpal.ai\/is\/#website\",\"url\":\"https:\/\/talkpal.ai\/is\/\",\"name\":\"Talkpal\",\"description\":\"AI Language Learning\",\"publisher\":{\"@id\":\"https:\/\/talkpal.ai\/is\/#organization\"},\"alternateName\":\"Talkpal AI\",\"potentialAction\":[{\"@type\":\"SearchAction\",\"target\":{\"@type\":\"EntryPoint\",\"urlTemplate\":\"https:\/\/talkpal.ai\/is\/?s={search_term_string}\"},\"query-input\":{\"@type\":\"PropertyValueSpecification\",\"valueRequired\":true,\"valueName\":\"search_term_string\"}}],\"inLanguage\":\"is\"},{\"@type\":\"Organization\",\"@id\":\"https:\/\/talkpal.ai\/is\/#organization\",\"name\":\"Talkpal, Inc.\",\"alternateName\":\"Talkpal AI\",\"url\":\"https:\/\/talkpal.ai\/is\/\",\"logo\":{\"@type\":\"ImageObject\",\"inLanguage\":\"is\",\"@id\":\"https:\/\/talkpal.ai\/is\/#\/schema\/logo\/image\/\",\"url\":\"https:\/\/talkpal.ai\/wp-content\/uploads\/2024\/03\/Talkpal-Logo-Icon.png\",\"contentUrl\":\"https:\/\/talkpal.ai\/wp-content\/uploads\/2024\/03\/Talkpal-Logo-Icon.png\",\"width\":2880,\"height\":2880,\"caption\":\"Talkpal, Inc.\"},\"image\":{\"@id\":\"https:\/\/talkpal.ai\/is\/#\/schema\/logo\/image\/\"},\"sameAs\":[\"https:\/\/www.facebook.com\/profile.php?id=100090733639311\",\"https:\/\/x.com\/talkpalai\",\"https:\/\/www.linkedin.com\/company\/talkpal\/\",\"https:\/\/www.youtube.com\/@TalkPal\/\",\"https:\/\/www.tiktok.com\/@talkpal\",\"https:\/\/www.instagram.com\/talkpal_ai\/\",\"https:\/\/www.crunchbase.com\/organization\/talkpal-9cde\",\"https:\/\/www.g2.com\/products\/talkpal-for-business\/\",\"https:\/\/www.trustpilot.com\/review\/talkpal.ai\",\"https:\/\/www.capterra.com\/p\/10006800\/TalkPal\/\"],\"description\":\"Talkpal is a language learning web and mobile education app, powered by the latest AI technologies, that provides engaging experiences to its customers in many different languages to help them improve their language skills. Users can chat about unlimited amount of topics with the app and use other modes to practice their language learning.\",\"email\":\"support@talkpal.ai\",\"legalName\":\"Talkpal, Inc.\",\"foundingDate\":\"2023-04-03\",\"duns\":\"118989042\",\"numberOfEmployees\":{\"@type\":\"QuantitativeValue\",\"minValue\":\"11\",\"maxValue\":\"50\"},\"publishingPrinciples\":\"https:\/\/talkpal.ai\/publishing-principles\/\",\"actionableFeedbackPolicy\":\"https:\/\/talkpal.ai\/actionable-feedback-policy\/\",\"correctionsPolicy\":\"https:\/\/talkpal.ai\/corrections-policy\/\",\"ethicsPolicy\":\"https:\/\/talkpal.ai\/ethics-policy\/\",\"diversityPolicy\":\"https:\/\/talkpal.ai\/diversity-policy\/\",\"diversityStaffingReport\":\"https:\/\/talkpal.ai\/diversity-policy\/\"}]}<\/script>\n<!-- \/ Yoast SEO Premium plugin. -->","yoast_head_json":{"title":"Marathi M\u00e1lfr\u00e6\u00f0i \u00c6fingar - Talkpal","description":"B\u00e6ttu tungum\u00e1lakunn\u00e1ttu \u00fe\u00edna \u00ed marat\u00ed me\u00f0 gr\u00edpandi m\u00e1lfr\u00e6\u00f0i\u00e6fingum \u00ed marat\u00ed sem eru hanna\u00f0ar fyrir nemendur \u00e1 \u00f6llum stigum.","robots":{"index":"index","follow":"follow","max-snippet":"max-snippet:-1","max-image-preview":"max-image-preview:large","max-video-preview":"max-video-preview:-1"},"canonical":"https:\/\/talkpal.ai\/is\/marathi-malfraedi-aefingar\/","og_locale":"is_IS","og_type":"article","og_title":"Marathi M\u00e1lfr\u00e6\u00f0i \u00c6fingar","og_description":"Marathi M\u00e1lfr\u00e6\u00f0i Topics Marathi, ind\u00f3ar\u00edskt tungum\u00e1l, er a\u00f0allega tala\u00f0 \u00ed indverska r\u00edkinu Maharashtra og er opinbert tungum\u00e1l sv\u00e6\u00f0isins. A\u00f0 l\u00e6ra Marathi","og_url":"https:\/\/talkpal.ai\/is\/marathi-malfraedi-aefingar\/","og_site_name":"Talkpal","article_publisher":"https:\/\/www.facebook.com\/profile.php?id=100090733639311","article_modified_time":"2025-12-17T15:25:13+00:00","og_image":[{"width":512,"height":512,"url":"https:\/\/talkpal.ai\/wp-content\/uploads\/2023\/05\/Marathi-india.png","type":"image\/png"}],"twitter_card":"summary_large_image","twitter_site":"@talkpalai","twitter_misc":{"Est. reading time":"4 minutes"},"schema":{"@context":"https:\/\/schema.org","@graph":[{"@type":"WebPage","@id":"https:\/\/talkpal.ai\/is\/marathi-malfraedi-aefingar\/","url":"https:\/\/talkpal.ai\/is\/marathi-malfraedi-aefingar\/","name":"Marathi M\u00e1lfr\u00e6\u00f0i \u00c6fingar - Talkpal","isPartOf":{"@id":"https:\/\/talkpal.ai\/is\/#website"},"primaryImageOfPage":{"@id":"https:\/\/talkpal.ai\/is\/marathi-malfraedi-aefingar\/#primaryimage"},"image":{"@id":"https:\/\/talkpal.ai\/is\/marathi-malfraedi-aefingar\/#primaryimage"},"thumbnailUrl":"https:\/\/talkpal.ai\/wp-content\/uploads\/2023\/05\/Marathi-india.png","datePublished":"2023-06-22T08:37:16+00:00","dateModified":"2025-12-17T15:25:13+00:00","description":"B\u00e6ttu tungum\u00e1lakunn\u00e1ttu \u00fe\u00edna \u00ed marat\u00ed me\u00f0 gr\u00edpandi m\u00e1lfr\u00e6\u00f0i\u00e6fingum \u00ed marat\u00ed sem eru hanna\u00f0ar fyrir nemendur \u00e1 \u00f6llum stigum.","breadcrumb":{"@id":"https:\/\/talkpal.ai\/is\/marathi-malfraedi-aefingar\/#breadcrumb"},"inLanguage":"is","potentialAction":[{"@type":"ReadAction","target":["https:\/\/talkpal.ai\/is\/marathi-malfraedi-aefingar\/"]}]},{"@type":"ImageObject","inLanguage":"is","@id":"https:\/\/talkpal.ai\/is\/marathi-malfraedi-aefingar\/#primaryimage","url":"https:\/\/talkpal.ai\/wp-content\/uploads\/2023\/05\/Marathi-india.png","contentUrl":"https:\/\/talkpal.ai\/wp-content\/uploads\/2023\/05\/Marathi-india.png","width":512,"height":512},{"@type":"BreadcrumbList","@id":"https:\/\/talkpal.ai\/is\/marathi-malfraedi-aefingar\/#breadcrumb","itemListElement":[{"@type":"ListItem","position":1,"name":"Homepage","item":"https:\/\/talkpal.ai\/is\/"},{"@type":"ListItem","position":2,"name":"Marathi M\u00e1lfr\u00e6\u00f0i \u00c6fingar"}]},{"@type":"WebSite","@id":"https:\/\/talkpal.ai\/is\/#website","url":"https:\/\/talkpal.ai\/is\/","name":"Talkpal","description":"AI Language Learning","publisher":{"@id":"https:\/\/talkpal.ai\/is\/#organization"},"alternateName":"Talkpal AI","potentialAction":[{"@type":"SearchAction","target":{"@type":"EntryPoint","urlTemplate":"https:\/\/talkpal.ai\/is\/?s={search_term_string}"},"query-input":{"@type":"PropertyValueSpecification","valueRequired":true,"valueName":"search_term_string"}}],"inLanguage":"is"},{"@type":"Organization","@id":"https:\/\/talkpal.ai\/is\/#organization","name":"Talkpal, Inc.","alternateName":"Talkpal AI","url":"https:\/\/talkpal.ai\/is\/","logo":{"@type":"ImageObject","inLanguage":"is","@id":"https:\/\/talkpal.ai\/is\/#\/schema\/logo\/image\/","url":"https:\/\/talkpal.ai\/wp-content\/uploads\/2024\/03\/Talkpal-Logo-Icon.png","contentUrl":"https:\/\/talkpal.ai\/wp-content\/uploads\/2024\/03\/Talkpal-Logo-Icon.png","width":2880,"height":2880,"caption":"Talkpal, Inc."},"image":{"@id":"https:\/\/talkpal.ai\/is\/#\/schema\/logo\/image\/"},"sameAs":["https:\/\/www.facebook.com\/profile.php?id=100090733639311","https:\/\/x.com\/talkpalai","https:\/\/www.linkedin.com\/company\/talkpal\/","https:\/\/www.youtube.com\/@TalkPal\/","https:\/\/www.tiktok.com\/@talkpal","https:\/\/www.instagram.com\/talkpal_ai\/","https:\/\/www.crunchbase.com\/organization\/talkpal-9cde","https:\/\/www.g2.com\/products\/talkpal-for-business\/","https:\/\/www.trustpilot.com\/review\/talkpal.ai","https:\/\/www.capterra.com\/p\/10006800\/TalkPal\/"],"description":"Talkpal is a language learning web and mobile education app, powered by the latest AI technologies, that provides engaging experiences to its customers in many different languages to help them improve their language skills. Users can chat about unlimited amount of topics with the app and use other modes to practice their language learning.","email":"support@talkpal.ai","legalName":"Talkpal, Inc.","foundingDate":"2023-04-03","duns":"118989042","numberOfEmployees":{"@type":"QuantitativeValue","minValue":"11","maxValue":"50"},"publishingPrinciples":"https:\/\/talkpal.ai\/publishing-principles\/","actionableFeedbackPolicy":"https:\/\/talkpal.ai\/actionable-feedback-policy\/","correctionsPolicy":"https:\/\/talkpal.ai\/corrections-policy\/","ethicsPolicy":"https:\/\/talkpal.ai\/ethics-policy\/","diversityPolicy":"https:\/\/talkpal.ai\/diversity-policy\/","diversityStaffingReport":"https:\/\/talkpal.ai\/diversity-policy\/"}]}},"_links":{"self":[{"href":"https:\/\/talkpal.ai\/is\/wp-json\/wp\/v2\/pages\/159357","targetHints":{"allow":["GET"]}}],"collection":[{"href":"https:\/\/talkpal.ai\/is\/wp-json\/wp\/v2\/pages"}],"about":[{"href":"https:\/\/talkpal.ai\/is\/wp-json\/wp\/v2\/types\/page"}],"author":[{"embeddable":true,"href":"https:\/\/talkpal.ai\/is\/wp-json\/wp\/v2\/users\/6"}],"replies":[{"embeddable":true,"href":"https:\/\/talkpal.ai\/is\/wp-json\/wp\/v2\/comments?post=159357"}],"version-history":[{"count":0,"href":"https:\/\/talkpal.ai\/is\/wp-json\/wp\/v2\/pages\/159357\/revisions"}],"wp:featuredmedia":[{"embeddable":true,"href":"https:\/\/talkpal.ai\/is\/wp-json\/wp\/v2\/media\/116427"}],"wp:attachment":[{"href":"https:\/\/talkpal.ai\/is\/wp-json\/wp\/v2\/media?parent=159357"}],"curies":[{"name":"wp","href":"https:\/\/api.w.org\/{rel}","templated":true}]}}