{"id":159072,"date":"2023-06-22T08:43:13","date_gmt":"2023-06-22T08:43:13","guid":{"rendered":"http:\/\/talkpal.ai\/maori-malfraedi-aefingar\/"},"modified":"2025-12-17T14:40:27","modified_gmt":"2025-12-17T14:40:27","slug":"maori-malfraedi-aefingar","status":"publish","type":"page","link":"https:\/\/talkpal.ai\/is\/maori-malfraedi-aefingar\/","title":{"rendered":"Maori m\u00e1lfr\u00e6\u00f0i \u00e6fingar"},"content":{"rendered":"\r\n\r\n\r\n<section class=\"languageChallengeSection\">\r\n    <div class=\"languageInfoWrapper\">\r\n        \r\n        <h1>Maori m\u00e1lfr\u00e6\u00f0i \u00e6fingar<\/h1>\r\n        <p>Viltu styrkja te reo M\u0101ori f\u00e6rni \u00fe\u00edna? A\u00f0 \u00e6fa m\u00e1lfr\u00e6\u00f0i\u00e6fingar er fr\u00e1b\u00e6r lei\u00f0 til a\u00f0 skilja setningarbyggingu, sagnmyndir og lykilmynstur tungum\u00e1lsins. Byrja\u00f0u a\u00f0 sko\u00f0a ma\u00f3r\u00ed-<a href=\"https:\/\/talkpal.ai\/grammar\/\">m\u00e1lfr\u00e6\u00f0i<\/a> \u00ed dag og sj\u00e1\u00f0u sj\u00e1lfstraust \u00feitt og f\u00e6rni vaxa me\u00f0 hverri n\u00fdrri \u00e6fingu.<\/p>\r\n\r\n                            <a class=\"getStartedHidden\" href=\"https:\/\/app.talkpal.ai\/signup?lng=\">Byrja\u00f0u<\/a>\r\n        \r\n    <\/div>\r\n\r\n    <figure>\r\n    <img decoding=\"async\" width=\"768\" height=\"768\" src=\"https:\/\/talkpal.ai\/wp-content\/uploads\/2023\/06\/maori-768x768.png\" class=\"languageImage no-lazy\" alt=\"Language learning for social and professional settings\" fetchpriority=\"high\" sizes=\"(max-width: 768px) 150px, 768px\" srcset=\"https:\/\/talkpal.ai\/wp-content\/uploads\/2023\/06\/maori-768x768.png 768w, https:\/\/talkpal.ai\/wp-content\/uploads\/2023\/06\/maori-300x300.png 300w\" \/>\r\n    \r\n\r\n    <\/figure>\r\n\r\n            <a class=\"getStartedVisible\" href=\"https:\/\/app.talkpal.ai\/signup?lng=\">Byrja\u00f0u<\/a>\r\n    \r\n<\/section>\r\n\r\n\r\n<!-- <section class=\"grammarSection\">\r\n    <div class=\"grammarLinks\">\r\n            <\/div>\r\n<\/section> -->\r\n\r\n\r\n\r\n\r\n<section class=\"promotionalBanner\">\r\n    <p class=\"promotionalText\">Skilvirkasta lei\u00f0in til a\u00f0 l\u00e6ra tungum\u00e1l<\/p>\r\n    <a class=\"promotionalLink\" href=\"https:\/\/app.talkpal.ai\/signup?lng=\">Pr\u00f3fa\u00f0u Talkpal \u00f3keypis<\/a>\r\n<\/section>\n<div class=\"wp-block-group pageContainerStyle\"><div class=\"wp-block-group__inner-container is-layout-constrained wp-block-group-is-layout-constrained\">\n<h2 class=\"wp-block-heading\" id=\"h-maori-grammar-topics\">Maori m\u00e1lfr\u00e6\u00f0i efni<\/h2>\n\n\n\n<p><a href=\"https:\/\/talkpal.ai\/learn-maori\/\">Maori<\/a> tungum\u00e1li\u00f0, \u00feekkt sem te reo Maori, er austur-p\u00f3l\u00fdnes\u00edskt tungum\u00e1l innf\u00e6ddur \u00e1 N\u00fdja Sj\u00e1landi. Sem opinbert tungum\u00e1l landsins ber \u00fea\u00f0 r\u00edkan menningararf og einstaka tungum\u00e1laeiginleika. A\u00f0 l\u00e6ra Maori m\u00e1lfr\u00e6\u00f0i er nau\u00f0synlegt til a\u00f0 skilja og mi\u00f0la \u00e1 \u00e1hrifar\u00edkan h\u00e1tt \u00e1 tungum\u00e1linu. \u00deessi handb\u00f3k veitir yfirlit yfir mikilv\u00e6g Maori m\u00e1lfr\u00e6\u00f0iefni, skipul\u00f6g\u00f0 \u00ed r\u00f6\u00f0 sem \u00e6tla\u00f0 er a\u00f0 au\u00f0velda n\u00e1msferli\u00f0 \u00feitt. Allt fr\u00e1 spennum og s\u00f6gnum til l\u00fdsingaror\u00f0a og forsetninga, \u00feessi handb\u00f3k mun hj\u00e1lpa \u00fe\u00e9r a\u00f0 \u00e1tta \u00feig \u00e1 grundvallar\u00fe\u00e1ttum Maori m\u00e1lfr\u00e6\u00f0i og leggja af sta\u00f0 \u00ed tungum\u00e1lan\u00e1msfer\u00f0 \u00fe\u00edna.<\/p>\n\n\n\n<h3 class=\"wp-block-heading\" id=\"h-1-tenses\">1. Spennur:<\/h3>\n\n\n\n<p>\u00cd Maori eru tv\u00e6r meginspennur &#8211; fort\u00ed\u00f0 og ekki fort\u00ed\u00f0. Fort\u00ed\u00f0arspenna gefur til kynna athafnir e\u00f0a atbur\u00f0i sem \u00feegar hafa \u00e1tt s\u00e9r sta\u00f0, en spenna sem ekki er fort\u00ed\u00f0 n\u00e6r yfir b\u00e6\u00f0i n\u00fat\u00ed\u00f0 og framt\u00ed\u00f0ara\u00f0ger\u00f0ir. Skilningur \u00e1 \u00feessum spennum er mikilv\u00e6gur til a\u00f0 mynda setningar og koma merkingu n\u00e1kv\u00e6mlega til skila.<\/p>\n\n\n\n<h3 class=\"wp-block-heading\" id=\"h-2-tense-comparison\">2. Spenntur samanbur\u00f0ur:<\/h3>\n\n\n\n<p>\u00deegar veri\u00f0 er a\u00f0 bera saman t\u00ed\u00f0ir \u00ed Maori er nau\u00f0synlegt a\u00f0 skilja hvernig \u00e1 a\u00f0 mynda setningar me\u00f0 \u00fev\u00ed a\u00f0 nota mismunandi t\u00ed\u00f0ir og <a href=\"https:\/\/talkpal.ai\/locations\/language-courses-in-gera\/\">gera<\/a> vi\u00f0eigandi samanbur\u00f0 \u00e1 milli \u00feeirra. \u00deessi \u00feekking mun hj\u00e1lpa \u00fe\u00e9r a\u00f0 tj\u00e1 athafnir og atbur\u00f0i \u00ed \u00fdmsum stundlegu samhengi.<\/p>\n\n\n\n<h3 class=\"wp-block-heading\" id=\"h-3-progressive\">3. Frams\u00e6ki\u00f0:<\/h3>\n\n\n\n<p>Frams\u00e6kni \u00fe\u00e1tturinn \u00ed Maori gefur til kynna \u00e1framhaldandi e\u00f0a st\u00f6\u00f0ugar a\u00f0ger\u00f0ir. A\u00f0 l\u00e6ra hvernig \u00e1 a\u00f0 nota frams\u00e6kna \u00fe\u00e1ttinn gerir \u00fe\u00e9r kleift a\u00f0 l\u00fdsa a\u00f0ger\u00f0um sem eru a\u00f0 gerast \u00ed augnablikinu og b\u00e6ta d\u00fdpt vi\u00f0 samskipti \u00fe\u00edn.<\/p>\n\n\n\n<h3 class=\"wp-block-heading\" id=\"h-4-perfect-progressive\">4. Fullkominn frams\u00e6kinn:<\/h3>\n\n\n\n<p>Hinn fullkomni frams\u00e6kni \u00fe\u00e1ttur sameinar \u00fe\u00e6tti b\u00e6\u00f0i hins fullkomna og frams\u00e6kna \u00fe\u00e1ttar og gefur til kynna a\u00f0ger\u00f0ir sem hafa sta\u00f0i\u00f0 yfir en er n\u00fa loki\u00f0. A\u00f0 n\u00e1 t\u00f6kum \u00e1 \u00feessum \u00fe\u00e6tti mun hj\u00e1lpa \u00fe\u00e9r a\u00f0 koma \u00e1 framf\u00e6ri fl\u00f3knari hugmyndum og a\u00f0st\u00e6\u00f0um.<\/p>\n\n\n\n<h3 class=\"wp-block-heading\" id=\"h-5-verbs\">5. Sagnir:<\/h3>\n\n\n\n<p>Sagnir eru mikilv\u00e6gar til a\u00f0 sm\u00ed\u00f0a setningar og tj\u00e1 athafnir e\u00f0a \u00e1stand tilveru \u00ed Maori. A\u00f0 kynnast samtengingu sagna, algengum s\u00f6gnum og notkun \u00feeirra er nau\u00f0synleg fyrir \u00e1rangursr\u00edk samskipti.<\/p>\n\n\n\n<h3 class=\"wp-block-heading\" id=\"h-6-nouns\">6. Nafnor\u00f0:<\/h3>\n\n\n\n<p>Nafnor\u00f0 eru undirsta\u00f0a hvers tungum\u00e1ls og t\u00e1kna f\u00f3lk, sta\u00f0i, hluti e\u00f0a hugmyndir. A\u00f0 l\u00e6ra Maori nafnor\u00f0 mun hj\u00e1lpa \u00fe\u00e9r a\u00f0 byggja upp or\u00f0afor\u00f0a \u00feinn og b\u00e6ta heildarskilning \u00feinn \u00e1 tungum\u00e1linu.<\/p>\n\n\n\n<h3 class=\"wp-block-heading\" id=\"h-7-articles\">7. Greinar:<\/h3>\n\n\n\n<p>Maori notar greinar til a\u00f0 tilgreina skilgreiningu e\u00f0a \u00f3\u00e1kve\u00f0ni nafnor\u00f0s. A\u00f0 skilja notkun greina mun hj\u00e1lpa \u00fe\u00e9r a\u00f0 sm\u00ed\u00f0a setningar me\u00f0 sk\u00fdrleika og n\u00e1kv\u00e6mni.<\/p>\n\n\n\n<h3 class=\"wp-block-heading\" id=\"h-8-pronouns-determiners\">8. Forn\u00f6fn\/\u00e1kv\u00f6r\u00f0unaror\u00f0:<\/h3>\n\n\n\n<p>Forn\u00f6fn og \u00e1kvar\u00f0andi gegna mikilv\u00e6gu hlutverki \u00ed Maori m\u00e1lfr\u00e6\u00f0i og hj\u00e1lpa til vi\u00f0 a\u00f0 bera kennsl \u00e1 e\u00f0a tilgreina nafnor\u00f0. Kynntu \u00fe\u00e9r \u00fdmis forn\u00f6fn og \u00e1kvar\u00f0anir til a\u00f0 auka tungum\u00e1lakunn\u00e1ttu \u00fe\u00edna.<\/p>\n\n\n\n<h3 class=\"wp-block-heading\" id=\"h-9-adjectives\">9. L\u00fdsingaror\u00f0:<\/h3>\n\n\n\n<p>L\u00fdsingaror\u00f0 veita l\u00fdsingar, eiginleika e\u00f0a eiginleika nafnor\u00f0a. A\u00f0 l\u00e6ra Maori l\u00fdsingaror\u00f0 gerir \u00fe\u00e9r kleift a\u00f0 tj\u00e1 \u00edtarlegri og bl\u00e6brig\u00f0ar\u00edkari hugmyndir.<\/p>\n\n\n\n<h3 class=\"wp-block-heading\" id=\"h-10-adverbs\">10. Atviksor\u00f0:<\/h3>\n\n\n\n<p>Atviksor\u00f0 breyta s\u00f6gnum, l\u00fdsingaror\u00f0um e\u00f0a \u00f6\u00f0rum atviksor\u00f0um og veita frekari uppl\u00fdsingar um athafnir e\u00f0a eiginleika. A\u00f0 n\u00e1 t\u00f6kum \u00e1 Maori atviksor\u00f0um mun hj\u00e1lpa \u00fe\u00e9r a\u00f0 koma merkingu \u00e1 framf\u00e6ri \u00e1 skilvirkari h\u00e1tt og b\u00e6ta fj\u00f6lbreytni vi\u00f0 setningarnar \u00fe\u00ednar.<\/p>\n\n\n\n<h3 class=\"wp-block-heading\" id=\"h-11-conditionals\">11. Skilyr\u00f0i:<\/h3>\n\n\n\n<p>Skilyrt eru notu\u00f0 til a\u00f0 tj\u00e1 \u00edmynda\u00f0ar a\u00f0st\u00e6\u00f0ur e\u00f0a aflei\u00f0ingar \u00ed Maori. A\u00f0 skilja skilyrt form mun hj\u00e1lpa \u00fe\u00e9r a\u00f0 mi\u00f0la fl\u00f3knum hugmyndum og m\u00f6guleikum.<\/p>\n\n\n\n<h3 class=\"wp-block-heading\" id=\"h-12-prepositions\">12. Forsetningar:<\/h3>\n\n\n\n<p>Forsetningar eru nau\u00f0synlegar til a\u00f0 gefa til kynna tengsl milli or\u00f0a, svo sem sta\u00f0setningu, stefnu e\u00f0a t\u00edma. A\u00f0 l\u00e6ra Maori forsetningar mun hj\u00e1lpa \u00fe\u00e9r a\u00f0 b\u00faa til fl\u00f3knari og \u00feroskandi setningar.<\/p>\n\n\n\n<h3 class=\"wp-block-heading\" id=\"h-13-sentences\">13. Setningar:<\/h3>\n\n\n\n<p>A\u00f0 lokum skiptir skilningur \u00e1 setningager\u00f0 og or\u00f0ar\u00f6\u00f0 sk\u00f6pum fyrir \u00e1rangursr\u00edk samskipti \u00e1 Maori. Kynntu \u00fe\u00e9r \u00fdmis setningamynstur og \u00e6f\u00f0u \u00feig \u00ed a\u00f0 sm\u00ed\u00f0a setningar me\u00f0 \u00fev\u00ed a\u00f0 nota m\u00e1lfr\u00e6\u00f0iefnin sem fjalla\u00f0 er um \u00ed \u00feessari handb\u00f3k.<\/p>\n<\/div><\/div>\n\r\n<section class=\"learnNavigationSection\">\r\n            \r\n        <a href=\"https:\/\/talkpal.ai\/is\/laerdu-maori\/\">\r\n            <div class=\"learnNavigationWrapper\">\r\n                <div class=\"learnNavigationContent\">\r\n                    <img decoding=\"async\" src=\"https:\/\/talkpal.ai\/wp-content\/uploads\/2024\/08\/Maori.jpg\" alt=\"New Zealand Flag\">\r\n                    <div>\r\n                        <h4>Maori m\u00e1lfr\u00e6\u00f0ikennsla<\/h4>\r\n                        <p>Finndu \u00fat allt um Maori m\u00e1lfr\u00e6\u00f0i.<\/p>\r\n                    <\/div>\r\n                <\/div>\r\n            <\/div>\r\n        <\/a>\r\n\r\n        \r\n        <a href=\"https:\/\/talkpal.ai\/is\/maori-malfraedi\/\">\r\n            <div class=\"learnNavigationWrapper\">\r\n                <div class=\"learnNavigationContent\">\r\n                    <img decoding=\"async\" src=\"https:\/\/talkpal.ai\/wp-content\/uploads\/2024\/08\/Maori.jpg\" alt=\"New Zealand Flag\">\r\n                    <div>\r\n                        <h4>Maori m\u00e1lfr\u00e6\u00f0ikennsla<\/h4>\r\n                        <p>\u00c6f\u00f0u Maori m\u00e1lfr\u00e6\u00f0i.<\/p>\r\n                    <\/div>\r\n                <\/div>\r\n            <\/div>\r\n        <\/a>\r\n\r\n        \r\n        <a href=\"https:\/\/talkpal.ai\/vocabulary_language\/maori\/\">\r\n            <div class=\"learnNavigationWrapper\">\r\n                <div class=\"learnNavigationContent\">\r\n                    <img decoding=\"async\" src=\"https:\/\/talkpal.ai\/wp-content\/uploads\/2024\/08\/Maori.jpg\" alt=\"New Zealand Flag\">\r\n                    <div>\r\n                        <h4>Maori or\u00f0afor\u00f0i<\/h4>\r\n                        <p>St\u00e6kka\u00f0u Maori or\u00f0afor\u00f0a \u00feinn.<\/p>\r\n                    <\/div>\r\n                <\/div>\r\n            <\/div>\r\n        <\/a>\r\n\r\n            <\/section>","protected":false},"excerpt":{"rendered":"<p>Maori m\u00e1lfr\u00e6\u00f0i efni Maori tungum\u00e1li\u00f0, \u00feekkt sem te reo Maori, er austur-p\u00f3l\u00fdnes\u00edskt tungum\u00e1l innf\u00e6ddur \u00e1 N\u00fdja Sj\u00e1landi. Sem opinbert tungum\u00e1l landsins ber \u00fea\u00f0 r\u00edkan menningararf og einstaka tungum\u00e1laeiginleika. A\u00f0 l\u00e6ra Maori m\u00e1lfr\u00e6\u00f0i er nau\u00f0synlegt til a\u00f0 skilja og mi\u00f0la \u00e1 \u00e1hrifar\u00edkan h\u00e1tt \u00e1 tungum\u00e1linu. \u00deessi handb\u00f3k veitir yfirlit yfir mikilv\u00e6g Maori m\u00e1lfr\u00e6\u00f0iefni, skipul\u00f6g\u00f0 \u00ed r\u00f6\u00f0 [&hellip;]<\/p>\n","protected":false},"author":6,"featured_media":116791,"parent":0,"menu_order":0,"comment_status":"closed","ping_status":"closed","template":"LearningContentPage.php","meta":{"_acf_changed":false,"footnotes":""},"class_list":["post-159072","page","type-page","status-publish","has-post-thumbnail","hentry"],"acf":[],"yoast_head":"<!-- This site is optimized with the Yoast SEO Premium plugin v27.2 (Yoast SEO v27.2) - https:\/\/yoast.com\/product\/yoast-seo-premium-wordpress\/ -->\n<title>Maori m\u00e1lfr\u00e6\u00f0i \u00e6fingar - Talkpal<\/title>\n<meta name=\"description\" content=\"B\u00e6ttu tungum\u00e1lakunn\u00e1ttu \u00fe\u00edna me\u00f0 ma\u00f3r\u00edskum m\u00e1lfr\u00e6\u00f0i\u00e6fingum sem eru hanna\u00f0ar til a\u00f0 auka skilning \u00feinn og reiprennsli \u00ed ma\u00f3r\u00ed.\" \/>\n<meta name=\"robots\" content=\"index, follow, max-snippet:-1, max-image-preview:large, max-video-preview:-1\" \/>\n<link rel=\"canonical\" href=\"https:\/\/talkpal.ai\/is\/maori-malfraedi-aefingar\/\" \/>\n<meta property=\"og:locale\" content=\"is_IS\" \/>\n<meta property=\"og:type\" content=\"article\" \/>\n<meta property=\"og:title\" content=\"Maori m\u00e1lfr\u00e6\u00f0i \u00e6fingar\" \/>\n<meta property=\"og:description\" content=\"Maori m\u00e1lfr\u00e6\u00f0i efni Maori tungum\u00e1li\u00f0, \u00feekkt sem te reo Maori, er austur-p\u00f3l\u00fdnes\u00edskt tungum\u00e1l innf\u00e6ddur \u00e1 N\u00fdja Sj\u00e1landi. Sem opinbert tungum\u00e1l landsins ber\" \/>\n<meta property=\"og:url\" content=\"https:\/\/talkpal.ai\/is\/maori-malfraedi-aefingar\/\" \/>\n<meta property=\"og:site_name\" content=\"Talkpal\" \/>\n<meta property=\"article:publisher\" content=\"https:\/\/www.facebook.com\/profile.php?id=100090733639311\" \/>\n<meta property=\"article:modified_time\" content=\"2025-12-17T14:40:27+00:00\" \/>\n<meta property=\"og:image\" content=\"https:\/\/talkpal.ai\/wp-content\/uploads\/2023\/05\/Maori-new-zealand.png\" \/>\n\t<meta property=\"og:image:width\" content=\"512\" \/>\n\t<meta property=\"og:image:height\" content=\"512\" \/>\n\t<meta property=\"og:image:type\" content=\"image\/png\" \/>\n<meta name=\"twitter:card\" content=\"summary_large_image\" \/>\n<meta name=\"twitter:site\" content=\"@talkpalai\" \/>\n<meta name=\"twitter:label1\" content=\"Est. reading time\" \/>\n\t<meta name=\"twitter:data1\" content=\"3 minutes\" \/>\n<script type=\"application\/ld+json\" class=\"yoast-schema-graph\">{\"@context\":\"https:\/\/schema.org\",\"@graph\":[{\"@type\":\"WebPage\",\"@id\":\"https:\/\/talkpal.ai\/is\/maori-malfraedi-aefingar\/\",\"url\":\"https:\/\/talkpal.ai\/is\/maori-malfraedi-aefingar\/\",\"name\":\"Maori m\u00e1lfr\u00e6\u00f0i \u00e6fingar - Talkpal\",\"isPartOf\":{\"@id\":\"https:\/\/talkpal.ai\/is\/#website\"},\"primaryImageOfPage\":{\"@id\":\"https:\/\/talkpal.ai\/is\/maori-malfraedi-aefingar\/#primaryimage\"},\"image\":{\"@id\":\"https:\/\/talkpal.ai\/is\/maori-malfraedi-aefingar\/#primaryimage\"},\"thumbnailUrl\":\"https:\/\/talkpal.ai\/wp-content\/uploads\/2023\/05\/Maori-new-zealand.png\",\"datePublished\":\"2023-06-22T08:43:13+00:00\",\"dateModified\":\"2025-12-17T14:40:27+00:00\",\"description\":\"B\u00e6ttu tungum\u00e1lakunn\u00e1ttu \u00fe\u00edna me\u00f0 ma\u00f3r\u00edskum m\u00e1lfr\u00e6\u00f0i\u00e6fingum sem eru hanna\u00f0ar til a\u00f0 auka skilning \u00feinn og reiprennsli \u00ed ma\u00f3r\u00ed.\",\"breadcrumb\":{\"@id\":\"https:\/\/talkpal.ai\/is\/maori-malfraedi-aefingar\/#breadcrumb\"},\"inLanguage\":\"is\",\"potentialAction\":[{\"@type\":\"ReadAction\",\"target\":[\"https:\/\/talkpal.ai\/is\/maori-malfraedi-aefingar\/\"]}]},{\"@type\":\"ImageObject\",\"inLanguage\":\"is\",\"@id\":\"https:\/\/talkpal.ai\/is\/maori-malfraedi-aefingar\/#primaryimage\",\"url\":\"https:\/\/talkpal.ai\/wp-content\/uploads\/2023\/05\/Maori-new-zealand.png\",\"contentUrl\":\"https:\/\/talkpal.ai\/wp-content\/uploads\/2023\/05\/Maori-new-zealand.png\",\"width\":512,\"height\":512},{\"@type\":\"BreadcrumbList\",\"@id\":\"https:\/\/talkpal.ai\/is\/maori-malfraedi-aefingar\/#breadcrumb\",\"itemListElement\":[{\"@type\":\"ListItem\",\"position\":1,\"name\":\"Homepage\",\"item\":\"https:\/\/talkpal.ai\/is\/\"},{\"@type\":\"ListItem\",\"position\":2,\"name\":\"Maori m\u00e1lfr\u00e6\u00f0i \u00e6fingar\"}]},{\"@type\":\"WebSite\",\"@id\":\"https:\/\/talkpal.ai\/is\/#website\",\"url\":\"https:\/\/talkpal.ai\/is\/\",\"name\":\"Talkpal\",\"description\":\"AI Language Learning\",\"publisher\":{\"@id\":\"https:\/\/talkpal.ai\/is\/#organization\"},\"alternateName\":\"Talkpal AI\",\"potentialAction\":[{\"@type\":\"SearchAction\",\"target\":{\"@type\":\"EntryPoint\",\"urlTemplate\":\"https:\/\/talkpal.ai\/is\/?s={search_term_string}\"},\"query-input\":{\"@type\":\"PropertyValueSpecification\",\"valueRequired\":true,\"valueName\":\"search_term_string\"}}],\"inLanguage\":\"is\"},{\"@type\":\"Organization\",\"@id\":\"https:\/\/talkpal.ai\/is\/#organization\",\"name\":\"Talkpal, Inc.\",\"alternateName\":\"Talkpal AI\",\"url\":\"https:\/\/talkpal.ai\/is\/\",\"logo\":{\"@type\":\"ImageObject\",\"inLanguage\":\"is\",\"@id\":\"https:\/\/talkpal.ai\/is\/#\/schema\/logo\/image\/\",\"url\":\"https:\/\/talkpal.ai\/wp-content\/uploads\/2024\/03\/Talkpal-Logo-Icon.png\",\"contentUrl\":\"https:\/\/talkpal.ai\/wp-content\/uploads\/2024\/03\/Talkpal-Logo-Icon.png\",\"width\":2880,\"height\":2880,\"caption\":\"Talkpal, Inc.\"},\"image\":{\"@id\":\"https:\/\/talkpal.ai\/is\/#\/schema\/logo\/image\/\"},\"sameAs\":[\"https:\/\/www.facebook.com\/profile.php?id=100090733639311\",\"https:\/\/x.com\/talkpalai\",\"https:\/\/www.linkedin.com\/company\/talkpal\/\",\"https:\/\/www.youtube.com\/@TalkPal\/\",\"https:\/\/www.tiktok.com\/@talkpal\",\"https:\/\/www.instagram.com\/talkpal_ai\/\",\"https:\/\/www.crunchbase.com\/organization\/talkpal-9cde\",\"https:\/\/www.g2.com\/products\/talkpal-for-business\/\",\"https:\/\/www.trustpilot.com\/review\/talkpal.ai\",\"https:\/\/www.capterra.com\/p\/10006800\/TalkPal\/\"],\"description\":\"Talkpal is a language learning web and mobile education app, powered by the latest AI technologies, that provides engaging experiences to its customers in many different languages to help them improve their language skills. Users can chat about unlimited amount of topics with the app and use other modes to practice their language learning.\",\"email\":\"support@talkpal.ai\",\"legalName\":\"Talkpal, Inc.\",\"foundingDate\":\"2023-04-03\",\"duns\":\"118989042\",\"numberOfEmployees\":{\"@type\":\"QuantitativeValue\",\"minValue\":\"11\",\"maxValue\":\"50\"},\"publishingPrinciples\":\"https:\/\/talkpal.ai\/publishing-principles\/\",\"actionableFeedbackPolicy\":\"https:\/\/talkpal.ai\/actionable-feedback-policy\/\",\"correctionsPolicy\":\"https:\/\/talkpal.ai\/corrections-policy\/\",\"ethicsPolicy\":\"https:\/\/talkpal.ai\/ethics-policy\/\",\"diversityPolicy\":\"https:\/\/talkpal.ai\/diversity-policy\/\",\"diversityStaffingReport\":\"https:\/\/talkpal.ai\/diversity-policy\/\"}]}<\/script>\n<!-- \/ Yoast SEO Premium plugin. -->","yoast_head_json":{"title":"Maori m\u00e1lfr\u00e6\u00f0i \u00e6fingar - Talkpal","description":"B\u00e6ttu tungum\u00e1lakunn\u00e1ttu \u00fe\u00edna me\u00f0 ma\u00f3r\u00edskum m\u00e1lfr\u00e6\u00f0i\u00e6fingum sem eru hanna\u00f0ar til a\u00f0 auka skilning \u00feinn og reiprennsli \u00ed ma\u00f3r\u00ed.","robots":{"index":"index","follow":"follow","max-snippet":"max-snippet:-1","max-image-preview":"max-image-preview:large","max-video-preview":"max-video-preview:-1"},"canonical":"https:\/\/talkpal.ai\/is\/maori-malfraedi-aefingar\/","og_locale":"is_IS","og_type":"article","og_title":"Maori m\u00e1lfr\u00e6\u00f0i \u00e6fingar","og_description":"Maori m\u00e1lfr\u00e6\u00f0i efni Maori tungum\u00e1li\u00f0, \u00feekkt sem te reo Maori, er austur-p\u00f3l\u00fdnes\u00edskt tungum\u00e1l innf\u00e6ddur \u00e1 N\u00fdja Sj\u00e1landi. Sem opinbert tungum\u00e1l landsins ber","og_url":"https:\/\/talkpal.ai\/is\/maori-malfraedi-aefingar\/","og_site_name":"Talkpal","article_publisher":"https:\/\/www.facebook.com\/profile.php?id=100090733639311","article_modified_time":"2025-12-17T14:40:27+00:00","og_image":[{"width":512,"height":512,"url":"https:\/\/talkpal.ai\/wp-content\/uploads\/2023\/05\/Maori-new-zealand.png","type":"image\/png"}],"twitter_card":"summary_large_image","twitter_site":"@talkpalai","twitter_misc":{"Est. reading time":"3 minutes"},"schema":{"@context":"https:\/\/schema.org","@graph":[{"@type":"WebPage","@id":"https:\/\/talkpal.ai\/is\/maori-malfraedi-aefingar\/","url":"https:\/\/talkpal.ai\/is\/maori-malfraedi-aefingar\/","name":"Maori m\u00e1lfr\u00e6\u00f0i \u00e6fingar - Talkpal","isPartOf":{"@id":"https:\/\/talkpal.ai\/is\/#website"},"primaryImageOfPage":{"@id":"https:\/\/talkpal.ai\/is\/maori-malfraedi-aefingar\/#primaryimage"},"image":{"@id":"https:\/\/talkpal.ai\/is\/maori-malfraedi-aefingar\/#primaryimage"},"thumbnailUrl":"https:\/\/talkpal.ai\/wp-content\/uploads\/2023\/05\/Maori-new-zealand.png","datePublished":"2023-06-22T08:43:13+00:00","dateModified":"2025-12-17T14:40:27+00:00","description":"B\u00e6ttu tungum\u00e1lakunn\u00e1ttu \u00fe\u00edna me\u00f0 ma\u00f3r\u00edskum m\u00e1lfr\u00e6\u00f0i\u00e6fingum sem eru hanna\u00f0ar til a\u00f0 auka skilning \u00feinn og reiprennsli \u00ed ma\u00f3r\u00ed.","breadcrumb":{"@id":"https:\/\/talkpal.ai\/is\/maori-malfraedi-aefingar\/#breadcrumb"},"inLanguage":"is","potentialAction":[{"@type":"ReadAction","target":["https:\/\/talkpal.ai\/is\/maori-malfraedi-aefingar\/"]}]},{"@type":"ImageObject","inLanguage":"is","@id":"https:\/\/talkpal.ai\/is\/maori-malfraedi-aefingar\/#primaryimage","url":"https:\/\/talkpal.ai\/wp-content\/uploads\/2023\/05\/Maori-new-zealand.png","contentUrl":"https:\/\/talkpal.ai\/wp-content\/uploads\/2023\/05\/Maori-new-zealand.png","width":512,"height":512},{"@type":"BreadcrumbList","@id":"https:\/\/talkpal.ai\/is\/maori-malfraedi-aefingar\/#breadcrumb","itemListElement":[{"@type":"ListItem","position":1,"name":"Homepage","item":"https:\/\/talkpal.ai\/is\/"},{"@type":"ListItem","position":2,"name":"Maori m\u00e1lfr\u00e6\u00f0i \u00e6fingar"}]},{"@type":"WebSite","@id":"https:\/\/talkpal.ai\/is\/#website","url":"https:\/\/talkpal.ai\/is\/","name":"Talkpal","description":"AI Language Learning","publisher":{"@id":"https:\/\/talkpal.ai\/is\/#organization"},"alternateName":"Talkpal AI","potentialAction":[{"@type":"SearchAction","target":{"@type":"EntryPoint","urlTemplate":"https:\/\/talkpal.ai\/is\/?s={search_term_string}"},"query-input":{"@type":"PropertyValueSpecification","valueRequired":true,"valueName":"search_term_string"}}],"inLanguage":"is"},{"@type":"Organization","@id":"https:\/\/talkpal.ai\/is\/#organization","name":"Talkpal, Inc.","alternateName":"Talkpal AI","url":"https:\/\/talkpal.ai\/is\/","logo":{"@type":"ImageObject","inLanguage":"is","@id":"https:\/\/talkpal.ai\/is\/#\/schema\/logo\/image\/","url":"https:\/\/talkpal.ai\/wp-content\/uploads\/2024\/03\/Talkpal-Logo-Icon.png","contentUrl":"https:\/\/talkpal.ai\/wp-content\/uploads\/2024\/03\/Talkpal-Logo-Icon.png","width":2880,"height":2880,"caption":"Talkpal, Inc."},"image":{"@id":"https:\/\/talkpal.ai\/is\/#\/schema\/logo\/image\/"},"sameAs":["https:\/\/www.facebook.com\/profile.php?id=100090733639311","https:\/\/x.com\/talkpalai","https:\/\/www.linkedin.com\/company\/talkpal\/","https:\/\/www.youtube.com\/@TalkPal\/","https:\/\/www.tiktok.com\/@talkpal","https:\/\/www.instagram.com\/talkpal_ai\/","https:\/\/www.crunchbase.com\/organization\/talkpal-9cde","https:\/\/www.g2.com\/products\/talkpal-for-business\/","https:\/\/www.trustpilot.com\/review\/talkpal.ai","https:\/\/www.capterra.com\/p\/10006800\/TalkPal\/"],"description":"Talkpal is a language learning web and mobile education app, powered by the latest AI technologies, that provides engaging experiences to its customers in many different languages to help them improve their language skills. Users can chat about unlimited amount of topics with the app and use other modes to practice their language learning.","email":"support@talkpal.ai","legalName":"Talkpal, Inc.","foundingDate":"2023-04-03","duns":"118989042","numberOfEmployees":{"@type":"QuantitativeValue","minValue":"11","maxValue":"50"},"publishingPrinciples":"https:\/\/talkpal.ai\/publishing-principles\/","actionableFeedbackPolicy":"https:\/\/talkpal.ai\/actionable-feedback-policy\/","correctionsPolicy":"https:\/\/talkpal.ai\/corrections-policy\/","ethicsPolicy":"https:\/\/talkpal.ai\/ethics-policy\/","diversityPolicy":"https:\/\/talkpal.ai\/diversity-policy\/","diversityStaffingReport":"https:\/\/talkpal.ai\/diversity-policy\/"}]}},"_links":{"self":[{"href":"https:\/\/talkpal.ai\/is\/wp-json\/wp\/v2\/pages\/159072","targetHints":{"allow":["GET"]}}],"collection":[{"href":"https:\/\/talkpal.ai\/is\/wp-json\/wp\/v2\/pages"}],"about":[{"href":"https:\/\/talkpal.ai\/is\/wp-json\/wp\/v2\/types\/page"}],"author":[{"embeddable":true,"href":"https:\/\/talkpal.ai\/is\/wp-json\/wp\/v2\/users\/6"}],"replies":[{"embeddable":true,"href":"https:\/\/talkpal.ai\/is\/wp-json\/wp\/v2\/comments?post=159072"}],"version-history":[{"count":0,"href":"https:\/\/talkpal.ai\/is\/wp-json\/wp\/v2\/pages\/159072\/revisions"}],"wp:featuredmedia":[{"embeddable":true,"href":"https:\/\/talkpal.ai\/is\/wp-json\/wp\/v2\/media\/116791"}],"wp:attachment":[{"href":"https:\/\/talkpal.ai\/is\/wp-json\/wp\/v2\/media?parent=159072"}],"curies":[{"name":"wp","href":"https:\/\/api.w.org\/{rel}","templated":true}]}}