{"id":158753,"date":"2023-06-22T08:52:21","date_gmt":"2023-06-22T08:52:21","guid":{"rendered":"http:\/\/talkpal.ai\/nepalska-malfraedi-aefingar\/"},"modified":"2025-12-17T14:36:12","modified_gmt":"2025-12-17T14:36:12","slug":"nepalska-malfraedi-aefingar","status":"publish","type":"page","link":"https:\/\/talkpal.ai\/is\/nepalska-malfraedi-aefingar\/","title":{"rendered":"Nepalska M\u00e1lfr\u00e6\u00f0i \u00c6fingar"},"content":{"rendered":"\r\n\r\n\r\n<section class=\"languageChallengeSection\">\r\n    <div class=\"languageInfoWrapper\">\r\n        \r\n        <h1>Nepalska M\u00e1lfr\u00e6\u00f0i \u00c6fingar<\/h1>\r\n        <p>Viltu \u00f6\u00f0last meira sj\u00e1lfstraust \u00ed nepalsku? A\u00f0 \u00e6fa m\u00e1lfr\u00e6\u00f0i\u00e6fingar er fr\u00e1b\u00e6r lei\u00f0 til a\u00f0 skilja setningarbyggingu, sagnor\u00f0 og einst\u00f6k mynstur tungum\u00e1lsins. Byrja\u00f0u a\u00f0 vinna \u00ed nepalsku <a href=\"https:\/\/talkpal.ai\/grammar\/\">m\u00e1lfr\u00e6\u00f0i<\/a> \u00ed dag og horf\u00f0u \u00e1 f\u00e6rni \u00fe\u00edna og fl\u00e6\u00f0i vaxa me\u00f0 hverri \u00e6fingu!<\/p>\r\n\r\n                            <a class=\"getStartedHidden\" href=\"https:\/\/app.talkpal.ai\/signup?lng=\">Byrja\u00f0u<\/a>\r\n        \r\n    <\/div>\r\n\r\n    <figure>\r\n    <img decoding=\"async\" width=\"768\" height=\"768\" src=\"https:\/\/talkpal.ai\/wp-content\/uploads\/2023\/06\/nepali-768x768.png\" class=\"languageImage no-lazy\" alt=\"Practical language learning for real-life application\" fetchpriority=\"high\" sizes=\"(max-width: 768px) 150px, 768px\" srcset=\"https:\/\/talkpal.ai\/wp-content\/uploads\/2023\/06\/nepali-768x768.png 768w, https:\/\/talkpal.ai\/wp-content\/uploads\/2023\/06\/nepali-300x300.png 300w\" \/>\r\n    \r\n\r\n    <\/figure>\r\n\r\n            <a class=\"getStartedVisible\" href=\"https:\/\/app.talkpal.ai\/signup?lng=\">Byrja\u00f0u<\/a>\r\n    \r\n<\/section>\r\n\r\n\r\n<!-- <section class=\"grammarSection\">\r\n    <div class=\"grammarLinks\">\r\n            <\/div>\r\n<\/section> -->\r\n\r\n\r\n\r\n\r\n<section class=\"promotionalBanner\">\r\n    <p class=\"promotionalText\">Skilvirkasta lei\u00f0in til a\u00f0 l\u00e6ra tungum\u00e1l<\/p>\r\n    <a class=\"promotionalLink\" href=\"https:\/\/app.talkpal.ai\/signup?lng=\">Pr\u00f3fa\u00f0u Talkpal \u00f3keypis<\/a>\r\n<\/section>\n<div class=\"wp-block-group pageContainerStyle\"><div class=\"wp-block-group__inner-container is-layout-constrained wp-block-group-is-layout-constrained\">\n<h2 class=\"wp-block-heading\" id=\"h-nepali-grammar-topics\">nepalska M\u00e1lfr\u00e6\u00f0i Topics<\/h2>\n\n\n\n<p>A\u00f0 l\u00e6ra <a href=\"https:\/\/talkpal.ai\/learn-nepali\/\">nepalska<\/a> tungum\u00e1li\u00f0 getur veri\u00f0 heillandi og gefandi reynsla fyrir alla sem hafa \u00e1huga \u00e1 a\u00f0 kafa \u00ed r\u00edka menningu og s\u00f6gu Nepal. Eins og me\u00f0 <a href=\"https:\/\/talkpal.ai\/languages\/\">\u00f6ll tungum\u00e1l<\/a> skiptir \u00fea\u00f0 sk\u00f6pum a\u00f0 n\u00e1 t\u00f6kum \u00e1 nepalskri m\u00e1lfr\u00e6\u00f0i fyrir \u00e1rangursr\u00edk samskipti. \u00deessi grein mun lei\u00f0a \u00feig \u00ed gegnum nep\u00f6lsku m\u00e1lfr\u00e6\u00f0iefnin, h\u00f3pu\u00f0 saman \u00ed r\u00f6\u00f0 sem mun au\u00f0velda tungum\u00e1lan\u00e1m \u00feitt. Fr\u00e1 spennu til setningager\u00f0a mun \u00feessi handb\u00f3k veita \u00fe\u00e9r yfirlit yfir mikilv\u00e6g m\u00e1lfr\u00e6\u00f0ihugt\u00f6k sem munu leggja sterkan grunn a\u00f0 nepalskri tungum\u00e1lakunn\u00e1ttu \u00feinni.<\/p>\n\n\n\n<h3 class=\"wp-block-heading\" id=\"h-1-tenses\">1. Spennur:<\/h3>\n\n\n\n<p>Skilningur \u00e1 spennu er nau\u00f0synlegur til a\u00f0 l\u00e6ra hva\u00f0a tungum\u00e1l sem er, \u00fear sem \u00feau hj\u00e1lpa til vi\u00f0 a\u00f0 mi\u00f0la t\u00edma a\u00f0ger\u00f0ar e\u00f0a atbur\u00f0ar. \u00c1 nepalsku eru \u00ferj\u00fa meginatri\u00f0i: fort\u00ed\u00f0, n\u00fat\u00ed\u00f0 og framt\u00ed\u00f0. Hver spenna hefur sitt eigi\u00f0 sett af sagnbeygingarreglum, sem \u00fe\u00fa \u00e6ttir a\u00f0 kynna \u00fe\u00e9r til a\u00f0 l\u00fdsa a\u00f0ger\u00f0um n\u00e1kv\u00e6mlega \u00ed mismunandi t\u00edmaramma.<\/p>\n\n\n\n<h3 class=\"wp-block-heading\" id=\"h-2-tense-comparison\">2. Spenntur samanbur\u00f0ur:<\/h3>\n\n\n\n<p>Samanbur\u00f0ur \u00e1 spennu \u00e1 nepalsku er mikilv\u00e6gur \u00fe\u00e1ttur \u00ed \u00fev\u00ed a\u00f0 n\u00e1 t\u00f6kum \u00e1 tungum\u00e1linu. \u00deetta felur \u00ed s\u00e9r a\u00f0 skilja hvernig mismunandi spennur tengjast hver \u00f6\u00f0rum og hvernig \u00e1 a\u00f0 nota \u00fe\u00e6r \u00ed tengslum vi\u00f0 sk\u00fdr samskipti. \u00deetta mun hj\u00e1lpa \u00fe\u00e9r a\u00f0 for\u00f0ast rugling \u00feegar \u00fe\u00fa r\u00e6\u00f0ir atbur\u00f0i sem eiga s\u00e9r sta\u00f0 \u00ed fort\u00ed\u00f0, n\u00fat\u00ed\u00f0 e\u00f0a framt\u00ed\u00f0.<\/p>\n\n\n\n<h3 class=\"wp-block-heading\" id=\"h-3-progressive\">3. Frams\u00e6ki\u00f0:<\/h3>\n\n\n\n<p>Frams\u00e6kni \u00fe\u00e1tturinn \u00ed nepalskri m\u00e1lfr\u00e6\u00f0i bendir til \u00e1framhaldandi a\u00f0ger\u00f0a. A\u00f0 l\u00e6ra frams\u00e6ki\u00f0 form sagna er mikilv\u00e6gt til a\u00f0 tj\u00e1 athafnir sem eru a\u00f0 gerast e\u00f0a voru a\u00f0 gerast \u00e1 \u00e1kve\u00f0num t\u00edmapunkti. \u00deetta mun hj\u00e1lpa \u00fe\u00e9r a\u00f0 b\u00faa til kraftmeiri og gr\u00edpandi samt\u00f6l \u00e1 nepalsku.<\/p>\n\n\n\n<h3 class=\"wp-block-heading\" id=\"h-4-perfect-progressive\">4. Fullkominn frams\u00e6kinn:<\/h3>\n\n\n\n<p>\u00deessi spenna sameinar hugt\u00f6kin fullkomin og frams\u00e6kin spenna. Hin fullkomna frams\u00e6kna spenna er notu\u00f0 til a\u00f0 l\u00fdsa ath\u00f6fn sem h\u00f3fst \u00ed fort\u00ed\u00f0inni og h\u00e9lt \u00e1fram allt til annars t\u00edmapunkts \u00ed fort\u00ed\u00f0inni. A\u00f0 n\u00e1 t\u00f6kum \u00e1 \u00feessari spennu gerir \u00fe\u00e9r kleift a\u00f0 veita n\u00e1kv\u00e6mar uppl\u00fdsingar um fyrri a\u00f0ger\u00f0ir og lengd \u00feeirra.<\/p>\n\n\n\n<h3 class=\"wp-block-heading\" id=\"h-5-verbs\">5. Sagnir:<\/h3>\n\n\n\n<p>Sagnir eru bur\u00f0ar\u00e1s hva\u00f0a tungum\u00e1ls sem er og nepalska er engin undantekning. Til a\u00f0 <a href=\"https:\/\/talkpal.ai\/locations\/language-courses-in-tala\/\">tala<\/a> og skilja nepalska \u00e1 \u00e1hrifar\u00edkan h\u00e1tt er nau\u00f0synlegt a\u00f0 l\u00e6ra mismunandi form sagna, beygingar \u00feeirra og hvernig \u00fe\u00e6r virka \u00ed setningum.<\/p>\n\n\n\n<h3 class=\"wp-block-heading\" id=\"h-6-nouns\">6. Nafnor\u00f0:<\/h3>\n\n\n\n<p>Sterk t\u00f6k \u00e1 nep\u00f6lskum nafnor\u00f0um eru nau\u00f0synleg til a\u00f0 byggja upp traustan or\u00f0afor\u00f0a. A\u00f0 l\u00e6ra um algeng og r\u00e9tt nafnor\u00f0, svo og teljandi og \u00f3teljandi nafnor\u00f0, mun hj\u00e1lpa \u00fe\u00e9r a\u00f0 bera kennsl \u00e1 og nota \u00feessa nau\u00f0synlegu hluta r\u00e6\u00f0unnar r\u00e9tt \u00ed samt\u00f6lum \u00fe\u00ednum.<\/p>\n\n\n\n<h3 class=\"wp-block-heading\" id=\"h-7-articles\">7. Greinar:<\/h3>\n\n\n\n<p>\u00c1 nepalsku eru greinar ekki eins \u00e1berandi og \u00e1 ensku, en \u00fea\u00f0 er samt nau\u00f0synlegt a\u00f0 l\u00e6ra notkun \u00feeirra. A\u00f0 n\u00e1 t\u00f6kum \u00e1 notkun greina mun hj\u00e1lpa \u00fe\u00e9r a\u00f0 bera kennsl \u00e1 og l\u00fdsa hlutum, f\u00f3lki og hugt\u00f6kum n\u00e1kv\u00e6mlega \u00ed samt\u00f6lum \u00fe\u00ednum.<\/p>\n\n\n\n<h3 class=\"wp-block-heading\" id=\"h-8-pronouns-determiners\">8. Forn\u00f6fn\/\u00e1kv\u00f6r\u00f0unaror\u00f0:<\/h3>\n\n\n\n<p>A\u00f0 kynna s\u00e9r nep\u00f6lsk forn\u00f6fn og \u00e1kvar\u00f0ana skiptir sk\u00f6pum fyrir sk\u00fdr og hnitmi\u00f0u\u00f0 samskipti. \u00deessir hlutar talsins hj\u00e1lpa til vi\u00f0 a\u00f0 skipta um e\u00f0a tilgreina nafnor\u00f0 \u00ed setningum, sem gerir samt\u00f6lin \u00fe\u00edn skilvirkari og e\u00f0lilegri.<\/p>\n\n\n\n<h3 class=\"wp-block-heading\" id=\"h-9-adjectives\">9. L\u00fdsingaror\u00f0:<\/h3>\n\n\n\n<p>L\u00fdsingaror\u00f0 eru nau\u00f0synleg til a\u00f0 b\u00e6ta d\u00fdpt og sm\u00e1atri\u00f0um vi\u00f0 nepalska samt\u00f6lin \u00fe\u00edn. A\u00f0 l\u00e6ra hvernig \u00e1 a\u00f0 nota l\u00fdsingaror\u00f0 r\u00e9tt gerir \u00fe\u00e9r kleift a\u00f0 l\u00fdsa f\u00f3lki, st\u00f6\u00f0um og hlutum n\u00e1kv\u00e6mlega, sem gerir r\u00e6\u00f0u \u00fe\u00edna meira a\u00f0la\u00f0andi og fr\u00e6\u00f0andi.<\/p>\n\n\n\n<h3 class=\"wp-block-heading\" id=\"h-10-adverbs\">10. Atviksor\u00f0<\/h3>\n\n\n\n<p>: \u00c1 nep\u00f6lsku gegna atviksor\u00f0 mikilv\u00e6gu hlutverki vi\u00f0 a\u00f0 breyta s\u00f6gnum, l\u00fdsingaror\u00f0um e\u00f0a \u00f6\u00f0rum atviksor\u00f0um. A\u00f0 skilja hvernig \u00e1 a\u00f0 nota atviksor\u00f0 gerir \u00fe\u00e9r kleift a\u00f0 veita frekari uppl\u00fdsingar um a\u00f0ger\u00f0ir, \u00e1stand e\u00f0a eiginleika \u00ed samt\u00f6lum \u00fe\u00ednum.<\/p>\n\n\n\n<h3 class=\"wp-block-heading\" id=\"h-11-conditionals\">11. Skilyr\u00f0i:<\/h3>\n\n\n\n<p>A\u00f0 n\u00e1 t\u00f6kum \u00e1 nep\u00f6lskum skilyr\u00f0um gerir \u00fe\u00e9r kleift a\u00f0 tj\u00e1 \u00edmynda\u00f0ar a\u00f0st\u00e6\u00f0ur og aflei\u00f0ingar \u00feeirra. \u00deetta er mikilv\u00e6gt til a\u00f0 skapa fl\u00f3knar, bl\u00e6brig\u00f0ar\u00edkar umr\u00e6\u00f0ur \u00e1 tungum\u00e1linu.<\/p>\n\n\n\n<h3 class=\"wp-block-heading\" id=\"h-12-prepositions\">12. Forsetningar:<\/h3>\n\n\n\n<p>Forsetningar eru nau\u00f0synlegar til a\u00f0 gefa til kynna tengsl milli or\u00f0a \u00ed setningu. A\u00f0 l\u00e6ra r\u00e9tta notkun forsetninga mun hj\u00e1lpa \u00fe\u00e9r a\u00f0 b\u00faa til sk\u00fdrar og samhangandi setningar \u00e1 nepalsku.<\/p>\n\n\n\n<h3 class=\"wp-block-heading\" id=\"h-13-sentences\">13. Setningar:<\/h3>\n\n\n\n<p>A\u00f0 lokum er skilningur \u00e1 uppbyggingu og tegundum nepalskra setninga nau\u00f0synlegur fyrir skilvirk samskipti. Kynntu \u00fe\u00e9r einfaldar, samsettar og fl\u00f3knar setningar og l\u00e6r\u00f0u hvernig \u00e1 a\u00f0 sm\u00ed\u00f0a \u00fe\u00e6r r\u00e9tt til a\u00f0 koma hugsunum \u00fe\u00ednum og hugmyndum \u00e1 framf\u00e6ri \u00e1 tungum\u00e1linu.<\/p>\n<\/div><\/div>\n\r\n<section class=\"learnNavigationSection\">\r\n            \r\n        <a href=\"https:\/\/talkpal.ai\/is\/laerdu-nepalska\/\">\r\n            <div class=\"learnNavigationWrapper\">\r\n                <div class=\"learnNavigationContent\">\r\n                    <img decoding=\"async\" src=\"https:\/\/talkpal.ai\/wp-content\/uploads\/2024\/08\/Nepali.jpg\" alt=\"Nepali Flag\">\r\n                    <div>\r\n                        <h4>Um nepalska n\u00e1m<\/h4>\r\n                        <p>Finndu \u00fat allt um nepalska m\u00e1lfr\u00e6\u00f0i.<\/p>\r\n                    <\/div>\r\n                <\/div>\r\n            <\/div>\r\n        <\/a>\r\n\r\n        \r\n        <a href=\"https:\/\/talkpal.ai\/is\/nepolsk-malfraedi\/\">\r\n            <div class=\"learnNavigationWrapper\">\r\n                <div class=\"learnNavigationContent\">\r\n                    <img decoding=\"async\" src=\"https:\/\/talkpal.ai\/wp-content\/uploads\/2024\/08\/Nepali.jpg\" alt=\"Nepali Flag\">\r\n                    <div>\r\n                        <h4>Nepalska m\u00e1lfr\u00e6\u00f0i kennslustundir<\/h4>\r\n                        <p>\u00c6f\u00f0u nepalska m\u00e1lfr\u00e6\u00f0i.<\/p>\r\n                    <\/div>\r\n                <\/div>\r\n            <\/div>\r\n        <\/a>\r\n\r\n        \r\n        <a href=\"https:\/\/talkpal.ai\/vocabulary_language\/nepali\/\">\r\n            <div class=\"learnNavigationWrapper\">\r\n                <div class=\"learnNavigationContent\">\r\n                    <img decoding=\"async\" src=\"https:\/\/talkpal.ai\/wp-content\/uploads\/2024\/08\/Nepali.jpg\" alt=\"Nepali Flag\">\r\n                    <div>\r\n                        <h4>nepalskur or\u00f0afor\u00f0i<\/h4>\r\n                        <p>St\u00e6kka\u00f0u nepalska or\u00f0afor\u00f0a \u00feinn.<\/p>\r\n                    <\/div>\r\n                <\/div>\r\n            <\/div>\r\n        <\/a>\r\n\r\n            <\/section>","protected":false},"excerpt":{"rendered":"<p>nepalska M\u00e1lfr\u00e6\u00f0i Topics A\u00f0 l\u00e6ra nepalska tungum\u00e1li\u00f0 getur veri\u00f0 heillandi og gefandi reynsla fyrir alla sem hafa \u00e1huga \u00e1 a\u00f0 kafa \u00ed r\u00edka menningu og s\u00f6gu Nepal. Eins og me\u00f0 \u00f6ll tungum\u00e1l skiptir \u00fea\u00f0 sk\u00f6pum a\u00f0 n\u00e1 t\u00f6kum \u00e1 nepalskri m\u00e1lfr\u00e6\u00f0i fyrir \u00e1rangursr\u00edk samskipti. \u00deessi grein mun lei\u00f0a \u00feig \u00ed gegnum nep\u00f6lsku m\u00e1lfr\u00e6\u00f0iefnin, h\u00f3pu\u00f0 saman [&hellip;]<\/p>\n","protected":false},"author":6,"featured_media":116219,"parent":0,"menu_order":0,"comment_status":"closed","ping_status":"closed","template":"LearningContentPage.php","meta":{"_acf_changed":false,"footnotes":""},"class_list":["post-158753","page","type-page","status-publish","has-post-thumbnail","hentry"],"acf":[],"yoast_head":"<!-- This site is optimized with the Yoast SEO Premium plugin v27.2 (Yoast SEO v27.2) - https:\/\/yoast.com\/product\/yoast-seo-premium-wordpress\/ -->\n<title>Nepalska M\u00e1lfr\u00e6\u00f0i \u00c6fingar - Talkpal<\/title>\n<meta name=\"description\" content=\"N\u00e1\u00f0u nep\u00f6lsku m\u00e1lfr\u00e6\u00f0i\u00e6fingar fyrir \u00e1rangursr\u00edka samskipti. Kanna\u00f0u t\u00ed\u00f0ir og setningarbyggingar til a\u00f0 tryggja m\u00e1lfl\u00e6\u00f0i.\" \/>\n<meta name=\"robots\" content=\"index, follow, max-snippet:-1, max-image-preview:large, max-video-preview:-1\" \/>\n<link rel=\"canonical\" href=\"https:\/\/talkpal.ai\/is\/nepalska-malfraedi-aefingar\/\" \/>\n<meta property=\"og:locale\" content=\"is_IS\" \/>\n<meta property=\"og:type\" content=\"article\" \/>\n<meta property=\"og:title\" content=\"Nepalska M\u00e1lfr\u00e6\u00f0i \u00c6fingar\" \/>\n<meta property=\"og:description\" content=\"nepalska M\u00e1lfr\u00e6\u00f0i Topics A\u00f0 l\u00e6ra nepalska tungum\u00e1li\u00f0 getur veri\u00f0 heillandi og gefandi reynsla fyrir alla sem hafa \u00e1huga \u00e1 a\u00f0 kafa \u00ed r\u00edka menningu og s\u00f6gu\" \/>\n<meta property=\"og:url\" content=\"https:\/\/talkpal.ai\/is\/nepalska-malfraedi-aefingar\/\" \/>\n<meta property=\"og:site_name\" content=\"Talkpal\" \/>\n<meta property=\"article:publisher\" content=\"https:\/\/www.facebook.com\/profile.php?id=100090733639311\" \/>\n<meta property=\"article:modified_time\" content=\"2025-12-17T14:36:12+00:00\" \/>\n<meta property=\"og:image\" content=\"https:\/\/talkpal.ai\/wp-content\/uploads\/2023\/05\/nepal.png\" \/>\n\t<meta property=\"og:image:width\" content=\"512\" \/>\n\t<meta property=\"og:image:height\" content=\"512\" \/>\n\t<meta property=\"og:image:type\" content=\"image\/png\" \/>\n<meta name=\"twitter:card\" content=\"summary_large_image\" \/>\n<meta name=\"twitter:site\" content=\"@talkpalai\" \/>\n<meta name=\"twitter:label1\" content=\"Est. reading time\" \/>\n\t<meta name=\"twitter:data1\" content=\"4 minutes\" \/>\n<script type=\"application\/ld+json\" class=\"yoast-schema-graph\">{\"@context\":\"https:\/\/schema.org\",\"@graph\":[{\"@type\":\"WebPage\",\"@id\":\"https:\/\/talkpal.ai\/is\/nepalska-malfraedi-aefingar\/\",\"url\":\"https:\/\/talkpal.ai\/is\/nepalska-malfraedi-aefingar\/\",\"name\":\"Nepalska M\u00e1lfr\u00e6\u00f0i \u00c6fingar - Talkpal\",\"isPartOf\":{\"@id\":\"https:\/\/talkpal.ai\/is\/#website\"},\"primaryImageOfPage\":{\"@id\":\"https:\/\/talkpal.ai\/is\/nepalska-malfraedi-aefingar\/#primaryimage\"},\"image\":{\"@id\":\"https:\/\/talkpal.ai\/is\/nepalska-malfraedi-aefingar\/#primaryimage\"},\"thumbnailUrl\":\"https:\/\/talkpal.ai\/wp-content\/uploads\/2023\/05\/nepal.png\",\"datePublished\":\"2023-06-22T08:52:21+00:00\",\"dateModified\":\"2025-12-17T14:36:12+00:00\",\"description\":\"N\u00e1\u00f0u nep\u00f6lsku m\u00e1lfr\u00e6\u00f0i\u00e6fingar fyrir \u00e1rangursr\u00edka samskipti. Kanna\u00f0u t\u00ed\u00f0ir og setningarbyggingar til a\u00f0 tryggja m\u00e1lfl\u00e6\u00f0i.\",\"breadcrumb\":{\"@id\":\"https:\/\/talkpal.ai\/is\/nepalska-malfraedi-aefingar\/#breadcrumb\"},\"inLanguage\":\"is\",\"potentialAction\":[{\"@type\":\"ReadAction\",\"target\":[\"https:\/\/talkpal.ai\/is\/nepalska-malfraedi-aefingar\/\"]}]},{\"@type\":\"ImageObject\",\"inLanguage\":\"is\",\"@id\":\"https:\/\/talkpal.ai\/is\/nepalska-malfraedi-aefingar\/#primaryimage\",\"url\":\"https:\/\/talkpal.ai\/wp-content\/uploads\/2023\/05\/nepal.png\",\"contentUrl\":\"https:\/\/talkpal.ai\/wp-content\/uploads\/2023\/05\/nepal.png\",\"width\":512,\"height\":512},{\"@type\":\"BreadcrumbList\",\"@id\":\"https:\/\/talkpal.ai\/is\/nepalska-malfraedi-aefingar\/#breadcrumb\",\"itemListElement\":[{\"@type\":\"ListItem\",\"position\":1,\"name\":\"Homepage\",\"item\":\"https:\/\/talkpal.ai\/is\/\"},{\"@type\":\"ListItem\",\"position\":2,\"name\":\"Nepalska M\u00e1lfr\u00e6\u00f0i \u00c6fingar\"}]},{\"@type\":\"WebSite\",\"@id\":\"https:\/\/talkpal.ai\/is\/#website\",\"url\":\"https:\/\/talkpal.ai\/is\/\",\"name\":\"Talkpal\",\"description\":\"AI Language Learning\",\"publisher\":{\"@id\":\"https:\/\/talkpal.ai\/is\/#organization\"},\"alternateName\":\"Talkpal AI\",\"potentialAction\":[{\"@type\":\"SearchAction\",\"target\":{\"@type\":\"EntryPoint\",\"urlTemplate\":\"https:\/\/talkpal.ai\/is\/?s={search_term_string}\"},\"query-input\":{\"@type\":\"PropertyValueSpecification\",\"valueRequired\":true,\"valueName\":\"search_term_string\"}}],\"inLanguage\":\"is\"},{\"@type\":\"Organization\",\"@id\":\"https:\/\/talkpal.ai\/is\/#organization\",\"name\":\"Talkpal, Inc.\",\"alternateName\":\"Talkpal AI\",\"url\":\"https:\/\/talkpal.ai\/is\/\",\"logo\":{\"@type\":\"ImageObject\",\"inLanguage\":\"is\",\"@id\":\"https:\/\/talkpal.ai\/is\/#\/schema\/logo\/image\/\",\"url\":\"https:\/\/talkpal.ai\/wp-content\/uploads\/2024\/03\/Talkpal-Logo-Icon.png\",\"contentUrl\":\"https:\/\/talkpal.ai\/wp-content\/uploads\/2024\/03\/Talkpal-Logo-Icon.png\",\"width\":2880,\"height\":2880,\"caption\":\"Talkpal, Inc.\"},\"image\":{\"@id\":\"https:\/\/talkpal.ai\/is\/#\/schema\/logo\/image\/\"},\"sameAs\":[\"https:\/\/www.facebook.com\/profile.php?id=100090733639311\",\"https:\/\/x.com\/talkpalai\",\"https:\/\/www.linkedin.com\/company\/talkpal\/\",\"https:\/\/www.youtube.com\/@TalkPal\/\",\"https:\/\/www.tiktok.com\/@talkpal\",\"https:\/\/www.instagram.com\/talkpal_ai\/\",\"https:\/\/www.crunchbase.com\/organization\/talkpal-9cde\",\"https:\/\/www.g2.com\/products\/talkpal-for-business\/\",\"https:\/\/www.trustpilot.com\/review\/talkpal.ai\",\"https:\/\/www.capterra.com\/p\/10006800\/TalkPal\/\"],\"description\":\"Talkpal is a language learning web and mobile education app, powered by the latest AI technologies, that provides engaging experiences to its customers in many different languages to help them improve their language skills. Users can chat about unlimited amount of topics with the app and use other modes to practice their language learning.\",\"email\":\"support@talkpal.ai\",\"legalName\":\"Talkpal, Inc.\",\"foundingDate\":\"2023-04-03\",\"duns\":\"118989042\",\"numberOfEmployees\":{\"@type\":\"QuantitativeValue\",\"minValue\":\"11\",\"maxValue\":\"50\"},\"publishingPrinciples\":\"https:\/\/talkpal.ai\/publishing-principles\/\",\"actionableFeedbackPolicy\":\"https:\/\/talkpal.ai\/actionable-feedback-policy\/\",\"correctionsPolicy\":\"https:\/\/talkpal.ai\/corrections-policy\/\",\"ethicsPolicy\":\"https:\/\/talkpal.ai\/ethics-policy\/\",\"diversityPolicy\":\"https:\/\/talkpal.ai\/diversity-policy\/\",\"diversityStaffingReport\":\"https:\/\/talkpal.ai\/diversity-policy\/\"}]}<\/script>\n<!-- \/ Yoast SEO Premium plugin. -->","yoast_head_json":{"title":"Nepalska M\u00e1lfr\u00e6\u00f0i \u00c6fingar - Talkpal","description":"N\u00e1\u00f0u nep\u00f6lsku m\u00e1lfr\u00e6\u00f0i\u00e6fingar fyrir \u00e1rangursr\u00edka samskipti. Kanna\u00f0u t\u00ed\u00f0ir og setningarbyggingar til a\u00f0 tryggja m\u00e1lfl\u00e6\u00f0i.","robots":{"index":"index","follow":"follow","max-snippet":"max-snippet:-1","max-image-preview":"max-image-preview:large","max-video-preview":"max-video-preview:-1"},"canonical":"https:\/\/talkpal.ai\/is\/nepalska-malfraedi-aefingar\/","og_locale":"is_IS","og_type":"article","og_title":"Nepalska M\u00e1lfr\u00e6\u00f0i \u00c6fingar","og_description":"nepalska M\u00e1lfr\u00e6\u00f0i Topics A\u00f0 l\u00e6ra nepalska tungum\u00e1li\u00f0 getur veri\u00f0 heillandi og gefandi reynsla fyrir alla sem hafa \u00e1huga \u00e1 a\u00f0 kafa \u00ed r\u00edka menningu og s\u00f6gu","og_url":"https:\/\/talkpal.ai\/is\/nepalska-malfraedi-aefingar\/","og_site_name":"Talkpal","article_publisher":"https:\/\/www.facebook.com\/profile.php?id=100090733639311","article_modified_time":"2025-12-17T14:36:12+00:00","og_image":[{"width":512,"height":512,"url":"https:\/\/talkpal.ai\/wp-content\/uploads\/2023\/05\/nepal.png","type":"image\/png"}],"twitter_card":"summary_large_image","twitter_site":"@talkpalai","twitter_misc":{"Est. reading time":"4 minutes"},"schema":{"@context":"https:\/\/schema.org","@graph":[{"@type":"WebPage","@id":"https:\/\/talkpal.ai\/is\/nepalska-malfraedi-aefingar\/","url":"https:\/\/talkpal.ai\/is\/nepalska-malfraedi-aefingar\/","name":"Nepalska M\u00e1lfr\u00e6\u00f0i \u00c6fingar - Talkpal","isPartOf":{"@id":"https:\/\/talkpal.ai\/is\/#website"},"primaryImageOfPage":{"@id":"https:\/\/talkpal.ai\/is\/nepalska-malfraedi-aefingar\/#primaryimage"},"image":{"@id":"https:\/\/talkpal.ai\/is\/nepalska-malfraedi-aefingar\/#primaryimage"},"thumbnailUrl":"https:\/\/talkpal.ai\/wp-content\/uploads\/2023\/05\/nepal.png","datePublished":"2023-06-22T08:52:21+00:00","dateModified":"2025-12-17T14:36:12+00:00","description":"N\u00e1\u00f0u nep\u00f6lsku m\u00e1lfr\u00e6\u00f0i\u00e6fingar fyrir \u00e1rangursr\u00edka samskipti. Kanna\u00f0u t\u00ed\u00f0ir og setningarbyggingar til a\u00f0 tryggja m\u00e1lfl\u00e6\u00f0i.","breadcrumb":{"@id":"https:\/\/talkpal.ai\/is\/nepalska-malfraedi-aefingar\/#breadcrumb"},"inLanguage":"is","potentialAction":[{"@type":"ReadAction","target":["https:\/\/talkpal.ai\/is\/nepalska-malfraedi-aefingar\/"]}]},{"@type":"ImageObject","inLanguage":"is","@id":"https:\/\/talkpal.ai\/is\/nepalska-malfraedi-aefingar\/#primaryimage","url":"https:\/\/talkpal.ai\/wp-content\/uploads\/2023\/05\/nepal.png","contentUrl":"https:\/\/talkpal.ai\/wp-content\/uploads\/2023\/05\/nepal.png","width":512,"height":512},{"@type":"BreadcrumbList","@id":"https:\/\/talkpal.ai\/is\/nepalska-malfraedi-aefingar\/#breadcrumb","itemListElement":[{"@type":"ListItem","position":1,"name":"Homepage","item":"https:\/\/talkpal.ai\/is\/"},{"@type":"ListItem","position":2,"name":"Nepalska M\u00e1lfr\u00e6\u00f0i \u00c6fingar"}]},{"@type":"WebSite","@id":"https:\/\/talkpal.ai\/is\/#website","url":"https:\/\/talkpal.ai\/is\/","name":"Talkpal","description":"AI Language Learning","publisher":{"@id":"https:\/\/talkpal.ai\/is\/#organization"},"alternateName":"Talkpal AI","potentialAction":[{"@type":"SearchAction","target":{"@type":"EntryPoint","urlTemplate":"https:\/\/talkpal.ai\/is\/?s={search_term_string}"},"query-input":{"@type":"PropertyValueSpecification","valueRequired":true,"valueName":"search_term_string"}}],"inLanguage":"is"},{"@type":"Organization","@id":"https:\/\/talkpal.ai\/is\/#organization","name":"Talkpal, Inc.","alternateName":"Talkpal AI","url":"https:\/\/talkpal.ai\/is\/","logo":{"@type":"ImageObject","inLanguage":"is","@id":"https:\/\/talkpal.ai\/is\/#\/schema\/logo\/image\/","url":"https:\/\/talkpal.ai\/wp-content\/uploads\/2024\/03\/Talkpal-Logo-Icon.png","contentUrl":"https:\/\/talkpal.ai\/wp-content\/uploads\/2024\/03\/Talkpal-Logo-Icon.png","width":2880,"height":2880,"caption":"Talkpal, Inc."},"image":{"@id":"https:\/\/talkpal.ai\/is\/#\/schema\/logo\/image\/"},"sameAs":["https:\/\/www.facebook.com\/profile.php?id=100090733639311","https:\/\/x.com\/talkpalai","https:\/\/www.linkedin.com\/company\/talkpal\/","https:\/\/www.youtube.com\/@TalkPal\/","https:\/\/www.tiktok.com\/@talkpal","https:\/\/www.instagram.com\/talkpal_ai\/","https:\/\/www.crunchbase.com\/organization\/talkpal-9cde","https:\/\/www.g2.com\/products\/talkpal-for-business\/","https:\/\/www.trustpilot.com\/review\/talkpal.ai","https:\/\/www.capterra.com\/p\/10006800\/TalkPal\/"],"description":"Talkpal is a language learning web and mobile education app, powered by the latest AI technologies, that provides engaging experiences to its customers in many different languages to help them improve their language skills. Users can chat about unlimited amount of topics with the app and use other modes to practice their language learning.","email":"support@talkpal.ai","legalName":"Talkpal, Inc.","foundingDate":"2023-04-03","duns":"118989042","numberOfEmployees":{"@type":"QuantitativeValue","minValue":"11","maxValue":"50"},"publishingPrinciples":"https:\/\/talkpal.ai\/publishing-principles\/","actionableFeedbackPolicy":"https:\/\/talkpal.ai\/actionable-feedback-policy\/","correctionsPolicy":"https:\/\/talkpal.ai\/corrections-policy\/","ethicsPolicy":"https:\/\/talkpal.ai\/ethics-policy\/","diversityPolicy":"https:\/\/talkpal.ai\/diversity-policy\/","diversityStaffingReport":"https:\/\/talkpal.ai\/diversity-policy\/"}]}},"_links":{"self":[{"href":"https:\/\/talkpal.ai\/is\/wp-json\/wp\/v2\/pages\/158753","targetHints":{"allow":["GET"]}}],"collection":[{"href":"https:\/\/talkpal.ai\/is\/wp-json\/wp\/v2\/pages"}],"about":[{"href":"https:\/\/talkpal.ai\/is\/wp-json\/wp\/v2\/types\/page"}],"author":[{"embeddable":true,"href":"https:\/\/talkpal.ai\/is\/wp-json\/wp\/v2\/users\/6"}],"replies":[{"embeddable":true,"href":"https:\/\/talkpal.ai\/is\/wp-json\/wp\/v2\/comments?post=158753"}],"version-history":[{"count":0,"href":"https:\/\/talkpal.ai\/is\/wp-json\/wp\/v2\/pages\/158753\/revisions"}],"wp:featuredmedia":[{"embeddable":true,"href":"https:\/\/talkpal.ai\/is\/wp-json\/wp\/v2\/media\/116219"}],"wp:attachment":[{"href":"https:\/\/talkpal.ai\/is\/wp-json\/wp\/v2\/media?parent=158753"}],"curies":[{"name":"wp","href":"https:\/\/api.w.org\/{rel}","templated":true}]}}