{"id":158468,"date":"2023-06-27T08:41:59","date_gmt":"2023-06-27T08:41:59","guid":{"rendered":"http:\/\/talkpal.ai\/norska-malfraedi-aefingar\/"},"modified":"2025-12-17T14:38:34","modified_gmt":"2025-12-17T14:38:34","slug":"norska-malfraedi-aefingar","status":"publish","type":"page","link":"https:\/\/talkpal.ai\/is\/norska-malfraedi-aefingar\/","title":{"rendered":"Norska M\u00e1lfr\u00e6\u00f0i \u00c6fingar"},"content":{"rendered":"\r\n\r\n\r\n<section class=\"languageChallengeSection\">\r\n    <div class=\"languageInfoWrapper\">\r\n        \r\n        <h1>Norska M\u00e1lfr\u00e6\u00f0i \u00c6fingar<\/h1>\r\n        <p>Viltu \u00f6\u00f0last meira sj\u00e1lfstraust \u00ed norsku? A\u00f0 \u00e6fa m\u00e1lfr\u00e6\u00f0i\u00e6fingar er fr\u00e1b\u00e6r lei\u00f0 til a\u00f0 n\u00e1 t\u00f6kum \u00e1 setningager\u00f0, sagnor\u00f0um og einst\u00f6kum mynstrum norsku tungum\u00e1lsins. Byrja\u00f0u a\u00f0 vinna \u00ed norsku <a href=\"https:\/\/talkpal.ai\/grammar\/\">m\u00e1lfr\u00e6\u00f0i<\/a> \u00ed dag og horf\u00f0u \u00e1 f\u00e6rni \u00fe\u00edna og fl\u00e6\u00f0i vaxa me\u00f0 hverri \u00e6fingu!\n\n<\/p>\r\n\r\n                            <a class=\"getStartedHidden\" href=\"https:\/\/app.talkpal.ai\/signup?lng=\">Byrja\u00f0u<\/a>\r\n        \r\n    <\/div>\r\n\r\n    <figure>\r\n    <img decoding=\"async\" width=\"768\" height=\"768\" src=\"https:\/\/talkpal.ai\/wp-content\/uploads\/2023\/06\/norwegian-768x768.png\" class=\"languageImage no-lazy\" alt=\"Language learning for extensive vocabulary\" fetchpriority=\"high\" sizes=\"(max-width: 768px) 150px, 768px\" srcset=\"https:\/\/talkpal.ai\/wp-content\/uploads\/2023\/06\/norwegian-768x768.png 768w, https:\/\/talkpal.ai\/wp-content\/uploads\/2023\/06\/norwegian-300x300.png 300w\" \/>\r\n    \r\n\r\n    <\/figure>\r\n\r\n            <a class=\"getStartedVisible\" href=\"https:\/\/app.talkpal.ai\/signup?lng=\">Byrja\u00f0u<\/a>\r\n    \r\n<\/section>\r\n\r\n\r\n<!-- <section class=\"grammarSection\">\r\n    <div class=\"grammarLinks\">\r\n            <\/div>\r\n<\/section> -->\r\n\r\n\r\n\r\n\r\n<section class=\"promotionalBanner\">\r\n    <p class=\"promotionalText\">Skilvirkasta lei\u00f0in til a\u00f0 l\u00e6ra tungum\u00e1l<\/p>\r\n    <a class=\"promotionalLink\" href=\"https:\/\/app.talkpal.ai\/signup?lng=\">Pr\u00f3fa\u00f0u Talkpal \u00f3keypis<\/a>\r\n<\/section>\n<div class=\"wp-block-group pageContainerStyle\"><div class=\"wp-block-group__inner-container is-layout-constrained wp-block-group-is-layout-constrained\">\n<h2 class=\"wp-block-heading\" id=\"h-norwegian-grammar-topics\">Norska M\u00e1lfr\u00e6\u00f0i Topics<\/h2>\n\n\n\n<p>Norskun\u00e1m getur veri\u00f0 spennandi og gefandi reynsla \u00fear sem \u00fea\u00f0 opnar dyr a\u00f0 r\u00edkri menningars\u00f6gu, t\u00f6frandi landslagi og einst\u00f6kum l\u00edfsh\u00e1ttum \u00ed Noregi. Sem nor\u00f0urgermanskt tungum\u00e1l deilir <a href=\"https:\/\/talkpal.ai\/learn-norwegian\/\">norska<\/a> m\u00f6rgum l\u00edkt me\u00f0 n\u00e1grannam\u00e1lunum, s\u00e6nsku og d\u00f6nsku. Hins vegar st\u00e1tar \u00fea\u00f0 af sinni eigin <a href=\"https:\/\/talkpal.ai\/grammar\/\">m\u00e1lfr\u00e6\u00f0i<\/a>, frambur\u00f0i og or\u00f0afor\u00f0a. Til a\u00f0 takast \u00e1 vi\u00f0 \u00feetta fallega tungum\u00e1l er nau\u00f0synlegt a\u00f0 skilja <a href=\"https:\/\/talkpal.ai\/learn-norwegian\/\">norska<\/a> m\u00e1lfr\u00e6\u00f0i og \u00fdmsa \u00fe\u00e6tti hennar. \u00cd \u00feessari handb\u00f3k munum vi\u00f0 kanna lykil\u00fe\u00e6tti norskrar m\u00e1lfr\u00e6\u00f0i, \u00fear \u00e1 me\u00f0al t\u00ed\u00f0ir, sagnir, nafnor\u00f0, greinar, forn\u00f6fn, l\u00fdsingaror\u00f0, atviksor\u00f0, skilyrt, forsetningar og setningar, til a\u00f0 hj\u00e1lpa \u00fe\u00e9r a\u00f0 byggja upp sterkan grunn fyrir tungum\u00e1lan\u00e1msfer\u00f0ina \u00fe\u00edna.<\/p>\n\n\n\n<h3 class=\"wp-block-heading\" id=\"h-1-tenses\">1. Spennur:<\/h3>\n\n\n\n<p>Sem \u00fatgangspunktur skaltu leggja \u00e1herslu \u00e1 a\u00f0 skilja norsku spennuna. Norska hefur \u00ferj\u00e1r meginspennur: n\u00fat\u00ed\u00f0, fort\u00ed\u00f0 og framt\u00ed\u00f0, sem eru mikilv\u00e6gar til a\u00f0 tj\u00e1 athafnir og atbur\u00f0i \u00e1 mismunandi t\u00edmapunktum. Kynntu \u00fe\u00e9r hvernig sagnir eru beyg\u00f0ar og hvernig \u00fe\u00e6r breytast \u00ed \u00fdmsum t\u00ed\u00f0um.<\/p>\n\n\n\n<h3 class=\"wp-block-heading\" id=\"h-2-tense-comparison\">2. Spenntur samanbur\u00f0ur:<\/h3>\n\n\n\n<p>\u00deegar \u00fe\u00fa hefur n\u00e1\u00f0 t\u00f6kum \u00e1 grunnspennunum skaltu kanna hvernig \u00fe\u00e6r bera saman og andst\u00e6\u00f0a hver vi\u00f0 a\u00f0ra. \u00deetta mun hj\u00e1lpa \u00fe\u00e9r a\u00f0 skilja bl\u00e6brig\u00f0i merkingar og b\u00e6ta skilning \u00feinn og samskiptah\u00e6fileika.<\/p>\n\n\n\n<h3 class=\"wp-block-heading\" id=\"h-3-verbs\">3. Sagnir:<\/h3>\n\n\n\n<p>Norskar sagnir eru nau\u00f0synlegar til a\u00f0 sm\u00ed\u00f0a setningar og mi\u00f0la merkingu. L\u00e6r\u00f0u um mismunandi ger\u00f0ir sagna og hvernig \u00fe\u00e6r hafa samskipti vi\u00f0 efni og hluti \u00ed setningu. A\u00f0 auki skaltu skilja hugtaki\u00f0 formlegar sagnir og hvernig \u00fe\u00e6r tj\u00e1 nau\u00f0syn, m\u00f6guleika og skyldu.<\/p>\n\n\n\n<h3 class=\"wp-block-heading\" id=\"h-4-nouns\">4. Nafnor\u00f0:<\/h3>\n\n\n\n<p>Norsk nafnor\u00f0 eru flokku\u00f0 \u00ed \u00ferj\u00fa kyn: karlkyn, kvenkyn og hvorugkyn. \u00deetta hefur \u00e1hrif \u00e1 hvernig greinar, l\u00fdsingaror\u00f0 og forn\u00f6fn eru notu\u00f0 me\u00f0 \u00feeim. L\u00e6r\u00f0u reglurnar um myndun fleirt\u00f6lu og \u00e1kve\u00f0in og \u00f3\u00e1kve\u00f0in form nafnor\u00f0a.<\/p>\n\n\n\n<h3 class=\"wp-block-heading\" id=\"h-5-articles\">5. Greinar:<\/h3>\n\n\n\n<p>Greinar eru stutt or\u00f0 sem fylgja nafnor\u00f0um og gefa til kynna kyn \u00feeirra og t\u00f6lu. Norska hefur \u00e1kve\u00f0na og \u00f3\u00e1kve\u00f0na greini, sem eru mikilv\u00e6gir til a\u00f0 mynda setningar r\u00e9tt.<\/p>\n\n\n\n<h3 class=\"wp-block-heading\" id=\"h-6-pronouns-determiners\">6. Forn\u00f6fn\/\u00e1kv\u00f6r\u00f0unaror\u00f0:<\/h3>\n\n\n\n<p>\u00deessi or\u00f0 koma \u00ed sta\u00f0 e\u00f0a breyta nafnor\u00f0um og \u00feau ver\u00f0a a\u00f0 koma s\u00e9r saman \u00ed kyni og t\u00f6lu vi\u00f0 nafnor\u00f0i\u00f0 sem \u00feau v\u00edsa til. Rannsaka\u00f0u hinar \u00fdmsu ger\u00f0ir fornafna og \u00e1kvar\u00f0ana, \u00fear \u00e1 me\u00f0al pers\u00f3nuleg, eignarfalls-, s\u00fdni- og hlutfallsleg forn\u00f6fn.<\/p>\n\n\n\n<h3 class=\"wp-block-heading\" id=\"h-7-adjectives\">7. L\u00fdsingaror\u00f0:<\/h3>\n\n\n\n<p>L\u00fdsingaror\u00f0 l\u00fdsa e\u00f0a breyta nafnor\u00f0um og forn\u00f6fnum. L\u00e6r\u00f0u hvernig \u00e1 a\u00f0 nota l\u00fdsingaror\u00f0 r\u00e9tt me\u00f0 \u00fev\u00ed a\u00f0 skilja samr\u00e6mi \u00feeirra vi\u00f0 kyn og fj\u00f6lda nafnor\u00f0a sem \u00feeir breyta.<\/p>\n\n\n\n<h3 class=\"wp-block-heading\" id=\"h-8-adverbs\">8. Atviksor\u00f0:<\/h3>\n\n\n\n<p>Atviksor\u00f0 breyta s\u00f6gnum, l\u00fdsingaror\u00f0um e\u00f0a \u00f6\u00f0rum atviksor\u00f0um og veita frekari uppl\u00fdsingar um athafnir e\u00f0a eiginleika. L\u00e6r\u00f0u mismunandi ger\u00f0ir atviksor\u00f0a og hvernig \u00e1 a\u00f0 nota \u00feau \u00e1 \u00e1hrifar\u00edkan h\u00e1tt \u00ed setningum \u00fe\u00ednum.<\/p>\n\n\n\n<h3 class=\"wp-block-heading\" id=\"h-9-conditionals\">9. Skilyr\u00f0i:<\/h3>\n\n\n\n<p>Skilyrt eru notu\u00f0 til a\u00f0 tj\u00e1 \u00edmynda\u00f0ar a\u00f0st\u00e6\u00f0ur og aflei\u00f0ingar \u00feeirra. Rannsaka\u00f0u mismunandi ger\u00f0ir skilyr\u00f0a og hvernig \u00e1 a\u00f0 mynda \u00fe\u00e6r me\u00f0 \u00fev\u00ed a\u00f0 nota r\u00e9tt sagnaform og samtengingar.<\/p>\n\n\n\n<h3 class=\"wp-block-heading\" id=\"h-10-prepositions\">10. Forsetningar:<\/h3>\n\n\n\n<p>Forsetningar eru stutt or\u00f0 sem gefa til kynna tengsl nafnor\u00f0a, fornafna og annarra or\u00f0a \u00ed setningu. A\u00f0 n\u00e1 t\u00f6kum \u00e1 notkun forsetninga er mikilv\u00e6gt til a\u00f0 skilja og mynda n\u00e1kv\u00e6mar setningar \u00ed norsku.<\/p>\n\n\n\n<h3 class=\"wp-block-heading\" id=\"h-11-sentences\">11. Setningar:<\/h3>\n\n\n\n<p>A\u00f0 lokum skaltu \u00e6fa \u00feig \u00ed a\u00f0 sm\u00ed\u00f0a setningar \u00ed norsku me\u00f0 \u00fev\u00ed a\u00f0 sameina \u00feekkingu \u00fe\u00edna \u00e1 s\u00f6gnum, nafnor\u00f0um, greinum, forn\u00f6fnum, l\u00fdsingaror\u00f0um, atviksor\u00f0um, skilyr\u00f0um og forsetningum. Ger\u00f0u tilraunir me\u00f0 mismunandi setningager\u00f0 og \u00e6f\u00f0u \u00feig \u00ed a\u00f0 mynda spurningar, fullyr\u00f0ingar og skipanir til a\u00f0 ver\u00f0a f\u00e6r \u00ed tungum\u00e1linu.<\/p>\n<\/div><\/div>\n\r\n<section class=\"learnNavigationSection\">\r\n            \r\n        <a href=\"https:\/\/talkpal.ai\/is\/laerdu-norsku\/\">\r\n            <div class=\"learnNavigationWrapper\">\r\n                <div class=\"learnNavigationContent\">\r\n                    <img decoding=\"async\" src=\"https:\/\/talkpal.ai\/wp-content\/uploads\/2024\/08\/Norwegian.jpg\" alt=\"Norwegian Flag\">\r\n                    <div>\r\n                        <h4>Um norskun\u00e1m<\/h4>\r\n                        <p>Finndu \u00fat allt um norska m\u00e1lfr\u00e6\u00f0i.<\/p>\r\n                    <\/div>\r\n                <\/div>\r\n            <\/div>\r\n        <\/a>\r\n\r\n        \r\n        <a href=\"https:\/\/talkpal.ai\/is\/norsk-malfraedi\/\">\r\n            <div class=\"learnNavigationWrapper\">\r\n                <div class=\"learnNavigationContent\">\r\n                    <img decoding=\"async\" src=\"https:\/\/talkpal.ai\/wp-content\/uploads\/2024\/08\/Norwegian.jpg\" alt=\"Norwegian Flag\">\r\n                    <div>\r\n                        <h4>Norska kennslustundir \u00ed m\u00e1lfr\u00e6\u00f0i<\/h4>\r\n                        <p>\u00c6f\u00f0u \u00feig \u00ed norskri m\u00e1lfr\u00e6\u00f0i.<\/p>\r\n                    <\/div>\r\n                <\/div>\r\n            <\/div>\r\n        <\/a>\r\n\r\n        \r\n        <a href=\"https:\/\/talkpal.ai\/vocabulary_language\/norwegian\/\">\r\n            <div class=\"learnNavigationWrapper\">\r\n                <div class=\"learnNavigationContent\">\r\n                    <img decoding=\"async\" src=\"https:\/\/talkpal.ai\/wp-content\/uploads\/2024\/08\/Norwegian.jpg\" alt=\"Norwegian Flag\">\r\n                    <div>\r\n                        <h4>Norskur or\u00f0afor\u00f0i<\/h4>\r\n                        <p>St\u00e6kka\u00f0u norskan or\u00f0afor\u00f0a \u00feinn.<\/p>\r\n                    <\/div>\r\n                <\/div>\r\n            <\/div>\r\n        <\/a>\r\n\r\n            <\/section>","protected":false},"excerpt":{"rendered":"<p>Norska M\u00e1lfr\u00e6\u00f0i Topics Norskun\u00e1m getur veri\u00f0 spennandi og gefandi reynsla \u00fear sem \u00fea\u00f0 opnar dyr a\u00f0 r\u00edkri menningars\u00f6gu, t\u00f6frandi landslagi og einst\u00f6kum l\u00edfsh\u00e1ttum \u00ed Noregi. Sem nor\u00f0urgermanskt tungum\u00e1l deilir norska m\u00f6rgum l\u00edkt me\u00f0 n\u00e1grannam\u00e1lunum, s\u00e6nsku og d\u00f6nsku. Hins vegar st\u00e1tar \u00fea\u00f0 af sinni eigin m\u00e1lfr\u00e6\u00f0i, frambur\u00f0i og or\u00f0afor\u00f0a. Til a\u00f0 takast \u00e1 vi\u00f0 \u00feetta fallega [&hellip;]<\/p>\n","protected":false},"author":6,"featured_media":116949,"parent":0,"menu_order":0,"comment_status":"closed","ping_status":"closed","template":"LearningContentPage.php","meta":{"_acf_changed":false,"footnotes":""},"class_list":["post-158468","page","type-page","status-publish","has-post-thumbnail","hentry"],"acf":[],"yoast_head":"<!-- This site is optimized with the Yoast SEO Premium plugin v27.2 (Yoast SEO v27.2) - https:\/\/yoast.com\/product\/yoast-seo-premium-wordpress\/ -->\n<title>Norska M\u00e1lfr\u00e6\u00f0i \u00c6fingar - Talkpal<\/title>\n<meta name=\"description\" content=\"B\u00e6ttu f\u00e6rni \u00fe\u00edna me\u00f0 gr\u00edpandi m\u00e1lfr\u00e6\u00f0i\u00e6fingum \u00ed norsku. Tilvali\u00f0 fyrir nemendur \u00e1 \u00f6llum stigum til a\u00f0 \u00e6fa sig \u00e1 \u00e1hrifar\u00edkan h\u00e1tt.\" \/>\n<meta name=\"robots\" content=\"index, follow, max-snippet:-1, max-image-preview:large, max-video-preview:-1\" \/>\n<link rel=\"canonical\" href=\"https:\/\/talkpal.ai\/is\/norska-malfraedi-aefingar\/\" \/>\n<meta property=\"og:locale\" content=\"is_IS\" \/>\n<meta property=\"og:type\" content=\"article\" \/>\n<meta property=\"og:title\" content=\"Norska M\u00e1lfr\u00e6\u00f0i \u00c6fingar\" \/>\n<meta property=\"og:description\" content=\"Norska M\u00e1lfr\u00e6\u00f0i Topics Norskun\u00e1m getur veri\u00f0 spennandi og gefandi reynsla \u00fear sem \u00fea\u00f0 opnar dyr a\u00f0 r\u00edkri menningars\u00f6gu, t\u00f6frandi landslagi og einst\u00f6kum\" \/>\n<meta property=\"og:url\" content=\"https:\/\/talkpal.ai\/is\/norska-malfraedi-aefingar\/\" \/>\n<meta property=\"og:site_name\" content=\"Talkpal\" \/>\n<meta property=\"article:publisher\" content=\"https:\/\/www.facebook.com\/profile.php?id=100090733639311\" \/>\n<meta property=\"article:modified_time\" content=\"2025-12-17T14:38:34+00:00\" \/>\n<meta property=\"og:image\" content=\"https:\/\/talkpal.ai\/wp-content\/uploads\/2023\/05\/norway.png\" \/>\n\t<meta property=\"og:image:width\" content=\"512\" \/>\n\t<meta property=\"og:image:height\" content=\"512\" \/>\n\t<meta property=\"og:image:type\" content=\"image\/png\" \/>\n<meta name=\"twitter:card\" content=\"summary_large_image\" \/>\n<meta name=\"twitter:site\" content=\"@talkpalai\" \/>\n<meta name=\"twitter:label1\" content=\"Est. reading time\" \/>\n\t<meta name=\"twitter:data1\" content=\"3 minutes\" \/>\n<script type=\"application\/ld+json\" class=\"yoast-schema-graph\">{\"@context\":\"https:\/\/schema.org\",\"@graph\":[{\"@type\":\"WebPage\",\"@id\":\"https:\/\/talkpal.ai\/is\/norska-malfraedi-aefingar\/\",\"url\":\"https:\/\/talkpal.ai\/is\/norska-malfraedi-aefingar\/\",\"name\":\"Norska M\u00e1lfr\u00e6\u00f0i \u00c6fingar - Talkpal\",\"isPartOf\":{\"@id\":\"https:\/\/talkpal.ai\/is\/#website\"},\"primaryImageOfPage\":{\"@id\":\"https:\/\/talkpal.ai\/is\/norska-malfraedi-aefingar\/#primaryimage\"},\"image\":{\"@id\":\"https:\/\/talkpal.ai\/is\/norska-malfraedi-aefingar\/#primaryimage\"},\"thumbnailUrl\":\"https:\/\/talkpal.ai\/wp-content\/uploads\/2023\/05\/norway.png\",\"datePublished\":\"2023-06-27T08:41:59+00:00\",\"dateModified\":\"2025-12-17T14:38:34+00:00\",\"description\":\"B\u00e6ttu f\u00e6rni \u00fe\u00edna me\u00f0 gr\u00edpandi m\u00e1lfr\u00e6\u00f0i\u00e6fingum \u00ed norsku. Tilvali\u00f0 fyrir nemendur \u00e1 \u00f6llum stigum til a\u00f0 \u00e6fa sig \u00e1 \u00e1hrifar\u00edkan h\u00e1tt.\",\"breadcrumb\":{\"@id\":\"https:\/\/talkpal.ai\/is\/norska-malfraedi-aefingar\/#breadcrumb\"},\"inLanguage\":\"is\",\"potentialAction\":[{\"@type\":\"ReadAction\",\"target\":[\"https:\/\/talkpal.ai\/is\/norska-malfraedi-aefingar\/\"]}]},{\"@type\":\"ImageObject\",\"inLanguage\":\"is\",\"@id\":\"https:\/\/talkpal.ai\/is\/norska-malfraedi-aefingar\/#primaryimage\",\"url\":\"https:\/\/talkpal.ai\/wp-content\/uploads\/2023\/05\/norway.png\",\"contentUrl\":\"https:\/\/talkpal.ai\/wp-content\/uploads\/2023\/05\/norway.png\",\"width\":512,\"height\":512},{\"@type\":\"BreadcrumbList\",\"@id\":\"https:\/\/talkpal.ai\/is\/norska-malfraedi-aefingar\/#breadcrumb\",\"itemListElement\":[{\"@type\":\"ListItem\",\"position\":1,\"name\":\"Homepage\",\"item\":\"https:\/\/talkpal.ai\/is\/\"},{\"@type\":\"ListItem\",\"position\":2,\"name\":\"Norska M\u00e1lfr\u00e6\u00f0i \u00c6fingar\"}]},{\"@type\":\"WebSite\",\"@id\":\"https:\/\/talkpal.ai\/is\/#website\",\"url\":\"https:\/\/talkpal.ai\/is\/\",\"name\":\"Talkpal\",\"description\":\"AI Language Learning\",\"publisher\":{\"@id\":\"https:\/\/talkpal.ai\/is\/#organization\"},\"alternateName\":\"Talkpal AI\",\"potentialAction\":[{\"@type\":\"SearchAction\",\"target\":{\"@type\":\"EntryPoint\",\"urlTemplate\":\"https:\/\/talkpal.ai\/is\/?s={search_term_string}\"},\"query-input\":{\"@type\":\"PropertyValueSpecification\",\"valueRequired\":true,\"valueName\":\"search_term_string\"}}],\"inLanguage\":\"is\"},{\"@type\":\"Organization\",\"@id\":\"https:\/\/talkpal.ai\/is\/#organization\",\"name\":\"Talkpal, Inc.\",\"alternateName\":\"Talkpal AI\",\"url\":\"https:\/\/talkpal.ai\/is\/\",\"logo\":{\"@type\":\"ImageObject\",\"inLanguage\":\"is\",\"@id\":\"https:\/\/talkpal.ai\/is\/#\/schema\/logo\/image\/\",\"url\":\"https:\/\/talkpal.ai\/wp-content\/uploads\/2024\/03\/Talkpal-Logo-Icon.png\",\"contentUrl\":\"https:\/\/talkpal.ai\/wp-content\/uploads\/2024\/03\/Talkpal-Logo-Icon.png\",\"width\":2880,\"height\":2880,\"caption\":\"Talkpal, Inc.\"},\"image\":{\"@id\":\"https:\/\/talkpal.ai\/is\/#\/schema\/logo\/image\/\"},\"sameAs\":[\"https:\/\/www.facebook.com\/profile.php?id=100090733639311\",\"https:\/\/x.com\/talkpalai\",\"https:\/\/www.linkedin.com\/company\/talkpal\/\",\"https:\/\/www.youtube.com\/@TalkPal\/\",\"https:\/\/www.tiktok.com\/@talkpal\",\"https:\/\/www.instagram.com\/talkpal_ai\/\",\"https:\/\/www.crunchbase.com\/organization\/talkpal-9cde\",\"https:\/\/www.g2.com\/products\/talkpal-for-business\/\",\"https:\/\/www.trustpilot.com\/review\/talkpal.ai\",\"https:\/\/www.capterra.com\/p\/10006800\/TalkPal\/\"],\"description\":\"Talkpal is a language learning web and mobile education app, powered by the latest AI technologies, that provides engaging experiences to its customers in many different languages to help them improve their language skills. Users can chat about unlimited amount of topics with the app and use other modes to practice their language learning.\",\"email\":\"support@talkpal.ai\",\"legalName\":\"Talkpal, Inc.\",\"foundingDate\":\"2023-04-03\",\"duns\":\"118989042\",\"numberOfEmployees\":{\"@type\":\"QuantitativeValue\",\"minValue\":\"11\",\"maxValue\":\"50\"},\"publishingPrinciples\":\"https:\/\/talkpal.ai\/publishing-principles\/\",\"actionableFeedbackPolicy\":\"https:\/\/talkpal.ai\/actionable-feedback-policy\/\",\"correctionsPolicy\":\"https:\/\/talkpal.ai\/corrections-policy\/\",\"ethicsPolicy\":\"https:\/\/talkpal.ai\/ethics-policy\/\",\"diversityPolicy\":\"https:\/\/talkpal.ai\/diversity-policy\/\",\"diversityStaffingReport\":\"https:\/\/talkpal.ai\/diversity-policy\/\"}]}<\/script>\n<!-- \/ Yoast SEO Premium plugin. -->","yoast_head_json":{"title":"Norska M\u00e1lfr\u00e6\u00f0i \u00c6fingar - Talkpal","description":"B\u00e6ttu f\u00e6rni \u00fe\u00edna me\u00f0 gr\u00edpandi m\u00e1lfr\u00e6\u00f0i\u00e6fingum \u00ed norsku. Tilvali\u00f0 fyrir nemendur \u00e1 \u00f6llum stigum til a\u00f0 \u00e6fa sig \u00e1 \u00e1hrifar\u00edkan h\u00e1tt.","robots":{"index":"index","follow":"follow","max-snippet":"max-snippet:-1","max-image-preview":"max-image-preview:large","max-video-preview":"max-video-preview:-1"},"canonical":"https:\/\/talkpal.ai\/is\/norska-malfraedi-aefingar\/","og_locale":"is_IS","og_type":"article","og_title":"Norska M\u00e1lfr\u00e6\u00f0i \u00c6fingar","og_description":"Norska M\u00e1lfr\u00e6\u00f0i Topics Norskun\u00e1m getur veri\u00f0 spennandi og gefandi reynsla \u00fear sem \u00fea\u00f0 opnar dyr a\u00f0 r\u00edkri menningars\u00f6gu, t\u00f6frandi landslagi og einst\u00f6kum","og_url":"https:\/\/talkpal.ai\/is\/norska-malfraedi-aefingar\/","og_site_name":"Talkpal","article_publisher":"https:\/\/www.facebook.com\/profile.php?id=100090733639311","article_modified_time":"2025-12-17T14:38:34+00:00","og_image":[{"width":512,"height":512,"url":"https:\/\/talkpal.ai\/wp-content\/uploads\/2023\/05\/norway.png","type":"image\/png"}],"twitter_card":"summary_large_image","twitter_site":"@talkpalai","twitter_misc":{"Est. reading time":"3 minutes"},"schema":{"@context":"https:\/\/schema.org","@graph":[{"@type":"WebPage","@id":"https:\/\/talkpal.ai\/is\/norska-malfraedi-aefingar\/","url":"https:\/\/talkpal.ai\/is\/norska-malfraedi-aefingar\/","name":"Norska M\u00e1lfr\u00e6\u00f0i \u00c6fingar - Talkpal","isPartOf":{"@id":"https:\/\/talkpal.ai\/is\/#website"},"primaryImageOfPage":{"@id":"https:\/\/talkpal.ai\/is\/norska-malfraedi-aefingar\/#primaryimage"},"image":{"@id":"https:\/\/talkpal.ai\/is\/norska-malfraedi-aefingar\/#primaryimage"},"thumbnailUrl":"https:\/\/talkpal.ai\/wp-content\/uploads\/2023\/05\/norway.png","datePublished":"2023-06-27T08:41:59+00:00","dateModified":"2025-12-17T14:38:34+00:00","description":"B\u00e6ttu f\u00e6rni \u00fe\u00edna me\u00f0 gr\u00edpandi m\u00e1lfr\u00e6\u00f0i\u00e6fingum \u00ed norsku. Tilvali\u00f0 fyrir nemendur \u00e1 \u00f6llum stigum til a\u00f0 \u00e6fa sig \u00e1 \u00e1hrifar\u00edkan h\u00e1tt.","breadcrumb":{"@id":"https:\/\/talkpal.ai\/is\/norska-malfraedi-aefingar\/#breadcrumb"},"inLanguage":"is","potentialAction":[{"@type":"ReadAction","target":["https:\/\/talkpal.ai\/is\/norska-malfraedi-aefingar\/"]}]},{"@type":"ImageObject","inLanguage":"is","@id":"https:\/\/talkpal.ai\/is\/norska-malfraedi-aefingar\/#primaryimage","url":"https:\/\/talkpal.ai\/wp-content\/uploads\/2023\/05\/norway.png","contentUrl":"https:\/\/talkpal.ai\/wp-content\/uploads\/2023\/05\/norway.png","width":512,"height":512},{"@type":"BreadcrumbList","@id":"https:\/\/talkpal.ai\/is\/norska-malfraedi-aefingar\/#breadcrumb","itemListElement":[{"@type":"ListItem","position":1,"name":"Homepage","item":"https:\/\/talkpal.ai\/is\/"},{"@type":"ListItem","position":2,"name":"Norska M\u00e1lfr\u00e6\u00f0i \u00c6fingar"}]},{"@type":"WebSite","@id":"https:\/\/talkpal.ai\/is\/#website","url":"https:\/\/talkpal.ai\/is\/","name":"Talkpal","description":"AI Language Learning","publisher":{"@id":"https:\/\/talkpal.ai\/is\/#organization"},"alternateName":"Talkpal AI","potentialAction":[{"@type":"SearchAction","target":{"@type":"EntryPoint","urlTemplate":"https:\/\/talkpal.ai\/is\/?s={search_term_string}"},"query-input":{"@type":"PropertyValueSpecification","valueRequired":true,"valueName":"search_term_string"}}],"inLanguage":"is"},{"@type":"Organization","@id":"https:\/\/talkpal.ai\/is\/#organization","name":"Talkpal, Inc.","alternateName":"Talkpal AI","url":"https:\/\/talkpal.ai\/is\/","logo":{"@type":"ImageObject","inLanguage":"is","@id":"https:\/\/talkpal.ai\/is\/#\/schema\/logo\/image\/","url":"https:\/\/talkpal.ai\/wp-content\/uploads\/2024\/03\/Talkpal-Logo-Icon.png","contentUrl":"https:\/\/talkpal.ai\/wp-content\/uploads\/2024\/03\/Talkpal-Logo-Icon.png","width":2880,"height":2880,"caption":"Talkpal, Inc."},"image":{"@id":"https:\/\/talkpal.ai\/is\/#\/schema\/logo\/image\/"},"sameAs":["https:\/\/www.facebook.com\/profile.php?id=100090733639311","https:\/\/x.com\/talkpalai","https:\/\/www.linkedin.com\/company\/talkpal\/","https:\/\/www.youtube.com\/@TalkPal\/","https:\/\/www.tiktok.com\/@talkpal","https:\/\/www.instagram.com\/talkpal_ai\/","https:\/\/www.crunchbase.com\/organization\/talkpal-9cde","https:\/\/www.g2.com\/products\/talkpal-for-business\/","https:\/\/www.trustpilot.com\/review\/talkpal.ai","https:\/\/www.capterra.com\/p\/10006800\/TalkPal\/"],"description":"Talkpal is a language learning web and mobile education app, powered by the latest AI technologies, that provides engaging experiences to its customers in many different languages to help them improve their language skills. Users can chat about unlimited amount of topics with the app and use other modes to practice their language learning.","email":"support@talkpal.ai","legalName":"Talkpal, Inc.","foundingDate":"2023-04-03","duns":"118989042","numberOfEmployees":{"@type":"QuantitativeValue","minValue":"11","maxValue":"50"},"publishingPrinciples":"https:\/\/talkpal.ai\/publishing-principles\/","actionableFeedbackPolicy":"https:\/\/talkpal.ai\/actionable-feedback-policy\/","correctionsPolicy":"https:\/\/talkpal.ai\/corrections-policy\/","ethicsPolicy":"https:\/\/talkpal.ai\/ethics-policy\/","diversityPolicy":"https:\/\/talkpal.ai\/diversity-policy\/","diversityStaffingReport":"https:\/\/talkpal.ai\/diversity-policy\/"}]}},"_links":{"self":[{"href":"https:\/\/talkpal.ai\/is\/wp-json\/wp\/v2\/pages\/158468","targetHints":{"allow":["GET"]}}],"collection":[{"href":"https:\/\/talkpal.ai\/is\/wp-json\/wp\/v2\/pages"}],"about":[{"href":"https:\/\/talkpal.ai\/is\/wp-json\/wp\/v2\/types\/page"}],"author":[{"embeddable":true,"href":"https:\/\/talkpal.ai\/is\/wp-json\/wp\/v2\/users\/6"}],"replies":[{"embeddable":true,"href":"https:\/\/talkpal.ai\/is\/wp-json\/wp\/v2\/comments?post=158468"}],"version-history":[{"count":0,"href":"https:\/\/talkpal.ai\/is\/wp-json\/wp\/v2\/pages\/158468\/revisions"}],"wp:featuredmedia":[{"embeddable":true,"href":"https:\/\/talkpal.ai\/is\/wp-json\/wp\/v2\/media\/116949"}],"wp:attachment":[{"href":"https:\/\/talkpal.ai\/is\/wp-json\/wp\/v2\/media?parent=158468"}],"curies":[{"name":"wp","href":"https:\/\/api.w.org\/{rel}","templated":true}]}}