{"id":158184,"date":"2023-06-27T08:51:37","date_gmt":"2023-06-27T08:51:37","guid":{"rendered":"http:\/\/talkpal.ai\/persneska-malfraedi-aefingar\/"},"modified":"2025-12-17T15:26:02","modified_gmt":"2025-12-17T15:26:02","slug":"persneska-malfraedi-aefingar","status":"publish","type":"page","link":"https:\/\/talkpal.ai\/is\/persneska-malfraedi-aefingar\/","title":{"rendered":"Persneska M\u00e1lfr\u00e6\u00f0i \u00c6fingar"},"content":{"rendered":"\r\n\r\n\r\n<section class=\"languageChallengeSection\">\r\n    <div class=\"languageInfoWrapper\">\r\n        \r\n        <h1>Persneska M\u00e1lfr\u00e6\u00f0i \u00c6fingar<\/h1>\r\n        <p>Tilb\u00fainn\/n a\u00f0 b\u00e6ta persneskukunn\u00e1ttu \u00fe\u00edna? A\u00f0 \u00e6fa <a href=\"https:\/\/talkpal.ai\/grammar\/\">m\u00e1lfr\u00e6\u00f0i<\/a> er fr\u00e1b\u00e6r lei\u00f0 til a\u00f0 n\u00e1 t\u00f6kum \u00e1 setningager\u00f0, sagnor\u00f0um og lykilmynstrum persnesku tungum\u00e1lsins. Byrja\u00f0u a\u00f0 vinna \u00ed persneskri m\u00e1lfr\u00e6\u00f0i \u00ed dag og horf\u00f0u \u00e1 skilning \u00feinn og sj\u00e1lfstraust vaxa me\u00f0 hverri n\u00fdrri \u00e6fingu!<\/p>\r\n\r\n                            <a class=\"getStartedHidden\" href=\"https:\/\/app.talkpal.ai\/signup?lng=\">Byrja\u00f0u<\/a>\r\n        \r\n    <\/div>\r\n\r\n    <figure>\r\n    <img decoding=\"async\" width=\"768\" height=\"768\" src=\"https:\/\/talkpal.ai\/wp-content\/uploads\/2023\/06\/persian-768x768.png\" class=\"languageImage no-lazy\" alt=\"Language learning to comprehend global news\" fetchpriority=\"high\" sizes=\"(max-width: 768px) 150px, 768px\" srcset=\"https:\/\/talkpal.ai\/wp-content\/uploads\/2023\/06\/persian-768x768.png 768w, https:\/\/talkpal.ai\/wp-content\/uploads\/2023\/06\/persian-300x300.png 300w\" \/>\r\n    \r\n\r\n    <\/figure>\r\n\r\n            <a class=\"getStartedVisible\" href=\"https:\/\/app.talkpal.ai\/signup?lng=\">Byrja\u00f0u<\/a>\r\n    \r\n<\/section>\r\n\r\n\r\n<!-- <section class=\"grammarSection\">\r\n    <div class=\"grammarLinks\">\r\n            <\/div>\r\n<\/section> -->\r\n\r\n\r\n\r\n\r\n<section class=\"promotionalBanner\">\r\n    <p class=\"promotionalText\">Skilvirkasta lei\u00f0in til a\u00f0 l\u00e6ra tungum\u00e1l<\/p>\r\n    <a class=\"promotionalLink\" href=\"https:\/\/app.talkpal.ai\/signup?lng=\">Pr\u00f3fa\u00f0u Talkpal \u00f3keypis<\/a>\r\n<\/section>\n<div class=\"wp-block-group pageContainerStyle\"><div class=\"wp-block-group__inner-container is-layout-constrained wp-block-group-is-layout-constrained\">\n<h2 class=\"wp-block-heading\" id=\"h-persian-grammar-topics\">Persneska m\u00e1lfr\u00e6\u00f0i efni<\/h2>\n\n\n\n<p>A\u00f0 <a href=\"https:\/\/talkpal.ai\/learn-persian\/\">l\u00e6ra persnesku<\/a>, einnig \u00feekkt sem farsi, getur veri\u00f0 spennandi og gefandi fer\u00f0 og opna\u00f0 n\u00fd t\u00e6kif\u00e6ri til a\u00f0 skilja r\u00edka menningu og s\u00f6gu \u00cdrans og annarra persneskum\u00e6landi sv\u00e6\u00f0a. Sem nemandi er nau\u00f0synlegt a\u00f0 n\u00e1 t\u00f6kum \u00e1 hinum \u00fdmsu \u00fe\u00e1ttum persneskrar m\u00e1lfr\u00e6\u00f0i til a\u00f0 byggja upp sterkan grunn \u00ed tungum\u00e1linu. \u00cd \u00feessari handb\u00f3k munum vi\u00f0 kanna mismunandi \u00fe\u00e6tti persneskrar m\u00e1lfr\u00e6\u00f0i, \u00fear \u00e1 me\u00f0al t\u00ed\u00f0ir, sagnir, nafnor\u00f0, greinar og a\u00f0ra nau\u00f0synlega \u00fe\u00e6tti, til a\u00f0 hj\u00e1lpa \u00fe\u00e9r a\u00f0 skipuleggja n\u00e1msferli\u00f0 \u00feitt \u00e1 kerfisbundinn og \u00e1rangursr\u00edkan h\u00e1tt.<\/p>\n\n\n\n<h3 class=\"wp-block-heading\" id=\"h-1-nouns\">1. Nafnor\u00f0:<\/h3>\n\n\n\n<p>Byrja\u00f0u \u00e1 \u00fev\u00ed a\u00f0 l\u00e6ra grunnatri\u00f0i persneskra nafnor\u00f0a, \u00fear me\u00f0 tali\u00f0 kyn \u00feeirra (\u00f6ll persnesk nafnor\u00f0 eru kynhlutlaus), eint\u00f6lu og fleirt\u00f6lu og notkun \u201eezafe\u201c til a\u00f0 s\u00fdna eign og tengsl milli nafnor\u00f0a.<\/p>\n\n\n\n<h3 class=\"wp-block-heading\" id=\"h-2-pronouns-determiners\">2. Forn\u00f6fn\/\u00e1kv\u00f6r\u00f0unaror\u00f0:<\/h3>\n\n\n\n<p>\u00deegar \u00fe\u00fa \u00feekkir nafnor\u00f0 skaltu halda \u00e1fram a\u00f0 l\u00e6ra forn\u00f6fn og \u00e1kvar\u00f0ana. \u00deetta mun hj\u00e1lpa \u00fe\u00e9r a\u00f0 skilja hvernig \u00e1 a\u00f0 v\u00edsa til f\u00f3lks og hluta \u00e1 persnesku og nota s\u00fdnikennslu, eignarhald og magn.<\/p>\n\n\n\n<h3 class=\"wp-block-heading\" id=\"h-3-adjectives\">3. L\u00fdsingaror\u00f0:<\/h3>\n\n\n\n<p>L\u00e6r\u00f0u hvernig \u00e1 a\u00f0 l\u00fdsa nafnor\u00f0um me\u00f0 l\u00fdsingaror\u00f0um, \u00fear \u00e1 me\u00f0al sta\u00f0setningu \u00feeirra \u00ed setningu og hvernig \u00feau eru samm\u00e1la nafnor\u00f0unum sem \u00feau breyta.<\/p>\n\n\n\n<h3 class=\"wp-block-heading\" id=\"h-4-verbs\">4. Sagnir:<\/h3>\n\n\n\n<p>Sagnir eru hryggjarstykki\u00f0 \u00ed hva\u00f0a tungum\u00e1li sem er og <a href=\"https:\/\/talkpal.ai\/learn-persian\/\">persneska<\/a> er engin undantekning. Byrja\u00f0u \u00e1 \u00fev\u00ed a\u00f0 skilja persneska sagnauppbyggingu og einfalda n\u00fat\u00ed\u00f0, \u00e1\u00f0ur en \u00fe\u00fa fer\u00f0 yfir \u00ed a\u00f0rar spennur og skap.<\/p>\n\n\n\n<h3 class=\"wp-block-heading\" id=\"h-5-tense-comparison\">5. Spenntur samanbur\u00f0ur:<\/h3>\n\n\n\n<p>Eftir <a href=\"https:\/\/talkpal.ai\/culture\/what-is-the-verb-ad-hafa-and-when-is-it-used\/\">a\u00f0 hafa<\/a> l\u00e6rt grunnatri\u00f0i sagna og einfaldrar n\u00fat\u00ed\u00f0ar skaltu bera saman og andst\u00e6\u00f0a mismunandi spennum til a\u00f0 skilja hvernig \u00fe\u00e6r eru nota\u00f0ar \u00e1 persnesku. \u00deetta felur \u00ed s\u00e9r fort\u00ed\u00f0, framt\u00ed\u00f0 og skilyrt spennu.<\/p>\n\n\n\n<h3 class=\"wp-block-heading\" id=\"h-6-progressive-and-perfect-progressive\">6. Frams\u00e6kinn og fullkominn frams\u00f3knarma\u00f0ur:<\/h3>\n\n\n\n<p>L\u00e6r\u00f0u frams\u00e6kna og fullkomna frams\u00e6kna \u00fe\u00e6tti persneskra sagna til a\u00f0 tj\u00e1 \u00e1framhaldandi e\u00f0a loki\u00f0 a\u00f0ger\u00f0um.<\/p>\n\n\n\n<h3 class=\"wp-block-heading\" id=\"h-7-adverbs\">7. Atviksor\u00f0:<\/h3>\n\n\n\n<p>Atviksor\u00f0 eru nau\u00f0synleg til a\u00f0 b\u00e6ta bl\u00e6brig\u00f0um og samhengi vi\u00f0 persnesku setningarnar \u00fe\u00ednar. L\u00e6r\u00f0u sta\u00f0setningu \u00feeirra og hvernig \u00feeir breyta s\u00f6gnum, l\u00fdsingaror\u00f0um og \u00f6\u00f0rum atviksor\u00f0um.<\/p>\n\n\n\n<h3 class=\"wp-block-heading\" id=\"h-8-conditionals\">8. Skilyr\u00f0i:<\/h3>\n\n\n\n<p>Skilja hvernig \u00e1 a\u00f0 tj\u00e1 \u00edmynda\u00f0ar a\u00f0st\u00e6\u00f0ur og aflei\u00f0ingar me\u00f0 \u00fev\u00ed a\u00f0 l\u00e6ra persneskar skilyrtar setningar.<\/p>\n\n\n\n<h3 class=\"wp-block-heading\" id=\"h-9-prepositions\">9. Forsetningar:<\/h3>\n\n\n\n<p>Forsetningar eru nau\u00f0synlegar til a\u00f0 s\u00fdna tengsl milli or\u00f0a og or\u00f0asambanda \u00ed setningu. L\u00e6r\u00f0u algengustu persnesku forsetningarnar og hvernig \u00e1 a\u00f0 nota \u00fe\u00e6r r\u00e9tt.<\/p>\n\n\n\n<h3 class=\"wp-block-heading\" id=\"h-10-sentences\">10. Setningar:<\/h3>\n\n\n\n<p>A\u00f0 lokum, \u00e6f\u00f0u \u00feig \u00ed a\u00f0 setja alla \u00fe\u00e6tti persneskrar m\u00e1lfr\u00e6\u00f0i saman me\u00f0 \u00fev\u00ed a\u00f0 mynda heilar setningar. Einbeittu \u00fe\u00e9r a\u00f0 mismunandi setningager\u00f0, \u00fear \u00e1 me\u00f0al einf\u00f6ldum, samsettum og fl\u00f3knum setningum, svo og spurningum og mikilv\u00e6gum fullyr\u00f0ingum.<\/p>\n\n\n\n<p>Me\u00f0 \u00fev\u00ed a\u00f0 fylgja \u00feessari r\u00f6\u00f0 af \u00fev\u00ed a\u00f0 l\u00e6ra persneskt m\u00e1lfr\u00e6\u00f0iefni muntu byggja upp sterkan grunn \u00ed tungum\u00e1linu sem gerir \u00fe\u00e9r kleift a\u00f0 eiga skilvirk samskipti og meta fegur\u00f0 persneskra b\u00f3kmennta og menningar.<\/p>\n<\/div><\/div>\n\r\n<section class=\"learnNavigationSection\">\r\n            \r\n        <a href=\"https:\/\/talkpal.ai\/is\/laerdu-persnesku\/\">\r\n            <div class=\"learnNavigationWrapper\">\r\n                <div class=\"learnNavigationContent\">\r\n                    <img decoding=\"async\" src=\"https:\/\/talkpal.ai\/wp-content\/uploads\/2024\/08\/Persian.jpg\" alt=\"Persian Flag\">\r\n                    <div>\r\n                        <h4>Um persneska n\u00e1m<\/h4>\r\n                        <p>Finndu \u00fat allt um persneska m\u00e1lfr\u00e6\u00f0i.<\/p>\r\n                    <\/div>\r\n                <\/div>\r\n            <\/div>\r\n        <\/a>\r\n\r\n        \r\n        <a href=\"https:\/\/talkpal.ai\/is\/persnesk-malfraedi\/\">\r\n            <div class=\"learnNavigationWrapper\">\r\n                <div class=\"learnNavigationContent\">\r\n                    <img decoding=\"async\" src=\"https:\/\/talkpal.ai\/wp-content\/uploads\/2024\/08\/Persian.jpg\" alt=\"Persian Flag\">\r\n                    <div>\r\n                        <h4>Persneska m\u00e1lfr\u00e6\u00f0i kennslustundir<\/h4>\r\n                        <p>\u00c6f\u00f0u persneska m\u00e1lfr\u00e6\u00f0i.<\/p>\r\n                    <\/div>\r\n                <\/div>\r\n            <\/div>\r\n        <\/a>\r\n\r\n        \r\n        <a href=\"https:\/\/talkpal.ai\/vocabulary_language\/persian\/\">\r\n            <div class=\"learnNavigationWrapper\">\r\n                <div class=\"learnNavigationContent\">\r\n                    <img decoding=\"async\" src=\"https:\/\/talkpal.ai\/wp-content\/uploads\/2024\/08\/Persian.jpg\" alt=\"Persian Flag\">\r\n                    <div>\r\n                        <h4>Persneskur or\u00f0afor\u00f0i<\/h4>\r\n                        <p>St\u00e6kka\u00f0u persneska or\u00f0afor\u00f0a \u00feinn.<\/p>\r\n                    <\/div>\r\n                <\/div>\r\n            <\/div>\r\n        <\/a>\r\n\r\n            <\/section>","protected":false},"excerpt":{"rendered":"<p>Persneska m\u00e1lfr\u00e6\u00f0i efni A\u00f0 l\u00e6ra persnesku, einnig \u00feekkt sem farsi, getur veri\u00f0 spennandi og gefandi fer\u00f0 og opna\u00f0 n\u00fd t\u00e6kif\u00e6ri til a\u00f0 skilja r\u00edka menningu og s\u00f6gu \u00cdrans og annarra persneskum\u00e6landi sv\u00e6\u00f0a. Sem nemandi er nau\u00f0synlegt a\u00f0 n\u00e1 t\u00f6kum \u00e1 hinum \u00fdmsu \u00fe\u00e1ttum persneskrar m\u00e1lfr\u00e6\u00f0i til a\u00f0 byggja upp sterkan grunn \u00ed tungum\u00e1linu. \u00cd \u00feessari [&hellip;]<\/p>\n","protected":false},"author":6,"featured_media":117229,"parent":0,"menu_order":0,"comment_status":"closed","ping_status":"closed","template":"LearningContentPage.php","meta":{"_acf_changed":false,"footnotes":""},"class_list":["post-158184","page","type-page","status-publish","has-post-thumbnail","hentry"],"acf":[],"yoast_head":"<!-- This site is optimized with the Yoast SEO Premium plugin v27.2 (Yoast SEO v27.2) - https:\/\/yoast.com\/product\/yoast-seo-premium-wordpress\/ -->\n<title>Persneska M\u00e1lfr\u00e6\u00f0i \u00c6fingar - Talkpal<\/title>\n<meta name=\"description\" content=\"N\u00e1\u00f0u t\u00f6kum \u00e1 persneskum m\u00e1lfr\u00e6\u00f0i\u00e6fingum til a\u00f0 styrkja tungum\u00e1lakunn\u00e1ttu \u00fe\u00edna og kanna menningu persneskum\u00e6landi sv\u00e6\u00f0a.\" \/>\n<meta name=\"robots\" content=\"index, follow, max-snippet:-1, max-image-preview:large, max-video-preview:-1\" \/>\n<link rel=\"canonical\" href=\"https:\/\/talkpal.ai\/is\/persneska-malfraedi-aefingar\/\" \/>\n<meta property=\"og:locale\" content=\"is_IS\" \/>\n<meta property=\"og:type\" content=\"article\" \/>\n<meta property=\"og:title\" content=\"Persneska M\u00e1lfr\u00e6\u00f0i \u00c6fingar\" \/>\n<meta property=\"og:description\" content=\"Persneska m\u00e1lfr\u00e6\u00f0i efni A\u00f0 l\u00e6ra persnesku, einnig \u00feekkt sem farsi, getur veri\u00f0 spennandi og gefandi fer\u00f0 og opna\u00f0 n\u00fd t\u00e6kif\u00e6ri til a\u00f0 skilja r\u00edka menningu\" \/>\n<meta property=\"og:url\" content=\"https:\/\/talkpal.ai\/is\/persneska-malfraedi-aefingar\/\" \/>\n<meta property=\"og:site_name\" content=\"Talkpal\" \/>\n<meta property=\"article:publisher\" content=\"https:\/\/www.facebook.com\/profile.php?id=100090733639311\" \/>\n<meta property=\"article:modified_time\" content=\"2025-12-17T15:26:02+00:00\" \/>\n<meta property=\"og:image\" content=\"https:\/\/talkpal.ai\/wp-content\/uploads\/2023\/05\/Persian-iran.png\" \/>\n\t<meta property=\"og:image:width\" content=\"512\" \/>\n\t<meta property=\"og:image:height\" content=\"512\" \/>\n\t<meta property=\"og:image:type\" content=\"image\/png\" \/>\n<meta name=\"twitter:card\" content=\"summary_large_image\" \/>\n<meta name=\"twitter:site\" content=\"@talkpalai\" \/>\n<meta name=\"twitter:label1\" content=\"Est. reading time\" \/>\n\t<meta name=\"twitter:data1\" content=\"3 minutes\" \/>\n<script type=\"application\/ld+json\" class=\"yoast-schema-graph\">{\"@context\":\"https:\/\/schema.org\",\"@graph\":[{\"@type\":\"WebPage\",\"@id\":\"https:\/\/talkpal.ai\/is\/persneska-malfraedi-aefingar\/\",\"url\":\"https:\/\/talkpal.ai\/is\/persneska-malfraedi-aefingar\/\",\"name\":\"Persneska M\u00e1lfr\u00e6\u00f0i \u00c6fingar - Talkpal\",\"isPartOf\":{\"@id\":\"https:\/\/talkpal.ai\/is\/#website\"},\"primaryImageOfPage\":{\"@id\":\"https:\/\/talkpal.ai\/is\/persneska-malfraedi-aefingar\/#primaryimage\"},\"image\":{\"@id\":\"https:\/\/talkpal.ai\/is\/persneska-malfraedi-aefingar\/#primaryimage\"},\"thumbnailUrl\":\"https:\/\/talkpal.ai\/wp-content\/uploads\/2023\/05\/Persian-iran.png\",\"datePublished\":\"2023-06-27T08:51:37+00:00\",\"dateModified\":\"2025-12-17T15:26:02+00:00\",\"description\":\"N\u00e1\u00f0u t\u00f6kum \u00e1 persneskum m\u00e1lfr\u00e6\u00f0i\u00e6fingum til a\u00f0 styrkja tungum\u00e1lakunn\u00e1ttu \u00fe\u00edna og kanna menningu persneskum\u00e6landi sv\u00e6\u00f0a.\",\"breadcrumb\":{\"@id\":\"https:\/\/talkpal.ai\/is\/persneska-malfraedi-aefingar\/#breadcrumb\"},\"inLanguage\":\"is\",\"potentialAction\":[{\"@type\":\"ReadAction\",\"target\":[\"https:\/\/talkpal.ai\/is\/persneska-malfraedi-aefingar\/\"]}]},{\"@type\":\"ImageObject\",\"inLanguage\":\"is\",\"@id\":\"https:\/\/talkpal.ai\/is\/persneska-malfraedi-aefingar\/#primaryimage\",\"url\":\"https:\/\/talkpal.ai\/wp-content\/uploads\/2023\/05\/Persian-iran.png\",\"contentUrl\":\"https:\/\/talkpal.ai\/wp-content\/uploads\/2023\/05\/Persian-iran.png\",\"width\":512,\"height\":512},{\"@type\":\"BreadcrumbList\",\"@id\":\"https:\/\/talkpal.ai\/is\/persneska-malfraedi-aefingar\/#breadcrumb\",\"itemListElement\":[{\"@type\":\"ListItem\",\"position\":1,\"name\":\"Homepage\",\"item\":\"https:\/\/talkpal.ai\/is\/\"},{\"@type\":\"ListItem\",\"position\":2,\"name\":\"Persneska M\u00e1lfr\u00e6\u00f0i \u00c6fingar\"}]},{\"@type\":\"WebSite\",\"@id\":\"https:\/\/talkpal.ai\/is\/#website\",\"url\":\"https:\/\/talkpal.ai\/is\/\",\"name\":\"Talkpal\",\"description\":\"AI Language Learning\",\"publisher\":{\"@id\":\"https:\/\/talkpal.ai\/is\/#organization\"},\"alternateName\":\"Talkpal AI\",\"potentialAction\":[{\"@type\":\"SearchAction\",\"target\":{\"@type\":\"EntryPoint\",\"urlTemplate\":\"https:\/\/talkpal.ai\/is\/?s={search_term_string}\"},\"query-input\":{\"@type\":\"PropertyValueSpecification\",\"valueRequired\":true,\"valueName\":\"search_term_string\"}}],\"inLanguage\":\"is\"},{\"@type\":\"Organization\",\"@id\":\"https:\/\/talkpal.ai\/is\/#organization\",\"name\":\"Talkpal, Inc.\",\"alternateName\":\"Talkpal AI\",\"url\":\"https:\/\/talkpal.ai\/is\/\",\"logo\":{\"@type\":\"ImageObject\",\"inLanguage\":\"is\",\"@id\":\"https:\/\/talkpal.ai\/is\/#\/schema\/logo\/image\/\",\"url\":\"https:\/\/talkpal.ai\/wp-content\/uploads\/2024\/03\/Talkpal-Logo-Icon.png\",\"contentUrl\":\"https:\/\/talkpal.ai\/wp-content\/uploads\/2024\/03\/Talkpal-Logo-Icon.png\",\"width\":2880,\"height\":2880,\"caption\":\"Talkpal, Inc.\"},\"image\":{\"@id\":\"https:\/\/talkpal.ai\/is\/#\/schema\/logo\/image\/\"},\"sameAs\":[\"https:\/\/www.facebook.com\/profile.php?id=100090733639311\",\"https:\/\/x.com\/talkpalai\",\"https:\/\/www.linkedin.com\/company\/talkpal\/\",\"https:\/\/www.youtube.com\/@TalkPal\/\",\"https:\/\/www.tiktok.com\/@talkpal\",\"https:\/\/www.instagram.com\/talkpal_ai\/\",\"https:\/\/www.crunchbase.com\/organization\/talkpal-9cde\",\"https:\/\/www.g2.com\/products\/talkpal-for-business\/\",\"https:\/\/www.trustpilot.com\/review\/talkpal.ai\",\"https:\/\/www.capterra.com\/p\/10006800\/TalkPal\/\"],\"description\":\"Talkpal is a language learning web and mobile education app, powered by the latest AI technologies, that provides engaging experiences to its customers in many different languages to help them improve their language skills. Users can chat about unlimited amount of topics with the app and use other modes to practice their language learning.\",\"email\":\"support@talkpal.ai\",\"legalName\":\"Talkpal, Inc.\",\"foundingDate\":\"2023-04-03\",\"duns\":\"118989042\",\"numberOfEmployees\":{\"@type\":\"QuantitativeValue\",\"minValue\":\"11\",\"maxValue\":\"50\"},\"publishingPrinciples\":\"https:\/\/talkpal.ai\/publishing-principles\/\",\"actionableFeedbackPolicy\":\"https:\/\/talkpal.ai\/actionable-feedback-policy\/\",\"correctionsPolicy\":\"https:\/\/talkpal.ai\/corrections-policy\/\",\"ethicsPolicy\":\"https:\/\/talkpal.ai\/ethics-policy\/\",\"diversityPolicy\":\"https:\/\/talkpal.ai\/diversity-policy\/\",\"diversityStaffingReport\":\"https:\/\/talkpal.ai\/diversity-policy\/\"}]}<\/script>\n<!-- \/ Yoast SEO Premium plugin. -->","yoast_head_json":{"title":"Persneska M\u00e1lfr\u00e6\u00f0i \u00c6fingar - Talkpal","description":"N\u00e1\u00f0u t\u00f6kum \u00e1 persneskum m\u00e1lfr\u00e6\u00f0i\u00e6fingum til a\u00f0 styrkja tungum\u00e1lakunn\u00e1ttu \u00fe\u00edna og kanna menningu persneskum\u00e6landi sv\u00e6\u00f0a.","robots":{"index":"index","follow":"follow","max-snippet":"max-snippet:-1","max-image-preview":"max-image-preview:large","max-video-preview":"max-video-preview:-1"},"canonical":"https:\/\/talkpal.ai\/is\/persneska-malfraedi-aefingar\/","og_locale":"is_IS","og_type":"article","og_title":"Persneska M\u00e1lfr\u00e6\u00f0i \u00c6fingar","og_description":"Persneska m\u00e1lfr\u00e6\u00f0i efni A\u00f0 l\u00e6ra persnesku, einnig \u00feekkt sem farsi, getur veri\u00f0 spennandi og gefandi fer\u00f0 og opna\u00f0 n\u00fd t\u00e6kif\u00e6ri til a\u00f0 skilja r\u00edka menningu","og_url":"https:\/\/talkpal.ai\/is\/persneska-malfraedi-aefingar\/","og_site_name":"Talkpal","article_publisher":"https:\/\/www.facebook.com\/profile.php?id=100090733639311","article_modified_time":"2025-12-17T15:26:02+00:00","og_image":[{"width":512,"height":512,"url":"https:\/\/talkpal.ai\/wp-content\/uploads\/2023\/05\/Persian-iran.png","type":"image\/png"}],"twitter_card":"summary_large_image","twitter_site":"@talkpalai","twitter_misc":{"Est. reading time":"3 minutes"},"schema":{"@context":"https:\/\/schema.org","@graph":[{"@type":"WebPage","@id":"https:\/\/talkpal.ai\/is\/persneska-malfraedi-aefingar\/","url":"https:\/\/talkpal.ai\/is\/persneska-malfraedi-aefingar\/","name":"Persneska M\u00e1lfr\u00e6\u00f0i \u00c6fingar - Talkpal","isPartOf":{"@id":"https:\/\/talkpal.ai\/is\/#website"},"primaryImageOfPage":{"@id":"https:\/\/talkpal.ai\/is\/persneska-malfraedi-aefingar\/#primaryimage"},"image":{"@id":"https:\/\/talkpal.ai\/is\/persneska-malfraedi-aefingar\/#primaryimage"},"thumbnailUrl":"https:\/\/talkpal.ai\/wp-content\/uploads\/2023\/05\/Persian-iran.png","datePublished":"2023-06-27T08:51:37+00:00","dateModified":"2025-12-17T15:26:02+00:00","description":"N\u00e1\u00f0u t\u00f6kum \u00e1 persneskum m\u00e1lfr\u00e6\u00f0i\u00e6fingum til a\u00f0 styrkja tungum\u00e1lakunn\u00e1ttu \u00fe\u00edna og kanna menningu persneskum\u00e6landi sv\u00e6\u00f0a.","breadcrumb":{"@id":"https:\/\/talkpal.ai\/is\/persneska-malfraedi-aefingar\/#breadcrumb"},"inLanguage":"is","potentialAction":[{"@type":"ReadAction","target":["https:\/\/talkpal.ai\/is\/persneska-malfraedi-aefingar\/"]}]},{"@type":"ImageObject","inLanguage":"is","@id":"https:\/\/talkpal.ai\/is\/persneska-malfraedi-aefingar\/#primaryimage","url":"https:\/\/talkpal.ai\/wp-content\/uploads\/2023\/05\/Persian-iran.png","contentUrl":"https:\/\/talkpal.ai\/wp-content\/uploads\/2023\/05\/Persian-iran.png","width":512,"height":512},{"@type":"BreadcrumbList","@id":"https:\/\/talkpal.ai\/is\/persneska-malfraedi-aefingar\/#breadcrumb","itemListElement":[{"@type":"ListItem","position":1,"name":"Homepage","item":"https:\/\/talkpal.ai\/is\/"},{"@type":"ListItem","position":2,"name":"Persneska M\u00e1lfr\u00e6\u00f0i \u00c6fingar"}]},{"@type":"WebSite","@id":"https:\/\/talkpal.ai\/is\/#website","url":"https:\/\/talkpal.ai\/is\/","name":"Talkpal","description":"AI Language Learning","publisher":{"@id":"https:\/\/talkpal.ai\/is\/#organization"},"alternateName":"Talkpal AI","potentialAction":[{"@type":"SearchAction","target":{"@type":"EntryPoint","urlTemplate":"https:\/\/talkpal.ai\/is\/?s={search_term_string}"},"query-input":{"@type":"PropertyValueSpecification","valueRequired":true,"valueName":"search_term_string"}}],"inLanguage":"is"},{"@type":"Organization","@id":"https:\/\/talkpal.ai\/is\/#organization","name":"Talkpal, Inc.","alternateName":"Talkpal AI","url":"https:\/\/talkpal.ai\/is\/","logo":{"@type":"ImageObject","inLanguage":"is","@id":"https:\/\/talkpal.ai\/is\/#\/schema\/logo\/image\/","url":"https:\/\/talkpal.ai\/wp-content\/uploads\/2024\/03\/Talkpal-Logo-Icon.png","contentUrl":"https:\/\/talkpal.ai\/wp-content\/uploads\/2024\/03\/Talkpal-Logo-Icon.png","width":2880,"height":2880,"caption":"Talkpal, Inc."},"image":{"@id":"https:\/\/talkpal.ai\/is\/#\/schema\/logo\/image\/"},"sameAs":["https:\/\/www.facebook.com\/profile.php?id=100090733639311","https:\/\/x.com\/talkpalai","https:\/\/www.linkedin.com\/company\/talkpal\/","https:\/\/www.youtube.com\/@TalkPal\/","https:\/\/www.tiktok.com\/@talkpal","https:\/\/www.instagram.com\/talkpal_ai\/","https:\/\/www.crunchbase.com\/organization\/talkpal-9cde","https:\/\/www.g2.com\/products\/talkpal-for-business\/","https:\/\/www.trustpilot.com\/review\/talkpal.ai","https:\/\/www.capterra.com\/p\/10006800\/TalkPal\/"],"description":"Talkpal is a language learning web and mobile education app, powered by the latest AI technologies, that provides engaging experiences to its customers in many different languages to help them improve their language skills. Users can chat about unlimited amount of topics with the app and use other modes to practice their language learning.","email":"support@talkpal.ai","legalName":"Talkpal, Inc.","foundingDate":"2023-04-03","duns":"118989042","numberOfEmployees":{"@type":"QuantitativeValue","minValue":"11","maxValue":"50"},"publishingPrinciples":"https:\/\/talkpal.ai\/publishing-principles\/","actionableFeedbackPolicy":"https:\/\/talkpal.ai\/actionable-feedback-policy\/","correctionsPolicy":"https:\/\/talkpal.ai\/corrections-policy\/","ethicsPolicy":"https:\/\/talkpal.ai\/ethics-policy\/","diversityPolicy":"https:\/\/talkpal.ai\/diversity-policy\/","diversityStaffingReport":"https:\/\/talkpal.ai\/diversity-policy\/"}]}},"_links":{"self":[{"href":"https:\/\/talkpal.ai\/is\/wp-json\/wp\/v2\/pages\/158184","targetHints":{"allow":["GET"]}}],"collection":[{"href":"https:\/\/talkpal.ai\/is\/wp-json\/wp\/v2\/pages"}],"about":[{"href":"https:\/\/talkpal.ai\/is\/wp-json\/wp\/v2\/types\/page"}],"author":[{"embeddable":true,"href":"https:\/\/talkpal.ai\/is\/wp-json\/wp\/v2\/users\/6"}],"replies":[{"embeddable":true,"href":"https:\/\/talkpal.ai\/is\/wp-json\/wp\/v2\/comments?post=158184"}],"version-history":[{"count":0,"href":"https:\/\/talkpal.ai\/is\/wp-json\/wp\/v2\/pages\/158184\/revisions"}],"wp:featuredmedia":[{"embeddable":true,"href":"https:\/\/talkpal.ai\/is\/wp-json\/wp\/v2\/media\/117229"}],"wp:attachment":[{"href":"https:\/\/talkpal.ai\/is\/wp-json\/wp\/v2\/media?parent=158184"}],"curies":[{"name":"wp","href":"https:\/\/api.w.org\/{rel}","templated":true}]}}