{"id":157902,"date":"2023-06-27T09:07:34","date_gmt":"2023-06-27T09:07:34","guid":{"rendered":"http:\/\/talkpal.ai\/polska-malfraedi-aefingar\/"},"modified":"2025-12-17T09:57:41","modified_gmt":"2025-12-17T09:57:41","slug":"polska-malfraedi-aefingar","status":"publish","type":"page","link":"https:\/\/talkpal.ai\/is\/polska-malfraedi-aefingar\/","title":{"rendered":"P\u00f3lska M\u00e1lfr\u00e6\u00f0i \u00c6fingar"},"content":{"rendered":"\r\n\r\n\r\n<section class=\"languageChallengeSection\">\r\n    <div class=\"languageInfoWrapper\">\r\n        \r\n        <h1>P\u00f3lska M\u00e1lfr\u00e6\u00f0i \u00c6fingar<\/h1>\r\n        <p>Tilb\u00fainn\/n a\u00f0 skerpa \u00e1 p\u00f3lskukunn\u00e1ttu \u00feinni? A\u00f0 \u00e6fa m\u00e1lfr\u00e6\u00f0i\u00e6fingar er fr\u00e1b\u00e6r lei\u00f0 til a\u00f0 n\u00e1 t\u00f6kum \u00e1 setningager\u00f0, sagnbeygingum og einst\u00f6kum mynstrum p\u00f3lsku. Byrja\u00f0u a\u00f0 vinna \u00ed p\u00f3lskri m\u00e1lfr\u00e6\u00f0i \u00ed dag og sj\u00e1\u00f0u hvernig sj\u00e1lfstraust \u00feitt og f\u00e6rni \u00ed p\u00f3lsku batnar me\u00f0 hverri \u00e6fingu!\n\n<\/p>\r\n\r\n                            <a class=\"getStartedHidden\" href=\"https:\/\/app.talkpal.ai\/signup?lng=\">Byrja\u00f0u<\/a>\r\n        \r\n    <\/div>\r\n\r\n    <figure>\r\n    <img decoding=\"async\" width=\"768\" height=\"768\" src=\"https:\/\/talkpal.ai\/wp-content\/uploads\/2023\/06\/polish-768x768.png\" class=\"languageImage no-lazy\" alt=\"Practical tips on language learning techniques\" fetchpriority=\"high\" sizes=\"(max-width: 768px) 150px, 768px\" srcset=\"https:\/\/talkpal.ai\/wp-content\/uploads\/2023\/06\/polish-768x768.png 768w, https:\/\/talkpal.ai\/wp-content\/uploads\/2023\/06\/polish-300x300.png 300w\" \/>\r\n    \r\n\r\n    <\/figure>\r\n\r\n            <a class=\"getStartedVisible\" href=\"https:\/\/app.talkpal.ai\/signup?lng=\">Byrja\u00f0u<\/a>\r\n    \r\n<\/section>\r\n\r\n\r\n<!-- <section class=\"grammarSection\">\r\n    <div class=\"grammarLinks\">\r\n            <\/div>\r\n<\/section> -->\r\n\r\n\r\n\r\n\r\n<section class=\"promotionalBanner\">\r\n    <p class=\"promotionalText\">Skilvirkasta lei\u00f0in til a\u00f0 l\u00e6ra tungum\u00e1l<\/p>\r\n    <a class=\"promotionalLink\" href=\"https:\/\/app.talkpal.ai\/signup?lng=\">Pr\u00f3fa\u00f0u Talkpal \u00f3keypis<\/a>\r\n<\/section>\n<div class=\"wp-block-group pageContainerStyle\"><div class=\"wp-block-group__inner-container is-layout-constrained wp-block-group-is-layout-constrained\">\n<h2 class=\"wp-block-heading\" id=\"h-polish-grammar-topics\">P\u00f3lsk m\u00e1lfr\u00e6\u00f0i efni<\/h2>\n\n\n\n<p><a href=\"https:\/\/talkpal.ai\/learn-polish\/\">P\u00f3lska<\/a>, vesturslavneskt tungum\u00e1l, er m\u00f3\u00f0urm\u00e1l P\u00f3llands og tala\u00f0 af millj\u00f3num manna um allan heim. Me\u00f0 fl\u00f3knu m\u00e1lfr\u00e6\u00f0ikerfi og einst\u00f6kum frambur\u00f0i getur \u00fea\u00f0 veri\u00f0 mj\u00f6g krefjandi a\u00f0 l\u00e6ra p\u00f3lsku en einnig gefandi. Til a\u00f0 n\u00e1 g\u00f3\u00f0um skilningi og t\u00f6kum \u00e1 tungum\u00e1linu er nau\u00f0synlegt a\u00f0 l\u00e6ra m\u00e1lfr\u00e6\u00f0ireglur \u00feess \u00ed skipulag\u00f0ri og r\u00f6kr\u00e9ttri r\u00f6\u00f0. \u00cd \u00feessari handb\u00f3k munum vi\u00f0 kanna helstu m\u00e1lfr\u00e6\u00f0iefni \u00e1 p\u00f3lsku, svo sem t\u00ed\u00f0ir, sagnir, nafnor\u00f0, greinar, forn\u00f6fn, l\u00fdsingaror\u00f0, atviksor\u00f0, skilyr\u00f0i, forsetningar og setningager\u00f0. Me\u00f0 \u00fev\u00ed a\u00f0 fylgja \u00feessari r\u00f6\u00f0 muntu geta sm\u00e1m saman byggt upp p\u00f3lskukunn\u00e1ttu \u00fe\u00edna og \u00e1tt skilvirk samskipti.<\/p>\n\n\n\n<h3 class=\"wp-block-heading\" id=\"h-1-nouns\">1. Nafnor\u00f0:<\/h3>\n\n\n\n<p>\u00c1 p\u00f3lsku er nafnor\u00f0um skipt \u00ed \u00ferj\u00fa kyn: karlkyn, kvenkyn og hvorugkyn. \u00deeir hafa einnig sj\u00f6 tilfelli: nafnor\u00f0, genitive, dative, accusative, instrumental, locative og vocative. A\u00f0 l\u00e6ra kyn og m\u00e1lkerfi skiptir sk\u00f6pum til a\u00f0 skilja setningaskipan og nota r\u00e9tt form annarra m\u00e1lfr\u00e6\u00f0i\u00fe\u00e1tta, svo sem l\u00fdsingaror\u00f0a og fornafna.<\/p>\n\n\n\n<h3 class=\"wp-block-heading\" id=\"h-2-pronouns-determiners\">2. Forn\u00f6fn\/\u00e1kv\u00f6r\u00f0unaror\u00f0:<\/h3>\n\n\n\n<p>P\u00f3lsk forn\u00f6fn og \u00e1kvar\u00f0andi eru samm\u00e1la nafnor\u00f0um \u00ed kyni, t\u00f6lu og falli. \u00deau innihalda pers\u00f3nuleg, eignarhaldsleg, s\u00fdnileg, spyrjandi og afst\u00e6\u00f0 forn\u00f6fn. A\u00f0 n\u00e1 t\u00f6kum \u00e1 notkun fornafna og \u00e1kvar\u00f0andi hj\u00e1lpar til vi\u00f0 a\u00f0 byggja upp fl\u00f3knari setningar og tj\u00e1 \u00fdmis tengsl milli or\u00f0a.<\/p>\n\n\n\n<h3 class=\"wp-block-heading\" id=\"h-3-adjectives\">3. L\u00fdsingaror\u00f0:<\/h3>\n\n\n\n<p>L\u00fdsingaror\u00f0 \u00e1 p\u00f3lsku eru samm\u00e1la nafnor\u00f0um \u00ed kyni, t\u00f6lu og falli. \u00deeir hafa mismunandi form bygg\u00f0 \u00e1 \u00feessum \u00fe\u00e1ttum, svo a\u00f0 l\u00e6ra fallbeygingarmynstur l\u00fdsingaror\u00f0a er nau\u00f0synlegt fyrir r\u00e9tta notkun og skilning \u00e1 l\u00fdsandi setningum.<\/p>\n\n\n\n<h3 class=\"wp-block-heading\" id=\"h-4-verbs\">4. Sagnir:<\/h3>\n\n\n\n<p>P\u00f3lska sagnakerfi\u00f0 samanstendur af \u00feremur t\u00ed\u00f0um: fort\u00ed\u00f0, n\u00fat\u00ed\u00f0 og framt\u00ed\u00f0. Sagnir hafa einnig mismunandi form bygg\u00f0 \u00e1 \u00fe\u00e6tti (fullkomnum e\u00f0a \u00f3fullkomnum) og beygingarmynstri. A\u00f0 l\u00e6ra grunnatri\u00f0i sagnbeygingar og \u00fe\u00e1ttar er grundvallaratri\u00f0i til a\u00f0 tj\u00e1 a\u00f0ger\u00f0ir, atbur\u00f0i og r\u00edki \u00e1 \u00fdmsum t\u00edmaramma.<\/p>\n\n\n\n<h3 class=\"wp-block-heading\" id=\"h-5-tense-comparison\">5. Spenntur samanbur\u00f0ur:<\/h3>\n\n\n\n<p>Skilningur \u00e1 muninum og l\u00edkt milli \u00feriggja spennu \u00e1 p\u00f3lsku gerir \u00fe\u00e9r kleift a\u00f0 tj\u00e1 t\u00edmasamb\u00f6nd n\u00e1kv\u00e6mlega. \u00deetta felur \u00ed s\u00e9r myndun og notkun einfaldra, frams\u00e6kinna og fullkominna frams\u00e6kinna forma.<\/p>\n\n\n\n<h3 class=\"wp-block-heading\" id=\"h-6-adverbs\">6. Atviksor\u00f0:<\/h3>\n\n\n\n<p>Atviksor\u00f0 \u00e1 p\u00f3lsku veita frekari uppl\u00fdsingar um sagnir, l\u00fdsingaror\u00f0 e\u00f0a \u00f6nnur atviksor\u00f0. \u00deeir breyta venjulega ekki formi, sem gerir \u00fe\u00e1 tilt\u00f6lulega au\u00f0velt a\u00f0 l\u00e6ra. A\u00f0 vita hvernig \u00e1 a\u00f0 nota atviksor\u00f0 \u00e1 r\u00e9ttan h\u00e1tt eykur tj\u00e1ningu tungum\u00e1lsins.<\/p>\n\n\n\n<h3 class=\"wp-block-heading\" id=\"h-7-prepositions\">7. Forsetningar:<\/h3>\n\n\n\n<p>P\u00f3lskar forsetningar stj\u00f3rna \u00e1kve\u00f0num tilvikum og s\u00fdna tengsl or\u00f0a \u00ed setningu. A\u00f0 l\u00e6ra r\u00e9tta notkun forsetninga og samsvarandi tilvika \u00feeirra er nau\u00f0synlegt til a\u00f0 byggja upp fl\u00f3knari setningar og tj\u00e1 \u00fdmis tengsl milli or\u00f0a.<\/p>\n\n\n\n<h3 class=\"wp-block-heading\" id=\"h-8-conditionals\">8. Skilyr\u00f0i:<\/h3>\n\n\n\n<p>Skilyrtar setningar \u00e1 p\u00f3lsku l\u00fdsa \u00edmyndu\u00f0um a\u00f0st\u00e6\u00f0um og aflei\u00f0ingum \u00feeirra. \u00deau samanstanda venjulega af tveimur \u00e1kv\u00e6\u00f0um: skilyr\u00f0inu (ef-\u00e1kv\u00e6\u00f0i) og ni\u00f0urst\u00f6\u00f0unni (a\u00f0al\u00e1kv\u00e6\u00f0inu). A\u00f0 l\u00e6ra myndun og notkun skilyrtra gerir \u00fe\u00e9r kleift a\u00f0 tj\u00e1 \u00edmynda\u00f0ar a\u00f0st\u00e6\u00f0ur og aflei\u00f0ingar \u00feeirra n\u00e1kv\u00e6mlega.<\/p>\n\n\n\n<h3 class=\"wp-block-heading\" id=\"h-9-sentences\">9. Setningar:<\/h3>\n\n\n\n<p>Til a\u00f0 eiga skilvirk samskipti \u00e1 p\u00f3lsku er nau\u00f0synlegt a\u00f0 skilja grunnsetningu setninga, \u00fear \u00e1 me\u00f0al yfirl\u00fdsingar-, spurnar-, br\u00fdn- og upphr\u00f3punarsetningar. A\u00f0 n\u00e1 t\u00f6kum \u00e1 setningaskipan hj\u00e1lpar til vi\u00f0 a\u00f0 tj\u00e1 hugsanir, spyrja spurninga, gefa skipanir og koma tilfinningum \u00e1 framf\u00e6ri \u00e1 p\u00f3lsku.<\/p>\n<\/div><\/div>\n\r\n<section class=\"learnNavigationSection\">\r\n            \r\n        <a href=\"https:\/\/talkpal.ai\/is\/laerdu-polsku\/\">\r\n            <div class=\"learnNavigationWrapper\">\r\n                <div class=\"learnNavigationContent\">\r\n                    <img decoding=\"async\" src=\"https:\/\/talkpal.ai\/wp-content\/uploads\/2024\/08\/Polish.jpg\" alt=\"Polish Flag\">\r\n                    <div>\r\n                        <h4>Um p\u00f3lskun\u00e1m<\/h4>\r\n                        <p>Finndu \u00fat allt um p\u00f3lska m\u00e1lfr\u00e6\u00f0i.<\/p>\r\n                    <\/div>\r\n                <\/div>\r\n            <\/div>\r\n        <\/a>\r\n\r\n        \r\n        <a href=\"https:\/\/talkpal.ai\/is\/polsk-malfraedi\/\">\r\n            <div class=\"learnNavigationWrapper\">\r\n                <div class=\"learnNavigationContent\">\r\n                    <img decoding=\"async\" src=\"https:\/\/talkpal.ai\/wp-content\/uploads\/2024\/08\/Polish.jpg\" alt=\"Polish Flag\">\r\n                    <div>\r\n                        <h4>P\u00f3lskir m\u00e1lfr\u00e6\u00f0it\u00edmar<\/h4>\r\n                        <p>\u00c6f\u00f0u p\u00f3lska m\u00e1lfr\u00e6\u00f0i.<\/p>\r\n                    <\/div>\r\n                <\/div>\r\n            <\/div>\r\n        <\/a>\r\n\r\n        \r\n        <a href=\"https:\/\/talkpal.ai\/vocabulary_language\/polish\/\">\r\n            <div class=\"learnNavigationWrapper\">\r\n                <div class=\"learnNavigationContent\">\r\n                    <img decoding=\"async\" src=\"https:\/\/talkpal.ai\/wp-content\/uploads\/2024\/08\/Polish.jpg\" alt=\"Polish Flag\">\r\n                    <div>\r\n                        <h4>P\u00f3lskur or\u00f0afor\u00f0i<\/h4>\r\n                        <p>St\u00e6kka\u00f0u p\u00f3lska or\u00f0afor\u00f0a \u00feinn.<\/p>\r\n                    <\/div>\r\n                <\/div>\r\n            <\/div>\r\n        <\/a>\r\n\r\n            <\/section>","protected":false},"excerpt":{"rendered":"<p>P\u00f3lsk m\u00e1lfr\u00e6\u00f0i efni P\u00f3lska, vesturslavneskt tungum\u00e1l, er m\u00f3\u00f0urm\u00e1l P\u00f3llands og tala\u00f0 af millj\u00f3num manna um allan heim. Me\u00f0 fl\u00f3knu m\u00e1lfr\u00e6\u00f0ikerfi og einst\u00f6kum frambur\u00f0i getur \u00fea\u00f0 veri\u00f0 mj\u00f6g krefjandi a\u00f0 l\u00e6ra p\u00f3lsku en einnig gefandi. Til a\u00f0 n\u00e1 g\u00f3\u00f0um skilningi og t\u00f6kum \u00e1 tungum\u00e1linu er nau\u00f0synlegt a\u00f0 l\u00e6ra m\u00e1lfr\u00e6\u00f0ireglur \u00feess \u00ed skipulag\u00f0ri og r\u00f6kr\u00e9ttri r\u00f6\u00f0. \u00cd [&hellip;]<\/p>\n","protected":false},"author":6,"featured_media":117536,"parent":0,"menu_order":0,"comment_status":"closed","ping_status":"closed","template":"LearningContentPage.php","meta":{"_acf_changed":false,"footnotes":""},"class_list":["post-157902","page","type-page","status-publish","has-post-thumbnail","hentry"],"acf":[],"yoast_head":"<!-- This site is optimized with the Yoast SEO Premium plugin v27.2 (Yoast SEO v27.2) - https:\/\/yoast.com\/product\/yoast-seo-premium-wordpress\/ -->\n<title>P\u00f3lska M\u00e1lfr\u00e6\u00f0i \u00c6fingar - Talkpal<\/title>\n<meta name=\"description\" content=\"N\u00e1\u00f0u t\u00f6kum \u00e1 p\u00f3lskri m\u00e1lfr\u00e6\u00f0i me\u00f0 gagnvirkum \u00e6fingum sem eru hanna\u00f0ar fyrir \u00f6ll stig. \u00c6f\u00f0u \u00feig og b\u00e6ttu tungum\u00e1lakunn\u00e1ttu \u00fe\u00edna!\" \/>\n<meta name=\"robots\" content=\"index, follow, max-snippet:-1, max-image-preview:large, max-video-preview:-1\" \/>\n<link rel=\"canonical\" href=\"https:\/\/talkpal.ai\/is\/polska-malfraedi-aefingar\/\" \/>\n<meta property=\"og:locale\" content=\"is_IS\" \/>\n<meta property=\"og:type\" content=\"article\" \/>\n<meta property=\"og:title\" content=\"P\u00f3lska M\u00e1lfr\u00e6\u00f0i \u00c6fingar\" \/>\n<meta property=\"og:description\" content=\"P\u00f3lsk m\u00e1lfr\u00e6\u00f0i efni P\u00f3lska, vesturslavneskt tungum\u00e1l, er m\u00f3\u00f0urm\u00e1l P\u00f3llands og tala\u00f0 af millj\u00f3num manna um allan heim. Me\u00f0 fl\u00f3knu m\u00e1lfr\u00e6\u00f0ikerfi og\" \/>\n<meta property=\"og:url\" content=\"https:\/\/talkpal.ai\/is\/polska-malfraedi-aefingar\/\" \/>\n<meta property=\"og:site_name\" content=\"Talkpal\" \/>\n<meta property=\"article:publisher\" content=\"https:\/\/www.facebook.com\/profile.php?id=100090733639311\" \/>\n<meta property=\"article:modified_time\" content=\"2025-12-17T09:57:41+00:00\" \/>\n<meta property=\"og:image\" content=\"https:\/\/talkpal.ai\/wp-content\/uploads\/2023\/05\/poland.png\" \/>\n\t<meta property=\"og:image:width\" content=\"512\" \/>\n\t<meta property=\"og:image:height\" content=\"512\" \/>\n\t<meta property=\"og:image:type\" content=\"image\/png\" \/>\n<meta name=\"twitter:card\" content=\"summary_large_image\" \/>\n<meta name=\"twitter:site\" content=\"@talkpalai\" \/>\n<meta name=\"twitter:label1\" content=\"Est. reading time\" \/>\n\t<meta name=\"twitter:data1\" content=\"3 minutes\" \/>\n<script type=\"application\/ld+json\" class=\"yoast-schema-graph\">{\"@context\":\"https:\/\/schema.org\",\"@graph\":[{\"@type\":\"WebPage\",\"@id\":\"https:\/\/talkpal.ai\/is\/polska-malfraedi-aefingar\/\",\"url\":\"https:\/\/talkpal.ai\/is\/polska-malfraedi-aefingar\/\",\"name\":\"P\u00f3lska M\u00e1lfr\u00e6\u00f0i \u00c6fingar - Talkpal\",\"isPartOf\":{\"@id\":\"https:\/\/talkpal.ai\/is\/#website\"},\"primaryImageOfPage\":{\"@id\":\"https:\/\/talkpal.ai\/is\/polska-malfraedi-aefingar\/#primaryimage\"},\"image\":{\"@id\":\"https:\/\/talkpal.ai\/is\/polska-malfraedi-aefingar\/#primaryimage\"},\"thumbnailUrl\":\"https:\/\/talkpal.ai\/wp-content\/uploads\/2023\/05\/poland.png\",\"datePublished\":\"2023-06-27T09:07:34+00:00\",\"dateModified\":\"2025-12-17T09:57:41+00:00\",\"description\":\"N\u00e1\u00f0u t\u00f6kum \u00e1 p\u00f3lskri m\u00e1lfr\u00e6\u00f0i me\u00f0 gagnvirkum \u00e6fingum sem eru hanna\u00f0ar fyrir \u00f6ll stig. \u00c6f\u00f0u \u00feig og b\u00e6ttu tungum\u00e1lakunn\u00e1ttu \u00fe\u00edna!\",\"breadcrumb\":{\"@id\":\"https:\/\/talkpal.ai\/is\/polska-malfraedi-aefingar\/#breadcrumb\"},\"inLanguage\":\"is\",\"potentialAction\":[{\"@type\":\"ReadAction\",\"target\":[\"https:\/\/talkpal.ai\/is\/polska-malfraedi-aefingar\/\"]}]},{\"@type\":\"ImageObject\",\"inLanguage\":\"is\",\"@id\":\"https:\/\/talkpal.ai\/is\/polska-malfraedi-aefingar\/#primaryimage\",\"url\":\"https:\/\/talkpal.ai\/wp-content\/uploads\/2023\/05\/poland.png\",\"contentUrl\":\"https:\/\/talkpal.ai\/wp-content\/uploads\/2023\/05\/poland.png\",\"width\":512,\"height\":512},{\"@type\":\"BreadcrumbList\",\"@id\":\"https:\/\/talkpal.ai\/is\/polska-malfraedi-aefingar\/#breadcrumb\",\"itemListElement\":[{\"@type\":\"ListItem\",\"position\":1,\"name\":\"Homepage\",\"item\":\"https:\/\/talkpal.ai\/is\/\"},{\"@type\":\"ListItem\",\"position\":2,\"name\":\"P\u00f3lska M\u00e1lfr\u00e6\u00f0i \u00c6fingar\"}]},{\"@type\":\"WebSite\",\"@id\":\"https:\/\/talkpal.ai\/is\/#website\",\"url\":\"https:\/\/talkpal.ai\/is\/\",\"name\":\"Talkpal\",\"description\":\"AI Language Learning\",\"publisher\":{\"@id\":\"https:\/\/talkpal.ai\/is\/#organization\"},\"alternateName\":\"Talkpal AI\",\"potentialAction\":[{\"@type\":\"SearchAction\",\"target\":{\"@type\":\"EntryPoint\",\"urlTemplate\":\"https:\/\/talkpal.ai\/is\/?s={search_term_string}\"},\"query-input\":{\"@type\":\"PropertyValueSpecification\",\"valueRequired\":true,\"valueName\":\"search_term_string\"}}],\"inLanguage\":\"is\"},{\"@type\":\"Organization\",\"@id\":\"https:\/\/talkpal.ai\/is\/#organization\",\"name\":\"Talkpal, Inc.\",\"alternateName\":\"Talkpal AI\",\"url\":\"https:\/\/talkpal.ai\/is\/\",\"logo\":{\"@type\":\"ImageObject\",\"inLanguage\":\"is\",\"@id\":\"https:\/\/talkpal.ai\/is\/#\/schema\/logo\/image\/\",\"url\":\"https:\/\/talkpal.ai\/wp-content\/uploads\/2024\/03\/Talkpal-Logo-Icon.png\",\"contentUrl\":\"https:\/\/talkpal.ai\/wp-content\/uploads\/2024\/03\/Talkpal-Logo-Icon.png\",\"width\":2880,\"height\":2880,\"caption\":\"Talkpal, Inc.\"},\"image\":{\"@id\":\"https:\/\/talkpal.ai\/is\/#\/schema\/logo\/image\/\"},\"sameAs\":[\"https:\/\/www.facebook.com\/profile.php?id=100090733639311\",\"https:\/\/x.com\/talkpalai\",\"https:\/\/www.linkedin.com\/company\/talkpal\/\",\"https:\/\/www.youtube.com\/@TalkPal\/\",\"https:\/\/www.tiktok.com\/@talkpal\",\"https:\/\/www.instagram.com\/talkpal_ai\/\",\"https:\/\/www.crunchbase.com\/organization\/talkpal-9cde\",\"https:\/\/www.g2.com\/products\/talkpal-for-business\/\",\"https:\/\/www.trustpilot.com\/review\/talkpal.ai\",\"https:\/\/www.capterra.com\/p\/10006800\/TalkPal\/\"],\"description\":\"Talkpal is a language learning web and mobile education app, powered by the latest AI technologies, that provides engaging experiences to its customers in many different languages to help them improve their language skills. Users can chat about unlimited amount of topics with the app and use other modes to practice their language learning.\",\"email\":\"support@talkpal.ai\",\"legalName\":\"Talkpal, Inc.\",\"foundingDate\":\"2023-04-03\",\"duns\":\"118989042\",\"numberOfEmployees\":{\"@type\":\"QuantitativeValue\",\"minValue\":\"11\",\"maxValue\":\"50\"},\"publishingPrinciples\":\"https:\/\/talkpal.ai\/publishing-principles\/\",\"actionableFeedbackPolicy\":\"https:\/\/talkpal.ai\/actionable-feedback-policy\/\",\"correctionsPolicy\":\"https:\/\/talkpal.ai\/corrections-policy\/\",\"ethicsPolicy\":\"https:\/\/talkpal.ai\/ethics-policy\/\",\"diversityPolicy\":\"https:\/\/talkpal.ai\/diversity-policy\/\",\"diversityStaffingReport\":\"https:\/\/talkpal.ai\/diversity-policy\/\"}]}<\/script>\n<!-- \/ Yoast SEO Premium plugin. -->","yoast_head_json":{"title":"P\u00f3lska M\u00e1lfr\u00e6\u00f0i \u00c6fingar - Talkpal","description":"N\u00e1\u00f0u t\u00f6kum \u00e1 p\u00f3lskri m\u00e1lfr\u00e6\u00f0i me\u00f0 gagnvirkum \u00e6fingum sem eru hanna\u00f0ar fyrir \u00f6ll stig. \u00c6f\u00f0u \u00feig og b\u00e6ttu tungum\u00e1lakunn\u00e1ttu \u00fe\u00edna!","robots":{"index":"index","follow":"follow","max-snippet":"max-snippet:-1","max-image-preview":"max-image-preview:large","max-video-preview":"max-video-preview:-1"},"canonical":"https:\/\/talkpal.ai\/is\/polska-malfraedi-aefingar\/","og_locale":"is_IS","og_type":"article","og_title":"P\u00f3lska M\u00e1lfr\u00e6\u00f0i \u00c6fingar","og_description":"P\u00f3lsk m\u00e1lfr\u00e6\u00f0i efni P\u00f3lska, vesturslavneskt tungum\u00e1l, er m\u00f3\u00f0urm\u00e1l P\u00f3llands og tala\u00f0 af millj\u00f3num manna um allan heim. Me\u00f0 fl\u00f3knu m\u00e1lfr\u00e6\u00f0ikerfi og","og_url":"https:\/\/talkpal.ai\/is\/polska-malfraedi-aefingar\/","og_site_name":"Talkpal","article_publisher":"https:\/\/www.facebook.com\/profile.php?id=100090733639311","article_modified_time":"2025-12-17T09:57:41+00:00","og_image":[{"width":512,"height":512,"url":"https:\/\/talkpal.ai\/wp-content\/uploads\/2023\/05\/poland.png","type":"image\/png"}],"twitter_card":"summary_large_image","twitter_site":"@talkpalai","twitter_misc":{"Est. reading time":"3 minutes"},"schema":{"@context":"https:\/\/schema.org","@graph":[{"@type":"WebPage","@id":"https:\/\/talkpal.ai\/is\/polska-malfraedi-aefingar\/","url":"https:\/\/talkpal.ai\/is\/polska-malfraedi-aefingar\/","name":"P\u00f3lska M\u00e1lfr\u00e6\u00f0i \u00c6fingar - Talkpal","isPartOf":{"@id":"https:\/\/talkpal.ai\/is\/#website"},"primaryImageOfPage":{"@id":"https:\/\/talkpal.ai\/is\/polska-malfraedi-aefingar\/#primaryimage"},"image":{"@id":"https:\/\/talkpal.ai\/is\/polska-malfraedi-aefingar\/#primaryimage"},"thumbnailUrl":"https:\/\/talkpal.ai\/wp-content\/uploads\/2023\/05\/poland.png","datePublished":"2023-06-27T09:07:34+00:00","dateModified":"2025-12-17T09:57:41+00:00","description":"N\u00e1\u00f0u t\u00f6kum \u00e1 p\u00f3lskri m\u00e1lfr\u00e6\u00f0i me\u00f0 gagnvirkum \u00e6fingum sem eru hanna\u00f0ar fyrir \u00f6ll stig. \u00c6f\u00f0u \u00feig og b\u00e6ttu tungum\u00e1lakunn\u00e1ttu \u00fe\u00edna!","breadcrumb":{"@id":"https:\/\/talkpal.ai\/is\/polska-malfraedi-aefingar\/#breadcrumb"},"inLanguage":"is","potentialAction":[{"@type":"ReadAction","target":["https:\/\/talkpal.ai\/is\/polska-malfraedi-aefingar\/"]}]},{"@type":"ImageObject","inLanguage":"is","@id":"https:\/\/talkpal.ai\/is\/polska-malfraedi-aefingar\/#primaryimage","url":"https:\/\/talkpal.ai\/wp-content\/uploads\/2023\/05\/poland.png","contentUrl":"https:\/\/talkpal.ai\/wp-content\/uploads\/2023\/05\/poland.png","width":512,"height":512},{"@type":"BreadcrumbList","@id":"https:\/\/talkpal.ai\/is\/polska-malfraedi-aefingar\/#breadcrumb","itemListElement":[{"@type":"ListItem","position":1,"name":"Homepage","item":"https:\/\/talkpal.ai\/is\/"},{"@type":"ListItem","position":2,"name":"P\u00f3lska M\u00e1lfr\u00e6\u00f0i \u00c6fingar"}]},{"@type":"WebSite","@id":"https:\/\/talkpal.ai\/is\/#website","url":"https:\/\/talkpal.ai\/is\/","name":"Talkpal","description":"AI Language Learning","publisher":{"@id":"https:\/\/talkpal.ai\/is\/#organization"},"alternateName":"Talkpal AI","potentialAction":[{"@type":"SearchAction","target":{"@type":"EntryPoint","urlTemplate":"https:\/\/talkpal.ai\/is\/?s={search_term_string}"},"query-input":{"@type":"PropertyValueSpecification","valueRequired":true,"valueName":"search_term_string"}}],"inLanguage":"is"},{"@type":"Organization","@id":"https:\/\/talkpal.ai\/is\/#organization","name":"Talkpal, Inc.","alternateName":"Talkpal AI","url":"https:\/\/talkpal.ai\/is\/","logo":{"@type":"ImageObject","inLanguage":"is","@id":"https:\/\/talkpal.ai\/is\/#\/schema\/logo\/image\/","url":"https:\/\/talkpal.ai\/wp-content\/uploads\/2024\/03\/Talkpal-Logo-Icon.png","contentUrl":"https:\/\/talkpal.ai\/wp-content\/uploads\/2024\/03\/Talkpal-Logo-Icon.png","width":2880,"height":2880,"caption":"Talkpal, Inc."},"image":{"@id":"https:\/\/talkpal.ai\/is\/#\/schema\/logo\/image\/"},"sameAs":["https:\/\/www.facebook.com\/profile.php?id=100090733639311","https:\/\/x.com\/talkpalai","https:\/\/www.linkedin.com\/company\/talkpal\/","https:\/\/www.youtube.com\/@TalkPal\/","https:\/\/www.tiktok.com\/@talkpal","https:\/\/www.instagram.com\/talkpal_ai\/","https:\/\/www.crunchbase.com\/organization\/talkpal-9cde","https:\/\/www.g2.com\/products\/talkpal-for-business\/","https:\/\/www.trustpilot.com\/review\/talkpal.ai","https:\/\/www.capterra.com\/p\/10006800\/TalkPal\/"],"description":"Talkpal is a language learning web and mobile education app, powered by the latest AI technologies, that provides engaging experiences to its customers in many different languages to help them improve their language skills. Users can chat about unlimited amount of topics with the app and use other modes to practice their language learning.","email":"support@talkpal.ai","legalName":"Talkpal, Inc.","foundingDate":"2023-04-03","duns":"118989042","numberOfEmployees":{"@type":"QuantitativeValue","minValue":"11","maxValue":"50"},"publishingPrinciples":"https:\/\/talkpal.ai\/publishing-principles\/","actionableFeedbackPolicy":"https:\/\/talkpal.ai\/actionable-feedback-policy\/","correctionsPolicy":"https:\/\/talkpal.ai\/corrections-policy\/","ethicsPolicy":"https:\/\/talkpal.ai\/ethics-policy\/","diversityPolicy":"https:\/\/talkpal.ai\/diversity-policy\/","diversityStaffingReport":"https:\/\/talkpal.ai\/diversity-policy\/"}]}},"_links":{"self":[{"href":"https:\/\/talkpal.ai\/is\/wp-json\/wp\/v2\/pages\/157902","targetHints":{"allow":["GET"]}}],"collection":[{"href":"https:\/\/talkpal.ai\/is\/wp-json\/wp\/v2\/pages"}],"about":[{"href":"https:\/\/talkpal.ai\/is\/wp-json\/wp\/v2\/types\/page"}],"author":[{"embeddable":true,"href":"https:\/\/talkpal.ai\/is\/wp-json\/wp\/v2\/users\/6"}],"replies":[{"embeddable":true,"href":"https:\/\/talkpal.ai\/is\/wp-json\/wp\/v2\/comments?post=157902"}],"version-history":[{"count":0,"href":"https:\/\/talkpal.ai\/is\/wp-json\/wp\/v2\/pages\/157902\/revisions"}],"wp:featuredmedia":[{"embeddable":true,"href":"https:\/\/talkpal.ai\/is\/wp-json\/wp\/v2\/media\/117536"}],"wp:attachment":[{"href":"https:\/\/talkpal.ai\/is\/wp-json\/wp\/v2\/media?parent=157902"}],"curies":[{"name":"wp","href":"https:\/\/api.w.org\/{rel}","templated":true}]}}