{"id":157025,"date":"2023-06-28T13:47:13","date_gmt":"2023-06-28T13:47:13","guid":{"rendered":"http:\/\/talkpal.ai\/slovakiskar-malfraediaefingar\/"},"modified":"2025-12-17T15:05:55","modified_gmt":"2025-12-17T15:05:55","slug":"slovakiskar-malfraediaefingar","status":"publish","type":"page","link":"https:\/\/talkpal.ai\/is\/slovakiskar-malfraediaefingar\/","title":{"rendered":"Sl\u00f3vak\u00edskar m\u00e1lfr\u00e6\u00f0i\u00e6fingar"},"content":{"rendered":"\r\n\r\n\r\n<section class=\"languageChallengeSection\">\r\n    <div class=\"languageInfoWrapper\">\r\n        \r\n        <h1>Sl\u00f3vak\u00edskar m\u00e1lfr\u00e6\u00f0i\u00e6fingar<\/h1>\r\n        <p>Viltu \u00f6\u00f0last meira sj\u00e1lfstraust \u00ed sl\u00f3vak\u00edsku? A\u00f0 \u00e6fa m\u00e1lfr\u00e6\u00f0i\u00e6fingar er fr\u00e1b\u00e6r lei\u00f0 til a\u00f0 n\u00e1 t\u00f6kum \u00e1 setningager\u00f0, sagnor\u00f0aendingum og einst\u00f6kum reglum sl\u00f3vak\u00edsku tungum\u00e1lsins. Byrja\u00f0u a\u00f0 kanna sl\u00f3vak\u00edska <a href=\"https:\/\/talkpal.ai\/grammar\/\">m\u00e1lfr\u00e6\u00f0i<\/a> \u00ed dag og horf\u00f0u \u00e1 f\u00e6rni \u00fe\u00edna og fl\u00e6\u00f0i batna me\u00f0 hverri \u00e6fingu!<\/p>\r\n\r\n                            <a class=\"getStartedHidden\" href=\"https:\/\/app.talkpal.ai\/signup?lng=\">Byrja\u00f0u<\/a>\r\n        \r\n    <\/div>\r\n\r\n    <figure>\r\n    <img decoding=\"async\" width=\"768\" height=\"768\" src=\"https:\/\/talkpal.ai\/wp-content\/uploads\/2023\/06\/slovak-768x768.png\" class=\"languageImage no-lazy\" alt=\"Language learning for cross-cultural competence\" fetchpriority=\"high\" sizes=\"(max-width: 768px) 150px, 768px\" srcset=\"https:\/\/talkpal.ai\/wp-content\/uploads\/2023\/06\/slovak-768x768.png 768w, https:\/\/talkpal.ai\/wp-content\/uploads\/2023\/06\/slovak-300x300.png 300w\" \/>\r\n    \r\n\r\n    <\/figure>\r\n\r\n            <a class=\"getStartedVisible\" href=\"https:\/\/app.talkpal.ai\/signup?lng=\">Byrja\u00f0u<\/a>\r\n    \r\n<\/section>\r\n\r\n\r\n<!-- <section class=\"grammarSection\">\r\n    <div class=\"grammarLinks\">\r\n            <\/div>\r\n<\/section> -->\r\n\r\n\r\n\r\n\r\n<section class=\"promotionalBanner\">\r\n    <p class=\"promotionalText\">Skilvirkasta lei\u00f0in til a\u00f0 l\u00e6ra tungum\u00e1l<\/p>\r\n    <a class=\"promotionalLink\" href=\"https:\/\/app.talkpal.ai\/signup?lng=\">Pr\u00f3fa\u00f0u Talkpal \u00f3keypis<\/a>\r\n<\/section>\n<div class=\"wp-block-group pageContainerStyle\"><div class=\"wp-block-group__inner-container is-layout-constrained wp-block-group-is-layout-constrained\">\n<h2 class=\"wp-block-heading\" id=\"h-slovak-grammar-topics\">Sl\u00f3vak\u00edsk m\u00e1lfr\u00e6\u00f0i efni<\/h2>\n\n\n\n<p>A\u00f0 l\u00e6ra sl\u00f3vak\u00edsku, vesturslavneskt tungum\u00e1l, getur veri\u00f0 gefandi \u00e1skorun fyrir tungum\u00e1la\u00e1hugamenn. Me\u00f0 einstakri hlj\u00f3\u00f0fr\u00e6\u00f0ilegri uppbyggingu og fl\u00f3kinni m\u00e1lfr\u00e6\u00f0i gerir \u00fea\u00f0 nemendum kleift a\u00f0 taka d\u00fdpri \u00fe\u00e1tt \u00ed sl\u00f3vak\u00edskri menningu og s\u00f6gu. Til a\u00f0 l\u00e6ra sl\u00f3vak\u00edsku \u00e1 \u00e1hrifar\u00edkan h\u00e1tt \u00e6tti a\u00f0 forgangsra\u00f0a \u00e1kve\u00f0num m\u00e1lfr\u00e6\u00f0iefnum \u00ed \u00e1kve\u00f0inni r\u00f6\u00f0.<\/p>\n\n\n\n<h3 class=\"wp-block-heading\" id=\"h-1-nouns\">1. Nafnor\u00f0:<\/h3>\n\n\n\n<p>Byrja\u00f0u \u00e1 grunnatri\u00f0um sl\u00f3vak\u00edskrar m\u00e1lfr\u00e6\u00f0i: nafnor\u00f0. L\u00e6r\u00f0u um eint\u00f6lu- og fleirt\u00f6lumyndir, kynjamun og fallbeygingar.<\/p>\n\n\n\n<h3 class=\"wp-block-heading\" id=\"h-2-pronouns-determiners\">2. Forn\u00f6fn\/\u00e1kv\u00f6r\u00f0unaror\u00f0:<\/h3>\n\n\n\n<p>Eftir <a href=\"https:\/\/talkpal.ai\/culture\/what-is-the-verb-ad-hafa-and-when-is-it-used\/\">a\u00f0 hafa<\/a> n\u00e1\u00f0 t\u00f6kum \u00e1 nafnor\u00f0um skaltu fara \u00ed forn\u00f6fn og \u00e1kvar\u00f0ana. A\u00f0 skilja \u00feessa \u00fe\u00e6tti mun hj\u00e1lpa \u00fe\u00e9r a\u00f0 mynda grunnsetningar og tj\u00e1 eignarhald, magn og sj\u00e1lfsmynd.<\/p>\n\n\n\n<h3 class=\"wp-block-heading\" id=\"h-3-articles\">3. Greinar:<\/h3>\n\n\n\n<p>\u00de\u00f3 a\u00f0 sl\u00f3vak\u00edska tungum\u00e1li\u00f0 hafi ekki \u00e1kve\u00f0nar og \u00f3\u00e1kve\u00f0nar greinar eins og ensku, \u00e6ttir \u00fe\u00fa a\u00f0 skilja hvernig \u00e1 a\u00f0 gefa til kynna \u00e1kve\u00f0ni og \u00f3\u00e1kve\u00f0ni \u00e1 sl\u00f3vak\u00edsku.<\/p>\n\n\n\n<h3 class=\"wp-block-heading\" id=\"h-4-adjectives\">4. L\u00fdsingaror\u00f0:<\/h3>\n\n\n\n<p>N\u00e6st skaltu l\u00e6ra um l\u00fdsingaror\u00f0, fallbeygingu \u00feeirra og samr\u00e6mi vi\u00f0 nafnor\u00f0 \u00ed kyni, t\u00f6lu og falli.<\/p>\n\n\n\n<h3 class=\"wp-block-heading\" id=\"h-5-verbs\">5. Sagnir:<\/h3>\n\n\n\n<p>Sagnir mynda hryggjarstykki\u00f0 \u00ed hva\u00f0a tungum\u00e1li sem er. L\u00e6r\u00f0u um reglulegar og \u00f3reglulegar sagnir og beygingu \u00feeirra \u00ed n\u00fat\u00ed\u00f0, fort\u00ed\u00f0 og framt\u00ed\u00f0.<\/p>\n\n\n\n<h3 class=\"wp-block-heading\" id=\"h-6-tenses\">6. Spennur:<\/h3>\n\n\n\n<p>\u00deegar \u00fe\u00fa hefur fatta\u00f0 sagnir skaltu kafa ofan \u00ed t\u00ed\u00f0ir. Skilja hvernig \u00e1 a\u00f0 nota n\u00fat\u00ed\u00f0, fort\u00ed\u00f0 og framt\u00ed\u00f0 \u00ed mismunandi samhengi.<\/p>\n\n\n\n<h3 class=\"wp-block-heading\" id=\"h-7-tense-comparison\">7. Spenntur samanbur\u00f0ur:<\/h3>\n\n\n\n<p>\u00deetta mun hj\u00e1lpa \u00fe\u00e9r a\u00f0 skilja hvernig mismunandi spennur tengjast og andst\u00e6\u00f0a hvert vi\u00f0 anna\u00f0.<\/p>\n\n\n\n<h3 class=\"wp-block-heading\" id=\"h-8-progressive\">8. Frams\u00e6ki\u00f0:<\/h3>\n\n\n\n<p>Eftir a\u00f0 hafa n\u00e1\u00f0 t\u00f6kum \u00e1 einf\u00f6ldum spennum skaltu fara yfir \u00ed frams\u00e6kna \u00fe\u00e6tti. \u00deetta mun hj\u00e1lpa \u00fe\u00e9r a\u00f0 tj\u00e1 \u00e1framhaldandi a\u00f0ger\u00f0ir.<\/p>\n\n\n\n<h3 class=\"wp-block-heading\" id=\"h-9-perfect-progressive\">9. Fullkominn frams\u00e6kinn:<\/h3>\n\n\n\n<p>\u00deessi spenna er notu\u00f0 til a\u00f0 gefa til kynna a\u00f0ger\u00f0ir sem voru \u00ed gangi \u00ed fort\u00ed\u00f0inni og hafa venjulega \u00e1hrif \u00e1 n\u00fat\u00ed\u00f0ina.<\/p>\n\n\n\n<h3 class=\"wp-block-heading\" id=\"h-10-adverbs\">10. Atviksor\u00f0:<\/h3>\n\n\n\n<p>Atviksor\u00f0 breyta s\u00f6gnum, l\u00fdsingaror\u00f0um og \u00f6\u00f0rum atviksor\u00f0um. \u00deeir veita frekari uppl\u00fdsingar um a\u00f0ger\u00f0ir, r\u00edki e\u00f0a eiginleika.<\/p>\n\n\n\n<h3 class=\"wp-block-heading\" id=\"h-11-prepositions\">11. Forsetningar:<\/h3>\n\n\n\n<p>L\u00e6r\u00f0u um forsetningar til a\u00f0 tj\u00e1 tengsl milli mismunandi hluta setningar.<\/p>\n\n\n\n<h3 class=\"wp-block-heading\" id=\"h-12-conditionals\">12. Skilyr\u00f0i:<\/h3>\n\n\n\n<p>Skilyrt eru notu\u00f0 til a\u00f0 tj\u00e1 \u00edmynda\u00f0ar a\u00f0st\u00e6\u00f0ur og m\u00f6gulegar ni\u00f0urst\u00f6\u00f0ur \u00feeirra.<\/p>\n\n\n\n<h3 class=\"wp-block-heading\" id=\"h-13-sentences\">13. Setningar:<\/h3>\n\n\n\n<p>A\u00f0 lokum, me\u00f0 \u00f6ll grundvallaratri\u00f0i \u00ed m\u00e1lfr\u00e6\u00f0i til sta\u00f0ar, getur \u00fe\u00fa byrja\u00f0 a\u00f0 mynda fl\u00f3knar setningar og tj\u00e1 hugsanir \u00fe\u00ednar sk\u00fdrt og \u00e1 \u00e1hrifar\u00edkan h\u00e1tt \u00e1 sl\u00f3vak\u00edsku.<\/p>\n<\/div><\/div>\n\r\n<section class=\"learnNavigationSection\">\r\n            \r\n        <a href=\"https:\/\/talkpal.ai\/is\/laerdu-slovakisku\/\">\r\n            <div class=\"learnNavigationWrapper\">\r\n                <div class=\"learnNavigationContent\">\r\n                    <img decoding=\"async\" src=\"https:\/\/talkpal.ai\/wp-content\/uploads\/2024\/08\/Slovak.jpg\" alt=\"Slovak Flag\">\r\n                    <div>\r\n                        <h4>Um Sl\u00f3vak\u00edun\u00e1m<\/h4>\r\n                        <p>L\u00e6r\u00f0u allt um sl\u00f3vak\u00edska m\u00e1lfr\u00e6\u00f0i.<\/p>\r\n                    <\/div>\r\n                <\/div>\r\n            <\/div>\r\n        <\/a>\r\n\r\n        \r\n        <a href=\"https:\/\/talkpal.ai\/is\/slovakisk-malfraedi\/\">\r\n            <div class=\"learnNavigationWrapper\">\r\n                <div class=\"learnNavigationContent\">\r\n                    <img decoding=\"async\" src=\"https:\/\/talkpal.ai\/wp-content\/uploads\/2024\/08\/Slovak.jpg\" alt=\"Slovak Flag\">\r\n                    <div>\r\n                        <h4>Sl\u00f3vak\u00edsk m\u00e1lfr\u00e6\u00f0ikennsla<\/h4>\r\n                        <p>\u00c6f\u00f0u sl\u00f3vak\u00edska m\u00e1lfr\u00e6\u00f0i.<\/p>\r\n                    <\/div>\r\n                <\/div>\r\n            <\/div>\r\n        <\/a>\r\n\r\n        \r\n        <a href=\"https:\/\/talkpal.ai\/vocabulary_language\/slovak\/\">\r\n            <div class=\"learnNavigationWrapper\">\r\n                <div class=\"learnNavigationContent\">\r\n                    <img decoding=\"async\" src=\"https:\/\/talkpal.ai\/wp-content\/uploads\/2024\/08\/Slovak.jpg\" alt=\"Slovak Flag\">\r\n                    <div>\r\n                        <h4>Sl\u00f3vak\u00edskur or\u00f0afor\u00f0i<\/h4>\r\n                        <p>St\u00e6kka\u00f0u sl\u00f3vak\u00edska or\u00f0afor\u00f0a \u00feinn.<\/p>\r\n                    <\/div>\r\n                <\/div>\r\n            <\/div>\r\n        <\/a>\r\n\r\n            <\/section>","protected":false},"excerpt":{"rendered":"<p>Sl\u00f3vak\u00edsk m\u00e1lfr\u00e6\u00f0i efni A\u00f0 l\u00e6ra sl\u00f3vak\u00edsku, vesturslavneskt tungum\u00e1l, getur veri\u00f0 gefandi \u00e1skorun fyrir tungum\u00e1la\u00e1hugamenn. Me\u00f0 einstakri hlj\u00f3\u00f0fr\u00e6\u00f0ilegri uppbyggingu og fl\u00f3kinni m\u00e1lfr\u00e6\u00f0i gerir \u00fea\u00f0 nemendum kleift a\u00f0 taka d\u00fdpri \u00fe\u00e1tt \u00ed sl\u00f3vak\u00edskri menningu og s\u00f6gu. Til a\u00f0 l\u00e6ra sl\u00f3vak\u00edsku \u00e1 \u00e1hrifar\u00edkan h\u00e1tt \u00e6tti a\u00f0 forgangsra\u00f0a \u00e1kve\u00f0num m\u00e1lfr\u00e6\u00f0iefnum \u00ed \u00e1kve\u00f0inni r\u00f6\u00f0. 1. Nafnor\u00f0: Byrja\u00f0u \u00e1 grunnatri\u00f0um sl\u00f3vak\u00edskrar [&hellip;]<\/p>\n","protected":false},"author":6,"featured_media":118539,"parent":0,"menu_order":0,"comment_status":"closed","ping_status":"closed","template":"LearningContentPage.php","meta":{"_acf_changed":false,"footnotes":""},"class_list":["post-157025","page","type-page","status-publish","has-post-thumbnail","hentry"],"acf":[],"yoast_head":"<!-- This site is optimized with the Yoast SEO Premium plugin v27.2 (Yoast SEO v27.2) - https:\/\/yoast.com\/product\/yoast-seo-premium-wordpress\/ -->\n<title>Sl\u00f3vak\u00edskar m\u00e1lfr\u00e6\u00f0i\u00e6fingar - Talkpal<\/title>\n<meta name=\"description\" content=\"B\u00e6ttu m\u00e1lfr\u00e6\u00f0ikunn\u00e1ttu \u00fe\u00edna \u00ed sl\u00f3vak\u00edsku me\u00f0 gagnvirkum \u00e6fingum sem eru hanna\u00f0ar fyrir \u00f6ll stig. B\u00e6ttu tungum\u00e1lan\u00e1m \u00feitt \u00ed dag!\" \/>\n<meta name=\"robots\" content=\"index, follow, max-snippet:-1, max-image-preview:large, max-video-preview:-1\" \/>\n<link rel=\"canonical\" href=\"https:\/\/talkpal.ai\/is\/slovakiskar-malfraediaefingar\/\" \/>\n<meta property=\"og:locale\" content=\"is_IS\" \/>\n<meta property=\"og:type\" content=\"article\" \/>\n<meta property=\"og:title\" content=\"Sl\u00f3vak\u00edskar m\u00e1lfr\u00e6\u00f0i\u00e6fingar\" \/>\n<meta property=\"og:description\" content=\"Sl\u00f3vak\u00edsk m\u00e1lfr\u00e6\u00f0i efni A\u00f0 l\u00e6ra sl\u00f3vak\u00edsku, vesturslavneskt tungum\u00e1l, getur veri\u00f0 gefandi \u00e1skorun fyrir tungum\u00e1la\u00e1hugamenn. Me\u00f0 einstakri hlj\u00f3\u00f0fr\u00e6\u00f0ilegri\" \/>\n<meta property=\"og:url\" content=\"https:\/\/talkpal.ai\/is\/slovakiskar-malfraediaefingar\/\" \/>\n<meta property=\"og:site_name\" content=\"Talkpal\" \/>\n<meta property=\"article:publisher\" content=\"https:\/\/www.facebook.com\/profile.php?id=100090733639311\" \/>\n<meta property=\"article:modified_time\" content=\"2025-12-17T15:05:55+00:00\" \/>\n<meta property=\"og:image\" content=\"https:\/\/talkpal.ai\/wp-content\/uploads\/2023\/05\/slovakia.png\" \/>\n\t<meta property=\"og:image:width\" content=\"512\" \/>\n\t<meta property=\"og:image:height\" content=\"512\" \/>\n\t<meta property=\"og:image:type\" content=\"image\/png\" \/>\n<meta name=\"twitter:card\" content=\"summary_large_image\" \/>\n<meta name=\"twitter:site\" content=\"@talkpalai\" \/>\n<meta name=\"twitter:label1\" content=\"Est. reading time\" \/>\n\t<meta name=\"twitter:data1\" content=\"2 minutes\" \/>\n<script type=\"application\/ld+json\" class=\"yoast-schema-graph\">{\"@context\":\"https:\/\/schema.org\",\"@graph\":[{\"@type\":\"WebPage\",\"@id\":\"https:\/\/talkpal.ai\/is\/slovakiskar-malfraediaefingar\/\",\"url\":\"https:\/\/talkpal.ai\/is\/slovakiskar-malfraediaefingar\/\",\"name\":\"Sl\u00f3vak\u00edskar m\u00e1lfr\u00e6\u00f0i\u00e6fingar - Talkpal\",\"isPartOf\":{\"@id\":\"https:\/\/talkpal.ai\/is\/#website\"},\"primaryImageOfPage\":{\"@id\":\"https:\/\/talkpal.ai\/is\/slovakiskar-malfraediaefingar\/#primaryimage\"},\"image\":{\"@id\":\"https:\/\/talkpal.ai\/is\/slovakiskar-malfraediaefingar\/#primaryimage\"},\"thumbnailUrl\":\"https:\/\/talkpal.ai\/wp-content\/uploads\/2023\/05\/slovakia.png\",\"datePublished\":\"2023-06-28T13:47:13+00:00\",\"dateModified\":\"2025-12-17T15:05:55+00:00\",\"description\":\"B\u00e6ttu m\u00e1lfr\u00e6\u00f0ikunn\u00e1ttu \u00fe\u00edna \u00ed sl\u00f3vak\u00edsku me\u00f0 gagnvirkum \u00e6fingum sem eru hanna\u00f0ar fyrir \u00f6ll stig. B\u00e6ttu tungum\u00e1lan\u00e1m \u00feitt \u00ed dag!\",\"breadcrumb\":{\"@id\":\"https:\/\/talkpal.ai\/is\/slovakiskar-malfraediaefingar\/#breadcrumb\"},\"inLanguage\":\"is\",\"potentialAction\":[{\"@type\":\"ReadAction\",\"target\":[\"https:\/\/talkpal.ai\/is\/slovakiskar-malfraediaefingar\/\"]}]},{\"@type\":\"ImageObject\",\"inLanguage\":\"is\",\"@id\":\"https:\/\/talkpal.ai\/is\/slovakiskar-malfraediaefingar\/#primaryimage\",\"url\":\"https:\/\/talkpal.ai\/wp-content\/uploads\/2023\/05\/slovakia.png\",\"contentUrl\":\"https:\/\/talkpal.ai\/wp-content\/uploads\/2023\/05\/slovakia.png\",\"width\":512,\"height\":512},{\"@type\":\"BreadcrumbList\",\"@id\":\"https:\/\/talkpal.ai\/is\/slovakiskar-malfraediaefingar\/#breadcrumb\",\"itemListElement\":[{\"@type\":\"ListItem\",\"position\":1,\"name\":\"Homepage\",\"item\":\"https:\/\/talkpal.ai\/is\/\"},{\"@type\":\"ListItem\",\"position\":2,\"name\":\"Sl\u00f3vak\u00edskar m\u00e1lfr\u00e6\u00f0i\u00e6fingar\"}]},{\"@type\":\"WebSite\",\"@id\":\"https:\/\/talkpal.ai\/is\/#website\",\"url\":\"https:\/\/talkpal.ai\/is\/\",\"name\":\"Talkpal\",\"description\":\"AI Language Learning\",\"publisher\":{\"@id\":\"https:\/\/talkpal.ai\/is\/#organization\"},\"alternateName\":\"Talkpal AI\",\"potentialAction\":[{\"@type\":\"SearchAction\",\"target\":{\"@type\":\"EntryPoint\",\"urlTemplate\":\"https:\/\/talkpal.ai\/is\/?s={search_term_string}\"},\"query-input\":{\"@type\":\"PropertyValueSpecification\",\"valueRequired\":true,\"valueName\":\"search_term_string\"}}],\"inLanguage\":\"is\"},{\"@type\":\"Organization\",\"@id\":\"https:\/\/talkpal.ai\/is\/#organization\",\"name\":\"Talkpal, Inc.\",\"alternateName\":\"Talkpal AI\",\"url\":\"https:\/\/talkpal.ai\/is\/\",\"logo\":{\"@type\":\"ImageObject\",\"inLanguage\":\"is\",\"@id\":\"https:\/\/talkpal.ai\/is\/#\/schema\/logo\/image\/\",\"url\":\"https:\/\/talkpal.ai\/wp-content\/uploads\/2024\/03\/Talkpal-Logo-Icon.png\",\"contentUrl\":\"https:\/\/talkpal.ai\/wp-content\/uploads\/2024\/03\/Talkpal-Logo-Icon.png\",\"width\":2880,\"height\":2880,\"caption\":\"Talkpal, Inc.\"},\"image\":{\"@id\":\"https:\/\/talkpal.ai\/is\/#\/schema\/logo\/image\/\"},\"sameAs\":[\"https:\/\/www.facebook.com\/profile.php?id=100090733639311\",\"https:\/\/x.com\/talkpalai\",\"https:\/\/www.linkedin.com\/company\/talkpal\/\",\"https:\/\/www.youtube.com\/@TalkPal\/\",\"https:\/\/www.tiktok.com\/@talkpal\",\"https:\/\/www.instagram.com\/talkpal_ai\/\",\"https:\/\/www.crunchbase.com\/organization\/talkpal-9cde\",\"https:\/\/www.g2.com\/products\/talkpal-for-business\/\",\"https:\/\/www.trustpilot.com\/review\/talkpal.ai\",\"https:\/\/www.capterra.com\/p\/10006800\/TalkPal\/\"],\"description\":\"Talkpal is a language learning web and mobile education app, powered by the latest AI technologies, that provides engaging experiences to its customers in many different languages to help them improve their language skills. Users can chat about unlimited amount of topics with the app and use other modes to practice their language learning.\",\"email\":\"support@talkpal.ai\",\"legalName\":\"Talkpal, Inc.\",\"foundingDate\":\"2023-04-03\",\"duns\":\"118989042\",\"numberOfEmployees\":{\"@type\":\"QuantitativeValue\",\"minValue\":\"11\",\"maxValue\":\"50\"},\"publishingPrinciples\":\"https:\/\/talkpal.ai\/publishing-principles\/\",\"actionableFeedbackPolicy\":\"https:\/\/talkpal.ai\/actionable-feedback-policy\/\",\"correctionsPolicy\":\"https:\/\/talkpal.ai\/corrections-policy\/\",\"ethicsPolicy\":\"https:\/\/talkpal.ai\/ethics-policy\/\",\"diversityPolicy\":\"https:\/\/talkpal.ai\/diversity-policy\/\",\"diversityStaffingReport\":\"https:\/\/talkpal.ai\/diversity-policy\/\"}]}<\/script>\n<!-- \/ Yoast SEO Premium plugin. -->","yoast_head_json":{"title":"Sl\u00f3vak\u00edskar m\u00e1lfr\u00e6\u00f0i\u00e6fingar - Talkpal","description":"B\u00e6ttu m\u00e1lfr\u00e6\u00f0ikunn\u00e1ttu \u00fe\u00edna \u00ed sl\u00f3vak\u00edsku me\u00f0 gagnvirkum \u00e6fingum sem eru hanna\u00f0ar fyrir \u00f6ll stig. B\u00e6ttu tungum\u00e1lan\u00e1m \u00feitt \u00ed dag!","robots":{"index":"index","follow":"follow","max-snippet":"max-snippet:-1","max-image-preview":"max-image-preview:large","max-video-preview":"max-video-preview:-1"},"canonical":"https:\/\/talkpal.ai\/is\/slovakiskar-malfraediaefingar\/","og_locale":"is_IS","og_type":"article","og_title":"Sl\u00f3vak\u00edskar m\u00e1lfr\u00e6\u00f0i\u00e6fingar","og_description":"Sl\u00f3vak\u00edsk m\u00e1lfr\u00e6\u00f0i efni A\u00f0 l\u00e6ra sl\u00f3vak\u00edsku, vesturslavneskt tungum\u00e1l, getur veri\u00f0 gefandi \u00e1skorun fyrir tungum\u00e1la\u00e1hugamenn. Me\u00f0 einstakri hlj\u00f3\u00f0fr\u00e6\u00f0ilegri","og_url":"https:\/\/talkpal.ai\/is\/slovakiskar-malfraediaefingar\/","og_site_name":"Talkpal","article_publisher":"https:\/\/www.facebook.com\/profile.php?id=100090733639311","article_modified_time":"2025-12-17T15:05:55+00:00","og_image":[{"width":512,"height":512,"url":"https:\/\/talkpal.ai\/wp-content\/uploads\/2023\/05\/slovakia.png","type":"image\/png"}],"twitter_card":"summary_large_image","twitter_site":"@talkpalai","twitter_misc":{"Est. reading time":"2 minutes"},"schema":{"@context":"https:\/\/schema.org","@graph":[{"@type":"WebPage","@id":"https:\/\/talkpal.ai\/is\/slovakiskar-malfraediaefingar\/","url":"https:\/\/talkpal.ai\/is\/slovakiskar-malfraediaefingar\/","name":"Sl\u00f3vak\u00edskar m\u00e1lfr\u00e6\u00f0i\u00e6fingar - Talkpal","isPartOf":{"@id":"https:\/\/talkpal.ai\/is\/#website"},"primaryImageOfPage":{"@id":"https:\/\/talkpal.ai\/is\/slovakiskar-malfraediaefingar\/#primaryimage"},"image":{"@id":"https:\/\/talkpal.ai\/is\/slovakiskar-malfraediaefingar\/#primaryimage"},"thumbnailUrl":"https:\/\/talkpal.ai\/wp-content\/uploads\/2023\/05\/slovakia.png","datePublished":"2023-06-28T13:47:13+00:00","dateModified":"2025-12-17T15:05:55+00:00","description":"B\u00e6ttu m\u00e1lfr\u00e6\u00f0ikunn\u00e1ttu \u00fe\u00edna \u00ed sl\u00f3vak\u00edsku me\u00f0 gagnvirkum \u00e6fingum sem eru hanna\u00f0ar fyrir \u00f6ll stig. B\u00e6ttu tungum\u00e1lan\u00e1m \u00feitt \u00ed dag!","breadcrumb":{"@id":"https:\/\/talkpal.ai\/is\/slovakiskar-malfraediaefingar\/#breadcrumb"},"inLanguage":"is","potentialAction":[{"@type":"ReadAction","target":["https:\/\/talkpal.ai\/is\/slovakiskar-malfraediaefingar\/"]}]},{"@type":"ImageObject","inLanguage":"is","@id":"https:\/\/talkpal.ai\/is\/slovakiskar-malfraediaefingar\/#primaryimage","url":"https:\/\/talkpal.ai\/wp-content\/uploads\/2023\/05\/slovakia.png","contentUrl":"https:\/\/talkpal.ai\/wp-content\/uploads\/2023\/05\/slovakia.png","width":512,"height":512},{"@type":"BreadcrumbList","@id":"https:\/\/talkpal.ai\/is\/slovakiskar-malfraediaefingar\/#breadcrumb","itemListElement":[{"@type":"ListItem","position":1,"name":"Homepage","item":"https:\/\/talkpal.ai\/is\/"},{"@type":"ListItem","position":2,"name":"Sl\u00f3vak\u00edskar m\u00e1lfr\u00e6\u00f0i\u00e6fingar"}]},{"@type":"WebSite","@id":"https:\/\/talkpal.ai\/is\/#website","url":"https:\/\/talkpal.ai\/is\/","name":"Talkpal","description":"AI Language Learning","publisher":{"@id":"https:\/\/talkpal.ai\/is\/#organization"},"alternateName":"Talkpal AI","potentialAction":[{"@type":"SearchAction","target":{"@type":"EntryPoint","urlTemplate":"https:\/\/talkpal.ai\/is\/?s={search_term_string}"},"query-input":{"@type":"PropertyValueSpecification","valueRequired":true,"valueName":"search_term_string"}}],"inLanguage":"is"},{"@type":"Organization","@id":"https:\/\/talkpal.ai\/is\/#organization","name":"Talkpal, Inc.","alternateName":"Talkpal AI","url":"https:\/\/talkpal.ai\/is\/","logo":{"@type":"ImageObject","inLanguage":"is","@id":"https:\/\/talkpal.ai\/is\/#\/schema\/logo\/image\/","url":"https:\/\/talkpal.ai\/wp-content\/uploads\/2024\/03\/Talkpal-Logo-Icon.png","contentUrl":"https:\/\/talkpal.ai\/wp-content\/uploads\/2024\/03\/Talkpal-Logo-Icon.png","width":2880,"height":2880,"caption":"Talkpal, Inc."},"image":{"@id":"https:\/\/talkpal.ai\/is\/#\/schema\/logo\/image\/"},"sameAs":["https:\/\/www.facebook.com\/profile.php?id=100090733639311","https:\/\/x.com\/talkpalai","https:\/\/www.linkedin.com\/company\/talkpal\/","https:\/\/www.youtube.com\/@TalkPal\/","https:\/\/www.tiktok.com\/@talkpal","https:\/\/www.instagram.com\/talkpal_ai\/","https:\/\/www.crunchbase.com\/organization\/talkpal-9cde","https:\/\/www.g2.com\/products\/talkpal-for-business\/","https:\/\/www.trustpilot.com\/review\/talkpal.ai","https:\/\/www.capterra.com\/p\/10006800\/TalkPal\/"],"description":"Talkpal is a language learning web and mobile education app, powered by the latest AI technologies, that provides engaging experiences to its customers in many different languages to help them improve their language skills. Users can chat about unlimited amount of topics with the app and use other modes to practice their language learning.","email":"support@talkpal.ai","legalName":"Talkpal, Inc.","foundingDate":"2023-04-03","duns":"118989042","numberOfEmployees":{"@type":"QuantitativeValue","minValue":"11","maxValue":"50"},"publishingPrinciples":"https:\/\/talkpal.ai\/publishing-principles\/","actionableFeedbackPolicy":"https:\/\/talkpal.ai\/actionable-feedback-policy\/","correctionsPolicy":"https:\/\/talkpal.ai\/corrections-policy\/","ethicsPolicy":"https:\/\/talkpal.ai\/ethics-policy\/","diversityPolicy":"https:\/\/talkpal.ai\/diversity-policy\/","diversityStaffingReport":"https:\/\/talkpal.ai\/diversity-policy\/"}]}},"_links":{"self":[{"href":"https:\/\/talkpal.ai\/is\/wp-json\/wp\/v2\/pages\/157025","targetHints":{"allow":["GET"]}}],"collection":[{"href":"https:\/\/talkpal.ai\/is\/wp-json\/wp\/v2\/pages"}],"about":[{"href":"https:\/\/talkpal.ai\/is\/wp-json\/wp\/v2\/types\/page"}],"author":[{"embeddable":true,"href":"https:\/\/talkpal.ai\/is\/wp-json\/wp\/v2\/users\/6"}],"replies":[{"embeddable":true,"href":"https:\/\/talkpal.ai\/is\/wp-json\/wp\/v2\/comments?post=157025"}],"version-history":[{"count":0,"href":"https:\/\/talkpal.ai\/is\/wp-json\/wp\/v2\/pages\/157025\/revisions"}],"wp:featuredmedia":[{"embeddable":true,"href":"https:\/\/talkpal.ai\/is\/wp-json\/wp\/v2\/media\/118539"}],"wp:attachment":[{"href":"https:\/\/talkpal.ai\/is\/wp-json\/wp\/v2\/media?parent=157025"}],"curies":[{"name":"wp","href":"https:\/\/api.w.org\/{rel}","templated":true}]}}