{"id":156787,"date":"2023-06-28T13:54:56","date_gmt":"2023-06-28T13:54:56","guid":{"rendered":"http:\/\/talkpal.ai\/slovenskar-malfraediaefingar\/"},"modified":"2025-12-17T09:51:23","modified_gmt":"2025-12-17T09:51:23","slug":"slovenskar-malfraediaefingar","status":"publish","type":"page","link":"https:\/\/talkpal.ai\/is\/slovenskar-malfraediaefingar\/","title":{"rendered":"Sl\u00f3venskar m\u00e1lfr\u00e6\u00f0i\u00e6fingar"},"content":{"rendered":"\r\n\r\n\r\n<section class=\"languageChallengeSection\">\r\n    <div class=\"languageInfoWrapper\">\r\n        \r\n        <h1>Sl\u00f3venskar m\u00e1lfr\u00e6\u00f0i\u00e6fingar<\/h1>\r\n        <p>Tilb\u00fainn\/n a\u00f0 taka sl\u00f3venskukunn\u00e1ttu \u00fe\u00edna \u00e1 n\u00e6sta stig? A\u00f0 \u00e6fa m\u00e1lfr\u00e6\u00f0i\u00e6fingar er fr\u00e1b\u00e6r lei\u00f0 til a\u00f0 n\u00e1 t\u00f6kum \u00e1 setningager\u00f0, sagnor\u00f0aendingum og einst\u00f6kum mynstrum sl\u00f3vensku tungum\u00e1lsins. Byrja\u00f0u a\u00f0 vinna \u00ed sl\u00f3venskri <a href=\"https:\/\/talkpal.ai\/grammar\/\">m\u00e1lfr\u00e6\u00f0i<\/a> \u00ed dag og sj\u00e1\u00f0u sj\u00e1lfstraust \u00feitt og f\u00e6rni batna me\u00f0 hverri \u00e6fingu!<\/p>\r\n\r\n                            <a class=\"getStartedHidden\" href=\"https:\/\/app.talkpal.ai\/signup?lng=\">Byrja\u00f0u<\/a>\r\n        \r\n    <\/div>\r\n\r\n    <figure>\r\n    <img decoding=\"async\" width=\"768\" height=\"768\" src=\"https:\/\/talkpal.ai\/wp-content\/uploads\/2023\/06\/slovenian-768x768.png\" class=\"languageImage no-lazy\" alt=\"Language learning for broader perspectives\" fetchpriority=\"high\" sizes=\"(max-width: 768px) 150px, 768px\" srcset=\"https:\/\/talkpal.ai\/wp-content\/uploads\/2023\/06\/slovenian-768x768.png 768w, https:\/\/talkpal.ai\/wp-content\/uploads\/2023\/06\/slovenian-300x300.png 300w\" \/>\r\n    \r\n\r\n    <\/figure>\r\n\r\n            <a class=\"getStartedVisible\" href=\"https:\/\/app.talkpal.ai\/signup?lng=\">Byrja\u00f0u<\/a>\r\n    \r\n<\/section>\r\n\r\n\r\n<!-- <section class=\"grammarSection\">\r\n    <div class=\"grammarLinks\">\r\n            <\/div>\r\n<\/section> -->\r\n\r\n\r\n\r\n\r\n<section class=\"promotionalBanner\">\r\n    <p class=\"promotionalText\">Skilvirkasta lei\u00f0in til a\u00f0 l\u00e6ra tungum\u00e1l<\/p>\r\n    <a class=\"promotionalLink\" href=\"https:\/\/app.talkpal.ai\/signup?lng=\">Pr\u00f3fa\u00f0u Talkpal \u00f3keypis<\/a>\r\n<\/section>\n<div class=\"wp-block-group pageContainerStyle\"><div class=\"wp-block-group__inner-container is-layout-constrained wp-block-group-is-layout-constrained\">\n<h2 class=\"wp-block-heading\" id=\"h-slovenian-grammar-topics\">Sl\u00f3vensk m\u00e1lfr\u00e6\u00f0i<\/h2>\n\n\n\n<p><a href=\"https:\/\/talkpal.ai\/learn-slovenian\/\">Sl\u00f3venska<\/a>, einnig \u00feekkt sem <a href=\"https:\/\/talkpal.ai\/learn-slovenian\/\">sl\u00f3venska<\/a>, er su\u00f0urslavneskt tungum\u00e1l sem a\u00f0allega er tala\u00f0 \u00ed Sl\u00f3ven\u00edu. \u00dea\u00f0 er eitt af 24 opinberum tungum\u00e1lum og vinnutungum\u00e1lum Evr\u00f3pusambandsins. A\u00f0 l\u00e6ra sl\u00f3vensku krefst skilnings \u00e1 \u00fdmsum m\u00e1lfr\u00e6\u00f0ilegum \u00fe\u00e1ttum, svo sem t\u00ed\u00f0um, s\u00f6gnum, nafnor\u00f0um, greinum o.s.frv. Eftirfarandi r\u00f6\u00f0 efnisatri\u00f0a er l\u00f6g\u00f0 til til a\u00f0 <a href=\"https:\/\/talkpal.ai\/locations\/language-courses-in-gera\/\">gera<\/a> n\u00e1msferli\u00f0 skipulag\u00f0ara og skilvirkara.<\/p>\n\n\n\n<h3 class=\"wp-block-heading\" id=\"h-1-nouns-and-articles\">1. Nafnor\u00f0 og greinar:<\/h3>\n\n\n\n<p>Byrja\u00f0u \u00e1 grunnatri\u00f0um sl\u00f3venskrar m\u00e1lfr\u00e6\u00f0i \u2013 nafnor\u00f0 og greinar. Skilja hugt\u00f6kin kyn (karlkyns, kvenkyns, hvorugkyn) og t\u00f6lu (eint\u00f6lu, tv\u00edskipt, fleirt\u00f6lu) \u00ed sl\u00f3venskum nafnor\u00f0um. \u00deekkja \u00e1kve\u00f0na og \u00f3\u00e1kve\u00f0na hluti og notkun \u00feeirra.<\/p>\n\n\n\n<h3 class=\"wp-block-heading\" id=\"h-2-adjectives\">2. L\u00fdsingaror\u00f0:<\/h3>\n\n\n\n<p>Eftir <a href=\"https:\/\/talkpal.ai\/culture\/what-is-the-verb-ad-hafa-and-when-is-it-used\/\">a\u00f0 hafa<\/a> skili\u00f0 nafnor\u00f0 skaltu halda \u00e1fram a\u00f0 l\u00fdsingaror\u00f0um. L\u00e6r\u00f0u um fallbeygingu l\u00fdsingaror\u00f0a \u00ed kyni, t\u00f6lu og falli. Skildu einnig samanbur\u00f0ar- og yfirbur\u00f0aform.<\/p>\n\n\n\n<h3 class=\"wp-block-heading\" id=\"h-3-pronouns-determiners\">3. Forn\u00f6fn\/\u00e1kvar\u00f0andi or\u00f0:<\/h3>\n\n\n\n<p>N\u00e6st skaltu einbeita \u00fe\u00e9r a\u00f0 forn\u00f6fnum og \u00e1kvar\u00f0andi \u00fe\u00e1ttum. \u00deau eru nau\u00f0synleg \u00ed setningamyndun og hafa n\u00e1in tengsl vi\u00f0 nafnor\u00f0 og l\u00fdsingaror\u00f0.<\/p>\n\n\n\n<h3 class=\"wp-block-heading\" id=\"h-4-verbs\">4. Sagnir:<\/h3>\n\n\n\n<p>Kynntu \u00fe\u00e9r sl\u00f3venskar sagnir. L\u00e6r\u00f0u um \u00ferj\u00fa beygingarmynstur, formlegar sagnir og ni\u00f0randi sagnir.<\/p>\n\n\n\n<h3 class=\"wp-block-heading\" id=\"h-5-tenses\">5. Spennur:<\/h3>\n\n\n\n<p>Sl\u00f3venska hefur a\u00f0eins \u00ferj\u00e1r t\u00ed\u00f0ir &#8211; fort\u00ed\u00f0, n\u00fat\u00ed\u00f0 og framt\u00ed\u00f0. Rannsaka\u00f0u hverja spennu \u00ed sm\u00e1atri\u00f0um \u00e1samt notkunarreglum \u00feeirra.<\/p>\n\n\n\n<h3 class=\"wp-block-heading\" id=\"h-6-tense-comparison\">6. Spenntur samanbur\u00f0ur:<\/h3>\n\n\n\n<p>Eftir a\u00f0 hafa skili\u00f0 einstaka spenntur skaltu l\u00e6ra samanbur\u00f0inn \u00e1 milli \u00feeirra. \u00deetta mun hj\u00e1lpa \u00fe\u00e9r a\u00f0 velja r\u00e9tta spennu eftir a\u00f0st\u00e6\u00f0um.<\/p>\n\n\n\n<h3 class=\"wp-block-heading\" id=\"h-7-progressive-and-perfect-progressive\">7. Frams\u00e6kinn og fullkominn frams\u00f3knarma\u00f0ur:<\/h3>\n\n\n\n<p>Sl\u00f3venska tungum\u00e1li\u00f0 \u00e1 s\u00e9r ekki beina hli\u00f0st\u00e6\u00f0u vi\u00f0 ensku, frams\u00e6ki\u00f0 og fullkomi\u00f0 frams\u00e6ki\u00f0 m\u00e1l. L\u00e6r\u00f0u samt hvernig \u00e1 a\u00f0 tj\u00e1 a\u00f0ger\u00f0ir sem eru \u00ed gangi e\u00f0a loki\u00f0 \u00e1 sl\u00f3vensku.<\/p>\n\n\n\n<h3 class=\"wp-block-heading\" id=\"h-8-adverbs\">8. Atviksor\u00f0:<\/h3>\n\n\n\n<p>\u00deeir breyta s\u00f6gnum, l\u00fdsingaror\u00f0um e\u00f0a \u00f6\u00f0rum atviksor\u00f0um. L\u00e6r\u00f0u um tegundir atviksor\u00f0a og sta\u00f0setningu \u00feeirra \u00ed setningu.<\/p>\n\n\n\n<h3 class=\"wp-block-heading\" id=\"h-9-prepositions\">9. Forsetningar:<\/h3>\n\n\n\n<p>\u00deeir tengja or\u00f0 vi\u00f0 \u00f6nnur or\u00f0. Skilja sl\u00f3vensku forsetningarnar og m\u00e1l \u00feeirra.<\/p>\n\n\n\n<h3 class=\"wp-block-heading\" id=\"h-10-conditionals\">10. Skilyr\u00f0i:<\/h3>\n\n\n\n<p>L\u00e6r\u00f0u skilyrtar setningar til a\u00f0 tj\u00e1 \u00edmynda\u00f0ar a\u00f0st\u00e6\u00f0ur og aflei\u00f0ingar \u00feeirra.<\/p>\n\n\n\n<h3 class=\"wp-block-heading\" id=\"h-11-sentences\">11. Setningar:<\/h3>\n\n\n\n<p>A\u00f0 lokum skaltu \u00e6fa \u00feig \u00ed a\u00f0 sm\u00ed\u00f0a setningar me\u00f0 \u00fev\u00ed a\u00f0 nota l\u00e6r\u00f0ar m\u00e1lfr\u00e6\u00f0ireglur. \u00deetta mun auka rit- og samtalsf\u00e6rni \u00fe\u00edna \u00e1 sl\u00f3vensku.<\/p>\n<\/div><\/div>\n\r\n<section class=\"learnNavigationSection\">\r\n            \r\n        <a href=\"https:\/\/talkpal.ai\/is\/laerdu-slovensku\/\">\r\n            <div class=\"learnNavigationWrapper\">\r\n                <div class=\"learnNavigationContent\">\r\n                    <img decoding=\"async\" src=\"https:\/\/talkpal.ai\/wp-content\/uploads\/2024\/08\/Slovenian.jpg\" alt=\"Slovenian Flag\">\r\n                    <div>\r\n                        <h4>Um sl\u00f3venskun\u00e1m<\/h4>\r\n                        <p>L\u00e6r\u00f0u allt um sl\u00f3venska m\u00e1lfr\u00e6\u00f0i.<\/p>\r\n                    <\/div>\r\n                <\/div>\r\n            <\/div>\r\n        <\/a>\r\n\r\n        \r\n        <a href=\"https:\/\/talkpal.ai\/is\/slovensk-malfraedi\/\">\r\n            <div class=\"learnNavigationWrapper\">\r\n                <div class=\"learnNavigationContent\">\r\n                    <img decoding=\"async\" src=\"https:\/\/talkpal.ai\/wp-content\/uploads\/2024\/08\/Slovenian.jpg\" alt=\"Slovenian Flag\">\r\n                    <div>\r\n                        <h4>Sl\u00f3vensk m\u00e1lfr\u00e6\u00f0ikennsla<\/h4>\r\n                        <p>\u00c6f\u00f0u sl\u00f3venska m\u00e1lfr\u00e6\u00f0i.<\/p>\r\n                    <\/div>\r\n                <\/div>\r\n            <\/div>\r\n        <\/a>\r\n\r\n        \r\n        <a href=\"https:\/\/talkpal.ai\/vocabulary_language\/slovenian\/\">\r\n            <div class=\"learnNavigationWrapper\">\r\n                <div class=\"learnNavigationContent\">\r\n                    <img decoding=\"async\" src=\"https:\/\/talkpal.ai\/wp-content\/uploads\/2024\/08\/Slovenian.jpg\" alt=\"Slovenian Flag\">\r\n                    <div>\r\n                        <h4>Sl\u00f3venskur or\u00f0afor\u00f0i<\/h4>\r\n                        <p>St\u00e6kka\u00f0u sl\u00f3venskan or\u00f0afor\u00f0a \u00feinn.<\/p>\r\n                    <\/div>\r\n                <\/div>\r\n            <\/div>\r\n        <\/a>\r\n\r\n            <\/section>","protected":false},"excerpt":{"rendered":"<p>Sl\u00f3vensk m\u00e1lfr\u00e6\u00f0i Sl\u00f3venska, einnig \u00feekkt sem sl\u00f3venska, er su\u00f0urslavneskt tungum\u00e1l sem a\u00f0allega er tala\u00f0 \u00ed Sl\u00f3ven\u00edu. \u00dea\u00f0 er eitt af 24 opinberum tungum\u00e1lum og vinnutungum\u00e1lum Evr\u00f3pusambandsins. A\u00f0 l\u00e6ra sl\u00f3vensku krefst skilnings \u00e1 \u00fdmsum m\u00e1lfr\u00e6\u00f0ilegum \u00fe\u00e1ttum, svo sem t\u00ed\u00f0um, s\u00f6gnum, nafnor\u00f0um, greinum o.s.frv. Eftirfarandi r\u00f6\u00f0 efnisatri\u00f0a er l\u00f6g\u00f0 til til a\u00f0 gera n\u00e1msferli\u00f0 skipulag\u00f0ara og skilvirkara. [&hellip;]<\/p>\n","protected":false},"author":6,"featured_media":119612,"parent":0,"menu_order":0,"comment_status":"closed","ping_status":"closed","template":"LearningContentPage.php","meta":{"_acf_changed":false,"footnotes":""},"class_list":["post-156787","page","type-page","status-publish","has-post-thumbnail","hentry"],"acf":[],"yoast_head":"<!-- This site is optimized with the Yoast SEO Premium plugin v27.2 (Yoast SEO v27.2) - https:\/\/yoast.com\/product\/yoast-seo-premium-wordpress\/ -->\n<title>Sl\u00f3venskar m\u00e1lfr\u00e6\u00f0i\u00e6fingar - Talkpal<\/title>\n<meta name=\"description\" content=\"B\u00e6ttu m\u00e1lfr\u00e6\u00f0ikunn\u00e1ttu \u00fe\u00edna \u00ed sl\u00f3vensku me\u00f0 gagnvirkum \u00e6fingum sem eru hanna\u00f0ar fyrir \u00f6ll stig. B\u00e6ttu tungum\u00e1lan\u00e1msferli\u00f0 \u00feitt \u00ed dag!\" \/>\n<meta name=\"robots\" content=\"index, follow, max-snippet:-1, max-image-preview:large, max-video-preview:-1\" \/>\n<link rel=\"canonical\" href=\"https:\/\/talkpal.ai\/is\/slovenskar-malfraediaefingar\/\" \/>\n<meta property=\"og:locale\" content=\"is_IS\" \/>\n<meta property=\"og:type\" content=\"article\" \/>\n<meta property=\"og:title\" content=\"Sl\u00f3venskar m\u00e1lfr\u00e6\u00f0i\u00e6fingar\" \/>\n<meta property=\"og:description\" content=\"Sl\u00f3vensk m\u00e1lfr\u00e6\u00f0i Sl\u00f3venska, einnig \u00feekkt sem sl\u00f3venska, er su\u00f0urslavneskt tungum\u00e1l sem a\u00f0allega er tala\u00f0 \u00ed Sl\u00f3ven\u00edu. \u00dea\u00f0 er eitt af 24 opinberum\" \/>\n<meta property=\"og:url\" content=\"https:\/\/talkpal.ai\/is\/slovenskar-malfraediaefingar\/\" \/>\n<meta property=\"og:site_name\" content=\"Talkpal\" \/>\n<meta property=\"article:publisher\" content=\"https:\/\/www.facebook.com\/profile.php?id=100090733639311\" \/>\n<meta property=\"article:modified_time\" content=\"2025-12-17T09:51:23+00:00\" \/>\n<meta property=\"og:image\" content=\"https:\/\/talkpal.ai\/wp-content\/uploads\/2023\/05\/slovenia.png\" \/>\n\t<meta property=\"og:image:width\" content=\"512\" \/>\n\t<meta property=\"og:image:height\" content=\"512\" \/>\n\t<meta property=\"og:image:type\" content=\"image\/png\" \/>\n<meta name=\"twitter:card\" content=\"summary_large_image\" \/>\n<meta name=\"twitter:site\" content=\"@talkpalai\" \/>\n<meta name=\"twitter:label1\" content=\"Est. reading time\" \/>\n\t<meta name=\"twitter:data1\" content=\"2 minutes\" \/>\n<script type=\"application\/ld+json\" class=\"yoast-schema-graph\">{\"@context\":\"https:\/\/schema.org\",\"@graph\":[{\"@type\":\"WebPage\",\"@id\":\"https:\/\/talkpal.ai\/is\/slovenskar-malfraediaefingar\/\",\"url\":\"https:\/\/talkpal.ai\/is\/slovenskar-malfraediaefingar\/\",\"name\":\"Sl\u00f3venskar m\u00e1lfr\u00e6\u00f0i\u00e6fingar - Talkpal\",\"isPartOf\":{\"@id\":\"https:\/\/talkpal.ai\/is\/#website\"},\"primaryImageOfPage\":{\"@id\":\"https:\/\/talkpal.ai\/is\/slovenskar-malfraediaefingar\/#primaryimage\"},\"image\":{\"@id\":\"https:\/\/talkpal.ai\/is\/slovenskar-malfraediaefingar\/#primaryimage\"},\"thumbnailUrl\":\"https:\/\/talkpal.ai\/wp-content\/uploads\/2023\/05\/slovenia.png\",\"datePublished\":\"2023-06-28T13:54:56+00:00\",\"dateModified\":\"2025-12-17T09:51:23+00:00\",\"description\":\"B\u00e6ttu m\u00e1lfr\u00e6\u00f0ikunn\u00e1ttu \u00fe\u00edna \u00ed sl\u00f3vensku me\u00f0 gagnvirkum \u00e6fingum sem eru hanna\u00f0ar fyrir \u00f6ll stig. B\u00e6ttu tungum\u00e1lan\u00e1msferli\u00f0 \u00feitt \u00ed dag!\",\"breadcrumb\":{\"@id\":\"https:\/\/talkpal.ai\/is\/slovenskar-malfraediaefingar\/#breadcrumb\"},\"inLanguage\":\"is\",\"potentialAction\":[{\"@type\":\"ReadAction\",\"target\":[\"https:\/\/talkpal.ai\/is\/slovenskar-malfraediaefingar\/\"]}]},{\"@type\":\"ImageObject\",\"inLanguage\":\"is\",\"@id\":\"https:\/\/talkpal.ai\/is\/slovenskar-malfraediaefingar\/#primaryimage\",\"url\":\"https:\/\/talkpal.ai\/wp-content\/uploads\/2023\/05\/slovenia.png\",\"contentUrl\":\"https:\/\/talkpal.ai\/wp-content\/uploads\/2023\/05\/slovenia.png\",\"width\":512,\"height\":512},{\"@type\":\"BreadcrumbList\",\"@id\":\"https:\/\/talkpal.ai\/is\/slovenskar-malfraediaefingar\/#breadcrumb\",\"itemListElement\":[{\"@type\":\"ListItem\",\"position\":1,\"name\":\"Homepage\",\"item\":\"https:\/\/talkpal.ai\/is\/\"},{\"@type\":\"ListItem\",\"position\":2,\"name\":\"Sl\u00f3venskar m\u00e1lfr\u00e6\u00f0i\u00e6fingar\"}]},{\"@type\":\"WebSite\",\"@id\":\"https:\/\/talkpal.ai\/is\/#website\",\"url\":\"https:\/\/talkpal.ai\/is\/\",\"name\":\"Talkpal\",\"description\":\"AI Language Learning\",\"publisher\":{\"@id\":\"https:\/\/talkpal.ai\/is\/#organization\"},\"alternateName\":\"Talkpal AI\",\"potentialAction\":[{\"@type\":\"SearchAction\",\"target\":{\"@type\":\"EntryPoint\",\"urlTemplate\":\"https:\/\/talkpal.ai\/is\/?s={search_term_string}\"},\"query-input\":{\"@type\":\"PropertyValueSpecification\",\"valueRequired\":true,\"valueName\":\"search_term_string\"}}],\"inLanguage\":\"is\"},{\"@type\":\"Organization\",\"@id\":\"https:\/\/talkpal.ai\/is\/#organization\",\"name\":\"Talkpal, Inc.\",\"alternateName\":\"Talkpal AI\",\"url\":\"https:\/\/talkpal.ai\/is\/\",\"logo\":{\"@type\":\"ImageObject\",\"inLanguage\":\"is\",\"@id\":\"https:\/\/talkpal.ai\/is\/#\/schema\/logo\/image\/\",\"url\":\"https:\/\/talkpal.ai\/wp-content\/uploads\/2024\/03\/Talkpal-Logo-Icon.png\",\"contentUrl\":\"https:\/\/talkpal.ai\/wp-content\/uploads\/2024\/03\/Talkpal-Logo-Icon.png\",\"width\":2880,\"height\":2880,\"caption\":\"Talkpal, Inc.\"},\"image\":{\"@id\":\"https:\/\/talkpal.ai\/is\/#\/schema\/logo\/image\/\"},\"sameAs\":[\"https:\/\/www.facebook.com\/profile.php?id=100090733639311\",\"https:\/\/x.com\/talkpalai\",\"https:\/\/www.linkedin.com\/company\/talkpal\/\",\"https:\/\/www.youtube.com\/@TalkPal\/\",\"https:\/\/www.tiktok.com\/@talkpal\",\"https:\/\/www.instagram.com\/talkpal_ai\/\",\"https:\/\/www.crunchbase.com\/organization\/talkpal-9cde\",\"https:\/\/www.g2.com\/products\/talkpal-for-business\/\",\"https:\/\/www.trustpilot.com\/review\/talkpal.ai\",\"https:\/\/www.capterra.com\/p\/10006800\/TalkPal\/\"],\"description\":\"Talkpal is a language learning web and mobile education app, powered by the latest AI technologies, that provides engaging experiences to its customers in many different languages to help them improve their language skills. Users can chat about unlimited amount of topics with the app and use other modes to practice their language learning.\",\"email\":\"support@talkpal.ai\",\"legalName\":\"Talkpal, Inc.\",\"foundingDate\":\"2023-04-03\",\"duns\":\"118989042\",\"numberOfEmployees\":{\"@type\":\"QuantitativeValue\",\"minValue\":\"11\",\"maxValue\":\"50\"},\"publishingPrinciples\":\"https:\/\/talkpal.ai\/publishing-principles\/\",\"actionableFeedbackPolicy\":\"https:\/\/talkpal.ai\/actionable-feedback-policy\/\",\"correctionsPolicy\":\"https:\/\/talkpal.ai\/corrections-policy\/\",\"ethicsPolicy\":\"https:\/\/talkpal.ai\/ethics-policy\/\",\"diversityPolicy\":\"https:\/\/talkpal.ai\/diversity-policy\/\",\"diversityStaffingReport\":\"https:\/\/talkpal.ai\/diversity-policy\/\"}]}<\/script>\n<!-- \/ Yoast SEO Premium plugin. -->","yoast_head_json":{"title":"Sl\u00f3venskar m\u00e1lfr\u00e6\u00f0i\u00e6fingar - Talkpal","description":"B\u00e6ttu m\u00e1lfr\u00e6\u00f0ikunn\u00e1ttu \u00fe\u00edna \u00ed sl\u00f3vensku me\u00f0 gagnvirkum \u00e6fingum sem eru hanna\u00f0ar fyrir \u00f6ll stig. B\u00e6ttu tungum\u00e1lan\u00e1msferli\u00f0 \u00feitt \u00ed dag!","robots":{"index":"index","follow":"follow","max-snippet":"max-snippet:-1","max-image-preview":"max-image-preview:large","max-video-preview":"max-video-preview:-1"},"canonical":"https:\/\/talkpal.ai\/is\/slovenskar-malfraediaefingar\/","og_locale":"is_IS","og_type":"article","og_title":"Sl\u00f3venskar m\u00e1lfr\u00e6\u00f0i\u00e6fingar","og_description":"Sl\u00f3vensk m\u00e1lfr\u00e6\u00f0i Sl\u00f3venska, einnig \u00feekkt sem sl\u00f3venska, er su\u00f0urslavneskt tungum\u00e1l sem a\u00f0allega er tala\u00f0 \u00ed Sl\u00f3ven\u00edu. \u00dea\u00f0 er eitt af 24 opinberum","og_url":"https:\/\/talkpal.ai\/is\/slovenskar-malfraediaefingar\/","og_site_name":"Talkpal","article_publisher":"https:\/\/www.facebook.com\/profile.php?id=100090733639311","article_modified_time":"2025-12-17T09:51:23+00:00","og_image":[{"width":512,"height":512,"url":"https:\/\/talkpal.ai\/wp-content\/uploads\/2023\/05\/slovenia.png","type":"image\/png"}],"twitter_card":"summary_large_image","twitter_site":"@talkpalai","twitter_misc":{"Est. reading time":"2 minutes"},"schema":{"@context":"https:\/\/schema.org","@graph":[{"@type":"WebPage","@id":"https:\/\/talkpal.ai\/is\/slovenskar-malfraediaefingar\/","url":"https:\/\/talkpal.ai\/is\/slovenskar-malfraediaefingar\/","name":"Sl\u00f3venskar m\u00e1lfr\u00e6\u00f0i\u00e6fingar - Talkpal","isPartOf":{"@id":"https:\/\/talkpal.ai\/is\/#website"},"primaryImageOfPage":{"@id":"https:\/\/talkpal.ai\/is\/slovenskar-malfraediaefingar\/#primaryimage"},"image":{"@id":"https:\/\/talkpal.ai\/is\/slovenskar-malfraediaefingar\/#primaryimage"},"thumbnailUrl":"https:\/\/talkpal.ai\/wp-content\/uploads\/2023\/05\/slovenia.png","datePublished":"2023-06-28T13:54:56+00:00","dateModified":"2025-12-17T09:51:23+00:00","description":"B\u00e6ttu m\u00e1lfr\u00e6\u00f0ikunn\u00e1ttu \u00fe\u00edna \u00ed sl\u00f3vensku me\u00f0 gagnvirkum \u00e6fingum sem eru hanna\u00f0ar fyrir \u00f6ll stig. B\u00e6ttu tungum\u00e1lan\u00e1msferli\u00f0 \u00feitt \u00ed dag!","breadcrumb":{"@id":"https:\/\/talkpal.ai\/is\/slovenskar-malfraediaefingar\/#breadcrumb"},"inLanguage":"is","potentialAction":[{"@type":"ReadAction","target":["https:\/\/talkpal.ai\/is\/slovenskar-malfraediaefingar\/"]}]},{"@type":"ImageObject","inLanguage":"is","@id":"https:\/\/talkpal.ai\/is\/slovenskar-malfraediaefingar\/#primaryimage","url":"https:\/\/talkpal.ai\/wp-content\/uploads\/2023\/05\/slovenia.png","contentUrl":"https:\/\/talkpal.ai\/wp-content\/uploads\/2023\/05\/slovenia.png","width":512,"height":512},{"@type":"BreadcrumbList","@id":"https:\/\/talkpal.ai\/is\/slovenskar-malfraediaefingar\/#breadcrumb","itemListElement":[{"@type":"ListItem","position":1,"name":"Homepage","item":"https:\/\/talkpal.ai\/is\/"},{"@type":"ListItem","position":2,"name":"Sl\u00f3venskar m\u00e1lfr\u00e6\u00f0i\u00e6fingar"}]},{"@type":"WebSite","@id":"https:\/\/talkpal.ai\/is\/#website","url":"https:\/\/talkpal.ai\/is\/","name":"Talkpal","description":"AI Language Learning","publisher":{"@id":"https:\/\/talkpal.ai\/is\/#organization"},"alternateName":"Talkpal AI","potentialAction":[{"@type":"SearchAction","target":{"@type":"EntryPoint","urlTemplate":"https:\/\/talkpal.ai\/is\/?s={search_term_string}"},"query-input":{"@type":"PropertyValueSpecification","valueRequired":true,"valueName":"search_term_string"}}],"inLanguage":"is"},{"@type":"Organization","@id":"https:\/\/talkpal.ai\/is\/#organization","name":"Talkpal, Inc.","alternateName":"Talkpal AI","url":"https:\/\/talkpal.ai\/is\/","logo":{"@type":"ImageObject","inLanguage":"is","@id":"https:\/\/talkpal.ai\/is\/#\/schema\/logo\/image\/","url":"https:\/\/talkpal.ai\/wp-content\/uploads\/2024\/03\/Talkpal-Logo-Icon.png","contentUrl":"https:\/\/talkpal.ai\/wp-content\/uploads\/2024\/03\/Talkpal-Logo-Icon.png","width":2880,"height":2880,"caption":"Talkpal, Inc."},"image":{"@id":"https:\/\/talkpal.ai\/is\/#\/schema\/logo\/image\/"},"sameAs":["https:\/\/www.facebook.com\/profile.php?id=100090733639311","https:\/\/x.com\/talkpalai","https:\/\/www.linkedin.com\/company\/talkpal\/","https:\/\/www.youtube.com\/@TalkPal\/","https:\/\/www.tiktok.com\/@talkpal","https:\/\/www.instagram.com\/talkpal_ai\/","https:\/\/www.crunchbase.com\/organization\/talkpal-9cde","https:\/\/www.g2.com\/products\/talkpal-for-business\/","https:\/\/www.trustpilot.com\/review\/talkpal.ai","https:\/\/www.capterra.com\/p\/10006800\/TalkPal\/"],"description":"Talkpal is a language learning web and mobile education app, powered by the latest AI technologies, that provides engaging experiences to its customers in many different languages to help them improve their language skills. Users can chat about unlimited amount of topics with the app and use other modes to practice their language learning.","email":"support@talkpal.ai","legalName":"Talkpal, Inc.","foundingDate":"2023-04-03","duns":"118989042","numberOfEmployees":{"@type":"QuantitativeValue","minValue":"11","maxValue":"50"},"publishingPrinciples":"https:\/\/talkpal.ai\/publishing-principles\/","actionableFeedbackPolicy":"https:\/\/talkpal.ai\/actionable-feedback-policy\/","correctionsPolicy":"https:\/\/talkpal.ai\/corrections-policy\/","ethicsPolicy":"https:\/\/talkpal.ai\/ethics-policy\/","diversityPolicy":"https:\/\/talkpal.ai\/diversity-policy\/","diversityStaffingReport":"https:\/\/talkpal.ai\/diversity-policy\/"}]}},"_links":{"self":[{"href":"https:\/\/talkpal.ai\/is\/wp-json\/wp\/v2\/pages\/156787","targetHints":{"allow":["GET"]}}],"collection":[{"href":"https:\/\/talkpal.ai\/is\/wp-json\/wp\/v2\/pages"}],"about":[{"href":"https:\/\/talkpal.ai\/is\/wp-json\/wp\/v2\/types\/page"}],"author":[{"embeddable":true,"href":"https:\/\/talkpal.ai\/is\/wp-json\/wp\/v2\/users\/6"}],"replies":[{"embeddable":true,"href":"https:\/\/talkpal.ai\/is\/wp-json\/wp\/v2\/comments?post=156787"}],"version-history":[{"count":0,"href":"https:\/\/talkpal.ai\/is\/wp-json\/wp\/v2\/pages\/156787\/revisions"}],"wp:featuredmedia":[{"embeddable":true,"href":"https:\/\/talkpal.ai\/is\/wp-json\/wp\/v2\/media\/119612"}],"wp:attachment":[{"href":"https:\/\/talkpal.ai\/is\/wp-json\/wp\/v2\/media?parent=156787"}],"curies":[{"name":"wp","href":"https:\/\/api.w.org\/{rel}","templated":true}]}}