{"id":156590,"date":"2023-06-28T14:00:55","date_gmt":"2023-06-28T14:00:55","guid":{"rendered":"http:\/\/talkpal.ai\/svahili-malfraedi-aefingar\/"},"modified":"2025-12-17T09:59:42","modified_gmt":"2025-12-17T09:59:42","slug":"svahili-malfraedi-aefingar","status":"publish","type":"page","link":"https:\/\/talkpal.ai\/is\/svahili-malfraedi-aefingar\/","title":{"rendered":"Svah\u00edl\u00ed M\u00e1lfr\u00e6\u00f0i \u00c6fingar"},"content":{"rendered":"\r\n\r\n\r\n<section class=\"languageChallengeSection\">\r\n    <div class=\"languageInfoWrapper\">\r\n        \r\n        <h1>Svah\u00edl\u00ed M\u00e1lfr\u00e6\u00f0i \u00c6fingar<\/h1>\r\n        <p>Tilb\u00fainn\/n a\u00f0 styrkja svah\u00edl\u00edkunn\u00e1ttu \u00fe\u00edna? Markvissar m\u00e1lfr\u00e6\u00f0i\u00e6fingar eru fullkomin lei\u00f0 til a\u00f0 skilja setningarbyggingu, sagnor\u00f0amynstur og nau\u00f0synleg or\u00f0myndir. Kaf\u00f0u \u00fe\u00e9r ofan \u00ed m\u00e1lfr\u00e6\u00f0i\u00e6fingar \u00ed <a href=\"https:\/\/talkpal.ai\/learn-swahili\/\">svah\u00edl\u00ed<\/a> til a\u00f0 byggja upp sj\u00e1lfstraust, st\u00e6kka or\u00f0afor\u00f0a \u00feinn og l\u00e1ta hvert samtal fl\u00e6\u00f0a e\u00f0lilegar. Byrja\u00f0u a\u00f0 \u00e6fa \u00feig \u00ed dag og sj\u00e1\u00f0u hversu hratt svah\u00edl\u00ed-tali\u00f0 \u00feitt batnar!<\/p>\r\n\r\n                            <a class=\"getStartedHidden\" href=\"https:\/\/app.talkpal.ai\/signup?lng=\">Byrja\u00f0u<\/a>\r\n        \r\n    <\/div>\r\n\r\n    <figure>\r\n    <img decoding=\"async\" width=\"768\" height=\"768\" src=\"https:\/\/talkpal.ai\/wp-content\/uploads\/2023\/06\/Swahili-768x768.png\" class=\"languageImage no-lazy\" alt=\"Secrets to master language learning\" fetchpriority=\"high\" sizes=\"(max-width: 768px) 150px, 768px\" srcset=\"https:\/\/talkpal.ai\/wp-content\/uploads\/2023\/06\/Swahili-768x768.png 768w, https:\/\/talkpal.ai\/wp-content\/uploads\/2023\/06\/Swahili-300x300.png 300w\" \/>\r\n    \r\n\r\n    <\/figure>\r\n\r\n            <a class=\"getStartedVisible\" href=\"https:\/\/app.talkpal.ai\/signup?lng=\">Byrja\u00f0u<\/a>\r\n    \r\n<\/section>\r\n\r\n\r\n<!-- <section class=\"grammarSection\">\r\n    <div class=\"grammarLinks\">\r\n            <\/div>\r\n<\/section> -->\r\n\r\n\r\n\r\n\r\n<section class=\"promotionalBanner\">\r\n    <p class=\"promotionalText\">Skilvirkasta lei\u00f0in til a\u00f0 l\u00e6ra tungum\u00e1l<\/p>\r\n    <a class=\"promotionalLink\" href=\"https:\/\/app.talkpal.ai\/signup?lng=\">Pr\u00f3fa\u00f0u Talkpal \u00f3keypis<\/a>\r\n<\/section>\n<div class=\"wp-block-group pageContainerStyle\"><div class=\"wp-block-group__inner-container is-layout-constrained wp-block-group-is-layout-constrained\">\n<h2 class=\"wp-block-heading\" id=\"h-swahili-grammar-topics\">Svah\u00edl\u00ed M\u00e1lfr\u00e6\u00f0i Topics<\/h2>\n\n\n\n<p>A\u00f0 l\u00e6ra <a href=\"https:\/\/talkpal.ai\/learn-swahili\/\">svah\u00edl\u00ed<\/a> er spennandi fer\u00f0 inn \u00ed eitt mest tala\u00f0a tungum\u00e1l Afr\u00edku. \u00dea\u00f0 er bant\u00fatungum\u00e1l, a\u00f0allega tala\u00f0 \u00ed Austur-Afr\u00edku, me\u00f0 \u00e1\u00e6tla\u00f0a 50-100 millj\u00f3nir h\u00e1talara um allan heim. <a href=\"https:\/\/talkpal.ai\/grammar\/\">M\u00e1lfr\u00e6\u00f0i<\/a> svah\u00edl\u00ed er s\u00e9rst\u00f6k og b\u00fd\u00f0ur upp \u00e1 heillandi sj\u00f3narhorn \u00e1 uppbyggingu tungum\u00e1lsins. Til a\u00f0 l\u00e6ra svah\u00edl\u00ed \u00e1 skilvirkan h\u00e1tt er mikilv\u00e6gt a\u00f0 fylgja skipulag\u00f0ri n\u00e1lgun, me\u00f0 \u00e1herslu \u00e1 lykilm\u00e1lfr\u00e6\u00f0iefni eins og t\u00ed\u00f0ir, sagnir, nafnor\u00f0, greinar, forn\u00f6fn\/\u00e1kvar\u00f0ana, l\u00fdsingaror\u00f0, atviksor\u00f0, skilyr\u00f0i, forsetningar og setningager\u00f0. Hver \u00feessara \u00fe\u00e1tta er \u00f3a\u00f0skiljanlegur til a\u00f0 skilja og n\u00e1 t\u00f6kum \u00e1 tungum\u00e1linu.<\/p>\n\n\n\n<h3 class=\"wp-block-heading\" id=\"h-1-nouns\">1. Nafnor\u00f0:<\/h3>\n\n\n\n<p>Byrja\u00f0u \u00e1 \u00fev\u00ed a\u00f0 l\u00e6ra svah\u00edl\u00ed nafnor\u00f0. \u00c1 svah\u00edl\u00ed eru nafnor\u00f0 flokku\u00f0 eftir nafnor\u00f0aflokkum, sem hefur \u00e1hrif \u00e1 form l\u00fdsingaror\u00f0a, fornafna og sagna sem tengjast \u00feeim. A\u00f0 skilja \u00feessa nafnor\u00f0aflokka er grundv\u00f6llur \u00feess a\u00f0 l\u00e6ra a\u00f0ra \u00fe\u00e6tti svah\u00edl\u00edm\u00e1lfr\u00e6\u00f0i.<\/p>\n\n\n\n<h3 class=\"wp-block-heading\" id=\"h-2-articles\">2. Greinar:<\/h3>\n\n\n\n<p>\u00deegar \u00fe\u00fa hefur n\u00e1\u00f0 t\u00f6kum \u00e1 nafnor\u00f0um skaltu fara \u00ed greinar. \u00c1 svah\u00edl\u00ed eru engar \u00e1kve\u00f0nar e\u00f0a \u00f3\u00e1kve\u00f0nar greinar eins og \u201ea,\u201c \u201ean\u201c e\u00f0a \u201ethe. Hins vegar gegnir nafnor\u00f0aflokkakerfinu svipu\u00f0u hlutverki og \u00fev\u00ed er mikilv\u00e6gt a\u00f0 n\u00e1 t\u00f6kum \u00e1 \u00fev\u00ed.<\/p>\n\n\n\n<h3 class=\"wp-block-heading\" id=\"h-3-pronouns-determiners\">3. Forn\u00f6fn\/\u00e1kvar\u00f0andi or\u00f0:<\/h3>\n\n\n\n<p>Forn\u00f6fn og \u00e1kvar\u00f0andi \u00ed svah\u00edl\u00ed breytast eftir nafnor\u00f0aflokki nafnor\u00f0sins sem \u00feau v\u00edsa til. A\u00f0 l\u00e6ra \u00feessar breytingar mun hj\u00e1lpa til vi\u00f0 a\u00f0 sm\u00ed\u00f0a heilar setningar.<\/p>\n\n\n\n<h3 class=\"wp-block-heading\" id=\"h-4-adjectives\">4. L\u00fdsingaror\u00f0:<\/h3>\n\n\n\n<p>Svah\u00edl\u00ed l\u00fdsingaror\u00f0 eru \u00ed samr\u00e6mi vi\u00f0 nafnor\u00f0i\u00f0 sem \u00feau l\u00fdsa. \u00deetta \u00fe\u00fd\u00f0ir a\u00f0 l\u00fdsingaror\u00f0i\u00f0 breytir formi til a\u00f0 passa vi\u00f0 flokk nafnor\u00f0sins. A\u00f0 skilja \u00feetta mun b\u00e6ta setningager\u00f0 \u00fe\u00edna.<\/p>\n\n\n\n<h3 class=\"wp-block-heading\" id=\"h-5-verbs\">5. Sagnir:<\/h3>\n\n\n\n<p>Svah\u00edl\u00ed sagnir eru nau\u00f0synlegar til a\u00f0 tj\u00e1 athafnir og \u00e1stand. \u00deeir bera einnig uppl\u00fdsingar um spennu, \u00fe\u00e6tti og skap. A\u00f0 \u00feekkja reglur um sagnbeygingu skiptir sk\u00f6pum fyrir \u00e1rangursr\u00edk samskipti.<\/p>\n\n\n\n<h3 class=\"wp-block-heading\" id=\"h-6-tenses\">6. Spennur:<\/h3>\n\n\n\n<p>Skilningur \u00e1 spennu er lykillinn a\u00f0 \u00fev\u00ed a\u00f0 mi\u00f0la atbur\u00f0um sem eiga s\u00e9r sta\u00f0 \u00e1 mismunandi t\u00edmum. Svah\u00edl\u00ed hefur mismunandi spennu fyrir atbur\u00f0i \u00ed fort\u00ed\u00f0, n\u00fat\u00ed\u00f0 og framt\u00ed\u00f0.<\/p>\n\n\n\n<h3 class=\"wp-block-heading\" id=\"h-7-tense-comparison\">7. Spenntur samanbur\u00f0ur:<\/h3>\n\n\n\n<p>Eftir <a href=\"https:\/\/talkpal.ai\/culture\/what-is-the-verb-ad-hafa-and-when-is-it-used\/\">a\u00f0 hafa<\/a> skili\u00f0 grunnatri\u00f0in \u00fearftu a\u00f0 l\u00e6ra hvernig \u00e1 a\u00f0 bera \u00feau saman. \u00deetta mun hj\u00e1lpa \u00fe\u00e9r a\u00f0 tj\u00e1 fl\u00f3knar hugsanir og a\u00f0st\u00e6\u00f0ur.<\/p>\n\n\n\n<h3 class=\"wp-block-heading\" id=\"h-8-progressive-and-perfect-progressive\">8. Frams\u00e6kinn og fullkominn frams\u00f3knarma\u00f0ur:<\/h3>\n\n\n\n<p>\u00deessir \u00fe\u00e6ttir spennu tj\u00e1 \u00e1framhaldandi a\u00f0ger\u00f0ir e\u00f0a a\u00f0ger\u00f0ir sem er loki\u00f0. Skilningur \u00e1 \u00feessu mun au\u00f0ga tj\u00e1ningargetu \u00fe\u00edna \u00e1 svah\u00edl\u00ed.<\/p>\n\n\n\n<h3 class=\"wp-block-heading\" id=\"h-9-adverbs\">9. Atviksor\u00f0:<\/h3>\n\n\n\n<p>Atviksor\u00f0 breyta s\u00f6gnum, l\u00fdsingaror\u00f0um og \u00f6\u00f0rum atviksor\u00f0um. \u00deeir veita frekari uppl\u00fdsingar um a\u00f0ger\u00f0ir, eiginleika e\u00f0a a\u00f0rar a\u00f0st\u00e6\u00f0ur.<\/p>\n\n\n\n<h3 class=\"wp-block-heading\" id=\"h-10-conditionals\">10. Skilyr\u00f0i:<\/h3>\n\n\n\n<p>Skilyrtar tj\u00e1 \u00edmynda\u00f0ar a\u00f0st\u00e6\u00f0ur e\u00f0a \u00f3sj\u00e1lfst\u00e6\u00f0i milli atbur\u00f0a. \u00deau eru gagnleg fyrir h\u00e1\u00fer\u00f3a\u00f0a samskipti \u00e1 svah\u00edl\u00ed.<\/p>\n\n\n\n<h3 class=\"wp-block-heading\" id=\"h-11-prepositions\">11. Forsetningar:<\/h3>\n\n\n\n<p>Forsetningar <a href=\"https:\/\/talkpal.ai\/locations\/language-courses-in-gera\/\">gera<\/a> \u00fe\u00e9r kleift a\u00f0 tj\u00e1 tengsl milli mismunandi hluta setningarinnar, svo sem sta\u00f0setningu, stefnu, t\u00edma, ors\u00f6k o.s.frv.<\/p>\n\n\n\n<h3 class=\"wp-block-heading\" id=\"h-12-sentences\">12. Setningar:<\/h3>\n\n\n\n<p>A\u00f0 lokum, a\u00f0 skilja hvernig \u00e1 a\u00f0 sm\u00ed\u00f0a setningar me\u00f0 \u00fev\u00ed a\u00f0 nota alla l\u00e6r\u00f0a hluta r\u00e6\u00f0unnar er h\u00e1punktur svah\u00edl\u00ed n\u00e1msfer\u00f0ar \u00feinnar. \u00dea\u00f0 felur \u00ed s\u00e9r a\u00f0 ra\u00f0a or\u00f0um og or\u00f0asamb\u00f6ndum til a\u00f0 b\u00faa til heilar hugsanir.<\/p>\n<\/div><\/div>\n\r\n<section class=\"learnNavigationSection\">\r\n            \r\n        <a href=\"https:\/\/talkpal.ai\/is\/laerdu-svahili\/\">\r\n            <div class=\"learnNavigationWrapper\">\r\n                <div class=\"learnNavigationContent\">\r\n                    <img decoding=\"async\" src=\"https:\/\/talkpal.ai\/wp-content\/uploads\/2024\/08\/Swahili.jpg\" alt=\"Kenya and Tanzania Flags\">\r\n                    <div>\r\n                        <h4>Um svah\u00edl\u00edn\u00e1m<\/h4>\r\n                        <p>Finndu \u00fat allt um svah\u00edl\u00ed m\u00e1lfr\u00e6\u00f0i.<\/p>\r\n                    <\/div>\r\n                <\/div>\r\n            <\/div>\r\n        <\/a>\r\n\r\n        \r\n        <a href=\"https:\/\/talkpal.ai\/is\/svahili-malfraedi\/\">\r\n            <div class=\"learnNavigationWrapper\">\r\n                <div class=\"learnNavigationContent\">\r\n                    <img decoding=\"async\" src=\"https:\/\/talkpal.ai\/wp-content\/uploads\/2024\/08\/Swahili.jpg\" alt=\"Kenya and Tanzania Flags\">\r\n                    <div>\r\n                        <h4>Svah\u00edl\u00ed m\u00e1lfr\u00e6\u00f0i kennslustundum<\/h4>\r\n                        <p>\u00c6f\u00f0u svah\u00edl\u00ed m\u00e1lfr\u00e6\u00f0i.<\/p>\r\n                    <\/div>\r\n                <\/div>\r\n            <\/div>\r\n        <\/a>\r\n\r\n        \r\n        <a href=\"https:\/\/talkpal.ai\/vocabulary_language\/swahili\/\">\r\n            <div class=\"learnNavigationWrapper\">\r\n                <div class=\"learnNavigationContent\">\r\n                    <img decoding=\"async\" src=\"https:\/\/talkpal.ai\/wp-content\/uploads\/2024\/08\/Swahili.jpg\" alt=\"Kenya and Tanzania Flags\">\r\n                    <div>\r\n                        <h4>Svah\u00edl\u00ed or\u00f0afor\u00f0i<\/h4>\r\n                        <p>St\u00e6kka\u00f0u svah\u00edl\u00ed or\u00f0afor\u00f0a \u00feinn.<\/p>\r\n                    <\/div>\r\n                <\/div>\r\n            <\/div>\r\n        <\/a>\r\n\r\n            <\/section>","protected":false},"excerpt":{"rendered":"<p>Svah\u00edl\u00ed M\u00e1lfr\u00e6\u00f0i Topics A\u00f0 l\u00e6ra svah\u00edl\u00ed er spennandi fer\u00f0 inn \u00ed eitt mest tala\u00f0a tungum\u00e1l Afr\u00edku. \u00dea\u00f0 er bant\u00fatungum\u00e1l, a\u00f0allega tala\u00f0 \u00ed Austur-Afr\u00edku, me\u00f0 \u00e1\u00e6tla\u00f0a 50-100 millj\u00f3nir h\u00e1talara um allan heim. M\u00e1lfr\u00e6\u00f0i svah\u00edl\u00ed er s\u00e9rst\u00f6k og b\u00fd\u00f0ur upp \u00e1 heillandi sj\u00f3narhorn \u00e1 uppbyggingu tungum\u00e1lsins. Til a\u00f0 l\u00e6ra svah\u00edl\u00ed \u00e1 skilvirkan h\u00e1tt er mikilv\u00e6gt a\u00f0 fylgja [&hellip;]<\/p>\n","protected":false},"author":6,"featured_media":119242,"parent":0,"menu_order":0,"comment_status":"closed","ping_status":"closed","template":"LearningContentPage.php","meta":{"_acf_changed":false,"footnotes":""},"class_list":["post-156590","page","type-page","status-publish","has-post-thumbnail","hentry"],"acf":[],"yoast_head":"<!-- This site is optimized with the Yoast SEO Premium plugin v27.2 (Yoast SEO v27.2) - https:\/\/yoast.com\/product\/yoast-seo-premium-wordpress\/ -->\n<title>Svah\u00edl\u00ed M\u00e1lfr\u00e6\u00f0i \u00c6fingar - Talkpal<\/title>\n<meta name=\"description\" content=\"Sko\u00f0a\u00f0u \u00e1hugaver\u00f0ar m\u00e1lfr\u00e6\u00f0i\u00e6fingar \u00e1 svah\u00edl\u00ed til a\u00f0 b\u00e6ta tungum\u00e1lakunn\u00e1ttu \u00fe\u00edna og skilning \u00feinn \u00e1 svah\u00edl\u00ed.\" \/>\n<meta name=\"robots\" content=\"index, follow, max-snippet:-1, max-image-preview:large, max-video-preview:-1\" \/>\n<link rel=\"canonical\" href=\"https:\/\/talkpal.ai\/is\/svahili-malfraedi-aefingar\/\" \/>\n<meta property=\"og:locale\" content=\"is_IS\" \/>\n<meta property=\"og:type\" content=\"article\" \/>\n<meta property=\"og:title\" content=\"Svah\u00edl\u00ed M\u00e1lfr\u00e6\u00f0i \u00c6fingar\" \/>\n<meta property=\"og:description\" content=\"Svah\u00edl\u00ed M\u00e1lfr\u00e6\u00f0i Topics A\u00f0 l\u00e6ra svah\u00edl\u00ed er spennandi fer\u00f0 inn \u00ed eitt mest tala\u00f0a tungum\u00e1l Afr\u00edku. \u00dea\u00f0 er bant\u00fatungum\u00e1l, a\u00f0allega tala\u00f0 \u00ed Austur-Afr\u00edku,\" \/>\n<meta property=\"og:url\" content=\"https:\/\/talkpal.ai\/is\/svahili-malfraedi-aefingar\/\" \/>\n<meta property=\"og:site_name\" content=\"Talkpal\" \/>\n<meta property=\"article:publisher\" content=\"https:\/\/www.facebook.com\/profile.php?id=100090733639311\" \/>\n<meta property=\"article:modified_time\" content=\"2025-12-17T09:59:42+00:00\" \/>\n<meta property=\"og:image\" content=\"https:\/\/talkpal.ai\/wp-content\/uploads\/2023\/05\/Swahili-tanzania.png\" \/>\n\t<meta property=\"og:image:width\" content=\"512\" \/>\n\t<meta property=\"og:image:height\" content=\"512\" \/>\n\t<meta property=\"og:image:type\" content=\"image\/png\" \/>\n<meta name=\"twitter:card\" content=\"summary_large_image\" \/>\n<meta name=\"twitter:site\" content=\"@talkpalai\" \/>\n<meta name=\"twitter:label1\" content=\"Est. reading time\" \/>\n\t<meta name=\"twitter:data1\" content=\"3 minutes\" \/>\n<script type=\"application\/ld+json\" class=\"yoast-schema-graph\">{\"@context\":\"https:\/\/schema.org\",\"@graph\":[{\"@type\":\"WebPage\",\"@id\":\"https:\/\/talkpal.ai\/is\/svahili-malfraedi-aefingar\/\",\"url\":\"https:\/\/talkpal.ai\/is\/svahili-malfraedi-aefingar\/\",\"name\":\"Svah\u00edl\u00ed M\u00e1lfr\u00e6\u00f0i \u00c6fingar - Talkpal\",\"isPartOf\":{\"@id\":\"https:\/\/talkpal.ai\/is\/#website\"},\"primaryImageOfPage\":{\"@id\":\"https:\/\/talkpal.ai\/is\/svahili-malfraedi-aefingar\/#primaryimage\"},\"image\":{\"@id\":\"https:\/\/talkpal.ai\/is\/svahili-malfraedi-aefingar\/#primaryimage\"},\"thumbnailUrl\":\"https:\/\/talkpal.ai\/wp-content\/uploads\/2023\/05\/Swahili-tanzania.png\",\"datePublished\":\"2023-06-28T14:00:55+00:00\",\"dateModified\":\"2025-12-17T09:59:42+00:00\",\"description\":\"Sko\u00f0a\u00f0u \u00e1hugaver\u00f0ar m\u00e1lfr\u00e6\u00f0i\u00e6fingar \u00e1 svah\u00edl\u00ed til a\u00f0 b\u00e6ta tungum\u00e1lakunn\u00e1ttu \u00fe\u00edna og skilning \u00feinn \u00e1 svah\u00edl\u00ed.\",\"breadcrumb\":{\"@id\":\"https:\/\/talkpal.ai\/is\/svahili-malfraedi-aefingar\/#breadcrumb\"},\"inLanguage\":\"is\",\"potentialAction\":[{\"@type\":\"ReadAction\",\"target\":[\"https:\/\/talkpal.ai\/is\/svahili-malfraedi-aefingar\/\"]}]},{\"@type\":\"ImageObject\",\"inLanguage\":\"is\",\"@id\":\"https:\/\/talkpal.ai\/is\/svahili-malfraedi-aefingar\/#primaryimage\",\"url\":\"https:\/\/talkpal.ai\/wp-content\/uploads\/2023\/05\/Swahili-tanzania.png\",\"contentUrl\":\"https:\/\/talkpal.ai\/wp-content\/uploads\/2023\/05\/Swahili-tanzania.png\",\"width\":512,\"height\":512},{\"@type\":\"BreadcrumbList\",\"@id\":\"https:\/\/talkpal.ai\/is\/svahili-malfraedi-aefingar\/#breadcrumb\",\"itemListElement\":[{\"@type\":\"ListItem\",\"position\":1,\"name\":\"Homepage\",\"item\":\"https:\/\/talkpal.ai\/is\/\"},{\"@type\":\"ListItem\",\"position\":2,\"name\":\"Svah\u00edl\u00ed M\u00e1lfr\u00e6\u00f0i \u00c6fingar\"}]},{\"@type\":\"WebSite\",\"@id\":\"https:\/\/talkpal.ai\/is\/#website\",\"url\":\"https:\/\/talkpal.ai\/is\/\",\"name\":\"Talkpal\",\"description\":\"AI Language Learning\",\"publisher\":{\"@id\":\"https:\/\/talkpal.ai\/is\/#organization\"},\"alternateName\":\"Talkpal AI\",\"potentialAction\":[{\"@type\":\"SearchAction\",\"target\":{\"@type\":\"EntryPoint\",\"urlTemplate\":\"https:\/\/talkpal.ai\/is\/?s={search_term_string}\"},\"query-input\":{\"@type\":\"PropertyValueSpecification\",\"valueRequired\":true,\"valueName\":\"search_term_string\"}}],\"inLanguage\":\"is\"},{\"@type\":\"Organization\",\"@id\":\"https:\/\/talkpal.ai\/is\/#organization\",\"name\":\"Talkpal, Inc.\",\"alternateName\":\"Talkpal AI\",\"url\":\"https:\/\/talkpal.ai\/is\/\",\"logo\":{\"@type\":\"ImageObject\",\"inLanguage\":\"is\",\"@id\":\"https:\/\/talkpal.ai\/is\/#\/schema\/logo\/image\/\",\"url\":\"https:\/\/talkpal.ai\/wp-content\/uploads\/2024\/03\/Talkpal-Logo-Icon.png\",\"contentUrl\":\"https:\/\/talkpal.ai\/wp-content\/uploads\/2024\/03\/Talkpal-Logo-Icon.png\",\"width\":2880,\"height\":2880,\"caption\":\"Talkpal, Inc.\"},\"image\":{\"@id\":\"https:\/\/talkpal.ai\/is\/#\/schema\/logo\/image\/\"},\"sameAs\":[\"https:\/\/www.facebook.com\/profile.php?id=100090733639311\",\"https:\/\/x.com\/talkpalai\",\"https:\/\/www.linkedin.com\/company\/talkpal\/\",\"https:\/\/www.youtube.com\/@TalkPal\/\",\"https:\/\/www.tiktok.com\/@talkpal\",\"https:\/\/www.instagram.com\/talkpal_ai\/\",\"https:\/\/www.crunchbase.com\/organization\/talkpal-9cde\",\"https:\/\/www.g2.com\/products\/talkpal-for-business\/\",\"https:\/\/www.trustpilot.com\/review\/talkpal.ai\",\"https:\/\/www.capterra.com\/p\/10006800\/TalkPal\/\"],\"description\":\"Talkpal is a language learning web and mobile education app, powered by the latest AI technologies, that provides engaging experiences to its customers in many different languages to help them improve their language skills. Users can chat about unlimited amount of topics with the app and use other modes to practice their language learning.\",\"email\":\"support@talkpal.ai\",\"legalName\":\"Talkpal, Inc.\",\"foundingDate\":\"2023-04-03\",\"duns\":\"118989042\",\"numberOfEmployees\":{\"@type\":\"QuantitativeValue\",\"minValue\":\"11\",\"maxValue\":\"50\"},\"publishingPrinciples\":\"https:\/\/talkpal.ai\/publishing-principles\/\",\"actionableFeedbackPolicy\":\"https:\/\/talkpal.ai\/actionable-feedback-policy\/\",\"correctionsPolicy\":\"https:\/\/talkpal.ai\/corrections-policy\/\",\"ethicsPolicy\":\"https:\/\/talkpal.ai\/ethics-policy\/\",\"diversityPolicy\":\"https:\/\/talkpal.ai\/diversity-policy\/\",\"diversityStaffingReport\":\"https:\/\/talkpal.ai\/diversity-policy\/\"}]}<\/script>\n<!-- \/ Yoast SEO Premium plugin. -->","yoast_head_json":{"title":"Svah\u00edl\u00ed M\u00e1lfr\u00e6\u00f0i \u00c6fingar - Talkpal","description":"Sko\u00f0a\u00f0u \u00e1hugaver\u00f0ar m\u00e1lfr\u00e6\u00f0i\u00e6fingar \u00e1 svah\u00edl\u00ed til a\u00f0 b\u00e6ta tungum\u00e1lakunn\u00e1ttu \u00fe\u00edna og skilning \u00feinn \u00e1 svah\u00edl\u00ed.","robots":{"index":"index","follow":"follow","max-snippet":"max-snippet:-1","max-image-preview":"max-image-preview:large","max-video-preview":"max-video-preview:-1"},"canonical":"https:\/\/talkpal.ai\/is\/svahili-malfraedi-aefingar\/","og_locale":"is_IS","og_type":"article","og_title":"Svah\u00edl\u00ed M\u00e1lfr\u00e6\u00f0i \u00c6fingar","og_description":"Svah\u00edl\u00ed M\u00e1lfr\u00e6\u00f0i Topics A\u00f0 l\u00e6ra svah\u00edl\u00ed er spennandi fer\u00f0 inn \u00ed eitt mest tala\u00f0a tungum\u00e1l Afr\u00edku. \u00dea\u00f0 er bant\u00fatungum\u00e1l, a\u00f0allega tala\u00f0 \u00ed Austur-Afr\u00edku,","og_url":"https:\/\/talkpal.ai\/is\/svahili-malfraedi-aefingar\/","og_site_name":"Talkpal","article_publisher":"https:\/\/www.facebook.com\/profile.php?id=100090733639311","article_modified_time":"2025-12-17T09:59:42+00:00","og_image":[{"width":512,"height":512,"url":"https:\/\/talkpal.ai\/wp-content\/uploads\/2023\/05\/Swahili-tanzania.png","type":"image\/png"}],"twitter_card":"summary_large_image","twitter_site":"@talkpalai","twitter_misc":{"Est. reading time":"3 minutes"},"schema":{"@context":"https:\/\/schema.org","@graph":[{"@type":"WebPage","@id":"https:\/\/talkpal.ai\/is\/svahili-malfraedi-aefingar\/","url":"https:\/\/talkpal.ai\/is\/svahili-malfraedi-aefingar\/","name":"Svah\u00edl\u00ed M\u00e1lfr\u00e6\u00f0i \u00c6fingar - Talkpal","isPartOf":{"@id":"https:\/\/talkpal.ai\/is\/#website"},"primaryImageOfPage":{"@id":"https:\/\/talkpal.ai\/is\/svahili-malfraedi-aefingar\/#primaryimage"},"image":{"@id":"https:\/\/talkpal.ai\/is\/svahili-malfraedi-aefingar\/#primaryimage"},"thumbnailUrl":"https:\/\/talkpal.ai\/wp-content\/uploads\/2023\/05\/Swahili-tanzania.png","datePublished":"2023-06-28T14:00:55+00:00","dateModified":"2025-12-17T09:59:42+00:00","description":"Sko\u00f0a\u00f0u \u00e1hugaver\u00f0ar m\u00e1lfr\u00e6\u00f0i\u00e6fingar \u00e1 svah\u00edl\u00ed til a\u00f0 b\u00e6ta tungum\u00e1lakunn\u00e1ttu \u00fe\u00edna og skilning \u00feinn \u00e1 svah\u00edl\u00ed.","breadcrumb":{"@id":"https:\/\/talkpal.ai\/is\/svahili-malfraedi-aefingar\/#breadcrumb"},"inLanguage":"is","potentialAction":[{"@type":"ReadAction","target":["https:\/\/talkpal.ai\/is\/svahili-malfraedi-aefingar\/"]}]},{"@type":"ImageObject","inLanguage":"is","@id":"https:\/\/talkpal.ai\/is\/svahili-malfraedi-aefingar\/#primaryimage","url":"https:\/\/talkpal.ai\/wp-content\/uploads\/2023\/05\/Swahili-tanzania.png","contentUrl":"https:\/\/talkpal.ai\/wp-content\/uploads\/2023\/05\/Swahili-tanzania.png","width":512,"height":512},{"@type":"BreadcrumbList","@id":"https:\/\/talkpal.ai\/is\/svahili-malfraedi-aefingar\/#breadcrumb","itemListElement":[{"@type":"ListItem","position":1,"name":"Homepage","item":"https:\/\/talkpal.ai\/is\/"},{"@type":"ListItem","position":2,"name":"Svah\u00edl\u00ed M\u00e1lfr\u00e6\u00f0i \u00c6fingar"}]},{"@type":"WebSite","@id":"https:\/\/talkpal.ai\/is\/#website","url":"https:\/\/talkpal.ai\/is\/","name":"Talkpal","description":"AI Language Learning","publisher":{"@id":"https:\/\/talkpal.ai\/is\/#organization"},"alternateName":"Talkpal AI","potentialAction":[{"@type":"SearchAction","target":{"@type":"EntryPoint","urlTemplate":"https:\/\/talkpal.ai\/is\/?s={search_term_string}"},"query-input":{"@type":"PropertyValueSpecification","valueRequired":true,"valueName":"search_term_string"}}],"inLanguage":"is"},{"@type":"Organization","@id":"https:\/\/talkpal.ai\/is\/#organization","name":"Talkpal, Inc.","alternateName":"Talkpal AI","url":"https:\/\/talkpal.ai\/is\/","logo":{"@type":"ImageObject","inLanguage":"is","@id":"https:\/\/talkpal.ai\/is\/#\/schema\/logo\/image\/","url":"https:\/\/talkpal.ai\/wp-content\/uploads\/2024\/03\/Talkpal-Logo-Icon.png","contentUrl":"https:\/\/talkpal.ai\/wp-content\/uploads\/2024\/03\/Talkpal-Logo-Icon.png","width":2880,"height":2880,"caption":"Talkpal, Inc."},"image":{"@id":"https:\/\/talkpal.ai\/is\/#\/schema\/logo\/image\/"},"sameAs":["https:\/\/www.facebook.com\/profile.php?id=100090733639311","https:\/\/x.com\/talkpalai","https:\/\/www.linkedin.com\/company\/talkpal\/","https:\/\/www.youtube.com\/@TalkPal\/","https:\/\/www.tiktok.com\/@talkpal","https:\/\/www.instagram.com\/talkpal_ai\/","https:\/\/www.crunchbase.com\/organization\/talkpal-9cde","https:\/\/www.g2.com\/products\/talkpal-for-business\/","https:\/\/www.trustpilot.com\/review\/talkpal.ai","https:\/\/www.capterra.com\/p\/10006800\/TalkPal\/"],"description":"Talkpal is a language learning web and mobile education app, powered by the latest AI technologies, that provides engaging experiences to its customers in many different languages to help them improve their language skills. Users can chat about unlimited amount of topics with the app and use other modes to practice their language learning.","email":"support@talkpal.ai","legalName":"Talkpal, Inc.","foundingDate":"2023-04-03","duns":"118989042","numberOfEmployees":{"@type":"QuantitativeValue","minValue":"11","maxValue":"50"},"publishingPrinciples":"https:\/\/talkpal.ai\/publishing-principles\/","actionableFeedbackPolicy":"https:\/\/talkpal.ai\/actionable-feedback-policy\/","correctionsPolicy":"https:\/\/talkpal.ai\/corrections-policy\/","ethicsPolicy":"https:\/\/talkpal.ai\/ethics-policy\/","diversityPolicy":"https:\/\/talkpal.ai\/diversity-policy\/","diversityStaffingReport":"https:\/\/talkpal.ai\/diversity-policy\/"}]}},"_links":{"self":[{"href":"https:\/\/talkpal.ai\/is\/wp-json\/wp\/v2\/pages\/156590","targetHints":{"allow":["GET"]}}],"collection":[{"href":"https:\/\/talkpal.ai\/is\/wp-json\/wp\/v2\/pages"}],"about":[{"href":"https:\/\/talkpal.ai\/is\/wp-json\/wp\/v2\/types\/page"}],"author":[{"embeddable":true,"href":"https:\/\/talkpal.ai\/is\/wp-json\/wp\/v2\/users\/6"}],"replies":[{"embeddable":true,"href":"https:\/\/talkpal.ai\/is\/wp-json\/wp\/v2\/comments?post=156590"}],"version-history":[{"count":0,"href":"https:\/\/talkpal.ai\/is\/wp-json\/wp\/v2\/pages\/156590\/revisions"}],"wp:featuredmedia":[{"embeddable":true,"href":"https:\/\/talkpal.ai\/is\/wp-json\/wp\/v2\/media\/119242"}],"wp:attachment":[{"href":"https:\/\/talkpal.ai\/is\/wp-json\/wp\/v2\/media?parent=156590"}],"curies":[{"name":"wp","href":"https:\/\/api.w.org\/{rel}","templated":true}]}}