{"id":156100,"date":"2023-07-05T10:17:13","date_gmt":"2023-07-05T10:17:13","guid":{"rendered":"http:\/\/talkpal.ai\/tamil-malfraedi-aefingar\/"},"modified":"2025-12-17T15:02:09","modified_gmt":"2025-12-17T15:02:09","slug":"tamil-malfraedi-aefingar","status":"publish","type":"page","link":"https:\/\/talkpal.ai\/is\/tamil-malfraedi-aefingar\/","title":{"rendered":"Tamil M\u00e1lfr\u00e6\u00f0i \u00c6fingar"},"content":{"rendered":"\r\n\r\n\r\n<section class=\"languageChallengeSection\">\r\n    <div class=\"languageInfoWrapper\">\r\n        \r\n        <h1>Tamil M\u00e1lfr\u00e6\u00f0i \u00c6fingar<\/h1>\r\n        <p>Ef \u00fe\u00fa vilt n\u00e1 g\u00f3\u00f0um t\u00f6kum \u00e1 tam\u00edlsku er m\u00e1lfr\u00e6\u00f0i\u00e6fing lykilatri\u00f0i \u00ed \u00feeirri vegfer\u00f0. Byrja\u00f0u \u00ed dag, skora\u00f0u \u00e1 sj\u00e1lfan \u00feig me\u00f0 n\u00fdjum m\u00e1lfr\u00e6\u00f0imynstrum og horf\u00f0u \u00e1 tam\u00edlskukunn\u00e1ttu \u00fe\u00edna vaxa me\u00f0 hverri \u00e6fingu!<\/p>\r\n\r\n                            <a class=\"getStartedHidden\" href=\"https:\/\/app.talkpal.ai\/signup?lng=\">Byrja\u00f0u<\/a>\r\n        \r\n    <\/div>\r\n\r\n    <figure>\r\n    <img decoding=\"async\" width=\"768\" height=\"768\" src=\"https:\/\/talkpal.ai\/wp-content\/uploads\/2023\/06\/tamil-768x768.png\" class=\"languageImage no-lazy\" alt=\"Language learning for enhanced creativity\" fetchpriority=\"high\" sizes=\"(max-width: 768px) 150px, 768px\" srcset=\"https:\/\/talkpal.ai\/wp-content\/uploads\/2023\/06\/tamil-768x768.png 768w, https:\/\/talkpal.ai\/wp-content\/uploads\/2023\/06\/tamil-300x300.png 300w\" \/>\r\n    \r\n\r\n    <\/figure>\r\n\r\n            <a class=\"getStartedVisible\" href=\"https:\/\/app.talkpal.ai\/signup?lng=\">Byrja\u00f0u<\/a>\r\n    \r\n<\/section>\r\n\r\n\r\n<!-- <section class=\"grammarSection\">\r\n    <div class=\"grammarLinks\">\r\n            <\/div>\r\n<\/section> -->\r\n\r\n\r\n\r\n\r\n<section class=\"promotionalBanner\">\r\n    <p class=\"promotionalText\">Skilvirkasta lei\u00f0in til a\u00f0 l\u00e6ra tungum\u00e1l<\/p>\r\n    <a class=\"promotionalLink\" href=\"https:\/\/app.talkpal.ai\/signup?lng=\">Pr\u00f3fa\u00f0u Talkpal \u00f3keypis<\/a>\r\n<\/section>\n<div class=\"wp-block-group pageContainerStyle\"><div class=\"wp-block-group__inner-container is-layout-constrained wp-block-group-is-layout-constrained\">\n<h2 class=\"wp-block-heading\" id=\"h-tamil-grammar-topics\">Tamil m\u00e1lfr\u00e6\u00f0i efni<\/h2>\n\n\n\n<p><a href=\"https:\/\/talkpal.ai\/learn-tamil\/\">Tamil<\/a> er lifandi og r\u00edkt tungum\u00e1l sem tala\u00f0 er a\u00f0allega \u00ed Su\u00f0ur-Indlandi og Sri Lanka. \u00dea\u00f0 er \u00feekkt fyrir einstakt handrit og fl\u00f3ki\u00f0 m\u00e1lfr\u00e6\u00f0ikerfi. A\u00f0 l\u00e6ra tam\u00edlska getur veri\u00f0 heillandi reynsla, en \u00fea\u00f0 krefst skipulag\u00f0rar n\u00e1lgunar til a\u00f0 skilja <a href=\"https:\/\/talkpal.ai\/grammar\/\">m\u00e1lfr\u00e6\u00f0i<\/a> \u00feess. \u00deetta felur \u00ed s\u00e9r skilning \u00e1 t\u00ed\u00f0um, s\u00f6gnum, nafnor\u00f0um, greinum, forn\u00f6fnum\/\u00e1kv\u00f6r\u00f0unaror\u00f0um, l\u00fdsingaror\u00f0um, atviksor\u00f0um, skilyr\u00f0um, forsetningum og setningager\u00f0.<\/p>\n\n\n\n<h3 class=\"wp-block-heading\" id=\"h-1-nouns\">1. Nafnor\u00f0:<\/h3>\n\n\n\n<p>Byrja\u00f0u tam\u00edlska n\u00e1m \u00feitt me\u00f0 nafnor\u00f0um, \u00fear sem \u00feau eru byggingareiningar hvers tungum\u00e1ls. \u00c1 tam\u00edlsku eru nafnor\u00f0 flokku\u00f0 \u00ed tvo flokka: uyirmei (lifandi) og mei (ekki lifandi). \u00deeir hafa einnig mismunandi fallbeygingar eftir fj\u00f6lda og h\u00e1st\u00f6fum.<\/p>\n\n\n\n<h3 class=\"wp-block-heading\" id=\"h-2-pronouns-determiners\">2. Forn\u00f6fn\/\u00e1kv\u00f6r\u00f0unaror\u00f0:<\/h3>\n\n\n\n<p>Eftir <a href=\"https:\/\/talkpal.ai\/culture\/what-is-the-verb-ad-hafa-and-when-is-it-used\/\">a\u00f0 hafa<\/a> n\u00e1\u00f0 t\u00f6kum \u00e1 nafnor\u00f0um skaltu fara yfir \u00ed forn\u00f6fn og \u00e1kvar\u00f0ana. \u00deeir eru nota\u00f0ir til a\u00f0 v\u00edsa til einhvers e\u00f0a eitthva\u00f0 sem \u00feegar hefur veri\u00f0 nefnt e\u00f0a au\u00f0velt a\u00f0 bera kennsl \u00e1. \u00c1 tam\u00edlsku eru forn\u00f6fn kynhlutlaus og beygjast fyrir t\u00f6lu og staf.<\/p>\n\n\n\n<h3 class=\"wp-block-heading\" id=\"h-3-verbs\">3. Sagnir:<\/h3>\n\n\n\n<p>Sagnir \u00e1 tam\u00edlsku skiptast \u00ed tvo flokka: t\u00edmabundnar og \u00f3gagns\u00e6jar sagnir. \u00dea\u00f0 er mikilv\u00e6gt a\u00f0 skilja hvernig \u00feeir virka \u00fear sem \u00feeir t\u00e1kna a\u00f0ger\u00f0ina \u00ed setningu.<\/p>\n\n\n\n<h3 class=\"wp-block-heading\" id=\"h-4-tenses\">4. Spennur:<\/h3>\n\n\n\n<p>Tamil hefur \u00ferj\u00e1r grunnspennur: fort\u00ed\u00f0, n\u00fat\u00ed\u00f0 og framt\u00ed\u00f0. Hver spenna hefur mismunandi form fyrir eint\u00f6lu og fleirt\u00f6lu, sem og fyrir mismunandi einstaklinga. Skilningur \u00e1 \u00feessum breytingum er mikilv\u00e6gur fyrir r\u00e9tta setningamyndun.<\/p>\n\n\n\n<h3 class=\"wp-block-heading\" id=\"h-5-tense-comparison\">5. Spenntur samanbur\u00f0ur:<\/h3>\n\n\n\n<p>\u00deegar \u00fe\u00fa hefur skili\u00f0 grunnspennuna getur\u00f0u fari\u00f0 \u00ed spennu\u00ferunginn samanbur\u00f0. \u00deetta krefst \u00feess a\u00f0 bera saman mismunandi a\u00f0ger\u00f0ir \u00ed mismunandi t\u00ed\u00f0um, sem skiptir sk\u00f6pum fyrir h\u00e1\u00fer\u00f3a\u00f0a m\u00e1lnotkun.<\/p>\n\n\n\n<h3 class=\"wp-block-heading\" id=\"h-6-adjectives\">6. L\u00fdsingaror\u00f0:<\/h3>\n\n\n\n<p>L\u00fdsingaror\u00f0 \u00e1 tam\u00edlsku, eins og \u00e1 ensku, l\u00fdsa e\u00f0a breyta nafnor\u00f0um. \u00deeir eru samm\u00e1la nafnor\u00f0inu sem \u00feeir breyta \u00ed falli, t\u00f6lu og kyni.<\/p>\n\n\n\n<h3 class=\"wp-block-heading\" id=\"h-7-articles\">7. Greinar:<\/h3>\n\n\n\n<p>Tamil hefur ekki \u00e1kve\u00f0nar e\u00f0a \u00f3\u00e1kve\u00f0nar greinar eins og &#8216;a&#8217;, &#8216;an&#8217; e\u00f0a &#8216;the&#8217;. Hins vegar er mikilv\u00e6gt a\u00f0 skilja hvernig \u00e1 a\u00f0 skipta \u00feeim \u00fat fyrir setningamyndun.<\/p>\n\n\n\n<h3 class=\"wp-block-heading\" id=\"h-8-adverbs\">8. Atviksor\u00f0:<\/h3>\n\n\n\n<p>Atviksor\u00f0 breyta s\u00f6gnum, l\u00fdsingaror\u00f0um e\u00f0a \u00f6\u00f0rum atviksor\u00f0um. \u00deeir geta tj\u00e1\u00f0 h\u00e1tt, sta\u00f0, t\u00edma, t\u00ed\u00f0ni, gr\u00e1\u00f0u og fleira.<\/p>\n\n\n\n<h3 class=\"wp-block-heading\" id=\"h-9-prepositions\">9. Forsetningar:<\/h3>\n\n\n\n<p>Forsetningar eru nota\u00f0ar til a\u00f0 tengja nafnor\u00f0, forn\u00f6fn e\u00f0a or\u00f0asamb\u00f6nd vi\u00f0 \u00f6nnur or\u00f0 innan setningar. \u00de\u00e6r tj\u00e1 tengsl sta\u00f0ar, stefnu, t\u00edma, h\u00e1ttar, orsakar og gr\u00e1\u00f0u.<\/p>\n\n\n\n<h3 class=\"wp-block-heading\" id=\"h-10-conditionals\">10. Skilyr\u00f0i:<\/h3>\n\n\n\n<p>Skilyrtar setningar eru setningar sem tj\u00e1 \u00edmynda\u00f0ar a\u00f0st\u00e6\u00f0ur og aflei\u00f0ingar \u00feeirra. \u00c1 tam\u00edlska eru skilyrt myndu\u00f0 af s\u00e9rst\u00f6kum sagnaformum og samtengingum.<\/p>\n\n\n\n<h3 class=\"wp-block-heading\" id=\"h-11-progressive-and-perfect-progressive\">11. Frams\u00e6kinn og fullkominn frams\u00f3knarma\u00f0ur:<\/h3>\n\n\n\n<p>\u00deetta eru \u00fe\u00e6ttir spennu sem t\u00e1kna \u00e1framhaldandi a\u00f0ger\u00f0ir e\u00f0a a\u00f0ger\u00f0ir sem voru \u00ed gangi en er n\u00fa loki\u00f0. \u00de\u00e6r eru nau\u00f0synlegar til a\u00f0 gefa upp t\u00edmalengd og samfellu a\u00f0ger\u00f0a.<\/p>\n\n\n\n<h3 class=\"wp-block-heading\" id=\"h-12-sentences\">12. Setningar:<\/h3>\n\n\n\n<p>A\u00f0 lokum er mikilv\u00e6gt a\u00f0 skilja uppbyggingu setninga \u00e1 tam\u00edlsku. Tamil fylgir <a href=\"https:\/\/talkpal.ai\/culture\/how-do-you-structure-a-sentence-using-subject-object-verb-order-in-uzbek\/\">Subject-Object-Verb<\/a> (SOV) or\u00f0ar\u00f6\u00f0. A\u00f0 skilja samsettar og fl\u00f3knar setningar mun einnig b\u00e6ta heildarstj\u00f3rn \u00fe\u00edna \u00e1 tungum\u00e1linu.<\/p>\n<\/div><\/div>\n\r\n<section class=\"learnNavigationSection\">\r\n            \r\n        <a href=\"https:\/\/talkpal.ai\/is\/laerdu-tamilska\/\">\r\n            <div class=\"learnNavigationWrapper\">\r\n                <div class=\"learnNavigationContent\">\r\n                    <img decoding=\"async\" src=\"https:\/\/talkpal.ai\/wp-content\/uploads\/2024\/08\/Tamil.jpg\" alt=\"Indian Simplified Flag\">\r\n                    <div>\r\n                        <h4>Um tam\u00edlskun\u00e1m<\/h4>\r\n                        <p>Finndu \u00fat allt um tam\u00edlska m\u00e1lfr\u00e6\u00f0i.<\/p>\r\n                    <\/div>\r\n                <\/div>\r\n            <\/div>\r\n        <\/a>\r\n\r\n        \r\n        <a href=\"https:\/\/talkpal.ai\/is\/tamil-malfraedi\/\">\r\n            <div class=\"learnNavigationWrapper\">\r\n                <div class=\"learnNavigationContent\">\r\n                    <img decoding=\"async\" src=\"https:\/\/talkpal.ai\/wp-content\/uploads\/2024\/08\/Tamil.jpg\" alt=\"Indian Simplified Flag\">\r\n                    <div>\r\n                        <h4>Tam\u00edlska m\u00e1lfr\u00e6\u00f0ikennsla<\/h4>\r\n                        <p>\u00c6f\u00f0u tam\u00edlska m\u00e1lfr\u00e6\u00f0i.<\/p>\r\n                    <\/div>\r\n                <\/div>\r\n            <\/div>\r\n        <\/a>\r\n\r\n        \r\n        <a href=\"https:\/\/talkpal.ai\/vocabulary_language\/tamil\/\">\r\n            <div class=\"learnNavigationWrapper\">\r\n                <div class=\"learnNavigationContent\">\r\n                    <img decoding=\"async\" src=\"https:\/\/talkpal.ai\/wp-content\/uploads\/2024\/08\/Tamil.jpg\" alt=\"Indian Simplified Flag\">\r\n                    <div>\r\n                        <h4>Tam\u00edlska or\u00f0afor\u00f0i<\/h4>\r\n                        <p>St\u00e6kka\u00f0u tam\u00edlska or\u00f0afor\u00f0a \u00feinn.<\/p>\r\n                    <\/div>\r\n                <\/div>\r\n            <\/div>\r\n        <\/a>\r\n\r\n            <\/section>","protected":false},"excerpt":{"rendered":"<p>Tamil m\u00e1lfr\u00e6\u00f0i efni Tamil er lifandi og r\u00edkt tungum\u00e1l sem tala\u00f0 er a\u00f0allega \u00ed Su\u00f0ur-Indlandi og Sri Lanka. \u00dea\u00f0 er \u00feekkt fyrir einstakt handrit og fl\u00f3ki\u00f0 m\u00e1lfr\u00e6\u00f0ikerfi. A\u00f0 l\u00e6ra tam\u00edlska getur veri\u00f0 heillandi reynsla, en \u00fea\u00f0 krefst skipulag\u00f0rar n\u00e1lgunar til a\u00f0 skilja m\u00e1lfr\u00e6\u00f0i \u00feess. \u00deetta felur \u00ed s\u00e9r skilning \u00e1 t\u00ed\u00f0um, s\u00f6gnum, nafnor\u00f0um, greinum, forn\u00f6fnum\/\u00e1kv\u00f6r\u00f0unaror\u00f0um, [&hellip;]<\/p>\n","protected":false},"author":6,"featured_media":120400,"parent":0,"menu_order":0,"comment_status":"closed","ping_status":"closed","template":"LearningContentPage.php","meta":{"_acf_changed":false,"footnotes":""},"class_list":["post-156100","page","type-page","status-publish","has-post-thumbnail","hentry"],"acf":[],"yoast_head":"<!-- This site is optimized with the Yoast SEO Premium plugin v27.2 (Yoast SEO v27.2) - https:\/\/yoast.com\/product\/yoast-seo-premium-wordpress\/ -->\n<title>Tamil M\u00e1lfr\u00e6\u00f0i \u00c6fingar - Talkpal<\/title>\n<meta name=\"description\" content=\"Sko\u00f0a\u00f0u \u00e1rangursr\u00edkar m\u00e1lfr\u00e6\u00f0i\u00e6fingar \u00ed tam\u00edlsku til a\u00f0 b\u00e6ta tungum\u00e1lakunn\u00e1ttu \u00fe\u00edna og skilning.\" \/>\n<meta name=\"robots\" content=\"index, follow, max-snippet:-1, max-image-preview:large, max-video-preview:-1\" \/>\n<link rel=\"canonical\" href=\"https:\/\/talkpal.ai\/is\/tamil-malfraedi-aefingar\/\" \/>\n<meta property=\"og:locale\" content=\"is_IS\" \/>\n<meta property=\"og:type\" content=\"article\" \/>\n<meta property=\"og:title\" content=\"Tamil M\u00e1lfr\u00e6\u00f0i \u00c6fingar\" \/>\n<meta property=\"og:description\" content=\"Tamil m\u00e1lfr\u00e6\u00f0i efni Tamil er lifandi og r\u00edkt tungum\u00e1l sem tala\u00f0 er a\u00f0allega \u00ed Su\u00f0ur-Indlandi og Sri Lanka. \u00dea\u00f0 er \u00feekkt fyrir einstakt handrit og fl\u00f3ki\u00f0\" \/>\n<meta property=\"og:url\" content=\"https:\/\/talkpal.ai\/is\/tamil-malfraedi-aefingar\/\" \/>\n<meta property=\"og:site_name\" content=\"Talkpal\" \/>\n<meta property=\"article:publisher\" content=\"https:\/\/www.facebook.com\/profile.php?id=100090733639311\" \/>\n<meta property=\"article:modified_time\" content=\"2025-12-17T15:02:09+00:00\" \/>\n<meta property=\"og:image\" content=\"https:\/\/talkpal.ai\/wp-content\/uploads\/2023\/05\/Tamil-india.png\" \/>\n\t<meta property=\"og:image:width\" content=\"512\" \/>\n\t<meta property=\"og:image:height\" content=\"512\" \/>\n\t<meta property=\"og:image:type\" content=\"image\/png\" \/>\n<meta name=\"twitter:card\" content=\"summary_large_image\" \/>\n<meta name=\"twitter:site\" content=\"@talkpalai\" \/>\n<meta name=\"twitter:label1\" content=\"Est. reading time\" \/>\n\t<meta name=\"twitter:data1\" content=\"3 minutes\" \/>\n<script type=\"application\/ld+json\" class=\"yoast-schema-graph\">{\"@context\":\"https:\/\/schema.org\",\"@graph\":[{\"@type\":\"WebPage\",\"@id\":\"https:\/\/talkpal.ai\/is\/tamil-malfraedi-aefingar\/\",\"url\":\"https:\/\/talkpal.ai\/is\/tamil-malfraedi-aefingar\/\",\"name\":\"Tamil M\u00e1lfr\u00e6\u00f0i \u00c6fingar - Talkpal\",\"isPartOf\":{\"@id\":\"https:\/\/talkpal.ai\/is\/#website\"},\"primaryImageOfPage\":{\"@id\":\"https:\/\/talkpal.ai\/is\/tamil-malfraedi-aefingar\/#primaryimage\"},\"image\":{\"@id\":\"https:\/\/talkpal.ai\/is\/tamil-malfraedi-aefingar\/#primaryimage\"},\"thumbnailUrl\":\"https:\/\/talkpal.ai\/wp-content\/uploads\/2023\/05\/Tamil-india.png\",\"datePublished\":\"2023-07-05T10:17:13+00:00\",\"dateModified\":\"2025-12-17T15:02:09+00:00\",\"description\":\"Sko\u00f0a\u00f0u \u00e1rangursr\u00edkar m\u00e1lfr\u00e6\u00f0i\u00e6fingar \u00ed tam\u00edlsku til a\u00f0 b\u00e6ta tungum\u00e1lakunn\u00e1ttu \u00fe\u00edna og skilning.\",\"breadcrumb\":{\"@id\":\"https:\/\/talkpal.ai\/is\/tamil-malfraedi-aefingar\/#breadcrumb\"},\"inLanguage\":\"is\",\"potentialAction\":[{\"@type\":\"ReadAction\",\"target\":[\"https:\/\/talkpal.ai\/is\/tamil-malfraedi-aefingar\/\"]}]},{\"@type\":\"ImageObject\",\"inLanguage\":\"is\",\"@id\":\"https:\/\/talkpal.ai\/is\/tamil-malfraedi-aefingar\/#primaryimage\",\"url\":\"https:\/\/talkpal.ai\/wp-content\/uploads\/2023\/05\/Tamil-india.png\",\"contentUrl\":\"https:\/\/talkpal.ai\/wp-content\/uploads\/2023\/05\/Tamil-india.png\",\"width\":512,\"height\":512},{\"@type\":\"BreadcrumbList\",\"@id\":\"https:\/\/talkpal.ai\/is\/tamil-malfraedi-aefingar\/#breadcrumb\",\"itemListElement\":[{\"@type\":\"ListItem\",\"position\":1,\"name\":\"Homepage\",\"item\":\"https:\/\/talkpal.ai\/is\/\"},{\"@type\":\"ListItem\",\"position\":2,\"name\":\"Tamil M\u00e1lfr\u00e6\u00f0i \u00c6fingar\"}]},{\"@type\":\"WebSite\",\"@id\":\"https:\/\/talkpal.ai\/is\/#website\",\"url\":\"https:\/\/talkpal.ai\/is\/\",\"name\":\"Talkpal\",\"description\":\"AI Language Learning\",\"publisher\":{\"@id\":\"https:\/\/talkpal.ai\/is\/#organization\"},\"alternateName\":\"Talkpal AI\",\"potentialAction\":[{\"@type\":\"SearchAction\",\"target\":{\"@type\":\"EntryPoint\",\"urlTemplate\":\"https:\/\/talkpal.ai\/is\/?s={search_term_string}\"},\"query-input\":{\"@type\":\"PropertyValueSpecification\",\"valueRequired\":true,\"valueName\":\"search_term_string\"}}],\"inLanguage\":\"is\"},{\"@type\":\"Organization\",\"@id\":\"https:\/\/talkpal.ai\/is\/#organization\",\"name\":\"Talkpal, Inc.\",\"alternateName\":\"Talkpal AI\",\"url\":\"https:\/\/talkpal.ai\/is\/\",\"logo\":{\"@type\":\"ImageObject\",\"inLanguage\":\"is\",\"@id\":\"https:\/\/talkpal.ai\/is\/#\/schema\/logo\/image\/\",\"url\":\"https:\/\/talkpal.ai\/wp-content\/uploads\/2024\/03\/Talkpal-Logo-Icon.png\",\"contentUrl\":\"https:\/\/talkpal.ai\/wp-content\/uploads\/2024\/03\/Talkpal-Logo-Icon.png\",\"width\":2880,\"height\":2880,\"caption\":\"Talkpal, Inc.\"},\"image\":{\"@id\":\"https:\/\/talkpal.ai\/is\/#\/schema\/logo\/image\/\"},\"sameAs\":[\"https:\/\/www.facebook.com\/profile.php?id=100090733639311\",\"https:\/\/x.com\/talkpalai\",\"https:\/\/www.linkedin.com\/company\/talkpal\/\",\"https:\/\/www.youtube.com\/@TalkPal\/\",\"https:\/\/www.tiktok.com\/@talkpal\",\"https:\/\/www.instagram.com\/talkpal_ai\/\",\"https:\/\/www.crunchbase.com\/organization\/talkpal-9cde\",\"https:\/\/www.g2.com\/products\/talkpal-for-business\/\",\"https:\/\/www.trustpilot.com\/review\/talkpal.ai\",\"https:\/\/www.capterra.com\/p\/10006800\/TalkPal\/\"],\"description\":\"Talkpal is a language learning web and mobile education app, powered by the latest AI technologies, that provides engaging experiences to its customers in many different languages to help them improve their language skills. Users can chat about unlimited amount of topics with the app and use other modes to practice their language learning.\",\"email\":\"support@talkpal.ai\",\"legalName\":\"Talkpal, Inc.\",\"foundingDate\":\"2023-04-03\",\"duns\":\"118989042\",\"numberOfEmployees\":{\"@type\":\"QuantitativeValue\",\"minValue\":\"11\",\"maxValue\":\"50\"},\"publishingPrinciples\":\"https:\/\/talkpal.ai\/publishing-principles\/\",\"actionableFeedbackPolicy\":\"https:\/\/talkpal.ai\/actionable-feedback-policy\/\",\"correctionsPolicy\":\"https:\/\/talkpal.ai\/corrections-policy\/\",\"ethicsPolicy\":\"https:\/\/talkpal.ai\/ethics-policy\/\",\"diversityPolicy\":\"https:\/\/talkpal.ai\/diversity-policy\/\",\"diversityStaffingReport\":\"https:\/\/talkpal.ai\/diversity-policy\/\"}]}<\/script>\n<!-- \/ Yoast SEO Premium plugin. -->","yoast_head_json":{"title":"Tamil M\u00e1lfr\u00e6\u00f0i \u00c6fingar - Talkpal","description":"Sko\u00f0a\u00f0u \u00e1rangursr\u00edkar m\u00e1lfr\u00e6\u00f0i\u00e6fingar \u00ed tam\u00edlsku til a\u00f0 b\u00e6ta tungum\u00e1lakunn\u00e1ttu \u00fe\u00edna og skilning.","robots":{"index":"index","follow":"follow","max-snippet":"max-snippet:-1","max-image-preview":"max-image-preview:large","max-video-preview":"max-video-preview:-1"},"canonical":"https:\/\/talkpal.ai\/is\/tamil-malfraedi-aefingar\/","og_locale":"is_IS","og_type":"article","og_title":"Tamil M\u00e1lfr\u00e6\u00f0i \u00c6fingar","og_description":"Tamil m\u00e1lfr\u00e6\u00f0i efni Tamil er lifandi og r\u00edkt tungum\u00e1l sem tala\u00f0 er a\u00f0allega \u00ed Su\u00f0ur-Indlandi og Sri Lanka. \u00dea\u00f0 er \u00feekkt fyrir einstakt handrit og fl\u00f3ki\u00f0","og_url":"https:\/\/talkpal.ai\/is\/tamil-malfraedi-aefingar\/","og_site_name":"Talkpal","article_publisher":"https:\/\/www.facebook.com\/profile.php?id=100090733639311","article_modified_time":"2025-12-17T15:02:09+00:00","og_image":[{"width":512,"height":512,"url":"https:\/\/talkpal.ai\/wp-content\/uploads\/2023\/05\/Tamil-india.png","type":"image\/png"}],"twitter_card":"summary_large_image","twitter_site":"@talkpalai","twitter_misc":{"Est. reading time":"3 minutes"},"schema":{"@context":"https:\/\/schema.org","@graph":[{"@type":"WebPage","@id":"https:\/\/talkpal.ai\/is\/tamil-malfraedi-aefingar\/","url":"https:\/\/talkpal.ai\/is\/tamil-malfraedi-aefingar\/","name":"Tamil M\u00e1lfr\u00e6\u00f0i \u00c6fingar - Talkpal","isPartOf":{"@id":"https:\/\/talkpal.ai\/is\/#website"},"primaryImageOfPage":{"@id":"https:\/\/talkpal.ai\/is\/tamil-malfraedi-aefingar\/#primaryimage"},"image":{"@id":"https:\/\/talkpal.ai\/is\/tamil-malfraedi-aefingar\/#primaryimage"},"thumbnailUrl":"https:\/\/talkpal.ai\/wp-content\/uploads\/2023\/05\/Tamil-india.png","datePublished":"2023-07-05T10:17:13+00:00","dateModified":"2025-12-17T15:02:09+00:00","description":"Sko\u00f0a\u00f0u \u00e1rangursr\u00edkar m\u00e1lfr\u00e6\u00f0i\u00e6fingar \u00ed tam\u00edlsku til a\u00f0 b\u00e6ta tungum\u00e1lakunn\u00e1ttu \u00fe\u00edna og skilning.","breadcrumb":{"@id":"https:\/\/talkpal.ai\/is\/tamil-malfraedi-aefingar\/#breadcrumb"},"inLanguage":"is","potentialAction":[{"@type":"ReadAction","target":["https:\/\/talkpal.ai\/is\/tamil-malfraedi-aefingar\/"]}]},{"@type":"ImageObject","inLanguage":"is","@id":"https:\/\/talkpal.ai\/is\/tamil-malfraedi-aefingar\/#primaryimage","url":"https:\/\/talkpal.ai\/wp-content\/uploads\/2023\/05\/Tamil-india.png","contentUrl":"https:\/\/talkpal.ai\/wp-content\/uploads\/2023\/05\/Tamil-india.png","width":512,"height":512},{"@type":"BreadcrumbList","@id":"https:\/\/talkpal.ai\/is\/tamil-malfraedi-aefingar\/#breadcrumb","itemListElement":[{"@type":"ListItem","position":1,"name":"Homepage","item":"https:\/\/talkpal.ai\/is\/"},{"@type":"ListItem","position":2,"name":"Tamil M\u00e1lfr\u00e6\u00f0i \u00c6fingar"}]},{"@type":"WebSite","@id":"https:\/\/talkpal.ai\/is\/#website","url":"https:\/\/talkpal.ai\/is\/","name":"Talkpal","description":"AI Language Learning","publisher":{"@id":"https:\/\/talkpal.ai\/is\/#organization"},"alternateName":"Talkpal AI","potentialAction":[{"@type":"SearchAction","target":{"@type":"EntryPoint","urlTemplate":"https:\/\/talkpal.ai\/is\/?s={search_term_string}"},"query-input":{"@type":"PropertyValueSpecification","valueRequired":true,"valueName":"search_term_string"}}],"inLanguage":"is"},{"@type":"Organization","@id":"https:\/\/talkpal.ai\/is\/#organization","name":"Talkpal, Inc.","alternateName":"Talkpal AI","url":"https:\/\/talkpal.ai\/is\/","logo":{"@type":"ImageObject","inLanguage":"is","@id":"https:\/\/talkpal.ai\/is\/#\/schema\/logo\/image\/","url":"https:\/\/talkpal.ai\/wp-content\/uploads\/2024\/03\/Talkpal-Logo-Icon.png","contentUrl":"https:\/\/talkpal.ai\/wp-content\/uploads\/2024\/03\/Talkpal-Logo-Icon.png","width":2880,"height":2880,"caption":"Talkpal, Inc."},"image":{"@id":"https:\/\/talkpal.ai\/is\/#\/schema\/logo\/image\/"},"sameAs":["https:\/\/www.facebook.com\/profile.php?id=100090733639311","https:\/\/x.com\/talkpalai","https:\/\/www.linkedin.com\/company\/talkpal\/","https:\/\/www.youtube.com\/@TalkPal\/","https:\/\/www.tiktok.com\/@talkpal","https:\/\/www.instagram.com\/talkpal_ai\/","https:\/\/www.crunchbase.com\/organization\/talkpal-9cde","https:\/\/www.g2.com\/products\/talkpal-for-business\/","https:\/\/www.trustpilot.com\/review\/talkpal.ai","https:\/\/www.capterra.com\/p\/10006800\/TalkPal\/"],"description":"Talkpal is a language learning web and mobile education app, powered by the latest AI technologies, that provides engaging experiences to its customers in many different languages to help them improve their language skills. Users can chat about unlimited amount of topics with the app and use other modes to practice their language learning.","email":"support@talkpal.ai","legalName":"Talkpal, Inc.","foundingDate":"2023-04-03","duns":"118989042","numberOfEmployees":{"@type":"QuantitativeValue","minValue":"11","maxValue":"50"},"publishingPrinciples":"https:\/\/talkpal.ai\/publishing-principles\/","actionableFeedbackPolicy":"https:\/\/talkpal.ai\/actionable-feedback-policy\/","correctionsPolicy":"https:\/\/talkpal.ai\/corrections-policy\/","ethicsPolicy":"https:\/\/talkpal.ai\/ethics-policy\/","diversityPolicy":"https:\/\/talkpal.ai\/diversity-policy\/","diversityStaffingReport":"https:\/\/talkpal.ai\/diversity-policy\/"}]}},"_links":{"self":[{"href":"https:\/\/talkpal.ai\/is\/wp-json\/wp\/v2\/pages\/156100","targetHints":{"allow":["GET"]}}],"collection":[{"href":"https:\/\/talkpal.ai\/is\/wp-json\/wp\/v2\/pages"}],"about":[{"href":"https:\/\/talkpal.ai\/is\/wp-json\/wp\/v2\/types\/page"}],"author":[{"embeddable":true,"href":"https:\/\/talkpal.ai\/is\/wp-json\/wp\/v2\/users\/6"}],"replies":[{"embeddable":true,"href":"https:\/\/talkpal.ai\/is\/wp-json\/wp\/v2\/comments?post=156100"}],"version-history":[{"count":0,"href":"https:\/\/talkpal.ai\/is\/wp-json\/wp\/v2\/pages\/156100\/revisions"}],"wp:featuredmedia":[{"embeddable":true,"href":"https:\/\/talkpal.ai\/is\/wp-json\/wp\/v2\/media\/120400"}],"wp:attachment":[{"href":"https:\/\/talkpal.ai\/is\/wp-json\/wp\/v2\/media?parent=156100"}],"curies":[{"name":"wp","href":"https:\/\/api.w.org\/{rel}","templated":true}]}}