{"id":155822,"date":"2023-07-05T10:24:06","date_gmt":"2023-07-05T10:24:06","guid":{"rendered":"http:\/\/talkpal.ai\/thai-malfraedi-aefingar\/"},"modified":"2025-12-17T15:04:22","modified_gmt":"2025-12-17T15:04:22","slug":"thai-malfraedi-aefingar","status":"publish","type":"page","link":"https:\/\/talkpal.ai\/is\/thai-malfraedi-aefingar\/","title":{"rendered":"Thai M\u00e1lfr\u00e6\u00f0i \u00c6fingar"},"content":{"rendered":"\r\n\r\n\r\n<section class=\"languageChallengeSection\">\r\n    <div class=\"languageInfoWrapper\">\r\n        \r\n        <h1>Thai M\u00e1lfr\u00e6\u00f0i \u00c6fingar<\/h1>\r\n        <p>Tilb\u00fainn\/n a\u00f0 gera ta\u00edlenskun\u00e1m skemmtilegt og hagn\u00fdtt? Gagnvirku \u00e6fingarnar okkar eru hanna\u00f0ar til a\u00f0 hj\u00e1lpa \u00fe\u00e9r a\u00f0 n\u00e1 t\u00f6kum \u00e1 grunnatri\u00f0um ta\u00edlenskrar <a href=\"https:\/\/talkpal.ai\/grammar\/\">m\u00e1lfr\u00e6\u00f0i<\/a>, byggja upp sj\u00e1lfstraust og byrja a\u00f0 mynda alv\u00f6ru setningar. St\u00f6kktu inn, \u00e6f\u00f0u eins miki\u00f0 og \u00fe\u00fa vilt og horf\u00f0u \u00e1 ta\u00edlenskukunn\u00e1ttu \u00fe\u00edna vaxa &#8211; vi\u00f0 skulum byrja a\u00f0 l\u00e6ra!<\/p>\r\n\r\n                            <a class=\"getStartedHidden\" href=\"https:\/\/app.talkpal.ai\/signup?lng=\">Byrja\u00f0u<\/a>\r\n        \r\n    <\/div>\r\n\r\n    <figure>\r\n    <img decoding=\"async\" width=\"768\" height=\"768\" src=\"https:\/\/talkpal.ai\/wp-content\/uploads\/2023\/06\/thai-768x768.png\" class=\"languageImage no-lazy\" alt=\"Language learning for improved thought process\" fetchpriority=\"high\" sizes=\"(max-width: 768px) 150px, 768px\" srcset=\"https:\/\/talkpal.ai\/wp-content\/uploads\/2023\/06\/thai-768x768.png 768w, https:\/\/talkpal.ai\/wp-content\/uploads\/2023\/06\/thai-300x300.png 300w\" \/>\r\n    \r\n\r\n    <\/figure>\r\n\r\n            <a class=\"getStartedVisible\" href=\"https:\/\/app.talkpal.ai\/signup?lng=\">Byrja\u00f0u<\/a>\r\n    \r\n<\/section>\r\n\r\n\r\n<!-- <section class=\"grammarSection\">\r\n    <div class=\"grammarLinks\">\r\n            <\/div>\r\n<\/section> -->\r\n\r\n\r\n\r\n\r\n<section class=\"promotionalBanner\">\r\n    <p class=\"promotionalText\">Skilvirkasta lei\u00f0in til a\u00f0 l\u00e6ra tungum\u00e1l<\/p>\r\n    <a class=\"promotionalLink\" href=\"https:\/\/app.talkpal.ai\/signup?lng=\">Pr\u00f3fa\u00f0u Talkpal \u00f3keypis<\/a>\r\n<\/section>\n<div class=\"wp-block-group pageContainerStyle\"><div class=\"wp-block-group__inner-container is-layout-constrained wp-block-group-is-layout-constrained\">\n<h2 class=\"wp-block-heading\" id=\"h-thai-grammar-topics\">Thai M\u00e1lfr\u00e6\u00f0i Topics<\/h2>\n\n\n\n<p>A\u00f0 l\u00e6ra ta\u00edlenska tungum\u00e1li\u00f0 getur veri\u00f0 heillandi fer\u00f0. Hins vegar er nau\u00f0synlegt a\u00f0 skilja ta\u00edlenska <a href=\"https:\/\/talkpal.ai\/grammar\/\">m\u00e1lfr\u00e6\u00f0i<\/a> til a\u00f0 skilja tungum\u00e1li\u00f0 a\u00f0 fullu og ver\u00f0a reiprennandi. Eftirfarandi listi veitir r\u00f6\u00f0 af ta\u00edlenskum m\u00e1lfr\u00e6\u00f0iefnum sem \u00fearf <a href=\"https:\/\/talkpal.ai\/culture\/what-is-the-verb-ad-hafa-and-when-is-it-used\/\">a\u00f0 hafa<\/a> \u00ed huga \u00feegar \u00fe\u00fa l\u00e6rir tungum\u00e1li\u00f0. \u00deessi listi byrjar \u00e1 grunnvi\u00f0fangsefnum og \u00fer\u00f3ast yfir \u00ed fl\u00f3knari vi\u00f0fangsefni.<\/p>\n\n\n\n<h3 class=\"wp-block-heading\" id=\"h-1-nouns\">1. Nafnor\u00f0:<\/h3>\n\n\n\n<p>Byrja\u00f0u \u00e1 \u00fev\u00ed a\u00f0 l\u00e6ra t\u00e6lensk nafnor\u00f0 \u00fear sem \u00feau eru byggingareiningar tungum\u00e1lsins. Kynntu \u00fe\u00e9r algeng nafnor\u00f0 og breytior\u00f0 \u00feeirra, \u00fear sem ta\u00edlensku nafnor\u00f0 breyta ekki um form til a\u00f0 gefa til kynna fj\u00f6lda e\u00f0a kyn.<\/p>\n\n\n\n<h3 class=\"wp-block-heading\" id=\"h-2-pronouns-determiners\">2. Forn\u00f6fn\/\u00e1kv\u00f6r\u00f0unaror\u00f0:<\/h3>\n\n\n\n<p>Eftir a\u00f0 hafa n\u00e1\u00f0 t\u00f6kum \u00e1 nafnor\u00f0um skaltu f\u00e6ra f\u00f3kusinn \u00e1 forn\u00f6fn og \u00e1kvar\u00f0ana. Ta\u00edlenskum forn\u00f6fnum er oft sleppt \u00ed samtali, en skilningur \u00e1 \u00feeim er lykilatri\u00f0i fyrir formlega ta\u00edlenska.<\/p>\n\n\n\n<h3 class=\"wp-block-heading\" id=\"h-3-verbs\">3. Sagnir:<\/h3>\n\n\n\n<p>Sagnir \u00e1 ta\u00edlensku eru \u00f3beyg\u00f0ar, sem \u00fe\u00fd\u00f0ir a\u00f0 \u00fe\u00e6r breytast ekki til a\u00f0 gefa til kynna spennu, t\u00f6lu e\u00f0a pers\u00f3nu. \u00deetta gerir \u00feeim tilt\u00f6lulega au\u00f0velt a\u00f0 n\u00e1 t\u00f6kum \u00e1 eftir a\u00f0 hafa skili\u00f0 nafnor\u00f0 og forn\u00f6fn.<\/p>\n\n\n\n<h3 class=\"wp-block-heading\" id=\"h-4-adjectives\">4. L\u00fdsingaror\u00f0:<\/h3>\n\n\n\n<p>Ta\u00edlensk l\u00fdsingaror\u00f0 koma \u00e1 eftir nafnor\u00f0unum sem \u00feau breyta, \u00f3l\u00edkt ensku. A\u00f0 l\u00e6ra l\u00fdsingaror\u00f0 mun hj\u00e1lpa \u00fe\u00e9r a\u00f0 l\u00fdsa hlutum, f\u00f3lki og a\u00f0st\u00e6\u00f0um n\u00e1kv\u00e6mari.<\/p>\n\n\n\n<h3 class=\"wp-block-heading\" id=\"h-5-prepositions\">5. Forsetningar:<\/h3>\n\n\n\n<p>Forsetningar \u00e1 ta\u00edlensku koma oft \u00e1 undan nafnor\u00f0inu e\u00f0a fornafninu til a\u00f0 gefa til kynna stefnu, sta\u00f0setningu, t\u00edma e\u00f0a a\u00f0fer\u00f0.<\/p>\n\n\n\n<h3 class=\"wp-block-heading\" id=\"h-6-adverbs\">6. Atviksor\u00f0:<\/h3>\n\n\n\n<p>L\u00e6r\u00f0u ta\u00edlenska atviksor\u00f0 til a\u00f0 breyta s\u00f6gnum, l\u00fdsingaror\u00f0um e\u00f0a \u00f6\u00f0rum atviksor\u00f0um. \u00deeir geta veitt n\u00e1nari uppl\u00fdsingar um a\u00f0ger\u00f0ir e\u00f0a a\u00f0st\u00e6\u00f0ur.<\/p>\n\n\n\n<h3 class=\"wp-block-heading\" id=\"h-7-sentences\">7. Setningar:<\/h3>\n\n\n\n<p>\u00deegar \u00fe\u00fa hefur n\u00e1\u00f0 t\u00f6kum \u00e1 grunnatri\u00f0um getur\u00f0u byrja\u00f0 a\u00f0 sm\u00ed\u00f0a setningar \u00e1 ta\u00edlensku. Skilningur \u00e1 setningager\u00f0 er mikilv\u00e6gur til a\u00f0 koma hugsunum \u00fe\u00ednum r\u00e9tt \u00e1 framf\u00e6ri.<\/p>\n\n\n\n<h3 class=\"wp-block-heading\" id=\"h-8-conditionals\">8. Skilyr\u00f0i:<\/h3>\n\n\n\n<p>Ta\u00edlensk skilyr\u00f0i l\u00fdsa \u00edmyndu\u00f0um a\u00f0st\u00e6\u00f0um og aflei\u00f0ingum \u00feeirra. \u00deeir eru \u00fer\u00f3a\u00f0ri en nau\u00f0synlegir fyrir fl\u00f3kin samt\u00f6l.<\/p>\n\n\n\n<h3 class=\"wp-block-heading\" id=\"h-9-tenses\">9. Spennur:<\/h3>\n\n\n\n<p>Ta\u00edlenska tungum\u00e1li\u00f0 notar ekki spennu \u00e1 <a href=\"https:\/\/talkpal.ai\/locations\/language-courses-in-sama\/\">sama<\/a> h\u00e1tt og <a href=\"https:\/\/talkpal.ai\/learn-english-with-ai\/\">enska<\/a>. Hins vegar eru or\u00f0asamb\u00f6nd og or\u00f0 sem geta gefi\u00f0 til kynna fort\u00ed\u00f0, n\u00fat\u00ed\u00f0 e\u00f0a framt\u00ed\u00f0.<\/p>\n\n\n\n<h3 class=\"wp-block-heading\" id=\"h-10-tense-comparison\">10. Spenntur samanbur\u00f0ur:<\/h3>\n\n\n\n<p>\u00deetta er h\u00e1\u00fer\u00f3a\u00f0 efni \u00fear sem \u00fe\u00fa ber\u00f0 saman mismunandi t\u00ed\u00f0ir. \u00dea\u00f0 mun hj\u00e1lpa \u00fe\u00e9r a\u00f0 skilja l\u00famskur munur \u00e1 tj\u00e1ningu t\u00edma.<\/p>\n\n\n\n<h3 class=\"wp-block-heading\" id=\"h-11-progressive\">11. Frams\u00f3kn:<\/h3>\n\n\n\n<p>\u00deetta efnisatri\u00f0i felur \u00ed s\u00e9r a\u00f0 tj\u00e1 \u00e1framhaldandi a\u00f0ger\u00f0ir. \u00dea\u00f0 er lengra komi\u00f0 en mun hj\u00e1lpa \u00fe\u00e9r a\u00f0 <a href=\"https:\/\/talkpal.ai\/locations\/language-courses-in-tala\/\">tala<\/a> ta\u00edlensku reiprennandi.<\/p>\n\n\n\n<h3 class=\"wp-block-heading\" id=\"h-12-perfect-progressive\">12. Fullkominn frams\u00e6kinn:<\/h3>\n\n\n\n<p>Hin fullkomna frams\u00e6kna spenna er fl\u00f3kinn \u00fe\u00e1ttur \u00ed ta\u00edlenskri m\u00e1lfr\u00e6\u00f0i. \u00dea\u00f0 er nota\u00f0 til a\u00f0 l\u00fdsa a\u00f0ger\u00f0um sem hafa veri\u00f0 \u00ed gangi fram a\u00f0 \u00e1kve\u00f0nu <a href=\"https:\/\/talkpal.ai\/locations\/language-courses-in-marki\/\">marki<\/a>.<\/p>\n\n\n\n<h3 class=\"wp-block-heading\" id=\"h-13-articles\">13. Greinar:<\/h3>\n\n\n\n<p>Ta\u00edlenska tungum\u00e1li\u00f0 hefur ekki \u00e1kve\u00f0nar e\u00f0a \u00f3\u00e1kve\u00f0nar greinar eins og ensku. Hins vegar eru a\u00f0rar lei\u00f0ir til a\u00f0 tilgreina e\u00f0a alh\u00e6fa nafnor\u00f0 sem \u00fe\u00fa getur l\u00e6rt lengra komi\u00f0.<\/p>\n<\/div><\/div>\n\r\n<section class=\"learnNavigationSection\">\r\n            \r\n        <a href=\"https:\/\/talkpal.ai\/is\/laerdu-tailensku\/\">\r\n            <div class=\"learnNavigationWrapper\">\r\n                <div class=\"learnNavigationContent\">\r\n                    <img decoding=\"async\" src=\"https:\/\/talkpal.ai\/wp-content\/uploads\/2024\/08\/Thai.jpg\" alt=\"Thai Flag\">\r\n                    <div>\r\n                        <h4>Um ta\u00edlenskun\u00e1m<\/h4>\r\n                        <p>Finndu \u00fat allt um ta\u00edlenska m\u00e1lfr\u00e6\u00f0i.<\/p>\r\n                    <\/div>\r\n                <\/div>\r\n            <\/div>\r\n        <\/a>\r\n\r\n        \r\n        <a href=\"https:\/\/talkpal.ai\/is\/tailenska-malfraedi\/\">\r\n            <div class=\"learnNavigationWrapper\">\r\n                <div class=\"learnNavigationContent\">\r\n                    <img decoding=\"async\" src=\"https:\/\/talkpal.ai\/wp-content\/uploads\/2024\/08\/Thai.jpg\" alt=\"Thai Flag\">\r\n                    <div>\r\n                        <h4>Ta\u00edlenska m\u00e1lfr\u00e6\u00f0i kennslustundir<\/h4>\r\n                        <p>\u00c6f\u00f0u ta\u00edlenska m\u00e1lfr\u00e6\u00f0i.<\/p>\r\n                    <\/div>\r\n                <\/div>\r\n            <\/div>\r\n        <\/a>\r\n\r\n        \r\n        <a href=\"https:\/\/talkpal.ai\/vocabulary_language\/thai\/\">\r\n            <div class=\"learnNavigationWrapper\">\r\n                <div class=\"learnNavigationContent\">\r\n                    <img decoding=\"async\" src=\"https:\/\/talkpal.ai\/wp-content\/uploads\/2024\/08\/Thai.jpg\" alt=\"Thai Flag\">\r\n                    <div>\r\n                        <h4>T\u00e6lenskur or\u00f0afor\u00f0i<\/h4>\r\n                        <p>St\u00e6kka\u00f0u t\u00e6lenskan or\u00f0afor\u00f0a \u00feinn.<\/p>\r\n                    <\/div>\r\n                <\/div>\r\n            <\/div>\r\n        <\/a>\r\n\r\n            <\/section>","protected":false},"excerpt":{"rendered":"<p>Thai M\u00e1lfr\u00e6\u00f0i Topics A\u00f0 l\u00e6ra ta\u00edlenska tungum\u00e1li\u00f0 getur veri\u00f0 heillandi fer\u00f0. Hins vegar er nau\u00f0synlegt a\u00f0 skilja ta\u00edlenska m\u00e1lfr\u00e6\u00f0i til a\u00f0 skilja tungum\u00e1li\u00f0 a\u00f0 fullu og ver\u00f0a reiprennandi. Eftirfarandi listi veitir r\u00f6\u00f0 af ta\u00edlenskum m\u00e1lfr\u00e6\u00f0iefnum sem \u00fearf a\u00f0 hafa \u00ed huga \u00feegar \u00fe\u00fa l\u00e6rir tungum\u00e1li\u00f0. \u00deessi listi byrjar \u00e1 grunnvi\u00f0fangsefnum og \u00fer\u00f3ast yfir \u00ed fl\u00f3knari [&hellip;]<\/p>\n","protected":false},"author":6,"featured_media":120859,"parent":0,"menu_order":0,"comment_status":"closed","ping_status":"closed","template":"LearningContentPage.php","meta":{"_acf_changed":false,"footnotes":""},"class_list":["post-155822","page","type-page","status-publish","has-post-thumbnail","hentry"],"acf":[],"yoast_head":"<!-- This site is optimized with the Yoast SEO Premium plugin v27.2 (Yoast SEO v27.2) - https:\/\/yoast.com\/product\/yoast-seo-premium-wordpress\/ -->\n<title>Thai M\u00e1lfr\u00e6\u00f0i \u00c6fingar - Talkpal<\/title>\n<meta name=\"description\" content=\"B\u00e6ttu vi\u00f0 ta\u00edlenskukunn\u00e1ttu \u00fe\u00edna me\u00f0 ta\u00edlensku m\u00e1lfr\u00e6\u00f0i\u00e6fingum okkar og byrja\u00f0u a\u00f0 n\u00e1 t\u00f6kum \u00e1 grunneiningum tungum\u00e1lsins.\" \/>\n<meta name=\"robots\" content=\"index, follow, max-snippet:-1, max-image-preview:large, max-video-preview:-1\" \/>\n<link rel=\"canonical\" href=\"https:\/\/talkpal.ai\/is\/thai-malfraedi-aefingar\/\" \/>\n<meta property=\"og:locale\" content=\"is_IS\" \/>\n<meta property=\"og:type\" content=\"article\" \/>\n<meta property=\"og:title\" content=\"Thai M\u00e1lfr\u00e6\u00f0i \u00c6fingar\" \/>\n<meta property=\"og:description\" content=\"Thai M\u00e1lfr\u00e6\u00f0i Topics A\u00f0 l\u00e6ra ta\u00edlenska tungum\u00e1li\u00f0 getur veri\u00f0 heillandi fer\u00f0. Hins vegar er nau\u00f0synlegt a\u00f0 skilja ta\u00edlenska m\u00e1lfr\u00e6\u00f0i til a\u00f0 skilja\" \/>\n<meta property=\"og:url\" content=\"https:\/\/talkpal.ai\/is\/thai-malfraedi-aefingar\/\" \/>\n<meta property=\"og:site_name\" content=\"Talkpal\" \/>\n<meta property=\"article:publisher\" content=\"https:\/\/www.facebook.com\/profile.php?id=100090733639311\" \/>\n<meta property=\"article:modified_time\" content=\"2025-12-17T15:04:22+00:00\" \/>\n<meta property=\"og:image\" content=\"https:\/\/talkpal.ai\/wp-content\/uploads\/2023\/05\/thailand.png\" \/>\n\t<meta property=\"og:image:width\" content=\"512\" \/>\n\t<meta property=\"og:image:height\" content=\"512\" \/>\n\t<meta property=\"og:image:type\" content=\"image\/png\" \/>\n<meta name=\"twitter:card\" content=\"summary_large_image\" \/>\n<meta name=\"twitter:site\" content=\"@talkpalai\" \/>\n<meta name=\"twitter:label1\" content=\"Est. reading time\" \/>\n\t<meta name=\"twitter:data1\" content=\"3 minutes\" \/>\n<script type=\"application\/ld+json\" class=\"yoast-schema-graph\">{\"@context\":\"https:\/\/schema.org\",\"@graph\":[{\"@type\":\"WebPage\",\"@id\":\"https:\/\/talkpal.ai\/is\/thai-malfraedi-aefingar\/\",\"url\":\"https:\/\/talkpal.ai\/is\/thai-malfraedi-aefingar\/\",\"name\":\"Thai M\u00e1lfr\u00e6\u00f0i \u00c6fingar - Talkpal\",\"isPartOf\":{\"@id\":\"https:\/\/talkpal.ai\/is\/#website\"},\"primaryImageOfPage\":{\"@id\":\"https:\/\/talkpal.ai\/is\/thai-malfraedi-aefingar\/#primaryimage\"},\"image\":{\"@id\":\"https:\/\/talkpal.ai\/is\/thai-malfraedi-aefingar\/#primaryimage\"},\"thumbnailUrl\":\"https:\/\/talkpal.ai\/wp-content\/uploads\/2023\/05\/thailand.png\",\"datePublished\":\"2023-07-05T10:24:06+00:00\",\"dateModified\":\"2025-12-17T15:04:22+00:00\",\"description\":\"B\u00e6ttu vi\u00f0 ta\u00edlenskukunn\u00e1ttu \u00fe\u00edna me\u00f0 ta\u00edlensku m\u00e1lfr\u00e6\u00f0i\u00e6fingum okkar og byrja\u00f0u a\u00f0 n\u00e1 t\u00f6kum \u00e1 grunneiningum tungum\u00e1lsins.\",\"breadcrumb\":{\"@id\":\"https:\/\/talkpal.ai\/is\/thai-malfraedi-aefingar\/#breadcrumb\"},\"inLanguage\":\"is\",\"potentialAction\":[{\"@type\":\"ReadAction\",\"target\":[\"https:\/\/talkpal.ai\/is\/thai-malfraedi-aefingar\/\"]}]},{\"@type\":\"ImageObject\",\"inLanguage\":\"is\",\"@id\":\"https:\/\/talkpal.ai\/is\/thai-malfraedi-aefingar\/#primaryimage\",\"url\":\"https:\/\/talkpal.ai\/wp-content\/uploads\/2023\/05\/thailand.png\",\"contentUrl\":\"https:\/\/talkpal.ai\/wp-content\/uploads\/2023\/05\/thailand.png\",\"width\":512,\"height\":512},{\"@type\":\"BreadcrumbList\",\"@id\":\"https:\/\/talkpal.ai\/is\/thai-malfraedi-aefingar\/#breadcrumb\",\"itemListElement\":[{\"@type\":\"ListItem\",\"position\":1,\"name\":\"Homepage\",\"item\":\"https:\/\/talkpal.ai\/is\/\"},{\"@type\":\"ListItem\",\"position\":2,\"name\":\"Thai M\u00e1lfr\u00e6\u00f0i \u00c6fingar\"}]},{\"@type\":\"WebSite\",\"@id\":\"https:\/\/talkpal.ai\/is\/#website\",\"url\":\"https:\/\/talkpal.ai\/is\/\",\"name\":\"Talkpal\",\"description\":\"AI Language Learning\",\"publisher\":{\"@id\":\"https:\/\/talkpal.ai\/is\/#organization\"},\"alternateName\":\"Talkpal AI\",\"potentialAction\":[{\"@type\":\"SearchAction\",\"target\":{\"@type\":\"EntryPoint\",\"urlTemplate\":\"https:\/\/talkpal.ai\/is\/?s={search_term_string}\"},\"query-input\":{\"@type\":\"PropertyValueSpecification\",\"valueRequired\":true,\"valueName\":\"search_term_string\"}}],\"inLanguage\":\"is\"},{\"@type\":\"Organization\",\"@id\":\"https:\/\/talkpal.ai\/is\/#organization\",\"name\":\"Talkpal, Inc.\",\"alternateName\":\"Talkpal AI\",\"url\":\"https:\/\/talkpal.ai\/is\/\",\"logo\":{\"@type\":\"ImageObject\",\"inLanguage\":\"is\",\"@id\":\"https:\/\/talkpal.ai\/is\/#\/schema\/logo\/image\/\",\"url\":\"https:\/\/talkpal.ai\/wp-content\/uploads\/2024\/03\/Talkpal-Logo-Icon.png\",\"contentUrl\":\"https:\/\/talkpal.ai\/wp-content\/uploads\/2024\/03\/Talkpal-Logo-Icon.png\",\"width\":2880,\"height\":2880,\"caption\":\"Talkpal, Inc.\"},\"image\":{\"@id\":\"https:\/\/talkpal.ai\/is\/#\/schema\/logo\/image\/\"},\"sameAs\":[\"https:\/\/www.facebook.com\/profile.php?id=100090733639311\",\"https:\/\/x.com\/talkpalai\",\"https:\/\/www.linkedin.com\/company\/talkpal\/\",\"https:\/\/www.youtube.com\/@TalkPal\/\",\"https:\/\/www.tiktok.com\/@talkpal\",\"https:\/\/www.instagram.com\/talkpal_ai\/\",\"https:\/\/www.crunchbase.com\/organization\/talkpal-9cde\",\"https:\/\/www.g2.com\/products\/talkpal-for-business\/\",\"https:\/\/www.trustpilot.com\/review\/talkpal.ai\",\"https:\/\/www.capterra.com\/p\/10006800\/TalkPal\/\"],\"description\":\"Talkpal is a language learning web and mobile education app, powered by the latest AI technologies, that provides engaging experiences to its customers in many different languages to help them improve their language skills. Users can chat about unlimited amount of topics with the app and use other modes to practice their language learning.\",\"email\":\"support@talkpal.ai\",\"legalName\":\"Talkpal, Inc.\",\"foundingDate\":\"2023-04-03\",\"duns\":\"118989042\",\"numberOfEmployees\":{\"@type\":\"QuantitativeValue\",\"minValue\":\"11\",\"maxValue\":\"50\"},\"publishingPrinciples\":\"https:\/\/talkpal.ai\/publishing-principles\/\",\"actionableFeedbackPolicy\":\"https:\/\/talkpal.ai\/actionable-feedback-policy\/\",\"correctionsPolicy\":\"https:\/\/talkpal.ai\/corrections-policy\/\",\"ethicsPolicy\":\"https:\/\/talkpal.ai\/ethics-policy\/\",\"diversityPolicy\":\"https:\/\/talkpal.ai\/diversity-policy\/\",\"diversityStaffingReport\":\"https:\/\/talkpal.ai\/diversity-policy\/\"}]}<\/script>\n<!-- \/ Yoast SEO Premium plugin. -->","yoast_head_json":{"title":"Thai M\u00e1lfr\u00e6\u00f0i \u00c6fingar - Talkpal","description":"B\u00e6ttu vi\u00f0 ta\u00edlenskukunn\u00e1ttu \u00fe\u00edna me\u00f0 ta\u00edlensku m\u00e1lfr\u00e6\u00f0i\u00e6fingum okkar og byrja\u00f0u a\u00f0 n\u00e1 t\u00f6kum \u00e1 grunneiningum tungum\u00e1lsins.","robots":{"index":"index","follow":"follow","max-snippet":"max-snippet:-1","max-image-preview":"max-image-preview:large","max-video-preview":"max-video-preview:-1"},"canonical":"https:\/\/talkpal.ai\/is\/thai-malfraedi-aefingar\/","og_locale":"is_IS","og_type":"article","og_title":"Thai M\u00e1lfr\u00e6\u00f0i \u00c6fingar","og_description":"Thai M\u00e1lfr\u00e6\u00f0i Topics A\u00f0 l\u00e6ra ta\u00edlenska tungum\u00e1li\u00f0 getur veri\u00f0 heillandi fer\u00f0. Hins vegar er nau\u00f0synlegt a\u00f0 skilja ta\u00edlenska m\u00e1lfr\u00e6\u00f0i til a\u00f0 skilja","og_url":"https:\/\/talkpal.ai\/is\/thai-malfraedi-aefingar\/","og_site_name":"Talkpal","article_publisher":"https:\/\/www.facebook.com\/profile.php?id=100090733639311","article_modified_time":"2025-12-17T15:04:22+00:00","og_image":[{"width":512,"height":512,"url":"https:\/\/talkpal.ai\/wp-content\/uploads\/2023\/05\/thailand.png","type":"image\/png"}],"twitter_card":"summary_large_image","twitter_site":"@talkpalai","twitter_misc":{"Est. reading time":"3 minutes"},"schema":{"@context":"https:\/\/schema.org","@graph":[{"@type":"WebPage","@id":"https:\/\/talkpal.ai\/is\/thai-malfraedi-aefingar\/","url":"https:\/\/talkpal.ai\/is\/thai-malfraedi-aefingar\/","name":"Thai M\u00e1lfr\u00e6\u00f0i \u00c6fingar - Talkpal","isPartOf":{"@id":"https:\/\/talkpal.ai\/is\/#website"},"primaryImageOfPage":{"@id":"https:\/\/talkpal.ai\/is\/thai-malfraedi-aefingar\/#primaryimage"},"image":{"@id":"https:\/\/talkpal.ai\/is\/thai-malfraedi-aefingar\/#primaryimage"},"thumbnailUrl":"https:\/\/talkpal.ai\/wp-content\/uploads\/2023\/05\/thailand.png","datePublished":"2023-07-05T10:24:06+00:00","dateModified":"2025-12-17T15:04:22+00:00","description":"B\u00e6ttu vi\u00f0 ta\u00edlenskukunn\u00e1ttu \u00fe\u00edna me\u00f0 ta\u00edlensku m\u00e1lfr\u00e6\u00f0i\u00e6fingum okkar og byrja\u00f0u a\u00f0 n\u00e1 t\u00f6kum \u00e1 grunneiningum tungum\u00e1lsins.","breadcrumb":{"@id":"https:\/\/talkpal.ai\/is\/thai-malfraedi-aefingar\/#breadcrumb"},"inLanguage":"is","potentialAction":[{"@type":"ReadAction","target":["https:\/\/talkpal.ai\/is\/thai-malfraedi-aefingar\/"]}]},{"@type":"ImageObject","inLanguage":"is","@id":"https:\/\/talkpal.ai\/is\/thai-malfraedi-aefingar\/#primaryimage","url":"https:\/\/talkpal.ai\/wp-content\/uploads\/2023\/05\/thailand.png","contentUrl":"https:\/\/talkpal.ai\/wp-content\/uploads\/2023\/05\/thailand.png","width":512,"height":512},{"@type":"BreadcrumbList","@id":"https:\/\/talkpal.ai\/is\/thai-malfraedi-aefingar\/#breadcrumb","itemListElement":[{"@type":"ListItem","position":1,"name":"Homepage","item":"https:\/\/talkpal.ai\/is\/"},{"@type":"ListItem","position":2,"name":"Thai M\u00e1lfr\u00e6\u00f0i \u00c6fingar"}]},{"@type":"WebSite","@id":"https:\/\/talkpal.ai\/is\/#website","url":"https:\/\/talkpal.ai\/is\/","name":"Talkpal","description":"AI Language Learning","publisher":{"@id":"https:\/\/talkpal.ai\/is\/#organization"},"alternateName":"Talkpal AI","potentialAction":[{"@type":"SearchAction","target":{"@type":"EntryPoint","urlTemplate":"https:\/\/talkpal.ai\/is\/?s={search_term_string}"},"query-input":{"@type":"PropertyValueSpecification","valueRequired":true,"valueName":"search_term_string"}}],"inLanguage":"is"},{"@type":"Organization","@id":"https:\/\/talkpal.ai\/is\/#organization","name":"Talkpal, Inc.","alternateName":"Talkpal AI","url":"https:\/\/talkpal.ai\/is\/","logo":{"@type":"ImageObject","inLanguage":"is","@id":"https:\/\/talkpal.ai\/is\/#\/schema\/logo\/image\/","url":"https:\/\/talkpal.ai\/wp-content\/uploads\/2024\/03\/Talkpal-Logo-Icon.png","contentUrl":"https:\/\/talkpal.ai\/wp-content\/uploads\/2024\/03\/Talkpal-Logo-Icon.png","width":2880,"height":2880,"caption":"Talkpal, Inc."},"image":{"@id":"https:\/\/talkpal.ai\/is\/#\/schema\/logo\/image\/"},"sameAs":["https:\/\/www.facebook.com\/profile.php?id=100090733639311","https:\/\/x.com\/talkpalai","https:\/\/www.linkedin.com\/company\/talkpal\/","https:\/\/www.youtube.com\/@TalkPal\/","https:\/\/www.tiktok.com\/@talkpal","https:\/\/www.instagram.com\/talkpal_ai\/","https:\/\/www.crunchbase.com\/organization\/talkpal-9cde","https:\/\/www.g2.com\/products\/talkpal-for-business\/","https:\/\/www.trustpilot.com\/review\/talkpal.ai","https:\/\/www.capterra.com\/p\/10006800\/TalkPal\/"],"description":"Talkpal is a language learning web and mobile education app, powered by the latest AI technologies, that provides engaging experiences to its customers in many different languages to help them improve their language skills. Users can chat about unlimited amount of topics with the app and use other modes to practice their language learning.","email":"support@talkpal.ai","legalName":"Talkpal, Inc.","foundingDate":"2023-04-03","duns":"118989042","numberOfEmployees":{"@type":"QuantitativeValue","minValue":"11","maxValue":"50"},"publishingPrinciples":"https:\/\/talkpal.ai\/publishing-principles\/","actionableFeedbackPolicy":"https:\/\/talkpal.ai\/actionable-feedback-policy\/","correctionsPolicy":"https:\/\/talkpal.ai\/corrections-policy\/","ethicsPolicy":"https:\/\/talkpal.ai\/ethics-policy\/","diversityPolicy":"https:\/\/talkpal.ai\/diversity-policy\/","diversityStaffingReport":"https:\/\/talkpal.ai\/diversity-policy\/"}]}},"_links":{"self":[{"href":"https:\/\/talkpal.ai\/is\/wp-json\/wp\/v2\/pages\/155822","targetHints":{"allow":["GET"]}}],"collection":[{"href":"https:\/\/talkpal.ai\/is\/wp-json\/wp\/v2\/pages"}],"about":[{"href":"https:\/\/talkpal.ai\/is\/wp-json\/wp\/v2\/types\/page"}],"author":[{"embeddable":true,"href":"https:\/\/talkpal.ai\/is\/wp-json\/wp\/v2\/users\/6"}],"replies":[{"embeddable":true,"href":"https:\/\/talkpal.ai\/is\/wp-json\/wp\/v2\/comments?post=155822"}],"version-history":[{"count":0,"href":"https:\/\/talkpal.ai\/is\/wp-json\/wp\/v2\/pages\/155822\/revisions"}],"wp:featuredmedia":[{"embeddable":true,"href":"https:\/\/talkpal.ai\/is\/wp-json\/wp\/v2\/media\/120859"}],"wp:attachment":[{"href":"https:\/\/talkpal.ai\/is\/wp-json\/wp\/v2\/media?parent=155822"}],"curies":[{"name":"wp","href":"https:\/\/api.w.org\/{rel}","templated":true}]}}