{"id":155522,"date":"2023-07-05T10:34:01","date_gmt":"2023-07-05T10:34:01","guid":{"rendered":"http:\/\/talkpal.ai\/tyrkneskar-malfraediaefingar\/"},"modified":"2025-12-17T10:35:55","modified_gmt":"2025-12-17T10:35:55","slug":"tyrkneskar-malfraediaefingar","status":"publish","type":"page","link":"https:\/\/talkpal.ai\/is\/tyrkneskar-malfraediaefingar\/","title":{"rendered":"Tyrkneskar m\u00e1lfr\u00e6\u00f0i\u00e6fingar"},"content":{"rendered":"\r\n\r\n\r\n<section class=\"languageChallengeSection\">\r\n    <div class=\"languageInfoWrapper\">\r\n        \r\n        <h1>Tyrkneskar m\u00e1lfr\u00e6\u00f0i\u00e6fingar<\/h1>\r\n        <p>Viltu vera \u00f6ruggari \u00ed tyrknesku? A\u00f0 \u00e6fa m\u00e1lfr\u00e6\u00f0i\u00e6fingar er fr\u00e1b\u00e6r lei\u00f0 til a\u00f0 n\u00e1 t\u00f6kum \u00e1 setningager\u00f0, sagnbeygingum og daglegum mynstrum \u00ed tungum\u00e1linu. Byrja\u00f0u a\u00f0 sko\u00f0a <a href=\"https:\/\/talkpal.ai\/learn-turkish\/\">tyrkneska<\/a> m\u00e1lfr\u00e6\u00f0i\u00e6fingar \u00ed dag og horf\u00f0u \u00e1 skilning \u00feinn og talf\u00e6rni batna jafnt og \u00fe\u00e9tt.<\/p>\r\n\r\n                            <a class=\"getStartedHidden\" href=\"https:\/\/app.talkpal.ai\/signup?lng=\">Byrja\u00f0u<\/a>\r\n        \r\n    <\/div>\r\n\r\n    <figure>\r\n    <img decoding=\"async\" width=\"768\" height=\"768\" src=\"https:\/\/talkpal.ai\/wp-content\/uploads\/2023\/06\/turkish-768x768.png\" class=\"languageImage no-lazy\" alt=\"Language learning for increased focus\" fetchpriority=\"high\" sizes=\"(max-width: 768px) 150px, 768px\" srcset=\"https:\/\/talkpal.ai\/wp-content\/uploads\/2023\/06\/turkish-768x768.png 768w, https:\/\/talkpal.ai\/wp-content\/uploads\/2023\/06\/turkish-300x300.png 300w\" \/>\r\n    \r\n\r\n    <\/figure>\r\n\r\n            <a class=\"getStartedVisible\" href=\"https:\/\/app.talkpal.ai\/signup?lng=\">Byrja\u00f0u<\/a>\r\n    \r\n<\/section>\r\n\r\n\r\n<!-- <section class=\"grammarSection\">\r\n    <div class=\"grammarLinks\">\r\n            <\/div>\r\n<\/section> -->\r\n\r\n\r\n\r\n\r\n<section class=\"promotionalBanner\">\r\n    <p class=\"promotionalText\">Skilvirkasta lei\u00f0in til a\u00f0 l\u00e6ra tungum\u00e1l<\/p>\r\n    <a class=\"promotionalLink\" href=\"https:\/\/app.talkpal.ai\/signup?lng=\">Pr\u00f3fa\u00f0u Talkpal \u00f3keypis<\/a>\r\n<\/section>\n<div class=\"wp-block-group pageContainerStyle\"><div class=\"wp-block-group__inner-container is-layout-constrained wp-block-group-is-layout-constrained\">\n<h2 class=\"wp-block-heading\" id=\"h-turkish-grammar-topics\">Tyrknesk m\u00e1lfr\u00e6\u00f0i efni<\/h2>\n\n\n\n<p>A\u00f0 l\u00e6ra tyrkneska tungum\u00e1li\u00f0 getur veri\u00f0 gefandi en krefjandi vi\u00f0leitni vegna einstakrar uppbyggingar og <a href=\"https:\/\/talkpal.ai\/grammar\/\">m\u00e1lfr\u00e6\u00f0i<\/a>. Einn helsti \u00fe\u00e1ttur tyrknesku tungum\u00e1lsins sem <a href=\"https:\/\/talkpal.ai\/talkpal-discount-for-students\/\">nemendur<\/a> \u00feurfa a\u00f0 skilja er m\u00e1lfr\u00e6\u00f0i \u00feess, sem felur \u00ed s\u00e9r efni eins og t\u00ed\u00f0ir, sagnir, nafnor\u00f0, greinar, l\u00fdsingaror\u00f0, atviksor\u00f0, skilyr\u00f0i, forsetningar og setningager\u00f0. A\u00f0 skilja \u00feessa \u00fe\u00e6tti er mikilv\u00e6gt til a\u00f0 n\u00e1 t\u00f6kum \u00e1 tungum\u00e1linu, \u00fear sem \u00feeir eru byggingareiningar samskipta \u00e1 tyrknesku.<\/p>\n\n\n\n<h3 class=\"wp-block-heading\" id=\"h-1-nouns\">1. Nafnor\u00f0:<\/h3>\n\n\n\n<p>Byrja\u00f0u \u00e1 \u00fev\u00ed a\u00f0 l\u00e6ra tyrknesk nafnor\u00f0 \u00fear sem \u00feau eru grunneining tungum\u00e1lsins. A\u00f0 skilja hvernig \u00e1 a\u00f0 nota \u00feau \u00ed setningum mun gefa \u00fe\u00e9r g\u00f3\u00f0an grunn.<\/p>\n\n\n\n<h3 class=\"wp-block-heading\" id=\"h-2-articles\">2. Greinar:<\/h3>\n\n\n\n<p>\u00c1 tyrknesku eru engar \u00e1kve\u00f0nar e\u00f0a \u00f3\u00e1kve\u00f0nar greinar. \u00deetta au\u00f0veldar byrjendum. Hins vegar er mikilv\u00e6gt a\u00f0 l\u00e6ra hvernig \u00e1 a\u00f0 tj\u00e1 \u00e1kve\u00f0ni og \u00f3\u00e1kve\u00f0ni.<\/p>\n\n\n\n<h3 class=\"wp-block-heading\" id=\"h-3-pronouns-determiners\">3. Forn\u00f6fn\/\u00e1kvar\u00f0andi or\u00f0:<\/h3>\n\n\n\n<p>\u00deetta eru or\u00f0 sem koma \u00ed sta\u00f0 e\u00f0a breyta nafnor\u00f0um. \u00deeir geta gefi\u00f0 til kynna fj\u00f6lda, eign, kyn og fjarl\u00e6g\u00f0. \u00dea\u00f0 er mikilv\u00e6gt a\u00f0 l\u00e6ra \u00feau snemma \u00fev\u00ed \u00feau eru oft notu\u00f0.<\/p>\n\n\n\n<h3 class=\"wp-block-heading\" id=\"h-4-adjectives\">4. L\u00fdsingaror\u00f0:<\/h3>\n\n\n\n<p>L\u00fdsingaror\u00f0 l\u00fdsa e\u00f0a breyta nafnor\u00f0um. Tyrknesk l\u00fdsingaror\u00f0 breytast ekki fyrir kyni e\u00f0a t\u00f6lu, sem au\u00f0veldar n\u00e1m.<\/p>\n\n\n\n<h3 class=\"wp-block-heading\" id=\"h-5-adverbs\">5. Atviksor\u00f0:<\/h3>\n\n\n\n<p>Atviksor\u00f0 l\u00fdsa s\u00f6gnum, l\u00fdsingaror\u00f0um e\u00f0a \u00f6\u00f0rum atviksor\u00f0um. \u00deeir eru lykillinn a\u00f0 \u00fev\u00ed a\u00f0 tj\u00e1 h\u00e1tt, sta\u00f0, t\u00edma, t\u00ed\u00f0ni, gr\u00e1\u00f0u og fleira og au\u00f0ga tungum\u00e1li\u00f0 \u00feitt.<\/p>\n\n\n\n<h3 class=\"wp-block-heading\" id=\"h-6-verbs\">6. Sagnir:<\/h3>\n\n\n\n<p>Tyrkneskar sagnir eru beyg\u00f0ar fyrir spennu, skap, \u00fe\u00e6tti og r\u00f6dd. A\u00f0 l\u00e6ra sagnir skiptir sk\u00f6pum vi\u00f0 a\u00f0 mynda setningar.<\/p>\n\n\n\n<h3 class=\"wp-block-heading\" id=\"h-7-tenses\">7. Spennur:<\/h3>\n\n\n\n<p>\u00dea\u00f0 eru n\u00edu spennur \u00e1 tyrknesku (fort\u00ed\u00f0, n\u00fat\u00ed\u00f0, framt\u00ed\u00f0 og afbrig\u00f0i \u00feeirra). A\u00f0 skilja \u00feau er lykillinn a\u00f0 \u00fev\u00ed a\u00f0 tj\u00e1 t\u00edmann n\u00e1kv\u00e6mlega.<\/p>\n\n\n\n<h3 class=\"wp-block-heading\" id=\"h-8-tense-comparison\">8. Spenntur samanbur\u00f0ur:<\/h3>\n\n\n\n<p>\u00deetta hj\u00e1lpar \u00fe\u00e9r a\u00f0 skilja bl\u00e6brig\u00f0i milli mismunandi t\u00ed\u00f0a.<\/p>\n\n\n\n<h3 class=\"wp-block-heading\" id=\"h-9-progressive\">9. Frams\u00e6ki\u00f0:<\/h3>\n\n\n\n<p>Frams\u00e6kin spenna gefur til kynna \u00e1framhaldandi a\u00f0ger\u00f0ir. \u00dea\u00f0 er undirflokkur t\u00ed\u00f0a sem er mikilv\u00e6gt a\u00f0 tj\u00e1 sig n\u00e1kv\u00e6mlega.<\/p>\n\n\n\n<h3 class=\"wp-block-heading\" id=\"h-10-perfect-progressive\">10. Fullkominn frams\u00e6kinn:<\/h3>\n\n\n\n<p>\u00deessi spenna gefur til kynna a\u00f0ger\u00f0ir sem voru \u00ed gangi \u00ed fort\u00ed\u00f0inni og halda \u00e1fram allt til dagsins \u00ed dag e\u00f0a n\u00fdloki\u00f0. \u00dea\u00f0 er fl\u00f3knara og \u00e6tti a\u00f0 l\u00e6ra eftir <a href=\"https:\/\/talkpal.ai\/culture\/what-is-the-verb-ad-hafa-and-when-is-it-used\/\">a\u00f0 hafa<\/a> n\u00e1\u00f0 t\u00f6kum \u00e1 frams\u00e6kinni t\u00ed\u00f0.<\/p>\n\n\n\n<h3 class=\"wp-block-heading\" id=\"h-11-conditionals\">11. Skilyr\u00f0i:<\/h3>\n\n\n\n<p>Skilyrtar setningar tj\u00e1 \u00edmynda\u00f0ar a\u00f0st\u00e6\u00f0ur og eru h\u00e1\u00f0ar \u00e1kve\u00f0num skilyr\u00f0um. \u00deeir b\u00e6ta fl\u00f3ki\u00f0 tungum\u00e1li\u00f0 \u00feitt.<\/p>\n\n\n\n<h3 class=\"wp-block-heading\" id=\"h-12-prepositions\">12. Forsetningar:<\/h3>\n\n\n\n<p>Forsetningar s\u00fdna tengsl nafnor\u00f0s e\u00f0a fornafns vi\u00f0 anna\u00f0 or\u00f0 \u00ed setningu. \u00deeir eru lykillinn a\u00f0 \u00fev\u00ed a\u00f0 tengja saman or\u00f0 og hugmyndir.<\/p>\n\n\n\n<h3 class=\"wp-block-heading\" id=\"h-13-sentences\">13. Setningar:<\/h3>\n\n\n\n<p>A\u00f0 lokum, a\u00f0 l\u00e6ra hvernig \u00e1 a\u00f0 sm\u00ed\u00f0a heilar setningar er h\u00e1punktur \u00feess a\u00f0 n\u00e1 t\u00f6kum \u00e1 \u00f6llum fyrri m\u00e1lfr\u00e6\u00f0iefnum.<\/p>\n<\/div><\/div>\n\r\n<section class=\"learnNavigationSection\">\r\n            \r\n        <a href=\"https:\/\/talkpal.ai\/is\/laerdu-tyrknesku\/\">\r\n            <div class=\"learnNavigationWrapper\">\r\n                <div class=\"learnNavigationContent\">\r\n                    <img decoding=\"async\" src=\"https:\/\/talkpal.ai\/wp-content\/uploads\/2024\/08\/Turkish.jpg\" alt=\"Turkish Flag\">\r\n                    <div>\r\n                        <h4>Um tyrkneskun\u00e1m<\/h4>\r\n                        <p>Finndu \u00fat allt um tyrkneska m\u00e1lfr\u00e6\u00f0i.<\/p>\r\n                    <\/div>\r\n                <\/div>\r\n            <\/div>\r\n        <\/a>\r\n\r\n        \r\n        <a href=\"https:\/\/talkpal.ai\/is\/tyrknesk-malfraedi\/\">\r\n            <div class=\"learnNavigationWrapper\">\r\n                <div class=\"learnNavigationContent\">\r\n                    <img decoding=\"async\" src=\"https:\/\/talkpal.ai\/wp-content\/uploads\/2024\/08\/Turkish.jpg\" alt=\"Turkish Flag\">\r\n                    <div>\r\n                        <h4>Tyrkneskar m\u00e1lfr\u00e6\u00f0ikennslustundir<\/h4>\r\n                        <p>\u00c6f\u00f0u tyrkneska m\u00e1lfr\u00e6\u00f0i.<\/p>\r\n                    <\/div>\r\n                <\/div>\r\n            <\/div>\r\n        <\/a>\r\n\r\n        \r\n        <a href=\"https:\/\/talkpal.ai\/vocabulary_language\/turkish\/\">\r\n            <div class=\"learnNavigationWrapper\">\r\n                <div class=\"learnNavigationContent\">\r\n                    <img decoding=\"async\" src=\"https:\/\/talkpal.ai\/wp-content\/uploads\/2024\/08\/Turkish.jpg\" alt=\"Turkish Flag\">\r\n                    <div>\r\n                        <h4>Tyrkneskur or\u00f0afor\u00f0i<\/h4>\r\n                        <p>St\u00e6kka\u00f0u tyrkneska or\u00f0afor\u00f0a \u00feinn.<\/p>\r\n                    <\/div>\r\n                <\/div>\r\n            <\/div>\r\n        <\/a>\r\n\r\n            <\/section>","protected":false},"excerpt":{"rendered":"<p>Tyrknesk m\u00e1lfr\u00e6\u00f0i efni A\u00f0 l\u00e6ra tyrkneska tungum\u00e1li\u00f0 getur veri\u00f0 gefandi en krefjandi vi\u00f0leitni vegna einstakrar uppbyggingar og m\u00e1lfr\u00e6\u00f0i. Einn helsti \u00fe\u00e1ttur tyrknesku tungum\u00e1lsins sem nemendur \u00feurfa a\u00f0 skilja er m\u00e1lfr\u00e6\u00f0i \u00feess, sem felur \u00ed s\u00e9r efni eins og t\u00ed\u00f0ir, sagnir, nafnor\u00f0, greinar, l\u00fdsingaror\u00f0, atviksor\u00f0, skilyr\u00f0i, forsetningar og setningager\u00f0. A\u00f0 skilja \u00feessa \u00fe\u00e6tti er mikilv\u00e6gt til [&hellip;]<\/p>\n","protected":false},"author":6,"featured_media":121046,"parent":0,"menu_order":0,"comment_status":"closed","ping_status":"closed","template":"LearningContentPage.php","meta":{"_acf_changed":false,"footnotes":""},"class_list":["post-155522","page","type-page","status-publish","has-post-thumbnail","hentry"],"acf":[],"yoast_head":"<!-- This site is optimized with the Yoast SEO Premium plugin v27.2 (Yoast SEO v27.2) - https:\/\/yoast.com\/product\/yoast-seo-premium-wordpress\/ -->\n<title>Tyrkneskar m\u00e1lfr\u00e6\u00f0i\u00e6fingar - Talkpal<\/title>\n<meta name=\"description\" content=\"N\u00e1\u00f0u g\u00f3\u00f0um t\u00f6kum \u00e1 tyrkneskri m\u00e1lfr\u00e6\u00f0i me\u00f0 \u00edtarlegum m\u00e1lfr\u00e6\u00f0i\u00e6fingum okkar. B\u00e6ttu tungum\u00e1lakunn\u00e1ttu \u00fe\u00edna \u00e1 \u00e1hrifar\u00edkan h\u00e1tt \u00ed dag.\" \/>\n<meta name=\"robots\" content=\"index, follow, max-snippet:-1, max-image-preview:large, max-video-preview:-1\" \/>\n<link rel=\"canonical\" href=\"https:\/\/talkpal.ai\/is\/tyrkneskar-malfraediaefingar\/\" \/>\n<meta property=\"og:locale\" content=\"is_IS\" \/>\n<meta property=\"og:type\" content=\"article\" \/>\n<meta property=\"og:title\" content=\"Tyrkneskar m\u00e1lfr\u00e6\u00f0i\u00e6fingar\" \/>\n<meta property=\"og:description\" content=\"Tyrknesk m\u00e1lfr\u00e6\u00f0i efni A\u00f0 l\u00e6ra tyrkneska tungum\u00e1li\u00f0 getur veri\u00f0 gefandi en krefjandi vi\u00f0leitni vegna einstakrar uppbyggingar og m\u00e1lfr\u00e6\u00f0i. Einn helsti\" \/>\n<meta property=\"og:url\" content=\"https:\/\/talkpal.ai\/is\/tyrkneskar-malfraediaefingar\/\" \/>\n<meta property=\"og:site_name\" content=\"Talkpal\" \/>\n<meta property=\"article:publisher\" content=\"https:\/\/www.facebook.com\/profile.php?id=100090733639311\" \/>\n<meta property=\"article:modified_time\" content=\"2025-12-17T10:35:55+00:00\" \/>\n<meta property=\"og:image\" content=\"https:\/\/talkpal.ai\/wp-content\/uploads\/2023\/05\/turkish.png\" \/>\n\t<meta property=\"og:image:width\" content=\"512\" \/>\n\t<meta property=\"og:image:height\" content=\"512\" \/>\n\t<meta property=\"og:image:type\" content=\"image\/png\" \/>\n<meta name=\"twitter:card\" content=\"summary_large_image\" \/>\n<meta name=\"twitter:site\" content=\"@talkpalai\" \/>\n<meta name=\"twitter:label1\" content=\"Est. reading time\" \/>\n\t<meta name=\"twitter:data1\" content=\"2 minutes\" \/>\n<script type=\"application\/ld+json\" class=\"yoast-schema-graph\">{\"@context\":\"https:\/\/schema.org\",\"@graph\":[{\"@type\":\"WebPage\",\"@id\":\"https:\/\/talkpal.ai\/is\/tyrkneskar-malfraediaefingar\/\",\"url\":\"https:\/\/talkpal.ai\/is\/tyrkneskar-malfraediaefingar\/\",\"name\":\"Tyrkneskar m\u00e1lfr\u00e6\u00f0i\u00e6fingar - Talkpal\",\"isPartOf\":{\"@id\":\"https:\/\/talkpal.ai\/is\/#website\"},\"primaryImageOfPage\":{\"@id\":\"https:\/\/talkpal.ai\/is\/tyrkneskar-malfraediaefingar\/#primaryimage\"},\"image\":{\"@id\":\"https:\/\/talkpal.ai\/is\/tyrkneskar-malfraediaefingar\/#primaryimage\"},\"thumbnailUrl\":\"https:\/\/talkpal.ai\/wp-content\/uploads\/2023\/05\/turkish.png\",\"datePublished\":\"2023-07-05T10:34:01+00:00\",\"dateModified\":\"2025-12-17T10:35:55+00:00\",\"description\":\"N\u00e1\u00f0u g\u00f3\u00f0um t\u00f6kum \u00e1 tyrkneskri m\u00e1lfr\u00e6\u00f0i me\u00f0 \u00edtarlegum m\u00e1lfr\u00e6\u00f0i\u00e6fingum okkar. B\u00e6ttu tungum\u00e1lakunn\u00e1ttu \u00fe\u00edna \u00e1 \u00e1hrifar\u00edkan h\u00e1tt \u00ed dag.\",\"breadcrumb\":{\"@id\":\"https:\/\/talkpal.ai\/is\/tyrkneskar-malfraediaefingar\/#breadcrumb\"},\"inLanguage\":\"is\",\"potentialAction\":[{\"@type\":\"ReadAction\",\"target\":[\"https:\/\/talkpal.ai\/is\/tyrkneskar-malfraediaefingar\/\"]}]},{\"@type\":\"ImageObject\",\"inLanguage\":\"is\",\"@id\":\"https:\/\/talkpal.ai\/is\/tyrkneskar-malfraediaefingar\/#primaryimage\",\"url\":\"https:\/\/talkpal.ai\/wp-content\/uploads\/2023\/05\/turkish.png\",\"contentUrl\":\"https:\/\/talkpal.ai\/wp-content\/uploads\/2023\/05\/turkish.png\",\"width\":512,\"height\":512},{\"@type\":\"BreadcrumbList\",\"@id\":\"https:\/\/talkpal.ai\/is\/tyrkneskar-malfraediaefingar\/#breadcrumb\",\"itemListElement\":[{\"@type\":\"ListItem\",\"position\":1,\"name\":\"Homepage\",\"item\":\"https:\/\/talkpal.ai\/is\/\"},{\"@type\":\"ListItem\",\"position\":2,\"name\":\"Tyrkneskar m\u00e1lfr\u00e6\u00f0i\u00e6fingar\"}]},{\"@type\":\"WebSite\",\"@id\":\"https:\/\/talkpal.ai\/is\/#website\",\"url\":\"https:\/\/talkpal.ai\/is\/\",\"name\":\"Talkpal\",\"description\":\"AI Language Learning\",\"publisher\":{\"@id\":\"https:\/\/talkpal.ai\/is\/#organization\"},\"alternateName\":\"Talkpal AI\",\"potentialAction\":[{\"@type\":\"SearchAction\",\"target\":{\"@type\":\"EntryPoint\",\"urlTemplate\":\"https:\/\/talkpal.ai\/is\/?s={search_term_string}\"},\"query-input\":{\"@type\":\"PropertyValueSpecification\",\"valueRequired\":true,\"valueName\":\"search_term_string\"}}],\"inLanguage\":\"is\"},{\"@type\":\"Organization\",\"@id\":\"https:\/\/talkpal.ai\/is\/#organization\",\"name\":\"Talkpal, Inc.\",\"alternateName\":\"Talkpal AI\",\"url\":\"https:\/\/talkpal.ai\/is\/\",\"logo\":{\"@type\":\"ImageObject\",\"inLanguage\":\"is\",\"@id\":\"https:\/\/talkpal.ai\/is\/#\/schema\/logo\/image\/\",\"url\":\"https:\/\/talkpal.ai\/wp-content\/uploads\/2024\/03\/Talkpal-Logo-Icon.png\",\"contentUrl\":\"https:\/\/talkpal.ai\/wp-content\/uploads\/2024\/03\/Talkpal-Logo-Icon.png\",\"width\":2880,\"height\":2880,\"caption\":\"Talkpal, Inc.\"},\"image\":{\"@id\":\"https:\/\/talkpal.ai\/is\/#\/schema\/logo\/image\/\"},\"sameAs\":[\"https:\/\/www.facebook.com\/profile.php?id=100090733639311\",\"https:\/\/x.com\/talkpalai\",\"https:\/\/www.linkedin.com\/company\/talkpal\/\",\"https:\/\/www.youtube.com\/@TalkPal\/\",\"https:\/\/www.tiktok.com\/@talkpal\",\"https:\/\/www.instagram.com\/talkpal_ai\/\",\"https:\/\/www.crunchbase.com\/organization\/talkpal-9cde\",\"https:\/\/www.g2.com\/products\/talkpal-for-business\/\",\"https:\/\/www.trustpilot.com\/review\/talkpal.ai\",\"https:\/\/www.capterra.com\/p\/10006800\/TalkPal\/\"],\"description\":\"Talkpal is a language learning web and mobile education app, powered by the latest AI technologies, that provides engaging experiences to its customers in many different languages to help them improve their language skills. Users can chat about unlimited amount of topics with the app and use other modes to practice their language learning.\",\"email\":\"support@talkpal.ai\",\"legalName\":\"Talkpal, Inc.\",\"foundingDate\":\"2023-04-03\",\"duns\":\"118989042\",\"numberOfEmployees\":{\"@type\":\"QuantitativeValue\",\"minValue\":\"11\",\"maxValue\":\"50\"},\"publishingPrinciples\":\"https:\/\/talkpal.ai\/publishing-principles\/\",\"actionableFeedbackPolicy\":\"https:\/\/talkpal.ai\/actionable-feedback-policy\/\",\"correctionsPolicy\":\"https:\/\/talkpal.ai\/corrections-policy\/\",\"ethicsPolicy\":\"https:\/\/talkpal.ai\/ethics-policy\/\",\"diversityPolicy\":\"https:\/\/talkpal.ai\/diversity-policy\/\",\"diversityStaffingReport\":\"https:\/\/talkpal.ai\/diversity-policy\/\"}]}<\/script>\n<!-- \/ Yoast SEO Premium plugin. -->","yoast_head_json":{"title":"Tyrkneskar m\u00e1lfr\u00e6\u00f0i\u00e6fingar - Talkpal","description":"N\u00e1\u00f0u g\u00f3\u00f0um t\u00f6kum \u00e1 tyrkneskri m\u00e1lfr\u00e6\u00f0i me\u00f0 \u00edtarlegum m\u00e1lfr\u00e6\u00f0i\u00e6fingum okkar. B\u00e6ttu tungum\u00e1lakunn\u00e1ttu \u00fe\u00edna \u00e1 \u00e1hrifar\u00edkan h\u00e1tt \u00ed dag.","robots":{"index":"index","follow":"follow","max-snippet":"max-snippet:-1","max-image-preview":"max-image-preview:large","max-video-preview":"max-video-preview:-1"},"canonical":"https:\/\/talkpal.ai\/is\/tyrkneskar-malfraediaefingar\/","og_locale":"is_IS","og_type":"article","og_title":"Tyrkneskar m\u00e1lfr\u00e6\u00f0i\u00e6fingar","og_description":"Tyrknesk m\u00e1lfr\u00e6\u00f0i efni A\u00f0 l\u00e6ra tyrkneska tungum\u00e1li\u00f0 getur veri\u00f0 gefandi en krefjandi vi\u00f0leitni vegna einstakrar uppbyggingar og m\u00e1lfr\u00e6\u00f0i. Einn helsti","og_url":"https:\/\/talkpal.ai\/is\/tyrkneskar-malfraediaefingar\/","og_site_name":"Talkpal","article_publisher":"https:\/\/www.facebook.com\/profile.php?id=100090733639311","article_modified_time":"2025-12-17T10:35:55+00:00","og_image":[{"width":512,"height":512,"url":"https:\/\/talkpal.ai\/wp-content\/uploads\/2023\/05\/turkish.png","type":"image\/png"}],"twitter_card":"summary_large_image","twitter_site":"@talkpalai","twitter_misc":{"Est. reading time":"2 minutes"},"schema":{"@context":"https:\/\/schema.org","@graph":[{"@type":"WebPage","@id":"https:\/\/talkpal.ai\/is\/tyrkneskar-malfraediaefingar\/","url":"https:\/\/talkpal.ai\/is\/tyrkneskar-malfraediaefingar\/","name":"Tyrkneskar m\u00e1lfr\u00e6\u00f0i\u00e6fingar - Talkpal","isPartOf":{"@id":"https:\/\/talkpal.ai\/is\/#website"},"primaryImageOfPage":{"@id":"https:\/\/talkpal.ai\/is\/tyrkneskar-malfraediaefingar\/#primaryimage"},"image":{"@id":"https:\/\/talkpal.ai\/is\/tyrkneskar-malfraediaefingar\/#primaryimage"},"thumbnailUrl":"https:\/\/talkpal.ai\/wp-content\/uploads\/2023\/05\/turkish.png","datePublished":"2023-07-05T10:34:01+00:00","dateModified":"2025-12-17T10:35:55+00:00","description":"N\u00e1\u00f0u g\u00f3\u00f0um t\u00f6kum \u00e1 tyrkneskri m\u00e1lfr\u00e6\u00f0i me\u00f0 \u00edtarlegum m\u00e1lfr\u00e6\u00f0i\u00e6fingum okkar. B\u00e6ttu tungum\u00e1lakunn\u00e1ttu \u00fe\u00edna \u00e1 \u00e1hrifar\u00edkan h\u00e1tt \u00ed dag.","breadcrumb":{"@id":"https:\/\/talkpal.ai\/is\/tyrkneskar-malfraediaefingar\/#breadcrumb"},"inLanguage":"is","potentialAction":[{"@type":"ReadAction","target":["https:\/\/talkpal.ai\/is\/tyrkneskar-malfraediaefingar\/"]}]},{"@type":"ImageObject","inLanguage":"is","@id":"https:\/\/talkpal.ai\/is\/tyrkneskar-malfraediaefingar\/#primaryimage","url":"https:\/\/talkpal.ai\/wp-content\/uploads\/2023\/05\/turkish.png","contentUrl":"https:\/\/talkpal.ai\/wp-content\/uploads\/2023\/05\/turkish.png","width":512,"height":512},{"@type":"BreadcrumbList","@id":"https:\/\/talkpal.ai\/is\/tyrkneskar-malfraediaefingar\/#breadcrumb","itemListElement":[{"@type":"ListItem","position":1,"name":"Homepage","item":"https:\/\/talkpal.ai\/is\/"},{"@type":"ListItem","position":2,"name":"Tyrkneskar m\u00e1lfr\u00e6\u00f0i\u00e6fingar"}]},{"@type":"WebSite","@id":"https:\/\/talkpal.ai\/is\/#website","url":"https:\/\/talkpal.ai\/is\/","name":"Talkpal","description":"AI Language Learning","publisher":{"@id":"https:\/\/talkpal.ai\/is\/#organization"},"alternateName":"Talkpal AI","potentialAction":[{"@type":"SearchAction","target":{"@type":"EntryPoint","urlTemplate":"https:\/\/talkpal.ai\/is\/?s={search_term_string}"},"query-input":{"@type":"PropertyValueSpecification","valueRequired":true,"valueName":"search_term_string"}}],"inLanguage":"is"},{"@type":"Organization","@id":"https:\/\/talkpal.ai\/is\/#organization","name":"Talkpal, Inc.","alternateName":"Talkpal AI","url":"https:\/\/talkpal.ai\/is\/","logo":{"@type":"ImageObject","inLanguage":"is","@id":"https:\/\/talkpal.ai\/is\/#\/schema\/logo\/image\/","url":"https:\/\/talkpal.ai\/wp-content\/uploads\/2024\/03\/Talkpal-Logo-Icon.png","contentUrl":"https:\/\/talkpal.ai\/wp-content\/uploads\/2024\/03\/Talkpal-Logo-Icon.png","width":2880,"height":2880,"caption":"Talkpal, Inc."},"image":{"@id":"https:\/\/talkpal.ai\/is\/#\/schema\/logo\/image\/"},"sameAs":["https:\/\/www.facebook.com\/profile.php?id=100090733639311","https:\/\/x.com\/talkpalai","https:\/\/www.linkedin.com\/company\/talkpal\/","https:\/\/www.youtube.com\/@TalkPal\/","https:\/\/www.tiktok.com\/@talkpal","https:\/\/www.instagram.com\/talkpal_ai\/","https:\/\/www.crunchbase.com\/organization\/talkpal-9cde","https:\/\/www.g2.com\/products\/talkpal-for-business\/","https:\/\/www.trustpilot.com\/review\/talkpal.ai","https:\/\/www.capterra.com\/p\/10006800\/TalkPal\/"],"description":"Talkpal is a language learning web and mobile education app, powered by the latest AI technologies, that provides engaging experiences to its customers in many different languages to help them improve their language skills. Users can chat about unlimited amount of topics with the app and use other modes to practice their language learning.","email":"support@talkpal.ai","legalName":"Talkpal, Inc.","foundingDate":"2023-04-03","duns":"118989042","numberOfEmployees":{"@type":"QuantitativeValue","minValue":"11","maxValue":"50"},"publishingPrinciples":"https:\/\/talkpal.ai\/publishing-principles\/","actionableFeedbackPolicy":"https:\/\/talkpal.ai\/actionable-feedback-policy\/","correctionsPolicy":"https:\/\/talkpal.ai\/corrections-policy\/","ethicsPolicy":"https:\/\/talkpal.ai\/ethics-policy\/","diversityPolicy":"https:\/\/talkpal.ai\/diversity-policy\/","diversityStaffingReport":"https:\/\/talkpal.ai\/diversity-policy\/"}]}},"_links":{"self":[{"href":"https:\/\/talkpal.ai\/is\/wp-json\/wp\/v2\/pages\/155522","targetHints":{"allow":["GET"]}}],"collection":[{"href":"https:\/\/talkpal.ai\/is\/wp-json\/wp\/v2\/pages"}],"about":[{"href":"https:\/\/talkpal.ai\/is\/wp-json\/wp\/v2\/types\/page"}],"author":[{"embeddable":true,"href":"https:\/\/talkpal.ai\/is\/wp-json\/wp\/v2\/users\/6"}],"replies":[{"embeddable":true,"href":"https:\/\/talkpal.ai\/is\/wp-json\/wp\/v2\/comments?post=155522"}],"version-history":[{"count":0,"href":"https:\/\/talkpal.ai\/is\/wp-json\/wp\/v2\/pages\/155522\/revisions"}],"wp:featuredmedia":[{"embeddable":true,"href":"https:\/\/talkpal.ai\/is\/wp-json\/wp\/v2\/media\/121046"}],"wp:attachment":[{"href":"https:\/\/talkpal.ai\/is\/wp-json\/wp\/v2\/media?parent=155522"}],"curies":[{"name":"wp","href":"https:\/\/api.w.org\/{rel}","templated":true}]}}